{"id":9316,"date":"2023-04-01T18:32:21","date_gmt":"2023-04-01T16:32:21","guid":{"rendered":"https:\/\/facecorner.shop\/?post_type=product&#038;p=9316"},"modified":"2026-01-08T21:10:32","modified_gmt":"2026-01-08T18:10:32","slug":"some-by-mi-aha-bha-pha-30-days-miracle-serum-light-50ml","status":"publish","type":"product","link":"https:\/\/www.facecorner.lv\/ru\/shop\/some-by-mi-aha-bha-pha-30-days-miracle-serum-light-50ml\/","title":{"rendered":"Some By Mi AHA BHA PHA 30 Days Miracle Serum  50ml"},"content":{"rendered":"<p>Da\u017ei no Mi AHA BHA PHA 30 Days Miracle Serum\u00a0 efekt\u012bvi noloba epidermas atmiru\u0161\u0101s \u0161\u016bnas un aktiviz\u0113 \u0101das atjauno\u0161anos, pa\u0101trina iekaisumu dz\u012b\u0161anu un nov\u0113r\u0161 to atk\u0101rtotu par\u0101d\u012b\u0161anos, c\u012bn\u0101s ar aps\u0101rtumu, lob\u012b\u0161anos un normaliz\u0113 sebuma veido\u0161anos. Serums satur 41 veidu dabisko ekstraktu, kas v\u0113rsti uz \u0101das dziedin\u0101\u0161anu un atjauno\u0161anu.<\/p>\n<p>\u041e\u0431\u043d\u043e\u0432\u043b\u0451\u043d\u043d\u0430\u044f \u0432\u0435\u0440\u0441\u0438\u044f \u0441\u044b\u0432\u043e\u0440\u043e\u0442\u043a\u0438 \u0438\u043c\u0435\u0435\u0442 \u0431\u043e\u043b\u0435\u0435 \u043b\u0430\u043a\u043e\u043d\u0438\u0447\u043d\u044b\u0439 \u0441\u043e\u0441\u0442\u0430\u0432 \u0438 \u0431\u0435\u0437\u0432\u043e\u0434\u043d\u0443\u044e \u043e\u0441\u043d\u043e\u0432\u0443. \u041a\u043b\u044e\u0447\u0435\u0432\u044b\u043c\u0438 \u043a\u043e\u043c\u043f\u043e\u043d\u0435\u043d\u0442\u0430\u043c\u0438 \u044f\u0432\u043b\u044f\u044e\u0442\u0441\u044f \u044d\u043a\u0441\u0442\u0440\u0430\u043a\u0442\u044b \u0447\u0430\u0439\u043d\u043e\u0433\u043e \u0434\u0435\u0440\u0435\u0432\u0430 \u0438 \u0446\u0435\u043d\u0442\u0435\u043b\u043b\u044b \u0430\u0437\u0438\u0430\u0442\u0441\u043a\u043e\u0439, \u043e\u0431\u043b\u0430\u0434\u0430\u044e\u0449\u0438\u0435 \u044f\u0440\u043a\u043e \u0432\u044b\u0440\u0430\u0436\u0435\u043d\u043d\u044b\u043c\u0438 \u0437\u0430\u0436\u0438\u0432\u043b\u044f\u044e\u0449\u0438\u043c\u0438 \u0438 \u0443\u0441\u043f\u043e\u043a\u0430\u0438\u0432\u0430\u044e\u0449\u0438\u043c\u0438 \u0441\u0432\u043e\u0439\u0441\u0442\u0432\u0430\u043c\u0438.<\/p>\n<p>\u0411\u043e\u043b\u0435\u0435 \u043d\u0438\u0437\u043a\u043e\u0435 \u0441\u043e\u0434\u0435\u0440\u0436\u0430\u043d\u0438\u0435 \u043a\u0438\u0441\u043b\u043e\u0442 \u043f\u043e\u0437\u0432\u043e\u043b\u0438\u0442 \u043c\u044f\u0433\u043a\u043e \u0438 \u0431\u0435\u0440\u0435\u0436\u043d\u043e \u043e\u0431\u043d\u043e\u0432\u043b\u044f\u0442\u044c \u043a\u043e\u0436\u0443 \u043d\u0435 \u043f\u0440\u043e\u0432\u043e\u0446\u0438\u0440\u0443\u044f \u0440\u0430\u0437\u0434\u0440\u0430\u0436\u0435\u043d\u0438\u0439.\n\u0421\u044b\u0432\u043e\u0440\u043e\u0442\u043a\u0430 \u043e\u0431\u043b\u0430\u0434\u0430\u0435\u0442 \u043b\u0451\u0433\u043a\u043e\u0439 \u043a\u043e\u043d\u0441\u0438\u0441\u0442\u0435\u043d\u0446\u0438\u0435\u0439 \u0441 \u043c\u0430\u0442\u043e\u0432\u044b\u043c \u0444\u0438\u043d\u0438\u0448\u0435\u043c.<br \/>\nSerumam ir viegla tekst\u016bra ar mat\u0113tu apdari.<\/p>\n<p>\u0421\u044b\u0432\u043e\u0440\u043e\u0442\u043a\u0430 \u043e\u0442\u043b\u0438\u0447\u043d\u043e\u0439 \u043f\u043e\u0434\u043e\u0439\u0434\u0451\u0442 \u0434\u043b\u044f \u043f\u0440\u043e\u0431\u043b\u0435\u043c\u043d\u043e\u0439, \u0441\u043a\u043b\u043e\u043d\u043d\u043e\u0439 \u043a \u0436\u0438\u0440\u043d\u043e\u0441\u0442\u0438 \u043a\u043e\u0436\u0438. \u041e\u0431\u043b\u0430\u0434\u0430\u0435\u0442 \u043b\u0451\u0433\u043a\u043e\u0439 \u043a\u043e\u043d\u0441\u0438\u0441\u0442\u0435\u043d\u0446\u0438\u0435\u0439, \u0431\u044b\u0441\u0442\u0440\u043e \u0432\u043f\u0438\u0442\u044b\u0432\u0430\u0435\u0442\u0441\u044f \u0438 \u043d\u0435 \u043e\u0441\u0442\u0430\u0432\u043b\u044f\u0435\u0442 \u043b\u0438\u043f\u043a\u043e\u0441\u0442\u0438.<\/p>\n<p><strong>\u0421\u043f\u043e\u0441\u043e\u0431 \u043f\u0440\u0438\u043c\u0435\u043d\u0435\u043d\u0438\u044f:<\/strong> \u043d\u0430\u043d\u0435\u0441\u0438\u0442\u0435 \u043d\u0435\u043e\u0431\u0445\u043e\u0434\u0438\u043c\u043e\u0435 \u043a\u043e\u043b\u0438\u0447\u0435\u0441\u0442\u0432\u043e \u0441\u044b\u0432\u043e\u0440\u043e\u0442\u043a\u0438 \u043d\u0430 \u0443\u0432\u043b\u0430\u0436\u043d\u0451\u043d\u043d\u0443\u044e \u0442\u043e\u043d\u0435\u0440\u043e\u043c \u043a\u043e\u0436\u0443 \u0438 \u043f\u043e\u043c\u043e\u0433\u0438\u0442\u0435 \u0435\u0439 \u0432\u043f\u0438\u0442\u0430\u0442\u044c\u0441\u044f \u043b\u0451\u0433\u043a\u0438\u043c\u0438 \u043f\u043e\u0445\u043b\u043e\u043f\u044b\u0432\u0430\u044e\u0449\u0438\u043c\u0438 \u0434\u0432\u0438\u0436\u0435\u043d\u0438\u044f\u043c\u0438.<\/p>\n<p><strong>\u0421\u043e\u0441\u0442\u0430\u0432\u00a0<\/strong>Melaleuca Alternifolia (Tea Tree) Leaf Water(73 %), Centella Asiatica Extract(15 %), Dipropylene Glycol, Niacinamide, Houttuynia Cordata Extract, Artemisia Princeps Leaf Extract, Centella Asiatica Leaf Extract, Madecassoside, Madecassic Acid, Asiaticoside, Asiatic Acid, Melia Azadirachta Leaf Extract, Melia Azadirachta Flower Extract, Salix Alba (Willow) Bark Extract, Pimpinella Anisum (Anise) Fruit Extract, Scutellaria Baicalensis Root Extract, Glycerin, Butylene Glycol, Hydroxyethyl Urea, Allantoin, Panthenol, Sodium Hyaluronate, Adenosine, Arginine, Salicylic Acid(50 ppm), Tremella Fuciformis Polysaccharide, Lactobionic Acid(100 ppm), Citric.Acid(100 ppm), C12-13 Pareth-9, Acrylates\/C10-30 Alkyl Acrylate Crosspolymer, Xanthan Gum, Sclerotium Gum, Algin, Water, 1,2-Hexanediol, Benzyl Glycol, Ethylhexylglycerin, Raspberry Ketone, Disodium EDTA, Mentha Piperita (Peppermint) Oil<\/p>","protected":false},"excerpt":{"rendered":"<p>Da\u017ei no Mi AHA BHA PHA 30 Days Miracle Serum\u00a0 efekt\u012bvi noloba epidermas atmiru\u0161\u0101s \u0161\u016bnas un aktiviz\u0113 \u0101das atjauno\u0161anos, pa\u0101trina iekaisumu dz\u012b\u0161anu un nov\u0113r\u0161 to atk\u0101rtotu par\u0101d\u012b\u0161anos, c\u012bn\u0101s ar aps\u0101rtumu, lob\u012b\u0161anos un normaliz\u0113 sebuma veido\u0161anos. Serums satur 41 veidu dabisko ekstraktu, kas v\u0113rsti uz \u0101das dziedin\u0101\u0161anu un atjauno\u0161anu. Atjaunin\u0101tajai seruma versijai ir kodol\u012bg\u0101ks sast\u0101vs un [&hellip;]<\/p>\n","protected":false},"featured_media":23776,"comment_status":"open","ping_status":"closed","template":"","meta":{"site-sidebar-layout":"default","site-content-layout":"","ast-site-content-layout":"default","site-content-style":"default","site-sidebar-style":"default","ast-global-header-display":"","ast-banner-title-visibility":"","ast-main-header-display":"","ast-hfb-above-header-display":"","ast-hfb-below-header-display":"","ast-hfb-mobile-header-display":"","site-post-title":"","ast-breadcrumbs-content":"","ast-featured-img":"","footer-sml-layout":"","theme-transparent-header-meta":"default","adv-header-id-meta":"","stick-header-meta":"","header-above-stick-meta":"","header-main-stick-meta":"","header-below-stick-meta":"","astra-migrate-meta-layouts":"set","ast-page-background-enabled":"default","ast-page-background-meta":{"desktop":{"background-color":"var(--ast-global-color-4)","background-image":"","background-repeat":"repeat","background-position":"center center","background-size":"auto","background-attachment":"scroll","background-type":"","background-media":"","overlay-type":"","overlay-color":"","overlay-opacity":"","overlay-gradient":""},"tablet":{"background-color":"","background-image":"","background-repeat":"repeat","background-position":"center center","background-size":"auto","background-attachment":"scroll","background-type":"","background-media":"","overlay-type":"","overlay-color":"","overlay-opacity":"","overlay-gradient":""},"mobile":{"background-color":"","background-image":"","background-repeat":"repeat","background-position":"center center","background-size":"auto","background-attachment":"scroll","background-type":"","background-media":"","overlay-type":"","overlay-color":"","overlay-opacity":"","overlay-gradient":""}},"ast-content-background-meta":{"desktop":{"background-color":"var(--ast-global-color-5)","background-image":"","background-repeat":"repeat","background-position":"center center","background-size":"auto","background-attachment":"scroll","background-type":"","background-media":"","overlay-type":"","overlay-color":"","overlay-opacity":"","overlay-gradient":""},"tablet":{"background-color":"var(--ast-global-color-5)","background-image":"","background-repeat":"repeat","background-position":"center center","background-size":"auto","background-attachment":"scroll","background-type":"","background-media":"","overlay-type":"","overlay-color":"","overlay-opacity":"","overlay-gradient":""},"mobile":{"background-color":"var(--ast-global-color-5)","background-image":"","background-repeat":"repeat","background-position":"center center","background-size":"auto","background-attachment":"scroll","background-type":"","background-media":"","overlay-type":"","overlay-color":"","overlay-opacity":"","overlay-gradient":""}}},"product_brand":[],"product_cat":[511,380,373,374,381,363],"product_tag":[],"berocket_brand":[581],"class_list":{"0":"post-9316","1":"product","2":"type-product","3":"status-publish","4":"has-post-thumbnail","6":"product_cat-atlaides","7":"product_cat-kombinetai-adai","8":"product_cat-poras-sasaurinoss","9":"product_cat-pret-pinnem","10":"product_cat-problematiskai-un-taukainai-adai","11":"product_cat-serumi","12":"berocket_brand-some-by-mi","13":"desktop-align-left","14":"tablet-align-left","15":"mobile-align-left","17":"first","18":"outofstock","19":"sale","20":"taxable","21":"shipping-taxable","22":"purchasable","23":"product-type-simple","24":"add-to-wishlist-before_image"},"yoast_head":"<!-- This site is optimized with the Yoast SEO plugin v27.3 - https:\/\/yoast.com\/product\/yoast-seo-wordpress\/ -->\n<title>Some By Mi AHA BHA PHA 30 Days Miracle Serum 50ml - FACECORNER<\/title>\n<meta name=\"robots\" content=\"index, follow, max-snippet:-1, max-image-preview:large, max-video-preview:-1\" \/>\n<link rel=\"canonical\" href=\"https:\/\/www.facecorner.lv\/ru\/shop\/some-by-mi-aha-bha-pha-30-days-miracle-serum-light-50ml\/\" \/>\n<meta property=\"og:locale\" content=\"ru_RU\" \/>\n<meta property=\"og:type\" content=\"article\" \/>\n<meta property=\"og:title\" content=\"Some By Mi AHA BHA PHA 30 Days Miracle Serum 50ml - FACECORNER\" \/>\n<meta property=\"og:description\" content=\"Da\u017ei no Mi AHA BHA PHA 30 Days Miracle Serum\u00a0 efekt\u012bvi noloba epidermas atmiru\u0161\u0101s \u0161\u016bnas un aktiviz\u0113 \u0101das atjauno\u0161anos, pa\u0101trina iekaisumu dz\u012b\u0161anu un nov\u0113r\u0161 to atk\u0101rtotu par\u0101d\u012b\u0161anos, c\u012bn\u0101s ar aps\u0101rtumu, lob\u012b\u0161anos un normaliz\u0113 sebuma veido\u0161anos. Serums satur 41 veidu dabisko ekstraktu, kas v\u0113rsti uz \u0101das dziedin\u0101\u0161anu un atjauno\u0161anu. Atjaunin\u0101tajai seruma versijai ir kodol\u012bg\u0101ks sast\u0101vs un [&hellip;]\" \/>\n<meta property=\"og:url\" content=\"https:\/\/www.facecorner.lv\/ru\/shop\/some-by-mi-aha-bha-pha-30-days-miracle-serum-light-50ml\/\" \/>\n<meta property=\"og:site_name\" content=\"FACECORNER\" \/>\n<meta property=\"article:publisher\" content=\"https:\/\/www.facebook.com\/profile.php?id=100063824551839\" \/>\n<meta property=\"article:modified_time\" content=\"2026-01-08T18:10:32+00:00\" \/>\n<meta property=\"og:image\" content=\"https:\/\/www.facecorner.lv\/wp-content\/uploads\/2023\/04\/Some_By_Mi_AHA_BHA_PHA_30_Days_Miracle_Serum.webp\" \/>\n\t<meta property=\"og:image:width\" content=\"950\" \/>\n\t<meta property=\"og:image:height\" content=\"950\" \/>\n\t<meta property=\"og:image:type\" content=\"image\/webp\" \/>\n<meta name=\"twitter:card\" content=\"summary_large_image\" \/>\n<meta name=\"twitter:label1\" content=\"\u0426\u0435\u043d\u0430\" \/>\n\t<meta name=\"twitter:data1\" content=\"&euro;18.00\" \/>\n\t<meta name=\"twitter:label2\" content=\"\u0414\u043e\u0441\u0442\u0443\u043f\u043d\u043e\u0441\u0442\u044c\" \/>\n\t<meta name=\"twitter:data2\" content=\"\u0420\u0430\u0441\u043f\u0440\u043e\u0434\u0430\u043d\u043e\" \/>\n<script type=\"application\/ld+json\" class=\"yoast-schema-graph\">{\"@context\":\"https:\\\/\\\/schema.org\",\"@graph\":[{\"@type\":\"WebPage\",\"@id\":\"https:\\\/\\\/www.facecorner.lv\\\/shop\\\/some-by-mi-aha-bha-pha-30-days-miracle-serum-light-50ml\\\/\",\"url\":\"https:\\\/\\\/www.facecorner.lv\\\/shop\\\/some-by-mi-aha-bha-pha-30-days-miracle-serum-light-50ml\\\/\",\"name\":\"Some By Mi AHA BHA PHA 30 Days Miracle Serum 50ml - FACECORNER\",\"isPartOf\":{\"@id\":\"https:\\\/\\\/www.facecorner.lv\\\/#website\"},\"primaryImageOfPage\":{\"@id\":\"https:\\\/\\\/www.facecorner.lv\\\/shop\\\/some-by-mi-aha-bha-pha-30-days-miracle-serum-light-50ml\\\/#primaryimage\"},\"image\":{\"@id\":\"https:\\\/\\\/www.facecorner.lv\\\/shop\\\/some-by-mi-aha-bha-pha-30-days-miracle-serum-light-50ml\\\/#primaryimage\"},\"thumbnailUrl\":\"https:\\\/\\\/www.facecorner.lv\\\/wp-content\\\/uploads\\\/2023\\\/04\\\/Some_By_Mi_AHA_BHA_PHA_30_Days_Miracle_Serum.webp\",\"datePublished\":\"2023-04-01T16:32:21+00:00\",\"dateModified\":\"2026-01-08T18:10:32+00:00\",\"breadcrumb\":{\"@id\":\"https:\\\/\\\/www.facecorner.lv\\\/shop\\\/some-by-mi-aha-bha-pha-30-days-miracle-serum-light-50ml\\\/#breadcrumb\"},\"inLanguage\":\"ru-RU\",\"potentialAction\":[{\"@type\":\"ReadAction\",\"target\":[\"https:\\\/\\\/www.facecorner.lv\\\/shop\\\/some-by-mi-aha-bha-pha-30-days-miracle-serum-light-50ml\\\/\"]}]},{\"@type\":\"ImageObject\",\"inLanguage\":\"ru-RU\",\"@id\":\"https:\\\/\\\/www.facecorner.lv\\\/shop\\\/some-by-mi-aha-bha-pha-30-days-miracle-serum-light-50ml\\\/#primaryimage\",\"url\":\"https:\\\/\\\/www.facecorner.lv\\\/wp-content\\\/uploads\\\/2023\\\/04\\\/Some_By_Mi_AHA_BHA_PHA_30_Days_Miracle_Serum.webp\",\"contentUrl\":\"https:\\\/\\\/www.facecorner.lv\\\/wp-content\\\/uploads\\\/2023\\\/04\\\/Some_By_Mi_AHA_BHA_PHA_30_Days_Miracle_Serum.webp\",\"width\":950,\"height\":950},{\"@type\":\"BreadcrumbList\",\"@id\":\"https:\\\/\\\/www.facecorner.lv\\\/shop\\\/some-by-mi-aha-bha-pha-30-days-miracle-serum-light-50ml\\\/#breadcrumb\",\"itemListElement\":[{\"@type\":\"ListItem\",\"position\":1,\"name\":\"Home\",\"item\":\"https:\\\/\\\/www.facecorner.lv\\\/\"},{\"@type\":\"ListItem\",\"position\":2,\"name\":\"Veikals\",\"item\":\"https:\\\/\\\/www.facecorner.lv\\\/shop\\\/\"},{\"@type\":\"ListItem\",\"position\":3,\"name\":\"Some By Mi AHA BHA PHA 30 Days Miracle Serum 50ml\"}]},{\"@type\":\"WebSite\",\"@id\":\"https:\\\/\\\/www.facecorner.lv\\\/#website\",\"url\":\"https:\\\/\\\/www.facecorner.lv\\\/\",\"name\":\"Facecorner\",\"description\":\"\",\"publisher\":{\"@id\":\"https:\\\/\\\/www.facecorner.lv\\\/#organization\"},\"potentialAction\":[{\"@type\":\"SearchAction\",\"target\":{\"@type\":\"EntryPoint\",\"urlTemplate\":\"https:\\\/\\\/www.facecorner.lv\\\/?s={search_term_string}\"},\"query-input\":{\"@type\":\"PropertyValueSpecification\",\"valueRequired\":true,\"valueName\":\"search_term_string\"}}],\"inLanguage\":\"ru-RU\"},{\"@type\":\"Organization\",\"@id\":\"https:\\\/\\\/www.facecorner.lv\\\/#organization\",\"name\":\"Facecorner\",\"url\":\"https:\\\/\\\/www.facecorner.lv\\\/\",\"logo\":{\"@type\":\"ImageObject\",\"inLanguage\":\"ru-RU\",\"@id\":\"https:\\\/\\\/www.facecorner.lv\\\/#\\\/schema\\\/logo\\\/image\\\/\",\"url\":\"https:\\\/\\\/www.facecorner.lv\\\/wp-content\\\/uploads\\\/2024\\\/04\\\/fc-logo.jpg\",\"contentUrl\":\"https:\\\/\\\/www.facecorner.lv\\\/wp-content\\\/uploads\\\/2024\\\/04\\\/fc-logo.jpg\",\"width\":174,\"height\":28,\"caption\":\"Facecorner\"},\"image\":{\"@id\":\"https:\\\/\\\/www.facecorner.lv\\\/#\\\/schema\\\/logo\\\/image\\\/\"},\"sameAs\":[\"https:\\\/\\\/www.facebook.com\\\/profile.php?id=100063824551839\",\"https:\\\/\\\/www.instagram.com\\\/facecorner_shop\\\/\"]}]}<\/script>\n<meta property=\"product:price:amount\" content=\"18.00\" \/>\n<meta property=\"product:price:currency\" content=\"EUR\" \/>\n<meta property=\"og:availability\" content=\"out of stock\" \/>\n<meta property=\"product:availability\" content=\"out of stock\" \/>\n<meta property=\"product:condition\" content=\"new\" \/>\n<!-- \/ Yoast SEO plugin. -->","yoast_head_json":{"title":"Some By Mi AHA BHA PHA 30 Days Miracle Serum 50ml - FACECORNER","robots":{"index":"index","follow":"follow","max-snippet":"max-snippet:-1","max-image-preview":"max-image-preview:large","max-video-preview":"max-video-preview:-1"},"canonical":"https:\/\/www.facecorner.lv\/ru\/shop\/some-by-mi-aha-bha-pha-30-days-miracle-serum-light-50ml\/","og_locale":"ru_RU","og_type":"article","og_title":"Some By Mi AHA BHA PHA 30 Days Miracle Serum 50ml - FACECORNER","og_description":"Da\u017ei no Mi AHA BHA PHA 30 Days Miracle Serum\u00a0 efekt\u012bvi noloba epidermas atmiru\u0161\u0101s \u0161\u016bnas un aktiviz\u0113 \u0101das atjauno\u0161anos, pa\u0101trina iekaisumu dz\u012b\u0161anu un nov\u0113r\u0161 to atk\u0101rtotu par\u0101d\u012b\u0161anos, c\u012bn\u0101s ar aps\u0101rtumu, lob\u012b\u0161anos un normaliz\u0113 sebuma veido\u0161anos. Serums satur 41 veidu dabisko ekstraktu, kas v\u0113rsti uz \u0101das dziedin\u0101\u0161anu un atjauno\u0161anu. Atjaunin\u0101tajai seruma versijai ir kodol\u012bg\u0101ks sast\u0101vs un [&hellip;]","og_url":"https:\/\/www.facecorner.lv\/ru\/shop\/some-by-mi-aha-bha-pha-30-days-miracle-serum-light-50ml\/","og_site_name":"FACECORNER","article_publisher":"https:\/\/www.facebook.com\/profile.php?id=100063824551839","article_modified_time":"2026-01-08T18:10:32+00:00","og_image":[{"width":950,"height":950,"url":"https:\/\/www.facecorner.lv\/wp-content\/uploads\/2023\/04\/Some_By_Mi_AHA_BHA_PHA_30_Days_Miracle_Serum.webp","type":"image\/webp"}],"twitter_card":"summary_large_image","twitter_misc":{"\u0426\u0435\u043d\u0430":"&euro;18.00","\u0414\u043e\u0441\u0442\u0443\u043f\u043d\u043e\u0441\u0442\u044c":"\u0420\u0430\u0441\u043f\u0440\u043e\u0434\u0430\u043d\u043e"},"schema":{"@context":"https:\/\/schema.org","@graph":[{"@type":"WebPage","@id":"https:\/\/www.facecorner.lv\/shop\/some-by-mi-aha-bha-pha-30-days-miracle-serum-light-50ml\/","url":"https:\/\/www.facecorner.lv\/shop\/some-by-mi-aha-bha-pha-30-days-miracle-serum-light-50ml\/","name":"Some By Mi AHA BHA PHA 30 Days Miracle Serum 50ml - FACECORNER","isPartOf":{"@id":"https:\/\/www.facecorner.lv\/#website"},"primaryImageOfPage":{"@id":"https:\/\/www.facecorner.lv\/shop\/some-by-mi-aha-bha-pha-30-days-miracle-serum-light-50ml\/#primaryimage"},"image":{"@id":"https:\/\/www.facecorner.lv\/shop\/some-by-mi-aha-bha-pha-30-days-miracle-serum-light-50ml\/#primaryimage"},"thumbnailUrl":"https:\/\/www.facecorner.lv\/wp-content\/uploads\/2023\/04\/Some_By_Mi_AHA_BHA_PHA_30_Days_Miracle_Serum.webp","datePublished":"2023-04-01T16:32:21+00:00","dateModified":"2026-01-08T18:10:32+00:00","breadcrumb":{"@id":"https:\/\/www.facecorner.lv\/shop\/some-by-mi-aha-bha-pha-30-days-miracle-serum-light-50ml\/#breadcrumb"},"inLanguage":"ru-RU","potentialAction":[{"@type":"ReadAction","target":["https:\/\/www.facecorner.lv\/shop\/some-by-mi-aha-bha-pha-30-days-miracle-serum-light-50ml\/"]}]},{"@type":"ImageObject","inLanguage":"ru-RU","@id":"https:\/\/www.facecorner.lv\/shop\/some-by-mi-aha-bha-pha-30-days-miracle-serum-light-50ml\/#primaryimage","url":"https:\/\/www.facecorner.lv\/wp-content\/uploads\/2023\/04\/Some_By_Mi_AHA_BHA_PHA_30_Days_Miracle_Serum.webp","contentUrl":"https:\/\/www.facecorner.lv\/wp-content\/uploads\/2023\/04\/Some_By_Mi_AHA_BHA_PHA_30_Days_Miracle_Serum.webp","width":950,"height":950},{"@type":"BreadcrumbList","@id":"https:\/\/www.facecorner.lv\/shop\/some-by-mi-aha-bha-pha-30-days-miracle-serum-light-50ml\/#breadcrumb","itemListElement":[{"@type":"ListItem","position":1,"name":"Home","item":"https:\/\/www.facecorner.lv\/"},{"@type":"ListItem","position":2,"name":"Veikals","item":"https:\/\/www.facecorner.lv\/shop\/"},{"@type":"ListItem","position":3,"name":"Some By Mi AHA BHA PHA 30 Days Miracle Serum 50ml"}]},{"@type":"WebSite","@id":"https:\/\/www.facecorner.lv\/#website","url":"https:\/\/www.facecorner.lv\/","name":"Facecorner","description":"","publisher":{"@id":"https:\/\/www.facecorner.lv\/#organization"},"potentialAction":[{"@type":"SearchAction","target":{"@type":"EntryPoint","urlTemplate":"https:\/\/www.facecorner.lv\/?s={search_term_string}"},"query-input":{"@type":"PropertyValueSpecification","valueRequired":true,"valueName":"search_term_string"}}],"inLanguage":"ru-RU"},{"@type":"Organization","@id":"https:\/\/www.facecorner.lv\/#organization","name":"Facecorner","url":"https:\/\/www.facecorner.lv\/","logo":{"@type":"ImageObject","inLanguage":"ru-RU","@id":"https:\/\/www.facecorner.lv\/#\/schema\/logo\/image\/","url":"https:\/\/www.facecorner.lv\/wp-content\/uploads\/2024\/04\/fc-logo.jpg","contentUrl":"https:\/\/www.facecorner.lv\/wp-content\/uploads\/2024\/04\/fc-logo.jpg","width":174,"height":28,"caption":"Facecorner"},"image":{"@id":"https:\/\/www.facecorner.lv\/#\/schema\/logo\/image\/"},"sameAs":["https:\/\/www.facebook.com\/profile.php?id=100063824551839","https:\/\/www.instagram.com\/facecorner_shop\/"]}]},"product_price_amount":"18.00","product_price_currency":"EUR","og_availability":"out of stock","product_availability":"out of stock","product_condition":"new"},"_links":{"self":[{"href":"https:\/\/www.facecorner.lv\/ru\/wp-json\/wp\/v2\/product\/9316","targetHints":{"allow":["GET"]}}],"collection":[{"href":"https:\/\/www.facecorner.lv\/ru\/wp-json\/wp\/v2\/product"}],"about":[{"href":"https:\/\/www.facecorner.lv\/ru\/wp-json\/wp\/v2\/types\/product"}],"replies":[{"embeddable":true,"href":"https:\/\/www.facecorner.lv\/ru\/wp-json\/wp\/v2\/comments?post=9316"}],"wp:featuredmedia":[{"embeddable":true,"href":"https:\/\/www.facecorner.lv\/ru\/wp-json\/wp\/v2\/media\/23776"}],"wp:attachment":[{"href":"https:\/\/www.facecorner.lv\/ru\/wp-json\/wp\/v2\/media?parent=9316"}],"wp:term":[{"taxonomy":"product_brand","embeddable":true,"href":"https:\/\/www.facecorner.lv\/ru\/wp-json\/wp\/v2\/product_brand?post=9316"},{"taxonomy":"product_cat","embeddable":true,"href":"https:\/\/www.facecorner.lv\/ru\/wp-json\/wp\/v2\/product_cat?post=9316"},{"taxonomy":"product_tag","embeddable":true,"href":"https:\/\/www.facecorner.lv\/ru\/wp-json\/wp\/v2\/product_tag?post=9316"},{"taxonomy":"berocket_brand","embeddable":true,"href":"https:\/\/www.facecorner.lv\/ru\/wp-json\/wp\/v2\/berocket_brand?post=9316"}],"curies":[{"name":"wp","href":"https:\/\/api.w.org\/{rel}","templated":true}]}}