{"id":9198,"date":"2023-04-01T10:59:47","date_gmt":"2023-04-01T08:59:47","guid":{"rendered":"https:\/\/facecorner.shop\/?post_type=product&#038;p=9198"},"modified":"2025-10-27T16:28:43","modified_gmt":"2025-10-27T13:28:43","slug":"9198","status":"publish","type":"product","link":"https:\/\/www.facecorner.lv\/ru\/shop\/9198\/","title":{"rendered":"D&#8217;ALBA white truffle intensive the real eye patch 68ea"},"content":{"rendered":"<p>D\u2019ALBA white truffle intensive the real eye patch \u0413\u0438\u0434\u0440\u043e\u0433\u0435\u043b\u0435\u0432\u044b\u0435 \u043f\u0430\u0442\u0447\u0438, \u0441\u043e\u0441\u0442\u043e\u044f\u0449\u0438\u0435 \u043d\u0430 70% \u0438\u0437 \u0432\u0435\u0433\u0430\u043d\u0441\u043a\u043e\u0433\u043e \u043a\u043e\u043b\u043b\u0430\u0433\u0435\u043d\u0430, \u043e\u0431\u043b\u0430\u0434\u0430\u044e\u0442 \u043f\u0440\u0435\u0432\u043e\u0441\u0445\u043e\u0434\u043d\u043e\u0439 \u044d\u043b\u0430\u0441\u0442\u0438\u0447\u043d\u043e\u0441\u0442\u044c\u044e \u0438 \u043f\u043b\u043e\u0442\u043d\u043e \u043f\u0440\u0438\u043b\u0435\u0433\u0430\u044e\u0442 \u043a \u043a\u043e\u0436\u0435, \u0432\u043e\u0437\u0432\u0440\u0430\u0449\u0430\u044e\u0442 \u0441\u0438\u044f\u044e\u0449\u0438\u0439 \u0432\u0438\u0434, \u0443\u0441\u0442\u0440\u0430\u043d\u044f\u044e\u0442 \u0441\u043b\u0435\u0434\u044b \u0443\u0441\u0442\u0430\u043b\u043e\u0441\u0442\u0438 \u0438 \u043f\u0440\u0438\u0434\u0430\u044e\u0442 \u043a\u043e\u0436\u0435 \u0437\u0434\u043e\u0440\u043e\u0432\u044b\u0439 \u043e\u0442\u0442\u0435\u043d\u043e\u043a. \u0417\u0430\u043f\u0430\u0442\u0435\u043d\u0442\u043e\u0432\u0430\u043d\u043d\u044b\u0439 \u0438\u043d\u0433\u0440\u0435\u0434\u0438\u0435\u043d\u0442 BIO-Presudanne \u0438 \u044d\u043a\u0441\u0442\u0440\u0430\u043a\u0442 \u0438\u0442\u0430\u043b\u044c\u044f\u043d\u0441\u043a\u043e\u0433\u043e \u0431\u0435\u043b\u043e\u0433\u043e \u0442\u0440\u044e\u0444\u0435\u043b\u044f \u043e\u0441\u0432\u0435\u0442\u043b\u044f\u044e\u0442 \u0438 \u043f\u0440\u0438\u0434\u0430\u044e\u0442 \u043a\u043e\u0436\u0435 \u0443\u043f\u0440\u0443\u0433\u043e\u0441\u0442\u044c, \u0430 \u0433\u0438\u0430\u043b\u0443\u0440\u043e\u043d\u043e\u0432\u0430\u044f \u043a\u0438\u0441\u043b\u043e\u0442\u0430 \u0438 \u043f\u0430\u043d\u0442\u0435\u043d\u043e\u043b \u0441\u043e\u0445\u0440\u0430\u043d\u044f\u044e\u0442 \u0432\u043b\u0430\u0433\u0443 \u0432 \u043e\u0431\u043b\u0430\u0441\u0442\u0438 \u0432\u043e\u043a\u0440\u0443\u0433 \u0433\u043b\u0430\u0437.<\/p>\n<p>\u0411\u043b\u0430\u0433\u043e\u0434\u0430\u0440\u044f \u0438\u043d\u043d\u043e\u0432\u0430\u0446\u0438\u043e\u043d\u043d\u043e\u0439 \u0444\u043e\u0440\u043c\u0443\u043b\u0435 \u043f\u0430\u0442\u0447\u0438 \u043c\u0435\u043d\u044f\u044e\u0442 \u0446\u0432\u0435\u0442 \u043d\u0430 \u043f\u0440\u043e\u0437\u0440\u0430\u0447\u043d\u044b\u0439 \u043f\u043e \u043c\u0435\u0440\u0435 \u0432\u043f\u0438\u0442\u044b\u0432\u0430\u043d\u0438\u044f \u043f\u0438\u0442\u0430\u0442\u0435\u043b\u044c\u043d\u044b\u0445 \u0432\u0435\u0449\u0435\u0441\u0442\u0432 \u0432 \u043a\u043e\u0436\u0443.<\/p>\n<p><strong>\u0421\u043e\u0441\u0442\u0430\u0432<\/strong><span style=\"color: var(--g5-color-text-main); font-family: var(--g5-body-font); font-size: var(--g5-body-font-size); font-style: var(--g5-body-font-style); letter-spacing: var(--g5-body-letter-spacing); text-transform: var(--g5-body-text-transform);\">Collagen Extract, Glycerin, Acrylates Copolymer, Betaine, Methylpropanediol, Niacinamide, 1,2-Hexanediol, Carrageenan, Ceratonia Siliqua (Carob) Gum, Sodium Hyaluronate, Melia Azadirachta Flower Extract, Ocimum Sanctum Leaf Extract, Tuber Magnatum Extract, Saccharomyces\/Xylinum\/Black Tea Ferment, Melia Azadirachta Leaf Extract, Curcuma Longa (Turmeric) Root Extract, Corallina Officinalis Extract, Lactobacillus\/Rye Flour Ferment, Lactobacillus\/Soymilk Ferment Filtrate, Bacillus\/Soybean Ferment Extract, Centella Asiatica Leaf Extract, Camellia Japonica Seed Oil, Helianthus Annuus (Sunflower) Seed Oil, Oenothera Biennis (Evening Primrose) Oil, Olea Europaea (Olive) Fruit Oil, Persea Gratissima (Avocado) Oil, Glycine Soja (Soybean) Oil, Macadamia Integrifolia Seed Oil, Pseudoalteromonas Ferment Extract, Tremella Fuciformis (Mushroom) Extract, Hippophae Rhamnoides Fruit Extract, Calendula Officinalis Flower Extract, Hippophae Rhamnoides Fruit Oil, Allium Cepa (Onion) Bulb Extract, Gelidium Cartilagineum Extract, Melissa Officinalis Leaf Extract, Salvia Officinalis (Sage) Leaf Extract, Nigella Sativa Seed Oil, Gellan Gum, Hydroxyacetophenone, Allantoin, Cyamopsis Tetragonoloba (Guar) Gum, Cellulose Gum, Sucrose, Panthenol, Potassium Chloride, Butylene Glycol, Caprylyl Glycol, Propanediol, Adenosine, Water, Dipotassium Glycyrrhizate, Glucose, Mannose, Polyglyceryl-10 Laurate, Caprylic\/Capric Triglyceride, Sodium Phytate, Ethylhexylglycerin, Folic Acid, Pantothenic Acid, Pyridoxine, Thiamine HCl, Tocopherol, Cyanocobalamin, Riboflavin, Fragrance(Parfum)<\/span><\/p>\n<section class=\"pdp__share pdp-share\" data-ga-share-socials=\"\">\u00a0<\/section>","protected":false},"excerpt":{"rendered":"<p>D\u2019ALBA white truffle intensive the real eye patch \u0413\u0438\u0434\u0440\u043e\u0433\u0435\u043b\u0435\u0432\u044b\u0435 \u043f\u0430\u0442\u0447\u0438, \u0441\u043e\u0441\u0442\u043e\u044f\u0449\u0438\u0435 \u043d\u0430 70% \u0438\u0437 \u0432\u0435\u0433\u0430\u043d\u0441\u043a\u043e\u0433\u043e \u043a\u043e\u043b\u043b\u0430\u0433\u0435\u043d\u0430, \u043e\u0431\u043b\u0430\u0434\u0430\u044e\u0442 \u043f\u0440\u0435\u0432\u043e\u0441\u0445\u043e\u0434\u043d\u043e\u0439 \u044d\u043b\u0430\u0441\u0442\u0438\u0447\u043d\u043e\u0441\u0442\u044c\u044e \u0438 \u043f\u043b\u043e\u0442\u043d\u043e \u043f\u0440\u0438\u043b\u0435\u0433\u0430\u044e\u0442 \u043a \u043a\u043e\u0436\u0435, \u0432\u043e\u0437\u0432\u0440\u0430\u0449\u0430\u044e\u0442 \u0441\u0438\u044f\u044e\u0449\u0438\u0439 \u0432\u0438\u0434, \u0443\u0441\u0442\u0440\u0430\u043d\u044f\u044e\u0442 \u0441\u043b\u0435\u0434\u044b \u0443\u0441\u0442\u0430\u043b\u043e\u0441\u0442\u0438 \u0438 \u043f\u0440\u0438\u0434\u0430\u044e\u0442 \u043a\u043e\u0436\u0435 \u0437\u0434\u043e\u0440\u043e\u0432\u044b\u0439 \u043e\u0442\u0442\u0435\u043d\u043e\u043a.<\/p>","protected":false},"featured_media":18114,"comment_status":"open","ping_status":"closed","template":"","meta":{"site-sidebar-layout":"default","site-content-layout":"","ast-site-content-layout":"default","site-content-style":"default","site-sidebar-style":"default","ast-global-header-display":"","ast-banner-title-visibility":"","ast-main-header-display":"","ast-hfb-above-header-display":"","ast-hfb-below-header-display":"","ast-hfb-mobile-header-display":"","site-post-title":"","ast-breadcrumbs-content":"","ast-featured-img":"","footer-sml-layout":"","theme-transparent-header-meta":"default","adv-header-id-meta":"","stick-header-meta":"","header-above-stick-meta":"","header-main-stick-meta":"","header-below-stick-meta":"","astra-migrate-meta-layouts":"set","ast-page-background-enabled":"default","ast-page-background-meta":{"desktop":{"background-color":"var(--ast-global-color-4)","background-image":"","background-repeat":"repeat","background-position":"center center","background-size":"auto","background-attachment":"scroll","background-type":"","background-media":"","overlay-type":"","overlay-color":"","overlay-opacity":"","overlay-gradient":""},"tablet":{"background-color":"","background-image":"","background-repeat":"repeat","background-position":"center center","background-size":"auto","background-attachment":"scroll","background-type":"","background-media":"","overlay-type":"","overlay-color":"","overlay-opacity":"","overlay-gradient":""},"mobile":{"background-color":"","background-image":"","background-repeat":"repeat","background-position":"center center","background-size":"auto","background-attachment":"scroll","background-type":"","background-media":"","overlay-type":"","overlay-color":"","overlay-opacity":"","overlay-gradient":""}},"ast-content-background-meta":{"desktop":{"background-color":"var(--ast-global-color-5)","background-image":"","background-repeat":"repeat","background-position":"center center","background-size":"auto","background-attachment":"scroll","background-type":"","background-media":"","overlay-type":"","overlay-color":"","overlay-opacity":"","overlay-gradient":""},"tablet":{"background-color":"var(--ast-global-color-5)","background-image":"","background-repeat":"repeat","background-position":"center center","background-size":"auto","background-attachment":"scroll","background-type":"","background-media":"","overlay-type":"","overlay-color":"","overlay-opacity":"","overlay-gradient":""},"mobile":{"background-color":"var(--ast-global-color-5)","background-image":"","background-repeat":"repeat","background-position":"center center","background-size":"auto","background-attachment":"scroll","background-type":"","background-media":"","overlay-type":"","overlay-color":"","overlay-opacity":"","overlay-gradient":""}}},"product_brand":[],"product_cat":[511,380,327,381,379],"product_tag":[],"berocket_brand":[572],"class_list":{"0":"post-9198","1":"product","2":"type-product","3":"status-publish","4":"has-post-thumbnail","6":"product_cat-atlaides","7":"product_cat-kombinetai-adai","8":"product_cat-patci","9":"product_cat-problematiskai-un-taukainai-adai","10":"product_cat-sausai-adai-anti-age","11":"berocket_brand-dalba","12":"desktop-align-left","13":"tablet-align-left","14":"mobile-align-left","16":"first","17":"outofstock","18":"sale","19":"taxable","20":"shipping-taxable","21":"purchasable","22":"product-type-simple","23":"add-to-wishlist-before_image"},"yoast_head":"<!-- This site is optimized with the Yoast SEO plugin v27.4 - https:\/\/yoast.com\/product\/yoast-seo-wordpress\/ -->\n<title>D&#039;ALBA white truffle intensive the real eye patch 68ea - FACECORNER<\/title>\n<meta name=\"description\" content=\"D&#039;ALBA white truffle intensive the real eye patch Izgatavoti no 70% veg\u0101na kolag\u0113na,nov\u0113rstu noguruma paz\u012bmes un pie\u0161\u0137irtu \u0101dai vesel\u012bgu toni.\" \/>\n<meta name=\"robots\" content=\"index, follow, max-snippet:-1, max-image-preview:large, max-video-preview:-1\" \/>\n<link rel=\"canonical\" href=\"https:\/\/www.facecorner.lv\/ru\/shop\/9198\/\" \/>\n<meta property=\"og:locale\" content=\"ru_RU\" \/>\n<meta property=\"og:type\" content=\"article\" \/>\n<meta property=\"og:title\" content=\"D&#039;ALBA white truffle intensive the real eye patch 68ea - FACECORNER\" \/>\n<meta property=\"og:description\" content=\"D&#039;ALBA white truffle intensive the real eye patch Izgatavoti no 70% veg\u0101na kolag\u0113na,nov\u0113rstu noguruma paz\u012bmes un pie\u0161\u0137irtu \u0101dai vesel\u012bgu toni.\" \/>\n<meta property=\"og:url\" content=\"https:\/\/www.facecorner.lv\/ru\/shop\/9198\/\" \/>\n<meta property=\"og:site_name\" content=\"FACECORNER\" \/>\n<meta property=\"article:publisher\" content=\"https:\/\/www.facebook.com\/profile.php?id=100063824551839\" \/>\n<meta property=\"article:modified_time\" content=\"2025-10-27T13:28:43+00:00\" \/>\n<meta property=\"og:image\" content=\"https:\/\/www.facecorner.lv\/wp-content\/uploads\/2023\/04\/d_Alba_WhiteTruffleIntensiveTheRealEyePatch-Holiholic.jpg.webp\" \/>\n\t<meta property=\"og:image:width\" content=\"500\" \/>\n\t<meta property=\"og:image:height\" content=\"500\" \/>\n\t<meta property=\"og:image:type\" content=\"image\/webp\" \/>\n<meta name=\"twitter:card\" content=\"summary_large_image\" \/>\n<meta name=\"twitter:label1\" content=\"\u0426\u0435\u043d\u0430\" \/>\n\t<meta name=\"twitter:data1\" content=\"&euro;89.00\" \/>\n\t<meta name=\"twitter:label2\" content=\"\u0414\u043e\u0441\u0442\u0443\u043f\u043d\u043e\u0441\u0442\u044c\" \/>\n\t<meta name=\"twitter:data2\" content=\"\u0420\u0430\u0441\u043f\u0440\u043e\u0434\u0430\u043d\u043e\" \/>\n<script type=\"application\/ld+json\" class=\"yoast-schema-graph\">{\"@context\":\"https:\\\/\\\/schema.org\",\"@graph\":[{\"@type\":\"WebPage\",\"@id\":\"https:\\\/\\\/www.facecorner.lv\\\/shop\\\/9198\\\/\",\"url\":\"https:\\\/\\\/www.facecorner.lv\\\/shop\\\/9198\\\/\",\"name\":\"D'ALBA white truffle intensive the real eye patch 68ea - FACECORNER\",\"isPartOf\":{\"@id\":\"https:\\\/\\\/www.facecorner.lv\\\/#website\"},\"primaryImageOfPage\":{\"@id\":\"https:\\\/\\\/www.facecorner.lv\\\/shop\\\/9198\\\/#primaryimage\"},\"image\":{\"@id\":\"https:\\\/\\\/www.facecorner.lv\\\/shop\\\/9198\\\/#primaryimage\"},\"thumbnailUrl\":\"https:\\\/\\\/www.facecorner.lv\\\/wp-content\\\/uploads\\\/2023\\\/04\\\/d_Alba_WhiteTruffleIntensiveTheRealEyePatch-Holiholic.jpg.webp\",\"datePublished\":\"2023-04-01T08:59:47+00:00\",\"dateModified\":\"2025-10-27T13:28:43+00:00\",\"description\":\"D'ALBA white truffle intensive the real eye patch Izgatavoti no 70% veg\u0101na kolag\u0113na,nov\u0113rstu noguruma paz\u012bmes un pie\u0161\u0137irtu \u0101dai vesel\u012bgu toni.\",\"breadcrumb\":{\"@id\":\"https:\\\/\\\/www.facecorner.lv\\\/shop\\\/9198\\\/#breadcrumb\"},\"inLanguage\":\"ru-RU\",\"potentialAction\":[{\"@type\":\"ReadAction\",\"target\":[\"https:\\\/\\\/www.facecorner.lv\\\/shop\\\/9198\\\/\"]}]},{\"@type\":\"ImageObject\",\"inLanguage\":\"ru-RU\",\"@id\":\"https:\\\/\\\/www.facecorner.lv\\\/shop\\\/9198\\\/#primaryimage\",\"url\":\"https:\\\/\\\/www.facecorner.lv\\\/wp-content\\\/uploads\\\/2023\\\/04\\\/d_Alba_WhiteTruffleIntensiveTheRealEyePatch-Holiholic.jpg.webp\",\"contentUrl\":\"https:\\\/\\\/www.facecorner.lv\\\/wp-content\\\/uploads\\\/2023\\\/04\\\/d_Alba_WhiteTruffleIntensiveTheRealEyePatch-Holiholic.jpg.webp\",\"width\":500,\"height\":500,\"caption\":\"D'ALBA white truffle intensive the real eye patch\"},{\"@type\":\"BreadcrumbList\",\"@id\":\"https:\\\/\\\/www.facecorner.lv\\\/shop\\\/9198\\\/#breadcrumb\",\"itemListElement\":[{\"@type\":\"ListItem\",\"position\":1,\"name\":\"Home\",\"item\":\"https:\\\/\\\/www.facecorner.lv\\\/\"},{\"@type\":\"ListItem\",\"position\":2,\"name\":\"Veikals\",\"item\":\"https:\\\/\\\/www.facecorner.lv\\\/shop\\\/\"},{\"@type\":\"ListItem\",\"position\":3,\"name\":\"D&#8217;ALBA white truffle intensive the real eye patch 68ea\"}]},{\"@type\":\"WebSite\",\"@id\":\"https:\\\/\\\/www.facecorner.lv\\\/#website\",\"url\":\"https:\\\/\\\/www.facecorner.lv\\\/\",\"name\":\"Facecorner\",\"description\":\"\",\"publisher\":{\"@id\":\"https:\\\/\\\/www.facecorner.lv\\\/#organization\"},\"potentialAction\":[{\"@type\":\"SearchAction\",\"target\":{\"@type\":\"EntryPoint\",\"urlTemplate\":\"https:\\\/\\\/www.facecorner.lv\\\/?s={search_term_string}\"},\"query-input\":{\"@type\":\"PropertyValueSpecification\",\"valueRequired\":true,\"valueName\":\"search_term_string\"}}],\"inLanguage\":\"ru-RU\"},{\"@type\":\"Organization\",\"@id\":\"https:\\\/\\\/www.facecorner.lv\\\/#organization\",\"name\":\"Facecorner\",\"url\":\"https:\\\/\\\/www.facecorner.lv\\\/\",\"logo\":{\"@type\":\"ImageObject\",\"inLanguage\":\"ru-RU\",\"@id\":\"https:\\\/\\\/www.facecorner.lv\\\/#\\\/schema\\\/logo\\\/image\\\/\",\"url\":\"https:\\\/\\\/www.facecorner.lv\\\/wp-content\\\/uploads\\\/2024\\\/04\\\/fc-logo.jpg\",\"contentUrl\":\"https:\\\/\\\/www.facecorner.lv\\\/wp-content\\\/uploads\\\/2024\\\/04\\\/fc-logo.jpg\",\"width\":174,\"height\":28,\"caption\":\"Facecorner\"},\"image\":{\"@id\":\"https:\\\/\\\/www.facecorner.lv\\\/#\\\/schema\\\/logo\\\/image\\\/\"},\"sameAs\":[\"https:\\\/\\\/www.facebook.com\\\/profile.php?id=100063824551839\",\"https:\\\/\\\/www.instagram.com\\\/facecorner_shop\\\/\"]}]}<\/script>\n<meta property=\"product:price:amount\" content=\"89.00\" \/>\n<meta property=\"product:price:currency\" content=\"EUR\" \/>\n<meta property=\"og:availability\" content=\"out of stock\" \/>\n<meta property=\"product:availability\" content=\"out of stock\" \/>\n<meta property=\"product:condition\" content=\"new\" \/>\n<!-- \/ Yoast SEO plugin. -->","yoast_head_json":{"title":"D'ALBA white truffle intensive the real eye patch 68ea - FACECORNER","description":"D'ALBA white truffle intensive the real eye patch Izgatavoti no 70% veg\u0101na kolag\u0113na,nov\u0113rstu noguruma paz\u012bmes un pie\u0161\u0137irtu \u0101dai vesel\u012bgu toni.","robots":{"index":"index","follow":"follow","max-snippet":"max-snippet:-1","max-image-preview":"max-image-preview:large","max-video-preview":"max-video-preview:-1"},"canonical":"https:\/\/www.facecorner.lv\/ru\/shop\/9198\/","og_locale":"ru_RU","og_type":"article","og_title":"D'ALBA white truffle intensive the real eye patch 68ea - FACECORNER","og_description":"D'ALBA white truffle intensive the real eye patch Izgatavoti no 70% veg\u0101na kolag\u0113na,nov\u0113rstu noguruma paz\u012bmes un pie\u0161\u0137irtu \u0101dai vesel\u012bgu toni.","og_url":"https:\/\/www.facecorner.lv\/ru\/shop\/9198\/","og_site_name":"FACECORNER","article_publisher":"https:\/\/www.facebook.com\/profile.php?id=100063824551839","article_modified_time":"2025-10-27T13:28:43+00:00","og_image":[{"width":500,"height":500,"url":"https:\/\/www.facecorner.lv\/wp-content\/uploads\/2023\/04\/d_Alba_WhiteTruffleIntensiveTheRealEyePatch-Holiholic.jpg.webp","type":"image\/webp"}],"twitter_card":"summary_large_image","twitter_misc":{"\u0426\u0435\u043d\u0430":"&euro;89.00","\u0414\u043e\u0441\u0442\u0443\u043f\u043d\u043e\u0441\u0442\u044c":"\u0420\u0430\u0441\u043f\u0440\u043e\u0434\u0430\u043d\u043e"},"schema":{"@context":"https:\/\/schema.org","@graph":[{"@type":"WebPage","@id":"https:\/\/www.facecorner.lv\/shop\/9198\/","url":"https:\/\/www.facecorner.lv\/shop\/9198\/","name":"D'ALBA white truffle intensive the real eye patch 68ea - FACECORNER","isPartOf":{"@id":"https:\/\/www.facecorner.lv\/#website"},"primaryImageOfPage":{"@id":"https:\/\/www.facecorner.lv\/shop\/9198\/#primaryimage"},"image":{"@id":"https:\/\/www.facecorner.lv\/shop\/9198\/#primaryimage"},"thumbnailUrl":"https:\/\/www.facecorner.lv\/wp-content\/uploads\/2023\/04\/d_Alba_WhiteTruffleIntensiveTheRealEyePatch-Holiholic.jpg.webp","datePublished":"2023-04-01T08:59:47+00:00","dateModified":"2025-10-27T13:28:43+00:00","description":"D'ALBA white truffle intensive the real eye patch Izgatavoti no 70% veg\u0101na kolag\u0113na,nov\u0113rstu noguruma paz\u012bmes un pie\u0161\u0137irtu \u0101dai vesel\u012bgu toni.","breadcrumb":{"@id":"https:\/\/www.facecorner.lv\/shop\/9198\/#breadcrumb"},"inLanguage":"ru-RU","potentialAction":[{"@type":"ReadAction","target":["https:\/\/www.facecorner.lv\/shop\/9198\/"]}]},{"@type":"ImageObject","inLanguage":"ru-RU","@id":"https:\/\/www.facecorner.lv\/shop\/9198\/#primaryimage","url":"https:\/\/www.facecorner.lv\/wp-content\/uploads\/2023\/04\/d_Alba_WhiteTruffleIntensiveTheRealEyePatch-Holiholic.jpg.webp","contentUrl":"https:\/\/www.facecorner.lv\/wp-content\/uploads\/2023\/04\/d_Alba_WhiteTruffleIntensiveTheRealEyePatch-Holiholic.jpg.webp","width":500,"height":500,"caption":"D'ALBA white truffle intensive the real eye patch"},{"@type":"BreadcrumbList","@id":"https:\/\/www.facecorner.lv\/shop\/9198\/#breadcrumb","itemListElement":[{"@type":"ListItem","position":1,"name":"Home","item":"https:\/\/www.facecorner.lv\/"},{"@type":"ListItem","position":2,"name":"Veikals","item":"https:\/\/www.facecorner.lv\/shop\/"},{"@type":"ListItem","position":3,"name":"D&#8217;ALBA white truffle intensive the real eye patch 68ea"}]},{"@type":"WebSite","@id":"https:\/\/www.facecorner.lv\/#website","url":"https:\/\/www.facecorner.lv\/","name":"Facecorner","description":"","publisher":{"@id":"https:\/\/www.facecorner.lv\/#organization"},"potentialAction":[{"@type":"SearchAction","target":{"@type":"EntryPoint","urlTemplate":"https:\/\/www.facecorner.lv\/?s={search_term_string}"},"query-input":{"@type":"PropertyValueSpecification","valueRequired":true,"valueName":"search_term_string"}}],"inLanguage":"ru-RU"},{"@type":"Organization","@id":"https:\/\/www.facecorner.lv\/#organization","name":"Facecorner","url":"https:\/\/www.facecorner.lv\/","logo":{"@type":"ImageObject","inLanguage":"ru-RU","@id":"https:\/\/www.facecorner.lv\/#\/schema\/logo\/image\/","url":"https:\/\/www.facecorner.lv\/wp-content\/uploads\/2024\/04\/fc-logo.jpg","contentUrl":"https:\/\/www.facecorner.lv\/wp-content\/uploads\/2024\/04\/fc-logo.jpg","width":174,"height":28,"caption":"Facecorner"},"image":{"@id":"https:\/\/www.facecorner.lv\/#\/schema\/logo\/image\/"},"sameAs":["https:\/\/www.facebook.com\/profile.php?id=100063824551839","https:\/\/www.instagram.com\/facecorner_shop\/"]}]},"product_price_amount":"89.00","product_price_currency":"EUR","og_availability":"out of stock","product_availability":"out of stock","product_condition":"new"},"_links":{"self":[{"href":"https:\/\/www.facecorner.lv\/ru\/wp-json\/wp\/v2\/product\/9198","targetHints":{"allow":["GET"]}}],"collection":[{"href":"https:\/\/www.facecorner.lv\/ru\/wp-json\/wp\/v2\/product"}],"about":[{"href":"https:\/\/www.facecorner.lv\/ru\/wp-json\/wp\/v2\/types\/product"}],"replies":[{"embeddable":true,"href":"https:\/\/www.facecorner.lv\/ru\/wp-json\/wp\/v2\/comments?post=9198"}],"wp:featuredmedia":[{"embeddable":true,"href":"https:\/\/www.facecorner.lv\/ru\/wp-json\/wp\/v2\/media\/18114"}],"wp:attachment":[{"href":"https:\/\/www.facecorner.lv\/ru\/wp-json\/wp\/v2\/media?parent=9198"}],"wp:term":[{"taxonomy":"product_brand","embeddable":true,"href":"https:\/\/www.facecorner.lv\/ru\/wp-json\/wp\/v2\/product_brand?post=9198"},{"taxonomy":"product_cat","embeddable":true,"href":"https:\/\/www.facecorner.lv\/ru\/wp-json\/wp\/v2\/product_cat?post=9198"},{"taxonomy":"product_tag","embeddable":true,"href":"https:\/\/www.facecorner.lv\/ru\/wp-json\/wp\/v2\/product_tag?post=9198"},{"taxonomy":"berocket_brand","embeddable":true,"href":"https:\/\/www.facecorner.lv\/ru\/wp-json\/wp\/v2\/berocket_brand?post=9198"}],"curies":[{"name":"wp","href":"https:\/\/api.w.org\/{rel}","templated":true}]}}