{"id":9107,"date":"2023-03-30T21:58:46","date_gmt":"2023-03-30T19:58:46","guid":{"rendered":"https:\/\/facecorner.shop\/?post_type=product&#038;p=9107"},"modified":"2026-01-23T14:38:34","modified_gmt":"2026-01-23T11:38:34","slug":"medi-peel-lif-tox-ampoule-30ml","status":"publish","type":"product","link":"https:\/\/www.facecorner.lv\/ru\/shop\/medi-peel-lif-tox-ampoule-30ml\/","title":{"rendered":"Medi-Peel Lif-Tox Ampoule 30ml"},"content":{"rendered":"<p>\u041b\u0438\u0444\u0442\u0438\u043d\u0433-\u0430\u043c\u043f\u0443\u043b\u0430 \u0441 \u0437\u043e\u043b\u043e\u0442\u043e\u043c \u0438 \u043f\u0440\u043e\u043f\u043e\u043b\u0438\u0441\u043e\u043c Medi-Peel Lif-Tox Ampoule \u043f\u043e\u0432\u044b\u0448\u0430\u0435\u0442 \u0443\u043f\u0440\u0443\u0433\u043e\u0441\u0442\u044c \u0438 \u043f\u043b\u043e\u0442\u043d\u043e\u0441\u0442\u044c \u043a\u043e\u0436\u0438, \u0440\u0430\u0437\u0433\u043b\u0430\u0436\u0438\u0432\u0430\u0435\u0442 \u043c\u043e\u0440\u0449\u0438\u043d\u044b \u0438 \u0434\u0435\u043b\u0430\u0435\u0442 \u043a\u043e\u043d\u0442\u0443\u0440\u044b \u043b\u0438\u0446\u0430 \u0431\u043e\u043b\u0435\u0435 \u0432\u044b\u0440\u0430\u0436\u0435\u043d\u043d\u044b\u043c\u0438. \u0423\u0441\u0442\u0440\u0430\u043d\u044f\u0435\u0442 \u0434\u0440\u044f\u0431\u043b\u043e\u0441\u0442\u044c \u0438 \u0443\u043b\u0443\u0447\u0448\u0430\u0435\u0442 \u0442\u0435\u043a\u0441\u0442\u0443\u0440\u0443 \u043a\u043e\u0436\u0438, \u043f\u043e\u0434\u0434\u0435\u0440\u0436\u0438\u0432\u0430\u0435\u0442 \u043e\u043f\u0442\u0438\u043c\u0430\u043b\u044c\u043d\u044b\u0439 \u0443\u0440\u043e\u0432\u0435\u043d\u044c \u0443\u0432\u043b\u0430\u0436\u043d\u0435\u043d\u043d\u043e\u0441\u0442\u0438.<\/p>\n<p>\u0410\u043c\u043f\u0443\u043b\u0430 \u0433\u043b\u0443\u0431\u043e\u043a\u043e \u0443\u0432\u043b\u0430\u0436\u043d\u044f\u0435\u0442, \u0443\u0441\u0442\u0440\u0430\u043d\u044f\u0435\u0442 \u043e\u0431\u0435\u0437\u0432\u043e\u0436\u0435\u043d\u043d\u043e\u0441\u0442\u044c \u0438 \u0441\u0442\u0438\u043c\u0443\u043b\u0438\u0440\u0443\u0435\u0442 \u043f\u0440\u043e\u0446\u0435\u0441\u0441\u044b \u0440\u0435\u0433\u0435\u043d\u0435\u0440\u0430\u0446\u0438\u0438 \u0438 \u043e\u0431\u043d\u043e\u0432\u043b\u0435\u043d\u0438\u044f. \u0423\u043a\u0440\u0435\u043f\u043b\u044f\u0435\u0442 \u0437\u0430\u0449\u0438\u0442\u043d\u044b\u0439 \u0431\u0430\u0440\u044c\u0435\u0440, \u043d\u0435\u0439\u0442\u0440\u0430\u043b\u0438\u0437\u0443\u0435\u0442 \u0430\u0433\u0440\u0435\u0441\u0441\u0438\u0432\u043d\u043e\u0435 \u0432\u043e\u0437\u0434\u0435\u0439\u0441\u0442\u0432\u0438\u0435 \u0441\u0432\u043e\u0431\u043e\u0434\u043d\u044b\u0445 \u0440\u0430\u0434\u0438\u043a\u0430\u043b\u043e\u0432 \u0438 \u0437\u0430\u043c\u0435\u0434\u043b\u044f\u0435\u0442 \u043f\u0440\u043e\u0446\u0435\u0441\u0441\u044b \u0441\u0442\u0430\u0440\u0435\u043d\u0438\u044f. \u0423\u043b\u0443\u0447\u0448\u0430\u0435\u0442 \u0446\u0432\u0435\u0442 \u043b\u0438\u0446\u0430, \u0443\u0441\u0442\u0440\u0430\u043d\u044f\u0435\u0442 \u0442\u0443\u0441\u043a\u043b\u043e\u0441\u0442\u044c \u0438 \u0432\u044b\u0440\u0430\u0432\u043d\u0438\u0432\u0430\u0435\u0442 \u0442\u043e\u043d.<\/p>\n<p>\u0410\u043c\u043f\u0443\u043b\u0430 \u043e\u0431\u043b\u0430\u0434\u0430\u0435\u0442 \u0433\u0435\u043b\u0435\u0432\u043e\u0439 \u0442\u0435\u043a\u0441\u0442\u0443\u0440\u043e\u0439 \u0441 \u0437\u043e\u043b\u043e\u0442\u044b\u043c\u0438 \u0447\u0430\u0441\u0442\u0438\u0447\u043a\u0430\u043c\u0438, \u0431\u044b\u0441\u0442\u0440\u043e \u0432\u043f\u0438\u0442\u044b\u0432\u0430\u0435\u0442\u0441\u044f, \u0443\u0441\u0442\u0440\u0430\u043d\u044f\u044f \u0441\u0442\u044f\u043d\u0443\u0442\u043e\u0441\u0442\u044c \u0438 \u0441\u0443\u0445\u043e\u0441\u0442\u044c. \u0411\u043b\u0430\u0433\u043e\u0434\u0430\u0440\u044f \u0443\u0434\u043e\u0431\u043d\u043e\u043c\u0443 \u0430\u043f\u043f\u043b\u0438\u043a\u0430\u0442\u043e\u0440\u0443 \u043d\u0430 \u043a\u043e\u0436\u0443 \u0443\u0434\u043e\u0431\u043d\u043e \u043d\u0430\u043d\u043e\u0441\u0438\u0442\u044c \u043e\u043f\u0442\u0438\u043c\u0430\u043b\u044c\u043d\u043e\u0435 \u043a\u043e\u043b\u0438\u0447\u0435\u0441\u0442\u0432\u043e \u0441\u0440\u0435\u0434\u0441\u0442\u0432\u0430.<\/p>\n<p><strong>\u0421\u043f\u043e\u0441\u043e\u0431 \u043f\u0440\u0438\u043c\u0435\u043d\u0435\u043d\u0438\u044f:<\/strong><\/p>\n<ul>\n<li>\u0421\u043d\u0438\u043c\u0438\u0442\u0435 \u043f\u0440\u043e\u0437\u0440\u0430\u0447\u043d\u044b\u0439 \u0437\u0430\u0449\u0438\u0442\u043d\u044b\u0439 \u043a\u043e\u043b\u043f\u0430\u0447\u043e\u043a \u0441 \u0430\u043c\u043f\u0443\u043b\u044b<\/li>\n<li>\u041e\u0442\u043a\u0440\u0443\u0442\u0438\u0442\u0435 \u043a\u0440\u044b\u0448\u0435\u0447\u043a\u0443 \u0441 \u0430\u043f\u043f\u043b\u0438\u043a\u0430\u0442\u043e\u0440\u0430 \u0438 \u043f\u0440\u043e\u0442\u043a\u043d\u0438\u0442\u0435 \u0438\u043c \u0437\u0430\u0449\u0438\u0442\u043d\u0443\u044e \u043c\u0435\u043c\u0431\u0440\u0430\u043d\u0443 \u0430\u043c\u043f\u0443\u043b\u044b<\/li>\n<li>\u041f\u0435\u0440\u0435\u0432\u0435\u0440\u043d\u0438\u0442\u0435 \u0430\u043c\u043f\u0443\u043b\u0443, \u043d\u0435 \u0432\u044b\u043d\u0438\u043c\u0430\u044f \u0430\u043f\u043f\u043b\u0438\u043a\u0430\u0442\u043e\u0440, \u0438 \u043d\u0430\u0431\u0435\u0440\u0438\u0442\u0435 \u043d\u0435\u043e\u0431\u0445\u043e\u0434\u0438\u043c\u043e\u0435 \u043a\u043e\u043b\u0438\u0447\u0435\u0441\u0442\u0432\u043e \u0441\u0440\u0435\u0434\u0441\u0442\u0432\u0430<\/li>\n<li>\u041f\u043e\u0441\u0442\u0430\u0432\u044c\u0442\u0435 \u0430\u043c\u043f\u0443\u043b\u0443 \u0438 \u0432\u044b\u0442\u0430\u0449\u0438\u0442\u0435 \u0430\u043f\u043f\u043b\u0438\u043a\u0430\u0442\u043e\u0440<\/li>\n<li>\u041d\u0430\u043d\u0435\u0441\u0438\u0442\u0435 \u0441\u0440\u0435\u0434\u0441\u0442\u0432\u043e \u043d\u0430 \u043a\u043e\u0436\u0443 \u0438 \u0440\u0430\u0432\u043d\u043e\u043c\u0435\u0440\u043d\u043e \u0440\u0430\u0441\u043f\u0440\u0435\u0434\u0435\u043b\u0438\u0442\u0435. \u0434\u043e \u043f\u043e\u043b\u043d\u043e\u0433\u043e \u0432\u043f\u0438\u0442\u044b\u0432\u0430\u043d\u0438\u044f<\/li>\n<\/ul>\n<p><strong>\u0421\u043e\u0441\u0442\u0430\u0432<\/strong>Water, Butylene Glycol, Hydroxypropyl Methylcellulose, Pullulan, Glycerin, 1,2-Hexanediol, Hydroxyacetophenone, Hydroxyethylcellulose, Carbomer, Tromethamine, Polyglyceryl-10 Laurate, Polyglyceryl-10 Myristate, Allantoin, Collagen Extract, Rosa Damascena Flower Extract, Porphyridium Cruentum Extract, Propanediol, Laminaria Japonica Extract, Ethylhexylglycerin, Adenosine, CI 77891, Sodium Hyaluronate, Melia Azadirachta Leaf Extract, Disodium EDTA, Caprylyl Glycol, Calcium Alginate, Melia Azadirachta Flower Extract, Agar, Gellan Gum, CI 77019, Curcuma Longa (Turmeric) Root Extract, CI 77491, Acmella Oleracea Extract, Helianthus Annuus Seed Oil, Hydrolyzed Corn Starch, Beta-Glucan, Sucrose, Citrus Aurantium Bergamia Fruit Oil, Lavandula Hybrida Oil, Ocimum Sanctum Leaf Extract, Hydrolyzed Collagen, Hydrolyzed Elastin, Hydrolyzed Silk, Corallina Officinalis Extract, Propolis Extract, Phenethyl Alcohol, Gold<\/p>","protected":false},"excerpt":{"rendered":"<p>Liftinga ampula ar zeltu un propolisu Medi-Peel Lif-Tox Ampoule uzlabo \u0101das elast\u012bbu un bl\u012bvumu, izl\u012bdzina grumbas un padara sejas kont\u016bras izteikt\u0101kas. Nov\u0113r\u0161 \u013cenganumu un uzlabo \u0101das tekst\u016bru, uztur optim\u0101lu mitruma l\u012bmeni. Ampula dzi\u013ci mitrina, nov\u0113r\u0161 dehidrat\u0101ciju un stimul\u0113 re\u0123ener\u0101cijas un atjauno\u0161an\u0101s procesus. Nostiprina aizsargbarjeru, neitraliz\u0113 br\u012bvo radik\u0101\u013cu agres\u012bvo iedarb\u012bbu un pal\u0113nina noveco\u0161an\u0101s procesus. Uzlabo sejas [&hellip;]<\/p>\n","protected":false},"featured_media":9108,"comment_status":"open","ping_status":"closed","template":"","meta":{"site-sidebar-layout":"default","site-content-layout":"","ast-site-content-layout":"default","site-content-style":"default","site-sidebar-style":"default","ast-global-header-display":"","ast-banner-title-visibility":"","ast-main-header-display":"","ast-hfb-above-header-display":"","ast-hfb-below-header-display":"","ast-hfb-mobile-header-display":"","site-post-title":"","ast-breadcrumbs-content":"","ast-featured-img":"","footer-sml-layout":"","theme-transparent-header-meta":"default","adv-header-id-meta":"","stick-header-meta":"","header-above-stick-meta":"","header-main-stick-meta":"","header-below-stick-meta":"","astra-migrate-meta-layouts":"set","ast-page-background-enabled":"default","ast-page-background-meta":{"desktop":{"background-color":"var(--ast-global-color-4)","background-image":"","background-repeat":"repeat","background-position":"center center","background-size":"auto","background-attachment":"scroll","background-type":"","background-media":"","overlay-type":"","overlay-color":"","overlay-opacity":"","overlay-gradient":""},"tablet":{"background-color":"","background-image":"","background-repeat":"repeat","background-position":"center center","background-size":"auto","background-attachment":"scroll","background-type":"","background-media":"","overlay-type":"","overlay-color":"","overlay-opacity":"","overlay-gradient":""},"mobile":{"background-color":"","background-image":"","background-repeat":"repeat","background-position":"center center","background-size":"auto","background-attachment":"scroll","background-type":"","background-media":"","overlay-type":"","overlay-color":"","overlay-opacity":"","overlay-gradient":""}},"ast-content-background-meta":{"desktop":{"background-color":"var(--ast-global-color-5)","background-image":"","background-repeat":"repeat","background-position":"center center","background-size":"auto","background-attachment":"scroll","background-type":"","background-media":"","overlay-type":"","overlay-color":"","overlay-opacity":"","overlay-gradient":""},"tablet":{"background-color":"var(--ast-global-color-5)","background-image":"","background-repeat":"repeat","background-position":"center center","background-size":"auto","background-attachment":"scroll","background-type":"","background-media":"","overlay-type":"","overlay-color":"","overlay-opacity":"","overlay-gradient":""},"mobile":{"background-color":"var(--ast-global-color-5)","background-image":"","background-repeat":"repeat","background-position":"center center","background-size":"auto","background-attachment":"scroll","background-type":"","background-media":"","overlay-type":"","overlay-color":"","overlay-opacity":"","overlay-gradient":""}}},"product_brand":[],"product_cat":[370,371,379],"product_tag":[],"berocket_brand":[583],"class_list":{"0":"post-9107","1":"product","2":"type-product","3":"status-publish","4":"has-post-thumbnail","6":"product_cat-adas-mirdzumam","7":"product_cat-anti-age","8":"product_cat-sausai-adai-anti-age","9":"berocket_brand-medi-peel","10":"desktop-align-left","11":"tablet-align-left","12":"mobile-align-left","14":"first","15":"instock","16":"taxable","17":"shipping-taxable","18":"purchasable","19":"product-type-simple","20":"add-to-wishlist-before_image"},"yoast_head":"<!-- This site is optimized with the Yoast SEO plugin v27.4 - https:\/\/yoast.com\/product\/yoast-seo-wordpress\/ -->\n<title>Medi-Peel Lif-Tox Ampoule 30ml - FACECORNER<\/title>\n<meta name=\"robots\" content=\"index, follow, max-snippet:-1, max-image-preview:large, max-video-preview:-1\" \/>\n<link rel=\"canonical\" href=\"https:\/\/www.facecorner.lv\/ru\/shop\/medi-peel-lif-tox-ampoule-30ml\/\" \/>\n<meta property=\"og:locale\" content=\"ru_RU\" \/>\n<meta property=\"og:type\" content=\"article\" \/>\n<meta property=\"og:title\" content=\"Medi-Peel Lif-Tox Ampoule 30ml - FACECORNER\" \/>\n<meta property=\"og:description\" content=\"Liftinga ampula ar zeltu un propolisu Medi-Peel Lif-Tox Ampoule uzlabo \u0101das elast\u012bbu un bl\u012bvumu, izl\u012bdzina grumbas un padara sejas kont\u016bras izteikt\u0101kas. Nov\u0113r\u0161 \u013cenganumu un uzlabo \u0101das tekst\u016bru, uztur optim\u0101lu mitruma l\u012bmeni. Ampula dzi\u013ci mitrina, nov\u0113r\u0161 dehidrat\u0101ciju un stimul\u0113 re\u0123ener\u0101cijas un atjauno\u0161an\u0101s procesus. Nostiprina aizsargbarjeru, neitraliz\u0113 br\u012bvo radik\u0101\u013cu agres\u012bvo iedarb\u012bbu un pal\u0113nina noveco\u0161an\u0101s procesus. Uzlabo sejas [&hellip;]\" \/>\n<meta property=\"og:url\" content=\"https:\/\/www.facecorner.lv\/ru\/shop\/medi-peel-lif-tox-ampoule-30ml\/\" \/>\n<meta property=\"og:site_name\" content=\"FACECORNER\" \/>\n<meta property=\"article:publisher\" content=\"https:\/\/www.facebook.com\/profile.php?id=100063824551839\" \/>\n<meta property=\"article:modified_time\" content=\"2026-01-23T11:38:34+00:00\" \/>\n<meta property=\"og:image\" content=\"https:\/\/www.facecorner.lv\/wp-content\/uploads\/2023\/03\/medi-peel-lif-tox-ampoule-1.jpg\" \/>\n\t<meta property=\"og:image:width\" content=\"550\" \/>\n\t<meta property=\"og:image:height\" content=\"550\" \/>\n\t<meta property=\"og:image:type\" content=\"image\/jpeg\" \/>\n<meta name=\"twitter:card\" content=\"summary_large_image\" \/>\n<meta name=\"twitter:label1\" content=\"\u0426\u0435\u043d\u0430\" \/>\n\t<meta name=\"twitter:data1\" content=\"&euro;29.00\" \/>\n\t<meta name=\"twitter:label2\" content=\"\u0414\u043e\u0441\u0442\u0443\u043f\u043d\u043e\u0441\u0442\u044c\" \/>\n\t<meta name=\"twitter:data2\" content=\"\u0412 \u043d\u0430\u043b\u0438\u0447\u0438\u0438\" \/>\n<script type=\"application\/ld+json\" class=\"yoast-schema-graph\">{\"@context\":\"https:\\\/\\\/schema.org\",\"@graph\":[{\"@type\":\"WebPage\",\"@id\":\"https:\\\/\\\/www.facecorner.lv\\\/shop\\\/medi-peel-lif-tox-ampoule-30ml\\\/\",\"url\":\"https:\\\/\\\/www.facecorner.lv\\\/shop\\\/medi-peel-lif-tox-ampoule-30ml\\\/\",\"name\":\"Medi-Peel Lif-Tox Ampoule 30ml - FACECORNER\",\"isPartOf\":{\"@id\":\"https:\\\/\\\/www.facecorner.lv\\\/#website\"},\"primaryImageOfPage\":{\"@id\":\"https:\\\/\\\/www.facecorner.lv\\\/shop\\\/medi-peel-lif-tox-ampoule-30ml\\\/#primaryimage\"},\"image\":{\"@id\":\"https:\\\/\\\/www.facecorner.lv\\\/shop\\\/medi-peel-lif-tox-ampoule-30ml\\\/#primaryimage\"},\"thumbnailUrl\":\"https:\\\/\\\/www.facecorner.lv\\\/wp-content\\\/uploads\\\/2023\\\/03\\\/medi-peel-lif-tox-ampoule-1.jpg\",\"datePublished\":\"2023-03-30T19:58:46+00:00\",\"dateModified\":\"2026-01-23T11:38:34+00:00\",\"breadcrumb\":{\"@id\":\"https:\\\/\\\/www.facecorner.lv\\\/shop\\\/medi-peel-lif-tox-ampoule-30ml\\\/#breadcrumb\"},\"inLanguage\":\"ru-RU\",\"potentialAction\":[{\"@type\":\"ReadAction\",\"target\":[\"https:\\\/\\\/www.facecorner.lv\\\/shop\\\/medi-peel-lif-tox-ampoule-30ml\\\/\"]}]},{\"@type\":\"ImageObject\",\"inLanguage\":\"ru-RU\",\"@id\":\"https:\\\/\\\/www.facecorner.lv\\\/shop\\\/medi-peel-lif-tox-ampoule-30ml\\\/#primaryimage\",\"url\":\"https:\\\/\\\/www.facecorner.lv\\\/wp-content\\\/uploads\\\/2023\\\/03\\\/medi-peel-lif-tox-ampoule-1.jpg\",\"contentUrl\":\"https:\\\/\\\/www.facecorner.lv\\\/wp-content\\\/uploads\\\/2023\\\/03\\\/medi-peel-lif-tox-ampoule-1.jpg\",\"width\":550,\"height\":550},{\"@type\":\"BreadcrumbList\",\"@id\":\"https:\\\/\\\/www.facecorner.lv\\\/shop\\\/medi-peel-lif-tox-ampoule-30ml\\\/#breadcrumb\",\"itemListElement\":[{\"@type\":\"ListItem\",\"position\":1,\"name\":\"Home\",\"item\":\"https:\\\/\\\/www.facecorner.lv\\\/\"},{\"@type\":\"ListItem\",\"position\":2,\"name\":\"Veikals\",\"item\":\"https:\\\/\\\/www.facecorner.lv\\\/shop\\\/\"},{\"@type\":\"ListItem\",\"position\":3,\"name\":\"Medi-Peel Lif-Tox Ampoule 30ml\"}]},{\"@type\":\"WebSite\",\"@id\":\"https:\\\/\\\/www.facecorner.lv\\\/#website\",\"url\":\"https:\\\/\\\/www.facecorner.lv\\\/\",\"name\":\"Facecorner\",\"description\":\"\",\"publisher\":{\"@id\":\"https:\\\/\\\/www.facecorner.lv\\\/#organization\"},\"potentialAction\":[{\"@type\":\"SearchAction\",\"target\":{\"@type\":\"EntryPoint\",\"urlTemplate\":\"https:\\\/\\\/www.facecorner.lv\\\/?s={search_term_string}\"},\"query-input\":{\"@type\":\"PropertyValueSpecification\",\"valueRequired\":true,\"valueName\":\"search_term_string\"}}],\"inLanguage\":\"ru-RU\"},{\"@type\":\"Organization\",\"@id\":\"https:\\\/\\\/www.facecorner.lv\\\/#organization\",\"name\":\"Facecorner\",\"url\":\"https:\\\/\\\/www.facecorner.lv\\\/\",\"logo\":{\"@type\":\"ImageObject\",\"inLanguage\":\"ru-RU\",\"@id\":\"https:\\\/\\\/www.facecorner.lv\\\/#\\\/schema\\\/logo\\\/image\\\/\",\"url\":\"https:\\\/\\\/www.facecorner.lv\\\/wp-content\\\/uploads\\\/2024\\\/04\\\/fc-logo.jpg\",\"contentUrl\":\"https:\\\/\\\/www.facecorner.lv\\\/wp-content\\\/uploads\\\/2024\\\/04\\\/fc-logo.jpg\",\"width\":174,\"height\":28,\"caption\":\"Facecorner\"},\"image\":{\"@id\":\"https:\\\/\\\/www.facecorner.lv\\\/#\\\/schema\\\/logo\\\/image\\\/\"},\"sameAs\":[\"https:\\\/\\\/www.facebook.com\\\/profile.php?id=100063824551839\",\"https:\\\/\\\/www.instagram.com\\\/facecorner_shop\\\/\"]}]}<\/script>\n<meta property=\"product:price:amount\" content=\"29.00\" \/>\n<meta property=\"product:price:currency\" content=\"EUR\" \/>\n<meta property=\"og:availability\" content=\"instock\" \/>\n<meta property=\"product:availability\" content=\"instock\" \/>\n<meta property=\"product:condition\" content=\"new\" \/>\n<!-- \/ Yoast SEO plugin. -->","yoast_head_json":{"title":"Medi-Peel Lif-Tox Ampoule 30ml - FACECORNER","robots":{"index":"index","follow":"follow","max-snippet":"max-snippet:-1","max-image-preview":"max-image-preview:large","max-video-preview":"max-video-preview:-1"},"canonical":"https:\/\/www.facecorner.lv\/ru\/shop\/medi-peel-lif-tox-ampoule-30ml\/","og_locale":"ru_RU","og_type":"article","og_title":"Medi-Peel Lif-Tox Ampoule 30ml - FACECORNER","og_description":"Liftinga ampula ar zeltu un propolisu Medi-Peel Lif-Tox Ampoule uzlabo \u0101das elast\u012bbu un bl\u012bvumu, izl\u012bdzina grumbas un padara sejas kont\u016bras izteikt\u0101kas. Nov\u0113r\u0161 \u013cenganumu un uzlabo \u0101das tekst\u016bru, uztur optim\u0101lu mitruma l\u012bmeni. Ampula dzi\u013ci mitrina, nov\u0113r\u0161 dehidrat\u0101ciju un stimul\u0113 re\u0123ener\u0101cijas un atjauno\u0161an\u0101s procesus. Nostiprina aizsargbarjeru, neitraliz\u0113 br\u012bvo radik\u0101\u013cu agres\u012bvo iedarb\u012bbu un pal\u0113nina noveco\u0161an\u0101s procesus. Uzlabo sejas [&hellip;]","og_url":"https:\/\/www.facecorner.lv\/ru\/shop\/medi-peel-lif-tox-ampoule-30ml\/","og_site_name":"FACECORNER","article_publisher":"https:\/\/www.facebook.com\/profile.php?id=100063824551839","article_modified_time":"2026-01-23T11:38:34+00:00","og_image":[{"width":550,"height":550,"url":"https:\/\/www.facecorner.lv\/wp-content\/uploads\/2023\/03\/medi-peel-lif-tox-ampoule-1.jpg","type":"image\/jpeg"}],"twitter_card":"summary_large_image","twitter_misc":{"\u0426\u0435\u043d\u0430":"&euro;29.00","\u0414\u043e\u0441\u0442\u0443\u043f\u043d\u043e\u0441\u0442\u044c":"\u0412 \u043d\u0430\u043b\u0438\u0447\u0438\u0438"},"schema":{"@context":"https:\/\/schema.org","@graph":[{"@type":"WebPage","@id":"https:\/\/www.facecorner.lv\/shop\/medi-peel-lif-tox-ampoule-30ml\/","url":"https:\/\/www.facecorner.lv\/shop\/medi-peel-lif-tox-ampoule-30ml\/","name":"Medi-Peel Lif-Tox Ampoule 30ml - FACECORNER","isPartOf":{"@id":"https:\/\/www.facecorner.lv\/#website"},"primaryImageOfPage":{"@id":"https:\/\/www.facecorner.lv\/shop\/medi-peel-lif-tox-ampoule-30ml\/#primaryimage"},"image":{"@id":"https:\/\/www.facecorner.lv\/shop\/medi-peel-lif-tox-ampoule-30ml\/#primaryimage"},"thumbnailUrl":"https:\/\/www.facecorner.lv\/wp-content\/uploads\/2023\/03\/medi-peel-lif-tox-ampoule-1.jpg","datePublished":"2023-03-30T19:58:46+00:00","dateModified":"2026-01-23T11:38:34+00:00","breadcrumb":{"@id":"https:\/\/www.facecorner.lv\/shop\/medi-peel-lif-tox-ampoule-30ml\/#breadcrumb"},"inLanguage":"ru-RU","potentialAction":[{"@type":"ReadAction","target":["https:\/\/www.facecorner.lv\/shop\/medi-peel-lif-tox-ampoule-30ml\/"]}]},{"@type":"ImageObject","inLanguage":"ru-RU","@id":"https:\/\/www.facecorner.lv\/shop\/medi-peel-lif-tox-ampoule-30ml\/#primaryimage","url":"https:\/\/www.facecorner.lv\/wp-content\/uploads\/2023\/03\/medi-peel-lif-tox-ampoule-1.jpg","contentUrl":"https:\/\/www.facecorner.lv\/wp-content\/uploads\/2023\/03\/medi-peel-lif-tox-ampoule-1.jpg","width":550,"height":550},{"@type":"BreadcrumbList","@id":"https:\/\/www.facecorner.lv\/shop\/medi-peel-lif-tox-ampoule-30ml\/#breadcrumb","itemListElement":[{"@type":"ListItem","position":1,"name":"Home","item":"https:\/\/www.facecorner.lv\/"},{"@type":"ListItem","position":2,"name":"Veikals","item":"https:\/\/www.facecorner.lv\/shop\/"},{"@type":"ListItem","position":3,"name":"Medi-Peel Lif-Tox Ampoule 30ml"}]},{"@type":"WebSite","@id":"https:\/\/www.facecorner.lv\/#website","url":"https:\/\/www.facecorner.lv\/","name":"Facecorner","description":"","publisher":{"@id":"https:\/\/www.facecorner.lv\/#organization"},"potentialAction":[{"@type":"SearchAction","target":{"@type":"EntryPoint","urlTemplate":"https:\/\/www.facecorner.lv\/?s={search_term_string}"},"query-input":{"@type":"PropertyValueSpecification","valueRequired":true,"valueName":"search_term_string"}}],"inLanguage":"ru-RU"},{"@type":"Organization","@id":"https:\/\/www.facecorner.lv\/#organization","name":"Facecorner","url":"https:\/\/www.facecorner.lv\/","logo":{"@type":"ImageObject","inLanguage":"ru-RU","@id":"https:\/\/www.facecorner.lv\/#\/schema\/logo\/image\/","url":"https:\/\/www.facecorner.lv\/wp-content\/uploads\/2024\/04\/fc-logo.jpg","contentUrl":"https:\/\/www.facecorner.lv\/wp-content\/uploads\/2024\/04\/fc-logo.jpg","width":174,"height":28,"caption":"Facecorner"},"image":{"@id":"https:\/\/www.facecorner.lv\/#\/schema\/logo\/image\/"},"sameAs":["https:\/\/www.facebook.com\/profile.php?id=100063824551839","https:\/\/www.instagram.com\/facecorner_shop\/"]}]},"product_price_amount":"29.00","product_price_currency":"EUR","og_availability":"instock","product_availability":"instock","product_condition":"new"},"_links":{"self":[{"href":"https:\/\/www.facecorner.lv\/ru\/wp-json\/wp\/v2\/product\/9107","targetHints":{"allow":["GET"]}}],"collection":[{"href":"https:\/\/www.facecorner.lv\/ru\/wp-json\/wp\/v2\/product"}],"about":[{"href":"https:\/\/www.facecorner.lv\/ru\/wp-json\/wp\/v2\/types\/product"}],"replies":[{"embeddable":true,"href":"https:\/\/www.facecorner.lv\/ru\/wp-json\/wp\/v2\/comments?post=9107"}],"wp:featuredmedia":[{"embeddable":true,"href":"https:\/\/www.facecorner.lv\/ru\/wp-json\/wp\/v2\/media\/9108"}],"wp:attachment":[{"href":"https:\/\/www.facecorner.lv\/ru\/wp-json\/wp\/v2\/media?parent=9107"}],"wp:term":[{"taxonomy":"product_brand","embeddable":true,"href":"https:\/\/www.facecorner.lv\/ru\/wp-json\/wp\/v2\/product_brand?post=9107"},{"taxonomy":"product_cat","embeddable":true,"href":"https:\/\/www.facecorner.lv\/ru\/wp-json\/wp\/v2\/product_cat?post=9107"},{"taxonomy":"product_tag","embeddable":true,"href":"https:\/\/www.facecorner.lv\/ru\/wp-json\/wp\/v2\/product_tag?post=9107"},{"taxonomy":"berocket_brand","embeddable":true,"href":"https:\/\/www.facecorner.lv\/ru\/wp-json\/wp\/v2\/berocket_brand?post=9107"}],"curies":[{"name":"wp","href":"https:\/\/api.w.org\/{rel}","templated":true}]}}