{"id":8783,"date":"2023-03-30T14:57:28","date_gmt":"2023-03-30T12:57:28","guid":{"rendered":"https:\/\/facecorner.shop\/?post_type=product&#038;p=8783"},"modified":"2024-06-28T22:09:12","modified_gmt":"2024-06-28T20:09:12","slug":"marymay-lemon-niacinamide-glow-wash-off-pack-125g","status":"publish","type":"product","link":"https:\/\/www.facecorner.lv\/ru\/shop\/marymay-lemon-niacinamide-glow-wash-off-pack-125g\/","title":{"rendered":"Mary&#038;May Lemon Niacinamide Glow Wash Off Pack 125g"},"content":{"rendered":"<p>\u041c\u0430\u0441\u043a\u0430 Mary&amp;May Lemon Niacinamide Glow Wash Off Pack \u043e\u0447\u0438\u0449\u0430\u0435\u0442, \u0430\u0431\u0441\u043e\u0440\u0431\u0438\u0440\u0443\u044f \u0437\u0430\u0433\u0440\u044f\u0437\u043d\u0435\u043d\u0438\u044f \u0438\u0437 \u043f\u043e\u0440, \u0438 \u0432\u0438\u0437\u0443\u0430\u043b\u044c\u043d\u043e \u0441\u0443\u0436\u0430\u0435\u0442 \u0438\u0445, \u0441\u0433\u043b\u0430\u0436\u0438\u0432\u0430\u0435\u0442 \u0440\u0435\u043b\u044c\u0435\u0444, \u0432\u044b\u0440\u0430\u0432\u043d\u0438\u0432\u0430\u0435\u0442 \u0442\u043e\u043d \u0438 \u043e\u0441\u0432\u0435\u0442\u043b\u044f\u0435\u0442, \u043d\u0435 \u043f\u0440\u043e\u0432\u043e\u0446\u0438\u0440\u0443\u0435\u0442 \u0441\u0442\u044f\u043d\u0443\u0442\u043e\u0441\u0442\u0438 \u0438 \u0441\u0443\u0445\u043e\u0441\u0442\u0438.<\/p>\n<p>\u0421\u0440\u0435\u0434\u0441\u0442\u0432\u043e \u0441 \u043d\u0435\u0436\u043d\u043e\u0439 \u043a\u0440\u0435\u043c\u043e\u0432\u043e\u0439 \u0442\u0435\u043a\u0441\u0442\u0443\u0440\u043e\u0439 \u0441\u043e\u0434\u0435\u0440\u0436\u0438\u0442 \u043c\u044f\u0433\u043a\u0438\u0435 \u0430\u0431\u0440\u0430\u0437\u0438\u0432\u043d\u044b\u0435 \u0447\u0430\u0441\u0442\u0438\u0446\u044b, \u043a\u043e\u0442\u043e\u0440\u044b\u0435 \u043f\u0440\u0438 \u0441\u043c\u044b\u0432\u0430\u043d\u0438\u0438 \u0434\u0435\u043b\u0438\u043a\u0430\u0442\u043d\u043e \u043e\u0442\u0448\u0435\u043b\u0443\u0448\u0438\u0432\u0430\u044e\u0442, \u043d\u0435 \u043f\u043e\u0432\u0440\u0435\u0436\u0434\u0430\u044f \u043f\u043e\u0432\u0435\u0440\u0445\u043d\u043e\u0441\u0442\u044c \u043a\u043e\u0436\u0438.<\/p>\n<p>\u041c\u0430\u0441\u043a\u0430 \u0434\u0435\u043b\u0430\u0435\u0442 \u043a\u043e\u0436\u0443 \u043d\u0435\u0436\u043d\u043e\u0439, \u0433\u043b\u0430\u0434\u043a\u043e\u0439 \u0438 \u0431\u0430\u0440\u0445\u0430\u0442\u0438\u0441\u0442\u043e\u0439, \u0440\u0430\u0437\u0433\u043b\u0430\u0436\u0438\u0432\u0430\u0435\u0442 \u043c\u0438\u043a\u0440\u043e\u0440\u0435\u043b\u044c\u0435\u0444, \u0443\u043c\u0435\u043d\u044c\u0448\u0430\u0435\u0442 \u0432\u044b\u0440\u0430\u0436\u0435\u043d\u043d\u043e\u0441\u0442\u044c \u043f\u0438\u0433\u043c\u0435\u043d\u0442\u043d\u044b\u0445 \u043f\u044f\u0442\u0435\u043d, \u043f\u043e\u043a\u0440\u0430\u0441\u043d\u0435\u043d\u0438\u0439 \u0438 \u0441\u043b\u0435\u0434\u043e\u0432 \u043f\u043e\u0441\u0442\u0430\u043a\u043d\u0435. \u0421\u0440\u0435\u0434\u0441\u0442\u0432\u043e \u043f\u0440\u0435\u043f\u044f\u0442\u0441\u0442\u0432\u0443\u0435\u0442 \u043e\u0431\u0440\u0430\u0437\u043e\u0432\u0430\u043d\u0438\u044e \u0447\u0451\u0440\u043d\u044b\u0445 \u0442\u043e\u0447\u0435\u043a, \u043e\u0441\u0432\u0435\u0442\u043b\u044f\u0435\u0442 \u0441\u0430\u043b\u044c\u043d\u044b\u0435 \u043d\u0438\u0442\u0438 \u0438 \u0443\u0441\u0442\u0440\u0430\u043d\u044f\u0435\u0442 \u0436\u0438\u0440\u043d\u044b\u0439 \u0431\u043b\u0435\u0441\u043a, \u043c\u0430\u0442\u0438\u0440\u0443\u044f.<br \/>\n\u0412\u0441\u0435 \u043a\u043e\u043c\u043f\u043e\u043d\u0435\u043d\u0442\u044b \u0438\u043c\u0435\u044e\u0442 \u043a\u043b\u0430\u0441\u0441 \u0431\u0435\u0437\u043e\u043f\u0430\u0441\u043d\u043e\u0441\u0442\u0438 EWG Green, \u0441\u0440\u0435\u0434\u0441\u0442\u0432\u043e \u043f\u0440\u043e\u0448\u043b\u043e \u0442\u0435\u0441\u0442 \u043d\u0430 \u0433\u0438\u043f\u043e\u0430\u043b\u043b\u0435\u0440\u0433\u0435\u043d\u043d\u043e\u0441\u0442\u044c. \u042d\u043a\u043e\u043b\u043e\u0433\u0438\u0447\u043d\u0430\u044f \u0443\u043f\u0430\u043a\u043e\u0432\u043a\u0430 \u0441\u043e\u0437\u0434\u0430\u043d\u0430 \u0438\u0437 \u043f\u0435\u0440\u0435\u0440\u0430\u0431\u043e\u0442\u0430\u043d\u043d\u043e\u0433\u043e \u043a\u0430\u0440\u0442\u043e\u043d\u0430, \u0430 \u0440\u0438\u0441\u0443\u043d\u043e\u043a \u043d\u0430\u043d\u0435\u0441\u0451\u043d \u0441\u043e\u0435\u0432\u044b\u043c\u0438 \u0447\u0435\u0440\u043d\u0438\u043b\u0430\u043c\u0438, \u043a\u043e\u0442\u043e\u0440\u044b\u0435 \u043d\u0435 \u043d\u0435\u0441\u0443\u0442 \u0432\u0440\u0435\u0434\u0430 \u043e\u043a\u0440\u0443\u0436\u0430\u044e\u0449\u0435\u0439 \u0441\u0440\u0435\u0434\u0435.<\/p>\n<p><strong>\u0421\u043f\u043e\u0441\u043e\u0431 \u043f\u0440\u0438\u043c\u0435\u043d\u0435\u043d\u0438\u044f:<\/strong> \u043f\u043e\u0441\u043b\u0435 \u043e\u0447\u0438\u0449\u0435\u043d\u0438\u044f \u043d\u0430\u043d\u0435\u0441\u0438\u0442\u0435 \u043c\u0430\u0441\u043a\u0443 \u043d\u0430 \u0441\u0443\u0445\u043e\u0435 \u043b\u0438\u0446\u043e, \u0440\u0430\u0441\u043f\u0440\u0435\u0434\u0435\u043b\u0438\u0442\u0435 \u043a\u0440\u0443\u0433\u043e\u0432\u044b\u043c\u0438 \u0434\u0432\u0438\u0436\u0435\u043d\u0438\u044f\u043c\u0438, \u043e\u0441\u0442\u0430\u0432\u044c\u0442\u0435 \u043d\u0430 10-15 \u043c\u0438\u043d\u0443\u0442, \u0437\u0430\u0442\u0435\u043c \u0441\u043c\u043e\u0439\u0442\u0435 \u0442\u0451\u043f\u043b\u043e\u0439 \u0432\u043e\u0434\u043e\u0439.<\/p>\n<p><strong>\u0421\u043e\u0441\u0442\u0430\u0432\u00a0<\/strong>Water, Kaolin, Bentonite, Illite, Glycerin, 1,2-Hexanediol, Betaine, Neopentyl Glycol Diheptanoate, Niacinamide, Dipropylene Glycol, Propanediol, Citrus Lemon Peel Powder, Polyacrylate-13, Xanthan Gum, Montmorillonite, 3-0-Ethyl Ascorbic Acid, Ethylhexylglycerin, Magnesium Aluminum Silicate, Hydrogenated Polyisobutene, Fragrance, Polyglyceryl-10 Laurate, Ethylhexyl Palmitate, Disodium EDTA, Sorbitan Isostearate, Butylene Glycol, Quartz, Tocopherol, Prunus Persica Fruit Extract, Citric Acid, Gluconolactone<\/p>","protected":false},"excerpt":{"rendered":"<p>Mary&amp;May Lemon Niacinamide Glow Wash Off Pack maska \u200b\u200batt\u012bra, absorb\u0113jot net\u012brumus no por\u0101m un vizu\u0101li sa\u0161aurina t\u0101s, izl\u012bdzina reljefu, izl\u012bdzina toni un izgaismo, neizraisa sasprindzin\u0101jumu un sausumu. L\u012bdzeklis ar maigu kr\u0113mveida tekst\u016bru satur m\u012bkstas abraz\u012bvas da\u013ci\u0146as, kas, nomazg\u0101jot, maigi nolob\u0101s, nesaboj\u0101jot \u0101das virsmu. Maska padara \u0101du maigu, gludu un samtainu, izl\u012bdzina mikroreljefu, samazina vecuma plankumu [&hellip;]<\/p>\n","protected":false},"featured_media":8784,"comment_status":"open","ping_status":"closed","template":"","meta":{"site-sidebar-layout":"default","site-content-layout":"","ast-site-content-layout":"","site-content-style":"default","site-sidebar-style":"default","ast-global-header-display":"","ast-banner-title-visibility":"","ast-main-header-display":"","ast-hfb-above-header-display":"","ast-hfb-below-header-display":"","ast-hfb-mobile-header-display":"","site-post-title":"","ast-breadcrumbs-content":"","ast-featured-img":"","footer-sml-layout":"","theme-transparent-header-meta":"","adv-header-id-meta":"","stick-header-meta":"","header-above-stick-meta":"","header-main-stick-meta":"","header-below-stick-meta":"","astra-migrate-meta-layouts":"default","ast-page-background-enabled":"default","ast-page-background-meta":{"desktop":{"background-color":"var(--ast-global-color-4)","background-image":"","background-repeat":"repeat","background-position":"center center","background-size":"auto","background-attachment":"scroll","background-type":"","background-media":"","overlay-type":"","overlay-color":"","overlay-opacity":"","overlay-gradient":""},"tablet":{"background-color":"","background-image":"","background-repeat":"repeat","background-position":"center center","background-size":"auto","background-attachment":"scroll","background-type":"","background-media":"","overlay-type":"","overlay-color":"","overlay-opacity":"","overlay-gradient":""},"mobile":{"background-color":"","background-image":"","background-repeat":"repeat","background-position":"center center","background-size":"auto","background-attachment":"scroll","background-type":"","background-media":"","overlay-type":"","overlay-color":"","overlay-opacity":"","overlay-gradient":""}},"ast-content-background-meta":{"desktop":{"background-color":"var(--ast-global-color-5)","background-image":"","background-repeat":"repeat","background-position":"center center","background-size":"auto","background-attachment":"scroll","background-type":"","background-media":"","overlay-type":"","overlay-color":"","overlay-opacity":"","overlay-gradient":""},"tablet":{"background-color":"var(--ast-global-color-5)","background-image":"","background-repeat":"repeat","background-position":"center center","background-size":"auto","background-attachment":"scroll","background-type":"","background-media":"","overlay-type":"","overlay-color":"","overlay-opacity":"","overlay-gradient":""},"mobile":{"background-color":"var(--ast-global-color-5)","background-image":"","background-repeat":"repeat","background-position":"center center","background-size":"auto","background-attachment":"scroll","background-type":"","background-media":"","overlay-type":"","overlay-color":"","overlay-opacity":"","overlay-gradient":""}}},"product_brand":[],"product_cat":[316,380,315,381],"product_tag":[],"berocket_brand":[],"class_list":{"0":"post-8783","1":"product","2":"type-product","3":"status-publish","4":"has-post-thumbnail","6":"product_cat-attirosas","7":"product_cat-kombinetai-adai","8":"product_cat-maskas","9":"product_cat-problematiskai-un-taukainai-adai","10":"desktop-align-left","11":"tablet-align-left","12":"mobile-align-left","14":"first","15":"outofstock","16":"taxable","17":"shipping-taxable","18":"purchasable","19":"product-type-simple","20":"add-to-wishlist-before_image"},"yoast_head":"<!-- This site is optimized with the Yoast SEO plugin v27.3 - https:\/\/yoast.com\/product\/yoast-seo-wordpress\/ -->\n<title>Mary&amp;May Lemon Niacinamide Glow Wash Off Pack 125g - FACECORNER<\/title>\n<meta name=\"robots\" content=\"index, follow, max-snippet:-1, max-image-preview:large, max-video-preview:-1\" \/>\n<link rel=\"canonical\" href=\"https:\/\/www.facecorner.lv\/ru\/shop\/marymay-lemon-niacinamide-glow-wash-off-pack-125g\/\" \/>\n<meta property=\"og:locale\" content=\"ru_RU\" \/>\n<meta property=\"og:type\" content=\"article\" \/>\n<meta property=\"og:title\" content=\"Mary&amp;May Lemon Niacinamide Glow Wash Off Pack 125g - FACECORNER\" \/>\n<meta property=\"og:description\" content=\"Mary&amp;May Lemon Niacinamide Glow Wash Off Pack maska \u200b\u200batt\u012bra, absorb\u0113jot net\u012brumus no por\u0101m un vizu\u0101li sa\u0161aurina t\u0101s, izl\u012bdzina reljefu, izl\u012bdzina toni un izgaismo, neizraisa sasprindzin\u0101jumu un sausumu. L\u012bdzeklis ar maigu kr\u0113mveida tekst\u016bru satur m\u012bkstas abraz\u012bvas da\u013ci\u0146as, kas, nomazg\u0101jot, maigi nolob\u0101s, nesaboj\u0101jot \u0101das virsmu. Maska padara \u0101du maigu, gludu un samtainu, izl\u012bdzina mikroreljefu, samazina vecuma plankumu [&hellip;]\" \/>\n<meta property=\"og:url\" content=\"https:\/\/www.facecorner.lv\/ru\/shop\/marymay-lemon-niacinamide-glow-wash-off-pack-125g\/\" \/>\n<meta property=\"og:site_name\" content=\"FACECORNER\" \/>\n<meta property=\"article:publisher\" content=\"https:\/\/www.facebook.com\/profile.php?id=100063824551839\" \/>\n<meta property=\"article:modified_time\" content=\"2024-06-28T20:09:12+00:00\" \/>\n<meta property=\"og:image\" content=\"https:\/\/www.facecorner.lv\/wp-content\/uploads\/2023\/03\/D\u009cD\u00b0N\u0081DoD\u00b0_D\u00b3DD\u00b8D\u00bdN\u008fD\u00bdD\u00b0N\u008f_D\u00b4DN\u008f_N\u0081D\u00b8N\u008fD\u00bdD\u00b8N\u008f_DoD\u00beD\u00b6D\u00b8_Mary_May_Lemon_Niacinamide_Glow_Wash_Off_Pack-1.jpg\" \/>\n\t<meta property=\"og:image:width\" content=\"1000\" \/>\n\t<meta property=\"og:image:height\" content=\"1000\" \/>\n\t<meta property=\"og:image:type\" content=\"image\/jpeg\" \/>\n<meta name=\"twitter:card\" content=\"summary_large_image\" \/>\n<meta name=\"twitter:label1\" content=\"\u0426\u0435\u043d\u0430\" \/>\n\t<meta name=\"twitter:data1\" content=\"&euro;26.00\" \/>\n\t<meta name=\"twitter:label2\" content=\"\u0414\u043e\u0441\u0442\u0443\u043f\u043d\u043e\u0441\u0442\u044c\" \/>\n\t<meta name=\"twitter:data2\" content=\"\u0420\u0430\u0441\u043f\u0440\u043e\u0434\u0430\u043d\u043e\" \/>\n<script type=\"application\/ld+json\" class=\"yoast-schema-graph\">{\"@context\":\"https:\\\/\\\/schema.org\",\"@graph\":[{\"@type\":\"WebPage\",\"@id\":\"https:\\\/\\\/www.facecorner.lv\\\/shop\\\/marymay-lemon-niacinamide-glow-wash-off-pack-125g\\\/\",\"url\":\"https:\\\/\\\/www.facecorner.lv\\\/shop\\\/marymay-lemon-niacinamide-glow-wash-off-pack-125g\\\/\",\"name\":\"Mary&May Lemon Niacinamide Glow Wash Off Pack 125g - FACECORNER\",\"isPartOf\":{\"@id\":\"https:\\\/\\\/www.facecorner.lv\\\/#website\"},\"primaryImageOfPage\":{\"@id\":\"https:\\\/\\\/www.facecorner.lv\\\/shop\\\/marymay-lemon-niacinamide-glow-wash-off-pack-125g\\\/#primaryimage\"},\"image\":{\"@id\":\"https:\\\/\\\/www.facecorner.lv\\\/shop\\\/marymay-lemon-niacinamide-glow-wash-off-pack-125g\\\/#primaryimage\"},\"thumbnailUrl\":\"https:\\\/\\\/www.facecorner.lv\\\/wp-content\\\/uploads\\\/2023\\\/03\\\/D\u009cD\u00b0N\u0081DoD\u00b0_D\u00b3DD\u00b8D\u00bdN\u008fD\u00bdD\u00b0N\u008f_D\u00b4DN\u008f_N\u0081D\u00b8N\u008fD\u00bdD\u00b8N\u008f_DoD\u00beD\u00b6D\u00b8_Mary_May_Lemon_Niacinamide_Glow_Wash_Off_Pack-1.jpg\",\"datePublished\":\"2023-03-30T12:57:28+00:00\",\"dateModified\":\"2024-06-28T20:09:12+00:00\",\"breadcrumb\":{\"@id\":\"https:\\\/\\\/www.facecorner.lv\\\/shop\\\/marymay-lemon-niacinamide-glow-wash-off-pack-125g\\\/#breadcrumb\"},\"inLanguage\":\"ru-RU\",\"potentialAction\":[{\"@type\":\"ReadAction\",\"target\":[\"https:\\\/\\\/www.facecorner.lv\\\/shop\\\/marymay-lemon-niacinamide-glow-wash-off-pack-125g\\\/\"]}]},{\"@type\":\"ImageObject\",\"inLanguage\":\"ru-RU\",\"@id\":\"https:\\\/\\\/www.facecorner.lv\\\/shop\\\/marymay-lemon-niacinamide-glow-wash-off-pack-125g\\\/#primaryimage\",\"url\":\"https:\\\/\\\/www.facecorner.lv\\\/wp-content\\\/uploads\\\/2023\\\/03\\\/D\u009cD\u00b0N\u0081DoD\u00b0_D\u00b3DD\u00b8D\u00bdN\u008fD\u00bdD\u00b0N\u008f_D\u00b4DN\u008f_N\u0081D\u00b8N\u008fD\u00bdD\u00b8N\u008f_DoD\u00beD\u00b6D\u00b8_Mary_May_Lemon_Niacinamide_Glow_Wash_Off_Pack-1.jpg\",\"contentUrl\":\"https:\\\/\\\/www.facecorner.lv\\\/wp-content\\\/uploads\\\/2023\\\/03\\\/D\u009cD\u00b0N\u0081DoD\u00b0_D\u00b3DD\u00b8D\u00bdN\u008fD\u00bdD\u00b0N\u008f_D\u00b4DN\u008f_N\u0081D\u00b8N\u008fD\u00bdD\u00b8N\u008f_DoD\u00beD\u00b6D\u00b8_Mary_May_Lemon_Niacinamide_Glow_Wash_Off_Pack-1.jpg\",\"width\":1000,\"height\":1000},{\"@type\":\"BreadcrumbList\",\"@id\":\"https:\\\/\\\/www.facecorner.lv\\\/shop\\\/marymay-lemon-niacinamide-glow-wash-off-pack-125g\\\/#breadcrumb\",\"itemListElement\":[{\"@type\":\"ListItem\",\"position\":1,\"name\":\"Home\",\"item\":\"https:\\\/\\\/www.facecorner.lv\\\/\"},{\"@type\":\"ListItem\",\"position\":2,\"name\":\"Veikals\",\"item\":\"https:\\\/\\\/www.facecorner.lv\\\/shop\\\/\"},{\"@type\":\"ListItem\",\"position\":3,\"name\":\"Mary&#038;May Lemon Niacinamide Glow Wash Off Pack 125g\"}]},{\"@type\":\"WebSite\",\"@id\":\"https:\\\/\\\/www.facecorner.lv\\\/#website\",\"url\":\"https:\\\/\\\/www.facecorner.lv\\\/\",\"name\":\"Facecorner\",\"description\":\"\",\"publisher\":{\"@id\":\"https:\\\/\\\/www.facecorner.lv\\\/#organization\"},\"potentialAction\":[{\"@type\":\"SearchAction\",\"target\":{\"@type\":\"EntryPoint\",\"urlTemplate\":\"https:\\\/\\\/www.facecorner.lv\\\/?s={search_term_string}\"},\"query-input\":{\"@type\":\"PropertyValueSpecification\",\"valueRequired\":true,\"valueName\":\"search_term_string\"}}],\"inLanguage\":\"ru-RU\"},{\"@type\":\"Organization\",\"@id\":\"https:\\\/\\\/www.facecorner.lv\\\/#organization\",\"name\":\"Facecorner\",\"url\":\"https:\\\/\\\/www.facecorner.lv\\\/\",\"logo\":{\"@type\":\"ImageObject\",\"inLanguage\":\"ru-RU\",\"@id\":\"https:\\\/\\\/www.facecorner.lv\\\/#\\\/schema\\\/logo\\\/image\\\/\",\"url\":\"https:\\\/\\\/www.facecorner.lv\\\/wp-content\\\/uploads\\\/2024\\\/04\\\/fc-logo.jpg\",\"contentUrl\":\"https:\\\/\\\/www.facecorner.lv\\\/wp-content\\\/uploads\\\/2024\\\/04\\\/fc-logo.jpg\",\"width\":174,\"height\":28,\"caption\":\"Facecorner\"},\"image\":{\"@id\":\"https:\\\/\\\/www.facecorner.lv\\\/#\\\/schema\\\/logo\\\/image\\\/\"},\"sameAs\":[\"https:\\\/\\\/www.facebook.com\\\/profile.php?id=100063824551839\",\"https:\\\/\\\/www.instagram.com\\\/facecorner_shop\\\/\"]}]}<\/script>\n<meta property=\"product:price:amount\" content=\"26.00\" \/>\n<meta property=\"product:price:currency\" content=\"EUR\" \/>\n<meta property=\"og:availability\" content=\"out of stock\" \/>\n<meta property=\"product:availability\" content=\"out of stock\" \/>\n<meta property=\"product:condition\" content=\"new\" \/>\n<!-- \/ Yoast SEO plugin. -->","yoast_head_json":{"title":"Mary&May Lemon Niacinamide Glow Wash Off Pack 125g - FACECORNER","robots":{"index":"index","follow":"follow","max-snippet":"max-snippet:-1","max-image-preview":"max-image-preview:large","max-video-preview":"max-video-preview:-1"},"canonical":"https:\/\/www.facecorner.lv\/ru\/shop\/marymay-lemon-niacinamide-glow-wash-off-pack-125g\/","og_locale":"ru_RU","og_type":"article","og_title":"Mary&May Lemon Niacinamide Glow Wash Off Pack 125g - FACECORNER","og_description":"Mary&amp;May Lemon Niacinamide Glow Wash Off Pack maska \u200b\u200batt\u012bra, absorb\u0113jot net\u012brumus no por\u0101m un vizu\u0101li sa\u0161aurina t\u0101s, izl\u012bdzina reljefu, izl\u012bdzina toni un izgaismo, neizraisa sasprindzin\u0101jumu un sausumu. L\u012bdzeklis ar maigu kr\u0113mveida tekst\u016bru satur m\u012bkstas abraz\u012bvas da\u013ci\u0146as, kas, nomazg\u0101jot, maigi nolob\u0101s, nesaboj\u0101jot \u0101das virsmu. Maska padara \u0101du maigu, gludu un samtainu, izl\u012bdzina mikroreljefu, samazina vecuma plankumu [&hellip;]","og_url":"https:\/\/www.facecorner.lv\/ru\/shop\/marymay-lemon-niacinamide-glow-wash-off-pack-125g\/","og_site_name":"FACECORNER","article_publisher":"https:\/\/www.facebook.com\/profile.php?id=100063824551839","article_modified_time":"2024-06-28T20:09:12+00:00","og_image":[{"width":1000,"height":1000,"url":"https:\/\/www.facecorner.lv\/wp-content\/uploads\/2023\/03\/D\u009cD\u00b0N\u0081DoD\u00b0_D\u00b3DD\u00b8D\u00bdN\u008fD\u00bdD\u00b0N\u008f_D\u00b4DN\u008f_N\u0081D\u00b8N\u008fD\u00bdD\u00b8N\u008f_DoD\u00beD\u00b6D\u00b8_Mary_May_Lemon_Niacinamide_Glow_Wash_Off_Pack-1.jpg","type":"image\/jpeg"}],"twitter_card":"summary_large_image","twitter_misc":{"\u0426\u0435\u043d\u0430":"&euro;26.00","\u0414\u043e\u0441\u0442\u0443\u043f\u043d\u043e\u0441\u0442\u044c":"\u0420\u0430\u0441\u043f\u0440\u043e\u0434\u0430\u043d\u043e"},"schema":{"@context":"https:\/\/schema.org","@graph":[{"@type":"WebPage","@id":"https:\/\/www.facecorner.lv\/shop\/marymay-lemon-niacinamide-glow-wash-off-pack-125g\/","url":"https:\/\/www.facecorner.lv\/shop\/marymay-lemon-niacinamide-glow-wash-off-pack-125g\/","name":"Mary&May Lemon Niacinamide Glow Wash Off Pack 125g - FACECORNER","isPartOf":{"@id":"https:\/\/www.facecorner.lv\/#website"},"primaryImageOfPage":{"@id":"https:\/\/www.facecorner.lv\/shop\/marymay-lemon-niacinamide-glow-wash-off-pack-125g\/#primaryimage"},"image":{"@id":"https:\/\/www.facecorner.lv\/shop\/marymay-lemon-niacinamide-glow-wash-off-pack-125g\/#primaryimage"},"thumbnailUrl":"https:\/\/www.facecorner.lv\/wp-content\/uploads\/2023\/03\/D\u009cD\u00b0N\u0081DoD\u00b0_D\u00b3DD\u00b8D\u00bdN\u008fD\u00bdD\u00b0N\u008f_D\u00b4DN\u008f_N\u0081D\u00b8N\u008fD\u00bdD\u00b8N\u008f_DoD\u00beD\u00b6D\u00b8_Mary_May_Lemon_Niacinamide_Glow_Wash_Off_Pack-1.jpg","datePublished":"2023-03-30T12:57:28+00:00","dateModified":"2024-06-28T20:09:12+00:00","breadcrumb":{"@id":"https:\/\/www.facecorner.lv\/shop\/marymay-lemon-niacinamide-glow-wash-off-pack-125g\/#breadcrumb"},"inLanguage":"ru-RU","potentialAction":[{"@type":"ReadAction","target":["https:\/\/www.facecorner.lv\/shop\/marymay-lemon-niacinamide-glow-wash-off-pack-125g\/"]}]},{"@type":"ImageObject","inLanguage":"ru-RU","@id":"https:\/\/www.facecorner.lv\/shop\/marymay-lemon-niacinamide-glow-wash-off-pack-125g\/#primaryimage","url":"https:\/\/www.facecorner.lv\/wp-content\/uploads\/2023\/03\/D\u009cD\u00b0N\u0081DoD\u00b0_D\u00b3DD\u00b8D\u00bdN\u008fD\u00bdD\u00b0N\u008f_D\u00b4DN\u008f_N\u0081D\u00b8N\u008fD\u00bdD\u00b8N\u008f_DoD\u00beD\u00b6D\u00b8_Mary_May_Lemon_Niacinamide_Glow_Wash_Off_Pack-1.jpg","contentUrl":"https:\/\/www.facecorner.lv\/wp-content\/uploads\/2023\/03\/D\u009cD\u00b0N\u0081DoD\u00b0_D\u00b3DD\u00b8D\u00bdN\u008fD\u00bdD\u00b0N\u008f_D\u00b4DN\u008f_N\u0081D\u00b8N\u008fD\u00bdD\u00b8N\u008f_DoD\u00beD\u00b6D\u00b8_Mary_May_Lemon_Niacinamide_Glow_Wash_Off_Pack-1.jpg","width":1000,"height":1000},{"@type":"BreadcrumbList","@id":"https:\/\/www.facecorner.lv\/shop\/marymay-lemon-niacinamide-glow-wash-off-pack-125g\/#breadcrumb","itemListElement":[{"@type":"ListItem","position":1,"name":"Home","item":"https:\/\/www.facecorner.lv\/"},{"@type":"ListItem","position":2,"name":"Veikals","item":"https:\/\/www.facecorner.lv\/shop\/"},{"@type":"ListItem","position":3,"name":"Mary&#038;May Lemon Niacinamide Glow Wash Off Pack 125g"}]},{"@type":"WebSite","@id":"https:\/\/www.facecorner.lv\/#website","url":"https:\/\/www.facecorner.lv\/","name":"Facecorner","description":"","publisher":{"@id":"https:\/\/www.facecorner.lv\/#organization"},"potentialAction":[{"@type":"SearchAction","target":{"@type":"EntryPoint","urlTemplate":"https:\/\/www.facecorner.lv\/?s={search_term_string}"},"query-input":{"@type":"PropertyValueSpecification","valueRequired":true,"valueName":"search_term_string"}}],"inLanguage":"ru-RU"},{"@type":"Organization","@id":"https:\/\/www.facecorner.lv\/#organization","name":"Facecorner","url":"https:\/\/www.facecorner.lv\/","logo":{"@type":"ImageObject","inLanguage":"ru-RU","@id":"https:\/\/www.facecorner.lv\/#\/schema\/logo\/image\/","url":"https:\/\/www.facecorner.lv\/wp-content\/uploads\/2024\/04\/fc-logo.jpg","contentUrl":"https:\/\/www.facecorner.lv\/wp-content\/uploads\/2024\/04\/fc-logo.jpg","width":174,"height":28,"caption":"Facecorner"},"image":{"@id":"https:\/\/www.facecorner.lv\/#\/schema\/logo\/image\/"},"sameAs":["https:\/\/www.facebook.com\/profile.php?id=100063824551839","https:\/\/www.instagram.com\/facecorner_shop\/"]}]},"product_price_amount":"26.00","product_price_currency":"EUR","og_availability":"out of stock","product_availability":"out of stock","product_condition":"new"},"_links":{"self":[{"href":"https:\/\/www.facecorner.lv\/ru\/wp-json\/wp\/v2\/product\/8783","targetHints":{"allow":["GET"]}}],"collection":[{"href":"https:\/\/www.facecorner.lv\/ru\/wp-json\/wp\/v2\/product"}],"about":[{"href":"https:\/\/www.facecorner.lv\/ru\/wp-json\/wp\/v2\/types\/product"}],"replies":[{"embeddable":true,"href":"https:\/\/www.facecorner.lv\/ru\/wp-json\/wp\/v2\/comments?post=8783"}],"wp:featuredmedia":[{"embeddable":true,"href":"https:\/\/www.facecorner.lv\/ru\/wp-json\/wp\/v2\/media\/8784"}],"wp:attachment":[{"href":"https:\/\/www.facecorner.lv\/ru\/wp-json\/wp\/v2\/media?parent=8783"}],"wp:term":[{"taxonomy":"product_brand","embeddable":true,"href":"https:\/\/www.facecorner.lv\/ru\/wp-json\/wp\/v2\/product_brand?post=8783"},{"taxonomy":"product_cat","embeddable":true,"href":"https:\/\/www.facecorner.lv\/ru\/wp-json\/wp\/v2\/product_cat?post=8783"},{"taxonomy":"product_tag","embeddable":true,"href":"https:\/\/www.facecorner.lv\/ru\/wp-json\/wp\/v2\/product_tag?post=8783"},{"taxonomy":"berocket_brand","embeddable":true,"href":"https:\/\/www.facecorner.lv\/ru\/wp-json\/wp\/v2\/berocket_brand?post=8783"}],"curies":[{"name":"wp","href":"https:\/\/api.w.org\/{rel}","templated":true}]}}