{"id":8758,"date":"2023-03-30T14:11:22","date_gmt":"2023-03-30T12:11:22","guid":{"rendered":"https:\/\/facecorner.shop\/?post_type=product&#038;p=8758"},"modified":"2024-06-17T18:42:44","modified_gmt":"2024-06-17T16:42:44","slug":"marymay-collagen-peptide-vital-mask-30","status":"publish","type":"product","link":"https:\/\/www.facecorner.lv\/ru\/shop\/marymay-collagen-peptide-vital-mask-30\/","title":{"rendered":"Mary&#038;May Collagen Peptide Vital Mask 30"},"content":{"rendered":"<p>\u041d\u0430\u0431\u043e\u0440 \u0443\u0432\u043b\u0430\u0436\u043d\u044f\u044e\u0449\u0438\u0445 \u043b\u0438\u0444\u0442\u0438\u043d\u0433-\u043c\u0430\u0441\u043e\u043a \u0441 \u043f\u0435\u043f\u0442\u0438\u0434\u0430\u043c\u0438 Mary&amp;May Collagen Peptide Vital Mask \u043f\u043e\u0434\u0445\u043e\u0434\u0438\u0442 \u0434\u043b\u044f \u0435\u0436\u0435\u0434\u043d\u0435\u0432\u043d\u043e\u0433\u043e \u043f\u0440\u0438\u043c\u0435\u043d\u0435\u043d\u0438\u044f: \u043c\u0430\u0441\u043a\u0438 \u043f\u043e\u0432\u044b\u0448\u0430\u044e\u0442 \u0443\u043f\u0440\u0443\u0433\u043e\u0441\u0442\u044c \u0438 \u0433\u043b\u0430\u0434\u043a\u043e\u0441\u0442\u044c \u043a\u043e\u0436\u0438, \u0443\u043c\u0435\u043d\u044c\u0448\u0430\u044e\u0442 \u0433\u043b\u0443\u0431\u0438\u043d\u0443 \u043c\u043e\u0440\u0449\u0438\u043d \u0438 \u0438\u043d\u0442\u0435\u043d\u0441\u0438\u0432\u043d\u043e \u0443\u0432\u043b\u0430\u0436\u043d\u044f\u044e\u0442. \u0421\u043e\u0434\u0435\u0440\u0436\u0438\u0442 \u043a\u043e\u043c\u043f\u043b\u0435\u043a\u0441 \u0438\u0437 6 \u043f\u0435\u043f\u0442\u0438\u0434\u043e\u0432, \u043a\u043e\u043b\u043b\u0430\u0433\u0435\u043d \u0438 \u0430\u0434\u0435\u043d\u043e\u0437\u0438\u043d. \u0413\u0438\u043f\u043e\u0430\u043b\u043b\u0435\u0440\u0433\u0435\u043d\u043d\u044b\u0439 \u043f\u0440\u043e\u0434\u0443\u043a\u0442 \u043d\u0435 \u0442\u0435\u0441\u0442\u0438\u0440\u0443\u0435\u0442\u0441\u044f \u043d\u0430 \u0436\u0438\u0432\u043e\u0442\u043d\u044b\u0445 \u0438 \u043d\u0435 \u0432\u0440\u0435\u0434\u0438\u0442 \u043e\u043a\u0440\u0443\u0436\u0430\u044e\u0449\u0435\u0439 \u0441\u0440\u0435\u0434\u0435. \u0423\u0434\u043e\u0431\u043d\u0430\u044f \u0443\u043f\u0430\u043a\u043e\u0432\u043a\u0430 \u043f\u0440\u0435\u0434\u043e\u0442\u0432\u0440\u0430\u0449\u0430\u0435\u0442 \u0432\u044b\u0441\u044b\u0445\u0430\u043d\u0438\u0435 \u044d\u0441\u0441\u0435\u043d\u0446\u0438\u0438. \u0412 \u043a\u043e\u043c\u043f\u043b\u0435\u043a\u0442\u0435 \u0438\u0434\u0435\u0442 \u043f\u0438\u043d\u0446\u0435\u0442.<\/p>\n<p>\u041d\u0435 \u0441\u043e\u0434\u0435\u0440\u0436\u0438\u0442 \u043f\u0430\u0440\u0430\u0431\u0435\u043d\u043e\u0432, \u043c\u0438\u043d\u0435\u0440\u0430\u043b\u044c\u043d\u044b\u0445 \u043c\u0430\u0441\u0435\u043b, \u0441\u0438\u043d\u0442\u0435\u0442\u0438\u0447\u0435\u0441\u043a\u0438\u0445 \u043a\u0440\u0430\u0441\u0438\u0442\u0435\u043b\u0435\u0439 \u0438 \u0434\u0440\u0443\u0433\u0438\u0445 \u0432\u0440\u0435\u0434\u043d\u044b\u0445 \u0438\u043d\u0433\u0440\u0435\u0434\u0438\u0435\u043d\u0442\u043e\u0432.<\/p>\n<p>\u0411\u0438\u043e\u0440\u0430\u0437\u043b\u0430\u0433\u0430\u0435\u043c\u0430\u044f \u0442\u043a\u0430\u043d\u044c \u043d\u0435 \u043d\u0430\u043d\u043e\u0441\u0438\u0442 \u0432\u0440\u0435\u0434\u0430 \u043f\u0440\u0438\u0440\u043e\u0434\u0435, \u0430 \u0441\u043e\u0441\u0442\u0430\u0432 \u044d\u0441\u0441\u0435\u043d\u0446\u0438\u0438 \u043d\u0435 \u0442\u0435\u0441\u0442\u0438\u0440\u0443\u0435\u0442\u0441\u044f \u043d\u0430 \u0436\u0438\u0432\u043e\u0442\u043d\u044b\u0445 \u0438 \u043d\u0435 \u0441\u043e\u0434\u0435\u0440\u0436\u0438\u0442 \u043a\u043e\u043c\u043f\u043e\u043d\u0435\u043d\u0442\u043e\u0432, \u043e\u043f\u0430\u0441\u043d\u044b\u0445 \u0434\u043b\u044f \u043e\u043a\u0440\u0443\u0436\u0430\u044e\u0449\u0435\u0439 \u0441\u0440\u0435\u0434\u044b.<\/p>\n<p><strong>\u0421\u043f\u043e\u0441\u043e\u0431 \u043f\u0440\u0438\u043c\u0435\u043d\u0435\u043d\u0438\u044f:<\/strong> \u0438\u0441\u043f\u043e\u043b\u044c\u0437\u0443\u0439\u0442\u0435 \u043f\u0440\u043e\u0434\u0443\u043a\u0442 \u043f\u043e\u0441\u043b\u0435 \u043e\u0447\u0438\u0449\u0435\u043d\u0438\u044f \u0438 \u0442\u043e\u043d\u0438\u0437\u0438\u0440\u043e\u0432\u0430\u043d\u0438\u044f. \u041e\u0442\u043a\u0440\u043e\u0439\u0442\u0435 \u043a\u0440\u044b\u0448\u043a\u0443 \u0438 \u0437\u0430\u0449\u0438\u0442\u043d\u044b\u0439 \u043a\u043e\u043b\u043f\u0430\u0447\u043e\u043a, \u0432\u043e\u0437\u044c\u043c\u0438\u0442\u0435 \u043e\u0434\u043d\u0443 \u043c\u0430\u0441\u043a\u0443 \u0441 \u043f\u043e\u043c\u043e\u0449\u044c\u044e \u043f\u0438\u043d\u0446\u0435\u0442\u0430, \u043d\u0430\u043d\u0435\u0441\u0438\u0442\u0435 \u043d\u0430 \u043b\u0438\u0446\u043e \u043d\u0430 10\u201315 \u043c\u0438\u043d\u0443\u0442. \u0420\u0430\u0441\u043f\u0440\u0435\u0434\u0435\u043b\u0438\u0442\u0435 \u043e\u0441\u0442\u0430\u0442\u043a\u0438 \u044d\u0441\u0441\u0435\u043d\u0446\u0438\u0438 \u043f\u043e \u043a\u043e\u0436\u0435, \u0438\u0437\u0431\u0435\u0433\u0430\u044f \u043e\u0431\u043b\u0430\u0441\u0442\u0438 \u0432\u043e\u043a\u0440\u0443\u0433 \u0433\u043b\u0430\u0437 \u0438 \u0433\u0443\u0431. \u0420\u0435\u043a\u043e\u043c\u0435\u043d\u0434\u0443\u0435\u0442\u0441\u044f \u0445\u0440\u0430\u043d\u0438\u0442\u044c \u043d\u0430\u0431\u043e\u0440 \u0432 \u0445\u043e\u043b\u043e\u0434\u0438\u043b\u044c\u043d\u0438\u043a\u0435. \n\u0412\u043d\u0438\u043c\u0430\u043d\u0438\u0435! \u0417\u0430\u0449\u0438\u0442\u043d\u044b\u0439 \u043a\u043e\u043b\u043f\u0430\u0447\u043e\u043a \u043f\u0440\u0435\u0434\u043e\u0442\u0432\u0440\u0430\u0449\u0430\u0435\u0442 \u0432\u044b\u0441\u044b\u0445\u0430\u043d\u0438\u0435 \u044d\u0441\u0441\u0435\u043d\u0446\u0438\u0438, \u043a\u043e\u0442\u043e\u0440\u043e\u0439 \u043f\u0440\u043e\u043f\u0438\u0442\u0430\u043d\u044b \u043c\u0430\u0441\u043a\u0438, \u043d\u0435 \u043e\u0442\u0440\u044b\u0432\u0430\u0439\u0442\u0435 \u0435\u0433\u043e.<br \/>\nUzman\u012bbu! Aizsargv\u0101ci\u0146\u0161 ne\u013cauj iz\u017e\u016bt esencei, ar kuru maskas ir pies\u016bcin\u0101tas, nenopl\u0113st.<\/p>\n<p><strong>\u0421\u043e\u0441\u0442\u0430\u0432<\/strong>: Water, Glycerin, Dipropylene Glycol, Hydrolyzed Collagen, Hydroxyacetophenone, Polyglyceryl-10 Laurate, Arginine, Carbomer, Polyglyceryl-4 Laurate, Allantoin, Adenosine, Caprylyl\/Capryl Glucoside, Butylene Glycol, Fragrance, Hydroxyethylcellulose, Caprylyl Glycol, 1,2-Hexanediol, Collagen Extract, Soluble Collagen, Disodium EDTA, Ethylhexylglycerin, Copper Tripeptide-1, Hexapeptide-11, Hexapeptide-9, Palmitoyl Pentapeptide-4, Palmitoyl Tripeptide-1, Tripeptide-1<\/p>","protected":false},"excerpt":{"rendered":"<p>Mitrino\u0161u liftinga masku komplekts ar Mary&amp;May Collagen Peptide Vital Mask pept\u012bdiem ir piem\u0113rots ikdienas lieto\u0161anai: maskas paaugstina \u0101das elast\u012bbu un gludumu, samazina grumbu dzi\u013cumu un intens\u012bvi mitrina. Satur 6 pept\u012bdu, kolag\u0113na un adenoz\u012bna kompleksu. Hipoaler\u0123iskais produkts nav test\u0113ts uz dz\u012bvniekiem un nekait\u0113 videi. \u0112rts iepakojums ne\u013cauj esencei iz\u017e\u016bt. Komplekt\u0101 n\u0101k pincete. Nesatur parab\u0113nus, miner\u0101le\u013c\u013cas, sint\u0113tiskas [&hellip;]<\/p>\n","protected":false},"featured_media":8759,"comment_status":"open","ping_status":"closed","template":"","meta":{"site-sidebar-layout":"default","site-content-layout":"","ast-site-content-layout":"","site-content-style":"default","site-sidebar-style":"default","ast-global-header-display":"","ast-banner-title-visibility":"","ast-main-header-display":"","ast-hfb-above-header-display":"","ast-hfb-below-header-display":"","ast-hfb-mobile-header-display":"","site-post-title":"","ast-breadcrumbs-content":"","ast-featured-img":"","footer-sml-layout":"","theme-transparent-header-meta":"","adv-header-id-meta":"","stick-header-meta":"","header-above-stick-meta":"","header-main-stick-meta":"","header-below-stick-meta":"","astra-migrate-meta-layouts":"default","ast-page-background-enabled":"default","ast-page-background-meta":{"desktop":{"background-color":"var(--ast-global-color-4)","background-image":"","background-repeat":"repeat","background-position":"center center","background-size":"auto","background-attachment":"scroll","background-type":"","background-media":"","overlay-type":"","overlay-color":"","overlay-opacity":"","overlay-gradient":""},"tablet":{"background-color":"","background-image":"","background-repeat":"repeat","background-position":"center center","background-size":"auto","background-attachment":"scroll","background-type":"","background-media":"","overlay-type":"","overlay-color":"","overlay-opacity":"","overlay-gradient":""},"mobile":{"background-color":"","background-image":"","background-repeat":"repeat","background-position":"center center","background-size":"auto","background-attachment":"scroll","background-type":"","background-media":"","overlay-type":"","overlay-color":"","overlay-opacity":"","overlay-gradient":""}},"ast-content-background-meta":{"desktop":{"background-color":"var(--ast-global-color-5)","background-image":"","background-repeat":"repeat","background-position":"center center","background-size":"auto","background-attachment":"scroll","background-type":"","background-media":"","overlay-type":"","overlay-color":"","overlay-opacity":"","overlay-gradient":""},"tablet":{"background-color":"var(--ast-global-color-5)","background-image":"","background-repeat":"repeat","background-position":"center center","background-size":"auto","background-attachment":"scroll","background-type":"","background-media":"","overlay-type":"","overlay-color":"","overlay-opacity":"","overlay-gradient":""},"mobile":{"background-color":"var(--ast-global-color-5)","background-image":"","background-repeat":"repeat","background-position":"center center","background-size":"auto","background-attachment":"scroll","background-type":"","background-media":"","overlay-type":"","overlay-color":"","overlay-opacity":"","overlay-gradient":""}}},"product_brand":[],"product_cat":[324,315,307],"product_tag":[],"berocket_brand":[],"class_list":{"0":"post-8758","1":"product","2":"type-product","3":"status-publish","4":"has-post-thumbnail","6":"product_cat-auduma","7":"product_cat-maskas","8":"product_cat-sejai","9":"desktop-align-left","10":"tablet-align-left","11":"mobile-align-left","13":"first","14":"outofstock","15":"taxable","16":"shipping-taxable","17":"purchasable","18":"product-type-simple","19":"add-to-wishlist-before_image"},"yoast_head":"<!-- This site is optimized with the Yoast SEO plugin v27.4 - https:\/\/yoast.com\/product\/yoast-seo-wordpress\/ -->\n<title>Mary&amp;May Collagen Peptide Vital Mask 30 - FACECORNER<\/title>\n<meta name=\"robots\" content=\"index, follow, max-snippet:-1, max-image-preview:large, max-video-preview:-1\" \/>\n<link rel=\"canonical\" href=\"https:\/\/www.facecorner.lv\/ru\/shop\/marymay-collagen-peptide-vital-mask-30\/\" \/>\n<meta property=\"og:locale\" content=\"ru_RU\" \/>\n<meta property=\"og:type\" content=\"article\" \/>\n<meta property=\"og:title\" content=\"Mary&amp;May Collagen Peptide Vital Mask 30 - FACECORNER\" \/>\n<meta property=\"og:description\" content=\"Mitrino\u0161u liftinga masku komplekts ar Mary&amp;May Collagen Peptide Vital Mask pept\u012bdiem ir piem\u0113rots ikdienas lieto\u0161anai: maskas paaugstina \u0101das elast\u012bbu un gludumu, samazina grumbu dzi\u013cumu un intens\u012bvi mitrina. Satur 6 pept\u012bdu, kolag\u0113na un adenoz\u012bna kompleksu. Hipoaler\u0123iskais produkts nav test\u0113ts uz dz\u012bvniekiem un nekait\u0113 videi. \u0112rts iepakojums ne\u013cauj esencei iz\u017e\u016bt. Komplekt\u0101 n\u0101k pincete. Nesatur parab\u0113nus, miner\u0101le\u013c\u013cas, sint\u0113tiskas [&hellip;]\" \/>\n<meta property=\"og:url\" content=\"https:\/\/www.facecorner.lv\/ru\/shop\/marymay-collagen-peptide-vital-mask-30\/\" \/>\n<meta property=\"og:site_name\" content=\"FACECORNER\" \/>\n<meta property=\"article:publisher\" content=\"https:\/\/www.facebook.com\/profile.php?id=100063824551839\" \/>\n<meta property=\"article:modified_time\" content=\"2024-06-17T16:42:44+00:00\" \/>\n<meta property=\"og:image\" content=\"https:\/\/www.facecorner.lv\/wp-content\/uploads\/2023\/03\/12331.jpeg\" \/>\n\t<meta property=\"og:image:width\" content=\"1000\" \/>\n\t<meta property=\"og:image:height\" content=\"1000\" \/>\n\t<meta property=\"og:image:type\" content=\"image\/jpeg\" \/>\n<meta name=\"twitter:card\" content=\"summary_large_image\" \/>\n<meta name=\"twitter:label1\" content=\"\u0426\u0435\u043d\u0430\" \/>\n\t<meta name=\"twitter:data1\" content=\"&euro;30.00\" \/>\n\t<meta name=\"twitter:label2\" content=\"\u0414\u043e\u0441\u0442\u0443\u043f\u043d\u043e\u0441\u0442\u044c\" \/>\n\t<meta name=\"twitter:data2\" content=\"\u0420\u0430\u0441\u043f\u0440\u043e\u0434\u0430\u043d\u043e\" \/>\n<script type=\"application\/ld+json\" class=\"yoast-schema-graph\">{\"@context\":\"https:\\\/\\\/schema.org\",\"@graph\":[{\"@type\":\"WebPage\",\"@id\":\"https:\\\/\\\/www.facecorner.lv\\\/shop\\\/marymay-collagen-peptide-vital-mask-30\\\/\",\"url\":\"https:\\\/\\\/www.facecorner.lv\\\/shop\\\/marymay-collagen-peptide-vital-mask-30\\\/\",\"name\":\"Mary&May Collagen Peptide Vital Mask 30 - FACECORNER\",\"isPartOf\":{\"@id\":\"https:\\\/\\\/www.facecorner.lv\\\/#website\"},\"primaryImageOfPage\":{\"@id\":\"https:\\\/\\\/www.facecorner.lv\\\/shop\\\/marymay-collagen-peptide-vital-mask-30\\\/#primaryimage\"},\"image\":{\"@id\":\"https:\\\/\\\/www.facecorner.lv\\\/shop\\\/marymay-collagen-peptide-vital-mask-30\\\/#primaryimage\"},\"thumbnailUrl\":\"https:\\\/\\\/www.facecorner.lv\\\/wp-content\\\/uploads\\\/2023\\\/03\\\/12331.jpeg\",\"datePublished\":\"2023-03-30T12:11:22+00:00\",\"dateModified\":\"2024-06-17T16:42:44+00:00\",\"breadcrumb\":{\"@id\":\"https:\\\/\\\/www.facecorner.lv\\\/shop\\\/marymay-collagen-peptide-vital-mask-30\\\/#breadcrumb\"},\"inLanguage\":\"ru-RU\",\"potentialAction\":[{\"@type\":\"ReadAction\",\"target\":[\"https:\\\/\\\/www.facecorner.lv\\\/shop\\\/marymay-collagen-peptide-vital-mask-30\\\/\"]}]},{\"@type\":\"ImageObject\",\"inLanguage\":\"ru-RU\",\"@id\":\"https:\\\/\\\/www.facecorner.lv\\\/shop\\\/marymay-collagen-peptide-vital-mask-30\\\/#primaryimage\",\"url\":\"https:\\\/\\\/www.facecorner.lv\\\/wp-content\\\/uploads\\\/2023\\\/03\\\/12331.jpeg\",\"contentUrl\":\"https:\\\/\\\/www.facecorner.lv\\\/wp-content\\\/uploads\\\/2023\\\/03\\\/12331.jpeg\",\"width\":1000,\"height\":1000},{\"@type\":\"BreadcrumbList\",\"@id\":\"https:\\\/\\\/www.facecorner.lv\\\/shop\\\/marymay-collagen-peptide-vital-mask-30\\\/#breadcrumb\",\"itemListElement\":[{\"@type\":\"ListItem\",\"position\":1,\"name\":\"Home\",\"item\":\"https:\\\/\\\/www.facecorner.lv\\\/\"},{\"@type\":\"ListItem\",\"position\":2,\"name\":\"Veikals\",\"item\":\"https:\\\/\\\/www.facecorner.lv\\\/shop\\\/\"},{\"@type\":\"ListItem\",\"position\":3,\"name\":\"Mary&#038;May Collagen Peptide Vital Mask 30\"}]},{\"@type\":\"WebSite\",\"@id\":\"https:\\\/\\\/www.facecorner.lv\\\/#website\",\"url\":\"https:\\\/\\\/www.facecorner.lv\\\/\",\"name\":\"Facecorner\",\"description\":\"\",\"publisher\":{\"@id\":\"https:\\\/\\\/www.facecorner.lv\\\/#organization\"},\"potentialAction\":[{\"@type\":\"SearchAction\",\"target\":{\"@type\":\"EntryPoint\",\"urlTemplate\":\"https:\\\/\\\/www.facecorner.lv\\\/?s={search_term_string}\"},\"query-input\":{\"@type\":\"PropertyValueSpecification\",\"valueRequired\":true,\"valueName\":\"search_term_string\"}}],\"inLanguage\":\"ru-RU\"},{\"@type\":\"Organization\",\"@id\":\"https:\\\/\\\/www.facecorner.lv\\\/#organization\",\"name\":\"Facecorner\",\"url\":\"https:\\\/\\\/www.facecorner.lv\\\/\",\"logo\":{\"@type\":\"ImageObject\",\"inLanguage\":\"ru-RU\",\"@id\":\"https:\\\/\\\/www.facecorner.lv\\\/#\\\/schema\\\/logo\\\/image\\\/\",\"url\":\"https:\\\/\\\/www.facecorner.lv\\\/wp-content\\\/uploads\\\/2024\\\/04\\\/fc-logo.jpg\",\"contentUrl\":\"https:\\\/\\\/www.facecorner.lv\\\/wp-content\\\/uploads\\\/2024\\\/04\\\/fc-logo.jpg\",\"width\":174,\"height\":28,\"caption\":\"Facecorner\"},\"image\":{\"@id\":\"https:\\\/\\\/www.facecorner.lv\\\/#\\\/schema\\\/logo\\\/image\\\/\"},\"sameAs\":[\"https:\\\/\\\/www.facebook.com\\\/profile.php?id=100063824551839\",\"https:\\\/\\\/www.instagram.com\\\/facecorner_shop\\\/\"]}]}<\/script>\n<meta property=\"product:price:amount\" content=\"30.00\" \/>\n<meta property=\"product:price:currency\" content=\"EUR\" \/>\n<meta property=\"og:availability\" content=\"out of stock\" \/>\n<meta property=\"product:availability\" content=\"out of stock\" \/>\n<meta property=\"product:condition\" content=\"new\" \/>\n<!-- \/ Yoast SEO plugin. -->","yoast_head_json":{"title":"Mary&May Collagen Peptide Vital Mask 30 - FACECORNER","robots":{"index":"index","follow":"follow","max-snippet":"max-snippet:-1","max-image-preview":"max-image-preview:large","max-video-preview":"max-video-preview:-1"},"canonical":"https:\/\/www.facecorner.lv\/ru\/shop\/marymay-collagen-peptide-vital-mask-30\/","og_locale":"ru_RU","og_type":"article","og_title":"Mary&May Collagen Peptide Vital Mask 30 - FACECORNER","og_description":"Mitrino\u0161u liftinga masku komplekts ar Mary&amp;May Collagen Peptide Vital Mask pept\u012bdiem ir piem\u0113rots ikdienas lieto\u0161anai: maskas paaugstina \u0101das elast\u012bbu un gludumu, samazina grumbu dzi\u013cumu un intens\u012bvi mitrina. Satur 6 pept\u012bdu, kolag\u0113na un adenoz\u012bna kompleksu. Hipoaler\u0123iskais produkts nav test\u0113ts uz dz\u012bvniekiem un nekait\u0113 videi. \u0112rts iepakojums ne\u013cauj esencei iz\u017e\u016bt. Komplekt\u0101 n\u0101k pincete. Nesatur parab\u0113nus, miner\u0101le\u013c\u013cas, sint\u0113tiskas [&hellip;]","og_url":"https:\/\/www.facecorner.lv\/ru\/shop\/marymay-collagen-peptide-vital-mask-30\/","og_site_name":"FACECORNER","article_publisher":"https:\/\/www.facebook.com\/profile.php?id=100063824551839","article_modified_time":"2024-06-17T16:42:44+00:00","og_image":[{"width":1000,"height":1000,"url":"https:\/\/www.facecorner.lv\/wp-content\/uploads\/2023\/03\/12331.jpeg","type":"image\/jpeg"}],"twitter_card":"summary_large_image","twitter_misc":{"\u0426\u0435\u043d\u0430":"&euro;30.00","\u0414\u043e\u0441\u0442\u0443\u043f\u043d\u043e\u0441\u0442\u044c":"\u0420\u0430\u0441\u043f\u0440\u043e\u0434\u0430\u043d\u043e"},"schema":{"@context":"https:\/\/schema.org","@graph":[{"@type":"WebPage","@id":"https:\/\/www.facecorner.lv\/shop\/marymay-collagen-peptide-vital-mask-30\/","url":"https:\/\/www.facecorner.lv\/shop\/marymay-collagen-peptide-vital-mask-30\/","name":"Mary&May Collagen Peptide Vital Mask 30 - FACECORNER","isPartOf":{"@id":"https:\/\/www.facecorner.lv\/#website"},"primaryImageOfPage":{"@id":"https:\/\/www.facecorner.lv\/shop\/marymay-collagen-peptide-vital-mask-30\/#primaryimage"},"image":{"@id":"https:\/\/www.facecorner.lv\/shop\/marymay-collagen-peptide-vital-mask-30\/#primaryimage"},"thumbnailUrl":"https:\/\/www.facecorner.lv\/wp-content\/uploads\/2023\/03\/12331.jpeg","datePublished":"2023-03-30T12:11:22+00:00","dateModified":"2024-06-17T16:42:44+00:00","breadcrumb":{"@id":"https:\/\/www.facecorner.lv\/shop\/marymay-collagen-peptide-vital-mask-30\/#breadcrumb"},"inLanguage":"ru-RU","potentialAction":[{"@type":"ReadAction","target":["https:\/\/www.facecorner.lv\/shop\/marymay-collagen-peptide-vital-mask-30\/"]}]},{"@type":"ImageObject","inLanguage":"ru-RU","@id":"https:\/\/www.facecorner.lv\/shop\/marymay-collagen-peptide-vital-mask-30\/#primaryimage","url":"https:\/\/www.facecorner.lv\/wp-content\/uploads\/2023\/03\/12331.jpeg","contentUrl":"https:\/\/www.facecorner.lv\/wp-content\/uploads\/2023\/03\/12331.jpeg","width":1000,"height":1000},{"@type":"BreadcrumbList","@id":"https:\/\/www.facecorner.lv\/shop\/marymay-collagen-peptide-vital-mask-30\/#breadcrumb","itemListElement":[{"@type":"ListItem","position":1,"name":"Home","item":"https:\/\/www.facecorner.lv\/"},{"@type":"ListItem","position":2,"name":"Veikals","item":"https:\/\/www.facecorner.lv\/shop\/"},{"@type":"ListItem","position":3,"name":"Mary&#038;May Collagen Peptide Vital Mask 30"}]},{"@type":"WebSite","@id":"https:\/\/www.facecorner.lv\/#website","url":"https:\/\/www.facecorner.lv\/","name":"Facecorner","description":"","publisher":{"@id":"https:\/\/www.facecorner.lv\/#organization"},"potentialAction":[{"@type":"SearchAction","target":{"@type":"EntryPoint","urlTemplate":"https:\/\/www.facecorner.lv\/?s={search_term_string}"},"query-input":{"@type":"PropertyValueSpecification","valueRequired":true,"valueName":"search_term_string"}}],"inLanguage":"ru-RU"},{"@type":"Organization","@id":"https:\/\/www.facecorner.lv\/#organization","name":"Facecorner","url":"https:\/\/www.facecorner.lv\/","logo":{"@type":"ImageObject","inLanguage":"ru-RU","@id":"https:\/\/www.facecorner.lv\/#\/schema\/logo\/image\/","url":"https:\/\/www.facecorner.lv\/wp-content\/uploads\/2024\/04\/fc-logo.jpg","contentUrl":"https:\/\/www.facecorner.lv\/wp-content\/uploads\/2024\/04\/fc-logo.jpg","width":174,"height":28,"caption":"Facecorner"},"image":{"@id":"https:\/\/www.facecorner.lv\/#\/schema\/logo\/image\/"},"sameAs":["https:\/\/www.facebook.com\/profile.php?id=100063824551839","https:\/\/www.instagram.com\/facecorner_shop\/"]}]},"product_price_amount":"30.00","product_price_currency":"EUR","og_availability":"out of stock","product_availability":"out of stock","product_condition":"new"},"_links":{"self":[{"href":"https:\/\/www.facecorner.lv\/ru\/wp-json\/wp\/v2\/product\/8758","targetHints":{"allow":["GET"]}}],"collection":[{"href":"https:\/\/www.facecorner.lv\/ru\/wp-json\/wp\/v2\/product"}],"about":[{"href":"https:\/\/www.facecorner.lv\/ru\/wp-json\/wp\/v2\/types\/product"}],"replies":[{"embeddable":true,"href":"https:\/\/www.facecorner.lv\/ru\/wp-json\/wp\/v2\/comments?post=8758"}],"wp:featuredmedia":[{"embeddable":true,"href":"https:\/\/www.facecorner.lv\/ru\/wp-json\/wp\/v2\/media\/8759"}],"wp:attachment":[{"href":"https:\/\/www.facecorner.lv\/ru\/wp-json\/wp\/v2\/media?parent=8758"}],"wp:term":[{"taxonomy":"product_brand","embeddable":true,"href":"https:\/\/www.facecorner.lv\/ru\/wp-json\/wp\/v2\/product_brand?post=8758"},{"taxonomy":"product_cat","embeddable":true,"href":"https:\/\/www.facecorner.lv\/ru\/wp-json\/wp\/v2\/product_cat?post=8758"},{"taxonomy":"product_tag","embeddable":true,"href":"https:\/\/www.facecorner.lv\/ru\/wp-json\/wp\/v2\/product_tag?post=8758"},{"taxonomy":"berocket_brand","embeddable":true,"href":"https:\/\/www.facecorner.lv\/ru\/wp-json\/wp\/v2\/berocket_brand?post=8758"}],"curies":[{"name":"wp","href":"https:\/\/api.w.org\/{rel}","templated":true}]}}