{"id":8755,"date":"2023-03-30T14:05:07","date_gmt":"2023-03-30T12:05:07","guid":{"rendered":"https:\/\/facecorner.shop\/?post_type=product&#038;p=8755"},"modified":"2026-05-05T13:06:27","modified_gmt":"2026-05-05T10:06:27","slug":"dalba-waterfull-uv-essence-tone-up-sun-cream-spf50-pa-50ml","status":"publish","type":"product","link":"https:\/\/www.facecorner.lv\/ru\/shop\/dalba-waterfull-uv-essence-tone-up-sun-cream-spf50-pa-50ml\/","title":{"rendered":"D'Alba Waterfull UV Essence Tone-Up Sun Cream SPF50 50ml"},"content":{"rendered":"<p>D\u2019Alba Waterfull UV Essence Tone-Up Sun Cream SPF50 \u0422\u043e\u043d\u0438\u0440\u0443\u044e\u0449\u0438\u0439 \u0441\u043e\u043b\u043d\u0446\u0435\u0437\u0430\u0449\u0438\u0442\u043d\u044b\u0439 \u043a\u0440\u0435\u043c \u0441 \u0432\u044b\u0441\u043e\u043a\u0438\u043c spf 57,3 (\u00b18,9), \u0437\u0430\u0449\u0438\u0442\u043e\u0439 \u043e\u0442 UVB-\u043b\u0443\u0447\u0435\u0439 \u0438 PFA 19,70 (\u00b12,5 PA++++), \u0437\u0430\u0449\u0438\u0442\u043e\u0439 \u043e\u0442 UVA-\u043b\u0443\u0447\u0435\u0439.\n\n\u0412\u044b\u0441\u043e\u043a\u043e\u0443\u0432\u043b\u0430\u0436\u043d\u044f\u044e\u0449\u0435\u0435 \u0441\u043e\u043b\u043d\u0446\u0435\u0437\u0430\u0449\u0438\u0442\u043d\u043e\u0435 \u0441\u0440\u0435\u0434\u0441\u0442\u0432\u043e, \u043a\u043e\u0442\u043e\u0440\u043e\u0435 \u043e\u0441\u0432\u0435\u0442\u043b\u044f\u0435\u0442 \u0442\u043e\u043d \u0432\u0430\u0448\u0435\u0439 \u043a\u043e\u0436\u0438 \u0438 \u043f\u0440\u0438\u0434\u0430\u0435\u0442 \u0441\u0438\u044f\u043d\u0438\u0435.\n\n\u0421\u0440\u0435\u0434\u0441\u0442\u0432\u043e \u043d\u0430 100% \u0433\u0438\u043f\u043e\u0430\u043b\u043b\u0435\u0440\u0433\u0435\u043d\u043d\u043e, \u043f\u043e\u0434\u043e\u0439\u0434\u0435\u0442 \u0434\u043b\u044f \u043a\u043e\u0436\u0438 \u0441 \u043f\u043e\u0432\u044b\u0448\u0435\u043d\u043d\u043e\u0439 \u0447\u0443\u0432\u0441\u0442\u0432\u0438\u0442\u0435\u043b\u044c\u043d\u043e\u0441\u0442\u044c\u044e. \u041a\u0440\u0435\u043c \u0437\u0430\u0449\u0438\u0449\u0430\u0435\u0442 \u043a\u043e\u0436\u0443 \u043e\u0442 \u0444\u043e\u0442\u043e\u0441\u0442\u0430\u0440\u0435\u043d\u0438\u044f, \u043f\u0440\u0438\u044f\u0442\u043d\u043e \u043e\u0441\u0432\u0435\u0436\u0430\u0435\u0442, \u0434\u0435\u043b\u0430\u0435\u0442 \u0435\u0451 \u043c\u044f\u0433\u043a\u043e\u0439 \u0438 \u0433\u043b\u0430\u0434\u043a\u043e\u0439. \u0421\u043e\u0441\u0442\u0430\u0432 \u0441\u0440\u0435\u0434\u0441\u0442\u0432\u0430 \u043e\u0431\u043e\u0433\u0430\u0449\u0435\u043d \u043a\u043e\u043c\u043f\u043b\u0435\u043a\u0441\u043e\u043c \u0443\u0432\u043b\u0430\u0436\u043d\u044f\u044e\u0449\u0438\u0445 \u0438 \u0442\u043e\u043d\u0438\u0437\u0438\u0440\u0443\u044e\u0449\u0438\u0445 \u043a\u043e\u0436\u0443 \u043a\u043e\u043c\u043f\u043e\u043d\u0435\u043d\u0442\u043e\u0432.<\/p>\n<p><strong>\u0421\u043f\u043e\u0441\u043e\u0431 \u043f\u0440\u0438\u043c\u0435\u043d\u0435\u043d\u0438\u044f:<\/strong>\u043d\u0430\u043d\u0435\u0441\u0438\u0442\u0435 \u043d\u0430 \u043a\u043e\u0436\u0443 \u043b\u0438\u0446\u0430 \u0437\u0430 20 \u043c\u0438\u043d\u0443\u0442 \u0434\u043e \u0432\u044b\u0445\u043e\u0434\u0430 \u043d\u0430 \u0443\u043b\u0438\u0446\u0443. \u0414\u0430\u0439\u0442\u0435 \u0432\u043f\u0438\u0442\u0430\u0442\u044c\u0441\u044f.  \u041e\u0431\u043d\u043e\u0432\u043b\u044f\u0439\u0442\u0435 \u043f\u043e\u043a\u0440\u044b\u0442\u0438\u0435 \u043a\u0430\u0436\u0434\u044b\u0435 4 \u0447\u0430\u0441\u0430.<\/p>\n<p><strong>\u0421\u043e\u0441\u0442\u0430\u0432\u00a0<\/strong>Water, Dibutyl Adipate, Propanediol, Titanium Dioxide, Caprylic\/Capric Triglyceride, C12-15 Alkyl Benzoate, Diethylamino Hydroxybenzoyl Hexyl Benzoate, Caprylyl Methicone, Ethylhexyl Triazone, Niacinamide, Glycerin, Diethylhexyl Butamido Triazone, 1,2-Hexanediol, Pentylene Glycol, Portulaca Oleracea Extract, Epilobium Angustifolium Flower\/Leaf\/Stem Extract, Rhododendron Ferrugineum Extract, Centella Asiatica Extract, Prunus Persica (Peach) Flower Extract, Prunus Persica (Peach) Fruit Extract, Prunus Serrulata Flower Extract, Aloe Barbadensis Leaf Extract, Houttuynia Cordata Extract, Tuber Magnatum Extract, Citrus Aurantium Dulcis (Orange) Oil, Citrus Nobilis (Mandarin Orange) Peel Oil, Sodium Hyaluronate, Litsea Cubeba Fruit Oil, Rosa Damascena Flower Water, Betula Platyphylla Japonica Juice, Panthenol, Polyhydroxystearic Acid, Dimethicone\/Vinyl Dimethicone Crosspolymer, VP\/Eicosene Copolymer, Dimethiconol, Trisiloxane, Coco-Caprylate\/Caprate, Stearic Acid, Sodium Polyacryloyldimethyl Taurate, Ammonium Polyacryloyldimethyl Taurate, Alumina, Hydroxypropyl Methylcellulose Stearoxy Ether, Dicaprylyl Carbonate, Xanthan Gum, Ethylhexylglycerin, Adenosine, Sodium Polyacrylate, Triethoxycaprylylsilane, t-Butyl Alcohol, PVM\/MA Copolymer, Polyether-1, Hydrolyzed Hyaluronic Acid, Allantoin, Butylene Glycol, Tocopherol, Disodium Phosphate, Citric Acid, Caprylyl Glycol, Iron Oxides(CI 77492), Iron Oxides(CI 77491), Limonene, Citral.<\/p>","protected":false},"excerpt":{"rendered":"<p>D\u2019Alba Waterfull UV Essence Tone-Up Sun Cream SPF50 \u0412\u044b\u0441\u043e\u043a\u043e\u0443\u0432\u043b\u0430\u0436\u043d\u044f\u044e\u0449\u0435\u0435 \u0441\u043e\u043b\u043d\u0446\u0435\u0437\u0430\u0449\u0438\u0442\u043d\u043e\u0435 \u0441\u0440\u0435\u0434\u0441\u0442\u0432\u043e, \u043a\u043e\u0442\u043e\u0440\u043e\u0435 \u043e\u0441\u0432\u0435\u0442\u043b\u044f\u0435\u0442 \u0442\u043e\u043d \u0432\u0430\u0448\u0435\u0439 \u043a\u043e\u0436\u0438 \u0438 \u043f\u0440\u0438\u0434\u0430\u0435\u0442 \u0441\u0438\u044f\u043d\u0438\u0435. \u0421\u0440\u0435\u0434\u0441\u0442\u0432\u043e \u043d\u0430 100% \u0433\u0438\u043f\u043e\u0430\u043b\u043b\u0435\u0440\u0433\u0435\u043d\u043d\u043e, \u043f\u043e\u0434\u043e\u0439\u0434\u0435\u0442 \u0434\u043b\u044f \u043a\u043e\u0436\u0438 \u0441 \u043f\u043e\u0432\u044b\u0448\u0435\u043d\u043d\u043e\u0439 \u0447\u0443\u0432\u0441\u0442\u0432\u0438\u0442\u0435\u043b\u044c\u043d\u043e\u0441\u0442\u044c\u044e.<\/p>","protected":false},"featured_media":8756,"comment_status":"open","ping_status":"closed","template":"","meta":{"site-sidebar-layout":"default","site-content-layout":"","ast-site-content-layout":"","site-content-style":"default","site-sidebar-style":"default","ast-global-header-display":"","ast-banner-title-visibility":"","ast-main-header-display":"","ast-hfb-above-header-display":"","ast-hfb-below-header-display":"","ast-hfb-mobile-header-display":"","site-post-title":"","ast-breadcrumbs-content":"","ast-featured-img":"","footer-sml-layout":"","theme-transparent-header-meta":"","adv-header-id-meta":"","stick-header-meta":"","header-above-stick-meta":"","header-main-stick-meta":"","header-below-stick-meta":"","astra-migrate-meta-layouts":"default","ast-page-background-enabled":"default","ast-page-background-meta":{"desktop":{"background-color":"var(--ast-global-color-4)","background-image":"","background-repeat":"repeat","background-position":"center center","background-size":"auto","background-attachment":"scroll","background-type":"","background-media":"","overlay-type":"","overlay-color":"","overlay-opacity":"","overlay-gradient":""},"tablet":{"background-color":"","background-image":"","background-repeat":"repeat","background-position":"center center","background-size":"auto","background-attachment":"scroll","background-type":"","background-media":"","overlay-type":"","overlay-color":"","overlay-opacity":"","overlay-gradient":""},"mobile":{"background-color":"","background-image":"","background-repeat":"repeat","background-position":"center center","background-size":"auto","background-attachment":"scroll","background-type":"","background-media":"","overlay-type":"","overlay-color":"","overlay-opacity":"","overlay-gradient":""}},"ast-content-background-meta":{"desktop":{"background-color":"var(--ast-global-color-5)","background-image":"","background-repeat":"repeat","background-position":"center center","background-size":"auto","background-attachment":"scroll","background-type":"","background-media":"","overlay-type":"","overlay-color":"","overlay-opacity":"","overlay-gradient":""},"tablet":{"background-color":"var(--ast-global-color-5)","background-image":"","background-repeat":"repeat","background-position":"center center","background-size":"auto","background-attachment":"scroll","background-type":"","background-media":"","overlay-type":"","overlay-color":"","overlay-opacity":"","overlay-gradient":""},"mobile":{"background-color":"var(--ast-global-color-5)","background-image":"","background-repeat":"repeat","background-position":"center center","background-size":"auto","background-attachment":"scroll","background-type":"","background-media":"","overlay-type":"","overlay-color":"","overlay-opacity":"","overlay-gradient":""}}},"product_brand":[],"product_cat":[360,307,362,512],"product_tag":[],"berocket_brand":[572],"class_list":{"0":"post-8755","1":"product","2":"type-product","3":"status-publish","4":"has-post-thumbnail","6":"product_cat-saules-aizsarglidzekli","7":"product_cat-sejai","8":"product_cat-sejas-krems","9":"product_cat-spf","10":"berocket_brand-dalba","11":"desktop-align-left","12":"tablet-align-left","13":"mobile-align-left","15":"first","16":"instock","17":"sale","18":"taxable","19":"shipping-taxable","20":"purchasable","21":"product-type-simple","22":"add-to-wishlist-before_image"},"yoast_head":"<!-- This site is optimized with the Yoast SEO plugin v27.4 - https:\/\/yoast.com\/product\/yoast-seo-wordpress\/ -->\n<title>D&#039;Alba Waterfull UV Essence Tone-Up Sun Cream SPF50 50ml - FACECORNER<\/title>\n<meta name=\"description\" content=\"D&#039;Alba Waterfull UV Essence Tone-Up Sun Cream SPF50\/PA Izgaismojo\u0161s sau\u013co\u0161an\u0101s l\u012bdzeklis ar vieglu tekst\u016bru, kas nodro\u0161ina aizsardz\u012bbu pret UVA, UVB stariem\" \/>\n<meta name=\"robots\" content=\"index, follow, max-snippet:-1, max-image-preview:large, max-video-preview:-1\" \/>\n<link rel=\"canonical\" href=\"https:\/\/www.facecorner.lv\/ru\/shop\/dalba-waterfull-uv-essence-tone-up-sun-cream-spf50-pa-50ml\/\" \/>\n<meta property=\"og:locale\" content=\"ru_RU\" \/>\n<meta property=\"og:type\" content=\"article\" \/>\n<meta property=\"og:title\" content=\"D&#039;Alba Waterfull UV Essence Tone-Up Sun Cream SPF50 50ml - FACECORNER\" \/>\n<meta property=\"og:description\" content=\"D&#039;Alba Waterfull UV Essence Tone-Up Sun Cream SPF50\/PA Izgaismojo\u0161s sau\u013co\u0161an\u0101s l\u012bdzeklis ar vieglu tekst\u016bru, kas nodro\u0161ina aizsardz\u012bbu pret UVA, UVB stariem\" \/>\n<meta property=\"og:url\" content=\"https:\/\/www.facecorner.lv\/ru\/shop\/dalba-waterfull-uv-essence-tone-up-sun-cream-spf50-pa-50ml\/\" \/>\n<meta property=\"og:site_name\" content=\"FACECORNER\" \/>\n<meta property=\"article:publisher\" content=\"https:\/\/www.facebook.com\/profile.php?id=100063824551839\" \/>\n<meta property=\"article:modified_time\" content=\"2026-05-05T10:06:27+00:00\" \/>\n<meta property=\"og:image\" content=\"https:\/\/www.facecorner.lv\/wp-content\/uploads\/2023\/03\/d-alba-uv-essence-waterfull-tone-up-sun-cream-spf50-pa-50ml-882.jpg\" \/>\n\t<meta property=\"og:image:width\" content=\"1000\" \/>\n\t<meta property=\"og:image:height\" content=\"1000\" \/>\n\t<meta property=\"og:image:type\" content=\"image\/jpeg\" \/>\n<meta name=\"twitter:card\" content=\"summary_large_image\" \/>\n<meta name=\"twitter:label1\" content=\"\u0426\u0435\u043d\u0430\" \/>\n\t<meta name=\"twitter:data1\" content=\"&euro;37.50\" \/>\n\t<meta name=\"twitter:label2\" content=\"\u0414\u043e\u0441\u0442\u0443\u043f\u043d\u043e\u0441\u0442\u044c\" \/>\n\t<meta name=\"twitter:data2\" content=\"\u0412 \u043d\u0430\u043b\u0438\u0447\u0438\u0438\" \/>\n<script type=\"application\/ld+json\" class=\"yoast-schema-graph\">{\"@context\":\"https:\\\/\\\/schema.org\",\"@graph\":[{\"@type\":\"WebPage\",\"@id\":\"https:\\\/\\\/www.facecorner.lv\\\/shop\\\/dalba-waterfull-uv-essence-tone-up-sun-cream-spf50-pa-50ml\\\/\",\"url\":\"https:\\\/\\\/www.facecorner.lv\\\/shop\\\/dalba-waterfull-uv-essence-tone-up-sun-cream-spf50-pa-50ml\\\/\",\"name\":\"D'Alba Waterfull UV Essence Tone-Up Sun Cream SPF50 50ml - FACECORNER\",\"isPartOf\":{\"@id\":\"https:\\\/\\\/www.facecorner.lv\\\/#website\"},\"primaryImageOfPage\":{\"@id\":\"https:\\\/\\\/www.facecorner.lv\\\/shop\\\/dalba-waterfull-uv-essence-tone-up-sun-cream-spf50-pa-50ml\\\/#primaryimage\"},\"image\":{\"@id\":\"https:\\\/\\\/www.facecorner.lv\\\/shop\\\/dalba-waterfull-uv-essence-tone-up-sun-cream-spf50-pa-50ml\\\/#primaryimage\"},\"thumbnailUrl\":\"https:\\\/\\\/www.facecorner.lv\\\/wp-content\\\/uploads\\\/2023\\\/03\\\/d-alba-uv-essence-waterfull-tone-up-sun-cream-spf50-pa-50ml-882.jpg\",\"datePublished\":\"2023-03-30T12:05:07+00:00\",\"dateModified\":\"2026-05-05T10:06:27+00:00\",\"description\":\"D'Alba Waterfull UV Essence Tone-Up Sun Cream SPF50\\\/PA Izgaismojo\u0161s sau\u013co\u0161an\u0101s l\u012bdzeklis ar vieglu tekst\u016bru, kas nodro\u0161ina aizsardz\u012bbu pret UVA, UVB stariem\",\"breadcrumb\":{\"@id\":\"https:\\\/\\\/www.facecorner.lv\\\/shop\\\/dalba-waterfull-uv-essence-tone-up-sun-cream-spf50-pa-50ml\\\/#breadcrumb\"},\"inLanguage\":\"ru-RU\",\"potentialAction\":[{\"@type\":\"ReadAction\",\"target\":[\"https:\\\/\\\/www.facecorner.lv\\\/shop\\\/dalba-waterfull-uv-essence-tone-up-sun-cream-spf50-pa-50ml\\\/\"]}]},{\"@type\":\"ImageObject\",\"inLanguage\":\"ru-RU\",\"@id\":\"https:\\\/\\\/www.facecorner.lv\\\/shop\\\/dalba-waterfull-uv-essence-tone-up-sun-cream-spf50-pa-50ml\\\/#primaryimage\",\"url\":\"https:\\\/\\\/www.facecorner.lv\\\/wp-content\\\/uploads\\\/2023\\\/03\\\/d-alba-uv-essence-waterfull-tone-up-sun-cream-spf50-pa-50ml-882.jpg\",\"contentUrl\":\"https:\\\/\\\/www.facecorner.lv\\\/wp-content\\\/uploads\\\/2023\\\/03\\\/d-alba-uv-essence-waterfull-tone-up-sun-cream-spf50-pa-50ml-882.jpg\",\"width\":1000,\"height\":1000,\"caption\":\"D'Alba Waterfull UV Essence Tone-Up Sun Cream SPF50\"},{\"@type\":\"BreadcrumbList\",\"@id\":\"https:\\\/\\\/www.facecorner.lv\\\/shop\\\/dalba-waterfull-uv-essence-tone-up-sun-cream-spf50-pa-50ml\\\/#breadcrumb\",\"itemListElement\":[{\"@type\":\"ListItem\",\"position\":1,\"name\":\"Home\",\"item\":\"https:\\\/\\\/www.facecorner.lv\\\/\"},{\"@type\":\"ListItem\",\"position\":2,\"name\":\"Veikals\",\"item\":\"https:\\\/\\\/www.facecorner.lv\\\/shop\\\/\"},{\"@type\":\"ListItem\",\"position\":3,\"name\":\"D&#8217;Alba Waterfull UV Essence Tone-Up Sun Cream SPF50 50ml\"}]},{\"@type\":\"WebSite\",\"@id\":\"https:\\\/\\\/www.facecorner.lv\\\/#website\",\"url\":\"https:\\\/\\\/www.facecorner.lv\\\/\",\"name\":\"Facecorner\",\"description\":\"\",\"publisher\":{\"@id\":\"https:\\\/\\\/www.facecorner.lv\\\/#organization\"},\"potentialAction\":[{\"@type\":\"SearchAction\",\"target\":{\"@type\":\"EntryPoint\",\"urlTemplate\":\"https:\\\/\\\/www.facecorner.lv\\\/?s={search_term_string}\"},\"query-input\":{\"@type\":\"PropertyValueSpecification\",\"valueRequired\":true,\"valueName\":\"search_term_string\"}}],\"inLanguage\":\"ru-RU\"},{\"@type\":\"Organization\",\"@id\":\"https:\\\/\\\/www.facecorner.lv\\\/#organization\",\"name\":\"Facecorner\",\"url\":\"https:\\\/\\\/www.facecorner.lv\\\/\",\"logo\":{\"@type\":\"ImageObject\",\"inLanguage\":\"ru-RU\",\"@id\":\"https:\\\/\\\/www.facecorner.lv\\\/#\\\/schema\\\/logo\\\/image\\\/\",\"url\":\"https:\\\/\\\/www.facecorner.lv\\\/wp-content\\\/uploads\\\/2024\\\/04\\\/fc-logo.jpg\",\"contentUrl\":\"https:\\\/\\\/www.facecorner.lv\\\/wp-content\\\/uploads\\\/2024\\\/04\\\/fc-logo.jpg\",\"width\":174,\"height\":28,\"caption\":\"Facecorner\"},\"image\":{\"@id\":\"https:\\\/\\\/www.facecorner.lv\\\/#\\\/schema\\\/logo\\\/image\\\/\"},\"sameAs\":[\"https:\\\/\\\/www.facebook.com\\\/profile.php?id=100063824551839\",\"https:\\\/\\\/www.instagram.com\\\/facecorner_shop\\\/\"]}]}<\/script>\n<meta property=\"product:price:amount\" content=\"37.50\" \/>\n<meta property=\"product:price:currency\" content=\"EUR\" \/>\n<meta property=\"og:availability\" content=\"instock\" \/>\n<meta property=\"product:availability\" content=\"instock\" \/>\n<meta property=\"product:condition\" content=\"new\" \/>\n<!-- \/ Yoast SEO plugin. -->","yoast_head_json":{"title":"D'Alba Waterfull UV Essence Tone-Up Sun Cream SPF50 50ml - FACECORNER","description":"D'Alba Waterfull UV Essence Tone-Up Sun Cream SPF50\/PA Izgaismojo\u0161s sau\u013co\u0161an\u0101s l\u012bdzeklis ar vieglu tekst\u016bru, kas nodro\u0161ina aizsardz\u012bbu pret UVA, UVB stariem","robots":{"index":"index","follow":"follow","max-snippet":"max-snippet:-1","max-image-preview":"max-image-preview:large","max-video-preview":"max-video-preview:-1"},"canonical":"https:\/\/www.facecorner.lv\/ru\/shop\/dalba-waterfull-uv-essence-tone-up-sun-cream-spf50-pa-50ml\/","og_locale":"ru_RU","og_type":"article","og_title":"D'Alba Waterfull UV Essence Tone-Up Sun Cream SPF50 50ml - FACECORNER","og_description":"D'Alba Waterfull UV Essence Tone-Up Sun Cream SPF50\/PA Izgaismojo\u0161s sau\u013co\u0161an\u0101s l\u012bdzeklis ar vieglu tekst\u016bru, kas nodro\u0161ina aizsardz\u012bbu pret UVA, UVB stariem","og_url":"https:\/\/www.facecorner.lv\/ru\/shop\/dalba-waterfull-uv-essence-tone-up-sun-cream-spf50-pa-50ml\/","og_site_name":"FACECORNER","article_publisher":"https:\/\/www.facebook.com\/profile.php?id=100063824551839","article_modified_time":"2026-05-05T10:06:27+00:00","og_image":[{"width":1000,"height":1000,"url":"https:\/\/www.facecorner.lv\/wp-content\/uploads\/2023\/03\/d-alba-uv-essence-waterfull-tone-up-sun-cream-spf50-pa-50ml-882.jpg","type":"image\/jpeg"}],"twitter_card":"summary_large_image","twitter_misc":{"\u0426\u0435\u043d\u0430":"&euro;37.50","\u0414\u043e\u0441\u0442\u0443\u043f\u043d\u043e\u0441\u0442\u044c":"\u0412 \u043d\u0430\u043b\u0438\u0447\u0438\u0438"},"schema":{"@context":"https:\/\/schema.org","@graph":[{"@type":"WebPage","@id":"https:\/\/www.facecorner.lv\/shop\/dalba-waterfull-uv-essence-tone-up-sun-cream-spf50-pa-50ml\/","url":"https:\/\/www.facecorner.lv\/shop\/dalba-waterfull-uv-essence-tone-up-sun-cream-spf50-pa-50ml\/","name":"D'Alba Waterfull UV Essence Tone-Up Sun Cream SPF50 50ml - FACECORNER","isPartOf":{"@id":"https:\/\/www.facecorner.lv\/#website"},"primaryImageOfPage":{"@id":"https:\/\/www.facecorner.lv\/shop\/dalba-waterfull-uv-essence-tone-up-sun-cream-spf50-pa-50ml\/#primaryimage"},"image":{"@id":"https:\/\/www.facecorner.lv\/shop\/dalba-waterfull-uv-essence-tone-up-sun-cream-spf50-pa-50ml\/#primaryimage"},"thumbnailUrl":"https:\/\/www.facecorner.lv\/wp-content\/uploads\/2023\/03\/d-alba-uv-essence-waterfull-tone-up-sun-cream-spf50-pa-50ml-882.jpg","datePublished":"2023-03-30T12:05:07+00:00","dateModified":"2026-05-05T10:06:27+00:00","description":"D'Alba Waterfull UV Essence Tone-Up Sun Cream SPF50\/PA Izgaismojo\u0161s sau\u013co\u0161an\u0101s l\u012bdzeklis ar vieglu tekst\u016bru, kas nodro\u0161ina aizsardz\u012bbu pret UVA, UVB stariem","breadcrumb":{"@id":"https:\/\/www.facecorner.lv\/shop\/dalba-waterfull-uv-essence-tone-up-sun-cream-spf50-pa-50ml\/#breadcrumb"},"inLanguage":"ru-RU","potentialAction":[{"@type":"ReadAction","target":["https:\/\/www.facecorner.lv\/shop\/dalba-waterfull-uv-essence-tone-up-sun-cream-spf50-pa-50ml\/"]}]},{"@type":"ImageObject","inLanguage":"ru-RU","@id":"https:\/\/www.facecorner.lv\/shop\/dalba-waterfull-uv-essence-tone-up-sun-cream-spf50-pa-50ml\/#primaryimage","url":"https:\/\/www.facecorner.lv\/wp-content\/uploads\/2023\/03\/d-alba-uv-essence-waterfull-tone-up-sun-cream-spf50-pa-50ml-882.jpg","contentUrl":"https:\/\/www.facecorner.lv\/wp-content\/uploads\/2023\/03\/d-alba-uv-essence-waterfull-tone-up-sun-cream-spf50-pa-50ml-882.jpg","width":1000,"height":1000,"caption":"D'Alba Waterfull UV Essence Tone-Up Sun Cream SPF50"},{"@type":"BreadcrumbList","@id":"https:\/\/www.facecorner.lv\/shop\/dalba-waterfull-uv-essence-tone-up-sun-cream-spf50-pa-50ml\/#breadcrumb","itemListElement":[{"@type":"ListItem","position":1,"name":"Home","item":"https:\/\/www.facecorner.lv\/"},{"@type":"ListItem","position":2,"name":"Veikals","item":"https:\/\/www.facecorner.lv\/shop\/"},{"@type":"ListItem","position":3,"name":"D&#8217;Alba Waterfull UV Essence Tone-Up Sun Cream SPF50 50ml"}]},{"@type":"WebSite","@id":"https:\/\/www.facecorner.lv\/#website","url":"https:\/\/www.facecorner.lv\/","name":"Facecorner","description":"","publisher":{"@id":"https:\/\/www.facecorner.lv\/#organization"},"potentialAction":[{"@type":"SearchAction","target":{"@type":"EntryPoint","urlTemplate":"https:\/\/www.facecorner.lv\/?s={search_term_string}"},"query-input":{"@type":"PropertyValueSpecification","valueRequired":true,"valueName":"search_term_string"}}],"inLanguage":"ru-RU"},{"@type":"Organization","@id":"https:\/\/www.facecorner.lv\/#organization","name":"Facecorner","url":"https:\/\/www.facecorner.lv\/","logo":{"@type":"ImageObject","inLanguage":"ru-RU","@id":"https:\/\/www.facecorner.lv\/#\/schema\/logo\/image\/","url":"https:\/\/www.facecorner.lv\/wp-content\/uploads\/2024\/04\/fc-logo.jpg","contentUrl":"https:\/\/www.facecorner.lv\/wp-content\/uploads\/2024\/04\/fc-logo.jpg","width":174,"height":28,"caption":"Facecorner"},"image":{"@id":"https:\/\/www.facecorner.lv\/#\/schema\/logo\/image\/"},"sameAs":["https:\/\/www.facebook.com\/profile.php?id=100063824551839","https:\/\/www.instagram.com\/facecorner_shop\/"]}]},"product_price_amount":"37.50","product_price_currency":"EUR","og_availability":"instock","product_availability":"instock","product_condition":"new"},"_links":{"self":[{"href":"https:\/\/www.facecorner.lv\/ru\/wp-json\/wp\/v2\/product\/8755","targetHints":{"allow":["GET"]}}],"collection":[{"href":"https:\/\/www.facecorner.lv\/ru\/wp-json\/wp\/v2\/product"}],"about":[{"href":"https:\/\/www.facecorner.lv\/ru\/wp-json\/wp\/v2\/types\/product"}],"replies":[{"embeddable":true,"href":"https:\/\/www.facecorner.lv\/ru\/wp-json\/wp\/v2\/comments?post=8755"}],"wp:featuredmedia":[{"embeddable":true,"href":"https:\/\/www.facecorner.lv\/ru\/wp-json\/wp\/v2\/media\/8756"}],"wp:attachment":[{"href":"https:\/\/www.facecorner.lv\/ru\/wp-json\/wp\/v2\/media?parent=8755"}],"wp:term":[{"taxonomy":"product_brand","embeddable":true,"href":"https:\/\/www.facecorner.lv\/ru\/wp-json\/wp\/v2\/product_brand?post=8755"},{"taxonomy":"product_cat","embeddable":true,"href":"https:\/\/www.facecorner.lv\/ru\/wp-json\/wp\/v2\/product_cat?post=8755"},{"taxonomy":"product_tag","embeddable":true,"href":"https:\/\/www.facecorner.lv\/ru\/wp-json\/wp\/v2\/product_tag?post=8755"},{"taxonomy":"berocket_brand","embeddable":true,"href":"https:\/\/www.facecorner.lv\/ru\/wp-json\/wp\/v2\/berocket_brand?post=8755"}],"curies":[{"name":"wp","href":"https:\/\/api.w.org\/{rel}","templated":true}]}}