{"id":8748,"date":"2023-03-30T09:45:50","date_gmt":"2023-03-30T07:45:50","guid":{"rendered":"https:\/\/facecorner.shop\/?post_type=product&#038;p=8748"},"modified":"2026-03-27T15:40:51","modified_gmt":"2026-03-27T12:40:51","slug":"dalba-agelles-wrinkle-correcting-multi-balm-9g","status":"publish","type":"product","link":"https:\/\/www.facecorner.lv\/ru\/shop\/dalba-agelles-wrinkle-correcting-multi-balm-9g\/","title":{"rendered":"d&#8217;Alba Agelles Wrinkle Correcting Multi Balm 9g"},"content":{"rendered":"<p>\u0421\u0442\u0438\u043a-\u043a\u043e\u0440\u0440\u0435\u043a\u0442\u043e\u0440 \u043f\u0440\u043e\u0442\u0438\u0432 \u043c\u043e\u0440\u0449\u0438\u043d \u0441 \u0431\u0435\u043b\u044b\u043c \u0442\u0440\u044e\u0444\u0435\u043b\u0435\u043c d'Alba Agelles Wrinkle Correcting Multi Balm \u2014 \u043c\u0443\u043b\u044c\u0442\u0438\u0444\u0443\u043d\u043a\u0446\u0438\u043e\u043d\u0430\u043b\u044c\u043d\u043e\u0435 \u0441\u0440\u0435\u0434\u0441\u0442\u0432\u043e, \u043a\u043e\u0442\u043e\u0440\u043e\u0435 \u0432 \u043a\u0440\u0430\u0442\u0447\u0430\u0439\u0448\u0438\u0435 \u0441\u0440\u043e\u043a\u0438 \u0441\u043f\u043e\u0441\u043e\u0431\u043d\u043e \u0443\u0441\u0442\u0440\u0430\u043d\u0438\u0442\u044c \u0441\u0443\u0445\u043e\u0441\u0442\u044c \u0438 \u0448\u0435\u043b\u0443\u0448\u0435\u043d\u0438\u044f, \u043d\u0430\u043f\u0438\u0442\u0430\u0442\u044c \u0438 \u0432\u0435\u0440\u043d\u0443\u0442\u044c \u043a\u043e\u0436\u0435 \u0437\u0434\u043e\u0440\u043e\u0432\u043e\u0435 \u0441\u0438\u044f\u043d\u0438\u0435. \u0420\u0430\u0431\u043e\u0442\u0430\u0435\u0442 \u043d\u0430 \u043f\u043e\u0432\u044b\u0448\u0435\u043d\u0438\u0435 \u044d\u043b\u0430\u0441\u0442\u0438\u0447\u043d\u043e\u0441\u0442\u0438 \u0442\u043a\u0430\u043d\u0435\u0439 \u0438 \u0441\u043e\u043a\u0440\u0430\u0449\u0435\u043d\u0438\u0435 \u0433\u043b\u0443\u0431\u0438\u043d\u044b \u043c\u043e\u0440\u0449\u0438\u043d. \u0421\u043e\u0434\u0435\u0440\u0436\u0438\u0442 \u0442\u043e\u043a\u043e\u0444\u0435\u0440\u043e\u043b, \u043a\u043e\u043b\u043b\u0430\u0433\u0435\u043d, \u0432\u043e\u043b\u044e\u0444\u0438\u043b\u0438\u043d, \u043c\u0430\u0441\u043b\u043e \u0448\u0438 \u0438 \u043a\u043e\u043c\u043f\u043b\u0435\u043a\u0441 \u0431\u0435\u043b\u044b\u0445 \u0446\u0432\u0435\u0442\u043e\u0432.<\/p>\n<p>\u041c\u043e\u0436\u0435\u0442 \u0438\u0441\u043f\u043e\u043b\u044c\u0437\u043e\u0432\u0430\u0442\u044c\u0441\u044f \u043a\u0430\u043a \u0432 \u043a\u0430\u0447\u0435\u0441\u0442\u0432\u0435 \u0435\u0436\u0435\u0434\u043d\u0435\u0432\u043d\u043e\u0433\u043e \u0443\u0445\u043e\u0434\u0430, \u0442\u0430\u043a \u0438 \u0432 \u0432\u0438\u0434\u0435 SOS-\u0441\u0440\u0435\u0434\u0441\u0442\u0432\u0430, \u0447\u0442\u043e\u0431\u044b \u0431\u044b\u0441\u0442\u0440\u043e \u0443\u0432\u043b\u0430\u0436\u043d\u0438\u0442\u044c \u0438 \u043e\u0441\u0432\u0435\u0436\u0438\u0442\u044c \u043b\u0438\u0446\u043e. \u041e\u043a\u0430\u0437\u044b\u0432\u0430\u0435\u0442 \u0431\u043b\u0430\u0433\u043e\u043f\u0440\u0438\u044f\u0442\u043d\u043e\u0435 \u0432\u043b\u0438\u044f\u043d\u0438\u0435 \u043d\u0430 \u043a\u043e\u0436\u0443 \u0441 \u0442\u0443\u0441\u043a\u043b\u044b\u043c \u0446\u0432\u0435\u0442\u043e\u043c \u0438 \u043f\u0438\u0433\u043c\u0435\u043d\u0442\u043d\u044b\u043c\u0438 \u043f\u044f\u0442\u043d\u0430\u043c\u0438, \u0434\u0435\u043b\u0438\u043a\u0430\u0442\u043d\u043e \u043e\u0441\u0432\u0435\u0442\u043b\u044f\u0435\u0442, \u043e\u0431\u043b\u0430\u0434\u0430\u0435\u0442 \u0432\u044b\u0441\u043e\u043a\u043e\u0439 \u0430\u043d\u0442\u0438\u043e\u043a\u0441\u0438\u0434\u0430\u043d\u0442\u043d\u043e\u0439 \u0430\u043a\u0442\u0438\u0432\u043d\u043e\u0441\u0442\u044c\u044e.<\/p>\n<p>\u041f\u043e\u0434\u0445\u043e\u0434\u0438\u0442 \u0434\u043b\u044f \u0432\u0441\u0435\u0445 \u0442\u0438\u043f\u043e\u0432 \u043a\u043e\u0436\u0438<\/p>\n<p><strong>\u0421\u043f\u043e\u0441\u043e\u0431 \u043f\u0440\u0438\u043c\u0435\u043d\u0435\u043d\u0438\u044f:<\/strong> \u043d\u0430\u043d\u0435\u0441\u0438\u0442\u0435 \u0441\u0440\u0435\u0434\u0441\u0442\u0432\u043e \u043d\u0430 \u043e\u0447\u0438\u0449\u0435\u043d\u043d\u0443\u044e \u043a\u043e\u0436\u0443 \u043f\u043e\u0441\u043b\u0435 \u0438\u0441\u043f\u043e\u043b\u044c\u0437\u043e\u0432\u0430\u043d\u0438\u044f \u0442\u043e\u043d\u0438\u043a\u0430 \u0432 \u043a\u0430\u0447\u0435\u0441\u0442\u0432\u0435 \u043d\u043e\u0447\u043d\u043e\u0433\u043e \u0443\u0445\u043e\u0434\u0430 \u0438\u043b\u0438 \u043f\u043e\u0434 \u043c\u0430\u043a\u0438\u044f\u0436. \u041f\u0440\u043e\u0432\u0435\u0434\u0438\u0442\u0435 \u0441\u0442\u0438\u043a\u043e\u043c \u0432 \u043c\u0435\u0441\u0442\u0430\u0445 \u0432\u043e\u0437\u043d\u0438\u043a\u043d\u043e\u0432\u0435\u043d\u0438\u044f \u043c\u043e\u0440\u0449\u0438\u043d: \u043d\u0430 \u043b\u0431\u0443, \u043f\u043e \u043d\u043e\u0441\u043e\u0433\u0443\u0431\u043d\u044b\u043c \u0441\u043a\u043b\u0430\u0434\u043a\u0430\u043c, \u043d\u043e\u0441\u043e\u0441\u043b\u0435\u0437\u043d\u043e\u0439 \u0431\u043e\u0440\u043e\u0437\u0434\u0435, \u043f\u043e\u0434 \u0433\u043b\u0430\u0437\u0430\u043c\u0438, \u043f\u043e \u0448\u0435\u0435 \u0438 \u0437\u043e\u043d\u0435 \u0434\u0435\u043a\u043e\u043b\u044c\u0442\u0435, \u0443\u0434\u0435\u043b\u044f\u044f \u0432\u043d\u0438\u043c\u0430\u043d\u0438\u0435 \u0441\u0443\u0445\u0438\u043c \u0438 \u0448\u0435\u043b\u0443\u0448\u0430\u0449\u0438\u043c\u0441\u044f \u0443\u0447\u0430\u0441\u0442\u043a\u0430\u043c \u043a\u043e\u0436\u0438.<\/p>\n<p><strong>\u0421\u043e\u0441\u0442\u0430\u0432<\/strong>Helianthus Annuus (Sunflower) Seed Oil, Synthetic Wax, Butyrospermum Parkii (Shea) Butter, Octyldodecanol, Polyethylene, Polyglyceryl-2 Isostearate\/Dimer Dilinoleate Copolymer, Caprylic\/Capric Triglyceride, Tocopheryl Acetate, Macadamia Integrifolia Seed Oil, Simmondsia Chinensis (Jojoba) Seed Oil, Prunus Amygdalus Dulcis (Sweet Almond) Oil, Monascus Extract, Daucus Carota Sativa (Carrot) Root Extract, Perilla Ocymoides Leaf Extract, Centella Asiatica Extract, Borago Officinalis Extract, Beta Vulgaris (Beet) Root Extract, Angelica Gigas Extract, Anthemis Nobilis Flower Extract, Calendula Officinalis Flower Extract, Cardiospermum Halicacabum Flower\/Leaf\/Vine Extract, Tuber Magnatum Extract, Nelumbo Nucifera Flower Extract, Rose Extract, Jasminum Officinale (Jasmine) Extract, Anemarrhena Asphodeloides Root Extract, Narcissus Pseudo-Narcissus (Daffodil) Flower Extract, Lilium Candidum Bulb Extract, Iris Versicolor Extract, Freesia Refracta Extract, Collagen Extract, Camellia Japonica Seed Oil, Olea Europaea (Olive) Fruit Oil, Camellia Sinensis Seed Oil, Argania Spinosa Kernel Oil, Hippophae Rhamnoides Fruit Oil, Echium Plantagineum Seed Oil, Glycine Soja (Soybean) Oil, Persea Gratissima (Avocado) Oil, Oenothera Biennis (Evening Primrose) Oil, Macadamia Ternifolia Seed Oil, Microcrystalline Wax, Bisabolol, Sorbitan Sesquioleate, Tocopherol, Water, Helianthus Annuus (Sunflower) Seed Oil Unsaponifiables, Ceramide NP, Hydrolyzed Hyaluronic Acid, Hydrogenated Polyisobutene, Butylene Glycol, Glutathione, Ascorbic Acid, 1,2-Hexanediol, Glucose, Mannose, Fragrance, Dehydroacetic Acid, Citral, Linalool, Citronellol, Hexyl Cinnamal, Limonene<\/p>","protected":false},"excerpt":{"rendered":"<p>\u0421\u0442\u0438\u043a-\u043a\u043e\u0440\u0440\u0435\u043a\u0442\u043e\u0440 \u043f\u0440\u043e\u0442\u0438\u0432 \u043c\u043e\u0440\u0449\u0438\u043d \u0441 \u0431\u0435\u043b\u044b\u043c \u0442\u0440\u044e\u0444\u0435\u043b\u0435\u043c d'Alba Agelles Wrinkle Correcting Multi Balm \u2014 \u043c\u0443\u043b\u044c\u0442\u0438\u0444\u0443\u043d\u043a\u0446\u0438\u043e\u043d\u0430\u043b\u044c\u043d\u043e\u0435 \u0441\u0440\u0435\u0434\u0441\u0442\u0432\u043e, \u043a\u043e\u0442\u043e\u0440\u043e\u0435 \u0432 \u043a\u0440\u0430\u0442\u0447\u0430\u0439\u0448\u0438\u0435 \u0441\u0440\u043e\u043a\u0438 \u0441\u043f\u043e\u0441\u043e\u0431\u043d\u043e \u0443\u0441\u0442\u0440\u0430\u043d\u0438\u0442\u044c \u0441\u0443\u0445\u043e\u0441\u0442\u044c \u0438 \u0448\u0435\u043b\u0443\u0448\u0435\u043d\u0438\u044f, \u043d\u0430\u043f\u0438\u0442\u0430\u0442\u044c \u0438 \u0432\u0435\u0440\u043d\u0443\u0442\u044c \u043a\u043e\u0436\u0435 \u0437\u0434\u043e\u0440\u043e\u0432\u043e\u0435 \u0441\u0438\u044f\u043d\u0438\u0435. \u0420\u0430\u0431\u043e\u0442\u0430\u0435\u0442 \u043d\u0430 \u043f\u043e\u0432\u044b\u0448\u0435\u043d\u0438\u0435 \u044d\u043b\u0430\u0441\u0442\u0438\u0447\u043d\u043e\u0441\u0442\u0438 \u0442\u043a\u0430\u043d\u0435\u0439 \u0438 \u0441\u043e\u043a\u0440\u0430\u0449\u0435\u043d\u0438\u0435 \u0433\u043b\u0443\u0431\u0438\u043d\u044b \u043c\u043e\u0440\u0449\u0438\u043d. \u0421\u043e\u0434\u0435\u0440\u0436\u0438\u0442 \u0442\u043e\u043a\u043e\u0444\u0435\u0440\u043e\u043b, \u043a\u043e\u043b\u043b\u0430\u0433\u0435\u043d, \u0432\u043e\u043b\u044e\u0444\u0438\u043b\u0438\u043d, \u043c\u0430\u0441\u043b\u043e \u0448\u0438 \u0438 \u043a\u043e\u043c\u043f\u043b\u0435\u043a\u0441 \u0431\u0435\u043b\u044b\u0445 \u0446\u0432\u0435\u0442\u043e\u0432.<\/p>\n<p>&nbsp;<\/p>","protected":false},"featured_media":21538,"comment_status":"open","ping_status":"closed","template":"","meta":{"site-sidebar-layout":"default","site-content-layout":"","ast-site-content-layout":"default","site-content-style":"default","site-sidebar-style":"default","ast-global-header-display":"","ast-banner-title-visibility":"","ast-main-header-display":"","ast-hfb-above-header-display":"","ast-hfb-below-header-display":"","ast-hfb-mobile-header-display":"","site-post-title":"","ast-breadcrumbs-content":"","ast-featured-img":"","footer-sml-layout":"","theme-transparent-header-meta":"default","adv-header-id-meta":"","stick-header-meta":"","header-above-stick-meta":"","header-main-stick-meta":"","header-below-stick-meta":"","astra-migrate-meta-layouts":"set","ast-page-background-enabled":"default","ast-page-background-meta":{"desktop":{"background-color":"var(--ast-global-color-4)","background-image":"","background-repeat":"repeat","background-position":"center center","background-size":"auto","background-attachment":"scroll","background-type":"","background-media":"","overlay-type":"","overlay-color":"","overlay-opacity":"","overlay-gradient":""},"tablet":{"background-color":"","background-image":"","background-repeat":"repeat","background-position":"center center","background-size":"auto","background-attachment":"scroll","background-type":"","background-media":"","overlay-type":"","overlay-color":"","overlay-opacity":"","overlay-gradient":""},"mobile":{"background-color":"","background-image":"","background-repeat":"repeat","background-position":"center center","background-size":"auto","background-attachment":"scroll","background-type":"","background-media":"","overlay-type":"","overlay-color":"","overlay-opacity":"","overlay-gradient":""}},"ast-content-background-meta":{"desktop":{"background-color":"var(--ast-global-color-5)","background-image":"","background-repeat":"repeat","background-position":"center center","background-size":"auto","background-attachment":"scroll","background-type":"","background-media":"","overlay-type":"","overlay-color":"","overlay-opacity":"","overlay-gradient":""},"tablet":{"background-color":"var(--ast-global-color-5)","background-image":"","background-repeat":"repeat","background-position":"center center","background-size":"auto","background-attachment":"scroll","background-type":"","background-media":"","overlay-type":"","overlay-color":"","overlay-opacity":"","overlay-gradient":""},"mobile":{"background-color":"var(--ast-global-color-5)","background-image":"","background-repeat":"repeat","background-position":"center center","background-size":"auto","background-attachment":"scroll","background-type":"","background-media":"","overlay-type":"","overlay-color":"","overlay-opacity":"","overlay-gradient":""}}},"product_brand":[],"product_cat":[370,371,511,365,380,366,367,368,379,307,362,363],"product_tag":[],"berocket_brand":[572],"class_list":{"0":"post-8748","1":"product","2":"type-product","3":"status-publish","4":"has-post-thumbnail","6":"product_cat-adas-mirdzumam","7":"product_cat-anti-age","8":"product_cat-atlaides","9":"product_cat-barojoss","10":"product_cat-kombinetai-adai","11":"product_cat-mitrinoss","12":"product_cat-nomierinoss","13":"product_cat-pret-grumbam","14":"product_cat-sausai-adai-anti-age","15":"product_cat-sejai","16":"product_cat-sejas-krems","17":"product_cat-serumi","18":"berocket_brand-dalba","19":"desktop-align-left","20":"tablet-align-left","21":"mobile-align-left","23":"first","24":"instock","25":"taxable","26":"shipping-taxable","27":"purchasable","28":"product-type-simple","29":"add-to-wishlist-before_image"},"yoast_head":"<!-- This site is optimized with the Yoast SEO plugin v27.4 - https:\/\/yoast.com\/product\/yoast-seo-wordpress\/ -->\n<title>d&#039;Alba Agelles Wrinkle Correcting Multi Balm 9g - FACECORNER<\/title>\n<meta name=\"description\" content=\"d&#039;Alba Agelles Wrinkle Correcting Multi Balm Anti-Wrinkle Stick ar balto trifeli ir daudzfunkcion\u0101ls produkts, kas var \u0101tri nov\u0113rst sausumu.\" \/>\n<meta name=\"robots\" content=\"index, follow, max-snippet:-1, max-image-preview:large, max-video-preview:-1\" \/>\n<link rel=\"canonical\" href=\"https:\/\/www.facecorner.lv\/ru\/shop\/dalba-agelles-wrinkle-correcting-multi-balm-9g\/\" \/>\n<meta property=\"og:locale\" content=\"ru_RU\" \/>\n<meta property=\"og:type\" content=\"article\" \/>\n<meta property=\"og:title\" content=\"d&#039;Alba Agelles Wrinkle Correcting Multi Balm 9g - FACECORNER\" \/>\n<meta property=\"og:description\" content=\"d&#039;Alba Agelles Wrinkle Correcting Multi Balm Anti-Wrinkle Stick ar balto trifeli ir daudzfunkcion\u0101ls produkts, kas var \u0101tri nov\u0113rst sausumu.\" \/>\n<meta property=\"og:url\" content=\"https:\/\/www.facecorner.lv\/ru\/shop\/dalba-agelles-wrinkle-correcting-multi-balm-9g\/\" \/>\n<meta property=\"og:site_name\" content=\"FACECORNER\" \/>\n<meta property=\"article:publisher\" content=\"https:\/\/www.facebook.com\/profile.php?id=100063824551839\" \/>\n<meta property=\"article:modified_time\" content=\"2026-03-27T12:40:51+00:00\" \/>\n<meta property=\"og:image\" content=\"https:\/\/www.facecorner.lv\/wp-content\/uploads\/2023\/03\/dalba_intensive_multi_balm.webp\" \/>\n\t<meta property=\"og:image:width\" content=\"800\" \/>\n\t<meta property=\"og:image:height\" content=\"800\" \/>\n\t<meta property=\"og:image:type\" content=\"image\/webp\" \/>\n<meta name=\"twitter:card\" content=\"summary_large_image\" \/>\n<meta name=\"twitter:label1\" content=\"\u0426\u0435\u043d\u0430\" \/>\n\t<meta name=\"twitter:data1\" content=\"&euro;35.00\" \/>\n\t<meta name=\"twitter:label2\" content=\"\u0414\u043e\u0441\u0442\u0443\u043f\u043d\u043e\u0441\u0442\u044c\" \/>\n\t<meta name=\"twitter:data2\" content=\"\u0412 \u043d\u0430\u043b\u0438\u0447\u0438\u0438\" \/>\n<script type=\"application\/ld+json\" class=\"yoast-schema-graph\">{\"@context\":\"https:\\\/\\\/schema.org\",\"@graph\":[{\"@type\":\"WebPage\",\"@id\":\"https:\\\/\\\/www.facecorner.lv\\\/shop\\\/dalba-agelles-wrinkle-correcting-multi-balm-9g\\\/\",\"url\":\"https:\\\/\\\/www.facecorner.lv\\\/shop\\\/dalba-agelles-wrinkle-correcting-multi-balm-9g\\\/\",\"name\":\"d'Alba Agelles Wrinkle Correcting Multi Balm 9g - FACECORNER\",\"isPartOf\":{\"@id\":\"https:\\\/\\\/www.facecorner.lv\\\/#website\"},\"primaryImageOfPage\":{\"@id\":\"https:\\\/\\\/www.facecorner.lv\\\/shop\\\/dalba-agelles-wrinkle-correcting-multi-balm-9g\\\/#primaryimage\"},\"image\":{\"@id\":\"https:\\\/\\\/www.facecorner.lv\\\/shop\\\/dalba-agelles-wrinkle-correcting-multi-balm-9g\\\/#primaryimage\"},\"thumbnailUrl\":\"https:\\\/\\\/www.facecorner.lv\\\/wp-content\\\/uploads\\\/2023\\\/03\\\/dalba_intensive_multi_balm.webp\",\"datePublished\":\"2023-03-30T07:45:50+00:00\",\"dateModified\":\"2026-03-27T12:40:51+00:00\",\"description\":\"d'Alba Agelles Wrinkle Correcting Multi Balm Anti-Wrinkle Stick ar balto trifeli ir daudzfunkcion\u0101ls produkts, kas var \u0101tri nov\u0113rst sausumu.\",\"breadcrumb\":{\"@id\":\"https:\\\/\\\/www.facecorner.lv\\\/shop\\\/dalba-agelles-wrinkle-correcting-multi-balm-9g\\\/#breadcrumb\"},\"inLanguage\":\"ru-RU\",\"potentialAction\":[{\"@type\":\"ReadAction\",\"target\":[\"https:\\\/\\\/www.facecorner.lv\\\/shop\\\/dalba-agelles-wrinkle-correcting-multi-balm-9g\\\/\"]}]},{\"@type\":\"ImageObject\",\"inLanguage\":\"ru-RU\",\"@id\":\"https:\\\/\\\/www.facecorner.lv\\\/shop\\\/dalba-agelles-wrinkle-correcting-multi-balm-9g\\\/#primaryimage\",\"url\":\"https:\\\/\\\/www.facecorner.lv\\\/wp-content\\\/uploads\\\/2023\\\/03\\\/dalba_intensive_multi_balm.webp\",\"contentUrl\":\"https:\\\/\\\/www.facecorner.lv\\\/wp-content\\\/uploads\\\/2023\\\/03\\\/dalba_intensive_multi_balm.webp\",\"width\":800,\"height\":800},{\"@type\":\"BreadcrumbList\",\"@id\":\"https:\\\/\\\/www.facecorner.lv\\\/shop\\\/dalba-agelles-wrinkle-correcting-multi-balm-9g\\\/#breadcrumb\",\"itemListElement\":[{\"@type\":\"ListItem\",\"position\":1,\"name\":\"Home\",\"item\":\"https:\\\/\\\/www.facecorner.lv\\\/\"},{\"@type\":\"ListItem\",\"position\":2,\"name\":\"Veikals\",\"item\":\"https:\\\/\\\/www.facecorner.lv\\\/shop\\\/\"},{\"@type\":\"ListItem\",\"position\":3,\"name\":\"d&#8217;Alba Agelles Wrinkle Correcting Multi Balm 9g\"}]},{\"@type\":\"WebSite\",\"@id\":\"https:\\\/\\\/www.facecorner.lv\\\/#website\",\"url\":\"https:\\\/\\\/www.facecorner.lv\\\/\",\"name\":\"Facecorner\",\"description\":\"\",\"publisher\":{\"@id\":\"https:\\\/\\\/www.facecorner.lv\\\/#organization\"},\"potentialAction\":[{\"@type\":\"SearchAction\",\"target\":{\"@type\":\"EntryPoint\",\"urlTemplate\":\"https:\\\/\\\/www.facecorner.lv\\\/?s={search_term_string}\"},\"query-input\":{\"@type\":\"PropertyValueSpecification\",\"valueRequired\":true,\"valueName\":\"search_term_string\"}}],\"inLanguage\":\"ru-RU\"},{\"@type\":\"Organization\",\"@id\":\"https:\\\/\\\/www.facecorner.lv\\\/#organization\",\"name\":\"Facecorner\",\"url\":\"https:\\\/\\\/www.facecorner.lv\\\/\",\"logo\":{\"@type\":\"ImageObject\",\"inLanguage\":\"ru-RU\",\"@id\":\"https:\\\/\\\/www.facecorner.lv\\\/#\\\/schema\\\/logo\\\/image\\\/\",\"url\":\"https:\\\/\\\/www.facecorner.lv\\\/wp-content\\\/uploads\\\/2024\\\/04\\\/fc-logo.jpg\",\"contentUrl\":\"https:\\\/\\\/www.facecorner.lv\\\/wp-content\\\/uploads\\\/2024\\\/04\\\/fc-logo.jpg\",\"width\":174,\"height\":28,\"caption\":\"Facecorner\"},\"image\":{\"@id\":\"https:\\\/\\\/www.facecorner.lv\\\/#\\\/schema\\\/logo\\\/image\\\/\"},\"sameAs\":[\"https:\\\/\\\/www.facebook.com\\\/profile.php?id=100063824551839\",\"https:\\\/\\\/www.instagram.com\\\/facecorner_shop\\\/\"]}]}<\/script>\n<meta property=\"product:price:amount\" content=\"35.00\" \/>\n<meta property=\"product:price:currency\" content=\"EUR\" \/>\n<meta property=\"og:availability\" content=\"instock\" \/>\n<meta property=\"product:availability\" content=\"instock\" \/>\n<meta property=\"product:condition\" content=\"new\" \/>\n<!-- \/ Yoast SEO plugin. -->","yoast_head_json":{"title":"d'Alba Agelles Wrinkle Correcting Multi Balm 9g - FACECORNER","description":"d'Alba Agelles Wrinkle Correcting Multi Balm Anti-Wrinkle Stick ar balto trifeli ir daudzfunkcion\u0101ls produkts, kas var \u0101tri nov\u0113rst sausumu.","robots":{"index":"index","follow":"follow","max-snippet":"max-snippet:-1","max-image-preview":"max-image-preview:large","max-video-preview":"max-video-preview:-1"},"canonical":"https:\/\/www.facecorner.lv\/ru\/shop\/dalba-agelles-wrinkle-correcting-multi-balm-9g\/","og_locale":"ru_RU","og_type":"article","og_title":"d'Alba Agelles Wrinkle Correcting Multi Balm 9g - FACECORNER","og_description":"d'Alba Agelles Wrinkle Correcting Multi Balm Anti-Wrinkle Stick ar balto trifeli ir daudzfunkcion\u0101ls produkts, kas var \u0101tri nov\u0113rst sausumu.","og_url":"https:\/\/www.facecorner.lv\/ru\/shop\/dalba-agelles-wrinkle-correcting-multi-balm-9g\/","og_site_name":"FACECORNER","article_publisher":"https:\/\/www.facebook.com\/profile.php?id=100063824551839","article_modified_time":"2026-03-27T12:40:51+00:00","og_image":[{"width":800,"height":800,"url":"https:\/\/www.facecorner.lv\/wp-content\/uploads\/2023\/03\/dalba_intensive_multi_balm.webp","type":"image\/webp"}],"twitter_card":"summary_large_image","twitter_misc":{"\u0426\u0435\u043d\u0430":"&euro;35.00","\u0414\u043e\u0441\u0442\u0443\u043f\u043d\u043e\u0441\u0442\u044c":"\u0412 \u043d\u0430\u043b\u0438\u0447\u0438\u0438"},"schema":{"@context":"https:\/\/schema.org","@graph":[{"@type":"WebPage","@id":"https:\/\/www.facecorner.lv\/shop\/dalba-agelles-wrinkle-correcting-multi-balm-9g\/","url":"https:\/\/www.facecorner.lv\/shop\/dalba-agelles-wrinkle-correcting-multi-balm-9g\/","name":"d'Alba Agelles Wrinkle Correcting Multi Balm 9g - FACECORNER","isPartOf":{"@id":"https:\/\/www.facecorner.lv\/#website"},"primaryImageOfPage":{"@id":"https:\/\/www.facecorner.lv\/shop\/dalba-agelles-wrinkle-correcting-multi-balm-9g\/#primaryimage"},"image":{"@id":"https:\/\/www.facecorner.lv\/shop\/dalba-agelles-wrinkle-correcting-multi-balm-9g\/#primaryimage"},"thumbnailUrl":"https:\/\/www.facecorner.lv\/wp-content\/uploads\/2023\/03\/dalba_intensive_multi_balm.webp","datePublished":"2023-03-30T07:45:50+00:00","dateModified":"2026-03-27T12:40:51+00:00","description":"d'Alba Agelles Wrinkle Correcting Multi Balm Anti-Wrinkle Stick ar balto trifeli ir daudzfunkcion\u0101ls produkts, kas var \u0101tri nov\u0113rst sausumu.","breadcrumb":{"@id":"https:\/\/www.facecorner.lv\/shop\/dalba-agelles-wrinkle-correcting-multi-balm-9g\/#breadcrumb"},"inLanguage":"ru-RU","potentialAction":[{"@type":"ReadAction","target":["https:\/\/www.facecorner.lv\/shop\/dalba-agelles-wrinkle-correcting-multi-balm-9g\/"]}]},{"@type":"ImageObject","inLanguage":"ru-RU","@id":"https:\/\/www.facecorner.lv\/shop\/dalba-agelles-wrinkle-correcting-multi-balm-9g\/#primaryimage","url":"https:\/\/www.facecorner.lv\/wp-content\/uploads\/2023\/03\/dalba_intensive_multi_balm.webp","contentUrl":"https:\/\/www.facecorner.lv\/wp-content\/uploads\/2023\/03\/dalba_intensive_multi_balm.webp","width":800,"height":800},{"@type":"BreadcrumbList","@id":"https:\/\/www.facecorner.lv\/shop\/dalba-agelles-wrinkle-correcting-multi-balm-9g\/#breadcrumb","itemListElement":[{"@type":"ListItem","position":1,"name":"Home","item":"https:\/\/www.facecorner.lv\/"},{"@type":"ListItem","position":2,"name":"Veikals","item":"https:\/\/www.facecorner.lv\/shop\/"},{"@type":"ListItem","position":3,"name":"d&#8217;Alba Agelles Wrinkle Correcting Multi Balm 9g"}]},{"@type":"WebSite","@id":"https:\/\/www.facecorner.lv\/#website","url":"https:\/\/www.facecorner.lv\/","name":"Facecorner","description":"","publisher":{"@id":"https:\/\/www.facecorner.lv\/#organization"},"potentialAction":[{"@type":"SearchAction","target":{"@type":"EntryPoint","urlTemplate":"https:\/\/www.facecorner.lv\/?s={search_term_string}"},"query-input":{"@type":"PropertyValueSpecification","valueRequired":true,"valueName":"search_term_string"}}],"inLanguage":"ru-RU"},{"@type":"Organization","@id":"https:\/\/www.facecorner.lv\/#organization","name":"Facecorner","url":"https:\/\/www.facecorner.lv\/","logo":{"@type":"ImageObject","inLanguage":"ru-RU","@id":"https:\/\/www.facecorner.lv\/#\/schema\/logo\/image\/","url":"https:\/\/www.facecorner.lv\/wp-content\/uploads\/2024\/04\/fc-logo.jpg","contentUrl":"https:\/\/www.facecorner.lv\/wp-content\/uploads\/2024\/04\/fc-logo.jpg","width":174,"height":28,"caption":"Facecorner"},"image":{"@id":"https:\/\/www.facecorner.lv\/#\/schema\/logo\/image\/"},"sameAs":["https:\/\/www.facebook.com\/profile.php?id=100063824551839","https:\/\/www.instagram.com\/facecorner_shop\/"]}]},"product_price_amount":"35.00","product_price_currency":"EUR","og_availability":"instock","product_availability":"instock","product_condition":"new"},"_links":{"self":[{"href":"https:\/\/www.facecorner.lv\/ru\/wp-json\/wp\/v2\/product\/8748","targetHints":{"allow":["GET"]}}],"collection":[{"href":"https:\/\/www.facecorner.lv\/ru\/wp-json\/wp\/v2\/product"}],"about":[{"href":"https:\/\/www.facecorner.lv\/ru\/wp-json\/wp\/v2\/types\/product"}],"replies":[{"embeddable":true,"href":"https:\/\/www.facecorner.lv\/ru\/wp-json\/wp\/v2\/comments?post=8748"}],"wp:featuredmedia":[{"embeddable":true,"href":"https:\/\/www.facecorner.lv\/ru\/wp-json\/wp\/v2\/media\/21538"}],"wp:attachment":[{"href":"https:\/\/www.facecorner.lv\/ru\/wp-json\/wp\/v2\/media?parent=8748"}],"wp:term":[{"taxonomy":"product_brand","embeddable":true,"href":"https:\/\/www.facecorner.lv\/ru\/wp-json\/wp\/v2\/product_brand?post=8748"},{"taxonomy":"product_cat","embeddable":true,"href":"https:\/\/www.facecorner.lv\/ru\/wp-json\/wp\/v2\/product_cat?post=8748"},{"taxonomy":"product_tag","embeddable":true,"href":"https:\/\/www.facecorner.lv\/ru\/wp-json\/wp\/v2\/product_tag?post=8748"},{"taxonomy":"berocket_brand","embeddable":true,"href":"https:\/\/www.facecorner.lv\/ru\/wp-json\/wp\/v2\/berocket_brand?post=8748"}],"curies":[{"name":"wp","href":"https:\/\/api.w.org\/{rel}","templated":true}]}}