{"id":8745,"date":"2023-03-30T09:42:18","date_gmt":"2023-03-30T07:42:18","guid":{"rendered":"https:\/\/facecorner.shop\/?post_type=product&#038;p=8745"},"modified":"2025-10-16T14:10:30","modified_gmt":"2025-10-16T11:10:30","slug":"dalba-white-truffle-extra-nourishing-cream-60ml","status":"publish","type":"product","link":"https:\/\/www.facecorner.lv\/ru\/shop\/dalba-white-truffle-extra-nourishing-cream-60ml\/","title":{"rendered":"D&#8217;ALBA WHITE TRUFFLE EXTRA-FIRMING CREAM 50ml"},"content":{"rendered":"<p>D'ALBA WHITE TRUFFLE EXTRA-FIRMING CREAM \u043a\u043e\u043c\u043f\u0435\u043d\u0441\u0438\u0440\u0443\u0435\u0442 \u043d\u0435\u0434\u043e\u0441\u0442\u0430\u0442\u043e\u043a \u044d\u043b\u0430\u0441\u0442\u0438\u0447\u043d\u043e\u0441\u0442\u0438, \u0443\u043a\u0440\u0435\u043f\u043b\u044f\u0435\u0442 \u0438 \u0438\u043d\u0442\u0435\u043d\u0441\u0438\u0432\u043d\u043e \u0443\u0432\u043b\u0430\u0436\u043d\u044f\u0435\u0442, \u0443\u043c\u0435\u043d\u044c\u0448\u0430\u044f \u0432\u0438\u0434\u0438\u043c\u043e\u0441\u0442\u044c \u0432\u043e\u0437\u0440\u0430\u0441\u0442\u043d\u044b\u0445 \u0438\u0437\u043c\u0435\u043d\u0435\u043d\u0438\u0439. \u0421\u043e\u0434\u0435\u0440\u0436\u0438\u0442 \u0432\u044b\u0441\u043e\u043a\u0443\u044e \u043a\u043e\u043d\u0446\u0435\u043d\u0442\u0440\u0430\u0446\u0438\u044e \u0430\u043d\u0442\u0438\u0432\u043e\u0437\u0440\u0430\u0441\u0442\u043d\u044b\u0445 \u0438\u043d\u0433\u0440\u0435\u0434\u0438\u0435\u043d\u0442\u043e\u0432: \u043a\u043e\u043c\u043f\u043b\u0435\u043a\u0441 Trufferol\u2122, \u0441\u043e\u0434\u0435\u0440\u0436\u0430\u0449\u0438\u0439 \u044d\u043a\u0441\u0442\u0440\u0430\u043a\u0442 \u0431\u0435\u043b\u043e\u0433\u043e \u0442\u0440\u044e\u0444\u0435\u043b\u044f \u0438 \u0442\u043e\u043a\u043e\u0444\u0435\u0440\u043e\u043b, \u0430 \u0442\u0430\u043a\u0436\u0435 \u043c\u0430\u0441\u043b\u043e \u043c\u0430\u043d\u0433\u043e, \u0432\u0435\u0433\u0430\u043d\u0441\u043a\u0438\u0439 \u043a\u043e\u043b\u043b\u0430\u0433\u0435\u043d, \u0432\u0435\u0433\u0430\u043d\u0441\u043a\u0438\u0435 \u043a\u0435\u0440\u0430\u043c\u0438\u0434\u044b \u0438 \u043a\u043e\u043c\u043f\u043b\u0435\u043a\u0441 \u0438\u0437 8 \u043c\u0430\u0441\u0435\u043b.<\/p>\n<p>\u0422\u0430\u043a\u043e\u0439 \u0441\u043e\u0441\u0442\u0430\u0432 \u0434\u0430\u0435\u0442 \u043a\u043e\u0436\u0435 \u043c\u043e\u0449\u043d\u044b\u0439 \u0437\u0430\u0440\u044f\u0434 \u043c\u043e\u043b\u043e\u0434\u043e\u0441\u0442\u0438, \u0434\u0435\u043b\u0430\u044f \u0435\u0435 \u0431\u043e\u043b\u0435\u0435 \u0443\u043f\u0440\u0443\u0433\u043e\u0439 \u0438 \u0438\u043d\u0442\u0435\u043d\u0441\u0438\u0432\u043d\u043e \u0443\u0441\u0442\u0440\u0430\u043d\u044f\u044f \u043c\u043e\u0440\u0449\u0438\u043d\u043a\u0438. \u0410 \u043a\u043e\u043c\u043f\u043b\u0435\u043a\u0441 \u043c\u0430\u0441\u0435\u043b \u043c\u0430\u043d\u0433\u043e, \u043e\u043b\u0438\u0432\u044b, \u043c\u0430\u043a\u0430\u0434\u0430\u043c\u0438\u0438, \u0436\u043e\u0436\u043e\u0431\u0430 \u0438 \u0430\u0432\u043e\u043a\u0430\u0434\u043e \u043f\u043e\u043c\u043e\u0433\u0443\u0442 \u0441\u043f\u0440\u0430\u0432\u0438\u0442\u044c\u0441\u044f \u0441 \u043b\u044e\u0431\u044b\u043c \u0441\u0442\u0440\u0435\u0441\u0441\u043e\u043c \u043a\u043e\u0436\u0438 \u043f\u0440\u0438 \u043e\u0431\u0432\u0435\u0442\u0440\u0438\u0432\u0430\u043d\u0438\u0438, \u0441\u0443\u0445\u043e\u0441\u0442\u0438, \u0440\u0430\u0437\u0434\u0440\u0430\u0436\u0435\u043d\u0438\u0438 \u0438  \u0447\u0443\u0432\u0441\u0442\u0432\u0435 \u0441\u0442\u044f\u043d\u0443\u0442\u043e\u0441\u0442\u0438.\n\u041a\u0440\u0435\u043c D'Alba White Truffle Extra Nourishing Cream \u2014 \u044d\u0442\u043e \u043c\u043e\u043b\u043e\u0434\u043e\u0441\u0442\u044c \u0438 \u043a\u043e\u043c\u0444\u043e\u0440\u0442 \u043a\u043e\u0436\u0438 \u0432 \u043b\u044e\u0431\u043e\u0435 \u0432\u0440\u0435\u043c\u044f \u0433\u043e\u0434\u0430!<\/p>\n<p>\u0422\u0435\u043a\u0441\u0442\u0443\u0440\u0430: \u043d\u0430\u0441\u044b\u0449\u0435\u043d\u043d\u0430\u044f, \u043f\u043b\u043e\u0442\u043d\u0430\u044f, \u0442\u0430\u044e\u0449\u0430\u044f \u043d\u0430 \u043a\u043e\u0436\u0435 \u043a\u043e\u043d\u0441\u0438\u0441\u0442\u0435\u043d\u0446\u0438\u044f. \u041f\u0440\u0438 \u044d\u0442\u043e\u043c \u043a\u0440\u0435\u043c \u043e\u0442\u043b\u0438\u0447\u043d\u043e \u0440\u0430\u0437\u043d\u043e\u0441\u0438\u0442\u044c\u0441\u044f \u0438 \u0432\u043f\u0438\u0442\u044b\u0432\u0430\u0435\u0442\u0441\u044f, \u043d\u0435 \u043e\u0441\u0442\u0430\u0432\u043b\u044f\u044f \u043f\u043b\u0435\u043d\u043a\u0438.<\/p>\n<p>\u041f\u043e\u0434\u0445\u043e\u0434\u0438\u0442 \u0434\u043b\u044f \u043d\u043e\u0440\u043c\u0430\u043b\u044c\u043d\u043e\u0439, \u0441\u0443\u0445\u043e\u0439, \u0447\u0443\u0432\u0441\u0442\u0432\u0438\u0442\u0435\u043b\u044c\u043d\u043e\u0439 \u043a\u043e\u0436\u0438.<\/p>\n<p><strong>\u0421\u043f\u043e\u0441\u043e\u0431 \u043f\u0440\u0438\u043c\u0435\u043d\u0435\u043d\u0438\u044f:<\/strong> \u043f\u043e\u0441\u043b\u0435 \u043e\u0447\u0438\u0449\u0435\u043d\u0438\u044f, \u0442\u043e\u043d\u0438\u0437\u0438\u0440\u043e\u0432\u0430\u043d\u0438\u044f \u0438 \u0438\u0441\u043f\u043e\u043b\u044c\u0437\u043e\u0432\u0430\u043d\u0438\u044f \u0441\u044b\u0432\u043e\u0440\u043e\u0442\u043a\u0438 \u043d\u0430\u043d\u0435\u0441\u0438\u0442\u0435 \u043a\u0440\u0435\u043c \u043d\u0430 \u043b\u0438\u0446\u043e, \u0440\u0430\u0441\u043f\u0440\u0435\u0434\u0435\u043b\u0438\u0442\u0435 \u043f\u043e \u043a\u043e\u0436\u0435.<\/p>\n<p><strong>\u0421\u043e\u0441\u0442\u0430\u0432 <\/strong>Water, glycerin, mango seed butter, cyclopentasiloxane, cetearyl alcohol, cyclohexasiloxane, 1,2-Hexanediol, cetearylethylhexanoate, myristic acid, niacinamide, palmitic acid, olive oil, cetyl ethylhexanoate, white truffle extract, tocopherol, collagen extract, ceramide NP, cetearyl olivate, sorbitan olivate, peg-150 distearate, ethylhexyl palmitate, macadamia seed oil, cetearyl glucoside, sunflower seed oil, sodium polyacrylate, shea butter, hydride Rosenated polydecene, butylene glycol, ethylhexylglycerin, xanthan gum,\u00a0adenosine, disodium edta, stone bean oil, avocado oil, evening primrose oil, camellia seed oil, trideceth-6, olive tree leaf extract, lemon balm extract, green tea extract, chamomile flower extract, hibiscus flower extract, lavender flower extract, eucalyptus leaf extract, lemongrass extract, common jasmine extract, port marigold flower extract, apple mint leaf extract, rosemary leaf extract, salvia extract, tea tree extract, Peppermint leaf extract, glucose, caramel, vitaminosis fruit oil, annatto seed oil, mannose, fragrance, linalool, hexylcinnamal, limonene, citronellol, citral<\/p>","protected":false},"excerpt":{"rendered":"<p>D'ALBA WHITE TRUFFLE EXTRA-FIRMING CREAM \u043a\u043e\u043c\u043f\u0435\u043d\u0441\u0438\u0440\u0443\u0435\u0442 \u043d\u0435\u0434\u043e\u0441\u0442\u0430\u0442\u043e\u043a \u044d\u043b\u0430\u0441\u0442\u0438\u0447\u043d\u043e\u0441\u0442\u0438, \u0443\u043a\u0440\u0435\u043f\u043b\u044f\u0435\u0442 \u0438 \u0438\u043d\u0442\u0435\u043d\u0441\u0438\u0432\u043d\u043e \u0443\u0432\u043b\u0430\u0436\u043d\u044f\u0435\u0442, \u0443\u043c\u0435\u043d\u044c\u0448\u0430\u044f \u0432\u0438\u0434\u0438\u043c\u043e\u0441\u0442\u044c \u0432\u043e\u0437\u0440\u0430\u0441\u0442\u043d\u044b\u0445 \u0438\u0437\u043c\u0435\u043d\u0435\u043d\u0438\u0439. \u0421\u043e\u0434\u0435\u0440\u0436\u0438\u0442 \u0432\u044b\u0441\u043e\u043a\u0443\u044e \u043a\u043e\u043d\u0446\u0435\u043d\u0442\u0440\u0430\u0446\u0438\u044e \u0430\u043d\u0442\u0438\u0432\u043e\u0437\u0440\u0430\u0441\u0442\u043d\u044b\u0445 \u0438\u043d\u0433\u0440\u0435\u0434\u0438\u0435\u043d\u0442\u043e\u0432: \u043a\u043e\u043c\u043f\u043b\u0435\u043a\u0441 Trufferol\u2122, \u0441\u043e\u0434\u0435\u0440\u0436\u0430\u0449\u0438\u0439 \u044d\u043a\u0441\u0442\u0440\u0430\u043a\u0442 \u0431\u0435\u043b\u043e\u0433\u043e \u0442\u0440\u044e\u0444\u0435\u043b\u044f \u0438 \u0442\u043e\u043a\u043e\u0444\u0435\u0440\u043e\u043b, \u0430 \u0442\u0430\u043a\u0436\u0435 \u043c\u0430\u0441\u043b\u043e \u043c\u0430\u043d\u0433\u043e, \u0432\u0435\u0433\u0430\u043d\u0441\u043a\u0438\u0439 \u043a\u043e\u043b\u043b\u0430\u0433\u0435\u043d, \u0432\u0435\u0433\u0430\u043d\u0441\u043a\u0438\u0435 \u043a\u0435\u0440\u0430\u043c\u0438\u0434\u044b \u0438 \u043a\u043e\u043c\u043f\u043b\u0435\u043a\u0441 \u0438\u0437 8 \u043c\u0430\u0441\u0435\u043b.<\/p>","protected":false},"featured_media":21414,"comment_status":"open","ping_status":"closed","template":"","meta":{"site-sidebar-layout":"default","site-content-layout":"","ast-site-content-layout":"default","site-content-style":"default","site-sidebar-style":"default","ast-global-header-display":"","ast-banner-title-visibility":"","ast-main-header-display":"","ast-hfb-above-header-display":"","ast-hfb-below-header-display":"","ast-hfb-mobile-header-display":"","site-post-title":"","ast-breadcrumbs-content":"","ast-featured-img":"","footer-sml-layout":"","theme-transparent-header-meta":"default","adv-header-id-meta":"","stick-header-meta":"","header-above-stick-meta":"","header-main-stick-meta":"","header-below-stick-meta":"","astra-migrate-meta-layouts":"set","ast-page-background-enabled":"default","ast-page-background-meta":{"desktop":{"background-color":"var(--ast-global-color-4)","background-image":"","background-repeat":"repeat","background-position":"center center","background-size":"auto","background-attachment":"scroll","background-type":"","background-media":"","overlay-type":"","overlay-color":"","overlay-opacity":"","overlay-gradient":""},"tablet":{"background-color":"","background-image":"","background-repeat":"repeat","background-position":"center center","background-size":"auto","background-attachment":"scroll","background-type":"","background-media":"","overlay-type":"","overlay-color":"","overlay-opacity":"","overlay-gradient":""},"mobile":{"background-color":"","background-image":"","background-repeat":"repeat","background-position":"center center","background-size":"auto","background-attachment":"scroll","background-type":"","background-media":"","overlay-type":"","overlay-color":"","overlay-opacity":"","overlay-gradient":""}},"ast-content-background-meta":{"desktop":{"background-color":"var(--ast-global-color-5)","background-image":"","background-repeat":"repeat","background-position":"center center","background-size":"auto","background-attachment":"scroll","background-type":"","background-media":"","overlay-type":"","overlay-color":"","overlay-opacity":"","overlay-gradient":""},"tablet":{"background-color":"var(--ast-global-color-5)","background-image":"","background-repeat":"repeat","background-position":"center center","background-size":"auto","background-attachment":"scroll","background-type":"","background-media":"","overlay-type":"","overlay-color":"","overlay-opacity":"","overlay-gradient":""},"mobile":{"background-color":"var(--ast-global-color-5)","background-image":"","background-repeat":"repeat","background-position":"center center","background-size":"auto","background-attachment":"scroll","background-type":"","background-media":"","overlay-type":"","overlay-color":"","overlay-opacity":"","overlay-gradient":""}}},"product_brand":[],"product_cat":[365,380,366,368,379,362],"product_tag":[],"berocket_brand":[572],"class_list":{"0":"post-8745","1":"product","2":"type-product","3":"status-publish","4":"has-post-thumbnail","6":"product_cat-barojoss","7":"product_cat-kombinetai-adai","8":"product_cat-mitrinoss","9":"product_cat-pret-grumbam","10":"product_cat-sausai-adai-anti-age","11":"product_cat-sejas-krems","12":"berocket_brand-dalba","13":"desktop-align-left","14":"tablet-align-left","15":"mobile-align-left","17":"first","18":"outofstock","19":"taxable","20":"shipping-taxable","21":"purchasable","22":"product-type-simple","23":"add-to-wishlist-before_image"},"yoast_head":"<!-- This site is optimized with the Yoast SEO plugin v27.4 - https:\/\/yoast.com\/product\/yoast-seo-wordpress\/ -->\n<title>D&#039;ALBA WHITE TRUFFLE EXTRA-FIRMING CREAM 50ml - FACECORNER<\/title>\n<meta name=\"description\" content=\"vD&#039;ALBA WHITE TRUFFLE EXTRA-FIRMING CREAM kompens\u0113 elast\u012bbas tr\u016bkumu, stiprina un intens\u012bvi mitrina, samazinot ar vecumu saist\u012bto izmai\u0146u redzam\u012bbu.\" \/>\n<meta name=\"robots\" content=\"index, follow, max-snippet:-1, max-image-preview:large, max-video-preview:-1\" \/>\n<link rel=\"canonical\" href=\"https:\/\/www.facecorner.lv\/ru\/shop\/dalba-white-truffle-extra-nourishing-cream-60ml\/\" \/>\n<meta property=\"og:locale\" content=\"ru_RU\" \/>\n<meta property=\"og:type\" content=\"article\" \/>\n<meta property=\"og:title\" content=\"D&#039;ALBA WHITE TRUFFLE EXTRA-FIRMING CREAM 50ml - FACECORNER\" \/>\n<meta property=\"og:description\" content=\"vD&#039;ALBA WHITE TRUFFLE EXTRA-FIRMING CREAM kompens\u0113 elast\u012bbas tr\u016bkumu, stiprina un intens\u012bvi mitrina, samazinot ar vecumu saist\u012bto izmai\u0146u redzam\u012bbu.\" \/>\n<meta property=\"og:url\" content=\"https:\/\/www.facecorner.lv\/ru\/shop\/dalba-white-truffle-extra-nourishing-cream-60ml\/\" \/>\n<meta property=\"og:site_name\" content=\"FACECORNER\" \/>\n<meta property=\"article:publisher\" content=\"https:\/\/www.facebook.com\/profile.php?id=100063824551839\" \/>\n<meta property=\"article:modified_time\" content=\"2025-10-16T11:10:30+00:00\" \/>\n<meta property=\"og:image\" content=\"https:\/\/www.facecorner.lv\/wp-content\/uploads\/2023\/03\/IMG_4741.jpeg\" \/>\n\t<meta property=\"og:image:width\" content=\"1320\" \/>\n\t<meta property=\"og:image:height\" content=\"1320\" \/>\n\t<meta property=\"og:image:type\" content=\"image\/jpeg\" \/>\n<meta name=\"twitter:card\" content=\"summary_large_image\" \/>\n<meta name=\"twitter:label1\" content=\"\u0426\u0435\u043d\u0430\" \/>\n\t<meta name=\"twitter:data1\" content=\"&euro;33.00\" \/>\n\t<meta name=\"twitter:label2\" content=\"\u0414\u043e\u0441\u0442\u0443\u043f\u043d\u043e\u0441\u0442\u044c\" \/>\n\t<meta name=\"twitter:data2\" content=\"\u0420\u0430\u0441\u043f\u0440\u043e\u0434\u0430\u043d\u043e\" \/>\n<script type=\"application\/ld+json\" class=\"yoast-schema-graph\">{\"@context\":\"https:\\\/\\\/schema.org\",\"@graph\":[{\"@type\":\"WebPage\",\"@id\":\"https:\\\/\\\/www.facecorner.lv\\\/shop\\\/dalba-white-truffle-extra-nourishing-cream-60ml\\\/\",\"url\":\"https:\\\/\\\/www.facecorner.lv\\\/shop\\\/dalba-white-truffle-extra-nourishing-cream-60ml\\\/\",\"name\":\"D'ALBA WHITE TRUFFLE EXTRA-FIRMING CREAM 50ml - FACECORNER\",\"isPartOf\":{\"@id\":\"https:\\\/\\\/www.facecorner.lv\\\/#website\"},\"primaryImageOfPage\":{\"@id\":\"https:\\\/\\\/www.facecorner.lv\\\/shop\\\/dalba-white-truffle-extra-nourishing-cream-60ml\\\/#primaryimage\"},\"image\":{\"@id\":\"https:\\\/\\\/www.facecorner.lv\\\/shop\\\/dalba-white-truffle-extra-nourishing-cream-60ml\\\/#primaryimage\"},\"thumbnailUrl\":\"https:\\\/\\\/www.facecorner.lv\\\/wp-content\\\/uploads\\\/2023\\\/03\\\/IMG_4741.jpeg\",\"datePublished\":\"2023-03-30T07:42:18+00:00\",\"dateModified\":\"2025-10-16T11:10:30+00:00\",\"description\":\"vD'ALBA WHITE TRUFFLE EXTRA-FIRMING CREAM kompens\u0113 elast\u012bbas tr\u016bkumu, stiprina un intens\u012bvi mitrina, samazinot ar vecumu saist\u012bto izmai\u0146u redzam\u012bbu.\",\"breadcrumb\":{\"@id\":\"https:\\\/\\\/www.facecorner.lv\\\/shop\\\/dalba-white-truffle-extra-nourishing-cream-60ml\\\/#breadcrumb\"},\"inLanguage\":\"ru-RU\",\"potentialAction\":[{\"@type\":\"ReadAction\",\"target\":[\"https:\\\/\\\/www.facecorner.lv\\\/shop\\\/dalba-white-truffle-extra-nourishing-cream-60ml\\\/\"]}]},{\"@type\":\"ImageObject\",\"inLanguage\":\"ru-RU\",\"@id\":\"https:\\\/\\\/www.facecorner.lv\\\/shop\\\/dalba-white-truffle-extra-nourishing-cream-60ml\\\/#primaryimage\",\"url\":\"https:\\\/\\\/www.facecorner.lv\\\/wp-content\\\/uploads\\\/2023\\\/03\\\/IMG_4741.jpeg\",\"contentUrl\":\"https:\\\/\\\/www.facecorner.lv\\\/wp-content\\\/uploads\\\/2023\\\/03\\\/IMG_4741.jpeg\",\"width\":1320,\"height\":1320},{\"@type\":\"BreadcrumbList\",\"@id\":\"https:\\\/\\\/www.facecorner.lv\\\/shop\\\/dalba-white-truffle-extra-nourishing-cream-60ml\\\/#breadcrumb\",\"itemListElement\":[{\"@type\":\"ListItem\",\"position\":1,\"name\":\"Home\",\"item\":\"https:\\\/\\\/www.facecorner.lv\\\/\"},{\"@type\":\"ListItem\",\"position\":2,\"name\":\"Veikals\",\"item\":\"https:\\\/\\\/www.facecorner.lv\\\/shop\\\/\"},{\"@type\":\"ListItem\",\"position\":3,\"name\":\"D&#8217;ALBA WHITE TRUFFLE EXTRA-FIRMING CREAM 50ml\"}]},{\"@type\":\"WebSite\",\"@id\":\"https:\\\/\\\/www.facecorner.lv\\\/#website\",\"url\":\"https:\\\/\\\/www.facecorner.lv\\\/\",\"name\":\"Facecorner\",\"description\":\"\",\"publisher\":{\"@id\":\"https:\\\/\\\/www.facecorner.lv\\\/#organization\"},\"potentialAction\":[{\"@type\":\"SearchAction\",\"target\":{\"@type\":\"EntryPoint\",\"urlTemplate\":\"https:\\\/\\\/www.facecorner.lv\\\/?s={search_term_string}\"},\"query-input\":{\"@type\":\"PropertyValueSpecification\",\"valueRequired\":true,\"valueName\":\"search_term_string\"}}],\"inLanguage\":\"ru-RU\"},{\"@type\":\"Organization\",\"@id\":\"https:\\\/\\\/www.facecorner.lv\\\/#organization\",\"name\":\"Facecorner\",\"url\":\"https:\\\/\\\/www.facecorner.lv\\\/\",\"logo\":{\"@type\":\"ImageObject\",\"inLanguage\":\"ru-RU\",\"@id\":\"https:\\\/\\\/www.facecorner.lv\\\/#\\\/schema\\\/logo\\\/image\\\/\",\"url\":\"https:\\\/\\\/www.facecorner.lv\\\/wp-content\\\/uploads\\\/2024\\\/04\\\/fc-logo.jpg\",\"contentUrl\":\"https:\\\/\\\/www.facecorner.lv\\\/wp-content\\\/uploads\\\/2024\\\/04\\\/fc-logo.jpg\",\"width\":174,\"height\":28,\"caption\":\"Facecorner\"},\"image\":{\"@id\":\"https:\\\/\\\/www.facecorner.lv\\\/#\\\/schema\\\/logo\\\/image\\\/\"},\"sameAs\":[\"https:\\\/\\\/www.facebook.com\\\/profile.php?id=100063824551839\",\"https:\\\/\\\/www.instagram.com\\\/facecorner_shop\\\/\"]}]}<\/script>\n<meta property=\"product:price:amount\" content=\"33.00\" \/>\n<meta property=\"product:price:currency\" content=\"EUR\" \/>\n<meta property=\"og:availability\" content=\"out of stock\" \/>\n<meta property=\"product:availability\" content=\"out of stock\" \/>\n<meta property=\"product:condition\" content=\"new\" \/>\n<!-- \/ Yoast SEO plugin. -->","yoast_head_json":{"title":"D'ALBA WHITE TRUFFLE EXTRA-FIRMING CREAM 50ml - FACECORNER","description":"vD'ALBA WHITE TRUFFLE EXTRA-FIRMING CREAM kompens\u0113 elast\u012bbas tr\u016bkumu, stiprina un intens\u012bvi mitrina, samazinot ar vecumu saist\u012bto izmai\u0146u redzam\u012bbu.","robots":{"index":"index","follow":"follow","max-snippet":"max-snippet:-1","max-image-preview":"max-image-preview:large","max-video-preview":"max-video-preview:-1"},"canonical":"https:\/\/www.facecorner.lv\/ru\/shop\/dalba-white-truffle-extra-nourishing-cream-60ml\/","og_locale":"ru_RU","og_type":"article","og_title":"D'ALBA WHITE TRUFFLE EXTRA-FIRMING CREAM 50ml - FACECORNER","og_description":"vD'ALBA WHITE TRUFFLE EXTRA-FIRMING CREAM kompens\u0113 elast\u012bbas tr\u016bkumu, stiprina un intens\u012bvi mitrina, samazinot ar vecumu saist\u012bto izmai\u0146u redzam\u012bbu.","og_url":"https:\/\/www.facecorner.lv\/ru\/shop\/dalba-white-truffle-extra-nourishing-cream-60ml\/","og_site_name":"FACECORNER","article_publisher":"https:\/\/www.facebook.com\/profile.php?id=100063824551839","article_modified_time":"2025-10-16T11:10:30+00:00","og_image":[{"width":1320,"height":1320,"url":"https:\/\/www.facecorner.lv\/wp-content\/uploads\/2023\/03\/IMG_4741.jpeg","type":"image\/jpeg"}],"twitter_card":"summary_large_image","twitter_misc":{"\u0426\u0435\u043d\u0430":"&euro;33.00","\u0414\u043e\u0441\u0442\u0443\u043f\u043d\u043e\u0441\u0442\u044c":"\u0420\u0430\u0441\u043f\u0440\u043e\u0434\u0430\u043d\u043e"},"schema":{"@context":"https:\/\/schema.org","@graph":[{"@type":"WebPage","@id":"https:\/\/www.facecorner.lv\/shop\/dalba-white-truffle-extra-nourishing-cream-60ml\/","url":"https:\/\/www.facecorner.lv\/shop\/dalba-white-truffle-extra-nourishing-cream-60ml\/","name":"D'ALBA WHITE TRUFFLE EXTRA-FIRMING CREAM 50ml - FACECORNER","isPartOf":{"@id":"https:\/\/www.facecorner.lv\/#website"},"primaryImageOfPage":{"@id":"https:\/\/www.facecorner.lv\/shop\/dalba-white-truffle-extra-nourishing-cream-60ml\/#primaryimage"},"image":{"@id":"https:\/\/www.facecorner.lv\/shop\/dalba-white-truffle-extra-nourishing-cream-60ml\/#primaryimage"},"thumbnailUrl":"https:\/\/www.facecorner.lv\/wp-content\/uploads\/2023\/03\/IMG_4741.jpeg","datePublished":"2023-03-30T07:42:18+00:00","dateModified":"2025-10-16T11:10:30+00:00","description":"vD'ALBA WHITE TRUFFLE EXTRA-FIRMING CREAM kompens\u0113 elast\u012bbas tr\u016bkumu, stiprina un intens\u012bvi mitrina, samazinot ar vecumu saist\u012bto izmai\u0146u redzam\u012bbu.","breadcrumb":{"@id":"https:\/\/www.facecorner.lv\/shop\/dalba-white-truffle-extra-nourishing-cream-60ml\/#breadcrumb"},"inLanguage":"ru-RU","potentialAction":[{"@type":"ReadAction","target":["https:\/\/www.facecorner.lv\/shop\/dalba-white-truffle-extra-nourishing-cream-60ml\/"]}]},{"@type":"ImageObject","inLanguage":"ru-RU","@id":"https:\/\/www.facecorner.lv\/shop\/dalba-white-truffle-extra-nourishing-cream-60ml\/#primaryimage","url":"https:\/\/www.facecorner.lv\/wp-content\/uploads\/2023\/03\/IMG_4741.jpeg","contentUrl":"https:\/\/www.facecorner.lv\/wp-content\/uploads\/2023\/03\/IMG_4741.jpeg","width":1320,"height":1320},{"@type":"BreadcrumbList","@id":"https:\/\/www.facecorner.lv\/shop\/dalba-white-truffle-extra-nourishing-cream-60ml\/#breadcrumb","itemListElement":[{"@type":"ListItem","position":1,"name":"Home","item":"https:\/\/www.facecorner.lv\/"},{"@type":"ListItem","position":2,"name":"Veikals","item":"https:\/\/www.facecorner.lv\/shop\/"},{"@type":"ListItem","position":3,"name":"D&#8217;ALBA WHITE TRUFFLE EXTRA-FIRMING CREAM 50ml"}]},{"@type":"WebSite","@id":"https:\/\/www.facecorner.lv\/#website","url":"https:\/\/www.facecorner.lv\/","name":"Facecorner","description":"","publisher":{"@id":"https:\/\/www.facecorner.lv\/#organization"},"potentialAction":[{"@type":"SearchAction","target":{"@type":"EntryPoint","urlTemplate":"https:\/\/www.facecorner.lv\/?s={search_term_string}"},"query-input":{"@type":"PropertyValueSpecification","valueRequired":true,"valueName":"search_term_string"}}],"inLanguage":"ru-RU"},{"@type":"Organization","@id":"https:\/\/www.facecorner.lv\/#organization","name":"Facecorner","url":"https:\/\/www.facecorner.lv\/","logo":{"@type":"ImageObject","inLanguage":"ru-RU","@id":"https:\/\/www.facecorner.lv\/#\/schema\/logo\/image\/","url":"https:\/\/www.facecorner.lv\/wp-content\/uploads\/2024\/04\/fc-logo.jpg","contentUrl":"https:\/\/www.facecorner.lv\/wp-content\/uploads\/2024\/04\/fc-logo.jpg","width":174,"height":28,"caption":"Facecorner"},"image":{"@id":"https:\/\/www.facecorner.lv\/#\/schema\/logo\/image\/"},"sameAs":["https:\/\/www.facebook.com\/profile.php?id=100063824551839","https:\/\/www.instagram.com\/facecorner_shop\/"]}]},"product_price_amount":"33.00","product_price_currency":"EUR","og_availability":"out of stock","product_availability":"out of stock","product_condition":"new"},"_links":{"self":[{"href":"https:\/\/www.facecorner.lv\/ru\/wp-json\/wp\/v2\/product\/8745","targetHints":{"allow":["GET"]}}],"collection":[{"href":"https:\/\/www.facecorner.lv\/ru\/wp-json\/wp\/v2\/product"}],"about":[{"href":"https:\/\/www.facecorner.lv\/ru\/wp-json\/wp\/v2\/types\/product"}],"replies":[{"embeddable":true,"href":"https:\/\/www.facecorner.lv\/ru\/wp-json\/wp\/v2\/comments?post=8745"}],"wp:featuredmedia":[{"embeddable":true,"href":"https:\/\/www.facecorner.lv\/ru\/wp-json\/wp\/v2\/media\/21414"}],"wp:attachment":[{"href":"https:\/\/www.facecorner.lv\/ru\/wp-json\/wp\/v2\/media?parent=8745"}],"wp:term":[{"taxonomy":"product_brand","embeddable":true,"href":"https:\/\/www.facecorner.lv\/ru\/wp-json\/wp\/v2\/product_brand?post=8745"},{"taxonomy":"product_cat","embeddable":true,"href":"https:\/\/www.facecorner.lv\/ru\/wp-json\/wp\/v2\/product_cat?post=8745"},{"taxonomy":"product_tag","embeddable":true,"href":"https:\/\/www.facecorner.lv\/ru\/wp-json\/wp\/v2\/product_tag?post=8745"},{"taxonomy":"berocket_brand","embeddable":true,"href":"https:\/\/www.facecorner.lv\/ru\/wp-json\/wp\/v2\/berocket_brand?post=8745"}],"curies":[{"name":"wp","href":"https:\/\/api.w.org\/{rel}","templated":true}]}}