{"id":8742,"date":"2023-03-30T09:39:12","date_gmt":"2023-03-30T07:39:12","guid":{"rendered":"https:\/\/facecorner.shop\/?post_type=product&#038;p=8742"},"modified":"2026-03-18T11:57:31","modified_gmt":"2026-03-18T08:57:31","slug":"dalba-white-truffle-supreme-intensive-serum-100ml","status":"publish","type":"product","link":"https:\/\/www.facecorner.lv\/ru\/shop\/dalba-white-truffle-supreme-intensive-serum-100ml\/","title":{"rendered":"d&#8217;Alba White Truffle Supreme Intensive Serum 100ml\/50ml"},"content":{"rendered":"<p>d\u2019Alba White Truffle Supreme Intensive Serum \u0410\u043d\u0442\u0438\u043e\u043a\u0441\u0438\u0434\u0430\u043d\u0442\u043d\u0430\u044f \u0441\u044b\u0432\u043e\u0440\u043e\u0442\u043a\u0430-\u0441\u043f\u0440\u0435\u0439 \u0441 \u0431\u0435\u043b\u044b\u043c \u0442\u0440\u044e\u0444\u0435\u043b\u0435\u043c \u043c\u043e\u043c\u0435\u043d\u0442\u0430\u043b\u044c\u043d\u043e \u0443\u0432\u043b\u0430\u0436\u043d\u044f\u0435\u0442, \u043f\u0438\u0442\u0430\u0435\u0442 \u0438 \u0440\u0430\u0437\u0433\u043b\u0430\u0436\u0438\u0432\u0430\u0435\u0442 \u043a\u043e\u0436\u0443, \u043f\u0440\u0438 \u0434\u043b\u0438\u0442\u0435\u043b\u044c\u043d\u043e\u043c \u043f\u0440\u0438\u043c\u0435\u043d\u0435\u043d\u0438\u0438 \u043f\u043e\u0432\u044b\u0448\u0430\u0435\u0442 \u0443\u043f\u0440\u0443\u0433\u043e\u0441\u0442\u044c \u0438 \u044d\u043b\u0430\u0441\u0442\u0438\u0447\u043d\u043e\u0441\u0442\u044c, \u0437\u0430\u043c\u0435\u0434\u043b\u044f\u0435\u0442 \u043f\u0440\u043e\u0446\u0435\u0441\u0441 \u0441\u0442\u0430\u0440\u0435\u043d\u0438\u044f. \u041f\u0440\u0438\u0434\u0430\u0451\u0442 \u0435\u0441\u0442\u0435\u0441\u0442\u0432\u0435\u043d\u043d\u043e\u0435 \u0441\u0438\u044f\u043d\u0438\u0435, \u0443\u043b\u0443\u0447\u0448\u0430\u0435\u0442 \u0442\u0435\u043a\u0441\u0442\u0443\u0440\u0443 \u043a\u043e\u0436\u0438. \u0421\u0440\u0435\u0434\u0441\u0442\u0432\u043e \u043d\u0430 \u043e\u0441\u043d\u043e\u0432\u0435 \u043a\u043e\u043b\u043b\u0430\u0433\u0435\u043d\u0430 \u0438\u043c\u0435\u0435\u0442 \u0434\u0432\u0443\u0445\u0444\u0430\u0437\u043d\u0443\u044e \u0442\u0435\u043a\u0441\u0442\u0443\u0440\u0443, \u0441\u043e\u0434\u0435\u0440\u0436\u0438\u0442 8 \u043f\u0438\u0442\u0430\u0442\u0435\u043b\u044c\u043d\u044b\u0445 \u043c\u0430\u0441\u0435\u043b, \u043a\u043e\u043c\u043f\u043b\u0435\u043a\u0441 Trufferol\u2122 \u0438 \u043f\u0435\u043f\u0442\u0438\u0434\u044b. \u0412\u0435\u0433\u0430\u043d\u0441\u043a\u0430\u044f \u0444\u043e\u0440\u043c\u0443\u043b\u0430 \u043d\u0435 \u0441\u043e\u0434\u0435\u0440\u0436\u0438\u0442 \u043a\u043e\u043c\u043f\u043e\u043d\u0435\u043d\u0442\u043e\u0432 \u0436\u0438\u0432\u043e\u0442\u043d\u043e\u0433\u043e \u043f\u0440\u043e\u0438\u0441\u0445\u043e\u0436\u0434\u0435\u043d\u0438\u044f.<\/p>\n<p>\u0412 \u043e\u0441\u043d\u043e\u0432\u0435 \u0444\u043e\u0440\u043c\u0443\u043b\u044b \u2014 \u0437\u0430\u043f\u0430\u0442\u0435\u043d\u0442\u043e\u0432\u0430\u043d\u043d\u044b\u0439 \u043a\u043e\u043c\u043f\u043b\u0435\u043a\u0441 Trufferol\u2122, \u0441\u043e\u0441\u0442\u043e\u044f\u0449\u0438\u0439 \u0438\u0437 \u044d\u043a\u0441\u0442\u0440\u0430\u043a\u0442\u0430 \u0431\u0435\u043b\u043e\u0433\u043e \u0442\u0440\u044e\u0444\u0435\u043b\u044f \u0438 \u0442\u043e\u043a\u043e\u0444\u0435\u0440\u043e\u043b\u0430. \u041a\u043e\u043c\u043f\u043b\u0435\u043a\u0441 \u043e\u043a\u0430\u0437\u044b\u0432\u0430\u0435\u0442 \u0430\u043d\u0442\u0438\u0432\u043e\u0437\u0440\u0430\u0441\u0442\u043d\u043e\u0435 \u0434\u0435\u0439\u0441\u0442\u0432\u0438\u0435, \u043f\u0440\u0438\u0434\u0430\u0451\u0442 \u0443\u043f\u0440\u0443\u0433\u043e\u0441\u0442\u044c \u0438 \u044d\u043b\u0430\u0441\u0442\u0438\u0447\u043d\u043e\u0441\u0442\u044c, \u0440\u0430\u0437\u0433\u043b\u0430\u0436\u0438\u0432\u0430\u0435\u0442 \u0440\u0435\u043b\u044c\u0435\u0444, \u0434\u0435\u043b\u0430\u0435\u0442 \u043a\u043e\u0436\u0443 \u043c\u044f\u0433\u043a\u043e\u0439 \u0438 \u0440\u043e\u0432\u043d\u043e\u0439.<\/p>\n<p>\u041f\u043e\u0434\u0445\u043e\u0434\u0438\u0442 \u0434\u043b\u044f \u0432\u0441\u0435\u0445 \u0442\u0438\u043f\u043e\u0432 \u043a\u043e\u0436\u0438<\/p>\n<p><strong>\u0421\u043f\u043e\u0441\u043e\u0431 \u043f\u0440\u0438\u043c\u0435\u043d\u0435\u043d\u0438\u044f:<\/strong> \u043f\u043e\u0441\u043b\u0435 \u0443\u043c\u044b\u0432\u0430\u043d\u0438\u044f \u0432\u0441\u0442\u0440\u044f\u0445\u043d\u0438\u0442\u0435 \u0444\u043b\u0430\u043a\u043e\u043d, \u0440\u0430\u0441\u043f\u044b\u043b\u0438\u0442\u0435 \u043d\u0430 \u043a\u043e\u0436\u0443 \u043b\u0438\u0446\u0430 \u0441 \u0440\u0430\u0441\u0441\u0442\u043e\u044f\u043d\u0438\u044f 15-20 \u0441\u0430\u043d\u0442\u0438\u043c\u0435\u0442\u0440\u043e\u0432<\/p>\n<p><strong>\u0421\u043e\u0441\u0442\u0430\u0432<\/strong>Collagen Extract, Helianthus Annuus (Sunflower) Seed Oil, Dipropylene Glycol, Glycereth-26, 1,2-Hexanediol, Niacinamide, Tuber Magnatum Extract, Polypropylsilsesquioxane, Tocopherol, Caprylic\/Capric Triglyceride, Macadamia Ternifolia Seed Oil, Butylene Glycol, Hydroxyethyl Urea, Betaine, Camellia Japonica Seed Oil, Persea Gratissima (Avocado) Oil, Eucalyptus Globulus Leaf Water, Saccharide Isomerate, Centella Asiatica Leaf Extract, Glyceryl Glucoside, Glycerin, Ethylhexylglycerin, Carthamus Tinctorius (Safflower) Seed Oil, Dipotassium Glycyrrhizate, Disodium EDTA, Olea Europaea (Olive) Fruit Oil, Pentaerythrityl Tetra-di-t-butyl Hydroxyhydrocinnamate, Simmondsia Chinensis (Jojoba) Seed Oil, Adenosine, Ocimum Basilicum (Basil) Flower\/Leaf\/Stem Extract, Glycine Soja (Soybean) Oil, Avena Sativa (Oat) Kernel Extract, Salvia Hispanica Seed Extract, Nelumbo Nucifera Flower Extract, Oryza Sativa (Rice) Extract, Artemisia Annua Extract, Saccharomyces Ferment, Bifida Ferment Lysate, Hibiscus Esculentus Fruit Extract, Hydrolyzed Hyaluronic Acid, Oenothera Biennis (Evening Primrose) Oil, Rosa Centifolia Flower Water, Chamomilla Recutita (Matricaria) Flower Extract, Hibiscus Sabdariffa Flower Extract, Lavandula Angustifolia (Lavender) Flower Extract, Melissa Officinalis Leaf Extract, Mentha Piperita (Peppermint) Leaf Extract, Mentha Rotundifolia Leaf Extract, Monarda Didyma Leaf Extract, Rosa Centifolia Flower Extract, Rosmarinus Officinalis (Rosemary) Leaf Extract, Salvia Officinalis (Sage) Leaf Extract, Glucose, Mannose, Acrylates\/C10-30 Alkyl Acrylate Crosspolymer, Arginine, Bixa Orellana Seed Oil, Hippophae Rhamnoides Fruit Oil, Citric Acid, Sodium Citrate, Potassium Sorbate, Sodium Palmitoyl Proline, Bellis Perennis (Daisy) Flower Extract, Freesia Refracta Extract, Houttuynia Cordata Extract, Leontopodium Alpinum Extract, Lilium Candidum Flower Extract, Morus Alba Bark Extract, Panax Ginseng Root Extract, Saussurea Involucrata Extract, Avena Sativa (Oat) Meal Extract, Brassica Oleracea Italica (Broccoli) Extract, Camellia Sinensis Leaf Extract, Daucus Carota Sativa (Carrot) Root Extract, Fragaria Vesca (Strawberry) Fruit Extract, Vigna Radiata Seed Extract, Zea Mays (Corn) Kernel Extract, Acetyl Hexapeptide-8, Copper Tripeptide-1, Palmitoyl Pentapeptide 4, Nymphaea Alba Flower Extract, Palmitoyl Hexapeptide-12, Water, Fragrance, Linalool, Hexyl Cinnamal, Limonene, Citronellol<\/p>","protected":false},"excerpt":{"rendered":"<p>d\u2019Alba White Truffle Supreme Intensive Serum \u0410\u043d\u0442\u0438\u043e\u043a\u0441\u0438\u0434\u0430\u043d\u0442\u043d\u0430\u044f \u0441\u044b\u0432\u043e\u0440\u043e\u0442\u043a\u0430-\u0441\u043f\u0440\u0435\u0439 \u0441 \u0431\u0435\u043b\u044b\u043c \u0442\u0440\u044e\u0444\u0435\u043b\u0435\u043c \u043c\u043e\u043c\u0435\u043d\u0442\u0430\u043b\u044c\u043d\u043e \u0443\u0432\u043b\u0430\u0436\u043d\u044f\u0435\u0442, \u043f\u0438\u0442\u0430\u0435\u0442 \u0438 \u0440\u0430\u0437\u0433\u043b\u0430\u0436\u0438\u0432\u0430\u0435\u0442 \u043a\u043e\u0436\u0443, \u043f\u0440\u0438 \u0434\u043b\u0438\u0442\u0435\u043b\u044c\u043d\u043e\u043c \u043f\u0440\u0438\u043c\u0435\u043d\u0435\u043d\u0438\u0438 \u043f\u043e\u0432\u044b\u0448\u0430\u0435\u0442 \u0443\u043f\u0440\u0443\u0433\u043e\u0441\u0442\u044c \u0438 \u044d\u043b\u0430\u0441\u0442\u0438\u0447\u043d\u043e\u0441\u0442\u044c, \u0437\u0430\u043c\u0435\u0434\u043b\u044f\u0435\u0442 \u043f\u0440\u043e\u0446\u0435\u0441\u0441 \u0441\u0442\u0430\u0440\u0435\u043d\u0438\u044f<\/p>","protected":false},"featured_media":8743,"comment_status":"open","ping_status":"closed","template":"","meta":{"site-sidebar-layout":"default","site-content-layout":"","ast-site-content-layout":"default","site-content-style":"default","site-sidebar-style":"default","ast-global-header-display":"","ast-banner-title-visibility":"","ast-main-header-display":"","ast-hfb-above-header-display":"","ast-hfb-below-header-display":"","ast-hfb-mobile-header-display":"","site-post-title":"","ast-breadcrumbs-content":"","ast-featured-img":"","footer-sml-layout":"","theme-transparent-header-meta":"default","adv-header-id-meta":"","stick-header-meta":"","header-above-stick-meta":"","header-main-stick-meta":"","header-below-stick-meta":"","astra-migrate-meta-layouts":"set","ast-page-background-enabled":"default","ast-page-background-meta":{"desktop":{"background-color":"var(--ast-global-color-4)","background-image":"","background-repeat":"repeat","background-position":"center center","background-size":"auto","background-attachment":"scroll","background-type":"","background-media":"","overlay-type":"","overlay-color":"","overlay-opacity":"","overlay-gradient":""},"tablet":{"background-color":"","background-image":"","background-repeat":"repeat","background-position":"center center","background-size":"auto","background-attachment":"scroll","background-type":"","background-media":"","overlay-type":"","overlay-color":"","overlay-opacity":"","overlay-gradient":""},"mobile":{"background-color":"","background-image":"","background-repeat":"repeat","background-position":"center center","background-size":"auto","background-attachment":"scroll","background-type":"","background-media":"","overlay-type":"","overlay-color":"","overlay-opacity":"","overlay-gradient":""}},"ast-content-background-meta":{"desktop":{"background-color":"var(--ast-global-color-5)","background-image":"","background-repeat":"repeat","background-position":"center center","background-size":"auto","background-attachment":"scroll","background-type":"","background-media":"","overlay-type":"","overlay-color":"","overlay-opacity":"","overlay-gradient":""},"tablet":{"background-color":"var(--ast-global-color-5)","background-image":"","background-repeat":"repeat","background-position":"center center","background-size":"auto","background-attachment":"scroll","background-type":"","background-media":"","overlay-type":"","overlay-color":"","overlay-opacity":"","overlay-gradient":""},"mobile":{"background-color":"var(--ast-global-color-5)","background-image":"","background-repeat":"repeat","background-position":"center center","background-size":"auto","background-attachment":"scroll","background-type":"","background-media":"","overlay-type":"","overlay-color":"","overlay-opacity":"","overlay-gradient":""}}},"product_brand":[],"product_cat":[370,371,372,375,380,378,379,307,363,364],"product_tag":[],"berocket_brand":[572],"class_list":{"0":"post-8742","1":"product","2":"type-product","3":"status-publish","4":"has-post-thumbnail","6":"product_cat-adas-mirdzumam","7":"product_cat-anti-age","8":"product_cat-jutigai-adai-serumi","9":"product_cat-jutigai-adai-toneri","10":"product_cat-kombinetai-adai","11":"product_cat-sausai-adai-toneri","12":"product_cat-sausai-adai-anti-age","13":"product_cat-sejai","14":"product_cat-serumi","15":"product_cat-toneri","16":"berocket_brand-dalba","17":"desktop-align-left","18":"tablet-align-left","19":"mobile-align-left","21":"first","22":"outofstock","23":"taxable","24":"shipping-taxable","25":"purchasable","26":"product-type-variable","27":"add-to-wishlist-before_image"},"yoast_head":"<!-- This site is optimized with the Yoast SEO plugin v27.4 - https:\/\/yoast.com\/product\/yoast-seo-wordpress\/ -->\n<title>d&#039;Alba White Truffle Supreme Intensive Serum 100ml\/50ml - FACECORNER<\/title>\n<meta name=\"description\" content=\"d&#039;Alba White Truffle Supreme Intensive Serum Antioksidantu izsmidzin\u0101mais serums ar balto trifeli acumirkl\u012b mitrina, baro un izl\u012bdzina \u0101du.\" \/>\n<meta name=\"robots\" content=\"index, follow, max-snippet:-1, max-image-preview:large, max-video-preview:-1\" \/>\n<link rel=\"canonical\" href=\"https:\/\/www.facecorner.lv\/ru\/shop\/dalba-white-truffle-supreme-intensive-serum-100ml\/\" \/>\n<meta property=\"og:locale\" content=\"ru_RU\" \/>\n<meta property=\"og:type\" content=\"article\" \/>\n<meta property=\"og:title\" content=\"d&#039;Alba White Truffle Supreme Intensive Serum 100ml\/50ml - FACECORNER\" \/>\n<meta property=\"og:description\" content=\"d&#039;Alba White Truffle Supreme Intensive Serum Antioksidantu izsmidzin\u0101mais serums ar balto trifeli acumirkl\u012b mitrina, baro un izl\u012bdzina \u0101du.\" \/>\n<meta property=\"og:url\" content=\"https:\/\/www.facecorner.lv\/ru\/shop\/dalba-white-truffle-supreme-intensive-serum-100ml\/\" \/>\n<meta property=\"og:site_name\" content=\"FACECORNER\" \/>\n<meta property=\"article:publisher\" content=\"https:\/\/www.facebook.com\/profile.php?id=100063824551839\" \/>\n<meta property=\"article:modified_time\" content=\"2026-03-18T08:57:31+00:00\" \/>\n<meta property=\"og:image\" content=\"https:\/\/www.facecorner.lv\/wp-content\/uploads\/2023\/03\/D_Alba-Serum-White-Truffle-Supreme-Intensive100ml-.jpg\" \/>\n\t<meta property=\"og:image:width\" content=\"1000\" \/>\n\t<meta property=\"og:image:height\" content=\"1000\" \/>\n\t<meta property=\"og:image:type\" content=\"image\/jpeg\" \/>\n<meta name=\"twitter:card\" content=\"summary_large_image\" \/>\n<meta name=\"twitter:label1\" content=\"\u0414\u043e\u0441\u0442\u0443\u043f\u043d\u043e\u0441\u0442\u044c\" \/>\n\t<meta name=\"twitter:data1\" content=\"\u0420\u0430\u0441\u043f\u0440\u043e\u0434\u0430\u043d\u043e\" \/>\n<script type=\"application\/ld+json\" class=\"yoast-schema-graph\">{\"@context\":\"https:\\\/\\\/schema.org\",\"@graph\":[{\"@type\":\"WebPage\",\"@id\":\"https:\\\/\\\/www.facecorner.lv\\\/shop\\\/dalba-white-truffle-supreme-intensive-serum-100ml\\\/\",\"url\":\"https:\\\/\\\/www.facecorner.lv\\\/shop\\\/dalba-white-truffle-supreme-intensive-serum-100ml\\\/\",\"name\":\"d'Alba White Truffle Supreme Intensive Serum 100ml\\\/50ml - FACECORNER\",\"isPartOf\":{\"@id\":\"https:\\\/\\\/www.facecorner.lv\\\/#website\"},\"primaryImageOfPage\":{\"@id\":\"https:\\\/\\\/www.facecorner.lv\\\/shop\\\/dalba-white-truffle-supreme-intensive-serum-100ml\\\/#primaryimage\"},\"image\":{\"@id\":\"https:\\\/\\\/www.facecorner.lv\\\/shop\\\/dalba-white-truffle-supreme-intensive-serum-100ml\\\/#primaryimage\"},\"thumbnailUrl\":\"https:\\\/\\\/www.facecorner.lv\\\/wp-content\\\/uploads\\\/2023\\\/03\\\/D_Alba-Serum-White-Truffle-Supreme-Intensive100ml-.jpg\",\"datePublished\":\"2023-03-30T07:39:12+00:00\",\"dateModified\":\"2026-03-18T08:57:31+00:00\",\"description\":\"d'Alba White Truffle Supreme Intensive Serum Antioksidantu izsmidzin\u0101mais serums ar balto trifeli acumirkl\u012b mitrina, baro un izl\u012bdzina \u0101du.\",\"breadcrumb\":{\"@id\":\"https:\\\/\\\/www.facecorner.lv\\\/shop\\\/dalba-white-truffle-supreme-intensive-serum-100ml\\\/#breadcrumb\"},\"inLanguage\":\"ru-RU\",\"potentialAction\":[{\"@type\":\"ReadAction\",\"target\":[\"https:\\\/\\\/www.facecorner.lv\\\/shop\\\/dalba-white-truffle-supreme-intensive-serum-100ml\\\/\"]}]},{\"@type\":\"ImageObject\",\"inLanguage\":\"ru-RU\",\"@id\":\"https:\\\/\\\/www.facecorner.lv\\\/shop\\\/dalba-white-truffle-supreme-intensive-serum-100ml\\\/#primaryimage\",\"url\":\"https:\\\/\\\/www.facecorner.lv\\\/wp-content\\\/uploads\\\/2023\\\/03\\\/D_Alba-Serum-White-Truffle-Supreme-Intensive100ml-.jpg\",\"contentUrl\":\"https:\\\/\\\/www.facecorner.lv\\\/wp-content\\\/uploads\\\/2023\\\/03\\\/D_Alba-Serum-White-Truffle-Supreme-Intensive100ml-.jpg\",\"width\":1000,\"height\":1000,\"caption\":\"d'Alba White Truffle Supreme Intensive Serum\"},{\"@type\":\"BreadcrumbList\",\"@id\":\"https:\\\/\\\/www.facecorner.lv\\\/shop\\\/dalba-white-truffle-supreme-intensive-serum-100ml\\\/#breadcrumb\",\"itemListElement\":[{\"@type\":\"ListItem\",\"position\":1,\"name\":\"Home\",\"item\":\"https:\\\/\\\/www.facecorner.lv\\\/\"},{\"@type\":\"ListItem\",\"position\":2,\"name\":\"Veikals\",\"item\":\"https:\\\/\\\/www.facecorner.lv\\\/shop\\\/\"},{\"@type\":\"ListItem\",\"position\":3,\"name\":\"d&#8217;Alba White Truffle Supreme Intensive Serum 100ml\\\/50ml\"}]},{\"@type\":\"WebSite\",\"@id\":\"https:\\\/\\\/www.facecorner.lv\\\/#website\",\"url\":\"https:\\\/\\\/www.facecorner.lv\\\/\",\"name\":\"Facecorner\",\"description\":\"\",\"publisher\":{\"@id\":\"https:\\\/\\\/www.facecorner.lv\\\/#organization\"},\"potentialAction\":[{\"@type\":\"SearchAction\",\"target\":{\"@type\":\"EntryPoint\",\"urlTemplate\":\"https:\\\/\\\/www.facecorner.lv\\\/?s={search_term_string}\"},\"query-input\":{\"@type\":\"PropertyValueSpecification\",\"valueRequired\":true,\"valueName\":\"search_term_string\"}}],\"inLanguage\":\"ru-RU\"},{\"@type\":\"Organization\",\"@id\":\"https:\\\/\\\/www.facecorner.lv\\\/#organization\",\"name\":\"Facecorner\",\"url\":\"https:\\\/\\\/www.facecorner.lv\\\/\",\"logo\":{\"@type\":\"ImageObject\",\"inLanguage\":\"ru-RU\",\"@id\":\"https:\\\/\\\/www.facecorner.lv\\\/#\\\/schema\\\/logo\\\/image\\\/\",\"url\":\"https:\\\/\\\/www.facecorner.lv\\\/wp-content\\\/uploads\\\/2024\\\/04\\\/fc-logo.jpg\",\"contentUrl\":\"https:\\\/\\\/www.facecorner.lv\\\/wp-content\\\/uploads\\\/2024\\\/04\\\/fc-logo.jpg\",\"width\":174,\"height\":28,\"caption\":\"Facecorner\"},\"image\":{\"@id\":\"https:\\\/\\\/www.facecorner.lv\\\/#\\\/schema\\\/logo\\\/image\\\/\"},\"sameAs\":[\"https:\\\/\\\/www.facebook.com\\\/profile.php?id=100063824551839\",\"https:\\\/\\\/www.instagram.com\\\/facecorner_shop\\\/\"]}]}<\/script>\n<meta property=\"og:availability\" content=\"out of stock\" \/>\n<meta property=\"product:availability\" content=\"out of stock\" \/>\n<meta property=\"product:condition\" content=\"new\" \/>\n<!-- \/ Yoast SEO plugin. -->","yoast_head_json":{"title":"d'Alba White Truffle Supreme Intensive Serum 100ml\/50ml - FACECORNER","description":"d'Alba White Truffle Supreme Intensive Serum Antioksidantu izsmidzin\u0101mais serums ar balto trifeli acumirkl\u012b mitrina, baro un izl\u012bdzina \u0101du.","robots":{"index":"index","follow":"follow","max-snippet":"max-snippet:-1","max-image-preview":"max-image-preview:large","max-video-preview":"max-video-preview:-1"},"canonical":"https:\/\/www.facecorner.lv\/ru\/shop\/dalba-white-truffle-supreme-intensive-serum-100ml\/","og_locale":"ru_RU","og_type":"article","og_title":"d'Alba White Truffle Supreme Intensive Serum 100ml\/50ml - FACECORNER","og_description":"d'Alba White Truffle Supreme Intensive Serum Antioksidantu izsmidzin\u0101mais serums ar balto trifeli acumirkl\u012b mitrina, baro un izl\u012bdzina \u0101du.","og_url":"https:\/\/www.facecorner.lv\/ru\/shop\/dalba-white-truffle-supreme-intensive-serum-100ml\/","og_site_name":"FACECORNER","article_publisher":"https:\/\/www.facebook.com\/profile.php?id=100063824551839","article_modified_time":"2026-03-18T08:57:31+00:00","og_image":[{"width":1000,"height":1000,"url":"https:\/\/www.facecorner.lv\/wp-content\/uploads\/2023\/03\/D_Alba-Serum-White-Truffle-Supreme-Intensive100ml-.jpg","type":"image\/jpeg"}],"twitter_card":"summary_large_image","twitter_misc":{"\u0414\u043e\u0441\u0442\u0443\u043f\u043d\u043e\u0441\u0442\u044c":"\u0420\u0430\u0441\u043f\u0440\u043e\u0434\u0430\u043d\u043e"},"schema":{"@context":"https:\/\/schema.org","@graph":[{"@type":"WebPage","@id":"https:\/\/www.facecorner.lv\/shop\/dalba-white-truffle-supreme-intensive-serum-100ml\/","url":"https:\/\/www.facecorner.lv\/shop\/dalba-white-truffle-supreme-intensive-serum-100ml\/","name":"d'Alba White Truffle Supreme Intensive Serum 100ml\/50ml - FACECORNER","isPartOf":{"@id":"https:\/\/www.facecorner.lv\/#website"},"primaryImageOfPage":{"@id":"https:\/\/www.facecorner.lv\/shop\/dalba-white-truffle-supreme-intensive-serum-100ml\/#primaryimage"},"image":{"@id":"https:\/\/www.facecorner.lv\/shop\/dalba-white-truffle-supreme-intensive-serum-100ml\/#primaryimage"},"thumbnailUrl":"https:\/\/www.facecorner.lv\/wp-content\/uploads\/2023\/03\/D_Alba-Serum-White-Truffle-Supreme-Intensive100ml-.jpg","datePublished":"2023-03-30T07:39:12+00:00","dateModified":"2026-03-18T08:57:31+00:00","description":"d'Alba White Truffle Supreme Intensive Serum Antioksidantu izsmidzin\u0101mais serums ar balto trifeli acumirkl\u012b mitrina, baro un izl\u012bdzina \u0101du.","breadcrumb":{"@id":"https:\/\/www.facecorner.lv\/shop\/dalba-white-truffle-supreme-intensive-serum-100ml\/#breadcrumb"},"inLanguage":"ru-RU","potentialAction":[{"@type":"ReadAction","target":["https:\/\/www.facecorner.lv\/shop\/dalba-white-truffle-supreme-intensive-serum-100ml\/"]}]},{"@type":"ImageObject","inLanguage":"ru-RU","@id":"https:\/\/www.facecorner.lv\/shop\/dalba-white-truffle-supreme-intensive-serum-100ml\/#primaryimage","url":"https:\/\/www.facecorner.lv\/wp-content\/uploads\/2023\/03\/D_Alba-Serum-White-Truffle-Supreme-Intensive100ml-.jpg","contentUrl":"https:\/\/www.facecorner.lv\/wp-content\/uploads\/2023\/03\/D_Alba-Serum-White-Truffle-Supreme-Intensive100ml-.jpg","width":1000,"height":1000,"caption":"d'Alba White Truffle Supreme Intensive Serum"},{"@type":"BreadcrumbList","@id":"https:\/\/www.facecorner.lv\/shop\/dalba-white-truffle-supreme-intensive-serum-100ml\/#breadcrumb","itemListElement":[{"@type":"ListItem","position":1,"name":"Home","item":"https:\/\/www.facecorner.lv\/"},{"@type":"ListItem","position":2,"name":"Veikals","item":"https:\/\/www.facecorner.lv\/shop\/"},{"@type":"ListItem","position":3,"name":"d&#8217;Alba White Truffle Supreme Intensive Serum 100ml\/50ml"}]},{"@type":"WebSite","@id":"https:\/\/www.facecorner.lv\/#website","url":"https:\/\/www.facecorner.lv\/","name":"Facecorner","description":"","publisher":{"@id":"https:\/\/www.facecorner.lv\/#organization"},"potentialAction":[{"@type":"SearchAction","target":{"@type":"EntryPoint","urlTemplate":"https:\/\/www.facecorner.lv\/?s={search_term_string}"},"query-input":{"@type":"PropertyValueSpecification","valueRequired":true,"valueName":"search_term_string"}}],"inLanguage":"ru-RU"},{"@type":"Organization","@id":"https:\/\/www.facecorner.lv\/#organization","name":"Facecorner","url":"https:\/\/www.facecorner.lv\/","logo":{"@type":"ImageObject","inLanguage":"ru-RU","@id":"https:\/\/www.facecorner.lv\/#\/schema\/logo\/image\/","url":"https:\/\/www.facecorner.lv\/wp-content\/uploads\/2024\/04\/fc-logo.jpg","contentUrl":"https:\/\/www.facecorner.lv\/wp-content\/uploads\/2024\/04\/fc-logo.jpg","width":174,"height":28,"caption":"Facecorner"},"image":{"@id":"https:\/\/www.facecorner.lv\/#\/schema\/logo\/image\/"},"sameAs":["https:\/\/www.facebook.com\/profile.php?id=100063824551839","https:\/\/www.instagram.com\/facecorner_shop\/"]}]},"og_availability":"out of stock","product_availability":"out of stock","product_condition":"new"},"_links":{"self":[{"href":"https:\/\/www.facecorner.lv\/ru\/wp-json\/wp\/v2\/product\/8742","targetHints":{"allow":["GET"]}}],"collection":[{"href":"https:\/\/www.facecorner.lv\/ru\/wp-json\/wp\/v2\/product"}],"about":[{"href":"https:\/\/www.facecorner.lv\/ru\/wp-json\/wp\/v2\/types\/product"}],"replies":[{"embeddable":true,"href":"https:\/\/www.facecorner.lv\/ru\/wp-json\/wp\/v2\/comments?post=8742"}],"wp:featuredmedia":[{"embeddable":true,"href":"https:\/\/www.facecorner.lv\/ru\/wp-json\/wp\/v2\/media\/8743"}],"wp:attachment":[{"href":"https:\/\/www.facecorner.lv\/ru\/wp-json\/wp\/v2\/media?parent=8742"}],"wp:term":[{"taxonomy":"product_brand","embeddable":true,"href":"https:\/\/www.facecorner.lv\/ru\/wp-json\/wp\/v2\/product_brand?post=8742"},{"taxonomy":"product_cat","embeddable":true,"href":"https:\/\/www.facecorner.lv\/ru\/wp-json\/wp\/v2\/product_cat?post=8742"},{"taxonomy":"product_tag","embeddable":true,"href":"https:\/\/www.facecorner.lv\/ru\/wp-json\/wp\/v2\/product_tag?post=8742"},{"taxonomy":"berocket_brand","embeddable":true,"href":"https:\/\/www.facecorner.lv\/ru\/wp-json\/wp\/v2\/berocket_brand?post=8742"}],"curies":[{"name":"wp","href":"https:\/\/api.w.org\/{rel}","templated":true}]}}