{"id":8717,"date":"2023-03-29T14:29:28","date_gmt":"2023-03-29T12:29:28","guid":{"rendered":"https:\/\/facecorner.shop\/?post_type=product&#038;p=8717"},"modified":"2024-12-03T00:13:06","modified_gmt":"2024-12-02T21:13:06","slug":"masil-5-probiotics-color-radiance-shampoo-300ml","status":"publish","type":"product","link":"https:\/\/www.facecorner.lv\/ru\/shop\/masil-5-probiotics-color-radiance-shampoo-300ml\/","title":{"rendered":"Masil 5 Probiotics Color Radiance Shampoo 300ml"},"content":{"rendered":"<p>\u0428\u0430\u043c\u043f\u0443\u043d\u044c \u0441 \u043f\u0440\u043e\u0431\u0438\u043e\u0442\u0438\u043a\u0430\u043c\u0438 \u0434\u043b\u044f \u0437\u0430\u0449\u0438\u0442\u044b \u0446\u0432\u0435\u0442\u0430 Masil 5 Probiotics Color Radiance Shampoo \u0432\u043e\u0437\u0432\u0440\u0430\u0449\u0430\u0435\u0442 \u043b\u043e\u043a\u043e\u043d\u0430\u043c \u0437\u0434\u043e\u0440\u043e\u0432\u044b\u0439 \u0446\u0432\u0435\u0442, \u043f\u0440\u0435\u043f\u044f\u0442\u0441\u0442\u0432\u0443\u0435\u0442 \u043f\u043e\u044f\u0432\u043b\u0435\u043d\u0438\u044e \u0442\u0443\u0441\u043a\u043b\u043e\u0441\u0442\u0438 \u0438 \u0441\u0435\u0434\u0438\u043d\u044b, \u0437\u0430\u0449\u0438\u0449\u0430\u0435\u0442 \u043e\u0442 \u0430\u0433\u0440\u0435\u0441\u0441\u0438\u0432\u043d\u043e\u0433\u043e \u0432\u043e\u0437\u0434\u0435\u0439\u0441\u0442\u0432\u0438\u044f \u0443\u043b\u044c\u0442\u0440\u0430\u0444\u0438\u043e\u043b\u0435\u0442\u0430. \u0411\u0435\u0440\u0435\u0436\u043d\u043e \u043e\u0447\u0438\u0449\u0430\u0435\u0442, \u0443\u043a\u0440\u0435\u043f\u043b\u044f\u0435\u0442 \u043a\u043e\u0440\u043d\u0438 \u0432\u043e\u043b\u043e\u0441, \u0434\u0435\u043b\u0430\u0435\u0442 \u043f\u0440\u044f\u0434\u0438 \u0431\u043e\u043b\u0435\u0435 \u0433\u043b\u0430\u0434\u043a\u0438\u043c\u0438 \u0438 \u0448\u0435\u043b\u043a\u043e\u0432\u0438\u0441\u0442\u044b\u043c\u0438. \u0421\u043e\u0434\u0435\u0440\u0436\u0438\u0442 \u043b\u0430\u043a\u0442\u043e\u0431\u0430\u043a\u0442\u0435\u0440\u0438\u0438.<\/p>\n<p>\u0428\u0430\u043c\u043f\u0443\u043d\u044c \u043f\u0440\u0435\u0434\u0443\u043f\u0440\u0435\u0436\u0434\u0430\u0435\u0442 \u043e\u0431\u0435\u0441\u0446\u0432\u0435\u0447\u0438\u0432\u0430\u043d\u0438\u0435 \u0432\u043e\u043b\u043e\u0441, \u0432\u044b\u0437\u0432\u0430\u043d\u043d\u043e\u0435 \u043f\u043e\u0434 \u0432\u043e\u0437\u0434\u0435\u0439\u0441\u0442\u0432\u0438\u0435\u043c \u0444\u0435\u043d\u0430 \u0438 \u0443\u043b\u044c\u0442\u0440\u0430\u0444\u0438\u043e\u043b\u0435\u0442\u0430, \u0441\u043e\u0445\u0440\u0430\u043d\u044f\u044f \u0435\u0441\u0442\u0435\u0441\u0442\u0432\u0435\u043d\u043d\u044b\u0439 \u043e\u0442\u0442\u0435\u043d\u043e\u043a. \u0423\u043a\u0440\u0435\u043f\u043b\u044f\u0435\u0442 \u0441\u0442\u0440\u0443\u043a\u0442\u0443\u0440\u0443 \u0432\u043e\u043b\u043e\u0441\u0430, \u0443\u0441\u0442\u0440\u0430\u043d\u044f\u0435\u0442 \u043b\u043e\u043c\u043a\u043e\u0441\u0442\u044c \u0438 \u0441\u043f\u0443\u0442\u0430\u043d\u043d\u043e\u0441\u0442\u044c, \u043e\u0431\u043b\u0435\u0433\u0447\u0430\u0435\u0442 \u043f\u0440\u043e\u0446\u0435\u0441\u0441\u044b \u0440\u0430\u0441\u0447\u0435\u0441\u044b\u0432\u0430\u043d\u0438\u044f \u0438 \u0443\u043a\u043b\u0430\u0434\u043a\u0438. \u041e\u0431\u0440\u0430\u0437\u0443\u0435\u0442 \u043d\u0435\u0432\u0438\u0434\u0438\u043c\u044b\u0439 \u0437\u0430\u0449\u0438\u0442\u043d\u044b\u0439 \u0441\u043b\u043e\u0439, \u0443\u043b\u0443\u0447\u0448\u0430\u0435\u0442 \u0431\u0430\u0440\u044c\u0435\u0440\u043d\u044b\u0435 \u0444\u0443\u043d\u043a\u0446\u0438\u0438, \u043f\u043e\u0434\u0434\u0435\u0440\u0436\u0438\u0432\u0430\u0435\u0442 \u043e\u043f\u0442\u0438\u043c\u0430\u043b\u044c\u043d\u044b\u0439 \u0432\u043e\u0434\u043d\u043e-\u043b\u0438\u043f\u0438\u0434\u043d\u044b\u0439 \u0431\u0430\u043b\u0430\u043d\u0441.<\/p>\n<p>\u041e\u0441\u043d\u043e\u0432\u043d\u044b\u0435 \u0434\u0435\u0439\u0441\u0442\u0432\u0443\u044e\u0449\u0438\u0435 \u0438\u043d\u0433\u0440\u0435\u0434\u0438\u0435\u043d\u0442\u044b:<\/p>\n<ul>\n<li>\u0424\u0435\u0440\u043c\u0435\u043d\u0442\u044b \u043b\u0430\u043a\u0442\u043e\u0431\u0430\u043a\u0442\u0435\u0440\u0438\u0439 \u0443\u043a\u0440\u0435\u043f\u043b\u044f\u044e\u0442 \u0432\u043e\u043b\u043e\u0441\u044b, \u043f\u043e\u0434\u0434\u0435\u0440\u0436\u0438\u0432\u0430\u044e\u0442 \u0437\u0430\u0449\u0438\u0442\u043d\u044b\u0439 \u0441\u043b\u043e\u0439, \u0434\u0435\u043b\u0430\u044e\u0442 \u0438\u0445 \u0431\u043e\u043b\u0435\u0435 \u0443\u0441\u0442\u043e\u0439\u0447\u0438\u0432\u044b\u043c\u0438 \u043a \u0432\u043d\u0435\u0448\u043d\u0438\u043c \u0440\u0430\u0437\u0434\u0440\u0430\u0436\u0438\u0442\u0435\u043b\u044f\u043c, \u043f\u0440\u0438\u0434\u0430\u044e\u0442 \u0433\u043b\u0430\u0434\u043a\u043e\u0441\u0442\u044c \u0438 \u043f\u0440\u043e\u0447\u043d\u043e\u0441\u0442\u044c.<\/li>\n<li>Polyquaternium-10 \u2014 \u043f\u043e\u043b\u0438\u043c\u0435\u0440, \u0443\u043a\u0440\u0435\u043f\u043b\u044f\u044e\u0449\u0438\u0439 \u0437\u0430\u0449\u0438\u0442\u043d\u0443\u044e \u043e\u0431\u043e\u043b\u043e\u0447\u043a\u0443 \u0432\u043e\u043b\u043e\u0441\u0430. \u0421\u043d\u0438\u043c\u0430\u0435\u0442 \u044d\u043b\u0435\u043a\u0442\u0440\u0438\u0437\u0443\u0435\u043c\u043e\u0441\u0442\u044c, \u0443\u043f\u0440\u043e\u0449\u0430\u0435\u0442 \u043f\u0440\u043e\u0446\u0435\u0441\u0441\u044b \u0440\u0430\u0441\u0447\u0435\u0441\u044b\u0432\u0430\u043d\u0438\u044f \u0438 \u0443\u043a\u043b\u0430\u0434\u043a\u0438, \u043f\u0440\u0438\u0434\u0430\u0435\u0442 \u043e\u0431\u044a\u0435\u043c.<\/li>\n<li>\u042d\u043a\u0441\u0442\u0440\u0430\u043a\u0442 \u043c\u0430\u0442\u043e\u0447\u043d\u043e\u0433\u043e \u043c\u043e\u043b\u043e\u0447\u043a\u0430 \u0443\u043a\u0440\u0435\u043f\u043b\u044f\u0435\u0442 \u0437\u0430\u0449\u0438\u0442\u043d\u044b\u0439 \u0431\u0430\u0440\u044c\u0435\u0440, \u0443\u0441\u0442\u0440\u0430\u043d\u044f\u0435\u0442 \u043b\u043e\u043c\u043a\u043e\u0441\u0442\u044c \u0438 \u0442\u0443\u0441\u043a\u043b\u043e\u0441\u0442\u044c, \u043d\u0430\u043f\u043e\u043b\u043d\u044f\u0435\u0442 \u0432\u043e\u043b\u043e\u0441\u044b \u0436\u0438\u0437\u043d\u0435\u043d\u043d\u043e\u0439 \u0441\u0438\u043b\u043e\u0439.<\/li>\n<li>\u042d\u043a\u0441\u0442\u0440\u0430\u043a\u0442 \u043c\u044f\u0442\u044b \u043f\u0440\u0438\u044f\u0442\u043d\u043e \u043e\u0445\u043b\u0430\u0436\u0434\u0430\u0435\u0442, \u0443\u0441\u043f\u043e\u043a\u0430\u0438\u0432\u0430\u0435\u0442 \u0437\u0443\u0434 \u0438 \u043f\u0440\u0435\u043f\u044f\u0442\u0441\u0442\u0432\u0443\u0435\u0442 \u043f\u043e\u044f\u0432\u043b\u0435\u043d\u0438\u044e \u043f\u0435\u0440\u0445\u043e\u0442\u0438 \u0438 \u0440\u0430\u0437\u0434\u0440\u0430\u0436\u0435\u043d\u0438\u0439.<\/li>\n<li>\u042d\u043a\u0441\u0442\u0440\u0430\u043a\u0442 \u0447\u0430\u0439\u043d\u043e\u0433\u043e \u0434\u0435\u0440\u0435\u0432\u0430 \u0440\u0435\u0433\u0443\u043b\u0438\u0440\u0443\u0435\u0442 \u0440\u0430\u0431\u043e\u0442\u0443 \u0441\u0430\u043b\u044c\u043d\u044b\u0445 \u0436\u0435\u043b\u0435\u0437, \u043f\u0440\u0435\u0434\u0443\u043f\u0440\u0435\u0436\u0434\u0430\u0435\u0442 \u043f\u043e\u044f\u0432\u043b\u0435\u043d\u0438\u0435 \u0436\u0438\u0440\u043d\u043e\u0441\u0442\u0438 \u0438 \u043f\u043e\u0434\u0434\u0435\u0440\u0436\u0438\u0432\u0430\u0435\u0442 \u0447\u0438\u0441\u0442\u043e\u0442\u0443 \u0432\u043e\u043b\u043e\u0441.<\/li>\n<\/ul>\n<p>\u041f\u043e\u0434\u0445\u043e\u0434\u0438\u0442 \u0434\u043b\u044f \u0432\u0441\u0435\u0445 \u0442\u0438\u043f\u043e\u0432 \u0432\u043e\u043b\u043e\u0441.<\/p>\n<p><strong>\u0421\u043f\u043e\u0441\u043e\u0431 \u043f\u0440\u0438\u043c\u0435\u043d\u0435\u043d\u0438\u044f:<\/strong> \u043d\u0430\u043d\u0435\u0441\u0438\u0442\u0435 \u0448\u0430\u043c\u043f\u0443\u043d\u044c \u043d\u0430 \u0432\u043b\u0430\u0436\u043d\u044b\u0435 \u0447\u0438\u0441\u0442\u044b\u0435 \u0432\u043e\u043b\u043e\u0441\u044b \u0438 \u043a\u043e\u0436\u0443 \u0433\u043e\u043b\u043e\u0432\u044b, \u043c\u044f\u0433\u043a\u043e \u043f\u043e\u043c\u0430\u0441\u0441\u0438\u0440\u0443\u0439\u0442\u0435 2-3 \u043c\u0438\u043d\u0443\u0442\u044b \u0438 \u0442\u0449\u0430\u0442\u0435\u043b\u044c\u043d\u043e \u0441\u043c\u043e\u0439\u0442\u0435 \u0442\u0435\u043f\u043b\u043e\u0439 \u0432\u043e\u0434\u043e\u0439.<\/p>\n<p><strong>\u0421\u043e\u0441\u0442\u0430\u0432\u00a0<\/strong>Water, Sodium C14-16 Olefin Sulfonate, Cocamidopropyl Betaine, Glycerin, PEG-60 Hydrogenated Castor Ol, Fragrance, Sodium Chloride, Polyquaternium-10, 1,2 -Hexanediol, Cocamide MEA, Decyl Gluco- side Oryza Sativa (Rice) Bran Oil, Sodium Citrate, Disodium EDTA, Citric Acid, Allantoin, Phenoxyethanol, Guar Hydroxypropytrimonium Chloride, Vitis Vinifera (Grape) Fruit Extract, Royal Jelly Extract, Persea Gratissima (Avo- cado) Fruit Extract, Hippophae Rhamnoides Fruit Extract, Saccharum Officinarum (Sugar Cane) Extract, Melaleuca Alternifolia (Tea Tree) Leaf Extract, Olea Europaea (Olive) Fruit Ext- ract, Daucus carota sativa (Carrot) root Extract, Prunus Mume Fruit Extract, Hibiscus Sabdariffa Flower Extract, Luffa Cylindrica Fruit Extract, Actinidia Chinensis (Kiwi) Fruit Extract, Malus Domestica Fruit Extract, Adansonia Digitata Seed Extract, Lactobacillus Ferment, Sodium Acetate, Isopropyl Alcohol, Hamamelis Virgi- niana (Witch Hazel) Leaf Extract, Salvia Offici- nalis (Sage) Leaf Extract, Melissa Officinalis Leaf Extract, Mentha Piperita (Peppermint) Ext- ract, Lavandula Angustifolia (Lavender) Flower Extract, Houttuynia Cordata Extract, Eucalyptus Globulus Leaf Extract, Butylene Glycol, Cl 17200 Ethylhexylglycerin, Cynanchum Atratum Extract<\/p>","protected":false},"excerpt":{"rendered":"<p>\u0160amp\u016bns ar probiotik\u0101m kr\u0101sas aizsardz\u012bbai Masil 5 Probiotics Color Radiance Shampoo atgrie\u017e cirt\u0101m vesel\u012bgu kr\u0101su, nov\u0113r\u0161 bl\u0101vuma un sirmu matu par\u0101d\u012b\u0161anos, aizsarg\u0101 pret agres\u012bvu ultravioleto starojumu. Maigi att\u012bra, stiprina matu saknes, padara \u0161\u0137ipsnas glud\u0101kas un z\u012bdain\u0101kas. Satur laktobacillus. \u0160amp\u016bns nov\u0113r\u0161 matu kr\u0101sas izmai\u0146as, ko izraisa matu \u017e\u0101v\u0113t\u0101js un UV stari, vienlaikus saglab\u0101jot dabisko toni. Nostiprina [&hellip;]<\/p>\n","protected":false},"featured_media":8718,"comment_status":"open","ping_status":"closed","template":"","meta":{"site-sidebar-layout":"default","site-content-layout":"","ast-site-content-layout":"","site-content-style":"default","site-sidebar-style":"default","ast-global-header-display":"","ast-banner-title-visibility":"","ast-main-header-display":"","ast-hfb-above-header-display":"","ast-hfb-below-header-display":"","ast-hfb-mobile-header-display":"","site-post-title":"","ast-breadcrumbs-content":"","ast-featured-img":"","footer-sml-layout":"","theme-transparent-header-meta":"","adv-header-id-meta":"","stick-header-meta":"","header-above-stick-meta":"","header-main-stick-meta":"","header-below-stick-meta":"","astra-migrate-meta-layouts":"default","ast-page-background-enabled":"default","ast-page-background-meta":{"desktop":{"background-color":"var(--ast-global-color-4)","background-image":"","background-repeat":"repeat","background-position":"center center","background-size":"auto","background-attachment":"scroll","background-type":"","background-media":"","overlay-type":"","overlay-color":"","overlay-opacity":"","overlay-gradient":""},"tablet":{"background-color":"","background-image":"","background-repeat":"repeat","background-position":"center center","background-size":"auto","background-attachment":"scroll","background-type":"","background-media":"","overlay-type":"","overlay-color":"","overlay-opacity":"","overlay-gradient":""},"mobile":{"background-color":"","background-image":"","background-repeat":"repeat","background-position":"center center","background-size":"auto","background-attachment":"scroll","background-type":"","background-media":"","overlay-type":"","overlay-color":"","overlay-opacity":"","overlay-gradient":""}},"ast-content-background-meta":{"desktop":{"background-color":"var(--ast-global-color-5)","background-image":"","background-repeat":"repeat","background-position":"center center","background-size":"auto","background-attachment":"scroll","background-type":"","background-media":"","overlay-type":"","overlay-color":"","overlay-opacity":"","overlay-gradient":""},"tablet":{"background-color":"var(--ast-global-color-5)","background-image":"","background-repeat":"repeat","background-position":"center center","background-size":"auto","background-attachment":"scroll","background-type":"","background-media":"","overlay-type":"","overlay-color":"","overlay-opacity":"","overlay-gradient":""},"mobile":{"background-color":"var(--ast-global-color-5)","background-image":"","background-repeat":"repeat","background-position":"center center","background-size":"auto","background-attachment":"scroll","background-type":"","background-media":"","overlay-type":"","overlay-color":"","overlay-opacity":"","overlay-gradient":""}}},"product_brand":[],"product_cat":[330,357],"product_tag":[],"berocket_brand":[593],"class_list":{"0":"post-8717","1":"product","2":"type-product","3":"status-publish","4":"has-post-thumbnail","6":"product_cat-matiem","7":"product_cat-sampuni","8":"berocket_brand-masil","9":"desktop-align-left","10":"tablet-align-left","11":"mobile-align-left","13":"first","14":"outofstock","15":"taxable","16":"shipping-taxable","17":"purchasable","18":"product-type-simple","19":"add-to-wishlist-before_image"},"yoast_head":"<!-- This site is optimized with the Yoast SEO plugin v27.4 - https:\/\/yoast.com\/product\/yoast-seo-wordpress\/ -->\n<title>Masil 5 Probiotics Color Radiance Shampoo 300ml - FACECORNER<\/title>\n<meta name=\"robots\" content=\"index, follow, max-snippet:-1, max-image-preview:large, max-video-preview:-1\" \/>\n<link rel=\"canonical\" href=\"https:\/\/www.facecorner.lv\/ru\/shop\/masil-5-probiotics-color-radiance-shampoo-300ml\/\" \/>\n<meta property=\"og:locale\" content=\"ru_RU\" \/>\n<meta property=\"og:type\" content=\"article\" \/>\n<meta property=\"og:title\" content=\"Masil 5 Probiotics Color Radiance Shampoo 300ml - FACECORNER\" \/>\n<meta property=\"og:description\" content=\"\u0160amp\u016bns ar probiotik\u0101m kr\u0101sas aizsardz\u012bbai Masil 5 Probiotics Color Radiance Shampoo atgrie\u017e cirt\u0101m vesel\u012bgu kr\u0101su, nov\u0113r\u0161 bl\u0101vuma un sirmu matu par\u0101d\u012b\u0161anos, aizsarg\u0101 pret agres\u012bvu ultravioleto starojumu. Maigi att\u012bra, stiprina matu saknes, padara \u0161\u0137ipsnas glud\u0101kas un z\u012bdain\u0101kas. Satur laktobacillus. \u0160amp\u016bns nov\u0113r\u0161 matu kr\u0101sas izmai\u0146as, ko izraisa matu \u017e\u0101v\u0113t\u0101js un UV stari, vienlaikus saglab\u0101jot dabisko toni. Nostiprina [&hellip;]\" \/>\n<meta property=\"og:url\" content=\"https:\/\/www.facecorner.lv\/ru\/shop\/masil-5-probiotics-color-radiance-shampoo-300ml\/\" \/>\n<meta property=\"og:site_name\" content=\"FACECORNER\" \/>\n<meta property=\"article:publisher\" content=\"https:\/\/www.facebook.com\/profile.php?id=100063824551839\" \/>\n<meta property=\"article:modified_time\" content=\"2024-12-02T21:13:06+00:00\" \/>\n<meta property=\"og:image\" content=\"https:\/\/www.facecorner.lv\/wp-content\/uploads\/2023\/03\/masil-5-probiotics-color-radiance-shampoo-1000x1000-1.png\" \/>\n\t<meta property=\"og:image:width\" content=\"1000\" \/>\n\t<meta property=\"og:image:height\" content=\"1000\" \/>\n\t<meta property=\"og:image:type\" content=\"image\/png\" \/>\n<meta name=\"twitter:card\" content=\"summary_large_image\" \/>\n<meta name=\"twitter:label1\" content=\"\u0426\u0435\u043d\u0430\" \/>\n\t<meta name=\"twitter:data1\" content=\"&euro;22.00\" \/>\n\t<meta name=\"twitter:label2\" content=\"\u0414\u043e\u0441\u0442\u0443\u043f\u043d\u043e\u0441\u0442\u044c\" \/>\n\t<meta name=\"twitter:data2\" content=\"\u0420\u0430\u0441\u043f\u0440\u043e\u0434\u0430\u043d\u043e\" \/>\n<script type=\"application\/ld+json\" class=\"yoast-schema-graph\">{\"@context\":\"https:\\\/\\\/schema.org\",\"@graph\":[{\"@type\":\"WebPage\",\"@id\":\"https:\\\/\\\/www.facecorner.lv\\\/shop\\\/masil-5-probiotics-color-radiance-shampoo-300ml\\\/\",\"url\":\"https:\\\/\\\/www.facecorner.lv\\\/shop\\\/masil-5-probiotics-color-radiance-shampoo-300ml\\\/\",\"name\":\"Masil 5 Probiotics Color Radiance Shampoo 300ml - FACECORNER\",\"isPartOf\":{\"@id\":\"https:\\\/\\\/www.facecorner.lv\\\/#website\"},\"primaryImageOfPage\":{\"@id\":\"https:\\\/\\\/www.facecorner.lv\\\/shop\\\/masil-5-probiotics-color-radiance-shampoo-300ml\\\/#primaryimage\"},\"image\":{\"@id\":\"https:\\\/\\\/www.facecorner.lv\\\/shop\\\/masil-5-probiotics-color-radiance-shampoo-300ml\\\/#primaryimage\"},\"thumbnailUrl\":\"https:\\\/\\\/www.facecorner.lv\\\/wp-content\\\/uploads\\\/2023\\\/03\\\/masil-5-probiotics-color-radiance-shampoo-1000x1000-1.png\",\"datePublished\":\"2023-03-29T12:29:28+00:00\",\"dateModified\":\"2024-12-02T21:13:06+00:00\",\"breadcrumb\":{\"@id\":\"https:\\\/\\\/www.facecorner.lv\\\/shop\\\/masil-5-probiotics-color-radiance-shampoo-300ml\\\/#breadcrumb\"},\"inLanguage\":\"ru-RU\",\"potentialAction\":[{\"@type\":\"ReadAction\",\"target\":[\"https:\\\/\\\/www.facecorner.lv\\\/shop\\\/masil-5-probiotics-color-radiance-shampoo-300ml\\\/\"]}]},{\"@type\":\"ImageObject\",\"inLanguage\":\"ru-RU\",\"@id\":\"https:\\\/\\\/www.facecorner.lv\\\/shop\\\/masil-5-probiotics-color-radiance-shampoo-300ml\\\/#primaryimage\",\"url\":\"https:\\\/\\\/www.facecorner.lv\\\/wp-content\\\/uploads\\\/2023\\\/03\\\/masil-5-probiotics-color-radiance-shampoo-1000x1000-1.png\",\"contentUrl\":\"https:\\\/\\\/www.facecorner.lv\\\/wp-content\\\/uploads\\\/2023\\\/03\\\/masil-5-probiotics-color-radiance-shampoo-1000x1000-1.png\",\"width\":1000,\"height\":1000},{\"@type\":\"BreadcrumbList\",\"@id\":\"https:\\\/\\\/www.facecorner.lv\\\/shop\\\/masil-5-probiotics-color-radiance-shampoo-300ml\\\/#breadcrumb\",\"itemListElement\":[{\"@type\":\"ListItem\",\"position\":1,\"name\":\"Home\",\"item\":\"https:\\\/\\\/www.facecorner.lv\\\/\"},{\"@type\":\"ListItem\",\"position\":2,\"name\":\"Veikals\",\"item\":\"https:\\\/\\\/www.facecorner.lv\\\/shop\\\/\"},{\"@type\":\"ListItem\",\"position\":3,\"name\":\"Masil 5 Probiotics Color Radiance Shampoo 300ml\"}]},{\"@type\":\"WebSite\",\"@id\":\"https:\\\/\\\/www.facecorner.lv\\\/#website\",\"url\":\"https:\\\/\\\/www.facecorner.lv\\\/\",\"name\":\"Facecorner\",\"description\":\"\",\"publisher\":{\"@id\":\"https:\\\/\\\/www.facecorner.lv\\\/#organization\"},\"potentialAction\":[{\"@type\":\"SearchAction\",\"target\":{\"@type\":\"EntryPoint\",\"urlTemplate\":\"https:\\\/\\\/www.facecorner.lv\\\/?s={search_term_string}\"},\"query-input\":{\"@type\":\"PropertyValueSpecification\",\"valueRequired\":true,\"valueName\":\"search_term_string\"}}],\"inLanguage\":\"ru-RU\"},{\"@type\":\"Organization\",\"@id\":\"https:\\\/\\\/www.facecorner.lv\\\/#organization\",\"name\":\"Facecorner\",\"url\":\"https:\\\/\\\/www.facecorner.lv\\\/\",\"logo\":{\"@type\":\"ImageObject\",\"inLanguage\":\"ru-RU\",\"@id\":\"https:\\\/\\\/www.facecorner.lv\\\/#\\\/schema\\\/logo\\\/image\\\/\",\"url\":\"https:\\\/\\\/www.facecorner.lv\\\/wp-content\\\/uploads\\\/2024\\\/04\\\/fc-logo.jpg\",\"contentUrl\":\"https:\\\/\\\/www.facecorner.lv\\\/wp-content\\\/uploads\\\/2024\\\/04\\\/fc-logo.jpg\",\"width\":174,\"height\":28,\"caption\":\"Facecorner\"},\"image\":{\"@id\":\"https:\\\/\\\/www.facecorner.lv\\\/#\\\/schema\\\/logo\\\/image\\\/\"},\"sameAs\":[\"https:\\\/\\\/www.facebook.com\\\/profile.php?id=100063824551839\",\"https:\\\/\\\/www.instagram.com\\\/facecorner_shop\\\/\"]}]}<\/script>\n<meta property=\"product:price:amount\" content=\"22.00\" \/>\n<meta property=\"product:price:currency\" content=\"EUR\" \/>\n<meta property=\"og:availability\" content=\"out of stock\" \/>\n<meta property=\"product:availability\" content=\"out of stock\" \/>\n<meta property=\"product:condition\" content=\"new\" \/>\n<!-- \/ Yoast SEO plugin. -->","yoast_head_json":{"title":"Masil 5 Probiotics Color Radiance Shampoo 300ml - FACECORNER","robots":{"index":"index","follow":"follow","max-snippet":"max-snippet:-1","max-image-preview":"max-image-preview:large","max-video-preview":"max-video-preview:-1"},"canonical":"https:\/\/www.facecorner.lv\/ru\/shop\/masil-5-probiotics-color-radiance-shampoo-300ml\/","og_locale":"ru_RU","og_type":"article","og_title":"Masil 5 Probiotics Color Radiance Shampoo 300ml - FACECORNER","og_description":"\u0160amp\u016bns ar probiotik\u0101m kr\u0101sas aizsardz\u012bbai Masil 5 Probiotics Color Radiance Shampoo atgrie\u017e cirt\u0101m vesel\u012bgu kr\u0101su, nov\u0113r\u0161 bl\u0101vuma un sirmu matu par\u0101d\u012b\u0161anos, aizsarg\u0101 pret agres\u012bvu ultravioleto starojumu. Maigi att\u012bra, stiprina matu saknes, padara \u0161\u0137ipsnas glud\u0101kas un z\u012bdain\u0101kas. Satur laktobacillus. \u0160amp\u016bns nov\u0113r\u0161 matu kr\u0101sas izmai\u0146as, ko izraisa matu \u017e\u0101v\u0113t\u0101js un UV stari, vienlaikus saglab\u0101jot dabisko toni. Nostiprina [&hellip;]","og_url":"https:\/\/www.facecorner.lv\/ru\/shop\/masil-5-probiotics-color-radiance-shampoo-300ml\/","og_site_name":"FACECORNER","article_publisher":"https:\/\/www.facebook.com\/profile.php?id=100063824551839","article_modified_time":"2024-12-02T21:13:06+00:00","og_image":[{"width":1000,"height":1000,"url":"https:\/\/www.facecorner.lv\/wp-content\/uploads\/2023\/03\/masil-5-probiotics-color-radiance-shampoo-1000x1000-1.png","type":"image\/png"}],"twitter_card":"summary_large_image","twitter_misc":{"\u0426\u0435\u043d\u0430":"&euro;22.00","\u0414\u043e\u0441\u0442\u0443\u043f\u043d\u043e\u0441\u0442\u044c":"\u0420\u0430\u0441\u043f\u0440\u043e\u0434\u0430\u043d\u043e"},"schema":{"@context":"https:\/\/schema.org","@graph":[{"@type":"WebPage","@id":"https:\/\/www.facecorner.lv\/shop\/masil-5-probiotics-color-radiance-shampoo-300ml\/","url":"https:\/\/www.facecorner.lv\/shop\/masil-5-probiotics-color-radiance-shampoo-300ml\/","name":"Masil 5 Probiotics Color Radiance Shampoo 300ml - FACECORNER","isPartOf":{"@id":"https:\/\/www.facecorner.lv\/#website"},"primaryImageOfPage":{"@id":"https:\/\/www.facecorner.lv\/shop\/masil-5-probiotics-color-radiance-shampoo-300ml\/#primaryimage"},"image":{"@id":"https:\/\/www.facecorner.lv\/shop\/masil-5-probiotics-color-radiance-shampoo-300ml\/#primaryimage"},"thumbnailUrl":"https:\/\/www.facecorner.lv\/wp-content\/uploads\/2023\/03\/masil-5-probiotics-color-radiance-shampoo-1000x1000-1.png","datePublished":"2023-03-29T12:29:28+00:00","dateModified":"2024-12-02T21:13:06+00:00","breadcrumb":{"@id":"https:\/\/www.facecorner.lv\/shop\/masil-5-probiotics-color-radiance-shampoo-300ml\/#breadcrumb"},"inLanguage":"ru-RU","potentialAction":[{"@type":"ReadAction","target":["https:\/\/www.facecorner.lv\/shop\/masil-5-probiotics-color-radiance-shampoo-300ml\/"]}]},{"@type":"ImageObject","inLanguage":"ru-RU","@id":"https:\/\/www.facecorner.lv\/shop\/masil-5-probiotics-color-radiance-shampoo-300ml\/#primaryimage","url":"https:\/\/www.facecorner.lv\/wp-content\/uploads\/2023\/03\/masil-5-probiotics-color-radiance-shampoo-1000x1000-1.png","contentUrl":"https:\/\/www.facecorner.lv\/wp-content\/uploads\/2023\/03\/masil-5-probiotics-color-radiance-shampoo-1000x1000-1.png","width":1000,"height":1000},{"@type":"BreadcrumbList","@id":"https:\/\/www.facecorner.lv\/shop\/masil-5-probiotics-color-radiance-shampoo-300ml\/#breadcrumb","itemListElement":[{"@type":"ListItem","position":1,"name":"Home","item":"https:\/\/www.facecorner.lv\/"},{"@type":"ListItem","position":2,"name":"Veikals","item":"https:\/\/www.facecorner.lv\/shop\/"},{"@type":"ListItem","position":3,"name":"Masil 5 Probiotics Color Radiance Shampoo 300ml"}]},{"@type":"WebSite","@id":"https:\/\/www.facecorner.lv\/#website","url":"https:\/\/www.facecorner.lv\/","name":"Facecorner","description":"","publisher":{"@id":"https:\/\/www.facecorner.lv\/#organization"},"potentialAction":[{"@type":"SearchAction","target":{"@type":"EntryPoint","urlTemplate":"https:\/\/www.facecorner.lv\/?s={search_term_string}"},"query-input":{"@type":"PropertyValueSpecification","valueRequired":true,"valueName":"search_term_string"}}],"inLanguage":"ru-RU"},{"@type":"Organization","@id":"https:\/\/www.facecorner.lv\/#organization","name":"Facecorner","url":"https:\/\/www.facecorner.lv\/","logo":{"@type":"ImageObject","inLanguage":"ru-RU","@id":"https:\/\/www.facecorner.lv\/#\/schema\/logo\/image\/","url":"https:\/\/www.facecorner.lv\/wp-content\/uploads\/2024\/04\/fc-logo.jpg","contentUrl":"https:\/\/www.facecorner.lv\/wp-content\/uploads\/2024\/04\/fc-logo.jpg","width":174,"height":28,"caption":"Facecorner"},"image":{"@id":"https:\/\/www.facecorner.lv\/#\/schema\/logo\/image\/"},"sameAs":["https:\/\/www.facebook.com\/profile.php?id=100063824551839","https:\/\/www.instagram.com\/facecorner_shop\/"]}]},"product_price_amount":"22.00","product_price_currency":"EUR","og_availability":"out of stock","product_availability":"out of stock","product_condition":"new"},"_links":{"self":[{"href":"https:\/\/www.facecorner.lv\/ru\/wp-json\/wp\/v2\/product\/8717","targetHints":{"allow":["GET"]}}],"collection":[{"href":"https:\/\/www.facecorner.lv\/ru\/wp-json\/wp\/v2\/product"}],"about":[{"href":"https:\/\/www.facecorner.lv\/ru\/wp-json\/wp\/v2\/types\/product"}],"replies":[{"embeddable":true,"href":"https:\/\/www.facecorner.lv\/ru\/wp-json\/wp\/v2\/comments?post=8717"}],"wp:featuredmedia":[{"embeddable":true,"href":"https:\/\/www.facecorner.lv\/ru\/wp-json\/wp\/v2\/media\/8718"}],"wp:attachment":[{"href":"https:\/\/www.facecorner.lv\/ru\/wp-json\/wp\/v2\/media?parent=8717"}],"wp:term":[{"taxonomy":"product_brand","embeddable":true,"href":"https:\/\/www.facecorner.lv\/ru\/wp-json\/wp\/v2\/product_brand?post=8717"},{"taxonomy":"product_cat","embeddable":true,"href":"https:\/\/www.facecorner.lv\/ru\/wp-json\/wp\/v2\/product_cat?post=8717"},{"taxonomy":"product_tag","embeddable":true,"href":"https:\/\/www.facecorner.lv\/ru\/wp-json\/wp\/v2\/product_tag?post=8717"},{"taxonomy":"berocket_brand","embeddable":true,"href":"https:\/\/www.facecorner.lv\/ru\/wp-json\/wp\/v2\/berocket_brand?post=8717"}],"curies":[{"name":"wp","href":"https:\/\/api.w.org\/{rel}","templated":true}]}}