{"id":8680,"date":"2023-03-29T12:30:59","date_gmt":"2023-03-29T10:30:59","guid":{"rendered":"https:\/\/facecorner.shop\/?post_type=product&#038;p=8680"},"modified":"2026-03-30T15:50:22","modified_gmt":"2026-03-30T12:50:22","slug":"masil-8-seconds-salon-hair-mask-200ml","status":"publish","type":"product","link":"https:\/\/www.facecorner.lv\/ru\/shop\/masil-8-seconds-salon-hair-mask-200ml\/","title":{"rendered":"Masil 8 Seconds Salon Hair Mask 100\/200ml"},"content":{"rendered":"<p>\u041c\u0430\u0441\u043a\u0430 \u0434\u043b\u044f \u0431\u044b\u0441\u0442\u0440\u043e\u0433\u043e \u0432\u043e\u0441\u0441\u0442\u0430\u043d\u043e\u0432\u043b\u0435\u043d\u0438\u044f \u0432\u043e\u043b\u043e\u0441 Masil 8 Seconds Salon Hair Mask \u0434\u0435\u043b\u0430\u0435\u0442 \u0432\u043e\u043b\u043e\u0441\u044b \u043c\u044f\u0433\u043a\u0438\u043c\u0438, \u0433\u043b\u0430\u0434\u043a\u0438\u043c\u0438, \u0448\u0435\u043b\u043a\u043e\u0432\u0438\u0441\u0442\u044b\u043c\u0438 \u0438 \u0432\u043e\u0437\u0432\u0440\u0430\u0449\u0430\u0435\u0442 \u043b\u043e\u043a\u043e\u043d\u0430\u043c \u0437\u0434\u043e\u0440\u043e\u0432\u044b\u0439 \u0431\u043b\u0435\u0441\u043a. \u0412\u044b\u0441\u043e\u043a\u043e\u043a\u043e\u043d\u0446\u0435\u043d\u0442\u0440\u0438\u0440\u043e\u0432\u0430\u043d\u043d\u0430\u044f \u0444\u043e\u0440\u043c\u0443\u043b\u0430 \u0441\u0440\u0435\u0434\u0441\u0442\u0432\u0430 \u043f\u0440\u043e\u043d\u0438\u043a\u0430\u0435\u0442 \u0433\u043b\u0443\u0431\u043e\u043a\u043e \u0432 \u043a\u0443\u0442\u0438\u043a\u0443\u043b\u0443 \u0432\u043e\u043b\u043e\u0441\u0430 \u0438 \u043f\u043e\u043b\u043e\u0436\u0438\u0442\u0435\u043b\u044c\u043d\u043e \u0432\u043b\u0438\u044f\u0435\u0442 \u043d\u0430 \u0432\u043e\u0441\u0441\u0442\u0430\u043d\u043e\u0432\u043b\u0435\u043d\u0438\u0435 \u0441\u0442\u0440\u0443\u043a\u0442\u0443\u0440\u044b \u043f\u0440\u044f\u0434\u0435\u0439, \u0432\u043e\u0437\u0432\u0440\u0430\u0449\u0430\u0435\u0442 \u0432\u043e\u043b\u043e\u0441\u0430\u043c\u0438 \u0443\u043f\u0440\u0443\u0433\u043e\u0441\u0442\u044c \u0438 \u044d\u043b\u0430\u0441\u0442\u0438\u0447\u043d\u043e\u0441\u0442\u044c. \u0421\u0440\u0435\u0434\u0441\u0442\u0432\u043e \u0442\u0430\u043a\u0436\u0435 \u043e\u0437\u0434\u043e\u0440\u0430\u0432\u043b\u0438\u0432\u0430\u0435\u0442 \u043a\u043e\u0436\u0443 \u0433\u043e\u043b\u043e\u0432\u044b, \u043d\u043e\u0440\u043c\u0430\u043b\u0438\u0437\u0443\u0435\u0442 \u0440\u041d \u0431\u0430\u043b\u0430\u043d\u0441 \u043a\u043e\u0436\u0438, \u0443\u043c\u0435\u043d\u044c\u0448\u0430\u0435\u0442 \u0436\u0438\u0440\u043d\u043e\u0441\u0442\u044c, \u0443\u043a\u0440\u0435\u043f\u043b\u044f\u0435\u0442 \u043a\u043e\u0440\u043d\u0438 \u0438 \u043f\u0440\u0435\u043f\u044f\u0442\u0441\u0442\u0432\u0443\u0435\u0442 \u0432\u044b\u043f\u0430\u0434\u0435\u043d\u0438\u044e \u0432\u043e\u043b\u043e\u0441.<\/p>\n<p>\u041f\u0440\u043e\u0434\u0443\u043a\u0442 \u0432\u0441\u0435\u0433\u043e \u0437\u0430 8 \u0441\u0435\u043a\u0443\u043d\u0434 \u0441\u043f\u043e\u0441\u043e\u0431\u0435\u043d \u0432\u043e\u0441\u0441\u0442\u0430\u043d\u043e\u0432\u0438\u0442\u044c \u0438 \u0437\u043d\u0430\u0447\u0438\u0442\u0435\u043b\u044c\u043d\u043e \u0443\u043b\u0443\u0447\u0448\u0438\u0442\u044c \u0441\u043e\u0441\u0442\u043e\u044f\u043d\u0438\u0435 \u043f\u0440\u044f\u0434\u0435\u0439, \u0432\u0435\u0440\u043d\u0443\u0442\u044c \u0441\u0438\u043b\u0443 \u0438 \u0431\u043b\u0435\u0441\u043a \u0432\u043e\u043b\u043e\u0441\u0430\u043c\u0438, \u0443\u043a\u0440\u0435\u043f\u0438\u0442\u044c \u0438\u0445 \u0438 \u0443\u0441\u0442\u0440\u0430\u043d\u0438\u0442\u044c \u043b\u043e\u043c\u043a\u043e\u0441\u0442\u044c. \u0421\u0440\u0435\u0434\u0441\u0442\u0432\u043e \u043f\u0440\u0435\u0434\u0441\u0442\u0430\u0432\u043b\u044f\u0435\u0442 \u0441\u043e\u0431\u043e\u0439 \u043f\u0440\u043e\u0437\u0440\u0430\u0447\u043d\u0443\u044e \u044d\u0441\u0441\u0435\u043d\u0446\u0438\u044e, \u043a\u043e\u0442\u043e\u0440\u0430\u044f \u043d\u0430\u043f\u0440\u044f\u043c\u0443\u044e \u0432\u043e\u0437\u0434\u0435\u0439\u0441\u0442\u0432\u0443\u0435\u0442 \u043d\u0430 \u043a\u043e\u0436\u0443 \u0433\u043e\u043b\u043e\u0432\u044b \u0438 \u043a\u0443\u0442\u0438\u043a\u0443\u043b\u0443 \u0432\u043e\u043b\u043e\u0441.<\/p>\n<p>\u0421\u043f\u043e\u0441\u043e\u0431 \u043f\u0440\u0438\u043c\u0435\u043d\u0435\u043d\u0438\u044f:<\/p>\n<p>1) \u041d\u0430\u043d\u0435\u0441\u0438\u0442\u0435 \u043c\u0430\u0441\u043a\u0443 \u043d\u0430 \u0432\u043b\u0430\u0436\u043d\u044b\u0435 \u0447\u0438\u0441\u0442\u044b\u0435 \u0432\u043e\u043b\u043e\u0441\u044b \u0438 \u0440\u0430\u0432\u043d\u043e\u043c\u0435\u0440\u043d\u043e \u0440\u0430\u0441\u043f\u0440\u0435\u0434\u0435\u043b\u0438\u0442\u0435 \u043f\u043e \u0432\u0441\u0435\u0439 \u0434\u043b\u0438\u043d\u0435 \u0432\u043e\u043b\u043e\u0441;<br \/>\n2) \u041e\u0441\u0442\u0430\u0432\u044c\u0442\u0435 \u0441\u0440\u0435\u0434\u0441\u0442\u0432\u043e \u043d\u0430 8 \u0441\u0435\u043a\u0443\u043d\u0434 (\u043f\u0440\u0438 \u0441\u0438\u043b\u044c\u043d\u043e \u043f\u043e\u0432\u0440\u0435\u0436\u0434\u0451\u043d\u043d\u044b\u0445 \u0432\u043e\u043b\u043e\u0441\u0430\u0445 \u043c\u0430\u0441\u043a\u0443 \u0440\u0435\u043a\u043e\u043c\u0435\u043d\u0434\u0443\u0435\u0442\u0441\u044f \u0434\u0435\u0440\u0436\u0430\u0442\u044c 3-5 \u043c\u0438\u043d\u0443\u0442);<br \/>\n3) \u0421\u043c\u043e\u0439\u0442\u0435 \u043f\u0440\u043e\u0434\u0443\u043a\u0442 \u0442\u0451\u043f\u043b\u043e\u0439 \u0432\u043e\u0434\u043e\u0439.<\/p>\n<p><strong>\u0421\u043e\u0441\u0442\u0430\u0432<\/strong>Propylene Glycol, Alcohol, Myristyl Alcohol, Water, Cyclopentasiloxane, Steartrimonium Chloride, Cetrimonium Chloride, Sodium Lactate, Behentrimonium Chloride, Fragrance, Menthol, Salicylic acid, Isopropyl Alcohol, Panthenol, Butylene Glycol, Hyd-rolyzed Glycerin , Hydrolyzed Keratin, Avena Sativa (Oat) Kernel Extract, Glycine, Spirulina Platensis Extract, Serine, Glutamic Acid, Hydrolyzed Corn Protein, Hydrolyzed Soy Protein, Hydrolyzed Wheat Protein, Phenoxyethanol, Aspartic Acid, Leucine, Alanine, Lysine, Arginine, Tyrosine, Phenylalanine, Proline, Threonine, Valine, Isoleucine, Histidine, Cysteine, Methionine, Acorus Calamus Root Extract, Calendula Officinalis Flower Extract, Camellia Sinensis Leaf Extract, Carum Petroselinum (Parsley) Extract, Centella Asiatica Extract, Citrus Limon (Lemon) Fruit Extract, Ginkgo Biloba Leaf Extract, Glycyrrhiza Glabra (Licorice) Root Extract, Houttuynia Cordata Extract, Lavandula Angustifolia (Lavender) Extract, Ory za Sativa (Rice) Bran Extract, Perilla Frutescens Leaf Extract, Salvia Officinalis (Sage) Leaf Extract Actinidia Chinensis (Kiwi) Fruit Extract Chrysanthe mum Zawadskii Extract, Citrus Aurantium Dulcis (Orange) Fruit Extract<\/p>","protected":false},"excerpt":{"rendered":"<p>Maska \u0101trai matu atjauno\u0161anai Masil 8 Seconds Salon Hair Mask padara matus m\u012bkstus, gludus, z\u012bdainus un atjauno cirt\u0101m vesel\u012bgu sp\u012bdumu. Produkta \u013coti koncentr\u0113t\u0101 formula ies\u016bcas dzi\u013ci mata kutikul\u0101 un pozit\u012bvi ietekm\u0113 \u0161\u0137ipsnu strukt\u016bras atjauno\u0161anos, atjauno matu elast\u012bbu un elast\u012bbu. L\u012bdzeklis ar\u012b atvese\u013co galvas \u0101du, normaliz\u0113 \u0101das pH l\u012bdzsvaru, samazina taukain\u012bbu, stiprina saknes un nov\u0113r\u0161 matu [&hellip;]<\/p>\n","protected":false},"featured_media":8681,"comment_status":"open","ping_status":"closed","template":"","meta":{"site-sidebar-layout":"default","site-content-layout":"","ast-site-content-layout":"default","site-content-style":"default","site-sidebar-style":"default","ast-global-header-display":"","ast-banner-title-visibility":"","ast-main-header-display":"","ast-hfb-above-header-display":"","ast-hfb-below-header-display":"","ast-hfb-mobile-header-display":"","site-post-title":"","ast-breadcrumbs-content":"","ast-featured-img":"","footer-sml-layout":"","theme-transparent-header-meta":"default","adv-header-id-meta":"","stick-header-meta":"","header-above-stick-meta":"","header-main-stick-meta":"","header-below-stick-meta":"","astra-migrate-meta-layouts":"set","ast-page-background-enabled":"default","ast-page-background-meta":{"desktop":{"background-color":"var(--ast-global-color-4)","background-image":"","background-repeat":"repeat","background-position":"center center","background-size":"auto","background-attachment":"scroll","background-type":"","background-media":"","overlay-type":"","overlay-color":"","overlay-opacity":"","overlay-gradient":""},"tablet":{"background-color":"","background-image":"","background-repeat":"repeat","background-position":"center center","background-size":"auto","background-attachment":"scroll","background-type":"","background-media":"","overlay-type":"","overlay-color":"","overlay-opacity":"","overlay-gradient":""},"mobile":{"background-color":"","background-image":"","background-repeat":"repeat","background-position":"center center","background-size":"auto","background-attachment":"scroll","background-type":"","background-media":"","overlay-type":"","overlay-color":"","overlay-opacity":"","overlay-gradient":""}},"ast-content-background-meta":{"desktop":{"background-color":"var(--ast-global-color-5)","background-image":"","background-repeat":"repeat","background-position":"center center","background-size":"auto","background-attachment":"scroll","background-type":"","background-media":"","overlay-type":"","overlay-color":"","overlay-opacity":"","overlay-gradient":""},"tablet":{"background-color":"var(--ast-global-color-5)","background-image":"","background-repeat":"repeat","background-position":"center center","background-size":"auto","background-attachment":"scroll","background-type":"","background-media":"","overlay-type":"","overlay-color":"","overlay-opacity":"","overlay-gradient":""},"mobile":{"background-color":"var(--ast-global-color-5)","background-image":"","background-repeat":"repeat","background-position":"center center","background-size":"auto","background-attachment":"scroll","background-type":"","background-media":"","overlay-type":"","overlay-color":"","overlay-opacity":"","overlay-gradient":""}}},"product_brand":[],"product_cat":[354,356,330,351],"product_tag":[],"berocket_brand":[593],"class_list":{"0":"post-8680","1":"product","2":"type-product","3":"status-publish","4":"has-post-thumbnail","6":"product_cat-filleri-un-serumi","7":"product_cat-kondicionieri","8":"product_cat-matiem","9":"product_cat-matu-maskas","10":"berocket_brand-masil","11":"desktop-align-left","12":"tablet-align-left","13":"mobile-align-left","15":"first","16":"instock","17":"taxable","18":"shipping-taxable","19":"purchasable","20":"product-type-variable","21":"add-to-wishlist-before_image"},"yoast_head":"<!-- This site is optimized with the Yoast SEO plugin v27.4 - https:\/\/yoast.com\/product\/yoast-seo-wordpress\/ -->\n<title>Masil 8 Seconds Salon Hair Mask 100\/200ml - FACECORNER<\/title>\n<meta name=\"robots\" content=\"index, follow, max-snippet:-1, max-image-preview:large, max-video-preview:-1\" \/>\n<link rel=\"canonical\" href=\"https:\/\/www.facecorner.lv\/ru\/shop\/masil-8-seconds-salon-hair-mask-200ml\/\" \/>\n<meta property=\"og:locale\" content=\"ru_RU\" \/>\n<meta property=\"og:type\" content=\"article\" \/>\n<meta property=\"og:title\" content=\"Masil 8 Seconds Salon Hair Mask 100\/200ml - FACECORNER\" \/>\n<meta property=\"og:description\" content=\"Maska \u0101trai matu atjauno\u0161anai Masil 8 Seconds Salon Hair Mask padara matus m\u012bkstus, gludus, z\u012bdainus un atjauno cirt\u0101m vesel\u012bgu sp\u012bdumu. Produkta \u013coti koncentr\u0113t\u0101 formula ies\u016bcas dzi\u013ci mata kutikul\u0101 un pozit\u012bvi ietekm\u0113 \u0161\u0137ipsnu strukt\u016bras atjauno\u0161anos, atjauno matu elast\u012bbu un elast\u012bbu. L\u012bdzeklis ar\u012b atvese\u013co galvas \u0101du, normaliz\u0113 \u0101das pH l\u012bdzsvaru, samazina taukain\u012bbu, stiprina saknes un nov\u0113r\u0161 matu [&hellip;]\" \/>\n<meta property=\"og:url\" content=\"https:\/\/www.facecorner.lv\/ru\/shop\/masil-8-seconds-salon-hair-mask-200ml\/\" \/>\n<meta property=\"og:site_name\" content=\"FACECORNER\" \/>\n<meta property=\"article:publisher\" content=\"https:\/\/www.facebook.com\/profile.php?id=100063824551839\" \/>\n<meta property=\"article:modified_time\" content=\"2026-03-30T12:50:22+00:00\" \/>\n<meta property=\"og:image\" content=\"https:\/\/www.facecorner.lv\/wp-content\/uploads\/2023\/03\/masil8salonhairmaskpink-1000x1000-1.jpg\" \/>\n\t<meta property=\"og:image:width\" content=\"1000\" \/>\n\t<meta property=\"og:image:height\" content=\"1000\" \/>\n\t<meta property=\"og:image:type\" content=\"image\/jpeg\" \/>\n<meta name=\"twitter:card\" content=\"summary_large_image\" \/>\n<meta name=\"twitter:label1\" content=\"\u0414\u043e\u0441\u0442\u0443\u043f\u043d\u043e\u0441\u0442\u044c\" \/>\n\t<meta name=\"twitter:data1\" content=\"\u0412 \u043d\u0430\u043b\u0438\u0447\u0438\u0438\" \/>\n<script type=\"application\/ld+json\" class=\"yoast-schema-graph\">{\"@context\":\"https:\\\/\\\/schema.org\",\"@graph\":[{\"@type\":\"WebPage\",\"@id\":\"https:\\\/\\\/www.facecorner.lv\\\/shop\\\/masil-8-seconds-salon-hair-mask-200ml\\\/\",\"url\":\"https:\\\/\\\/www.facecorner.lv\\\/shop\\\/masil-8-seconds-salon-hair-mask-200ml\\\/\",\"name\":\"Masil 8 Seconds Salon Hair Mask 100\\\/200ml - FACECORNER\",\"isPartOf\":{\"@id\":\"https:\\\/\\\/www.facecorner.lv\\\/#website\"},\"primaryImageOfPage\":{\"@id\":\"https:\\\/\\\/www.facecorner.lv\\\/shop\\\/masil-8-seconds-salon-hair-mask-200ml\\\/#primaryimage\"},\"image\":{\"@id\":\"https:\\\/\\\/www.facecorner.lv\\\/shop\\\/masil-8-seconds-salon-hair-mask-200ml\\\/#primaryimage\"},\"thumbnailUrl\":\"https:\\\/\\\/www.facecorner.lv\\\/wp-content\\\/uploads\\\/2023\\\/03\\\/masil8salonhairmaskpink-1000x1000-1.jpg\",\"datePublished\":\"2023-03-29T10:30:59+00:00\",\"dateModified\":\"2026-03-30T12:50:22+00:00\",\"breadcrumb\":{\"@id\":\"https:\\\/\\\/www.facecorner.lv\\\/shop\\\/masil-8-seconds-salon-hair-mask-200ml\\\/#breadcrumb\"},\"inLanguage\":\"ru-RU\",\"potentialAction\":[{\"@type\":\"ReadAction\",\"target\":[\"https:\\\/\\\/www.facecorner.lv\\\/shop\\\/masil-8-seconds-salon-hair-mask-200ml\\\/\"]}]},{\"@type\":\"ImageObject\",\"inLanguage\":\"ru-RU\",\"@id\":\"https:\\\/\\\/www.facecorner.lv\\\/shop\\\/masil-8-seconds-salon-hair-mask-200ml\\\/#primaryimage\",\"url\":\"https:\\\/\\\/www.facecorner.lv\\\/wp-content\\\/uploads\\\/2023\\\/03\\\/masil8salonhairmaskpink-1000x1000-1.jpg\",\"contentUrl\":\"https:\\\/\\\/www.facecorner.lv\\\/wp-content\\\/uploads\\\/2023\\\/03\\\/masil8salonhairmaskpink-1000x1000-1.jpg\",\"width\":1000,\"height\":1000},{\"@type\":\"BreadcrumbList\",\"@id\":\"https:\\\/\\\/www.facecorner.lv\\\/shop\\\/masil-8-seconds-salon-hair-mask-200ml\\\/#breadcrumb\",\"itemListElement\":[{\"@type\":\"ListItem\",\"position\":1,\"name\":\"Home\",\"item\":\"https:\\\/\\\/www.facecorner.lv\\\/\"},{\"@type\":\"ListItem\",\"position\":2,\"name\":\"Veikals\",\"item\":\"https:\\\/\\\/www.facecorner.lv\\\/shop\\\/\"},{\"@type\":\"ListItem\",\"position\":3,\"name\":\"Masil 8 Seconds Salon Hair Mask 100\\\/200ml\"}]},{\"@type\":\"WebSite\",\"@id\":\"https:\\\/\\\/www.facecorner.lv\\\/#website\",\"url\":\"https:\\\/\\\/www.facecorner.lv\\\/\",\"name\":\"Facecorner\",\"description\":\"\",\"publisher\":{\"@id\":\"https:\\\/\\\/www.facecorner.lv\\\/#organization\"},\"potentialAction\":[{\"@type\":\"SearchAction\",\"target\":{\"@type\":\"EntryPoint\",\"urlTemplate\":\"https:\\\/\\\/www.facecorner.lv\\\/?s={search_term_string}\"},\"query-input\":{\"@type\":\"PropertyValueSpecification\",\"valueRequired\":true,\"valueName\":\"search_term_string\"}}],\"inLanguage\":\"ru-RU\"},{\"@type\":\"Organization\",\"@id\":\"https:\\\/\\\/www.facecorner.lv\\\/#organization\",\"name\":\"Facecorner\",\"url\":\"https:\\\/\\\/www.facecorner.lv\\\/\",\"logo\":{\"@type\":\"ImageObject\",\"inLanguage\":\"ru-RU\",\"@id\":\"https:\\\/\\\/www.facecorner.lv\\\/#\\\/schema\\\/logo\\\/image\\\/\",\"url\":\"https:\\\/\\\/www.facecorner.lv\\\/wp-content\\\/uploads\\\/2024\\\/04\\\/fc-logo.jpg\",\"contentUrl\":\"https:\\\/\\\/www.facecorner.lv\\\/wp-content\\\/uploads\\\/2024\\\/04\\\/fc-logo.jpg\",\"width\":174,\"height\":28,\"caption\":\"Facecorner\"},\"image\":{\"@id\":\"https:\\\/\\\/www.facecorner.lv\\\/#\\\/schema\\\/logo\\\/image\\\/\"},\"sameAs\":[\"https:\\\/\\\/www.facebook.com\\\/profile.php?id=100063824551839\",\"https:\\\/\\\/www.instagram.com\\\/facecorner_shop\\\/\"]}]}<\/script>\n<meta property=\"og:availability\" content=\"instock\" \/>\n<meta property=\"product:availability\" content=\"instock\" \/>\n<meta property=\"product:condition\" content=\"new\" \/>\n<!-- \/ Yoast SEO plugin. -->","yoast_head_json":{"title":"Masil 8 Seconds Salon Hair Mask 100\/200ml - FACECORNER","robots":{"index":"index","follow":"follow","max-snippet":"max-snippet:-1","max-image-preview":"max-image-preview:large","max-video-preview":"max-video-preview:-1"},"canonical":"https:\/\/www.facecorner.lv\/ru\/shop\/masil-8-seconds-salon-hair-mask-200ml\/","og_locale":"ru_RU","og_type":"article","og_title":"Masil 8 Seconds Salon Hair Mask 100\/200ml - FACECORNER","og_description":"Maska \u0101trai matu atjauno\u0161anai Masil 8 Seconds Salon Hair Mask padara matus m\u012bkstus, gludus, z\u012bdainus un atjauno cirt\u0101m vesel\u012bgu sp\u012bdumu. Produkta \u013coti koncentr\u0113t\u0101 formula ies\u016bcas dzi\u013ci mata kutikul\u0101 un pozit\u012bvi ietekm\u0113 \u0161\u0137ipsnu strukt\u016bras atjauno\u0161anos, atjauno matu elast\u012bbu un elast\u012bbu. L\u012bdzeklis ar\u012b atvese\u013co galvas \u0101du, normaliz\u0113 \u0101das pH l\u012bdzsvaru, samazina taukain\u012bbu, stiprina saknes un nov\u0113r\u0161 matu [&hellip;]","og_url":"https:\/\/www.facecorner.lv\/ru\/shop\/masil-8-seconds-salon-hair-mask-200ml\/","og_site_name":"FACECORNER","article_publisher":"https:\/\/www.facebook.com\/profile.php?id=100063824551839","article_modified_time":"2026-03-30T12:50:22+00:00","og_image":[{"width":1000,"height":1000,"url":"https:\/\/www.facecorner.lv\/wp-content\/uploads\/2023\/03\/masil8salonhairmaskpink-1000x1000-1.jpg","type":"image\/jpeg"}],"twitter_card":"summary_large_image","twitter_misc":{"\u0414\u043e\u0441\u0442\u0443\u043f\u043d\u043e\u0441\u0442\u044c":"\u0412 \u043d\u0430\u043b\u0438\u0447\u0438\u0438"},"schema":{"@context":"https:\/\/schema.org","@graph":[{"@type":"WebPage","@id":"https:\/\/www.facecorner.lv\/shop\/masil-8-seconds-salon-hair-mask-200ml\/","url":"https:\/\/www.facecorner.lv\/shop\/masil-8-seconds-salon-hair-mask-200ml\/","name":"Masil 8 Seconds Salon Hair Mask 100\/200ml - FACECORNER","isPartOf":{"@id":"https:\/\/www.facecorner.lv\/#website"},"primaryImageOfPage":{"@id":"https:\/\/www.facecorner.lv\/shop\/masil-8-seconds-salon-hair-mask-200ml\/#primaryimage"},"image":{"@id":"https:\/\/www.facecorner.lv\/shop\/masil-8-seconds-salon-hair-mask-200ml\/#primaryimage"},"thumbnailUrl":"https:\/\/www.facecorner.lv\/wp-content\/uploads\/2023\/03\/masil8salonhairmaskpink-1000x1000-1.jpg","datePublished":"2023-03-29T10:30:59+00:00","dateModified":"2026-03-30T12:50:22+00:00","breadcrumb":{"@id":"https:\/\/www.facecorner.lv\/shop\/masil-8-seconds-salon-hair-mask-200ml\/#breadcrumb"},"inLanguage":"ru-RU","potentialAction":[{"@type":"ReadAction","target":["https:\/\/www.facecorner.lv\/shop\/masil-8-seconds-salon-hair-mask-200ml\/"]}]},{"@type":"ImageObject","inLanguage":"ru-RU","@id":"https:\/\/www.facecorner.lv\/shop\/masil-8-seconds-salon-hair-mask-200ml\/#primaryimage","url":"https:\/\/www.facecorner.lv\/wp-content\/uploads\/2023\/03\/masil8salonhairmaskpink-1000x1000-1.jpg","contentUrl":"https:\/\/www.facecorner.lv\/wp-content\/uploads\/2023\/03\/masil8salonhairmaskpink-1000x1000-1.jpg","width":1000,"height":1000},{"@type":"BreadcrumbList","@id":"https:\/\/www.facecorner.lv\/shop\/masil-8-seconds-salon-hair-mask-200ml\/#breadcrumb","itemListElement":[{"@type":"ListItem","position":1,"name":"Home","item":"https:\/\/www.facecorner.lv\/"},{"@type":"ListItem","position":2,"name":"Veikals","item":"https:\/\/www.facecorner.lv\/shop\/"},{"@type":"ListItem","position":3,"name":"Masil 8 Seconds Salon Hair Mask 100\/200ml"}]},{"@type":"WebSite","@id":"https:\/\/www.facecorner.lv\/#website","url":"https:\/\/www.facecorner.lv\/","name":"Facecorner","description":"","publisher":{"@id":"https:\/\/www.facecorner.lv\/#organization"},"potentialAction":[{"@type":"SearchAction","target":{"@type":"EntryPoint","urlTemplate":"https:\/\/www.facecorner.lv\/?s={search_term_string}"},"query-input":{"@type":"PropertyValueSpecification","valueRequired":true,"valueName":"search_term_string"}}],"inLanguage":"ru-RU"},{"@type":"Organization","@id":"https:\/\/www.facecorner.lv\/#organization","name":"Facecorner","url":"https:\/\/www.facecorner.lv\/","logo":{"@type":"ImageObject","inLanguage":"ru-RU","@id":"https:\/\/www.facecorner.lv\/#\/schema\/logo\/image\/","url":"https:\/\/www.facecorner.lv\/wp-content\/uploads\/2024\/04\/fc-logo.jpg","contentUrl":"https:\/\/www.facecorner.lv\/wp-content\/uploads\/2024\/04\/fc-logo.jpg","width":174,"height":28,"caption":"Facecorner"},"image":{"@id":"https:\/\/www.facecorner.lv\/#\/schema\/logo\/image\/"},"sameAs":["https:\/\/www.facebook.com\/profile.php?id=100063824551839","https:\/\/www.instagram.com\/facecorner_shop\/"]}]},"og_availability":"instock","product_availability":"instock","product_condition":"new"},"_links":{"self":[{"href":"https:\/\/www.facecorner.lv\/ru\/wp-json\/wp\/v2\/product\/8680","targetHints":{"allow":["GET"]}}],"collection":[{"href":"https:\/\/www.facecorner.lv\/ru\/wp-json\/wp\/v2\/product"}],"about":[{"href":"https:\/\/www.facecorner.lv\/ru\/wp-json\/wp\/v2\/types\/product"}],"replies":[{"embeddable":true,"href":"https:\/\/www.facecorner.lv\/ru\/wp-json\/wp\/v2\/comments?post=8680"}],"wp:featuredmedia":[{"embeddable":true,"href":"https:\/\/www.facecorner.lv\/ru\/wp-json\/wp\/v2\/media\/8681"}],"wp:attachment":[{"href":"https:\/\/www.facecorner.lv\/ru\/wp-json\/wp\/v2\/media?parent=8680"}],"wp:term":[{"taxonomy":"product_brand","embeddable":true,"href":"https:\/\/www.facecorner.lv\/ru\/wp-json\/wp\/v2\/product_brand?post=8680"},{"taxonomy":"product_cat","embeddable":true,"href":"https:\/\/www.facecorner.lv\/ru\/wp-json\/wp\/v2\/product_cat?post=8680"},{"taxonomy":"product_tag","embeddable":true,"href":"https:\/\/www.facecorner.lv\/ru\/wp-json\/wp\/v2\/product_tag?post=8680"},{"taxonomy":"berocket_brand","embeddable":true,"href":"https:\/\/www.facecorner.lv\/ru\/wp-json\/wp\/v2\/berocket_brand?post=8680"}],"curies":[{"name":"wp","href":"https:\/\/api.w.org\/{rel}","templated":true}]}}