{"id":8608,"date":"2023-03-28T17:12:32","date_gmt":"2023-03-28T15:12:32","guid":{"rendered":"https:\/\/facecorner.shop\/?post_type=product&#038;p=8608"},"modified":"2025-10-22T23:07:11","modified_gmt":"2025-10-22T20:07:11","slug":"pyunkang-yul-essence-toner-200ml","status":"publish","type":"product","link":"https:\/\/www.facecorner.lv\/ru\/shop\/pyunkang-yul-essence-toner-200ml\/","title":{"rendered":"Pyunkang Yul Essence Toner 100\/200ml"},"content":{"rendered":"<p>\u0423\u0432\u043b\u0430\u0436\u043d\u044f\u044e\u0449\u0438\u0439 \u0442\u043e\u043d\u0435\u0440-\u044d\u0441\u0441\u0435\u043d\u0446\u0438\u044f \u0441 \u044d\u043a\u0441\u0442\u0440\u0430\u043a\u0442\u043e\u043c \u043a\u043e\u0440\u043d\u044f \u0430\u0441\u0442\u0440\u0430\u0433\u0430\u043b\u0430 Pyunkang Yul Essence Toner \u044d\u0444\u0444\u0435\u043a\u0442\u0438\u0432\u043d\u043e \u0443\u0432\u043b\u0430\u0436\u043d\u044f\u0435\u0442 \u0447\u0443\u0432\u0441\u0442\u0432\u0438\u0442\u0435\u043b\u044c\u043d\u0443\u044e \u0438 \u0443\u0441\u0442\u0430\u0432\u0448\u0443\u044e \u043a\u043e\u0436\u0443, \u0441\u043d\u0438\u043c\u0430\u0435\u0442 \u0440\u0430\u0437\u0434\u0440\u0430\u0436\u0435\u043d\u0438\u0435, \u043f\u0440\u0438\u0434\u0430\u0435\u0442 \u0443\u043f\u0440\u0443\u0433\u043e\u0441\u0442\u044c, \u0443\u0441\u0442\u0440\u0430\u043d\u044f\u0435\u0442 \u0448\u0435\u043b\u0443\u0448\u0435\u043d\u0438\u044f. \u0412 \u0441\u043e\u0441\u0442\u0430\u0432\u0435 \u0442\u043e\u043d\u0435\u0440\u0430 \u043d\u0435\u0442 \u0432\u043e\u0434\u044b: \u0432\u043c\u0435\u0441\u0442\u043e \u043d\u0435\u0451 \u0438\u0441\u043f\u043e\u043b\u044c\u0437\u0443\u0435\u0442\u0441\u044f \u043a\u043e\u0440\u0435\u043d\u044c \u0430\u0441\u0442\u0440\u0430\u0433\u0430\u043b\u0430, \u0431\u043b\u0430\u0433\u043e\u0434\u0430\u0440\u044f \u043a\u043e\u0442\u043e\u0440\u043e\u043c\u0443 \u0441\u0440\u0435\u0434\u0441\u0442\u0432\u043e \u0442\u043e\u043d\u0438\u0437\u0438\u0440\u0443\u0435\u0442, \u0441\u0442\u0438\u043c\u0443\u043b\u0438\u0440\u0443\u0435\u0442 \u043a\u0440\u043e\u0432\u043e\u043e\u0431\u0440\u0430\u0449\u0435\u043d\u0438\u0435 \u0438 \u043f\u043e\u0432\u044b\u0448\u0430\u0435\u0442 \u0437\u0430\u0449\u0438\u0442\u043d\u044b\u0435 \u0444\u0443\u043d\u043a\u0446\u0438\u0438 \u044d\u043f\u0438\u0434\u0435\u0440\u043c\u0438\u0441\u0430. \u0421\u0440\u0435\u0434\u0441\u0442\u0432\u043e \u043e\u0431\u043b\u0430\u0434\u0430\u0435\u0442 \u0443\u0441\u043f\u043e\u043a\u0430\u0438\u0432\u0430\u044e\u0449\u0438\u043c \u0438 \u043f\u0440\u043e\u0442\u0438\u0432\u043e\u0432\u043e\u0441\u043f\u0430\u043b\u0438\u0442\u0435\u043b\u044c\u043d\u044b\u043c \u0441\u0432\u043e\u0439\u0441\u0442\u0432\u043e\u043c. \u0422\u043e\u043d\u0435\u0440 \u043f\u043e\u0434\u0433\u043e\u0442\u0430\u0432\u043b\u0438\u0432\u0430\u0435\u0442 \u043a \u043f\u043e\u0441\u043b\u0435\u0434\u0443\u044e\u0449\u0438\u043c \u044d\u0442\u0430\u043f\u0430\u043c \u0443\u0445\u043e\u0434\u0430.<\/p>\n<p>\u042f\u0432\u043b\u044f\u0435\u0442\u0441\u044f \u0441\u0430\u043c\u044b\u043c \u043f\u043e\u043f\u0443\u043b\u044f\u0440\u043d\u044b\u043c \u0441\u0440\u0435\u0434\u0441\u0442\u0432\u043e\u043c \u0431\u0440\u0435\u043d\u0434\u0430! \u0418\u043c\u0435\u0435\u0442 \u043f\u043e\u0442\u0440\u044f\u0441\u0430\u044e\u0449\u0443\u044e \u0442\u0435\u043a\u0441\u0442\u0443\u0440\u0443 \u0441\u0433\u0443\u0449\u0435\u043d\u043d\u043e\u0433\u043e \u0442\u043e\u043d\u0435\u0440\u0430. \u041c\u044f\u0433\u043a\u043e \u0438 \u0431\u0435\u0440\u0435\u0436\u043d\u043e \u0432\u043e\u0437\u0434\u0435\u0439\u0441\u0442\u0432\u0443\u0435\u0442, \u043d\u0435 \u0432\u044b\u0437\u044b\u0432\u0430\u0435\u0442 \u0430\u043b\u043b\u0435\u0440\u0433\u0438\u0438, \u0440\u0430\u0437\u0434\u0440\u0430\u0436\u0435\u043d\u0438\u0439 \u0438 \u043f\u043e\u0434\u0445\u043e\u0434\u0438\u0442 \u0434\u0430\u0436\u0435 \u0434\u043b\u044f \u0441\u0430\u043c\u043e\u0439 \u0447\u0443\u0432\u0441\u0442\u0432\u0438\u0442\u0435\u043b\u044c\u043d\u043e\u0439 \u043a\u043e\u0436\u0438. \u0412 \u0441\u043e\u0441\u0442\u0430\u0432 \u0432\u0445\u043e\u0434\u044f\u0442 \u043a\u043e\u043c\u043f\u043e\u043d\u0435\u043d\u0442\u044b, \u0438\u043c\u0435\u044e\u0449\u0438\u0435 \u0441\u0435\u0440\u0442\u0438\u0444\u0438\u043a\u0430\u0446\u0438\u044e EWG \u2014 Environmental Working Group (\u042d\u043a\u043e\u043b\u043e\u0433\u0438\u0447\u0435\u0441\u043a\u0430\u044f \u0440\u0430\u0431\u043e\u0447\u0430\u044f \u0433\u0440\u0443\u043f\u043f\u0430).<\/p>\n<p>\u041e\u0441\u043d\u043e\u0432\u043d\u044b\u0435 \u0434\u0435\u0439\u0441\u0442\u0432\u0443\u044e\u0449\u0438\u0435 \u0438\u043d\u0433\u0440\u0435\u0434\u0438\u0435\u043d\u0442\u044b:<\/p>\n<ul>\n<li>\u0410\u0440\u0433\u0438\u043d\u0438\u043d \u2014 \u044d\u0442\u043e \u0430\u043c\u0438\u043d\u043e\u043a\u0438\u0441\u043b\u043e\u0442\u0430, \u043a\u043e\u0442\u043e\u0440\u0430\u044f \u043e\u0431\u043b\u0430\u0434\u0430\u0435\u0442 \u0440\u0430\u043d\u043e\u0437\u0430\u0436\u0438\u0432\u043b\u044f\u044e\u0449\u0438\u043c  \u0438 \u043b\u0435\u0447\u0435\u0431\u043d\u044b\u043c \u0434\u0435\u0439\u0441\u0442\u0432\u0438\u0435\u043c, \u0443\u0441\u0442\u0440\u0430\u043d\u044f\u0435\u0442 \u043d\u0435\u0441\u043e\u0432\u0435\u0440\u0448\u0435\u043d\u0441\u0442\u0432\u0430 \u043a\u043e\u0436\u0438, \u0443\u043a\u0440\u0435\u043f\u043b\u044f\u0435\u0442 \u0442\u0443\u0440\u0433\u043e\u0440 \u0438 \u043f\u043e\u0432\u044b\u0448\u0430\u0435\u0442 \u0442\u043e\u043d\u0443\u0441 \u044d\u043f\u0438\u0434\u0435\u0440\u043c\u0438\u0441\u0430.<\/li>\n<li>\u042d\u043a\u0441\u0442\u0440\u0430\u043a\u0442 \u043a\u043e\u0440\u043d\u044f \u0430\u0441\u0442\u0440\u0430\u0433\u0430\u043b\u0430 \u2014 \u0432\u0442\u043e\u0440\u043e\u0439 \u043f\u043e \u043f\u043e\u043f\u0443\u043b\u044f\u0440\u043d\u043e\u0441\u0442\u0438 \u043f\u043e\u0441\u043b\u0435 \u0436\u0435\u043d\u044c\u0448\u0435\u043d\u044f \u0432 \u043d\u0430\u0440\u043e\u0434\u043d\u043e\u0439 \u043c\u0435\u0434\u0438\u0446\u0438\u043d\u0435 \u0430\u0437\u0438\u0430\u0442\u0441\u043a\u0438\u0445 \u0441\u0442\u0440\u0430\u043d. \u0418\u0441\u043f\u043e\u043b\u044c\u0437\u0443\u0435\u0442\u0441\u044f \u0432 \u043a\u0430\u0447\u0435\u0441\u0442\u0432\u0435 \u0430\u043d\u0442\u0438\u043e\u043a\u0441\u0438\u0434\u0430\u043d\u0442\u043d\u043e\u0433\u043e, \u0438\u043c\u043c\u0443\u043d\u043e\u0441\u0442\u0438\u043c\u0443\u043b\u0438\u0440\u0443\u044e\u0449\u0435\u0433\u043e \u0438\u043d\u0433\u0440\u0435\u0434\u0438\u0435\u043d\u0442\u0430. \u0421\u043d\u0438\u043c\u0430\u0435\u0442 \u0432\u043e\u0441\u043f\u0430\u043b\u0435\u043d\u0438\u0435, \u0440\u0430\u0441\u0441\u043b\u0430\u0431\u043b\u044f\u0435\u0442 \u0441\u043e\u0441\u0443\u0434\u044b, \u0437\u0430\u0436\u0438\u0432\u043b\u044f\u0435\u0442 \u043c\u0438\u043a\u0440\u043e\u043f\u043e\u0432\u0440\u0435\u0434\u0435\u043d\u0438\u044f, \u0441\u043c\u044f\u0433\u0447\u0430\u0435\u0442 \u0432\u044b\u0440\u0430\u0436\u0435\u043d\u043d\u043e\u0441\u0442\u044c \u043a\u0443\u043f\u0435\u0440\u043e\u0437\u0430.<br \/>\n\u041f\u043e\u0434\u0445\u043e\u0434\u0438\u0442 \u0434\u043b\u044f \u043a\u043e\u0436\u0438, \u0441\u043a\u043b\u043e\u043d\u043d\u043e\u0439 \u043a \u0441\u0443\u0445\u043e\u0441\u0442\u0438.<\/li>\n<\/ul>\n<p><strong>\u0421\u043f\u043e\u0441\u043e\u0431 \u043f\u0440\u0438\u043c\u0435\u043d\u0435\u043d\u0438\u044f:<\/strong> \u043f\u043e\u0441\u043b\u0435 \u043e\u0447\u0438\u0449\u0435\u043d\u0438\u044f \u043a\u043e\u0436\u0438 \u043d\u0430\u043d\u0435\u0441\u0442\u0438 \u0442\u043e\u043d\u0435\u0440 \u0447\u0438\u0441\u0442\u044b\u043c\u0438 \u0440\u0443\u043a\u0430\u043c\u0438 \u043d\u0435\u043f\u043e\u0441\u0440\u0435\u0434\u0441\u0442\u0432\u0435\u043d\u043d\u043e \u043d\u0430 \u043b\u0438\u0446\u043e \u043b\u0435\u0433\u043a\u0438\u043c\u0438 \u043f\u043e\u0445\u043b\u043e\u043f\u044b\u0432\u0430\u044e\u0449\u0438\u043c\u0438 \u0434\u0432\u0438\u0436\u0435\u043d\u0438\u044f\u043c\u0438.<\/p>\n<p><strong>\u0421\u043e\u0441\u0442\u0430\u0432\u00a0<\/strong>Astragalus Membranaceus Root Extract, 1,2-Hexanediol, Butylene Glycol, Bis-PEG-18 Methyl Ether Dimethyl Silane, Hydroxyethylcellulose, Carbomer, Arginine<\/p>","protected":false},"excerpt":{"rendered":"<p>Mitrino\u0161s essences toniks ar astragalus saknes ekstraktu Pyunkang Yul Essence Toner efekt\u012bvi mitrina jut\u012bgu un noguru\u0161u \u0101du, mazina kairin\u0101jumu, pie\u0161\u0137ir elast\u012bbu un nov\u0113r\u0161 lob\u012b\u0161anos. Toniks nesatur \u016bdeni: t\u0101 viet\u0101 tiek izmantota astragalus sakne, pateicoties kurai produkts toniz\u0113, stimul\u0113 asinsriti un paaugstina epidermas aizsargfunkcijas. Produktam ir nomierino\u0161as un pretiekaisuma \u012bpa\u0161\u012bbas. Toneris sagatavo n\u0101kamajiem kop\u0161anas posmiem. Tas [&hellip;]<\/p>\n","protected":false},"featured_media":8610,"comment_status":"open","ping_status":"closed","template":"","meta":{"site-sidebar-layout":"default","site-content-layout":"","ast-site-content-layout":"default","site-content-style":"default","site-sidebar-style":"default","ast-global-header-display":"","ast-banner-title-visibility":"","ast-main-header-display":"","ast-hfb-above-header-display":"","ast-hfb-below-header-display":"","ast-hfb-mobile-header-display":"","site-post-title":"","ast-breadcrumbs-content":"","ast-featured-img":"","footer-sml-layout":"","theme-transparent-header-meta":"default","adv-header-id-meta":"","stick-header-meta":"","header-above-stick-meta":"","header-main-stick-meta":"","header-below-stick-meta":"","astra-migrate-meta-layouts":"set","ast-page-background-enabled":"default","ast-page-background-meta":{"desktop":{"background-color":"var(--ast-global-color-4)","background-image":"","background-repeat":"repeat","background-position":"center center","background-size":"auto","background-attachment":"scroll","background-type":"","background-media":"","overlay-type":"","overlay-color":"","overlay-opacity":"","overlay-gradient":""},"tablet":{"background-color":"","background-image":"","background-repeat":"repeat","background-position":"center center","background-size":"auto","background-attachment":"scroll","background-type":"","background-media":"","overlay-type":"","overlay-color":"","overlay-opacity":"","overlay-gradient":""},"mobile":{"background-color":"","background-image":"","background-repeat":"repeat","background-position":"center center","background-size":"auto","background-attachment":"scroll","background-type":"","background-media":"","overlay-type":"","overlay-color":"","overlay-opacity":"","overlay-gradient":""}},"ast-content-background-meta":{"desktop":{"background-color":"var(--ast-global-color-5)","background-image":"","background-repeat":"repeat","background-position":"center center","background-size":"auto","background-attachment":"scroll","background-type":"","background-media":"","overlay-type":"","overlay-color":"","overlay-opacity":"","overlay-gradient":""},"tablet":{"background-color":"var(--ast-global-color-5)","background-image":"","background-repeat":"repeat","background-position":"center center","background-size":"auto","background-attachment":"scroll","background-type":"","background-media":"","overlay-type":"","overlay-color":"","overlay-opacity":"","overlay-gradient":""},"mobile":{"background-color":"var(--ast-global-color-5)","background-image":"","background-repeat":"repeat","background-position":"center center","background-size":"auto","background-attachment":"scroll","background-type":"","background-media":"","overlay-type":"","overlay-color":"","overlay-opacity":"","overlay-gradient":""}}},"product_brand":[],"product_cat":[375,380,377,381,378,379,307,364,376],"product_tag":[],"berocket_brand":[587],"class_list":{"0":"post-8608","1":"product","2":"type-product","3":"status-publish","4":"has-post-thumbnail","6":"product_cat-jutigai-adai-toneri","7":"product_cat-kombinetai-adai","8":"product_cat-problematiskai-adai-toneri","9":"product_cat-problematiskai-un-taukainai-adai","10":"product_cat-sausai-adai-toneri","11":"product_cat-sausai-adai-anti-age","12":"product_cat-sejai","13":"product_cat-toneri","14":"product_cat-kombinetai-adai-toneri","15":"berocket_brand-pyunkangyul","16":"desktop-align-left","17":"tablet-align-left","18":"mobile-align-left","20":"first","21":"instock","22":"taxable","23":"shipping-taxable","24":"purchasable","25":"product-type-variable","26":"add-to-wishlist-before_image"},"yoast_head":"<!-- This site is optimized with the Yoast SEO plugin v27.4 - https:\/\/yoast.com\/product\/yoast-seo-wordpress\/ -->\n<title>Pyunkang Yul Essence Toner 100\/200ml - FACECORNER<\/title>\n<meta name=\"robots\" content=\"index, follow, max-snippet:-1, max-image-preview:large, max-video-preview:-1\" \/>\n<link rel=\"canonical\" href=\"https:\/\/www.facecorner.lv\/ru\/shop\/pyunkang-yul-essence-toner-200ml\/\" \/>\n<meta property=\"og:locale\" content=\"ru_RU\" \/>\n<meta property=\"og:type\" content=\"article\" \/>\n<meta property=\"og:title\" content=\"Pyunkang Yul Essence Toner 100\/200ml - FACECORNER\" \/>\n<meta property=\"og:description\" content=\"Mitrino\u0161s essences toniks ar astragalus saknes ekstraktu Pyunkang Yul Essence Toner efekt\u012bvi mitrina jut\u012bgu un noguru\u0161u \u0101du, mazina kairin\u0101jumu, pie\u0161\u0137ir elast\u012bbu un nov\u0113r\u0161 lob\u012b\u0161anos. Toniks nesatur \u016bdeni: t\u0101 viet\u0101 tiek izmantota astragalus sakne, pateicoties kurai produkts toniz\u0113, stimul\u0113 asinsriti un paaugstina epidermas aizsargfunkcijas. Produktam ir nomierino\u0161as un pretiekaisuma \u012bpa\u0161\u012bbas. Toneris sagatavo n\u0101kamajiem kop\u0161anas posmiem. Tas [&hellip;]\" \/>\n<meta property=\"og:url\" content=\"https:\/\/www.facecorner.lv\/ru\/shop\/pyunkang-yul-essence-toner-200ml\/\" \/>\n<meta property=\"og:site_name\" content=\"FACECORNER\" \/>\n<meta property=\"article:publisher\" content=\"https:\/\/www.facebook.com\/profile.php?id=100063824551839\" \/>\n<meta property=\"article:modified_time\" content=\"2025-10-22T20:07:11+00:00\" \/>\n<meta property=\"og:image\" content=\"https:\/\/www.facecorner.lv\/wp-content\/uploads\/2023\/03\/Unknown.jpeg\" \/>\n\t<meta property=\"og:image:width\" content=\"225\" \/>\n\t<meta property=\"og:image:height\" content=\"225\" \/>\n\t<meta property=\"og:image:type\" content=\"image\/jpeg\" \/>\n<meta name=\"twitter:card\" content=\"summary_large_image\" \/>\n<meta name=\"twitter:label1\" content=\"\u0414\u043e\u0441\u0442\u0443\u043f\u043d\u043e\u0441\u0442\u044c\" \/>\n\t<meta name=\"twitter:data1\" content=\"\u0412 \u043d\u0430\u043b\u0438\u0447\u0438\u0438\" \/>\n<script type=\"application\/ld+json\" class=\"yoast-schema-graph\">{\"@context\":\"https:\\\/\\\/schema.org\",\"@graph\":[{\"@type\":\"WebPage\",\"@id\":\"https:\\\/\\\/www.facecorner.lv\\\/shop\\\/pyunkang-yul-essence-toner-200ml\\\/\",\"url\":\"https:\\\/\\\/www.facecorner.lv\\\/shop\\\/pyunkang-yul-essence-toner-200ml\\\/\",\"name\":\"Pyunkang Yul Essence Toner 100\\\/200ml - FACECORNER\",\"isPartOf\":{\"@id\":\"https:\\\/\\\/www.facecorner.lv\\\/#website\"},\"primaryImageOfPage\":{\"@id\":\"https:\\\/\\\/www.facecorner.lv\\\/shop\\\/pyunkang-yul-essence-toner-200ml\\\/#primaryimage\"},\"image\":{\"@id\":\"https:\\\/\\\/www.facecorner.lv\\\/shop\\\/pyunkang-yul-essence-toner-200ml\\\/#primaryimage\"},\"thumbnailUrl\":\"https:\\\/\\\/www.facecorner.lv\\\/wp-content\\\/uploads\\\/2023\\\/03\\\/Unknown.jpeg\",\"datePublished\":\"2023-03-28T15:12:32+00:00\",\"dateModified\":\"2025-10-22T20:07:11+00:00\",\"breadcrumb\":{\"@id\":\"https:\\\/\\\/www.facecorner.lv\\\/shop\\\/pyunkang-yul-essence-toner-200ml\\\/#breadcrumb\"},\"inLanguage\":\"ru-RU\",\"potentialAction\":[{\"@type\":\"ReadAction\",\"target\":[\"https:\\\/\\\/www.facecorner.lv\\\/shop\\\/pyunkang-yul-essence-toner-200ml\\\/\"]}]},{\"@type\":\"ImageObject\",\"inLanguage\":\"ru-RU\",\"@id\":\"https:\\\/\\\/www.facecorner.lv\\\/shop\\\/pyunkang-yul-essence-toner-200ml\\\/#primaryimage\",\"url\":\"https:\\\/\\\/www.facecorner.lv\\\/wp-content\\\/uploads\\\/2023\\\/03\\\/Unknown.jpeg\",\"contentUrl\":\"https:\\\/\\\/www.facecorner.lv\\\/wp-content\\\/uploads\\\/2023\\\/03\\\/Unknown.jpeg\",\"width\":225,\"height\":225},{\"@type\":\"BreadcrumbList\",\"@id\":\"https:\\\/\\\/www.facecorner.lv\\\/shop\\\/pyunkang-yul-essence-toner-200ml\\\/#breadcrumb\",\"itemListElement\":[{\"@type\":\"ListItem\",\"position\":1,\"name\":\"Home\",\"item\":\"https:\\\/\\\/www.facecorner.lv\\\/\"},{\"@type\":\"ListItem\",\"position\":2,\"name\":\"Veikals\",\"item\":\"https:\\\/\\\/www.facecorner.lv\\\/shop\\\/\"},{\"@type\":\"ListItem\",\"position\":3,\"name\":\"Pyunkang Yul Essence Toner 100\\\/200ml\"}]},{\"@type\":\"WebSite\",\"@id\":\"https:\\\/\\\/www.facecorner.lv\\\/#website\",\"url\":\"https:\\\/\\\/www.facecorner.lv\\\/\",\"name\":\"Facecorner\",\"description\":\"\",\"publisher\":{\"@id\":\"https:\\\/\\\/www.facecorner.lv\\\/#organization\"},\"potentialAction\":[{\"@type\":\"SearchAction\",\"target\":{\"@type\":\"EntryPoint\",\"urlTemplate\":\"https:\\\/\\\/www.facecorner.lv\\\/?s={search_term_string}\"},\"query-input\":{\"@type\":\"PropertyValueSpecification\",\"valueRequired\":true,\"valueName\":\"search_term_string\"}}],\"inLanguage\":\"ru-RU\"},{\"@type\":\"Organization\",\"@id\":\"https:\\\/\\\/www.facecorner.lv\\\/#organization\",\"name\":\"Facecorner\",\"url\":\"https:\\\/\\\/www.facecorner.lv\\\/\",\"logo\":{\"@type\":\"ImageObject\",\"inLanguage\":\"ru-RU\",\"@id\":\"https:\\\/\\\/www.facecorner.lv\\\/#\\\/schema\\\/logo\\\/image\\\/\",\"url\":\"https:\\\/\\\/www.facecorner.lv\\\/wp-content\\\/uploads\\\/2024\\\/04\\\/fc-logo.jpg\",\"contentUrl\":\"https:\\\/\\\/www.facecorner.lv\\\/wp-content\\\/uploads\\\/2024\\\/04\\\/fc-logo.jpg\",\"width\":174,\"height\":28,\"caption\":\"Facecorner\"},\"image\":{\"@id\":\"https:\\\/\\\/www.facecorner.lv\\\/#\\\/schema\\\/logo\\\/image\\\/\"},\"sameAs\":[\"https:\\\/\\\/www.facebook.com\\\/profile.php?id=100063824551839\",\"https:\\\/\\\/www.instagram.com\\\/facecorner_shop\\\/\"]}]}<\/script>\n<meta property=\"og:availability\" content=\"instock\" \/>\n<meta property=\"product:availability\" content=\"instock\" \/>\n<meta property=\"product:condition\" content=\"new\" \/>\n<!-- \/ Yoast SEO plugin. -->","yoast_head_json":{"title":"Pyunkang Yul Essence Toner 100\/200ml - FACECORNER","robots":{"index":"index","follow":"follow","max-snippet":"max-snippet:-1","max-image-preview":"max-image-preview:large","max-video-preview":"max-video-preview:-1"},"canonical":"https:\/\/www.facecorner.lv\/ru\/shop\/pyunkang-yul-essence-toner-200ml\/","og_locale":"ru_RU","og_type":"article","og_title":"Pyunkang Yul Essence Toner 100\/200ml - FACECORNER","og_description":"Mitrino\u0161s essences toniks ar astragalus saknes ekstraktu Pyunkang Yul Essence Toner efekt\u012bvi mitrina jut\u012bgu un noguru\u0161u \u0101du, mazina kairin\u0101jumu, pie\u0161\u0137ir elast\u012bbu un nov\u0113r\u0161 lob\u012b\u0161anos. Toniks nesatur \u016bdeni: t\u0101 viet\u0101 tiek izmantota astragalus sakne, pateicoties kurai produkts toniz\u0113, stimul\u0113 asinsriti un paaugstina epidermas aizsargfunkcijas. Produktam ir nomierino\u0161as un pretiekaisuma \u012bpa\u0161\u012bbas. Toneris sagatavo n\u0101kamajiem kop\u0161anas posmiem. Tas [&hellip;]","og_url":"https:\/\/www.facecorner.lv\/ru\/shop\/pyunkang-yul-essence-toner-200ml\/","og_site_name":"FACECORNER","article_publisher":"https:\/\/www.facebook.com\/profile.php?id=100063824551839","article_modified_time":"2025-10-22T20:07:11+00:00","og_image":[{"width":225,"height":225,"url":"https:\/\/www.facecorner.lv\/wp-content\/uploads\/2023\/03\/Unknown.jpeg","type":"image\/jpeg"}],"twitter_card":"summary_large_image","twitter_misc":{"\u0414\u043e\u0441\u0442\u0443\u043f\u043d\u043e\u0441\u0442\u044c":"\u0412 \u043d\u0430\u043b\u0438\u0447\u0438\u0438"},"schema":{"@context":"https:\/\/schema.org","@graph":[{"@type":"WebPage","@id":"https:\/\/www.facecorner.lv\/shop\/pyunkang-yul-essence-toner-200ml\/","url":"https:\/\/www.facecorner.lv\/shop\/pyunkang-yul-essence-toner-200ml\/","name":"Pyunkang Yul Essence Toner 100\/200ml - FACECORNER","isPartOf":{"@id":"https:\/\/www.facecorner.lv\/#website"},"primaryImageOfPage":{"@id":"https:\/\/www.facecorner.lv\/shop\/pyunkang-yul-essence-toner-200ml\/#primaryimage"},"image":{"@id":"https:\/\/www.facecorner.lv\/shop\/pyunkang-yul-essence-toner-200ml\/#primaryimage"},"thumbnailUrl":"https:\/\/www.facecorner.lv\/wp-content\/uploads\/2023\/03\/Unknown.jpeg","datePublished":"2023-03-28T15:12:32+00:00","dateModified":"2025-10-22T20:07:11+00:00","breadcrumb":{"@id":"https:\/\/www.facecorner.lv\/shop\/pyunkang-yul-essence-toner-200ml\/#breadcrumb"},"inLanguage":"ru-RU","potentialAction":[{"@type":"ReadAction","target":["https:\/\/www.facecorner.lv\/shop\/pyunkang-yul-essence-toner-200ml\/"]}]},{"@type":"ImageObject","inLanguage":"ru-RU","@id":"https:\/\/www.facecorner.lv\/shop\/pyunkang-yul-essence-toner-200ml\/#primaryimage","url":"https:\/\/www.facecorner.lv\/wp-content\/uploads\/2023\/03\/Unknown.jpeg","contentUrl":"https:\/\/www.facecorner.lv\/wp-content\/uploads\/2023\/03\/Unknown.jpeg","width":225,"height":225},{"@type":"BreadcrumbList","@id":"https:\/\/www.facecorner.lv\/shop\/pyunkang-yul-essence-toner-200ml\/#breadcrumb","itemListElement":[{"@type":"ListItem","position":1,"name":"Home","item":"https:\/\/www.facecorner.lv\/"},{"@type":"ListItem","position":2,"name":"Veikals","item":"https:\/\/www.facecorner.lv\/shop\/"},{"@type":"ListItem","position":3,"name":"Pyunkang Yul Essence Toner 100\/200ml"}]},{"@type":"WebSite","@id":"https:\/\/www.facecorner.lv\/#website","url":"https:\/\/www.facecorner.lv\/","name":"Facecorner","description":"","publisher":{"@id":"https:\/\/www.facecorner.lv\/#organization"},"potentialAction":[{"@type":"SearchAction","target":{"@type":"EntryPoint","urlTemplate":"https:\/\/www.facecorner.lv\/?s={search_term_string}"},"query-input":{"@type":"PropertyValueSpecification","valueRequired":true,"valueName":"search_term_string"}}],"inLanguage":"ru-RU"},{"@type":"Organization","@id":"https:\/\/www.facecorner.lv\/#organization","name":"Facecorner","url":"https:\/\/www.facecorner.lv\/","logo":{"@type":"ImageObject","inLanguage":"ru-RU","@id":"https:\/\/www.facecorner.lv\/#\/schema\/logo\/image\/","url":"https:\/\/www.facecorner.lv\/wp-content\/uploads\/2024\/04\/fc-logo.jpg","contentUrl":"https:\/\/www.facecorner.lv\/wp-content\/uploads\/2024\/04\/fc-logo.jpg","width":174,"height":28,"caption":"Facecorner"},"image":{"@id":"https:\/\/www.facecorner.lv\/#\/schema\/logo\/image\/"},"sameAs":["https:\/\/www.facebook.com\/profile.php?id=100063824551839","https:\/\/www.instagram.com\/facecorner_shop\/"]}]},"og_availability":"instock","product_availability":"instock","product_condition":"new"},"_links":{"self":[{"href":"https:\/\/www.facecorner.lv\/ru\/wp-json\/wp\/v2\/product\/8608","targetHints":{"allow":["GET"]}}],"collection":[{"href":"https:\/\/www.facecorner.lv\/ru\/wp-json\/wp\/v2\/product"}],"about":[{"href":"https:\/\/www.facecorner.lv\/ru\/wp-json\/wp\/v2\/types\/product"}],"replies":[{"embeddable":true,"href":"https:\/\/www.facecorner.lv\/ru\/wp-json\/wp\/v2\/comments?post=8608"}],"wp:featuredmedia":[{"embeddable":true,"href":"https:\/\/www.facecorner.lv\/ru\/wp-json\/wp\/v2\/media\/8610"}],"wp:attachment":[{"href":"https:\/\/www.facecorner.lv\/ru\/wp-json\/wp\/v2\/media?parent=8608"}],"wp:term":[{"taxonomy":"product_brand","embeddable":true,"href":"https:\/\/www.facecorner.lv\/ru\/wp-json\/wp\/v2\/product_brand?post=8608"},{"taxonomy":"product_cat","embeddable":true,"href":"https:\/\/www.facecorner.lv\/ru\/wp-json\/wp\/v2\/product_cat?post=8608"},{"taxonomy":"product_tag","embeddable":true,"href":"https:\/\/www.facecorner.lv\/ru\/wp-json\/wp\/v2\/product_tag?post=8608"},{"taxonomy":"berocket_brand","embeddable":true,"href":"https:\/\/www.facecorner.lv\/ru\/wp-json\/wp\/v2\/berocket_brand?post=8608"}],"curies":[{"name":"wp","href":"https:\/\/api.w.org\/{rel}","templated":true}]}}