{"id":5919,"date":"2023-02-07T13:43:02","date_gmt":"2023-02-07T11:43:02","guid":{"rendered":"http:\/\/dev.ligums.lv\/facecorner\/?post_type=product&#038;p=5919"},"modified":"2024-05-11T13:16:13","modified_gmt":"2024-05-11T11:16:13","slug":"medi-peel-hyaluron-rose-peptide-9-ampoule-eye-patch","status":"publish","type":"product","link":"https:\/\/www.facecorner.lv\/ru\/shop\/medi-peel-hyaluron-rose-peptide-9-ampoule-eye-patch\/","title":{"rendered":"MEDI-PEEL HYALURON ROSE PEPTIDE 9 AMPOULE EYE PATCH"},"content":{"rendered":"<p>\u0413\u0438\u0434\u0440\u043e\u0433\u0435\u043b\u0435\u0432\u044b\u0435 \u043f\u0430\u0442\u0447\u0438 \u0441 \u044d\u043a\u0441\u0442\u0440\u0430\u043a\u0442\u043e\u043c \u0440\u043e\u0437\u044b \u0438 \u043f\u0435\u043f\u0442\u0438\u0434\u0430\u043c\u0438 Medi-Peel Hyaluron Rose Peptide 9 Ampoule Eye Patch \u0442\u0430\u043a\u0436\u0435 \u0441\u043e\u0434\u0435\u0440\u0436\u0430\u0442 \u0432\u0438\u0442\u0430\u043c\u0438\u043d\u043d\u044b\u0439 \u043a\u043e\u043c\u043f\u043b\u0435\u043a\u0441, \u043e\u0431\u043b\u0430\u0434\u0430\u044e\u0442 \u0438\u043d\u0442\u0435\u043d\u0441\u0438\u0432\u043d\u044b\u043c \u0443\u0432\u043b\u0430\u0436\u043d\u044f\u044e\u0449\u0438\u043c, \u043e\u0441\u0432\u0435\u0436\u0430\u044e\u0449\u0438\u043c \u0438 \u0442\u043e\u043d\u0438\u0437\u0438\u0440\u0443\u044e\u0449\u0438\u043c \u0434\u0435\u0439\u0441\u0442\u0432\u0438\u0435\u043c. \u041f\u043e\u043c\u043e\u0433\u0430\u044e\u0442 \u0443\u0441\u0442\u0440\u0430\u043d\u0438\u0442\u044c \u043e\u0442\u0451\u043a\u0438, \u0441\u043d\u044f\u0442\u044c \u043f\u0440\u0438\u043f\u0443\u0445\u043b\u043e\u0441\u0442\u0438, \u0441\u043b\u0435\u0433\u043a\u0430 \u043e\u0441\u0432\u0435\u0442\u043b\u0438\u0442\u044c \u0442\u0451\u043c\u043d\u044b\u0435 \u043a\u0440\u0443\u0433\u0438 \u0438 \u043e\u0441\u0432\u0435\u0436\u0438\u0442\u044c \u0443\u0441\u0442\u0430\u0432\u0448\u0443\u044e \u043a\u043e\u0436\u0443.<\/p>\n<p><strong>\u0421\u043e\u0441\u0442\u0430\u0432 \u043d\u0430\u0431\u043e\u0440\u0430:<\/strong> 60 \u0448\u0442 (30 \u043f\u0430\u0440)<\/p>\n<p><strong>\u0421\u043e\u0441\u0442\u0430\u0432:<\/strong>Purified water flick Western Carrageenan Butylene glycol, Damask rainy season flower extract (100pm), Provence rose flower extract (1000ppm, French rose like extract (t0pgm), Pomegranate extract, Raspberry extract, Cornus fruit extract, Black cherry fruit Extract, Cranberry Extract Hydrolyzed Hyaluronic Acid (1ppm), Sodium Acetylated Hyaluronate (1ppm), Hydroxypropyltrimonium Hyaluronate (10ppm), Potassium Hyaluronate (002ppm), sodium hyaluronate cross polymer (011pm), hyaluronic acid (025ppm), sodium hyaluronate (110ppm), ethyl hexyl glycerin, hydrolyzed elastin, hydrated collagen, Acetyl Hexapeptide -80001ppm), Copper Tripeptide-1 (0001ppm), Oligopeptide-2 (0000ppml, Lipo peptide -32 (0.0006ppm), palmitoyl penta peptide-4 (0.0001 ppm), palmitoyl tripeptide-1 (0,001 ppm), palmitoyl tetrapeptide -70005 ppm), glyceryl polymethacrylate, propylene glycol, palmitoyl Oligopeptides (0001ppm), palmitoyl tripeptide -50.1ppm), propane diol, pentylene glycol, coconut palm fruit extract, Savior pine leaf extract, allantoin. Castor Seed Oil, Dipotassium Glycerate, Betaine, Shea Butter, Carob Gum, Sucrose, Guar Gum, Cellulose Gum, Potassium Chloride, Calcium Chloride, Calcium Lactate, Caprylic \/ Capric Triglyceride Sorbitan phthalate, Piza-60 hydrogenated castor oil, mica, titanium dioxide, tin oxide, hydrogenated polyisobutene, palmitic acid, synthetic fluorflophiteite, disodium aldehyde , Al-Han, Clofenesin, Ethalhexanediol, 1,2-nucleic acid diol, perfume<\/p>","protected":false},"excerpt":{"rendered":"<p>Hidrog\u0113la pl\u0101ksteri ar ro\u017eu ekstraktu un pept\u012bdiem Medi-Peel Hyaluron Rose Peptide 9 Ampoule Eye Patch satur ar\u012b vitam\u012bnu kompleksu, tiem piem\u012bt intens\u012bva mitrino\u0161a, atsvaidzino\u0161a un toniz\u0113jo\u0161a iedarb\u012bba. Tie pal\u012bdz nov\u0113rst piet\u016bkumu, mazina piet\u016bkumu, nedaudz izgaismo tum\u0161os lokus un atsvaidzina noguru\u0161u \u0101du. Pl\u0101ksteri ir daudzfunkcion\u0101li, piem\u0113roti lieto\u0161anai ap ac\u012bm, zon\u0101 starp uzac\u012bm un nasolabi\u0101laj\u0101m krok\u0101m. Komplekts: [&hellip;]<\/p>\n","protected":false},"featured_media":8733,"comment_status":"open","ping_status":"closed","template":"","meta":{"site-sidebar-layout":"default","site-content-layout":"","ast-site-content-layout":"","site-content-style":"default","site-sidebar-style":"default","ast-global-header-display":"","ast-banner-title-visibility":"","ast-main-header-display":"","ast-hfb-above-header-display":"","ast-hfb-below-header-display":"","ast-hfb-mobile-header-display":"","site-post-title":"","ast-breadcrumbs-content":"","ast-featured-img":"","footer-sml-layout":"","theme-transparent-header-meta":"","adv-header-id-meta":"","stick-header-meta":"","header-above-stick-meta":"","header-main-stick-meta":"","header-below-stick-meta":"","astra-migrate-meta-layouts":"default","ast-page-background-enabled":"default","ast-page-background-meta":{"desktop":{"background-color":"var(--ast-global-color-4)","background-image":"","background-repeat":"repeat","background-position":"center center","background-size":"auto","background-attachment":"scroll","background-type":"","background-media":"","overlay-type":"","overlay-color":"","overlay-opacity":"","overlay-gradient":""},"tablet":{"background-color":"","background-image":"","background-repeat":"repeat","background-position":"center center","background-size":"auto","background-attachment":"scroll","background-type":"","background-media":"","overlay-type":"","overlay-color":"","overlay-opacity":"","overlay-gradient":""},"mobile":{"background-color":"","background-image":"","background-repeat":"repeat","background-position":"center center","background-size":"auto","background-attachment":"scroll","background-type":"","background-media":"","overlay-type":"","overlay-color":"","overlay-opacity":"","overlay-gradient":""}},"ast-content-background-meta":{"desktop":{"background-color":"var(--ast-global-color-5)","background-image":"","background-repeat":"repeat","background-position":"center center","background-size":"auto","background-attachment":"scroll","background-type":"","background-media":"","overlay-type":"","overlay-color":"","overlay-opacity":"","overlay-gradient":""},"tablet":{"background-color":"var(--ast-global-color-5)","background-image":"","background-repeat":"repeat","background-position":"center center","background-size":"auto","background-attachment":"scroll","background-type":"","background-media":"","overlay-type":"","overlay-color":"","overlay-opacity":"","overlay-gradient":""},"mobile":{"background-color":"var(--ast-global-color-5)","background-image":"","background-repeat":"repeat","background-position":"center center","background-size":"auto","background-attachment":"scroll","background-type":"","background-media":"","overlay-type":"","overlay-color":"","overlay-opacity":"","overlay-gradient":""}}},"product_brand":[],"product_cat":[327,307],"product_tag":[],"berocket_brand":[],"class_list":{"0":"post-5919","1":"product","2":"type-product","3":"status-publish","4":"has-post-thumbnail","6":"product_cat-patci","7":"product_cat-sejai","8":"desktop-align-left","9":"tablet-align-left","10":"mobile-align-left","12":"first","13":"outofstock","14":"taxable","15":"shipping-taxable","16":"purchasable","17":"product-type-simple","18":"add-to-wishlist-before_image"},"yoast_head":"<!-- This site is optimized with the Yoast SEO plugin v27.3 - https:\/\/yoast.com\/product\/yoast-seo-wordpress\/ -->\n<title>MEDI-PEEL HYALURON ROSE PEPTIDE 9 AMPOULE EYE PATCH - FACECORNER<\/title>\n<meta name=\"robots\" content=\"index, follow, max-snippet:-1, max-image-preview:large, max-video-preview:-1\" \/>\n<link rel=\"canonical\" href=\"https:\/\/www.facecorner.lv\/ru\/shop\/medi-peel-hyaluron-rose-peptide-9-ampoule-eye-patch\/\" \/>\n<meta property=\"og:locale\" content=\"ru_RU\" \/>\n<meta property=\"og:type\" content=\"article\" \/>\n<meta property=\"og:title\" content=\"MEDI-PEEL HYALURON ROSE PEPTIDE 9 AMPOULE EYE PATCH - FACECORNER\" \/>\n<meta property=\"og:description\" content=\"Hidrog\u0113la pl\u0101ksteri ar ro\u017eu ekstraktu un pept\u012bdiem Medi-Peel Hyaluron Rose Peptide 9 Ampoule Eye Patch satur ar\u012b vitam\u012bnu kompleksu, tiem piem\u012bt intens\u012bva mitrino\u0161a, atsvaidzino\u0161a un toniz\u0113jo\u0161a iedarb\u012bba. Tie pal\u012bdz nov\u0113rst piet\u016bkumu, mazina piet\u016bkumu, nedaudz izgaismo tum\u0161os lokus un atsvaidzina noguru\u0161u \u0101du. Pl\u0101ksteri ir daudzfunkcion\u0101li, piem\u0113roti lieto\u0161anai ap ac\u012bm, zon\u0101 starp uzac\u012bm un nasolabi\u0101laj\u0101m krok\u0101m. Komplekts: [&hellip;]\" \/>\n<meta property=\"og:url\" content=\"https:\/\/www.facecorner.lv\/ru\/shop\/medi-peel-hyaluron-rose-peptide-9-ampoule-eye-patch\/\" \/>\n<meta property=\"og:site_name\" content=\"FACECORNER\" \/>\n<meta property=\"article:publisher\" content=\"https:\/\/www.facebook.com\/profile.php?id=100063824551839\" \/>\n<meta property=\"article:modified_time\" content=\"2024-05-11T11:16:13+00:00\" \/>\n<meta property=\"og:image\" content=\"https:\/\/www.facecorner.lv\/wp-content\/uploads\/2023\/02\/s-l1600.jpg\" \/>\n\t<meta property=\"og:image:width\" content=\"1000\" \/>\n\t<meta property=\"og:image:height\" content=\"1000\" \/>\n\t<meta property=\"og:image:type\" content=\"image\/jpeg\" \/>\n<meta name=\"twitter:card\" content=\"summary_large_image\" \/>\n<meta name=\"twitter:label1\" content=\"\u0426\u0435\u043d\u0430\" \/>\n\t<meta name=\"twitter:data1\" content=\"&euro;21.00\" \/>\n\t<meta name=\"twitter:label2\" content=\"\u0414\u043e\u0441\u0442\u0443\u043f\u043d\u043e\u0441\u0442\u044c\" \/>\n\t<meta name=\"twitter:data2\" content=\"\u0420\u0430\u0441\u043f\u0440\u043e\u0434\u0430\u043d\u043e\" \/>\n<script type=\"application\/ld+json\" class=\"yoast-schema-graph\">{\"@context\":\"https:\\\/\\\/schema.org\",\"@graph\":[{\"@type\":\"WebPage\",\"@id\":\"https:\\\/\\\/www.facecorner.lv\\\/shop\\\/medi-peel-hyaluron-rose-peptide-9-ampoule-eye-patch\\\/\",\"url\":\"https:\\\/\\\/www.facecorner.lv\\\/shop\\\/medi-peel-hyaluron-rose-peptide-9-ampoule-eye-patch\\\/\",\"name\":\"MEDI-PEEL HYALURON ROSE PEPTIDE 9 AMPOULE EYE PATCH - FACECORNER\",\"isPartOf\":{\"@id\":\"https:\\\/\\\/www.facecorner.lv\\\/#website\"},\"primaryImageOfPage\":{\"@id\":\"https:\\\/\\\/www.facecorner.lv\\\/shop\\\/medi-peel-hyaluron-rose-peptide-9-ampoule-eye-patch\\\/#primaryimage\"},\"image\":{\"@id\":\"https:\\\/\\\/www.facecorner.lv\\\/shop\\\/medi-peel-hyaluron-rose-peptide-9-ampoule-eye-patch\\\/#primaryimage\"},\"thumbnailUrl\":\"https:\\\/\\\/www.facecorner.lv\\\/wp-content\\\/uploads\\\/2023\\\/02\\\/s-l1600.jpg\",\"datePublished\":\"2023-02-07T11:43:02+00:00\",\"dateModified\":\"2024-05-11T11:16:13+00:00\",\"breadcrumb\":{\"@id\":\"https:\\\/\\\/www.facecorner.lv\\\/shop\\\/medi-peel-hyaluron-rose-peptide-9-ampoule-eye-patch\\\/#breadcrumb\"},\"inLanguage\":\"ru-RU\",\"potentialAction\":[{\"@type\":\"ReadAction\",\"target\":[\"https:\\\/\\\/www.facecorner.lv\\\/shop\\\/medi-peel-hyaluron-rose-peptide-9-ampoule-eye-patch\\\/\"]}]},{\"@type\":\"ImageObject\",\"inLanguage\":\"ru-RU\",\"@id\":\"https:\\\/\\\/www.facecorner.lv\\\/shop\\\/medi-peel-hyaluron-rose-peptide-9-ampoule-eye-patch\\\/#primaryimage\",\"url\":\"https:\\\/\\\/www.facecorner.lv\\\/wp-content\\\/uploads\\\/2023\\\/02\\\/s-l1600.jpg\",\"contentUrl\":\"https:\\\/\\\/www.facecorner.lv\\\/wp-content\\\/uploads\\\/2023\\\/02\\\/s-l1600.jpg\",\"width\":1000,\"height\":1000},{\"@type\":\"BreadcrumbList\",\"@id\":\"https:\\\/\\\/www.facecorner.lv\\\/shop\\\/medi-peel-hyaluron-rose-peptide-9-ampoule-eye-patch\\\/#breadcrumb\",\"itemListElement\":[{\"@type\":\"ListItem\",\"position\":1,\"name\":\"Home\",\"item\":\"https:\\\/\\\/www.facecorner.lv\\\/\"},{\"@type\":\"ListItem\",\"position\":2,\"name\":\"Veikals\",\"item\":\"https:\\\/\\\/www.facecorner.lv\\\/shop\\\/\"},{\"@type\":\"ListItem\",\"position\":3,\"name\":\"MEDI-PEEL HYALURON ROSE PEPTIDE 9 AMPOULE EYE PATCH\"}]},{\"@type\":\"WebSite\",\"@id\":\"https:\\\/\\\/www.facecorner.lv\\\/#website\",\"url\":\"https:\\\/\\\/www.facecorner.lv\\\/\",\"name\":\"Facecorner\",\"description\":\"\",\"publisher\":{\"@id\":\"https:\\\/\\\/www.facecorner.lv\\\/#organization\"},\"potentialAction\":[{\"@type\":\"SearchAction\",\"target\":{\"@type\":\"EntryPoint\",\"urlTemplate\":\"https:\\\/\\\/www.facecorner.lv\\\/?s={search_term_string}\"},\"query-input\":{\"@type\":\"PropertyValueSpecification\",\"valueRequired\":true,\"valueName\":\"search_term_string\"}}],\"inLanguage\":\"ru-RU\"},{\"@type\":\"Organization\",\"@id\":\"https:\\\/\\\/www.facecorner.lv\\\/#organization\",\"name\":\"Facecorner\",\"url\":\"https:\\\/\\\/www.facecorner.lv\\\/\",\"logo\":{\"@type\":\"ImageObject\",\"inLanguage\":\"ru-RU\",\"@id\":\"https:\\\/\\\/www.facecorner.lv\\\/#\\\/schema\\\/logo\\\/image\\\/\",\"url\":\"https:\\\/\\\/www.facecorner.lv\\\/wp-content\\\/uploads\\\/2024\\\/04\\\/fc-logo.jpg\",\"contentUrl\":\"https:\\\/\\\/www.facecorner.lv\\\/wp-content\\\/uploads\\\/2024\\\/04\\\/fc-logo.jpg\",\"width\":174,\"height\":28,\"caption\":\"Facecorner\"},\"image\":{\"@id\":\"https:\\\/\\\/www.facecorner.lv\\\/#\\\/schema\\\/logo\\\/image\\\/\"},\"sameAs\":[\"https:\\\/\\\/www.facebook.com\\\/profile.php?id=100063824551839\",\"https:\\\/\\\/www.instagram.com\\\/facecorner_shop\\\/\"]}]}<\/script>\n<meta property=\"product:price:amount\" content=\"21.00\" \/>\n<meta property=\"product:price:currency\" content=\"EUR\" \/>\n<meta property=\"og:availability\" content=\"out of stock\" \/>\n<meta property=\"product:availability\" content=\"out of stock\" \/>\n<meta property=\"product:condition\" content=\"new\" \/>\n<!-- \/ Yoast SEO plugin. -->","yoast_head_json":{"title":"MEDI-PEEL HYALURON ROSE PEPTIDE 9 AMPOULE EYE PATCH - FACECORNER","robots":{"index":"index","follow":"follow","max-snippet":"max-snippet:-1","max-image-preview":"max-image-preview:large","max-video-preview":"max-video-preview:-1"},"canonical":"https:\/\/www.facecorner.lv\/ru\/shop\/medi-peel-hyaluron-rose-peptide-9-ampoule-eye-patch\/","og_locale":"ru_RU","og_type":"article","og_title":"MEDI-PEEL HYALURON ROSE PEPTIDE 9 AMPOULE EYE PATCH - FACECORNER","og_description":"Hidrog\u0113la pl\u0101ksteri ar ro\u017eu ekstraktu un pept\u012bdiem Medi-Peel Hyaluron Rose Peptide 9 Ampoule Eye Patch satur ar\u012b vitam\u012bnu kompleksu, tiem piem\u012bt intens\u012bva mitrino\u0161a, atsvaidzino\u0161a un toniz\u0113jo\u0161a iedarb\u012bba. Tie pal\u012bdz nov\u0113rst piet\u016bkumu, mazina piet\u016bkumu, nedaudz izgaismo tum\u0161os lokus un atsvaidzina noguru\u0161u \u0101du. Pl\u0101ksteri ir daudzfunkcion\u0101li, piem\u0113roti lieto\u0161anai ap ac\u012bm, zon\u0101 starp uzac\u012bm un nasolabi\u0101laj\u0101m krok\u0101m. Komplekts: [&hellip;]","og_url":"https:\/\/www.facecorner.lv\/ru\/shop\/medi-peel-hyaluron-rose-peptide-9-ampoule-eye-patch\/","og_site_name":"FACECORNER","article_publisher":"https:\/\/www.facebook.com\/profile.php?id=100063824551839","article_modified_time":"2024-05-11T11:16:13+00:00","og_image":[{"width":1000,"height":1000,"url":"https:\/\/www.facecorner.lv\/wp-content\/uploads\/2023\/02\/s-l1600.jpg","type":"image\/jpeg"}],"twitter_card":"summary_large_image","twitter_misc":{"\u0426\u0435\u043d\u0430":"&euro;21.00","\u0414\u043e\u0441\u0442\u0443\u043f\u043d\u043e\u0441\u0442\u044c":"\u0420\u0430\u0441\u043f\u0440\u043e\u0434\u0430\u043d\u043e"},"schema":{"@context":"https:\/\/schema.org","@graph":[{"@type":"WebPage","@id":"https:\/\/www.facecorner.lv\/shop\/medi-peel-hyaluron-rose-peptide-9-ampoule-eye-patch\/","url":"https:\/\/www.facecorner.lv\/shop\/medi-peel-hyaluron-rose-peptide-9-ampoule-eye-patch\/","name":"MEDI-PEEL HYALURON ROSE PEPTIDE 9 AMPOULE EYE PATCH - FACECORNER","isPartOf":{"@id":"https:\/\/www.facecorner.lv\/#website"},"primaryImageOfPage":{"@id":"https:\/\/www.facecorner.lv\/shop\/medi-peel-hyaluron-rose-peptide-9-ampoule-eye-patch\/#primaryimage"},"image":{"@id":"https:\/\/www.facecorner.lv\/shop\/medi-peel-hyaluron-rose-peptide-9-ampoule-eye-patch\/#primaryimage"},"thumbnailUrl":"https:\/\/www.facecorner.lv\/wp-content\/uploads\/2023\/02\/s-l1600.jpg","datePublished":"2023-02-07T11:43:02+00:00","dateModified":"2024-05-11T11:16:13+00:00","breadcrumb":{"@id":"https:\/\/www.facecorner.lv\/shop\/medi-peel-hyaluron-rose-peptide-9-ampoule-eye-patch\/#breadcrumb"},"inLanguage":"ru-RU","potentialAction":[{"@type":"ReadAction","target":["https:\/\/www.facecorner.lv\/shop\/medi-peel-hyaluron-rose-peptide-9-ampoule-eye-patch\/"]}]},{"@type":"ImageObject","inLanguage":"ru-RU","@id":"https:\/\/www.facecorner.lv\/shop\/medi-peel-hyaluron-rose-peptide-9-ampoule-eye-patch\/#primaryimage","url":"https:\/\/www.facecorner.lv\/wp-content\/uploads\/2023\/02\/s-l1600.jpg","contentUrl":"https:\/\/www.facecorner.lv\/wp-content\/uploads\/2023\/02\/s-l1600.jpg","width":1000,"height":1000},{"@type":"BreadcrumbList","@id":"https:\/\/www.facecorner.lv\/shop\/medi-peel-hyaluron-rose-peptide-9-ampoule-eye-patch\/#breadcrumb","itemListElement":[{"@type":"ListItem","position":1,"name":"Home","item":"https:\/\/www.facecorner.lv\/"},{"@type":"ListItem","position":2,"name":"Veikals","item":"https:\/\/www.facecorner.lv\/shop\/"},{"@type":"ListItem","position":3,"name":"MEDI-PEEL HYALURON ROSE PEPTIDE 9 AMPOULE EYE PATCH"}]},{"@type":"WebSite","@id":"https:\/\/www.facecorner.lv\/#website","url":"https:\/\/www.facecorner.lv\/","name":"Facecorner","description":"","publisher":{"@id":"https:\/\/www.facecorner.lv\/#organization"},"potentialAction":[{"@type":"SearchAction","target":{"@type":"EntryPoint","urlTemplate":"https:\/\/www.facecorner.lv\/?s={search_term_string}"},"query-input":{"@type":"PropertyValueSpecification","valueRequired":true,"valueName":"search_term_string"}}],"inLanguage":"ru-RU"},{"@type":"Organization","@id":"https:\/\/www.facecorner.lv\/#organization","name":"Facecorner","url":"https:\/\/www.facecorner.lv\/","logo":{"@type":"ImageObject","inLanguage":"ru-RU","@id":"https:\/\/www.facecorner.lv\/#\/schema\/logo\/image\/","url":"https:\/\/www.facecorner.lv\/wp-content\/uploads\/2024\/04\/fc-logo.jpg","contentUrl":"https:\/\/www.facecorner.lv\/wp-content\/uploads\/2024\/04\/fc-logo.jpg","width":174,"height":28,"caption":"Facecorner"},"image":{"@id":"https:\/\/www.facecorner.lv\/#\/schema\/logo\/image\/"},"sameAs":["https:\/\/www.facebook.com\/profile.php?id=100063824551839","https:\/\/www.instagram.com\/facecorner_shop\/"]}]},"product_price_amount":"21.00","product_price_currency":"EUR","og_availability":"out of stock","product_availability":"out of stock","product_condition":"new"},"_links":{"self":[{"href":"https:\/\/www.facecorner.lv\/ru\/wp-json\/wp\/v2\/product\/5919","targetHints":{"allow":["GET"]}}],"collection":[{"href":"https:\/\/www.facecorner.lv\/ru\/wp-json\/wp\/v2\/product"}],"about":[{"href":"https:\/\/www.facecorner.lv\/ru\/wp-json\/wp\/v2\/types\/product"}],"replies":[{"embeddable":true,"href":"https:\/\/www.facecorner.lv\/ru\/wp-json\/wp\/v2\/comments?post=5919"}],"wp:featuredmedia":[{"embeddable":true,"href":"https:\/\/www.facecorner.lv\/ru\/wp-json\/wp\/v2\/media\/8733"}],"wp:attachment":[{"href":"https:\/\/www.facecorner.lv\/ru\/wp-json\/wp\/v2\/media?parent=5919"}],"wp:term":[{"taxonomy":"product_brand","embeddable":true,"href":"https:\/\/www.facecorner.lv\/ru\/wp-json\/wp\/v2\/product_brand?post=5919"},{"taxonomy":"product_cat","embeddable":true,"href":"https:\/\/www.facecorner.lv\/ru\/wp-json\/wp\/v2\/product_cat?post=5919"},{"taxonomy":"product_tag","embeddable":true,"href":"https:\/\/www.facecorner.lv\/ru\/wp-json\/wp\/v2\/product_tag?post=5919"},{"taxonomy":"berocket_brand","embeddable":true,"href":"https:\/\/www.facecorner.lv\/ru\/wp-json\/wp\/v2\/berocket_brand?post=5919"}],"curies":[{"name":"wp","href":"https:\/\/api.w.org\/{rel}","templated":true}]}}