{"id":5908,"date":"2023-02-07T13:43:00","date_gmt":"2023-02-07T11:43:00","guid":{"rendered":"http:\/\/dev.ligums.lv\/facecorner\/?post_type=product&#038;p=5908"},"modified":"2025-01-31T14:18:41","modified_gmt":"2025-01-31T11:18:41","slug":"deep-hydro-sleeping-pack","status":"publish","type":"product","link":"https:\/\/www.facecorner.lv\/ru\/shop\/deep-hydro-sleeping-pack\/","title":{"rendered":"DEEP HYDRO SLEEPING PACK"},"content":{"rendered":"<p><u>\u0423\u0432\u043b\u0430\u0436\u043d\u044f\u044e\u0449\u0430\u044f \u043d\u043e\u0447\u043d\u0430\u044f \u043c\u0430\u0441\u043a\u0430 \u0441 \u0431\u0435\u0442\u0430-\u0433\u043b\u044e\u043a\u0430\u043d\u043e\u043c Trimay Deep Hydro Sleeping Pack \u0443\u0445\u0430\u0436\u0438\u0432\u0430\u0435\u0442 \u0437\u0430 \u043a\u043e\u0436\u0435\u0439 \u043d\u0430 \u043f\u0440\u043e\u0442\u044f\u0436\u0435\u043d\u0438\u0438 \u0432\u0441\u0435\u0439 \u043d\u043e\u0447\u0438. \u0418\u043d\u0442\u0435\u043d\u0441\u0438\u0432\u043d\u043e \u0443\u0432\u043b\u0430\u0436\u043d\u044f\u0435\u0442 \u0438 \u0441\u043f\u043e\u0441\u043e\u0431\u0441\u0442\u0432\u0443\u0435\u0442 \u0443\u0434\u0435\u0440\u0436\u0430\u043d\u0438\u044e \u0432\u043b\u0430\u0433\u0438. \u0412\u043e\u0441\u0441\u0442\u0430\u043d\u0430\u0432\u043b\u0438\u0432\u0430\u0435\u0442 \u043b\u0438\u043f\u0438\u0434\u043d\u044b\u0439 \u0431\u0430\u0440\u044c\u0435\u0440 \u0438 \u0443\u043a\u0440\u0435\u043f\u043b\u044f\u0435\u0442 \u043a\u043e\u0436\u043d\u044b\u0439 \u043f\u043e\u043a\u0440\u043e\u0432, \u0441\u043f\u043e\u0441\u043e\u0431\u0441\u0442\u0432\u0443\u0435\u0442 \u0437\u0430\u0449\u0438\u0442\u0435 \u043e\u0442 \u0432\u043b\u0438\u044f\u043d\u0438\u044f \u0432\u043d\u0435\u0448\u043d\u0438\u0445 \u0444\u0430\u043a\u0442\u043e\u0440\u043e\u0432. \u0423\u0441\u0442\u0440\u0430\u043d\u044f\u0435\u0442 \u0441\u0443\u0445\u043e\u0441\u0442\u044c \u0438 \u0448\u0435\u043b\u0443\u0448\u0435\u043d\u0438\u044f, \u043f\u0440\u0435\u0434\u043e\u0442\u0432\u0440\u0430\u0449\u0430\u0435\u0442 \u043f\u043e\u044f\u0432\u043b\u0435\u043d\u0438\u0435 \u043c\u043e\u0440\u0449\u0438\u043d. \u0421\u043e\u0434\u0435\u0440\u0436\u0438\u0442 \u0431\u0435\u0442\u0430-\u0433\u043b\u044e\u043a\u0430\u043d, \u0430\u043b\u043b\u0430\u043d\u0442\u043e\u0438\u043d \u0438 \u0442\u0440\u0435\u0433\u0430\u043b\u043e\u0437\u0443.<\/u><\/p>\n<p><strong><u>\u0421\u043f\u043e\u0441\u043e\u0431 \u043f\u0440\u0438\u043c\u0435\u043d\u0435\u043d\u0438\u044f:\u00a0<\/u><\/strong><span style=\"color: var(--g5-color-text-main); font-family: var(--g5-body-font); font-size: var(--g5-body-font-size); font-style: var(--g5-body-font-style); letter-spacing: var(--g5-body-letter-spacing); text-transform: var(--g5-body-text-transform);\">\u0432\u0441\u043a\u0440\u043e\u0439\u0442\u0435 \u043f\u0438\u0440\u0430\u043c\u0438\u0434\u043a\u0443 \u0438 \u043d\u0430\u043d\u0435\u0441\u0438\u0442\u0435 \u043d\u0435\u043e\u0431\u0445\u043e\u0434\u0438\u043c\u043e\u0435 \u043a\u043e\u043b\u0438\u0447\u0435\u0441\u0442\u0432\u043e \u043c\u0430\u0441\u043a\u0438 \u043d\u0430 \u043b\u0438\u0446\u043e \u0432 \u043a\u0430\u0447\u0435\u0441\u0442\u0432\u0435 \u0437\u0430\u0432\u0435\u0440\u0448\u0430\u044e\u0449\u0435\u0433\u043e \u044d\u0442\u0430\u043f\u0430 \u0432\u0435\u0447\u0435\u0440\u043d\u0435\u0433\u043e \u0443\u0445\u043e\u0434\u0430<\/span><\/p>\n<p><strong>\u0421\u043e\u0441\u0442\u0430\u0432\u00a0<\/strong>Purified water, butylene glycol, glycerin, triphenyl trimethicone, cyclopentasiloxane, trehalose, dimethicone \/ vinyl dimethicone cross polymer, beta-glucan, evening primrose extract, apricot extract, sodium hyaluro Nate, Indian Mulberry Leaf Extract, Indian Mulberry Tree Flower Extract, Ivy God Fruit Extract, Eggplant Berry Extract, Aloe Vera Flower Extract, Holly Basil Leaf Extract, Turmeric Root Extract, Cranberry Leaf Extract, Allantoin, Glyceryl Acrylic Late \/ acrylic acid copolymer, fim \/ m aco polymer, propylene glycol, ammonium acryl royl dimethyl taurate \/ v pic copolymer, polysorbate 20, polyglyceryl-3 methyl glucose distearate, cyclohexa Siloxane, carbomer, tromethamine, dimethicol, disodium id A, hydroxyacetophenone, 1,2-hexanediol, fragrance<\/p>\n<p><strong><u>\u041e\u0431\u044a\u0451\u043c:<\/u><\/strong>\u00a03g<\/p>","protected":false},"excerpt":{"rendered":"<p>Trimay Deep Hydro Sleeping Pack ir mitrino\u0161a nakts maska \u200b\u200bar beta-glik\u0101nu, kas kopj \u0101du visas nakts garum\u0101. Intens\u012bvi mitrina un veicina mitruma saglab\u0101\u0161anu. Atjauno lip\u012bdu barjeru un stiprina \u0101du, pal\u012bdz aizsarg\u0101t pret \u0101r\u0113jo faktoru ietekmi. Nov\u0113r\u0161 sausumu un lob\u012b\u0161anos, nov\u0113r\u0161 grumbu par\u0101d\u012b\u0161anos. Satur beta-glik\u0101nu, alanto\u012bnu un trehalozi. Lieto\u0161ana:\u00a015-20 min\u016btes pirms gul\u0113tie\u0161anas uzkl\u0101jiet pl\u0101nu k\u0101rtu uz [&hellip;]<\/p>\n","protected":false},"featured_media":11405,"comment_status":"open","ping_status":"closed","template":"","meta":{"site-sidebar-layout":"default","site-content-layout":"","ast-site-content-layout":"","site-content-style":"default","site-sidebar-style":"default","ast-global-header-display":"","ast-banner-title-visibility":"","ast-main-header-display":"","ast-hfb-above-header-display":"","ast-hfb-below-header-display":"","ast-hfb-mobile-header-display":"","site-post-title":"","ast-breadcrumbs-content":"","ast-featured-img":"","footer-sml-layout":"","theme-transparent-header-meta":"","adv-header-id-meta":"","stick-header-meta":"","header-above-stick-meta":"","header-main-stick-meta":"","header-below-stick-meta":"","astra-migrate-meta-layouts":"default","ast-page-background-enabled":"default","ast-page-background-meta":{"desktop":{"background-color":"var(--ast-global-color-4)","background-image":"","background-repeat":"repeat","background-position":"center center","background-size":"auto","background-attachment":"scroll","background-type":"","background-media":"","overlay-type":"","overlay-color":"","overlay-opacity":"","overlay-gradient":""},"tablet":{"background-color":"","background-image":"","background-repeat":"repeat","background-position":"center center","background-size":"auto","background-attachment":"scroll","background-type":"","background-media":"","overlay-type":"","overlay-color":"","overlay-opacity":"","overlay-gradient":""},"mobile":{"background-color":"","background-image":"","background-repeat":"repeat","background-position":"center center","background-size":"auto","background-attachment":"scroll","background-type":"","background-media":"","overlay-type":"","overlay-color":"","overlay-opacity":"","overlay-gradient":""}},"ast-content-background-meta":{"desktop":{"background-color":"var(--ast-global-color-5)","background-image":"","background-repeat":"repeat","background-position":"center center","background-size":"auto","background-attachment":"scroll","background-type":"","background-media":"","overlay-type":"","overlay-color":"","overlay-opacity":"","overlay-gradient":""},"tablet":{"background-color":"var(--ast-global-color-5)","background-image":"","background-repeat":"repeat","background-position":"center center","background-size":"auto","background-attachment":"scroll","background-type":"","background-media":"","overlay-type":"","overlay-color":"","overlay-opacity":"","overlay-gradient":""},"mobile":{"background-color":"var(--ast-global-color-5)","background-image":"","background-repeat":"repeat","background-position":"center center","background-size":"auto","background-attachment":"scroll","background-type":"","background-media":"","overlay-type":"","overlay-color":"","overlay-opacity":"","overlay-gradient":""}}},"product_brand":[],"product_cat":[380,315,322,381,379,307],"product_tag":[],"berocket_brand":[],"class_list":{"0":"post-5908","1":"product","2":"type-product","3":"status-publish","4":"has-post-thumbnail","6":"product_cat-kombinetai-adai","7":"product_cat-maskas","8":"product_cat-nakts","9":"product_cat-problematiskai-un-taukainai-adai","10":"product_cat-sausai-adai-anti-age","11":"product_cat-sejai","12":"desktop-align-left","13":"tablet-align-left","14":"mobile-align-left","16":"first","17":"outofstock","18":"taxable","19":"shipping-taxable","20":"purchasable","21":"product-type-simple","22":"add-to-wishlist-before_image"},"yoast_head":"<!-- This site is optimized with the Yoast SEO plugin v27.4 - https:\/\/yoast.com\/product\/yoast-seo-wordpress\/ -->\n<title>DEEP HYDRO SLEEPING PACK - FACECORNER<\/title>\n<meta name=\"robots\" content=\"index, follow, max-snippet:-1, max-image-preview:large, max-video-preview:-1\" \/>\n<link rel=\"canonical\" href=\"https:\/\/www.facecorner.lv\/ru\/shop\/deep-hydro-sleeping-pack\/\" \/>\n<meta property=\"og:locale\" content=\"ru_RU\" \/>\n<meta property=\"og:type\" content=\"article\" \/>\n<meta property=\"og:title\" content=\"DEEP HYDRO SLEEPING PACK - FACECORNER\" \/>\n<meta property=\"og:description\" content=\"Trimay Deep Hydro Sleeping Pack ir mitrino\u0161a nakts maska \u200b\u200bar beta-glik\u0101nu, kas kopj \u0101du visas nakts garum\u0101. Intens\u012bvi mitrina un veicina mitruma saglab\u0101\u0161anu. Atjauno lip\u012bdu barjeru un stiprina \u0101du, pal\u012bdz aizsarg\u0101t pret \u0101r\u0113jo faktoru ietekmi. Nov\u0113r\u0161 sausumu un lob\u012b\u0161anos, nov\u0113r\u0161 grumbu par\u0101d\u012b\u0161anos. Satur beta-glik\u0101nu, alanto\u012bnu un trehalozi. Lieto\u0161ana:\u00a015-20 min\u016btes pirms gul\u0113tie\u0161anas uzkl\u0101jiet pl\u0101nu k\u0101rtu uz [&hellip;]\" \/>\n<meta property=\"og:url\" content=\"https:\/\/www.facecorner.lv\/ru\/shop\/deep-hydro-sleeping-pack\/\" \/>\n<meta property=\"og:site_name\" content=\"FACECORNER\" \/>\n<meta property=\"article:publisher\" content=\"https:\/\/www.facebook.com\/profile.php?id=100063824551839\" \/>\n<meta property=\"article:modified_time\" content=\"2025-01-31T11:18:41+00:00\" \/>\n<meta property=\"og:image\" content=\"https:\/\/www.facecorner.lv\/wp-content\/uploads\/2023\/02\/bab831aa1fddf1a3c207016bc62e8442e19acbba_original.jpeg\" \/>\n\t<meta property=\"og:image:width\" content=\"2000\" \/>\n\t<meta property=\"og:image:height\" content=\"2000\" \/>\n\t<meta property=\"og:image:type\" content=\"image\/jpeg\" \/>\n<meta name=\"twitter:card\" content=\"summary_large_image\" \/>\n<meta name=\"twitter:label1\" content=\"\u0426\u0435\u043d\u0430\" \/>\n\t<meta name=\"twitter:data1\" content=\"&euro;2.00\" \/>\n\t<meta name=\"twitter:label2\" content=\"\u0414\u043e\u0441\u0442\u0443\u043f\u043d\u043e\u0441\u0442\u044c\" \/>\n\t<meta name=\"twitter:data2\" content=\"\u0420\u0430\u0441\u043f\u0440\u043e\u0434\u0430\u043d\u043e\" \/>\n<script type=\"application\/ld+json\" class=\"yoast-schema-graph\">{\"@context\":\"https:\\\/\\\/schema.org\",\"@graph\":[{\"@type\":\"WebPage\",\"@id\":\"https:\\\/\\\/www.facecorner.lv\\\/shop\\\/deep-hydro-sleeping-pack\\\/\",\"url\":\"https:\\\/\\\/www.facecorner.lv\\\/shop\\\/deep-hydro-sleeping-pack\\\/\",\"name\":\"DEEP HYDRO SLEEPING PACK - FACECORNER\",\"isPartOf\":{\"@id\":\"https:\\\/\\\/www.facecorner.lv\\\/#website\"},\"primaryImageOfPage\":{\"@id\":\"https:\\\/\\\/www.facecorner.lv\\\/shop\\\/deep-hydro-sleeping-pack\\\/#primaryimage\"},\"image\":{\"@id\":\"https:\\\/\\\/www.facecorner.lv\\\/shop\\\/deep-hydro-sleeping-pack\\\/#primaryimage\"},\"thumbnailUrl\":\"https:\\\/\\\/www.facecorner.lv\\\/wp-content\\\/uploads\\\/2023\\\/02\\\/bab831aa1fddf1a3c207016bc62e8442e19acbba_original.jpeg\",\"datePublished\":\"2023-02-07T11:43:00+00:00\",\"dateModified\":\"2025-01-31T11:18:41+00:00\",\"breadcrumb\":{\"@id\":\"https:\\\/\\\/www.facecorner.lv\\\/shop\\\/deep-hydro-sleeping-pack\\\/#breadcrumb\"},\"inLanguage\":\"ru-RU\",\"potentialAction\":[{\"@type\":\"ReadAction\",\"target\":[\"https:\\\/\\\/www.facecorner.lv\\\/shop\\\/deep-hydro-sleeping-pack\\\/\"]}]},{\"@type\":\"ImageObject\",\"inLanguage\":\"ru-RU\",\"@id\":\"https:\\\/\\\/www.facecorner.lv\\\/shop\\\/deep-hydro-sleeping-pack\\\/#primaryimage\",\"url\":\"https:\\\/\\\/www.facecorner.lv\\\/wp-content\\\/uploads\\\/2023\\\/02\\\/bab831aa1fddf1a3c207016bc62e8442e19acbba_original.jpeg\",\"contentUrl\":\"https:\\\/\\\/www.facecorner.lv\\\/wp-content\\\/uploads\\\/2023\\\/02\\\/bab831aa1fddf1a3c207016bc62e8442e19acbba_original.jpeg\",\"width\":2000,\"height\":2000},{\"@type\":\"BreadcrumbList\",\"@id\":\"https:\\\/\\\/www.facecorner.lv\\\/shop\\\/deep-hydro-sleeping-pack\\\/#breadcrumb\",\"itemListElement\":[{\"@type\":\"ListItem\",\"position\":1,\"name\":\"Home\",\"item\":\"https:\\\/\\\/www.facecorner.lv\\\/\"},{\"@type\":\"ListItem\",\"position\":2,\"name\":\"Veikals\",\"item\":\"https:\\\/\\\/www.facecorner.lv\\\/shop\\\/\"},{\"@type\":\"ListItem\",\"position\":3,\"name\":\"DEEP HYDRO SLEEPING PACK\"}]},{\"@type\":\"WebSite\",\"@id\":\"https:\\\/\\\/www.facecorner.lv\\\/#website\",\"url\":\"https:\\\/\\\/www.facecorner.lv\\\/\",\"name\":\"Facecorner\",\"description\":\"\",\"publisher\":{\"@id\":\"https:\\\/\\\/www.facecorner.lv\\\/#organization\"},\"potentialAction\":[{\"@type\":\"SearchAction\",\"target\":{\"@type\":\"EntryPoint\",\"urlTemplate\":\"https:\\\/\\\/www.facecorner.lv\\\/?s={search_term_string}\"},\"query-input\":{\"@type\":\"PropertyValueSpecification\",\"valueRequired\":true,\"valueName\":\"search_term_string\"}}],\"inLanguage\":\"ru-RU\"},{\"@type\":\"Organization\",\"@id\":\"https:\\\/\\\/www.facecorner.lv\\\/#organization\",\"name\":\"Facecorner\",\"url\":\"https:\\\/\\\/www.facecorner.lv\\\/\",\"logo\":{\"@type\":\"ImageObject\",\"inLanguage\":\"ru-RU\",\"@id\":\"https:\\\/\\\/www.facecorner.lv\\\/#\\\/schema\\\/logo\\\/image\\\/\",\"url\":\"https:\\\/\\\/www.facecorner.lv\\\/wp-content\\\/uploads\\\/2024\\\/04\\\/fc-logo.jpg\",\"contentUrl\":\"https:\\\/\\\/www.facecorner.lv\\\/wp-content\\\/uploads\\\/2024\\\/04\\\/fc-logo.jpg\",\"width\":174,\"height\":28,\"caption\":\"Facecorner\"},\"image\":{\"@id\":\"https:\\\/\\\/www.facecorner.lv\\\/#\\\/schema\\\/logo\\\/image\\\/\"},\"sameAs\":[\"https:\\\/\\\/www.facebook.com\\\/profile.php?id=100063824551839\",\"https:\\\/\\\/www.instagram.com\\\/facecorner_shop\\\/\"]}]}<\/script>\n<meta property=\"product:price:amount\" content=\"2.00\" \/>\n<meta property=\"product:price:currency\" content=\"EUR\" \/>\n<meta property=\"og:availability\" content=\"out of stock\" \/>\n<meta property=\"product:availability\" content=\"out of stock\" \/>\n<meta property=\"product:condition\" content=\"new\" \/>\n<!-- \/ Yoast SEO plugin. -->","yoast_head_json":{"title":"DEEP HYDRO SLEEPING PACK - FACECORNER","robots":{"index":"index","follow":"follow","max-snippet":"max-snippet:-1","max-image-preview":"max-image-preview:large","max-video-preview":"max-video-preview:-1"},"canonical":"https:\/\/www.facecorner.lv\/ru\/shop\/deep-hydro-sleeping-pack\/","og_locale":"ru_RU","og_type":"article","og_title":"DEEP HYDRO SLEEPING PACK - FACECORNER","og_description":"Trimay Deep Hydro Sleeping Pack ir mitrino\u0161a nakts maska \u200b\u200bar beta-glik\u0101nu, kas kopj \u0101du visas nakts garum\u0101. Intens\u012bvi mitrina un veicina mitruma saglab\u0101\u0161anu. Atjauno lip\u012bdu barjeru un stiprina \u0101du, pal\u012bdz aizsarg\u0101t pret \u0101r\u0113jo faktoru ietekmi. Nov\u0113r\u0161 sausumu un lob\u012b\u0161anos, nov\u0113r\u0161 grumbu par\u0101d\u012b\u0161anos. Satur beta-glik\u0101nu, alanto\u012bnu un trehalozi. Lieto\u0161ana:\u00a015-20 min\u016btes pirms gul\u0113tie\u0161anas uzkl\u0101jiet pl\u0101nu k\u0101rtu uz [&hellip;]","og_url":"https:\/\/www.facecorner.lv\/ru\/shop\/deep-hydro-sleeping-pack\/","og_site_name":"FACECORNER","article_publisher":"https:\/\/www.facebook.com\/profile.php?id=100063824551839","article_modified_time":"2025-01-31T11:18:41+00:00","og_image":[{"width":2000,"height":2000,"url":"https:\/\/www.facecorner.lv\/wp-content\/uploads\/2023\/02\/bab831aa1fddf1a3c207016bc62e8442e19acbba_original.jpeg","type":"image\/jpeg"}],"twitter_card":"summary_large_image","twitter_misc":{"\u0426\u0435\u043d\u0430":"&euro;2.00","\u0414\u043e\u0441\u0442\u0443\u043f\u043d\u043e\u0441\u0442\u044c":"\u0420\u0430\u0441\u043f\u0440\u043e\u0434\u0430\u043d\u043e"},"schema":{"@context":"https:\/\/schema.org","@graph":[{"@type":"WebPage","@id":"https:\/\/www.facecorner.lv\/shop\/deep-hydro-sleeping-pack\/","url":"https:\/\/www.facecorner.lv\/shop\/deep-hydro-sleeping-pack\/","name":"DEEP HYDRO SLEEPING PACK - FACECORNER","isPartOf":{"@id":"https:\/\/www.facecorner.lv\/#website"},"primaryImageOfPage":{"@id":"https:\/\/www.facecorner.lv\/shop\/deep-hydro-sleeping-pack\/#primaryimage"},"image":{"@id":"https:\/\/www.facecorner.lv\/shop\/deep-hydro-sleeping-pack\/#primaryimage"},"thumbnailUrl":"https:\/\/www.facecorner.lv\/wp-content\/uploads\/2023\/02\/bab831aa1fddf1a3c207016bc62e8442e19acbba_original.jpeg","datePublished":"2023-02-07T11:43:00+00:00","dateModified":"2025-01-31T11:18:41+00:00","breadcrumb":{"@id":"https:\/\/www.facecorner.lv\/shop\/deep-hydro-sleeping-pack\/#breadcrumb"},"inLanguage":"ru-RU","potentialAction":[{"@type":"ReadAction","target":["https:\/\/www.facecorner.lv\/shop\/deep-hydro-sleeping-pack\/"]}]},{"@type":"ImageObject","inLanguage":"ru-RU","@id":"https:\/\/www.facecorner.lv\/shop\/deep-hydro-sleeping-pack\/#primaryimage","url":"https:\/\/www.facecorner.lv\/wp-content\/uploads\/2023\/02\/bab831aa1fddf1a3c207016bc62e8442e19acbba_original.jpeg","contentUrl":"https:\/\/www.facecorner.lv\/wp-content\/uploads\/2023\/02\/bab831aa1fddf1a3c207016bc62e8442e19acbba_original.jpeg","width":2000,"height":2000},{"@type":"BreadcrumbList","@id":"https:\/\/www.facecorner.lv\/shop\/deep-hydro-sleeping-pack\/#breadcrumb","itemListElement":[{"@type":"ListItem","position":1,"name":"Home","item":"https:\/\/www.facecorner.lv\/"},{"@type":"ListItem","position":2,"name":"Veikals","item":"https:\/\/www.facecorner.lv\/shop\/"},{"@type":"ListItem","position":3,"name":"DEEP HYDRO SLEEPING PACK"}]},{"@type":"WebSite","@id":"https:\/\/www.facecorner.lv\/#website","url":"https:\/\/www.facecorner.lv\/","name":"Facecorner","description":"","publisher":{"@id":"https:\/\/www.facecorner.lv\/#organization"},"potentialAction":[{"@type":"SearchAction","target":{"@type":"EntryPoint","urlTemplate":"https:\/\/www.facecorner.lv\/?s={search_term_string}"},"query-input":{"@type":"PropertyValueSpecification","valueRequired":true,"valueName":"search_term_string"}}],"inLanguage":"ru-RU"},{"@type":"Organization","@id":"https:\/\/www.facecorner.lv\/#organization","name":"Facecorner","url":"https:\/\/www.facecorner.lv\/","logo":{"@type":"ImageObject","inLanguage":"ru-RU","@id":"https:\/\/www.facecorner.lv\/#\/schema\/logo\/image\/","url":"https:\/\/www.facecorner.lv\/wp-content\/uploads\/2024\/04\/fc-logo.jpg","contentUrl":"https:\/\/www.facecorner.lv\/wp-content\/uploads\/2024\/04\/fc-logo.jpg","width":174,"height":28,"caption":"Facecorner"},"image":{"@id":"https:\/\/www.facecorner.lv\/#\/schema\/logo\/image\/"},"sameAs":["https:\/\/www.facebook.com\/profile.php?id=100063824551839","https:\/\/www.instagram.com\/facecorner_shop\/"]}]},"product_price_amount":"2.00","product_price_currency":"EUR","og_availability":"out of stock","product_availability":"out of stock","product_condition":"new"},"_links":{"self":[{"href":"https:\/\/www.facecorner.lv\/ru\/wp-json\/wp\/v2\/product\/5908","targetHints":{"allow":["GET"]}}],"collection":[{"href":"https:\/\/www.facecorner.lv\/ru\/wp-json\/wp\/v2\/product"}],"about":[{"href":"https:\/\/www.facecorner.lv\/ru\/wp-json\/wp\/v2\/types\/product"}],"replies":[{"embeddable":true,"href":"https:\/\/www.facecorner.lv\/ru\/wp-json\/wp\/v2\/comments?post=5908"}],"wp:featuredmedia":[{"embeddable":true,"href":"https:\/\/www.facecorner.lv\/ru\/wp-json\/wp\/v2\/media\/11405"}],"wp:attachment":[{"href":"https:\/\/www.facecorner.lv\/ru\/wp-json\/wp\/v2\/media?parent=5908"}],"wp:term":[{"taxonomy":"product_brand","embeddable":true,"href":"https:\/\/www.facecorner.lv\/ru\/wp-json\/wp\/v2\/product_brand?post=5908"},{"taxonomy":"product_cat","embeddable":true,"href":"https:\/\/www.facecorner.lv\/ru\/wp-json\/wp\/v2\/product_cat?post=5908"},{"taxonomy":"product_tag","embeddable":true,"href":"https:\/\/www.facecorner.lv\/ru\/wp-json\/wp\/v2\/product_tag?post=5908"},{"taxonomy":"berocket_brand","embeddable":true,"href":"https:\/\/www.facecorner.lv\/ru\/wp-json\/wp\/v2\/berocket_brand?post=5908"}],"curies":[{"name":"wp","href":"https:\/\/api.w.org\/{rel}","templated":true}]}}