{"id":27598,"date":"2026-05-07T14:26:17","date_gmt":"2026-05-07T11:26:17","guid":{"rendered":"https:\/\/www.facecorner.lv\/?post_type=product&#038;p=27598"},"modified":"2026-05-07T16:06:52","modified_gmt":"2026-05-07T13:06:52","slug":"dr-nineteen-pore-exsome-pdrn-exosome-ampoule-ampulu-serums-ar-pdrn-eksosomam-un-peptidu-kompleksu-2-x-15ml","status":"publish","type":"product","link":"https:\/\/www.facecorner.lv\/ru\/shop\/dr-nineteen-pore-exsome-pdrn-exosome-ampoule-ampulu-serums-ar-pdrn-eksosomam-un-peptidu-kompleksu-2-x-15ml\/","title":{"rendered":"Dr.nineteen  Pore Exsome PDRN Exosome Ampoule \u0430\u043c\u043f\u0443\u043b\u044c\u043d\u0430\u044f \u0441\u044b\u0432\u043e\u0440\u043e\u0442\u043a\u0430 \u0441 PDRN, \u044d\u043a\u0437\u043e\u0441\u043e\u043c\u0430\u043c\u0438 2x 15\u043c\u043b"},"content":{"rendered":"<p>\u0418\u043d\u0442\u0435\u043d\u0441\u0438\u0432\u043d\u0430\u044f \u0430\u043c\u043f\u0443\u043b\u044c\u043d\u0430\u044f \u0441\u044b\u0432\u043e\u0440\u043e\u0442\u043a\u0430 \u0441 PDRN, \u044d\u043a\u0437\u043e\u0441\u043e\u043c\u0430\u043c\u0438 \u0438 \u043f\u0435\u043f\u0442\u0438\u0434\u043d\u044b\u043c \u043a\u043e\u043c\u043f\u043b\u0435\u043a\u0441\u043e\u043c, \u043d\u0430\u043f\u0440\u0430\u0432\u043b\u0435\u043d\u043d\u0430\u044f \u043d\u0430 \u0432\u043e\u0441\u0441\u0442\u0430\u043d\u043e\u0432\u043b\u0435\u043d\u0438\u0435 \u043a\u043e\u0436\u0438, \u0441\u0443\u0436\u0435\u043d\u0438\u0435 \u043f\u043e\u0440 \u0438 \u0443\u043b\u0443\u0447\u0448\u0435\u043d\u0438\u0435 \u0435\u0451 \u0443\u043f\u0440\u0443\u0433\u043e\u0441\u0442\u0438. \u0424\u043e\u0440\u043c\u0443\u043b\u0430 \u0441 \u0432\u044b\u0441\u043e\u043a\u043e\u0439 \u043a\u043e\u043d\u0446\u0435\u043d\u0442\u0440\u0430\u0446\u0438\u0435\u0439 \u0430\u043a\u0442\u0438\u0432\u043e\u0432 \u043f\u043e\u043c\u043e\u0433\u0430\u0435\u0442 \u043a\u043e\u0436\u0435 \u0432\u044b\u0433\u043b\u044f\u0434\u0435\u0442\u044c \u0431\u043e\u043b\u0435\u0435 \u0433\u043b\u0430\u0434\u043a\u043e\u0439, \u043f\u043b\u043e\u0442\u043d\u043e\u0439 \u0438 \u0441\u0438\u044f\u044e\u0449\u0435\u0439 \u0443\u0436\u0435 \u043f\u0440\u0438 \u0440\u0435\u0433\u0443\u043b\u044f\u0440\u043d\u043e\u043c \u0438\u0441\u043f\u043e\u043b\u044c\u0437\u043e\u0432\u0430\u043d\u0438\u0438.<\/p>\n<p>\u0421\u0440\u0435\u0434\u0441\u0442\u0432\u043e \u0440\u0430\u0437\u0440\u0430\u0431\u043e\u0442\u0430\u043d\u043e \u0434\u043b\u044f \u0440\u0430\u0431\u043e\u0442\u044b \u0441 \u0442\u0435\u043a\u0441\u0442\u0443\u0440\u043e\u0439 \u043a\u043e\u0436\u0438: \u0443\u043c\u0435\u043d\u044c\u0448\u0430\u0435\u0442 \u0432\u044b\u0440\u0430\u0436\u0435\u043d\u043d\u043e\u0441\u0442\u044c \u0440\u0430\u0441\u0448\u0438\u0440\u0435\u043d\u043d\u044b\u0445 \u043f\u043e\u0440, \u043f\u043e\u0434\u0434\u0435\u0440\u0436\u0438\u0432\u0430\u0435\u0442 \u043e\u0431\u043d\u043e\u0432\u043b\u0435\u043d\u0438\u0435 \u043a\u043b\u0435\u0442\u043e\u043a \u0438 \u0443\u043a\u0440\u0435\u043f\u043b\u044f\u0435\u0442 \u043a\u043e\u0436\u043d\u044b\u0439 \u0431\u0430\u0440\u044c\u0435\u0440, \u043e\u0434\u043d\u043e\u0432\u0440\u0435\u043c\u0435\u043d\u043d\u043e \u043e\u0431\u0435\u0441\u043f\u0435\u0447\u0438\u0432\u0430\u044f \u0433\u043b\u0443\u0431\u043e\u043a\u043e\u0435 \u0443\u0432\u043b\u0430\u0436\u043d\u0435\u043d\u0438\u0435.<\/p>\n<h6>\u041f\u0440\u0435\u0438\u043c\u0443\u0449\u0435\u0441\u0442\u0432\u0430<\/h6>\n<ul>\n<li>\u041f\u043e\u043c\u043e\u0433\u0430\u0435\u0442 \u0432\u0438\u0437\u0443\u0430\u043b\u044c\u043d\u043e \u0443\u043c\u0435\u043d\u044c\u0448\u0438\u0442\u044c \u043f\u043e\u0440\u044b<\/li>\n<li>\u0423\u043b\u0443\u0447\u0448\u0430\u0435\u0442 \u0442\u0435\u043a\u0441\u0442\u0443\u0440\u0443 \u0438 \u0433\u043b\u0430\u0434\u043a\u043e\u0441\u0442\u044c \u043a\u043e\u0436\u0438<\/li>\n<li>\u041f\u043e\u0434\u0434\u0435\u0440\u0436\u0438\u0432\u0430\u0435\u0442 \u0443\u043f\u0440\u0443\u0433\u043e\u0441\u0442\u044c \u0438 \u044d\u043b\u0430\u0441\u0442\u0438\u0447\u043d\u043e\u0441\u0442\u044c<\/li>\n<li>\u0418\u043d\u0442\u0435\u043d\u0441\u0438\u0432\u043d\u043e \u0443\u0432\u043b\u0430\u0436\u043d\u044f\u0435\u0442 \u0438 \u0441\u043c\u044f\u0433\u0447\u0430\u0435\u0442<\/li>\n<li>\u0421\u043f\u043e\u0441\u043e\u0431\u0441\u0442\u0432\u0443\u0435\u0442 \u0431\u043e\u043b\u0435\u0435 \u0440\u043e\u0432\u043d\u043e\u043c\u0443 \u0438 \u0441\u0438\u044f\u044e\u0449\u0435\u043c\u0443 \u0442\u043e\u043d\u0443 \u043a\u043e\u0436\u0438<\/li>\n<li>\u041f\u043e\u0434\u0445\u043e\u0434\u0438\u0442 \u0434\u043b\u044f \u0432\u0441\u0435\u0445 \u0442\u0438\u043f\u043e\u0432 \u043a\u043e\u0436\u0438, \u0432\u043a\u043b\u044e\u0447\u0430\u044f \u0447\u0443\u0432\u0441\u0442\u0432\u0438\u0442\u0435\u043b\u044c\u043d\u0443\u044e<\/li>\n<\/ul>\n<p><strong>\u0421\u043f\u043e\u0441\u043e\u0431 \u043f\u0440\u0438\u043c\u0435\u043d\u0435\u043d\u0438\u044f:<\/strong> \u041f\u043e\u0441\u043b\u0435 \u043e\u0447\u0438\u0449\u0435\u043d\u0438\u044f \u0438 \u0442\u043e\u043d\u0435\u0440\u0430 \u043d\u0430\u043d\u0435\u0441\u0438\u0442\u0435 \u043d\u0435\u0431\u043e\u043b\u044c\u0448\u043e\u0435 \u043a\u043e\u043b\u0438\u0447\u0435\u0441\u0442\u0432\u043e \u0430\u043c\u043f\u0443\u043b\u044b \u043d\u0430 \u043a\u043e\u0436\u0443 \u043b\u0438\u0446\u0430. \u0410\u043a\u043a\u0443\u0440\u0430\u0442\u043d\u043e \u0440\u0430\u0441\u043f\u0440\u0435\u0434\u0435\u043b\u0438\u0442\u0435 \u0438 \u043c\u044f\u0433\u043a\u043e \u0432\u0431\u0435\u0439\u0442\u0435 \u043f\u043e\u0434\u0443\u0448\u0435\u0447\u043a\u0430\u043c\u0438 \u043f\u0430\u043b\u044c\u0446\u0435\u0432 \u0434\u043e \u043f\u043e\u043b\u043d\u043e\u0433\u043e \u0432\u043f\u0438\u0442\u044b\u0432\u0430\u043d\u0438\u044f. \u0418\u0441\u043f\u043e\u043b\u044c\u0437\u0443\u0439\u0442\u0435 \u0443\u0442\u0440\u043e\u043c \u0438\/\u0438\u043b\u0438 \u0432\u0435\u0447\u0435\u0440\u043e\u043c, \u0437\u0430\u0442\u0435\u043c \u043d\u0430\u043d\u0435\u0441\u0438\u0442\u0435 \u043a\u0440\u0435\u043c.<\/p>\n<p><strong>\u0421\u043e\u0441\u0442\u0430\u0432: <\/strong>Water, Glycerin, Butylene Glycol, Niacinamide, PDRN (Sodium DNA \/ Hydrolyzed DNA), Exosome Complex, Peptides (Acetyl Hexapeptide-8, Palmitoyl Pentapeptide-4 \u0438 \u0434\u0440.), Panthenol, Adenosine, Sodium Hyaluronate, Plant Extract Complex, Ceramide NP, Allantoin, Ethylhexylglycerin, 1,2-Hexanediol, Carbomer, Disodium EDTA.<\/p>\n<p><strong>\u041e\u0442\u0432\u0435\u0442\u0441\u0442\u0432\u0435\u043d\u043d\u043e\u0435 \u043b\u0438\u0446\u043e:<\/strong>CDRI GERMANY GmbH Am Kronberger Hang 2, 65824 Schwalbach am Taunus,Germanyeu.cs@cdri.pro.<\/p>\n<p><strong>\u041c\u0435\u0440\u044b \u043f\u0440\u0435\u0434\u043e\u0441\u0442\u043e\u0440\u043e\u0436\u043d\u043e\u0441\u0442\u0438:<\/strong><\/p>\n<ul>\n<li>\u0422\u043e\u043b\u044c\u043a\u043e \u0434\u043b\u044f \u043d\u0430\u0440\u0443\u0436\u043d\u043e\u0433\u043e \u043f\u0440\u0438\u043c\u0435\u043d\u0435\u043d\u0438\u044f.<\/li>\n<li>\u0418\u0437\u0431\u0435\u0433\u0430\u0442\u044c \u043f\u043e\u043f\u0430\u0434\u0430\u043d\u0438\u044f \u0432 \u0433\u043b\u0430\u0437\u0430. \u041f\u0440\u0438 \u043f\u043e\u043f\u0430\u0434\u0430\u043d\u0438\u0438 \u0442\u0449\u0430\u0442\u0435\u043b\u044c\u043d\u043e \u043f\u0440\u043e\u043c\u044b\u0442\u044c \u0432\u043e\u0434\u043e\u0439.<\/li>\n<li>\u041d\u0435 \u0438\u0441\u043f\u043e\u043b\u044c\u0437\u043e\u0432\u0430\u0442\u044c \u043d\u0430 \u043f\u043e\u0432\u0440\u0435\u0436\u0434\u0451\u043d\u043d\u043e\u0439 \u0438\u043b\u0438 \u0440\u0430\u0437\u0434\u0440\u0430\u0436\u0451\u043d\u043d\u043e\u0439 \u043a\u043e\u0436\u0435.<\/li>\n<li>\u041f\u0440\u0438 \u043f\u043e\u044f\u0432\u043b\u0435\u043d\u0438\u0438 \u043f\u043e\u043a\u0440\u0430\u0441\u043d\u0435\u043d\u0438\u044f, \u0437\u0443\u0434\u0430 \u0438\u043b\u0438 \u0440\u0430\u0437\u0434\u0440\u0430\u0436\u0435\u043d\u0438\u044f \u043f\u0440\u0435\u043a\u0440\u0430\u0442\u0438\u0442\u044c \u0438\u0441\u043f\u043e\u043b\u044c\u0437\u043e\u0432\u0430\u043d\u0438\u0435.<\/li>\n<li>\u041f\u0435\u0440\u0435\u0434 \u043f\u0435\u0440\u0432\u044b\u043c \u0438\u0441\u043f\u043e\u043b\u044c\u0437\u043e\u0432\u0430\u043d\u0438\u0435\u043c \u0440\u0435\u043a\u043e\u043c\u0435\u043d\u0434\u0443\u0435\u0442\u0441\u044f \u043f\u0440\u043e\u0432\u0435\u0441\u0442\u0438 \u0442\u0435\u0441\u0442 \u043d\u0430 \u0447\u0443\u0432\u0441\u0442\u0432\u0438\u0442\u0435\u043b\u044c\u043d\u043e\u0441\u0442\u044c.<\/li>\n<li>\u041d\u0435 \u0441\u043e\u0447\u0435\u0442\u0430\u0442\u044c \u0432 \u043e\u0434\u043d\u043e\u043c \u0443\u0445\u043e\u0434\u0435 \u0441 \u0430\u0433\u0440\u0435\u0441\u0441\u0438\u0432\u043d\u044b\u043c\u0438 \u043a\u0438\u0441\u043b\u043e\u0442\u0430\u043c\u0438 \u0438\u043b\u0438 \u0440\u0435\u0442\u0438\u043d\u043e\u0438\u0434\u0430\u043c\u0438 \u043f\u0440\u0438 \u0447\u0443\u0432\u0441\u0442\u0432\u0438\u0442\u0435\u043b\u044c\u043d\u043e\u0439 \u043a\u043e\u0436\u0435.<\/li>\n<\/ul>\n<div class=\"woocommerce-tabs wc-tabs-wrapper\"><\/div>","protected":false},"excerpt":{"rendered":"<p>Dr.nineteen Pore Exsome PDRN Exosome Ampoule intens\u012bvs ampulu serums ar PDRN, eksosom\u0101m un pept\u012bdu kompleksu, kas paredz\u0113ts \u0101das atjauno\u0161anai, poru sa\u0161aurin\u0101\u0161anai un \u0101das elast\u012bbas uzlabo\u0161anai. Formul\u0101 ar augstu akt\u012bvo sast\u0101vda\u013cu koncentr\u0101ciju pal\u012bdz \u0101dai izskat\u012bties glud\u0101kai, bl\u012bv\u0101kai un mirdzo\u0161\u0101kai jau p\u0113c regul\u0101ras lieto\u0161anas. L\u012bdzeklis ir izstr\u0101d\u0101ts, lai uzlabotu \u0101das tekst\u016bru: samazina papla\u0161in\u0101to poru redzam\u012bbu, veicina \u0161\u016bnu [&hellip;]<\/p>\n","protected":false},"featured_media":27600,"comment_status":"open","ping_status":"closed","template":"","meta":{"site-sidebar-layout":"default","site-content-layout":"","ast-site-content-layout":"default","site-content-style":"default","site-sidebar-style":"default","ast-global-header-display":"","ast-banner-title-visibility":"","ast-main-header-display":"","ast-hfb-above-header-display":"","ast-hfb-below-header-display":"","ast-hfb-mobile-header-display":"","site-post-title":"","ast-breadcrumbs-content":"","ast-featured-img":"","footer-sml-layout":"","theme-transparent-header-meta":"default","adv-header-id-meta":"","stick-header-meta":"","header-above-stick-meta":"","header-main-stick-meta":"","header-below-stick-meta":"","astra-migrate-meta-layouts":"set","ast-page-background-enabled":"default","ast-page-background-meta":{"desktop":{"background-color":"var(--ast-global-color-4)","background-image":"","background-repeat":"repeat","background-position":"center center","background-size":"auto","background-attachment":"scroll","background-type":"","background-media":"","overlay-type":"","overlay-color":"","overlay-opacity":"","overlay-gradient":""},"tablet":{"background-color":"","background-image":"","background-repeat":"repeat","background-position":"center center","background-size":"auto","background-attachment":"scroll","background-type":"","background-media":"","overlay-type":"","overlay-color":"","overlay-opacity":"","overlay-gradient":""},"mobile":{"background-color":"","background-image":"","background-repeat":"repeat","background-position":"center center","background-size":"auto","background-attachment":"scroll","background-type":"","background-media":"","overlay-type":"","overlay-color":"","overlay-opacity":"","overlay-gradient":""}},"ast-content-background-meta":{"desktop":{"background-color":"var(--ast-global-color-5)","background-image":"","background-repeat":"repeat","background-position":"center center","background-size":"auto","background-attachment":"scroll","background-type":"","background-media":"","overlay-type":"","overlay-color":"","overlay-opacity":"","overlay-gradient":""},"tablet":{"background-color":"var(--ast-global-color-5)","background-image":"","background-repeat":"repeat","background-position":"center center","background-size":"auto","background-attachment":"scroll","background-type":"","background-media":"","overlay-type":"","overlay-color":"","overlay-opacity":"","overlay-gradient":""},"mobile":{"background-color":"var(--ast-global-color-5)","background-image":"","background-repeat":"repeat","background-position":"center center","background-size":"auto","background-attachment":"scroll","background-type":"","background-media":"","overlay-type":"","overlay-color":"","overlay-opacity":"","overlay-gradient":""}}},"product_brand":[],"product_cat":[370,371,652,373,363],"product_tag":[],"berocket_brand":[693],"class_list":{"0":"post-27598","1":"product","2":"type-product","3":"status-publish","4":"has-post-thumbnail","6":"product_cat-adas-mirdzumam","7":"product_cat-anti-age","8":"product_cat-pdrn","9":"product_cat-poras-sasaurinoss","10":"product_cat-serumi","11":"berocket_brand-dr-nineteen","12":"desktop-align-left","13":"tablet-align-left","14":"mobile-align-left","16":"first","17":"instock","18":"taxable","19":"shipping-taxable","20":"purchasable","21":"product-type-simple","22":"add-to-wishlist-before_image"},"yoast_head":"<!-- This site is optimized with the Yoast SEO plugin v27.4 - https:\/\/yoast.com\/product\/yoast-seo-wordpress\/ -->\n<title>Dr.nineteen Pore Exsome PDRN Exosome Ampoule ampulu serums ar PDRN, eksosom\u0101m un pept\u012bdu kompleksu 2 x 15ml - FACECORNER<\/title>\n<meta name=\"robots\" content=\"index, follow, max-snippet:-1, max-image-preview:large, max-video-preview:-1\" \/>\n<link rel=\"canonical\" href=\"https:\/\/www.facecorner.lv\/ru\/shop\/dr-nineteen-pore-exsome-pdrn-exosome-ampoule-ampulu-serums-ar-pdrn-eksosomam-un-peptidu-kompleksu-2-x-15ml\/\" \/>\n<meta property=\"og:locale\" content=\"ru_RU\" \/>\n<meta property=\"og:type\" content=\"article\" \/>\n<meta property=\"og:title\" content=\"Dr.nineteen Pore Exsome PDRN Exosome Ampoule ampulu serums ar PDRN, eksosom\u0101m un pept\u012bdu kompleksu 2 x 15ml - FACECORNER\" \/>\n<meta property=\"og:description\" content=\"Dr.nineteen Pore Exsome PDRN Exosome Ampoule intens\u012bvs ampulu serums ar PDRN, eksosom\u0101m un pept\u012bdu kompleksu, kas paredz\u0113ts \u0101das atjauno\u0161anai, poru sa\u0161aurin\u0101\u0161anai un \u0101das elast\u012bbas uzlabo\u0161anai. Formul\u0101 ar augstu akt\u012bvo sast\u0101vda\u013cu koncentr\u0101ciju pal\u012bdz \u0101dai izskat\u012bties glud\u0101kai, bl\u012bv\u0101kai un mirdzo\u0161\u0101kai jau p\u0113c regul\u0101ras lieto\u0161anas. L\u012bdzeklis ir izstr\u0101d\u0101ts, lai uzlabotu \u0101das tekst\u016bru: samazina papla\u0161in\u0101to poru redzam\u012bbu, veicina \u0161\u016bnu [&hellip;]\" \/>\n<meta property=\"og:url\" content=\"https:\/\/www.facecorner.lv\/ru\/shop\/dr-nineteen-pore-exsome-pdrn-exosome-ampoule-ampulu-serums-ar-pdrn-eksosomam-un-peptidu-kompleksu-2-x-15ml\/\" \/>\n<meta property=\"og:site_name\" content=\"FACECORNER\" \/>\n<meta property=\"article:publisher\" content=\"https:\/\/www.facebook.com\/profile.php?id=100063824551839\" \/>\n<meta property=\"article:modified_time\" content=\"2026-05-07T13:06:52+00:00\" \/>\n<meta property=\"og:image\" content=\"https:\/\/www.facecorner.lv\/wp-content\/uploads\/2026\/05\/drnineteen-redrn-15ml2-2569278.webp\" \/>\n\t<meta property=\"og:image:width\" content=\"640\" \/>\n\t<meta property=\"og:image:height\" content=\"640\" \/>\n\t<meta property=\"og:image:type\" content=\"image\/webp\" \/>\n<meta name=\"twitter:card\" content=\"summary_large_image\" \/>\n<meta name=\"twitter:label1\" content=\"\u0426\u0435\u043d\u0430\" \/>\n\t<meta name=\"twitter:data1\" content=\"&euro;21.95\" \/>\n\t<meta name=\"twitter:label2\" content=\"\u0414\u043e\u0441\u0442\u0443\u043f\u043d\u043e\u0441\u0442\u044c\" \/>\n\t<meta name=\"twitter:data2\" content=\"\u0412 \u043d\u0430\u043b\u0438\u0447\u0438\u0438\" \/>\n<script type=\"application\/ld+json\" class=\"yoast-schema-graph\">{\"@context\":\"https:\\\/\\\/schema.org\",\"@graph\":[{\"@type\":\"WebPage\",\"@id\":\"https:\\\/\\\/www.facecorner.lv\\\/shop\\\/dr-nineteen-pore-exsome-pdrn-exosome-ampoule-ampulu-serums-ar-pdrn-eksosomam-un-peptidu-kompleksu-2-x-15ml\\\/\",\"url\":\"https:\\\/\\\/www.facecorner.lv\\\/shop\\\/dr-nineteen-pore-exsome-pdrn-exosome-ampoule-ampulu-serums-ar-pdrn-eksosomam-un-peptidu-kompleksu-2-x-15ml\\\/\",\"name\":\"Dr.nineteen Pore Exsome PDRN Exosome Ampoule ampulu serums ar PDRN, eksosom\u0101m un pept\u012bdu kompleksu 2 x 15ml - FACECORNER\",\"isPartOf\":{\"@id\":\"https:\\\/\\\/www.facecorner.lv\\\/#website\"},\"primaryImageOfPage\":{\"@id\":\"https:\\\/\\\/www.facecorner.lv\\\/shop\\\/dr-nineteen-pore-exsome-pdrn-exosome-ampoule-ampulu-serums-ar-pdrn-eksosomam-un-peptidu-kompleksu-2-x-15ml\\\/#primaryimage\"},\"image\":{\"@id\":\"https:\\\/\\\/www.facecorner.lv\\\/shop\\\/dr-nineteen-pore-exsome-pdrn-exosome-ampoule-ampulu-serums-ar-pdrn-eksosomam-un-peptidu-kompleksu-2-x-15ml\\\/#primaryimage\"},\"thumbnailUrl\":\"https:\\\/\\\/www.facecorner.lv\\\/wp-content\\\/uploads\\\/2026\\\/05\\\/drnineteen-redrn-15ml2-2569278.webp\",\"datePublished\":\"2026-05-07T11:26:17+00:00\",\"dateModified\":\"2026-05-07T13:06:52+00:00\",\"breadcrumb\":{\"@id\":\"https:\\\/\\\/www.facecorner.lv\\\/shop\\\/dr-nineteen-pore-exsome-pdrn-exosome-ampoule-ampulu-serums-ar-pdrn-eksosomam-un-peptidu-kompleksu-2-x-15ml\\\/#breadcrumb\"},\"inLanguage\":\"ru-RU\",\"potentialAction\":[{\"@type\":\"ReadAction\",\"target\":[\"https:\\\/\\\/www.facecorner.lv\\\/shop\\\/dr-nineteen-pore-exsome-pdrn-exosome-ampoule-ampulu-serums-ar-pdrn-eksosomam-un-peptidu-kompleksu-2-x-15ml\\\/\"]}]},{\"@type\":\"ImageObject\",\"inLanguage\":\"ru-RU\",\"@id\":\"https:\\\/\\\/www.facecorner.lv\\\/shop\\\/dr-nineteen-pore-exsome-pdrn-exosome-ampoule-ampulu-serums-ar-pdrn-eksosomam-un-peptidu-kompleksu-2-x-15ml\\\/#primaryimage\",\"url\":\"https:\\\/\\\/www.facecorner.lv\\\/wp-content\\\/uploads\\\/2026\\\/05\\\/drnineteen-redrn-15ml2-2569278.webp\",\"contentUrl\":\"https:\\\/\\\/www.facecorner.lv\\\/wp-content\\\/uploads\\\/2026\\\/05\\\/drnineteen-redrn-15ml2-2569278.webp\",\"width\":640,\"height\":640,\"caption\":\"Dr.nineteen Pore Exsome PDRN Exosome Ampoule\"},{\"@type\":\"BreadcrumbList\",\"@id\":\"https:\\\/\\\/www.facecorner.lv\\\/shop\\\/dr-nineteen-pore-exsome-pdrn-exosome-ampoule-ampulu-serums-ar-pdrn-eksosomam-un-peptidu-kompleksu-2-x-15ml\\\/#breadcrumb\",\"itemListElement\":[{\"@type\":\"ListItem\",\"position\":1,\"name\":\"Home\",\"item\":\"https:\\\/\\\/www.facecorner.lv\\\/\"},{\"@type\":\"ListItem\",\"position\":2,\"name\":\"Veikals\",\"item\":\"https:\\\/\\\/www.facecorner.lv\\\/shop\\\/\"},{\"@type\":\"ListItem\",\"position\":3,\"name\":\"Dr.nineteen Pore Exsome PDRN Exosome Ampoule ampulu serums ar PDRN, eksosom\u0101m un pept\u012bdu kompleksu 2 x 15ml\"}]},{\"@type\":\"WebSite\",\"@id\":\"https:\\\/\\\/www.facecorner.lv\\\/#website\",\"url\":\"https:\\\/\\\/www.facecorner.lv\\\/\",\"name\":\"Facecorner\",\"description\":\"\",\"publisher\":{\"@id\":\"https:\\\/\\\/www.facecorner.lv\\\/#organization\"},\"potentialAction\":[{\"@type\":\"SearchAction\",\"target\":{\"@type\":\"EntryPoint\",\"urlTemplate\":\"https:\\\/\\\/www.facecorner.lv\\\/?s={search_term_string}\"},\"query-input\":{\"@type\":\"PropertyValueSpecification\",\"valueRequired\":true,\"valueName\":\"search_term_string\"}}],\"inLanguage\":\"ru-RU\"},{\"@type\":\"Organization\",\"@id\":\"https:\\\/\\\/www.facecorner.lv\\\/#organization\",\"name\":\"Facecorner\",\"url\":\"https:\\\/\\\/www.facecorner.lv\\\/\",\"logo\":{\"@type\":\"ImageObject\",\"inLanguage\":\"ru-RU\",\"@id\":\"https:\\\/\\\/www.facecorner.lv\\\/#\\\/schema\\\/logo\\\/image\\\/\",\"url\":\"https:\\\/\\\/www.facecorner.lv\\\/wp-content\\\/uploads\\\/2024\\\/04\\\/fc-logo.jpg\",\"contentUrl\":\"https:\\\/\\\/www.facecorner.lv\\\/wp-content\\\/uploads\\\/2024\\\/04\\\/fc-logo.jpg\",\"width\":174,\"height\":28,\"caption\":\"Facecorner\"},\"image\":{\"@id\":\"https:\\\/\\\/www.facecorner.lv\\\/#\\\/schema\\\/logo\\\/image\\\/\"},\"sameAs\":[\"https:\\\/\\\/www.facebook.com\\\/profile.php?id=100063824551839\",\"https:\\\/\\\/www.instagram.com\\\/facecorner_shop\\\/\"]}]}<\/script>\n<meta property=\"product:price:amount\" content=\"21.95\" \/>\n<meta property=\"product:price:currency\" content=\"EUR\" \/>\n<meta property=\"og:availability\" content=\"instock\" \/>\n<meta property=\"product:availability\" content=\"instock\" \/>\n<meta property=\"product:condition\" content=\"new\" \/>\n<!-- \/ Yoast SEO plugin. -->","yoast_head_json":{"title":"Dr.nineteen Pore Exsome PDRN Exosome Ampoule ampulu serums ar PDRN, eksosom\u0101m un pept\u012bdu kompleksu 2 x 15ml - FACECORNER","robots":{"index":"index","follow":"follow","max-snippet":"max-snippet:-1","max-image-preview":"max-image-preview:large","max-video-preview":"max-video-preview:-1"},"canonical":"https:\/\/www.facecorner.lv\/ru\/shop\/dr-nineteen-pore-exsome-pdrn-exosome-ampoule-ampulu-serums-ar-pdrn-eksosomam-un-peptidu-kompleksu-2-x-15ml\/","og_locale":"ru_RU","og_type":"article","og_title":"Dr.nineteen Pore Exsome PDRN Exosome Ampoule ampulu serums ar PDRN, eksosom\u0101m un pept\u012bdu kompleksu 2 x 15ml - FACECORNER","og_description":"Dr.nineteen Pore Exsome PDRN Exosome Ampoule intens\u012bvs ampulu serums ar PDRN, eksosom\u0101m un pept\u012bdu kompleksu, kas paredz\u0113ts \u0101das atjauno\u0161anai, poru sa\u0161aurin\u0101\u0161anai un \u0101das elast\u012bbas uzlabo\u0161anai. Formul\u0101 ar augstu akt\u012bvo sast\u0101vda\u013cu koncentr\u0101ciju pal\u012bdz \u0101dai izskat\u012bties glud\u0101kai, bl\u012bv\u0101kai un mirdzo\u0161\u0101kai jau p\u0113c regul\u0101ras lieto\u0161anas. L\u012bdzeklis ir izstr\u0101d\u0101ts, lai uzlabotu \u0101das tekst\u016bru: samazina papla\u0161in\u0101to poru redzam\u012bbu, veicina \u0161\u016bnu [&hellip;]","og_url":"https:\/\/www.facecorner.lv\/ru\/shop\/dr-nineteen-pore-exsome-pdrn-exosome-ampoule-ampulu-serums-ar-pdrn-eksosomam-un-peptidu-kompleksu-2-x-15ml\/","og_site_name":"FACECORNER","article_publisher":"https:\/\/www.facebook.com\/profile.php?id=100063824551839","article_modified_time":"2026-05-07T13:06:52+00:00","og_image":[{"width":640,"height":640,"url":"https:\/\/www.facecorner.lv\/wp-content\/uploads\/2026\/05\/drnineteen-redrn-15ml2-2569278.webp","type":"image\/webp"}],"twitter_card":"summary_large_image","twitter_misc":{"\u0426\u0435\u043d\u0430":"&euro;21.95","\u0414\u043e\u0441\u0442\u0443\u043f\u043d\u043e\u0441\u0442\u044c":"\u0412 \u043d\u0430\u043b\u0438\u0447\u0438\u0438"},"schema":{"@context":"https:\/\/schema.org","@graph":[{"@type":"WebPage","@id":"https:\/\/www.facecorner.lv\/shop\/dr-nineteen-pore-exsome-pdrn-exosome-ampoule-ampulu-serums-ar-pdrn-eksosomam-un-peptidu-kompleksu-2-x-15ml\/","url":"https:\/\/www.facecorner.lv\/shop\/dr-nineteen-pore-exsome-pdrn-exosome-ampoule-ampulu-serums-ar-pdrn-eksosomam-un-peptidu-kompleksu-2-x-15ml\/","name":"Dr.nineteen Pore Exsome PDRN Exosome Ampoule ampulu serums ar PDRN, eksosom\u0101m un pept\u012bdu kompleksu 2 x 15ml - FACECORNER","isPartOf":{"@id":"https:\/\/www.facecorner.lv\/#website"},"primaryImageOfPage":{"@id":"https:\/\/www.facecorner.lv\/shop\/dr-nineteen-pore-exsome-pdrn-exosome-ampoule-ampulu-serums-ar-pdrn-eksosomam-un-peptidu-kompleksu-2-x-15ml\/#primaryimage"},"image":{"@id":"https:\/\/www.facecorner.lv\/shop\/dr-nineteen-pore-exsome-pdrn-exosome-ampoule-ampulu-serums-ar-pdrn-eksosomam-un-peptidu-kompleksu-2-x-15ml\/#primaryimage"},"thumbnailUrl":"https:\/\/www.facecorner.lv\/wp-content\/uploads\/2026\/05\/drnineteen-redrn-15ml2-2569278.webp","datePublished":"2026-05-07T11:26:17+00:00","dateModified":"2026-05-07T13:06:52+00:00","breadcrumb":{"@id":"https:\/\/www.facecorner.lv\/shop\/dr-nineteen-pore-exsome-pdrn-exosome-ampoule-ampulu-serums-ar-pdrn-eksosomam-un-peptidu-kompleksu-2-x-15ml\/#breadcrumb"},"inLanguage":"ru-RU","potentialAction":[{"@type":"ReadAction","target":["https:\/\/www.facecorner.lv\/shop\/dr-nineteen-pore-exsome-pdrn-exosome-ampoule-ampulu-serums-ar-pdrn-eksosomam-un-peptidu-kompleksu-2-x-15ml\/"]}]},{"@type":"ImageObject","inLanguage":"ru-RU","@id":"https:\/\/www.facecorner.lv\/shop\/dr-nineteen-pore-exsome-pdrn-exosome-ampoule-ampulu-serums-ar-pdrn-eksosomam-un-peptidu-kompleksu-2-x-15ml\/#primaryimage","url":"https:\/\/www.facecorner.lv\/wp-content\/uploads\/2026\/05\/drnineteen-redrn-15ml2-2569278.webp","contentUrl":"https:\/\/www.facecorner.lv\/wp-content\/uploads\/2026\/05\/drnineteen-redrn-15ml2-2569278.webp","width":640,"height":640,"caption":"Dr.nineteen Pore Exsome PDRN Exosome Ampoule"},{"@type":"BreadcrumbList","@id":"https:\/\/www.facecorner.lv\/shop\/dr-nineteen-pore-exsome-pdrn-exosome-ampoule-ampulu-serums-ar-pdrn-eksosomam-un-peptidu-kompleksu-2-x-15ml\/#breadcrumb","itemListElement":[{"@type":"ListItem","position":1,"name":"Home","item":"https:\/\/www.facecorner.lv\/"},{"@type":"ListItem","position":2,"name":"Veikals","item":"https:\/\/www.facecorner.lv\/shop\/"},{"@type":"ListItem","position":3,"name":"Dr.nineteen Pore Exsome PDRN Exosome Ampoule ampulu serums ar PDRN, eksosom\u0101m un pept\u012bdu kompleksu 2 x 15ml"}]},{"@type":"WebSite","@id":"https:\/\/www.facecorner.lv\/#website","url":"https:\/\/www.facecorner.lv\/","name":"Facecorner","description":"","publisher":{"@id":"https:\/\/www.facecorner.lv\/#organization"},"potentialAction":[{"@type":"SearchAction","target":{"@type":"EntryPoint","urlTemplate":"https:\/\/www.facecorner.lv\/?s={search_term_string}"},"query-input":{"@type":"PropertyValueSpecification","valueRequired":true,"valueName":"search_term_string"}}],"inLanguage":"ru-RU"},{"@type":"Organization","@id":"https:\/\/www.facecorner.lv\/#organization","name":"Facecorner","url":"https:\/\/www.facecorner.lv\/","logo":{"@type":"ImageObject","inLanguage":"ru-RU","@id":"https:\/\/www.facecorner.lv\/#\/schema\/logo\/image\/","url":"https:\/\/www.facecorner.lv\/wp-content\/uploads\/2024\/04\/fc-logo.jpg","contentUrl":"https:\/\/www.facecorner.lv\/wp-content\/uploads\/2024\/04\/fc-logo.jpg","width":174,"height":28,"caption":"Facecorner"},"image":{"@id":"https:\/\/www.facecorner.lv\/#\/schema\/logo\/image\/"},"sameAs":["https:\/\/www.facebook.com\/profile.php?id=100063824551839","https:\/\/www.instagram.com\/facecorner_shop\/"]}]},"product_price_amount":"21.95","product_price_currency":"EUR","og_availability":"instock","product_availability":"instock","product_condition":"new"},"_links":{"self":[{"href":"https:\/\/www.facecorner.lv\/ru\/wp-json\/wp\/v2\/product\/27598","targetHints":{"allow":["GET"]}}],"collection":[{"href":"https:\/\/www.facecorner.lv\/ru\/wp-json\/wp\/v2\/product"}],"about":[{"href":"https:\/\/www.facecorner.lv\/ru\/wp-json\/wp\/v2\/types\/product"}],"replies":[{"embeddable":true,"href":"https:\/\/www.facecorner.lv\/ru\/wp-json\/wp\/v2\/comments?post=27598"}],"wp:featuredmedia":[{"embeddable":true,"href":"https:\/\/www.facecorner.lv\/ru\/wp-json\/wp\/v2\/media\/27600"}],"wp:attachment":[{"href":"https:\/\/www.facecorner.lv\/ru\/wp-json\/wp\/v2\/media?parent=27598"}],"wp:term":[{"taxonomy":"product_brand","embeddable":true,"href":"https:\/\/www.facecorner.lv\/ru\/wp-json\/wp\/v2\/product_brand?post=27598"},{"taxonomy":"product_cat","embeddable":true,"href":"https:\/\/www.facecorner.lv\/ru\/wp-json\/wp\/v2\/product_cat?post=27598"},{"taxonomy":"product_tag","embeddable":true,"href":"https:\/\/www.facecorner.lv\/ru\/wp-json\/wp\/v2\/product_tag?post=27598"},{"taxonomy":"berocket_brand","embeddable":true,"href":"https:\/\/www.facecorner.lv\/ru\/wp-json\/wp\/v2\/berocket_brand?post=27598"}],"curies":[{"name":"wp","href":"https:\/\/api.w.org\/{rel}","templated":true}]}}