{"id":27473,"date":"2026-04-15T16:02:32","date_gmt":"2026-04-15T13:02:32","guid":{"rendered":"https:\/\/www.facecorner.lv\/?post_type=product&#038;p=27473"},"modified":"2026-04-16T18:27:01","modified_gmt":"2026-04-16T15:27:01","slug":"biodance-caviar-pdrn-eye-patch-hidrogela-patci-60gab","status":"publish","type":"product","link":"https:\/\/www.facecorner.lv\/ru\/shop\/biodance-caviar-pdrn-eye-patch-hidrogela-patci-60gab\/","title":{"rendered":"Biodance Caviar PDRN Eye Patch \u0433\u0438\u0434\u0440\u043e\u0433\u0435\u043b\u0435\u0432\u044b\u0435 \u043f\u0430\u0442\u0447\u0438 60\u0448\u0442"},"content":{"rendered":"<p>\u0413\u0438\u0434\u0440\u043e\u0433\u0435\u043b\u0435\u0432\u044b\u0435 \u043f\u0430\u0442\u0447\u0438 Biodance Caviar PDRN Eye Patch \u2014 \u044d\u0442\u043e \u043f\u0440\u0435\u043c\u0438\u0430\u043b\u044c\u043d\u044b\u0439 \u0443\u0445\u043e\u0434 \u0437\u0430 \u043d\u0435\u0436\u043d\u043e\u0439 \u043a\u043e\u0436\u0435\u0439 \u0432\u043e\u043a\u0440\u0443\u0433 \u0433\u043b\u0430\u0437, \u043d\u0430\u043f\u0440\u0430\u0432\u043b\u0435\u043d\u043d\u044b\u0439 \u043d\u0430 \u0443\u0441\u0442\u0440\u0430\u043d\u0435\u043d\u0438\u0435 \u043f\u0440\u0438\u0437\u043d\u0430\u043a\u043e\u0432 \u0443\u0441\u0442\u0430\u043b\u043e\u0441\u0442\u0438, \u043e\u0442\u0451\u043a\u043e\u0432 \u0438 \u0432\u043e\u0437\u0440\u0430\u0441\u0442\u043d\u044b\u0445 \u0438\u0437\u043c\u0435\u043d\u0435\u043d\u0438\u0439.<\/p>\n<p>\u0424\u043e\u0440\u043c\u0443\u043b\u0430 \u0441\u043e\u0447\u0435\u0442\u0430\u0435\u0442 \u0441\u0438\u043b\u0443 \u0438\u043a\u0440\u044b \u0438 PDRN \u0434\u043b\u044f \u0433\u043b\u0443\u0431\u043e\u043a\u043e\u0433\u043e \u043f\u0438\u0442\u0430\u043d\u0438\u044f, \u0432\u043e\u0441\u0441\u0442\u0430\u043d\u043e\u0432\u043b\u0435\u043d\u0438\u044f \u0438 \u0437\u0430\u043c\u0435\u0442\u043d\u043e\u0433\u043e \u0443\u043b\u0443\u0447\u0448\u0435\u043d\u0438\u044f \u0432\u043d\u0435\u0448\u043d\u0435\u0433\u043e \u0432\u0438\u0434\u0430 \u043a\u043e\u0436\u0438.<\/p>\n<h6>\u041f\u0440\u0435\u0438\u043c\u0443\u0449\u0435\u0441\u0442\u0432\u0430<\/h6>\n<ul>\n<li><strong>\u0413\u043b\u0443\u0431\u043e\u043a\u043e\u0435 \u0432\u043e\u0441\u0441\u0442\u0430\u043d\u043e\u0432\u043b\u0435\u043d\u0438\u0435 \u043a\u043e\u0436\u0438 <\/strong>PDRN (Sodium DNA) \u0441\u0442\u0438\u043c\u0443\u043b\u0438\u0440\u0443\u0435\u0442 \u043e\u0431\u043d\u043e\u0432\u043b\u0435\u043d\u0438\u0435 \u043a\u043e\u0436\u0438 \u0438 \u0443\u043b\u0443\u0447\u0448\u0430\u0435\u0442 \u0435\u0451 \u0443\u043f\u0440\u0443\u0433\u043e\u0441\u0442\u044c.<\/li>\n<li><strong style=\"font-size: 16px;\">\u041f\u0438\u0442\u0430\u043d\u0438\u0435 \u0438 \u0441\u0438\u044f\u043d\u0438\u0435 <\/strong>\u042d\u043a\u0441\u0442\u0440\u0430\u043a\u0442 \u0438\u043a\u0440\u044b \u043d\u0430\u0441\u044b\u0449\u0430\u0435\u0442 \u043a\u043e\u0436\u0443 \u043f\u0438\u0442\u0430\u0442\u0435\u043b\u044c\u043d\u044b\u043c\u0438 \u0432\u0435\u0449\u0435\u0441\u0442\u0432\u0430\u043c\u0438 \u0438 \u043f\u0440\u0438\u0434\u0430\u0451\u0442 \u0437\u0434\u043e\u0440\u043e\u0432\u043e\u0435 \u0441\u0432\u0435\u0447\u0435\u043d\u0438\u0435.<\/li>\n<li><strong style=\"font-size: 16px;\">\u041e\u0441\u0432\u0435\u0442\u043b\u0435\u043d\u0438\u0435 \u0442\u0451\u043c\u043d\u044b\u0445 \u043a\u0440\u0443\u0433\u043e\u0432 <\/strong>\u041d\u0438\u0430\u0446\u0438\u043d\u0430\u043c\u0438\u0434 \u0438 \u043a\u043e\u0444\u0435\u0438\u043d \u043f\u043e\u043c\u043e\u0433\u0430\u044e\u0442 \u0443\u043c\u0435\u043d\u044c\u0448\u0438\u0442\u044c \u0442\u0443\u0441\u043a\u043b\u043e\u0441\u0442\u044c \u0438 \u0441\u043b\u0435\u0434\u044b \u0443\u0441\u0442\u0430\u043b\u043e\u0441\u0442\u0438.<\/li>\n<li><strong style=\"font-size: 16px;\">\u0421\u043d\u0438\u0436\u0435\u043d\u0438\u0435 \u043e\u0442\u0451\u043a\u043e\u0432 <\/strong>\u041a\u043e\u0444\u0435\u0438\u043d \u0443\u043b\u0443\u0447\u0448\u0430\u0435\u0442 \u043c\u0438\u043a\u0440\u043e\u0446\u0438\u0440\u043a\u0443\u043b\u044f\u0446\u0438\u044e \u0438 \u0434\u0435\u043b\u0430\u0435\u0442 \u0432\u0437\u0433\u043b\u044f\u0434 \u0431\u043e\u043b\u0435\u0435 \u0441\u0432\u0435\u0436\u0438\u043c.<\/li>\n<li><strong style=\"font-size: 16px;\">\u0418\u043d\u0442\u0435\u043d\u0441\u0438\u0432\u043d\u043e\u0435 \u0443\u0432\u043b\u0430\u0436\u043d\u0435\u043d\u0438\u0435 <\/strong>\u0413\u0438\u0434\u0440\u043e\u0433\u0435\u043b\u0435\u0432\u0430\u044f \u0442\u0435\u043a\u0441\u0442\u0443\u0440\u0430 \u0443\u0434\u0435\u0440\u0436\u0438\u0432\u0430\u0435\u0442 \u0432\u043b\u0430\u0433\u0443 \u0438 \u043e\u0431\u0435\u0441\u043f\u0435\u0447\u0438\u0432\u0430\u0435\u0442 \u0434\u043b\u0438\u0442\u0435\u043b\u044c\u043d\u043e\u0435 \u043f\u0438\u0442\u0430\u043d\u0438\u0435 \u043a\u043e\u0436\u0438.<\/li>\n<\/ul>\n<p><strong>\u041a\u043e\u043c\u0443 \u043f\u043e\u0434\u0445\u043e\u0434\u0438\u0442:<\/strong><\/p>\n<ul>\n<li>\u0442\u0451\u043c\u043d\u044b\u0435 \u043a\u0440\u0443\u0433\u0438 \u043f\u043e\u0434 \u0433\u043b\u0430\u0437\u0430\u043c\u0438<\/li>\n<li>\u043e\u0442\u0451\u043a\u0438 \u0438 \u043f\u0440\u0438\u0437\u043d\u0430\u043a\u0438 \u0443\u0441\u0442\u0430\u043b\u043e\u0441\u0442\u0438<\/li>\n<li>\u0441\u0443\u0445\u043e\u0441\u0442\u044c \u0438 \u043e\u0431\u0435\u0437\u0432\u043e\u0436\u0435\u043d\u043d\u043e\u0441\u0442\u044c<\/li>\n<li>\u043c\u0435\u043b\u043a\u0438\u0435 \u043c\u043e\u0440\u0449\u0438\u043d\u044b \u0438 \u043f\u043e\u0442\u0435\u0440\u044f \u0443\u043f\u0440\u0443\u0433\u043e\u0441\u0442\u0438<\/li>\n<\/ul>\n<p><strong>\u0421\u043f\u043e\u0441\u043e\u0431 \u043f\u0440\u0438\u043c\u0435\u043d\u0435\u043d\u0438\u044f:<\/strong> \u041d\u0430\u043d\u0435\u0441\u0438\u0442\u0435 \u043f\u0430\u0442\u0447\u0438 \u043d\u0430 \u043e\u0447\u0438\u0449\u0435\u043d\u043d\u0443\u044e \u043a\u043e\u0436\u0443 \u043f\u043e\u0434 \u0433\u043b\u0430\u0437\u0430\u043c\u0438, \u043e\u0441\u0442\u0430\u0432\u044c\u0442\u0435 \u043d\u0430 20\u201330 \u043c\u0438\u043d\u0443\u0442, \u0437\u0430\u0442\u0435\u043c \u0441\u043d\u0438\u043c\u0438\u0442\u0435 \u0438 \u043c\u044f\u0433\u043a\u043e \u0440\u0430\u0441\u043f\u0440\u0435\u0434\u0435\u043b\u0438\u0442\u0435 \u043e\u0441\u0442\u0430\u0442\u043a\u0438 \u044d\u0441\u0441\u0435\u043d\u0446\u0438\u0438.<\/p>\n<p><strong>\u041a\u043e\u043d\u0442\u0430\u043a\u0442\u043d\u0430\u044f \u0438\u043d\u0444\u043e\u0440\u043c\u0430\u0446\u0438\u044f<\/strong><\/p>\n<p>TRADEGATE TO EUROPE S.L<\/p>\n<p>Albasanz 79, Nave 6, 28037 Madrid, SPAIN. centro@rhone.es<\/p>\n<p><strong>\u0421\u043e\u0441\u0442\u0430\u0432:<\/strong> Water, Glycerin, Caviar Water, Niacinamide, Chondrus Crispus Powder, 1,2-Hexanediol, Ceratonia Siliqua (Carob) Gum, Betaine, Butylene Glycol, Cyamopsis Tetragonoloba (Guar) Gum, Hydroxyacetophenone, Chondrus Crispus, Allantoin, Calcium Chloride, Glucomannan, Potassium Chloride, Polyglyceryl-10 Laurate, Propanediol, Trehalose, Butyrospermum Parkii (Shea) Butter, Polyglyceryl-3 Methylglucose Distearate, Macadamia Integrifolia Seed Oil, Sucrose, Synthetic Fluorphlogopite, Cellulose Gum, Adenosine, Melia Azadirachta Leaf Extract, Titanium Dioxide (CI 77891), Ethylhexylglycerin, Melia Azadirachta Flower Extract, Calcium Aluminum Borosilicate, Dipotassium Glycyrrhizate, Coccinia Indica Fruit Extract, Silica, Caffeine, Lactobacillus Ferment Lysate, Aloe Barbadensis Flower Extract, Solanum Melongena (Eggplant) Fruit Extract, Cyanocobalamin, Ocimum Sanctum Leaf Extract, Caviar Extract, Salmon Egg Extract, Corallina Officinalis Extract, Curcuma Longa (Turmeric) Root Extract, Tin Oxide, Sodium DNA, Tocopherol.<\/p>","protected":false},"excerpt":{"rendered":"<p>\u0413\u0438\u0434\u0440\u043e\u0433\u0435\u043b\u0435\u0432\u044b\u0435 \u043f\u0430\u0442\u0447\u0438 Biodance Caviar PDRN Eye Patch \u2014 \u044d\u0442\u043e \u043f\u0440\u0435\u043c\u0438\u0430\u043b\u044c\u043d\u044b\u0439 \u0443\u0445\u043e\u0434 \u0437\u0430 \u043d\u0435\u0436\u043d\u043e\u0439 \u043a\u043e\u0436\u0435\u0439 \u0432\u043e\u043a\u0440\u0443\u0433 \u0433\u043b\u0430\u0437, \u043d\u0430\u043f\u0440\u0430\u0432\u043b\u0435\u043d\u043d\u044b\u0439 \u043d\u0430 \u0443\u0441\u0442\u0440\u0430\u043d\u0435\u043d\u0438\u0435 \u043f\u0440\u0438\u0437\u043d\u0430\u043a\u043e\u0432 \u0443\u0441\u0442\u0430\u043b\u043e\u0441\u0442\u0438, \u043e\u0442\u0451\u043a\u043e\u0432 \u0438 \u0432\u043e\u0437\u0440\u0430\u0441\u0442\u043d\u044b\u0445 \u0438\u0437\u043c\u0435\u043d\u0435\u043d\u0438\u0439.<\/p>","protected":false},"featured_media":27474,"comment_status":"open","ping_status":"closed","template":"","meta":{"site-sidebar-layout":"default","site-content-layout":"","ast-site-content-layout":"default","site-content-style":"default","site-sidebar-style":"default","ast-global-header-display":"","ast-banner-title-visibility":"","ast-main-header-display":"","ast-hfb-above-header-display":"","ast-hfb-below-header-display":"","ast-hfb-mobile-header-display":"","site-post-title":"","ast-breadcrumbs-content":"","ast-featured-img":"","footer-sml-layout":"","theme-transparent-header-meta":"default","adv-header-id-meta":"","stick-header-meta":"","header-above-stick-meta":"","header-main-stick-meta":"","header-below-stick-meta":"","astra-migrate-meta-layouts":"set","ast-page-background-enabled":"default","ast-page-background-meta":{"desktop":{"background-color":"var(--ast-global-color-4)","background-image":"","background-repeat":"repeat","background-position":"center center","background-size":"auto","background-attachment":"scroll","background-type":"","background-media":"","overlay-type":"","overlay-color":"","overlay-opacity":"","overlay-gradient":""},"tablet":{"background-color":"","background-image":"","background-repeat":"repeat","background-position":"center center","background-size":"auto","background-attachment":"scroll","background-type":"","background-media":"","overlay-type":"","overlay-color":"","overlay-opacity":"","overlay-gradient":""},"mobile":{"background-color":"","background-image":"","background-repeat":"repeat","background-position":"center center","background-size":"auto","background-attachment":"scroll","background-type":"","background-media":"","overlay-type":"","overlay-color":"","overlay-opacity":"","overlay-gradient":""}},"ast-content-background-meta":{"desktop":{"background-color":"var(--ast-global-color-5)","background-image":"","background-repeat":"repeat","background-position":"center center","background-size":"auto","background-attachment":"scroll","background-type":"","background-media":"","overlay-type":"","overlay-color":"","overlay-opacity":"","overlay-gradient":""},"tablet":{"background-color":"var(--ast-global-color-5)","background-image":"","background-repeat":"repeat","background-position":"center center","background-size":"auto","background-attachment":"scroll","background-type":"","background-media":"","overlay-type":"","overlay-color":"","overlay-opacity":"","overlay-gradient":""},"mobile":{"background-color":"var(--ast-global-color-5)","background-image":"","background-repeat":"repeat","background-position":"center center","background-size":"auto","background-attachment":"scroll","background-type":"","background-media":"","overlay-type":"","overlay-color":"","overlay-opacity":"","overlay-gradient":""}}},"product_brand":[],"product_cat":[327,652],"product_tag":[],"berocket_brand":[578],"class_list":{"0":"post-27473","1":"product","2":"type-product","3":"status-publish","4":"has-post-thumbnail","6":"product_cat-patci","7":"product_cat-pdrn","8":"berocket_brand-biodance","9":"desktop-align-left","10":"tablet-align-left","11":"mobile-align-left","13":"first","14":"instock","15":"taxable","16":"shipping-taxable","17":"purchasable","18":"product-type-simple","19":"add-to-wishlist-before_image"},"yoast_head":"<!-- This site is optimized with the Yoast SEO plugin v27.4 - https:\/\/yoast.com\/product\/yoast-seo-wordpress\/ -->\n<title>Biodance Caviar PDRN Eye Patch hidrogela pat\u010di 60gab - FACECORNER<\/title>\n<meta name=\"description\" content=\"Biodance Caviar PDRN Eye Patch hidro\u0123el\u0113ti pl\u0101ksteri ir augst\u0101k\u0101s kvalit\u0101tes kop\u0161anas l\u012bdzeklis maigajai \u0101dai ap ac\u012bm, kas paredz\u0113ts noguruma paz\u012bmju, piet\u016bkumu un noveco\u0161an\u0101s izpausmju nov\u0113r\u0161anai.\" \/>\n<meta name=\"robots\" content=\"index, follow, max-snippet:-1, max-image-preview:large, max-video-preview:-1\" \/>\n<link rel=\"canonical\" href=\"https:\/\/www.facecorner.lv\/ru\/shop\/biodance-caviar-pdrn-eye-patch-hidrogela-patci-60gab\/\" \/>\n<meta property=\"og:locale\" content=\"ru_RU\" \/>\n<meta property=\"og:type\" content=\"article\" \/>\n<meta property=\"og:title\" content=\"Biodance Caviar PDRN Eye Patch hidrogela pat\u010di 60gab - FACECORNER\" \/>\n<meta property=\"og:description\" content=\"Biodance Caviar PDRN Eye Patch hidro\u0123el\u0113ti pl\u0101ksteri ir augst\u0101k\u0101s kvalit\u0101tes kop\u0161anas l\u012bdzeklis maigajai \u0101dai ap ac\u012bm, kas paredz\u0113ts noguruma paz\u012bmju, piet\u016bkumu un noveco\u0161an\u0101s izpausmju nov\u0113r\u0161anai.\" \/>\n<meta property=\"og:url\" content=\"https:\/\/www.facecorner.lv\/ru\/shop\/biodance-caviar-pdrn-eye-patch-hidrogela-patci-60gab\/\" \/>\n<meta property=\"og:site_name\" content=\"FACECORNER\" \/>\n<meta property=\"article:publisher\" content=\"https:\/\/www.facebook.com\/profile.php?id=100063824551839\" \/>\n<meta property=\"article:modified_time\" content=\"2026-04-16T15:27:01+00:00\" \/>\n<meta property=\"og:image\" content=\"https:\/\/www.facecorner.lv\/wp-content\/uploads\/2026\/04\/61oHQSnzeuL.jpg\" \/>\n\t<meta property=\"og:image:width\" content=\"1000\" \/>\n\t<meta property=\"og:image:height\" content=\"1000\" \/>\n\t<meta property=\"og:image:type\" content=\"image\/jpeg\" \/>\n<meta name=\"twitter:card\" content=\"summary_large_image\" \/>\n<meta name=\"twitter:label1\" content=\"\u0426\u0435\u043d\u0430\" \/>\n\t<meta name=\"twitter:data1\" content=\"&euro;29.95\" \/>\n\t<meta name=\"twitter:label2\" content=\"\u0414\u043e\u0441\u0442\u0443\u043f\u043d\u043e\u0441\u0442\u044c\" \/>\n\t<meta name=\"twitter:data2\" content=\"\u0412 \u043d\u0430\u043b\u0438\u0447\u0438\u0438\" \/>\n<script type=\"application\/ld+json\" class=\"yoast-schema-graph\">{\"@context\":\"https:\\\/\\\/schema.org\",\"@graph\":[{\"@type\":\"WebPage\",\"@id\":\"https:\\\/\\\/www.facecorner.lv\\\/shop\\\/biodance-caviar-pdrn-eye-patch-hidrogela-patci-60gab\\\/\",\"url\":\"https:\\\/\\\/www.facecorner.lv\\\/shop\\\/biodance-caviar-pdrn-eye-patch-hidrogela-patci-60gab\\\/\",\"name\":\"Biodance Caviar PDRN Eye Patch hidrogela pat\u010di 60gab - FACECORNER\",\"isPartOf\":{\"@id\":\"https:\\\/\\\/www.facecorner.lv\\\/#website\"},\"primaryImageOfPage\":{\"@id\":\"https:\\\/\\\/www.facecorner.lv\\\/shop\\\/biodance-caviar-pdrn-eye-patch-hidrogela-patci-60gab\\\/#primaryimage\"},\"image\":{\"@id\":\"https:\\\/\\\/www.facecorner.lv\\\/shop\\\/biodance-caviar-pdrn-eye-patch-hidrogela-patci-60gab\\\/#primaryimage\"},\"thumbnailUrl\":\"https:\\\/\\\/www.facecorner.lv\\\/wp-content\\\/uploads\\\/2026\\\/04\\\/61oHQSnzeuL.jpg\",\"datePublished\":\"2026-04-15T13:02:32+00:00\",\"dateModified\":\"2026-04-16T15:27:01+00:00\",\"description\":\"Biodance Caviar PDRN Eye Patch hidro\u0123el\u0113ti pl\u0101ksteri ir augst\u0101k\u0101s kvalit\u0101tes kop\u0161anas l\u012bdzeklis maigajai \u0101dai ap ac\u012bm, kas paredz\u0113ts noguruma paz\u012bmju, piet\u016bkumu un noveco\u0161an\u0101s izpausmju nov\u0113r\u0161anai.\",\"breadcrumb\":{\"@id\":\"https:\\\/\\\/www.facecorner.lv\\\/shop\\\/biodance-caviar-pdrn-eye-patch-hidrogela-patci-60gab\\\/#breadcrumb\"},\"inLanguage\":\"ru-RU\",\"potentialAction\":[{\"@type\":\"ReadAction\",\"target\":[\"https:\\\/\\\/www.facecorner.lv\\\/shop\\\/biodance-caviar-pdrn-eye-patch-hidrogela-patci-60gab\\\/\"]}]},{\"@type\":\"ImageObject\",\"inLanguage\":\"ru-RU\",\"@id\":\"https:\\\/\\\/www.facecorner.lv\\\/shop\\\/biodance-caviar-pdrn-eye-patch-hidrogela-patci-60gab\\\/#primaryimage\",\"url\":\"https:\\\/\\\/www.facecorner.lv\\\/wp-content\\\/uploads\\\/2026\\\/04\\\/61oHQSnzeuL.jpg\",\"contentUrl\":\"https:\\\/\\\/www.facecorner.lv\\\/wp-content\\\/uploads\\\/2026\\\/04\\\/61oHQSnzeuL.jpg\",\"width\":1000,\"height\":1000,\"caption\":\"Biodance Caviar PDRN Eye Patch\"},{\"@type\":\"BreadcrumbList\",\"@id\":\"https:\\\/\\\/www.facecorner.lv\\\/shop\\\/biodance-caviar-pdrn-eye-patch-hidrogela-patci-60gab\\\/#breadcrumb\",\"itemListElement\":[{\"@type\":\"ListItem\",\"position\":1,\"name\":\"Home\",\"item\":\"https:\\\/\\\/www.facecorner.lv\\\/\"},{\"@type\":\"ListItem\",\"position\":2,\"name\":\"Veikals\",\"item\":\"https:\\\/\\\/www.facecorner.lv\\\/shop\\\/\"},{\"@type\":\"ListItem\",\"position\":3,\"name\":\"Biodance Caviar PDRN Eye Patch hidrogela pat\u010di 60gab\"}]},{\"@type\":\"WebSite\",\"@id\":\"https:\\\/\\\/www.facecorner.lv\\\/#website\",\"url\":\"https:\\\/\\\/www.facecorner.lv\\\/\",\"name\":\"Facecorner\",\"description\":\"\",\"publisher\":{\"@id\":\"https:\\\/\\\/www.facecorner.lv\\\/#organization\"},\"potentialAction\":[{\"@type\":\"SearchAction\",\"target\":{\"@type\":\"EntryPoint\",\"urlTemplate\":\"https:\\\/\\\/www.facecorner.lv\\\/?s={search_term_string}\"},\"query-input\":{\"@type\":\"PropertyValueSpecification\",\"valueRequired\":true,\"valueName\":\"search_term_string\"}}],\"inLanguage\":\"ru-RU\"},{\"@type\":\"Organization\",\"@id\":\"https:\\\/\\\/www.facecorner.lv\\\/#organization\",\"name\":\"Facecorner\",\"url\":\"https:\\\/\\\/www.facecorner.lv\\\/\",\"logo\":{\"@type\":\"ImageObject\",\"inLanguage\":\"ru-RU\",\"@id\":\"https:\\\/\\\/www.facecorner.lv\\\/#\\\/schema\\\/logo\\\/image\\\/\",\"url\":\"https:\\\/\\\/www.facecorner.lv\\\/wp-content\\\/uploads\\\/2024\\\/04\\\/fc-logo.jpg\",\"contentUrl\":\"https:\\\/\\\/www.facecorner.lv\\\/wp-content\\\/uploads\\\/2024\\\/04\\\/fc-logo.jpg\",\"width\":174,\"height\":28,\"caption\":\"Facecorner\"},\"image\":{\"@id\":\"https:\\\/\\\/www.facecorner.lv\\\/#\\\/schema\\\/logo\\\/image\\\/\"},\"sameAs\":[\"https:\\\/\\\/www.facebook.com\\\/profile.php?id=100063824551839\",\"https:\\\/\\\/www.instagram.com\\\/facecorner_shop\\\/\"]}]}<\/script>\n<meta property=\"product:price:amount\" content=\"29.95\" \/>\n<meta property=\"product:price:currency\" content=\"EUR\" \/>\n<meta property=\"og:availability\" content=\"instock\" \/>\n<meta property=\"product:availability\" content=\"instock\" \/>\n<meta property=\"product:condition\" content=\"new\" \/>\n<!-- \/ Yoast SEO plugin. -->","yoast_head_json":{"title":"Biodance Caviar PDRN Eye Patch hidrogela pat\u010di 60gab - FACECORNER","description":"\u0413\u0438\u0434\u0440\u043e\u0433\u0435\u043b\u0435\u0432\u044b\u0435 \u043f\u0430\u0442\u0447\u0438 Biodance Caviar PDRN Eye Patch \u2014 \u044d\u0442\u043e \u043f\u0440\u0435\u043c\u0438\u0430\u043b\u044c\u043d\u044b\u0439 \u0443\u0445\u043e\u0434 \u0437\u0430 \u043d\u0435\u0436\u043d\u043e\u0439 \u043a\u043e\u0436\u0435\u0439 \u0432\u043e\u043a\u0440\u0443\u0433 \u0433\u043b\u0430\u0437, \u043d\u0430\u043f\u0440\u0430\u0432\u043b\u0435\u043d\u043d\u044b\u0439 \u043d\u0430 \u0443\u0441\u0442\u0440\u0430\u043d\u0435\u043d\u0438\u0435 \u043f\u0440\u0438\u0437\u043d\u0430\u043a\u043e\u0432 \u0443\u0441\u0442\u0430\u043b\u043e\u0441\u0442\u0438, \u043e\u0442\u0451\u043a\u043e\u0432 \u0438 \u0432\u043e\u0437\u0440\u0430\u0441\u0442\u043d\u044b\u0445 \u0438\u0437\u043c\u0435\u043d\u0435\u043d\u0438\u0439.","robots":{"index":"index","follow":"follow","max-snippet":"max-snippet:-1","max-image-preview":"max-image-preview:large","max-video-preview":"max-video-preview:-1"},"canonical":"https:\/\/www.facecorner.lv\/ru\/shop\/biodance-caviar-pdrn-eye-patch-hidrogela-patci-60gab\/","og_locale":"ru_RU","og_type":"article","og_title":"Biodance Caviar PDRN Eye Patch hidrogela pat\u010di 60gab - FACECORNER","og_description":"Biodance Caviar PDRN Eye Patch hidro\u0123el\u0113ti pl\u0101ksteri ir augst\u0101k\u0101s kvalit\u0101tes kop\u0161anas l\u012bdzeklis maigajai \u0101dai ap ac\u012bm, kas paredz\u0113ts noguruma paz\u012bmju, piet\u016bkumu un noveco\u0161an\u0101s izpausmju nov\u0113r\u0161anai.","og_url":"https:\/\/www.facecorner.lv\/ru\/shop\/biodance-caviar-pdrn-eye-patch-hidrogela-patci-60gab\/","og_site_name":"FACECORNER","article_publisher":"https:\/\/www.facebook.com\/profile.php?id=100063824551839","article_modified_time":"2026-04-16T15:27:01+00:00","og_image":[{"width":1000,"height":1000,"url":"https:\/\/www.facecorner.lv\/wp-content\/uploads\/2026\/04\/61oHQSnzeuL.jpg","type":"image\/jpeg"}],"twitter_card":"summary_large_image","twitter_misc":{"\u0426\u0435\u043d\u0430":"&euro;29.95","\u0414\u043e\u0441\u0442\u0443\u043f\u043d\u043e\u0441\u0442\u044c":"\u0412 \u043d\u0430\u043b\u0438\u0447\u0438\u0438"},"schema":{"@context":"https:\/\/schema.org","@graph":[{"@type":"WebPage","@id":"https:\/\/www.facecorner.lv\/shop\/biodance-caviar-pdrn-eye-patch-hidrogela-patci-60gab\/","url":"https:\/\/www.facecorner.lv\/shop\/biodance-caviar-pdrn-eye-patch-hidrogela-patci-60gab\/","name":"Biodance Caviar PDRN Eye Patch hidrogela pat\u010di 60gab - FACECORNER","isPartOf":{"@id":"https:\/\/www.facecorner.lv\/#website"},"primaryImageOfPage":{"@id":"https:\/\/www.facecorner.lv\/shop\/biodance-caviar-pdrn-eye-patch-hidrogela-patci-60gab\/#primaryimage"},"image":{"@id":"https:\/\/www.facecorner.lv\/shop\/biodance-caviar-pdrn-eye-patch-hidrogela-patci-60gab\/#primaryimage"},"thumbnailUrl":"https:\/\/www.facecorner.lv\/wp-content\/uploads\/2026\/04\/61oHQSnzeuL.jpg","datePublished":"2026-04-15T13:02:32+00:00","dateModified":"2026-04-16T15:27:01+00:00","description":"\u0413\u0438\u0434\u0440\u043e\u0433\u0435\u043b\u0435\u0432\u044b\u0435 \u043f\u0430\u0442\u0447\u0438 Biodance Caviar PDRN Eye Patch \u2014 \u044d\u0442\u043e \u043f\u0440\u0435\u043c\u0438\u0430\u043b\u044c\u043d\u044b\u0439 \u0443\u0445\u043e\u0434 \u0437\u0430 \u043d\u0435\u0436\u043d\u043e\u0439 \u043a\u043e\u0436\u0435\u0439 \u0432\u043e\u043a\u0440\u0443\u0433 \u0433\u043b\u0430\u0437, \u043d\u0430\u043f\u0440\u0430\u0432\u043b\u0435\u043d\u043d\u044b\u0439 \u043d\u0430 \u0443\u0441\u0442\u0440\u0430\u043d\u0435\u043d\u0438\u0435 \u043f\u0440\u0438\u0437\u043d\u0430\u043a\u043e\u0432 \u0443\u0441\u0442\u0430\u043b\u043e\u0441\u0442\u0438, \u043e\u0442\u0451\u043a\u043e\u0432 \u0438 \u0432\u043e\u0437\u0440\u0430\u0441\u0442\u043d\u044b\u0445 \u0438\u0437\u043c\u0435\u043d\u0435\u043d\u0438\u0439.","breadcrumb":{"@id":"https:\/\/www.facecorner.lv\/shop\/biodance-caviar-pdrn-eye-patch-hidrogela-patci-60gab\/#breadcrumb"},"inLanguage":"ru-RU","potentialAction":[{"@type":"ReadAction","target":["https:\/\/www.facecorner.lv\/shop\/biodance-caviar-pdrn-eye-patch-hidrogela-patci-60gab\/"]}]},{"@type":"ImageObject","inLanguage":"ru-RU","@id":"https:\/\/www.facecorner.lv\/shop\/biodance-caviar-pdrn-eye-patch-hidrogela-patci-60gab\/#primaryimage","url":"https:\/\/www.facecorner.lv\/wp-content\/uploads\/2026\/04\/61oHQSnzeuL.jpg","contentUrl":"https:\/\/www.facecorner.lv\/wp-content\/uploads\/2026\/04\/61oHQSnzeuL.jpg","width":1000,"height":1000,"caption":"Biodance Caviar PDRN Eye Patch"},{"@type":"BreadcrumbList","@id":"https:\/\/www.facecorner.lv\/shop\/biodance-caviar-pdrn-eye-patch-hidrogela-patci-60gab\/#breadcrumb","itemListElement":[{"@type":"ListItem","position":1,"name":"Home","item":"https:\/\/www.facecorner.lv\/"},{"@type":"ListItem","position":2,"name":"Veikals","item":"https:\/\/www.facecorner.lv\/shop\/"},{"@type":"ListItem","position":3,"name":"Biodance Caviar PDRN Eye Patch hidrogela pat\u010di 60gab"}]},{"@type":"WebSite","@id":"https:\/\/www.facecorner.lv\/#website","url":"https:\/\/www.facecorner.lv\/","name":"Facecorner","description":"","publisher":{"@id":"https:\/\/www.facecorner.lv\/#organization"},"potentialAction":[{"@type":"SearchAction","target":{"@type":"EntryPoint","urlTemplate":"https:\/\/www.facecorner.lv\/?s={search_term_string}"},"query-input":{"@type":"PropertyValueSpecification","valueRequired":true,"valueName":"search_term_string"}}],"inLanguage":"ru-RU"},{"@type":"Organization","@id":"https:\/\/www.facecorner.lv\/#organization","name":"Facecorner","url":"https:\/\/www.facecorner.lv\/","logo":{"@type":"ImageObject","inLanguage":"ru-RU","@id":"https:\/\/www.facecorner.lv\/#\/schema\/logo\/image\/","url":"https:\/\/www.facecorner.lv\/wp-content\/uploads\/2024\/04\/fc-logo.jpg","contentUrl":"https:\/\/www.facecorner.lv\/wp-content\/uploads\/2024\/04\/fc-logo.jpg","width":174,"height":28,"caption":"Facecorner"},"image":{"@id":"https:\/\/www.facecorner.lv\/#\/schema\/logo\/image\/"},"sameAs":["https:\/\/www.facebook.com\/profile.php?id=100063824551839","https:\/\/www.instagram.com\/facecorner_shop\/"]}]},"product_price_amount":"29.95","product_price_currency":"EUR","og_availability":"instock","product_availability":"instock","product_condition":"new"},"_links":{"self":[{"href":"https:\/\/www.facecorner.lv\/ru\/wp-json\/wp\/v2\/product\/27473","targetHints":{"allow":["GET"]}}],"collection":[{"href":"https:\/\/www.facecorner.lv\/ru\/wp-json\/wp\/v2\/product"}],"about":[{"href":"https:\/\/www.facecorner.lv\/ru\/wp-json\/wp\/v2\/types\/product"}],"replies":[{"embeddable":true,"href":"https:\/\/www.facecorner.lv\/ru\/wp-json\/wp\/v2\/comments?post=27473"}],"wp:featuredmedia":[{"embeddable":true,"href":"https:\/\/www.facecorner.lv\/ru\/wp-json\/wp\/v2\/media\/27474"}],"wp:attachment":[{"href":"https:\/\/www.facecorner.lv\/ru\/wp-json\/wp\/v2\/media?parent=27473"}],"wp:term":[{"taxonomy":"product_brand","embeddable":true,"href":"https:\/\/www.facecorner.lv\/ru\/wp-json\/wp\/v2\/product_brand?post=27473"},{"taxonomy":"product_cat","embeddable":true,"href":"https:\/\/www.facecorner.lv\/ru\/wp-json\/wp\/v2\/product_cat?post=27473"},{"taxonomy":"product_tag","embeddable":true,"href":"https:\/\/www.facecorner.lv\/ru\/wp-json\/wp\/v2\/product_tag?post=27473"},{"taxonomy":"berocket_brand","embeddable":true,"href":"https:\/\/www.facecorner.lv\/ru\/wp-json\/wp\/v2\/berocket_brand?post=27473"}],"curies":[{"name":"wp","href":"https:\/\/api.w.org\/{rel}","templated":true}]}}