{"id":27434,"date":"2026-04-09T13:52:34","date_gmt":"2026-04-09T10:52:34","guid":{"rendered":"https:\/\/www.facecorner.lv\/?post_type=product&#038;p=27434"},"modified":"2026-04-09T13:52:34","modified_gmt":"2026-04-09T10:52:34","slug":"menokin-30-seconds-bubble-cleanser-daily-comfort-putas-ikdienas-sejas-attirisanai-150ml","status":"publish","type":"product","link":"https:\/\/www.facecorner.lv\/ru\/shop\/menokin-30-seconds-bubble-cleanser-daily-comfort-putas-ikdienas-sejas-attirisanai-150ml\/","title":{"rendered":"Menokin 30 Seconds Bubble Cleanser Daily Clear  \u043f\u0443\u0437\u044b\u0440\u044c\u043a\u043e\u0432\u0430\u044f \u043f\u0435\u043d\u043a\u0430 \u0434\u043b\u044f \u043e\u0447\u0438\u0449\u0435\u043d\u0438\u044f \u043f\u043e\u0440 150ml"},"content":{"rendered":"<p>Menokin 30 Seconds Bubble Cleanser Daily Comfort ir maigs att\u012bro\u0161s l\u012bdzeklis ar putu efektu, kas paredz\u0113ts ikdienas maigai \u0101das kop\u0161anai. Uzkl\u0101jot l\u012bdzekli, tas veido bl\u012bvu mikroputu, kas pal\u012bdz efekt\u012bvi no\u0146emt net\u012brumus, grima paliekas un lieko sebumu, netrauc\u0113jot \u0101das dabisko l\u012bdzsvaru.<\/p>\n<p>\u041f\u0440\u0438 \u043d\u0430\u043d\u0435\u0441\u0435\u043d\u0438\u0438 \u0441\u0440\u0435\u0434\u0441\u0442\u0432\u043e \u043e\u0431\u0440\u0430\u0437\u0443\u0435\u0442 \u043f\u043b\u043e\u0442\u043d\u0443\u044e \u043c\u0438\u043a\u0440\u043e-\u043f\u0435\u043d\u0443, \u043a\u043e\u0442\u043e\u0440\u0430\u044f \u043f\u043e\u043c\u043e\u0433\u0430\u0435\u0442 \u044d\u0444\u0444\u0435\u043a\u0442\u0438\u0432\u043d\u043e \u0443\u0434\u0430\u043b\u044f\u0442\u044c \u0437\u0430\u0433\u0440\u044f\u0437\u043d\u0435\u043d\u0438\u044f, \u043e\u0441\u0442\u0430\u0442\u043a\u0438 \u043c\u0430\u043a\u0438\u044f\u0436\u0430 \u0438 \u0438\u0437\u043b\u0438\u0448\u043a\u0438 \u0441\u0435\u0431\u0443\u043c\u0430, \u043d\u0435 \u043d\u0430\u0440\u0443\u0448\u0430\u044f \u0435\u0441\u0442\u0435\u0441\u0442\u0432\u0435\u043d\u043d\u044b\u0439 \u0431\u0430\u043b\u0430\u043d\u0441 \u043a\u043e\u0436\u0438.<\/p>\n<h6>\u041e\u0441\u043d\u043e\u0432\u043d\u044b\u0435 \u0434\u0435\u0439\u0441\u0442\u0432\u0443\u044e\u0449\u0438\u0435 \u0438\u043d\u0433\u0440\u0435\u0434\u0438\u0435\u043d\u0442\u044b:<\/h6>\n<ul>\n<li>\u043c\u044f\u0433\u043a\u043e \u0438 \u044d\u0444\u0444\u0435\u043a\u0442\u0438\u0432\u043d\u043e \u043e\u0447\u0438\u0449\u0430\u0435\u0442 \u043a\u043e\u0436\u0443<\/li>\n<li>\u043e\u0431\u0440\u0430\u0437\u0443\u0435\u0442 \u0432\u043e\u0437\u0434\u0443\u0448\u043d\u0443\u044e \u043f\u0443\u0437\u044b\u0440\u044c\u043a\u043e\u0432\u0443\u044e \u043f\u0435\u043d\u0443<\/li>\n<li>\u043d\u0435 \u043f\u0435\u0440\u0435\u0441\u0443\u0448\u0438\u0432\u0430\u0435\u0442 \u0438 \u043d\u0435 \u0440\u0430\u0437\u0434\u0440\u0430\u0436\u0430\u0435\u0442 \u043a\u043e\u0436\u0443<\/li>\n<li>\u043f\u043e\u0434\u0434\u0435\u0440\u0436\u0438\u0432\u0430\u0435\u0442 \u0435\u0441\u0442\u0435\u0441\u0442\u0432\u0435\u043d\u043d\u044b\u0439 \u0443\u0440\u043e\u0432\u0435\u043d\u044c \u0443\u0432\u043b\u0430\u0436\u043d\u0435\u043d\u0438\u044f<\/li>\n<li>\u043f\u043e\u0434\u0445\u043e\u0434\u0438\u0442 \u0434\u043b\u044f \u0435\u0436\u0435\u0434\u043d\u0435\u0432\u043d\u043e\u0433\u043e \u043f\u0440\u0438\u043c\u0435\u043d\u0435\u043d\u0438\u044f<\/li>\n<li>\u043f\u043e\u043c\u043e\u0433\u0430\u0435\u0442 \u0441\u0434\u0435\u043b\u0430\u0442\u044c \u043a\u043e\u0436\u0443 \u0431\u043e\u043b\u0435\u0435 \u0433\u043b\u0430\u0434\u043a\u043e\u0439 \u0438 \u0441\u0432\u0435\u0436\u0435\u0439<\/li>\n<\/ul>\n<p><strong>\u0421\u043f\u043e\u0441\u043e\u0431 \u043f\u0440\u0438\u043c\u0435\u043d\u0435\u043d\u0438\u044f:<\/strong> \u041d\u0430\u043d\u0435\u0441\u0438\u0442\u0435 \u0441\u0440\u0435\u0434\u0441\u0442\u0432\u043e \u043d\u0430 \u0441\u0443\u0445\u0443\u044e \u0438\u043b\u0438 \u0441\u043b\u0435\u0433\u043a\u0430 \u0432\u043b\u0430\u0436\u043d\u0443\u044e \u043a\u043e\u0436\u0443 \u043b\u0438\u0446\u0430, \u043f\u043e\u0434\u043e\u0436\u0434\u0438\u0442\u0435 20\u201330 \u0441\u0435\u043a\u0443\u043d\u0434 \u0434\u043e \u043e\u0431\u0440\u0430\u0437\u043e\u0432\u0430\u043d\u0438\u044f \u043f\u0443\u0437\u044b\u0440\u044c\u043a\u043e\u0432, \u0437\u0430\u0442\u0435\u043c \u0430\u043a\u043a\u0443\u0440\u0430\u0442\u043d\u043e \u043f\u043e\u043c\u0430\u0441\u0441\u0438\u0440\u0443\u0439\u0442\u0435 \u0438 \u0441\u043c\u043e\u0439\u0442\u0435 \u0442\u0451\u043f\u043b\u043e\u0439 \u0432\u043e\u0434\u043e\u0439.<\/p>\n<p><strong>\u0421\u043e\u0441\u0442\u0430\u0432:\u00a0<\/strong> Water (Aqua), Sodium C14-16 Olefin Sulfonate, Glycerin, Sodium Methyl Cocoyl Taurate, Lauryl Betaine, Betaine, Hydroxyacetophenone, Caprylyl Glycol, Sodium Chloride, Ethylhexylglycerin, 1,2-Hexanediol, Sodium Phytate, Gossypium Herbaceum (Cotton) Fruit Extract, Morus Alba Leaf Extract, Citric Acid, Morus Alba Flower Extract, Butylene Glycol, Sodium Hyaluronate, Hyaluronic Acid, Hydrolyzed Hyaluronic Acid, Hydrolyzed Sodium Hyaluronate, Sodium Hyaluronate Crosspolymer, Dipeptide-23.<\/p>\n<p><strong>Kontaktinform\u0101cija:<\/strong><\/p>\n<p>YJN PL 8P 2 0.0.1. S22psla 86, 55080 Katy wrodawskle, dolnosla skie, Polska.\u00a0Jameskim@yjn.or.kr<\/p>\n<p><strong>\u041f\u0420\u0415\u0414\u0423\u041f\u0420\u0415\u0416\u0414\u0415\u041d\u0418\u0415!!<\/strong><\/p>\n<p>\u041f\u0440\u043e\u0434\u0443\u043a\u0442 \u043f\u0440\u0435\u0434\u043d\u0430\u0437\u043d\u0430\u0447\u0435\u043d \u0438\u0441\u043a\u043b\u044e\u0447\u0438\u0442\u0435\u043b\u044c\u043d\u043e \u0434\u043b\u044f \u043d\u0430\u0440\u0443\u0436\u043d\u043e\u0433\u043e \u043f\u0440\u0438\u043c\u0435\u043d\u0435\u043d\u0438\u044f. \u0425\u0440\u0430\u043d\u0438\u0442\u044c \u0432 \u0441\u0443\u0445\u043e\u043c, \u0442\u0451\u043c\u043d\u043e\u043c \u043c\u0435\u0441\u0442\u0435. \u041d\u0435 \u043d\u0430\u043d\u043e\u0441\u0438\u0442\u044c \u043d\u0430 \u043f\u043e\u0432\u0440\u0435\u0436\u0434\u0451\u043d\u043d\u0443\u044e \u043a\u043e\u0436\u0443. \u0418\u0437\u0431\u0435\u0433\u0430\u0439\u0442\u0435 \u043f\u043e\u043f\u0430\u0434\u0430\u043d\u0438\u044f \u0432 \u0433\u043b\u0430\u0437\u0430. \u041f\u0440\u0438 \u043f\u043e\u044f\u0432\u043b\u0435\u043d\u0438\u0438 \u043a\u0430\u043a\u0438\u0445-\u043b\u0438\u0431\u043e \u043f\u0440\u0438\u0437\u043d\u0430\u043a\u043e\u0432 \u0440\u0430\u0437\u0434\u0440\u0430\u0436\u0435\u043d\u0438\u044f \u043f\u0440\u0435\u043a\u0440\u0430\u0442\u0438\u0442\u0435 \u0438\u0441\u043f\u043e\u043b\u044c\u0437\u043e\u0432\u0430\u043d\u0438\u0435 \u043f\u0440\u043e\u0434\u0443\u043a\u0442\u0430. \u0425\u0440\u0430\u043d\u0438\u0442\u044c \u0432 \u043d\u0435\u0434\u043e\u0441\u0442\u0443\u043f\u043d\u043e\u043c \u0434\u043b\u044f \u0434\u0435\u0442\u0435\u0439 \u043c\u0435\u0441\u0442\u0435.<\/p>","protected":false},"excerpt":{"rendered":"<p>Menokin 30 Seconds Bubble Cleanser Daily Comfort \u2014 \u044d\u0442\u043e \u043c\u044f\u0433\u043a\u043e\u0435 \u043e\u0447\u0438\u0449\u0430\u044e\u0449\u0435\u0435 \u0441\u0440\u0435\u0434\u0441\u0442\u0432\u043e \u0441 \u044d\u0444\u0444\u0435\u043a\u0442\u043e\u043c \u043f\u0443\u0437\u044b\u0440\u044c\u043a\u043e\u0432\u043e\u0439 \u043f\u0435\u043d\u043a\u0438, \u043f\u0440\u0435\u0434\u043d\u0430\u0437\u043d\u0430\u0447\u0435\u043d\u043d\u043e\u0435 \u0434\u043b\u044f \u0435\u0436\u0435\u0434\u043d\u0435\u0432\u043d\u043e\u0433\u043e \u0434\u0435\u043b\u0438\u043a\u0430\u0442\u043d\u043e\u0433\u043e \u0443\u0445\u043e\u0434\u0430 \u0437\u0430 \u043a\u043e\u0436\u0435\u0439<\/p>","protected":false},"featured_media":27435,"comment_status":"open","ping_status":"closed","template":"","meta":{"site-sidebar-layout":"default","site-content-layout":"","ast-site-content-layout":"default","site-content-style":"default","site-sidebar-style":"default","ast-global-header-display":"","ast-banner-title-visibility":"","ast-main-header-display":"","ast-hfb-above-header-display":"","ast-hfb-below-header-display":"","ast-hfb-mobile-header-display":"","site-post-title":"","ast-breadcrumbs-content":"","ast-featured-img":"","footer-sml-layout":"","theme-transparent-header-meta":"default","adv-header-id-meta":"","stick-header-meta":"","header-above-stick-meta":"","header-main-stick-meta":"","header-below-stick-meta":"","astra-migrate-meta-layouts":"set","ast-page-background-enabled":"default","ast-page-background-meta":{"desktop":{"background-color":"var(--ast-global-color-4)","background-image":"","background-repeat":"repeat","background-position":"center center","background-size":"auto","background-attachment":"scroll","background-type":"","background-media":"","overlay-type":"","overlay-color":"","overlay-opacity":"","overlay-gradient":""},"tablet":{"background-color":"","background-image":"","background-repeat":"repeat","background-position":"center center","background-size":"auto","background-attachment":"scroll","background-type":"","background-media":"","overlay-type":"","overlay-color":"","overlay-opacity":"","overlay-gradient":""},"mobile":{"background-color":"","background-image":"","background-repeat":"repeat","background-position":"center center","background-size":"auto","background-attachment":"scroll","background-type":"","background-media":"","overlay-type":"","overlay-color":"","overlay-opacity":"","overlay-gradient":""}},"ast-content-background-meta":{"desktop":{"background-color":"var(--ast-global-color-5)","background-image":"","background-repeat":"repeat","background-position":"center center","background-size":"auto","background-attachment":"scroll","background-type":"","background-media":"","overlay-type":"","overlay-color":"","overlay-opacity":"","overlay-gradient":""},"tablet":{"background-color":"var(--ast-global-color-5)","background-image":"","background-repeat":"repeat","background-position":"center center","background-size":"auto","background-attachment":"scroll","background-type":"","background-media":"","overlay-type":"","overlay-color":"","overlay-opacity":"","overlay-gradient":""},"mobile":{"background-color":"var(--ast-global-color-5)","background-image":"","background-repeat":"repeat","background-position":"center center","background-size":"auto","background-attachment":"scroll","background-type":"","background-media":"","overlay-type":"","overlay-color":"","overlay-opacity":"","overlay-gradient":""}}},"product_brand":[],"product_cat":[310,311,312,317],"product_tag":[],"berocket_brand":[684],"class_list":{"0":"post-27434","1":"product","2":"type-product","3":"status-publish","4":"has-post-thumbnail","6":"product_cat-attirisana","7":"product_cat-jutigai-adai-attirisana","8":"product_cat-kombinetai-adai-attirisana","9":"product_cat-sausai-adai-attirisana","10":"berocket_brand-menokin","11":"desktop-align-left","12":"tablet-align-left","13":"mobile-align-left","15":"first","16":"instock","17":"taxable","18":"shipping-taxable","19":"purchasable","20":"product-type-simple","21":"add-to-wishlist-before_image"},"yoast_head":"<!-- This site is optimized with the Yoast SEO plugin v27.3 - https:\/\/yoast.com\/product\/yoast-seo-wordpress\/ -->\n<title>Menokin 30 Seconds Bubble Cleanser Daily Comfort putas ikdienas sejas att\u012br\u012b\u0161anai 150ml - FACECORNER<\/title>\n<meta name=\"description\" content=\"Menokin 30 Seconds Bubble Cleanser Daily Comfort ir maigs att\u012bro\u0161s l\u012bdzeklis ar putu efektu, kas paredz\u0113ts ikdienas maigai \u0101das kop\u0161anai.\" \/>\n<meta name=\"robots\" content=\"index, follow, max-snippet:-1, max-image-preview:large, max-video-preview:-1\" \/>\n<link rel=\"canonical\" href=\"https:\/\/www.facecorner.lv\/ru\/shop\/menokin-30-seconds-bubble-cleanser-daily-comfort-putas-ikdienas-sejas-attirisanai-150ml\/\" \/>\n<meta property=\"og:locale\" content=\"ru_RU\" \/>\n<meta property=\"og:type\" content=\"article\" \/>\n<meta property=\"og:title\" content=\"Menokin 30 Seconds Bubble Cleanser Daily Comfort putas ikdienas sejas att\u012br\u012b\u0161anai 150ml - FACECORNER\" \/>\n<meta property=\"og:description\" content=\"Menokin 30 Seconds Bubble Cleanser Daily Comfort ir maigs att\u012bro\u0161s l\u012bdzeklis ar putu efektu, kas paredz\u0113ts ikdienas maigai \u0101das kop\u0161anai.\" \/>\n<meta property=\"og:url\" content=\"https:\/\/www.facecorner.lv\/ru\/shop\/menokin-30-seconds-bubble-cleanser-daily-comfort-putas-ikdienas-sejas-attirisanai-150ml\/\" \/>\n<meta property=\"og:site_name\" content=\"FACECORNER\" \/>\n<meta property=\"article:publisher\" content=\"https:\/\/www.facebook.com\/profile.php?id=100063824551839\" \/>\n<meta property=\"og:image\" content=\"https:\/\/www.facecorner.lv\/wp-content\/uploads\/2026\/04\/menokin-30-seconds-bubble-cleanser-daily-69954415001983.webp\" \/>\n\t<meta property=\"og:image:width\" content=\"1434\" \/>\n\t<meta property=\"og:image:height\" content=\"1434\" \/>\n\t<meta property=\"og:image:type\" content=\"image\/webp\" \/>\n<meta name=\"twitter:card\" content=\"summary_large_image\" \/>\n<meta name=\"twitter:label1\" content=\"\u0426\u0435\u043d\u0430\" \/>\n\t<meta name=\"twitter:data1\" content=\"&euro;20.95\" \/>\n\t<meta name=\"twitter:label2\" content=\"\u0414\u043e\u0441\u0442\u0443\u043f\u043d\u043e\u0441\u0442\u044c\" \/>\n\t<meta name=\"twitter:data2\" content=\"\u0412 \u043d\u0430\u043b\u0438\u0447\u0438\u0438\" \/>\n<script type=\"application\/ld+json\" class=\"yoast-schema-graph\">{\"@context\":\"https:\\\/\\\/schema.org\",\"@graph\":[{\"@type\":\"WebPage\",\"@id\":\"https:\\\/\\\/www.facecorner.lv\\\/shop\\\/menokin-30-seconds-bubble-cleanser-daily-comfort-putas-ikdienas-sejas-attirisanai-150ml\\\/\",\"url\":\"https:\\\/\\\/www.facecorner.lv\\\/shop\\\/menokin-30-seconds-bubble-cleanser-daily-comfort-putas-ikdienas-sejas-attirisanai-150ml\\\/\",\"name\":\"Menokin 30 Seconds Bubble Cleanser Daily Comfort putas ikdienas sejas att\u012br\u012b\u0161anai 150ml - FACECORNER\",\"isPartOf\":{\"@id\":\"https:\\\/\\\/www.facecorner.lv\\\/#website\"},\"primaryImageOfPage\":{\"@id\":\"https:\\\/\\\/www.facecorner.lv\\\/shop\\\/menokin-30-seconds-bubble-cleanser-daily-comfort-putas-ikdienas-sejas-attirisanai-150ml\\\/#primaryimage\"},\"image\":{\"@id\":\"https:\\\/\\\/www.facecorner.lv\\\/shop\\\/menokin-30-seconds-bubble-cleanser-daily-comfort-putas-ikdienas-sejas-attirisanai-150ml\\\/#primaryimage\"},\"thumbnailUrl\":\"https:\\\/\\\/www.facecorner.lv\\\/wp-content\\\/uploads\\\/2026\\\/04\\\/menokin-30-seconds-bubble-cleanser-daily-69954415001983.webp\",\"datePublished\":\"2026-04-09T10:52:34+00:00\",\"description\":\"Menokin 30 Seconds Bubble Cleanser Daily Comfort ir maigs att\u012bro\u0161s l\u012bdzeklis ar putu efektu, kas paredz\u0113ts ikdienas maigai \u0101das kop\u0161anai.\",\"breadcrumb\":{\"@id\":\"https:\\\/\\\/www.facecorner.lv\\\/shop\\\/menokin-30-seconds-bubble-cleanser-daily-comfort-putas-ikdienas-sejas-attirisanai-150ml\\\/#breadcrumb\"},\"inLanguage\":\"ru-RU\",\"potentialAction\":[{\"@type\":\"ReadAction\",\"target\":[\"https:\\\/\\\/www.facecorner.lv\\\/shop\\\/menokin-30-seconds-bubble-cleanser-daily-comfort-putas-ikdienas-sejas-attirisanai-150ml\\\/\"]}]},{\"@type\":\"ImageObject\",\"inLanguage\":\"ru-RU\",\"@id\":\"https:\\\/\\\/www.facecorner.lv\\\/shop\\\/menokin-30-seconds-bubble-cleanser-daily-comfort-putas-ikdienas-sejas-attirisanai-150ml\\\/#primaryimage\",\"url\":\"https:\\\/\\\/www.facecorner.lv\\\/wp-content\\\/uploads\\\/2026\\\/04\\\/menokin-30-seconds-bubble-cleanser-daily-69954415001983.webp\",\"contentUrl\":\"https:\\\/\\\/www.facecorner.lv\\\/wp-content\\\/uploads\\\/2026\\\/04\\\/menokin-30-seconds-bubble-cleanser-daily-69954415001983.webp\",\"width\":1434,\"height\":1434,\"caption\":\"Menokin 30 Seconds Bubble Cleanser Daily Comfort\"},{\"@type\":\"BreadcrumbList\",\"@id\":\"https:\\\/\\\/www.facecorner.lv\\\/shop\\\/menokin-30-seconds-bubble-cleanser-daily-comfort-putas-ikdienas-sejas-attirisanai-150ml\\\/#breadcrumb\",\"itemListElement\":[{\"@type\":\"ListItem\",\"position\":1,\"name\":\"Home\",\"item\":\"https:\\\/\\\/www.facecorner.lv\\\/\"},{\"@type\":\"ListItem\",\"position\":2,\"name\":\"Veikals\",\"item\":\"https:\\\/\\\/www.facecorner.lv\\\/shop\\\/\"},{\"@type\":\"ListItem\",\"position\":3,\"name\":\"Menokin 30 Seconds Bubble Cleanser Daily Comfort putas ikdienas sejas att\u012br\u012b\u0161anai 150ml\"}]},{\"@type\":\"WebSite\",\"@id\":\"https:\\\/\\\/www.facecorner.lv\\\/#website\",\"url\":\"https:\\\/\\\/www.facecorner.lv\\\/\",\"name\":\"Facecorner\",\"description\":\"\",\"publisher\":{\"@id\":\"https:\\\/\\\/www.facecorner.lv\\\/#organization\"},\"potentialAction\":[{\"@type\":\"SearchAction\",\"target\":{\"@type\":\"EntryPoint\",\"urlTemplate\":\"https:\\\/\\\/www.facecorner.lv\\\/?s={search_term_string}\"},\"query-input\":{\"@type\":\"PropertyValueSpecification\",\"valueRequired\":true,\"valueName\":\"search_term_string\"}}],\"inLanguage\":\"ru-RU\"},{\"@type\":\"Organization\",\"@id\":\"https:\\\/\\\/www.facecorner.lv\\\/#organization\",\"name\":\"Facecorner\",\"url\":\"https:\\\/\\\/www.facecorner.lv\\\/\",\"logo\":{\"@type\":\"ImageObject\",\"inLanguage\":\"ru-RU\",\"@id\":\"https:\\\/\\\/www.facecorner.lv\\\/#\\\/schema\\\/logo\\\/image\\\/\",\"url\":\"https:\\\/\\\/www.facecorner.lv\\\/wp-content\\\/uploads\\\/2024\\\/04\\\/fc-logo.jpg\",\"contentUrl\":\"https:\\\/\\\/www.facecorner.lv\\\/wp-content\\\/uploads\\\/2024\\\/04\\\/fc-logo.jpg\",\"width\":174,\"height\":28,\"caption\":\"Facecorner\"},\"image\":{\"@id\":\"https:\\\/\\\/www.facecorner.lv\\\/#\\\/schema\\\/logo\\\/image\\\/\"},\"sameAs\":[\"https:\\\/\\\/www.facebook.com\\\/profile.php?id=100063824551839\",\"https:\\\/\\\/www.instagram.com\\\/facecorner_shop\\\/\"]}]}<\/script>\n<meta property=\"product:price:amount\" content=\"20.95\" \/>\n<meta property=\"product:price:currency\" content=\"EUR\" \/>\n<meta property=\"og:availability\" content=\"instock\" \/>\n<meta property=\"product:availability\" content=\"instock\" \/>\n<meta property=\"product:condition\" content=\"new\" \/>\n<!-- \/ Yoast SEO plugin. -->","yoast_head_json":{"title":"Menokin 30 Seconds Bubble Cleanser Daily Comfort putas ikdienas sejas att\u012br\u012b\u0161anai 150ml - FACECORNER","description":"Menokin 30 Seconds Bubble Cleanser Daily Comfort \u2014 \u044d\u0442\u043e \u043c\u044f\u0433\u043a\u043e\u0435 \u043e\u0447\u0438\u0449\u0430\u044e\u0449\u0435\u0435 \u0441\u0440\u0435\u0434\u0441\u0442\u0432\u043e \u0441 \u044d\u0444\u0444\u0435\u043a\u0442\u043e\u043c \u043f\u0443\u0437\u044b\u0440\u044c\u043a\u043e\u0432\u043e\u0439 \u043f\u0435\u043d\u043a\u0438, \u043f\u0440\u0435\u0434\u043d\u0430\u0437\u043d\u0430\u0447\u0435\u043d\u043d\u043e\u0435 \u0434\u043b\u044f \u0435\u0436\u0435\u0434\u043d\u0435\u0432\u043d\u043e\u0433\u043e \u0434\u0435\u043b\u0438\u043a\u0430\u0442\u043d\u043e\u0433\u043e \u0443\u0445\u043e\u0434\u0430 \u0437\u0430 \u043a\u043e\u0436\u0435\u0439","robots":{"index":"index","follow":"follow","max-snippet":"max-snippet:-1","max-image-preview":"max-image-preview:large","max-video-preview":"max-video-preview:-1"},"canonical":"https:\/\/www.facecorner.lv\/ru\/shop\/menokin-30-seconds-bubble-cleanser-daily-comfort-putas-ikdienas-sejas-attirisanai-150ml\/","og_locale":"ru_RU","og_type":"article","og_title":"Menokin 30 Seconds Bubble Cleanser Daily Comfort putas ikdienas sejas att\u012br\u012b\u0161anai 150ml - FACECORNER","og_description":"Menokin 30 Seconds Bubble Cleanser Daily Comfort ir maigs att\u012bro\u0161s l\u012bdzeklis ar putu efektu, kas paredz\u0113ts ikdienas maigai \u0101das kop\u0161anai.","og_url":"https:\/\/www.facecorner.lv\/ru\/shop\/menokin-30-seconds-bubble-cleanser-daily-comfort-putas-ikdienas-sejas-attirisanai-150ml\/","og_site_name":"FACECORNER","article_publisher":"https:\/\/www.facebook.com\/profile.php?id=100063824551839","og_image":[{"width":1434,"height":1434,"url":"https:\/\/www.facecorner.lv\/wp-content\/uploads\/2026\/04\/menokin-30-seconds-bubble-cleanser-daily-69954415001983.webp","type":"image\/webp"}],"twitter_card":"summary_large_image","twitter_misc":{"\u0426\u0435\u043d\u0430":"&euro;20.95","\u0414\u043e\u0441\u0442\u0443\u043f\u043d\u043e\u0441\u0442\u044c":"\u0412 \u043d\u0430\u043b\u0438\u0447\u0438\u0438"},"schema":{"@context":"https:\/\/schema.org","@graph":[{"@type":"WebPage","@id":"https:\/\/www.facecorner.lv\/shop\/menokin-30-seconds-bubble-cleanser-daily-comfort-putas-ikdienas-sejas-attirisanai-150ml\/","url":"https:\/\/www.facecorner.lv\/shop\/menokin-30-seconds-bubble-cleanser-daily-comfort-putas-ikdienas-sejas-attirisanai-150ml\/","name":"Menokin 30 Seconds Bubble Cleanser Daily Comfort putas ikdienas sejas att\u012br\u012b\u0161anai 150ml - FACECORNER","isPartOf":{"@id":"https:\/\/www.facecorner.lv\/#website"},"primaryImageOfPage":{"@id":"https:\/\/www.facecorner.lv\/shop\/menokin-30-seconds-bubble-cleanser-daily-comfort-putas-ikdienas-sejas-attirisanai-150ml\/#primaryimage"},"image":{"@id":"https:\/\/www.facecorner.lv\/shop\/menokin-30-seconds-bubble-cleanser-daily-comfort-putas-ikdienas-sejas-attirisanai-150ml\/#primaryimage"},"thumbnailUrl":"https:\/\/www.facecorner.lv\/wp-content\/uploads\/2026\/04\/menokin-30-seconds-bubble-cleanser-daily-69954415001983.webp","datePublished":"2026-04-09T10:52:34+00:00","description":"Menokin 30 Seconds Bubble Cleanser Daily Comfort \u2014 \u044d\u0442\u043e \u043c\u044f\u0433\u043a\u043e\u0435 \u043e\u0447\u0438\u0449\u0430\u044e\u0449\u0435\u0435 \u0441\u0440\u0435\u0434\u0441\u0442\u0432\u043e \u0441 \u044d\u0444\u0444\u0435\u043a\u0442\u043e\u043c \u043f\u0443\u0437\u044b\u0440\u044c\u043a\u043e\u0432\u043e\u0439 \u043f\u0435\u043d\u043a\u0438, \u043f\u0440\u0435\u0434\u043d\u0430\u0437\u043d\u0430\u0447\u0435\u043d\u043d\u043e\u0435 \u0434\u043b\u044f \u0435\u0436\u0435\u0434\u043d\u0435\u0432\u043d\u043e\u0433\u043e \u0434\u0435\u043b\u0438\u043a\u0430\u0442\u043d\u043e\u0433\u043e \u0443\u0445\u043e\u0434\u0430 \u0437\u0430 \u043a\u043e\u0436\u0435\u0439","breadcrumb":{"@id":"https:\/\/www.facecorner.lv\/shop\/menokin-30-seconds-bubble-cleanser-daily-comfort-putas-ikdienas-sejas-attirisanai-150ml\/#breadcrumb"},"inLanguage":"ru-RU","potentialAction":[{"@type":"ReadAction","target":["https:\/\/www.facecorner.lv\/shop\/menokin-30-seconds-bubble-cleanser-daily-comfort-putas-ikdienas-sejas-attirisanai-150ml\/"]}]},{"@type":"ImageObject","inLanguage":"ru-RU","@id":"https:\/\/www.facecorner.lv\/shop\/menokin-30-seconds-bubble-cleanser-daily-comfort-putas-ikdienas-sejas-attirisanai-150ml\/#primaryimage","url":"https:\/\/www.facecorner.lv\/wp-content\/uploads\/2026\/04\/menokin-30-seconds-bubble-cleanser-daily-69954415001983.webp","contentUrl":"https:\/\/www.facecorner.lv\/wp-content\/uploads\/2026\/04\/menokin-30-seconds-bubble-cleanser-daily-69954415001983.webp","width":1434,"height":1434,"caption":"Menokin 30 Seconds Bubble Cleanser Daily Comfort"},{"@type":"BreadcrumbList","@id":"https:\/\/www.facecorner.lv\/shop\/menokin-30-seconds-bubble-cleanser-daily-comfort-putas-ikdienas-sejas-attirisanai-150ml\/#breadcrumb","itemListElement":[{"@type":"ListItem","position":1,"name":"Home","item":"https:\/\/www.facecorner.lv\/"},{"@type":"ListItem","position":2,"name":"Veikals","item":"https:\/\/www.facecorner.lv\/shop\/"},{"@type":"ListItem","position":3,"name":"Menokin 30 Seconds Bubble Cleanser Daily Comfort putas ikdienas sejas att\u012br\u012b\u0161anai 150ml"}]},{"@type":"WebSite","@id":"https:\/\/www.facecorner.lv\/#website","url":"https:\/\/www.facecorner.lv\/","name":"Facecorner","description":"","publisher":{"@id":"https:\/\/www.facecorner.lv\/#organization"},"potentialAction":[{"@type":"SearchAction","target":{"@type":"EntryPoint","urlTemplate":"https:\/\/www.facecorner.lv\/?s={search_term_string}"},"query-input":{"@type":"PropertyValueSpecification","valueRequired":true,"valueName":"search_term_string"}}],"inLanguage":"ru-RU"},{"@type":"Organization","@id":"https:\/\/www.facecorner.lv\/#organization","name":"Facecorner","url":"https:\/\/www.facecorner.lv\/","logo":{"@type":"ImageObject","inLanguage":"ru-RU","@id":"https:\/\/www.facecorner.lv\/#\/schema\/logo\/image\/","url":"https:\/\/www.facecorner.lv\/wp-content\/uploads\/2024\/04\/fc-logo.jpg","contentUrl":"https:\/\/www.facecorner.lv\/wp-content\/uploads\/2024\/04\/fc-logo.jpg","width":174,"height":28,"caption":"Facecorner"},"image":{"@id":"https:\/\/www.facecorner.lv\/#\/schema\/logo\/image\/"},"sameAs":["https:\/\/www.facebook.com\/profile.php?id=100063824551839","https:\/\/www.instagram.com\/facecorner_shop\/"]}]},"product_price_amount":"20.95","product_price_currency":"EUR","og_availability":"instock","product_availability":"instock","product_condition":"new"},"_links":{"self":[{"href":"https:\/\/www.facecorner.lv\/ru\/wp-json\/wp\/v2\/product\/27434","targetHints":{"allow":["GET"]}}],"collection":[{"href":"https:\/\/www.facecorner.lv\/ru\/wp-json\/wp\/v2\/product"}],"about":[{"href":"https:\/\/www.facecorner.lv\/ru\/wp-json\/wp\/v2\/types\/product"}],"replies":[{"embeddable":true,"href":"https:\/\/www.facecorner.lv\/ru\/wp-json\/wp\/v2\/comments?post=27434"}],"wp:featuredmedia":[{"embeddable":true,"href":"https:\/\/www.facecorner.lv\/ru\/wp-json\/wp\/v2\/media\/27435"}],"wp:attachment":[{"href":"https:\/\/www.facecorner.lv\/ru\/wp-json\/wp\/v2\/media?parent=27434"}],"wp:term":[{"taxonomy":"product_brand","embeddable":true,"href":"https:\/\/www.facecorner.lv\/ru\/wp-json\/wp\/v2\/product_brand?post=27434"},{"taxonomy":"product_cat","embeddable":true,"href":"https:\/\/www.facecorner.lv\/ru\/wp-json\/wp\/v2\/product_cat?post=27434"},{"taxonomy":"product_tag","embeddable":true,"href":"https:\/\/www.facecorner.lv\/ru\/wp-json\/wp\/v2\/product_tag?post=27434"},{"taxonomy":"berocket_brand","embeddable":true,"href":"https:\/\/www.facecorner.lv\/ru\/wp-json\/wp\/v2\/berocket_brand?post=27434"}],"curies":[{"name":"wp","href":"https:\/\/api.w.org\/{rel}","templated":true}]}}