{"id":27264,"date":"2026-03-20T16:27:23","date_gmt":"2026-03-20T13:27:23","guid":{"rendered":"https:\/\/www.facecorner.lv\/?post_type=product&#038;p=27264"},"modified":"2026-04-30T09:01:16","modified_gmt":"2026-04-30T06:01:16","slug":"medipeel-phyto-ex-pdrn-melting-glow-lip-sleeping-mask-11g","status":"publish","type":"product","link":"https:\/\/www.facecorner.lv\/ru\/shop\/medipeel-phyto-ex-pdrn-melting-glow-lip-sleeping-mask-11g\/","title":{"rendered":"MEDIPEEL Phyto EX PDRN Melting Glow Lip Sleeping \u043d\u043e\u0447\u043d\u0430\u044f \u043c\u0430\u0441\u043a\u0430 \u0434\u043b\u044f \u0433\u0443\u0431 11g"},"content":{"rendered":"<p><span class=\"hover:entity-accent entity-underline inline cursor-pointer align-baseline\"><span class=\"whitespace-normal\">MEDIPEEL<\/span><\/span> \u041d\u043e\u0447\u043d\u0430\u044f \u043c\u0430\u0441\u043a\u0430 \u0434\u043b\u044f \u0433\u0443\u0431 \u0441 \u044d\u0444\u0444\u0435\u043a\u0442\u043e\u043c \u00ab\u0442\u0430\u044e\u0449\u0435\u0433\u043e \u0441\u0438\u044f\u043d\u0438\u044f\u00bb, \u043a\u043e\u0442\u043e\u0440\u0430\u044f \u0438\u043d\u0442\u0435\u043d\u0441\u0438\u0432\u043d\u043e \u0432\u043e\u0441\u0441\u0442\u0430\u043d\u0430\u0432\u043b\u0438\u0432\u0430\u0435\u0442, \u043f\u0438\u0442\u0430\u0435\u0442 \u0438 \u0432\u0438\u0437\u0443\u0430\u043b\u044c\u043d\u043e \u0443\u0432\u0435\u043b\u0438\u0447\u0438\u0432\u0430\u0435\u0442 \u043e\u0431\u044a\u0435\u043c \u0433\u0443\u0431 \u0443\u0436\u0435 \u043f\u043e\u0441\u043b\u0435 \u043f\u0435\u0440\u0432\u043e\u0433\u043e \u043f\u0440\u0438\u043c\u0435\u043d\u0435\u043d\u0438\u044f.<\/p>\n<p>\u0424\u043e\u0440\u043c\u0443\u043b\u0430 \u0441 \u0438\u043d\u043d\u043e\u0432\u0430\u0446\u0438\u043e\u043d\u043d\u044b\u043c \u043a\u043e\u043c\u043f\u043b\u0435\u043a\u0441\u043e\u043c PDRN (\u043f\u043e\u043b\u0438\u043d\u0443\u043a\u043b\u0435\u043e\u0442\u0438\u0434\u044b) \u0438 \u044d\u043a\u0437\u043e\u0441\u043e\u043c\u0430\u043c\u0438 \u0440\u0430\u0441\u0442\u0438\u0442\u0435\u043b\u044c\u043d\u043e\u0433\u043e \u043f\u0440\u043e\u0438\u0441\u0445\u043e\u0436\u0434\u0435\u043d\u0438\u044f \u0430\u043a\u0442\u0438\u0432\u043d\u043e \u0443\u0432\u043b\u0430\u0436\u043d\u044f\u0435\u0442, \u0443\u043b\u0443\u0447\u0448\u0430\u0435\u0442 \u0442\u0435\u043a\u0441\u0442\u0443\u0440\u0443 \u043a\u043e\u0436\u0438 \u0433\u0443\u0431 \u0438 \u0432\u043e\u0437\u0432\u0440\u0430\u0449\u0430\u0435\u0442 \u0438\u043c \u0435\u0441\u0442\u0435\u0441\u0442\u0432\u0435\u043d\u043d\u043e\u0435 \u0441\u0438\u044f\u043d\u0438\u0435. \u0411\u043b\u0430\u0433\u043e\u0434\u0430\u0440\u044f \u043d\u0430\u0441\u044b\u0449\u0435\u043d\u043d\u043e\u043c\u0443 \u0441\u043e\u0441\u0442\u0430\u0432\u0443 \u0441 \u043f\u0435\u043f\u0442\u0438\u0434\u0430\u043c\u0438 \u0438 \u0433\u0438\u0430\u043b\u0443\u0440\u043e\u043d\u043e\u0432\u043e\u0439 \u043a\u0438\u0441\u043b\u043e\u0442\u043e\u0439 \u043c\u0430\u0441\u043a\u0430 \u0440\u0430\u0437\u0433\u043b\u0430\u0436\u0438\u0432\u0430\u0435\u0442 \u043c\u0435\u043b\u043a\u0438\u0435 \u043c\u043e\u0440\u0449\u0438\u043d\u043a\u0438 \u0438 \u0434\u0435\u043b\u0430\u0435\u0442 \u0433\u0443\u0431\u044b \u0431\u043e\u043b\u0435\u0435 \u043c\u044f\u0433\u043a\u0438\u043c\u0438 \u0438 \u043f\u043b\u043e\u0442\u043d\u044b\u043c\u0438.<\/p>\n<p>\u041d\u0435\u0436\u043d\u0430\u044f \u0431\u0430\u043b\u044c\u0437\u0430\u043c\u043d\u0430\u044f \u0442\u0435\u043a\u0441\u0442\u0443\u0440\u0430 \u0431\u0443\u043a\u0432\u0430\u043b\u044c\u043d\u043e \u00ab\u0442\u0430\u0435\u0442\u00bb \u043d\u0430 \u0433\u0443\u0431\u0430\u0445, \u0441\u043e\u0437\u0434\u0430\u0432\u0430\u044f \u043a\u043e\u043c\u0444\u043e\u0440\u0442\u043d\u043e\u0435 \u043f\u043e\u043a\u0440\u044b\u0442\u0438\u0435 \u0431\u0435\u0437 \u043b\u0438\u043f\u043a\u043e\u0441\u0442\u0438 \u0438 \u043e\u0431\u0435\u0441\u043f\u0435\u0447\u0438\u0432\u0430\u044f \u0433\u043b\u0443\u0431\u043e\u043a\u043e\u0435 \u0432\u043e\u0441\u0441\u0442\u0430\u043d\u043e\u0432\u043b\u0435\u043d\u0438\u0435 \u0432 \u0442\u0435\u0447\u0435\u043d\u0438\u0435 \u0432\u0441\u0435\u0439 \u043d\u043e\u0447\u0438.<\/p>\n<h6>\u041e\u0441\u043d\u043e\u0432\u043d\u044b\u0435 \u0434\u0435\u0439\u0441\u0442\u0432\u0443\u044e\u0449\u0438\u0435 \u0438\u043d\u0433\u0440\u0435\u0434\u0438\u0435\u043d\u0442\u044b:<\/h6>\n<ul>\n<li>\u0413\u043b\u0443\u0431\u043e\u043a\u043e\u0435 \u0443\u0432\u043b\u0430\u0436\u043d\u0435\u043d\u0438\u0435 \u0438 \u043f\u0438\u0442\u0430\u043d\u0438\u0435 \u0441\u0443\u0445\u0438\u0445 \u0433\u0443\u0431<\/li>\n<li>\u042d\u0444\u0444\u0435\u043a\u0442 \u0433\u043b\u0430\u0434\u043a\u043e\u0441\u0442\u0438 \u0438 \u0432\u0438\u0437\u0443\u0430\u043b\u044c\u043d\u043e\u0433\u043e \u0443\u0432\u0435\u043b\u0438\u0447\u0435\u043d\u0438\u044f \u043e\u0431\u044a\u0435\u043c\u0430<\/li>\n<li>\u0420\u0430\u0437\u0433\u043b\u0430\u0436\u0438\u0432\u0430\u0435\u0442 \u043c\u0435\u043b\u043a\u0438\u0435 \u043c\u043e\u0440\u0449\u0438\u043d\u043a\u0438<\/li>\n<li>\u041c\u044f\u0433\u043a\u043e\u0435 \u043e\u0442\u0448\u0435\u043b\u0443\u0448\u0438\u0432\u0430\u043d\u0438\u0435 \u0437\u0430 \u0441\u0447\u0435\u0442 \u0444\u0435\u0440\u043c\u0435\u043d\u0442\u043e\u0432 (protease)<\/li>\n<li>\u0417\u0434\u043e\u0440\u043e\u0432\u043e\u0435 \u0441\u0438\u044f\u043d\u0438\u0435 \u0438 \u0443\u0445\u043e\u0436\u0435\u043d\u043d\u044b\u0439 \u0432\u0438\u0434<\/li>\n<\/ul>\n<p><strong>\u0421\u043f\u043e\u0441\u043e\u0431 \u043f\u0440\u0438\u043c\u0435\u043d\u0435\u043d\u0438\u044f:<\/strong> \u041d\u0430\u043d\u0435\u0441\u0438\u0442\u0435 \u043f\u043b\u043e\u0442\u043d\u044b\u0439 \u0441\u043b\u043e\u0439 \u043c\u0430\u0441\u043a\u0438 \u043d\u0430 \u0433\u0443\u0431\u044b \u043f\u0435\u0440\u0435\u0434 \u0441\u043d\u043e\u043c.\u0423\u0442\u0440\u043e\u043c \u0443\u0434\u0430\u043b\u0438\u0442\u0435 \u043e\u0441\u0442\u0430\u0442\u043a\u0438 \u0438\u043b\u0438 \u0440\u0430\u0441\u043f\u0440\u0435\u0434\u0435\u043b\u0438\u0442\u0435 \u0438\u0445 \u043a\u0430\u043a \u043f\u0438\u0442\u0430\u0442\u0435\u043b\u044c\u043d\u044b\u0439 \u0431\u0430\u043b\u044c\u0437\u0430\u043c.<\/p>\n<p><strong>\u0421\u043e\u0441\u0442\u0430\u0432:<\/strong>Hydrogenated Polyisobutene, Dicaprylyl Carbonate, Hydrogenated Polydecene, Ethylene\/Propylene\/Styrene Copolymer, Macadamia Integrifolia Seed Oil, Caprylic\/Capric Triglyceride, Butylene\/Ethylene\/Styrene Copolymer, Ethylhexylglycerin, Lithospermum Erythrorhizon Root Extract, Butylene Glycol, Caprylyl Glycol, Pentylene Glycol, Hydroxyacetophenone, Pentaerythrityl Tetra-Di-T-Butyl Hydroxyhydrocinnamate, Vanillyl Butyl Ether, Tocopherol, Aqua (Water), Glycerin, Oryza Sativa (Rice) Bran Oil, 1,2-Hexanediol, Ceramide NP, Hydrogenated Lecithin, Polyglyceryl-10 Stearate, Phytosphingosine, Sodium Hyaluronate, Prunus Salicina Fruit Extract, Panthenol, Rubus Idaeus (Raspberry) Fruit Extract, Punica Granatum Fruit Extract, Sodium Ascorbyl Phosphate, Fragaria Vesca (Strawberry) Fruit Extract, Prunus Persica (Peach) Fruit Extract, Protease, Niacinamide, Potassium Hyaluronate, Hydroxypropyltrimonium Hyaluronate, Hydrolyzed Sodium Hyaluronate, Hydrolyzed Hyaluronic Acid, Hyaluronic Acid, Sodium Hyaluronate Crosspolymer, Biotin, Sodium Acetylated Hyaluronate, Pyridoxine, Acetyl Hexapeptide-8, Carnosine, Glutathione, Acetyl Tetrapeptide-3, Acetyl Tetrapeptide-5, Copper Tripeptide-1, Malus Domestica Fruit Cell Culture Extract, Cyanocobalamin, Palmitoyl Tetrapeptide-7, Palmitoyl Tripeptide-1, Palmitoyl Tripeptide-5, Palmitoyl Pentapeptide-4, Riboflavin, Beta-Carotene, Nelumbo Nucifera Leaf Extract, Thiamine HCl, Sodium DNA, Fragrance (Parfum)<\/p>\n<p>&nbsp;<\/p>","protected":false},"excerpt":{"rendered":"<p><span class=\"hover:entity-accent entity-underline inline cursor-pointer align-baseline\"><span class=\"whitespace-normal\">MEDIPEEL<\/span><\/span> \u041d\u043e\u0447\u043d\u0430\u044f \u043c\u0430\u0441\u043a\u0430 \u0434\u043b\u044f \u0433\u0443\u0431 \u0441 \u044d\u0444\u0444\u0435\u043a\u0442\u043e\u043c \u00ab\u0442\u0430\u044e\u0449\u0435\u0433\u043e \u0441\u0438\u044f\u043d\u0438\u044f\u00bb, \u043a\u043e\u0442\u043e\u0440\u0430\u044f \u0438\u043d\u0442\u0435\u043d\u0441\u0438\u0432\u043d\u043e \u0432\u043e\u0441\u0441\u0442\u0430\u043d\u0430\u0432\u043b\u0438\u0432\u0430\u0435\u0442, \u043f\u0438\u0442\u0430\u0435\u0442 \u0438 \u0432\u0438\u0437\u0443\u0430\u043b\u044c\u043d\u043e \u0443\u0432\u0435\u043b\u0438\u0447\u0438\u0432\u0430\u0435\u0442 \u043e\u0431\u044a\u0435\u043c \u0433\u0443\u0431 \u0443\u0436\u0435 \u043f\u043e\u0441\u043b\u0435 \u043f\u0435\u0440\u0432\u043e\u0433\u043e \u043f\u0440\u0438\u043c\u0435\u043d\u0435\u043d\u0438\u044f.<\/p>","protected":false},"featured_media":27265,"comment_status":"open","ping_status":"closed","template":"","meta":{"site-sidebar-layout":"default","site-content-layout":"","ast-site-content-layout":"default","site-content-style":"default","site-sidebar-style":"default","ast-global-header-display":"","ast-banner-title-visibility":"","ast-main-header-display":"","ast-hfb-above-header-display":"","ast-hfb-below-header-display":"","ast-hfb-mobile-header-display":"","site-post-title":"","ast-breadcrumbs-content":"","ast-featured-img":"","footer-sml-layout":"","theme-transparent-header-meta":"default","adv-header-id-meta":"","stick-header-meta":"","header-above-stick-meta":"","header-main-stick-meta":"","header-below-stick-meta":"","astra-migrate-meta-layouts":"set","ast-page-background-enabled":"default","ast-page-background-meta":{"desktop":{"background-color":"var(--ast-global-color-4)","background-image":"","background-repeat":"repeat","background-position":"center center","background-size":"auto","background-attachment":"scroll","background-type":"","background-media":"","overlay-type":"","overlay-color":"","overlay-opacity":"","overlay-gradient":""},"tablet":{"background-color":"","background-image":"","background-repeat":"repeat","background-position":"center center","background-size":"auto","background-attachment":"scroll","background-type":"","background-media":"","overlay-type":"","overlay-color":"","overlay-opacity":"","overlay-gradient":""},"mobile":{"background-color":"","background-image":"","background-repeat":"repeat","background-position":"center center","background-size":"auto","background-attachment":"scroll","background-type":"","background-media":"","overlay-type":"","overlay-color":"","overlay-opacity":"","overlay-gradient":""}},"ast-content-background-meta":{"desktop":{"background-color":"var(--ast-global-color-5)","background-image":"","background-repeat":"repeat","background-position":"center center","background-size":"auto","background-attachment":"scroll","background-type":"","background-media":"","overlay-type":"","overlay-color":"","overlay-opacity":"","overlay-gradient":""},"tablet":{"background-color":"var(--ast-global-color-5)","background-image":"","background-repeat":"repeat","background-position":"center center","background-size":"auto","background-attachment":"scroll","background-type":"","background-media":"","overlay-type":"","overlay-color":"","overlay-opacity":"","overlay-gradient":""},"mobile":{"background-color":"var(--ast-global-color-5)","background-image":"","background-repeat":"repeat","background-position":"center center","background-size":"auto","background-attachment":"scroll","background-type":"","background-media":"","overlay-type":"","overlay-color":"","overlay-opacity":"","overlay-gradient":""}}},"product_brand":[],"product_cat":[320,652],"product_tag":[],"berocket_brand":[583],"class_list":{"0":"post-27264","1":"product","2":"type-product","3":"status-publish","4":"has-post-thumbnail","6":"product_cat-lupu-kopsana","7":"product_cat-pdrn","8":"berocket_brand-medi-peel","9":"desktop-align-left","10":"tablet-align-left","11":"mobile-align-left","13":"first","14":"outofstock","15":"taxable","16":"shipping-taxable","17":"purchasable","18":"product-type-simple","19":"add-to-wishlist-before_image"},"yoast_head":"<!-- This site is optimized with the Yoast SEO plugin v27.4 - https:\/\/yoast.com\/product\/yoast-seo-wordpress\/ -->\n<title>MEDIPEEL Phyto EX PDRN Melting Glow Lip Sleeping Mask nakts maska l\u016bp\u0101m 11g - FACECORNER<\/title>\n<meta name=\"description\" content=\"MEDIPEEL Phyto EX PDRN Melting Glow Lip Sleeping Mask nakts maska l\u016bp\u0101m ar \u201ek\u016bsto\u0161\u0101 mirdzuma\u201c efektu, kas jau p\u0113c pirm\u0101s lieto\u0161anas reizes intens\u012bvi atjauno, baro un vizu\u0101li palielina l\u016bpu apjomu.\" \/>\n<meta name=\"robots\" content=\"index, follow, max-snippet:-1, max-image-preview:large, max-video-preview:-1\" \/>\n<link rel=\"canonical\" href=\"https:\/\/www.facecorner.lv\/ru\/shop\/medipeel-phyto-ex-pdrn-melting-glow-lip-sleeping-mask-11g\/\" \/>\n<meta property=\"og:locale\" content=\"ru_RU\" \/>\n<meta property=\"og:type\" content=\"article\" \/>\n<meta property=\"og:title\" content=\"MEDIPEEL Phyto EX PDRN Melting Glow Lip Sleeping Mask nakts maska l\u016bp\u0101m 11g - FACECORNER\" \/>\n<meta property=\"og:description\" content=\"MEDIPEEL Phyto EX PDRN Melting Glow Lip Sleeping Mask nakts maska l\u016bp\u0101m ar \u201ek\u016bsto\u0161\u0101 mirdzuma\u201c efektu, kas jau p\u0113c pirm\u0101s lieto\u0161anas reizes intens\u012bvi atjauno, baro un vizu\u0101li palielina l\u016bpu apjomu.\" \/>\n<meta property=\"og:url\" content=\"https:\/\/www.facecorner.lv\/ru\/shop\/medipeel-phyto-ex-pdrn-melting-glow-lip-sleeping-mask-11g\/\" \/>\n<meta property=\"og:site_name\" content=\"FACECORNER\" \/>\n<meta property=\"article:publisher\" content=\"https:\/\/www.facebook.com\/profile.php?id=100063824551839\" \/>\n<meta property=\"article:modified_time\" content=\"2026-04-30T06:01:16+00:00\" \/>\n<meta property=\"og:image\" content=\"https:\/\/www.facecorner.lv\/wp-content\/uploads\/2026\/03\/EXPDRN___1_1200x1200.webp\" \/>\n\t<meta property=\"og:image:width\" content=\"1200\" \/>\n\t<meta property=\"og:image:height\" content=\"1200\" \/>\n\t<meta property=\"og:image:type\" content=\"image\/webp\" \/>\n<meta name=\"twitter:card\" content=\"summary_large_image\" \/>\n<meta name=\"twitter:label1\" content=\"\u0426\u0435\u043d\u0430\" \/>\n\t<meta name=\"twitter:data1\" content=\"&euro;12.95\" \/>\n\t<meta name=\"twitter:label2\" content=\"\u0414\u043e\u0441\u0442\u0443\u043f\u043d\u043e\u0441\u0442\u044c\" \/>\n\t<meta name=\"twitter:data2\" content=\"\u0420\u0430\u0441\u043f\u0440\u043e\u0434\u0430\u043d\u043e\" \/>\n<script type=\"application\/ld+json\" class=\"yoast-schema-graph\">{\"@context\":\"https:\\\/\\\/schema.org\",\"@graph\":[{\"@type\":\"WebPage\",\"@id\":\"https:\\\/\\\/www.facecorner.lv\\\/shop\\\/medipeel-phyto-ex-pdrn-melting-glow-lip-sleeping-mask-11g\\\/\",\"url\":\"https:\\\/\\\/www.facecorner.lv\\\/shop\\\/medipeel-phyto-ex-pdrn-melting-glow-lip-sleeping-mask-11g\\\/\",\"name\":\"MEDIPEEL Phyto EX PDRN Melting Glow Lip Sleeping Mask nakts maska l\u016bp\u0101m 11g - FACECORNER\",\"isPartOf\":{\"@id\":\"https:\\\/\\\/www.facecorner.lv\\\/#website\"},\"primaryImageOfPage\":{\"@id\":\"https:\\\/\\\/www.facecorner.lv\\\/shop\\\/medipeel-phyto-ex-pdrn-melting-glow-lip-sleeping-mask-11g\\\/#primaryimage\"},\"image\":{\"@id\":\"https:\\\/\\\/www.facecorner.lv\\\/shop\\\/medipeel-phyto-ex-pdrn-melting-glow-lip-sleeping-mask-11g\\\/#primaryimage\"},\"thumbnailUrl\":\"https:\\\/\\\/www.facecorner.lv\\\/wp-content\\\/uploads\\\/2026\\\/03\\\/EXPDRN___1_1200x1200.webp\",\"datePublished\":\"2026-03-20T13:27:23+00:00\",\"dateModified\":\"2026-04-30T06:01:16+00:00\",\"description\":\"MEDIPEEL Phyto EX PDRN Melting Glow Lip Sleeping Mask nakts maska l\u016bp\u0101m ar \u201ek\u016bsto\u0161\u0101 mirdzuma\u201c efektu, kas jau p\u0113c pirm\u0101s lieto\u0161anas reizes intens\u012bvi atjauno, baro un vizu\u0101li palielina l\u016bpu apjomu.\",\"breadcrumb\":{\"@id\":\"https:\\\/\\\/www.facecorner.lv\\\/shop\\\/medipeel-phyto-ex-pdrn-melting-glow-lip-sleeping-mask-11g\\\/#breadcrumb\"},\"inLanguage\":\"ru-RU\",\"potentialAction\":[{\"@type\":\"ReadAction\",\"target\":[\"https:\\\/\\\/www.facecorner.lv\\\/shop\\\/medipeel-phyto-ex-pdrn-melting-glow-lip-sleeping-mask-11g\\\/\"]}]},{\"@type\":\"ImageObject\",\"inLanguage\":\"ru-RU\",\"@id\":\"https:\\\/\\\/www.facecorner.lv\\\/shop\\\/medipeel-phyto-ex-pdrn-melting-glow-lip-sleeping-mask-11g\\\/#primaryimage\",\"url\":\"https:\\\/\\\/www.facecorner.lv\\\/wp-content\\\/uploads\\\/2026\\\/03\\\/EXPDRN___1_1200x1200.webp\",\"contentUrl\":\"https:\\\/\\\/www.facecorner.lv\\\/wp-content\\\/uploads\\\/2026\\\/03\\\/EXPDRN___1_1200x1200.webp\",\"width\":1200,\"height\":1200,\"caption\":\"MEDIPEEL Phyto EX PDRN Melting Glow Lip Sleeping Mask\"},{\"@type\":\"BreadcrumbList\",\"@id\":\"https:\\\/\\\/www.facecorner.lv\\\/shop\\\/medipeel-phyto-ex-pdrn-melting-glow-lip-sleeping-mask-11g\\\/#breadcrumb\",\"itemListElement\":[{\"@type\":\"ListItem\",\"position\":1,\"name\":\"Home\",\"item\":\"https:\\\/\\\/www.facecorner.lv\\\/\"},{\"@type\":\"ListItem\",\"position\":2,\"name\":\"Veikals\",\"item\":\"https:\\\/\\\/www.facecorner.lv\\\/shop\\\/\"},{\"@type\":\"ListItem\",\"position\":3,\"name\":\"MEDIPEEL Phyto EX PDRN Melting Glow Lip Sleeping Mask nakts maska l\u016bp\u0101m 11g\"}]},{\"@type\":\"WebSite\",\"@id\":\"https:\\\/\\\/www.facecorner.lv\\\/#website\",\"url\":\"https:\\\/\\\/www.facecorner.lv\\\/\",\"name\":\"Facecorner\",\"description\":\"\",\"publisher\":{\"@id\":\"https:\\\/\\\/www.facecorner.lv\\\/#organization\"},\"potentialAction\":[{\"@type\":\"SearchAction\",\"target\":{\"@type\":\"EntryPoint\",\"urlTemplate\":\"https:\\\/\\\/www.facecorner.lv\\\/?s={search_term_string}\"},\"query-input\":{\"@type\":\"PropertyValueSpecification\",\"valueRequired\":true,\"valueName\":\"search_term_string\"}}],\"inLanguage\":\"ru-RU\"},{\"@type\":\"Organization\",\"@id\":\"https:\\\/\\\/www.facecorner.lv\\\/#organization\",\"name\":\"Facecorner\",\"url\":\"https:\\\/\\\/www.facecorner.lv\\\/\",\"logo\":{\"@type\":\"ImageObject\",\"inLanguage\":\"ru-RU\",\"@id\":\"https:\\\/\\\/www.facecorner.lv\\\/#\\\/schema\\\/logo\\\/image\\\/\",\"url\":\"https:\\\/\\\/www.facecorner.lv\\\/wp-content\\\/uploads\\\/2024\\\/04\\\/fc-logo.jpg\",\"contentUrl\":\"https:\\\/\\\/www.facecorner.lv\\\/wp-content\\\/uploads\\\/2024\\\/04\\\/fc-logo.jpg\",\"width\":174,\"height\":28,\"caption\":\"Facecorner\"},\"image\":{\"@id\":\"https:\\\/\\\/www.facecorner.lv\\\/#\\\/schema\\\/logo\\\/image\\\/\"},\"sameAs\":[\"https:\\\/\\\/www.facebook.com\\\/profile.php?id=100063824551839\",\"https:\\\/\\\/www.instagram.com\\\/facecorner_shop\\\/\"]}]}<\/script>\n<meta property=\"product:price:amount\" content=\"12.95\" \/>\n<meta property=\"product:price:currency\" content=\"EUR\" \/>\n<meta property=\"og:availability\" content=\"out of stock\" \/>\n<meta property=\"product:availability\" content=\"out of stock\" \/>\n<meta property=\"product:condition\" content=\"new\" \/>\n<!-- \/ Yoast SEO plugin. -->","yoast_head_json":{"title":"MEDIPEEL Phyto EX PDRN Melting Glow Lip Sleeping Mask nakts maska l\u016bp\u0101m 11g - FACECORNER","description":"MEDIPEEL Phyto EX PDRN Melting Glow Lip Sleeping Mask nakts maska l\u016bp\u0101m ar \u201ek\u016bsto\u0161\u0101 mirdzuma\u201c efektu, kas jau p\u0113c pirm\u0101s lieto\u0161anas reizes intens\u012bvi atjauno, baro un vizu\u0101li palielina l\u016bpu apjomu.","robots":{"index":"index","follow":"follow","max-snippet":"max-snippet:-1","max-image-preview":"max-image-preview:large","max-video-preview":"max-video-preview:-1"},"canonical":"https:\/\/www.facecorner.lv\/ru\/shop\/medipeel-phyto-ex-pdrn-melting-glow-lip-sleeping-mask-11g\/","og_locale":"ru_RU","og_type":"article","og_title":"MEDIPEEL Phyto EX PDRN Melting Glow Lip Sleeping Mask nakts maska l\u016bp\u0101m 11g - FACECORNER","og_description":"MEDIPEEL Phyto EX PDRN Melting Glow Lip Sleeping Mask nakts maska l\u016bp\u0101m ar \u201ek\u016bsto\u0161\u0101 mirdzuma\u201c efektu, kas jau p\u0113c pirm\u0101s lieto\u0161anas reizes intens\u012bvi atjauno, baro un vizu\u0101li palielina l\u016bpu apjomu.","og_url":"https:\/\/www.facecorner.lv\/ru\/shop\/medipeel-phyto-ex-pdrn-melting-glow-lip-sleeping-mask-11g\/","og_site_name":"FACECORNER","article_publisher":"https:\/\/www.facebook.com\/profile.php?id=100063824551839","article_modified_time":"2026-04-30T06:01:16+00:00","og_image":[{"width":1200,"height":1200,"url":"https:\/\/www.facecorner.lv\/wp-content\/uploads\/2026\/03\/EXPDRN___1_1200x1200.webp","type":"image\/webp"}],"twitter_card":"summary_large_image","twitter_misc":{"\u0426\u0435\u043d\u0430":"&euro;12.95","\u0414\u043e\u0441\u0442\u0443\u043f\u043d\u043e\u0441\u0442\u044c":"\u0420\u0430\u0441\u043f\u0440\u043e\u0434\u0430\u043d\u043e"},"schema":{"@context":"https:\/\/schema.org","@graph":[{"@type":"WebPage","@id":"https:\/\/www.facecorner.lv\/shop\/medipeel-phyto-ex-pdrn-melting-glow-lip-sleeping-mask-11g\/","url":"https:\/\/www.facecorner.lv\/shop\/medipeel-phyto-ex-pdrn-melting-glow-lip-sleeping-mask-11g\/","name":"MEDIPEEL Phyto EX PDRN Melting Glow Lip Sleeping Mask nakts maska l\u016bp\u0101m 11g - FACECORNER","isPartOf":{"@id":"https:\/\/www.facecorner.lv\/#website"},"primaryImageOfPage":{"@id":"https:\/\/www.facecorner.lv\/shop\/medipeel-phyto-ex-pdrn-melting-glow-lip-sleeping-mask-11g\/#primaryimage"},"image":{"@id":"https:\/\/www.facecorner.lv\/shop\/medipeel-phyto-ex-pdrn-melting-glow-lip-sleeping-mask-11g\/#primaryimage"},"thumbnailUrl":"https:\/\/www.facecorner.lv\/wp-content\/uploads\/2026\/03\/EXPDRN___1_1200x1200.webp","datePublished":"2026-03-20T13:27:23+00:00","dateModified":"2026-04-30T06:01:16+00:00","description":"MEDIPEEL Phyto EX PDRN Melting Glow Lip Sleeping Mask nakts maska l\u016bp\u0101m ar \u201ek\u016bsto\u0161\u0101 mirdzuma\u201c efektu, kas jau p\u0113c pirm\u0101s lieto\u0161anas reizes intens\u012bvi atjauno, baro un vizu\u0101li palielina l\u016bpu apjomu.","breadcrumb":{"@id":"https:\/\/www.facecorner.lv\/shop\/medipeel-phyto-ex-pdrn-melting-glow-lip-sleeping-mask-11g\/#breadcrumb"},"inLanguage":"ru-RU","potentialAction":[{"@type":"ReadAction","target":["https:\/\/www.facecorner.lv\/shop\/medipeel-phyto-ex-pdrn-melting-glow-lip-sleeping-mask-11g\/"]}]},{"@type":"ImageObject","inLanguage":"ru-RU","@id":"https:\/\/www.facecorner.lv\/shop\/medipeel-phyto-ex-pdrn-melting-glow-lip-sleeping-mask-11g\/#primaryimage","url":"https:\/\/www.facecorner.lv\/wp-content\/uploads\/2026\/03\/EXPDRN___1_1200x1200.webp","contentUrl":"https:\/\/www.facecorner.lv\/wp-content\/uploads\/2026\/03\/EXPDRN___1_1200x1200.webp","width":1200,"height":1200,"caption":"MEDIPEEL Phyto EX PDRN Melting Glow Lip Sleeping Mask"},{"@type":"BreadcrumbList","@id":"https:\/\/www.facecorner.lv\/shop\/medipeel-phyto-ex-pdrn-melting-glow-lip-sleeping-mask-11g\/#breadcrumb","itemListElement":[{"@type":"ListItem","position":1,"name":"Home","item":"https:\/\/www.facecorner.lv\/"},{"@type":"ListItem","position":2,"name":"Veikals","item":"https:\/\/www.facecorner.lv\/shop\/"},{"@type":"ListItem","position":3,"name":"MEDIPEEL Phyto EX PDRN Melting Glow Lip Sleeping Mask nakts maska l\u016bp\u0101m 11g"}]},{"@type":"WebSite","@id":"https:\/\/www.facecorner.lv\/#website","url":"https:\/\/www.facecorner.lv\/","name":"Facecorner","description":"","publisher":{"@id":"https:\/\/www.facecorner.lv\/#organization"},"potentialAction":[{"@type":"SearchAction","target":{"@type":"EntryPoint","urlTemplate":"https:\/\/www.facecorner.lv\/?s={search_term_string}"},"query-input":{"@type":"PropertyValueSpecification","valueRequired":true,"valueName":"search_term_string"}}],"inLanguage":"ru-RU"},{"@type":"Organization","@id":"https:\/\/www.facecorner.lv\/#organization","name":"Facecorner","url":"https:\/\/www.facecorner.lv\/","logo":{"@type":"ImageObject","inLanguage":"ru-RU","@id":"https:\/\/www.facecorner.lv\/#\/schema\/logo\/image\/","url":"https:\/\/www.facecorner.lv\/wp-content\/uploads\/2024\/04\/fc-logo.jpg","contentUrl":"https:\/\/www.facecorner.lv\/wp-content\/uploads\/2024\/04\/fc-logo.jpg","width":174,"height":28,"caption":"Facecorner"},"image":{"@id":"https:\/\/www.facecorner.lv\/#\/schema\/logo\/image\/"},"sameAs":["https:\/\/www.facebook.com\/profile.php?id=100063824551839","https:\/\/www.instagram.com\/facecorner_shop\/"]}]},"product_price_amount":"12.95","product_price_currency":"EUR","og_availability":"out of stock","product_availability":"out of stock","product_condition":"new"},"_links":{"self":[{"href":"https:\/\/www.facecorner.lv\/ru\/wp-json\/wp\/v2\/product\/27264","targetHints":{"allow":["GET"]}}],"collection":[{"href":"https:\/\/www.facecorner.lv\/ru\/wp-json\/wp\/v2\/product"}],"about":[{"href":"https:\/\/www.facecorner.lv\/ru\/wp-json\/wp\/v2\/types\/product"}],"replies":[{"embeddable":true,"href":"https:\/\/www.facecorner.lv\/ru\/wp-json\/wp\/v2\/comments?post=27264"}],"wp:featuredmedia":[{"embeddable":true,"href":"https:\/\/www.facecorner.lv\/ru\/wp-json\/wp\/v2\/media\/27265"}],"wp:attachment":[{"href":"https:\/\/www.facecorner.lv\/ru\/wp-json\/wp\/v2\/media?parent=27264"}],"wp:term":[{"taxonomy":"product_brand","embeddable":true,"href":"https:\/\/www.facecorner.lv\/ru\/wp-json\/wp\/v2\/product_brand?post=27264"},{"taxonomy":"product_cat","embeddable":true,"href":"https:\/\/www.facecorner.lv\/ru\/wp-json\/wp\/v2\/product_cat?post=27264"},{"taxonomy":"product_tag","embeddable":true,"href":"https:\/\/www.facecorner.lv\/ru\/wp-json\/wp\/v2\/product_tag?post=27264"},{"taxonomy":"berocket_brand","embeddable":true,"href":"https:\/\/www.facecorner.lv\/ru\/wp-json\/wp\/v2\/berocket_brand?post=27264"}],"curies":[{"name":"wp","href":"https:\/\/api.w.org\/{rel}","templated":true}]}}