{"id":27245,"date":"2026-03-18T17:39:25","date_gmt":"2026-03-18T14:39:25","guid":{"rendered":"https:\/\/www.facecorner.lv\/?post_type=product&#038;p=27245"},"modified":"2026-04-11T11:36:43","modified_gmt":"2026-04-11T08:36:43","slug":"arencia-retinal-boosting-eye-mask-patci-ar-retinolu-un-peptidu-kompleksu-60ea","status":"publish","type":"product","link":"https:\/\/www.facecorner.lv\/ru\/shop\/arencia-retinal-boosting-eye-mask-patci-ar-retinolu-un-peptidu-kompleksu-60ea\/","title":{"rendered":"Arencia Retinal Boosting Eye Mask  \u043f\u0430\u0442\u0447\u0438 \u0434\u043b\u044f \u043a\u043e\u0436\u0438 \u0432\u043e\u043a\u0440\u0443\u0433 \u0433\u043b\u0430\u0437 \u0441 \u0440\u0435\u0442\u0438\u043d\u0430\u043b\u043e\u043c \u0438 \u043f\u0435\u043f\u0442\u0438\u0434\u043d\u044b\u043c \u043a\u043e\u043c\u043f\u043b\u0435\u043a\u0441\u043e\u043c 60\u0448\u0442"},"content":{"rendered":"<p>Arencia Retinal Boosting Eye Mask \u2014 \u044d\u0442\u043e \u0433\u0438\u0434\u0440\u043e\u0433\u0435\u043b\u0435\u0432\u044b\u0435 \u043f\u0430\u0442\u0447\u0438, \u043d\u0430\u0441\u044b\u0449\u0435\u043d\u043d\u044b\u0435 \u0430\u043a\u0442\u0438\u0432\u043d\u044b\u043c\u0438 \u043a\u043e\u043c\u043f\u043e\u043d\u0435\u043d\u0442\u0430\u043c\u0438, \u0432\u043a\u043b\u044e\u0447\u0430\u044f \u0440\u0435\u0442\u0438\u043d\u0430\u043b, \u043f\u0435\u043f\u0442\u0438\u0434\u044b, \u0433\u0438\u0430\u043b\u0443\u0440\u043e\u043d\u0430\u0442 \u0438 \u043a\u0435\u0440\u0430\u043c\u0438\u0434\u044b.<\/p>\n<p>\u041e\u043d\u0438 \u043c\u044f\u0433\u043a\u043e \u0432\u043e\u0441\u0441\u0442\u0430\u043d\u0430\u0432\u043b\u0438\u0432\u0430\u044e\u0442 \u0438 \u0443\u043a\u0440\u0435\u043f\u043b\u044f\u044e\u0442 \u0442\u043e\u043d\u043a\u0443\u044e \u043a\u043e\u0436\u0443 \u0432\u043e\u043a\u0440\u0443\u0433 \u0433\u043b\u0430\u0437, \u0443\u043c\u0435\u043d\u044c\u0448\u0430\u044e\u0442 \u043e\u0442\u0451\u043a\u0438 \u0438 \u0442\u0451\u043c\u043d\u044b\u0435 \u043a\u0440\u0443\u0433\u0438, \u043e\u0431\u0435\u0441\u043f\u0435\u0447\u0438\u0432\u0430\u044f \u044d\u0444\u0444\u0435\u043a\u0442 \u00ab\u0441\u0438\u044f\u044e\u0449\u0438\u0445 \u0433\u043b\u0430\u0437\u00bb \u043f\u043e\u0441\u043b\u0435 \u043f\u0435\u0440\u0432\u043e\u0433\u043e \u043f\u0440\u0438\u043c\u0435\u043d\u0435\u043d\u0438\u044f.<\/p>\n<h6>\u041e\u0441\u043d\u043e\u0432\u043d\u044b\u0435 \u0434\u0435\u0439\u0441\u0442\u0432\u0443\u044e\u0449\u0438\u0435 \u0438\u043d\u0433\u0440\u0435\u0434\u0438\u0435\u043d\u0442\u044b:<\/h6>\n<ul>\n<li>\u0420\u0430\u0437\u0433\u043b\u0430\u0436\u0438\u0432\u0430\u0435\u0442 \u043c\u0435\u043b\u043a\u0438\u0435 \u043c\u043e\u0440\u0449\u0438\u043d\u044b \u0438 \u00ab\u0433\u0443\u0441\u0438\u043d\u044b\u0435 \u043b\u0430\u043f\u043a\u0438\u00bb<\/li>\n<li>\u0418\u043d\u0442\u0435\u043d\u0441\u0438\u0432\u043d\u043e \u0443\u0432\u043b\u0430\u0436\u043d\u044f\u0435\u0442 \u0438 \u043f\u0438\u0442\u0430\u0435\u0442<\/li>\n<li>\u0421\u043d\u0438\u0436\u0430\u0435\u0442 \u043e\u0442\u0451\u043a\u0438 \u0438 \u0442\u0451\u043c\u043d\u044b\u0435 \u043a\u0440\u0443\u0433\u0438<\/li>\n<li>\u041f\u043e\u0432\u044b\u0448\u0430\u0435\u0442 \u0443\u043f\u0440\u0443\u0433\u043e\u0441\u0442\u044c \u0438 \u044d\u043b\u0430\u0441\u0442\u0438\u0447\u043d\u043e\u0441\u0442\u044c \u043a\u043e\u0436\u0438 \u0432\u043e\u043a\u0440\u0443\u0433 \u0433\u043b\u0430\u0437<\/li>\n<li>\u041f\u043e\u0434\u0434\u0435\u0440\u0436\u0438\u0432\u0430\u0435\u0442 \u0440\u0435\u0433\u0435\u043d\u0435\u0440\u0430\u0446\u0438\u044e \u0438 \u0443\u043a\u0440\u0435\u043f\u043b\u0435\u043d\u0438\u0435 \u043a\u043e\u0436\u0438 \u0431\u043b\u0430\u0433\u043e\u0434\u0430\u0440\u044f \u0440\u0435\u0442\u0438\u043d\u0430\u043b\u0443 \u0438 \u043f\u0435\u043f\u0442\u0438\u0434\u0430\u043c<\/li>\n<\/ul>\n<p><strong>\u041e\u0441\u043d\u043e\u0432\u043d\u044b\u0435 \u0434\u0435\u0439\u0441\u0442\u0432\u0443\u044e\u0449\u0438\u0435 \u0438\u043d\u0433\u0440\u0435\u0434\u0438\u0435\u043d\u0442\u044b:<\/strong><\/p>\n<ul>\n<li>Retinal \u2014 \u0441\u0442\u0438\u043c\u0443\u043b\u0438\u0440\u0443\u0435\u0442 \u043e\u0431\u043d\u043e\u0432\u043b\u0435\u043d\u0438\u0435 \u043a\u043b\u0435\u0442\u043e\u043a, \u0440\u0430\u0437\u0433\u043b\u0430\u0436\u0438\u0432\u0430\u0435\u0442 \u043c\u043e\u0440\u0449\u0438\u043d\u044b<\/li>\n<li>Peptides (Tripeptide\u20111, Palmitoyl Tripeptide\u20111, Acetyl Tetrapeptide\u20115 \u0438 \u0434\u0440.) \u2014 \u043f\u043e\u0432\u044b\u0448\u0430\u044e\u0442 \u0443\u043f\u0440\u0443\u0433\u043e\u0441\u0442\u044c \u0438 \u0443\u043a\u0440\u0435\u043f\u043b\u044f\u044e\u0442 \u043a\u043e\u0436\u0443<\/li>\n<li>Sodium Hyaluronate \u2014 \u0433\u043b\u0443\u0431\u043e\u043a\u043e\u0435 \u0443\u0432\u043b\u0430\u0436\u043d\u0435\u043d\u0438\u0435 \u0438 \u0443\u0434\u0435\u0440\u0436\u0430\u043d\u0438\u0435 \u0432\u043b\u0430\u0433\u0438<\/li>\n<li>Ceramide NP \u2014 \u0432\u043e\u0441\u0441\u0442\u0430\u043d\u0430\u0432\u043b\u0438\u0432\u0430\u0435\u0442 \u043a\u043e\u0436\u043d\u044b\u0439 \u0431\u0430\u0440\u044c\u0435\u0440<\/li>\n<li>Niacinamide \u2014 \u043e\u0441\u0432\u0435\u0442\u043b\u044f\u0435\u0442 \u0438 \u0432\u044b\u0440\u0430\u0432\u043d\u0438\u0432\u0430\u0435\u0442 \u0442\u043e\u043d \u043a\u043e\u0436\u0438<\/li>\n<li>Caffeine \u2014 \u0443\u043c\u0435\u043d\u044c\u0448\u0430\u0435\u0442 \u043e\u0442\u0451\u043a\u0438 \u0438 \u0442\u0451\u043c\u043d\u044b\u0435 \u043a\u0440\u0443\u0433\u0438<\/li>\n<\/ul>\n<p><strong>\u0421\u043f\u043e\u0441\u043e\u0431 \u043f\u0440\u0438\u043c\u0435\u043d\u0435\u043d\u0438\u044f: <\/strong>\u041e\u0447\u0438\u0441\u0442\u0438\u0442\u0435 \u043a\u043e\u0436\u0443 \u0432\u043e\u043a\u0440\u0443\u0433 \u0433\u043b\u0430\u0437.\u041d\u0430\u043b\u043e\u0436\u0438\u0442\u0435 \u043f\u0430\u0442\u0447\u0438 \u043f\u043e\u0434 \u0433\u043b\u0430\u0437\u0430, \u043e\u0441\u0442\u0430\u0432\u044c\u0442\u0435 \u043d\u0430 15\u201320 \u043c\u0438\u043d\u0443\u0442.\u0421\u043d\u0438\u043c\u0438\u0442\u0435 \u043f\u0430\u0442\u0447\u0438 \u0438 \u043c\u044f\u0433\u043a\u043e \u0432\u0431\u0435\u0439\u0442\u0435 \u043e\u0441\u0442\u0430\u0442\u043a\u0438 \u0441\u044b\u0432\u043e\u0440\u043e\u0442\u043a\u0438 \u0432 \u043a\u043e\u0436\u0443.<\/p>\n<p><strong>\u0421\u043e\u0441\u0442\u0430\u0432:<\/strong>: Water, Glycerin, Dipropylene Glycol, Niacinamide, Ceratonia Siliqua (Carob) Gum, Methylpropanediol, Chondrus Crispus Powder, Betaine, Chondrus Crispus, Panthenol, Cellulose Gum, Hydroxyacetophenone, Sodium Polyacrylate, Caprylyl Glycol, Potassium Chloride, Polyglyceryl\u201110 Laurate, Allantoin, Sodium Phytate, Ethylhexylglycerin, Sucrose, Adenosine, Pantolactone, Dipotassium Glycyrrhizate, Ectoin, Caffeine, Dextrin, Gardenia Florida Fruit Extract, Theobroma Cacao (Cocoa) Extract, Retinal, Ceramide\u202fNP, Butylene Glycol, 1,2\u2011Hexanediol, Oryza Sativa (Rice) Extract, Sodium DNA, Sodium Hyaluronate, Tripeptide\u20111, Hydrolyzed Rice Protein, Acetyl Tetrapeptide\u20112, Acetyl Tetrapeptide\u20115, Copper Tripeptide\u20111, Palmitoyl Tripeptide\u20111, Palmitoyl Pentapeptide\u20114, Hexapeptide\u201111, Hexapeptide\u20119, Glycine, Glutamic Acid, Arginine, Collagen Extract, Palmitoyl Tripeptide\u20115.<\/p>","protected":false},"excerpt":{"rendered":"<p>Arencia Retinal Boosting Eye Mask ir hidro\u0123el\u0101 iem\u0113rc\u0113ti pl\u0101ksteri, kas bag\u0101t\u012bgi pies\u0101tin\u0101ti ar akt\u012bvaj\u0101m sast\u0101vda\u013c\u0101m, tostarp retinolu, pept\u012bdiem, hialuronsk\u0101bi un keram\u012bdiem. Tie maigi atjauno un nostiprina pl\u0101no \u0101du ap ac\u012bm, samazina piet\u016bkumu un tum\u0161os lokus, nodro\u0161inot \u201emirdzo\u0161u acu\u201c efektu jau p\u0113c pirm\u0101s lieto\u0161anas reizes. Galven\u0101s priek\u0161roc\u012bbas: Izl\u012bdzina s\u012bk\u0101s grumbi\u0146as un \u201ep\u012bles k\u0101ji\u0146as\u201d Uzlabo \u0101das ap [&hellip;]<\/p>\n","protected":false},"featured_media":27246,"comment_status":"open","ping_status":"closed","template":"","meta":{"site-sidebar-layout":"default","site-content-layout":"","ast-site-content-layout":"default","site-content-style":"default","site-sidebar-style":"default","ast-global-header-display":"","ast-banner-title-visibility":"","ast-main-header-display":"","ast-hfb-above-header-display":"","ast-hfb-below-header-display":"","ast-hfb-mobile-header-display":"","site-post-title":"","ast-breadcrumbs-content":"","ast-featured-img":"","footer-sml-layout":"","theme-transparent-header-meta":"default","adv-header-id-meta":"","stick-header-meta":"","header-above-stick-meta":"","header-main-stick-meta":"","header-below-stick-meta":"","astra-migrate-meta-layouts":"set","ast-page-background-enabled":"default","ast-page-background-meta":{"desktop":{"background-color":"var(--ast-global-color-4)","background-image":"","background-repeat":"repeat","background-position":"center center","background-size":"auto","background-attachment":"scroll","background-type":"","background-media":"","overlay-type":"","overlay-color":"","overlay-opacity":"","overlay-gradient":""},"tablet":{"background-color":"","background-image":"","background-repeat":"repeat","background-position":"center center","background-size":"auto","background-attachment":"scroll","background-type":"","background-media":"","overlay-type":"","overlay-color":"","overlay-opacity":"","overlay-gradient":""},"mobile":{"background-color":"","background-image":"","background-repeat":"repeat","background-position":"center center","background-size":"auto","background-attachment":"scroll","background-type":"","background-media":"","overlay-type":"","overlay-color":"","overlay-opacity":"","overlay-gradient":""}},"ast-content-background-meta":{"desktop":{"background-color":"var(--ast-global-color-5)","background-image":"","background-repeat":"repeat","background-position":"center center","background-size":"auto","background-attachment":"scroll","background-type":"","background-media":"","overlay-type":"","overlay-color":"","overlay-opacity":"","overlay-gradient":""},"tablet":{"background-color":"var(--ast-global-color-5)","background-image":"","background-repeat":"repeat","background-position":"center center","background-size":"auto","background-attachment":"scroll","background-type":"","background-media":"","overlay-type":"","overlay-color":"","overlay-opacity":"","overlay-gradient":""},"mobile":{"background-color":"var(--ast-global-color-5)","background-image":"","background-repeat":"repeat","background-position":"center center","background-size":"auto","background-attachment":"scroll","background-type":"","background-media":"","overlay-type":"","overlay-color":"","overlay-opacity":"","overlay-gradient":""}}},"product_brand":[],"product_cat":[327],"product_tag":[],"berocket_brand":[635],"class_list":{"0":"post-27245","1":"product","2":"type-product","3":"status-publish","4":"has-post-thumbnail","6":"product_cat-patci","7":"berocket_brand-arencia","8":"desktop-align-left","9":"tablet-align-left","10":"mobile-align-left","12":"first","13":"outofstock","14":"taxable","15":"shipping-taxable","16":"purchasable","17":"product-type-simple","18":"add-to-wishlist-before_image"},"yoast_head":"<!-- This site is optimized with the Yoast SEO plugin v27.4 - https:\/\/yoast.com\/product\/yoast-seo-wordpress\/ -->\n<title>Arencia Retinal Boosting Eye Mask pat\u010di ar retinolu un pept\u012bdu kompleksu 60ea - FACECORNER<\/title>\n<meta name=\"robots\" content=\"index, follow, max-snippet:-1, max-image-preview:large, max-video-preview:-1\" \/>\n<link rel=\"canonical\" href=\"https:\/\/www.facecorner.lv\/ru\/shop\/arencia-retinal-boosting-eye-mask-patci-ar-retinolu-un-peptidu-kompleksu-60ea\/\" \/>\n<meta property=\"og:locale\" content=\"ru_RU\" \/>\n<meta property=\"og:type\" content=\"article\" \/>\n<meta property=\"og:title\" content=\"Arencia Retinal Boosting Eye Mask pat\u010di ar retinolu un pept\u012bdu kompleksu 60ea - FACECORNER\" \/>\n<meta property=\"og:description\" content=\"Arencia Retinal Boosting Eye Mask ir hidro\u0123el\u0101 iem\u0113rc\u0113ti pl\u0101ksteri, kas bag\u0101t\u012bgi pies\u0101tin\u0101ti ar akt\u012bvaj\u0101m sast\u0101vda\u013c\u0101m, tostarp retinolu, pept\u012bdiem, hialuronsk\u0101bi un keram\u012bdiem. Tie maigi atjauno un nostiprina pl\u0101no \u0101du ap ac\u012bm, samazina piet\u016bkumu un tum\u0161os lokus, nodro\u0161inot \u201emirdzo\u0161u acu\u201c efektu jau p\u0113c pirm\u0101s lieto\u0161anas reizes. Galven\u0101s priek\u0161roc\u012bbas: Izl\u012bdzina s\u012bk\u0101s grumbi\u0146as un \u201ep\u012bles k\u0101ji\u0146as\u201d Uzlabo \u0101das ap [&hellip;]\" \/>\n<meta property=\"og:url\" content=\"https:\/\/www.facecorner.lv\/ru\/shop\/arencia-retinal-boosting-eye-mask-patci-ar-retinolu-un-peptidu-kompleksu-60ea\/\" \/>\n<meta property=\"og:site_name\" content=\"FACECORNER\" \/>\n<meta property=\"article:publisher\" content=\"https:\/\/www.facebook.com\/profile.php?id=100063824551839\" \/>\n<meta property=\"article:modified_time\" content=\"2026-04-11T08:36:43+00:00\" \/>\n<meta property=\"og:image\" content=\"https:\/\/www.facecorner.lv\/wp-content\/uploads\/2026\/03\/Produkter-skinstar_1080x1080px_-2025-12-08T163706.567.webp\" \/>\n\t<meta property=\"og:image:width\" content=\"1080\" \/>\n\t<meta property=\"og:image:height\" content=\"1080\" \/>\n\t<meta property=\"og:image:type\" content=\"image\/webp\" \/>\n<meta name=\"twitter:card\" content=\"summary_large_image\" \/>\n<meta name=\"twitter:label1\" content=\"\u0426\u0435\u043d\u0430\" \/>\n\t<meta name=\"twitter:data1\" content=\"&euro;19.95\" \/>\n\t<meta name=\"twitter:label2\" content=\"\u0414\u043e\u0441\u0442\u0443\u043f\u043d\u043e\u0441\u0442\u044c\" \/>\n\t<meta name=\"twitter:data2\" content=\"\u0420\u0430\u0441\u043f\u0440\u043e\u0434\u0430\u043d\u043e\" \/>\n<script type=\"application\/ld+json\" class=\"yoast-schema-graph\">{\"@context\":\"https:\\\/\\\/schema.org\",\"@graph\":[{\"@type\":\"WebPage\",\"@id\":\"https:\\\/\\\/www.facecorner.lv\\\/shop\\\/arencia-retinal-boosting-eye-mask-patci-ar-retinolu-un-peptidu-kompleksu-60ea\\\/\",\"url\":\"https:\\\/\\\/www.facecorner.lv\\\/shop\\\/arencia-retinal-boosting-eye-mask-patci-ar-retinolu-un-peptidu-kompleksu-60ea\\\/\",\"name\":\"Arencia Retinal Boosting Eye Mask pat\u010di ar retinolu un pept\u012bdu kompleksu 60ea - FACECORNER\",\"isPartOf\":{\"@id\":\"https:\\\/\\\/www.facecorner.lv\\\/#website\"},\"primaryImageOfPage\":{\"@id\":\"https:\\\/\\\/www.facecorner.lv\\\/shop\\\/arencia-retinal-boosting-eye-mask-patci-ar-retinolu-un-peptidu-kompleksu-60ea\\\/#primaryimage\"},\"image\":{\"@id\":\"https:\\\/\\\/www.facecorner.lv\\\/shop\\\/arencia-retinal-boosting-eye-mask-patci-ar-retinolu-un-peptidu-kompleksu-60ea\\\/#primaryimage\"},\"thumbnailUrl\":\"https:\\\/\\\/www.facecorner.lv\\\/wp-content\\\/uploads\\\/2026\\\/03\\\/Produkter-skinstar_1080x1080px_-2025-12-08T163706.567.webp\",\"datePublished\":\"2026-03-18T14:39:25+00:00\",\"dateModified\":\"2026-04-11T08:36:43+00:00\",\"breadcrumb\":{\"@id\":\"https:\\\/\\\/www.facecorner.lv\\\/shop\\\/arencia-retinal-boosting-eye-mask-patci-ar-retinolu-un-peptidu-kompleksu-60ea\\\/#breadcrumb\"},\"inLanguage\":\"ru-RU\",\"potentialAction\":[{\"@type\":\"ReadAction\",\"target\":[\"https:\\\/\\\/www.facecorner.lv\\\/shop\\\/arencia-retinal-boosting-eye-mask-patci-ar-retinolu-un-peptidu-kompleksu-60ea\\\/\"]}]},{\"@type\":\"ImageObject\",\"inLanguage\":\"ru-RU\",\"@id\":\"https:\\\/\\\/www.facecorner.lv\\\/shop\\\/arencia-retinal-boosting-eye-mask-patci-ar-retinolu-un-peptidu-kompleksu-60ea\\\/#primaryimage\",\"url\":\"https:\\\/\\\/www.facecorner.lv\\\/wp-content\\\/uploads\\\/2026\\\/03\\\/Produkter-skinstar_1080x1080px_-2025-12-08T163706.567.webp\",\"contentUrl\":\"https:\\\/\\\/www.facecorner.lv\\\/wp-content\\\/uploads\\\/2026\\\/03\\\/Produkter-skinstar_1080x1080px_-2025-12-08T163706.567.webp\",\"width\":1080,\"height\":1080,\"caption\":\"Arencia Retinal Boosting Eye Mask\"},{\"@type\":\"BreadcrumbList\",\"@id\":\"https:\\\/\\\/www.facecorner.lv\\\/shop\\\/arencia-retinal-boosting-eye-mask-patci-ar-retinolu-un-peptidu-kompleksu-60ea\\\/#breadcrumb\",\"itemListElement\":[{\"@type\":\"ListItem\",\"position\":1,\"name\":\"Home\",\"item\":\"https:\\\/\\\/www.facecorner.lv\\\/\"},{\"@type\":\"ListItem\",\"position\":2,\"name\":\"Veikals\",\"item\":\"https:\\\/\\\/www.facecorner.lv\\\/shop\\\/\"},{\"@type\":\"ListItem\",\"position\":3,\"name\":\"Arencia Retinal Boosting Eye Mask pat\u010di ar retinolu un pept\u012bdu kompleksu 60ea\"}]},{\"@type\":\"WebSite\",\"@id\":\"https:\\\/\\\/www.facecorner.lv\\\/#website\",\"url\":\"https:\\\/\\\/www.facecorner.lv\\\/\",\"name\":\"Facecorner\",\"description\":\"\",\"publisher\":{\"@id\":\"https:\\\/\\\/www.facecorner.lv\\\/#organization\"},\"potentialAction\":[{\"@type\":\"SearchAction\",\"target\":{\"@type\":\"EntryPoint\",\"urlTemplate\":\"https:\\\/\\\/www.facecorner.lv\\\/?s={search_term_string}\"},\"query-input\":{\"@type\":\"PropertyValueSpecification\",\"valueRequired\":true,\"valueName\":\"search_term_string\"}}],\"inLanguage\":\"ru-RU\"},{\"@type\":\"Organization\",\"@id\":\"https:\\\/\\\/www.facecorner.lv\\\/#organization\",\"name\":\"Facecorner\",\"url\":\"https:\\\/\\\/www.facecorner.lv\\\/\",\"logo\":{\"@type\":\"ImageObject\",\"inLanguage\":\"ru-RU\",\"@id\":\"https:\\\/\\\/www.facecorner.lv\\\/#\\\/schema\\\/logo\\\/image\\\/\",\"url\":\"https:\\\/\\\/www.facecorner.lv\\\/wp-content\\\/uploads\\\/2024\\\/04\\\/fc-logo.jpg\",\"contentUrl\":\"https:\\\/\\\/www.facecorner.lv\\\/wp-content\\\/uploads\\\/2024\\\/04\\\/fc-logo.jpg\",\"width\":174,\"height\":28,\"caption\":\"Facecorner\"},\"image\":{\"@id\":\"https:\\\/\\\/www.facecorner.lv\\\/#\\\/schema\\\/logo\\\/image\\\/\"},\"sameAs\":[\"https:\\\/\\\/www.facebook.com\\\/profile.php?id=100063824551839\",\"https:\\\/\\\/www.instagram.com\\\/facecorner_shop\\\/\"]}]}<\/script>\n<meta property=\"product:price:amount\" content=\"19.95\" \/>\n<meta property=\"product:price:currency\" content=\"EUR\" \/>\n<meta property=\"og:availability\" content=\"out of stock\" \/>\n<meta property=\"product:availability\" content=\"out of stock\" \/>\n<meta property=\"product:condition\" content=\"new\" \/>\n<!-- \/ Yoast SEO plugin. -->","yoast_head_json":{"title":"Arencia Retinal Boosting Eye Mask pat\u010di ar retinolu un pept\u012bdu kompleksu 60ea - FACECORNER","robots":{"index":"index","follow":"follow","max-snippet":"max-snippet:-1","max-image-preview":"max-image-preview:large","max-video-preview":"max-video-preview:-1"},"canonical":"https:\/\/www.facecorner.lv\/ru\/shop\/arencia-retinal-boosting-eye-mask-patci-ar-retinolu-un-peptidu-kompleksu-60ea\/","og_locale":"ru_RU","og_type":"article","og_title":"Arencia Retinal Boosting Eye Mask pat\u010di ar retinolu un pept\u012bdu kompleksu 60ea - FACECORNER","og_description":"Arencia Retinal Boosting Eye Mask ir hidro\u0123el\u0101 iem\u0113rc\u0113ti pl\u0101ksteri, kas bag\u0101t\u012bgi pies\u0101tin\u0101ti ar akt\u012bvaj\u0101m sast\u0101vda\u013c\u0101m, tostarp retinolu, pept\u012bdiem, hialuronsk\u0101bi un keram\u012bdiem. Tie maigi atjauno un nostiprina pl\u0101no \u0101du ap ac\u012bm, samazina piet\u016bkumu un tum\u0161os lokus, nodro\u0161inot \u201emirdzo\u0161u acu\u201c efektu jau p\u0113c pirm\u0101s lieto\u0161anas reizes. Galven\u0101s priek\u0161roc\u012bbas: Izl\u012bdzina s\u012bk\u0101s grumbi\u0146as un \u201ep\u012bles k\u0101ji\u0146as\u201d Uzlabo \u0101das ap [&hellip;]","og_url":"https:\/\/www.facecorner.lv\/ru\/shop\/arencia-retinal-boosting-eye-mask-patci-ar-retinolu-un-peptidu-kompleksu-60ea\/","og_site_name":"FACECORNER","article_publisher":"https:\/\/www.facebook.com\/profile.php?id=100063824551839","article_modified_time":"2026-04-11T08:36:43+00:00","og_image":[{"width":1080,"height":1080,"url":"https:\/\/www.facecorner.lv\/wp-content\/uploads\/2026\/03\/Produkter-skinstar_1080x1080px_-2025-12-08T163706.567.webp","type":"image\/webp"}],"twitter_card":"summary_large_image","twitter_misc":{"\u0426\u0435\u043d\u0430":"&euro;19.95","\u0414\u043e\u0441\u0442\u0443\u043f\u043d\u043e\u0441\u0442\u044c":"\u0420\u0430\u0441\u043f\u0440\u043e\u0434\u0430\u043d\u043e"},"schema":{"@context":"https:\/\/schema.org","@graph":[{"@type":"WebPage","@id":"https:\/\/www.facecorner.lv\/shop\/arencia-retinal-boosting-eye-mask-patci-ar-retinolu-un-peptidu-kompleksu-60ea\/","url":"https:\/\/www.facecorner.lv\/shop\/arencia-retinal-boosting-eye-mask-patci-ar-retinolu-un-peptidu-kompleksu-60ea\/","name":"Arencia Retinal Boosting Eye Mask pat\u010di ar retinolu un pept\u012bdu kompleksu 60ea - FACECORNER","isPartOf":{"@id":"https:\/\/www.facecorner.lv\/#website"},"primaryImageOfPage":{"@id":"https:\/\/www.facecorner.lv\/shop\/arencia-retinal-boosting-eye-mask-patci-ar-retinolu-un-peptidu-kompleksu-60ea\/#primaryimage"},"image":{"@id":"https:\/\/www.facecorner.lv\/shop\/arencia-retinal-boosting-eye-mask-patci-ar-retinolu-un-peptidu-kompleksu-60ea\/#primaryimage"},"thumbnailUrl":"https:\/\/www.facecorner.lv\/wp-content\/uploads\/2026\/03\/Produkter-skinstar_1080x1080px_-2025-12-08T163706.567.webp","datePublished":"2026-03-18T14:39:25+00:00","dateModified":"2026-04-11T08:36:43+00:00","breadcrumb":{"@id":"https:\/\/www.facecorner.lv\/shop\/arencia-retinal-boosting-eye-mask-patci-ar-retinolu-un-peptidu-kompleksu-60ea\/#breadcrumb"},"inLanguage":"ru-RU","potentialAction":[{"@type":"ReadAction","target":["https:\/\/www.facecorner.lv\/shop\/arencia-retinal-boosting-eye-mask-patci-ar-retinolu-un-peptidu-kompleksu-60ea\/"]}]},{"@type":"ImageObject","inLanguage":"ru-RU","@id":"https:\/\/www.facecorner.lv\/shop\/arencia-retinal-boosting-eye-mask-patci-ar-retinolu-un-peptidu-kompleksu-60ea\/#primaryimage","url":"https:\/\/www.facecorner.lv\/wp-content\/uploads\/2026\/03\/Produkter-skinstar_1080x1080px_-2025-12-08T163706.567.webp","contentUrl":"https:\/\/www.facecorner.lv\/wp-content\/uploads\/2026\/03\/Produkter-skinstar_1080x1080px_-2025-12-08T163706.567.webp","width":1080,"height":1080,"caption":"Arencia Retinal Boosting Eye Mask"},{"@type":"BreadcrumbList","@id":"https:\/\/www.facecorner.lv\/shop\/arencia-retinal-boosting-eye-mask-patci-ar-retinolu-un-peptidu-kompleksu-60ea\/#breadcrumb","itemListElement":[{"@type":"ListItem","position":1,"name":"Home","item":"https:\/\/www.facecorner.lv\/"},{"@type":"ListItem","position":2,"name":"Veikals","item":"https:\/\/www.facecorner.lv\/shop\/"},{"@type":"ListItem","position":3,"name":"Arencia Retinal Boosting Eye Mask pat\u010di ar retinolu un pept\u012bdu kompleksu 60ea"}]},{"@type":"WebSite","@id":"https:\/\/www.facecorner.lv\/#website","url":"https:\/\/www.facecorner.lv\/","name":"Facecorner","description":"","publisher":{"@id":"https:\/\/www.facecorner.lv\/#organization"},"potentialAction":[{"@type":"SearchAction","target":{"@type":"EntryPoint","urlTemplate":"https:\/\/www.facecorner.lv\/?s={search_term_string}"},"query-input":{"@type":"PropertyValueSpecification","valueRequired":true,"valueName":"search_term_string"}}],"inLanguage":"ru-RU"},{"@type":"Organization","@id":"https:\/\/www.facecorner.lv\/#organization","name":"Facecorner","url":"https:\/\/www.facecorner.lv\/","logo":{"@type":"ImageObject","inLanguage":"ru-RU","@id":"https:\/\/www.facecorner.lv\/#\/schema\/logo\/image\/","url":"https:\/\/www.facecorner.lv\/wp-content\/uploads\/2024\/04\/fc-logo.jpg","contentUrl":"https:\/\/www.facecorner.lv\/wp-content\/uploads\/2024\/04\/fc-logo.jpg","width":174,"height":28,"caption":"Facecorner"},"image":{"@id":"https:\/\/www.facecorner.lv\/#\/schema\/logo\/image\/"},"sameAs":["https:\/\/www.facebook.com\/profile.php?id=100063824551839","https:\/\/www.instagram.com\/facecorner_shop\/"]}]},"product_price_amount":"19.95","product_price_currency":"EUR","og_availability":"out of stock","product_availability":"out of stock","product_condition":"new"},"_links":{"self":[{"href":"https:\/\/www.facecorner.lv\/ru\/wp-json\/wp\/v2\/product\/27245","targetHints":{"allow":["GET"]}}],"collection":[{"href":"https:\/\/www.facecorner.lv\/ru\/wp-json\/wp\/v2\/product"}],"about":[{"href":"https:\/\/www.facecorner.lv\/ru\/wp-json\/wp\/v2\/types\/product"}],"replies":[{"embeddable":true,"href":"https:\/\/www.facecorner.lv\/ru\/wp-json\/wp\/v2\/comments?post=27245"}],"wp:featuredmedia":[{"embeddable":true,"href":"https:\/\/www.facecorner.lv\/ru\/wp-json\/wp\/v2\/media\/27246"}],"wp:attachment":[{"href":"https:\/\/www.facecorner.lv\/ru\/wp-json\/wp\/v2\/media?parent=27245"}],"wp:term":[{"taxonomy":"product_brand","embeddable":true,"href":"https:\/\/www.facecorner.lv\/ru\/wp-json\/wp\/v2\/product_brand?post=27245"},{"taxonomy":"product_cat","embeddable":true,"href":"https:\/\/www.facecorner.lv\/ru\/wp-json\/wp\/v2\/product_cat?post=27245"},{"taxonomy":"product_tag","embeddable":true,"href":"https:\/\/www.facecorner.lv\/ru\/wp-json\/wp\/v2\/product_tag?post=27245"},{"taxonomy":"berocket_brand","embeddable":true,"href":"https:\/\/www.facecorner.lv\/ru\/wp-json\/wp\/v2\/berocket_brand?post=27245"}],"curies":[{"name":"wp","href":"https:\/\/api.w.org\/{rel}","templated":true}]}}