{"id":27242,"date":"2026-03-18T17:20:42","date_gmt":"2026-03-18T14:20:42","guid":{"rendered":"https:\/\/www.facecorner.lv\/?post_type=product&#038;p=27242"},"modified":"2026-04-16T23:50:37","modified_gmt":"2026-04-16T20:50:37","slug":"medipeel-retinal-nmn-bounce-shot-eye-cream-intensivs-acu-krems-ar-retinolu-un-nmn-15ml","status":"publish","type":"product","link":"https:\/\/www.facecorner.lv\/ru\/shop\/medipeel-retinal-nmn-bounce-shot-eye-cream-intensivs-acu-krems-ar-retinolu-un-nmn-15ml\/","title":{"rendered":"MEDIPEEL Retinal NMN Bounce Shot Eye Cream \u0438\u043d\u0442\u0435\u043d\u0441\u0438\u0432\u043d\u044b\u0439 \u043a\u0440\u0435\u043c \u0434\u043b\u044f \u0433\u043b\u0430\u0437 \u0441 \u0440\u0435\u0442\u0438\u043d\u0430\u043b\u043e\u043c \u0438 NMN 15ml"},"content":{"rendered":"<p>MEDIPEEL Retinal NMN Bounce Shot Eye Cream \u2014 \u044d\u0442\u043e \u0438\u043d\u043d\u043e\u0432\u0430\u0446\u0438\u043e\u043d\u043d\u044b\u0439 \u0443\u0445\u043e\u0434, \u043a\u043e\u0442\u043e\u0440\u044b\u0439 \u0441\u043e\u0447\u0435\u0442\u0430\u0435\u0442 \u0440\u0435\u0442\u0438\u043d\u0430\u043b (\u0444\u043e\u0440\u043c\u0430 \u0432\u0438\u0442\u0430\u043c\u0438\u043d\u0430 A) \u0438 NMN (\u043d\u0438\u043a\u043e\u0442\u0438\u043d\u0430\u043c\u0438\u0434 \u043c\u043e\u043d\u043e\u043d\u0443\u043a\u043b\u0435\u043e\u0442\u0438\u0434) \u0434\u043b\u044f \u0441\u0442\u0438\u043c\u0443\u043b\u0438\u0440\u043e\u0432\u0430\u043d\u0438\u044f \u0440\u0435\u0433\u0435\u043d\u0435\u0440\u0430\u0446\u0438\u0438 \u043a\u043e\u0436\u0438, \u0443\u043b\u0443\u0447\u0448\u0435\u043d\u0438\u044f \u0443\u043f\u0440\u0443\u0433\u043e\u0441\u0442\u0438 \u0438 \u0441\u043d\u0438\u0436\u0435\u043d\u0438\u044f \u043f\u0440\u0438\u0437\u043d\u0430\u043a\u043e\u0432 \u0441\u0442\u0430\u0440\u0435\u043d\u0438\u044f<\/p>\n<p>\u041b\u0451\u0433\u043a\u0430\u044f \u0442\u0435\u043a\u0441\u0442\u0443\u0440\u0430 \u043a\u0440\u0435\u043c\u0430 \u0431\u044b\u0441\u0442\u0440\u043e \u0432\u043f\u0438\u0442\u044b\u0432\u0430\u0435\u0442\u0441\u044f, \u043e\u0431\u0435\u0441\u043f\u0435\u0447\u0438\u0432\u0430\u044f \u043f\u0438\u0442\u0430\u043d\u0438\u0435 \u0438 \u0443\u0432\u043b\u0430\u0436\u043d\u0435\u043d\u0438\u0435 \u0431\u0435\u0437 \u043b\u0438\u043f\u043a\u043e\u0441\u0442\u0438.<\/p>\n<h6>\u041e\u0441\u043d\u043e\u0432\u043d\u044b\u0435 \u0434\u0435\u0439\u0441\u0442\u0432\u0443\u044e\u0449\u0438\u0435 \u0438\u043d\u0433\u0440\u0435\u0434\u0438\u0435\u043d\u0442\u044b:<\/h6>\n<ul>\n<li>\u0420\u0430\u0437\u0433\u043b\u0430\u0436\u0438\u0432\u0430\u0435\u0442 \u043c\u0435\u043b\u043a\u0438\u0435 \u043c\u043e\u0440\u0449\u0438\u043d\u044b \u0438 \u00ab\u0433\u0443\u0441\u0438\u043d\u044b\u0435 \u043b\u0430\u043f\u043a\u0438\u00bb<\/li>\n<li>\u0423\u043a\u0440\u0435\u043f\u043b\u044f\u0435\u0442 \u0438 \u043f\u043e\u0432\u044b\u0448\u0430\u0435\u0442 \u0443\u043f\u0440\u0443\u0433\u043e\u0441\u0442\u044c \u043a\u043e\u0436\u0438 \u0432\u043e\u043a\u0440\u0443\u0433 \u0433\u043b\u0430\u0437<\/li>\n<li>\u0421\u043d\u0438\u0436\u0430\u0435\u0442 \u043e\u0442\u0451\u043a\u0438 \u0438 \u0442\u0451\u043c\u043d\u044b\u0435 \u043a\u0440\u0443\u0433\u0438<\/li>\n<li>\u0413\u043b\u0443\u0431\u043e\u043a\u043e \u0443\u0432\u043b\u0430\u0436\u043d\u044f\u0435\u0442 \u0438 \u043f\u0438\u0442\u0430\u0435\u0442 \u0442\u043e\u043d\u043a\u0443\u044e \u043a\u043e\u0436\u0443<\/li>\n<li>\u041f\u043e\u0434\u0434\u0435\u0440\u0436\u0438\u0432\u0430\u0435\u0442 \u0440\u0435\u0433\u0435\u043d\u0435\u0440\u0430\u0446\u0438\u044e \u043a\u043e\u0436\u0438 \u0441 \u043f\u043e\u043c\u043e\u0449\u044c\u044e NMN \u0438 \u0440\u0435\u0442\u0438\u043d\u0430\u043b\u0430<\/li>\n<\/ul>\n<p><strong>\u041e\u0441\u043d\u043e\u0432\u043d\u044b\u0435 \u0434\u0435\u0439\u0441\u0442\u0432\u0443\u044e\u0449\u0438\u0435 \u0438\u043d\u0433\u0440\u0435\u0434\u0438\u0435\u043d\u0442\u044b:<\/strong><\/p>\n<ul>\n<li>Retinal \u2014 \u043c\u044f\u0433\u043a\u043e \u0441\u0442\u0438\u043c\u0443\u043b\u0438\u0440\u0443\u0435\u0442 \u043e\u0431\u043d\u043e\u0432\u043b\u0435\u043d\u0438\u0435 \u043a\u043b\u0435\u0442\u043e\u043a \u0438 \u0441\u0438\u043d\u0442\u0435\u0437 \u043a\u043e\u043b\u043b\u0430\u0433\u0435\u043d\u0430<\/li>\n<li>NMN (Nicotinamide Mononucleotide) \u2014 \u0430\u043a\u0442\u0438\u0432\u0438\u0440\u0443\u0435\u0442 \u043f\u0440\u043e\u0446\u0435\u0441\u0441\u044b \u043a\u043b\u0435\u0442\u043e\u0447\u043d\u043e\u0433\u043e \u0432\u043e\u0441\u0441\u0442\u0430\u043d\u043e\u0432\u043b\u0435\u043d\u0438\u044f \u0438 \u043f\u043e\u0432\u044b\u0448\u0430\u0435\u0442 \u044d\u043b\u0430\u0441\u0442\u0438\u0447\u043d\u043e\u0441\u0442\u044c<\/li>\n<li>Peptides \u2014 \u0440\u0430\u0437\u0433\u043b\u0430\u0436\u0438\u0432\u0430\u044e\u0442 \u043c\u043e\u0440\u0449\u0438\u043d\u044b \u0438 \u0443\u043a\u0440\u0435\u043f\u043b\u044f\u044e\u0442 \u043a\u043e\u0436\u0443<\/li>\n<li>Hyaluronic Acid \u0438 \u0440\u0430\u0441\u0442\u0438\u0442\u0435\u043b\u044c\u043d\u044b\u0435 \u044d\u043a\u0441\u0442\u0440\u0430\u043a\u0442\u044b \u2014 \u0438\u043d\u0442\u0435\u043d\u0441\u0438\u0432\u043d\u043e \u0443\u0432\u043b\u0430\u0436\u043d\u044f\u044e\u0442 \u0438 \u0443\u0441\u043f\u043e\u043a\u0430\u0438\u0432\u0430\u044e\u0442 \u043a\u043e\u0436\u0443<\/li>\n<\/ul>\n<p><strong>\u0421\u043f\u043e\u0441\u043e\u0431 \u043f\u0440\u0438\u043c\u0435\u043d\u0435\u043d\u0438\u044f: \u00a0<\/strong>\u041d\u0430\u043d\u0435\u0441\u0438\u0442\u0435 \u043d\u0435\u0431\u043e\u043b\u044c\u0448\u043e\u0435 \u043a\u043e\u043b\u0438\u0447\u0435\u0441\u0442\u0432\u043e \u043a\u0440\u0435\u043c\u0430 \u043d\u0430 \u043e\u0431\u043b\u0430\u0441\u0442\u044c \u0432\u043e\u043a\u0440\u0443\u0433 \u0433\u043b\u0430\u0437 \u043a\u043e\u043d\u0447\u0438\u043a\u0430\u043c\u0438 \u043f\u0430\u043b\u044c\u0446\u0435\u0432, \u0430\u043a\u043a\u0443\u0440\u0430\u0442\u043d\u043e \u0432\u0431\u0438\u0432\u0430\u044f \u0434\u043e \u043f\u043e\u043b\u043d\u043e\u0433\u043e \u0432\u043f\u0438\u0442\u044b\u0432\u0430\u043d\u0438\u044f. \u0418\u0441\u043f\u043e\u043b\u044c\u0437\u0443\u0439\u0442\u0435 \u0443\u0442\u0440\u043e\u043c \u0438 \u0432\u0435\u0447\u0435\u0440\u043e\u043c \u043f\u043e\u0441\u043b\u0435 \u0441\u044b\u0432\u043e\u0440\u043e\u0442\u043a\u0438.<\/p>\n<p><strong>\u0421\u043e\u0441\u0442\u0430\u0432:<\/strong> Water, Butylene Glycol, Glycerin, Caprylic\/Capric Triglyceride, Niacinamide, Pentylene Glycol, Diisostearyl Malate, Phenyl Trimethicone, Squalane, Butyrospermum Parkii (Shea) Butter, Macadamia Ternifolia Seed Oil, Cetearyl Alcohol, Polyglyceryl\u20113 Methylglucose Distearate, Ethylhexyl Palmitate, Hydrogenated Lecithin, 4\u2011T\u2011Butylcyclohexanol, Panthenol, Glyceryl Stearate, Hydroxyacetophenone, Ammonium Acryloyldimethyltaurate\/VP Copolymer, Cetearyl Olivate, Hydroxyethyl Acrylate\/Sodium Acryloyldimethyl Taurate Copolymer, Acrylates\/C10\u201130 Alkyl Acrylate Crosspolymer, 1,2\u2011Hexanediol, Sorbitan Olivate, Tromethamine, Cholesterol, Retinal, Tocopheryl Acetate, Polyglyceryl\u201110 Laurate, Fragrance (Parfum), Diethylhexyl Syringylidenemalonate, Brassica Campestris (Rapeseed) Sterols, Silica, Ethylhexylglycerin, Hippophae Rhamnoides Oil, Adenosine, Tocopherol, Aluminum\/Magnesium Hydroxide Stearate, Potassium Cetyl Phosphate, Sodium Dilauramidoglutamide Lysine, Nicotinamide Mononucleotide, Allantoin, Nicotinamide Adenine Dinucleotide (NAD), Sodium Phytate, Trihydroxystearin, Benzyl Salicylate, PPG\u201113\u2011Decyltetradeceth\u201124, Linalool, Dipotassium Glycyrrhizate, Erythritol, Sodium Hyaluronate, Cynanchum Atratum Extract, Dimethyl Isosorbide, Disodium EDTA, Hydrolyzed Collagen, Isopropyl Lauroyl Sarcosinate, Retinyl Retinoate, Althaea Rosea Flower Extract, Hydroxypinacolone Retinoate, Retinyl Acetate, Glucomannan, Benzotriazolyl Dodecyl p\u2011Cresol, Bakuchiol, Lecithin, Silybin, Honokiol<\/p>","protected":false},"excerpt":{"rendered":"<p>MEDIPEEL Retinal NMN Bounce Shot Eye Cream \u2014 \u044d\u0442\u043e \u0438\u043d\u043d\u043e\u0432\u0430\u0446\u0438\u043e\u043d\u043d\u044b\u0439 \u0443\u0445\u043e\u0434, \u043a\u043e\u0442\u043e\u0440\u044b\u0439 \u0441\u043e\u0447\u0435\u0442\u0430\u0435\u0442 \u0440\u0435\u0442\u0438\u043d\u0430\u043b (\u0444\u043e\u0440\u043c\u0430 \u0432\u0438\u0442\u0430\u043c\u0438\u043d\u0430 A) \u0438 NMN (\u043d\u0438\u043a\u043e\u0442\u0438\u043d\u0430\u043c\u0438\u0434 \u043c\u043e\u043d\u043e\u043d\u0443\u043a\u043b\u0435\u043e\u0442\u0438\u0434) \u0434\u043b\u044f \u0441\u0442\u0438\u043c\u0443\u043b\u0438\u0440\u043e\u0432\u0430\u043d\u0438\u044f \u0440\u0435\u0433\u0435\u043d\u0435\u0440\u0430\u0446\u0438\u0438 \u043a\u043e\u0436\u0438, \u0443\u043b\u0443\u0447\u0448\u0435\u043d\u0438\u044f \u0443\u043f\u0440\u0443\u0433\u043e\u0441\u0442\u0438 \u0438 \u0441\u043d\u0438\u0436\u0435\u043d\u0438\u044f \u043f\u0440\u0438\u0437\u043d\u0430\u043a\u043e\u0432 \u0441\u0442\u0430\u0440\u0435\u043d\u0438\u044f<\/p>","protected":false},"featured_media":27243,"comment_status":"open","ping_status":"closed","template":"","meta":{"site-sidebar-layout":"default","site-content-layout":"","ast-site-content-layout":"default","site-content-style":"default","site-sidebar-style":"default","ast-global-header-display":"","ast-banner-title-visibility":"","ast-main-header-display":"","ast-hfb-above-header-display":"","ast-hfb-below-header-display":"","ast-hfb-mobile-header-display":"","site-post-title":"","ast-breadcrumbs-content":"","ast-featured-img":"","footer-sml-layout":"","theme-transparent-header-meta":"default","adv-header-id-meta":"","stick-header-meta":"","header-above-stick-meta":"","header-main-stick-meta":"","header-below-stick-meta":"","astra-migrate-meta-layouts":"set","ast-page-background-enabled":"default","ast-page-background-meta":{"desktop":{"background-color":"var(--ast-global-color-4)","background-image":"","background-repeat":"repeat","background-position":"center center","background-size":"auto","background-attachment":"scroll","background-type":"","background-media":"","overlay-type":"","overlay-color":"","overlay-opacity":"","overlay-gradient":""},"tablet":{"background-color":"","background-image":"","background-repeat":"repeat","background-position":"center center","background-size":"auto","background-attachment":"scroll","background-type":"","background-media":"","overlay-type":"","overlay-color":"","overlay-opacity":"","overlay-gradient":""},"mobile":{"background-color":"","background-image":"","background-repeat":"repeat","background-position":"center center","background-size":"auto","background-attachment":"scroll","background-type":"","background-media":"","overlay-type":"","overlay-color":"","overlay-opacity":"","overlay-gradient":""}},"ast-content-background-meta":{"desktop":{"background-color":"var(--ast-global-color-5)","background-image":"","background-repeat":"repeat","background-position":"center center","background-size":"auto","background-attachment":"scroll","background-type":"","background-media":"","overlay-type":"","overlay-color":"","overlay-opacity":"","overlay-gradient":""},"tablet":{"background-color":"var(--ast-global-color-5)","background-image":"","background-repeat":"repeat","background-position":"center center","background-size":"auto","background-attachment":"scroll","background-type":"","background-media":"","overlay-type":"","overlay-color":"","overlay-opacity":"","overlay-gradient":""},"mobile":{"background-color":"var(--ast-global-color-5)","background-image":"","background-repeat":"repeat","background-position":"center center","background-size":"auto","background-attachment":"scroll","background-type":"","background-media":"","overlay-type":"","overlay-color":"","overlay-opacity":"","overlay-gradient":""}}},"product_brand":[],"product_cat":[308],"product_tag":[],"berocket_brand":[583],"class_list":{"0":"post-27242","1":"product","2":"type-product","3":"status-publish","4":"has-post-thumbnail","6":"product_cat-acu-krems","7":"berocket_brand-medi-peel","8":"desktop-align-left","9":"tablet-align-left","10":"mobile-align-left","12":"first","13":"instock","14":"taxable","15":"shipping-taxable","16":"purchasable","17":"product-type-simple","18":"add-to-wishlist-before_image"},"yoast_head":"<!-- This site is optimized with the Yoast SEO plugin v27.4 - https:\/\/yoast.com\/product\/yoast-seo-wordpress\/ -->\n<title>MEDIPEEL Retinal NMN Bounce Shot Eye Cream intens\u012bvs acu kr\u0113ms ar retinolu un NMN 15ml - FACECORNER<\/title>\n<meta name=\"description\" content=\"MEDIPEEL Retinal NMN Bounce Shot Eye Cream intens\u012bvs acu kr\u0113ms ar retinolu un NMN, kas izl\u012bdzina grumbi\u0146as un pie\u0161\u0137ir mirdzumu \u0101dai ap ac\u012bm.\" \/>\n<meta name=\"robots\" content=\"index, follow, max-snippet:-1, max-image-preview:large, max-video-preview:-1\" \/>\n<link rel=\"canonical\" href=\"https:\/\/www.facecorner.lv\/ru\/shop\/medipeel-retinal-nmn-bounce-shot-eye-cream-intensivs-acu-krems-ar-retinolu-un-nmn-15ml\/\" \/>\n<meta property=\"og:locale\" content=\"ru_RU\" \/>\n<meta property=\"og:type\" content=\"article\" \/>\n<meta property=\"og:title\" content=\"MEDIPEEL Retinal NMN Bounce Shot Eye Cream intens\u012bvs acu kr\u0113ms ar retinolu un NMN 15ml - FACECORNER\" \/>\n<meta property=\"og:description\" content=\"MEDIPEEL Retinal NMN Bounce Shot Eye Cream intens\u012bvs acu kr\u0113ms ar retinolu un NMN, kas izl\u012bdzina grumbi\u0146as un pie\u0161\u0137ir mirdzumu \u0101dai ap ac\u012bm.\" \/>\n<meta property=\"og:url\" content=\"https:\/\/www.facecorner.lv\/ru\/shop\/medipeel-retinal-nmn-bounce-shot-eye-cream-intensivs-acu-krems-ar-retinolu-un-nmn-15ml\/\" \/>\n<meta property=\"og:site_name\" content=\"FACECORNER\" \/>\n<meta property=\"article:publisher\" content=\"https:\/\/www.facebook.com\/profile.php?id=100063824551839\" \/>\n<meta property=\"article:modified_time\" content=\"2026-04-16T20:50:37+00:00\" \/>\n<meta property=\"og:image\" content=\"https:\/\/www.facecorner.lv\/wp-content\/uploads\/2026\/03\/NMN___1_grande.webp\" \/>\n\t<meta property=\"og:image:width\" content=\"600\" \/>\n\t<meta property=\"og:image:height\" content=\"600\" \/>\n\t<meta property=\"og:image:type\" content=\"image\/webp\" \/>\n<meta name=\"twitter:card\" content=\"summary_large_image\" \/>\n<meta name=\"twitter:label1\" content=\"\u0426\u0435\u043d\u0430\" \/>\n\t<meta name=\"twitter:data1\" content=\"&euro;29.95\" \/>\n\t<meta name=\"twitter:label2\" content=\"\u0414\u043e\u0441\u0442\u0443\u043f\u043d\u043e\u0441\u0442\u044c\" \/>\n\t<meta name=\"twitter:data2\" content=\"\u0412 \u043d\u0430\u043b\u0438\u0447\u0438\u0438\" \/>\n<script type=\"application\/ld+json\" class=\"yoast-schema-graph\">{\"@context\":\"https:\\\/\\\/schema.org\",\"@graph\":[{\"@type\":\"WebPage\",\"@id\":\"https:\\\/\\\/www.facecorner.lv\\\/shop\\\/medipeel-retinal-nmn-bounce-shot-eye-cream-intensivs-acu-krems-ar-retinolu-un-nmn-15ml\\\/\",\"url\":\"https:\\\/\\\/www.facecorner.lv\\\/shop\\\/medipeel-retinal-nmn-bounce-shot-eye-cream-intensivs-acu-krems-ar-retinolu-un-nmn-15ml\\\/\",\"name\":\"MEDIPEEL Retinal NMN Bounce Shot Eye Cream intens\u012bvs acu kr\u0113ms ar retinolu un NMN 15ml - FACECORNER\",\"isPartOf\":{\"@id\":\"https:\\\/\\\/www.facecorner.lv\\\/#website\"},\"primaryImageOfPage\":{\"@id\":\"https:\\\/\\\/www.facecorner.lv\\\/shop\\\/medipeel-retinal-nmn-bounce-shot-eye-cream-intensivs-acu-krems-ar-retinolu-un-nmn-15ml\\\/#primaryimage\"},\"image\":{\"@id\":\"https:\\\/\\\/www.facecorner.lv\\\/shop\\\/medipeel-retinal-nmn-bounce-shot-eye-cream-intensivs-acu-krems-ar-retinolu-un-nmn-15ml\\\/#primaryimage\"},\"thumbnailUrl\":\"https:\\\/\\\/www.facecorner.lv\\\/wp-content\\\/uploads\\\/2026\\\/03\\\/NMN___1_grande.webp\",\"datePublished\":\"2026-03-18T14:20:42+00:00\",\"dateModified\":\"2026-04-16T20:50:37+00:00\",\"description\":\"MEDIPEEL Retinal NMN Bounce Shot Eye Cream intens\u012bvs acu kr\u0113ms ar retinolu un NMN, kas izl\u012bdzina grumbi\u0146as un pie\u0161\u0137ir mirdzumu \u0101dai ap ac\u012bm.\",\"breadcrumb\":{\"@id\":\"https:\\\/\\\/www.facecorner.lv\\\/shop\\\/medipeel-retinal-nmn-bounce-shot-eye-cream-intensivs-acu-krems-ar-retinolu-un-nmn-15ml\\\/#breadcrumb\"},\"inLanguage\":\"ru-RU\",\"potentialAction\":[{\"@type\":\"ReadAction\",\"target\":[\"https:\\\/\\\/www.facecorner.lv\\\/shop\\\/medipeel-retinal-nmn-bounce-shot-eye-cream-intensivs-acu-krems-ar-retinolu-un-nmn-15ml\\\/\"]}]},{\"@type\":\"ImageObject\",\"inLanguage\":\"ru-RU\",\"@id\":\"https:\\\/\\\/www.facecorner.lv\\\/shop\\\/medipeel-retinal-nmn-bounce-shot-eye-cream-intensivs-acu-krems-ar-retinolu-un-nmn-15ml\\\/#primaryimage\",\"url\":\"https:\\\/\\\/www.facecorner.lv\\\/wp-content\\\/uploads\\\/2026\\\/03\\\/NMN___1_grande.webp\",\"contentUrl\":\"https:\\\/\\\/www.facecorner.lv\\\/wp-content\\\/uploads\\\/2026\\\/03\\\/NMN___1_grande.webp\",\"width\":600,\"height\":600,\"caption\":\"MEDIPEEL Retinal NMN Bounce Shot Eye Cream\"},{\"@type\":\"BreadcrumbList\",\"@id\":\"https:\\\/\\\/www.facecorner.lv\\\/shop\\\/medipeel-retinal-nmn-bounce-shot-eye-cream-intensivs-acu-krems-ar-retinolu-un-nmn-15ml\\\/#breadcrumb\",\"itemListElement\":[{\"@type\":\"ListItem\",\"position\":1,\"name\":\"Home\",\"item\":\"https:\\\/\\\/www.facecorner.lv\\\/\"},{\"@type\":\"ListItem\",\"position\":2,\"name\":\"Veikals\",\"item\":\"https:\\\/\\\/www.facecorner.lv\\\/shop\\\/\"},{\"@type\":\"ListItem\",\"position\":3,\"name\":\"MEDIPEEL Retinal NMN Bounce Shot Eye Cream intens\u012bvs acu kr\u0113ms ar retinolu un NMN 15ml\"}]},{\"@type\":\"WebSite\",\"@id\":\"https:\\\/\\\/www.facecorner.lv\\\/#website\",\"url\":\"https:\\\/\\\/www.facecorner.lv\\\/\",\"name\":\"Facecorner\",\"description\":\"\",\"publisher\":{\"@id\":\"https:\\\/\\\/www.facecorner.lv\\\/#organization\"},\"potentialAction\":[{\"@type\":\"SearchAction\",\"target\":{\"@type\":\"EntryPoint\",\"urlTemplate\":\"https:\\\/\\\/www.facecorner.lv\\\/?s={search_term_string}\"},\"query-input\":{\"@type\":\"PropertyValueSpecification\",\"valueRequired\":true,\"valueName\":\"search_term_string\"}}],\"inLanguage\":\"ru-RU\"},{\"@type\":\"Organization\",\"@id\":\"https:\\\/\\\/www.facecorner.lv\\\/#organization\",\"name\":\"Facecorner\",\"url\":\"https:\\\/\\\/www.facecorner.lv\\\/\",\"logo\":{\"@type\":\"ImageObject\",\"inLanguage\":\"ru-RU\",\"@id\":\"https:\\\/\\\/www.facecorner.lv\\\/#\\\/schema\\\/logo\\\/image\\\/\",\"url\":\"https:\\\/\\\/www.facecorner.lv\\\/wp-content\\\/uploads\\\/2024\\\/04\\\/fc-logo.jpg\",\"contentUrl\":\"https:\\\/\\\/www.facecorner.lv\\\/wp-content\\\/uploads\\\/2024\\\/04\\\/fc-logo.jpg\",\"width\":174,\"height\":28,\"caption\":\"Facecorner\"},\"image\":{\"@id\":\"https:\\\/\\\/www.facecorner.lv\\\/#\\\/schema\\\/logo\\\/image\\\/\"},\"sameAs\":[\"https:\\\/\\\/www.facebook.com\\\/profile.php?id=100063824551839\",\"https:\\\/\\\/www.instagram.com\\\/facecorner_shop\\\/\"]}]}<\/script>\n<meta property=\"product:price:amount\" content=\"29.95\" \/>\n<meta property=\"product:price:currency\" content=\"EUR\" \/>\n<meta property=\"og:availability\" content=\"instock\" \/>\n<meta property=\"product:availability\" content=\"instock\" \/>\n<meta property=\"product:condition\" content=\"new\" \/>\n<!-- \/ Yoast SEO plugin. -->","yoast_head_json":{"title":"MEDIPEEL Retinal NMN Bounce Shot Eye Cream intens\u012bvs acu kr\u0113ms ar retinolu un NMN 15ml - FACECORNER","description":"MEDIPEEL Retinal NMN Bounce Shot Eye Cream \u2014 \u044d\u0442\u043e \u0438\u043d\u043d\u043e\u0432\u0430\u0446\u0438\u043e\u043d\u043d\u044b\u0439 \u0443\u0445\u043e\u0434, \u043a\u043e\u0442\u043e\u0440\u044b\u0439 \u0441\u043e\u0447\u0435\u0442\u0430\u0435\u0442 \u0440\u0435\u0442\u0438\u043d\u0430\u043b (\u0444\u043e\u0440\u043c\u0430 \u0432\u0438\u0442\u0430\u043c\u0438\u043d\u0430 A) \u0438 NMN (\u043d\u0438\u043a\u043e\u0442\u0438\u043d\u0430\u043c\u0438\u0434 \u043c\u043e\u043d\u043e\u043d\u0443\u043a\u043b\u0435\u043e\u0442\u0438\u0434) \u0434\u043b\u044f \u0441\u0442\u0438\u043c\u0443\u043b\u0438\u0440\u043e\u0432\u0430\u043d\u0438\u044f \u0440\u0435\u0433\u0435\u043d\u0435\u0440\u0430\u0446\u0438\u0438 \u043a\u043e\u0436\u0438, \u0443\u043b\u0443\u0447\u0448\u0435\u043d\u0438\u044f \u0443\u043f\u0440\u0443\u0433\u043e\u0441\u0442\u0438 \u0438 \u0441\u043d\u0438\u0436\u0435\u043d\u0438\u044f \u043f\u0440\u0438\u0437\u043d\u0430\u043a\u043e\u0432 \u0441\u0442\u0430\u0440\u0435\u043d\u0438\u044f","robots":{"index":"index","follow":"follow","max-snippet":"max-snippet:-1","max-image-preview":"max-image-preview:large","max-video-preview":"max-video-preview:-1"},"canonical":"https:\/\/www.facecorner.lv\/ru\/shop\/medipeel-retinal-nmn-bounce-shot-eye-cream-intensivs-acu-krems-ar-retinolu-un-nmn-15ml\/","og_locale":"ru_RU","og_type":"article","og_title":"MEDIPEEL Retinal NMN Bounce Shot Eye Cream intens\u012bvs acu kr\u0113ms ar retinolu un NMN 15ml - FACECORNER","og_description":"MEDIPEEL Retinal NMN Bounce Shot Eye Cream intens\u012bvs acu kr\u0113ms ar retinolu un NMN, kas izl\u012bdzina grumbi\u0146as un pie\u0161\u0137ir mirdzumu \u0101dai ap ac\u012bm.","og_url":"https:\/\/www.facecorner.lv\/ru\/shop\/medipeel-retinal-nmn-bounce-shot-eye-cream-intensivs-acu-krems-ar-retinolu-un-nmn-15ml\/","og_site_name":"FACECORNER","article_publisher":"https:\/\/www.facebook.com\/profile.php?id=100063824551839","article_modified_time":"2026-04-16T20:50:37+00:00","og_image":[{"width":600,"height":600,"url":"https:\/\/www.facecorner.lv\/wp-content\/uploads\/2026\/03\/NMN___1_grande.webp","type":"image\/webp"}],"twitter_card":"summary_large_image","twitter_misc":{"\u0426\u0435\u043d\u0430":"&euro;29.95","\u0414\u043e\u0441\u0442\u0443\u043f\u043d\u043e\u0441\u0442\u044c":"\u0412 \u043d\u0430\u043b\u0438\u0447\u0438\u0438"},"schema":{"@context":"https:\/\/schema.org","@graph":[{"@type":"WebPage","@id":"https:\/\/www.facecorner.lv\/shop\/medipeel-retinal-nmn-bounce-shot-eye-cream-intensivs-acu-krems-ar-retinolu-un-nmn-15ml\/","url":"https:\/\/www.facecorner.lv\/shop\/medipeel-retinal-nmn-bounce-shot-eye-cream-intensivs-acu-krems-ar-retinolu-un-nmn-15ml\/","name":"MEDIPEEL Retinal NMN Bounce Shot Eye Cream intens\u012bvs acu kr\u0113ms ar retinolu un NMN 15ml - FACECORNER","isPartOf":{"@id":"https:\/\/www.facecorner.lv\/#website"},"primaryImageOfPage":{"@id":"https:\/\/www.facecorner.lv\/shop\/medipeel-retinal-nmn-bounce-shot-eye-cream-intensivs-acu-krems-ar-retinolu-un-nmn-15ml\/#primaryimage"},"image":{"@id":"https:\/\/www.facecorner.lv\/shop\/medipeel-retinal-nmn-bounce-shot-eye-cream-intensivs-acu-krems-ar-retinolu-un-nmn-15ml\/#primaryimage"},"thumbnailUrl":"https:\/\/www.facecorner.lv\/wp-content\/uploads\/2026\/03\/NMN___1_grande.webp","datePublished":"2026-03-18T14:20:42+00:00","dateModified":"2026-04-16T20:50:37+00:00","description":"MEDIPEEL Retinal NMN Bounce Shot Eye Cream \u2014 \u044d\u0442\u043e \u0438\u043d\u043d\u043e\u0432\u0430\u0446\u0438\u043e\u043d\u043d\u044b\u0439 \u0443\u0445\u043e\u0434, \u043a\u043e\u0442\u043e\u0440\u044b\u0439 \u0441\u043e\u0447\u0435\u0442\u0430\u0435\u0442 \u0440\u0435\u0442\u0438\u043d\u0430\u043b (\u0444\u043e\u0440\u043c\u0430 \u0432\u0438\u0442\u0430\u043c\u0438\u043d\u0430 A) \u0438 NMN (\u043d\u0438\u043a\u043e\u0442\u0438\u043d\u0430\u043c\u0438\u0434 \u043c\u043e\u043d\u043e\u043d\u0443\u043a\u043b\u0435\u043e\u0442\u0438\u0434) \u0434\u043b\u044f \u0441\u0442\u0438\u043c\u0443\u043b\u0438\u0440\u043e\u0432\u0430\u043d\u0438\u044f \u0440\u0435\u0433\u0435\u043d\u0435\u0440\u0430\u0446\u0438\u0438 \u043a\u043e\u0436\u0438, \u0443\u043b\u0443\u0447\u0448\u0435\u043d\u0438\u044f \u0443\u043f\u0440\u0443\u0433\u043e\u0441\u0442\u0438 \u0438 \u0441\u043d\u0438\u0436\u0435\u043d\u0438\u044f \u043f\u0440\u0438\u0437\u043d\u0430\u043a\u043e\u0432 \u0441\u0442\u0430\u0440\u0435\u043d\u0438\u044f","breadcrumb":{"@id":"https:\/\/www.facecorner.lv\/shop\/medipeel-retinal-nmn-bounce-shot-eye-cream-intensivs-acu-krems-ar-retinolu-un-nmn-15ml\/#breadcrumb"},"inLanguage":"ru-RU","potentialAction":[{"@type":"ReadAction","target":["https:\/\/www.facecorner.lv\/shop\/medipeel-retinal-nmn-bounce-shot-eye-cream-intensivs-acu-krems-ar-retinolu-un-nmn-15ml\/"]}]},{"@type":"ImageObject","inLanguage":"ru-RU","@id":"https:\/\/www.facecorner.lv\/shop\/medipeel-retinal-nmn-bounce-shot-eye-cream-intensivs-acu-krems-ar-retinolu-un-nmn-15ml\/#primaryimage","url":"https:\/\/www.facecorner.lv\/wp-content\/uploads\/2026\/03\/NMN___1_grande.webp","contentUrl":"https:\/\/www.facecorner.lv\/wp-content\/uploads\/2026\/03\/NMN___1_grande.webp","width":600,"height":600,"caption":"MEDIPEEL Retinal NMN Bounce Shot Eye Cream"},{"@type":"BreadcrumbList","@id":"https:\/\/www.facecorner.lv\/shop\/medipeel-retinal-nmn-bounce-shot-eye-cream-intensivs-acu-krems-ar-retinolu-un-nmn-15ml\/#breadcrumb","itemListElement":[{"@type":"ListItem","position":1,"name":"Home","item":"https:\/\/www.facecorner.lv\/"},{"@type":"ListItem","position":2,"name":"Veikals","item":"https:\/\/www.facecorner.lv\/shop\/"},{"@type":"ListItem","position":3,"name":"MEDIPEEL Retinal NMN Bounce Shot Eye Cream intens\u012bvs acu kr\u0113ms ar retinolu un NMN 15ml"}]},{"@type":"WebSite","@id":"https:\/\/www.facecorner.lv\/#website","url":"https:\/\/www.facecorner.lv\/","name":"Facecorner","description":"","publisher":{"@id":"https:\/\/www.facecorner.lv\/#organization"},"potentialAction":[{"@type":"SearchAction","target":{"@type":"EntryPoint","urlTemplate":"https:\/\/www.facecorner.lv\/?s={search_term_string}"},"query-input":{"@type":"PropertyValueSpecification","valueRequired":true,"valueName":"search_term_string"}}],"inLanguage":"ru-RU"},{"@type":"Organization","@id":"https:\/\/www.facecorner.lv\/#organization","name":"Facecorner","url":"https:\/\/www.facecorner.lv\/","logo":{"@type":"ImageObject","inLanguage":"ru-RU","@id":"https:\/\/www.facecorner.lv\/#\/schema\/logo\/image\/","url":"https:\/\/www.facecorner.lv\/wp-content\/uploads\/2024\/04\/fc-logo.jpg","contentUrl":"https:\/\/www.facecorner.lv\/wp-content\/uploads\/2024\/04\/fc-logo.jpg","width":174,"height":28,"caption":"Facecorner"},"image":{"@id":"https:\/\/www.facecorner.lv\/#\/schema\/logo\/image\/"},"sameAs":["https:\/\/www.facebook.com\/profile.php?id=100063824551839","https:\/\/www.instagram.com\/facecorner_shop\/"]}]},"product_price_amount":"29.95","product_price_currency":"EUR","og_availability":"instock","product_availability":"instock","product_condition":"new"},"_links":{"self":[{"href":"https:\/\/www.facecorner.lv\/ru\/wp-json\/wp\/v2\/product\/27242","targetHints":{"allow":["GET"]}}],"collection":[{"href":"https:\/\/www.facecorner.lv\/ru\/wp-json\/wp\/v2\/product"}],"about":[{"href":"https:\/\/www.facecorner.lv\/ru\/wp-json\/wp\/v2\/types\/product"}],"replies":[{"embeddable":true,"href":"https:\/\/www.facecorner.lv\/ru\/wp-json\/wp\/v2\/comments?post=27242"}],"wp:featuredmedia":[{"embeddable":true,"href":"https:\/\/www.facecorner.lv\/ru\/wp-json\/wp\/v2\/media\/27243"}],"wp:attachment":[{"href":"https:\/\/www.facecorner.lv\/ru\/wp-json\/wp\/v2\/media?parent=27242"}],"wp:term":[{"taxonomy":"product_brand","embeddable":true,"href":"https:\/\/www.facecorner.lv\/ru\/wp-json\/wp\/v2\/product_brand?post=27242"},{"taxonomy":"product_cat","embeddable":true,"href":"https:\/\/www.facecorner.lv\/ru\/wp-json\/wp\/v2\/product_cat?post=27242"},{"taxonomy":"product_tag","embeddable":true,"href":"https:\/\/www.facecorner.lv\/ru\/wp-json\/wp\/v2\/product_tag?post=27242"},{"taxonomy":"berocket_brand","embeddable":true,"href":"https:\/\/www.facecorner.lv\/ru\/wp-json\/wp\/v2\/berocket_brand?post=27242"}],"curies":[{"name":"wp","href":"https:\/\/api.w.org\/{rel}","templated":true}]}}