{"id":27162,"date":"2026-03-10T14:24:27","date_gmt":"2026-03-10T11:24:27","guid":{"rendered":"https:\/\/www.facecorner.lv\/?post_type=product&#038;p=27162"},"modified":"2026-03-10T14:24:28","modified_gmt":"2026-03-10T11:24:28","slug":"sungboon-editor-deep-collagen-barrier-serum-mist-mitrinoss-serums-mist-ar-kolagenu-30ml","status":"publish","type":"product","link":"https:\/\/www.facecorner.lv\/ru\/shop\/sungboon-editor-deep-collagen-barrier-serum-mist-mitrinoss-serums-mist-ar-kolagenu-30ml\/","title":{"rendered":"Sungboon Editor Deep Collagen Barrier Serum Mist \u0443\u0432\u043b\u0430\u0436\u043d\u044f\u044e\u0449\u0438\u0439 \u043c\u0438\u0441\u0442-\u0441\u044b\u0432\u043e\u0440\u043e\u0442\u043a\u0430 \u0441 \u043a\u043e\u043b\u043b\u0430\u0433\u0435\u043d\u043e\u043c 30ml"},"content":{"rendered":"<p>Sungboon Editor Deep Collagen Barrier Serum Mist \u2014 \u044d\u0442\u043e \u043c\u043d\u043e\u0433\u043e\u0444\u0443\u043d\u043a\u0446\u0438\u043e\u043d\u0430\u043b\u044c\u043d\u044b\u0439 \u0443\u0432\u043b\u0430\u0436\u043d\u044f\u044e\u0449\u0438\u0439 \u043c\u0438\u0441\u0442-\u0441\u044b\u0432\u043e\u0440\u043e\u0442\u043a\u0430, \u043a\u043e\u0442\u043e\u0440\u044b\u0439 \u0443\u043a\u0440\u0435\u043f\u043b\u044f\u0435\u0442 \u043a\u043e\u0436\u043d\u044b\u0439 \u0431\u0430\u0440\u044c\u0435\u0440, \u0433\u043b\u0443\u0431\u043e\u043a\u043e \u0443\u0432\u043b\u0430\u0436\u043d\u044f\u0435\u0442 \u0438 \u043f\u043e\u043c\u043e\u0433\u0430\u0435\u0442 \u043f\u043e\u0434\u0434\u0435\u0440\u0436\u0438\u0432\u0430\u0442\u044c \u0443\u043f\u0440\u0443\u0433\u043e\u0441\u0442\u044c \u043a\u043e\u0436\u0438 \u0432 \u0442\u0435\u0447\u0435\u043d\u0438\u0435 \u0434\u043d\u044f.<\/p>\n<p>\u041b\u0451\u0433\u043a\u0430\u044f \u043c\u0435\u043b\u043a\u043e\u0434\u0438\u0441\u043f\u0435\u0440\u0441\u043d\u0430\u044f \u0442\u0435\u043a\u0441\u0442\u0443\u0440\u0430 \u0431\u044b\u0441\u0442\u0440\u043e \u0432\u043f\u0438\u0442\u044b\u0432\u0430\u0435\u0442\u0441\u044f, \u043d\u0435 \u043e\u0441\u0442\u0430\u0432\u043b\u044f\u044f \u043b\u0438\u043f\u043a\u043e\u0441\u0442\u0438, \u0438 \u0434\u0430\u0440\u0438\u0442 \u043a\u043e\u0436\u0435 \u043e\u0449\u0443\u0449\u0435\u043d\u0438\u0435 \u0441\u0432\u0435\u0436\u0435\u0441\u0442\u0438 \u0438 \u043a\u043e\u043c\u0444\u043e\u0440\u0442\u0430.<\/p>\n<p>\u0424\u043e\u0440\u043c\u0443\u043b\u0430 \u0441 \u043a\u043e\u043b\u043b\u0430\u0433\u0435\u043d\u043e\u043c \u043f\u043e\u043c\u043e\u0433\u0430\u0435\u0442 \u0443\u043b\u0443\u0447\u0448\u0438\u0442\u044c \u044d\u043b\u0430\u0441\u0442\u0438\u0447\u043d\u043e\u0441\u0442\u044c \u043a\u043e\u0436\u0438 \u0438 \u0432\u0438\u0437\u0443\u0430\u043b\u044c\u043d\u043e \u0440\u0430\u0437\u0433\u043b\u0430\u0434\u0438\u0442\u044c \u043c\u0435\u043b\u043a\u0438\u0435 \u043c\u043e\u0440\u0449\u0438\u043d\u044b, \u0430 \u043a\u043e\u043c\u043f\u043e\u043d\u0435\u043d\u0442\u044b \u0434\u043b\u044f \u0432\u043e\u0441\u0441\u0442\u0430\u043d\u043e\u0432\u043b\u0435\u043d\u0438\u044f \u0431\u0430\u0440\u044c\u0435\u0440\u0430 \u043f\u043e\u0434\u0434\u0435\u0440\u0436\u0438\u0432\u0430\u044e\u0442 \u0435\u0441\u0442\u0435\u0441\u0442\u0432\u0435\u043d\u043d\u044b\u0439 \u0431\u0430\u043b\u0430\u043d\u0441 \u0432\u043b\u0430\u0433\u0438 \u0438 \u0437\u0430\u0449\u0438\u0449\u0430\u044e\u0442 \u043a\u043e\u0436\u0443 \u043e\u0442 \u0432\u043d\u0435\u0448\u043d\u0438\u0445 \u0444\u0430\u043a\u0442\u043e\u0440\u043e\u0432.<\/p>\n<p>\u041c\u0438\u0441\u0442 \u043c\u043e\u0436\u043d\u043e \u0438\u0441\u043f\u043e\u043b\u044c\u0437\u043e\u0432\u0430\u0442\u044c \u043a\u0430\u043a \u043d\u0430 \u044d\u0442\u0430\u043f\u0435 \u0443\u0445\u043e\u0434\u0430 \u0437\u0430 \u043a\u043e\u0436\u0435\u0439, \u0442\u0430\u043a \u0438 \u0432 \u0442\u0435\u0447\u0435\u043d\u0438\u0435 \u0434\u043d\u044f \u043f\u043e\u0432\u0435\u0440\u0445 \u043c\u0430\u043a\u0438\u044f\u0436\u0430 \u0434\u043b\u044f \u0434\u043e\u043f\u043e\u043b\u043d\u0438\u0442\u0435\u043b\u044c\u043d\u043e\u0433\u043e \u0443\u0432\u043b\u0430\u0436\u043d\u0435\u043d\u0438\u044f \u0438 \u0441\u0438\u044f\u043d\u0438\u044f.<\/p>\n<h6>\u041f\u0440\u0435\u0438\u043c\u0443\u0449\u0435\u0441\u0442\u0432\u0430<\/h6>\n<ul>\n<li>\u0438\u043d\u0442\u0435\u043d\u0441\u0438\u0432\u043d\u043e \u0443\u0432\u043b\u0430\u0436\u043d\u044f\u044e\u0442 \u0438 \u043e\u0441\u0432\u0435\u0436\u0430\u044e\u0442 \u043a\u043e\u0436\u0443<\/li>\n<li>\u043f\u043e\u0434\u0434\u0435\u0440\u0436\u0438\u0432\u0430\u0435\u0442 \u0438 \u0443\u043a\u0440\u0435\u043f\u043b\u044f\u0435\u0442 \u0437\u0430\u0449\u0438\u0442\u043d\u044b\u0439 \u0431\u0430\u0440\u044c\u0435\u0440 \u043a\u043e\u0436\u0438<\/li>\n<li>\u043f\u043e\u043c\u043e\u0433\u0430\u0435\u0442 \u043f\u043e\u0432\u044b\u0441\u0438\u0442\u044c \u0443\u043f\u0440\u0443\u0433\u043e\u0441\u0442\u044c \u0438 \u0433\u043b\u0430\u0434\u043a\u043e\u0441\u0442\u044c<\/li>\n<li>\u043c\u0435\u043b\u043a\u043e\u0435 \u0440\u0430\u0441\u043f\u044b\u043b\u0435\u043d\u0438\u0435 \u0431\u0435\u0437 \u043b\u0438\u043f\u043a\u043e\u0441\u0442\u0438<\/li>\n<li>\u043f\u043e\u0434\u0445\u043e\u0434\u0438\u0442 \u0434\u043b\u044f \u0438\u0441\u043f\u043e\u043b\u044c\u0437\u043e\u0432\u0430\u043d\u0438\u044f \u0432 \u043b\u044e\u0431\u043e\u0435 \u0432\u0440\u0435\u043c\u044f \u0434\u043d\u044f, \u0434\u0430\u0436\u0435 \u043f\u043e\u0432\u0435\u0440\u0445 \u043c\u0430\u043a\u0438\u044f\u0436\u0430<\/li>\n<\/ul>\n<p><strong>\u0421\u043f\u043e\u0441\u043e\u0431 \u043f\u0440\u0438\u043c\u0435\u043d\u0435\u043d\u0438\u044f:\u00a0<\/strong>\u0420\u0430\u0441\u043f\u044b\u043b\u0438\u0442\u0435 \u043c\u0438\u0441\u0442 \u043d\u0430 \u0447\u0438\u0441\u0442\u0443\u044e \u043a\u043e\u0436\u0443 \u043b\u0438\u0446\u0430 \u0441 \u0440\u0430\u0441\u0441\u0442\u043e\u044f\u043d\u0438\u044f 20\u201330 \u0441\u043c. \u0418\u0441\u043f\u043e\u043b\u044c\u0437\u0443\u0439\u0442\u0435 \u043f\u043e\u0441\u043b\u0435 \u043e\u0447\u0438\u0449\u0435\u043d\u0438\u044f \u0438 \u0442\u043e\u043d\u0435\u0440\u0430, \u043b\u0438\u0431\u043e \u0432 \u0442\u0435\u0447\u0435\u043d\u0438\u0435 \u0434\u043d\u044f \u0434\u043b\u044f \u0434\u043e\u043f\u043e\u043b\u043d\u0438\u0442\u0435\u043b\u044c\u043d\u043e\u0433\u043e \u0443\u0432\u043b\u0430\u0436\u043d\u0435\u043d\u0438\u044f \u0438 \u0441\u0438\u044f\u043d\u0438\u044f \u043a\u043e\u0436\u0438. \u041f\u043e\u0434\u0445\u043e\u0434\u0438\u0442 \u0434\u043b\u044f \u0432\u0441\u0435\u0445 \u0442\u0438\u043f\u043e\u0432 \u043a\u043e\u0436\u0438, \u043e\u0441\u043e\u0431\u0435\u043d\u043d\u043e \u0434\u043b\u044f \u0441\u0443\u0445\u043e\u0439 \u0438 \u043e\u0431\u0435\u0437\u0432\u043e\u0436\u0435\u043d\u043d\u043e\u0439.<\/p>\n<p><strong>\u0421\u043e\u0441\u0442\u0430\u0432:<\/strong> Collagen Extract (60%), Water, Helianthus Annuus (Sunflower) Seed Oil, Glycerin, Dipropylene Glycol, Niacinamide, 1,2-Hexanediol, Glycereth-26, Triethyl Citrate, Betaine, Trehalose, Caprylyl Glycol, Propanediol, Polyglyceryl-10 Laurate, Butylene Glycol, Adenosine, Illicium Verum (Anise) Fruit Extract, Glycine Soja (Soybean) Oil, Carbomer, Lavandula Oil, Hippophae Rhamnoides Fruit Oil, Hydrogenated Polyisobutene, Bixa Orellana Seed Oil, Beta-Glucan, Sodium Hyaluronate, Tocopherol, Sodium Hyaluronate Crosspolymer, Hydrolyzed Glycosaminoglycans, Glycine, Serine, Glutamic Acid, Benzyl Glycol, Aspartic Acid, Leucine, Alanine, Lysine, Arginine, Tyrosine, Phenylalanine, Proline, Valine, Threonine, Isoleucine, Hydrolyzed Hyaluronic Acid, Histidine, Cysteine, Methionine, Anemarrhena Asphodeloides Root Extract, Ethylhexylglycerin, Tripeptide-1, Palmitoyl Pentapeptide-4, Palmitoyl Tripeptide-1, Copper Tripeptide-1, Acetyl Hexapeptide-8, Hexapeptide-9, Hyaluronic Acid, Raspberry Ketone, Nonapeptide-1.<\/p>","protected":false},"excerpt":{"rendered":"<p>Sungboon Editor Deep Collagen Barrier Serum Mist \u2014 \u044d\u0442\u043e \u043c\u043d\u043e\u0433\u043e\u0444\u0443\u043d\u043a\u0446\u0438\u043e\u043d\u0430\u043b\u044c\u043d\u044b\u0439 \u0443\u0432\u043b\u0430\u0436\u043d\u044f\u044e\u0449\u0438\u0439 \u043c\u0438\u0441\u0442-\u0441\u044b\u0432\u043e\u0440\u043e\u0442\u043a\u0430, \u043a\u043e\u0442\u043e\u0440\u044b\u0439 \u0443\u043a\u0440\u0435\u043f\u043b\u044f\u0435\u0442 \u043a\u043e\u0436\u043d\u044b\u0439 \u0431\u0430\u0440\u044c\u0435\u0440, \u0433\u043b\u0443\u0431\u043e\u043a\u043e \u0443\u0432\u043b\u0430\u0436\u043d\u044f\u0435\u0442 \u0438 \u043f\u043e\u043c\u043e\u0433\u0430\u0435\u0442 \u043f\u043e\u0434\u0434\u0435\u0440\u0436\u0438\u0432\u0430\u0442\u044c \u0443\u043f\u0440\u0443\u0433\u043e\u0441\u0442\u044c \u043a\u043e\u0436\u0438 \u0432 \u0442\u0435\u0447\u0435\u043d\u0438\u0435 \u0434\u043d\u044f.<\/p>","protected":false},"featured_media":27163,"comment_status":"open","ping_status":"closed","template":"","meta":{"site-sidebar-layout":"default","site-content-layout":"","ast-site-content-layout":"default","site-content-style":"default","site-sidebar-style":"default","ast-global-header-display":"","ast-banner-title-visibility":"","ast-main-header-display":"","ast-hfb-above-header-display":"","ast-hfb-below-header-display":"","ast-hfb-mobile-header-display":"","site-post-title":"","ast-breadcrumbs-content":"","ast-featured-img":"","footer-sml-layout":"","theme-transparent-header-meta":"default","adv-header-id-meta":"","stick-header-meta":"","header-above-stick-meta":"","header-main-stick-meta":"","header-below-stick-meta":"","astra-migrate-meta-layouts":"set","ast-page-background-enabled":"default","ast-page-background-meta":{"desktop":{"background-color":"var(--ast-global-color-4)","background-image":"","background-repeat":"repeat","background-position":"center center","background-size":"auto","background-attachment":"scroll","background-type":"","background-media":"","overlay-type":"","overlay-color":"","overlay-opacity":"","overlay-gradient":""},"tablet":{"background-color":"","background-image":"","background-repeat":"repeat","background-position":"center center","background-size":"auto","background-attachment":"scroll","background-type":"","background-media":"","overlay-type":"","overlay-color":"","overlay-opacity":"","overlay-gradient":""},"mobile":{"background-color":"","background-image":"","background-repeat":"repeat","background-position":"center center","background-size":"auto","background-attachment":"scroll","background-type":"","background-media":"","overlay-type":"","overlay-color":"","overlay-opacity":"","overlay-gradient":""}},"ast-content-background-meta":{"desktop":{"background-color":"var(--ast-global-color-5)","background-image":"","background-repeat":"repeat","background-position":"center center","background-size":"auto","background-attachment":"scroll","background-type":"","background-media":"","overlay-type":"","overlay-color":"","overlay-opacity":"","overlay-gradient":""},"tablet":{"background-color":"var(--ast-global-color-5)","background-image":"","background-repeat":"repeat","background-position":"center center","background-size":"auto","background-attachment":"scroll","background-type":"","background-media":"","overlay-type":"","overlay-color":"","overlay-opacity":"","overlay-gradient":""},"mobile":{"background-color":"var(--ast-global-color-5)","background-image":"","background-repeat":"repeat","background-position":"center center","background-size":"auto","background-attachment":"scroll","background-type":"","background-media":"","overlay-type":"","overlay-color":"","overlay-opacity":"","overlay-gradient":""}}},"product_brand":[],"product_cat":[370,371,363],"product_tag":[],"berocket_brand":[651],"class_list":{"0":"post-27162","1":"product","2":"type-product","3":"status-publish","4":"has-post-thumbnail","6":"product_cat-adas-mirdzumam","7":"product_cat-anti-age","8":"product_cat-serumi","9":"berocket_brand-sungboon-editor","10":"desktop-align-left","11":"tablet-align-left","12":"mobile-align-left","14":"first","15":"instock","16":"taxable","17":"shipping-taxable","18":"purchasable","19":"product-type-simple","20":"add-to-wishlist-before_image"},"yoast_head":"<!-- This site is optimized with the Yoast SEO plugin v27.4 - https:\/\/yoast.com\/product\/yoast-seo-wordpress\/ -->\n<title>Sungboon Editor Deep Collagen Barrier Serum Mist mitrino\u0161s serums-mist ar kolag\u0113nu 30ml - FACECORNER<\/title>\n<meta name=\"description\" content=\"Sungboon Editor Deep Collagen Barrier Serum Mist ir daudzfunkcion\u0101ls mitrino\u0161s serums, kas stiprina \u0101das barjeru, dzi\u013ci mitrina un pal\u012bdz saglab\u0101t \u0101das elast\u012bbu visas dienas garum\u0101.\" \/>\n<meta name=\"robots\" content=\"index, follow, max-snippet:-1, max-image-preview:large, max-video-preview:-1\" \/>\n<link rel=\"canonical\" href=\"https:\/\/www.facecorner.lv\/ru\/shop\/sungboon-editor-deep-collagen-barrier-serum-mist-mitrinoss-serums-mist-ar-kolagenu-30ml\/\" \/>\n<meta property=\"og:locale\" content=\"ru_RU\" \/>\n<meta property=\"og:type\" content=\"article\" \/>\n<meta property=\"og:title\" content=\"Sungboon Editor Deep Collagen Barrier Serum Mist mitrino\u0161s serums-mist ar kolag\u0113nu 30ml - FACECORNER\" \/>\n<meta property=\"og:description\" content=\"Sungboon Editor Deep Collagen Barrier Serum Mist ir daudzfunkcion\u0101ls mitrino\u0161s serums, kas stiprina \u0101das barjeru, dzi\u013ci mitrina un pal\u012bdz saglab\u0101t \u0101das elast\u012bbu visas dienas garum\u0101.\" \/>\n<meta property=\"og:url\" content=\"https:\/\/www.facecorner.lv\/ru\/shop\/sungboon-editor-deep-collagen-barrier-serum-mist-mitrinoss-serums-mist-ar-kolagenu-30ml\/\" \/>\n<meta property=\"og:site_name\" content=\"FACECORNER\" \/>\n<meta property=\"article:publisher\" content=\"https:\/\/www.facebook.com\/profile.php?id=100063824551839\" \/>\n<meta property=\"article:modified_time\" content=\"2026-03-10T11:24:28+00:00\" \/>\n<meta property=\"og:image\" content=\"https:\/\/www.facecorner.lv\/wp-content\/uploads\/2026\/03\/Sungboon-Editor-Deep-Collagen-Barrier-Serum-Mist.jpg\" \/>\n\t<meta property=\"og:image:width\" content=\"1000\" \/>\n\t<meta property=\"og:image:height\" content=\"1000\" \/>\n\t<meta property=\"og:image:type\" content=\"image\/jpeg\" \/>\n<meta name=\"twitter:card\" content=\"summary_large_image\" \/>\n<meta name=\"twitter:label1\" content=\"\u0426\u0435\u043d\u0430\" \/>\n\t<meta name=\"twitter:data1\" content=\"&euro;25.90\" \/>\n\t<meta name=\"twitter:label2\" content=\"\u0414\u043e\u0441\u0442\u0443\u043f\u043d\u043e\u0441\u0442\u044c\" \/>\n\t<meta name=\"twitter:data2\" content=\"\u0412 \u043d\u0430\u043b\u0438\u0447\u0438\u0438\" \/>\n<script type=\"application\/ld+json\" class=\"yoast-schema-graph\">{\"@context\":\"https:\\\/\\\/schema.org\",\"@graph\":[{\"@type\":\"WebPage\",\"@id\":\"https:\\\/\\\/www.facecorner.lv\\\/shop\\\/sungboon-editor-deep-collagen-barrier-serum-mist-mitrinoss-serums-mist-ar-kolagenu-30ml\\\/\",\"url\":\"https:\\\/\\\/www.facecorner.lv\\\/shop\\\/sungboon-editor-deep-collagen-barrier-serum-mist-mitrinoss-serums-mist-ar-kolagenu-30ml\\\/\",\"name\":\"Sungboon Editor Deep Collagen Barrier Serum Mist mitrino\u0161s serums-mist ar kolag\u0113nu 30ml - FACECORNER\",\"isPartOf\":{\"@id\":\"https:\\\/\\\/www.facecorner.lv\\\/#website\"},\"primaryImageOfPage\":{\"@id\":\"https:\\\/\\\/www.facecorner.lv\\\/shop\\\/sungboon-editor-deep-collagen-barrier-serum-mist-mitrinoss-serums-mist-ar-kolagenu-30ml\\\/#primaryimage\"},\"image\":{\"@id\":\"https:\\\/\\\/www.facecorner.lv\\\/shop\\\/sungboon-editor-deep-collagen-barrier-serum-mist-mitrinoss-serums-mist-ar-kolagenu-30ml\\\/#primaryimage\"},\"thumbnailUrl\":\"https:\\\/\\\/www.facecorner.lv\\\/wp-content\\\/uploads\\\/2026\\\/03\\\/Sungboon-Editor-Deep-Collagen-Barrier-Serum-Mist.jpg\",\"datePublished\":\"2026-03-10T11:24:27+00:00\",\"dateModified\":\"2026-03-10T11:24:28+00:00\",\"description\":\"Sungboon Editor Deep Collagen Barrier Serum Mist ir daudzfunkcion\u0101ls mitrino\u0161s serums, kas stiprina \u0101das barjeru, dzi\u013ci mitrina un pal\u012bdz saglab\u0101t \u0101das elast\u012bbu visas dienas garum\u0101.\",\"breadcrumb\":{\"@id\":\"https:\\\/\\\/www.facecorner.lv\\\/shop\\\/sungboon-editor-deep-collagen-barrier-serum-mist-mitrinoss-serums-mist-ar-kolagenu-30ml\\\/#breadcrumb\"},\"inLanguage\":\"ru-RU\",\"potentialAction\":[{\"@type\":\"ReadAction\",\"target\":[\"https:\\\/\\\/www.facecorner.lv\\\/shop\\\/sungboon-editor-deep-collagen-barrier-serum-mist-mitrinoss-serums-mist-ar-kolagenu-30ml\\\/\"]}]},{\"@type\":\"ImageObject\",\"inLanguage\":\"ru-RU\",\"@id\":\"https:\\\/\\\/www.facecorner.lv\\\/shop\\\/sungboon-editor-deep-collagen-barrier-serum-mist-mitrinoss-serums-mist-ar-kolagenu-30ml\\\/#primaryimage\",\"url\":\"https:\\\/\\\/www.facecorner.lv\\\/wp-content\\\/uploads\\\/2026\\\/03\\\/Sungboon-Editor-Deep-Collagen-Barrier-Serum-Mist.jpg\",\"contentUrl\":\"https:\\\/\\\/www.facecorner.lv\\\/wp-content\\\/uploads\\\/2026\\\/03\\\/Sungboon-Editor-Deep-Collagen-Barrier-Serum-Mist.jpg\",\"width\":1000,\"height\":1000,\"caption\":\"Sungboon Editor Deep Collagen Barrier Serum Mist\"},{\"@type\":\"BreadcrumbList\",\"@id\":\"https:\\\/\\\/www.facecorner.lv\\\/shop\\\/sungboon-editor-deep-collagen-barrier-serum-mist-mitrinoss-serums-mist-ar-kolagenu-30ml\\\/#breadcrumb\",\"itemListElement\":[{\"@type\":\"ListItem\",\"position\":1,\"name\":\"Home\",\"item\":\"https:\\\/\\\/www.facecorner.lv\\\/\"},{\"@type\":\"ListItem\",\"position\":2,\"name\":\"Veikals\",\"item\":\"https:\\\/\\\/www.facecorner.lv\\\/shop\\\/\"},{\"@type\":\"ListItem\",\"position\":3,\"name\":\"Sungboon Editor Deep Collagen Barrier Serum Mist mitrino\u0161s serums-mist ar kolag\u0113nu 30ml\"}]},{\"@type\":\"WebSite\",\"@id\":\"https:\\\/\\\/www.facecorner.lv\\\/#website\",\"url\":\"https:\\\/\\\/www.facecorner.lv\\\/\",\"name\":\"Facecorner\",\"description\":\"\",\"publisher\":{\"@id\":\"https:\\\/\\\/www.facecorner.lv\\\/#organization\"},\"potentialAction\":[{\"@type\":\"SearchAction\",\"target\":{\"@type\":\"EntryPoint\",\"urlTemplate\":\"https:\\\/\\\/www.facecorner.lv\\\/?s={search_term_string}\"},\"query-input\":{\"@type\":\"PropertyValueSpecification\",\"valueRequired\":true,\"valueName\":\"search_term_string\"}}],\"inLanguage\":\"ru-RU\"},{\"@type\":\"Organization\",\"@id\":\"https:\\\/\\\/www.facecorner.lv\\\/#organization\",\"name\":\"Facecorner\",\"url\":\"https:\\\/\\\/www.facecorner.lv\\\/\",\"logo\":{\"@type\":\"ImageObject\",\"inLanguage\":\"ru-RU\",\"@id\":\"https:\\\/\\\/www.facecorner.lv\\\/#\\\/schema\\\/logo\\\/image\\\/\",\"url\":\"https:\\\/\\\/www.facecorner.lv\\\/wp-content\\\/uploads\\\/2024\\\/04\\\/fc-logo.jpg\",\"contentUrl\":\"https:\\\/\\\/www.facecorner.lv\\\/wp-content\\\/uploads\\\/2024\\\/04\\\/fc-logo.jpg\",\"width\":174,\"height\":28,\"caption\":\"Facecorner\"},\"image\":{\"@id\":\"https:\\\/\\\/www.facecorner.lv\\\/#\\\/schema\\\/logo\\\/image\\\/\"},\"sameAs\":[\"https:\\\/\\\/www.facebook.com\\\/profile.php?id=100063824551839\",\"https:\\\/\\\/www.instagram.com\\\/facecorner_shop\\\/\"]}]}<\/script>\n<meta property=\"product:price:amount\" content=\"25.90\" \/>\n<meta property=\"product:price:currency\" content=\"EUR\" \/>\n<meta property=\"og:availability\" content=\"instock\" \/>\n<meta property=\"product:availability\" content=\"instock\" \/>\n<meta property=\"product:condition\" content=\"new\" \/>\n<!-- \/ Yoast SEO plugin. -->","yoast_head_json":{"title":"Sungboon Editor Deep Collagen Barrier Serum Mist mitrino\u0161s serums-mist ar kolag\u0113nu 30ml - FACECORNER","description":"Sungboon Editor Deep Collagen Barrier Serum Mist \u2014 \u044d\u0442\u043e \u043c\u043d\u043e\u0433\u043e\u0444\u0443\u043d\u043a\u0446\u0438\u043e\u043d\u0430\u043b\u044c\u043d\u044b\u0439 \u0443\u0432\u043b\u0430\u0436\u043d\u044f\u044e\u0449\u0438\u0439 \u043c\u0438\u0441\u0442-\u0441\u044b\u0432\u043e\u0440\u043e\u0442\u043a\u0430, \u043a\u043e\u0442\u043e\u0440\u044b\u0439 \u0443\u043a\u0440\u0435\u043f\u043b\u044f\u0435\u0442 \u043a\u043e\u0436\u043d\u044b\u0439 \u0431\u0430\u0440\u044c\u0435\u0440, \u0433\u043b\u0443\u0431\u043e\u043a\u043e \u0443\u0432\u043b\u0430\u0436\u043d\u044f\u0435\u0442 \u0438 \u043f\u043e\u043c\u043e\u0433\u0430\u0435\u0442 \u043f\u043e\u0434\u0434\u0435\u0440\u0436\u0438\u0432\u0430\u0442\u044c \u0443\u043f\u0440\u0443\u0433\u043e\u0441\u0442\u044c \u043a\u043e\u0436\u0438 \u0432 \u0442\u0435\u0447\u0435\u043d\u0438\u0435 \u0434\u043d\u044f.","robots":{"index":"index","follow":"follow","max-snippet":"max-snippet:-1","max-image-preview":"max-image-preview:large","max-video-preview":"max-video-preview:-1"},"canonical":"https:\/\/www.facecorner.lv\/ru\/shop\/sungboon-editor-deep-collagen-barrier-serum-mist-mitrinoss-serums-mist-ar-kolagenu-30ml\/","og_locale":"ru_RU","og_type":"article","og_title":"Sungboon Editor Deep Collagen Barrier Serum Mist mitrino\u0161s serums-mist ar kolag\u0113nu 30ml - FACECORNER","og_description":"Sungboon Editor Deep Collagen Barrier Serum Mist ir daudzfunkcion\u0101ls mitrino\u0161s serums, kas stiprina \u0101das barjeru, dzi\u013ci mitrina un pal\u012bdz saglab\u0101t \u0101das elast\u012bbu visas dienas garum\u0101.","og_url":"https:\/\/www.facecorner.lv\/ru\/shop\/sungboon-editor-deep-collagen-barrier-serum-mist-mitrinoss-serums-mist-ar-kolagenu-30ml\/","og_site_name":"FACECORNER","article_publisher":"https:\/\/www.facebook.com\/profile.php?id=100063824551839","article_modified_time":"2026-03-10T11:24:28+00:00","og_image":[{"width":1000,"height":1000,"url":"https:\/\/www.facecorner.lv\/wp-content\/uploads\/2026\/03\/Sungboon-Editor-Deep-Collagen-Barrier-Serum-Mist.jpg","type":"image\/jpeg"}],"twitter_card":"summary_large_image","twitter_misc":{"\u0426\u0435\u043d\u0430":"&euro;25.90","\u0414\u043e\u0441\u0442\u0443\u043f\u043d\u043e\u0441\u0442\u044c":"\u0412 \u043d\u0430\u043b\u0438\u0447\u0438\u0438"},"schema":{"@context":"https:\/\/schema.org","@graph":[{"@type":"WebPage","@id":"https:\/\/www.facecorner.lv\/shop\/sungboon-editor-deep-collagen-barrier-serum-mist-mitrinoss-serums-mist-ar-kolagenu-30ml\/","url":"https:\/\/www.facecorner.lv\/shop\/sungboon-editor-deep-collagen-barrier-serum-mist-mitrinoss-serums-mist-ar-kolagenu-30ml\/","name":"Sungboon Editor Deep Collagen Barrier Serum Mist mitrino\u0161s serums-mist ar kolag\u0113nu 30ml - FACECORNER","isPartOf":{"@id":"https:\/\/www.facecorner.lv\/#website"},"primaryImageOfPage":{"@id":"https:\/\/www.facecorner.lv\/shop\/sungboon-editor-deep-collagen-barrier-serum-mist-mitrinoss-serums-mist-ar-kolagenu-30ml\/#primaryimage"},"image":{"@id":"https:\/\/www.facecorner.lv\/shop\/sungboon-editor-deep-collagen-barrier-serum-mist-mitrinoss-serums-mist-ar-kolagenu-30ml\/#primaryimage"},"thumbnailUrl":"https:\/\/www.facecorner.lv\/wp-content\/uploads\/2026\/03\/Sungboon-Editor-Deep-Collagen-Barrier-Serum-Mist.jpg","datePublished":"2026-03-10T11:24:27+00:00","dateModified":"2026-03-10T11:24:28+00:00","description":"Sungboon Editor Deep Collagen Barrier Serum Mist \u2014 \u044d\u0442\u043e \u043c\u043d\u043e\u0433\u043e\u0444\u0443\u043d\u043a\u0446\u0438\u043e\u043d\u0430\u043b\u044c\u043d\u044b\u0439 \u0443\u0432\u043b\u0430\u0436\u043d\u044f\u044e\u0449\u0438\u0439 \u043c\u0438\u0441\u0442-\u0441\u044b\u0432\u043e\u0440\u043e\u0442\u043a\u0430, \u043a\u043e\u0442\u043e\u0440\u044b\u0439 \u0443\u043a\u0440\u0435\u043f\u043b\u044f\u0435\u0442 \u043a\u043e\u0436\u043d\u044b\u0439 \u0431\u0430\u0440\u044c\u0435\u0440, \u0433\u043b\u0443\u0431\u043e\u043a\u043e \u0443\u0432\u043b\u0430\u0436\u043d\u044f\u0435\u0442 \u0438 \u043f\u043e\u043c\u043e\u0433\u0430\u0435\u0442 \u043f\u043e\u0434\u0434\u0435\u0440\u0436\u0438\u0432\u0430\u0442\u044c \u0443\u043f\u0440\u0443\u0433\u043e\u0441\u0442\u044c \u043a\u043e\u0436\u0438 \u0432 \u0442\u0435\u0447\u0435\u043d\u0438\u0435 \u0434\u043d\u044f.","breadcrumb":{"@id":"https:\/\/www.facecorner.lv\/shop\/sungboon-editor-deep-collagen-barrier-serum-mist-mitrinoss-serums-mist-ar-kolagenu-30ml\/#breadcrumb"},"inLanguage":"ru-RU","potentialAction":[{"@type":"ReadAction","target":["https:\/\/www.facecorner.lv\/shop\/sungboon-editor-deep-collagen-barrier-serum-mist-mitrinoss-serums-mist-ar-kolagenu-30ml\/"]}]},{"@type":"ImageObject","inLanguage":"ru-RU","@id":"https:\/\/www.facecorner.lv\/shop\/sungboon-editor-deep-collagen-barrier-serum-mist-mitrinoss-serums-mist-ar-kolagenu-30ml\/#primaryimage","url":"https:\/\/www.facecorner.lv\/wp-content\/uploads\/2026\/03\/Sungboon-Editor-Deep-Collagen-Barrier-Serum-Mist.jpg","contentUrl":"https:\/\/www.facecorner.lv\/wp-content\/uploads\/2026\/03\/Sungboon-Editor-Deep-Collagen-Barrier-Serum-Mist.jpg","width":1000,"height":1000,"caption":"Sungboon Editor Deep Collagen Barrier Serum Mist"},{"@type":"BreadcrumbList","@id":"https:\/\/www.facecorner.lv\/shop\/sungboon-editor-deep-collagen-barrier-serum-mist-mitrinoss-serums-mist-ar-kolagenu-30ml\/#breadcrumb","itemListElement":[{"@type":"ListItem","position":1,"name":"Home","item":"https:\/\/www.facecorner.lv\/"},{"@type":"ListItem","position":2,"name":"Veikals","item":"https:\/\/www.facecorner.lv\/shop\/"},{"@type":"ListItem","position":3,"name":"Sungboon Editor Deep Collagen Barrier Serum Mist mitrino\u0161s serums-mist ar kolag\u0113nu 30ml"}]},{"@type":"WebSite","@id":"https:\/\/www.facecorner.lv\/#website","url":"https:\/\/www.facecorner.lv\/","name":"Facecorner","description":"","publisher":{"@id":"https:\/\/www.facecorner.lv\/#organization"},"potentialAction":[{"@type":"SearchAction","target":{"@type":"EntryPoint","urlTemplate":"https:\/\/www.facecorner.lv\/?s={search_term_string}"},"query-input":{"@type":"PropertyValueSpecification","valueRequired":true,"valueName":"search_term_string"}}],"inLanguage":"ru-RU"},{"@type":"Organization","@id":"https:\/\/www.facecorner.lv\/#organization","name":"Facecorner","url":"https:\/\/www.facecorner.lv\/","logo":{"@type":"ImageObject","inLanguage":"ru-RU","@id":"https:\/\/www.facecorner.lv\/#\/schema\/logo\/image\/","url":"https:\/\/www.facecorner.lv\/wp-content\/uploads\/2024\/04\/fc-logo.jpg","contentUrl":"https:\/\/www.facecorner.lv\/wp-content\/uploads\/2024\/04\/fc-logo.jpg","width":174,"height":28,"caption":"Facecorner"},"image":{"@id":"https:\/\/www.facecorner.lv\/#\/schema\/logo\/image\/"},"sameAs":["https:\/\/www.facebook.com\/profile.php?id=100063824551839","https:\/\/www.instagram.com\/facecorner_shop\/"]}]},"product_price_amount":"25.90","product_price_currency":"EUR","og_availability":"instock","product_availability":"instock","product_condition":"new"},"_links":{"self":[{"href":"https:\/\/www.facecorner.lv\/ru\/wp-json\/wp\/v2\/product\/27162","targetHints":{"allow":["GET"]}}],"collection":[{"href":"https:\/\/www.facecorner.lv\/ru\/wp-json\/wp\/v2\/product"}],"about":[{"href":"https:\/\/www.facecorner.lv\/ru\/wp-json\/wp\/v2\/types\/product"}],"replies":[{"embeddable":true,"href":"https:\/\/www.facecorner.lv\/ru\/wp-json\/wp\/v2\/comments?post=27162"}],"wp:featuredmedia":[{"embeddable":true,"href":"https:\/\/www.facecorner.lv\/ru\/wp-json\/wp\/v2\/media\/27163"}],"wp:attachment":[{"href":"https:\/\/www.facecorner.lv\/ru\/wp-json\/wp\/v2\/media?parent=27162"}],"wp:term":[{"taxonomy":"product_brand","embeddable":true,"href":"https:\/\/www.facecorner.lv\/ru\/wp-json\/wp\/v2\/product_brand?post=27162"},{"taxonomy":"product_cat","embeddable":true,"href":"https:\/\/www.facecorner.lv\/ru\/wp-json\/wp\/v2\/product_cat?post=27162"},{"taxonomy":"product_tag","embeddable":true,"href":"https:\/\/www.facecorner.lv\/ru\/wp-json\/wp\/v2\/product_tag?post=27162"},{"taxonomy":"berocket_brand","embeddable":true,"href":"https:\/\/www.facecorner.lv\/ru\/wp-json\/wp\/v2\/berocket_brand?post=27162"}],"curies":[{"name":"wp","href":"https:\/\/api.w.org\/{rel}","templated":true}]}}