{"id":27119,"date":"2026-03-06T15:16:24","date_gmt":"2026-03-06T12:16:24","guid":{"rendered":"https:\/\/www.facecorner.lv\/?post_type=product&#038;p=27119"},"modified":"2026-04-17T16:05:29","modified_gmt":"2026-04-17T13:05:29","slug":"dr-melaxin-dubai-peptide-clay-mask-peptidu-attirosa-maska-ar-malu-100g","status":"publish","type":"product","link":"https:\/\/www.facecorner.lv\/ru\/shop\/dr-melaxin-dubai-peptide-clay-mask-peptidu-attirosa-maska-ar-malu-100g\/","title":{"rendered":"Dr. Melaxin Dubai Peptide Clay Mask  \u043f\u0435\u043f\u0442\u0438\u0434\u043d\u0430\u044f \u043e\u0447\u0438\u0449\u0430\u044e\u0449\u0430\u044f \u043c\u0430\u0441\u043a\u0430 \u0441 \u0433\u043b\u0438\u043d\u043e\u0439 100g"},"content":{"rendered":"<p>Dr. Melaxin Dubai Peptide Clay Mask \u2014 \u044d\u0442\u043e \u0438\u043d\u0442\u0435\u043d\u0441\u0438\u0432\u043d\u0430\u044f \u043e\u0447\u0438\u0449\u0430\u044e\u0449\u0430\u044f \u043c\u0430\u0441\u043a\u0430 \u0441 \u0433\u043b\u0438\u043d\u043e\u0439 \u0438 \u043f\u0435\u043f\u0442\u0438\u0434\u043d\u044b\u043c \u043a\u043e\u043c\u043f\u043b\u0435\u043a\u0441\u043e\u043c, \u0440\u0430\u0437\u0440\u0430\u0431\u043e\u0442\u0430\u043d\u043d\u0430\u044f \u0434\u043b\u044f \u0443\u0445\u043e\u0434\u0430 \u0437\u0430 \u043a\u043e\u043c\u0431\u0438\u043d\u0438\u0440\u043e\u0432\u0430\u043d\u043d\u043e\u0439 \u0438 \u0436\u0438\u0440\u043d\u043e\u0439 \u043a\u043e\u0436\u0435\u0439.<\/p>\n<p>\u0421\u0440\u0435\u0434\u0441\u0442\u0432\u043e \u044d\u0444\u0444\u0435\u043a\u0442\u0438\u0432\u043d\u043e \u043e\u0447\u0438\u0449\u0430\u0435\u0442 \u043f\u043e\u0440\u044b \u043e\u0442 \u0437\u0430\u0433\u0440\u044f\u0437\u043d\u0435\u043d\u0438\u0439 \u0438 \u0438\u0437\u043b\u0438\u0448\u043a\u043e\u0432 \u0441\u0435\u0431\u0443\u043c\u0430, \u043f\u043e\u043c\u043e\u0433\u0430\u0435\u0442 \u0443\u043c\u0435\u043d\u044c\u0448\u0438\u0442\u044c \u0438\u0445 \u0432\u0438\u0434\u0438\u043c\u043e\u0441\u0442\u044c \u0438 \u0443\u043b\u0443\u0447\u0448\u0430\u0435\u0442 \u043e\u0431\u0449\u0438\u0439 \u0442\u043e\u043d \u043a\u043e\u0436\u0438. \u041f\u0435\u043f\u0442\u0438\u0434\u044b \u0441\u043f\u043e\u0441\u043e\u0431\u0441\u0442\u0432\u0443\u044e\u0442 \u043f\u043e\u0432\u044b\u0448\u0435\u043d\u0438\u044e \u0443\u043f\u0440\u0443\u0433\u043e\u0441\u0442\u0438 \u0438 \u043f\u043e\u0434\u0434\u0435\u0440\u0436\u0438\u0432\u0430\u044e\u0442 \u0430\u043d\u0442\u0438\u0432\u043e\u0437\u0440\u0430\u0441\u0442\u043d\u043e\u0439 \u0443\u0445\u043e\u0434, \u0430 \u0433\u043b\u0438\u043d\u0430 \u043e\u0431\u0435\u0441\u043f\u0435\u0447\u0438\u0432\u0430\u0435\u0442 \u043c\u0430\u0442\u0438\u0440\u0443\u044e\u0449\u0438\u0439 \u0438 \u0434\u0435\u0442\u043e\u043a\u0441\u0438\u0444\u0438\u0446\u0438\u0440\u0443\u044e\u0449\u0438\u0439 \u044d\u0444\u0444\u0435\u043a\u0442.<\/p>\n<p>\u041f\u043e\u0441\u043b\u0435 \u043f\u0440\u0438\u043c\u0435\u043d\u0435\u043d\u0438\u044f \u043a\u043e\u0436\u0430 \u0441\u0442\u0430\u043d\u043e\u0432\u0438\u0442\u0441\u044f \u0431\u043e\u043b\u0435\u0435 \u0447\u0438\u0441\u0442\u043e\u0439, \u0440\u043e\u0432\u043d\u043e\u0439 \u0438 \u043c\u0430\u0442\u043e\u0432\u043e\u0439 \u0431\u0435\u0437 \u043e\u0449\u0443\u0449\u0435\u043d\u0438\u044f \u043f\u0435\u0440\u0435\u0441\u0443\u0448\u0438\u0432\u0430\u043d\u0438\u044f.<\/p>\n<h6>\u041f\u0440\u0435\u0438\u043c\u0443\u0449\u0435\u0441\u0442\u0432\u0430<\/h6>\n<ul>\n<li>\u0433\u043b\u0443\u0431\u043e\u043a\u043e\u0435 \u043e\u0447\u0438\u0449\u0435\u043d\u0438\u0435 \u043f\u043e\u0440<\/li>\n<li>\u043a\u043e\u043d\u0442\u0440\u043e\u043b\u044c \u0436\u0438\u0440\u043d\u043e\u0433\u043e \u0431\u043b\u0435\u0441\u043a\u0430<\/li>\n<li>\u0441\u0443\u0436\u0435\u043d\u0438\u0435 \u043f\u043e\u0440<\/li>\n<li>\u043f\u043e\u0434\u0434\u0435\u0440\u0436\u043a\u0430 \u0443\u043f\u0440\u0443\u0433\u043e\u0441\u0442\u0438 \u043a\u043e\u0436\u0438 (\u043f\u0435\u043f\u0442\u0438\u0434\u044b)<\/li>\n<li>\u0443\u043b\u0443\u0447\u0448\u0435\u043d\u0438\u0435 \u0442\u043e\u043d\u0443\u0441\u0430 \u0438 \u0443\u043f\u0440\u0443\u0433\u043e\u0441\u0442\u0438<\/li>\n<li>\u043c\u0430\u0442\u0438\u0440\u0443\u044e\u0449\u0438\u0439 \u044d\u0444\u0444\u0435\u043a\u0442<\/li>\n<\/ul>\n<p><strong>\u0421\u043f\u043e\u0441\u043e\u0431 \u043f\u0440\u0438\u043c\u0435\u043d\u0435\u043d\u0438\u044f:<\/strong>: P\u0113c sejas nomazg\u0101\u0161anas uzkl\u0101jiet uz \u0101das atbilsto\u0161u daudzumu l\u012bdzek\u013ca, izvairoties no acu un mutes zonas. Viegli iemas\u0113jiet ar ap\u013cveida kust\u012bb\u0101m 1 min\u016bti. Kad kapsulas ir ies\u016bku\u0161\u0101s un kr\u0101sa k\u013cuvusi tum\u0161\u0101ka, r\u016bp\u012bgi noskalojiet ar remdenu \u016bdeni.<\/p>\n<p><strong>\u0421\u043e\u0441\u0442\u0430\u0432:<\/strong> Water, Glycerin, Kaolin, Propanediol, 1,2-Hexanediol, Glyceryl Stearate, Bentonite, Cetyl Ethylhexanoate, Caprylic\/Capric Triglyceride, Cetearyl Alcohol, Butylene Glycol, Charcoal Powder, Mannitol, Microcrystalline Cellulose, Zea Mays (Corn) Starch, Sodium Polyacrylate, Polyacrylate Crosspolymer-6, Ethylhexylglycerin, Parfum (Fragrance), Hydroxypropyl Starch Phosphate, Hydrogenated Lecithin, Disodium EDTA, t-Butyl Alcohol, Castanea Crenata (Chestnut) Shell Extract, Diospyros Kaki Leaf Extract, Lavandula Angustifolia (Lavender) Flower Extract, Vitis Vinifera (Grape) Fruit Extract, Polygonum Cuspidatum Root Extract, Carthamus Tinctorius (Safflower) Flower Extract, Coffea Arabica (Coffee) Seed Extract, Dextrin, Saccharide Isomerate, Camellia Sinensis (Green Tea) Leaf Extract, Zanthoxylum Piperitum Fruit Extract, Theobroma Cacao (Cocoa) Extract, Pistacia Vera Seed Extract, Papain, Protease, Bromelain, Lipase, Sodium Citrate, Citric Acid, sh-Oligopeptide-1, sh-Polypeptide-1, sh-Oligopeptide-2, sh-Polypeptide-22, Titanium Dioxide (CI 77891), Chromium Oxide Greens (CI 77288), Iron Oxides (CI 77492, CI 77499)<\/p>\n<p><strong>\u041a\u043e\u043d\u0442\u0430\u043a\u0442\u043d\u0430\u044f \u0438\u043d\u0444\u043e\u0440\u043c\u0430\u0446\u0438\u044f<\/strong><\/p>\n<p>Brand501 EU B.V, Sarphati Plaza,Rhijnspoorplein 10-3 Amsterdam 1018TX Netherlands,brand501.eu@brand501.com<\/p>\n<p><strong>\u041f\u0420\u0415\u0414\u0423\u041f\u0420\u0415\u0416\u0414\u0415\u041d\u0418\u042f!<\/strong><\/p>\n<ul>\n<li>\u0422\u043e\u043b\u044c\u043a\u043e \u0434\u043b\u044f \u043d\u0430\u0440\u0443\u0436\u043d\u043e\u0433\u043e \u043f\u0440\u0438\u043c\u0435\u043d\u0435\u043d\u0438\u044f.<\/li>\n<li>\u0418\u0437\u0431\u0435\u0433\u0430\u0439\u0442\u0435 \u043f\u043e\u043f\u0430\u0434\u0430\u043d\u0438\u044f \u0432 \u0433\u043b\u0430\u0437\u0430.<\/li>\n<li>\u041f\u0440\u0438 \u043f\u043e\u043f\u0430\u0434\u0430\u043d\u0438\u0438 \u043d\u0430 \u043a\u043e\u0436\u0443 \u043f\u0440\u043e\u043c\u044b\u0442\u044c \u0432\u043e\u0434\u043e\u0439.<\/li>\n<li>\u041f\u0440\u0438 \u043f\u043e\u044f\u0432\u043b\u0435\u043d\u0438\u0438 \u0440\u0430\u0437\u0434\u0440\u0430\u0436\u0435\u043d\u0438\u044f \u0438\u043b\u0438 \u0430\u043b\u043b\u0435\u0440\u0433\u0438\u0447\u0435\u0441\u043a\u043e\u0439 \u0440\u0435\u0430\u043a\u0446\u0438\u0438 \u043f\u0440\u0435\u043a\u0440\u0430\u0442\u0438\u0442\u044c \u0438\u0441\u043f\u043e\u043b\u044c\u0437\u043e\u0432\u0430\u043d\u0438\u0435.<\/li>\n<li>Nelietot uz boj\u0101tas vai kairin\u0101tas \u0101das.<\/li>\n<li>\u0425\u0440\u0430\u043d\u0438\u0442\u044c \u0432 \u043d\u0435\u0434\u043e\u0441\u0442\u0443\u043f\u043d\u043e\u043c \u0434\u043b\u044f \u0434\u0435\u0442\u0435\u0439 \u043c\u0435\u0441\u0442\u0435.<\/li>\n<\/ul>","protected":false},"excerpt":{"rendered":"<p>\u041f\u0435\u043f\u0442\u0438\u0434\u043d\u0430\u044f \u0433\u043b\u0438\u043d\u044f\u043d\u0430\u044f \u043c\u0430\u0441\u043a\u0430 \u0434\u043b\u044f \u0433\u043b\u0443\u0431\u043e\u043a\u043e\u0433\u043e \u043e\u0447\u0438\u0449\u0435\u043d\u0438\u044f \u043a\u043e\u0436\u0438, \u0441\u0443\u0436\u0435\u043d\u0438\u044f \u043f\u043e\u0440 \u0438 \u0443\u043b\u0443\u0447\u0448\u0435\u043d\u0438\u044f \u0442\u0435\u043a\u0441\u0442\u0443\u0440\u044b. \u041f\u043e\u043c\u043e\u0433\u0430\u0435\u0442 \u043a\u043e\u043d\u0442\u0440\u043e\u043b\u0438\u0440\u043e\u0432\u0430\u0442\u044c \u0432\u044b\u0440\u0430\u0431\u043e\u0442\u043a\u0443 \u0441\u0435\u0431\u0443\u043c\u0430, \u0434\u0435\u043b\u0430\u0435\u0442 \u043a\u043e\u0436\u0443 \u0431\u043e\u043b\u0435\u0435 \u0433\u043b\u0430\u0434\u043a\u043e\u0439, \u0443\u043f\u0440\u0443\u0433\u043e\u0439 \u0438 \u0441\u0432\u0435\u0436\u0435\u0439.<\/p>","protected":false},"featured_media":27120,"comment_status":"open","ping_status":"closed","template":"","meta":{"site-sidebar-layout":"default","site-content-layout":"","ast-site-content-layout":"default","site-content-style":"default","site-sidebar-style":"default","ast-global-header-display":"","ast-banner-title-visibility":"","ast-main-header-display":"","ast-hfb-above-header-display":"","ast-hfb-below-header-display":"","ast-hfb-mobile-header-display":"","site-post-title":"","ast-breadcrumbs-content":"","ast-featured-img":"","footer-sml-layout":"","theme-transparent-header-meta":"default","adv-header-id-meta":"","stick-header-meta":"","header-above-stick-meta":"","header-main-stick-meta":"","header-below-stick-meta":"","astra-migrate-meta-layouts":"set","ast-page-background-enabled":"default","ast-page-background-meta":{"desktop":{"background-color":"var(--ast-global-color-4)","background-image":"","background-repeat":"repeat","background-position":"center center","background-size":"auto","background-attachment":"scroll","background-type":"","background-media":"","overlay-type":"","overlay-color":"","overlay-opacity":"","overlay-gradient":""},"tablet":{"background-color":"","background-image":"","background-repeat":"repeat","background-position":"center center","background-size":"auto","background-attachment":"scroll","background-type":"","background-media":"","overlay-type":"","overlay-color":"","overlay-opacity":"","overlay-gradient":""},"mobile":{"background-color":"","background-image":"","background-repeat":"repeat","background-position":"center center","background-size":"auto","background-attachment":"scroll","background-type":"","background-media":"","overlay-type":"","overlay-color":"","overlay-opacity":"","overlay-gradient":""}},"ast-content-background-meta":{"desktop":{"background-color":"var(--ast-global-color-5)","background-image":"","background-repeat":"repeat","background-position":"center center","background-size":"auto","background-attachment":"scroll","background-type":"","background-media":"","overlay-type":"","overlay-color":"","overlay-opacity":"","overlay-gradient":""},"tablet":{"background-color":"var(--ast-global-color-5)","background-image":"","background-repeat":"repeat","background-position":"center center","background-size":"auto","background-attachment":"scroll","background-type":"","background-media":"","overlay-type":"","overlay-color":"","overlay-opacity":"","overlay-gradient":""},"mobile":{"background-color":"var(--ast-global-color-5)","background-image":"","background-repeat":"repeat","background-position":"center center","background-size":"auto","background-attachment":"scroll","background-type":"","background-media":"","overlay-type":"","overlay-color":"","overlay-opacity":"","overlay-gradient":""}}},"product_brand":[],"product_cat":[316,315],"product_tag":[],"berocket_brand":[653],"class_list":{"0":"post-27119","1":"product","2":"type-product","3":"status-publish","4":"has-post-thumbnail","6":"product_cat-attirosas","7":"product_cat-maskas","8":"berocket_brand-dr-melaxin","9":"desktop-align-left","10":"tablet-align-left","11":"mobile-align-left","13":"first","14":"instock","15":"taxable","16":"shipping-taxable","17":"purchasable","18":"product-type-simple","19":"add-to-wishlist-before_image"},"yoast_head":"<!-- This site is optimized with the Yoast SEO plugin v27.4 - https:\/\/yoast.com\/product\/yoast-seo-wordpress\/ -->\n<title>Dr. Melaxin Dubai Peptide Clay Mask pept\u012bdu att\u012bro\u0161a maska ar m\u0101lu 100g - FACECORNER<\/title>\n<meta name=\"description\" content=\"Pept\u012bdu m\u0101la maska dzi\u013cai \u0101das att\u012br\u012b\u0161anai, poru sa\u0161aurin\u0101\u0161anai un tekst\u016bras uzlabo\u0161anai. Pal\u012bdz kontrol\u0113t sebuma izdal\u012b\u0161anos, padara \u0101du glud\u0101ku, elast\u012bg\u0101ku un svaig\u0101ku.\" \/>\n<meta name=\"robots\" content=\"index, follow, max-snippet:-1, max-image-preview:large, max-video-preview:-1\" \/>\n<link rel=\"canonical\" href=\"https:\/\/www.facecorner.lv\/ru\/shop\/dr-melaxin-dubai-peptide-clay-mask-peptidu-attirosa-maska-ar-malu-100g\/\" \/>\n<meta property=\"og:locale\" content=\"ru_RU\" \/>\n<meta property=\"og:type\" content=\"article\" \/>\n<meta property=\"og:title\" content=\"Dr. Melaxin Dubai Peptide Clay Mask pept\u012bdu att\u012bro\u0161a maska ar m\u0101lu 100g - FACECORNER\" \/>\n<meta property=\"og:description\" content=\"Pept\u012bdu m\u0101la maska dzi\u013cai \u0101das att\u012br\u012b\u0161anai, poru sa\u0161aurin\u0101\u0161anai un tekst\u016bras uzlabo\u0161anai. Pal\u012bdz kontrol\u0113t sebuma izdal\u012b\u0161anos, padara \u0101du glud\u0101ku, elast\u012bg\u0101ku un svaig\u0101ku.\" \/>\n<meta property=\"og:url\" content=\"https:\/\/www.facecorner.lv\/ru\/shop\/dr-melaxin-dubai-peptide-clay-mask-peptidu-attirosa-maska-ar-malu-100g\/\" \/>\n<meta property=\"og:site_name\" content=\"FACECORNER\" \/>\n<meta property=\"article:publisher\" content=\"https:\/\/www.facebook.com\/profile.php?id=100063824551839\" \/>\n<meta property=\"article:modified_time\" content=\"2026-04-17T13:05:29+00:00\" \/>\n<meta property=\"og:image\" content=\"https:\/\/www.facecorner.lv\/wp-content\/uploads\/2026\/03\/Dr.Melaxin_DubaiPeptideClayMask_Packshot.webp\" \/>\n\t<meta property=\"og:image:width\" content=\"800\" \/>\n\t<meta property=\"og:image:height\" content=\"800\" \/>\n\t<meta property=\"og:image:type\" content=\"image\/webp\" \/>\n<meta name=\"twitter:card\" content=\"summary_large_image\" \/>\n<meta name=\"twitter:label1\" content=\"\u0426\u0435\u043d\u0430\" \/>\n\t<meta name=\"twitter:data1\" content=\"&euro;29.95\" \/>\n\t<meta name=\"twitter:label2\" content=\"\u0414\u043e\u0441\u0442\u0443\u043f\u043d\u043e\u0441\u0442\u044c\" \/>\n\t<meta name=\"twitter:data2\" content=\"\u0412 \u043d\u0430\u043b\u0438\u0447\u0438\u0438\" \/>\n<script type=\"application\/ld+json\" class=\"yoast-schema-graph\">{\"@context\":\"https:\\\/\\\/schema.org\",\"@graph\":[{\"@type\":\"WebPage\",\"@id\":\"https:\\\/\\\/www.facecorner.lv\\\/shop\\\/dr-melaxin-dubai-peptide-clay-mask-peptidu-attirosa-maska-ar-malu-100g\\\/\",\"url\":\"https:\\\/\\\/www.facecorner.lv\\\/shop\\\/dr-melaxin-dubai-peptide-clay-mask-peptidu-attirosa-maska-ar-malu-100g\\\/\",\"name\":\"Dr. Melaxin Dubai Peptide Clay Mask pept\u012bdu att\u012bro\u0161a maska ar m\u0101lu 100g - FACECORNER\",\"isPartOf\":{\"@id\":\"https:\\\/\\\/www.facecorner.lv\\\/#website\"},\"primaryImageOfPage\":{\"@id\":\"https:\\\/\\\/www.facecorner.lv\\\/shop\\\/dr-melaxin-dubai-peptide-clay-mask-peptidu-attirosa-maska-ar-malu-100g\\\/#primaryimage\"},\"image\":{\"@id\":\"https:\\\/\\\/www.facecorner.lv\\\/shop\\\/dr-melaxin-dubai-peptide-clay-mask-peptidu-attirosa-maska-ar-malu-100g\\\/#primaryimage\"},\"thumbnailUrl\":\"https:\\\/\\\/www.facecorner.lv\\\/wp-content\\\/uploads\\\/2026\\\/03\\\/Dr.Melaxin_DubaiPeptideClayMask_Packshot.webp\",\"datePublished\":\"2026-03-06T12:16:24+00:00\",\"dateModified\":\"2026-04-17T13:05:29+00:00\",\"description\":\"Pept\u012bdu m\u0101la maska dzi\u013cai \u0101das att\u012br\u012b\u0161anai, poru sa\u0161aurin\u0101\u0161anai un tekst\u016bras uzlabo\u0161anai. Pal\u012bdz kontrol\u0113t sebuma izdal\u012b\u0161anos, padara \u0101du glud\u0101ku, elast\u012bg\u0101ku un svaig\u0101ku.\",\"breadcrumb\":{\"@id\":\"https:\\\/\\\/www.facecorner.lv\\\/shop\\\/dr-melaxin-dubai-peptide-clay-mask-peptidu-attirosa-maska-ar-malu-100g\\\/#breadcrumb\"},\"inLanguage\":\"ru-RU\",\"potentialAction\":[{\"@type\":\"ReadAction\",\"target\":[\"https:\\\/\\\/www.facecorner.lv\\\/shop\\\/dr-melaxin-dubai-peptide-clay-mask-peptidu-attirosa-maska-ar-malu-100g\\\/\"]}]},{\"@type\":\"ImageObject\",\"inLanguage\":\"ru-RU\",\"@id\":\"https:\\\/\\\/www.facecorner.lv\\\/shop\\\/dr-melaxin-dubai-peptide-clay-mask-peptidu-attirosa-maska-ar-malu-100g\\\/#primaryimage\",\"url\":\"https:\\\/\\\/www.facecorner.lv\\\/wp-content\\\/uploads\\\/2026\\\/03\\\/Dr.Melaxin_DubaiPeptideClayMask_Packshot.webp\",\"contentUrl\":\"https:\\\/\\\/www.facecorner.lv\\\/wp-content\\\/uploads\\\/2026\\\/03\\\/Dr.Melaxin_DubaiPeptideClayMask_Packshot.webp\",\"width\":800,\"height\":800,\"caption\":\"Dr. Melaxin Dubai Peptide Clay Mask\"},{\"@type\":\"BreadcrumbList\",\"@id\":\"https:\\\/\\\/www.facecorner.lv\\\/shop\\\/dr-melaxin-dubai-peptide-clay-mask-peptidu-attirosa-maska-ar-malu-100g\\\/#breadcrumb\",\"itemListElement\":[{\"@type\":\"ListItem\",\"position\":1,\"name\":\"Home\",\"item\":\"https:\\\/\\\/www.facecorner.lv\\\/\"},{\"@type\":\"ListItem\",\"position\":2,\"name\":\"Veikals\",\"item\":\"https:\\\/\\\/www.facecorner.lv\\\/shop\\\/\"},{\"@type\":\"ListItem\",\"position\":3,\"name\":\"Dr. Melaxin Dubai Peptide Clay Mask pept\u012bdu att\u012bro\u0161a maska ar m\u0101lu 100g\"}]},{\"@type\":\"WebSite\",\"@id\":\"https:\\\/\\\/www.facecorner.lv\\\/#website\",\"url\":\"https:\\\/\\\/www.facecorner.lv\\\/\",\"name\":\"Facecorner\",\"description\":\"\",\"publisher\":{\"@id\":\"https:\\\/\\\/www.facecorner.lv\\\/#organization\"},\"potentialAction\":[{\"@type\":\"SearchAction\",\"target\":{\"@type\":\"EntryPoint\",\"urlTemplate\":\"https:\\\/\\\/www.facecorner.lv\\\/?s={search_term_string}\"},\"query-input\":{\"@type\":\"PropertyValueSpecification\",\"valueRequired\":true,\"valueName\":\"search_term_string\"}}],\"inLanguage\":\"ru-RU\"},{\"@type\":\"Organization\",\"@id\":\"https:\\\/\\\/www.facecorner.lv\\\/#organization\",\"name\":\"Facecorner\",\"url\":\"https:\\\/\\\/www.facecorner.lv\\\/\",\"logo\":{\"@type\":\"ImageObject\",\"inLanguage\":\"ru-RU\",\"@id\":\"https:\\\/\\\/www.facecorner.lv\\\/#\\\/schema\\\/logo\\\/image\\\/\",\"url\":\"https:\\\/\\\/www.facecorner.lv\\\/wp-content\\\/uploads\\\/2024\\\/04\\\/fc-logo.jpg\",\"contentUrl\":\"https:\\\/\\\/www.facecorner.lv\\\/wp-content\\\/uploads\\\/2024\\\/04\\\/fc-logo.jpg\",\"width\":174,\"height\":28,\"caption\":\"Facecorner\"},\"image\":{\"@id\":\"https:\\\/\\\/www.facecorner.lv\\\/#\\\/schema\\\/logo\\\/image\\\/\"},\"sameAs\":[\"https:\\\/\\\/www.facebook.com\\\/profile.php?id=100063824551839\",\"https:\\\/\\\/www.instagram.com\\\/facecorner_shop\\\/\"]}]}<\/script>\n<meta property=\"product:price:amount\" content=\"29.95\" \/>\n<meta property=\"product:price:currency\" content=\"EUR\" \/>\n<meta property=\"og:availability\" content=\"instock\" \/>\n<meta property=\"product:availability\" content=\"instock\" \/>\n<meta property=\"product:condition\" content=\"new\" \/>\n<!-- \/ Yoast SEO plugin. -->","yoast_head_json":{"title":"Dr. Melaxin Dubai Peptide Clay Mask pept\u012bdu att\u012bro\u0161a maska ar m\u0101lu 100g - FACECORNER","description":"\u041f\u0435\u043f\u0442\u0438\u0434\u043d\u0430\u044f \u0433\u043b\u0438\u043d\u044f\u043d\u0430\u044f \u043c\u0430\u0441\u043a\u0430 \u0434\u043b\u044f \u0433\u043b\u0443\u0431\u043e\u043a\u043e\u0433\u043e \u043e\u0447\u0438\u0449\u0435\u043d\u0438\u044f \u043a\u043e\u0436\u0438, \u0441\u0443\u0436\u0435\u043d\u0438\u044f \u043f\u043e\u0440 \u0438 \u0443\u043b\u0443\u0447\u0448\u0435\u043d\u0438\u044f \u0442\u0435\u043a\u0441\u0442\u0443\u0440\u044b. \u041f\u043e\u043c\u043e\u0433\u0430\u0435\u0442 \u043a\u043e\u043d\u0442\u0440\u043e\u043b\u0438\u0440\u043e\u0432\u0430\u0442\u044c \u0432\u044b\u0440\u0430\u0431\u043e\u0442\u043a\u0443 \u0441\u0435\u0431\u0443\u043c\u0430, \u0434\u0435\u043b\u0430\u0435\u0442 \u043a\u043e\u0436\u0443 \u0431\u043e\u043b\u0435\u0435 \u0433\u043b\u0430\u0434\u043a\u043e\u0439, \u0443\u043f\u0440\u0443\u0433\u043e\u0439 \u0438 \u0441\u0432\u0435\u0436\u0435\u0439.","robots":{"index":"index","follow":"follow","max-snippet":"max-snippet:-1","max-image-preview":"max-image-preview:large","max-video-preview":"max-video-preview:-1"},"canonical":"https:\/\/www.facecorner.lv\/ru\/shop\/dr-melaxin-dubai-peptide-clay-mask-peptidu-attirosa-maska-ar-malu-100g\/","og_locale":"ru_RU","og_type":"article","og_title":"Dr. Melaxin Dubai Peptide Clay Mask pept\u012bdu att\u012bro\u0161a maska ar m\u0101lu 100g - FACECORNER","og_description":"Pept\u012bdu m\u0101la maska dzi\u013cai \u0101das att\u012br\u012b\u0161anai, poru sa\u0161aurin\u0101\u0161anai un tekst\u016bras uzlabo\u0161anai. Pal\u012bdz kontrol\u0113t sebuma izdal\u012b\u0161anos, padara \u0101du glud\u0101ku, elast\u012bg\u0101ku un svaig\u0101ku.","og_url":"https:\/\/www.facecorner.lv\/ru\/shop\/dr-melaxin-dubai-peptide-clay-mask-peptidu-attirosa-maska-ar-malu-100g\/","og_site_name":"FACECORNER","article_publisher":"https:\/\/www.facebook.com\/profile.php?id=100063824551839","article_modified_time":"2026-04-17T13:05:29+00:00","og_image":[{"width":800,"height":800,"url":"https:\/\/www.facecorner.lv\/wp-content\/uploads\/2026\/03\/Dr.Melaxin_DubaiPeptideClayMask_Packshot.webp","type":"image\/webp"}],"twitter_card":"summary_large_image","twitter_misc":{"\u0426\u0435\u043d\u0430":"&euro;29.95","\u0414\u043e\u0441\u0442\u0443\u043f\u043d\u043e\u0441\u0442\u044c":"\u0412 \u043d\u0430\u043b\u0438\u0447\u0438\u0438"},"schema":{"@context":"https:\/\/schema.org","@graph":[{"@type":"WebPage","@id":"https:\/\/www.facecorner.lv\/shop\/dr-melaxin-dubai-peptide-clay-mask-peptidu-attirosa-maska-ar-malu-100g\/","url":"https:\/\/www.facecorner.lv\/shop\/dr-melaxin-dubai-peptide-clay-mask-peptidu-attirosa-maska-ar-malu-100g\/","name":"Dr. Melaxin Dubai Peptide Clay Mask pept\u012bdu att\u012bro\u0161a maska ar m\u0101lu 100g - FACECORNER","isPartOf":{"@id":"https:\/\/www.facecorner.lv\/#website"},"primaryImageOfPage":{"@id":"https:\/\/www.facecorner.lv\/shop\/dr-melaxin-dubai-peptide-clay-mask-peptidu-attirosa-maska-ar-malu-100g\/#primaryimage"},"image":{"@id":"https:\/\/www.facecorner.lv\/shop\/dr-melaxin-dubai-peptide-clay-mask-peptidu-attirosa-maska-ar-malu-100g\/#primaryimage"},"thumbnailUrl":"https:\/\/www.facecorner.lv\/wp-content\/uploads\/2026\/03\/Dr.Melaxin_DubaiPeptideClayMask_Packshot.webp","datePublished":"2026-03-06T12:16:24+00:00","dateModified":"2026-04-17T13:05:29+00:00","description":"\u041f\u0435\u043f\u0442\u0438\u0434\u043d\u0430\u044f \u0433\u043b\u0438\u043d\u044f\u043d\u0430\u044f \u043c\u0430\u0441\u043a\u0430 \u0434\u043b\u044f \u0433\u043b\u0443\u0431\u043e\u043a\u043e\u0433\u043e \u043e\u0447\u0438\u0449\u0435\u043d\u0438\u044f \u043a\u043e\u0436\u0438, \u0441\u0443\u0436\u0435\u043d\u0438\u044f \u043f\u043e\u0440 \u0438 \u0443\u043b\u0443\u0447\u0448\u0435\u043d\u0438\u044f \u0442\u0435\u043a\u0441\u0442\u0443\u0440\u044b. \u041f\u043e\u043c\u043e\u0433\u0430\u0435\u0442 \u043a\u043e\u043d\u0442\u0440\u043e\u043b\u0438\u0440\u043e\u0432\u0430\u0442\u044c \u0432\u044b\u0440\u0430\u0431\u043e\u0442\u043a\u0443 \u0441\u0435\u0431\u0443\u043c\u0430, \u0434\u0435\u043b\u0430\u0435\u0442 \u043a\u043e\u0436\u0443 \u0431\u043e\u043b\u0435\u0435 \u0433\u043b\u0430\u0434\u043a\u043e\u0439, \u0443\u043f\u0440\u0443\u0433\u043e\u0439 \u0438 \u0441\u0432\u0435\u0436\u0435\u0439.","breadcrumb":{"@id":"https:\/\/www.facecorner.lv\/shop\/dr-melaxin-dubai-peptide-clay-mask-peptidu-attirosa-maska-ar-malu-100g\/#breadcrumb"},"inLanguage":"ru-RU","potentialAction":[{"@type":"ReadAction","target":["https:\/\/www.facecorner.lv\/shop\/dr-melaxin-dubai-peptide-clay-mask-peptidu-attirosa-maska-ar-malu-100g\/"]}]},{"@type":"ImageObject","inLanguage":"ru-RU","@id":"https:\/\/www.facecorner.lv\/shop\/dr-melaxin-dubai-peptide-clay-mask-peptidu-attirosa-maska-ar-malu-100g\/#primaryimage","url":"https:\/\/www.facecorner.lv\/wp-content\/uploads\/2026\/03\/Dr.Melaxin_DubaiPeptideClayMask_Packshot.webp","contentUrl":"https:\/\/www.facecorner.lv\/wp-content\/uploads\/2026\/03\/Dr.Melaxin_DubaiPeptideClayMask_Packshot.webp","width":800,"height":800,"caption":"Dr. Melaxin Dubai Peptide Clay Mask"},{"@type":"BreadcrumbList","@id":"https:\/\/www.facecorner.lv\/shop\/dr-melaxin-dubai-peptide-clay-mask-peptidu-attirosa-maska-ar-malu-100g\/#breadcrumb","itemListElement":[{"@type":"ListItem","position":1,"name":"Home","item":"https:\/\/www.facecorner.lv\/"},{"@type":"ListItem","position":2,"name":"Veikals","item":"https:\/\/www.facecorner.lv\/shop\/"},{"@type":"ListItem","position":3,"name":"Dr. Melaxin Dubai Peptide Clay Mask pept\u012bdu att\u012bro\u0161a maska ar m\u0101lu 100g"}]},{"@type":"WebSite","@id":"https:\/\/www.facecorner.lv\/#website","url":"https:\/\/www.facecorner.lv\/","name":"Facecorner","description":"","publisher":{"@id":"https:\/\/www.facecorner.lv\/#organization"},"potentialAction":[{"@type":"SearchAction","target":{"@type":"EntryPoint","urlTemplate":"https:\/\/www.facecorner.lv\/?s={search_term_string}"},"query-input":{"@type":"PropertyValueSpecification","valueRequired":true,"valueName":"search_term_string"}}],"inLanguage":"ru-RU"},{"@type":"Organization","@id":"https:\/\/www.facecorner.lv\/#organization","name":"Facecorner","url":"https:\/\/www.facecorner.lv\/","logo":{"@type":"ImageObject","inLanguage":"ru-RU","@id":"https:\/\/www.facecorner.lv\/#\/schema\/logo\/image\/","url":"https:\/\/www.facecorner.lv\/wp-content\/uploads\/2024\/04\/fc-logo.jpg","contentUrl":"https:\/\/www.facecorner.lv\/wp-content\/uploads\/2024\/04\/fc-logo.jpg","width":174,"height":28,"caption":"Facecorner"},"image":{"@id":"https:\/\/www.facecorner.lv\/#\/schema\/logo\/image\/"},"sameAs":["https:\/\/www.facebook.com\/profile.php?id=100063824551839","https:\/\/www.instagram.com\/facecorner_shop\/"]}]},"product_price_amount":"29.95","product_price_currency":"EUR","og_availability":"instock","product_availability":"instock","product_condition":"new"},"_links":{"self":[{"href":"https:\/\/www.facecorner.lv\/ru\/wp-json\/wp\/v2\/product\/27119","targetHints":{"allow":["GET"]}}],"collection":[{"href":"https:\/\/www.facecorner.lv\/ru\/wp-json\/wp\/v2\/product"}],"about":[{"href":"https:\/\/www.facecorner.lv\/ru\/wp-json\/wp\/v2\/types\/product"}],"replies":[{"embeddable":true,"href":"https:\/\/www.facecorner.lv\/ru\/wp-json\/wp\/v2\/comments?post=27119"}],"wp:featuredmedia":[{"embeddable":true,"href":"https:\/\/www.facecorner.lv\/ru\/wp-json\/wp\/v2\/media\/27120"}],"wp:attachment":[{"href":"https:\/\/www.facecorner.lv\/ru\/wp-json\/wp\/v2\/media?parent=27119"}],"wp:term":[{"taxonomy":"product_brand","embeddable":true,"href":"https:\/\/www.facecorner.lv\/ru\/wp-json\/wp\/v2\/product_brand?post=27119"},{"taxonomy":"product_cat","embeddable":true,"href":"https:\/\/www.facecorner.lv\/ru\/wp-json\/wp\/v2\/product_cat?post=27119"},{"taxonomy":"product_tag","embeddable":true,"href":"https:\/\/www.facecorner.lv\/ru\/wp-json\/wp\/v2\/product_tag?post=27119"},{"taxonomy":"berocket_brand","embeddable":true,"href":"https:\/\/www.facecorner.lv\/ru\/wp-json\/wp\/v2\/berocket_brand?post=27119"}],"curies":[{"name":"wp","href":"https:\/\/api.w.org\/{rel}","templated":true}]}}