{"id":27106,"date":"2026-03-06T13:58:23","date_gmt":"2026-03-06T10:58:23","guid":{"rendered":"https:\/\/www.facecorner.lv\/?post_type=product&#038;p=27106"},"modified":"2026-03-13T13:28:15","modified_gmt":"2026-03-13T10:28:15","slug":"dr-melaxin-cemenrete-calcium-volume-eye-patch-hidrogela-plaksteri-acu-zonai-kas-nodrosina-adas-elastibu-60ea","status":"publish","type":"product","link":"https:\/\/www.facecorner.lv\/ru\/shop\/dr-melaxin-cemenrete-calcium-volume-eye-patch-hidrogela-plaksteri-acu-zonai-kas-nodrosina-adas-elastibu-60ea\/","title":{"rendered":"Dr. Melaxin Cemenrete Calcium Volume Eye Patch hidrog\u0113la pl\u0101ksteri acu zonai 60ea"},"content":{"rendered":"<p>Dr. Melaxin Cemenrete Calcium Volume Eye Patch \u2014 \u044d\u0442\u043e \u0433\u0438\u0434\u0440\u043e\u0433\u0435\u043b\u0435\u0432\u044b\u0435 \u043f\u0430\u0442\u0447\u0438 \u0441 \u043a\u0430\u043b\u044c\u0446\u0438\u0435\u0432\u044b\u043c \u043a\u043e\u043c\u043f\u043b\u0435\u043a\u0441\u043e\u043c \u0438 \u0430\u043a\u0442\u0438\u0432\u043d\u043e\u0439 \u044d\u0441\u0441\u0435\u043d\u0446\u0438\u0435\u0439, \u0440\u0430\u0437\u0440\u0430\u0431\u043e\u0442\u0430\u043d\u043d\u044b\u0435 \u0434\u043b\u044f \u0443\u0445\u043e\u0434\u0430 \u0437\u0430 \u043d\u0435\u0436\u043d\u043e\u0439 \u043a\u043e\u0436\u0435\u0439 \u0432\u043e\u043a\u0440\u0443\u0433 \u0433\u043b\u0430\u0437. \u0424\u043e\u0440\u043c\u0443\u043b\u0430 \u043f\u043e\u043c\u043e\u0433\u0430\u0435\u0442 \u0443\u043b\u0443\u0447\u0448\u0438\u0442\u044c \u044d\u043b\u0430\u0441\u0442\u0438\u0447\u043d\u043e\u0441\u0442\u044c \u043a\u043e\u0436\u0438, \u0443\u043c\u0435\u043d\u044c\u0448\u0438\u0442\u044c \u043e\u0442\u0451\u0447\u043d\u043e\u0441\u0442\u044c \u0438 \u0440\u0430\u0437\u0433\u043b\u0430\u0434\u0438\u0442\u044c \u043c\u0435\u043b\u043a\u0438\u0435 \u043c\u043e\u0440\u0449\u0438\u043d\u044b.<\/p>\n<p>\u041f\u0430\u0442\u0447\u0438 \u043f\u043b\u043e\u0442\u043d\u043e \u043f\u0440\u0438\u043b\u0435\u0433\u0430\u044e\u0442 \u043a \u043a\u043e\u0436\u0435 \u0438 \u043e\u0431\u0435\u0441\u043f\u0435\u0447\u0438\u0432\u0430\u044e\u0442 \u0438\u043d\u0442\u0435\u043d\u0441\u0438\u0432\u043d\u043e\u0435 \u0443\u0432\u043b\u0430\u0436\u043d\u0435\u043d\u0438\u0435 \u0438 \u043e\u0445\u043b\u0430\u0436\u0434\u0430\u044e\u0449\u0438\u0439 \u044d\u0444\u0444\u0435\u043a\u0442. \u0420\u0435\u0433\u0443\u043b\u044f\u0440\u043d\u043e\u0435 \u0438\u0441\u043f\u043e\u043b\u044c\u0437\u043e\u0432\u0430\u043d\u0438\u0435 \u043f\u043e\u043c\u043e\u0433\u0430\u0435\u0442 \u0441\u0434\u0435\u043b\u0430\u0442\u044c \u043a\u043e\u0436\u0443 \u0431\u043e\u043b\u0435\u0435 \u0433\u043b\u0430\u0434\u043a\u043e\u0439, \u0443\u043f\u0440\u0443\u0433\u043e\u0439 \u0438 \u0441\u0438\u044f\u044e\u0449\u0435\u0439.<\/p>\n<h6>\u041f\u0440\u0435\u0438\u043c\u0443\u0449\u0435\u0441\u0442\u0432\u0430<\/h6>\n<ul>\n<li>\u043f\u043e\u0432\u044b\u0448\u0430\u044e\u0442 \u0443\u043f\u0440\u0443\u0433\u043e\u0441\u0442\u044c \u043a\u043e\u0436\u0438 \u0432\u043e\u043a\u0440\u0443\u0433 \u0433\u043b\u0430\u0437<\/li>\n<li>\u0443\u043c\u0435\u043d\u044c\u0448\u0430\u044e\u0442 \u0432\u0438\u0434\u0438\u043c\u043e\u0441\u0442\u044c \u043c\u043e\u0440\u0449\u0438\u043d \u0438 \u00ab\u0433\u0443\u0441\u0438\u043d\u044b\u0445 \u043b\u0430\u043f\u043e\u043a\u00bb<\/li>\n<li>\u043f\u043e\u043c\u043e\u0433\u0430\u044e\u0442 \u043e\u0441\u0432\u0435\u0442\u043b\u0438\u0442\u044c \u0442\u0451\u043c\u043d\u044b\u0435 \u043a\u0440\u0443\u0433\u0438<\/li>\n<li>\u0438\u043d\u0442\u0435\u043d\u0441\u0438\u0432\u043d\u043e \u0443\u0432\u043b\u0430\u0436\u043d\u044f\u044e\u0442 \u0438 \u043e\u0441\u0432\u0435\u0436\u0430\u044e\u0442 \u043a\u043e\u0436\u0443<\/li>\n<li>\u043e\u0445\u043b\u0430\u0436\u0434\u0430\u044e\u0449\u0438\u0439 \u0433\u0438\u0434\u0440\u043e\u0433\u0435\u043b\u0435\u0432\u044b\u0439 \u044d\u0444\u0444\u0435\u043a\u0442<\/li>\n<li>\u043f\u043e\u0434\u0445\u043e\u0434\u044f\u0442 \u0434\u043b\u044f \u043e\u0431\u043b\u0430\u0441\u0442\u0438 \u043f\u043e\u0434 \u0433\u043b\u0430\u0437\u0430\u043c\u0438, \u043d\u043e\u0441\u043e\u0433\u0443\u0431\u043d\u044b\u0445 \u0441\u043a\u043b\u0430\u0434\u043e\u043a \u0438 \u043b\u0431\u0430<\/li>\n<\/ul>\n<p><strong>\u0421\u043f\u043e\u0441\u043e\u0431 \u043f\u0440\u0438\u043c\u0435\u043d\u0435\u043d\u0438\u044f:<\/strong> \u041d\u0430\u043d\u0435\u0441\u0438\u0442\u0435 \u043f\u0430\u0442\u0447\u0438 \u043d\u0430 \u043e\u0447\u0438\u0449\u0435\u043d\u043d\u0443\u044e \u0438 \u0441\u0443\u0445\u0443\u044e \u043a\u043e\u0436\u0443 \u043f\u043e\u0434 \u0433\u043b\u0430\u0437\u0430\u043c\u0438. \u041e\u0441\u0442\u0430\u0432\u044c\u0442\u0435 \u043d\u0430 15\u201320 \u043c\u0438\u043d\u0443\u0442, \u0437\u0430\u0442\u0435\u043c \u0430\u043a\u043a\u0443\u0440\u0430\u0442\u043d\u043e \u0441\u043d\u0438\u043c\u0438\u0442\u0435 \u0438 \u043c\u044f\u0433\u043a\u043e \u0440\u0430\u0441\u043f\u0440\u0435\u0434\u0435\u043b\u0438\u0442\u0435 \u043e\u0441\u0442\u0430\u0442\u043a\u0438 \u044d\u0441\u0441\u0435\u043d\u0446\u0438\u0438 \u0434\u043e \u043f\u043e\u043b\u043d\u043e\u0433\u043e \u0432\u043f\u0438\u0442\u044b\u0432\u0430\u043d\u0438\u044f.<\/p>\n<p><strong>\u0421\u043e\u0441\u0442\u0430\u0432:<\/strong> Water, Glycerin, Butylene Glycol, Niacinamide, Carrageenan, Ceratonia Siliqua Gum, Pentylene Glycol, Propanediol, Polyglyceryl-10 Laurate, Guar Gum, Cellulose Gum, Pinus Sylvestris Leaf Extract, Allantoin, Sucrose, Calcium Lactate, Calcium Chloride, Adenosine, Hydrolyzed Collagen, Hydrolyzed Elastin, Tremella Fuciformis Extract, Dipotassium Glycyrrhizate, Arginine, Ethylhexylglycerin, Disodium EDTA, Gluconolactone, Sodium Benzoate \u0438 \u0434\u0440.<\/p>\n<p>&nbsp;<\/p>","protected":false},"excerpt":{"rendered":"<p>\u0413\u0438\u0434\u0440\u043e\u0433\u0435\u043b\u0435\u0432\u044b\u0435 \u043f\u0430\u0442\u0447\u0438 \u0434\u043b\u044f \u043e\u0431\u043b\u0430\u0441\u0442\u0438 \u0432\u043e\u043a\u0440\u0443\u0433 \u0433\u043b\u0430\u0437 \u0441 \u043a\u0430\u043b\u044c\u0446\u0438\u0435\u0432\u044b\u043c \u043a\u043e\u043c\u043f\u043b\u0435\u043a\u0441\u043e\u043c, \u043a\u043e\u0442\u043e\u0440\u044b\u0435 \u043f\u043e\u043c\u043e\u0433\u0430\u044e\u0442 \u043f\u043e\u0432\u044b\u0441\u0438\u0442\u044c \u0443\u043f\u0440\u0443\u0433\u043e\u0441\u0442\u044c \u043a\u043e\u0436\u0438, \u0443\u043c\u0435\u043d\u044c\u0448\u0438\u0442\u044c \u0442\u0451\u043c\u043d\u044b\u0435 \u043a\u0440\u0443\u0433\u0438 \u0438 \u0440\u0430\u0437\u0433\u043b\u0430\u0434\u0438\u0442\u044c \u043c\u0435\u043b\u043a\u0438\u0435 \u043c\u043e\u0440\u0449\u0438\u043d\u044b.<\/p>","protected":false},"featured_media":27107,"comment_status":"open","ping_status":"closed","template":"","meta":{"site-sidebar-layout":"default","site-content-layout":"","ast-site-content-layout":"default","site-content-style":"default","site-sidebar-style":"default","ast-global-header-display":"","ast-banner-title-visibility":"","ast-main-header-display":"","ast-hfb-above-header-display":"","ast-hfb-below-header-display":"","ast-hfb-mobile-header-display":"","site-post-title":"","ast-breadcrumbs-content":"","ast-featured-img":"","footer-sml-layout":"","theme-transparent-header-meta":"default","adv-header-id-meta":"","stick-header-meta":"","header-above-stick-meta":"","header-main-stick-meta":"","header-below-stick-meta":"","astra-migrate-meta-layouts":"set","ast-page-background-enabled":"default","ast-page-background-meta":{"desktop":{"background-color":"var(--ast-global-color-4)","background-image":"","background-repeat":"repeat","background-position":"center center","background-size":"auto","background-attachment":"scroll","background-type":"","background-media":"","overlay-type":"","overlay-color":"","overlay-opacity":"","overlay-gradient":""},"tablet":{"background-color":"","background-image":"","background-repeat":"repeat","background-position":"center center","background-size":"auto","background-attachment":"scroll","background-type":"","background-media":"","overlay-type":"","overlay-color":"","overlay-opacity":"","overlay-gradient":""},"mobile":{"background-color":"","background-image":"","background-repeat":"repeat","background-position":"center center","background-size":"auto","background-attachment":"scroll","background-type":"","background-media":"","overlay-type":"","overlay-color":"","overlay-opacity":"","overlay-gradient":""}},"ast-content-background-meta":{"desktop":{"background-color":"var(--ast-global-color-5)","background-image":"","background-repeat":"repeat","background-position":"center center","background-size":"auto","background-attachment":"scroll","background-type":"","background-media":"","overlay-type":"","overlay-color":"","overlay-opacity":"","overlay-gradient":""},"tablet":{"background-color":"var(--ast-global-color-5)","background-image":"","background-repeat":"repeat","background-position":"center center","background-size":"auto","background-attachment":"scroll","background-type":"","background-media":"","overlay-type":"","overlay-color":"","overlay-opacity":"","overlay-gradient":""},"mobile":{"background-color":"var(--ast-global-color-5)","background-image":"","background-repeat":"repeat","background-position":"center center","background-size":"auto","background-attachment":"scroll","background-type":"","background-media":"","overlay-type":"","overlay-color":"","overlay-opacity":"","overlay-gradient":""}}},"product_brand":[],"product_cat":[327],"product_tag":[],"berocket_brand":[653],"class_list":{"0":"post-27106","1":"product","2":"type-product","3":"status-publish","4":"has-post-thumbnail","6":"product_cat-patci","7":"berocket_brand-dr-melaxin","8":"desktop-align-left","9":"tablet-align-left","10":"mobile-align-left","12":"first","13":"instock","14":"taxable","15":"shipping-taxable","16":"purchasable","17":"product-type-simple","18":"add-to-wishlist-before_image"},"yoast_head":"<!-- This site is optimized with the Yoast SEO plugin v27.4 - https:\/\/yoast.com\/product\/yoast-seo-wordpress\/ -->\n<title>Dr. Melaxin Cemenrete Calcium Volume Eye Patch hidrog\u0113la pl\u0101ksteri acu zonai 60ea - FACECORNER<\/title>\n<meta name=\"description\" content=\"Dr. Melaxin Cemenrete Calcium Volume Eye Patch ir hidrog\u0113la pl\u0101ksteri ar kalcija kompleksu un akt\u012bvo esenci, kas izstr\u0101d\u0101ti, lai koptu maigo \u0101du ap ac\u012bm. Formula pal\u012bdz uzlabot \u0101das elast\u012bbu, samazin\u0101t piet\u016bkumu un izl\u012bdzin\u0101t s\u012bk\u0101s grumbi\u0146as.\" \/>\n<meta name=\"robots\" content=\"index, follow, max-snippet:-1, max-image-preview:large, max-video-preview:-1\" \/>\n<link rel=\"canonical\" href=\"https:\/\/www.facecorner.lv\/ru\/shop\/dr-melaxin-cemenrete-calcium-volume-eye-patch-hidrogela-plaksteri-acu-zonai-kas-nodrosina-adas-elastibu-60ea\/\" \/>\n<meta property=\"og:locale\" content=\"ru_RU\" \/>\n<meta property=\"og:type\" content=\"article\" \/>\n<meta property=\"og:title\" content=\"Dr. Melaxin Cemenrete Calcium Volume Eye Patch hidrog\u0113la pl\u0101ksteri acu zonai 60ea - FACECORNER\" \/>\n<meta property=\"og:description\" content=\"Dr. Melaxin Cemenrete Calcium Volume Eye Patch ir hidrog\u0113la pl\u0101ksteri ar kalcija kompleksu un akt\u012bvo esenci, kas izstr\u0101d\u0101ti, lai koptu maigo \u0101du ap ac\u012bm. Formula pal\u012bdz uzlabot \u0101das elast\u012bbu, samazin\u0101t piet\u016bkumu un izl\u012bdzin\u0101t s\u012bk\u0101s grumbi\u0146as.\" \/>\n<meta property=\"og:url\" content=\"https:\/\/www.facecorner.lv\/ru\/shop\/dr-melaxin-cemenrete-calcium-volume-eye-patch-hidrogela-plaksteri-acu-zonai-kas-nodrosina-adas-elastibu-60ea\/\" \/>\n<meta property=\"og:site_name\" content=\"FACECORNER\" \/>\n<meta property=\"article:publisher\" content=\"https:\/\/www.facebook.com\/profile.php?id=100063824551839\" \/>\n<meta property=\"article:modified_time\" content=\"2026-03-13T10:28:15+00:00\" \/>\n<meta property=\"og:image\" content=\"https:\/\/www.facecorner.lv\/wp-content\/uploads\/2026\/03\/Dr.Melaxin-Cemenrete-Calcium-Volume-Eye-Patch-2.webp\" \/>\n\t<meta property=\"og:image:width\" content=\"900\" \/>\n\t<meta property=\"og:image:height\" content=\"1000\" \/>\n\t<meta property=\"og:image:type\" content=\"image\/webp\" \/>\n<meta name=\"twitter:card\" content=\"summary_large_image\" \/>\n<meta name=\"twitter:label1\" content=\"\u0426\u0435\u043d\u0430\" \/>\n\t<meta name=\"twitter:data1\" content=\"&euro;26.95\" \/>\n\t<meta name=\"twitter:label2\" content=\"\u0414\u043e\u0441\u0442\u0443\u043f\u043d\u043e\u0441\u0442\u044c\" \/>\n\t<meta name=\"twitter:data2\" content=\"\u0412 \u043d\u0430\u043b\u0438\u0447\u0438\u0438\" \/>\n<script type=\"application\/ld+json\" class=\"yoast-schema-graph\">{\"@context\":\"https:\\\/\\\/schema.org\",\"@graph\":[{\"@type\":\"WebPage\",\"@id\":\"https:\\\/\\\/www.facecorner.lv\\\/shop\\\/dr-melaxin-cemenrete-calcium-volume-eye-patch-hidrogela-plaksteri-acu-zonai-kas-nodrosina-adas-elastibu-60ea\\\/\",\"url\":\"https:\\\/\\\/www.facecorner.lv\\\/shop\\\/dr-melaxin-cemenrete-calcium-volume-eye-patch-hidrogela-plaksteri-acu-zonai-kas-nodrosina-adas-elastibu-60ea\\\/\",\"name\":\"Dr. Melaxin Cemenrete Calcium Volume Eye Patch hidrog\u0113la pl\u0101ksteri acu zonai 60ea - FACECORNER\",\"isPartOf\":{\"@id\":\"https:\\\/\\\/www.facecorner.lv\\\/#website\"},\"primaryImageOfPage\":{\"@id\":\"https:\\\/\\\/www.facecorner.lv\\\/shop\\\/dr-melaxin-cemenrete-calcium-volume-eye-patch-hidrogela-plaksteri-acu-zonai-kas-nodrosina-adas-elastibu-60ea\\\/#primaryimage\"},\"image\":{\"@id\":\"https:\\\/\\\/www.facecorner.lv\\\/shop\\\/dr-melaxin-cemenrete-calcium-volume-eye-patch-hidrogela-plaksteri-acu-zonai-kas-nodrosina-adas-elastibu-60ea\\\/#primaryimage\"},\"thumbnailUrl\":\"https:\\\/\\\/www.facecorner.lv\\\/wp-content\\\/uploads\\\/2026\\\/03\\\/Dr.Melaxin-Cemenrete-Calcium-Volume-Eye-Patch-2.webp\",\"datePublished\":\"2026-03-06T10:58:23+00:00\",\"dateModified\":\"2026-03-13T10:28:15+00:00\",\"description\":\"Dr. Melaxin Cemenrete Calcium Volume Eye Patch ir hidrog\u0113la pl\u0101ksteri ar kalcija kompleksu un akt\u012bvo esenci, kas izstr\u0101d\u0101ti, lai koptu maigo \u0101du ap ac\u012bm. Formula pal\u012bdz uzlabot \u0101das elast\u012bbu, samazin\u0101t piet\u016bkumu un izl\u012bdzin\u0101t s\u012bk\u0101s grumbi\u0146as.\",\"breadcrumb\":{\"@id\":\"https:\\\/\\\/www.facecorner.lv\\\/shop\\\/dr-melaxin-cemenrete-calcium-volume-eye-patch-hidrogela-plaksteri-acu-zonai-kas-nodrosina-adas-elastibu-60ea\\\/#breadcrumb\"},\"inLanguage\":\"ru-RU\",\"potentialAction\":[{\"@type\":\"ReadAction\",\"target\":[\"https:\\\/\\\/www.facecorner.lv\\\/shop\\\/dr-melaxin-cemenrete-calcium-volume-eye-patch-hidrogela-plaksteri-acu-zonai-kas-nodrosina-adas-elastibu-60ea\\\/\"]}]},{\"@type\":\"ImageObject\",\"inLanguage\":\"ru-RU\",\"@id\":\"https:\\\/\\\/www.facecorner.lv\\\/shop\\\/dr-melaxin-cemenrete-calcium-volume-eye-patch-hidrogela-plaksteri-acu-zonai-kas-nodrosina-adas-elastibu-60ea\\\/#primaryimage\",\"url\":\"https:\\\/\\\/www.facecorner.lv\\\/wp-content\\\/uploads\\\/2026\\\/03\\\/Dr.Melaxin-Cemenrete-Calcium-Volume-Eye-Patch-2.webp\",\"contentUrl\":\"https:\\\/\\\/www.facecorner.lv\\\/wp-content\\\/uploads\\\/2026\\\/03\\\/Dr.Melaxin-Cemenrete-Calcium-Volume-Eye-Patch-2.webp\",\"width\":900,\"height\":1000,\"caption\":\"Dr. Melaxin Cemenrete Calcium Volume Eye Patch\"},{\"@type\":\"BreadcrumbList\",\"@id\":\"https:\\\/\\\/www.facecorner.lv\\\/shop\\\/dr-melaxin-cemenrete-calcium-volume-eye-patch-hidrogela-plaksteri-acu-zonai-kas-nodrosina-adas-elastibu-60ea\\\/#breadcrumb\",\"itemListElement\":[{\"@type\":\"ListItem\",\"position\":1,\"name\":\"Home\",\"item\":\"https:\\\/\\\/www.facecorner.lv\\\/\"},{\"@type\":\"ListItem\",\"position\":2,\"name\":\"Veikals\",\"item\":\"https:\\\/\\\/www.facecorner.lv\\\/shop\\\/\"},{\"@type\":\"ListItem\",\"position\":3,\"name\":\"Dr. Melaxin Cemenrete Calcium Volume Eye Patch hidrog\u0113la pl\u0101ksteri acu zonai 60ea\"}]},{\"@type\":\"WebSite\",\"@id\":\"https:\\\/\\\/www.facecorner.lv\\\/#website\",\"url\":\"https:\\\/\\\/www.facecorner.lv\\\/\",\"name\":\"Facecorner\",\"description\":\"\",\"publisher\":{\"@id\":\"https:\\\/\\\/www.facecorner.lv\\\/#organization\"},\"potentialAction\":[{\"@type\":\"SearchAction\",\"target\":{\"@type\":\"EntryPoint\",\"urlTemplate\":\"https:\\\/\\\/www.facecorner.lv\\\/?s={search_term_string}\"},\"query-input\":{\"@type\":\"PropertyValueSpecification\",\"valueRequired\":true,\"valueName\":\"search_term_string\"}}],\"inLanguage\":\"ru-RU\"},{\"@type\":\"Organization\",\"@id\":\"https:\\\/\\\/www.facecorner.lv\\\/#organization\",\"name\":\"Facecorner\",\"url\":\"https:\\\/\\\/www.facecorner.lv\\\/\",\"logo\":{\"@type\":\"ImageObject\",\"inLanguage\":\"ru-RU\",\"@id\":\"https:\\\/\\\/www.facecorner.lv\\\/#\\\/schema\\\/logo\\\/image\\\/\",\"url\":\"https:\\\/\\\/www.facecorner.lv\\\/wp-content\\\/uploads\\\/2024\\\/04\\\/fc-logo.jpg\",\"contentUrl\":\"https:\\\/\\\/www.facecorner.lv\\\/wp-content\\\/uploads\\\/2024\\\/04\\\/fc-logo.jpg\",\"width\":174,\"height\":28,\"caption\":\"Facecorner\"},\"image\":{\"@id\":\"https:\\\/\\\/www.facecorner.lv\\\/#\\\/schema\\\/logo\\\/image\\\/\"},\"sameAs\":[\"https:\\\/\\\/www.facebook.com\\\/profile.php?id=100063824551839\",\"https:\\\/\\\/www.instagram.com\\\/facecorner_shop\\\/\"]}]}<\/script>\n<meta property=\"product:price:amount\" content=\"26.95\" \/>\n<meta property=\"product:price:currency\" content=\"EUR\" \/>\n<meta property=\"og:availability\" content=\"instock\" \/>\n<meta property=\"product:availability\" content=\"instock\" \/>\n<meta property=\"product:condition\" content=\"new\" \/>\n<!-- \/ Yoast SEO plugin. -->","yoast_head_json":{"title":"Dr. Melaxin Cemenrete Calcium Volume Eye Patch hidrog\u0113la pl\u0101ksteri acu zonai 60ea - FACECORNER","description":"Dr. Melaxin Cemenrete Calcium Volume Eye Patch \u2014 \u044d\u0442\u043e \u0433\u0438\u0434\u0440\u043e\u0433\u0435\u043b\u0435\u0432\u044b\u0435 \u043f\u0430\u0442\u0447\u0438 \u0441 \u043a\u0430\u043b\u044c\u0446\u0438\u0435\u0432\u044b\u043c \u043a\u043e\u043c\u043f\u043b\u0435\u043a\u0441\u043e\u043c \u0438 \u0430\u043a\u0442\u0438\u0432\u043d\u043e\u0439 \u044d\u0441\u0441\u0435\u043d\u0446\u0438\u0435\u0439, \u0440\u0430\u0437\u0440\u0430\u0431\u043e\u0442\u0430\u043d\u043d\u044b\u0435 \u0434\u043b\u044f \u0443\u0445\u043e\u0434\u0430 \u0437\u0430 \u043d\u0435\u0436\u043d\u043e\u0439 \u043a\u043e\u0436\u0435\u0439 \u0432\u043e\u043a\u0440\u0443\u0433 \u0433\u043b\u0430\u0437. \u0424\u043e\u0440\u043c\u0443\u043b\u0430 \u043f\u043e\u043c\u043e\u0433\u0430\u0435\u0442 \u0443\u043b\u0443\u0447\u0448\u0438\u0442\u044c \u044d\u043b\u0430\u0441\u0442\u0438\u0447\u043d\u043e\u0441\u0442\u044c \u043a\u043e\u0436\u0438, \u0443\u043c\u0435\u043d\u044c\u0448\u0438\u0442\u044c \u043e\u0442\u0451\u0447\u043d\u043e\u0441\u0442\u044c \u0438 \u0440\u0430\u0437\u0433\u043b\u0430\u0434\u0438\u0442\u044c \u043c\u0435\u043b\u043a\u0438\u0435 \u043c\u043e\u0440\u0449\u0438\u043d\u044b.","robots":{"index":"index","follow":"follow","max-snippet":"max-snippet:-1","max-image-preview":"max-image-preview:large","max-video-preview":"max-video-preview:-1"},"canonical":"https:\/\/www.facecorner.lv\/ru\/shop\/dr-melaxin-cemenrete-calcium-volume-eye-patch-hidrogela-plaksteri-acu-zonai-kas-nodrosina-adas-elastibu-60ea\/","og_locale":"ru_RU","og_type":"article","og_title":"Dr. Melaxin Cemenrete Calcium Volume Eye Patch hidrog\u0113la pl\u0101ksteri acu zonai 60ea - FACECORNER","og_description":"Dr. Melaxin Cemenrete Calcium Volume Eye Patch ir hidrog\u0113la pl\u0101ksteri ar kalcija kompleksu un akt\u012bvo esenci, kas izstr\u0101d\u0101ti, lai koptu maigo \u0101du ap ac\u012bm. Formula pal\u012bdz uzlabot \u0101das elast\u012bbu, samazin\u0101t piet\u016bkumu un izl\u012bdzin\u0101t s\u012bk\u0101s grumbi\u0146as.","og_url":"https:\/\/www.facecorner.lv\/ru\/shop\/dr-melaxin-cemenrete-calcium-volume-eye-patch-hidrogela-plaksteri-acu-zonai-kas-nodrosina-adas-elastibu-60ea\/","og_site_name":"FACECORNER","article_publisher":"https:\/\/www.facebook.com\/profile.php?id=100063824551839","article_modified_time":"2026-03-13T10:28:15+00:00","og_image":[{"width":900,"height":1000,"url":"https:\/\/www.facecorner.lv\/wp-content\/uploads\/2026\/03\/Dr.Melaxin-Cemenrete-Calcium-Volume-Eye-Patch-2.webp","type":"image\/webp"}],"twitter_card":"summary_large_image","twitter_misc":{"\u0426\u0435\u043d\u0430":"&euro;26.95","\u0414\u043e\u0441\u0442\u0443\u043f\u043d\u043e\u0441\u0442\u044c":"\u0412 \u043d\u0430\u043b\u0438\u0447\u0438\u0438"},"schema":{"@context":"https:\/\/schema.org","@graph":[{"@type":"WebPage","@id":"https:\/\/www.facecorner.lv\/shop\/dr-melaxin-cemenrete-calcium-volume-eye-patch-hidrogela-plaksteri-acu-zonai-kas-nodrosina-adas-elastibu-60ea\/","url":"https:\/\/www.facecorner.lv\/shop\/dr-melaxin-cemenrete-calcium-volume-eye-patch-hidrogela-plaksteri-acu-zonai-kas-nodrosina-adas-elastibu-60ea\/","name":"Dr. Melaxin Cemenrete Calcium Volume Eye Patch hidrog\u0113la pl\u0101ksteri acu zonai 60ea - FACECORNER","isPartOf":{"@id":"https:\/\/www.facecorner.lv\/#website"},"primaryImageOfPage":{"@id":"https:\/\/www.facecorner.lv\/shop\/dr-melaxin-cemenrete-calcium-volume-eye-patch-hidrogela-plaksteri-acu-zonai-kas-nodrosina-adas-elastibu-60ea\/#primaryimage"},"image":{"@id":"https:\/\/www.facecorner.lv\/shop\/dr-melaxin-cemenrete-calcium-volume-eye-patch-hidrogela-plaksteri-acu-zonai-kas-nodrosina-adas-elastibu-60ea\/#primaryimage"},"thumbnailUrl":"https:\/\/www.facecorner.lv\/wp-content\/uploads\/2026\/03\/Dr.Melaxin-Cemenrete-Calcium-Volume-Eye-Patch-2.webp","datePublished":"2026-03-06T10:58:23+00:00","dateModified":"2026-03-13T10:28:15+00:00","description":"Dr. Melaxin Cemenrete Calcium Volume Eye Patch \u2014 \u044d\u0442\u043e \u0433\u0438\u0434\u0440\u043e\u0433\u0435\u043b\u0435\u0432\u044b\u0435 \u043f\u0430\u0442\u0447\u0438 \u0441 \u043a\u0430\u043b\u044c\u0446\u0438\u0435\u0432\u044b\u043c \u043a\u043e\u043c\u043f\u043b\u0435\u043a\u0441\u043e\u043c \u0438 \u0430\u043a\u0442\u0438\u0432\u043d\u043e\u0439 \u044d\u0441\u0441\u0435\u043d\u0446\u0438\u0435\u0439, \u0440\u0430\u0437\u0440\u0430\u0431\u043e\u0442\u0430\u043d\u043d\u044b\u0435 \u0434\u043b\u044f \u0443\u0445\u043e\u0434\u0430 \u0437\u0430 \u043d\u0435\u0436\u043d\u043e\u0439 \u043a\u043e\u0436\u0435\u0439 \u0432\u043e\u043a\u0440\u0443\u0433 \u0433\u043b\u0430\u0437. \u0424\u043e\u0440\u043c\u0443\u043b\u0430 \u043f\u043e\u043c\u043e\u0433\u0430\u0435\u0442 \u0443\u043b\u0443\u0447\u0448\u0438\u0442\u044c \u044d\u043b\u0430\u0441\u0442\u0438\u0447\u043d\u043e\u0441\u0442\u044c \u043a\u043e\u0436\u0438, \u0443\u043c\u0435\u043d\u044c\u0448\u0438\u0442\u044c \u043e\u0442\u0451\u0447\u043d\u043e\u0441\u0442\u044c \u0438 \u0440\u0430\u0437\u0433\u043b\u0430\u0434\u0438\u0442\u044c \u043c\u0435\u043b\u043a\u0438\u0435 \u043c\u043e\u0440\u0449\u0438\u043d\u044b.","breadcrumb":{"@id":"https:\/\/www.facecorner.lv\/shop\/dr-melaxin-cemenrete-calcium-volume-eye-patch-hidrogela-plaksteri-acu-zonai-kas-nodrosina-adas-elastibu-60ea\/#breadcrumb"},"inLanguage":"ru-RU","potentialAction":[{"@type":"ReadAction","target":["https:\/\/www.facecorner.lv\/shop\/dr-melaxin-cemenrete-calcium-volume-eye-patch-hidrogela-plaksteri-acu-zonai-kas-nodrosina-adas-elastibu-60ea\/"]}]},{"@type":"ImageObject","inLanguage":"ru-RU","@id":"https:\/\/www.facecorner.lv\/shop\/dr-melaxin-cemenrete-calcium-volume-eye-patch-hidrogela-plaksteri-acu-zonai-kas-nodrosina-adas-elastibu-60ea\/#primaryimage","url":"https:\/\/www.facecorner.lv\/wp-content\/uploads\/2026\/03\/Dr.Melaxin-Cemenrete-Calcium-Volume-Eye-Patch-2.webp","contentUrl":"https:\/\/www.facecorner.lv\/wp-content\/uploads\/2026\/03\/Dr.Melaxin-Cemenrete-Calcium-Volume-Eye-Patch-2.webp","width":900,"height":1000,"caption":"Dr. Melaxin Cemenrete Calcium Volume Eye Patch"},{"@type":"BreadcrumbList","@id":"https:\/\/www.facecorner.lv\/shop\/dr-melaxin-cemenrete-calcium-volume-eye-patch-hidrogela-plaksteri-acu-zonai-kas-nodrosina-adas-elastibu-60ea\/#breadcrumb","itemListElement":[{"@type":"ListItem","position":1,"name":"Home","item":"https:\/\/www.facecorner.lv\/"},{"@type":"ListItem","position":2,"name":"Veikals","item":"https:\/\/www.facecorner.lv\/shop\/"},{"@type":"ListItem","position":3,"name":"Dr. Melaxin Cemenrete Calcium Volume Eye Patch hidrog\u0113la pl\u0101ksteri acu zonai 60ea"}]},{"@type":"WebSite","@id":"https:\/\/www.facecorner.lv\/#website","url":"https:\/\/www.facecorner.lv\/","name":"Facecorner","description":"","publisher":{"@id":"https:\/\/www.facecorner.lv\/#organization"},"potentialAction":[{"@type":"SearchAction","target":{"@type":"EntryPoint","urlTemplate":"https:\/\/www.facecorner.lv\/?s={search_term_string}"},"query-input":{"@type":"PropertyValueSpecification","valueRequired":true,"valueName":"search_term_string"}}],"inLanguage":"ru-RU"},{"@type":"Organization","@id":"https:\/\/www.facecorner.lv\/#organization","name":"Facecorner","url":"https:\/\/www.facecorner.lv\/","logo":{"@type":"ImageObject","inLanguage":"ru-RU","@id":"https:\/\/www.facecorner.lv\/#\/schema\/logo\/image\/","url":"https:\/\/www.facecorner.lv\/wp-content\/uploads\/2024\/04\/fc-logo.jpg","contentUrl":"https:\/\/www.facecorner.lv\/wp-content\/uploads\/2024\/04\/fc-logo.jpg","width":174,"height":28,"caption":"Facecorner"},"image":{"@id":"https:\/\/www.facecorner.lv\/#\/schema\/logo\/image\/"},"sameAs":["https:\/\/www.facebook.com\/profile.php?id=100063824551839","https:\/\/www.instagram.com\/facecorner_shop\/"]}]},"product_price_amount":"26.95","product_price_currency":"EUR","og_availability":"instock","product_availability":"instock","product_condition":"new"},"_links":{"self":[{"href":"https:\/\/www.facecorner.lv\/ru\/wp-json\/wp\/v2\/product\/27106","targetHints":{"allow":["GET"]}}],"collection":[{"href":"https:\/\/www.facecorner.lv\/ru\/wp-json\/wp\/v2\/product"}],"about":[{"href":"https:\/\/www.facecorner.lv\/ru\/wp-json\/wp\/v2\/types\/product"}],"replies":[{"embeddable":true,"href":"https:\/\/www.facecorner.lv\/ru\/wp-json\/wp\/v2\/comments?post=27106"}],"wp:featuredmedia":[{"embeddable":true,"href":"https:\/\/www.facecorner.lv\/ru\/wp-json\/wp\/v2\/media\/27107"}],"wp:attachment":[{"href":"https:\/\/www.facecorner.lv\/ru\/wp-json\/wp\/v2\/media?parent=27106"}],"wp:term":[{"taxonomy":"product_brand","embeddable":true,"href":"https:\/\/www.facecorner.lv\/ru\/wp-json\/wp\/v2\/product_brand?post=27106"},{"taxonomy":"product_cat","embeddable":true,"href":"https:\/\/www.facecorner.lv\/ru\/wp-json\/wp\/v2\/product_cat?post=27106"},{"taxonomy":"product_tag","embeddable":true,"href":"https:\/\/www.facecorner.lv\/ru\/wp-json\/wp\/v2\/product_tag?post=27106"},{"taxonomy":"berocket_brand","embeddable":true,"href":"https:\/\/www.facecorner.lv\/ru\/wp-json\/wp\/v2\/berocket_brand?post=27106"}],"curies":[{"name":"wp","href":"https:\/\/api.w.org\/{rel}","templated":true}]}}