{"id":27020,"date":"2026-02-25T17:18:10","date_gmt":"2026-02-25T14:18:10","guid":{"rendered":"https:\/\/www.facecorner.lv\/?post_type=product&#038;p=27020"},"modified":"2026-03-08T20:31:49","modified_gmt":"2026-03-08T17:31:49","slug":"vt-reedle-shot-synergy-sparkling-toner-mitrinoss-toniks-ar-mikroadatinam-150ml","status":"publish","type":"product","link":"https:\/\/www.facecorner.lv\/ru\/shop\/vt-reedle-shot-synergy-sparkling-toner-mitrinoss-toniks-ar-mikroadatinam-150ml\/","title":{"rendered":"VT Reedle Shot Synergy Sparkling Toner \u0443\u0432\u043b\u0430\u0436\u043d\u044f\u044e\u0449\u0438\u0439 \u0442\u043e\u043d\u0438\u043a \u0441 \u043c\u0438\u043a\u0440\u043e\u0438\u0433\u043b\u0430\u043c\u0438 150ml"},"content":{"rendered":"<p>VT Reedle Shot Sparkling Toner \u2014 \u044d\u0442\u043e \u0443\u0432\u043b\u0430\u0436\u043d\u044f\u044e\u0449\u0438\u0439 \u0442\u043e\u043d\u0435\u0440 \u0441 \u043b\u0438\u0444\u0442\u0438\u043d\u0433-\u044d\u0444\u0444\u0435\u043a\u0442\u043e\u043c, \u0441\u043e\u0434\u0435\u0440\u0436\u0430\u0449\u0438\u0439 \u043c\u0438\u043a\u0440\u043e\u0438\u0433\u043b\u044b (Cica Reedle), \u0446\u0435\u043d\u0442\u0435\u043b\u043b\u0443 \u0430\u0437\u0438\u0430\u0442\u0441\u043a\u0443\u044e, \u0431\u0440\u043e\u043c\u0435\u043b\u0430\u0439\u043d \u0438 Aquaxyl.<\/p>\n<p>\u041e\u043d \u043c\u044f\u0433\u043a\u043e \u043e\u0442\u0448\u0435\u043b\u0443\u0448\u0438\u0432\u0430\u0435\u0442, \u0443\u0441\u043f\u043e\u043a\u0430\u0438\u0432\u0430\u0435\u0442, \u0441\u043d\u0438\u043c\u0430\u0435\u0442 \u043f\u043e\u043a\u0440\u0430\u0441\u043d\u0435\u043d\u0438\u044f \u0438 \u043e\u0431\u0435\u0441\u043f\u0435\u0447\u0438\u0432\u0430\u0435\u0442 \u0433\u043b\u0443\u0431\u043e\u043a\u043e\u0435 \u0443\u0432\u043b\u0430\u0436\u043d\u0435\u043d\u0438\u0435, \u0443\u043b\u0443\u0447\u0448\u0430\u044f \u0442\u0435\u043a\u0441\u0442\u0443\u0440\u0443 \u043a\u043e\u0436\u0438 \u0438 \u043f\u043e\u0434\u0433\u043e\u0442\u0430\u0432\u043b\u0438\u0432\u0430\u044f \u0435\u0451 \u043a \u043f\u043e\u0441\u043b\u0435\u0434\u0443\u044e\u0449\u0435\u043c\u0443 \u0443\u0445\u043e\u0434\u0443.<\/p>\n<h6>\u041a\u043b\u044e\u0447\u0435\u0432\u044b\u0435 \u043e\u0441\u043e\u0431\u0435\u043d\u043d\u043e\u0441\u0442\u0438:<\/h6>\n<ul>\n<li>\u0418\u043d\u0442\u0435\u043d\u0441\u0438\u0432\u043d\u043e\u0435 \u0443\u0432\u043b\u0430\u0436\u043d\u0435\u043d\u0438\u0435: \u0421\u043e\u0434\u0435\u0440\u0436\u0438\u0442 \u043c\u0438\u043d\u0435\u0440\u0430\u043b\u044c\u043d\u0443\u044e \u0432\u043e\u0434\u0443 (\u0438\u0437 \u0438\u0442\u0430\u043b\u044c\u044f\u043d\u0441\u043a\u0438\u0445 \u0410\u043b\u044c\u043f), \u043f\u0430\u043d\u0442\u0435\u043d\u043e\u043b \u0438 Aquaxyl, \u043a\u043e\u0442\u043e\u0440\u044b\u0435 \u043f\u0440\u0435\u0434\u043e\u0442\u0432\u0440\u0430\u0449\u0430\u044e\u0442 \u043e\u0431\u0435\u0437\u0432\u043e\u0436\u0438\u0432\u0430\u043d\u0438\u0435 \u0438 \u0448\u0435\u043b\u0443\u0448\u0435\u043d\u0438\u0435 \u043a\u043e\u0436\u0438.<\/li>\n<li>\u041c\u0438\u043a\u0440\u043e\u0447\u0430\u0441\u0442\u0438\u0446\u044b (Reedle Shot): \u041e\u0431\u0435\u0441\u043f\u0435\u0447\u0438\u0432\u0430\u044e\u0442 \u0433\u043b\u0443\u0431\u043e\u043a\u043e\u0435 \u043f\u0440\u043e\u043d\u0438\u043a\u043d\u043e\u0432\u0435\u043d\u0438\u0435 \u0430\u043a\u0442\u0438\u0432\u043d\u044b\u0445 \u043a\u043e\u043c\u043f\u043e\u043d\u0435\u043d\u0442\u043e\u0432, \u0443\u043b\u0443\u0447\u0448\u0430\u044f \u0442\u0435\u043a\u0441\u0442\u0443\u0440\u0443 \u043a\u043e\u0436\u0438.<\/li>\n<li>\u042d\u0444\u0444\u0435\u043a\u0442 \u043f\u0438\u043b\u0438\u043d\u0433\u0430: \u0430\u043a\u0442\u0438\u0432\u043d\u043e \u043e\u0447\u0438\u0449\u0430\u0435\u0442 \u043f\u043e\u0440\u044b, \u0443\u0434\u0430\u043b\u044f\u0435\u0442 \u043e\u043c\u0435\u0440\u0442\u0432\u0435\u0432\u0448\u0438\u0435 \u043a\u043b\u0435\u0442\u043a\u0438.<\/li>\n<li>\u0423\u0441\u043f\u043e\u043a\u0430\u0438\u0432\u0430\u044e\u0449\u0435\u0435 \u0434\u0435\u0439\u0441\u0442\u0432\u0438\u0435: \u043a\u043e\u043c\u043f\u043b\u0435\u043a\u0441 Centella 4X \u0438 \u044d\u043a\u0441\u0442\u0440\u0430\u043a\u0442 \u0437\u0435\u043b\u0435\u043d\u043e\u0433\u043e \u043f\u0440\u043e\u043f\u043e\u043b\u0438\u0441\u0430 \u0441\u043d\u0438\u0436\u0430\u044e\u0442 \u0447\u0443\u0432\u0441\u0442\u0432\u0438\u0442\u0435\u043b\u044c\u043d\u043e\u0441\u0442\u044c, \u0431\u043e\u0440\u044e\u0442\u0441\u044f \u0441 \u043e\u0431\u0440\u0430\u0437\u043e\u0432\u0430\u043d\u0438\u0435\u043c \u0443\u0433\u0440\u0435\u0439 \u0438 \u0443\u043a\u0440\u0435\u043f\u043b\u044f\u044e\u0442 \u0437\u0430\u0449\u0438\u0442\u043d\u044b\u0439 \u0431\u0430\u0440\u044c\u0435\u0440.<\/li>\n<\/ul>\n<p><strong>\u0421\u043f\u043e\u0441\u043e\u0431 \u043f\u0440\u0438\u043c\u0435\u043d\u0435\u043d\u0438\u044f:<\/strong> \u041d\u0430\u043d\u0435\u0441\u0438\u0442\u0435 \u043d\u0430 \u043e\u0447\u0438\u0449\u0435\u043d\u043d\u0443\u044e \u043a\u043e\u0436\u0443 \u043b\u0438\u0446\u0430, \u0438\u0437\u0431\u0435\u0433\u0430\u044f \u043e\u0431\u043b\u0430\u0441\u0442\u0438 \u0432\u043e\u043a\u0440\u0443\u0433 \u0433\u043b\u0430\u0437, \u043b\u0435\u0433\u043a\u0438\u043c\u0438 \u0434\u0432\u0438\u0436\u0435\u043d\u0438\u044f\u043c\u0438 \u0438\u043b\u0438 \u0432\u0430\u0442\u043d\u044b\u043c \u0434\u0438\u0441\u043a\u043e\u043c. \u0420\u0435\u043a\u043e\u043c\u0435\u043d\u0434\u0443\u0435\u0442\u0441\u044f \u0438\u0441\u043f\u043e\u043b\u044c\u0437\u043e\u0432\u0430\u0442\u044c \u0432 \u0432\u0435\u0447\u0435\u0440\u043d\u0438\u0445 \u043f\u0440\u043e\u0446\u0435\u0434\u0443\u0440\u0430\u0445 \u043f\u043e \u0443\u0445\u043e\u0434\u0443 \u0437\u0430 \u043a\u043e\u0436\u0435\u0439.<\/p>\n<p><strong>\u0421\u043e\u0441\u0442\u0430\u0432:<\/strong> Purified water, butylene glycol, glycerin, dipropylene glycol, erythritol, xylityl glucoside, anhydroxylitol, betaine, glyceryl glucoside, xylitol, C12-14 alkyl-12, glucose, carbomer, arginine, disodium EDTA, ammonium acryloyldimethyl taurate\/VP copolymer, panthenol, bromelain, glyceryl acrylate\/acrylic acid copolymer, false apple mint leaf extract, camomile (green) extract, thyme leaf extract, centella asiatica extract, sodium hyaluronate, madecassoside, madecassic acid, asiaticoside, asiatic acid, propolis extract, silica, Hydroxyacetophenone, caprylyl glycol, ethylhexylglycerin, 1,2-hexanediol.<\/p>\n<div class=\"projector__details col-12 col-md-7 col-lg-6 px-0 px-md-3\">\n<section id=\"projector_composition\" class=\"tabs__section tabs__section--active\">\n<div class=\"tabs__content\">\n<div class=\"tabs__content--composition mb-2\"><\/div>\n<\/div>\n<\/section>\n<\/div>","protected":false},"excerpt":{"rendered":"<p>VT Reedle Shot Sparkling Toner \u2014 \u044d\u0442\u043e \u0443\u0432\u043b\u0430\u0436\u043d\u044f\u044e\u0449\u0438\u0439 \u0442\u043e\u043d\u0435\u0440 \u0441 \u043b\u0438\u0444\u0442\u0438\u043d\u0433-\u044d\u0444\u0444\u0435\u043a\u0442\u043e\u043c, \u0441\u043e\u0434\u0435\u0440\u0436\u0430\u0449\u0438\u0439 \u043c\u0438\u043a\u0440\u043e\u0438\u0433\u043b\u044b (Cica Reedle), \u0446\u0435\u043d\u0442\u0435\u043b\u043b\u0443 \u0430\u0437\u0438\u0430\u0442\u0441\u043a\u0443\u044e, \u0431\u0440\u043e\u043c\u0435\u043b\u0430\u0439\u043d \u0438 Aquaxyl.<\/p>","protected":false},"featured_media":27021,"comment_status":"open","ping_status":"closed","template":"","meta":{"site-sidebar-layout":"default","site-content-layout":"","ast-site-content-layout":"default","site-content-style":"default","site-sidebar-style":"default","ast-global-header-display":"","ast-banner-title-visibility":"","ast-main-header-display":"","ast-hfb-above-header-display":"","ast-hfb-below-header-display":"","ast-hfb-mobile-header-display":"","site-post-title":"","ast-breadcrumbs-content":"","ast-featured-img":"","footer-sml-layout":"","theme-transparent-header-meta":"default","adv-header-id-meta":"","stick-header-meta":"","header-above-stick-meta":"","header-main-stick-meta":"","header-below-stick-meta":"","astra-migrate-meta-layouts":"set","ast-page-background-enabled":"default","ast-page-background-meta":{"desktop":{"background-color":"var(--ast-global-color-4)","background-image":"","background-repeat":"repeat","background-position":"center center","background-size":"auto","background-attachment":"scroll","background-type":"","background-media":"","overlay-type":"","overlay-color":"","overlay-opacity":"","overlay-gradient":""},"tablet":{"background-color":"","background-image":"","background-repeat":"repeat","background-position":"center center","background-size":"auto","background-attachment":"scroll","background-type":"","background-media":"","overlay-type":"","overlay-color":"","overlay-opacity":"","overlay-gradient":""},"mobile":{"background-color":"","background-image":"","background-repeat":"repeat","background-position":"center center","background-size":"auto","background-attachment":"scroll","background-type":"","background-media":"","overlay-type":"","overlay-color":"","overlay-opacity":"","overlay-gradient":""}},"ast-content-background-meta":{"desktop":{"background-color":"var(--ast-global-color-5)","background-image":"","background-repeat":"repeat","background-position":"center center","background-size":"auto","background-attachment":"scroll","background-type":"","background-media":"","overlay-type":"","overlay-color":"","overlay-opacity":"","overlay-gradient":""},"tablet":{"background-color":"var(--ast-global-color-5)","background-image":"","background-repeat":"repeat","background-position":"center center","background-size":"auto","background-attachment":"scroll","background-type":"","background-media":"","overlay-type":"","overlay-color":"","overlay-opacity":"","overlay-gradient":""},"mobile":{"background-color":"var(--ast-global-color-5)","background-image":"","background-repeat":"repeat","background-position":"center center","background-size":"auto","background-attachment":"scroll","background-type":"","background-media":"","overlay-type":"","overlay-color":"","overlay-opacity":"","overlay-gradient":""}}},"product_brand":[],"product_cat":[375,378,364,376],"product_tag":[],"berocket_brand":[582],"class_list":{"0":"post-27020","1":"product","2":"type-product","3":"status-publish","4":"has-post-thumbnail","6":"product_cat-jutigai-adai-toneri","7":"product_cat-sausai-adai-toneri","8":"product_cat-toneri","9":"product_cat-kombinetai-adai-toneri","10":"berocket_brand-vt","11":"desktop-align-left","12":"tablet-align-left","13":"mobile-align-left","15":"first","16":"instock","17":"taxable","18":"shipping-taxable","19":"purchasable","20":"product-type-simple","21":"add-to-wishlist-before_image"},"yoast_head":"<!-- This site is optimized with the Yoast SEO plugin v27.3 - https:\/\/yoast.com\/product\/yoast-seo-wordpress\/ -->\n<title>VT Reedle Shot Synergy Sparkling Toner mitrino\u0161s toniks ar mikroadati\u0146\u0101m 150ml - FACECORNER<\/title>\n<meta name=\"description\" content=\"VT Reedle Shot Synergy Sparkling Toner tas ir intens\u012bvs mitrino\u0161s toniks ar mikroadati\u0146\u0101m (Spicule) un miner\u0101l\u016bdeni, kas rad\u012bts, lai att\u012br\u012btu poras, nodro\u0161in\u0101tu eksfoli\u0113jo\u0161u efektu un uzlabotu turpm\u0101ko kop\u0161anas l\u012bdzek\u013cu uzs\u016bk\u0161anos.\" \/>\n<meta name=\"robots\" content=\"index, follow, max-snippet:-1, max-image-preview:large, max-video-preview:-1\" \/>\n<link rel=\"canonical\" href=\"https:\/\/www.facecorner.lv\/ru\/shop\/vt-reedle-shot-synergy-sparkling-toner-mitrinoss-toniks-ar-mikroadatinam-150ml\/\" \/>\n<meta property=\"og:locale\" content=\"ru_RU\" \/>\n<meta property=\"og:type\" content=\"article\" \/>\n<meta property=\"og:title\" content=\"VT Reedle Shot Synergy Sparkling Toner mitrino\u0161s toniks ar mikroadati\u0146\u0101m 150ml - FACECORNER\" \/>\n<meta property=\"og:description\" content=\"VT Reedle Shot Synergy Sparkling Toner tas ir intens\u012bvs mitrino\u0161s toniks ar mikroadati\u0146\u0101m (Spicule) un miner\u0101l\u016bdeni, kas rad\u012bts, lai att\u012br\u012btu poras, nodro\u0161in\u0101tu eksfoli\u0113jo\u0161u efektu un uzlabotu turpm\u0101ko kop\u0161anas l\u012bdzek\u013cu uzs\u016bk\u0161anos.\" \/>\n<meta property=\"og:url\" content=\"https:\/\/www.facecorner.lv\/ru\/shop\/vt-reedle-shot-synergy-sparkling-toner-mitrinoss-toniks-ar-mikroadatinam-150ml\/\" \/>\n<meta property=\"og:site_name\" content=\"FACECORNER\" \/>\n<meta property=\"article:publisher\" content=\"https:\/\/www.facebook.com\/profile.php?id=100063824551839\" \/>\n<meta property=\"article:modified_time\" content=\"2026-03-08T17:31:49+00:00\" \/>\n<meta property=\"og:image\" content=\"https:\/\/www.facecorner.lv\/wp-content\/uploads\/2026\/02\/VT-Cosmetics-Reedle-Shot-Synergy-Sparkling-Toner-Nudie-Glow-Australia_1024x1024.webp\" \/>\n\t<meta property=\"og:image:width\" content=\"1024\" \/>\n\t<meta property=\"og:image:height\" content=\"1024\" \/>\n\t<meta property=\"og:image:type\" content=\"image\/webp\" \/>\n<meta name=\"twitter:card\" content=\"summary_large_image\" \/>\n<meta name=\"twitter:label1\" content=\"\u0426\u0435\u043d\u0430\" \/>\n\t<meta name=\"twitter:data1\" content=\"&euro;22.45\" \/>\n\t<meta name=\"twitter:label2\" content=\"\u0414\u043e\u0441\u0442\u0443\u043f\u043d\u043e\u0441\u0442\u044c\" \/>\n\t<meta name=\"twitter:data2\" content=\"\u0412 \u043d\u0430\u043b\u0438\u0447\u0438\u0438\" \/>\n<script type=\"application\/ld+json\" class=\"yoast-schema-graph\">{\"@context\":\"https:\\\/\\\/schema.org\",\"@graph\":[{\"@type\":\"WebPage\",\"@id\":\"https:\\\/\\\/www.facecorner.lv\\\/shop\\\/vt-reedle-shot-synergy-sparkling-toner-mitrinoss-toniks-ar-mikroadatinam-150ml\\\/\",\"url\":\"https:\\\/\\\/www.facecorner.lv\\\/shop\\\/vt-reedle-shot-synergy-sparkling-toner-mitrinoss-toniks-ar-mikroadatinam-150ml\\\/\",\"name\":\"VT Reedle Shot Synergy Sparkling Toner mitrino\u0161s toniks ar mikroadati\u0146\u0101m 150ml - FACECORNER\",\"isPartOf\":{\"@id\":\"https:\\\/\\\/www.facecorner.lv\\\/#website\"},\"primaryImageOfPage\":{\"@id\":\"https:\\\/\\\/www.facecorner.lv\\\/shop\\\/vt-reedle-shot-synergy-sparkling-toner-mitrinoss-toniks-ar-mikroadatinam-150ml\\\/#primaryimage\"},\"image\":{\"@id\":\"https:\\\/\\\/www.facecorner.lv\\\/shop\\\/vt-reedle-shot-synergy-sparkling-toner-mitrinoss-toniks-ar-mikroadatinam-150ml\\\/#primaryimage\"},\"thumbnailUrl\":\"https:\\\/\\\/www.facecorner.lv\\\/wp-content\\\/uploads\\\/2026\\\/02\\\/VT-Cosmetics-Reedle-Shot-Synergy-Sparkling-Toner-Nudie-Glow-Australia_1024x1024.webp\",\"datePublished\":\"2026-02-25T14:18:10+00:00\",\"dateModified\":\"2026-03-08T17:31:49+00:00\",\"description\":\"VT Reedle Shot Synergy Sparkling Toner tas ir intens\u012bvs mitrino\u0161s toniks ar mikroadati\u0146\u0101m (Spicule) un miner\u0101l\u016bdeni, kas rad\u012bts, lai att\u012br\u012btu poras, nodro\u0161in\u0101tu eksfoli\u0113jo\u0161u efektu un uzlabotu turpm\u0101ko kop\u0161anas l\u012bdzek\u013cu uzs\u016bk\u0161anos.\",\"breadcrumb\":{\"@id\":\"https:\\\/\\\/www.facecorner.lv\\\/shop\\\/vt-reedle-shot-synergy-sparkling-toner-mitrinoss-toniks-ar-mikroadatinam-150ml\\\/#breadcrumb\"},\"inLanguage\":\"ru-RU\",\"potentialAction\":[{\"@type\":\"ReadAction\",\"target\":[\"https:\\\/\\\/www.facecorner.lv\\\/shop\\\/vt-reedle-shot-synergy-sparkling-toner-mitrinoss-toniks-ar-mikroadatinam-150ml\\\/\"]}]},{\"@type\":\"ImageObject\",\"inLanguage\":\"ru-RU\",\"@id\":\"https:\\\/\\\/www.facecorner.lv\\\/shop\\\/vt-reedle-shot-synergy-sparkling-toner-mitrinoss-toniks-ar-mikroadatinam-150ml\\\/#primaryimage\",\"url\":\"https:\\\/\\\/www.facecorner.lv\\\/wp-content\\\/uploads\\\/2026\\\/02\\\/VT-Cosmetics-Reedle-Shot-Synergy-Sparkling-Toner-Nudie-Glow-Australia_1024x1024.webp\",\"contentUrl\":\"https:\\\/\\\/www.facecorner.lv\\\/wp-content\\\/uploads\\\/2026\\\/02\\\/VT-Cosmetics-Reedle-Shot-Synergy-Sparkling-Toner-Nudie-Glow-Australia_1024x1024.webp\",\"width\":1024,\"height\":1024,\"caption\":\"VT Reedle Shot Synergy Sparkling Toner\"},{\"@type\":\"BreadcrumbList\",\"@id\":\"https:\\\/\\\/www.facecorner.lv\\\/shop\\\/vt-reedle-shot-synergy-sparkling-toner-mitrinoss-toniks-ar-mikroadatinam-150ml\\\/#breadcrumb\",\"itemListElement\":[{\"@type\":\"ListItem\",\"position\":1,\"name\":\"Home\",\"item\":\"https:\\\/\\\/www.facecorner.lv\\\/\"},{\"@type\":\"ListItem\",\"position\":2,\"name\":\"Veikals\",\"item\":\"https:\\\/\\\/www.facecorner.lv\\\/shop\\\/\"},{\"@type\":\"ListItem\",\"position\":3,\"name\":\"VT Reedle Shot Synergy Sparkling Toner mitrino\u0161s toniks ar mikroadati\u0146\u0101m 150ml\"}]},{\"@type\":\"WebSite\",\"@id\":\"https:\\\/\\\/www.facecorner.lv\\\/#website\",\"url\":\"https:\\\/\\\/www.facecorner.lv\\\/\",\"name\":\"Facecorner\",\"description\":\"\",\"publisher\":{\"@id\":\"https:\\\/\\\/www.facecorner.lv\\\/#organization\"},\"potentialAction\":[{\"@type\":\"SearchAction\",\"target\":{\"@type\":\"EntryPoint\",\"urlTemplate\":\"https:\\\/\\\/www.facecorner.lv\\\/?s={search_term_string}\"},\"query-input\":{\"@type\":\"PropertyValueSpecification\",\"valueRequired\":true,\"valueName\":\"search_term_string\"}}],\"inLanguage\":\"ru-RU\"},{\"@type\":\"Organization\",\"@id\":\"https:\\\/\\\/www.facecorner.lv\\\/#organization\",\"name\":\"Facecorner\",\"url\":\"https:\\\/\\\/www.facecorner.lv\\\/\",\"logo\":{\"@type\":\"ImageObject\",\"inLanguage\":\"ru-RU\",\"@id\":\"https:\\\/\\\/www.facecorner.lv\\\/#\\\/schema\\\/logo\\\/image\\\/\",\"url\":\"https:\\\/\\\/www.facecorner.lv\\\/wp-content\\\/uploads\\\/2024\\\/04\\\/fc-logo.jpg\",\"contentUrl\":\"https:\\\/\\\/www.facecorner.lv\\\/wp-content\\\/uploads\\\/2024\\\/04\\\/fc-logo.jpg\",\"width\":174,\"height\":28,\"caption\":\"Facecorner\"},\"image\":{\"@id\":\"https:\\\/\\\/www.facecorner.lv\\\/#\\\/schema\\\/logo\\\/image\\\/\"},\"sameAs\":[\"https:\\\/\\\/www.facebook.com\\\/profile.php?id=100063824551839\",\"https:\\\/\\\/www.instagram.com\\\/facecorner_shop\\\/\"]}]}<\/script>\n<meta property=\"product:price:amount\" content=\"22.45\" \/>\n<meta property=\"product:price:currency\" content=\"EUR\" \/>\n<meta property=\"og:availability\" content=\"instock\" \/>\n<meta property=\"product:availability\" content=\"instock\" \/>\n<meta property=\"product:condition\" content=\"new\" \/>\n<!-- \/ Yoast SEO plugin. -->","yoast_head_json":{"title":"VT Reedle Shot Synergy Sparkling Toner mitrino\u0161s toniks ar mikroadati\u0146\u0101m 150ml - FACECORNER","description":"VT Reedle Shot Sparkling Toner \u2014 \u044d\u0442\u043e \u0443\u0432\u043b\u0430\u0436\u043d\u044f\u044e\u0449\u0438\u0439 \u0442\u043e\u043d\u0435\u0440 \u0441 \u043b\u0438\u0444\u0442\u0438\u043d\u0433-\u044d\u0444\u0444\u0435\u043a\u0442\u043e\u043c, \u0441\u043e\u0434\u0435\u0440\u0436\u0430\u0449\u0438\u0439 \u043c\u0438\u043a\u0440\u043e\u0438\u0433\u043b\u044b (Cica Reedle), \u0446\u0435\u043d\u0442\u0435\u043b\u043b\u0443 \u0430\u0437\u0438\u0430\u0442\u0441\u043a\u0443\u044e, \u0431\u0440\u043e\u043c\u0435\u043b\u0430\u0439\u043d \u0438 Aquaxyl.","robots":{"index":"index","follow":"follow","max-snippet":"max-snippet:-1","max-image-preview":"max-image-preview:large","max-video-preview":"max-video-preview:-1"},"canonical":"https:\/\/www.facecorner.lv\/ru\/shop\/vt-reedle-shot-synergy-sparkling-toner-mitrinoss-toniks-ar-mikroadatinam-150ml\/","og_locale":"ru_RU","og_type":"article","og_title":"VT Reedle Shot Synergy Sparkling Toner mitrino\u0161s toniks ar mikroadati\u0146\u0101m 150ml - FACECORNER","og_description":"VT Reedle Shot Synergy Sparkling Toner tas ir intens\u012bvs mitrino\u0161s toniks ar mikroadati\u0146\u0101m (Spicule) un miner\u0101l\u016bdeni, kas rad\u012bts, lai att\u012br\u012btu poras, nodro\u0161in\u0101tu eksfoli\u0113jo\u0161u efektu un uzlabotu turpm\u0101ko kop\u0161anas l\u012bdzek\u013cu uzs\u016bk\u0161anos.","og_url":"https:\/\/www.facecorner.lv\/ru\/shop\/vt-reedle-shot-synergy-sparkling-toner-mitrinoss-toniks-ar-mikroadatinam-150ml\/","og_site_name":"FACECORNER","article_publisher":"https:\/\/www.facebook.com\/profile.php?id=100063824551839","article_modified_time":"2026-03-08T17:31:49+00:00","og_image":[{"width":1024,"height":1024,"url":"https:\/\/www.facecorner.lv\/wp-content\/uploads\/2026\/02\/VT-Cosmetics-Reedle-Shot-Synergy-Sparkling-Toner-Nudie-Glow-Australia_1024x1024.webp","type":"image\/webp"}],"twitter_card":"summary_large_image","twitter_misc":{"\u0426\u0435\u043d\u0430":"&euro;22.45","\u0414\u043e\u0441\u0442\u0443\u043f\u043d\u043e\u0441\u0442\u044c":"\u0412 \u043d\u0430\u043b\u0438\u0447\u0438\u0438"},"schema":{"@context":"https:\/\/schema.org","@graph":[{"@type":"WebPage","@id":"https:\/\/www.facecorner.lv\/shop\/vt-reedle-shot-synergy-sparkling-toner-mitrinoss-toniks-ar-mikroadatinam-150ml\/","url":"https:\/\/www.facecorner.lv\/shop\/vt-reedle-shot-synergy-sparkling-toner-mitrinoss-toniks-ar-mikroadatinam-150ml\/","name":"VT Reedle Shot Synergy Sparkling Toner mitrino\u0161s toniks ar mikroadati\u0146\u0101m 150ml - FACECORNER","isPartOf":{"@id":"https:\/\/www.facecorner.lv\/#website"},"primaryImageOfPage":{"@id":"https:\/\/www.facecorner.lv\/shop\/vt-reedle-shot-synergy-sparkling-toner-mitrinoss-toniks-ar-mikroadatinam-150ml\/#primaryimage"},"image":{"@id":"https:\/\/www.facecorner.lv\/shop\/vt-reedle-shot-synergy-sparkling-toner-mitrinoss-toniks-ar-mikroadatinam-150ml\/#primaryimage"},"thumbnailUrl":"https:\/\/www.facecorner.lv\/wp-content\/uploads\/2026\/02\/VT-Cosmetics-Reedle-Shot-Synergy-Sparkling-Toner-Nudie-Glow-Australia_1024x1024.webp","datePublished":"2026-02-25T14:18:10+00:00","dateModified":"2026-03-08T17:31:49+00:00","description":"VT Reedle Shot Sparkling Toner \u2014 \u044d\u0442\u043e \u0443\u0432\u043b\u0430\u0436\u043d\u044f\u044e\u0449\u0438\u0439 \u0442\u043e\u043d\u0435\u0440 \u0441 \u043b\u0438\u0444\u0442\u0438\u043d\u0433-\u044d\u0444\u0444\u0435\u043a\u0442\u043e\u043c, \u0441\u043e\u0434\u0435\u0440\u0436\u0430\u0449\u0438\u0439 \u043c\u0438\u043a\u0440\u043e\u0438\u0433\u043b\u044b (Cica Reedle), \u0446\u0435\u043d\u0442\u0435\u043b\u043b\u0443 \u0430\u0437\u0438\u0430\u0442\u0441\u043a\u0443\u044e, \u0431\u0440\u043e\u043c\u0435\u043b\u0430\u0439\u043d \u0438 Aquaxyl.","breadcrumb":{"@id":"https:\/\/www.facecorner.lv\/shop\/vt-reedle-shot-synergy-sparkling-toner-mitrinoss-toniks-ar-mikroadatinam-150ml\/#breadcrumb"},"inLanguage":"ru-RU","potentialAction":[{"@type":"ReadAction","target":["https:\/\/www.facecorner.lv\/shop\/vt-reedle-shot-synergy-sparkling-toner-mitrinoss-toniks-ar-mikroadatinam-150ml\/"]}]},{"@type":"ImageObject","inLanguage":"ru-RU","@id":"https:\/\/www.facecorner.lv\/shop\/vt-reedle-shot-synergy-sparkling-toner-mitrinoss-toniks-ar-mikroadatinam-150ml\/#primaryimage","url":"https:\/\/www.facecorner.lv\/wp-content\/uploads\/2026\/02\/VT-Cosmetics-Reedle-Shot-Synergy-Sparkling-Toner-Nudie-Glow-Australia_1024x1024.webp","contentUrl":"https:\/\/www.facecorner.lv\/wp-content\/uploads\/2026\/02\/VT-Cosmetics-Reedle-Shot-Synergy-Sparkling-Toner-Nudie-Glow-Australia_1024x1024.webp","width":1024,"height":1024,"caption":"VT Reedle Shot Synergy Sparkling Toner"},{"@type":"BreadcrumbList","@id":"https:\/\/www.facecorner.lv\/shop\/vt-reedle-shot-synergy-sparkling-toner-mitrinoss-toniks-ar-mikroadatinam-150ml\/#breadcrumb","itemListElement":[{"@type":"ListItem","position":1,"name":"Home","item":"https:\/\/www.facecorner.lv\/"},{"@type":"ListItem","position":2,"name":"Veikals","item":"https:\/\/www.facecorner.lv\/shop\/"},{"@type":"ListItem","position":3,"name":"VT Reedle Shot Synergy Sparkling Toner mitrino\u0161s toniks ar mikroadati\u0146\u0101m 150ml"}]},{"@type":"WebSite","@id":"https:\/\/www.facecorner.lv\/#website","url":"https:\/\/www.facecorner.lv\/","name":"Facecorner","description":"","publisher":{"@id":"https:\/\/www.facecorner.lv\/#organization"},"potentialAction":[{"@type":"SearchAction","target":{"@type":"EntryPoint","urlTemplate":"https:\/\/www.facecorner.lv\/?s={search_term_string}"},"query-input":{"@type":"PropertyValueSpecification","valueRequired":true,"valueName":"search_term_string"}}],"inLanguage":"ru-RU"},{"@type":"Organization","@id":"https:\/\/www.facecorner.lv\/#organization","name":"Facecorner","url":"https:\/\/www.facecorner.lv\/","logo":{"@type":"ImageObject","inLanguage":"ru-RU","@id":"https:\/\/www.facecorner.lv\/#\/schema\/logo\/image\/","url":"https:\/\/www.facecorner.lv\/wp-content\/uploads\/2024\/04\/fc-logo.jpg","contentUrl":"https:\/\/www.facecorner.lv\/wp-content\/uploads\/2024\/04\/fc-logo.jpg","width":174,"height":28,"caption":"Facecorner"},"image":{"@id":"https:\/\/www.facecorner.lv\/#\/schema\/logo\/image\/"},"sameAs":["https:\/\/www.facebook.com\/profile.php?id=100063824551839","https:\/\/www.instagram.com\/facecorner_shop\/"]}]},"product_price_amount":"22.45","product_price_currency":"EUR","og_availability":"instock","product_availability":"instock","product_condition":"new"},"_links":{"self":[{"href":"https:\/\/www.facecorner.lv\/ru\/wp-json\/wp\/v2\/product\/27020","targetHints":{"allow":["GET"]}}],"collection":[{"href":"https:\/\/www.facecorner.lv\/ru\/wp-json\/wp\/v2\/product"}],"about":[{"href":"https:\/\/www.facecorner.lv\/ru\/wp-json\/wp\/v2\/types\/product"}],"replies":[{"embeddable":true,"href":"https:\/\/www.facecorner.lv\/ru\/wp-json\/wp\/v2\/comments?post=27020"}],"wp:featuredmedia":[{"embeddable":true,"href":"https:\/\/www.facecorner.lv\/ru\/wp-json\/wp\/v2\/media\/27021"}],"wp:attachment":[{"href":"https:\/\/www.facecorner.lv\/ru\/wp-json\/wp\/v2\/media?parent=27020"}],"wp:term":[{"taxonomy":"product_brand","embeddable":true,"href":"https:\/\/www.facecorner.lv\/ru\/wp-json\/wp\/v2\/product_brand?post=27020"},{"taxonomy":"product_cat","embeddable":true,"href":"https:\/\/www.facecorner.lv\/ru\/wp-json\/wp\/v2\/product_cat?post=27020"},{"taxonomy":"product_tag","embeddable":true,"href":"https:\/\/www.facecorner.lv\/ru\/wp-json\/wp\/v2\/product_tag?post=27020"},{"taxonomy":"berocket_brand","embeddable":true,"href":"https:\/\/www.facecorner.lv\/ru\/wp-json\/wp\/v2\/berocket_brand?post=27020"}],"curies":[{"name":"wp","href":"https:\/\/api.w.org\/{rel}","templated":true}]}}