{"id":26978,"date":"2026-02-19T13:57:03","date_gmt":"2026-02-19T10:57:03","guid":{"rendered":"https:\/\/www.facecorner.lv\/?post_type=product&#038;p=26978"},"modified":"2026-03-16T15:42:57","modified_gmt":"2026-03-16T12:42:57","slug":"rejuran-recover-soothing-mask-ir-nomierinosa-un-atjaunojosa-auduma-maska","status":"publish","type":"product","link":"https:\/\/www.facecorner.lv\/ru\/shop\/rejuran-recover-soothing-mask-ir-nomierinosa-un-atjaunojosa-auduma-maska\/","title":{"rendered":"Rejuran Recover Soothing Mask \u0443\u0441\u043f\u043e\u043a\u0430\u0438\u0432\u0430\u044e\u0449\u0430\u044f \u043c\u0430\u0441\u043a\u0430 \u0434\u043b\u044f \u0432\u043e\u0441\u0441\u0442\u0430\u043d\u043e\u0432\u043b\u0435\u043d\u0438\u044f \u043a\u043e\u0436\u0438"},"content":{"rendered":"<p>Rejuran Recover Soothing Mask\u00a0<mark class=\"HxTRcb\" data-complete=\"true\" data-sae=\"\">\u044d\u0442\u043e \u043f\u0440\u043e\u0444\u0435\u0441\u0441\u0438\u043e\u043d\u0430\u043b\u044c\u043d\u0430\u044f \u0443\u0432\u043b\u0430\u0436\u043d\u044f\u044e\u0449\u0430\u044f \u0438 \u0443\u0441\u043f\u043e\u043a\u0430\u0438\u0432\u0430\u044e\u0449\u0430\u044f \u0442\u043a\u0430\u043d\u0435\u0432\u0430\u044f \u043c\u0430\u0441\u043a\u0430 \u0441 \u044d\u0444\u0444\u0435\u043a\u0442\u043e\u043c \u043e\u0445\u043b\u0430\u0436\u0434\u0435\u043d\u0438\u044f, \u0440\u0430\u0437\u0440\u0430\u0431\u043e\u0442\u0430\u043d\u043d\u0430\u044f \u0434\u043b\u044f \u0432\u043e\u0441\u0441\u0442\u0430\u043d\u043e\u0432\u043b\u0435\u043d\u0438\u044f \u0447\u0443\u0432\u0441\u0442\u0432\u0438\u0442\u0435\u043b\u044c\u043d\u043e\u0439, \u043f\u043e\u0432\u0440\u0435\u0436\u0434\u0435\u043d\u043d\u043e\u0439 \u0438\u043b\u0438 \u0440\u0430\u0437\u0434\u0440\u0430\u0436\u0435\u043d\u043d\u043e\u0439 \u043a\u043e\u0436\u0438.<\/mark>.<\/p>\n<h6 class=\"otQkpb\" role=\"heading\" aria-level=\"3\" data-complete=\"true\" data-processed=\"true\">\u041e\u0441\u043d\u043e\u0432\u043d\u044b\u0435 \u0445\u0430\u0440\u0430\u043a\u0442\u0435\u0440\u0438\u0441\u0442\u0438\u043a\u0438 \u0438 \u043a\u043e\u043c\u043f\u043e\u043d\u0435\u043d\u0442\u044b:<\/h6>\n<div role=\"heading\" aria-level=\"3\" data-animation-nesting=\"\" data-sfc-cp=\"\" data-complete=\"true\" data-processed=\"true\" data-sae=\"\"><\/div>\n<ul class=\"KsbFXc U6u95\" data-complete=\"true\" data-processed=\"true\">\n<li data-hveid=\"CAQQAA\" data-complete=\"true\" data-sae=\"\"><span class=\"T286Pc\" data-sfc-cp=\"\" data-complete=\"true\">\u0410\u043a\u0442\u0438\u0432\u043d\u044b\u0435 \u0438\u043d\u0433\u0440\u0435\u0434\u0438\u0435\u043d\u0442\u044b: c-PDRN (\u043a\u043e\u0441\u043c\u0435\u0442\u0438\u0447\u0435\u0441\u043a\u0438\u0435 \u043f\u043e\u043b\u0438\u043d\u0443\u043a\u043b\u0435\u043e\u0442\u0438\u0434\u044b), 7-\u0441\u043b\u043e\u0439\u043d\u0430\u044f \u0433\u0438\u0430\u043b\u0443\u0440\u043e\u043d\u043e\u0432\u0430\u044f \u043a\u0438\u0441\u043b\u043e\u0442\u0430, \u0444\u0443\u043a\u043e\u0438\u0434\u0430\u043d (\u044d\u043a\u0441\u0442\u0440\u0430\u043a\u0442 \u043c\u043e\u0440\u0441\u043a\u0438\u0445 \u0432\u043e\u0434\u043e\u0440\u043e\u0441\u043b\u0435\u0439), \u043f\u0430\u043d\u0442\u0435\u043d\u043e\u043b, \u0430\u043b\u043b\u0430\u043d\u0442\u043e\u0438\u043d.<\/span><\/li>\n<li data-hveid=\"CAQQAQ\" data-complete=\"true\" data-sae=\"\"><span class=\"T286Pc\" data-sfc-cp=\"\" data-complete=\"true\">\u0414\u0435\u0439\u0441\u0442\u0432\u0438\u0435: \u043e\u0445\u043b\u0430\u0436\u0434\u0430\u0435\u0442, \u043c\u0433\u043d\u043e\u0432\u0435\u043d\u043d\u043e \u0443\u0441\u043f\u043e\u043a\u0430\u0438\u0432\u0430\u0435\u0442, \u0443\u043c\u0435\u043d\u044c\u0448\u0430\u0435\u0442 \u043e\u0442\u0435\u0447\u043d\u043e\u0441\u0442\u044c \u0438 \u043f\u043e\u043a\u0440\u0430\u0441\u043d\u0435\u043d\u0438\u044f, \u0438\u043d\u0442\u0435\u043d\u0441\u0438\u0432\u043d\u043e \u043f\u0438\u0442\u0430\u0435\u0442 \u0438 \u0443\u0432\u043b\u0430\u0436\u043d\u044f\u0435\u0442.<\/span><\/li>\n<li data-hveid=\"CAQQAg\" data-complete=\"true\" data-sae=\"\"><span class=\"T286Pc\" data-sfc-cp=\"\" data-complete=\"true\">\u041f\u0440\u0435\u0438\u043c\u0443\u0449\u0435\u0441\u0442\u0432\u0430: \u0443\u043a\u0440\u0435\u043f\u043b\u044f\u0435\u0442 \u0441\u0442\u0435\u043d\u043a\u0438 \u0441\u043e\u0441\u0443\u0434\u043e\u0432, \u0441\u043d\u0438\u0436\u0430\u0435\u0442 \u043f\u043e\u0441\u043b\u0435\u0434\u0441\u0442\u0432\u0438\u044f \u0444\u043e\u0442\u043e\u0441\u0442\u0430\u0440\u0435\u043d\u0438\u044f, \u0434\u0435\u043b\u0430\u0435\u0442 \u043a\u043e\u0436\u0443 \u043f\u043b\u043e\u0442\u043d\u043e\u0439 \u0438 \u0443\u043f\u0440\u0443\u0433\u043e\u0439, \u043f\u043e\u0434\u0445\u043e\u0434\u0438\u0442 \u0434\u043b\u044f \u0432\u0441\u0435\u0445 \u0442\u0438\u043f\u043e\u0432 \u043a\u043e\u0436\u0438, \u0432\u043a\u043b\u044e\u0447\u0430\u044f \u0447\u0443\u0432\u0441\u0442\u0432\u0438\u0442\u0435\u043b\u044c\u043d\u0443\u044e.<\/span><\/li>\n<li data-hveid=\"CAQQAw\" data-complete=\"true\" data-sae=\"\"><span class=\"T286Pc\" data-sfc-cp=\"\" data-complete=\"true\" aria-owns=\"action-menu-parent-container\">\u041d\u0430\u0442\u0443\u0440\u0430\u043b\u044c\u043d\u044b\u0435 \u044d\u043a\u0441\u0442\u0440\u0430\u043a\u0442\u044b: \u043e\u0431\u043e\u0433\u0430\u0449\u0435\u043d \u043a\u043e\u043c\u043f\u043b\u0435\u043a\u0441 \u0440\u0430\u0441\u0442\u0435\u043d\u0438\u0439, \u0432 \u043a\u043e\u0442\u043e\u0440\u044b\u0439 \u0432\u0445\u043e\u0434\u044f\u0442 \u044d\u043a\u0441\u0442\u0440\u0430\u043a\u0442\u044b \u0432\u043e\u0434\u043e\u0440\u043e\u0441\u043b\u0435\u0439, \u0430\u043b\u043e\u044d, \u043b\u043e\u0442\u043e\u0441\u0430 \u0438 \u0434\u0440\u0443\u0433\u0438\u0445 \u0440\u0430\u0441\u0442\u0435\u043d\u0438\u0439, \u043a\u043e\u0442\u043e\u0440\u044b\u0435 \u043e\u043a\u0430\u0437\u044b\u0432\u0430\u044e\u0442 \u0432\u044b\u0440\u0430\u0436\u0435\u043d\u043d\u043e\u0435 \u0443\u0441\u043f\u043e\u043a\u0430\u0438\u0432\u0430\u044e\u0449\u0435\u0435 \u0434\u0435\u0439\u0441\u0442\u0432\u0438\u0435, \u0441\u043d\u0438\u043c\u0430\u044e\u0442 \u043f\u043e\u043a\u0440\u0430\u0441\u043d\u0435\u043d\u0438\u0435 \u0438 \u0434\u0438\u0441\u043a\u043e\u043c\u0444\u043e\u0440\u0442.<\/span><\/li>\n<\/ul>\n<p><strong>\u0421\u043f\u043e\u0441\u043e\u0431 \u043f\u0440\u0438\u043c\u0435\u043d\u0435\u043d\u0438\u044f:<\/strong> <span class=\"T286Pc\" data-sfc-cp=\"\" data-complete=\"true\">\u00a0\u0418\u0437\u0432\u043b\u0435\u043a\u0438\u0442\u0435 \u043c\u0430\u0441\u043a\u0443 \u0438\u0437 \u0443\u043f\u0430\u043a\u043e\u0432\u043a\u0438, \u0441\u043d\u0438\u043c\u0438\u0442\u0435 \u0437\u0430\u0449\u0438\u0442\u043d\u0443\u044e \u043f\u043b\u0435\u043d\u043a\u0443 \u0438 \u043d\u0430\u043d\u0435\u0441\u0438\u0442\u0435 \u043d\u0430 \u043b\u0438\u0446\u043e, \u043b\u0435\u0433\u043a\u043e \u0440\u0430\u0437\u0433\u043b\u0430\u0436\u0438\u0432\u0430\u044f \u0435\u0435 \u0432 \u0441\u043e\u043e\u0442\u0432\u0435\u0442\u0441\u0442\u0432\u0438\u0438 \u0441 \u043a\u043e\u043d\u0442\u0443\u0440\u0430\u043c\u0438 \u043b\u0438\u0446\u0430.<\/span><\/p>\n<p><span class=\"T286Pc\" data-sfc-cp=\"\" data-complete=\"true\">\u041e\u0441\u0442\u0430\u0432\u044c\u0442\u0435 \u043c\u0430\u0441\u043a\u0443 \u043d\u0430 \u043b\u0438\u0446\u0435 \u043f\u0440\u0438\u043c\u0435\u0440\u043d\u043e \u043d\u0430 10\u201320 \u043c\u0438\u043d\u0443\u0442.<\/span><\/p>\n<p><strong>\u0421\u043e\u0441\u0442\u0430\u0432:<\/strong> Water, Glycerin, Methylpropanediol, Niacinamide, Kelp Extract, Nasturtium Leaf Extract, Purslane Extract, Yam Root Extract, Sugar Elm Root Extract, Molochia Leaf Extract, Seaweed Extract, Fresh Herb Extract, Aloe Vera Leaf Extract, Lotus Root Extract, Fruit Extract Okra, Violet Extract, Cornflower Extract, Acmella Extract, Sodium Hyaluronate, Bergamot Oil, Confectionery Lecithin, Betaine, Trehalose, Ammonium Acryloyl Dimethyl Taurate\/OP Copolymer, Butylene Glycol, Allantoin, Panthenol, Polyglyceryl-10 Laurate, Dipropylene Glycol, Acrylate\/C10-30 Alkyl Acrylate Crosspolymer, Adenosine, Tromethamine, Disodium HTC, Hydrolyzed DNA, Fructooligosaccharides, Propanediol, Beta-Glucan, Hydrolyzed Hyaluronic Acid, Sodium Laurate, Lauric Acid, Sodium Hyaluronate Crosspolymer, Hydroxypropyl Trimonium Hyaluronate, Hyaluronic Acid, Sodium Acetylated Hyalurate , Hydrolyzed Sodium Hyaluronate, Potassium Hyaluronate, 1,2-Hexanediol, Hydroxyacetophene, Pentylene Glycol, Ethylhexyl Glycerin, Limonene.<\/p>","protected":false},"excerpt":{"rendered":"<p>Rejuran Recover Soothing Mask\u00a0<mark class=\"HxTRcb\" data-complete=\"true\" data-sae=\"\">\u044d\u0442\u043e \u043f\u0440\u043e\u0444\u0435\u0441\u0441\u0438\u043e\u043d\u0430\u043b\u044c\u043d\u0430\u044f \u0443\u0432\u043b\u0430\u0436\u043d\u044f\u044e\u0449\u0430\u044f \u0438 \u0443\u0441\u043f\u043e\u043a\u0430\u0438\u0432\u0430\u044e\u0449\u0430\u044f \u0442\u043a\u0430\u043d\u0435\u0432\u0430\u044f \u043c\u0430\u0441\u043a\u0430 \u0441 \u044d\u0444\u0444\u0435\u043a\u0442\u043e\u043c \u043e\u0445\u043b\u0430\u0436\u0434\u0435\u043d\u0438\u044f, \u0440\u0430\u0437\u0440\u0430\u0431\u043e\u0442\u0430\u043d\u043d\u0430\u044f \u0434\u043b\u044f \u0432\u043e\u0441\u0441\u0442\u0430\u043d\u043e\u0432\u043b\u0435\u043d\u0438\u044f \u0447\u0443\u0432\u0441\u0442\u0432\u0438\u0442\u0435\u043b\u044c\u043d\u043e\u0439, \u043f\u043e\u0432\u0440\u0435\u0436\u0434\u0435\u043d\u043d\u043e\u0439 \u0438\u043b\u0438 \u0440\u0430\u0437\u0434\u0440\u0430\u0436\u0435\u043d\u043d\u043e\u0439 \u043a\u043e\u0436\u0438.<\/mark>.<\/p>","protected":false},"featured_media":26979,"comment_status":"open","ping_status":"closed","template":"","meta":{"site-sidebar-layout":"default","site-content-layout":"","ast-site-content-layout":"default","site-content-style":"default","site-sidebar-style":"default","ast-global-header-display":"","ast-banner-title-visibility":"","ast-main-header-display":"","ast-hfb-above-header-display":"","ast-hfb-below-header-display":"","ast-hfb-mobile-header-display":"","site-post-title":"","ast-breadcrumbs-content":"","ast-featured-img":"","footer-sml-layout":"","theme-transparent-header-meta":"default","adv-header-id-meta":"","stick-header-meta":"","header-above-stick-meta":"","header-main-stick-meta":"","header-below-stick-meta":"","astra-migrate-meta-layouts":"set","ast-page-background-enabled":"default","ast-page-background-meta":{"desktop":{"background-color":"var(--ast-global-color-4)","background-image":"","background-repeat":"repeat","background-position":"center center","background-size":"auto","background-attachment":"scroll","background-type":"","background-media":"","overlay-type":"","overlay-color":"","overlay-opacity":"","overlay-gradient":""},"tablet":{"background-color":"","background-image":"","background-repeat":"repeat","background-position":"center center","background-size":"auto","background-attachment":"scroll","background-type":"","background-media":"","overlay-type":"","overlay-color":"","overlay-opacity":"","overlay-gradient":""},"mobile":{"background-color":"","background-image":"","background-repeat":"repeat","background-position":"center center","background-size":"auto","background-attachment":"scroll","background-type":"","background-media":"","overlay-type":"","overlay-color":"","overlay-opacity":"","overlay-gradient":""}},"ast-content-background-meta":{"desktop":{"background-color":"var(--ast-global-color-5)","background-image":"","background-repeat":"repeat","background-position":"center center","background-size":"auto","background-attachment":"scroll","background-type":"","background-media":"","overlay-type":"","overlay-color":"","overlay-opacity":"","overlay-gradient":""},"tablet":{"background-color":"var(--ast-global-color-5)","background-image":"","background-repeat":"repeat","background-position":"center center","background-size":"auto","background-attachment":"scroll","background-type":"","background-media":"","overlay-type":"","overlay-color":"","overlay-opacity":"","overlay-gradient":""},"mobile":{"background-color":"var(--ast-global-color-5)","background-image":"","background-repeat":"repeat","background-position":"center center","background-size":"auto","background-attachment":"scroll","background-type":"","background-media":"","overlay-type":"","overlay-color":"","overlay-opacity":"","overlay-gradient":""}}},"product_brand":[],"product_cat":[324,315],"product_tag":[],"berocket_brand":[639],"class_list":{"0":"post-26978","1":"product","2":"type-product","3":"status-publish","4":"has-post-thumbnail","6":"product_cat-auduma","7":"product_cat-maskas","8":"berocket_brand-rejuran","9":"desktop-align-left","10":"tablet-align-left","11":"mobile-align-left","13":"first","14":"outofstock","15":"taxable","16":"shipping-taxable","17":"purchasable","18":"product-type-simple","19":"add-to-wishlist-before_image"},"yoast_head":"<!-- This site is optimized with the Yoast SEO plugin v27.3 - https:\/\/yoast.com\/product\/yoast-seo-wordpress\/ -->\n<title>Rejuran Recover Soothing Mask\u00a0ir\u00a0nomierino\u0161a un atjaunojo\u0161a auduma maska - FACECORNER<\/title>\n<meta name=\"description\" content=\"Rejuran Recover Soothing Mask\u00a0ir\u00a0nomierino\u0161a un atjaunojo\u0161a auduma maska, kas paredz\u0113ta dzi\u013cai \u0101das\u00a0mitrin\u0101\u0161anai, kairin\u0101juma mazin\u0101\u0161anai un \u0101das barjeras stiprin\u0101\u0161anai, \u012bpa\u0161i p\u0113c est\u0113tisk\u0101m proced\u016br\u0101m vai stresa skartai \u0101dai.\" \/>\n<meta name=\"robots\" content=\"index, follow, max-snippet:-1, max-image-preview:large, max-video-preview:-1\" \/>\n<link rel=\"canonical\" href=\"https:\/\/www.facecorner.lv\/ru\/shop\/rejuran-recover-soothing-mask-ir-nomierinosa-un-atjaunojosa-auduma-maska\/\" \/>\n<meta property=\"og:locale\" content=\"ru_RU\" \/>\n<meta property=\"og:type\" content=\"article\" \/>\n<meta property=\"og:title\" content=\"Rejuran Recover Soothing Mask\u00a0ir\u00a0nomierino\u0161a un atjaunojo\u0161a auduma maska - FACECORNER\" \/>\n<meta property=\"og:description\" content=\"Rejuran Recover Soothing Mask\u00a0ir\u00a0nomierino\u0161a un atjaunojo\u0161a auduma maska, kas paredz\u0113ta dzi\u013cai \u0101das\u00a0mitrin\u0101\u0161anai, kairin\u0101juma mazin\u0101\u0161anai un \u0101das barjeras stiprin\u0101\u0161anai, \u012bpa\u0161i p\u0113c est\u0113tisk\u0101m proced\u016br\u0101m vai stresa skartai \u0101dai.\" \/>\n<meta property=\"og:url\" content=\"https:\/\/www.facecorner.lv\/ru\/shop\/rejuran-recover-soothing-mask-ir-nomierinosa-un-atjaunojosa-auduma-maska\/\" \/>\n<meta property=\"og:site_name\" content=\"FACECORNER\" \/>\n<meta property=\"article:publisher\" content=\"https:\/\/www.facebook.com\/profile.php?id=100063824551839\" \/>\n<meta property=\"article:modified_time\" content=\"2026-03-16T12:42:57+00:00\" \/>\n<meta property=\"og:image\" content=\"https:\/\/www.facecorner.lv\/wp-content\/uploads\/2026\/02\/57.jpeg\" \/>\n\t<meta property=\"og:image:width\" content=\"1569\" \/>\n\t<meta property=\"og:image:height\" content=\"1569\" \/>\n\t<meta property=\"og:image:type\" content=\"image\/jpeg\" \/>\n<meta name=\"twitter:card\" content=\"summary_large_image\" \/>\n<meta name=\"twitter:label1\" content=\"\u0426\u0435\u043d\u0430\" \/>\n\t<meta name=\"twitter:data1\" content=\"&euro;5.95\" \/>\n\t<meta name=\"twitter:label2\" content=\"\u0414\u043e\u0441\u0442\u0443\u043f\u043d\u043e\u0441\u0442\u044c\" \/>\n\t<meta name=\"twitter:data2\" content=\"\u0420\u0430\u0441\u043f\u0440\u043e\u0434\u0430\u043d\u043e\" \/>\n<script type=\"application\/ld+json\" class=\"yoast-schema-graph\">{\"@context\":\"https:\\\/\\\/schema.org\",\"@graph\":[{\"@type\":\"WebPage\",\"@id\":\"https:\\\/\\\/www.facecorner.lv\\\/shop\\\/rejuran-recover-soothing-mask-ir-nomierinosa-un-atjaunojosa-auduma-maska\\\/\",\"url\":\"https:\\\/\\\/www.facecorner.lv\\\/shop\\\/rejuran-recover-soothing-mask-ir-nomierinosa-un-atjaunojosa-auduma-maska\\\/\",\"name\":\"Rejuran Recover Soothing Mask\u00a0ir\u00a0nomierino\u0161a un atjaunojo\u0161a auduma maska - FACECORNER\",\"isPartOf\":{\"@id\":\"https:\\\/\\\/www.facecorner.lv\\\/#website\"},\"primaryImageOfPage\":{\"@id\":\"https:\\\/\\\/www.facecorner.lv\\\/shop\\\/rejuran-recover-soothing-mask-ir-nomierinosa-un-atjaunojosa-auduma-maska\\\/#primaryimage\"},\"image\":{\"@id\":\"https:\\\/\\\/www.facecorner.lv\\\/shop\\\/rejuran-recover-soothing-mask-ir-nomierinosa-un-atjaunojosa-auduma-maska\\\/#primaryimage\"},\"thumbnailUrl\":\"https:\\\/\\\/www.facecorner.lv\\\/wp-content\\\/uploads\\\/2026\\\/02\\\/57.jpeg\",\"datePublished\":\"2026-02-19T10:57:03+00:00\",\"dateModified\":\"2026-03-16T12:42:57+00:00\",\"description\":\"Rejuran Recover Soothing Mask\u00a0ir\u00a0nomierino\u0161a un atjaunojo\u0161a auduma maska, kas paredz\u0113ta dzi\u013cai \u0101das\u00a0mitrin\u0101\u0161anai, kairin\u0101juma mazin\u0101\u0161anai un \u0101das barjeras stiprin\u0101\u0161anai, \u012bpa\u0161i p\u0113c est\u0113tisk\u0101m proced\u016br\u0101m vai stresa skartai \u0101dai.\",\"breadcrumb\":{\"@id\":\"https:\\\/\\\/www.facecorner.lv\\\/shop\\\/rejuran-recover-soothing-mask-ir-nomierinosa-un-atjaunojosa-auduma-maska\\\/#breadcrumb\"},\"inLanguage\":\"ru-RU\",\"potentialAction\":[{\"@type\":\"ReadAction\",\"target\":[\"https:\\\/\\\/www.facecorner.lv\\\/shop\\\/rejuran-recover-soothing-mask-ir-nomierinosa-un-atjaunojosa-auduma-maska\\\/\"]}]},{\"@type\":\"ImageObject\",\"inLanguage\":\"ru-RU\",\"@id\":\"https:\\\/\\\/www.facecorner.lv\\\/shop\\\/rejuran-recover-soothing-mask-ir-nomierinosa-un-atjaunojosa-auduma-maska\\\/#primaryimage\",\"url\":\"https:\\\/\\\/www.facecorner.lv\\\/wp-content\\\/uploads\\\/2026\\\/02\\\/57.jpeg\",\"contentUrl\":\"https:\\\/\\\/www.facecorner.lv\\\/wp-content\\\/uploads\\\/2026\\\/02\\\/57.jpeg\",\"width\":1569,\"height\":1569,\"caption\":\"Rejuran Recover Soothing Mask\"},{\"@type\":\"BreadcrumbList\",\"@id\":\"https:\\\/\\\/www.facecorner.lv\\\/shop\\\/rejuran-recover-soothing-mask-ir-nomierinosa-un-atjaunojosa-auduma-maska\\\/#breadcrumb\",\"itemListElement\":[{\"@type\":\"ListItem\",\"position\":1,\"name\":\"Home\",\"item\":\"https:\\\/\\\/www.facecorner.lv\\\/\"},{\"@type\":\"ListItem\",\"position\":2,\"name\":\"Veikals\",\"item\":\"https:\\\/\\\/www.facecorner.lv\\\/shop\\\/\"},{\"@type\":\"ListItem\",\"position\":3,\"name\":\"Rejuran Recover Soothing Mask\u00a0ir\u00a0nomierino\u0161a un atjaunojo\u0161a auduma maska\"}]},{\"@type\":\"WebSite\",\"@id\":\"https:\\\/\\\/www.facecorner.lv\\\/#website\",\"url\":\"https:\\\/\\\/www.facecorner.lv\\\/\",\"name\":\"Facecorner\",\"description\":\"\",\"publisher\":{\"@id\":\"https:\\\/\\\/www.facecorner.lv\\\/#organization\"},\"potentialAction\":[{\"@type\":\"SearchAction\",\"target\":{\"@type\":\"EntryPoint\",\"urlTemplate\":\"https:\\\/\\\/www.facecorner.lv\\\/?s={search_term_string}\"},\"query-input\":{\"@type\":\"PropertyValueSpecification\",\"valueRequired\":true,\"valueName\":\"search_term_string\"}}],\"inLanguage\":\"ru-RU\"},{\"@type\":\"Organization\",\"@id\":\"https:\\\/\\\/www.facecorner.lv\\\/#organization\",\"name\":\"Facecorner\",\"url\":\"https:\\\/\\\/www.facecorner.lv\\\/\",\"logo\":{\"@type\":\"ImageObject\",\"inLanguage\":\"ru-RU\",\"@id\":\"https:\\\/\\\/www.facecorner.lv\\\/#\\\/schema\\\/logo\\\/image\\\/\",\"url\":\"https:\\\/\\\/www.facecorner.lv\\\/wp-content\\\/uploads\\\/2024\\\/04\\\/fc-logo.jpg\",\"contentUrl\":\"https:\\\/\\\/www.facecorner.lv\\\/wp-content\\\/uploads\\\/2024\\\/04\\\/fc-logo.jpg\",\"width\":174,\"height\":28,\"caption\":\"Facecorner\"},\"image\":{\"@id\":\"https:\\\/\\\/www.facecorner.lv\\\/#\\\/schema\\\/logo\\\/image\\\/\"},\"sameAs\":[\"https:\\\/\\\/www.facebook.com\\\/profile.php?id=100063824551839\",\"https:\\\/\\\/www.instagram.com\\\/facecorner_shop\\\/\"]}]}<\/script>\n<meta property=\"product:price:amount\" content=\"5.95\" \/>\n<meta property=\"product:price:currency\" content=\"EUR\" \/>\n<meta property=\"og:availability\" content=\"out of stock\" \/>\n<meta property=\"product:availability\" content=\"out of stock\" \/>\n<meta property=\"product:condition\" content=\"new\" \/>\n<!-- \/ Yoast SEO plugin. -->","yoast_head_json":{"title":"Rejuran Recover Soothing Mask\u00a0ir\u00a0nomierino\u0161a un atjaunojo\u0161a auduma maska - FACECORNER","description":"Rejuran Recover Soothing Mask\u00a0ir\u00a0nomierino\u0161a un atjaunojo\u0161a auduma maska, kas paredz\u0113ta dzi\u013cai \u0101das\u00a0mitrin\u0101\u0161anai, kairin\u0101juma mazin\u0101\u0161anai un \u0101das barjeras stiprin\u0101\u0161anai, \u012bpa\u0161i p\u0113c est\u0113tisk\u0101m proced\u016br\u0101m vai stresa skartai \u0101dai.","robots":{"index":"index","follow":"follow","max-snippet":"max-snippet:-1","max-image-preview":"max-image-preview:large","max-video-preview":"max-video-preview:-1"},"canonical":"https:\/\/www.facecorner.lv\/ru\/shop\/rejuran-recover-soothing-mask-ir-nomierinosa-un-atjaunojosa-auduma-maska\/","og_locale":"ru_RU","og_type":"article","og_title":"Rejuran Recover Soothing Mask\u00a0ir\u00a0nomierino\u0161a un atjaunojo\u0161a auduma maska - FACECORNER","og_description":"Rejuran Recover Soothing Mask\u00a0ir\u00a0nomierino\u0161a un atjaunojo\u0161a auduma maska, kas paredz\u0113ta dzi\u013cai \u0101das\u00a0mitrin\u0101\u0161anai, kairin\u0101juma mazin\u0101\u0161anai un \u0101das barjeras stiprin\u0101\u0161anai, \u012bpa\u0161i p\u0113c est\u0113tisk\u0101m proced\u016br\u0101m vai stresa skartai \u0101dai.","og_url":"https:\/\/www.facecorner.lv\/ru\/shop\/rejuran-recover-soothing-mask-ir-nomierinosa-un-atjaunojosa-auduma-maska\/","og_site_name":"FACECORNER","article_publisher":"https:\/\/www.facebook.com\/profile.php?id=100063824551839","article_modified_time":"2026-03-16T12:42:57+00:00","og_image":[{"width":1569,"height":1569,"url":"https:\/\/www.facecorner.lv\/wp-content\/uploads\/2026\/02\/57.jpeg","type":"image\/jpeg"}],"twitter_card":"summary_large_image","twitter_misc":{"\u0426\u0435\u043d\u0430":"&euro;5.95","\u0414\u043e\u0441\u0442\u0443\u043f\u043d\u043e\u0441\u0442\u044c":"\u0420\u0430\u0441\u043f\u0440\u043e\u0434\u0430\u043d\u043e"},"schema":{"@context":"https:\/\/schema.org","@graph":[{"@type":"WebPage","@id":"https:\/\/www.facecorner.lv\/shop\/rejuran-recover-soothing-mask-ir-nomierinosa-un-atjaunojosa-auduma-maska\/","url":"https:\/\/www.facecorner.lv\/shop\/rejuran-recover-soothing-mask-ir-nomierinosa-un-atjaunojosa-auduma-maska\/","name":"Rejuran Recover Soothing Mask\u00a0ir\u00a0nomierino\u0161a un atjaunojo\u0161a auduma maska - FACECORNER","isPartOf":{"@id":"https:\/\/www.facecorner.lv\/#website"},"primaryImageOfPage":{"@id":"https:\/\/www.facecorner.lv\/shop\/rejuran-recover-soothing-mask-ir-nomierinosa-un-atjaunojosa-auduma-maska\/#primaryimage"},"image":{"@id":"https:\/\/www.facecorner.lv\/shop\/rejuran-recover-soothing-mask-ir-nomierinosa-un-atjaunojosa-auduma-maska\/#primaryimage"},"thumbnailUrl":"https:\/\/www.facecorner.lv\/wp-content\/uploads\/2026\/02\/57.jpeg","datePublished":"2026-02-19T10:57:03+00:00","dateModified":"2026-03-16T12:42:57+00:00","description":"Rejuran Recover Soothing Mask\u00a0ir\u00a0nomierino\u0161a un atjaunojo\u0161a auduma maska, kas paredz\u0113ta dzi\u013cai \u0101das\u00a0mitrin\u0101\u0161anai, kairin\u0101juma mazin\u0101\u0161anai un \u0101das barjeras stiprin\u0101\u0161anai, \u012bpa\u0161i p\u0113c est\u0113tisk\u0101m proced\u016br\u0101m vai stresa skartai \u0101dai.","breadcrumb":{"@id":"https:\/\/www.facecorner.lv\/shop\/rejuran-recover-soothing-mask-ir-nomierinosa-un-atjaunojosa-auduma-maska\/#breadcrumb"},"inLanguage":"ru-RU","potentialAction":[{"@type":"ReadAction","target":["https:\/\/www.facecorner.lv\/shop\/rejuran-recover-soothing-mask-ir-nomierinosa-un-atjaunojosa-auduma-maska\/"]}]},{"@type":"ImageObject","inLanguage":"ru-RU","@id":"https:\/\/www.facecorner.lv\/shop\/rejuran-recover-soothing-mask-ir-nomierinosa-un-atjaunojosa-auduma-maska\/#primaryimage","url":"https:\/\/www.facecorner.lv\/wp-content\/uploads\/2026\/02\/57.jpeg","contentUrl":"https:\/\/www.facecorner.lv\/wp-content\/uploads\/2026\/02\/57.jpeg","width":1569,"height":1569,"caption":"Rejuran Recover Soothing Mask"},{"@type":"BreadcrumbList","@id":"https:\/\/www.facecorner.lv\/shop\/rejuran-recover-soothing-mask-ir-nomierinosa-un-atjaunojosa-auduma-maska\/#breadcrumb","itemListElement":[{"@type":"ListItem","position":1,"name":"Home","item":"https:\/\/www.facecorner.lv\/"},{"@type":"ListItem","position":2,"name":"Veikals","item":"https:\/\/www.facecorner.lv\/shop\/"},{"@type":"ListItem","position":3,"name":"Rejuran Recover Soothing Mask\u00a0ir\u00a0nomierino\u0161a un atjaunojo\u0161a auduma maska"}]},{"@type":"WebSite","@id":"https:\/\/www.facecorner.lv\/#website","url":"https:\/\/www.facecorner.lv\/","name":"Facecorner","description":"","publisher":{"@id":"https:\/\/www.facecorner.lv\/#organization"},"potentialAction":[{"@type":"SearchAction","target":{"@type":"EntryPoint","urlTemplate":"https:\/\/www.facecorner.lv\/?s={search_term_string}"},"query-input":{"@type":"PropertyValueSpecification","valueRequired":true,"valueName":"search_term_string"}}],"inLanguage":"ru-RU"},{"@type":"Organization","@id":"https:\/\/www.facecorner.lv\/#organization","name":"Facecorner","url":"https:\/\/www.facecorner.lv\/","logo":{"@type":"ImageObject","inLanguage":"ru-RU","@id":"https:\/\/www.facecorner.lv\/#\/schema\/logo\/image\/","url":"https:\/\/www.facecorner.lv\/wp-content\/uploads\/2024\/04\/fc-logo.jpg","contentUrl":"https:\/\/www.facecorner.lv\/wp-content\/uploads\/2024\/04\/fc-logo.jpg","width":174,"height":28,"caption":"Facecorner"},"image":{"@id":"https:\/\/www.facecorner.lv\/#\/schema\/logo\/image\/"},"sameAs":["https:\/\/www.facebook.com\/profile.php?id=100063824551839","https:\/\/www.instagram.com\/facecorner_shop\/"]}]},"product_price_amount":"5.95","product_price_currency":"EUR","og_availability":"out of stock","product_availability":"out of stock","product_condition":"new"},"_links":{"self":[{"href":"https:\/\/www.facecorner.lv\/ru\/wp-json\/wp\/v2\/product\/26978","targetHints":{"allow":["GET"]}}],"collection":[{"href":"https:\/\/www.facecorner.lv\/ru\/wp-json\/wp\/v2\/product"}],"about":[{"href":"https:\/\/www.facecorner.lv\/ru\/wp-json\/wp\/v2\/types\/product"}],"replies":[{"embeddable":true,"href":"https:\/\/www.facecorner.lv\/ru\/wp-json\/wp\/v2\/comments?post=26978"}],"wp:featuredmedia":[{"embeddable":true,"href":"https:\/\/www.facecorner.lv\/ru\/wp-json\/wp\/v2\/media\/26979"}],"wp:attachment":[{"href":"https:\/\/www.facecorner.lv\/ru\/wp-json\/wp\/v2\/media?parent=26978"}],"wp:term":[{"taxonomy":"product_brand","embeddable":true,"href":"https:\/\/www.facecorner.lv\/ru\/wp-json\/wp\/v2\/product_brand?post=26978"},{"taxonomy":"product_cat","embeddable":true,"href":"https:\/\/www.facecorner.lv\/ru\/wp-json\/wp\/v2\/product_cat?post=26978"},{"taxonomy":"product_tag","embeddable":true,"href":"https:\/\/www.facecorner.lv\/ru\/wp-json\/wp\/v2\/product_tag?post=26978"},{"taxonomy":"berocket_brand","embeddable":true,"href":"https:\/\/www.facecorner.lv\/ru\/wp-json\/wp\/v2\/berocket_brand?post=26978"}],"curies":[{"name":"wp","href":"https:\/\/api.w.org\/{rel}","templated":true}]}}