{"id":26962,"date":"2026-02-18T15:55:49","date_gmt":"2026-02-18T12:55:49","guid":{"rendered":"https:\/\/www.facecorner.lv\/?post_type=product&#038;p=26962"},"modified":"2026-03-17T13:24:28","modified_gmt":"2026-03-17T10:24:28","slug":"vt-cosmetics-s4-moisture-ampoule-mitrinosa-ampula-ar-skvalanu-30ml","status":"publish","type":"product","link":"https:\/\/www.facecorner.lv\/ru\/shop\/vt-cosmetics-s4-moisture-ampoule-mitrinosa-ampula-ar-skvalanu-30ml\/","title":{"rendered":"VT Cosmetics S4 Moisture Ampoule \u0443\u0432\u043b\u0430\u0436\u043d\u044f\u044e\u0449\u0430\u044f \u0430\u043c\u043f\u0443\u043b\u0430 \u0441\u043e \u0441\u043a\u0432\u0430\u043b\u0430\u043d\u043e\u043c 30ml"},"content":{"rendered":"<p>VT Cosmetics S4 Moisture Ampoule \u2014 \u044d\u0442\u043e \u0432\u044b\u0441\u043e\u043a\u043e\u043f\u0438\u0442\u0430\u0442\u0435\u043b\u044c\u043d\u0430\u044f \u043a\u043e\u0440\u0435\u0439\u0441\u043a\u0430\u044f \u0430\u043c\u043f\u0443\u043b\u0430 \u0434\u043b\u044f \u043b\u0438\u0446\u0430, \u0440\u0430\u0437\u0440\u0430\u0431\u043e\u0442\u0430\u043d\u043d\u0430\u044f \u0434\u043b\u044f \u0438\u043d\u0442\u0435\u043d\u0441\u0438\u0432\u043d\u043e\u0433\u043e \u0443\u0432\u043b\u0430\u0436\u043d\u0435\u043d\u0438\u044f, \u0441\u043c\u044f\u0433\u0447\u0435\u043d\u0438\u044f \u0438 \u0432\u043e\u0441\u0441\u0442\u0430\u043d\u043e\u0432\u043b\u0435\u043d\u0438\u044f \u0437\u0430\u0449\u0438\u0442\u043d\u043e\u0433\u043e \u0431\u0430\u0440\u044c\u0435\u0440\u0430 \u043a\u043e\u0436\u0438.<\/p>\n<p>\u041e\u043d\u0430 \u044d\u0444\u0444\u0435\u043a\u0442\u0438\u0432\u043d\u043e \u0443\u0441\u0442\u0440\u0430\u043d\u044f\u0435\u0442 \u0441\u0443\u0445\u043e\u0441\u0442\u044c, \u0448\u0435\u043b\u0443\u0448\u0435\u043d\u0438\u0435 \u0438 \u0440\u0430\u0437\u0434\u0440\u0430\u0436\u0435\u043d\u0438\u0435, \u0443\u043a\u0440\u0435\u043f\u043b\u044f\u044f \u043a\u043e\u0436\u0443 \u0441\u043a\u0432\u0430\u043b\u0430\u043d\u043e\u043c \u0438 \u044d\u043a\u0437\u043e\u0441\u043e\u043c\u0430\u043c\u0438 \u0446\u0435\u043d\u0442\u0435\u043b\u043b\u044b. \u041f\u043e\u0434\u0445\u043e\u0434\u0438\u0442 \u0434\u043b\u044f \u043e\u0431\u0435\u0437\u0432\u043e\u0436\u0435\u043d\u043d\u043e\u0439, \u043f\u043e\u0432\u0440\u0435\u0436\u0434\u0435\u043d\u043d\u043e\u0439 \u0438 \u0447\u0443\u0432\u0441\u0442\u0432\u0438\u0442\u0435\u043b\u044c\u043d\u043e\u0439 \u043a\u043e\u0436\u0438.<\/p>\n<ul>\n<li>\u0418\u043d\u0442\u0435\u043d\u0441\u0438\u0432\u043d\u043e\u0435 \u0443\u0432\u043b\u0430\u0436\u043d\u0435\u043d\u0438\u0435: \u0412\u043e\u0441\u0441\u0442\u0430\u043d\u0430\u0432\u043b\u0438\u0432\u0430\u0435\u0442 \u0433\u0438\u0434\u0440\u043e\u043b\u0438\u043f\u0438\u0434\u043d\u044b\u0439 \u0431\u0430\u043b\u0430\u043d\u0441, \u0443\u0431\u0438\u0440\u0430\u0435\u0442 \u0441\u0442\u044f\u043d\u0443\u0442\u043e\u0441\u0442\u044c \u0438 \u0448\u0435\u043b\u0443\u0448\u0435\u043d\u0438\u0435.<\/li>\n<li>\u0412\u043e\u0441\u0441\u0442\u0430\u043d\u043e\u0432\u043b\u0435\u043d\u0438\u0435 \u0438 \u0437\u0430\u0449\u0438\u0442\u0430: \u0423\u043a\u0440\u0435\u043f\u043b\u044f\u0435\u0442 \u043a\u043e\u0436\u043d\u044b\u0439 \u0431\u0430\u0440\u044c\u0435\u0440, \u0437\u0430\u0449\u0438\u0449\u0430\u044f \u043e\u0442 \u0432\u043d\u0435\u0448\u043d\u0438\u0445 \u0444\u0430\u043a\u0442\u043e\u0440\u043e\u0432 (\u0445\u043e\u043b\u043e\u0434, \u0441\u0443\u0445\u043e\u0439 \u0432\u043e\u0437\u0434\u0443\u0445).<\/li>\n<li>\u0423\u0441\u043f\u043e\u043a\u0430\u0438\u0432\u0430\u044e\u0449\u0435\u0435 \u0434\u0435\u0439\u0441\u0442\u0432\u0438\u0435: \u044d\u043a\u0437\u043e\u0441\u043e\u043c\u044b \u0446\u0435\u043d\u0442\u0435\u043b\u043b\u044b (Cica) \u0443\u043c\u0435\u043d\u044c\u0448\u0430\u044e\u0442 \u043f\u043e\u043a\u0440\u0430\u0441\u043d\u0435\u043d\u0438\u0435, \u0440\u0430\u0437\u0434\u0440\u0430\u0436\u0435\u043d\u0438\u0435 \u0438 \u0441\u043d\u0438\u0436\u0430\u044e\u0442 \u0440\u0435\u0430\u043a\u0442\u0438\u0432\u043d\u043e\u0441\u0442\u044c \u043a\u043e\u0436\u0438.<\/li>\n<\/ul>\n<h6>\u041e\u0441\u043d\u043e\u0432\u043d\u044b\u0435 \u0434\u0435\u0439\u0441\u0442\u0432\u0443\u044e\u0449\u0438\u0435 \u0438\u043d\u0433\u0440\u0435\u0434\u0438\u0435\u043d\u0442\u044b:<\/h6>\n<ul>\n<li>\u0421\u043a\u0432\u0430\u043b\u0430\u043d \u2014 \u0438\u043d\u0442\u0435\u043d\u0441\u0438\u0432\u043d\u043e \u043f\u0438\u0442\u0430\u0435\u0442, \u043f\u0440\u0435\u0434\u043e\u0442\u0432\u0440\u0430\u0449\u0430\u0435\u0442 \u043f\u043e\u0442\u0435\u0440\u044e \u0432\u043b\u0430\u0433\u0438 \u0438 \u043f\u043e\u0434\u0434\u0435\u0440\u0436\u0438\u0432\u0430\u0435\u0442 \u0435\u0441\u0442\u0435\u0441\u0442\u0432\u0435\u043d\u043d\u044b\u0439 \u0433\u0438\u0434\u0440\u043e\u043b\u0438\u043f\u0438\u0434\u043d\u044b\u0439 \u0431\u0430\u043b\u0430\u043d\u0441.<\/li>\n<li>\u0423\u0432\u043b\u0430\u0436\u043d\u044f\u044e\u0449\u0438\u0439 \u043a\u043e\u043c\u043f\u043b\u0435\u043a\u0441 \u2014 \u0441\u043f\u043e\u0441\u043e\u0431\u0441\u0442\u0432\u0443\u0435\u0442 \u0434\u043b\u0438\u0442\u0435\u043b\u044c\u043d\u043e\u043c\u0443 \u0441\u043e\u0445\u0440\u0430\u043d\u0435\u043d\u0438\u044e \u0432\u043b\u0430\u0433\u0438 \u0438 \u043a\u043e\u043c\u0444\u043e\u0440\u0442\u0443 \u043a\u043e\u0436\u0438.<\/li>\n<\/ul>\n<p><strong>\u0421\u043f\u043e\u0441\u043e\u0431 \u043f\u0440\u0438\u043c\u0435\u043d\u0435\u043d\u0438\u044f:<\/strong> \u041d\u0430\u043d\u043e\u0441\u0438\u0442\u0435 2\u20133 \u043a\u0430\u043f\u043b\u0438 \u043d\u0430 \u043e\u0447\u0438\u0449\u0435\u043d\u043d\u0443\u044e \u043a\u043e\u0436\u0443 \u043b\u0438\u0446\u0430 \u043f\u043e\u0441\u043b\u0435 \u0442\u043e\u043d\u0438\u043a\u0430. \u041c\u044f\u0433\u043a\u043e \u0440\u0430\u0441\u043f\u0440\u0435\u0434\u0435\u043b\u0438\u0442\u0435 \u0438 \u0434\u0430\u0439\u0442\u0435 \u0432\u043f\u0438\u0442\u0430\u0442\u044c\u0441\u044f. \u0418\u0441\u043f\u043e\u043b\u044c\u0437\u0443\u0439\u0442\u0435 \u0443\u0442\u0440\u043e\u043c \u0438\/\u0438\u043b\u0438 \u0432\u0435\u0447\u0435\u0440\u043e\u043c.<\/p>\n<p><strong>\u0421\u043e\u0441\u0442\u0430\u0432:<\/strong> Water (Aqua), Propanediol, Glycerin, Niacinamide, Panthenol, Methyl Gluceth-20, Hydroxyacetophenone, Butylene Glycol, Ammonium Acryloyldimethyltaurate\/VP Copolymer, Carbomer, Arginine, Polyglyceryl-10 Laurate, Ethylhexylglycerin, Xylitylglucoside, Adenosine, Anhydroxylitol, 1,2-Hexanediol, Dipotassium Glycyrrhizate, Glyceryl Acrylate\/Acrylic Acid Copolymer, PVM\/MA Copolymer, Xylitol, Polyglutamic Acid, Squalane, Camellia Sinensis Leaf Extract (\u044d\u043a\u0441\u0442\u0440\u0430\u043a\u0442 \u0437\u0435\u043b\u0451\u043d\u043e\u0433\u043e \u0447\u0430\u044f), Caprylic\/Capric Triglyceride, Hydrogenated Lecithin, <em data-start=\"679\" data-end=\"701\">Simmondsia Chinensis<\/em> (Jojoba) Seed Oil, Hexyl Laurate, <em data-start=\"736\" data-end=\"755\" data-is-only-node=\"\">Centella Asiatica<\/em> Extract (\u044d\u043a\u0441\u0442\u0440\u0430\u043a\u0442 \u0446\u0435\u043d\u0442\u0435\u043b\u043b\u044b \u0430\u0437\u0438\u0430\u0442\u0441\u043a\u043e\u0439), Tocopherol (\u0432\u0438\u0442\u0430\u043c\u0438\u043d E), Cetearyl Alcohol, Ceramide NP, Stearic Acid, Glycosphingolipids, Disodium EDTA.<\/p>","protected":false},"excerpt":{"rendered":"<p>VT Cosmetics S4 Moisture Ampoule ir augsti barojo\u0161a mitrino\u0161a ampula, kas izstr\u0101d\u0101ta, lai atjaunotu dehidr\u0113tu, sausu un boj\u0101tu \u0101du. Satur skval\u0101nu, centellas eksosomas un pantenolu, kas intens\u012bvi mitrina, stiprina aizsargbarjeru, no\u0146em kairin\u0101jumu un lob\u012b\u0161anos, atjaunojot komfortu. Piem\u0113rota jut\u012bgai \u0101dai, ir bieza tekst\u016bra un viegli sk\u0101bs pH 5,0. Intens\u012bva mitrin\u0101\u0161ana un baro\u0161ana: Satur skval\u0101nu un pantenolu, [&hellip;]<\/p>\n","protected":false},"featured_media":26963,"comment_status":"open","ping_status":"closed","template":"","meta":{"site-sidebar-layout":"default","site-content-layout":"","ast-site-content-layout":"default","site-content-style":"default","site-sidebar-style":"default","ast-global-header-display":"","ast-banner-title-visibility":"","ast-main-header-display":"","ast-hfb-above-header-display":"","ast-hfb-below-header-display":"","ast-hfb-mobile-header-display":"","site-post-title":"","ast-breadcrumbs-content":"","ast-featured-img":"","footer-sml-layout":"","theme-transparent-header-meta":"default","adv-header-id-meta":"","stick-header-meta":"","header-above-stick-meta":"","header-main-stick-meta":"","header-below-stick-meta":"","astra-migrate-meta-layouts":"set","ast-page-background-enabled":"default","ast-page-background-meta":{"desktop":{"background-color":"var(--ast-global-color-4)","background-image":"","background-repeat":"repeat","background-position":"center center","background-size":"auto","background-attachment":"scroll","background-type":"","background-media":"","overlay-type":"","overlay-color":"","overlay-opacity":"","overlay-gradient":""},"tablet":{"background-color":"","background-image":"","background-repeat":"repeat","background-position":"center center","background-size":"auto","background-attachment":"scroll","background-type":"","background-media":"","overlay-type":"","overlay-color":"","overlay-opacity":"","overlay-gradient":""},"mobile":{"background-color":"","background-image":"","background-repeat":"repeat","background-position":"center center","background-size":"auto","background-attachment":"scroll","background-type":"","background-media":"","overlay-type":"","overlay-color":"","overlay-opacity":"","overlay-gradient":""}},"ast-content-background-meta":{"desktop":{"background-color":"var(--ast-global-color-5)","background-image":"","background-repeat":"repeat","background-position":"center center","background-size":"auto","background-attachment":"scroll","background-type":"","background-media":"","overlay-type":"","overlay-color":"","overlay-opacity":"","overlay-gradient":""},"tablet":{"background-color":"var(--ast-global-color-5)","background-image":"","background-repeat":"repeat","background-position":"center center","background-size":"auto","background-attachment":"scroll","background-type":"","background-media":"","overlay-type":"","overlay-color":"","overlay-opacity":"","overlay-gradient":""},"mobile":{"background-color":"var(--ast-global-color-5)","background-image":"","background-repeat":"repeat","background-position":"center center","background-size":"auto","background-attachment":"scroll","background-type":"","background-media":"","overlay-type":"","overlay-color":"","overlay-opacity":"","overlay-gradient":""}}},"product_brand":[],"product_cat":[370,371,372,373,374,363],"product_tag":[],"berocket_brand":[582],"class_list":{"0":"post-26962","1":"product","2":"type-product","3":"status-publish","4":"has-post-thumbnail","6":"product_cat-adas-mirdzumam","7":"product_cat-anti-age","8":"product_cat-jutigai-adai-serumi","9":"product_cat-poras-sasaurinoss","10":"product_cat-pret-pinnem","11":"product_cat-serumi","12":"berocket_brand-vt","13":"desktop-align-left","14":"tablet-align-left","15":"mobile-align-left","17":"first","18":"instock","19":"sale","20":"taxable","21":"shipping-taxable","22":"purchasable","23":"product-type-simple","24":"add-to-wishlist-before_image"},"yoast_head":"<!-- This site is optimized with the Yoast SEO plugin v27.3 - https:\/\/yoast.com\/product\/yoast-seo-wordpress\/ -->\n<title>VT Cosmetics S4 Moisture Ampoule mitrino\u0161a ampula ar skval\u0101nu 30ml - FACECORNER<\/title>\n<meta name=\"robots\" content=\"index, follow, max-snippet:-1, max-image-preview:large, max-video-preview:-1\" \/>\n<link rel=\"canonical\" href=\"https:\/\/www.facecorner.lv\/ru\/shop\/vt-cosmetics-s4-moisture-ampoule-mitrinosa-ampula-ar-skvalanu-30ml\/\" \/>\n<meta property=\"og:locale\" content=\"ru_RU\" \/>\n<meta property=\"og:type\" content=\"article\" \/>\n<meta property=\"og:title\" content=\"VT Cosmetics S4 Moisture Ampoule mitrino\u0161a ampula ar skval\u0101nu 30ml - FACECORNER\" \/>\n<meta property=\"og:description\" content=\"VT Cosmetics S4 Moisture Ampoule ir augsti barojo\u0161a mitrino\u0161a ampula, kas izstr\u0101d\u0101ta, lai atjaunotu dehidr\u0113tu, sausu un boj\u0101tu \u0101du. Satur skval\u0101nu, centellas eksosomas un pantenolu, kas intens\u012bvi mitrina, stiprina aizsargbarjeru, no\u0146em kairin\u0101jumu un lob\u012b\u0161anos, atjaunojot komfortu. Piem\u0113rota jut\u012bgai \u0101dai, ir bieza tekst\u016bra un viegli sk\u0101bs pH 5,0. Intens\u012bva mitrin\u0101\u0161ana un baro\u0161ana: Satur skval\u0101nu un pantenolu, [&hellip;]\" \/>\n<meta property=\"og:url\" content=\"https:\/\/www.facecorner.lv\/ru\/shop\/vt-cosmetics-s4-moisture-ampoule-mitrinosa-ampula-ar-skvalanu-30ml\/\" \/>\n<meta property=\"og:site_name\" content=\"FACECORNER\" \/>\n<meta property=\"article:publisher\" content=\"https:\/\/www.facebook.com\/profile.php?id=100063824551839\" \/>\n<meta property=\"article:modified_time\" content=\"2026-03-17T10:24:28+00:00\" \/>\n<meta property=\"og:image\" content=\"https:\/\/www.facecorner.lv\/wp-content\/uploads\/2026\/02\/vt-cosmetics-s4-moisture-ampoule-68975126413695_grande.webp\" \/>\n\t<meta property=\"og:image:width\" content=\"600\" \/>\n\t<meta property=\"og:image:height\" content=\"600\" \/>\n\t<meta property=\"og:image:type\" content=\"image\/webp\" \/>\n<meta name=\"twitter:card\" content=\"summary_large_image\" \/>\n<meta name=\"twitter:label1\" content=\"\u0426\u0435\u043d\u0430\" \/>\n\t<meta name=\"twitter:data1\" content=\"&euro;19.95\" \/>\n\t<meta name=\"twitter:label2\" content=\"\u0414\u043e\u0441\u0442\u0443\u043f\u043d\u043e\u0441\u0442\u044c\" \/>\n\t<meta name=\"twitter:data2\" content=\"\u0412 \u043d\u0430\u043b\u0438\u0447\u0438\u0438\" \/>\n<script type=\"application\/ld+json\" class=\"yoast-schema-graph\">{\"@context\":\"https:\\\/\\\/schema.org\",\"@graph\":[{\"@type\":\"WebPage\",\"@id\":\"https:\\\/\\\/www.facecorner.lv\\\/shop\\\/vt-cosmetics-s4-moisture-ampoule-mitrinosa-ampula-ar-skvalanu-30ml\\\/\",\"url\":\"https:\\\/\\\/www.facecorner.lv\\\/shop\\\/vt-cosmetics-s4-moisture-ampoule-mitrinosa-ampula-ar-skvalanu-30ml\\\/\",\"name\":\"VT Cosmetics S4 Moisture Ampoule mitrino\u0161a ampula ar skval\u0101nu 30ml - FACECORNER\",\"isPartOf\":{\"@id\":\"https:\\\/\\\/www.facecorner.lv\\\/#website\"},\"primaryImageOfPage\":{\"@id\":\"https:\\\/\\\/www.facecorner.lv\\\/shop\\\/vt-cosmetics-s4-moisture-ampoule-mitrinosa-ampula-ar-skvalanu-30ml\\\/#primaryimage\"},\"image\":{\"@id\":\"https:\\\/\\\/www.facecorner.lv\\\/shop\\\/vt-cosmetics-s4-moisture-ampoule-mitrinosa-ampula-ar-skvalanu-30ml\\\/#primaryimage\"},\"thumbnailUrl\":\"https:\\\/\\\/www.facecorner.lv\\\/wp-content\\\/uploads\\\/2026\\\/02\\\/vt-cosmetics-s4-moisture-ampoule-68975126413695_grande.webp\",\"datePublished\":\"2026-02-18T12:55:49+00:00\",\"dateModified\":\"2026-03-17T10:24:28+00:00\",\"breadcrumb\":{\"@id\":\"https:\\\/\\\/www.facecorner.lv\\\/shop\\\/vt-cosmetics-s4-moisture-ampoule-mitrinosa-ampula-ar-skvalanu-30ml\\\/#breadcrumb\"},\"inLanguage\":\"ru-RU\",\"potentialAction\":[{\"@type\":\"ReadAction\",\"target\":[\"https:\\\/\\\/www.facecorner.lv\\\/shop\\\/vt-cosmetics-s4-moisture-ampoule-mitrinosa-ampula-ar-skvalanu-30ml\\\/\"]}]},{\"@type\":\"ImageObject\",\"inLanguage\":\"ru-RU\",\"@id\":\"https:\\\/\\\/www.facecorner.lv\\\/shop\\\/vt-cosmetics-s4-moisture-ampoule-mitrinosa-ampula-ar-skvalanu-30ml\\\/#primaryimage\",\"url\":\"https:\\\/\\\/www.facecorner.lv\\\/wp-content\\\/uploads\\\/2026\\\/02\\\/vt-cosmetics-s4-moisture-ampoule-68975126413695_grande.webp\",\"contentUrl\":\"https:\\\/\\\/www.facecorner.lv\\\/wp-content\\\/uploads\\\/2026\\\/02\\\/vt-cosmetics-s4-moisture-ampoule-68975126413695_grande.webp\",\"width\":600,\"height\":600,\"caption\":\"VT Cosmetics S4 Moisture Ampoule\"},{\"@type\":\"BreadcrumbList\",\"@id\":\"https:\\\/\\\/www.facecorner.lv\\\/shop\\\/vt-cosmetics-s4-moisture-ampoule-mitrinosa-ampula-ar-skvalanu-30ml\\\/#breadcrumb\",\"itemListElement\":[{\"@type\":\"ListItem\",\"position\":1,\"name\":\"Home\",\"item\":\"https:\\\/\\\/www.facecorner.lv\\\/\"},{\"@type\":\"ListItem\",\"position\":2,\"name\":\"Veikals\",\"item\":\"https:\\\/\\\/www.facecorner.lv\\\/shop\\\/\"},{\"@type\":\"ListItem\",\"position\":3,\"name\":\"VT Cosmetics S4 Moisture Ampoule mitrino\u0161a ampula ar skval\u0101nu 30ml\"}]},{\"@type\":\"WebSite\",\"@id\":\"https:\\\/\\\/www.facecorner.lv\\\/#website\",\"url\":\"https:\\\/\\\/www.facecorner.lv\\\/\",\"name\":\"Facecorner\",\"description\":\"\",\"publisher\":{\"@id\":\"https:\\\/\\\/www.facecorner.lv\\\/#organization\"},\"potentialAction\":[{\"@type\":\"SearchAction\",\"target\":{\"@type\":\"EntryPoint\",\"urlTemplate\":\"https:\\\/\\\/www.facecorner.lv\\\/?s={search_term_string}\"},\"query-input\":{\"@type\":\"PropertyValueSpecification\",\"valueRequired\":true,\"valueName\":\"search_term_string\"}}],\"inLanguage\":\"ru-RU\"},{\"@type\":\"Organization\",\"@id\":\"https:\\\/\\\/www.facecorner.lv\\\/#organization\",\"name\":\"Facecorner\",\"url\":\"https:\\\/\\\/www.facecorner.lv\\\/\",\"logo\":{\"@type\":\"ImageObject\",\"inLanguage\":\"ru-RU\",\"@id\":\"https:\\\/\\\/www.facecorner.lv\\\/#\\\/schema\\\/logo\\\/image\\\/\",\"url\":\"https:\\\/\\\/www.facecorner.lv\\\/wp-content\\\/uploads\\\/2024\\\/04\\\/fc-logo.jpg\",\"contentUrl\":\"https:\\\/\\\/www.facecorner.lv\\\/wp-content\\\/uploads\\\/2024\\\/04\\\/fc-logo.jpg\",\"width\":174,\"height\":28,\"caption\":\"Facecorner\"},\"image\":{\"@id\":\"https:\\\/\\\/www.facecorner.lv\\\/#\\\/schema\\\/logo\\\/image\\\/\"},\"sameAs\":[\"https:\\\/\\\/www.facebook.com\\\/profile.php?id=100063824551839\",\"https:\\\/\\\/www.instagram.com\\\/facecorner_shop\\\/\"]}]}<\/script>\n<meta property=\"product:price:amount\" content=\"19.95\" \/>\n<meta property=\"product:price:currency\" content=\"EUR\" \/>\n<meta property=\"og:availability\" content=\"instock\" \/>\n<meta property=\"product:availability\" content=\"instock\" \/>\n<meta property=\"product:condition\" content=\"new\" \/>\n<!-- \/ Yoast SEO plugin. -->","yoast_head_json":{"title":"VT Cosmetics S4 Moisture Ampoule mitrino\u0161a ampula ar skval\u0101nu 30ml - FACECORNER","robots":{"index":"index","follow":"follow","max-snippet":"max-snippet:-1","max-image-preview":"max-image-preview:large","max-video-preview":"max-video-preview:-1"},"canonical":"https:\/\/www.facecorner.lv\/ru\/shop\/vt-cosmetics-s4-moisture-ampoule-mitrinosa-ampula-ar-skvalanu-30ml\/","og_locale":"ru_RU","og_type":"article","og_title":"VT Cosmetics S4 Moisture Ampoule mitrino\u0161a ampula ar skval\u0101nu 30ml - FACECORNER","og_description":"VT Cosmetics S4 Moisture Ampoule ir augsti barojo\u0161a mitrino\u0161a ampula, kas izstr\u0101d\u0101ta, lai atjaunotu dehidr\u0113tu, sausu un boj\u0101tu \u0101du. Satur skval\u0101nu, centellas eksosomas un pantenolu, kas intens\u012bvi mitrina, stiprina aizsargbarjeru, no\u0146em kairin\u0101jumu un lob\u012b\u0161anos, atjaunojot komfortu. Piem\u0113rota jut\u012bgai \u0101dai, ir bieza tekst\u016bra un viegli sk\u0101bs pH 5,0. Intens\u012bva mitrin\u0101\u0161ana un baro\u0161ana: Satur skval\u0101nu un pantenolu, [&hellip;]","og_url":"https:\/\/www.facecorner.lv\/ru\/shop\/vt-cosmetics-s4-moisture-ampoule-mitrinosa-ampula-ar-skvalanu-30ml\/","og_site_name":"FACECORNER","article_publisher":"https:\/\/www.facebook.com\/profile.php?id=100063824551839","article_modified_time":"2026-03-17T10:24:28+00:00","og_image":[{"width":600,"height":600,"url":"https:\/\/www.facecorner.lv\/wp-content\/uploads\/2026\/02\/vt-cosmetics-s4-moisture-ampoule-68975126413695_grande.webp","type":"image\/webp"}],"twitter_card":"summary_large_image","twitter_misc":{"\u0426\u0435\u043d\u0430":"&euro;19.95","\u0414\u043e\u0441\u0442\u0443\u043f\u043d\u043e\u0441\u0442\u044c":"\u0412 \u043d\u0430\u043b\u0438\u0447\u0438\u0438"},"schema":{"@context":"https:\/\/schema.org","@graph":[{"@type":"WebPage","@id":"https:\/\/www.facecorner.lv\/shop\/vt-cosmetics-s4-moisture-ampoule-mitrinosa-ampula-ar-skvalanu-30ml\/","url":"https:\/\/www.facecorner.lv\/shop\/vt-cosmetics-s4-moisture-ampoule-mitrinosa-ampula-ar-skvalanu-30ml\/","name":"VT Cosmetics S4 Moisture Ampoule mitrino\u0161a ampula ar skval\u0101nu 30ml - FACECORNER","isPartOf":{"@id":"https:\/\/www.facecorner.lv\/#website"},"primaryImageOfPage":{"@id":"https:\/\/www.facecorner.lv\/shop\/vt-cosmetics-s4-moisture-ampoule-mitrinosa-ampula-ar-skvalanu-30ml\/#primaryimage"},"image":{"@id":"https:\/\/www.facecorner.lv\/shop\/vt-cosmetics-s4-moisture-ampoule-mitrinosa-ampula-ar-skvalanu-30ml\/#primaryimage"},"thumbnailUrl":"https:\/\/www.facecorner.lv\/wp-content\/uploads\/2026\/02\/vt-cosmetics-s4-moisture-ampoule-68975126413695_grande.webp","datePublished":"2026-02-18T12:55:49+00:00","dateModified":"2026-03-17T10:24:28+00:00","breadcrumb":{"@id":"https:\/\/www.facecorner.lv\/shop\/vt-cosmetics-s4-moisture-ampoule-mitrinosa-ampula-ar-skvalanu-30ml\/#breadcrumb"},"inLanguage":"ru-RU","potentialAction":[{"@type":"ReadAction","target":["https:\/\/www.facecorner.lv\/shop\/vt-cosmetics-s4-moisture-ampoule-mitrinosa-ampula-ar-skvalanu-30ml\/"]}]},{"@type":"ImageObject","inLanguage":"ru-RU","@id":"https:\/\/www.facecorner.lv\/shop\/vt-cosmetics-s4-moisture-ampoule-mitrinosa-ampula-ar-skvalanu-30ml\/#primaryimage","url":"https:\/\/www.facecorner.lv\/wp-content\/uploads\/2026\/02\/vt-cosmetics-s4-moisture-ampoule-68975126413695_grande.webp","contentUrl":"https:\/\/www.facecorner.lv\/wp-content\/uploads\/2026\/02\/vt-cosmetics-s4-moisture-ampoule-68975126413695_grande.webp","width":600,"height":600,"caption":"VT Cosmetics S4 Moisture Ampoule"},{"@type":"BreadcrumbList","@id":"https:\/\/www.facecorner.lv\/shop\/vt-cosmetics-s4-moisture-ampoule-mitrinosa-ampula-ar-skvalanu-30ml\/#breadcrumb","itemListElement":[{"@type":"ListItem","position":1,"name":"Home","item":"https:\/\/www.facecorner.lv\/"},{"@type":"ListItem","position":2,"name":"Veikals","item":"https:\/\/www.facecorner.lv\/shop\/"},{"@type":"ListItem","position":3,"name":"VT Cosmetics S4 Moisture Ampoule mitrino\u0161a ampula ar skval\u0101nu 30ml"}]},{"@type":"WebSite","@id":"https:\/\/www.facecorner.lv\/#website","url":"https:\/\/www.facecorner.lv\/","name":"Facecorner","description":"","publisher":{"@id":"https:\/\/www.facecorner.lv\/#organization"},"potentialAction":[{"@type":"SearchAction","target":{"@type":"EntryPoint","urlTemplate":"https:\/\/www.facecorner.lv\/?s={search_term_string}"},"query-input":{"@type":"PropertyValueSpecification","valueRequired":true,"valueName":"search_term_string"}}],"inLanguage":"ru-RU"},{"@type":"Organization","@id":"https:\/\/www.facecorner.lv\/#organization","name":"Facecorner","url":"https:\/\/www.facecorner.lv\/","logo":{"@type":"ImageObject","inLanguage":"ru-RU","@id":"https:\/\/www.facecorner.lv\/#\/schema\/logo\/image\/","url":"https:\/\/www.facecorner.lv\/wp-content\/uploads\/2024\/04\/fc-logo.jpg","contentUrl":"https:\/\/www.facecorner.lv\/wp-content\/uploads\/2024\/04\/fc-logo.jpg","width":174,"height":28,"caption":"Facecorner"},"image":{"@id":"https:\/\/www.facecorner.lv\/#\/schema\/logo\/image\/"},"sameAs":["https:\/\/www.facebook.com\/profile.php?id=100063824551839","https:\/\/www.instagram.com\/facecorner_shop\/"]}]},"product_price_amount":"19.95","product_price_currency":"EUR","og_availability":"instock","product_availability":"instock","product_condition":"new"},"_links":{"self":[{"href":"https:\/\/www.facecorner.lv\/ru\/wp-json\/wp\/v2\/product\/26962","targetHints":{"allow":["GET"]}}],"collection":[{"href":"https:\/\/www.facecorner.lv\/ru\/wp-json\/wp\/v2\/product"}],"about":[{"href":"https:\/\/www.facecorner.lv\/ru\/wp-json\/wp\/v2\/types\/product"}],"replies":[{"embeddable":true,"href":"https:\/\/www.facecorner.lv\/ru\/wp-json\/wp\/v2\/comments?post=26962"}],"wp:featuredmedia":[{"embeddable":true,"href":"https:\/\/www.facecorner.lv\/ru\/wp-json\/wp\/v2\/media\/26963"}],"wp:attachment":[{"href":"https:\/\/www.facecorner.lv\/ru\/wp-json\/wp\/v2\/media?parent=26962"}],"wp:term":[{"taxonomy":"product_brand","embeddable":true,"href":"https:\/\/www.facecorner.lv\/ru\/wp-json\/wp\/v2\/product_brand?post=26962"},{"taxonomy":"product_cat","embeddable":true,"href":"https:\/\/www.facecorner.lv\/ru\/wp-json\/wp\/v2\/product_cat?post=26962"},{"taxonomy":"product_tag","embeddable":true,"href":"https:\/\/www.facecorner.lv\/ru\/wp-json\/wp\/v2\/product_tag?post=26962"},{"taxonomy":"berocket_brand","embeddable":true,"href":"https:\/\/www.facecorner.lv\/ru\/wp-json\/wp\/v2\/berocket_brand?post=26962"}],"curies":[{"name":"wp","href":"https:\/\/api.w.org\/{rel}","templated":true}]}}