{"id":26919,"date":"2026-02-13T15:08:18","date_gmt":"2026-02-13T12:08:18","guid":{"rendered":"https:\/\/www.facecorner.lv\/?post_type=product&#038;p=26919"},"modified":"2026-03-07T23:06:13","modified_gmt":"2026-03-07T20:06:13","slug":"mediheal-vitamin-c-essential-mask-izgaismojosa-auduma-maska","status":"publish","type":"product","link":"https:\/\/www.facecorner.lv\/ru\/shop\/mediheal-vitamin-c-essential-mask-izgaismojosa-auduma-maska\/","title":{"rendered":"Mediheal Vitamin C Essential Mask \u043e\u0441\u0432\u0435\u0442\u043b\u044f\u044e\u0449\u0430\u044f \u0442\u043a\u0430\u043d\u0435\u0432\u0430\u044f \u043c\u0430\u0441\u043a\u0430"},"content":{"rendered":"<p>Mediheal Vitamin C Essential Mask \u2014 \u044d\u0442\u043e \u043e\u0441\u0432\u0435\u0442\u043b\u044f\u044e\u0449\u0430\u044f \u0442\u043a\u0430\u043d\u0435\u0432\u0430\u044f \u043c\u0430\u0441\u043a\u0430, \u0440\u0430\u0437\u0440\u0430\u0431\u043e\u0442\u0430\u043d\u043d\u0430\u044f \u0434\u043b\u044f \u0431\u043e\u0440\u044c\u0431\u044b \u0441 \u0442\u0443\u0441\u043a\u043b\u043e\u0441\u0442\u044c\u044e, \u043f\u0438\u0433\u043c\u0435\u043d\u0442\u0430\u0446\u0438\u0435\u0439 \u0438 \u0441\u043b\u0435\u0434\u0430\u043c\u0438 \u043f\u043e\u0441\u0442-\u0430\u043a\u043d\u0435.<\/p>\n<p>\u041e\u043d\u0430 \u0441\u043e\u0434\u0435\u0440\u0436\u0438\u0442 \u0432\u0438\u0442\u0430\u043c\u0438\u043d \u0421, \u043d\u0438\u0430\u0446\u0438\u043d\u0430\u043c\u0438\u0434 \u0438 \u0440\u0430\u0441\u0442\u0438\u0442\u0435\u043b\u044c\u043d\u044b\u0435 \u044d\u043a\u0441\u0442\u0440\u0430\u043a\u0442\u044b, \u043a\u043e\u0442\u043e\u0440\u044b\u0435 \u0432\u044b\u0440\u0430\u0432\u043d\u0438\u0432\u0430\u044e\u0442 \u0442\u043e\u043d, \u043f\u0440\u0438\u0434\u0430\u044e\u0442 \u0441\u0438\u044f\u043d\u0438\u0435, \u0443\u0432\u043b\u0430\u0436\u043d\u044f\u044e\u0442 \u0438 \u0443\u043b\u0443\u0447\u0448\u0430\u044e\u0442 \u0443\u043f\u0440\u0443\u0433\u043e\u0441\u0442\u044c \u043a\u043e\u0436\u0438, \u0434\u0435\u043b\u0430\u044f \u0435\u0435 \u0441\u0432\u0435\u0436\u0435\u0439 \u0438 \u0437\u0434\u043e\u0440\u043e\u0432\u043e\u0439.<\/p>\n<h6>\u041a\u043b\u044e\u0447\u0435\u0432\u044b\u0435 \u043e\u0441\u043e\u0431\u0435\u043d\u043d\u043e\u0441\u0442\u0438:<\/h6>\n<ul>\n<li>\u041e\u0441\u0432\u0435\u0442\u043b\u0435\u043d\u0438\u0435 \u0438 \u0442\u043e\u043d: \u0411\u043b\u0430\u0433\u043e\u0434\u0430\u0440\u044f \u0441\u0442\u0430\u0431\u0438\u043b\u044c\u043d\u043e\u0439 \u0444\u043e\u0440\u043c\u0435 \u0432\u0438\u0442\u0430\u043c\u0438\u043d\u0430 C \u0438 \u043d\u0438\u0430\u0446\u0438\u043d\u0430\u043c\u0438\u0434\u0443, \u043c\u0430\u0441\u043a\u0430 \u044d\u0444\u0444\u0435\u043a\u0442\u0438\u0432\u043d\u043e \u043e\u0441\u0432\u0435\u0442\u043b\u044f\u0435\u0442 \u043f\u0438\u0433\u043c\u0435\u043d\u0442\u043d\u044b\u0435 \u043f\u044f\u0442\u043d\u0430 \u0438 \u0441\u043b\u0435\u0434\u044b \u043f\u043e\u0441\u0442-\u0430\u043a\u043d\u0435, \u0432\u044b\u0440\u0430\u0432\u043d\u0438\u0432\u0430\u044f \u0446\u0432\u0435\u0442 \u043b\u0438\u0446\u0430.<\/li>\n<li>\u0421\u0438\u044f\u043d\u0438\u0435 \u0438 \u0441\u0432\u0435\u0436\u0435\u0441\u0442\u044c: \u0423\u0441\u0442\u0440\u0430\u043d\u044f\u0435\u0442 \u0442\u0443\u0441\u043a\u043b\u043e\u0441\u0442\u044c, \u0432\u043e\u0437\u0432\u0440\u0430\u0449\u0430\u044f \u043a\u043e\u0436\u0435 \u0435\u0441\u0442\u0435\u0441\u0442\u0432\u0435\u043d\u043d\u043e\u0435 \u0441\u0438\u044f\u043d\u0438\u0435 \u0438 \u0441\u0432\u0435\u0436\u0438\u0439 \u0432\u0438\u0434.<\/li>\n<li>\u0423\u0432\u043b\u0430\u0436\u043d\u0435\u043d\u0438\u0435 \u0438 \u0443\u0445\u043e\u0434: \u0418\u043d\u0442\u0435\u043d\u0441\u0438\u0432\u043d\u043e \u0443\u0432\u043b\u0430\u0436\u043d\u044f\u0435\u0442, \u0441\u043c\u044f\u0433\u0447\u0430\u0435\u0442, \u043f\u043e\u0432\u044b\u0448\u0430\u0435\u0442 \u0433\u043b\u0430\u0434\u043a\u043e\u0441\u0442\u044c \u0438 \u044d\u043b\u0430\u0441\u0442\u0438\u0447\u043d\u043e\u0441\u0442\u044c \u043a\u043e\u0436\u0438.<\/li>\n<\/ul>\n<p><strong>\u041f\u043e\u0434\u0445\u043e\u0434\u0438\u0442 \u0434\u043b\u044f \u0443\u0441\u0442\u0430\u0432\u0448\u0435\u0439, \u0442\u0443\u0441\u043a\u043b\u043e\u0439 \u0438 \u0441\u0442\u0440\u0435\u0441\u0441\u0438\u0440\u043e\u0432\u0430\u043d\u043d\u043e\u0439 \u043a\u043e\u0436\u0438.<\/strong><\/p>\n<p><strong>\u0421\u043f\u043e\u0441\u043e\u0431 \u043f\u0440\u0438\u043c\u0435\u043d\u0435\u043d\u0438\u044f:<\/strong>\u041d\u0430\u043d\u0435\u0441\u0438\u0442\u0435 \u043c\u0430\u0441\u043a\u0443 \u043d\u0430 \u043e\u0447\u0438\u0449\u0435\u043d\u043d\u0443\u044e \u0438 \u0442\u043e\u043d\u0438\u0437\u0438\u0440\u043e\u0432\u0430\u043d\u043d\u0443\u044e \u043a\u043e\u0436\u0443 \u043b\u0438\u0446\u0430, \u043e\u0441\u0442\u0430\u0432\u044c\u0442\u0435 \u043d\u0430 10\u201320 \u043c\u0438\u043d\u0443\u0442. \u0421\u043d\u0438\u043c\u0438\u0442\u0435 \u043c\u0430\u0441\u043a\u0443 \u0438 \u043b\u0435\u0433\u043a\u0438\u043c\u0438 \u043f\u043e\u0445\u043b\u043e\u043f\u044b\u0432\u0430\u044e\u0449\u0438\u043c\u0438 \u0434\u0432\u0438\u0436\u0435\u043d\u0438\u044f\u043c\u0438 \u0432\u0431\u0435\u0439\u0442\u0435 \u043e\u0441\u0442\u0430\u0442\u043a\u0438 \u044d\u0441\u0441\u0435\u043d\u0446\u0438\u0438 \u0434\u043e \u043f\u043e\u043b\u043d\u043e\u0433\u043e \u0432\u043f\u0438\u0442\u044b\u0432\u0430\u043d\u0438\u044f.<\/p>\n<p><strong>\u0421\u043e\u0441\u0442\u0430\u0432:<\/strong> <span style=\"font-size: 16px;\">Purified water, propanediol, niacinamide, glycerin, 1,2-hexanediol, dipropylene glycol, citrus peel extract, vitamin tree extract, hydroxyacetophenone, glyceryl glucoside, arginine, carbomer, panthenol, aminobutyric acid, hydroxyethyl urea, polyglyceryl-10 laurate, xanthan gum, disodium EDTA, butylene glycol, glyceryl acrylate\/acrylic acid copolymer, 3-O-ethyl ascorbic acid, scented geranium flower oil, glucose, citronellol, seawater, biotin, carnitine HCL, folic acid, hesperidin, menadione, pyridoxine HCL, riboflavin, Thiamine HCL, Tocopheryl Acetate, Geraniol, Coptis chinensis extract, Hydrogenated Lecithin, Ascorbic Acid, Bamboo Bulgaris Leaf Extract, Flaxseed Extract, Cimicifuga Extract, Ethylhexylglycerin, Sodium Hyaluronate, Ceramide NP.<\/span><\/p>\n<section id=\"shopify-section-template--28150345662801__recommendations\" class=\"shopify-section section--product-recommendations\">\n<div class=\"color-scheme-1 gradient\">\n<div class=\"section product-feed overflow-hidden js-animation-fade-in layout-2 animation-init animation-none\" data-section-id=\"template--28150345662801__recommendations\">\n<div class=\"container max-w-page\">\n<div class=\"section__head\">\n<div class=\"section__head-title\"><\/div>\n<\/div>\n<\/div>\n<\/div>\n<\/div>\n<\/section>","protected":false},"excerpt":{"rendered":"<p>Mediheal Vitamin C Essential Mask \u2014 \u044d\u0442\u043e \u043e\u0441\u0432\u0435\u0442\u043b\u044f\u044e\u0449\u0430\u044f \u0442\u043a\u0430\u043d\u0435\u0432\u0430\u044f \u043c\u0430\u0441\u043a\u0430, \u0440\u0430\u0437\u0440\u0430\u0431\u043e\u0442\u0430\u043d\u043d\u0430\u044f \u0434\u043b\u044f \u0431\u043e\u0440\u044c\u0431\u044b \u0441 \u0442\u0443\u0441\u043a\u043b\u043e\u0441\u0442\u044c\u044e, \u043f\u0438\u0433\u043c\u0435\u043d\u0442\u0430\u0446\u0438\u0435\u0439 \u0438 \u0441\u043b\u0435\u0434\u0430\u043c\u0438 \u043f\u043e\u0441\u0442-\u0430\u043a\u043d\u0435.<\/p>","protected":false},"featured_media":26920,"comment_status":"open","ping_status":"closed","template":"","meta":{"site-sidebar-layout":"default","site-content-layout":"","ast-site-content-layout":"default","site-content-style":"default","site-sidebar-style":"default","ast-global-header-display":"","ast-banner-title-visibility":"","ast-main-header-display":"","ast-hfb-above-header-display":"","ast-hfb-below-header-display":"","ast-hfb-mobile-header-display":"","site-post-title":"","ast-breadcrumbs-content":"","ast-featured-img":"","footer-sml-layout":"","theme-transparent-header-meta":"default","adv-header-id-meta":"","stick-header-meta":"","header-above-stick-meta":"","header-main-stick-meta":"","header-below-stick-meta":"","astra-migrate-meta-layouts":"set","ast-page-background-enabled":"default","ast-page-background-meta":{"desktop":{"background-color":"var(--ast-global-color-4)","background-image":"","background-repeat":"repeat","background-position":"center center","background-size":"auto","background-attachment":"scroll","background-type":"","background-media":"","overlay-type":"","overlay-color":"","overlay-opacity":"","overlay-gradient":""},"tablet":{"background-color":"","background-image":"","background-repeat":"repeat","background-position":"center center","background-size":"auto","background-attachment":"scroll","background-type":"","background-media":"","overlay-type":"","overlay-color":"","overlay-opacity":"","overlay-gradient":""},"mobile":{"background-color":"","background-image":"","background-repeat":"repeat","background-position":"center center","background-size":"auto","background-attachment":"scroll","background-type":"","background-media":"","overlay-type":"","overlay-color":"","overlay-opacity":"","overlay-gradient":""}},"ast-content-background-meta":{"desktop":{"background-color":"var(--ast-global-color-5)","background-image":"","background-repeat":"repeat","background-position":"center center","background-size":"auto","background-attachment":"scroll","background-type":"","background-media":"","overlay-type":"","overlay-color":"","overlay-opacity":"","overlay-gradient":""},"tablet":{"background-color":"var(--ast-global-color-5)","background-image":"","background-repeat":"repeat","background-position":"center center","background-size":"auto","background-attachment":"scroll","background-type":"","background-media":"","overlay-type":"","overlay-color":"","overlay-opacity":"","overlay-gradient":""},"mobile":{"background-color":"var(--ast-global-color-5)","background-image":"","background-repeat":"repeat","background-position":"center center","background-size":"auto","background-attachment":"scroll","background-type":"","background-media":"","overlay-type":"","overlay-color":"","overlay-opacity":"","overlay-gradient":""}}},"product_brand":[],"product_cat":[324,315],"product_tag":[],"berocket_brand":[681],"class_list":{"0":"post-26919","1":"product","2":"type-product","3":"status-publish","4":"has-post-thumbnail","6":"product_cat-auduma","7":"product_cat-maskas","8":"berocket_brand-mediheal","9":"desktop-align-left","10":"tablet-align-left","11":"mobile-align-left","13":"first","14":"instock","15":"taxable","16":"shipping-taxable","17":"purchasable","18":"product-type-simple","19":"add-to-wishlist-before_image"},"yoast_head":"<!-- This site is optimized with the Yoast SEO plugin v27.3 - https:\/\/yoast.com\/product\/yoast-seo-wordpress\/ -->\n<title>Mediheal Vitamin C Essential Mask izgaismojo\u0161a auduma maska - FACECORNER<\/title>\n<meta name=\"description\" content=\"Mediheal Vitamin C Essential Mask ir izgaismojo\u0161a auduma maska, kas izstr\u0101d\u0101ta, lai c\u012bn\u012btos pret bl\u0101vumu, pigment\u0101ciju un p\u0113capnikas p\u0113d\u0101m.\" \/>\n<meta name=\"robots\" content=\"index, follow, max-snippet:-1, max-image-preview:large, max-video-preview:-1\" \/>\n<link rel=\"canonical\" href=\"https:\/\/www.facecorner.lv\/ru\/shop\/mediheal-vitamin-c-essential-mask-izgaismojosa-auduma-maska\/\" \/>\n<meta property=\"og:locale\" content=\"ru_RU\" \/>\n<meta property=\"og:type\" content=\"article\" \/>\n<meta property=\"og:title\" content=\"Mediheal Vitamin C Essential Mask izgaismojo\u0161a auduma maska - FACECORNER\" \/>\n<meta property=\"og:description\" content=\"Mediheal Vitamin C Essential Mask ir izgaismojo\u0161a auduma maska, kas izstr\u0101d\u0101ta, lai c\u012bn\u012btos pret bl\u0101vumu, pigment\u0101ciju un p\u0113capnikas p\u0113d\u0101m.\" \/>\n<meta property=\"og:url\" content=\"https:\/\/www.facecorner.lv\/ru\/shop\/mediheal-vitamin-c-essential-mask-izgaismojosa-auduma-maska\/\" \/>\n<meta property=\"og:site_name\" content=\"FACECORNER\" \/>\n<meta property=\"article:publisher\" content=\"https:\/\/www.facebook.com\/profile.php?id=100063824551839\" \/>\n<meta property=\"article:modified_time\" content=\"2026-03-07T20:06:13+00:00\" \/>\n<meta property=\"og:image\" content=\"https:\/\/www.facecorner.lv\/wp-content\/uploads\/2026\/02\/a9cbc4b4-f3dc-41c6-8d93-67bd194cff7a.webp\" \/>\n\t<meta property=\"og:image:width\" content=\"1500\" \/>\n\t<meta property=\"og:image:height\" content=\"1500\" \/>\n\t<meta property=\"og:image:type\" content=\"image\/webp\" \/>\n<meta name=\"twitter:card\" content=\"summary_large_image\" \/>\n<meta name=\"twitter:label1\" content=\"\u0426\u0435\u043d\u0430\" \/>\n\t<meta name=\"twitter:data1\" content=\"&euro;3.45\" \/>\n\t<meta name=\"twitter:label2\" content=\"\u0414\u043e\u0441\u0442\u0443\u043f\u043d\u043e\u0441\u0442\u044c\" \/>\n\t<meta name=\"twitter:data2\" content=\"\u0412 \u043d\u0430\u043b\u0438\u0447\u0438\u0438\" \/>\n<script type=\"application\/ld+json\" class=\"yoast-schema-graph\">{\"@context\":\"https:\\\/\\\/schema.org\",\"@graph\":[{\"@type\":\"WebPage\",\"@id\":\"https:\\\/\\\/www.facecorner.lv\\\/shop\\\/mediheal-vitamin-c-essential-mask-izgaismojosa-auduma-maska\\\/\",\"url\":\"https:\\\/\\\/www.facecorner.lv\\\/shop\\\/mediheal-vitamin-c-essential-mask-izgaismojosa-auduma-maska\\\/\",\"name\":\"Mediheal Vitamin C Essential Mask izgaismojo\u0161a auduma maska - FACECORNER\",\"isPartOf\":{\"@id\":\"https:\\\/\\\/www.facecorner.lv\\\/#website\"},\"primaryImageOfPage\":{\"@id\":\"https:\\\/\\\/www.facecorner.lv\\\/shop\\\/mediheal-vitamin-c-essential-mask-izgaismojosa-auduma-maska\\\/#primaryimage\"},\"image\":{\"@id\":\"https:\\\/\\\/www.facecorner.lv\\\/shop\\\/mediheal-vitamin-c-essential-mask-izgaismojosa-auduma-maska\\\/#primaryimage\"},\"thumbnailUrl\":\"https:\\\/\\\/www.facecorner.lv\\\/wp-content\\\/uploads\\\/2026\\\/02\\\/a9cbc4b4-f3dc-41c6-8d93-67bd194cff7a.webp\",\"datePublished\":\"2026-02-13T12:08:18+00:00\",\"dateModified\":\"2026-03-07T20:06:13+00:00\",\"description\":\"Mediheal Vitamin C Essential Mask ir izgaismojo\u0161a auduma maska, kas izstr\u0101d\u0101ta, lai c\u012bn\u012btos pret bl\u0101vumu, pigment\u0101ciju un p\u0113capnikas p\u0113d\u0101m.\",\"breadcrumb\":{\"@id\":\"https:\\\/\\\/www.facecorner.lv\\\/shop\\\/mediheal-vitamin-c-essential-mask-izgaismojosa-auduma-maska\\\/#breadcrumb\"},\"inLanguage\":\"ru-RU\",\"potentialAction\":[{\"@type\":\"ReadAction\",\"target\":[\"https:\\\/\\\/www.facecorner.lv\\\/shop\\\/mediheal-vitamin-c-essential-mask-izgaismojosa-auduma-maska\\\/\"]}]},{\"@type\":\"ImageObject\",\"inLanguage\":\"ru-RU\",\"@id\":\"https:\\\/\\\/www.facecorner.lv\\\/shop\\\/mediheal-vitamin-c-essential-mask-izgaismojosa-auduma-maska\\\/#primaryimage\",\"url\":\"https:\\\/\\\/www.facecorner.lv\\\/wp-content\\\/uploads\\\/2026\\\/02\\\/a9cbc4b4-f3dc-41c6-8d93-67bd194cff7a.webp\",\"contentUrl\":\"https:\\\/\\\/www.facecorner.lv\\\/wp-content\\\/uploads\\\/2026\\\/02\\\/a9cbc4b4-f3dc-41c6-8d93-67bd194cff7a.webp\",\"width\":1500,\"height\":1500,\"caption\":\"Mediheal Vitamin C Essential Mask\"},{\"@type\":\"BreadcrumbList\",\"@id\":\"https:\\\/\\\/www.facecorner.lv\\\/shop\\\/mediheal-vitamin-c-essential-mask-izgaismojosa-auduma-maska\\\/#breadcrumb\",\"itemListElement\":[{\"@type\":\"ListItem\",\"position\":1,\"name\":\"Home\",\"item\":\"https:\\\/\\\/www.facecorner.lv\\\/\"},{\"@type\":\"ListItem\",\"position\":2,\"name\":\"Veikals\",\"item\":\"https:\\\/\\\/www.facecorner.lv\\\/shop\\\/\"},{\"@type\":\"ListItem\",\"position\":3,\"name\":\"Mediheal Vitamin C Essential Mask izgaismojo\u0161a auduma maska\"}]},{\"@type\":\"WebSite\",\"@id\":\"https:\\\/\\\/www.facecorner.lv\\\/#website\",\"url\":\"https:\\\/\\\/www.facecorner.lv\\\/\",\"name\":\"Facecorner\",\"description\":\"\",\"publisher\":{\"@id\":\"https:\\\/\\\/www.facecorner.lv\\\/#organization\"},\"potentialAction\":[{\"@type\":\"SearchAction\",\"target\":{\"@type\":\"EntryPoint\",\"urlTemplate\":\"https:\\\/\\\/www.facecorner.lv\\\/?s={search_term_string}\"},\"query-input\":{\"@type\":\"PropertyValueSpecification\",\"valueRequired\":true,\"valueName\":\"search_term_string\"}}],\"inLanguage\":\"ru-RU\"},{\"@type\":\"Organization\",\"@id\":\"https:\\\/\\\/www.facecorner.lv\\\/#organization\",\"name\":\"Facecorner\",\"url\":\"https:\\\/\\\/www.facecorner.lv\\\/\",\"logo\":{\"@type\":\"ImageObject\",\"inLanguage\":\"ru-RU\",\"@id\":\"https:\\\/\\\/www.facecorner.lv\\\/#\\\/schema\\\/logo\\\/image\\\/\",\"url\":\"https:\\\/\\\/www.facecorner.lv\\\/wp-content\\\/uploads\\\/2024\\\/04\\\/fc-logo.jpg\",\"contentUrl\":\"https:\\\/\\\/www.facecorner.lv\\\/wp-content\\\/uploads\\\/2024\\\/04\\\/fc-logo.jpg\",\"width\":174,\"height\":28,\"caption\":\"Facecorner\"},\"image\":{\"@id\":\"https:\\\/\\\/www.facecorner.lv\\\/#\\\/schema\\\/logo\\\/image\\\/\"},\"sameAs\":[\"https:\\\/\\\/www.facebook.com\\\/profile.php?id=100063824551839\",\"https:\\\/\\\/www.instagram.com\\\/facecorner_shop\\\/\"]}]}<\/script>\n<meta property=\"product:price:amount\" content=\"3.45\" \/>\n<meta property=\"product:price:currency\" content=\"EUR\" \/>\n<meta property=\"og:availability\" content=\"instock\" \/>\n<meta property=\"product:availability\" content=\"instock\" \/>\n<meta property=\"product:condition\" content=\"new\" \/>\n<!-- \/ Yoast SEO plugin. -->","yoast_head_json":{"title":"Mediheal Vitamin C Essential Mask izgaismojo\u0161a auduma maska - FACECORNER","description":"Mediheal Vitamin C Essential Mask \u2014 \u044d\u0442\u043e \u043e\u0441\u0432\u0435\u0442\u043b\u044f\u044e\u0449\u0430\u044f \u0442\u043a\u0430\u043d\u0435\u0432\u0430\u044f \u043c\u0430\u0441\u043a\u0430, \u0440\u0430\u0437\u0440\u0430\u0431\u043e\u0442\u0430\u043d\u043d\u0430\u044f \u0434\u043b\u044f \u0431\u043e\u0440\u044c\u0431\u044b \u0441 \u0442\u0443\u0441\u043a\u043b\u043e\u0441\u0442\u044c\u044e, \u043f\u0438\u0433\u043c\u0435\u043d\u0442\u0430\u0446\u0438\u0435\u0439 \u0438 \u0441\u043b\u0435\u0434\u0430\u043c\u0438 \u043f\u043e\u0441\u0442-\u0430\u043a\u043d\u0435.","robots":{"index":"index","follow":"follow","max-snippet":"max-snippet:-1","max-image-preview":"max-image-preview:large","max-video-preview":"max-video-preview:-1"},"canonical":"https:\/\/www.facecorner.lv\/ru\/shop\/mediheal-vitamin-c-essential-mask-izgaismojosa-auduma-maska\/","og_locale":"ru_RU","og_type":"article","og_title":"Mediheal Vitamin C Essential Mask izgaismojo\u0161a auduma maska - FACECORNER","og_description":"Mediheal Vitamin C Essential Mask ir izgaismojo\u0161a auduma maska, kas izstr\u0101d\u0101ta, lai c\u012bn\u012btos pret bl\u0101vumu, pigment\u0101ciju un p\u0113capnikas p\u0113d\u0101m.","og_url":"https:\/\/www.facecorner.lv\/ru\/shop\/mediheal-vitamin-c-essential-mask-izgaismojosa-auduma-maska\/","og_site_name":"FACECORNER","article_publisher":"https:\/\/www.facebook.com\/profile.php?id=100063824551839","article_modified_time":"2026-03-07T20:06:13+00:00","og_image":[{"width":1500,"height":1500,"url":"https:\/\/www.facecorner.lv\/wp-content\/uploads\/2026\/02\/a9cbc4b4-f3dc-41c6-8d93-67bd194cff7a.webp","type":"image\/webp"}],"twitter_card":"summary_large_image","twitter_misc":{"\u0426\u0435\u043d\u0430":"&euro;3.45","\u0414\u043e\u0441\u0442\u0443\u043f\u043d\u043e\u0441\u0442\u044c":"\u0412 \u043d\u0430\u043b\u0438\u0447\u0438\u0438"},"schema":{"@context":"https:\/\/schema.org","@graph":[{"@type":"WebPage","@id":"https:\/\/www.facecorner.lv\/shop\/mediheal-vitamin-c-essential-mask-izgaismojosa-auduma-maska\/","url":"https:\/\/www.facecorner.lv\/shop\/mediheal-vitamin-c-essential-mask-izgaismojosa-auduma-maska\/","name":"Mediheal Vitamin C Essential Mask izgaismojo\u0161a auduma maska - FACECORNER","isPartOf":{"@id":"https:\/\/www.facecorner.lv\/#website"},"primaryImageOfPage":{"@id":"https:\/\/www.facecorner.lv\/shop\/mediheal-vitamin-c-essential-mask-izgaismojosa-auduma-maska\/#primaryimage"},"image":{"@id":"https:\/\/www.facecorner.lv\/shop\/mediheal-vitamin-c-essential-mask-izgaismojosa-auduma-maska\/#primaryimage"},"thumbnailUrl":"https:\/\/www.facecorner.lv\/wp-content\/uploads\/2026\/02\/a9cbc4b4-f3dc-41c6-8d93-67bd194cff7a.webp","datePublished":"2026-02-13T12:08:18+00:00","dateModified":"2026-03-07T20:06:13+00:00","description":"Mediheal Vitamin C Essential Mask \u2014 \u044d\u0442\u043e \u043e\u0441\u0432\u0435\u0442\u043b\u044f\u044e\u0449\u0430\u044f \u0442\u043a\u0430\u043d\u0435\u0432\u0430\u044f \u043c\u0430\u0441\u043a\u0430, \u0440\u0430\u0437\u0440\u0430\u0431\u043e\u0442\u0430\u043d\u043d\u0430\u044f \u0434\u043b\u044f \u0431\u043e\u0440\u044c\u0431\u044b \u0441 \u0442\u0443\u0441\u043a\u043b\u043e\u0441\u0442\u044c\u044e, \u043f\u0438\u0433\u043c\u0435\u043d\u0442\u0430\u0446\u0438\u0435\u0439 \u0438 \u0441\u043b\u0435\u0434\u0430\u043c\u0438 \u043f\u043e\u0441\u0442-\u0430\u043a\u043d\u0435.","breadcrumb":{"@id":"https:\/\/www.facecorner.lv\/shop\/mediheal-vitamin-c-essential-mask-izgaismojosa-auduma-maska\/#breadcrumb"},"inLanguage":"ru-RU","potentialAction":[{"@type":"ReadAction","target":["https:\/\/www.facecorner.lv\/shop\/mediheal-vitamin-c-essential-mask-izgaismojosa-auduma-maska\/"]}]},{"@type":"ImageObject","inLanguage":"ru-RU","@id":"https:\/\/www.facecorner.lv\/shop\/mediheal-vitamin-c-essential-mask-izgaismojosa-auduma-maska\/#primaryimage","url":"https:\/\/www.facecorner.lv\/wp-content\/uploads\/2026\/02\/a9cbc4b4-f3dc-41c6-8d93-67bd194cff7a.webp","contentUrl":"https:\/\/www.facecorner.lv\/wp-content\/uploads\/2026\/02\/a9cbc4b4-f3dc-41c6-8d93-67bd194cff7a.webp","width":1500,"height":1500,"caption":"Mediheal Vitamin C Essential Mask"},{"@type":"BreadcrumbList","@id":"https:\/\/www.facecorner.lv\/shop\/mediheal-vitamin-c-essential-mask-izgaismojosa-auduma-maska\/#breadcrumb","itemListElement":[{"@type":"ListItem","position":1,"name":"Home","item":"https:\/\/www.facecorner.lv\/"},{"@type":"ListItem","position":2,"name":"Veikals","item":"https:\/\/www.facecorner.lv\/shop\/"},{"@type":"ListItem","position":3,"name":"Mediheal Vitamin C Essential Mask izgaismojo\u0161a auduma maska"}]},{"@type":"WebSite","@id":"https:\/\/www.facecorner.lv\/#website","url":"https:\/\/www.facecorner.lv\/","name":"Facecorner","description":"","publisher":{"@id":"https:\/\/www.facecorner.lv\/#organization"},"potentialAction":[{"@type":"SearchAction","target":{"@type":"EntryPoint","urlTemplate":"https:\/\/www.facecorner.lv\/?s={search_term_string}"},"query-input":{"@type":"PropertyValueSpecification","valueRequired":true,"valueName":"search_term_string"}}],"inLanguage":"ru-RU"},{"@type":"Organization","@id":"https:\/\/www.facecorner.lv\/#organization","name":"Facecorner","url":"https:\/\/www.facecorner.lv\/","logo":{"@type":"ImageObject","inLanguage":"ru-RU","@id":"https:\/\/www.facecorner.lv\/#\/schema\/logo\/image\/","url":"https:\/\/www.facecorner.lv\/wp-content\/uploads\/2024\/04\/fc-logo.jpg","contentUrl":"https:\/\/www.facecorner.lv\/wp-content\/uploads\/2024\/04\/fc-logo.jpg","width":174,"height":28,"caption":"Facecorner"},"image":{"@id":"https:\/\/www.facecorner.lv\/#\/schema\/logo\/image\/"},"sameAs":["https:\/\/www.facebook.com\/profile.php?id=100063824551839","https:\/\/www.instagram.com\/facecorner_shop\/"]}]},"product_price_amount":"3.45","product_price_currency":"EUR","og_availability":"instock","product_availability":"instock","product_condition":"new"},"_links":{"self":[{"href":"https:\/\/www.facecorner.lv\/ru\/wp-json\/wp\/v2\/product\/26919","targetHints":{"allow":["GET"]}}],"collection":[{"href":"https:\/\/www.facecorner.lv\/ru\/wp-json\/wp\/v2\/product"}],"about":[{"href":"https:\/\/www.facecorner.lv\/ru\/wp-json\/wp\/v2\/types\/product"}],"replies":[{"embeddable":true,"href":"https:\/\/www.facecorner.lv\/ru\/wp-json\/wp\/v2\/comments?post=26919"}],"wp:featuredmedia":[{"embeddable":true,"href":"https:\/\/www.facecorner.lv\/ru\/wp-json\/wp\/v2\/media\/26920"}],"wp:attachment":[{"href":"https:\/\/www.facecorner.lv\/ru\/wp-json\/wp\/v2\/media?parent=26919"}],"wp:term":[{"taxonomy":"product_brand","embeddable":true,"href":"https:\/\/www.facecorner.lv\/ru\/wp-json\/wp\/v2\/product_brand?post=26919"},{"taxonomy":"product_cat","embeddable":true,"href":"https:\/\/www.facecorner.lv\/ru\/wp-json\/wp\/v2\/product_cat?post=26919"},{"taxonomy":"product_tag","embeddable":true,"href":"https:\/\/www.facecorner.lv\/ru\/wp-json\/wp\/v2\/product_tag?post=26919"},{"taxonomy":"berocket_brand","embeddable":true,"href":"https:\/\/www.facecorner.lv\/ru\/wp-json\/wp\/v2\/berocket_brand?post=26919"}],"curies":[{"name":"wp","href":"https:\/\/api.w.org\/{rel}","templated":true}]}}