{"id":26913,"date":"2026-02-13T14:41:07","date_gmt":"2026-02-13T11:41:07","guid":{"rendered":"https:\/\/www.facecorner.lv\/?post_type=product&#038;p=26913"},"modified":"2026-02-13T14:44:19","modified_gmt":"2026-02-13T11:44:19","slug":"mediheal-i-p-i-derma-ampoule-mask-izgaismojosa-ampulu-auduma-maska","status":"publish","type":"product","link":"https:\/\/www.facecorner.lv\/ru\/shop\/mediheal-i-p-i-derma-ampoule-mask-izgaismojosa-ampulu-auduma-maska\/","title":{"rendered":"MEDIHEAL I.P.I Derma Ampoule Mask  \u043e\u0441\u0432\u0435\u0442\u043b\u044f\u044e\u0449\u0430\u044f \u0430\u043c\u043f\u0443\u043b\u044c\u043d\u0430\u044f \u0442\u043a\u0430\u043d\u0435\u0432\u0430\u044f \u043c\u0430\u0441\u043a\u0430"},"content":{"rendered":"<p>MEDIHEAL I.P.I Derma Ampoule Mask (26 \u043c\u043b) \u2014 \u044d\u0442\u043e \u043e\u0441\u0432\u0435\u0442\u043b\u044f\u044e\u0449\u0430\u044f \u0430\u043c\u043f\u0443\u043b\u044c\u043d\u0430\u044f \u0442\u043a\u0430\u043d\u0435\u0432\u0430\u044f \u043c\u0430\u0441\u043a\u0430, \u0440\u0430\u0437\u0440\u0430\u0431\u043e\u0442\u0430\u043d\u043d\u0430\u044f \u0434\u043b\u044f \u0431\u043e\u0440\u044c\u0431\u044b \u0441 \u043f\u0438\u0433\u043c\u0435\u043d\u0442\u0430\u0446\u0438\u0435\u0439, \u0442\u0443\u0441\u043a\u043b\u043e\u0441\u0442\u044c\u044e \u0438 \u043d\u0435\u0440\u043e\u0432\u043d\u044b\u043c \u0442\u043e\u043d\u043e\u043c \u043a\u043e\u0436\u0438.<\/p>\n<p>\u041c\u0430\u0441\u043a\u0430 \u0441\u043e\u0434\u0435\u0440\u0436\u0438\u0442 \u043a\u043e\u043c\u043f\u043b\u0435\u043a\u0441 Hydrodeeper\u2122 (\u0430\u043c\u0438\u043d\u043e\u043a\u0438\u0441\u043b\u043e\u0442\u044b \u0438 \u043c\u0438\u043d\u0435\u0440\u0430\u043b\u044b) \u0434\u043b\u044f \u0438\u043d\u0442\u0435\u043d\u0441\u0438\u0432\u043d\u043e\u0433\u043e \u0443\u0432\u043b\u0430\u0436\u043d\u0435\u043d\u0438\u044f \u0438 \u0432\u0438\u0442\u0430\u043c\u0438\u043d \u0421 (\u043f\u0440\u043e\u0438\u0437\u0432\u043e\u0434\u043d\u044b\u0435) \u0434\u043b\u044f \u0441\u0438\u044f\u043d\u0438\u044f, \u0434\u0435\u043b\u0430\u044f \u043a\u043e\u0436\u0443 \u0431\u043e\u043b\u0435\u0435 \u0441\u0432\u0435\u0436\u0435\u0439, \u0440\u043e\u0432\u043d\u043e\u0439 \u0438 \u0443\u043f\u0440\u0443\u0433\u043e<\/p>\n<h6>\u041a\u043b\u044e\u0447\u0435\u0432\u044b\u0435 \u043e\u0441\u043e\u0431\u0435\u043d\u043d\u043e\u0441\u0442\u0438:<\/h6>\n<h6><\/h6>\n<ul>\n<li>\u041e\u0441\u0432\u0435\u0442\u043b\u0435\u043d\u0438\u0435 \u0438 \u0441\u0438\u044f\u043d\u0438\u0435: \u0410\u043a\u0442\u0438\u0432\u043d\u043e \u043e\u0441\u0432\u0435\u0442\u043b\u044f\u0435\u0442 \u043f\u0438\u0433\u043c\u0435\u043d\u0442\u043d\u044b\u0435 \u043f\u044f\u0442\u043d\u0430, \u0441\u043b\u0435\u0434\u044b \u043f\u043e\u0441\u0442-\u0430\u043a\u043d\u0435 \u0438 \u0443\u0441\u0442\u0440\u0430\u043d\u044f\u0435\u0442 \u0442\u0443\u0441\u043a\u043b\u044b\u0439 \u0446\u0432\u0435\u0442 \u043b\u0438\u0446\u0430, \u0432\u044b\u0440\u0430\u0432\u043d\u0438\u0432\u0430\u044f \u0442\u043e\u043d.<\/li>\n<li>\u0418\u043d\u0442\u0435\u043d\u0441\u0438\u0432\u043d\u043e\u0435 \u0443\u0432\u043b\u0430\u0436\u043d\u0435\u043d\u0438\u0435: \u0424\u043e\u0440\u043c\u0443\u043b\u0430 \u0441 \u0430\u043c\u043f\u0443\u043b\u044c\u043d\u043e\u0439 \u0441\u044b\u0432\u043e\u0440\u043e\u0442\u043a\u043e\u0439 \u0433\u043b\u0443\u0431\u043e\u043a\u043e \u0443\u0432\u043b\u0430\u0436\u043d\u044f\u0435\u0442, \u0443\u0441\u0442\u0440\u0430\u043d\u044f\u044f \u0441\u0443\u0445\u043e\u0441\u0442\u044c.<\/li>\n<li>\u0423\u043a\u0440\u0435\u043f\u043b\u0435\u043d\u0438\u0435 \u043a\u043e\u0436\u0438: \u041a\u043e\u043c\u043f\u043b\u0435\u043a\u0441 Hydrodeeper\u2122 (\u0430\u043c\u0438\u043d\u043e\u043a\u0438\u0441\u043b\u043e\u0442\u044b \u0438 \u043c\u0438\u043d\u0435\u0440\u0430\u043b\u044b) \u043f\u0438\u0442\u0430\u0435\u0442, \u0432\u043e\u0441\u0441\u0442\u0430\u043d\u0430\u0432\u043b\u0438\u0432\u0430\u0435\u0442 \u0431\u0430\u0440\u044c\u0435\u0440 \u0438 \u043e\u0431\u0435\u0441\u043f\u0435\u0447\u0438\u0432\u0430\u0435\u0442 \u043c\u044f\u0433\u043a\u0438\u0439 \u043b\u0438\u0444\u0442\u0438\u043d\u0433-\u044d\u0444\u0444\u0435\u043a\u0442.<\/li>\n<\/ul>\n<p><strong>\u0421\u043f\u043e\u0441\u043e\u0431 \u043f\u0440\u0438\u043c\u0435\u043d\u0435\u043d\u0438\u044f:<\/strong> \u041d\u0430\u043d\u0435\u0441\u0438\u0442\u0435 \u043c\u0430\u0441\u043a\u0443 \u043d\u0430 \u043e\u0447\u0438\u0449\u0435\u043d\u043d\u0443\u044e \u0438 \u0442\u043e\u043d\u0438\u0437\u0438\u0440\u043e\u0432\u0430\u043d\u043d\u0443\u044e \u043a\u043e\u0436\u0443 \u043b\u0438\u0446\u0430, \u043e\u0441\u0442\u0430\u0432\u044c\u0442\u0435 \u043d\u0430 10\u201320 \u043c\u0438\u043d\u0443\u0442. \u0421\u043d\u0438\u043c\u0438\u0442\u0435 \u043c\u0430\u0441\u043a\u0443 \u0438 \u043b\u0435\u0433\u043a\u0438\u043c\u0438 \u043f\u043e\u0445\u043b\u043e\u043f\u044b\u0432\u0430\u044e\u0449\u0438\u043c\u0438 \u0434\u0432\u0438\u0436\u0435\u043d\u0438\u044f\u043c\u0438 \u0432\u0431\u0435\u0439\u0442\u0435 \u043e\u0441\u0442\u0430\u0442\u043a\u0438 \u044d\u0441\u0441\u0435\u043d\u0446\u0438\u0438 \u0434\u043e \u043f\u043e\u043b\u043d\u043e\u0433\u043e \u0432\u043f\u0438\u0442\u044b\u0432\u0430\u043d\u0438\u044f.<\/p>\n<p><strong>\u0421\u043e\u0441\u0442\u0430\u0432:<\/strong>: Water, Butylene Glycol, Propanediol, Niacinamide, Glycerin, 1,2-Hexanediol, Carbomer, Tromethamine, Betaine, Trehalose, Panthenol, Polyglyceryl-10 Laurate, Salix Alba (Willow) Bark Extract, Allantoin, Adenosine, Chamaecyparis Obtusa Leaf Extract, Disodium EDTA, Gluconic Acid, Sodium Ascorbyl Phosphate, Mandelic Acid, CapryLoyl Salicylic Acid, Lactobionic Acid, Glycine, Glutamic Acid, Sodium Hyaluronate Crosspolymer, Aspartic Acid, Tranexamic Acid, Sodium Polyacrylate, Sodium Chloride, Sodium Hyaluronate, Glutathione, Serine, Histidine, Arginine, Alanine, Threonine, Proline, Acrylates\/C10-30 Alkyl Acrylate Crosspolymer, Magnesium Chloride, Fullerenes, Calcium Chloride, Fragrance<\/p>","protected":false},"excerpt":{"rendered":"<p>MEDIHEAL I.P.I Derma Ampoule Mask (26 \u043c\u043b) \u2014 \u044d\u0442\u043e \u043e\u0441\u0432\u0435\u0442\u043b\u044f\u044e\u0449\u0430\u044f \u0430\u043c\u043f\u0443\u043b\u044c\u043d\u0430\u044f \u0442\u043a\u0430\u043d\u0435\u0432\u0430\u044f \u043c\u0430\u0441\u043a\u0430, \u0440\u0430\u0437\u0440\u0430\u0431\u043e\u0442\u0430\u043d\u043d\u0430\u044f \u0434\u043b\u044f \u0431\u043e\u0440\u044c\u0431\u044b \u0441 \u043f\u0438\u0433\u043c\u0435\u043d\u0442\u0430\u0446\u0438\u0435\u0439, \u0442\u0443\u0441\u043a\u043b\u043e\u0441\u0442\u044c\u044e \u0438 \u043d\u0435\u0440\u043e\u0432\u043d\u044b\u043c \u0442\u043e\u043d\u043e\u043c \u043a\u043e\u0436\u0438.<\/p>","protected":false},"featured_media":26914,"comment_status":"open","ping_status":"closed","template":"","meta":{"site-sidebar-layout":"default","site-content-layout":"","ast-site-content-layout":"default","site-content-style":"default","site-sidebar-style":"default","ast-global-header-display":"","ast-banner-title-visibility":"","ast-main-header-display":"","ast-hfb-above-header-display":"","ast-hfb-below-header-display":"","ast-hfb-mobile-header-display":"","site-post-title":"","ast-breadcrumbs-content":"","ast-featured-img":"","footer-sml-layout":"","theme-transparent-header-meta":"default","adv-header-id-meta":"","stick-header-meta":"","header-above-stick-meta":"","header-main-stick-meta":"","header-below-stick-meta":"","astra-migrate-meta-layouts":"set","ast-page-background-enabled":"default","ast-page-background-meta":{"desktop":{"background-color":"var(--ast-global-color-4)","background-image":"","background-repeat":"repeat","background-position":"center center","background-size":"auto","background-attachment":"scroll","background-type":"","background-media":"","overlay-type":"","overlay-color":"","overlay-opacity":"","overlay-gradient":""},"tablet":{"background-color":"","background-image":"","background-repeat":"repeat","background-position":"center center","background-size":"auto","background-attachment":"scroll","background-type":"","background-media":"","overlay-type":"","overlay-color":"","overlay-opacity":"","overlay-gradient":""},"mobile":{"background-color":"","background-image":"","background-repeat":"repeat","background-position":"center center","background-size":"auto","background-attachment":"scroll","background-type":"","background-media":"","overlay-type":"","overlay-color":"","overlay-opacity":"","overlay-gradient":""}},"ast-content-background-meta":{"desktop":{"background-color":"var(--ast-global-color-5)","background-image":"","background-repeat":"repeat","background-position":"center center","background-size":"auto","background-attachment":"scroll","background-type":"","background-media":"","overlay-type":"","overlay-color":"","overlay-opacity":"","overlay-gradient":""},"tablet":{"background-color":"var(--ast-global-color-5)","background-image":"","background-repeat":"repeat","background-position":"center center","background-size":"auto","background-attachment":"scroll","background-type":"","background-media":"","overlay-type":"","overlay-color":"","overlay-opacity":"","overlay-gradient":""},"mobile":{"background-color":"var(--ast-global-color-5)","background-image":"","background-repeat":"repeat","background-position":"center center","background-size":"auto","background-attachment":"scroll","background-type":"","background-media":"","overlay-type":"","overlay-color":"","overlay-opacity":"","overlay-gradient":""}}},"product_brand":[],"product_cat":[324,315],"product_tag":[],"berocket_brand":[681],"class_list":{"0":"post-26913","1":"product","2":"type-product","3":"status-publish","4":"has-post-thumbnail","6":"product_cat-auduma","7":"product_cat-maskas","8":"berocket_brand-mediheal","9":"desktop-align-left","10":"tablet-align-left","11":"mobile-align-left","13":"first","14":"instock","15":"taxable","16":"shipping-taxable","17":"purchasable","18":"product-type-simple","19":"add-to-wishlist-before_image"},"yoast_head":"<!-- This site is optimized with the Yoast SEO plugin v27.3 - https:\/\/yoast.com\/product\/yoast-seo-wordpress\/ -->\n<title>MEDIHEAL I.P.I Derma Ampoule Mask izgaismojo\u0161a ampulu auduma maska - FACECORNER<\/title>\n<meta name=\"description\" content=\"MEDIHEAL I.P.I Derma Ampoule Mask ir izgaismojo\u0161a ampulu auduma maska, kas izstr\u0101d\u0101ta, lai c\u012bn\u012btos pret pigment\u0101ciju, bl\u0101vumu un nevienm\u0113r\u012bgu \u0101das toni.\" \/>\n<meta name=\"robots\" content=\"index, follow, max-snippet:-1, max-image-preview:large, max-video-preview:-1\" \/>\n<link rel=\"canonical\" href=\"https:\/\/www.facecorner.lv\/ru\/shop\/mediheal-i-p-i-derma-ampoule-mask-izgaismojosa-ampulu-auduma-maska\/\" \/>\n<meta property=\"og:locale\" content=\"ru_RU\" \/>\n<meta property=\"og:type\" content=\"article\" \/>\n<meta property=\"og:title\" content=\"MEDIHEAL I.P.I Derma Ampoule Mask izgaismojo\u0161a ampulu auduma maska - FACECORNER\" \/>\n<meta property=\"og:description\" content=\"MEDIHEAL I.P.I Derma Ampoule Mask ir izgaismojo\u0161a ampulu auduma maska, kas izstr\u0101d\u0101ta, lai c\u012bn\u012btos pret pigment\u0101ciju, bl\u0101vumu un nevienm\u0113r\u012bgu \u0101das toni.\" \/>\n<meta property=\"og:url\" content=\"https:\/\/www.facecorner.lv\/ru\/shop\/mediheal-i-p-i-derma-ampoule-mask-izgaismojosa-ampulu-auduma-maska\/\" \/>\n<meta property=\"og:site_name\" content=\"FACECORNER\" \/>\n<meta property=\"article:publisher\" content=\"https:\/\/www.facebook.com\/profile.php?id=100063824551839\" \/>\n<meta property=\"article:modified_time\" content=\"2026-02-13T11:44:19+00:00\" \/>\n<meta property=\"og:image\" content=\"https:\/\/www.facecorner.lv\/wp-content\/uploads\/2026\/02\/MedihealDermaAmpouleMaskI.p.i10pcs2.webp\" \/>\n\t<meta property=\"og:image:width\" content=\"1024\" \/>\n\t<meta property=\"og:image:height\" content=\"1024\" \/>\n\t<meta property=\"og:image:type\" content=\"image\/webp\" \/>\n<meta name=\"twitter:card\" content=\"summary_large_image\" \/>\n<meta name=\"twitter:label1\" content=\"\u0426\u0435\u043d\u0430\" \/>\n\t<meta name=\"twitter:data1\" content=\"&euro;3.45\" \/>\n\t<meta name=\"twitter:label2\" content=\"\u0414\u043e\u0441\u0442\u0443\u043f\u043d\u043e\u0441\u0442\u044c\" \/>\n\t<meta name=\"twitter:data2\" content=\"\u0412 \u043d\u0430\u043b\u0438\u0447\u0438\u0438\" \/>\n<script type=\"application\/ld+json\" class=\"yoast-schema-graph\">{\"@context\":\"https:\\\/\\\/schema.org\",\"@graph\":[{\"@type\":\"WebPage\",\"@id\":\"https:\\\/\\\/www.facecorner.lv\\\/shop\\\/mediheal-i-p-i-derma-ampoule-mask-izgaismojosa-ampulu-auduma-maska\\\/\",\"url\":\"https:\\\/\\\/www.facecorner.lv\\\/shop\\\/mediheal-i-p-i-derma-ampoule-mask-izgaismojosa-ampulu-auduma-maska\\\/\",\"name\":\"MEDIHEAL I.P.I Derma Ampoule Mask izgaismojo\u0161a ampulu auduma maska - FACECORNER\",\"isPartOf\":{\"@id\":\"https:\\\/\\\/www.facecorner.lv\\\/#website\"},\"primaryImageOfPage\":{\"@id\":\"https:\\\/\\\/www.facecorner.lv\\\/shop\\\/mediheal-i-p-i-derma-ampoule-mask-izgaismojosa-ampulu-auduma-maska\\\/#primaryimage\"},\"image\":{\"@id\":\"https:\\\/\\\/www.facecorner.lv\\\/shop\\\/mediheal-i-p-i-derma-ampoule-mask-izgaismojosa-ampulu-auduma-maska\\\/#primaryimage\"},\"thumbnailUrl\":\"https:\\\/\\\/www.facecorner.lv\\\/wp-content\\\/uploads\\\/2026\\\/02\\\/MedihealDermaAmpouleMaskI.p.i10pcs2.webp\",\"datePublished\":\"2026-02-13T11:41:07+00:00\",\"dateModified\":\"2026-02-13T11:44:19+00:00\",\"description\":\"MEDIHEAL I.P.I Derma Ampoule Mask ir izgaismojo\u0161a ampulu auduma maska, kas izstr\u0101d\u0101ta, lai c\u012bn\u012btos pret pigment\u0101ciju, bl\u0101vumu un nevienm\u0113r\u012bgu \u0101das toni.\",\"breadcrumb\":{\"@id\":\"https:\\\/\\\/www.facecorner.lv\\\/shop\\\/mediheal-i-p-i-derma-ampoule-mask-izgaismojosa-ampulu-auduma-maska\\\/#breadcrumb\"},\"inLanguage\":\"ru-RU\",\"potentialAction\":[{\"@type\":\"ReadAction\",\"target\":[\"https:\\\/\\\/www.facecorner.lv\\\/shop\\\/mediheal-i-p-i-derma-ampoule-mask-izgaismojosa-ampulu-auduma-maska\\\/\"]}]},{\"@type\":\"ImageObject\",\"inLanguage\":\"ru-RU\",\"@id\":\"https:\\\/\\\/www.facecorner.lv\\\/shop\\\/mediheal-i-p-i-derma-ampoule-mask-izgaismojosa-ampulu-auduma-maska\\\/#primaryimage\",\"url\":\"https:\\\/\\\/www.facecorner.lv\\\/wp-content\\\/uploads\\\/2026\\\/02\\\/MedihealDermaAmpouleMaskI.p.i10pcs2.webp\",\"contentUrl\":\"https:\\\/\\\/www.facecorner.lv\\\/wp-content\\\/uploads\\\/2026\\\/02\\\/MedihealDermaAmpouleMaskI.p.i10pcs2.webp\",\"width\":1024,\"height\":1024,\"caption\":\"MEDIHEAL I.P.I Derma Ampoule Mask\"},{\"@type\":\"BreadcrumbList\",\"@id\":\"https:\\\/\\\/www.facecorner.lv\\\/shop\\\/mediheal-i-p-i-derma-ampoule-mask-izgaismojosa-ampulu-auduma-maska\\\/#breadcrumb\",\"itemListElement\":[{\"@type\":\"ListItem\",\"position\":1,\"name\":\"Home\",\"item\":\"https:\\\/\\\/www.facecorner.lv\\\/\"},{\"@type\":\"ListItem\",\"position\":2,\"name\":\"Veikals\",\"item\":\"https:\\\/\\\/www.facecorner.lv\\\/shop\\\/\"},{\"@type\":\"ListItem\",\"position\":3,\"name\":\"MEDIHEAL I.P.I Derma Ampoule Mask izgaismojo\u0161a ampulu auduma maska\"}]},{\"@type\":\"WebSite\",\"@id\":\"https:\\\/\\\/www.facecorner.lv\\\/#website\",\"url\":\"https:\\\/\\\/www.facecorner.lv\\\/\",\"name\":\"Facecorner\",\"description\":\"\",\"publisher\":{\"@id\":\"https:\\\/\\\/www.facecorner.lv\\\/#organization\"},\"potentialAction\":[{\"@type\":\"SearchAction\",\"target\":{\"@type\":\"EntryPoint\",\"urlTemplate\":\"https:\\\/\\\/www.facecorner.lv\\\/?s={search_term_string}\"},\"query-input\":{\"@type\":\"PropertyValueSpecification\",\"valueRequired\":true,\"valueName\":\"search_term_string\"}}],\"inLanguage\":\"ru-RU\"},{\"@type\":\"Organization\",\"@id\":\"https:\\\/\\\/www.facecorner.lv\\\/#organization\",\"name\":\"Facecorner\",\"url\":\"https:\\\/\\\/www.facecorner.lv\\\/\",\"logo\":{\"@type\":\"ImageObject\",\"inLanguage\":\"ru-RU\",\"@id\":\"https:\\\/\\\/www.facecorner.lv\\\/#\\\/schema\\\/logo\\\/image\\\/\",\"url\":\"https:\\\/\\\/www.facecorner.lv\\\/wp-content\\\/uploads\\\/2024\\\/04\\\/fc-logo.jpg\",\"contentUrl\":\"https:\\\/\\\/www.facecorner.lv\\\/wp-content\\\/uploads\\\/2024\\\/04\\\/fc-logo.jpg\",\"width\":174,\"height\":28,\"caption\":\"Facecorner\"},\"image\":{\"@id\":\"https:\\\/\\\/www.facecorner.lv\\\/#\\\/schema\\\/logo\\\/image\\\/\"},\"sameAs\":[\"https:\\\/\\\/www.facebook.com\\\/profile.php?id=100063824551839\",\"https:\\\/\\\/www.instagram.com\\\/facecorner_shop\\\/\"]}]}<\/script>\n<meta property=\"product:price:amount\" content=\"3.45\" \/>\n<meta property=\"product:price:currency\" content=\"EUR\" \/>\n<meta property=\"og:availability\" content=\"instock\" \/>\n<meta property=\"product:availability\" content=\"instock\" \/>\n<meta property=\"product:condition\" content=\"new\" \/>\n<!-- \/ Yoast SEO plugin. -->","yoast_head_json":{"title":"MEDIHEAL I.P.I Derma Ampoule Mask izgaismojo\u0161a ampulu auduma maska - FACECORNER","description":"MEDIHEAL I.P.I Derma Ampoule Mask (26 \u043c\u043b) \u2014 \u044d\u0442\u043e \u043e\u0441\u0432\u0435\u0442\u043b\u044f\u044e\u0449\u0430\u044f \u0430\u043c\u043f\u0443\u043b\u044c\u043d\u0430\u044f \u0442\u043a\u0430\u043d\u0435\u0432\u0430\u044f \u043c\u0430\u0441\u043a\u0430, \u0440\u0430\u0437\u0440\u0430\u0431\u043e\u0442\u0430\u043d\u043d\u0430\u044f \u0434\u043b\u044f \u0431\u043e\u0440\u044c\u0431\u044b \u0441 \u043f\u0438\u0433\u043c\u0435\u043d\u0442\u0430\u0446\u0438\u0435\u0439, \u0442\u0443\u0441\u043a\u043b\u043e\u0441\u0442\u044c\u044e \u0438 \u043d\u0435\u0440\u043e\u0432\u043d\u044b\u043c \u0442\u043e\u043d\u043e\u043c \u043a\u043e\u0436\u0438.","robots":{"index":"index","follow":"follow","max-snippet":"max-snippet:-1","max-image-preview":"max-image-preview:large","max-video-preview":"max-video-preview:-1"},"canonical":"https:\/\/www.facecorner.lv\/ru\/shop\/mediheal-i-p-i-derma-ampoule-mask-izgaismojosa-ampulu-auduma-maska\/","og_locale":"ru_RU","og_type":"article","og_title":"MEDIHEAL I.P.I Derma Ampoule Mask izgaismojo\u0161a ampulu auduma maska - FACECORNER","og_description":"MEDIHEAL I.P.I Derma Ampoule Mask ir izgaismojo\u0161a ampulu auduma maska, kas izstr\u0101d\u0101ta, lai c\u012bn\u012btos pret pigment\u0101ciju, bl\u0101vumu un nevienm\u0113r\u012bgu \u0101das toni.","og_url":"https:\/\/www.facecorner.lv\/ru\/shop\/mediheal-i-p-i-derma-ampoule-mask-izgaismojosa-ampulu-auduma-maska\/","og_site_name":"FACECORNER","article_publisher":"https:\/\/www.facebook.com\/profile.php?id=100063824551839","article_modified_time":"2026-02-13T11:44:19+00:00","og_image":[{"width":1024,"height":1024,"url":"https:\/\/www.facecorner.lv\/wp-content\/uploads\/2026\/02\/MedihealDermaAmpouleMaskI.p.i10pcs2.webp","type":"image\/webp"}],"twitter_card":"summary_large_image","twitter_misc":{"\u0426\u0435\u043d\u0430":"&euro;3.45","\u0414\u043e\u0441\u0442\u0443\u043f\u043d\u043e\u0441\u0442\u044c":"\u0412 \u043d\u0430\u043b\u0438\u0447\u0438\u0438"},"schema":{"@context":"https:\/\/schema.org","@graph":[{"@type":"WebPage","@id":"https:\/\/www.facecorner.lv\/shop\/mediheal-i-p-i-derma-ampoule-mask-izgaismojosa-ampulu-auduma-maska\/","url":"https:\/\/www.facecorner.lv\/shop\/mediheal-i-p-i-derma-ampoule-mask-izgaismojosa-ampulu-auduma-maska\/","name":"MEDIHEAL I.P.I Derma Ampoule Mask izgaismojo\u0161a ampulu auduma maska - FACECORNER","isPartOf":{"@id":"https:\/\/www.facecorner.lv\/#website"},"primaryImageOfPage":{"@id":"https:\/\/www.facecorner.lv\/shop\/mediheal-i-p-i-derma-ampoule-mask-izgaismojosa-ampulu-auduma-maska\/#primaryimage"},"image":{"@id":"https:\/\/www.facecorner.lv\/shop\/mediheal-i-p-i-derma-ampoule-mask-izgaismojosa-ampulu-auduma-maska\/#primaryimage"},"thumbnailUrl":"https:\/\/www.facecorner.lv\/wp-content\/uploads\/2026\/02\/MedihealDermaAmpouleMaskI.p.i10pcs2.webp","datePublished":"2026-02-13T11:41:07+00:00","dateModified":"2026-02-13T11:44:19+00:00","description":"MEDIHEAL I.P.I Derma Ampoule Mask (26 \u043c\u043b) \u2014 \u044d\u0442\u043e \u043e\u0441\u0432\u0435\u0442\u043b\u044f\u044e\u0449\u0430\u044f \u0430\u043c\u043f\u0443\u043b\u044c\u043d\u0430\u044f \u0442\u043a\u0430\u043d\u0435\u0432\u0430\u044f \u043c\u0430\u0441\u043a\u0430, \u0440\u0430\u0437\u0440\u0430\u0431\u043e\u0442\u0430\u043d\u043d\u0430\u044f \u0434\u043b\u044f \u0431\u043e\u0440\u044c\u0431\u044b \u0441 \u043f\u0438\u0433\u043c\u0435\u043d\u0442\u0430\u0446\u0438\u0435\u0439, \u0442\u0443\u0441\u043a\u043b\u043e\u0441\u0442\u044c\u044e \u0438 \u043d\u0435\u0440\u043e\u0432\u043d\u044b\u043c \u0442\u043e\u043d\u043e\u043c \u043a\u043e\u0436\u0438.","breadcrumb":{"@id":"https:\/\/www.facecorner.lv\/shop\/mediheal-i-p-i-derma-ampoule-mask-izgaismojosa-ampulu-auduma-maska\/#breadcrumb"},"inLanguage":"ru-RU","potentialAction":[{"@type":"ReadAction","target":["https:\/\/www.facecorner.lv\/shop\/mediheal-i-p-i-derma-ampoule-mask-izgaismojosa-ampulu-auduma-maska\/"]}]},{"@type":"ImageObject","inLanguage":"ru-RU","@id":"https:\/\/www.facecorner.lv\/shop\/mediheal-i-p-i-derma-ampoule-mask-izgaismojosa-ampulu-auduma-maska\/#primaryimage","url":"https:\/\/www.facecorner.lv\/wp-content\/uploads\/2026\/02\/MedihealDermaAmpouleMaskI.p.i10pcs2.webp","contentUrl":"https:\/\/www.facecorner.lv\/wp-content\/uploads\/2026\/02\/MedihealDermaAmpouleMaskI.p.i10pcs2.webp","width":1024,"height":1024,"caption":"MEDIHEAL I.P.I Derma Ampoule Mask"},{"@type":"BreadcrumbList","@id":"https:\/\/www.facecorner.lv\/shop\/mediheal-i-p-i-derma-ampoule-mask-izgaismojosa-ampulu-auduma-maska\/#breadcrumb","itemListElement":[{"@type":"ListItem","position":1,"name":"Home","item":"https:\/\/www.facecorner.lv\/"},{"@type":"ListItem","position":2,"name":"Veikals","item":"https:\/\/www.facecorner.lv\/shop\/"},{"@type":"ListItem","position":3,"name":"MEDIHEAL I.P.I Derma Ampoule Mask izgaismojo\u0161a ampulu auduma maska"}]},{"@type":"WebSite","@id":"https:\/\/www.facecorner.lv\/#website","url":"https:\/\/www.facecorner.lv\/","name":"Facecorner","description":"","publisher":{"@id":"https:\/\/www.facecorner.lv\/#organization"},"potentialAction":[{"@type":"SearchAction","target":{"@type":"EntryPoint","urlTemplate":"https:\/\/www.facecorner.lv\/?s={search_term_string}"},"query-input":{"@type":"PropertyValueSpecification","valueRequired":true,"valueName":"search_term_string"}}],"inLanguage":"ru-RU"},{"@type":"Organization","@id":"https:\/\/www.facecorner.lv\/#organization","name":"Facecorner","url":"https:\/\/www.facecorner.lv\/","logo":{"@type":"ImageObject","inLanguage":"ru-RU","@id":"https:\/\/www.facecorner.lv\/#\/schema\/logo\/image\/","url":"https:\/\/www.facecorner.lv\/wp-content\/uploads\/2024\/04\/fc-logo.jpg","contentUrl":"https:\/\/www.facecorner.lv\/wp-content\/uploads\/2024\/04\/fc-logo.jpg","width":174,"height":28,"caption":"Facecorner"},"image":{"@id":"https:\/\/www.facecorner.lv\/#\/schema\/logo\/image\/"},"sameAs":["https:\/\/www.facebook.com\/profile.php?id=100063824551839","https:\/\/www.instagram.com\/facecorner_shop\/"]}]},"product_price_amount":"3.45","product_price_currency":"EUR","og_availability":"instock","product_availability":"instock","product_condition":"new"},"_links":{"self":[{"href":"https:\/\/www.facecorner.lv\/ru\/wp-json\/wp\/v2\/product\/26913","targetHints":{"allow":["GET"]}}],"collection":[{"href":"https:\/\/www.facecorner.lv\/ru\/wp-json\/wp\/v2\/product"}],"about":[{"href":"https:\/\/www.facecorner.lv\/ru\/wp-json\/wp\/v2\/types\/product"}],"replies":[{"embeddable":true,"href":"https:\/\/www.facecorner.lv\/ru\/wp-json\/wp\/v2\/comments?post=26913"}],"wp:featuredmedia":[{"embeddable":true,"href":"https:\/\/www.facecorner.lv\/ru\/wp-json\/wp\/v2\/media\/26914"}],"wp:attachment":[{"href":"https:\/\/www.facecorner.lv\/ru\/wp-json\/wp\/v2\/media?parent=26913"}],"wp:term":[{"taxonomy":"product_brand","embeddable":true,"href":"https:\/\/www.facecorner.lv\/ru\/wp-json\/wp\/v2\/product_brand?post=26913"},{"taxonomy":"product_cat","embeddable":true,"href":"https:\/\/www.facecorner.lv\/ru\/wp-json\/wp\/v2\/product_cat?post=26913"},{"taxonomy":"product_tag","embeddable":true,"href":"https:\/\/www.facecorner.lv\/ru\/wp-json\/wp\/v2\/product_tag?post=26913"},{"taxonomy":"berocket_brand","embeddable":true,"href":"https:\/\/www.facecorner.lv\/ru\/wp-json\/wp\/v2\/berocket_brand?post=26913"}],"curies":[{"name":"wp","href":"https:\/\/api.w.org\/{rel}","templated":true}]}}