{"id":26830,"date":"2026-02-06T16:03:58","date_gmt":"2026-02-06T13:03:58","guid":{"rendered":"https:\/\/www.facecorner.lv\/?post_type=product&#038;p=26830"},"modified":"2026-02-25T16:24:27","modified_gmt":"2026-02-25T13:24:27","slug":"centellian24-360o-shot-pdrn-glowing-eye-patch-hidrogela-patci-1ea","status":"publish","type":"product","link":"https:\/\/www.facecorner.lv\/ru\/shop\/centellian24-360o-shot-pdrn-glowing-eye-patch-hidrogela-patci-1ea\/","title":{"rendered":"Centellian24  360\u00ba Shot PDRN Glowing Eye Patch \u0433\u0438\u0434\u0440\u043e\u0433\u0435\u043b\u0435\u0432\u044b\u0435 \u043f\u0430\u0442\u0447\u0438 \u0434\u043b\u044f \u043e\u0431\u043b\u0430\u0441\u0442\u0438 \u0432\u043e\u043a\u0440\u0443\u0433 \u0433\u043b\u0430\u0437 1\u0448\u0442"},"content":{"rendered":"<p>\u0418\u043d\u0442\u0435\u043d\u0441\u0438\u0432\u043d\u044b\u0435 \u0433\u0438\u0434\u0440\u043e\u0433\u0435\u043b\u0435\u0432\u044b\u0435 \u043f\u0430\u0442\u0447\u0438 \u0434\u043b\u044f \u043e\u0431\u043b\u0430\u0441\u0442\u0438 \u0432\u043e\u043a\u0440\u0443\u0433 \u0433\u043b\u0430\u0437 \u0441 \u0438\u043d\u043d\u043e\u0432\u0430\u0446\u0438\u043e\u043d\u043d\u043e\u0439 \u0444\u043e\u0440\u043c\u0443\u043b\u043e\u0439 360\u00ba Shot \u0438 PDRN \u2014 \u0434\u043b\u044f \u0437\u0430\u043c\u0435\u0442\u043d\u043e \u0431\u043e\u043b\u0435\u0435 \u0441\u0432\u0435\u0436\u0435\u0433\u043e, \u0441\u0438\u044f\u044e\u0449\u0435\u0433\u043e \u0438 \u043e\u0442\u0434\u043e\u0445\u043d\u0443\u0432\u0448\u0435\u0433\u043e \u0432\u0437\u0433\u043b\u044f\u0434\u0430 \u0443\u0436\u0435 \u043f\u043e\u0441\u043b\u0435 \u043f\u0435\u0440\u0432\u043e\u0433\u043e \u043f\u0440\u0438\u043c\u0435\u043d\u0435\u043d\u0438\u044f.<\/p>\n<ul>\n<li>\u041a\u043e\u043c\u043f\u043b\u0435\u043a\u0441 PDRN<br \/>\n\u041f\u043e\u043c\u043e\u0433\u0430\u0435\u0442 \u043f\u043e\u0434\u0434\u0435\u0440\u0436\u0438\u0432\u0430\u0442\u044c \u043f\u0440\u043e\u0446\u0435\u0441\u0441\u044b \u0432\u043e\u0441\u0441\u0442\u0430\u043d\u043e\u0432\u043b\u0435\u043d\u0438\u044f \u043a\u043e\u0436\u0438, \u0443\u043b\u0443\u0447\u0448\u0430\u0435\u0442 \u0435\u0451 \u0443\u043f\u0440\u0443\u0433\u043e\u0441\u0442\u044c \u0438 \u044d\u043b\u0430\u0441\u0442\u0438\u0447\u043d\u043e\u0441\u0442\u044c, \u0441\u043f\u043e\u0441\u043e\u0431\u0441\u0442\u0432\u0443\u0435\u0442 \u0440\u0430\u0437\u0433\u043b\u0430\u0436\u0438\u0432\u0430\u043d\u0438\u044e \u043c\u0435\u043b\u043a\u0438\u0445 \u043c\u043e\u0440\u0449\u0438\u043d.<\/li>\n<li>360\u00ba Shot \u0443\u0445\u043e\u0434<br \/>\n\u041c\u043d\u043e\u0433\u043e\u0443\u0440\u043e\u0432\u043d\u0435\u0432\u043e\u0435 \u0434\u0435\u0439\u0441\u0442\u0432\u0438\u0435 \u043d\u0430\u043f\u0440\u0430\u0432\u043b\u0435\u043d\u043e \u043d\u0430 \u0443\u0432\u043b\u0430\u0436\u043d\u0435\u043d\u0438\u0435, \u043f\u0438\u0442\u0430\u043d\u0438\u0435 \u0438 \u043f\u0440\u0438\u0434\u0430\u043d\u0438\u0435 \u0435\u0441\u0442\u0435\u0441\u0442\u0432\u0435\u043d\u043d\u043e\u0433\u043e \u0441\u0438\u044f\u043d\u0438\u044f \u0432\u0441\u0435\u0439 \u0437\u043e\u043d\u0435 \u0432\u043e\u043a\u0440\u0443\u0433 \u0433\u043b\u0430\u0437 \u2014 \u043e\u0442 \u0432\u043d\u0443\u0442\u0440\u0435\u043d\u043d\u0435\u0433\u043e \u0443\u0433\u043e\u043b\u043a\u0430 \u0434\u043e \u0432\u043d\u0435\u0448\u043d\u0435\u0433\u043e \u043a\u0440\u0430\u044f.<\/li>\n<\/ul>\n<h6>\u0414\u043b\u044f \u043a\u043e\u0433\u043e \u043f\u043e\u0434\u043e\u0439\u0434\u0443\u0442?<\/h6>\n<ul>\n<li>\u041f\u0440\u0438 \u043f\u0440\u0438\u0437\u043d\u0430\u043a\u0430\u0445 \u0443\u0441\u0442\u0430\u043b\u043e\u0441\u0442\u0438 \u0438 \u0442\u0443\u0441\u043a\u043b\u043e\u0441\u0442\u0438 \u043a\u043e\u0436\u0438<\/li>\n<li>\u041f\u0440\u0438 \u043f\u043e\u044f\u0432\u043b\u0435\u043d\u0438\u0438 \u043c\u0435\u043b\u043a\u0438\u0445 \u043c\u043e\u0440\u0449\u0438\u043d<\/li>\n<li>\u041f\u0440\u0438 \u0441\u0443\u0445\u043e\u0441\u0442\u0438 \u0438 \u043e\u0431\u0435\u0437\u0432\u043e\u0436\u0435\u043d\u043d\u043e\u0441\u0442\u0438<\/li>\n<li>\u0414\u043b\u044f \u044d\u043a\u0441\u043f\u0440\u0435\u0441\u0441-\u0443\u0445\u043e\u0434\u0430 \u043f\u0435\u0440\u0435\u0434 \u0432\u0430\u0436\u043d\u044b\u043c \u0441\u043e\u0431\u044b\u0442\u0438\u0435\u043c<\/li>\n<\/ul>\n<p><strong>\u0421\u043f\u043e\u0441\u043e\u0431 \u043f\u0440\u0438\u043c\u0435\u043d\u0435\u043d\u0438\u044f:<\/strong> \u041d\u0430\u043d\u0435\u0441\u0438\u0442\u0435 \u043f\u0430\u0442\u0447\u0438 \u043d\u0430 \u043e\u0447\u0438\u0449\u0435\u043d\u043d\u0443\u044e \u0438 \u0442\u043e\u043d\u0438\u0437\u0438\u0440\u043e\u0432\u0430\u043d\u043d\u0443\u044e \u043a\u043e\u0436\u0443 \u043f\u043e\u0434 \u0433\u043b\u0430\u0437\u0430\u043c\u0438. \u041e\u0441\u0442\u0430\u0432\u044c\u0442\u0435 \u043d\u0430 15\u201320 \u043c\u0438\u043d\u0443\u0442, \u0437\u0430\u0442\u0435\u043c \u0430\u043a\u043a\u0443\u0440\u0430\u0442\u043d\u043e \u0441\u043d\u0438\u043c\u0438\u0442\u0435 \u0438 \u0440\u0430\u0441\u043f\u0440\u0435\u0434\u0435\u043b\u0438\u0442\u0435 \u043e\u0441\u0442\u0430\u0442\u043a\u0438 \u044d\u0441\u0441\u0435\u043d\u0446\u0438\u0438 \u043b\u0451\u0433\u043a\u0438\u043c\u0438 \u043f\u043e\u0445\u043b\u043e\u043f\u044b\u0432\u0430\u044e\u0449\u0438\u043c\u0438 \u0434\u0432\u0438\u0436\u0435\u043d\u0438\u044f\u043c\u0438.<\/p>\n<p><strong>\u0421\u043e\u0441\u0442\u0430\u0432:<\/strong> Water\/Aqua, Glycerin, Niacinamide, Agar, Butylene Glycol, Cetyl Ethylhexanoate, Dipropylene Glycol, Caprylyl\/Capryl Glucoside, Hydroxyacetophenone, Squalane, Chondrus Crispus Extract, Glucomannan, Caprylyl Glycol, Ascophyllum Nodosum Extract, Cellulose Gum, Epilobium Angustifolium Flower\/Leaf\/Stem Extract, 1,2-Hexanediol, Mica, Calcium Lactate, Titanium Dioxide (CI 77891), Calcium Aluminum Borosilicate, Adenosine, Ultramarines (CI 77007), Synthetic Fluorphlogopite, Maltodextrin, Iron Oxide Red (CI 77491), Tetrasodium Glutamate Diacetate, Sodium Hyaluronate, Sodium DNA, Caffeine, Menthoxypropanediol, Glutathione, Dimethyl Isosorbide, Asiaticoside, Madecassic Acid, Asiatic Acid, Dipotassium Glycyrrhizate, Ethylhexylglycerin, Hydroxypinacolone Retinoate, Tin Oxide, Centella Asiatica Extract, Hydrogenated Lecithin, Potassium Hyaluronate, Glycine Soja (Soybean) Sterols, Xanthan Gum, Solanum Lycopersicum (Tomato) Fruit Extract, Retinol, Hydrolyzed Sodium Hyaluronate, Hyaluronic Acid, Sodium Acetylated Hyaluronate, Acetyl Hexapeptide-1, Nelumbo Nucifera Leaf Extract.<\/p>","protected":false},"excerpt":{"rendered":"<p>\u0418\u043d\u0442\u0435\u043d\u0441\u0438\u0432\u043d\u044b\u0435 \u0433\u0438\u0434\u0440\u043e\u0433\u0435\u043b\u0435\u0432\u044b\u0435 \u043f\u0430\u0442\u0447\u0438 \u0434\u043b\u044f \u043e\u0431\u043b\u0430\u0441\u0442\u0438 \u0432\u043e\u043a\u0440\u0443\u0433 \u0433\u043b\u0430\u0437 \u0441 \u0438\u043d\u043d\u043e\u0432\u0430\u0446\u0438\u043e\u043d\u043d\u043e\u0439 \u0444\u043e\u0440\u043c\u0443\u043b\u043e\u0439 360\u00ba Shot \u0438 PDRN \u2014 \u0434\u043b\u044f \u0437\u0430\u043c\u0435\u0442\u043d\u043e \u0431\u043e\u043b\u0435\u0435 \u0441\u0432\u0435\u0436\u0435\u0433\u043e, \u0441\u0438\u044f\u044e\u0449\u0435\u0433\u043e \u0438 \u043e\u0442\u0434\u043e\u0445\u043d\u0443\u0432\u0448\u0435\u0433\u043e \u0432\u0437\u0433\u043b\u044f\u0434\u0430 \u0443\u0436\u0435 \u043f\u043e\u0441\u043b\u0435 \u043f\u0435\u0440\u0432\u043e\u0433\u043e \u043f\u0440\u0438\u043c\u0435\u043d\u0435\u043d\u0438\u044f.<\/p>","protected":false},"featured_media":26831,"comment_status":"open","ping_status":"closed","template":"","meta":{"site-sidebar-layout":"default","site-content-layout":"","ast-site-content-layout":"default","site-content-style":"default","site-sidebar-style":"default","ast-global-header-display":"","ast-banner-title-visibility":"","ast-main-header-display":"","ast-hfb-above-header-display":"","ast-hfb-below-header-display":"","ast-hfb-mobile-header-display":"","site-post-title":"","ast-breadcrumbs-content":"","ast-featured-img":"","footer-sml-layout":"","theme-transparent-header-meta":"default","adv-header-id-meta":"","stick-header-meta":"","header-above-stick-meta":"","header-main-stick-meta":"","header-below-stick-meta":"","astra-migrate-meta-layouts":"set","ast-page-background-enabled":"default","ast-page-background-meta":{"desktop":{"background-color":"var(--ast-global-color-4)","background-image":"","background-repeat":"repeat","background-position":"center center","background-size":"auto","background-attachment":"scroll","background-type":"","background-media":"","overlay-type":"","overlay-color":"","overlay-opacity":"","overlay-gradient":""},"tablet":{"background-color":"","background-image":"","background-repeat":"repeat","background-position":"center center","background-size":"auto","background-attachment":"scroll","background-type":"","background-media":"","overlay-type":"","overlay-color":"","overlay-opacity":"","overlay-gradient":""},"mobile":{"background-color":"","background-image":"","background-repeat":"repeat","background-position":"center center","background-size":"auto","background-attachment":"scroll","background-type":"","background-media":"","overlay-type":"","overlay-color":"","overlay-opacity":"","overlay-gradient":""}},"ast-content-background-meta":{"desktop":{"background-color":"var(--ast-global-color-5)","background-image":"","background-repeat":"repeat","background-position":"center center","background-size":"auto","background-attachment":"scroll","background-type":"","background-media":"","overlay-type":"","overlay-color":"","overlay-opacity":"","overlay-gradient":""},"tablet":{"background-color":"var(--ast-global-color-5)","background-image":"","background-repeat":"repeat","background-position":"center center","background-size":"auto","background-attachment":"scroll","background-type":"","background-media":"","overlay-type":"","overlay-color":"","overlay-opacity":"","overlay-gradient":""},"mobile":{"background-color":"var(--ast-global-color-5)","background-image":"","background-repeat":"repeat","background-position":"center center","background-size":"auto","background-attachment":"scroll","background-type":"","background-media":"","overlay-type":"","overlay-color":"","overlay-opacity":"","overlay-gradient":""}}},"product_brand":[676],"product_cat":[435],"product_tag":[],"berocket_brand":[682],"class_list":{"0":"post-26830","1":"product","2":"type-product","3":"status-publish","4":"has-post-thumbnail","6":"product_brand-centellian24","7":"product_cat-jaunumi","8":"berocket_brand-centellian24","9":"desktop-align-left","10":"tablet-align-left","11":"mobile-align-left","13":"first","14":"outofstock","15":"taxable","16":"shipping-taxable","17":"purchasable","18":"product-type-simple","19":"add-to-wishlist-before_image"},"yoast_head":"<!-- This site is optimized with the Yoast SEO plugin v27.3 - https:\/\/yoast.com\/product\/yoast-seo-wordpress\/ -->\n<title>Centellian24 360\u00ba Shot PDRN Glowing Eye Patch hidrog\u0113la pat\u010di 1ea - FACECORNER<\/title>\n<meta name=\"description\" content=\"Centellian24 360\u00ba Shot PDRN Glowing Eye Patch intens\u012bvi hidrog\u0113la pat\u010di acu zonai ar inovat\u012bvo formulu 360\u00ba Shot un PDRN \u2014 jau p\u0113c pirm\u0101s lieto\u0161anas reizes acis izskat\u0101s iev\u0113rojami svaig\u0101kas, mirdzo\u0161\u0101kas un atp\u016btu\u0161\u0101kas.\" \/>\n<meta name=\"robots\" content=\"index, follow, max-snippet:-1, max-image-preview:large, max-video-preview:-1\" \/>\n<link rel=\"canonical\" href=\"https:\/\/www.facecorner.lv\/ru\/shop\/centellian24-360o-shot-pdrn-glowing-eye-patch-hidrogela-patci-1ea\/\" \/>\n<meta property=\"og:locale\" content=\"ru_RU\" \/>\n<meta property=\"og:type\" content=\"article\" \/>\n<meta property=\"og:title\" content=\"Centellian24 360\u00ba Shot PDRN Glowing Eye Patch hidrog\u0113la pat\u010di 1ea - FACECORNER\" \/>\n<meta property=\"og:description\" content=\"Centellian24 360\u00ba Shot PDRN Glowing Eye Patch intens\u012bvi hidrog\u0113la pat\u010di acu zonai ar inovat\u012bvo formulu 360\u00ba Shot un PDRN \u2014 jau p\u0113c pirm\u0101s lieto\u0161anas reizes acis izskat\u0101s iev\u0113rojami svaig\u0101kas, mirdzo\u0161\u0101kas un atp\u016btu\u0161\u0101kas.\" \/>\n<meta property=\"og:url\" content=\"https:\/\/www.facecorner.lv\/ru\/shop\/centellian24-360o-shot-pdrn-glowing-eye-patch-hidrogela-patci-1ea\/\" \/>\n<meta property=\"og:site_name\" content=\"FACECORNER\" \/>\n<meta property=\"article:publisher\" content=\"https:\/\/www.facebook.com\/profile.php?id=100063824551839\" \/>\n<meta property=\"article:modified_time\" content=\"2026-02-25T13:24:27+00:00\" \/>\n<meta property=\"og:image\" content=\"https:\/\/www.facecorner.lv\/wp-content\/uploads\/2026\/02\/XXL_p0223275162.webp\" \/>\n\t<meta property=\"og:image:width\" content=\"640\" \/>\n\t<meta property=\"og:image:height\" content=\"640\" \/>\n\t<meta property=\"og:image:type\" content=\"image\/webp\" \/>\n<meta name=\"twitter:card\" content=\"summary_large_image\" \/>\n<meta name=\"twitter:label1\" content=\"\u0426\u0435\u043d\u0430\" \/>\n\t<meta name=\"twitter:data1\" content=\"&euro;3.70\" \/>\n\t<meta name=\"twitter:label2\" content=\"\u0414\u043e\u0441\u0442\u0443\u043f\u043d\u043e\u0441\u0442\u044c\" \/>\n\t<meta name=\"twitter:data2\" content=\"\u0420\u0430\u0441\u043f\u0440\u043e\u0434\u0430\u043d\u043e\" \/>\n<script type=\"application\/ld+json\" class=\"yoast-schema-graph\">{\"@context\":\"https:\\\/\\\/schema.org\",\"@graph\":[{\"@type\":\"WebPage\",\"@id\":\"https:\\\/\\\/www.facecorner.lv\\\/shop\\\/centellian24-360o-shot-pdrn-glowing-eye-patch-hidrogela-patci-1ea\\\/\",\"url\":\"https:\\\/\\\/www.facecorner.lv\\\/shop\\\/centellian24-360o-shot-pdrn-glowing-eye-patch-hidrogela-patci-1ea\\\/\",\"name\":\"Centellian24 360\u00ba Shot PDRN Glowing Eye Patch hidrog\u0113la pat\u010di 1ea - FACECORNER\",\"isPartOf\":{\"@id\":\"https:\\\/\\\/www.facecorner.lv\\\/#website\"},\"primaryImageOfPage\":{\"@id\":\"https:\\\/\\\/www.facecorner.lv\\\/shop\\\/centellian24-360o-shot-pdrn-glowing-eye-patch-hidrogela-patci-1ea\\\/#primaryimage\"},\"image\":{\"@id\":\"https:\\\/\\\/www.facecorner.lv\\\/shop\\\/centellian24-360o-shot-pdrn-glowing-eye-patch-hidrogela-patci-1ea\\\/#primaryimage\"},\"thumbnailUrl\":\"https:\\\/\\\/www.facecorner.lv\\\/wp-content\\\/uploads\\\/2026\\\/02\\\/XXL_p0223275162.webp\",\"datePublished\":\"2026-02-06T13:03:58+00:00\",\"dateModified\":\"2026-02-25T13:24:27+00:00\",\"description\":\"Centellian24 360\u00ba Shot PDRN Glowing Eye Patch intens\u012bvi hidrog\u0113la pat\u010di acu zonai ar inovat\u012bvo formulu 360\u00ba Shot un PDRN \u2014 jau p\u0113c pirm\u0101s lieto\u0161anas reizes acis izskat\u0101s iev\u0113rojami svaig\u0101kas, mirdzo\u0161\u0101kas un atp\u016btu\u0161\u0101kas.\",\"breadcrumb\":{\"@id\":\"https:\\\/\\\/www.facecorner.lv\\\/shop\\\/centellian24-360o-shot-pdrn-glowing-eye-patch-hidrogela-patci-1ea\\\/#breadcrumb\"},\"inLanguage\":\"ru-RU\",\"potentialAction\":[{\"@type\":\"ReadAction\",\"target\":[\"https:\\\/\\\/www.facecorner.lv\\\/shop\\\/centellian24-360o-shot-pdrn-glowing-eye-patch-hidrogela-patci-1ea\\\/\"]}]},{\"@type\":\"ImageObject\",\"inLanguage\":\"ru-RU\",\"@id\":\"https:\\\/\\\/www.facecorner.lv\\\/shop\\\/centellian24-360o-shot-pdrn-glowing-eye-patch-hidrogela-patci-1ea\\\/#primaryimage\",\"url\":\"https:\\\/\\\/www.facecorner.lv\\\/wp-content\\\/uploads\\\/2026\\\/02\\\/XXL_p0223275162.webp\",\"contentUrl\":\"https:\\\/\\\/www.facecorner.lv\\\/wp-content\\\/uploads\\\/2026\\\/02\\\/XXL_p0223275162.webp\",\"width\":640,\"height\":640,\"caption\":\"Centellian24 \u2013 360\u00ba Shot PDRN Glowing Eye Patch\"},{\"@type\":\"BreadcrumbList\",\"@id\":\"https:\\\/\\\/www.facecorner.lv\\\/shop\\\/centellian24-360o-shot-pdrn-glowing-eye-patch-hidrogela-patci-1ea\\\/#breadcrumb\",\"itemListElement\":[{\"@type\":\"ListItem\",\"position\":1,\"name\":\"Home\",\"item\":\"https:\\\/\\\/www.facecorner.lv\\\/\"},{\"@type\":\"ListItem\",\"position\":2,\"name\":\"Veikals\",\"item\":\"https:\\\/\\\/www.facecorner.lv\\\/shop\\\/\"},{\"@type\":\"ListItem\",\"position\":3,\"name\":\"Centellian24 360\u00ba Shot PDRN Glowing Eye Patch hidrog\u0113la pat\u010di 1ea\"}]},{\"@type\":\"WebSite\",\"@id\":\"https:\\\/\\\/www.facecorner.lv\\\/#website\",\"url\":\"https:\\\/\\\/www.facecorner.lv\\\/\",\"name\":\"Facecorner\",\"description\":\"\",\"publisher\":{\"@id\":\"https:\\\/\\\/www.facecorner.lv\\\/#organization\"},\"potentialAction\":[{\"@type\":\"SearchAction\",\"target\":{\"@type\":\"EntryPoint\",\"urlTemplate\":\"https:\\\/\\\/www.facecorner.lv\\\/?s={search_term_string}\"},\"query-input\":{\"@type\":\"PropertyValueSpecification\",\"valueRequired\":true,\"valueName\":\"search_term_string\"}}],\"inLanguage\":\"ru-RU\"},{\"@type\":\"Organization\",\"@id\":\"https:\\\/\\\/www.facecorner.lv\\\/#organization\",\"name\":\"Facecorner\",\"url\":\"https:\\\/\\\/www.facecorner.lv\\\/\",\"logo\":{\"@type\":\"ImageObject\",\"inLanguage\":\"ru-RU\",\"@id\":\"https:\\\/\\\/www.facecorner.lv\\\/#\\\/schema\\\/logo\\\/image\\\/\",\"url\":\"https:\\\/\\\/www.facecorner.lv\\\/wp-content\\\/uploads\\\/2024\\\/04\\\/fc-logo.jpg\",\"contentUrl\":\"https:\\\/\\\/www.facecorner.lv\\\/wp-content\\\/uploads\\\/2024\\\/04\\\/fc-logo.jpg\",\"width\":174,\"height\":28,\"caption\":\"Facecorner\"},\"image\":{\"@id\":\"https:\\\/\\\/www.facecorner.lv\\\/#\\\/schema\\\/logo\\\/image\\\/\"},\"sameAs\":[\"https:\\\/\\\/www.facebook.com\\\/profile.php?id=100063824551839\",\"https:\\\/\\\/www.instagram.com\\\/facecorner_shop\\\/\"]}]}<\/script>\n<meta property=\"product:brand\" content=\"Centellian24\" \/>\n<meta property=\"product:price:amount\" content=\"3.70\" \/>\n<meta property=\"product:price:currency\" content=\"EUR\" \/>\n<meta property=\"og:availability\" content=\"out of stock\" \/>\n<meta property=\"product:availability\" content=\"out of stock\" \/>\n<meta property=\"product:condition\" content=\"new\" \/>\n<!-- \/ Yoast SEO plugin. -->","yoast_head_json":{"title":"Centellian24 360\u00ba Shot PDRN Glowing Eye Patch hidrog\u0113la pat\u010di 1ea - FACECORNER","description":"\u0418\u043d\u0442\u0435\u043d\u0441\u0438\u0432\u043d\u044b\u0435 \u0433\u0438\u0434\u0440\u043e\u0433\u0435\u043b\u0435\u0432\u044b\u0435 \u043f\u0430\u0442\u0447\u0438 \u0434\u043b\u044f \u043e\u0431\u043b\u0430\u0441\u0442\u0438 \u0432\u043e\u043a\u0440\u0443\u0433 \u0433\u043b\u0430\u0437 \u0441 \u0438\u043d\u043d\u043e\u0432\u0430\u0446\u0438\u043e\u043d\u043d\u043e\u0439 \u0444\u043e\u0440\u043c\u0443\u043b\u043e\u0439 360\u00ba Shot \u0438 PDRN \u2014 \u0434\u043b\u044f \u0437\u0430\u043c\u0435\u0442\u043d\u043e \u0431\u043e\u043b\u0435\u0435 \u0441\u0432\u0435\u0436\u0435\u0433\u043e, \u0441\u0438\u044f\u044e\u0449\u0435\u0433\u043e \u0438 \u043e\u0442\u0434\u043e\u0445\u043d\u0443\u0432\u0448\u0435\u0433\u043e \u0432\u0437\u0433\u043b\u044f\u0434\u0430 \u0443\u0436\u0435 \u043f\u043e\u0441\u043b\u0435 \u043f\u0435\u0440\u0432\u043e\u0433\u043e \u043f\u0440\u0438\u043c\u0435\u043d\u0435\u043d\u0438\u044f.","robots":{"index":"index","follow":"follow","max-snippet":"max-snippet:-1","max-image-preview":"max-image-preview:large","max-video-preview":"max-video-preview:-1"},"canonical":"https:\/\/www.facecorner.lv\/ru\/shop\/centellian24-360o-shot-pdrn-glowing-eye-patch-hidrogela-patci-1ea\/","og_locale":"ru_RU","og_type":"article","og_title":"Centellian24 360\u00ba Shot PDRN Glowing Eye Patch hidrog\u0113la pat\u010di 1ea - FACECORNER","og_description":"Centellian24 360\u00ba Shot PDRN Glowing Eye Patch intens\u012bvi hidrog\u0113la pat\u010di acu zonai ar inovat\u012bvo formulu 360\u00ba Shot un PDRN \u2014 jau p\u0113c pirm\u0101s lieto\u0161anas reizes acis izskat\u0101s iev\u0113rojami svaig\u0101kas, mirdzo\u0161\u0101kas un atp\u016btu\u0161\u0101kas.","og_url":"https:\/\/www.facecorner.lv\/ru\/shop\/centellian24-360o-shot-pdrn-glowing-eye-patch-hidrogela-patci-1ea\/","og_site_name":"FACECORNER","article_publisher":"https:\/\/www.facebook.com\/profile.php?id=100063824551839","article_modified_time":"2026-02-25T13:24:27+00:00","og_image":[{"width":640,"height":640,"url":"https:\/\/www.facecorner.lv\/wp-content\/uploads\/2026\/02\/XXL_p0223275162.webp","type":"image\/webp"}],"twitter_card":"summary_large_image","twitter_misc":{"\u0426\u0435\u043d\u0430":"&euro;3.70","\u0414\u043e\u0441\u0442\u0443\u043f\u043d\u043e\u0441\u0442\u044c":"\u0420\u0430\u0441\u043f\u0440\u043e\u0434\u0430\u043d\u043e"},"schema":{"@context":"https:\/\/schema.org","@graph":[{"@type":"WebPage","@id":"https:\/\/www.facecorner.lv\/shop\/centellian24-360o-shot-pdrn-glowing-eye-patch-hidrogela-patci-1ea\/","url":"https:\/\/www.facecorner.lv\/shop\/centellian24-360o-shot-pdrn-glowing-eye-patch-hidrogela-patci-1ea\/","name":"Centellian24 360\u00ba Shot PDRN Glowing Eye Patch hidrog\u0113la pat\u010di 1ea - FACECORNER","isPartOf":{"@id":"https:\/\/www.facecorner.lv\/#website"},"primaryImageOfPage":{"@id":"https:\/\/www.facecorner.lv\/shop\/centellian24-360o-shot-pdrn-glowing-eye-patch-hidrogela-patci-1ea\/#primaryimage"},"image":{"@id":"https:\/\/www.facecorner.lv\/shop\/centellian24-360o-shot-pdrn-glowing-eye-patch-hidrogela-patci-1ea\/#primaryimage"},"thumbnailUrl":"https:\/\/www.facecorner.lv\/wp-content\/uploads\/2026\/02\/XXL_p0223275162.webp","datePublished":"2026-02-06T13:03:58+00:00","dateModified":"2026-02-25T13:24:27+00:00","description":"\u0418\u043d\u0442\u0435\u043d\u0441\u0438\u0432\u043d\u044b\u0435 \u0433\u0438\u0434\u0440\u043e\u0433\u0435\u043b\u0435\u0432\u044b\u0435 \u043f\u0430\u0442\u0447\u0438 \u0434\u043b\u044f \u043e\u0431\u043b\u0430\u0441\u0442\u0438 \u0432\u043e\u043a\u0440\u0443\u0433 \u0433\u043b\u0430\u0437 \u0441 \u0438\u043d\u043d\u043e\u0432\u0430\u0446\u0438\u043e\u043d\u043d\u043e\u0439 \u0444\u043e\u0440\u043c\u0443\u043b\u043e\u0439 360\u00ba Shot \u0438 PDRN \u2014 \u0434\u043b\u044f \u0437\u0430\u043c\u0435\u0442\u043d\u043e \u0431\u043e\u043b\u0435\u0435 \u0441\u0432\u0435\u0436\u0435\u0433\u043e, \u0441\u0438\u044f\u044e\u0449\u0435\u0433\u043e \u0438 \u043e\u0442\u0434\u043e\u0445\u043d\u0443\u0432\u0448\u0435\u0433\u043e \u0432\u0437\u0433\u043b\u044f\u0434\u0430 \u0443\u0436\u0435 \u043f\u043e\u0441\u043b\u0435 \u043f\u0435\u0440\u0432\u043e\u0433\u043e \u043f\u0440\u0438\u043c\u0435\u043d\u0435\u043d\u0438\u044f.","breadcrumb":{"@id":"https:\/\/www.facecorner.lv\/shop\/centellian24-360o-shot-pdrn-glowing-eye-patch-hidrogela-patci-1ea\/#breadcrumb"},"inLanguage":"ru-RU","potentialAction":[{"@type":"ReadAction","target":["https:\/\/www.facecorner.lv\/shop\/centellian24-360o-shot-pdrn-glowing-eye-patch-hidrogela-patci-1ea\/"]}]},{"@type":"ImageObject","inLanguage":"ru-RU","@id":"https:\/\/www.facecorner.lv\/shop\/centellian24-360o-shot-pdrn-glowing-eye-patch-hidrogela-patci-1ea\/#primaryimage","url":"https:\/\/www.facecorner.lv\/wp-content\/uploads\/2026\/02\/XXL_p0223275162.webp","contentUrl":"https:\/\/www.facecorner.lv\/wp-content\/uploads\/2026\/02\/XXL_p0223275162.webp","width":640,"height":640,"caption":"Centellian24 \u2013 360\u00ba Shot PDRN Glowing Eye Patch"},{"@type":"BreadcrumbList","@id":"https:\/\/www.facecorner.lv\/shop\/centellian24-360o-shot-pdrn-glowing-eye-patch-hidrogela-patci-1ea\/#breadcrumb","itemListElement":[{"@type":"ListItem","position":1,"name":"Home","item":"https:\/\/www.facecorner.lv\/"},{"@type":"ListItem","position":2,"name":"Veikals","item":"https:\/\/www.facecorner.lv\/shop\/"},{"@type":"ListItem","position":3,"name":"Centellian24 360\u00ba Shot PDRN Glowing Eye Patch hidrog\u0113la pat\u010di 1ea"}]},{"@type":"WebSite","@id":"https:\/\/www.facecorner.lv\/#website","url":"https:\/\/www.facecorner.lv\/","name":"Facecorner","description":"","publisher":{"@id":"https:\/\/www.facecorner.lv\/#organization"},"potentialAction":[{"@type":"SearchAction","target":{"@type":"EntryPoint","urlTemplate":"https:\/\/www.facecorner.lv\/?s={search_term_string}"},"query-input":{"@type":"PropertyValueSpecification","valueRequired":true,"valueName":"search_term_string"}}],"inLanguage":"ru-RU"},{"@type":"Organization","@id":"https:\/\/www.facecorner.lv\/#organization","name":"Facecorner","url":"https:\/\/www.facecorner.lv\/","logo":{"@type":"ImageObject","inLanguage":"ru-RU","@id":"https:\/\/www.facecorner.lv\/#\/schema\/logo\/image\/","url":"https:\/\/www.facecorner.lv\/wp-content\/uploads\/2024\/04\/fc-logo.jpg","contentUrl":"https:\/\/www.facecorner.lv\/wp-content\/uploads\/2024\/04\/fc-logo.jpg","width":174,"height":28,"caption":"Facecorner"},"image":{"@id":"https:\/\/www.facecorner.lv\/#\/schema\/logo\/image\/"},"sameAs":["https:\/\/www.facebook.com\/profile.php?id=100063824551839","https:\/\/www.instagram.com\/facecorner_shop\/"]}]},"product_brand":"Centellian24","product_price_amount":"3.70","product_price_currency":"EUR","og_availability":"out of stock","product_availability":"out of stock","product_condition":"new"},"_links":{"self":[{"href":"https:\/\/www.facecorner.lv\/ru\/wp-json\/wp\/v2\/product\/26830","targetHints":{"allow":["GET"]}}],"collection":[{"href":"https:\/\/www.facecorner.lv\/ru\/wp-json\/wp\/v2\/product"}],"about":[{"href":"https:\/\/www.facecorner.lv\/ru\/wp-json\/wp\/v2\/types\/product"}],"replies":[{"embeddable":true,"href":"https:\/\/www.facecorner.lv\/ru\/wp-json\/wp\/v2\/comments?post=26830"}],"wp:featuredmedia":[{"embeddable":true,"href":"https:\/\/www.facecorner.lv\/ru\/wp-json\/wp\/v2\/media\/26831"}],"wp:attachment":[{"href":"https:\/\/www.facecorner.lv\/ru\/wp-json\/wp\/v2\/media?parent=26830"}],"wp:term":[{"taxonomy":"product_brand","embeddable":true,"href":"https:\/\/www.facecorner.lv\/ru\/wp-json\/wp\/v2\/product_brand?post=26830"},{"taxonomy":"product_cat","embeddable":true,"href":"https:\/\/www.facecorner.lv\/ru\/wp-json\/wp\/v2\/product_cat?post=26830"},{"taxonomy":"product_tag","embeddable":true,"href":"https:\/\/www.facecorner.lv\/ru\/wp-json\/wp\/v2\/product_tag?post=26830"},{"taxonomy":"berocket_brand","embeddable":true,"href":"https:\/\/www.facecorner.lv\/ru\/wp-json\/wp\/v2\/berocket_brand?post=26830"}],"curies":[{"name":"wp","href":"https:\/\/api.w.org\/{rel}","templated":true}]}}