{"id":26745,"date":"2026-01-28T16:19:08","date_gmt":"2026-01-28T13:19:08","guid":{"rendered":"https:\/\/www.facecorner.lv\/?post_type=product&#038;p=26745"},"modified":"2026-02-01T14:15:24","modified_gmt":"2026-02-01T11:15:24","slug":"medicube-azelaic-acid-exosome-shot-7500-koncentrets-ampulas-serums-intensivai-poru-kopsanai-30ml","status":"publish","type":"product","link":"https:\/\/www.facecorner.lv\/ru\/shop\/medicube-azelaic-acid-exosome-shot-7500-koncentrets-ampulas-serums-intensivai-poru-kopsanai-30ml\/","title":{"rendered":"Medicube Azelaic Acid Exosome Shot 7500 \u0432\u044b\u0441\u043e\u043a\u043e\u043a\u043e\u043d\u0446\u0435\u043d\u0442\u0440\u0438\u0440\u043e\u0432\u0430\u043d\u043d\u0430\u044f \u0441\u044b\u0432\u043e\u0440\u043e\u0442\u043a\u0430-\u0430\u043c\u043f\u0443\u043b\u0430 \u0434\u043b\u044f \u0438\u043d\u0442\u0435\u043d\u0441\u0438\u0432\u043d\u043e\u0433\u043e \u0443\u0445\u043e\u0434\u0430 \u0437\u0430 \u043f\u043e\u0440\u0430\u043c\u0438 30ml"},"content":{"rendered":"<p>Medicube Azelaic Acid Exosome Shot 7500 \u2014 \u044d\u0442\u043e \u0432\u044b\u0441\u043e\u043a\u043e\u043a\u043e\u043d\u0446\u0435\u043d\u0442\u0440\u0438\u0440\u043e\u0432\u0430\u043d\u043d\u0430\u044f \u0441\u044b\u0432\u043e\u0440\u043e\u0442\u043a\u0430-\u0430\u043c\u043f\u0443\u043b\u0430 \u0434\u043b\u044f \u0438\u043d\u0442\u0435\u043d\u0441\u0438\u0432\u043d\u043e\u0433\u043e \u0443\u0445\u043e\u0434\u0430 \u0437\u0430 \u043f\u043e\u0440\u0430\u043c\u0438, \u043a\u043e\u043d\u0442\u0440\u043e\u043b\u044f \u0441\u0435\u0431\u0443\u043c\u0430 \u0438 \u0432\u044b\u0440\u0430\u0432\u043d\u0438\u0432\u0430\u043d\u0438\u044f \u0442\u043e\u043d\u0430 \u043a\u043e\u0436\u0438.<\/p>\n<p>\u041e\u0441\u043d\u043e\u0432\u0443 \u0441\u043e\u0441\u0442\u0430\u0432\u043b\u044f\u044e\u0442 7500 ppm \u0441\u043f\u0438\u043a\u0443\u043b (\u043c\u0438\u043a\u0440\u043e\u0438\u0433\u043b) \u0434\u043b\u044f \u0433\u043b\u0443\u0431\u043e\u043a\u043e\u0433\u043e \u043f\u0440\u043e\u043d\u0438\u043a\u043d\u043e\u0432\u0435\u043d\u0438\u044f \u0438 \u044d\u043a\u0437\u043e\u0441\u043e\u043c\u044b \u0434\u043b\u044f \u0440\u0435\u0433\u0435\u043d\u0435\u0440\u0430\u0446\u0438\u0438, \u043a\u043e\u0442\u043e\u0440\u044b\u0435 \u0441\u0443\u0436\u0430\u044e\u0442 \u043f\u043e\u0440\u044b, \u0431\u043e\u0440\u044e\u0442\u0441\u044f \u0441 \u0430\u043a\u043d\u0435 \u0438 \u043f\u043e\u0441\u0442\u0430\u043a\u043d\u0435.\n\u041f\u043e\u0434\u0445\u043e\u0434\u0438\u0442 \u0434\u043b\u044f \u0432\u0441\u0435\u0445 \u0442\u0438\u043f\u043e\u0432 \u043a\u043e\u0436\u0438, \u0432\u043a\u043b\u044e\u0447\u0430\u044f \u0447\u0443\u0432\u0441\u0442\u0432\u0438\u0442\u0435\u043b\u044c\u043d\u0443\u044e, \u0438 \u043e\u0431\u0435\u0441\u043f\u0435\u0447\u0438\u0432\u0430\u0435\u0442 \u0437\u0430\u043c\u0435\u0442\u043d\u044b\u0439 \u0440\u0435\u0437\u0443\u043b\u044c\u0442\u0430\u0442 \u0443\u0436\u0435 \u043f\u043e\u0441\u043b\u0435 \u043f\u0435\u0440\u0432\u043e\u0433\u043e \u043f\u0440\u0438\u043c\u0435\u043d\u0435\u043d\u0438\u044f.<\/p>\n<p><strong>\u0414\u0435\u0439\u0441\u0442\u0432\u0438\u0435:<\/strong>\u0423\u043c\u0435\u043d\u044c\u0448\u0430\u0435\u0442 \u0440\u0430\u0441\u0448\u0438\u0440\u0435\u043d\u043d\u044b\u0435 \u043f\u043e\u0440\u044b, \u0440\u0435\u0433\u0443\u043b\u0438\u0440\u0443\u0435\u0442 \u0432\u044b\u0440\u0430\u0431\u043e\u0442\u043a\u0443 \u0441\u0435\u0431\u0443\u043c\u0430, \u043e\u0441\u0432\u0435\u0442\u043b\u044f\u0435\u0442 \u043f\u0438\u0433\u043c\u0435\u043d\u0442\u0430\u0446\u0438\u044e \u0438 \u0441\u043b\u0435\u0434\u044b \u043f\u043e\u0441\u0442-\u0430\u043a\u043d\u0435, \u0432\u044b\u0440\u0430\u0432\u043d\u0438\u0432\u0430\u0435\u0442 \u0440\u0435\u043b\u044c\u0435\u0444.<\/p>\n<h6>\u041e\u0441\u043d\u043e\u0432\u043d\u044b\u0435 \u0434\u0435\u0439\u0441\u0442\u0432\u0443\u044e\u0449\u0438\u0435 \u0438\u043d\u0433\u0440\u0435\u0434\u0438\u0435\u043d\u0442\u044b:<\/h6>\n<ul>\n<li>\u0421\u043f\u0438\u043a\u0443\u043b\u044b (7500 ppm): \u041c\u0438\u043a\u0440\u043e\u0438\u0433\u043b\u044b, \u0441\u0442\u0438\u043c\u0443\u043b\u0438\u0440\u0443\u044e\u0449\u0438\u0435 \u043e\u0431\u043d\u043e\u0432\u043b\u0435\u043d\u0438\u0435 \u043a\u043e\u0436\u0438 \u0438 \u0434\u043e\u0441\u0442\u0430\u0432\u043b\u044f\u044e\u0449\u0438\u0435 \u043a\u043e\u043c\u043f\u043e\u043d\u0435\u043d\u0442\u044b \u0432 \u0433\u043b\u0443\u0431\u043e\u043a\u0438\u0435 \u0441\u043b\u043e\u0438.<\/li>\n<li>\u042d\u043a\u0437\u043e\u0441\u043e\u043c\u044b (\u041b\u0430\u043a\u0442\u043e\u0431\u0430\u043a\u0442\u0435\u0440\u0438\u0438): \u0412\u043e\u0441\u0441\u0442\u0430\u043d\u0430\u0432\u043b\u0438\u0432\u0430\u044e\u0442 \u0431\u0430\u0440\u044c\u0435\u0440, \u0441\u043d\u0438\u043c\u0430\u044e\u0442 \u0432\u043e\u0441\u043f\u0430\u043b\u0435\u043d\u0438\u044f \u0438 \u043e\u0431\u0435\u0441\u043f\u0435\u0447\u0438\u0432\u0430\u044e\u0442 \u0433\u043b\u0443\u0431\u043e\u043a\u043e\u0435 \u0432\u043e\u0441\u0441\u0442\u0430\u043d\u043e\u0432\u043b\u0435\u043d\u0438\u0435.<\/li>\n<li>\u0410\u0437\u0435\u043b\u0430\u0438\u043d\u043e\u0432\u0430\u044f \u043a\u0438\u0441\u043b\u043e\u0442\u0430: \u0411\u043e\u0440\u0435\u0442\u0441\u044f \u0441 \u0430\u043a\u043d\u0435, \u043f\u043e\u043a\u0440\u0430\u0441\u043d\u0435\u043d\u0438\u044f\u043c\u0438 \u0438 \u043f\u0438\u0433\u043c\u0435\u043d\u0442\u0430\u0446\u0438\u0435\u0439.<\/li>\n<li>\u041d\u0438\u0430\u0446\u0438\u043d\u0430\u043c\u0438\u0434, \u043f\u0430\u043d\u0442\u0435\u043d\u043e\u043b, \u043a\u0438\u0441\u043b\u043e\u0442\u044b (AHA, BHA, PHA): \u0423\u0432\u043b\u0430\u0436\u043d\u044f\u044e\u0442, \u043e\u0442\u0448\u0435\u043b\u0443\u0448\u0438\u0432\u0430\u044e\u0442 \u0438 \u0443\u0441\u043f\u043e\u043a\u0430\u0438\u0432\u0430\u044e\u0442.<\/li>\n<\/ul>\n<p><strong>\u0421\u043f\u043e\u0441\u043e\u0431 \u043f\u0440\u0438\u043c\u0435\u043d\u0435\u043d\u0438\u044f:<\/strong> \u0418\u0441\u043f\u043e\u043b\u044c\u0437\u0443\u0435\u0442\u0441\u044f \u0432 \u0432\u0435\u0447\u0435\u0440\u043d\u0435\u043c \u0443\u0445\u043e\u0434\u0435. \u041d\u0430\u043d\u0435\u0441\u0438\u0442\u0435 2-3 \u043a\u0430\u043f\u043b\u0438 \u043d\u0430 \u0447\u0438\u0441\u0442\u0443\u044e \u0441\u0443\u0445\u0443\u044e \u043a\u043e\u0436\u0443, \u0440\u0430\u0441\u043f\u0440\u0435\u0434\u0435\u043b\u0438\u0442\u0435 \u043b\u0435\u0433\u043a\u0438\u043c\u0438 \u043f\u0440\u0438\u0436\u0438\u043c\u0430\u044e\u0449\u0438\u043c\u0438 \u0434\u0432\u0438\u0436\u0435\u043d\u0438\u044f\u043c\u0438 \u0434\u043e \u043f\u043e\u043b\u043d\u043e\u0433\u043e \u0432\u043f\u0438\u0442\u044b\u0432\u0430\u043d\u0438\u044f. \u0427\u0430\u0441\u0442\u043e\u0442\u0430 \u0438\u0441\u043f\u043e\u043b\u044c\u0437\u043e\u0432\u0430\u043d\u0438\u044f \u2014 2-3 \u0440\u0430\u0437\u0430 \u0432 \u043d\u0435\u0434\u0435\u043b\u044e. \u041e\u0431\u044f\u0437\u0430\u0442\u0435\u043b\u044c\u043d\u043e \u0438\u0441\u043f\u043e\u043b\u044c\u0437\u0443\u0439\u0442\u0435 SPF-\u0437\u0430\u0449\u0438\u0442\u0443 \u0432 \u0434\u043d\u0435\u0432\u043d\u043e\u0435 \u0432\u0440\u0435\u043c\u044f.<\/p>\n<p><strong>\u0421\u043e\u0441\u0442\u0430\u0432:<\/strong> Water, Dipropylene Glycol, Niacinamide, Glycerin, Hydrolyzed Sponge, Sodium Polyacrylate, Hydroxyacetophenone, 1,2\u2011Hexanediol, Cetearyl Olivate, Hydrogenated Polydecene, Melia Azadirachta Leaf Extract, Sorbitan Olivate, Melia Azadirachta Flower Extract, Ethylhexylglycerin, Coccinia Indica Fruit Extract, Adenosine, Calcium Aluminum Borosilicate, Caprylyl\/Capryl Glucoside, Disodium EDTA, Aloe Barbadensis Flower Extract, Solanum Melongena (Eggplant) Fruit Extract, Azelaic Acid, Ocimum Sanctum Leaf Extract, Gardenia Florida Fruit Extract, Lactobacillus Extracellular Vesicles, Corallina Officinalis Extract, Curcuma Longa (Turmeric) Root Extract, Dextrin, Butylene Glycol, Betaine Salicylate, Citric Acid, Dipotassium Glycyrrhizate, Milk Exosomes, Panthenol, Campsis Grandiflora Flower Extract, Centella Asiatica Extract, Centella Asiatica Leaf Extract, Centella Asiatica Root Extract, Saccharomyces Ferment, Dimethylsilanol Hyaluronate, Hydrolyzed Hyaluronic Acid, Potassium Hyaluronate, Sodium Hyaluronate, Hydroxypropyltrimonium Hyaluronate, Sodium Hyaluronate Crosspolymer, Sodium Hyaluronate Dimethylsilanol, Sodium Acetylated Hyaluronate, Asiaticoside, Madecassoside, Asiatic Acid, Madecassic Acid<\/p>","protected":false},"excerpt":{"rendered":"<p>Medicube Azelaic Acid Exosome Shot 7500 \u2014 \u044d\u0442\u043e \u0432\u044b\u0441\u043e\u043a\u043e\u043a\u043e\u043d\u0446\u0435\u043d\u0442\u0440\u0438\u0440\u043e\u0432\u0430\u043d\u043d\u0430\u044f \u0441\u044b\u0432\u043e\u0440\u043e\u0442\u043a\u0430-\u0430\u043c\u043f\u0443\u043b\u0430 \u0434\u043b\u044f \u0438\u043d\u0442\u0435\u043d\u0441\u0438\u0432\u043d\u043e\u0433\u043e \u0443\u0445\u043e\u0434\u0430 \u0437\u0430 \u043f\u043e\u0440\u0430\u043c\u0438, \u043a\u043e\u043d\u0442\u0440\u043e\u043b\u044f \u0441\u0435\u0431\u0443\u043c\u0430 \u0438 \u0432\u044b\u0440\u0430\u0432\u043d\u0438\u0432\u0430\u043d\u0438\u044f \u0442\u043e\u043d\u0430 \u043a\u043e\u0436\u0438.<\/p>","protected":false},"featured_media":26746,"comment_status":"open","ping_status":"closed","template":"","meta":{"site-sidebar-layout":"default","site-content-layout":"","ast-site-content-layout":"default","site-content-style":"default","site-sidebar-style":"default","ast-global-header-display":"","ast-banner-title-visibility":"","ast-main-header-display":"","ast-hfb-above-header-display":"","ast-hfb-below-header-display":"","ast-hfb-mobile-header-display":"","site-post-title":"","ast-breadcrumbs-content":"","ast-featured-img":"","footer-sml-layout":"","theme-transparent-header-meta":"default","adv-header-id-meta":"","stick-header-meta":"","header-above-stick-meta":"","header-main-stick-meta":"","header-below-stick-meta":"","astra-migrate-meta-layouts":"set","ast-page-background-enabled":"default","ast-page-background-meta":{"desktop":{"background-color":"var(--ast-global-color-4)","background-image":"","background-repeat":"repeat","background-position":"center center","background-size":"auto","background-attachment":"scroll","background-type":"","background-media":"","overlay-type":"","overlay-color":"","overlay-opacity":"","overlay-gradient":""},"tablet":{"background-color":"","background-image":"","background-repeat":"repeat","background-position":"center center","background-size":"auto","background-attachment":"scroll","background-type":"","background-media":"","overlay-type":"","overlay-color":"","overlay-opacity":"","overlay-gradient":""},"mobile":{"background-color":"","background-image":"","background-repeat":"repeat","background-position":"center center","background-size":"auto","background-attachment":"scroll","background-type":"","background-media":"","overlay-type":"","overlay-color":"","overlay-opacity":"","overlay-gradient":""}},"ast-content-background-meta":{"desktop":{"background-color":"var(--ast-global-color-5)","background-image":"","background-repeat":"repeat","background-position":"center center","background-size":"auto","background-attachment":"scroll","background-type":"","background-media":"","overlay-type":"","overlay-color":"","overlay-opacity":"","overlay-gradient":""},"tablet":{"background-color":"var(--ast-global-color-5)","background-image":"","background-repeat":"repeat","background-position":"center center","background-size":"auto","background-attachment":"scroll","background-type":"","background-media":"","overlay-type":"","overlay-color":"","overlay-opacity":"","overlay-gradient":""},"mobile":{"background-color":"var(--ast-global-color-5)","background-image":"","background-repeat":"repeat","background-position":"center center","background-size":"auto","background-attachment":"scroll","background-type":"","background-media":"","overlay-type":"","overlay-color":"","overlay-opacity":"","overlay-gradient":""}}},"product_brand":[],"product_cat":[370,371,373,374,363],"product_tag":[],"berocket_brand":[579],"class_list":{"0":"post-26745","1":"product","2":"type-product","3":"status-publish","4":"has-post-thumbnail","6":"product_cat-adas-mirdzumam","7":"product_cat-anti-age","8":"product_cat-poras-sasaurinoss","9":"product_cat-pret-pinnem","10":"product_cat-serumi","11":"berocket_brand-medicube","12":"desktop-align-left","13":"tablet-align-left","14":"mobile-align-left","16":"first","17":"outofstock","18":"taxable","19":"shipping-taxable","20":"purchasable","21":"product-type-simple","22":"add-to-wishlist-before_image"},"yoast_head":"<!-- This site is optimized with the Yoast SEO plugin v27.4 - https:\/\/yoast.com\/product\/yoast-seo-wordpress\/ -->\n<title>Medicube Azelaic Acid Exosome Shot 7500 koncentr\u0113ts ampulas serums intens\u012bvai poru kop\u0161anai 30ml - FACECORNER<\/title>\n<meta name=\"description\" content=\"Medicube Azelaic Acid Exosome Shot 7500 ir \u013coti koncentr\u0113ts ampulas serums intens\u012bvai poru kop\u0161anai, sebuma kontrolei un vienm\u0113r\u012bgam \u0101das tonim.\" \/>\n<meta name=\"robots\" content=\"index, follow, max-snippet:-1, max-image-preview:large, max-video-preview:-1\" \/>\n<link rel=\"canonical\" href=\"https:\/\/www.facecorner.lv\/ru\/shop\/medicube-azelaic-acid-exosome-shot-7500-koncentrets-ampulas-serums-intensivai-poru-kopsanai-30ml\/\" \/>\n<meta property=\"og:locale\" content=\"ru_RU\" \/>\n<meta property=\"og:type\" content=\"article\" \/>\n<meta property=\"og:title\" content=\"Medicube Azelaic Acid Exosome Shot 7500 koncentr\u0113ts ampulas serums intens\u012bvai poru kop\u0161anai 30ml - FACECORNER\" \/>\n<meta property=\"og:description\" content=\"Medicube Azelaic Acid Exosome Shot 7500 ir \u013coti koncentr\u0113ts ampulas serums intens\u012bvai poru kop\u0161anai, sebuma kontrolei un vienm\u0113r\u012bgam \u0101das tonim.\" \/>\n<meta property=\"og:url\" content=\"https:\/\/www.facecorner.lv\/ru\/shop\/medicube-azelaic-acid-exosome-shot-7500-koncentrets-ampulas-serums-intensivai-poru-kopsanai-30ml\/\" \/>\n<meta property=\"og:site_name\" content=\"FACECORNER\" \/>\n<meta property=\"article:publisher\" content=\"https:\/\/www.facebook.com\/profile.php?id=100063824551839\" \/>\n<meta property=\"article:modified_time\" content=\"2026-02-01T11:15:24+00:00\" \/>\n<meta property=\"og:image\" content=\"https:\/\/www.facecorner.lv\/wp-content\/uploads\/2026\/01\/71DWV7A9oIL._AC_UF10001000_QL80_.jpg\" \/>\n\t<meta property=\"og:image:width\" content=\"923\" \/>\n\t<meta property=\"og:image:height\" content=\"1000\" \/>\n\t<meta property=\"og:image:type\" content=\"image\/jpeg\" \/>\n<meta name=\"twitter:card\" content=\"summary_large_image\" \/>\n<meta name=\"twitter:label1\" content=\"\u0426\u0435\u043d\u0430\" \/>\n\t<meta name=\"twitter:data1\" content=\"&euro;32.00\" \/>\n\t<meta name=\"twitter:label2\" content=\"\u0414\u043e\u0441\u0442\u0443\u043f\u043d\u043e\u0441\u0442\u044c\" \/>\n\t<meta name=\"twitter:data2\" content=\"\u0420\u0430\u0441\u043f\u0440\u043e\u0434\u0430\u043d\u043e\" \/>\n<script type=\"application\/ld+json\" class=\"yoast-schema-graph\">{\"@context\":\"https:\\\/\\\/schema.org\",\"@graph\":[{\"@type\":\"WebPage\",\"@id\":\"https:\\\/\\\/www.facecorner.lv\\\/shop\\\/medicube-azelaic-acid-exosome-shot-7500-koncentrets-ampulas-serums-intensivai-poru-kopsanai-30ml\\\/\",\"url\":\"https:\\\/\\\/www.facecorner.lv\\\/shop\\\/medicube-azelaic-acid-exosome-shot-7500-koncentrets-ampulas-serums-intensivai-poru-kopsanai-30ml\\\/\",\"name\":\"Medicube Azelaic Acid Exosome Shot 7500 koncentr\u0113ts ampulas serums intens\u012bvai poru kop\u0161anai 30ml - FACECORNER\",\"isPartOf\":{\"@id\":\"https:\\\/\\\/www.facecorner.lv\\\/#website\"},\"primaryImageOfPage\":{\"@id\":\"https:\\\/\\\/www.facecorner.lv\\\/shop\\\/medicube-azelaic-acid-exosome-shot-7500-koncentrets-ampulas-serums-intensivai-poru-kopsanai-30ml\\\/#primaryimage\"},\"image\":{\"@id\":\"https:\\\/\\\/www.facecorner.lv\\\/shop\\\/medicube-azelaic-acid-exosome-shot-7500-koncentrets-ampulas-serums-intensivai-poru-kopsanai-30ml\\\/#primaryimage\"},\"thumbnailUrl\":\"https:\\\/\\\/www.facecorner.lv\\\/wp-content\\\/uploads\\\/2026\\\/01\\\/71DWV7A9oIL._AC_UF10001000_QL80_.jpg\",\"datePublished\":\"2026-01-28T13:19:08+00:00\",\"dateModified\":\"2026-02-01T11:15:24+00:00\",\"description\":\"Medicube Azelaic Acid Exosome Shot 7500 ir \u013coti koncentr\u0113ts ampulas serums intens\u012bvai poru kop\u0161anai, sebuma kontrolei un vienm\u0113r\u012bgam \u0101das tonim.\",\"breadcrumb\":{\"@id\":\"https:\\\/\\\/www.facecorner.lv\\\/shop\\\/medicube-azelaic-acid-exosome-shot-7500-koncentrets-ampulas-serums-intensivai-poru-kopsanai-30ml\\\/#breadcrumb\"},\"inLanguage\":\"ru-RU\",\"potentialAction\":[{\"@type\":\"ReadAction\",\"target\":[\"https:\\\/\\\/www.facecorner.lv\\\/shop\\\/medicube-azelaic-acid-exosome-shot-7500-koncentrets-ampulas-serums-intensivai-poru-kopsanai-30ml\\\/\"]}]},{\"@type\":\"ImageObject\",\"inLanguage\":\"ru-RU\",\"@id\":\"https:\\\/\\\/www.facecorner.lv\\\/shop\\\/medicube-azelaic-acid-exosome-shot-7500-koncentrets-ampulas-serums-intensivai-poru-kopsanai-30ml\\\/#primaryimage\",\"url\":\"https:\\\/\\\/www.facecorner.lv\\\/wp-content\\\/uploads\\\/2026\\\/01\\\/71DWV7A9oIL._AC_UF10001000_QL80_.jpg\",\"contentUrl\":\"https:\\\/\\\/www.facecorner.lv\\\/wp-content\\\/uploads\\\/2026\\\/01\\\/71DWV7A9oIL._AC_UF10001000_QL80_.jpg\",\"width\":923,\"height\":1000,\"caption\":\"Medicube Azelaic Acid Exosome Shot 7500\"},{\"@type\":\"BreadcrumbList\",\"@id\":\"https:\\\/\\\/www.facecorner.lv\\\/shop\\\/medicube-azelaic-acid-exosome-shot-7500-koncentrets-ampulas-serums-intensivai-poru-kopsanai-30ml\\\/#breadcrumb\",\"itemListElement\":[{\"@type\":\"ListItem\",\"position\":1,\"name\":\"Home\",\"item\":\"https:\\\/\\\/www.facecorner.lv\\\/\"},{\"@type\":\"ListItem\",\"position\":2,\"name\":\"Veikals\",\"item\":\"https:\\\/\\\/www.facecorner.lv\\\/shop\\\/\"},{\"@type\":\"ListItem\",\"position\":3,\"name\":\"Medicube Azelaic Acid Exosome Shot 7500 koncentr\u0113ts ampulas serums intens\u012bvai poru kop\u0161anai 30ml\"}]},{\"@type\":\"WebSite\",\"@id\":\"https:\\\/\\\/www.facecorner.lv\\\/#website\",\"url\":\"https:\\\/\\\/www.facecorner.lv\\\/\",\"name\":\"Facecorner\",\"description\":\"\",\"publisher\":{\"@id\":\"https:\\\/\\\/www.facecorner.lv\\\/#organization\"},\"potentialAction\":[{\"@type\":\"SearchAction\",\"target\":{\"@type\":\"EntryPoint\",\"urlTemplate\":\"https:\\\/\\\/www.facecorner.lv\\\/?s={search_term_string}\"},\"query-input\":{\"@type\":\"PropertyValueSpecification\",\"valueRequired\":true,\"valueName\":\"search_term_string\"}}],\"inLanguage\":\"ru-RU\"},{\"@type\":\"Organization\",\"@id\":\"https:\\\/\\\/www.facecorner.lv\\\/#organization\",\"name\":\"Facecorner\",\"url\":\"https:\\\/\\\/www.facecorner.lv\\\/\",\"logo\":{\"@type\":\"ImageObject\",\"inLanguage\":\"ru-RU\",\"@id\":\"https:\\\/\\\/www.facecorner.lv\\\/#\\\/schema\\\/logo\\\/image\\\/\",\"url\":\"https:\\\/\\\/www.facecorner.lv\\\/wp-content\\\/uploads\\\/2024\\\/04\\\/fc-logo.jpg\",\"contentUrl\":\"https:\\\/\\\/www.facecorner.lv\\\/wp-content\\\/uploads\\\/2024\\\/04\\\/fc-logo.jpg\",\"width\":174,\"height\":28,\"caption\":\"Facecorner\"},\"image\":{\"@id\":\"https:\\\/\\\/www.facecorner.lv\\\/#\\\/schema\\\/logo\\\/image\\\/\"},\"sameAs\":[\"https:\\\/\\\/www.facebook.com\\\/profile.php?id=100063824551839\",\"https:\\\/\\\/www.instagram.com\\\/facecorner_shop\\\/\"]}]}<\/script>\n<meta property=\"product:price:amount\" content=\"32.00\" \/>\n<meta property=\"product:price:currency\" content=\"EUR\" \/>\n<meta property=\"og:availability\" content=\"out of stock\" \/>\n<meta property=\"product:availability\" content=\"out of stock\" \/>\n<meta property=\"product:condition\" content=\"new\" \/>\n<!-- \/ Yoast SEO plugin. -->","yoast_head_json":{"title":"Medicube Azelaic Acid Exosome Shot 7500 koncentr\u0113ts ampulas serums intens\u012bvai poru kop\u0161anai 30ml - FACECORNER","description":"Medicube Azelaic Acid Exosome Shot 7500 \u2014 \u044d\u0442\u043e \u0432\u044b\u0441\u043e\u043a\u043e\u043a\u043e\u043d\u0446\u0435\u043d\u0442\u0440\u0438\u0440\u043e\u0432\u0430\u043d\u043d\u0430\u044f \u0441\u044b\u0432\u043e\u0440\u043e\u0442\u043a\u0430-\u0430\u043c\u043f\u0443\u043b\u0430 \u0434\u043b\u044f \u0438\u043d\u0442\u0435\u043d\u0441\u0438\u0432\u043d\u043e\u0433\u043e \u0443\u0445\u043e\u0434\u0430 \u0437\u0430 \u043f\u043e\u0440\u0430\u043c\u0438, \u043a\u043e\u043d\u0442\u0440\u043e\u043b\u044f \u0441\u0435\u0431\u0443\u043c\u0430 \u0438 \u0432\u044b\u0440\u0430\u0432\u043d\u0438\u0432\u0430\u043d\u0438\u044f \u0442\u043e\u043d\u0430 \u043a\u043e\u0436\u0438.","robots":{"index":"index","follow":"follow","max-snippet":"max-snippet:-1","max-image-preview":"max-image-preview:large","max-video-preview":"max-video-preview:-1"},"canonical":"https:\/\/www.facecorner.lv\/ru\/shop\/medicube-azelaic-acid-exosome-shot-7500-koncentrets-ampulas-serums-intensivai-poru-kopsanai-30ml\/","og_locale":"ru_RU","og_type":"article","og_title":"Medicube Azelaic Acid Exosome Shot 7500 koncentr\u0113ts ampulas serums intens\u012bvai poru kop\u0161anai 30ml - FACECORNER","og_description":"Medicube Azelaic Acid Exosome Shot 7500 ir \u013coti koncentr\u0113ts ampulas serums intens\u012bvai poru kop\u0161anai, sebuma kontrolei un vienm\u0113r\u012bgam \u0101das tonim.","og_url":"https:\/\/www.facecorner.lv\/ru\/shop\/medicube-azelaic-acid-exosome-shot-7500-koncentrets-ampulas-serums-intensivai-poru-kopsanai-30ml\/","og_site_name":"FACECORNER","article_publisher":"https:\/\/www.facebook.com\/profile.php?id=100063824551839","article_modified_time":"2026-02-01T11:15:24+00:00","og_image":[{"width":923,"height":1000,"url":"https:\/\/www.facecorner.lv\/wp-content\/uploads\/2026\/01\/71DWV7A9oIL._AC_UF10001000_QL80_.jpg","type":"image\/jpeg"}],"twitter_card":"summary_large_image","twitter_misc":{"\u0426\u0435\u043d\u0430":"&euro;32.00","\u0414\u043e\u0441\u0442\u0443\u043f\u043d\u043e\u0441\u0442\u044c":"\u0420\u0430\u0441\u043f\u0440\u043e\u0434\u0430\u043d\u043e"},"schema":{"@context":"https:\/\/schema.org","@graph":[{"@type":"WebPage","@id":"https:\/\/www.facecorner.lv\/shop\/medicube-azelaic-acid-exosome-shot-7500-koncentrets-ampulas-serums-intensivai-poru-kopsanai-30ml\/","url":"https:\/\/www.facecorner.lv\/shop\/medicube-azelaic-acid-exosome-shot-7500-koncentrets-ampulas-serums-intensivai-poru-kopsanai-30ml\/","name":"Medicube Azelaic Acid Exosome Shot 7500 koncentr\u0113ts ampulas serums intens\u012bvai poru kop\u0161anai 30ml - FACECORNER","isPartOf":{"@id":"https:\/\/www.facecorner.lv\/#website"},"primaryImageOfPage":{"@id":"https:\/\/www.facecorner.lv\/shop\/medicube-azelaic-acid-exosome-shot-7500-koncentrets-ampulas-serums-intensivai-poru-kopsanai-30ml\/#primaryimage"},"image":{"@id":"https:\/\/www.facecorner.lv\/shop\/medicube-azelaic-acid-exosome-shot-7500-koncentrets-ampulas-serums-intensivai-poru-kopsanai-30ml\/#primaryimage"},"thumbnailUrl":"https:\/\/www.facecorner.lv\/wp-content\/uploads\/2026\/01\/71DWV7A9oIL._AC_UF10001000_QL80_.jpg","datePublished":"2026-01-28T13:19:08+00:00","dateModified":"2026-02-01T11:15:24+00:00","description":"Medicube Azelaic Acid Exosome Shot 7500 \u2014 \u044d\u0442\u043e \u0432\u044b\u0441\u043e\u043a\u043e\u043a\u043e\u043d\u0446\u0435\u043d\u0442\u0440\u0438\u0440\u043e\u0432\u0430\u043d\u043d\u0430\u044f \u0441\u044b\u0432\u043e\u0440\u043e\u0442\u043a\u0430-\u0430\u043c\u043f\u0443\u043b\u0430 \u0434\u043b\u044f \u0438\u043d\u0442\u0435\u043d\u0441\u0438\u0432\u043d\u043e\u0433\u043e \u0443\u0445\u043e\u0434\u0430 \u0437\u0430 \u043f\u043e\u0440\u0430\u043c\u0438, \u043a\u043e\u043d\u0442\u0440\u043e\u043b\u044f \u0441\u0435\u0431\u0443\u043c\u0430 \u0438 \u0432\u044b\u0440\u0430\u0432\u043d\u0438\u0432\u0430\u043d\u0438\u044f \u0442\u043e\u043d\u0430 \u043a\u043e\u0436\u0438.","breadcrumb":{"@id":"https:\/\/www.facecorner.lv\/shop\/medicube-azelaic-acid-exosome-shot-7500-koncentrets-ampulas-serums-intensivai-poru-kopsanai-30ml\/#breadcrumb"},"inLanguage":"ru-RU","potentialAction":[{"@type":"ReadAction","target":["https:\/\/www.facecorner.lv\/shop\/medicube-azelaic-acid-exosome-shot-7500-koncentrets-ampulas-serums-intensivai-poru-kopsanai-30ml\/"]}]},{"@type":"ImageObject","inLanguage":"ru-RU","@id":"https:\/\/www.facecorner.lv\/shop\/medicube-azelaic-acid-exosome-shot-7500-koncentrets-ampulas-serums-intensivai-poru-kopsanai-30ml\/#primaryimage","url":"https:\/\/www.facecorner.lv\/wp-content\/uploads\/2026\/01\/71DWV7A9oIL._AC_UF10001000_QL80_.jpg","contentUrl":"https:\/\/www.facecorner.lv\/wp-content\/uploads\/2026\/01\/71DWV7A9oIL._AC_UF10001000_QL80_.jpg","width":923,"height":1000,"caption":"Medicube Azelaic Acid Exosome Shot 7500"},{"@type":"BreadcrumbList","@id":"https:\/\/www.facecorner.lv\/shop\/medicube-azelaic-acid-exosome-shot-7500-koncentrets-ampulas-serums-intensivai-poru-kopsanai-30ml\/#breadcrumb","itemListElement":[{"@type":"ListItem","position":1,"name":"Home","item":"https:\/\/www.facecorner.lv\/"},{"@type":"ListItem","position":2,"name":"Veikals","item":"https:\/\/www.facecorner.lv\/shop\/"},{"@type":"ListItem","position":3,"name":"Medicube Azelaic Acid Exosome Shot 7500 koncentr\u0113ts ampulas serums intens\u012bvai poru kop\u0161anai 30ml"}]},{"@type":"WebSite","@id":"https:\/\/www.facecorner.lv\/#website","url":"https:\/\/www.facecorner.lv\/","name":"Facecorner","description":"","publisher":{"@id":"https:\/\/www.facecorner.lv\/#organization"},"potentialAction":[{"@type":"SearchAction","target":{"@type":"EntryPoint","urlTemplate":"https:\/\/www.facecorner.lv\/?s={search_term_string}"},"query-input":{"@type":"PropertyValueSpecification","valueRequired":true,"valueName":"search_term_string"}}],"inLanguage":"ru-RU"},{"@type":"Organization","@id":"https:\/\/www.facecorner.lv\/#organization","name":"Facecorner","url":"https:\/\/www.facecorner.lv\/","logo":{"@type":"ImageObject","inLanguage":"ru-RU","@id":"https:\/\/www.facecorner.lv\/#\/schema\/logo\/image\/","url":"https:\/\/www.facecorner.lv\/wp-content\/uploads\/2024\/04\/fc-logo.jpg","contentUrl":"https:\/\/www.facecorner.lv\/wp-content\/uploads\/2024\/04\/fc-logo.jpg","width":174,"height":28,"caption":"Facecorner"},"image":{"@id":"https:\/\/www.facecorner.lv\/#\/schema\/logo\/image\/"},"sameAs":["https:\/\/www.facebook.com\/profile.php?id=100063824551839","https:\/\/www.instagram.com\/facecorner_shop\/"]}]},"product_price_amount":"32.00","product_price_currency":"EUR","og_availability":"out of stock","product_availability":"out of stock","product_condition":"new"},"_links":{"self":[{"href":"https:\/\/www.facecorner.lv\/ru\/wp-json\/wp\/v2\/product\/26745","targetHints":{"allow":["GET"]}}],"collection":[{"href":"https:\/\/www.facecorner.lv\/ru\/wp-json\/wp\/v2\/product"}],"about":[{"href":"https:\/\/www.facecorner.lv\/ru\/wp-json\/wp\/v2\/types\/product"}],"replies":[{"embeddable":true,"href":"https:\/\/www.facecorner.lv\/ru\/wp-json\/wp\/v2\/comments?post=26745"}],"wp:featuredmedia":[{"embeddable":true,"href":"https:\/\/www.facecorner.lv\/ru\/wp-json\/wp\/v2\/media\/26746"}],"wp:attachment":[{"href":"https:\/\/www.facecorner.lv\/ru\/wp-json\/wp\/v2\/media?parent=26745"}],"wp:term":[{"taxonomy":"product_brand","embeddable":true,"href":"https:\/\/www.facecorner.lv\/ru\/wp-json\/wp\/v2\/product_brand?post=26745"},{"taxonomy":"product_cat","embeddable":true,"href":"https:\/\/www.facecorner.lv\/ru\/wp-json\/wp\/v2\/product_cat?post=26745"},{"taxonomy":"product_tag","embeddable":true,"href":"https:\/\/www.facecorner.lv\/ru\/wp-json\/wp\/v2\/product_tag?post=26745"},{"taxonomy":"berocket_brand","embeddable":true,"href":"https:\/\/www.facecorner.lv\/ru\/wp-json\/wp\/v2\/berocket_brand?post=26745"}],"curies":[{"name":"wp","href":"https:\/\/api.w.org\/{rel}","templated":true}]}}