{"id":26609,"date":"2026-01-09T15:56:38","date_gmt":"2026-01-09T12:56:38","guid":{"rendered":"https:\/\/www.facecorner.lv\/?post_type=product&#038;p=26609"},"modified":"2026-01-09T15:56:38","modified_gmt":"2026-01-09T12:56:38","slug":"aprilskin-txa-niacinamide-99-milky-toner-piena-toneris-adas-mirdzumam-150ml","status":"publish","type":"product","link":"https:\/\/www.facecorner.lv\/ru\/shop\/aprilskin-txa-niacinamide-99-milky-toner-piena-toneris-adas-mirdzumam-150ml\/","title":{"rendered":"APRILSKIN TXA Niacinamide 99 Milky Toner  \u043c\u043e\u043b\u043e\u0447\u043d\u044b\u0439 \u0442\u043e\u043d\u0435\u0440 \u0434\u043b\u044f \u0441\u0438\u044f\u043d\u0438\u044f \u0438 \u0440\u043e\u0432\u043d\u043e\u0433\u043e \u0442\u043e\u043d\u0430 \u043a\u043e\u0436\u0438 150ml"},"content":{"rendered":"<p>\u041c\u044f\u0433\u043a\u0438\u0439 \u043c\u043e\u043b\u043e\u0447\u043d\u044b\u0439 \u0442\u043e\u043d\u0435\u0440 \u0441 \u0432\u044b\u0441\u043e\u043a\u0438\u043c \u0441\u043e\u0434\u0435\u0440\u0436\u0430\u043d\u0438\u0435\u043c \u043d\u0438\u0430\u0446\u0438\u043d\u0430\u043c\u0438\u0434\u0430 \u0438 \u0442\u0440\u0430\u043d\u0435\u043a\u0441\u0430\u043c\u043e\u0432\u043e\u0439 \u043a\u0438\u0441\u043b\u043e\u0442\u044b (TXA) \u0434\u043b\u044f \u0431\u043e\u0440\u044c\u0431\u044b \u0441 \u043f\u0438\u0433\u043c\u0435\u043d\u0442\u0430\u0446\u0438\u0435\u0439, \u043d\u0435\u0440\u043e\u0432\u043d\u044b\u043c \u0442\u043e\u043d\u043e\u043c \u0438 \u0442\u0443\u0441\u043a\u043b\u043e\u0441\u0442\u044c\u044e \u043a\u043e\u0436\u0438.<\/p>\n<p>\u041b\u0451\u0433\u043a\u0430\u044f, \u0443\u0432\u043b\u0430\u0436\u043d\u044f\u044e\u0449\u0430\u044f \u0442\u0435\u043a\u0441\u0442\u0443\u0440\u0430 \u043c\u0433\u043d\u043e\u0432\u0435\u043d\u043d\u043e \u0432\u043f\u0438\u0442\u044b\u0432\u0430\u0435\u0442\u0441\u044f, \u043d\u0435 \u043e\u0441\u0442\u0430\u0432\u043b\u044f\u044f \u043b\u0438\u043f\u043a\u043e\u0441\u0442\u0438, \u0438 \u043f\u043e\u0434\u0433\u043e\u0442\u0430\u0432\u043b\u0438\u0432\u0430\u0435\u0442 \u043a\u043e\u0436\u0443 \u043a \u043f\u043e\u0441\u043b\u0435\u0434\u0443\u044e\u0449\u0435\u043c\u0443 \u0443\u0445\u043e\u0434\u0443.<\/p>\n<h6>\u041e\u0441\u043d\u043e\u0432\u043d\u044b\u0435 \u0434\u0435\u0439\u0441\u0442\u0432\u0443\u044e\u0449\u0438\u0435 \u0438\u043d\u0433\u0440\u0435\u0434\u0438\u0435\u043d\u0442\u044b:<\/h6>\n<ul>\n<li>\u0432\u044b\u0440\u0430\u0432\u043d\u0438\u0432\u0430\u0435\u0442 \u0442\u043e\u043d \u0438 \u0443\u043c\u0435\u043d\u044c\u0448\u0430\u0435\u0442 \u043f\u0438\u0433\u043c\u0435\u043d\u0442\u0430\u0446\u0438\u044e<\/li>\n<li>\u0438\u043d\u0442\u0435\u043d\u0441\u0438\u0432\u043d\u043e \u0443\u0432\u043b\u0430\u0436\u043d\u044f\u0435\u0442 \u0438 \u0441\u043c\u044f\u0433\u0447\u0430\u0435\u0442 \u043a\u043e\u0436\u0443<\/li>\n<li>\u0443\u0441\u043f\u043e\u043a\u0430\u0438\u0432\u0430\u0435\u0442 \u0440\u0430\u0437\u0434\u0440\u0430\u0436\u0435\u043d\u0438\u044f \u0438 \u043f\u043e\u043a\u0440\u0430\u0441\u043d\u0435\u043d\u0438\u044f<\/li>\n<li>\u043f\u0440\u0438\u0434\u0430\u0451\u0442 \u0435\u0441\u0442\u0435\u0441\u0442\u0432\u0435\u043d\u043d\u043e\u0435 \u0441\u0438\u044f\u043d\u0438\u0435<\/li>\n<li>\u043f\u043e\u0434\u0445\u043e\u0434\u0438\u0442 \u0434\u043b\u044f \u0432\u0441\u0435\u0445 \u0442\u0438\u043f\u043e\u0432 \u043a\u043e\u0436\u0438, \u0432\u043a\u043b\u044e\u0447\u0430\u044f \u0447\u0443\u0432\u0441\u0442\u0432\u0438\u0442\u0435\u043b\u044c\u043d\u0443\u044e<\/li>\n<\/ul>\n<h6>\u041e\u0441\u043d\u043e\u0432\u043d\u044b\u0435 \u0434\u0435\u0439\u0441\u0442\u0432\u0443\u044e\u0449\u0438\u0435 \u0438\u043d\u0433\u0440\u0435\u0434\u0438\u0435\u043d\u0442\u044b:<\/h6>\n<ul>\n<li>Niacinamide (\u043d\u0438\u0430\u0446\u0438\u043d\u0430\u043c\u0438\u0434) \u2014 \u0432\u044b\u0440\u0430\u0432\u043d\u0438\u0432\u0430\u0435\u0442 \u0442\u043e\u043d, \u0443\u043b\u0443\u0447\u0448\u0430\u0435\u0442 \u0431\u0430\u0440\u044c\u0435\u0440 \u043a\u043e\u0436\u0438<\/li>\n<li>Tranexamic Acid (\u0442\u0440\u0430\u043d\u0435\u043a\u0441\u0430\u043c\u043e\u0432\u0430\u044f \u043a\u0438\u0441\u043b\u043e\u0442\u0430) \u2014 \u0431\u043e\u0440\u0435\u0442\u0441\u044f \u0441 \u043f\u0438\u0433\u043c\u0435\u043d\u0442\u0430\u0446\u0438\u0435\u0439 \u0438 \u0442\u0443\u0441\u043a\u043b\u043e\u0441\u0442\u044c\u044e<\/li>\n<li>Hyaluronic Acid \u0438 \u043f\u0440\u043e\u0438\u0437\u0432\u043e\u0434\u043d\u044b\u0435 \u2014 \u0433\u043b\u0443\u0431\u043e\u043a\u043e \u0443\u0432\u043b\u0430\u0436\u043d\u044f\u044e\u0442 \u0438 \u0443\u0434\u0435\u0440\u0436\u0438\u0432\u0430\u044e\u0442 \u0432\u043b\u0430\u0433\u0443<\/li>\n<li>Ceramides (NS, NP, AP, EOP) \u2014 \u0443\u043a\u0440\u0435\u043f\u043b\u044f\u044e\u0442 \u0437\u0430\u0449\u0438\u0442\u043d\u044b\u0439 \u0431\u0430\u0440\u044c\u0435\u0440 \u043a\u043e\u0436\u0438<\/li>\n<li>\u0420\u0430\u0441\u0442\u0438\u0442\u0435\u043b\u044c\u043d\u044b\u0435 \u044d\u043a\u0441\u0442\u0440\u0430\u043a\u0442\u044b \u0438 \u043c\u0430\u0441\u043b\u0430 \u2014 \u0443\u0441\u043f\u043e\u043a\u0430\u0438\u0432\u0430\u044e\u0442 \u0438 \u043f\u0438\u0442\u0430\u044e\u0442 \u043a\u043e\u0436\u0443<\/li>\n<\/ul>\n<p><strong>\u0421\u043f\u043e\u0441\u043e\u0431 \u043f\u0440\u0438\u043c\u0435\u043d\u0435\u043d\u0438\u044f:<\/strong> \u041d\u0430\u043d\u0435\u0441\u0438\u0442\u0435 2\u20133 \u043d\u0430\u0436\u0430\u0442\u0438\u044f \u0442\u043e\u043d\u0435\u0440\u0430 \u043d\u0430 \u043b\u0430\u0434\u043e\u043d\u0438 \u0438 \u043c\u044f\u0433\u043a\u043e \u0440\u0430\u0441\u043f\u0440\u0435\u0434\u0435\u043b\u0438\u0442\u0435 \u043f\u043e \u043e\u0447\u0438\u0449\u0435\u043d\u043d\u043e\u0439 \u043a\u043e\u0436\u0435 \u043b\u0438\u0446\u0430 \u0438 \u0448\u0435\u0438. \u0418\u0441\u043f\u043e\u043b\u044c\u0437\u0443\u0439\u0442\u0435 \u0443\u0442\u0440\u043e\u043c \u0438 \u0432\u0435\u0447\u0435\u0440\u043e\u043c \u043f\u0435\u0440\u0435\u0434 \u0441\u044b\u0432\u043e\u0440\u043e\u0442\u043a\u043e\u0439 \u0438 \u043a\u0440\u0435\u043c\u043e\u043c.<\/p>\n<p><strong>\u0421\u043e\u0441\u0442\u0430\u0432:<\/strong> Water (Aqua), Niacinamide, Cetyl Ethylhexanoate, Caprylic\/Capric Triglyceride, Glycerin, 1,2\u2011Hexanediol, Pentaerythrityl Tetraethylhexanoate, Ethylhexyl Palmitate, Polyglyceryl\u20113 Distearate, Lithospermum Erythrorhizon Root Extract, Octyldodecanol, C12\u201114 Alketh\u201112, Acrylates\/C10\u201130 Alkyl Acrylate Crosspolymer, Tromethamine, Glyceryl Stearate Citrate, Glyceryl Stearate, Ethylhexylglycerin, Prunus Amygdalus Amara (Bitter Almond) Kernel Oil, Adenosine, Camellia Sinensis Leaf Extract, Disodium EDTA, Pyrus Malus (Apple) Leaf Extract, Trehalose, Saccharide Hydrolysate, Panthenol, Cyanocobalamin, Vanilla Planifolia Fruit Extract, Jasminum Officinale (Jasmine) Flower Water, Butylene Glycol, Tranexamic Acid, Polyglyceryl\u201110 Laurate, Ascorbic Acid, Alpha\u2011Arbutin, Hydrogenated Lecithin, Sodium Hyaluronate, Hyaluronic Acid, Sodium Hyaluronate Crosspolymer, Hydrolyzed Sodium Hyaluronate, Hydrolyzed Hyaluronic Acid, Glutathione, Sodium Acetylated Hyaluronate, Hydroxypropyltrimonium Hyaluronate, Ceramide NS, Ceramide NP, Ceramide EOP, Ceramide AP<\/p>","protected":false},"excerpt":{"rendered":"<p>APRILSKIN TXA Niacinamide 99 Milky Toner \u2014 piena toniks, kas nodro\u0161ina \u0101das mirdzumu un vienm\u0113r\u012bgu toni. Maigs piena toniks ar augstu niac\u012bnam\u012bda un traneksamsk\u0101bes (TXA) saturu, kas c\u012bn\u0101s pret pigment\u0101ciju, nevienm\u0113r\u012bgu \u0101das toni un bl\u0101vumu. Viegla, mitrino\u0161a tekst\u016bra uzreiz ies\u016bcas, neatst\u0101jot lip\u012bgumu, un sagatavo \u0101du turpm\u0101kai kop\u0161anai. Galven\u0101s priek\u0161roc\u012bbas: izl\u012bdzina \u0101das toni un samazina pigment\u0101ciju [&hellip;]<\/p>\n","protected":false},"featured_media":26610,"comment_status":"open","ping_status":"closed","template":"","meta":{"site-sidebar-layout":"default","site-content-layout":"","ast-site-content-layout":"default","site-content-style":"default","site-sidebar-style":"default","ast-global-header-display":"","ast-banner-title-visibility":"","ast-main-header-display":"","ast-hfb-above-header-display":"","ast-hfb-below-header-display":"","ast-hfb-mobile-header-display":"","site-post-title":"","ast-breadcrumbs-content":"","ast-featured-img":"","footer-sml-layout":"","theme-transparent-header-meta":"default","adv-header-id-meta":"","stick-header-meta":"","header-above-stick-meta":"","header-main-stick-meta":"","header-below-stick-meta":"","astra-migrate-meta-layouts":"set","ast-page-background-enabled":"default","ast-page-background-meta":{"desktop":{"background-color":"var(--ast-global-color-4)","background-image":"","background-repeat":"repeat","background-position":"center center","background-size":"auto","background-attachment":"scroll","background-type":"","background-media":"","overlay-type":"","overlay-color":"","overlay-opacity":"","overlay-gradient":""},"tablet":{"background-color":"","background-image":"","background-repeat":"repeat","background-position":"center center","background-size":"auto","background-attachment":"scroll","background-type":"","background-media":"","overlay-type":"","overlay-color":"","overlay-opacity":"","overlay-gradient":""},"mobile":{"background-color":"","background-image":"","background-repeat":"repeat","background-position":"center center","background-size":"auto","background-attachment":"scroll","background-type":"","background-media":"","overlay-type":"","overlay-color":"","overlay-opacity":"","overlay-gradient":""}},"ast-content-background-meta":{"desktop":{"background-color":"var(--ast-global-color-5)","background-image":"","background-repeat":"repeat","background-position":"center center","background-size":"auto","background-attachment":"scroll","background-type":"","background-media":"","overlay-type":"","overlay-color":"","overlay-opacity":"","overlay-gradient":""},"tablet":{"background-color":"var(--ast-global-color-5)","background-image":"","background-repeat":"repeat","background-position":"center center","background-size":"auto","background-attachment":"scroll","background-type":"","background-media":"","overlay-type":"","overlay-color":"","overlay-opacity":"","overlay-gradient":""},"mobile":{"background-color":"var(--ast-global-color-5)","background-image":"","background-repeat":"repeat","background-position":"center center","background-size":"auto","background-attachment":"scroll","background-type":"","background-media":"","overlay-type":"","overlay-color":"","overlay-opacity":"","overlay-gradient":""}}},"product_brand":[],"product_cat":[511,375,377,378,364],"product_tag":[],"berocket_brand":[],"class_list":{"0":"post-26609","1":"product","2":"type-product","3":"status-publish","4":"has-post-thumbnail","6":"product_cat-atlaides","7":"product_cat-jutigai-adai-toneri","8":"product_cat-problematiskai-adai-toneri","9":"product_cat-sausai-adai-toneri","10":"product_cat-toneri","11":"desktop-align-left","12":"tablet-align-left","13":"mobile-align-left","15":"first","16":"instock","17":"sale","18":"taxable","19":"shipping-taxable","20":"purchasable","21":"product-type-simple","22":"add-to-wishlist-before_image"},"yoast_head":"<!-- This site is optimized with the Yoast SEO plugin v27.3 - https:\/\/yoast.com\/product\/yoast-seo-wordpress\/ -->\n<title>APRILSKIN TXA Niacinamide 99 Milky Toner piena toneris \u0101das mirdzumam 150ml - FACECORNER<\/title>\n<meta name=\"robots\" content=\"index, follow, max-snippet:-1, max-image-preview:large, max-video-preview:-1\" \/>\n<link rel=\"canonical\" href=\"https:\/\/www.facecorner.lv\/ru\/shop\/aprilskin-txa-niacinamide-99-milky-toner-piena-toneris-adas-mirdzumam-150ml\/\" \/>\n<meta property=\"og:locale\" content=\"ru_RU\" \/>\n<meta property=\"og:type\" content=\"article\" \/>\n<meta property=\"og:title\" content=\"APRILSKIN TXA Niacinamide 99 Milky Toner piena toneris \u0101das mirdzumam 150ml - FACECORNER\" \/>\n<meta property=\"og:description\" content=\"APRILSKIN TXA Niacinamide 99 Milky Toner \u2014 piena toniks, kas nodro\u0161ina \u0101das mirdzumu un vienm\u0113r\u012bgu toni. Maigs piena toniks ar augstu niac\u012bnam\u012bda un traneksamsk\u0101bes (TXA) saturu, kas c\u012bn\u0101s pret pigment\u0101ciju, nevienm\u0113r\u012bgu \u0101das toni un bl\u0101vumu. Viegla, mitrino\u0161a tekst\u016bra uzreiz ies\u016bcas, neatst\u0101jot lip\u012bgumu, un sagatavo \u0101du turpm\u0101kai kop\u0161anai. Galven\u0101s priek\u0161roc\u012bbas: izl\u012bdzina \u0101das toni un samazina pigment\u0101ciju [&hellip;]\" \/>\n<meta property=\"og:url\" content=\"https:\/\/www.facecorner.lv\/ru\/shop\/aprilskin-txa-niacinamide-99-milky-toner-piena-toneris-adas-mirdzumam-150ml\/\" \/>\n<meta property=\"og:site_name\" content=\"FACECORNER\" \/>\n<meta property=\"article:publisher\" content=\"https:\/\/www.facebook.com\/profile.php?id=100063824551839\" \/>\n<meta property=\"og:image\" content=\"https:\/\/www.facecorner.lv\/wp-content\/uploads\/2026\/01\/9c9a2181-60c6-4a39-b855-315e2229b933.4e76dd889f259f3fa6f4c5c84744f22d.webp\" \/>\n\t<meta property=\"og:image:width\" content=\"800\" \/>\n\t<meta property=\"og:image:height\" content=\"800\" \/>\n\t<meta property=\"og:image:type\" content=\"image\/webp\" \/>\n<meta name=\"twitter:card\" content=\"summary_large_image\" \/>\n<meta name=\"twitter:label1\" content=\"\u0426\u0435\u043d\u0430\" \/>\n\t<meta name=\"twitter:data1\" content=\"&euro;19.99\" \/>\n\t<meta name=\"twitter:label2\" content=\"\u0414\u043e\u0441\u0442\u0443\u043f\u043d\u043e\u0441\u0442\u044c\" \/>\n\t<meta name=\"twitter:data2\" content=\"\u0412 \u043d\u0430\u043b\u0438\u0447\u0438\u0438\" \/>\n<script type=\"application\/ld+json\" class=\"yoast-schema-graph\">{\"@context\":\"https:\\\/\\\/schema.org\",\"@graph\":[{\"@type\":\"WebPage\",\"@id\":\"https:\\\/\\\/www.facecorner.lv\\\/shop\\\/aprilskin-txa-niacinamide-99-milky-toner-piena-toneris-adas-mirdzumam-150ml\\\/\",\"url\":\"https:\\\/\\\/www.facecorner.lv\\\/shop\\\/aprilskin-txa-niacinamide-99-milky-toner-piena-toneris-adas-mirdzumam-150ml\\\/\",\"name\":\"APRILSKIN TXA Niacinamide 99 Milky Toner piena toneris \u0101das mirdzumam 150ml - FACECORNER\",\"isPartOf\":{\"@id\":\"https:\\\/\\\/www.facecorner.lv\\\/#website\"},\"primaryImageOfPage\":{\"@id\":\"https:\\\/\\\/www.facecorner.lv\\\/shop\\\/aprilskin-txa-niacinamide-99-milky-toner-piena-toneris-adas-mirdzumam-150ml\\\/#primaryimage\"},\"image\":{\"@id\":\"https:\\\/\\\/www.facecorner.lv\\\/shop\\\/aprilskin-txa-niacinamide-99-milky-toner-piena-toneris-adas-mirdzumam-150ml\\\/#primaryimage\"},\"thumbnailUrl\":\"https:\\\/\\\/www.facecorner.lv\\\/wp-content\\\/uploads\\\/2026\\\/01\\\/9c9a2181-60c6-4a39-b855-315e2229b933.4e76dd889f259f3fa6f4c5c84744f22d.webp\",\"datePublished\":\"2026-01-09T12:56:38+00:00\",\"breadcrumb\":{\"@id\":\"https:\\\/\\\/www.facecorner.lv\\\/shop\\\/aprilskin-txa-niacinamide-99-milky-toner-piena-toneris-adas-mirdzumam-150ml\\\/#breadcrumb\"},\"inLanguage\":\"ru-RU\",\"potentialAction\":[{\"@type\":\"ReadAction\",\"target\":[\"https:\\\/\\\/www.facecorner.lv\\\/shop\\\/aprilskin-txa-niacinamide-99-milky-toner-piena-toneris-adas-mirdzumam-150ml\\\/\"]}]},{\"@type\":\"ImageObject\",\"inLanguage\":\"ru-RU\",\"@id\":\"https:\\\/\\\/www.facecorner.lv\\\/shop\\\/aprilskin-txa-niacinamide-99-milky-toner-piena-toneris-adas-mirdzumam-150ml\\\/#primaryimage\",\"url\":\"https:\\\/\\\/www.facecorner.lv\\\/wp-content\\\/uploads\\\/2026\\\/01\\\/9c9a2181-60c6-4a39-b855-315e2229b933.4e76dd889f259f3fa6f4c5c84744f22d.webp\",\"contentUrl\":\"https:\\\/\\\/www.facecorner.lv\\\/wp-content\\\/uploads\\\/2026\\\/01\\\/9c9a2181-60c6-4a39-b855-315e2229b933.4e76dd889f259f3fa6f4c5c84744f22d.webp\",\"width\":800,\"height\":800,\"caption\":\"APRILSKIN TXA Niacinamide 99 Milky Toner\"},{\"@type\":\"BreadcrumbList\",\"@id\":\"https:\\\/\\\/www.facecorner.lv\\\/shop\\\/aprilskin-txa-niacinamide-99-milky-toner-piena-toneris-adas-mirdzumam-150ml\\\/#breadcrumb\",\"itemListElement\":[{\"@type\":\"ListItem\",\"position\":1,\"name\":\"Home\",\"item\":\"https:\\\/\\\/www.facecorner.lv\\\/\"},{\"@type\":\"ListItem\",\"position\":2,\"name\":\"Veikals\",\"item\":\"https:\\\/\\\/www.facecorner.lv\\\/shop\\\/\"},{\"@type\":\"ListItem\",\"position\":3,\"name\":\"APRILSKIN TXA Niacinamide 99 Milky Toner piena toneris \u0101das mirdzumam 150ml\"}]},{\"@type\":\"WebSite\",\"@id\":\"https:\\\/\\\/www.facecorner.lv\\\/#website\",\"url\":\"https:\\\/\\\/www.facecorner.lv\\\/\",\"name\":\"Facecorner\",\"description\":\"\",\"publisher\":{\"@id\":\"https:\\\/\\\/www.facecorner.lv\\\/#organization\"},\"potentialAction\":[{\"@type\":\"SearchAction\",\"target\":{\"@type\":\"EntryPoint\",\"urlTemplate\":\"https:\\\/\\\/www.facecorner.lv\\\/?s={search_term_string}\"},\"query-input\":{\"@type\":\"PropertyValueSpecification\",\"valueRequired\":true,\"valueName\":\"search_term_string\"}}],\"inLanguage\":\"ru-RU\"},{\"@type\":\"Organization\",\"@id\":\"https:\\\/\\\/www.facecorner.lv\\\/#organization\",\"name\":\"Facecorner\",\"url\":\"https:\\\/\\\/www.facecorner.lv\\\/\",\"logo\":{\"@type\":\"ImageObject\",\"inLanguage\":\"ru-RU\",\"@id\":\"https:\\\/\\\/www.facecorner.lv\\\/#\\\/schema\\\/logo\\\/image\\\/\",\"url\":\"https:\\\/\\\/www.facecorner.lv\\\/wp-content\\\/uploads\\\/2024\\\/04\\\/fc-logo.jpg\",\"contentUrl\":\"https:\\\/\\\/www.facecorner.lv\\\/wp-content\\\/uploads\\\/2024\\\/04\\\/fc-logo.jpg\",\"width\":174,\"height\":28,\"caption\":\"Facecorner\"},\"image\":{\"@id\":\"https:\\\/\\\/www.facecorner.lv\\\/#\\\/schema\\\/logo\\\/image\\\/\"},\"sameAs\":[\"https:\\\/\\\/www.facebook.com\\\/profile.php?id=100063824551839\",\"https:\\\/\\\/www.instagram.com\\\/facecorner_shop\\\/\"]}]}<\/script>\n<meta property=\"product:price:amount\" content=\"19.99\" \/>\n<meta property=\"product:price:currency\" content=\"EUR\" \/>\n<meta property=\"og:availability\" content=\"instock\" \/>\n<meta property=\"product:availability\" content=\"instock\" \/>\n<meta property=\"product:condition\" content=\"new\" \/>\n<!-- \/ Yoast SEO plugin. -->","yoast_head_json":{"title":"APRILSKIN TXA Niacinamide 99 Milky Toner piena toneris \u0101das mirdzumam 150ml - FACECORNER","robots":{"index":"index","follow":"follow","max-snippet":"max-snippet:-1","max-image-preview":"max-image-preview:large","max-video-preview":"max-video-preview:-1"},"canonical":"https:\/\/www.facecorner.lv\/ru\/shop\/aprilskin-txa-niacinamide-99-milky-toner-piena-toneris-adas-mirdzumam-150ml\/","og_locale":"ru_RU","og_type":"article","og_title":"APRILSKIN TXA Niacinamide 99 Milky Toner piena toneris \u0101das mirdzumam 150ml - FACECORNER","og_description":"APRILSKIN TXA Niacinamide 99 Milky Toner \u2014 piena toniks, kas nodro\u0161ina \u0101das mirdzumu un vienm\u0113r\u012bgu toni. Maigs piena toniks ar augstu niac\u012bnam\u012bda un traneksamsk\u0101bes (TXA) saturu, kas c\u012bn\u0101s pret pigment\u0101ciju, nevienm\u0113r\u012bgu \u0101das toni un bl\u0101vumu. Viegla, mitrino\u0161a tekst\u016bra uzreiz ies\u016bcas, neatst\u0101jot lip\u012bgumu, un sagatavo \u0101du turpm\u0101kai kop\u0161anai. Galven\u0101s priek\u0161roc\u012bbas: izl\u012bdzina \u0101das toni un samazina pigment\u0101ciju [&hellip;]","og_url":"https:\/\/www.facecorner.lv\/ru\/shop\/aprilskin-txa-niacinamide-99-milky-toner-piena-toneris-adas-mirdzumam-150ml\/","og_site_name":"FACECORNER","article_publisher":"https:\/\/www.facebook.com\/profile.php?id=100063824551839","og_image":[{"width":800,"height":800,"url":"https:\/\/www.facecorner.lv\/wp-content\/uploads\/2026\/01\/9c9a2181-60c6-4a39-b855-315e2229b933.4e76dd889f259f3fa6f4c5c84744f22d.webp","type":"image\/webp"}],"twitter_card":"summary_large_image","twitter_misc":{"\u0426\u0435\u043d\u0430":"&euro;19.99","\u0414\u043e\u0441\u0442\u0443\u043f\u043d\u043e\u0441\u0442\u044c":"\u0412 \u043d\u0430\u043b\u0438\u0447\u0438\u0438"},"schema":{"@context":"https:\/\/schema.org","@graph":[{"@type":"WebPage","@id":"https:\/\/www.facecorner.lv\/shop\/aprilskin-txa-niacinamide-99-milky-toner-piena-toneris-adas-mirdzumam-150ml\/","url":"https:\/\/www.facecorner.lv\/shop\/aprilskin-txa-niacinamide-99-milky-toner-piena-toneris-adas-mirdzumam-150ml\/","name":"APRILSKIN TXA Niacinamide 99 Milky Toner piena toneris \u0101das mirdzumam 150ml - FACECORNER","isPartOf":{"@id":"https:\/\/www.facecorner.lv\/#website"},"primaryImageOfPage":{"@id":"https:\/\/www.facecorner.lv\/shop\/aprilskin-txa-niacinamide-99-milky-toner-piena-toneris-adas-mirdzumam-150ml\/#primaryimage"},"image":{"@id":"https:\/\/www.facecorner.lv\/shop\/aprilskin-txa-niacinamide-99-milky-toner-piena-toneris-adas-mirdzumam-150ml\/#primaryimage"},"thumbnailUrl":"https:\/\/www.facecorner.lv\/wp-content\/uploads\/2026\/01\/9c9a2181-60c6-4a39-b855-315e2229b933.4e76dd889f259f3fa6f4c5c84744f22d.webp","datePublished":"2026-01-09T12:56:38+00:00","breadcrumb":{"@id":"https:\/\/www.facecorner.lv\/shop\/aprilskin-txa-niacinamide-99-milky-toner-piena-toneris-adas-mirdzumam-150ml\/#breadcrumb"},"inLanguage":"ru-RU","potentialAction":[{"@type":"ReadAction","target":["https:\/\/www.facecorner.lv\/shop\/aprilskin-txa-niacinamide-99-milky-toner-piena-toneris-adas-mirdzumam-150ml\/"]}]},{"@type":"ImageObject","inLanguage":"ru-RU","@id":"https:\/\/www.facecorner.lv\/shop\/aprilskin-txa-niacinamide-99-milky-toner-piena-toneris-adas-mirdzumam-150ml\/#primaryimage","url":"https:\/\/www.facecorner.lv\/wp-content\/uploads\/2026\/01\/9c9a2181-60c6-4a39-b855-315e2229b933.4e76dd889f259f3fa6f4c5c84744f22d.webp","contentUrl":"https:\/\/www.facecorner.lv\/wp-content\/uploads\/2026\/01\/9c9a2181-60c6-4a39-b855-315e2229b933.4e76dd889f259f3fa6f4c5c84744f22d.webp","width":800,"height":800,"caption":"APRILSKIN TXA Niacinamide 99 Milky Toner"},{"@type":"BreadcrumbList","@id":"https:\/\/www.facecorner.lv\/shop\/aprilskin-txa-niacinamide-99-milky-toner-piena-toneris-adas-mirdzumam-150ml\/#breadcrumb","itemListElement":[{"@type":"ListItem","position":1,"name":"Home","item":"https:\/\/www.facecorner.lv\/"},{"@type":"ListItem","position":2,"name":"Veikals","item":"https:\/\/www.facecorner.lv\/shop\/"},{"@type":"ListItem","position":3,"name":"APRILSKIN TXA Niacinamide 99 Milky Toner piena toneris \u0101das mirdzumam 150ml"}]},{"@type":"WebSite","@id":"https:\/\/www.facecorner.lv\/#website","url":"https:\/\/www.facecorner.lv\/","name":"Facecorner","description":"","publisher":{"@id":"https:\/\/www.facecorner.lv\/#organization"},"potentialAction":[{"@type":"SearchAction","target":{"@type":"EntryPoint","urlTemplate":"https:\/\/www.facecorner.lv\/?s={search_term_string}"},"query-input":{"@type":"PropertyValueSpecification","valueRequired":true,"valueName":"search_term_string"}}],"inLanguage":"ru-RU"},{"@type":"Organization","@id":"https:\/\/www.facecorner.lv\/#organization","name":"Facecorner","url":"https:\/\/www.facecorner.lv\/","logo":{"@type":"ImageObject","inLanguage":"ru-RU","@id":"https:\/\/www.facecorner.lv\/#\/schema\/logo\/image\/","url":"https:\/\/www.facecorner.lv\/wp-content\/uploads\/2024\/04\/fc-logo.jpg","contentUrl":"https:\/\/www.facecorner.lv\/wp-content\/uploads\/2024\/04\/fc-logo.jpg","width":174,"height":28,"caption":"Facecorner"},"image":{"@id":"https:\/\/www.facecorner.lv\/#\/schema\/logo\/image\/"},"sameAs":["https:\/\/www.facebook.com\/profile.php?id=100063824551839","https:\/\/www.instagram.com\/facecorner_shop\/"]}]},"product_price_amount":"19.99","product_price_currency":"EUR","og_availability":"instock","product_availability":"instock","product_condition":"new"},"_links":{"self":[{"href":"https:\/\/www.facecorner.lv\/ru\/wp-json\/wp\/v2\/product\/26609","targetHints":{"allow":["GET"]}}],"collection":[{"href":"https:\/\/www.facecorner.lv\/ru\/wp-json\/wp\/v2\/product"}],"about":[{"href":"https:\/\/www.facecorner.lv\/ru\/wp-json\/wp\/v2\/types\/product"}],"replies":[{"embeddable":true,"href":"https:\/\/www.facecorner.lv\/ru\/wp-json\/wp\/v2\/comments?post=26609"}],"wp:featuredmedia":[{"embeddable":true,"href":"https:\/\/www.facecorner.lv\/ru\/wp-json\/wp\/v2\/media\/26610"}],"wp:attachment":[{"href":"https:\/\/www.facecorner.lv\/ru\/wp-json\/wp\/v2\/media?parent=26609"}],"wp:term":[{"taxonomy":"product_brand","embeddable":true,"href":"https:\/\/www.facecorner.lv\/ru\/wp-json\/wp\/v2\/product_brand?post=26609"},{"taxonomy":"product_cat","embeddable":true,"href":"https:\/\/www.facecorner.lv\/ru\/wp-json\/wp\/v2\/product_cat?post=26609"},{"taxonomy":"product_tag","embeddable":true,"href":"https:\/\/www.facecorner.lv\/ru\/wp-json\/wp\/v2\/product_tag?post=26609"},{"taxonomy":"berocket_brand","embeddable":true,"href":"https:\/\/www.facecorner.lv\/ru\/wp-json\/wp\/v2\/berocket_brand?post=26609"}],"curies":[{"name":"wp","href":"https:\/\/api.w.org\/{rel}","templated":true}]}}