{"id":26447,"date":"2025-12-18T16:37:33","date_gmt":"2025-12-18T13:37:33","guid":{"rendered":"https:\/\/www.facecorner.lv\/?post_type=product&#038;p=26447"},"modified":"2026-01-15T12:28:07","modified_gmt":"2026-01-15T09:28:07","slug":"anua-retinol-3-peptide-night-repair-cream","status":"publish","type":"product","link":"https:\/\/www.facecorner.lv\/ru\/shop\/anua-retinol-3-peptide-night-repair-cream\/","title":{"rendered":"Anua  Retinol 3 Peptide Night Repair Cream \u043d\u043e\u0447\u043d\u043e\u0439 \u043a\u0440\u0435\u043c \u0434\u043b\u044f \u0432\u043e\u0441\u0441\u0442\u0430\u043d\u043e\u0432\u043b\u0435\u043d\u0438\u044f \u0438 \u043e\u043c\u043e\u043b\u043e\u0436\u0435\u043d\u0438\u044f \u043a\u043e\u0436\u0438 \u0441 \u0440\u0435\u0442\u0438\u043d\u043e\u043b\u043e\u043c \u0438 \u043f\u0435\u043f\u0442\u0438\u0434\u0430\u043c\u0438 50ml"},"content":{"rendered":"<p>Anua  Retinol 3 Peptide Night Repair Cream \u043d\u043e\u0447\u043d\u043e\u0439 \u043a\u0440\u0435\u043c \u0434\u043b\u044f \u0432\u043e\u0441\u0441\u0442\u0430\u043d\u043e\u0432\u043b\u0435\u043d\u0438\u044f \u0438 \u043e\u043c\u043e\u043b\u043e\u0436\u0435\u043d\u0438\u044f \u043a\u043e\u0436\u0438 \u0441 \u0440\u0435\u0442\u0438\u043d\u043e\u043b\u043e\u043c \u0438 \u043f\u0435\u043f\u0442\u0438\u0434\u0430\u043c\u0438.<\/p>\n<p>\u0424\u043e\u0440\u043c\u0443\u043b\u0430 \u043a\u0440\u0435\u043c\u0430 \u0441\u043e\u0447\u0435\u0442\u0430\u0435\u0442 \u0440\u0435\u0442\u0438\u043d\u043e\u043b 3 \u0434\u043b\u044f \u0441\u0442\u0438\u043c\u0443\u043b\u044f\u0446\u0438\u0438 \u043e\u0431\u043d\u043e\u0432\u043b\u0435\u043d\u0438\u044f \u043a\u043b\u0435\u0442\u043e\u043a \u0438 \u043f\u0435\u043f\u0442\u0438\u0434\u044b, \u043a\u043e\u0442\u043e\u0440\u044b\u0435 \u0443\u043a\u0440\u0435\u043f\u043b\u044f\u044e\u0442 \u043a\u043e\u0436\u043d\u044b\u0439 \u0431\u0430\u0440\u044c\u0435\u0440, \u043f\u043e\u0432\u044b\u0448\u0430\u044e\u0442 \u0443\u043f\u0440\u0443\u0433\u043e\u0441\u0442\u044c \u0438 \u0441\u043f\u043e\u0441\u043e\u0431\u0441\u0442\u0432\u0443\u044e\u0442 \u0440\u0430\u0437\u0433\u043b\u0430\u0436\u0438\u0432\u0430\u043d\u0438\u044e \u043c\u043e\u0440\u0449\u0438\u043d. \u041a\u0440\u0435\u043c \u0433\u043b\u0443\u0431\u043e\u043a\u043e \u0443\u0432\u043b\u0430\u0436\u043d\u044f\u0435\u0442, \u0443\u043b\u0443\u0447\u0448\u0430\u0435\u0442 \u0442\u0435\u043a\u0441\u0442\u0443\u0440\u0443 \u043a\u043e\u0436\u0438 \u0438 \u0434\u0435\u043b\u0430\u0435\u0442 \u0442\u043e\u043d \u043b\u0438\u0446\u0430 \u0431\u043e\u043b\u0435\u0435 \u0440\u043e\u0432\u043d\u044b\u043c, \u0443\u043c\u0435\u043d\u044c\u0448\u0430\u044f \u043f\u0440\u0438\u0437\u043d\u0430\u043a\u0438 \u0443\u0441\u0442\u0430\u043b\u043e\u0441\u0442\u0438 \u0438 \u0441\u0442\u0430\u0440\u0435\u043d\u0438\u044f.<\/p>\n<h6>\u041f\u0440\u0435\u0438\u043c\u0443\u0449\u0435\u0441\u0442\u0432\u0430:<\/h6>\n<ul>\n<li>\u0421\u0442\u0438\u043c\u0443\u043b\u044f\u0446\u0438\u044f \u043e\u0431\u043d\u043e\u0432\u043b\u0435\u043d\u0438\u044f \u043a\u043b\u0435\u0442\u043e\u043a \u0438 \u0432\u044b\u0440\u0430\u0432\u043d\u0438\u0432\u0430\u043d\u0438\u0435 \u0442\u043e\u043d\u0430 \u043a\u043e\u0436\u0438<\/li>\n<li>\u0420\u0430\u0437\u0433\u043b\u0430\u0436\u0438\u0432\u0430\u043d\u0438\u0435 \u043c\u0435\u043b\u043a\u0438\u0445 \u043c\u043e\u0440\u0449\u0438\u043d \u0438 \u043f\u043e\u0432\u044b\u0448\u0435\u043d\u0438\u0435 \u0443\u043f\u0440\u0443\u0433\u043e\u0441\u0442\u0438<\/li>\n<li>\u0413\u043b\u0443\u0431\u043e\u043a\u043e\u0435 \u0443\u0432\u043b\u0430\u0436\u043d\u0435\u043d\u0438\u0435 \u0438 \u0432\u043e\u0441\u0441\u0442\u0430\u043d\u043e\u0432\u043b\u0435\u043d\u0438\u0435 \u043a\u043e\u0436\u043d\u043e\u0433\u043e \u0431\u0430\u0440\u044c\u0435\u0440\u0430<\/li>\n<li>\u041f\u043e\u0434\u0445\u043e\u0434\u0438\u0442 \u0434\u043b\u044f \u0432\u0441\u0435\u0445 \u0442\u0438\u043f\u043e\u0432 \u043a\u043e\u0436\u0438, \u043e\u0441\u043e\u0431\u0435\u043d\u043d\u043e \u0434\u043b\u044f \u0437\u0440\u0435\u043b\u043e\u0439 \u0438 \u0443\u0441\u0442\u0430\u0432\u0448\u0435\u0439<\/li>\n<\/ul>\n<p><strong>\u0421\u043f\u043e\u0441\u043e\u0431 \u043f\u0440\u0438\u043c\u0435\u043d\u0435\u043d\u0438\u044f:<\/strong> \u041d\u0430 \u043f\u043e\u0441\u043b\u0435\u0434\u043d\u0435\u043c \u044d\u0442\u0430\u043f\u0435 \u0432\u0435\u0447\u0435\u0440\u043d\u0435\u0433\u043e \u0443\u0445\u043e\u0434\u0430 \u0437\u0430 \u043a\u043e\u0436\u0435\u0439 \u043d\u0430\u043d\u0435\u0441\u0438\u0442\u0435 \u043d\u0430 \u043b\u0438\u0446\u043e \u043d\u0435\u0431\u043e\u043b\u044c\u0448\u043e\u0435 \u043a\u043e\u043b\u0438\u0447\u0435\u0441\u0442\u0432\u043e \u043a\u0440\u0435\u043c\u0430 \u0438 \u043b\u0435\u0433\u043a\u043e \u0432\u043c\u0430\u0441\u0441\u0438\u0440\u0443\u0439\u0442\u0435, \u043f\u043e\u043a\u0430 \u043e\u043d \u043f\u043e\u043b\u043d\u043e\u0441\u0442\u044c\u044e \u043d\u0435 \u0432\u043f\u0438\u0442\u0430\u0435\u0442\u0441\u044f.<\/p>\n<p><strong>\u0421\u043e\u0441\u0442\u0430\u0432:<\/strong> Water, Caprylic\/Capric Triglyceride, Butylene Glycol, Cetearyl Alcohol, 1,2-Hexanediol, Niacinamide, Polyglyceryl-2 Stearate, Glycerin, Glycereth-26, Polyacrylate-13, Glyceryl Stearate, Stearyl Alcohol, Propanediol, Hydrogenated Polyisobutene, Ectoin, Polyglyceryl-10 Laurate, Tocopherol, Ethylhexyl Palmitate, Fragrance, Sorbitan Isostearate, Ethylhexylglycerin, Helianthus Annuus (Sunflower) Seed Oil, Adenosine, Trisodium Ethylenediamine Disuccinate, Pentylene Glycol, Coptis Japonica Root Extract, Hydrolyzed Gardenia Florida Extract, Hydrolyzed Malt Extract, Hydrolyzed Viola Tricolor Extract, Ammonium Polyacryloyldimethyl Taurate, Bakuchiol, Sodium Hyaluronate, Hyaluronic Acid, Hydrolyzed Hyaluronic Acid, Oleic Acid, Hydrogenated Lecithin, Carbomer, Glutathione, Sodium Ascorbyl Phosphate, Sodium Lactate, Hydroxypropyl Cyclodextrin, Ceramide NP, Polysorbate 20, Butyrospermum Parkii (Shea) Butter, Centella Asiatica Extract, Octyldodecanol, Phytosterols, Retinol, Resveratrol, Palmitoyl Tripeptide-5, Beta-Glucan, Palmitoyl Tripeptide-1, Palmitoyl Tetrapeptide-7, Hippophae Rhamnoides Fruit Oil<\/p>","protected":false},"excerpt":{"rendered":"<p>Anua  Retinol 3 Peptide Night Repair Cream \u043d\u043e\u0447\u043d\u043e\u0439 \u043a\u0440\u0435\u043c \u0434\u043b\u044f \u0432\u043e\u0441\u0441\u0442\u0430\u043d\u043e\u0432\u043b\u0435\u043d\u0438\u044f \u0438 \u043e\u043c\u043e\u043b\u043e\u0436\u0435\u043d\u0438\u044f \u043a\u043e\u0436\u0438 \u0441 \u0440\u0435\u0442\u0438\u043d\u043e\u043b\u043e\u043c \u0438 \u043f\u0435\u043f\u0442\u0438\u0434\u0430\u043c\u0438.<\/p>","protected":false},"featured_media":26448,"comment_status":"open","ping_status":"closed","template":"","meta":{"site-sidebar-layout":"default","site-content-layout":"","ast-site-content-layout":"default","site-content-style":"default","site-sidebar-style":"default","ast-global-header-display":"","ast-banner-title-visibility":"","ast-main-header-display":"","ast-hfb-above-header-display":"","ast-hfb-below-header-display":"","ast-hfb-mobile-header-display":"","site-post-title":"","ast-breadcrumbs-content":"","ast-featured-img":"","footer-sml-layout":"","theme-transparent-header-meta":"default","adv-header-id-meta":"","stick-header-meta":"","header-above-stick-meta":"","header-main-stick-meta":"","header-below-stick-meta":"","astra-migrate-meta-layouts":"set","ast-page-background-enabled":"default","ast-page-background-meta":{"desktop":{"background-color":"var(--ast-global-color-4)","background-image":"","background-repeat":"repeat","background-position":"center center","background-size":"auto","background-attachment":"scroll","background-type":"","background-media":"","overlay-type":"","overlay-color":"","overlay-opacity":"","overlay-gradient":""},"tablet":{"background-color":"","background-image":"","background-repeat":"repeat","background-position":"center center","background-size":"auto","background-attachment":"scroll","background-type":"","background-media":"","overlay-type":"","overlay-color":"","overlay-opacity":"","overlay-gradient":""},"mobile":{"background-color":"","background-image":"","background-repeat":"repeat","background-position":"center center","background-size":"auto","background-attachment":"scroll","background-type":"","background-media":"","overlay-type":"","overlay-color":"","overlay-opacity":"","overlay-gradient":""}},"ast-content-background-meta":{"desktop":{"background-color":"var(--ast-global-color-5)","background-image":"","background-repeat":"repeat","background-position":"center center","background-size":"auto","background-attachment":"scroll","background-type":"","background-media":"","overlay-type":"","overlay-color":"","overlay-opacity":"","overlay-gradient":""},"tablet":{"background-color":"var(--ast-global-color-5)","background-image":"","background-repeat":"repeat","background-position":"center center","background-size":"auto","background-attachment":"scroll","background-type":"","background-media":"","overlay-type":"","overlay-color":"","overlay-opacity":"","overlay-gradient":""},"mobile":{"background-color":"var(--ast-global-color-5)","background-image":"","background-repeat":"repeat","background-position":"center center","background-size":"auto","background-attachment":"scroll","background-type":"","background-media":"","overlay-type":"","overlay-color":"","overlay-opacity":"","overlay-gradient":""}}},"product_brand":[],"product_cat":[368,362],"product_tag":[],"berocket_brand":[575],"class_list":{"0":"post-26447","1":"product","2":"type-product","3":"status-publish","4":"has-post-thumbnail","6":"product_cat-pret-grumbam","7":"product_cat-sejas-krems","8":"berocket_brand-anua","9":"desktop-align-left","10":"tablet-align-left","11":"mobile-align-left","13":"first","14":"outofstock","15":"taxable","16":"shipping-taxable","17":"purchasable","18":"product-type-simple","19":"add-to-wishlist-before_image"},"yoast_head":"<!-- This site is optimized with the Yoast SEO plugin v27.4 - https:\/\/yoast.com\/product\/yoast-seo-wordpress\/ -->\n<title>Anua Retinol 3 Peptide Night Repair Cream\u00a0 nakts kr\u0113ms \u0101das atjauno\u0161anai un atjaunin\u0101\u0161anai ar retinolu un pept\u012bdiem 50ml - FACECORNER<\/title>\n<meta name=\"description\" content=\"Anua Retinol 3 Peptide Night Repair Cream\u00a0 nakts kr\u0113ms \u0101das atjauno\u0161anai un atjaunin\u0101\u0161anai ar retinolu un pept\u012bdiem.\" \/>\n<meta name=\"robots\" content=\"index, follow, max-snippet:-1, max-image-preview:large, max-video-preview:-1\" \/>\n<link rel=\"canonical\" href=\"https:\/\/www.facecorner.lv\/ru\/shop\/anua-retinol-3-peptide-night-repair-cream\/\" \/>\n<meta property=\"og:locale\" content=\"ru_RU\" \/>\n<meta property=\"og:type\" content=\"article\" \/>\n<meta property=\"og:title\" content=\"Anua Retinol 3 Peptide Night Repair Cream\u00a0 nakts kr\u0113ms \u0101das atjauno\u0161anai un atjaunin\u0101\u0161anai ar retinolu un pept\u012bdiem 50ml - FACECORNER\" \/>\n<meta property=\"og:description\" content=\"Anua Retinol 3 Peptide Night Repair Cream\u00a0 nakts kr\u0113ms \u0101das atjauno\u0161anai un atjaunin\u0101\u0161anai ar retinolu un pept\u012bdiem.\" \/>\n<meta property=\"og:url\" content=\"https:\/\/www.facecorner.lv\/ru\/shop\/anua-retinol-3-peptide-night-repair-cream\/\" \/>\n<meta property=\"og:site_name\" content=\"FACECORNER\" \/>\n<meta property=\"article:publisher\" content=\"https:\/\/www.facebook.com\/profile.php?id=100063824551839\" \/>\n<meta property=\"article:modified_time\" content=\"2026-01-15T09:28:07+00:00\" \/>\n<meta property=\"og:image\" content=\"https:\/\/www.facecorner.lv\/wp-content\/uploads\/2025\/12\/XXL_p0222401760.webp\" \/>\n\t<meta property=\"og:image:width\" content=\"640\" \/>\n\t<meta property=\"og:image:height\" content=\"640\" \/>\n\t<meta property=\"og:image:type\" content=\"image\/webp\" \/>\n<meta name=\"twitter:card\" content=\"summary_large_image\" \/>\n<meta name=\"twitter:label1\" content=\"\u0426\u0435\u043d\u0430\" \/>\n\t<meta name=\"twitter:data1\" content=\"&euro;24.90\" \/>\n\t<meta name=\"twitter:label2\" content=\"\u0414\u043e\u0441\u0442\u0443\u043f\u043d\u043e\u0441\u0442\u044c\" \/>\n\t<meta name=\"twitter:data2\" content=\"\u0420\u0430\u0441\u043f\u0440\u043e\u0434\u0430\u043d\u043e\" \/>\n<script type=\"application\/ld+json\" class=\"yoast-schema-graph\">{\"@context\":\"https:\\\/\\\/schema.org\",\"@graph\":[{\"@type\":\"WebPage\",\"@id\":\"https:\\\/\\\/www.facecorner.lv\\\/shop\\\/anua-retinol-3-peptide-night-repair-cream\\\/\",\"url\":\"https:\\\/\\\/www.facecorner.lv\\\/shop\\\/anua-retinol-3-peptide-night-repair-cream\\\/\",\"name\":\"Anua Retinol 3 Peptide Night Repair Cream\u00a0 nakts kr\u0113ms \u0101das atjauno\u0161anai un atjaunin\u0101\u0161anai ar retinolu un pept\u012bdiem 50ml - FACECORNER\",\"isPartOf\":{\"@id\":\"https:\\\/\\\/www.facecorner.lv\\\/#website\"},\"primaryImageOfPage\":{\"@id\":\"https:\\\/\\\/www.facecorner.lv\\\/shop\\\/anua-retinol-3-peptide-night-repair-cream\\\/#primaryimage\"},\"image\":{\"@id\":\"https:\\\/\\\/www.facecorner.lv\\\/shop\\\/anua-retinol-3-peptide-night-repair-cream\\\/#primaryimage\"},\"thumbnailUrl\":\"https:\\\/\\\/www.facecorner.lv\\\/wp-content\\\/uploads\\\/2025\\\/12\\\/XXL_p0222401760.webp\",\"datePublished\":\"2025-12-18T13:37:33+00:00\",\"dateModified\":\"2026-01-15T09:28:07+00:00\",\"description\":\"Anua Retinol 3 Peptide Night Repair Cream\u00a0 nakts kr\u0113ms \u0101das atjauno\u0161anai un atjaunin\u0101\u0161anai ar retinolu un pept\u012bdiem.\",\"breadcrumb\":{\"@id\":\"https:\\\/\\\/www.facecorner.lv\\\/shop\\\/anua-retinol-3-peptide-night-repair-cream\\\/#breadcrumb\"},\"inLanguage\":\"ru-RU\",\"potentialAction\":[{\"@type\":\"ReadAction\",\"target\":[\"https:\\\/\\\/www.facecorner.lv\\\/shop\\\/anua-retinol-3-peptide-night-repair-cream\\\/\"]}]},{\"@type\":\"ImageObject\",\"inLanguage\":\"ru-RU\",\"@id\":\"https:\\\/\\\/www.facecorner.lv\\\/shop\\\/anua-retinol-3-peptide-night-repair-cream\\\/#primaryimage\",\"url\":\"https:\\\/\\\/www.facecorner.lv\\\/wp-content\\\/uploads\\\/2025\\\/12\\\/XXL_p0222401760.webp\",\"contentUrl\":\"https:\\\/\\\/www.facecorner.lv\\\/wp-content\\\/uploads\\\/2025\\\/12\\\/XXL_p0222401760.webp\",\"width\":640,\"height\":640,\"caption\":\"Anua Retinol 3 Peptide Night Repair Cream\"},{\"@type\":\"BreadcrumbList\",\"@id\":\"https:\\\/\\\/www.facecorner.lv\\\/shop\\\/anua-retinol-3-peptide-night-repair-cream\\\/#breadcrumb\",\"itemListElement\":[{\"@type\":\"ListItem\",\"position\":1,\"name\":\"Home\",\"item\":\"https:\\\/\\\/www.facecorner.lv\\\/\"},{\"@type\":\"ListItem\",\"position\":2,\"name\":\"Veikals\",\"item\":\"https:\\\/\\\/www.facecorner.lv\\\/shop\\\/\"},{\"@type\":\"ListItem\",\"position\":3,\"name\":\"Anua Retinol 3 Peptide Night Repair Cream\u00a0 nakts kr\u0113ms \u0101das atjauno\u0161anai un atjaunin\u0101\u0161anai ar retinolu un pept\u012bdiem 50ml\"}]},{\"@type\":\"WebSite\",\"@id\":\"https:\\\/\\\/www.facecorner.lv\\\/#website\",\"url\":\"https:\\\/\\\/www.facecorner.lv\\\/\",\"name\":\"Facecorner\",\"description\":\"\",\"publisher\":{\"@id\":\"https:\\\/\\\/www.facecorner.lv\\\/#organization\"},\"potentialAction\":[{\"@type\":\"SearchAction\",\"target\":{\"@type\":\"EntryPoint\",\"urlTemplate\":\"https:\\\/\\\/www.facecorner.lv\\\/?s={search_term_string}\"},\"query-input\":{\"@type\":\"PropertyValueSpecification\",\"valueRequired\":true,\"valueName\":\"search_term_string\"}}],\"inLanguage\":\"ru-RU\"},{\"@type\":\"Organization\",\"@id\":\"https:\\\/\\\/www.facecorner.lv\\\/#organization\",\"name\":\"Facecorner\",\"url\":\"https:\\\/\\\/www.facecorner.lv\\\/\",\"logo\":{\"@type\":\"ImageObject\",\"inLanguage\":\"ru-RU\",\"@id\":\"https:\\\/\\\/www.facecorner.lv\\\/#\\\/schema\\\/logo\\\/image\\\/\",\"url\":\"https:\\\/\\\/www.facecorner.lv\\\/wp-content\\\/uploads\\\/2024\\\/04\\\/fc-logo.jpg\",\"contentUrl\":\"https:\\\/\\\/www.facecorner.lv\\\/wp-content\\\/uploads\\\/2024\\\/04\\\/fc-logo.jpg\",\"width\":174,\"height\":28,\"caption\":\"Facecorner\"},\"image\":{\"@id\":\"https:\\\/\\\/www.facecorner.lv\\\/#\\\/schema\\\/logo\\\/image\\\/\"},\"sameAs\":[\"https:\\\/\\\/www.facebook.com\\\/profile.php?id=100063824551839\",\"https:\\\/\\\/www.instagram.com\\\/facecorner_shop\\\/\"]}]}<\/script>\n<meta property=\"product:price:amount\" content=\"24.90\" \/>\n<meta property=\"product:price:currency\" content=\"EUR\" \/>\n<meta property=\"og:availability\" content=\"out of stock\" \/>\n<meta property=\"product:availability\" content=\"out of stock\" \/>\n<meta property=\"product:condition\" content=\"new\" \/>\n<!-- \/ Yoast SEO plugin. -->","yoast_head_json":{"title":"Anua Retinol 3 Peptide Night Repair Cream\u00a0 nakts kr\u0113ms \u0101das atjauno\u0161anai un atjaunin\u0101\u0161anai ar retinolu un pept\u012bdiem 50ml - FACECORNER","description":"Anua  Retinol 3 Peptide Night Repair Cream \u043d\u043e\u0447\u043d\u043e\u0439 \u043a\u0440\u0435\u043c \u0434\u043b\u044f \u0432\u043e\u0441\u0441\u0442\u0430\u043d\u043e\u0432\u043b\u0435\u043d\u0438\u044f \u0438 \u043e\u043c\u043e\u043b\u043e\u0436\u0435\u043d\u0438\u044f \u043a\u043e\u0436\u0438 \u0441 \u0440\u0435\u0442\u0438\u043d\u043e\u043b\u043e\u043c \u0438 \u043f\u0435\u043f\u0442\u0438\u0434\u0430\u043c\u0438.","robots":{"index":"index","follow":"follow","max-snippet":"max-snippet:-1","max-image-preview":"max-image-preview:large","max-video-preview":"max-video-preview:-1"},"canonical":"https:\/\/www.facecorner.lv\/ru\/shop\/anua-retinol-3-peptide-night-repair-cream\/","og_locale":"ru_RU","og_type":"article","og_title":"Anua Retinol 3 Peptide Night Repair Cream\u00a0 nakts kr\u0113ms \u0101das atjauno\u0161anai un atjaunin\u0101\u0161anai ar retinolu un pept\u012bdiem 50ml - FACECORNER","og_description":"Anua Retinol 3 Peptide Night Repair Cream\u00a0 nakts kr\u0113ms \u0101das atjauno\u0161anai un atjaunin\u0101\u0161anai ar retinolu un pept\u012bdiem.","og_url":"https:\/\/www.facecorner.lv\/ru\/shop\/anua-retinol-3-peptide-night-repair-cream\/","og_site_name":"FACECORNER","article_publisher":"https:\/\/www.facebook.com\/profile.php?id=100063824551839","article_modified_time":"2026-01-15T09:28:07+00:00","og_image":[{"width":640,"height":640,"url":"https:\/\/www.facecorner.lv\/wp-content\/uploads\/2025\/12\/XXL_p0222401760.webp","type":"image\/webp"}],"twitter_card":"summary_large_image","twitter_misc":{"\u0426\u0435\u043d\u0430":"&euro;24.90","\u0414\u043e\u0441\u0442\u0443\u043f\u043d\u043e\u0441\u0442\u044c":"\u0420\u0430\u0441\u043f\u0440\u043e\u0434\u0430\u043d\u043e"},"schema":{"@context":"https:\/\/schema.org","@graph":[{"@type":"WebPage","@id":"https:\/\/www.facecorner.lv\/shop\/anua-retinol-3-peptide-night-repair-cream\/","url":"https:\/\/www.facecorner.lv\/shop\/anua-retinol-3-peptide-night-repair-cream\/","name":"Anua Retinol 3 Peptide Night Repair Cream\u00a0 nakts kr\u0113ms \u0101das atjauno\u0161anai un atjaunin\u0101\u0161anai ar retinolu un pept\u012bdiem 50ml - FACECORNER","isPartOf":{"@id":"https:\/\/www.facecorner.lv\/#website"},"primaryImageOfPage":{"@id":"https:\/\/www.facecorner.lv\/shop\/anua-retinol-3-peptide-night-repair-cream\/#primaryimage"},"image":{"@id":"https:\/\/www.facecorner.lv\/shop\/anua-retinol-3-peptide-night-repair-cream\/#primaryimage"},"thumbnailUrl":"https:\/\/www.facecorner.lv\/wp-content\/uploads\/2025\/12\/XXL_p0222401760.webp","datePublished":"2025-12-18T13:37:33+00:00","dateModified":"2026-01-15T09:28:07+00:00","description":"Anua  Retinol 3 Peptide Night Repair Cream \u043d\u043e\u0447\u043d\u043e\u0439 \u043a\u0440\u0435\u043c \u0434\u043b\u044f \u0432\u043e\u0441\u0441\u0442\u0430\u043d\u043e\u0432\u043b\u0435\u043d\u0438\u044f \u0438 \u043e\u043c\u043e\u043b\u043e\u0436\u0435\u043d\u0438\u044f \u043a\u043e\u0436\u0438 \u0441 \u0440\u0435\u0442\u0438\u043d\u043e\u043b\u043e\u043c \u0438 \u043f\u0435\u043f\u0442\u0438\u0434\u0430\u043c\u0438.","breadcrumb":{"@id":"https:\/\/www.facecorner.lv\/shop\/anua-retinol-3-peptide-night-repair-cream\/#breadcrumb"},"inLanguage":"ru-RU","potentialAction":[{"@type":"ReadAction","target":["https:\/\/www.facecorner.lv\/shop\/anua-retinol-3-peptide-night-repair-cream\/"]}]},{"@type":"ImageObject","inLanguage":"ru-RU","@id":"https:\/\/www.facecorner.lv\/shop\/anua-retinol-3-peptide-night-repair-cream\/#primaryimage","url":"https:\/\/www.facecorner.lv\/wp-content\/uploads\/2025\/12\/XXL_p0222401760.webp","contentUrl":"https:\/\/www.facecorner.lv\/wp-content\/uploads\/2025\/12\/XXL_p0222401760.webp","width":640,"height":640,"caption":"Anua Retinol 3 Peptide Night Repair Cream"},{"@type":"BreadcrumbList","@id":"https:\/\/www.facecorner.lv\/shop\/anua-retinol-3-peptide-night-repair-cream\/#breadcrumb","itemListElement":[{"@type":"ListItem","position":1,"name":"Home","item":"https:\/\/www.facecorner.lv\/"},{"@type":"ListItem","position":2,"name":"Veikals","item":"https:\/\/www.facecorner.lv\/shop\/"},{"@type":"ListItem","position":3,"name":"Anua Retinol 3 Peptide Night Repair Cream\u00a0 nakts kr\u0113ms \u0101das atjauno\u0161anai un atjaunin\u0101\u0161anai ar retinolu un pept\u012bdiem 50ml"}]},{"@type":"WebSite","@id":"https:\/\/www.facecorner.lv\/#website","url":"https:\/\/www.facecorner.lv\/","name":"Facecorner","description":"","publisher":{"@id":"https:\/\/www.facecorner.lv\/#organization"},"potentialAction":[{"@type":"SearchAction","target":{"@type":"EntryPoint","urlTemplate":"https:\/\/www.facecorner.lv\/?s={search_term_string}"},"query-input":{"@type":"PropertyValueSpecification","valueRequired":true,"valueName":"search_term_string"}}],"inLanguage":"ru-RU"},{"@type":"Organization","@id":"https:\/\/www.facecorner.lv\/#organization","name":"Facecorner","url":"https:\/\/www.facecorner.lv\/","logo":{"@type":"ImageObject","inLanguage":"ru-RU","@id":"https:\/\/www.facecorner.lv\/#\/schema\/logo\/image\/","url":"https:\/\/www.facecorner.lv\/wp-content\/uploads\/2024\/04\/fc-logo.jpg","contentUrl":"https:\/\/www.facecorner.lv\/wp-content\/uploads\/2024\/04\/fc-logo.jpg","width":174,"height":28,"caption":"Facecorner"},"image":{"@id":"https:\/\/www.facecorner.lv\/#\/schema\/logo\/image\/"},"sameAs":["https:\/\/www.facebook.com\/profile.php?id=100063824551839","https:\/\/www.instagram.com\/facecorner_shop\/"]}]},"product_price_amount":"24.90","product_price_currency":"EUR","og_availability":"out of stock","product_availability":"out of stock","product_condition":"new"},"_links":{"self":[{"href":"https:\/\/www.facecorner.lv\/ru\/wp-json\/wp\/v2\/product\/26447","targetHints":{"allow":["GET"]}}],"collection":[{"href":"https:\/\/www.facecorner.lv\/ru\/wp-json\/wp\/v2\/product"}],"about":[{"href":"https:\/\/www.facecorner.lv\/ru\/wp-json\/wp\/v2\/types\/product"}],"replies":[{"embeddable":true,"href":"https:\/\/www.facecorner.lv\/ru\/wp-json\/wp\/v2\/comments?post=26447"}],"wp:featuredmedia":[{"embeddable":true,"href":"https:\/\/www.facecorner.lv\/ru\/wp-json\/wp\/v2\/media\/26448"}],"wp:attachment":[{"href":"https:\/\/www.facecorner.lv\/ru\/wp-json\/wp\/v2\/media?parent=26447"}],"wp:term":[{"taxonomy":"product_brand","embeddable":true,"href":"https:\/\/www.facecorner.lv\/ru\/wp-json\/wp\/v2\/product_brand?post=26447"},{"taxonomy":"product_cat","embeddable":true,"href":"https:\/\/www.facecorner.lv\/ru\/wp-json\/wp\/v2\/product_cat?post=26447"},{"taxonomy":"product_tag","embeddable":true,"href":"https:\/\/www.facecorner.lv\/ru\/wp-json\/wp\/v2\/product_tag?post=26447"},{"taxonomy":"berocket_brand","embeddable":true,"href":"https:\/\/www.facecorner.lv\/ru\/wp-json\/wp\/v2\/berocket_brand?post=26447"}],"curies":[{"name":"wp","href":"https:\/\/api.w.org\/{rel}","templated":true}]}}