{"id":26426,"date":"2025-12-17T15:52:24","date_gmt":"2025-12-17T12:52:24","guid":{"rendered":"https:\/\/www.facecorner.lv\/?post_type=product&#038;p=26426"},"modified":"2026-02-25T16:24:08","modified_gmt":"2026-02-25T13:24:08","slug":"centellian24-glutathione-toning-boosting-ampoule-izgaismojosa-un-atjaunojosa-ampula-30ml","status":"publish","type":"product","link":"https:\/\/www.facecorner.lv\/ru\/shop\/centellian24-glutathione-toning-boosting-ampoule-izgaismojosa-un-atjaunojosa-ampula-30ml\/","title":{"rendered":"Centellian24 PDRN Firming Boosting Ampoule \u0443\u043a\u0440\u0435\u043f\u043b\u044f\u044e\u0449\u0430\u044f \u0438 \u0432\u043e\u0441\u0441\u0442\u0430\u043d\u0430\u0432\u043b\u0438\u0432\u0430\u044e\u0449\u0430\u044f \u0430\u043c\u043f\u0443\u043b\u0430 30ml"},"content":{"rendered":"<p>Centellian24 Glutathione Toning Boosting Ampoule \u2014 \u044d\u0442\u043e \u043e\u0441\u0432\u0435\u0442\u043b\u044f\u044e\u0449\u0430\u044f \u0438 \u0432\u043e\u0441\u0441\u0442\u0430\u043d\u0430\u0432\u043b\u0438\u0432\u0430\u044e\u0449\u0430\u044f \u0430\u043c\u043f\u0443\u043b\u0430 \u043f\u0440\u0435\u043c\u0438\u0443\u043c-\u043a\u043b\u0430\u0441\u0441\u0430, \u043d\u0430\u043f\u0440\u0430\u0432\u043b\u0435\u043d\u043d\u0430\u044f \u043d\u0430 \u0432\u044b\u0440\u0430\u0432\u043d\u0438\u0432\u0430\u043d\u0438\u0435 \u0442\u043e\u043d\u0430 \u043a\u043e\u0436\u0438, \u043f\u043e\u0432\u044b\u0448\u0435\u043d\u0438\u0435 \u0441\u0438\u044f\u043d\u0438\u044f \u0438 \u0443\u043a\u0440\u0435\u043f\u043b\u0435\u043d\u0438\u0435 \u043a\u043e\u0436\u043d\u043e\u0433\u043e \u0431\u0430\u0440\u044c\u0435\u0440\u0430.<\/p>\n<p>\u0424\u043e\u0440\u043c\u0443\u043b\u0430 \u0441 \u0433\u043b\u0443\u0442\u0430\u0442\u0438\u043e\u043d\u043e\u043c \u044d\u0444\u0444\u0435\u043a\u0442\u0438\u0432\u043d\u043e \u0431\u043e\u0440\u0435\u0442\u0441\u044f \u0441 \u0442\u0443\u0441\u043a\u043b\u043e\u0441\u0442\u044c\u044e, \u0441\u043b\u0435\u0434\u0430\u043c\u0438 \u043f\u0438\u0433\u043c\u0435\u043d\u0442\u0430\u0446\u0438\u0438 \u0438 \u043d\u0435\u0440\u043e\u0432\u043d\u044b\u043c \u0442\u043e\u043d\u043e\u043c, \u043f\u0440\u0438\u0434\u0430\u0432\u0430\u044f \u043a\u043e\u0436\u0435 \u0447\u0438\u0441\u0442\u043e\u0435, \u0437\u0434\u043e\u0440\u043e\u0432\u043e\u0435 \u0441\u0432\u0435\u0447\u0435\u043d\u0438\u0435. \u0417\u0430\u043f\u0430\u0442\u0435\u043d\u0442\u043e\u0432\u0430\u043d\u043d\u044b\u0439 \u043a\u043e\u043c\u043f\u043b\u0435\u043a\u0441 Centellian24 \u0441 \u044d\u043a\u0441\u0442\u0440\u0430\u043a\u0442\u043e\u043c \u0446\u0435\u043d\u0442\u0435\u043b\u043b\u044b \u0430\u0437\u0438\u0430\u0442\u0441\u043a\u043e\u0439, \u0432\u044b\u0440\u0430\u0449\u0435\u043d\u043d\u043e\u0439 \u0432 \u0442\u0435\u0447\u0435\u043d\u0438\u0435 24 \u043b\u0435\u0442, \u0443\u0441\u043f\u043e\u043a\u0430\u0438\u0432\u0430\u0435\u0442 \u043a\u043e\u0436\u0443, \u0443\u043c\u0435\u043d\u044c\u0448\u0430\u0435\u0442 \u043f\u043e\u043a\u0440\u0430\u0441\u043d\u0435\u043d\u0438\u044f \u0438 \u0441\u043f\u043e\u0441\u043e\u0431\u0441\u0442\u0432\u0443\u0435\u0442 \u0435\u0451 \u0432\u043e\u0441\u0441\u0442\u0430\u043d\u043e\u0432\u043b\u0435\u043d\u0438\u044e.<\/p>\n<p>\u041b\u0451\u0433\u043a\u0430\u044f, \u0431\u044b\u0441\u0442\u0440\u043e \u0432\u043f\u0438\u0442\u044b\u0432\u0430\u044e\u0449\u0430\u044f\u0441\u044f \u0442\u0435\u043a\u0441\u0442\u0443\u0440\u0430 \u0430\u043c\u043f\u0443\u043b\u044b \u0433\u043b\u0443\u0431\u043e\u043a\u043e \u0443\u0432\u043b\u0430\u0436\u043d\u044f\u0435\u0442, \u043f\u043e\u0432\u044b\u0448\u0430\u0435\u0442 \u044d\u043b\u0430\u0441\u0442\u0438\u0447\u043d\u043e\u0441\u0442\u044c \u0438 \u0443\u0441\u0438\u043b\u0438\u0432\u0430\u0435\u0442 \u0434\u0435\u0439\u0441\u0442\u0432\u0438\u0435 \u043f\u043e\u0441\u043b\u0435\u0434\u0443\u044e\u0449\u0435\u0433\u043e \u0443\u0445\u043e\u0434\u0430, \u043d\u0435 \u043e\u0441\u0442\u0430\u0432\u043b\u044f\u044f \u043b\u0438\u043f\u043a\u043e\u0441\u0442\u0438.<\/p>\n<h6>\u041e\u0441\u043d\u043e\u0432\u043d\u044b\u0435 \u0434\u0435\u0439\u0441\u0442\u0432\u0443\u044e\u0449\u0438\u0435 \u0438\u043d\u0433\u0440\u0435\u0434\u0438\u0435\u043d\u0442\u044b:<\/h6>\n<ul>\n<li>\u043e\u0441\u0432\u0435\u0442\u043b\u0435\u043d\u0438\u0435 \u0438 \u0432\u044b\u0440\u0430\u0432\u043d\u0438\u0432\u0430\u043d\u0438\u0435 \u0442\u043e\u043d\u0430 \u043a\u043e\u0436\u0438<\/li>\n<li>\u0437\u0430\u043c\u0435\u0442\u043d\u043e\u0435 \u0441\u0438\u044f\u043d\u0438\u0435 \u0438 \u0441\u0432\u0435\u0436\u0438\u0439 \u0432\u0438\u0434<\/li>\n<li>\u0443\u043c\u0435\u043d\u044c\u0448\u0435\u043d\u0438\u0435 \u043f\u0438\u0433\u043c\u0435\u043d\u0442\u0430\u0446\u0438\u0438 \u0438 \u0441\u043b\u0435\u0434\u043e\u0432 \u043f\u043e\u0441\u0442\u0430\u043a\u043d\u0435<\/li>\n<li>\u0438\u043d\u0442\u0435\u043d\u0441\u0438\u0432\u043d\u043e\u0435 \u0443\u0432\u043b\u0430\u0436\u043d\u0435\u043d\u0438\u0435 \u0438 \u0443\u043a\u0440\u0435\u043f\u043b\u0435\u043d\u0438\u0435 \u043a\u043e\u0436\u043d\u043e\u0433\u043e \u0431\u0430\u0440\u044c\u0435\u0440\u0430<\/li>\n<li>\u043f\u043e\u0434\u0445\u043e\u0434\u0438\u0442 \u0434\u043b\u044f \u0447\u0443\u0432\u0441\u0442\u0432\u0438\u0442\u0435\u043b\u044c\u043d\u043e\u0439 \u043a\u043e\u0436\u0438<\/li>\n<\/ul>\n<p><strong>\u041f\u043e\u0434\u0445\u043e\u0434\u0438\u0442 \u0434\u043b\u044f:<\/strong> \u0442\u0443\u0441\u043a\u043b\u043e\u0439, \u043e\u0431\u0435\u0437\u0432\u043e\u0436\u0435\u043d\u043d\u043e\u0439 \u043a\u043e\u0436\u0438, \u043a\u043e\u0436\u0438 \u0441 \u043f\u0438\u0433\u043c\u0435\u043d\u0442\u0430\u0446\u0438\u0435\u0439 \u0438 \u043d\u0435\u0440\u043e\u0432\u043d\u044b\u043c \u0442\u043e\u043d\u043e\u043c.<\/p>\n<p><strong>\u0421\u043f\u043e\u0441\u043e\u0431 \u043f\u0440\u0438\u043c\u0435\u043d\u0435\u043d\u0438\u044f:<\/strong>\u041d\u0430\u043d\u043e\u0441\u0438\u0442\u0435 2\u20133 \u043a\u0430\u043f\u043b\u0438 \u043d\u0430 \u043e\u0447\u0438\u0449\u0435\u043d\u043d\u0443\u044e \u043a\u043e\u0436\u0443 \u043b\u0438\u0446\u0430 \u043f\u043e\u0441\u043b\u0435 \u0442\u043e\u043d\u0438\u043a\u0430. \u041c\u044f\u0433\u043a\u043e \u0440\u0430\u0441\u043f\u0440\u0435\u0434\u0435\u043b\u0438\u0442\u0435 \u0438 \u0434\u0430\u0439\u0442\u0435 \u0432\u043f\u0438\u0442\u0430\u0442\u044c\u0441\u044f. \u0418\u0441\u043f\u043e\u043b\u044c\u0437\u0443\u0439\u0442\u0435 \u0443\u0442\u0440\u043e\u043c \u0438\/\u0438\u043b\u0438 \u0432\u0435\u0447\u0435\u0440\u043e\u043c.<\/p>\n<p><strong>\u0421\u043e\u0441\u0442\u0430\u0432:<\/strong> Water, Coco-Caprylate\/Caprate, Hippophae Rhamnoides Fruit Extract, Niacinamide, Isostearyl Isostearate, Glycerin, Methyl Gluceth-20, Propanediol, 1,2-Hexanediol, Methylpropanediol, Tranexamic Acid, Bisabolol, Milk Exosomes, Melatonin, Glycine, Glutathione, Aspartic Acid, Leucine, Alanine, Lysine, Arginine, Tyrosine, Phenylalanine, Valine, Proline, Isoleucine, Histidine, Cysteine, Methionine, Ascorbic Acid, Tocopheryl Acetate, Whey Filtrate, Sodium Stearoyl Glutamate, Adenosine, Microcrystalline Cellulose, Pvm\/Ma Copolymer, Acrylates\/C10-30 Alkyl Acrylate Crosspolymer, Cellulose Gum, Tromethamine, Disodium Edta, Sodium Polyacrylate, Hydroxyacetophenone<\/p>","protected":false},"excerpt":{"rendered":"<p>Centellian24 Glutathione Toning Boosting Ampoule \u2014 \u044d\u0442\u043e \u043e\u0441\u0432\u0435\u0442\u043b\u044f\u044e\u0449\u0430\u044f \u0438 \u0432\u043e\u0441\u0441\u0442\u0430\u043d\u0430\u0432\u043b\u0438\u0432\u0430\u044e\u0449\u0430\u044f \u0430\u043c\u043f\u0443\u043b\u0430 \u043f\u0440\u0435\u043c\u0438\u0443\u043c-\u043a\u043b\u0430\u0441\u0441\u0430, \u043d\u0430\u043f\u0440\u0430\u0432\u043b\u0435\u043d\u043d\u0430\u044f \u043d\u0430 \u0432\u044b\u0440\u0430\u0432\u043d\u0438\u0432\u0430\u043d\u0438\u0435 \u0442\u043e\u043d\u0430 \u043a\u043e\u0436\u0438, \u043f\u043e\u0432\u044b\u0448\u0435\u043d\u0438\u0435 \u0441\u0438\u044f\u043d\u0438\u044f \u0438 \u0443\u043a\u0440\u0435\u043f\u043b\u0435\u043d\u0438\u0435 \u043a\u043e\u0436\u043d\u043e\u0433\u043e \u0431\u0430\u0440\u044c\u0435\u0440\u0430.<\/p>","protected":false},"featured_media":26427,"comment_status":"open","ping_status":"closed","template":"","meta":{"site-sidebar-layout":"default","site-content-layout":"","ast-site-content-layout":"default","site-content-style":"default","site-sidebar-style":"default","ast-global-header-display":"","ast-banner-title-visibility":"","ast-main-header-display":"","ast-hfb-above-header-display":"","ast-hfb-below-header-display":"","ast-hfb-mobile-header-display":"","site-post-title":"","ast-breadcrumbs-content":"","ast-featured-img":"","footer-sml-layout":"","theme-transparent-header-meta":"default","adv-header-id-meta":"","stick-header-meta":"","header-above-stick-meta":"","header-main-stick-meta":"","header-below-stick-meta":"","astra-migrate-meta-layouts":"set","ast-page-background-enabled":"default","ast-page-background-meta":{"desktop":{"background-color":"var(--ast-global-color-4)","background-image":"","background-repeat":"repeat","background-position":"center center","background-size":"auto","background-attachment":"scroll","background-type":"","background-media":"","overlay-type":"","overlay-color":"","overlay-opacity":"","overlay-gradient":""},"tablet":{"background-color":"","background-image":"","background-repeat":"repeat","background-position":"center center","background-size":"auto","background-attachment":"scroll","background-type":"","background-media":"","overlay-type":"","overlay-color":"","overlay-opacity":"","overlay-gradient":""},"mobile":{"background-color":"","background-image":"","background-repeat":"repeat","background-position":"center center","background-size":"auto","background-attachment":"scroll","background-type":"","background-media":"","overlay-type":"","overlay-color":"","overlay-opacity":"","overlay-gradient":""}},"ast-content-background-meta":{"desktop":{"background-color":"var(--ast-global-color-5)","background-image":"","background-repeat":"repeat","background-position":"center center","background-size":"auto","background-attachment":"scroll","background-type":"","background-media":"","overlay-type":"","overlay-color":"","overlay-opacity":"","overlay-gradient":""},"tablet":{"background-color":"var(--ast-global-color-5)","background-image":"","background-repeat":"repeat","background-position":"center center","background-size":"auto","background-attachment":"scroll","background-type":"","background-media":"","overlay-type":"","overlay-color":"","overlay-opacity":"","overlay-gradient":""},"mobile":{"background-color":"var(--ast-global-color-5)","background-image":"","background-repeat":"repeat","background-position":"center center","background-size":"auto","background-attachment":"scroll","background-type":"","background-media":"","overlay-type":"","overlay-color":"","overlay-opacity":"","overlay-gradient":""}}},"product_brand":[676],"product_cat":[370,371,363],"product_tag":[],"berocket_brand":[682],"class_list":{"0":"post-26426","1":"product","2":"type-product","3":"status-publish","4":"has-post-thumbnail","6":"product_brand-centellian24","7":"product_cat-adas-mirdzumam","8":"product_cat-anti-age","9":"product_cat-serumi","10":"berocket_brand-centellian24","11":"desktop-align-left","12":"tablet-align-left","13":"mobile-align-left","15":"first","16":"outofstock","17":"taxable","18":"shipping-taxable","19":"purchasable","20":"product-type-simple","21":"add-to-wishlist-before_image"},"yoast_head":"<!-- This site is optimized with the Yoast SEO plugin v27.4 - https:\/\/yoast.com\/product\/yoast-seo-wordpress\/ -->\n<title>Centellian24 Glutathione Toning Boosting Ampoule izgaismojo\u0161a un atjaunojo\u0161a ampula 30ml - FACECORNER<\/title>\n<meta name=\"description\" content=\"Centellian24 Glutathione Toning Boosting Ampoule ir premium klases izgaismojo\u0161a un atjaunojo\u0161a ampula, kas paredz\u0113ta \u0101das to\u0146a izl\u012bdzin\u0101\u0161anai, mirdzuma uzlabo\u0161anai un \u0101das barjeras stiprin\u0101\u0161anai.\" \/>\n<meta name=\"robots\" content=\"index, follow, max-snippet:-1, max-image-preview:large, max-video-preview:-1\" \/>\n<link rel=\"canonical\" href=\"https:\/\/www.facecorner.lv\/ru\/shop\/centellian24-glutathione-toning-boosting-ampoule-izgaismojosa-un-atjaunojosa-ampula-30ml\/\" \/>\n<meta property=\"og:locale\" content=\"ru_RU\" \/>\n<meta property=\"og:type\" content=\"article\" \/>\n<meta property=\"og:title\" content=\"Centellian24 Glutathione Toning Boosting Ampoule izgaismojo\u0161a un atjaunojo\u0161a ampula 30ml - FACECORNER\" \/>\n<meta property=\"og:description\" content=\"Centellian24 Glutathione Toning Boosting Ampoule ir premium klases izgaismojo\u0161a un atjaunojo\u0161a ampula, kas paredz\u0113ta \u0101das to\u0146a izl\u012bdzin\u0101\u0161anai, mirdzuma uzlabo\u0161anai un \u0101das barjeras stiprin\u0101\u0161anai.\" \/>\n<meta property=\"og:url\" content=\"https:\/\/www.facecorner.lv\/ru\/shop\/centellian24-glutathione-toning-boosting-ampoule-izgaismojosa-un-atjaunojosa-ampula-30ml\/\" \/>\n<meta property=\"og:site_name\" content=\"FACECORNER\" \/>\n<meta property=\"article:publisher\" content=\"https:\/\/www.facebook.com\/profile.php?id=100063824551839\" \/>\n<meta property=\"article:modified_time\" content=\"2026-02-25T13:24:08+00:00\" \/>\n<meta property=\"og:image\" content=\"https:\/\/www.facecorner.lv\/wp-content\/uploads\/2025\/12\/images-5.jpeg\" \/>\n\t<meta property=\"og:image:width\" content=\"225\" \/>\n\t<meta property=\"og:image:height\" content=\"225\" \/>\n\t<meta property=\"og:image:type\" content=\"image\/jpeg\" \/>\n<meta name=\"twitter:card\" content=\"summary_large_image\" \/>\n<meta name=\"twitter:label1\" content=\"\u0426\u0435\u043d\u0430\" \/>\n\t<meta name=\"twitter:data1\" content=\"&euro;29.95\" \/>\n\t<meta name=\"twitter:label2\" content=\"\u0414\u043e\u0441\u0442\u0443\u043f\u043d\u043e\u0441\u0442\u044c\" \/>\n\t<meta name=\"twitter:data2\" content=\"\u0420\u0430\u0441\u043f\u0440\u043e\u0434\u0430\u043d\u043e\" \/>\n<script type=\"application\/ld+json\" class=\"yoast-schema-graph\">{\"@context\":\"https:\\\/\\\/schema.org\",\"@graph\":[{\"@type\":\"WebPage\",\"@id\":\"https:\\\/\\\/www.facecorner.lv\\\/shop\\\/centellian24-glutathione-toning-boosting-ampoule-izgaismojosa-un-atjaunojosa-ampula-30ml\\\/\",\"url\":\"https:\\\/\\\/www.facecorner.lv\\\/shop\\\/centellian24-glutathione-toning-boosting-ampoule-izgaismojosa-un-atjaunojosa-ampula-30ml\\\/\",\"name\":\"Centellian24 Glutathione Toning Boosting Ampoule izgaismojo\u0161a un atjaunojo\u0161a ampula 30ml - FACECORNER\",\"isPartOf\":{\"@id\":\"https:\\\/\\\/www.facecorner.lv\\\/#website\"},\"primaryImageOfPage\":{\"@id\":\"https:\\\/\\\/www.facecorner.lv\\\/shop\\\/centellian24-glutathione-toning-boosting-ampoule-izgaismojosa-un-atjaunojosa-ampula-30ml\\\/#primaryimage\"},\"image\":{\"@id\":\"https:\\\/\\\/www.facecorner.lv\\\/shop\\\/centellian24-glutathione-toning-boosting-ampoule-izgaismojosa-un-atjaunojosa-ampula-30ml\\\/#primaryimage\"},\"thumbnailUrl\":\"https:\\\/\\\/www.facecorner.lv\\\/wp-content\\\/uploads\\\/2025\\\/12\\\/images-5.jpeg\",\"datePublished\":\"2025-12-17T12:52:24+00:00\",\"dateModified\":\"2026-02-25T13:24:08+00:00\",\"description\":\"Centellian24 Glutathione Toning Boosting Ampoule ir premium klases izgaismojo\u0161a un atjaunojo\u0161a ampula, kas paredz\u0113ta \u0101das to\u0146a izl\u012bdzin\u0101\u0161anai, mirdzuma uzlabo\u0161anai un \u0101das barjeras stiprin\u0101\u0161anai.\",\"breadcrumb\":{\"@id\":\"https:\\\/\\\/www.facecorner.lv\\\/shop\\\/centellian24-glutathione-toning-boosting-ampoule-izgaismojosa-un-atjaunojosa-ampula-30ml\\\/#breadcrumb\"},\"inLanguage\":\"ru-RU\",\"potentialAction\":[{\"@type\":\"ReadAction\",\"target\":[\"https:\\\/\\\/www.facecorner.lv\\\/shop\\\/centellian24-glutathione-toning-boosting-ampoule-izgaismojosa-un-atjaunojosa-ampula-30ml\\\/\"]}]},{\"@type\":\"ImageObject\",\"inLanguage\":\"ru-RU\",\"@id\":\"https:\\\/\\\/www.facecorner.lv\\\/shop\\\/centellian24-glutathione-toning-boosting-ampoule-izgaismojosa-un-atjaunojosa-ampula-30ml\\\/#primaryimage\",\"url\":\"https:\\\/\\\/www.facecorner.lv\\\/wp-content\\\/uploads\\\/2025\\\/12\\\/images-5.jpeg\",\"contentUrl\":\"https:\\\/\\\/www.facecorner.lv\\\/wp-content\\\/uploads\\\/2025\\\/12\\\/images-5.jpeg\",\"width\":225,\"height\":225,\"caption\":\"Centellian24 Glutathione Toning Boosting Ampoule\"},{\"@type\":\"BreadcrumbList\",\"@id\":\"https:\\\/\\\/www.facecorner.lv\\\/shop\\\/centellian24-glutathione-toning-boosting-ampoule-izgaismojosa-un-atjaunojosa-ampula-30ml\\\/#breadcrumb\",\"itemListElement\":[{\"@type\":\"ListItem\",\"position\":1,\"name\":\"Home\",\"item\":\"https:\\\/\\\/www.facecorner.lv\\\/\"},{\"@type\":\"ListItem\",\"position\":2,\"name\":\"Veikals\",\"item\":\"https:\\\/\\\/www.facecorner.lv\\\/shop\\\/\"},{\"@type\":\"ListItem\",\"position\":3,\"name\":\"Centellian24 Glutathione Toning Boosting Ampoule izgaismojo\u0161a un atjaunojo\u0161a ampula 30ml\"}]},{\"@type\":\"WebSite\",\"@id\":\"https:\\\/\\\/www.facecorner.lv\\\/#website\",\"url\":\"https:\\\/\\\/www.facecorner.lv\\\/\",\"name\":\"Facecorner\",\"description\":\"\",\"publisher\":{\"@id\":\"https:\\\/\\\/www.facecorner.lv\\\/#organization\"},\"potentialAction\":[{\"@type\":\"SearchAction\",\"target\":{\"@type\":\"EntryPoint\",\"urlTemplate\":\"https:\\\/\\\/www.facecorner.lv\\\/?s={search_term_string}\"},\"query-input\":{\"@type\":\"PropertyValueSpecification\",\"valueRequired\":true,\"valueName\":\"search_term_string\"}}],\"inLanguage\":\"ru-RU\"},{\"@type\":\"Organization\",\"@id\":\"https:\\\/\\\/www.facecorner.lv\\\/#organization\",\"name\":\"Facecorner\",\"url\":\"https:\\\/\\\/www.facecorner.lv\\\/\",\"logo\":{\"@type\":\"ImageObject\",\"inLanguage\":\"ru-RU\",\"@id\":\"https:\\\/\\\/www.facecorner.lv\\\/#\\\/schema\\\/logo\\\/image\\\/\",\"url\":\"https:\\\/\\\/www.facecorner.lv\\\/wp-content\\\/uploads\\\/2024\\\/04\\\/fc-logo.jpg\",\"contentUrl\":\"https:\\\/\\\/www.facecorner.lv\\\/wp-content\\\/uploads\\\/2024\\\/04\\\/fc-logo.jpg\",\"width\":174,\"height\":28,\"caption\":\"Facecorner\"},\"image\":{\"@id\":\"https:\\\/\\\/www.facecorner.lv\\\/#\\\/schema\\\/logo\\\/image\\\/\"},\"sameAs\":[\"https:\\\/\\\/www.facebook.com\\\/profile.php?id=100063824551839\",\"https:\\\/\\\/www.instagram.com\\\/facecorner_shop\\\/\"]}]}<\/script>\n<meta property=\"product:brand\" content=\"Centellian24\" \/>\n<meta property=\"product:price:amount\" content=\"29.95\" \/>\n<meta property=\"product:price:currency\" content=\"EUR\" \/>\n<meta property=\"og:availability\" content=\"out of stock\" \/>\n<meta property=\"product:availability\" content=\"out of stock\" \/>\n<meta property=\"product:condition\" content=\"new\" \/>\n<!-- \/ Yoast SEO plugin. -->","yoast_head_json":{"title":"Centellian24 Glutathione Toning Boosting Ampoule izgaismojo\u0161a un atjaunojo\u0161a ampula 30ml - FACECORNER","description":"Centellian24 Glutathione Toning Boosting Ampoule \u2014 \u044d\u0442\u043e \u043e\u0441\u0432\u0435\u0442\u043b\u044f\u044e\u0449\u0430\u044f \u0438 \u0432\u043e\u0441\u0441\u0442\u0430\u043d\u0430\u0432\u043b\u0438\u0432\u0430\u044e\u0449\u0430\u044f \u0430\u043c\u043f\u0443\u043b\u0430 \u043f\u0440\u0435\u043c\u0438\u0443\u043c-\u043a\u043b\u0430\u0441\u0441\u0430, \u043d\u0430\u043f\u0440\u0430\u0432\u043b\u0435\u043d\u043d\u0430\u044f \u043d\u0430 \u0432\u044b\u0440\u0430\u0432\u043d\u0438\u0432\u0430\u043d\u0438\u0435 \u0442\u043e\u043d\u0430 \u043a\u043e\u0436\u0438, \u043f\u043e\u0432\u044b\u0448\u0435\u043d\u0438\u0435 \u0441\u0438\u044f\u043d\u0438\u044f \u0438 \u0443\u043a\u0440\u0435\u043f\u043b\u0435\u043d\u0438\u0435 \u043a\u043e\u0436\u043d\u043e\u0433\u043e \u0431\u0430\u0440\u044c\u0435\u0440\u0430.","robots":{"index":"index","follow":"follow","max-snippet":"max-snippet:-1","max-image-preview":"max-image-preview:large","max-video-preview":"max-video-preview:-1"},"canonical":"https:\/\/www.facecorner.lv\/ru\/shop\/centellian24-glutathione-toning-boosting-ampoule-izgaismojosa-un-atjaunojosa-ampula-30ml\/","og_locale":"ru_RU","og_type":"article","og_title":"Centellian24 Glutathione Toning Boosting Ampoule izgaismojo\u0161a un atjaunojo\u0161a ampula 30ml - FACECORNER","og_description":"Centellian24 Glutathione Toning Boosting Ampoule ir premium klases izgaismojo\u0161a un atjaunojo\u0161a ampula, kas paredz\u0113ta \u0101das to\u0146a izl\u012bdzin\u0101\u0161anai, mirdzuma uzlabo\u0161anai un \u0101das barjeras stiprin\u0101\u0161anai.","og_url":"https:\/\/www.facecorner.lv\/ru\/shop\/centellian24-glutathione-toning-boosting-ampoule-izgaismojosa-un-atjaunojosa-ampula-30ml\/","og_site_name":"FACECORNER","article_publisher":"https:\/\/www.facebook.com\/profile.php?id=100063824551839","article_modified_time":"2026-02-25T13:24:08+00:00","og_image":[{"width":225,"height":225,"url":"https:\/\/www.facecorner.lv\/wp-content\/uploads\/2025\/12\/images-5.jpeg","type":"image\/jpeg"}],"twitter_card":"summary_large_image","twitter_misc":{"\u0426\u0435\u043d\u0430":"&euro;29.95","\u0414\u043e\u0441\u0442\u0443\u043f\u043d\u043e\u0441\u0442\u044c":"\u0420\u0430\u0441\u043f\u0440\u043e\u0434\u0430\u043d\u043e"},"schema":{"@context":"https:\/\/schema.org","@graph":[{"@type":"WebPage","@id":"https:\/\/www.facecorner.lv\/shop\/centellian24-glutathione-toning-boosting-ampoule-izgaismojosa-un-atjaunojosa-ampula-30ml\/","url":"https:\/\/www.facecorner.lv\/shop\/centellian24-glutathione-toning-boosting-ampoule-izgaismojosa-un-atjaunojosa-ampula-30ml\/","name":"Centellian24 Glutathione Toning Boosting Ampoule izgaismojo\u0161a un atjaunojo\u0161a ampula 30ml - FACECORNER","isPartOf":{"@id":"https:\/\/www.facecorner.lv\/#website"},"primaryImageOfPage":{"@id":"https:\/\/www.facecorner.lv\/shop\/centellian24-glutathione-toning-boosting-ampoule-izgaismojosa-un-atjaunojosa-ampula-30ml\/#primaryimage"},"image":{"@id":"https:\/\/www.facecorner.lv\/shop\/centellian24-glutathione-toning-boosting-ampoule-izgaismojosa-un-atjaunojosa-ampula-30ml\/#primaryimage"},"thumbnailUrl":"https:\/\/www.facecorner.lv\/wp-content\/uploads\/2025\/12\/images-5.jpeg","datePublished":"2025-12-17T12:52:24+00:00","dateModified":"2026-02-25T13:24:08+00:00","description":"Centellian24 Glutathione Toning Boosting Ampoule \u2014 \u044d\u0442\u043e \u043e\u0441\u0432\u0435\u0442\u043b\u044f\u044e\u0449\u0430\u044f \u0438 \u0432\u043e\u0441\u0441\u0442\u0430\u043d\u0430\u0432\u043b\u0438\u0432\u0430\u044e\u0449\u0430\u044f \u0430\u043c\u043f\u0443\u043b\u0430 \u043f\u0440\u0435\u043c\u0438\u0443\u043c-\u043a\u043b\u0430\u0441\u0441\u0430, \u043d\u0430\u043f\u0440\u0430\u0432\u043b\u0435\u043d\u043d\u0430\u044f \u043d\u0430 \u0432\u044b\u0440\u0430\u0432\u043d\u0438\u0432\u0430\u043d\u0438\u0435 \u0442\u043e\u043d\u0430 \u043a\u043e\u0436\u0438, \u043f\u043e\u0432\u044b\u0448\u0435\u043d\u0438\u0435 \u0441\u0438\u044f\u043d\u0438\u044f \u0438 \u0443\u043a\u0440\u0435\u043f\u043b\u0435\u043d\u0438\u0435 \u043a\u043e\u0436\u043d\u043e\u0433\u043e \u0431\u0430\u0440\u044c\u0435\u0440\u0430.","breadcrumb":{"@id":"https:\/\/www.facecorner.lv\/shop\/centellian24-glutathione-toning-boosting-ampoule-izgaismojosa-un-atjaunojosa-ampula-30ml\/#breadcrumb"},"inLanguage":"ru-RU","potentialAction":[{"@type":"ReadAction","target":["https:\/\/www.facecorner.lv\/shop\/centellian24-glutathione-toning-boosting-ampoule-izgaismojosa-un-atjaunojosa-ampula-30ml\/"]}]},{"@type":"ImageObject","inLanguage":"ru-RU","@id":"https:\/\/www.facecorner.lv\/shop\/centellian24-glutathione-toning-boosting-ampoule-izgaismojosa-un-atjaunojosa-ampula-30ml\/#primaryimage","url":"https:\/\/www.facecorner.lv\/wp-content\/uploads\/2025\/12\/images-5.jpeg","contentUrl":"https:\/\/www.facecorner.lv\/wp-content\/uploads\/2025\/12\/images-5.jpeg","width":225,"height":225,"caption":"Centellian24 Glutathione Toning Boosting Ampoule"},{"@type":"BreadcrumbList","@id":"https:\/\/www.facecorner.lv\/shop\/centellian24-glutathione-toning-boosting-ampoule-izgaismojosa-un-atjaunojosa-ampula-30ml\/#breadcrumb","itemListElement":[{"@type":"ListItem","position":1,"name":"Home","item":"https:\/\/www.facecorner.lv\/"},{"@type":"ListItem","position":2,"name":"Veikals","item":"https:\/\/www.facecorner.lv\/shop\/"},{"@type":"ListItem","position":3,"name":"Centellian24 Glutathione Toning Boosting Ampoule izgaismojo\u0161a un atjaunojo\u0161a ampula 30ml"}]},{"@type":"WebSite","@id":"https:\/\/www.facecorner.lv\/#website","url":"https:\/\/www.facecorner.lv\/","name":"Facecorner","description":"","publisher":{"@id":"https:\/\/www.facecorner.lv\/#organization"},"potentialAction":[{"@type":"SearchAction","target":{"@type":"EntryPoint","urlTemplate":"https:\/\/www.facecorner.lv\/?s={search_term_string}"},"query-input":{"@type":"PropertyValueSpecification","valueRequired":true,"valueName":"search_term_string"}}],"inLanguage":"ru-RU"},{"@type":"Organization","@id":"https:\/\/www.facecorner.lv\/#organization","name":"Facecorner","url":"https:\/\/www.facecorner.lv\/","logo":{"@type":"ImageObject","inLanguage":"ru-RU","@id":"https:\/\/www.facecorner.lv\/#\/schema\/logo\/image\/","url":"https:\/\/www.facecorner.lv\/wp-content\/uploads\/2024\/04\/fc-logo.jpg","contentUrl":"https:\/\/www.facecorner.lv\/wp-content\/uploads\/2024\/04\/fc-logo.jpg","width":174,"height":28,"caption":"Facecorner"},"image":{"@id":"https:\/\/www.facecorner.lv\/#\/schema\/logo\/image\/"},"sameAs":["https:\/\/www.facebook.com\/profile.php?id=100063824551839","https:\/\/www.instagram.com\/facecorner_shop\/"]}]},"product_brand":"Centellian24","product_price_amount":"29.95","product_price_currency":"EUR","og_availability":"out of stock","product_availability":"out of stock","product_condition":"new"},"_links":{"self":[{"href":"https:\/\/www.facecorner.lv\/ru\/wp-json\/wp\/v2\/product\/26426","targetHints":{"allow":["GET"]}}],"collection":[{"href":"https:\/\/www.facecorner.lv\/ru\/wp-json\/wp\/v2\/product"}],"about":[{"href":"https:\/\/www.facecorner.lv\/ru\/wp-json\/wp\/v2\/types\/product"}],"replies":[{"embeddable":true,"href":"https:\/\/www.facecorner.lv\/ru\/wp-json\/wp\/v2\/comments?post=26426"}],"wp:featuredmedia":[{"embeddable":true,"href":"https:\/\/www.facecorner.lv\/ru\/wp-json\/wp\/v2\/media\/26427"}],"wp:attachment":[{"href":"https:\/\/www.facecorner.lv\/ru\/wp-json\/wp\/v2\/media?parent=26426"}],"wp:term":[{"taxonomy":"product_brand","embeddable":true,"href":"https:\/\/www.facecorner.lv\/ru\/wp-json\/wp\/v2\/product_brand?post=26426"},{"taxonomy":"product_cat","embeddable":true,"href":"https:\/\/www.facecorner.lv\/ru\/wp-json\/wp\/v2\/product_cat?post=26426"},{"taxonomy":"product_tag","embeddable":true,"href":"https:\/\/www.facecorner.lv\/ru\/wp-json\/wp\/v2\/product_tag?post=26426"},{"taxonomy":"berocket_brand","embeddable":true,"href":"https:\/\/www.facecorner.lv\/ru\/wp-json\/wp\/v2\/berocket_brand?post=26426"}],"curies":[{"name":"wp","href":"https:\/\/api.w.org\/{rel}","templated":true}]}}