{"id":25985,"date":"2025-11-05T15:33:35","date_gmt":"2025-11-05T12:33:35","guid":{"rendered":"https:\/\/www.facecorner.lv\/?post_type=product&#038;p=25985"},"modified":"2025-11-05T15:33:35","modified_gmt":"2025-11-05T12:33:35","slug":"izgaismojoss-serums-ar-niacinamidu-un-cinku-frankly-niacinamide-15-zinc-beads-30ml","status":"publish","type":"product","link":"https:\/\/www.facecorner.lv\/ru\/shop\/izgaismojoss-serums-ar-niacinamidu-un-cinku-frankly-niacinamide-15-zinc-beads-30ml\/","title":{"rendered":"\u041e\u0441\u0432\u0435\u0442\u043b\u044f\u044e\u0449\u0430\u044f \u0441\u044b\u0432\u043e\u0440\u043e\u0442\u043a\u0430 \u0441 \u043d\u0438\u0430\u0446\u0438\u043d\u0430\u043c\u0438\u0434\u043e\u043c \u0438 \u0446\u0438\u043d\u043a\u043e\u043c Frankly Niacinamide 15% + Zinc Beads 30ml"},"content":{"rendered":"<p>\u0421\u0431\u0430\u043b\u0430\u043d\u0441\u0438\u0440\u0443\u0439 \u043a\u043e\u0436\u0443 \u0441 Frankly Niacinamide 15% + Zinc Beads \u2014 \u043a\u043e\u043d\u0446\u0435\u043d\u0442\u0440\u0438\u0440\u043e\u0432\u0430\u043d\u043d\u043e\u0439 \u0441\u044b\u0432\u043e\u0440\u043e\u0442\u043a\u043e\u0439 \u0441 \u0432\u044b\u0441\u043e\u043a\u0438\u043c \u0441\u043e\u0434\u0435\u0440\u0436\u0430\u043d\u0438\u0435\u043c \u043d\u0438\u0430\u0446\u0438\u043d\u0430\u043c\u0438\u0434\u0430 \u0438 \u0446\u0438\u043d\u043a\u043e\u043c.<\/p>\n<p>\u0424\u043e\u0440\u043c\u0443\u043b\u0430 \u043d\u0430\u043f\u0440\u0430\u0432\u043b\u0435\u043d\u0430 \u043d\u0430 \u043a\u043e\u043d\u0442\u0440\u043e\u043b\u044c \u0432\u044b\u0440\u0430\u0431\u043e\u0442\u043a\u0438 \u0441\u0435\u0431\u0443\u043c\u0430, \u0443\u043c\u0435\u043d\u044c\u0448\u0435\u043d\u0438\u0435 \u0432\u043e\u0441\u043f\u0430\u043b\u0435\u043d\u0438\u0439 \u0438 \u043f\u043e\u0440, \u0430 \u0442\u0430\u043a\u0436\u0435 \u0443\u043b\u0443\u0447\u0448\u0435\u043d\u0438\u0435 \u0442\u0435\u043a\u0443\u0447\u0435\u0441\u0442\u0438 \u0438 \u0440\u043e\u0432\u043d\u043e\u0441\u0442\u0438 \u0442\u043e\u043d\u0430 \u043a\u043e\u0436\u0438.<\/p>\n<p><strong>\u041e\u0441\u043d\u043e\u0432\u043d\u044b\u0435 \u0434\u0435\u0439\u0441\u0442\u0432\u0443\u044e\u0449\u0438\u0435 \u0438\u043d\u0433\u0440\u0435\u0434\u0438\u0435\u043d\u0442\u044b:<\/strong><\/p>\n<ul>\n<li>\u0420\u0435\u0433\u0443\u043b\u0438\u0440\u0443\u0435\u0442 \u0432\u044b\u0440\u0430\u0431\u043e\u0442\u043a\u0443 \u043a\u043e\u0436\u043d\u043e\u0433\u043e \u0441\u0430\u043b\u0430 \u0438 \u043c\u0430\u0442\u0438\u0440\u0443\u0435\u0442 \u043a\u043e\u0436\u0443<\/li>\n<li>\u0421\u0443\u0436\u0430\u0435\u0442 \u043f\u043e\u0440\u044b \u0438 \u0443\u043c\u0435\u043d\u044c\u0448\u0430\u0435\u0442 \u0432\u043e\u0441\u043f\u0430\u043b\u0435\u043d\u0438\u044f<\/li>\n<li>\u0412\u044b\u0440\u0430\u0432\u043d\u0438\u0432\u0430\u044e\u0442 \u0442\u043e\u043d \u0438 \u0442\u0435\u043a\u0441\u0442\u0443\u0440\u0443 \u043a\u043e\u0436\u0438.<\/li>\n<li>\u0423\u0441\u043a\u043e\u0440\u044f\u0435\u0442 \u0437\u0430\u0436\u0438\u0432\u043b\u0435\u043d\u0438\u0435 \u043f\u043e\u0441\u0442\u0430\u043a\u043d\u0435<\/li>\n<li>\u0423\u043a\u0440\u0435\u043f\u043b\u044f\u0435\u0442 \u0437\u0430\u0449\u0438\u0442\u043d\u044b\u0439 \u0431\u0430\u0440\u044c\u0435\u0440 \u043a\u043e\u0436\u0438<\/li>\n<\/ul>\n<p><strong>\u041e\u0441\u043d\u043e\u0432\u043d\u044b\u0435 \u0434\u0435\u0439\u0441\u0442\u0432\u0443\u044e\u0449\u0438\u0435 \u0438\u043d\u0433\u0440\u0435\u0434\u0438\u0435\u043d\u0442\u044b:<\/strong><\/p>\n<ul>\n<li>Niacinamide 15% (\u0432\u0438\u0442\u0430\u043c\u0438\u043d B3) \u2014 \u0432\u044b\u0440\u0430\u0432\u043d\u0438\u0432\u0430\u0435\u0442 \u0442\u043e\u043d \u043a\u043e\u0436\u0438, \u0443\u043c\u0435\u043d\u044c\u0448\u0430\u0435\u0442 \u043f\u044f\u0442\u043d\u0430, \u0440\u0435\u0433\u0443\u043b\u0438\u0440\u0443\u0435\u0442 \u0441\u0435\u0431\u0443\u043c \u0438 \u0443\u043a\u0440\u0435\u043f\u043b\u044f\u0435\u0442 \u0431\u0430\u0440\u044c\u0435\u0440.<\/li>\n<li>Zinc Beads (\u0446\u0438\u043d\u043a\u043e\u0432\u044b\u0435 \u043c\u0438\u043a\u0440\u043e\u043a\u0430\u043f\u0441\u0443\u043b\u044b) \u2014 \u0431\u043e\u0440\u044e\u0442\u0441\u044f \u0441 \u0432\u043e\u0441\u043f\u0430\u043b\u0435\u043d\u0438\u044f\u043c\u0438, \u0440\u0435\u0433\u0443\u043b\u0438\u0440\u0443\u044e\u0442 \u0436\u0438\u0440\u043d\u043e\u0441\u0442\u044c \u0438 \u043f\u043e\u0434\u0434\u0435\u0440\u0436\u0438\u0432\u0430\u044e\u0442 \u0447\u0438\u0441\u0442\u043e\u0442\u0443 \u043f\u043e\u0440.<\/li>\n<li>Panthenol \u0438 Allantoin \u2014 \u0443\u0441\u043f\u043e\u043a\u0430\u0438\u0432\u0430\u044e\u0442 \u043a\u043e\u0436\u0443 \u0438 \u043f\u0440\u0435\u0434\u043e\u0442\u0432\u0440\u0430\u0449\u0430\u044e\u0442 \u0440\u0430\u0437\u0434\u0440\u0430\u0436\u0435\u043d\u0438\u044f.<\/li>\n<li>Hyaluronic Acid \u2014 \u043e\u0431\u0435\u0441\u043f\u0435\u0447\u0438\u0432\u0430\u0435\u0442 \u043e\u043f\u0442\u0438\u043c\u0430\u043b\u044c\u043d\u044b\u0439 \u0443\u0440\u043e\u0432\u0435\u043d\u044c \u0443\u0432\u043b\u0430\u0436\u043d\u0435\u043d\u0438\u044f, \u043d\u0435 \u043f\u0435\u0440\u0435\u0433\u0440\u0443\u0436\u0430\u044f \u043a\u043e\u0436\u0443.<\/li>\n<\/ul>\n<p><strong>\u0420\u0435\u0437\u0443\u043b\u044c\u0442\u0430\u0442:<\/strong> \u041a\u043e\u0436\u0430 \u0441\u0442\u0430\u043d\u043e\u0432\u0438\u0442\u0441\u044f \u0431\u043e\u043b\u0435\u0435 \u0447\u0438\u0441\u0442\u043e\u0439, \u043c\u0430\u0442\u043e\u0432\u043e\u0439 \u0438 \u0433\u043b\u0430\u0434\u043a\u043e\u0439, \u0432\u043e\u0441\u043f\u0430\u043b\u0435\u043d\u0438\u044f \u0443\u043c\u0435\u043d\u044c\u0448\u0430\u044e\u0442\u0441\u044f, \u043f\u043e\u0440\u044b \u0441\u0443\u0436\u0430\u044e\u0442\u0441\u044f, \u0430 \u0446\u0432\u0435\u0442 \u043b\u0438\u0446\u0430 \u0432\u044b\u0440\u0430\u0432\u043d\u0438\u0432\u0430\u0435\u0442\u0441\u044f.<\/p>\n<p><strong>\u0421\u043f\u043e\u0441\u043e\u0431 \u043f\u0440\u0438\u043c\u0435\u043d\u0435\u043d\u0438\u044f:<\/strong>\u041e\u0447\u0438\u0441\u0442\u0438\u0442\u0435 \u043a\u043e\u0436\u0443 \u0438 \u043d\u0430\u043d\u0435\u0441\u0438\u0442\u0435 \u0442\u043e\u043d\u0435\u0440.\u0412\u043e\u0437\u044c\u043c\u0438\u0442\u0435 2\u20133 \u043a\u0430\u043f\u043b\u0438 \u0441\u044b\u0432\u043e\u0440\u043e\u0442\u043a\u0438 \u0438 \u043c\u044f\u0433\u043a\u043e \u0440\u0430\u0441\u043f\u0440\u0435\u0434\u0435\u043b\u0438\u0442\u0435 \u043f\u043e \u043b\u0438\u0446\u0443.\u0418\u0441\u043f\u043e\u043b\u044c\u0437\u0443\u0439\u0442\u0435 \u0443\u0442\u0440\u043e\u043c \u0438\/\u0438\u043b\u0438 \u0432\u0435\u0447\u0435\u0440\u043e\u043c \u043f\u0435\u0440\u0435\u0434 \u043a\u0440\u0435\u043c\u043e\u043c.\u0414\u043b\u044f \u0447\u0443\u0432\u0441\u0442\u0432\u0438\u0442\u0435\u043b\u044c\u043d\u043e\u0439 \u043a\u043e\u0436\u0438 \u043d\u0430\u0447\u0438\u043d\u0430\u0439\u0442\u0435 \u0441 3 \u0440\u0430\u0437 \u0432 \u043d\u0435\u0434\u0435\u043b\u044e.<\/p>\n<p><strong>\u0421\u043e\u0441\u0442\u0430\u0432:<\/strong>: Water, Niacinamide (15%), Zinc PCA, Glycerin, Butylene Glycol, Panthenol, Allantoin, Sodium Hyaluronate, Carbomer, Triethanolamine, Hydroxyethylcellulose, Ethylhexylglycerin, Phenoxyethanol, Zinc Beads (Encapsulated Zinc), Fragrance.<\/p>","protected":false},"excerpt":{"rendered":"<p>\u0421\u0431\u0430\u043b\u0430\u043d\u0441\u0438\u0440\u0443\u0439 \u043a\u043e\u0436\u0443 \u0441 Frankly Niacinamide 15% + Zinc Beads \u2014 \u043a\u043e\u043d\u0446\u0435\u043d\u0442\u0440\u0438\u0440\u043e\u0432\u0430\u043d\u043d\u043e\u0439 \u0441\u044b\u0432\u043e\u0440\u043e\u0442\u043a\u043e\u0439 \u0441 \u0432\u044b\u0441\u043e\u043a\u0438\u043c \u0441\u043e\u0434\u0435\u0440\u0436\u0430\u043d\u0438\u0435\u043c \u043d\u0438\u0430\u0446\u0438\u043d\u0430\u043c\u0438\u0434\u0430 \u0438 \u0446\u0438\u043d\u043a\u043e\u043c.<\/p>","protected":false},"featured_media":25986,"comment_status":"open","ping_status":"closed","template":"","meta":{"site-sidebar-layout":"default","site-content-layout":"","ast-site-content-layout":"default","site-content-style":"default","site-sidebar-style":"default","ast-global-header-display":"","ast-banner-title-visibility":"","ast-main-header-display":"","ast-hfb-above-header-display":"","ast-hfb-below-header-display":"","ast-hfb-mobile-header-display":"","site-post-title":"","ast-breadcrumbs-content":"","ast-featured-img":"","footer-sml-layout":"","theme-transparent-header-meta":"default","adv-header-id-meta":"","stick-header-meta":"","header-above-stick-meta":"","header-main-stick-meta":"","header-below-stick-meta":"","astra-migrate-meta-layouts":"set","ast-page-background-enabled":"default","ast-page-background-meta":{"desktop":{"background-color":"var(--ast-global-color-4)","background-image":"","background-repeat":"repeat","background-position":"center center","background-size":"auto","background-attachment":"scroll","background-type":"","background-media":"","overlay-type":"","overlay-color":"","overlay-opacity":"","overlay-gradient":""},"tablet":{"background-color":"","background-image":"","background-repeat":"repeat","background-position":"center center","background-size":"auto","background-attachment":"scroll","background-type":"","background-media":"","overlay-type":"","overlay-color":"","overlay-opacity":"","overlay-gradient":""},"mobile":{"background-color":"","background-image":"","background-repeat":"repeat","background-position":"center center","background-size":"auto","background-attachment":"scroll","background-type":"","background-media":"","overlay-type":"","overlay-color":"","overlay-opacity":"","overlay-gradient":""}},"ast-content-background-meta":{"desktop":{"background-color":"var(--ast-global-color-5)","background-image":"","background-repeat":"repeat","background-position":"center center","background-size":"auto","background-attachment":"scroll","background-type":"","background-media":"","overlay-type":"","overlay-color":"","overlay-opacity":"","overlay-gradient":""},"tablet":{"background-color":"var(--ast-global-color-5)","background-image":"","background-repeat":"repeat","background-position":"center center","background-size":"auto","background-attachment":"scroll","background-type":"","background-media":"","overlay-type":"","overlay-color":"","overlay-opacity":"","overlay-gradient":""},"mobile":{"background-color":"var(--ast-global-color-5)","background-image":"","background-repeat":"repeat","background-position":"center center","background-size":"auto","background-attachment":"scroll","background-type":"","background-media":"","overlay-type":"","overlay-color":"","overlay-opacity":"","overlay-gradient":""}}},"product_brand":[],"product_cat":[373,374,363],"product_tag":[],"berocket_brand":[668],"class_list":{"0":"post-25985","1":"product","2":"type-product","3":"status-publish","4":"has-post-thumbnail","6":"product_cat-poras-sasaurinoss","7":"product_cat-pret-pinnem","8":"product_cat-serumi","9":"berocket_brand-frankly","10":"desktop-align-left","11":"tablet-align-left","12":"mobile-align-left","14":"first","15":"instock","16":"taxable","17":"shipping-taxable","18":"purchasable","19":"product-type-simple","20":"add-to-wishlist-before_image"},"yoast_head":"<!-- This site is optimized with the Yoast SEO plugin v27.4 - https:\/\/yoast.com\/product\/yoast-seo-wordpress\/ -->\n<title>Izgaismojo\u0161s serums ar niac\u012bnam\u012bdu un cinku Frankly Niacinamide 15% + Zinc Beads 30ml - FACECORNER<\/title>\n<meta name=\"description\" content=\"L\u012bdzsvaro \u0101du ar Frankly Niacinamide 15% + Zinc Beads \u2014 koncentr\u0113tu serumu ar augstu niac\u012bnam\u012bda un cinka saturu.\" \/>\n<meta name=\"robots\" content=\"index, follow, max-snippet:-1, max-image-preview:large, max-video-preview:-1\" \/>\n<link rel=\"canonical\" href=\"https:\/\/www.facecorner.lv\/ru\/shop\/izgaismojoss-serums-ar-niacinamidu-un-cinku-frankly-niacinamide-15-zinc-beads-30ml\/\" \/>\n<meta property=\"og:locale\" content=\"ru_RU\" \/>\n<meta property=\"og:type\" content=\"article\" \/>\n<meta property=\"og:title\" content=\"Izgaismojo\u0161s serums ar niac\u012bnam\u012bdu un cinku Frankly Niacinamide 15% + Zinc Beads 30ml - FACECORNER\" \/>\n<meta property=\"og:description\" content=\"L\u012bdzsvaro \u0101du ar Frankly Niacinamide 15% + Zinc Beads \u2014 koncentr\u0113tu serumu ar augstu niac\u012bnam\u012bda un cinka saturu.\" \/>\n<meta property=\"og:url\" content=\"https:\/\/www.facecorner.lv\/ru\/shop\/izgaismojoss-serums-ar-niacinamidu-un-cinku-frankly-niacinamide-15-zinc-beads-30ml\/\" \/>\n<meta property=\"og:site_name\" content=\"FACECORNER\" \/>\n<meta property=\"article:publisher\" content=\"https:\/\/www.facebook.com\/profile.php?id=100063824551839\" \/>\n<meta property=\"og:image\" content=\"https:\/\/www.facecorner.lv\/wp-content\/uploads\/2025\/11\/FRANKLYNiacinamide15_ZincBeadsSerum30ml-1_600x600.webp\" \/>\n\t<meta property=\"og:image:width\" content=\"600\" \/>\n\t<meta property=\"og:image:height\" content=\"600\" \/>\n\t<meta property=\"og:image:type\" content=\"image\/webp\" \/>\n<meta name=\"twitter:card\" content=\"summary_large_image\" \/>\n<meta name=\"twitter:label1\" content=\"\u0426\u0435\u043d\u0430\" \/>\n\t<meta name=\"twitter:data1\" content=\"&euro;28.90\" \/>\n\t<meta name=\"twitter:label2\" content=\"\u0414\u043e\u0441\u0442\u0443\u043f\u043d\u043e\u0441\u0442\u044c\" \/>\n\t<meta name=\"twitter:data2\" content=\"\u0412 \u043d\u0430\u043b\u0438\u0447\u0438\u0438\" \/>\n<script type=\"application\/ld+json\" class=\"yoast-schema-graph\">{\"@context\":\"https:\\\/\\\/schema.org\",\"@graph\":[{\"@type\":\"WebPage\",\"@id\":\"https:\\\/\\\/www.facecorner.lv\\\/shop\\\/izgaismojoss-serums-ar-niacinamidu-un-cinku-frankly-niacinamide-15-zinc-beads-30ml\\\/\",\"url\":\"https:\\\/\\\/www.facecorner.lv\\\/shop\\\/izgaismojoss-serums-ar-niacinamidu-un-cinku-frankly-niacinamide-15-zinc-beads-30ml\\\/\",\"name\":\"Izgaismojo\u0161s serums ar niac\u012bnam\u012bdu un cinku Frankly Niacinamide 15% + Zinc Beads 30ml - FACECORNER\",\"isPartOf\":{\"@id\":\"https:\\\/\\\/www.facecorner.lv\\\/#website\"},\"primaryImageOfPage\":{\"@id\":\"https:\\\/\\\/www.facecorner.lv\\\/shop\\\/izgaismojoss-serums-ar-niacinamidu-un-cinku-frankly-niacinamide-15-zinc-beads-30ml\\\/#primaryimage\"},\"image\":{\"@id\":\"https:\\\/\\\/www.facecorner.lv\\\/shop\\\/izgaismojoss-serums-ar-niacinamidu-un-cinku-frankly-niacinamide-15-zinc-beads-30ml\\\/#primaryimage\"},\"thumbnailUrl\":\"https:\\\/\\\/www.facecorner.lv\\\/wp-content\\\/uploads\\\/2025\\\/11\\\/FRANKLYNiacinamide15_ZincBeadsSerum30ml-1_600x600.webp\",\"datePublished\":\"2025-11-05T12:33:35+00:00\",\"description\":\"L\u012bdzsvaro \u0101du ar Frankly Niacinamide 15% + Zinc Beads \u2014 koncentr\u0113tu serumu ar augstu niac\u012bnam\u012bda un cinka saturu.\",\"breadcrumb\":{\"@id\":\"https:\\\/\\\/www.facecorner.lv\\\/shop\\\/izgaismojoss-serums-ar-niacinamidu-un-cinku-frankly-niacinamide-15-zinc-beads-30ml\\\/#breadcrumb\"},\"inLanguage\":\"ru-RU\",\"potentialAction\":[{\"@type\":\"ReadAction\",\"target\":[\"https:\\\/\\\/www.facecorner.lv\\\/shop\\\/izgaismojoss-serums-ar-niacinamidu-un-cinku-frankly-niacinamide-15-zinc-beads-30ml\\\/\"]}]},{\"@type\":\"ImageObject\",\"inLanguage\":\"ru-RU\",\"@id\":\"https:\\\/\\\/www.facecorner.lv\\\/shop\\\/izgaismojoss-serums-ar-niacinamidu-un-cinku-frankly-niacinamide-15-zinc-beads-30ml\\\/#primaryimage\",\"url\":\"https:\\\/\\\/www.facecorner.lv\\\/wp-content\\\/uploads\\\/2025\\\/11\\\/FRANKLYNiacinamide15_ZincBeadsSerum30ml-1_600x600.webp\",\"contentUrl\":\"https:\\\/\\\/www.facecorner.lv\\\/wp-content\\\/uploads\\\/2025\\\/11\\\/FRANKLYNiacinamide15_ZincBeadsSerum30ml-1_600x600.webp\",\"width\":600,\"height\":600,\"caption\":\"Frankly Niacinamide 15% + Zinc Beads\"},{\"@type\":\"BreadcrumbList\",\"@id\":\"https:\\\/\\\/www.facecorner.lv\\\/shop\\\/izgaismojoss-serums-ar-niacinamidu-un-cinku-frankly-niacinamide-15-zinc-beads-30ml\\\/#breadcrumb\",\"itemListElement\":[{\"@type\":\"ListItem\",\"position\":1,\"name\":\"Home\",\"item\":\"https:\\\/\\\/www.facecorner.lv\\\/\"},{\"@type\":\"ListItem\",\"position\":2,\"name\":\"Veikals\",\"item\":\"https:\\\/\\\/www.facecorner.lv\\\/shop\\\/\"},{\"@type\":\"ListItem\",\"position\":3,\"name\":\"Izgaismojo\u0161s serums ar niac\u012bnam\u012bdu un cinku Frankly Niacinamide 15% + Zinc Beads 30ml\"}]},{\"@type\":\"WebSite\",\"@id\":\"https:\\\/\\\/www.facecorner.lv\\\/#website\",\"url\":\"https:\\\/\\\/www.facecorner.lv\\\/\",\"name\":\"Facecorner\",\"description\":\"\",\"publisher\":{\"@id\":\"https:\\\/\\\/www.facecorner.lv\\\/#organization\"},\"potentialAction\":[{\"@type\":\"SearchAction\",\"target\":{\"@type\":\"EntryPoint\",\"urlTemplate\":\"https:\\\/\\\/www.facecorner.lv\\\/?s={search_term_string}\"},\"query-input\":{\"@type\":\"PropertyValueSpecification\",\"valueRequired\":true,\"valueName\":\"search_term_string\"}}],\"inLanguage\":\"ru-RU\"},{\"@type\":\"Organization\",\"@id\":\"https:\\\/\\\/www.facecorner.lv\\\/#organization\",\"name\":\"Facecorner\",\"url\":\"https:\\\/\\\/www.facecorner.lv\\\/\",\"logo\":{\"@type\":\"ImageObject\",\"inLanguage\":\"ru-RU\",\"@id\":\"https:\\\/\\\/www.facecorner.lv\\\/#\\\/schema\\\/logo\\\/image\\\/\",\"url\":\"https:\\\/\\\/www.facecorner.lv\\\/wp-content\\\/uploads\\\/2024\\\/04\\\/fc-logo.jpg\",\"contentUrl\":\"https:\\\/\\\/www.facecorner.lv\\\/wp-content\\\/uploads\\\/2024\\\/04\\\/fc-logo.jpg\",\"width\":174,\"height\":28,\"caption\":\"Facecorner\"},\"image\":{\"@id\":\"https:\\\/\\\/www.facecorner.lv\\\/#\\\/schema\\\/logo\\\/image\\\/\"},\"sameAs\":[\"https:\\\/\\\/www.facebook.com\\\/profile.php?id=100063824551839\",\"https:\\\/\\\/www.instagram.com\\\/facecorner_shop\\\/\"]}]}<\/script>\n<meta property=\"product:price:amount\" content=\"28.90\" \/>\n<meta property=\"product:price:currency\" content=\"EUR\" \/>\n<meta property=\"og:availability\" content=\"instock\" \/>\n<meta property=\"product:availability\" content=\"instock\" \/>\n<meta property=\"product:condition\" content=\"new\" \/>\n<!-- \/ Yoast SEO plugin. -->","yoast_head_json":{"title":"Izgaismojo\u0161s serums ar niac\u012bnam\u012bdu un cinku Frankly Niacinamide 15% + Zinc Beads 30ml - FACECORNER","description":"\u0421\u0431\u0430\u043b\u0430\u043d\u0441\u0438\u0440\u0443\u0439 \u043a\u043e\u0436\u0443 \u0441 Frankly Niacinamide 15% + Zinc Beads \u2014 \u043a\u043e\u043d\u0446\u0435\u043d\u0442\u0440\u0438\u0440\u043e\u0432\u0430\u043d\u043d\u043e\u0439 \u0441\u044b\u0432\u043e\u0440\u043e\u0442\u043a\u043e\u0439 \u0441 \u0432\u044b\u0441\u043e\u043a\u0438\u043c \u0441\u043e\u0434\u0435\u0440\u0436\u0430\u043d\u0438\u0435\u043c \u043d\u0438\u0430\u0446\u0438\u043d\u0430\u043c\u0438\u0434\u0430 \u0438 \u0446\u0438\u043d\u043a\u043e\u043c.","robots":{"index":"index","follow":"follow","max-snippet":"max-snippet:-1","max-image-preview":"max-image-preview:large","max-video-preview":"max-video-preview:-1"},"canonical":"https:\/\/www.facecorner.lv\/ru\/shop\/izgaismojoss-serums-ar-niacinamidu-un-cinku-frankly-niacinamide-15-zinc-beads-30ml\/","og_locale":"ru_RU","og_type":"article","og_title":"Izgaismojo\u0161s serums ar niac\u012bnam\u012bdu un cinku Frankly Niacinamide 15% + Zinc Beads 30ml - FACECORNER","og_description":"L\u012bdzsvaro \u0101du ar Frankly Niacinamide 15% + Zinc Beads \u2014 koncentr\u0113tu serumu ar augstu niac\u012bnam\u012bda un cinka saturu.","og_url":"https:\/\/www.facecorner.lv\/ru\/shop\/izgaismojoss-serums-ar-niacinamidu-un-cinku-frankly-niacinamide-15-zinc-beads-30ml\/","og_site_name":"FACECORNER","article_publisher":"https:\/\/www.facebook.com\/profile.php?id=100063824551839","og_image":[{"width":600,"height":600,"url":"https:\/\/www.facecorner.lv\/wp-content\/uploads\/2025\/11\/FRANKLYNiacinamide15_ZincBeadsSerum30ml-1_600x600.webp","type":"image\/webp"}],"twitter_card":"summary_large_image","twitter_misc":{"\u0426\u0435\u043d\u0430":"&euro;28.90","\u0414\u043e\u0441\u0442\u0443\u043f\u043d\u043e\u0441\u0442\u044c":"\u0412 \u043d\u0430\u043b\u0438\u0447\u0438\u0438"},"schema":{"@context":"https:\/\/schema.org","@graph":[{"@type":"WebPage","@id":"https:\/\/www.facecorner.lv\/shop\/izgaismojoss-serums-ar-niacinamidu-un-cinku-frankly-niacinamide-15-zinc-beads-30ml\/","url":"https:\/\/www.facecorner.lv\/shop\/izgaismojoss-serums-ar-niacinamidu-un-cinku-frankly-niacinamide-15-zinc-beads-30ml\/","name":"Izgaismojo\u0161s serums ar niac\u012bnam\u012bdu un cinku Frankly Niacinamide 15% + Zinc Beads 30ml - FACECORNER","isPartOf":{"@id":"https:\/\/www.facecorner.lv\/#website"},"primaryImageOfPage":{"@id":"https:\/\/www.facecorner.lv\/shop\/izgaismojoss-serums-ar-niacinamidu-un-cinku-frankly-niacinamide-15-zinc-beads-30ml\/#primaryimage"},"image":{"@id":"https:\/\/www.facecorner.lv\/shop\/izgaismojoss-serums-ar-niacinamidu-un-cinku-frankly-niacinamide-15-zinc-beads-30ml\/#primaryimage"},"thumbnailUrl":"https:\/\/www.facecorner.lv\/wp-content\/uploads\/2025\/11\/FRANKLYNiacinamide15_ZincBeadsSerum30ml-1_600x600.webp","datePublished":"2025-11-05T12:33:35+00:00","description":"\u0421\u0431\u0430\u043b\u0430\u043d\u0441\u0438\u0440\u0443\u0439 \u043a\u043e\u0436\u0443 \u0441 Frankly Niacinamide 15% + Zinc Beads \u2014 \u043a\u043e\u043d\u0446\u0435\u043d\u0442\u0440\u0438\u0440\u043e\u0432\u0430\u043d\u043d\u043e\u0439 \u0441\u044b\u0432\u043e\u0440\u043e\u0442\u043a\u043e\u0439 \u0441 \u0432\u044b\u0441\u043e\u043a\u0438\u043c \u0441\u043e\u0434\u0435\u0440\u0436\u0430\u043d\u0438\u0435\u043c \u043d\u0438\u0430\u0446\u0438\u043d\u0430\u043c\u0438\u0434\u0430 \u0438 \u0446\u0438\u043d\u043a\u043e\u043c.","breadcrumb":{"@id":"https:\/\/www.facecorner.lv\/shop\/izgaismojoss-serums-ar-niacinamidu-un-cinku-frankly-niacinamide-15-zinc-beads-30ml\/#breadcrumb"},"inLanguage":"ru-RU","potentialAction":[{"@type":"ReadAction","target":["https:\/\/www.facecorner.lv\/shop\/izgaismojoss-serums-ar-niacinamidu-un-cinku-frankly-niacinamide-15-zinc-beads-30ml\/"]}]},{"@type":"ImageObject","inLanguage":"ru-RU","@id":"https:\/\/www.facecorner.lv\/shop\/izgaismojoss-serums-ar-niacinamidu-un-cinku-frankly-niacinamide-15-zinc-beads-30ml\/#primaryimage","url":"https:\/\/www.facecorner.lv\/wp-content\/uploads\/2025\/11\/FRANKLYNiacinamide15_ZincBeadsSerum30ml-1_600x600.webp","contentUrl":"https:\/\/www.facecorner.lv\/wp-content\/uploads\/2025\/11\/FRANKLYNiacinamide15_ZincBeadsSerum30ml-1_600x600.webp","width":600,"height":600,"caption":"Frankly Niacinamide 15% + Zinc Beads"},{"@type":"BreadcrumbList","@id":"https:\/\/www.facecorner.lv\/shop\/izgaismojoss-serums-ar-niacinamidu-un-cinku-frankly-niacinamide-15-zinc-beads-30ml\/#breadcrumb","itemListElement":[{"@type":"ListItem","position":1,"name":"Home","item":"https:\/\/www.facecorner.lv\/"},{"@type":"ListItem","position":2,"name":"Veikals","item":"https:\/\/www.facecorner.lv\/shop\/"},{"@type":"ListItem","position":3,"name":"Izgaismojo\u0161s serums ar niac\u012bnam\u012bdu un cinku Frankly Niacinamide 15% + Zinc Beads 30ml"}]},{"@type":"WebSite","@id":"https:\/\/www.facecorner.lv\/#website","url":"https:\/\/www.facecorner.lv\/","name":"Facecorner","description":"","publisher":{"@id":"https:\/\/www.facecorner.lv\/#organization"},"potentialAction":[{"@type":"SearchAction","target":{"@type":"EntryPoint","urlTemplate":"https:\/\/www.facecorner.lv\/?s={search_term_string}"},"query-input":{"@type":"PropertyValueSpecification","valueRequired":true,"valueName":"search_term_string"}}],"inLanguage":"ru-RU"},{"@type":"Organization","@id":"https:\/\/www.facecorner.lv\/#organization","name":"Facecorner","url":"https:\/\/www.facecorner.lv\/","logo":{"@type":"ImageObject","inLanguage":"ru-RU","@id":"https:\/\/www.facecorner.lv\/#\/schema\/logo\/image\/","url":"https:\/\/www.facecorner.lv\/wp-content\/uploads\/2024\/04\/fc-logo.jpg","contentUrl":"https:\/\/www.facecorner.lv\/wp-content\/uploads\/2024\/04\/fc-logo.jpg","width":174,"height":28,"caption":"Facecorner"},"image":{"@id":"https:\/\/www.facecorner.lv\/#\/schema\/logo\/image\/"},"sameAs":["https:\/\/www.facebook.com\/profile.php?id=100063824551839","https:\/\/www.instagram.com\/facecorner_shop\/"]}]},"product_price_amount":"28.90","product_price_currency":"EUR","og_availability":"instock","product_availability":"instock","product_condition":"new"},"_links":{"self":[{"href":"https:\/\/www.facecorner.lv\/ru\/wp-json\/wp\/v2\/product\/25985","targetHints":{"allow":["GET"]}}],"collection":[{"href":"https:\/\/www.facecorner.lv\/ru\/wp-json\/wp\/v2\/product"}],"about":[{"href":"https:\/\/www.facecorner.lv\/ru\/wp-json\/wp\/v2\/types\/product"}],"replies":[{"embeddable":true,"href":"https:\/\/www.facecorner.lv\/ru\/wp-json\/wp\/v2\/comments?post=25985"}],"wp:featuredmedia":[{"embeddable":true,"href":"https:\/\/www.facecorner.lv\/ru\/wp-json\/wp\/v2\/media\/25986"}],"wp:attachment":[{"href":"https:\/\/www.facecorner.lv\/ru\/wp-json\/wp\/v2\/media?parent=25985"}],"wp:term":[{"taxonomy":"product_brand","embeddable":true,"href":"https:\/\/www.facecorner.lv\/ru\/wp-json\/wp\/v2\/product_brand?post=25985"},{"taxonomy":"product_cat","embeddable":true,"href":"https:\/\/www.facecorner.lv\/ru\/wp-json\/wp\/v2\/product_cat?post=25985"},{"taxonomy":"product_tag","embeddable":true,"href":"https:\/\/www.facecorner.lv\/ru\/wp-json\/wp\/v2\/product_tag?post=25985"},{"taxonomy":"berocket_brand","embeddable":true,"href":"https:\/\/www.facecorner.lv\/ru\/wp-json\/wp\/v2\/berocket_brand?post=25985"}],"curies":[{"name":"wp","href":"https:\/\/api.w.org\/{rel}","templated":true}]}}