{"id":25910,"date":"2025-10-30T20:48:46","date_gmt":"2025-10-30T17:48:46","guid":{"rendered":"https:\/\/www.facecorner.lv\/?post_type=product&#038;p=25910"},"modified":"2026-05-06T13:37:35","modified_gmt":"2026-05-06T10:37:35","slug":"daeng-gi-meo-ri-glamorous-volume-shampoo-400ml","status":"publish","type":"product","link":"https:\/\/www.facecorner.lv\/ru\/shop\/daeng-gi-meo-ri-glamorous-volume-shampoo-400ml\/","title":{"rendered":"Daeng Gi Meo Ri Glamorous Volume Shampoo apjomu \u0161ampuns 400ml"},"content":{"rendered":"<p>\u042d\u0442\u043e\u0442 \u043f\u0440\u043e\u0444\u0435\u0441\u0441\u0438\u043e\u043d\u0430\u043b\u044c\u043d\u044b\u0439 \u0448\u0430\u043c\u043f\u0443\u043d\u044c \u0441\u043e\u0437\u0434\u0430\u043d, \u0447\u0442\u043e\u0431\u044b \u043f\u0440\u0438\u0434\u0430\u0442\u044c \u0432\u043e\u043b\u043e\u0441\u0430\u043c \u0437\u043d\u0430\u0447\u0438\u0442\u0435\u043b\u044c\u043d\u044b\u0439 \u043e\u0431\u044a\u0451\u043c \u043e\u0442 \u043a\u043e\u0440\u043d\u0435\u0439 \u0438 \u0432\u0438\u0437\u0443\u0430\u043b\u044c\u043d\u043e \u0443\u0432\u0435\u043b\u0438\u0447\u0438\u0442\u044c \u0433\u0443\u0441\u0442\u043e\u0442\u0443.<\/p>\n<p>\u0421\u043e\u0434\u0435\u0440\u0436\u0438\u0442 \u0431\u043e\u043b\u0435\u0435 35 % \u0442\u0440\u0430\u0434\u0438\u0446\u0438\u043e\u043d\u043d\u044b\u0445 \u043a\u043e\u0440\u0435\u0439\u0441\u043a\u0438\u0445 \u0442\u0440\u0430\u0432, \u043a\u043e\u0442\u043e\u0440\u044b\u0435 \u0431\u0435\u0440\u0435\u0436\u043d\u043e \u0443\u0445\u0430\u0436\u0438\u0432\u0430\u044e\u0442 \u0437\u0430 \u043a\u043e\u0436\u0435\u0439 \u0433\u043e\u043b\u043e\u0432\u044b \u0438 \u0432\u043e\u043b\u043e\u0441\u0430\u043c\u0438 \u043f\u043e \u0432\u0441\u0435\u0439 \u0434\u043b\u0438\u043d\u0435. \u0424\u043e\u0440\u043c\u0443\u043b\u0430 \u0441\u043e\u0447\u0435\u0442\u0430\u0435\u0442 \u043c\u044f\u0433\u043a\u0443\u044e \u043e\u0447\u0438\u0449\u0430\u044e\u0449\u0443\u044e \u0431\u0430\u0437\u0443 \u0438 \u0431\u043e\u0433\u0430\u0442\u044b\u0439 \u0440\u0430\u0441\u0442\u0438\u0442\u0435\u043b\u044c\u043d\u044b\u0439 \u043a\u043e\u043c\u043f\u043b\u0435\u043a\u0441 \u0434\u043b\u044f \u0437\u0430\u043c\u0435\u0442\u043d\u043e\u0433\u043e \u0440\u0435\u0437\u0443\u043b\u044c\u0442\u0430\u0442\u0430 \u0443\u0436\u0435 \u043f\u043e\u0441\u043b\u0435 \u043f\u0435\u0440\u0432\u043e\u0433\u043e \u043f\u0440\u0438\u043c\u0435\u043d\u0435\u043d\u0438\u044f<\/p>\n<p><strong>\u041f\u043e\u0434\u0445\u043e\u0434\u0438\u0442 \u0434\u043b\u044f:<\/strong><\/p>\n<ul>\n<li>\u0443\u0441\u0442\u0440\u0430\u043d\u0438\u0442\u044c \u043d\u0430\u043a\u043e\u043f\u0438\u0432\u0448\u0438\u0435\u0441\u044f \u0437\u0430\u0433\u0440\u044f\u0437\u043d\u0435\u043d\u0438\u044f, \u0441\u0435\u0431\u0443\u043c \u0438 \u043e\u0441\u0442\u0430\u0442\u043a\u0438 \u0441\u0442\u0430\u0439\u043b\u0438\u043d\u0433\u0430<\/li>\n<li>\u043f\u0440\u0438\u0434\u0430\u0442\u044c \u0432\u043e\u043b\u043e\u0441\u0430\u043c \u043b\u0451\u0433\u043a\u043e\u0441\u0442\u044c, \u043d\u0430\u0441\u044b\u0449\u0435\u043d\u043d\u044b\u0439 \u043f\u0440\u0438\u043a\u043e\u0440\u043d\u0435\u0432\u043e\u0439 \u043e\u0431\u044a\u0451\u043c \u0438 \u0431\u043b\u0435\u0441\u043a<\/li>\n<\/ul>\n<p>\u0412 \u0441\u043e\u0441\u0442\u0430\u0432 \u0432\u0445\u043e\u0434\u044f\u0442 \u044d\u043a\u0441\u0442\u0440\u0430\u043a\u0442\u044b \u0445\u0440\u0438\u0437\u0430\u043d\u0442\u0435\u043c\u044b, \u043a\u0440\u0430\u0441\u043d\u043e\u0433\u043e \u0436\u0435\u043d\u044c\u0448\u0435\u043d\u044f \u0438 \u0440\u0435\u0445\u043c\u0430\u043d\u0438\u0438, \u0431\u043b\u0430\u0433\u043e\u0434\u0430\u0440\u044f \u043a\u043e\u0442\u043e\u0440\u044b\u043c \u0434\u0430\u0436\u0435 \u043f\u043e\u0432\u0440\u0435\u0436\u0434\u0435\u043d\u043d\u044b\u0435 \u0432\u043e\u043b\u043e\u0441\u044b \u0431\u044b\u0441\u0442\u0440\u043e \u0432\u043e\u0441\u0441\u0442\u0430\u043d\u0430\u0432\u043b\u0438\u0432\u0430\u044e\u0442\u0441\u044f \u0438 \u043e\u0431\u0440\u0435\u0442\u0430\u044e\u0442 \u0437\u0434\u043e\u0440\u043e\u0432\u044b\u0439, \u0431\u043b\u0435\u0441\u0442\u044f\u0449\u0438\u0439 \u0432\u0438\u0434.<span style=\"font-size: 16px;\">\u042d\u043a\u0441\u0442\u0440\u0430\u043a\u0442\u044b \u044f\u0431\u043b\u043e\u043a\u0430, \u0433\u0440\u0435\u0439\u043f\u0444\u0440\u0443\u0442\u0430, \u0434\u0438\u043a\u043e\u0439 \u0432\u0438\u0448\u043d\u0438, \u043f\u0435\u0440\u0441\u0438\u043a\u0430 \u043f\u0440\u0438\u0434\u0430\u044e\u0442 \u0443\u0432\u043b\u0430\u0436\u043d\u0435\u043d\u0438\u0435 \u0438 \u043f\u0438\u0442\u0430\u044e\u0442 \u043d\u0430\u0442\u0443\u0440\u0430\u043b\u044c\u043d\u044b\u043c\u0438 \u0432\u0438\u0442\u0430\u043c\u0438\u043d\u0430\u043c\u0438 \u0438 \u043c\u0438\u043d\u0435\u0440\u0430\u043b\u0430\u043c\u0438.<\/span>\u041c\u044f\u0433\u043a\u0430\u044f \u043c\u043e\u044e\u0449\u0430\u044f \u043e\u0441\u043d\u043e\u0432\u0430 \u0432 \u0441\u043e\u0447\u0435\u0442\u0430\u043d\u0438\u0438 \u0441 \u043a\u043e\u043c\u043f\u043b\u0435\u043a\u0441\u043e\u043c \u043d\u0430\u0442\u0443\u0440\u0430\u043b\u044c\u043d\u044b\u0445 \u0432\u0435\u0449\u0435\u0441\u0442\u0432 \u043f\u0440\u0438\u0434\u0430\u044e\u0442 \u0432\u043e\u043b\u043e\u0441\u0430\u043c \u043b\u0435\u0433\u043a\u043e\u0441\u0442\u044c \u0438 \u0432\u043e\u0437\u0434\u0443\u0448\u043d\u043e\u0441\u0442\u044c, \u043f\u0440\u0438\u0440\u043e\u0434\u043d\u043e\u0435 \u0441\u0438\u044f\u043d\u0438\u0435 \u0438 \u043f\u0440\u043e\u0447\u043d\u043e\u0441\u0442\u044c.<\/p>\n<p><strong>\u0421\u043f\u043e\u0441\u043e\u0431 \u043f\u0440\u0438\u043c\u0435\u043d\u0435\u043d\u0438\u044f:<\/strong><\/p>\n<p>Izdaliet nelielu daudzumu \u0161amp\u016bna pa mitriem matiem. Mas\u0113jiet da\u017eas min\u016btes, \u012bpa\u0161u uzman\u012bbu piev\u0113r\u0161ot sakn\u0113m. Nomazg\u0101jiet ieg\u016bt\u0101s putas ar lielu daudzumu silta \u016bdens.<\/p>\n<p><strong>\u0421\u043e\u0441\u0442\u0430\u0432:<\/strong>: Water, Panax Ginseng Root Extract, Rehmannia Glutinosa Root Extract, Chrysanthemum Zawadskii Extract, Disodium Cocoamphodiacetate, Sodium C14-16 Olefin Sulfonate, Disodium Laureth Sulfosuccinate, Cocamidopropyl Betaine, Sodium Chloride, Thuja Orientalis Leaf Extract, Morus Alba Bark Extract, Houttuynia Cordata Extract, Polygonum Multiflorum Root Extract, Fragrance, PEG-7 Glyceryl Cocoate, Cocamide mea, Butylene Glycol, Polyquaternium-7, Carbomer, Betaine, Panthenol, Salicylic Acid, Menthol, PEG-120 Methyl Glucose Dioleate, Lactic Acid, Polyquaternium-53, Niacinamide, Panax Ginseng Root Extract, Artemisia Vulgaris Extract, Panax Ginseng Berry Extract, Disodium EDTA, Lycium Chinense Fruit Extract, Schisandra Chinensis Fruit Extract, Gardenia Florida Fruit Extract, Ganoderma Lucidum Extract, Cnidium Officinale Root Extract, Cinum Asiaticum Extract, Eriobotrya Japonica Leaf Extract, Perilla Frutescens Leaf Extract, Foeniculum Vulgare Fruit Extract, Angelica Acutiloba Root Extract, Camellia Sinensis Leaf Extract, Acorus Calamus Root Extract, Propylene Glycol, Alcohol, Prunus Persica Leaf Extract, Pyrus Malus Fruit Extract, Citrus Paradisi Fruit Extract, Punica Granatum Fruit Juice, Vaccinium Macrocarpon Fruit Extract, Prunus Serotina Fruit Extract, Hydrolyzed Silk, Hydrolyzed Conchiolin Protein, Paeonia Lactiflora Root Extract, Glycyrrhetinic Acid, Platinum, Sodium Benzoate, Phenoxyethanol, Alpha-Isomethyl Ionone, Geraniol, Coumarin, Linalool, Limonene, Citronellol.<\/p>\n<p><strong>\u041a\u043e\u043d\u0442\u0430\u043a\u0442\u043d\u0430\u044f \u0438\u043d\u0444\u043e\u0440\u043c\u0430\u0446\u0438\u044f<\/strong><\/p>\n<p>S.L. Albasanz 79, Nave 6, Madrid,28028, Spain, administracion@tradegate.es<\/p>\n<p><strong>\u041f\u0420\u0415\u0414\u0423\u041f\u0420\u0415\u0416\u0414\u0415\u041d\u0418\u042f!<\/strong><\/p>\n<ul>\n<li>Ja lieto\u0161anas laik\u0101 vai p\u0113c t\u0101s par\u0101d\u0101s sarkani plankumi, piet\u016bkums vai nieze, nekav\u0113joties konsult\u0113jieties ar speci\u0101listu.<\/li>\n<li>\u0425\u0440\u0430\u043d\u0438\u0442\u044c \u0432 \u043d\u0435\u0434\u043e\u0441\u0442\u0443\u043f\u043d\u043e\u043c \u0434\u043b\u044f \u0434\u0435\u0442\u0435\u0439 \u043c\u0435\u0441\u0442\u0435.<\/li>\n<li>\u0418\u0437\u0431\u0435\u0433\u0430\u0439\u0442\u0435 \u043f\u043e\u043f\u0430\u0434\u0430\u043d\u0438\u044f \u0432 \u0433\u043b\u0430\u0437\u0430.<\/li>\n<li>Saskares gad\u012bjum\u0101 r\u016bp\u012bgi izskalot ar \u016bdeni.<\/li>\n<li>Izvair\u012bties no tie\u0161as saules iedarb\u012bbas.<\/li>\n<li>Noteikti r\u016bp\u012bgi noskalojiet galvas \u0101du un matus, lai izvair\u012btos no l\u012bdzek\u013ca uzkr\u0101\u0161an\u0101s.<\/li>\n<\/ul>","protected":false},"excerpt":{"rendered":"<p>\u042d\u0442\u043e\u0442 \u043f\u0440\u043e\u0444\u0435\u0441\u0441\u0438\u043e\u043d\u0430\u043b\u044c\u043d\u044b\u0439 \u0448\u0430\u043c\u043f\u0443\u043d\u044c \u0441\u043e\u0437\u0434\u0430\u043d, \u0447\u0442\u043e\u0431\u044b \u043f\u0440\u0438\u0434\u0430\u0442\u044c \u0432\u043e\u043b\u043e\u0441\u0430\u043c \u0437\u043d\u0430\u0447\u0438\u0442\u0435\u043b\u044c\u043d\u044b\u0439 \u043e\u0431\u044a\u0451\u043c \u043e\u0442 \u043a\u043e\u0440\u043d\u0435\u0439 \u0438 \u0432\u0438\u0437\u0443\u0430\u043b\u044c\u043d\u043e \u0443\u0432\u0435\u043b\u0438\u0447\u0438\u0442\u044c \u0433\u0443\u0441\u0442\u043e\u0442\u0443.<\/p>","protected":false},"featured_media":25911,"comment_status":"open","ping_status":"closed","template":"","meta":{"site-sidebar-layout":"default","site-content-layout":"","ast-site-content-layout":"default","site-content-style":"default","site-sidebar-style":"default","ast-global-header-display":"","ast-banner-title-visibility":"","ast-main-header-display":"","ast-hfb-above-header-display":"","ast-hfb-below-header-display":"","ast-hfb-mobile-header-display":"","site-post-title":"","ast-breadcrumbs-content":"","ast-featured-img":"","footer-sml-layout":"","theme-transparent-header-meta":"default","adv-header-id-meta":"","stick-header-meta":"","header-above-stick-meta":"","header-main-stick-meta":"","header-below-stick-meta":"","astra-migrate-meta-layouts":"set","ast-page-background-enabled":"default","ast-page-background-meta":{"desktop":{"background-color":"var(--ast-global-color-4)","background-image":"","background-repeat":"repeat","background-position":"center center","background-size":"auto","background-attachment":"scroll","background-type":"","background-media":"","overlay-type":"","overlay-color":"","overlay-opacity":"","overlay-gradient":""},"tablet":{"background-color":"","background-image":"","background-repeat":"repeat","background-position":"center center","background-size":"auto","background-attachment":"scroll","background-type":"","background-media":"","overlay-type":"","overlay-color":"","overlay-opacity":"","overlay-gradient":""},"mobile":{"background-color":"","background-image":"","background-repeat":"repeat","background-position":"center center","background-size":"auto","background-attachment":"scroll","background-type":"","background-media":"","overlay-type":"","overlay-color":"","overlay-opacity":"","overlay-gradient":""}},"ast-content-background-meta":{"desktop":{"background-color":"var(--ast-global-color-5)","background-image":"","background-repeat":"repeat","background-position":"center center","background-size":"auto","background-attachment":"scroll","background-type":"","background-media":"","overlay-type":"","overlay-color":"","overlay-opacity":"","overlay-gradient":""},"tablet":{"background-color":"var(--ast-global-color-5)","background-image":"","background-repeat":"repeat","background-position":"center center","background-size":"auto","background-attachment":"scroll","background-type":"","background-media":"","overlay-type":"","overlay-color":"","overlay-opacity":"","overlay-gradient":""},"mobile":{"background-color":"var(--ast-global-color-5)","background-image":"","background-repeat":"repeat","background-position":"center center","background-size":"auto","background-attachment":"scroll","background-type":"","background-media":"","overlay-type":"","overlay-color":"","overlay-opacity":"","overlay-gradient":""}}},"product_brand":[],"product_cat":[330,357],"product_tag":[],"berocket_brand":[665],"class_list":{"0":"post-25910","1":"product","2":"type-product","3":"status-publish","4":"has-post-thumbnail","6":"product_cat-matiem","7":"product_cat-sampuni","8":"berocket_brand-daeng-gi-meo-ri","9":"desktop-align-left","10":"tablet-align-left","11":"mobile-align-left","13":"first","14":"instock","15":"taxable","16":"shipping-taxable","17":"purchasable","18":"product-type-simple","19":"add-to-wishlist-before_image"},"yoast_head":"<!-- This site is optimized with the Yoast SEO plugin v27.4 - https:\/\/yoast.com\/product\/yoast-seo-wordpress\/ -->\n<title>Daeng Gi Meo Ri Glamorous Volume Shampoo apjomu \u0161ampuns 400ml - FACECORNER<\/title>\n<meta name=\"description\" content=\"Daeng Gi Meo Ri Glamorous Volume Shampoo \u0161is profesion\u0101lais \u0161amp\u016bns ir rad\u012bts, lai pie\u0161\u0137irtu matiem iev\u0113rojamu apjomu no sakn\u0113m un vizu\u0101li palielin\u0101tu to biezumu.\" \/>\n<meta name=\"robots\" content=\"index, follow, max-snippet:-1, max-image-preview:large, max-video-preview:-1\" \/>\n<link rel=\"canonical\" href=\"https:\/\/www.facecorner.lv\/ru\/shop\/daeng-gi-meo-ri-glamorous-volume-shampoo-400ml\/\" \/>\n<meta property=\"og:locale\" content=\"ru_RU\" \/>\n<meta property=\"og:type\" content=\"article\" \/>\n<meta property=\"og:title\" content=\"Daeng Gi Meo Ri Glamorous Volume Shampoo apjomu \u0161ampuns 400ml - FACECORNER\" \/>\n<meta property=\"og:description\" content=\"Daeng Gi Meo Ri Glamorous Volume Shampoo \u0161is profesion\u0101lais \u0161amp\u016bns ir rad\u012bts, lai pie\u0161\u0137irtu matiem iev\u0113rojamu apjomu no sakn\u0113m un vizu\u0101li palielin\u0101tu to biezumu.\" \/>\n<meta property=\"og:url\" content=\"https:\/\/www.facecorner.lv\/ru\/shop\/daeng-gi-meo-ri-glamorous-volume-shampoo-400ml\/\" \/>\n<meta property=\"og:site_name\" content=\"FACECORNER\" \/>\n<meta property=\"article:publisher\" content=\"https:\/\/www.facebook.com\/profile.php?id=100063824551839\" \/>\n<meta property=\"article:modified_time\" content=\"2026-05-06T10:37:35+00:00\" \/>\n<meta property=\"og:image\" content=\"https:\/\/www.facecorner.lv\/wp-content\/uploads\/2025\/10\/Daeng-Gi-Meo-Ri-20-01.webp\" \/>\n\t<meta property=\"og:image:width\" content=\"900\" \/>\n\t<meta property=\"og:image:height\" content=\"900\" \/>\n\t<meta property=\"og:image:type\" content=\"image\/webp\" \/>\n<meta name=\"twitter:card\" content=\"summary_large_image\" \/>\n<meta name=\"twitter:label1\" content=\"\u0426\u0435\u043d\u0430\" \/>\n\t<meta name=\"twitter:data1\" content=\"&euro;23.00\" \/>\n\t<meta name=\"twitter:label2\" content=\"\u0414\u043e\u0441\u0442\u0443\u043f\u043d\u043e\u0441\u0442\u044c\" \/>\n\t<meta name=\"twitter:data2\" content=\"\u0412 \u043d\u0430\u043b\u0438\u0447\u0438\u0438\" \/>\n<script type=\"application\/ld+json\" class=\"yoast-schema-graph\">{\"@context\":\"https:\\\/\\\/schema.org\",\"@graph\":[{\"@type\":\"WebPage\",\"@id\":\"https:\\\/\\\/www.facecorner.lv\\\/shop\\\/daeng-gi-meo-ri-glamorous-volume-shampoo-400ml\\\/\",\"url\":\"https:\\\/\\\/www.facecorner.lv\\\/shop\\\/daeng-gi-meo-ri-glamorous-volume-shampoo-400ml\\\/\",\"name\":\"Daeng Gi Meo Ri Glamorous Volume Shampoo apjomu \u0161ampuns 400ml - FACECORNER\",\"isPartOf\":{\"@id\":\"https:\\\/\\\/www.facecorner.lv\\\/#website\"},\"primaryImageOfPage\":{\"@id\":\"https:\\\/\\\/www.facecorner.lv\\\/shop\\\/daeng-gi-meo-ri-glamorous-volume-shampoo-400ml\\\/#primaryimage\"},\"image\":{\"@id\":\"https:\\\/\\\/www.facecorner.lv\\\/shop\\\/daeng-gi-meo-ri-glamorous-volume-shampoo-400ml\\\/#primaryimage\"},\"thumbnailUrl\":\"https:\\\/\\\/www.facecorner.lv\\\/wp-content\\\/uploads\\\/2025\\\/10\\\/Daeng-Gi-Meo-Ri-20-01.webp\",\"datePublished\":\"2025-10-30T17:48:46+00:00\",\"dateModified\":\"2026-05-06T10:37:35+00:00\",\"description\":\"Daeng Gi Meo Ri Glamorous Volume Shampoo \u0161is profesion\u0101lais \u0161amp\u016bns ir rad\u012bts, lai pie\u0161\u0137irtu matiem iev\u0113rojamu apjomu no sakn\u0113m un vizu\u0101li palielin\u0101tu to biezumu.\",\"breadcrumb\":{\"@id\":\"https:\\\/\\\/www.facecorner.lv\\\/shop\\\/daeng-gi-meo-ri-glamorous-volume-shampoo-400ml\\\/#breadcrumb\"},\"inLanguage\":\"ru-RU\",\"potentialAction\":[{\"@type\":\"ReadAction\",\"target\":[\"https:\\\/\\\/www.facecorner.lv\\\/shop\\\/daeng-gi-meo-ri-glamorous-volume-shampoo-400ml\\\/\"]}]},{\"@type\":\"ImageObject\",\"inLanguage\":\"ru-RU\",\"@id\":\"https:\\\/\\\/www.facecorner.lv\\\/shop\\\/daeng-gi-meo-ri-glamorous-volume-shampoo-400ml\\\/#primaryimage\",\"url\":\"https:\\\/\\\/www.facecorner.lv\\\/wp-content\\\/uploads\\\/2025\\\/10\\\/Daeng-Gi-Meo-Ri-20-01.webp\",\"contentUrl\":\"https:\\\/\\\/www.facecorner.lv\\\/wp-content\\\/uploads\\\/2025\\\/10\\\/Daeng-Gi-Meo-Ri-20-01.webp\",\"width\":900,\"height\":900,\"caption\":\"Daeng Gi Meo Ri Glamorous Volume Shampoo\"},{\"@type\":\"BreadcrumbList\",\"@id\":\"https:\\\/\\\/www.facecorner.lv\\\/shop\\\/daeng-gi-meo-ri-glamorous-volume-shampoo-400ml\\\/#breadcrumb\",\"itemListElement\":[{\"@type\":\"ListItem\",\"position\":1,\"name\":\"Home\",\"item\":\"https:\\\/\\\/www.facecorner.lv\\\/\"},{\"@type\":\"ListItem\",\"position\":2,\"name\":\"Veikals\",\"item\":\"https:\\\/\\\/www.facecorner.lv\\\/shop\\\/\"},{\"@type\":\"ListItem\",\"position\":3,\"name\":\"Daeng Gi Meo Ri Glamorous Volume Shampoo apjomu \u0161ampuns 400ml\"}]},{\"@type\":\"WebSite\",\"@id\":\"https:\\\/\\\/www.facecorner.lv\\\/#website\",\"url\":\"https:\\\/\\\/www.facecorner.lv\\\/\",\"name\":\"Facecorner\",\"description\":\"\",\"publisher\":{\"@id\":\"https:\\\/\\\/www.facecorner.lv\\\/#organization\"},\"potentialAction\":[{\"@type\":\"SearchAction\",\"target\":{\"@type\":\"EntryPoint\",\"urlTemplate\":\"https:\\\/\\\/www.facecorner.lv\\\/?s={search_term_string}\"},\"query-input\":{\"@type\":\"PropertyValueSpecification\",\"valueRequired\":true,\"valueName\":\"search_term_string\"}}],\"inLanguage\":\"ru-RU\"},{\"@type\":\"Organization\",\"@id\":\"https:\\\/\\\/www.facecorner.lv\\\/#organization\",\"name\":\"Facecorner\",\"url\":\"https:\\\/\\\/www.facecorner.lv\\\/\",\"logo\":{\"@type\":\"ImageObject\",\"inLanguage\":\"ru-RU\",\"@id\":\"https:\\\/\\\/www.facecorner.lv\\\/#\\\/schema\\\/logo\\\/image\\\/\",\"url\":\"https:\\\/\\\/www.facecorner.lv\\\/wp-content\\\/uploads\\\/2024\\\/04\\\/fc-logo.jpg\",\"contentUrl\":\"https:\\\/\\\/www.facecorner.lv\\\/wp-content\\\/uploads\\\/2024\\\/04\\\/fc-logo.jpg\",\"width\":174,\"height\":28,\"caption\":\"Facecorner\"},\"image\":{\"@id\":\"https:\\\/\\\/www.facecorner.lv\\\/#\\\/schema\\\/logo\\\/image\\\/\"},\"sameAs\":[\"https:\\\/\\\/www.facebook.com\\\/profile.php?id=100063824551839\",\"https:\\\/\\\/www.instagram.com\\\/facecorner_shop\\\/\"]}]}<\/script>\n<meta property=\"product:price:amount\" content=\"23.00\" \/>\n<meta property=\"product:price:currency\" content=\"EUR\" \/>\n<meta property=\"og:availability\" content=\"instock\" \/>\n<meta property=\"product:availability\" content=\"instock\" \/>\n<meta property=\"product:condition\" content=\"new\" \/>\n<!-- \/ Yoast SEO plugin. -->","yoast_head_json":{"title":"Daeng Gi Meo Ri Glamorous Volume Shampoo apjomu \u0161ampuns 400ml - FACECORNER","description":"\u042d\u0442\u043e\u0442 \u043f\u0440\u043e\u0444\u0435\u0441\u0441\u0438\u043e\u043d\u0430\u043b\u044c\u043d\u044b\u0439 \u0448\u0430\u043c\u043f\u0443\u043d\u044c \u0441\u043e\u0437\u0434\u0430\u043d, \u0447\u0442\u043e\u0431\u044b \u043f\u0440\u0438\u0434\u0430\u0442\u044c \u0432\u043e\u043b\u043e\u0441\u0430\u043c \u0437\u043d\u0430\u0447\u0438\u0442\u0435\u043b\u044c\u043d\u044b\u0439 \u043e\u0431\u044a\u0451\u043c \u043e\u0442 \u043a\u043e\u0440\u043d\u0435\u0439 \u0438 \u0432\u0438\u0437\u0443\u0430\u043b\u044c\u043d\u043e \u0443\u0432\u0435\u043b\u0438\u0447\u0438\u0442\u044c \u0433\u0443\u0441\u0442\u043e\u0442\u0443.","robots":{"index":"index","follow":"follow","max-snippet":"max-snippet:-1","max-image-preview":"max-image-preview:large","max-video-preview":"max-video-preview:-1"},"canonical":"https:\/\/www.facecorner.lv\/ru\/shop\/daeng-gi-meo-ri-glamorous-volume-shampoo-400ml\/","og_locale":"ru_RU","og_type":"article","og_title":"Daeng Gi Meo Ri Glamorous Volume Shampoo apjomu \u0161ampuns 400ml - FACECORNER","og_description":"Daeng Gi Meo Ri Glamorous Volume Shampoo \u0161is profesion\u0101lais \u0161amp\u016bns ir rad\u012bts, lai pie\u0161\u0137irtu matiem iev\u0113rojamu apjomu no sakn\u0113m un vizu\u0101li palielin\u0101tu to biezumu.","og_url":"https:\/\/www.facecorner.lv\/ru\/shop\/daeng-gi-meo-ri-glamorous-volume-shampoo-400ml\/","og_site_name":"FACECORNER","article_publisher":"https:\/\/www.facebook.com\/profile.php?id=100063824551839","article_modified_time":"2026-05-06T10:37:35+00:00","og_image":[{"width":900,"height":900,"url":"https:\/\/www.facecorner.lv\/wp-content\/uploads\/2025\/10\/Daeng-Gi-Meo-Ri-20-01.webp","type":"image\/webp"}],"twitter_card":"summary_large_image","twitter_misc":{"\u0426\u0435\u043d\u0430":"&euro;23.00","\u0414\u043e\u0441\u0442\u0443\u043f\u043d\u043e\u0441\u0442\u044c":"\u0412 \u043d\u0430\u043b\u0438\u0447\u0438\u0438"},"schema":{"@context":"https:\/\/schema.org","@graph":[{"@type":"WebPage","@id":"https:\/\/www.facecorner.lv\/shop\/daeng-gi-meo-ri-glamorous-volume-shampoo-400ml\/","url":"https:\/\/www.facecorner.lv\/shop\/daeng-gi-meo-ri-glamorous-volume-shampoo-400ml\/","name":"Daeng Gi Meo Ri Glamorous Volume Shampoo apjomu \u0161ampuns 400ml - FACECORNER","isPartOf":{"@id":"https:\/\/www.facecorner.lv\/#website"},"primaryImageOfPage":{"@id":"https:\/\/www.facecorner.lv\/shop\/daeng-gi-meo-ri-glamorous-volume-shampoo-400ml\/#primaryimage"},"image":{"@id":"https:\/\/www.facecorner.lv\/shop\/daeng-gi-meo-ri-glamorous-volume-shampoo-400ml\/#primaryimage"},"thumbnailUrl":"https:\/\/www.facecorner.lv\/wp-content\/uploads\/2025\/10\/Daeng-Gi-Meo-Ri-20-01.webp","datePublished":"2025-10-30T17:48:46+00:00","dateModified":"2026-05-06T10:37:35+00:00","description":"\u042d\u0442\u043e\u0442 \u043f\u0440\u043e\u0444\u0435\u0441\u0441\u0438\u043e\u043d\u0430\u043b\u044c\u043d\u044b\u0439 \u0448\u0430\u043c\u043f\u0443\u043d\u044c \u0441\u043e\u0437\u0434\u0430\u043d, \u0447\u0442\u043e\u0431\u044b \u043f\u0440\u0438\u0434\u0430\u0442\u044c \u0432\u043e\u043b\u043e\u0441\u0430\u043c \u0437\u043d\u0430\u0447\u0438\u0442\u0435\u043b\u044c\u043d\u044b\u0439 \u043e\u0431\u044a\u0451\u043c \u043e\u0442 \u043a\u043e\u0440\u043d\u0435\u0439 \u0438 \u0432\u0438\u0437\u0443\u0430\u043b\u044c\u043d\u043e \u0443\u0432\u0435\u043b\u0438\u0447\u0438\u0442\u044c \u0433\u0443\u0441\u0442\u043e\u0442\u0443.","breadcrumb":{"@id":"https:\/\/www.facecorner.lv\/shop\/daeng-gi-meo-ri-glamorous-volume-shampoo-400ml\/#breadcrumb"},"inLanguage":"ru-RU","potentialAction":[{"@type":"ReadAction","target":["https:\/\/www.facecorner.lv\/shop\/daeng-gi-meo-ri-glamorous-volume-shampoo-400ml\/"]}]},{"@type":"ImageObject","inLanguage":"ru-RU","@id":"https:\/\/www.facecorner.lv\/shop\/daeng-gi-meo-ri-glamorous-volume-shampoo-400ml\/#primaryimage","url":"https:\/\/www.facecorner.lv\/wp-content\/uploads\/2025\/10\/Daeng-Gi-Meo-Ri-20-01.webp","contentUrl":"https:\/\/www.facecorner.lv\/wp-content\/uploads\/2025\/10\/Daeng-Gi-Meo-Ri-20-01.webp","width":900,"height":900,"caption":"Daeng Gi Meo Ri Glamorous Volume Shampoo"},{"@type":"BreadcrumbList","@id":"https:\/\/www.facecorner.lv\/shop\/daeng-gi-meo-ri-glamorous-volume-shampoo-400ml\/#breadcrumb","itemListElement":[{"@type":"ListItem","position":1,"name":"Home","item":"https:\/\/www.facecorner.lv\/"},{"@type":"ListItem","position":2,"name":"Veikals","item":"https:\/\/www.facecorner.lv\/shop\/"},{"@type":"ListItem","position":3,"name":"Daeng Gi Meo Ri Glamorous Volume Shampoo apjomu \u0161ampuns 400ml"}]},{"@type":"WebSite","@id":"https:\/\/www.facecorner.lv\/#website","url":"https:\/\/www.facecorner.lv\/","name":"Facecorner","description":"","publisher":{"@id":"https:\/\/www.facecorner.lv\/#organization"},"potentialAction":[{"@type":"SearchAction","target":{"@type":"EntryPoint","urlTemplate":"https:\/\/www.facecorner.lv\/?s={search_term_string}"},"query-input":{"@type":"PropertyValueSpecification","valueRequired":true,"valueName":"search_term_string"}}],"inLanguage":"ru-RU"},{"@type":"Organization","@id":"https:\/\/www.facecorner.lv\/#organization","name":"Facecorner","url":"https:\/\/www.facecorner.lv\/","logo":{"@type":"ImageObject","inLanguage":"ru-RU","@id":"https:\/\/www.facecorner.lv\/#\/schema\/logo\/image\/","url":"https:\/\/www.facecorner.lv\/wp-content\/uploads\/2024\/04\/fc-logo.jpg","contentUrl":"https:\/\/www.facecorner.lv\/wp-content\/uploads\/2024\/04\/fc-logo.jpg","width":174,"height":28,"caption":"Facecorner"},"image":{"@id":"https:\/\/www.facecorner.lv\/#\/schema\/logo\/image\/"},"sameAs":["https:\/\/www.facebook.com\/profile.php?id=100063824551839","https:\/\/www.instagram.com\/facecorner_shop\/"]}]},"product_price_amount":"23.00","product_price_currency":"EUR","og_availability":"instock","product_availability":"instock","product_condition":"new"},"_links":{"self":[{"href":"https:\/\/www.facecorner.lv\/ru\/wp-json\/wp\/v2\/product\/25910","targetHints":{"allow":["GET"]}}],"collection":[{"href":"https:\/\/www.facecorner.lv\/ru\/wp-json\/wp\/v2\/product"}],"about":[{"href":"https:\/\/www.facecorner.lv\/ru\/wp-json\/wp\/v2\/types\/product"}],"replies":[{"embeddable":true,"href":"https:\/\/www.facecorner.lv\/ru\/wp-json\/wp\/v2\/comments?post=25910"}],"wp:featuredmedia":[{"embeddable":true,"href":"https:\/\/www.facecorner.lv\/ru\/wp-json\/wp\/v2\/media\/25911"}],"wp:attachment":[{"href":"https:\/\/www.facecorner.lv\/ru\/wp-json\/wp\/v2\/media?parent=25910"}],"wp:term":[{"taxonomy":"product_brand","embeddable":true,"href":"https:\/\/www.facecorner.lv\/ru\/wp-json\/wp\/v2\/product_brand?post=25910"},{"taxonomy":"product_cat","embeddable":true,"href":"https:\/\/www.facecorner.lv\/ru\/wp-json\/wp\/v2\/product_cat?post=25910"},{"taxonomy":"product_tag","embeddable":true,"href":"https:\/\/www.facecorner.lv\/ru\/wp-json\/wp\/v2\/product_tag?post=25910"},{"taxonomy":"berocket_brand","embeddable":true,"href":"https:\/\/www.facecorner.lv\/ru\/wp-json\/wp\/v2\/berocket_brand?post=25910"}],"curies":[{"name":"wp","href":"https:\/\/api.w.org\/{rel}","templated":true}]}}