{"id":25814,"date":"2025-10-28T16:16:56","date_gmt":"2025-10-28T13:16:56","guid":{"rendered":"https:\/\/www.facecorner.lv\/?post_type=product&#038;p=25814"},"modified":"2026-04-30T19:10:36","modified_gmt":"2026-04-30T16:10:36","slug":"attiross-balzams-vt-phyto-pdrn-grinding-cleansing-balm-50ml","status":"publish","type":"product","link":"https:\/\/www.facecorner.lv\/ru\/shop\/attiross-balzams-vt-phyto-pdrn-grinding-cleansing-balm-50ml\/","title":{"rendered":"Att\u012bro\u0161s balzams VT Phyto PDRN Grinding Cleansing Balm 50ml"},"content":{"rendered":"<p>Premium klases att\u012bro\u0161ais balzams VT Phyto PDRN Grinding Cleansing Balm apvieno dabisko ekstraktu sp\u0113ku un inovat\u012bvo komponentu PDRN (polideoksiribo<\/p>\n<p><strong>\u041e\u0441\u043d\u043e\u0432\u043d\u044b\u0435 \u0434\u0435\u0439\u0441\u0442\u0432\u0443\u044e\u0449\u0438\u0435 \u0438\u043d\u0433\u0440\u0435\u0434\u0438\u0435\u043d\u0442\u044b:<\/strong><\/p>\n<ul>\n<li>Dzi\u013ca att\u012br\u012b\u0161ana bez saspringuma saj\u016btas;<\/li>\n<li>\u0100das barjeras atjauno\u0161ana un stiprin\u0101\u0161ana pateicoties PDRN;<\/li>\n<li>Phyto augu kompleksa ekstrakti nomierina un atsvaidzina \u0101du;<\/li>\n<li>Saskaroties ar \u0101du, balzama tekst\u016bra p\u0101rv\u0113r\u0161as par maigu e\u013c\u013cu.<\/li>\n<\/ul>\n<p>L\u012bdzeklis maigi no\u0146em grimu, lieko sebumu un net\u012brumus, neiz\u017e\u016bdinot \u0101du, bet, glu\u017ei pret\u0113ji, pies\u0101tinot to ar mitrumu un barojo\u0161\u0101m viel\u0101m.<\/p>\n<p><strong>\u041e\u0441\u043d\u043e\u0432\u043d\u044b\u0435 \u0434\u0435\u0439\u0441\u0442\u0432\u0443\u044e\u0449\u0438\u0435 \u0438\u043d\u0433\u0440\u0435\u0434\u0438\u0435\u043d\u0442\u044b:<\/strong><\/p>\n<ul>\n<li>PDRN \u2014 komponents, kas veicina \u0161\u016bnu re\u0123ener\u0101ciju un \u0101das elast\u012bbas palielin\u0101\u0161anu;<\/li>\n<li>Augu komplekss Phyto \u2014 dab\u012bgo ekstraktu kombin\u0101cija, kas mazina kairin\u0101jumu un aizsarg\u0101 no \u0101r\u0113jiem faktoriem;<\/li>\n<li>\u0160\u012b, jojobas un ol\u012bvu e\u013c\u013cas \u2014 baro un mitrina pat jut\u012bgu \u0101du.<\/li>\n<\/ul>\n<p><strong>\u0421\u043f\u043e\u0441\u043e\u0431 \u043f\u0440\u0438\u043c\u0435\u043d\u0435\u043d\u0438\u044f:<\/strong> Ar saus\u0101m rok\u0101m uzkl\u0101jiet nelielu daudzumu balzama (aptuveni zir\u0146a lielum\u0101) uz sausas sejas \u0101das.Mas\u0113jiet ar ap\u013cveida kust\u012bb\u0101m, l\u012bdz l\u012bdzeklis p\u0101rv\u0113r\u0161as viegli uzkl\u0101jam\u0101 e\u013c\u013c\u0101 un iz\u0161\u0137\u012bdina kosm\u0113tiku un net\u012brumus.Pievienojiet nedaudz \u016bdens, lai e\u013c\u013ca p\u0101rv\u0113rstos m\u012bkst\u0101 emulsij\u0101.R\u016bp\u012bgi noskalojiet ar siltu \u016bdeni.Ja nepiecie\u0161ams, pabeidziet att\u012br\u012b\u0161anu ar put\u0101m vai g\u0113lu.<\/p>\n<p><strong>\u0421\u043e\u0441\u0442\u0430\u0432:<\/strong> Ethylhexyl Palmitate, Canola Oil, Sorbeth-30 Tetraoleate, Cetyl Ethylhexanoate, Synthetic Wax, Isopropyl Myristate, Triethylhexanoin, Ethylhexyl Pelargonate, Silica Dimethyl Silylate, Panax Ginseng Extract, Sodium DNA (0.0005ppb), Ceramide NP, Macadamia Seed Oil, Avocado Oil, Jojoba Seed Oil, Argan Kernel Oil, Tea Tree Leaf Oil, Squalane, Grape Extract, Safflower Flower Extract, Coffee Bean Extract, Polygonum Multiflorum Root Extract, Chestnut Shell Extract, Zanthoxylum Piperitum Fruit Extract, Persimmon Leaf Extract, Green Tea Extract, Gluconolactone, Capryloyl Salicylic Acid, Panthenol, Candida Bombicola\/Glucose\/Methyl Rapeseed Seed Ferment Filtrate, Purified Water, Butylene Glycol, 1,2-Hexanediol, Ethylhexylglycerin<\/p>\n<p>&nbsp;<\/p>","protected":false},"excerpt":{"rendered":"<p>VT Phyto PDRN Grinding Cleansing Balm \u2014 maigs balzams \u0101das dzi\u013cai att\u012br\u012b\u0161anai un atjauno\u0161anai<\/p>","protected":false},"featured_media":25815,"comment_status":"open","ping_status":"closed","template":"","meta":{"site-sidebar-layout":"default","site-content-layout":"","ast-site-content-layout":"default","site-content-style":"default","site-sidebar-style":"default","ast-global-header-display":"","ast-banner-title-visibility":"","ast-main-header-display":"","ast-hfb-above-header-display":"","ast-hfb-below-header-display":"","ast-hfb-mobile-header-display":"","site-post-title":"","ast-breadcrumbs-content":"","ast-featured-img":"","footer-sml-layout":"","theme-transparent-header-meta":"default","adv-header-id-meta":"","stick-header-meta":"","header-above-stick-meta":"","header-main-stick-meta":"","header-below-stick-meta":"","astra-migrate-meta-layouts":"set","ast-page-background-enabled":"default","ast-page-background-meta":{"desktop":{"background-color":"var(--ast-global-color-4)","background-image":"","background-repeat":"repeat","background-position":"center center","background-size":"auto","background-attachment":"scroll","background-type":"","background-media":"","overlay-type":"","overlay-color":"","overlay-opacity":"","overlay-gradient":""},"tablet":{"background-color":"","background-image":"","background-repeat":"repeat","background-position":"center center","background-size":"auto","background-attachment":"scroll","background-type":"","background-media":"","overlay-type":"","overlay-color":"","overlay-opacity":"","overlay-gradient":""},"mobile":{"background-color":"","background-image":"","background-repeat":"repeat","background-position":"center center","background-size":"auto","background-attachment":"scroll","background-type":"","background-media":"","overlay-type":"","overlay-color":"","overlay-opacity":"","overlay-gradient":""}},"ast-content-background-meta":{"desktop":{"background-color":"var(--ast-global-color-5)","background-image":"","background-repeat":"repeat","background-position":"center center","background-size":"auto","background-attachment":"scroll","background-type":"","background-media":"","overlay-type":"","overlay-color":"","overlay-opacity":"","overlay-gradient":""},"tablet":{"background-color":"var(--ast-global-color-5)","background-image":"","background-repeat":"repeat","background-position":"center center","background-size":"auto","background-attachment":"scroll","background-type":"","background-media":"","overlay-type":"","overlay-color":"","overlay-opacity":"","overlay-gradient":""},"mobile":{"background-color":"var(--ast-global-color-5)","background-image":"","background-repeat":"repeat","background-position":"center center","background-size":"auto","background-attachment":"scroll","background-type":"","background-media":"","overlay-type":"","overlay-color":"","overlay-opacity":"","overlay-gradient":""}}},"product_brand":[],"product_cat":[321,652],"product_tag":[],"berocket_brand":[582],"class_list":{"0":"post-25814","1":"product","2":"type-product","3":"status-publish","4":"has-post-thumbnail","6":"product_cat-hidrofila-ella","7":"product_cat-pdrn","8":"berocket_brand-vt","9":"desktop-align-left","10":"tablet-align-left","11":"mobile-align-left","13":"first","14":"outofstock","15":"taxable","16":"shipping-taxable","17":"purchasable","18":"product-type-simple","19":"add-to-wishlist-before_image"},"yoast_head":"<!-- This site is optimized with the Yoast SEO plugin v27.4 - https:\/\/yoast.com\/product\/yoast-seo-wordpress\/ -->\n<title>Att\u012bro\u0161s balzams VT Phyto PDRN Grinding Cleansing Balm 50ml - FACECORNER<\/title>\n<meta name=\"description\" content=\"Premium klases att\u012bro\u0161ais balzams VT Phyto PDRN Grinding Cleansing Balm apvieno dabisko ekstraktu sp\u0113ku un inovat\u012bvo komponentu PDRN (polideoksiribonukleot\u012bdu) maigai, bet efekt\u012bvai \u0101das kop\u0161anai.\" \/>\n<meta name=\"robots\" content=\"index, follow, max-snippet:-1, max-image-preview:large, max-video-preview:-1\" \/>\n<link rel=\"canonical\" href=\"https:\/\/www.facecorner.lv\/ru\/shop\/attiross-balzams-vt-phyto-pdrn-grinding-cleansing-balm-50ml\/\" \/>\n<meta property=\"og:locale\" content=\"ru_RU\" \/>\n<meta property=\"og:type\" content=\"article\" \/>\n<meta property=\"og:title\" content=\"Att\u012bro\u0161s balzams VT Phyto PDRN Grinding Cleansing Balm 50ml - FACECORNER\" \/>\n<meta property=\"og:description\" content=\"Premium klases att\u012bro\u0161ais balzams VT Phyto PDRN Grinding Cleansing Balm apvieno dabisko ekstraktu sp\u0113ku un inovat\u012bvo komponentu PDRN (polideoksiribonukleot\u012bdu) maigai, bet efekt\u012bvai \u0101das kop\u0161anai.\" \/>\n<meta property=\"og:url\" content=\"https:\/\/www.facecorner.lv\/ru\/shop\/attiross-balzams-vt-phyto-pdrn-grinding-cleansing-balm-50ml\/\" \/>\n<meta property=\"og:site_name\" content=\"FACECORNER\" \/>\n<meta property=\"article:publisher\" content=\"https:\/\/www.facebook.com\/profile.php?id=100063824551839\" \/>\n<meta property=\"article:modified_time\" content=\"2026-04-30T16:10:36+00:00\" \/>\n<meta property=\"og:image\" content=\"https:\/\/www.facecorner.lv\/wp-content\/uploads\/2025\/10\/XXL_p0220231716.webp\" \/>\n\t<meta property=\"og:image:width\" content=\"640\" \/>\n\t<meta property=\"og:image:height\" content=\"640\" \/>\n\t<meta property=\"og:image:type\" content=\"image\/webp\" \/>\n<meta name=\"twitter:card\" content=\"summary_large_image\" \/>\n<meta name=\"twitter:label1\" content=\"\u0426\u0435\u043d\u0430\" \/>\n\t<meta name=\"twitter:data1\" content=\"&euro;29.15\" \/>\n\t<meta name=\"twitter:label2\" content=\"\u0414\u043e\u0441\u0442\u0443\u043f\u043d\u043e\u0441\u0442\u044c\" \/>\n\t<meta name=\"twitter:data2\" content=\"\u0420\u0430\u0441\u043f\u0440\u043e\u0434\u0430\u043d\u043e\" \/>\n<script type=\"application\/ld+json\" class=\"yoast-schema-graph\">{\"@context\":\"https:\\\/\\\/schema.org\",\"@graph\":[{\"@type\":\"WebPage\",\"@id\":\"https:\\\/\\\/www.facecorner.lv\\\/shop\\\/attiross-balzams-vt-phyto-pdrn-grinding-cleansing-balm-50ml\\\/\",\"url\":\"https:\\\/\\\/www.facecorner.lv\\\/shop\\\/attiross-balzams-vt-phyto-pdrn-grinding-cleansing-balm-50ml\\\/\",\"name\":\"Att\u012bro\u0161s balzams VT Phyto PDRN Grinding Cleansing Balm 50ml - FACECORNER\",\"isPartOf\":{\"@id\":\"https:\\\/\\\/www.facecorner.lv\\\/#website\"},\"primaryImageOfPage\":{\"@id\":\"https:\\\/\\\/www.facecorner.lv\\\/shop\\\/attiross-balzams-vt-phyto-pdrn-grinding-cleansing-balm-50ml\\\/#primaryimage\"},\"image\":{\"@id\":\"https:\\\/\\\/www.facecorner.lv\\\/shop\\\/attiross-balzams-vt-phyto-pdrn-grinding-cleansing-balm-50ml\\\/#primaryimage\"},\"thumbnailUrl\":\"https:\\\/\\\/www.facecorner.lv\\\/wp-content\\\/uploads\\\/2025\\\/10\\\/XXL_p0220231716.webp\",\"datePublished\":\"2025-10-28T13:16:56+00:00\",\"dateModified\":\"2026-04-30T16:10:36+00:00\",\"description\":\"Premium klases att\u012bro\u0161ais balzams VT Phyto PDRN Grinding Cleansing Balm apvieno dabisko ekstraktu sp\u0113ku un inovat\u012bvo komponentu PDRN (polideoksiribonukleot\u012bdu) maigai, bet efekt\u012bvai \u0101das kop\u0161anai.\",\"breadcrumb\":{\"@id\":\"https:\\\/\\\/www.facecorner.lv\\\/shop\\\/attiross-balzams-vt-phyto-pdrn-grinding-cleansing-balm-50ml\\\/#breadcrumb\"},\"inLanguage\":\"ru-RU\",\"potentialAction\":[{\"@type\":\"ReadAction\",\"target\":[\"https:\\\/\\\/www.facecorner.lv\\\/shop\\\/attiross-balzams-vt-phyto-pdrn-grinding-cleansing-balm-50ml\\\/\"]}]},{\"@type\":\"ImageObject\",\"inLanguage\":\"ru-RU\",\"@id\":\"https:\\\/\\\/www.facecorner.lv\\\/shop\\\/attiross-balzams-vt-phyto-pdrn-grinding-cleansing-balm-50ml\\\/#primaryimage\",\"url\":\"https:\\\/\\\/www.facecorner.lv\\\/wp-content\\\/uploads\\\/2025\\\/10\\\/XXL_p0220231716.webp\",\"contentUrl\":\"https:\\\/\\\/www.facecorner.lv\\\/wp-content\\\/uploads\\\/2025\\\/10\\\/XXL_p0220231716.webp\",\"width\":640,\"height\":640,\"caption\":\"VT Phyto PDRN Grinding Cleansing Balm\"},{\"@type\":\"BreadcrumbList\",\"@id\":\"https:\\\/\\\/www.facecorner.lv\\\/shop\\\/attiross-balzams-vt-phyto-pdrn-grinding-cleansing-balm-50ml\\\/#breadcrumb\",\"itemListElement\":[{\"@type\":\"ListItem\",\"position\":1,\"name\":\"Home\",\"item\":\"https:\\\/\\\/www.facecorner.lv\\\/\"},{\"@type\":\"ListItem\",\"position\":2,\"name\":\"Veikals\",\"item\":\"https:\\\/\\\/www.facecorner.lv\\\/shop\\\/\"},{\"@type\":\"ListItem\",\"position\":3,\"name\":\"Att\u012bro\u0161s balzams VT Phyto PDRN Grinding Cleansing Balm 50ml\"}]},{\"@type\":\"WebSite\",\"@id\":\"https:\\\/\\\/www.facecorner.lv\\\/#website\",\"url\":\"https:\\\/\\\/www.facecorner.lv\\\/\",\"name\":\"Facecorner\",\"description\":\"\",\"publisher\":{\"@id\":\"https:\\\/\\\/www.facecorner.lv\\\/#organization\"},\"potentialAction\":[{\"@type\":\"SearchAction\",\"target\":{\"@type\":\"EntryPoint\",\"urlTemplate\":\"https:\\\/\\\/www.facecorner.lv\\\/?s={search_term_string}\"},\"query-input\":{\"@type\":\"PropertyValueSpecification\",\"valueRequired\":true,\"valueName\":\"search_term_string\"}}],\"inLanguage\":\"ru-RU\"},{\"@type\":\"Organization\",\"@id\":\"https:\\\/\\\/www.facecorner.lv\\\/#organization\",\"name\":\"Facecorner\",\"url\":\"https:\\\/\\\/www.facecorner.lv\\\/\",\"logo\":{\"@type\":\"ImageObject\",\"inLanguage\":\"ru-RU\",\"@id\":\"https:\\\/\\\/www.facecorner.lv\\\/#\\\/schema\\\/logo\\\/image\\\/\",\"url\":\"https:\\\/\\\/www.facecorner.lv\\\/wp-content\\\/uploads\\\/2024\\\/04\\\/fc-logo.jpg\",\"contentUrl\":\"https:\\\/\\\/www.facecorner.lv\\\/wp-content\\\/uploads\\\/2024\\\/04\\\/fc-logo.jpg\",\"width\":174,\"height\":28,\"caption\":\"Facecorner\"},\"image\":{\"@id\":\"https:\\\/\\\/www.facecorner.lv\\\/#\\\/schema\\\/logo\\\/image\\\/\"},\"sameAs\":[\"https:\\\/\\\/www.facebook.com\\\/profile.php?id=100063824551839\",\"https:\\\/\\\/www.instagram.com\\\/facecorner_shop\\\/\"]}]}<\/script>\n<meta property=\"product:price:amount\" content=\"29.15\" \/>\n<meta property=\"product:price:currency\" content=\"EUR\" \/>\n<meta property=\"og:availability\" content=\"out of stock\" \/>\n<meta property=\"product:availability\" content=\"out of stock\" \/>\n<meta property=\"product:condition\" content=\"new\" \/>\n<!-- \/ Yoast SEO plugin. -->","yoast_head_json":{"title":"Att\u012bro\u0161s balzams VT Phyto PDRN Grinding Cleansing Balm 50ml - FACECORNER","description":"Premium klases att\u012bro\u0161ais balzams VT Phyto PDRN Grinding Cleansing Balm apvieno dabisko ekstraktu sp\u0113ku un inovat\u012bvo komponentu PDRN (polideoksiribonukleot\u012bdu) maigai, bet efekt\u012bvai \u0101das kop\u0161anai.","robots":{"index":"index","follow":"follow","max-snippet":"max-snippet:-1","max-image-preview":"max-image-preview:large","max-video-preview":"max-video-preview:-1"},"canonical":"https:\/\/www.facecorner.lv\/ru\/shop\/attiross-balzams-vt-phyto-pdrn-grinding-cleansing-balm-50ml\/","og_locale":"ru_RU","og_type":"article","og_title":"Att\u012bro\u0161s balzams VT Phyto PDRN Grinding Cleansing Balm 50ml - FACECORNER","og_description":"Premium klases att\u012bro\u0161ais balzams VT Phyto PDRN Grinding Cleansing Balm apvieno dabisko ekstraktu sp\u0113ku un inovat\u012bvo komponentu PDRN (polideoksiribonukleot\u012bdu) maigai, bet efekt\u012bvai \u0101das kop\u0161anai.","og_url":"https:\/\/www.facecorner.lv\/ru\/shop\/attiross-balzams-vt-phyto-pdrn-grinding-cleansing-balm-50ml\/","og_site_name":"FACECORNER","article_publisher":"https:\/\/www.facebook.com\/profile.php?id=100063824551839","article_modified_time":"2026-04-30T16:10:36+00:00","og_image":[{"width":640,"height":640,"url":"https:\/\/www.facecorner.lv\/wp-content\/uploads\/2025\/10\/XXL_p0220231716.webp","type":"image\/webp"}],"twitter_card":"summary_large_image","twitter_misc":{"\u0426\u0435\u043d\u0430":"&euro;29.15","\u0414\u043e\u0441\u0442\u0443\u043f\u043d\u043e\u0441\u0442\u044c":"\u0420\u0430\u0441\u043f\u0440\u043e\u0434\u0430\u043d\u043e"},"schema":{"@context":"https:\/\/schema.org","@graph":[{"@type":"WebPage","@id":"https:\/\/www.facecorner.lv\/shop\/attiross-balzams-vt-phyto-pdrn-grinding-cleansing-balm-50ml\/","url":"https:\/\/www.facecorner.lv\/shop\/attiross-balzams-vt-phyto-pdrn-grinding-cleansing-balm-50ml\/","name":"Att\u012bro\u0161s balzams VT Phyto PDRN Grinding Cleansing Balm 50ml - FACECORNER","isPartOf":{"@id":"https:\/\/www.facecorner.lv\/#website"},"primaryImageOfPage":{"@id":"https:\/\/www.facecorner.lv\/shop\/attiross-balzams-vt-phyto-pdrn-grinding-cleansing-balm-50ml\/#primaryimage"},"image":{"@id":"https:\/\/www.facecorner.lv\/shop\/attiross-balzams-vt-phyto-pdrn-grinding-cleansing-balm-50ml\/#primaryimage"},"thumbnailUrl":"https:\/\/www.facecorner.lv\/wp-content\/uploads\/2025\/10\/XXL_p0220231716.webp","datePublished":"2025-10-28T13:16:56+00:00","dateModified":"2026-04-30T16:10:36+00:00","description":"Premium klases att\u012bro\u0161ais balzams VT Phyto PDRN Grinding Cleansing Balm apvieno dabisko ekstraktu sp\u0113ku un inovat\u012bvo komponentu PDRN (polideoksiribonukleot\u012bdu) maigai, bet efekt\u012bvai \u0101das kop\u0161anai.","breadcrumb":{"@id":"https:\/\/www.facecorner.lv\/shop\/attiross-balzams-vt-phyto-pdrn-grinding-cleansing-balm-50ml\/#breadcrumb"},"inLanguage":"ru-RU","potentialAction":[{"@type":"ReadAction","target":["https:\/\/www.facecorner.lv\/shop\/attiross-balzams-vt-phyto-pdrn-grinding-cleansing-balm-50ml\/"]}]},{"@type":"ImageObject","inLanguage":"ru-RU","@id":"https:\/\/www.facecorner.lv\/shop\/attiross-balzams-vt-phyto-pdrn-grinding-cleansing-balm-50ml\/#primaryimage","url":"https:\/\/www.facecorner.lv\/wp-content\/uploads\/2025\/10\/XXL_p0220231716.webp","contentUrl":"https:\/\/www.facecorner.lv\/wp-content\/uploads\/2025\/10\/XXL_p0220231716.webp","width":640,"height":640,"caption":"VT Phyto PDRN Grinding Cleansing Balm"},{"@type":"BreadcrumbList","@id":"https:\/\/www.facecorner.lv\/shop\/attiross-balzams-vt-phyto-pdrn-grinding-cleansing-balm-50ml\/#breadcrumb","itemListElement":[{"@type":"ListItem","position":1,"name":"Home","item":"https:\/\/www.facecorner.lv\/"},{"@type":"ListItem","position":2,"name":"Veikals","item":"https:\/\/www.facecorner.lv\/shop\/"},{"@type":"ListItem","position":3,"name":"Att\u012bro\u0161s balzams VT Phyto PDRN Grinding Cleansing Balm 50ml"}]},{"@type":"WebSite","@id":"https:\/\/www.facecorner.lv\/#website","url":"https:\/\/www.facecorner.lv\/","name":"Facecorner","description":"","publisher":{"@id":"https:\/\/www.facecorner.lv\/#organization"},"potentialAction":[{"@type":"SearchAction","target":{"@type":"EntryPoint","urlTemplate":"https:\/\/www.facecorner.lv\/?s={search_term_string}"},"query-input":{"@type":"PropertyValueSpecification","valueRequired":true,"valueName":"search_term_string"}}],"inLanguage":"ru-RU"},{"@type":"Organization","@id":"https:\/\/www.facecorner.lv\/#organization","name":"Facecorner","url":"https:\/\/www.facecorner.lv\/","logo":{"@type":"ImageObject","inLanguage":"ru-RU","@id":"https:\/\/www.facecorner.lv\/#\/schema\/logo\/image\/","url":"https:\/\/www.facecorner.lv\/wp-content\/uploads\/2024\/04\/fc-logo.jpg","contentUrl":"https:\/\/www.facecorner.lv\/wp-content\/uploads\/2024\/04\/fc-logo.jpg","width":174,"height":28,"caption":"Facecorner"},"image":{"@id":"https:\/\/www.facecorner.lv\/#\/schema\/logo\/image\/"},"sameAs":["https:\/\/www.facebook.com\/profile.php?id=100063824551839","https:\/\/www.instagram.com\/facecorner_shop\/"]}]},"product_price_amount":"29.15","product_price_currency":"EUR","og_availability":"out of stock","product_availability":"out of stock","product_condition":"new"},"_links":{"self":[{"href":"https:\/\/www.facecorner.lv\/ru\/wp-json\/wp\/v2\/product\/25814","targetHints":{"allow":["GET"]}}],"collection":[{"href":"https:\/\/www.facecorner.lv\/ru\/wp-json\/wp\/v2\/product"}],"about":[{"href":"https:\/\/www.facecorner.lv\/ru\/wp-json\/wp\/v2\/types\/product"}],"replies":[{"embeddable":true,"href":"https:\/\/www.facecorner.lv\/ru\/wp-json\/wp\/v2\/comments?post=25814"}],"wp:featuredmedia":[{"embeddable":true,"href":"https:\/\/www.facecorner.lv\/ru\/wp-json\/wp\/v2\/media\/25815"}],"wp:attachment":[{"href":"https:\/\/www.facecorner.lv\/ru\/wp-json\/wp\/v2\/media?parent=25814"}],"wp:term":[{"taxonomy":"product_brand","embeddable":true,"href":"https:\/\/www.facecorner.lv\/ru\/wp-json\/wp\/v2\/product_brand?post=25814"},{"taxonomy":"product_cat","embeddable":true,"href":"https:\/\/www.facecorner.lv\/ru\/wp-json\/wp\/v2\/product_cat?post=25814"},{"taxonomy":"product_tag","embeddable":true,"href":"https:\/\/www.facecorner.lv\/ru\/wp-json\/wp\/v2\/product_tag?post=25814"},{"taxonomy":"berocket_brand","embeddable":true,"href":"https:\/\/www.facecorner.lv\/ru\/wp-json\/wp\/v2\/berocket_brand?post=25814"}],"curies":[{"name":"wp","href":"https:\/\/api.w.org\/{rel}","templated":true}]}}