{"id":25590,"date":"2025-10-15T15:46:14","date_gmt":"2025-10-15T12:46:14","guid":{"rendered":"https:\/\/www.facecorner.lv\/?post_type=product&#038;p=25590"},"modified":"2025-11-30T17:05:01","modified_gmt":"2025-11-30T14:05:01","slug":"vt-pdrn-reedle-shot-hair-ampoule-300dl-15ml","status":"publish","type":"product","link":"https:\/\/www.facecorner.lv\/ru\/shop\/vt-pdrn-reedle-shot-hair-ampoule-300dl-15ml\/","title":{"rendered":"VT PDRN Reedle Shot Hair Ampoule 300dL 15ml"},"content":{"rendered":"<p>\u042d\u0442\u043e \u0430\u043c\u043f\u0443\u043b\u0430\/\u0441\u044b\u0432\u043e\u0440\u043e\u0442\u043a\u0430 (hair ampoule \/ scalp treatment) \u043e\u0442 \u043a\u043e\u0440\u0435\u0439\u0441\u043a\u043e\u0433\u043e \u0431\u0440\u0435\u043d\u0434\u0430 VT Cosmetics, \u043f\u0440\u0435\u0434\u043d\u0430\u0437\u043d\u0430\u0447\u0435\u043d\u043d\u0430\u044f \u0434\u043b\u044f \u0443\u0445\u043e\u0434\u0430 \u0437\u0430 \u043a\u043e\u0436\u0435\u0439 \u0433\u043e\u043b\u043e\u0432\u044b \u0438 \u0440\u043e\u0441\u0442\u0430 \u0432\u043e\u043b\u043e\u0441.<\/p>\n<p>\u0412\u0435\u0440\u0441\u0438\u044f \u0441 \u043c\u0430\u0440\u043a\u0438\u0440\u043e\u0432\u043a\u043e\u0439 300dL \u2014 \u0441\u0440\u0435\u0434\u043d\u044f\u044f \u043f\u043e \u0438\u043d\u0442\u0435\u043d\u0441\u0438\u0432\u043d\u043e\u0441\u0442\u0438 \u043a\u043e\u043d\u0446\u0435\u043d\u0442\u0440\u0430\u0446\u0438\u044f, \u0431\u043e\u043b\u044c\u0448\u0435 \u0443\u0441\u0438\u043b\u0435\u043d\u043d\u043e\u0433\u043e \u0443\u0445\u043e\u0434\u0430, \u0447\u0435\u043c \u043c\u044f\u0433\u043a\u0430\u044f \u0432\u0435\u0440\u0441\u0438\u044f, \u043d\u043e \u043d\u0435 \u043d\u0430\u0441\u0442\u043e\u043b\u044c\u043a\u043e \u0430\u0433\u0440\u0435\u0441\u0441\u0438\u0432\u043d\u0430\u044f, \u043a\u0430\u043a \u0441\u0430\u043c\u0430\u044f \u0441\u0438\u043b\u044c\u043d\u0430\u044f (700dL)<\/p>\n<p><strong>\u0418\u0441\u043f\u043e\u043b\u044c\u0437\u0443\u0435\u0442\u0441\u044f \u0434\u043b\u044f:<\/strong><\/p>\n<ul>\n<li>\u0443\u043a\u0440\u0435\u043f\u043b\u0435\u043d\u0438\u044f \u0432\u043e\u043b\u043e\u0441\u044f\u043d\u044b\u0445 \u0444\u043e\u043b\u043b\u0438\u043a\u0443\u043b\u043e\u0432;<\/li>\n<li>\u0443\u043c\u0435\u043d\u044c\u0448\u0435\u043d\u0438\u044f \u0432\u044b\u043f\u0430\u0434\u0435\u043d\u0438\u044f \u0432\u043e\u043b\u043e\u0441<\/li>\n<li>\u0443\u0441\u043f\u043e\u043a\u043e\u0435\u043d\u0438\u044f \u043a\u043e\u0436\u0438 \u0433\u043e\u043b\u043e\u0432\u044b (\u043e\u0441\u043e\u0431\u0435\u043d\u043d\u043e \u0435\u0441\u043b\u0438 \u0435\u0441\u0442\u044c \u0440\u0430\u0437\u0434\u0440\u0430\u0436\u0435\u043d\u0438\u0435, \u0437\u0443\u0434, \u0434\u0438\u0441\u043a\u043e\u043c\u0444\u043e\u0440\u0442);<\/li>\n<li>\u0443\u043b\u0443\u0447\u0448\u0435\u043d\u0438\u044f \u043c\u0438\u043a\u0440\u043e\u0446\u0438\u0440\u043a\u0443\u043b\u044f\u0446\u0438\u0438 \u043a\u043e\u0436\u0438 \u0433\u043e\u043b\u043e\u0432<\/li>\n<li>\u043e\u0436\u0438\u0432\u043b\u0435\u043d\u0438\u044f \u0438 \u043f\u0438\u0442\u0430\u043d\u0438\u044f \u043a\u043e\u0436\u0438 \u0433\u043e\u043b\u043e\u0432\u044b;<\/li>\n<\/ul>\n<p><strong>\u0421\u043f\u043e\u0441\u043e\u0431 \u043f\u0440\u0438\u043c\u0435\u043d\u0435\u043d\u0438\u044f:<\/strong><\/p>\n<ul>\n<li>\u041e\u0431\u044b\u0447\u043d\u043e \u0438\u0441\u043f\u043e\u043b\u044c\u0437\u0443\u0435\u0442\u0441\u044f 2\u20113 \u0440\u0430\u0437\u0430 \u0432 \u043d\u0435\u0434\u0435\u043b\u044e \u0438\u043b\u0438 \u043f\u043e \u0438\u043d\u0441\u0442\u0440\u0443\u043a\u0446\u0438\u0438 \u0441 \u043f\u0440\u043e\u043c\u0435\u0436\u0443\u0442\u043a\u0430\u043c\u0438, \u0442\u0430\u043a \u043a\u0430\u043a \u043a\u043e\u043d\u0446\u0435\u043d\u0442\u0440\u0430\u0446\u0438\u044f \u0432\u044b\u0448\u0435, \u0447\u0435\u043c \u0432 \u0431\u043e\u043b\u0435\u0435 \u043c\u044f\u0433\u043a\u0438\u0445 \u0432\u0435\u0440\u0441\u0438\u044f\u0445.<\/li>\n<li>\u041d\u0430\u043d\u043e\u0441\u0438\u0442\u0441\u044f \u043d\u0430 \u043f\u0440\u0435\u0434\u0432\u0430\u0440\u0438\u0442\u0435\u043b\u044c\u043d\u043e \u0432\u044b\u043c\u044b\u0442\u044c\u0435 \u0438 \u043f\u043e\u0434\u0441\u0443\u0448\u0435\u043d\u043d\u0443\u044e \u043a\u043e\u0436\u0443 \u0433\u043e\u043b\u043e\u0432\u044b, \u0447\u0435\u0440\u0435\u0437 \u0430\u043f\u043f\u043b\u0438\u043a\u0430\u0442\u043e\u0440, \u043d\u0430 \u0443\u0447\u0430\u0441\u0442\u043a\u0438 \u0441 \u0432\u044b\u043f\u0430\u0434\u0435\u043d\u0438\u0435\u043c \u0432\u043e\u043b\u043e\u0441 \u0438\u043b\u0438 \u0438\u0441\u0442\u043e\u043d\u0447\u0435\u043d\u0438\u044f.<\/li>\n<li>\u041c\u0430\u0441\u0430\u0436 \u043b\u0451\u0433\u043a\u0438\u0439 \u043f\u043e\u0441\u043b\u0435 \u043d\u0430\u043d\u0435\u0441\u0435\u043d\u0438\u044f, \u043f\u0440\u043e\u0434\u0443\u043a\u0442 \u043d\u0435 \u0441\u043c\u044b\u0432\u0430\u0435\u0442\u0441\u044f \u0441\u0440\u0430\u0437\u0443.<\/li>\n<li>\u0418\u0437\u0431\u0435\u0433\u0430\u0442\u044c \u0438\u0441\u043f\u043e\u043b\u044c\u0437\u043e\u0432\u0430\u043d\u0438\u044f \u0441\u0440\u0430\u0437\u0443 \u043f\u043e\u0441\u043b\u0435 \u043f\u0440\u043e\u0446\u0435\u0434\u0443\u0440, \u0435\u0441\u043b\u0438 \u043a\u043e\u0436\u0430 \u0433\u043e\u043b\u043e\u0432\u044b \u043e\u0447\u0435\u043d\u044c \u0440\u0430\u0437\u0434\u0440\u0430\u0436\u0435\u043d\u0430 \u0438\u043b\u0438 \u0435\u0441\u0442\u044c \u043e\u0442\u043a\u0440\u044b\u0442\u044b\u0435 \u0440\u0430\u043d\u043a\u0438.<\/li>\n<\/ul>\n<p><strong>\u0421\u043e\u0441\u0442\u0430\u0432:<\/strong>: Water, Alcohol Denat., Silica, C12\u201113 Alketh\u20119, Caffeine, Glycerin, PPG\u20112\u2011Deceth\u201112, Carbomer, Caprylyl Glycol, Methyl Diisopropyl Propionamide, Tromethamine, Centella Asiatica Extract, 1,2\u2011Hexanediol, Disodium EDTA, Niacinamide, Butylene Glycol, Allantoin, Panthenol, Citric Acid, Glycine Soja (Soybean) Seed Extract, Panax Ginseng Root Extract, Rosmarinus Officinalis (Rosemary) Extract, Sodium Hyaluronate, Saccharomyces Cerevisiae Extract, Glycine, Serine, Glutamic Acid, Propolis Extract, Hydroxypropyl Cyclodextrin, Lecithin, Aspartic Acid, Sodium DNA, Leucine, Asiaticoside, Biotin, Acetyl Hexapeptide\u20118, Alanine, Lysine, Arginine, Tyrosine, Phenylalanine, Asiatic Acid, Madecassic Acid, Madecassoside, Proline, Threonine, Valine, Isoleucine, Ethylhexylglycerin, Angelica Gigas Root Extract, Camellia Sinensis Leaf Extract, Curcuma Longa (Turmeric) Root Extract, Eclipta Prostrata Extract, Histidine, Polygonum Multiflorum Root Extract, Scutellaria Baicalensis Root Extract, Swertia Japonica Extract, Thuja Orientalis Leaf Extract, Cysteine, Methionine, Ascorbic Acid Polypeptide, Carthamus Tinctorius (Safflower) Flower Extract, Forsythia Suspensa Fruit Extract, Ginkgo Biloba Leaf Extract, Glycyrrhiza Uralensis (Licorice) Root Extract, Schisandra Chinensis Fruit Extract, Zingiber Officinale (Ginger) Root Extract, Artemisia Princeps Leaf Extract, Acorus Gramineus Extract, Cornus Officinalis Fruit Extract, Chrysanthemum Zawadskii Extract, Dipotassium Glycyrrhizate, Ficus Carica (Fig) Fruit Extract, Ganoderma Lucidum (Mushroom) Extract, Houttuynia Cordata Extract, Sophora Flavescens Root Extract, Aspergillus Ferment, Ceramide NP, Acetyl Tetrapeptide\u20115, Acetyl Tetrapeptide\u20119, Acetyl Tetrapeptide\u20113, Acetyl Tetrapeptide\u20112, Acetyl Octapeptide\u20113, Copper Tripeptide\u20111, Carnosine, Nonapeptide\u20111, Palmitoyl Pentapeptide\u20114, Palmitoyl Tripeptide\u20111, Palmitoyl Tripeptide\u20115, sh\u2011Polypeptide\u201122, sh\u2011Oligopeptide\u20111, sh\u2011Polypeptide\u20111, sh\u2011Polypeptide\u20119, sh\u2011Oligopeptide\u20112, sh\u2011Polypeptide\u201111, sh\u2011Polypeptide\u20113, sh\u2011Polypeptide\u201116, sh\u2011Polypeptide\u201162.<\/p>","protected":false},"excerpt":{"rendered":"<p>\u042d\u0442\u043e \u0430\u043c\u043f\u0443\u043b\u0430\/\u0441\u044b\u0432\u043e\u0440\u043e\u0442\u043a\u0430 (hair ampoule \/ scalp treatment) \u043e\u0442 \u043a\u043e\u0440\u0435\u0439\u0441\u043a\u043e\u0433\u043e \u0431\u0440\u0435\u043d\u0434\u0430 VT Cosmetics, \u043f\u0440\u0435\u0434\u043d\u0430\u0437\u043d\u0430\u0447\u0435\u043d\u043d\u0430\u044f \u0434\u043b\u044f \u0443\u0445\u043e\u0434\u0430 \u0437\u0430 \u043a\u043e\u0436\u0435\u0439 \u0433\u043e\u043b\u043e\u0432\u044b \u0438 \u0440\u043e\u0441\u0442\u0430 \u0432\u043e\u043b\u043e\u0441.<\/p>","protected":false},"featured_media":25591,"comment_status":"open","ping_status":"closed","template":"","meta":{"site-sidebar-layout":"default","site-content-layout":"","ast-site-content-layout":"default","site-content-style":"default","site-sidebar-style":"default","ast-global-header-display":"","ast-banner-title-visibility":"","ast-main-header-display":"","ast-hfb-above-header-display":"","ast-hfb-below-header-display":"","ast-hfb-mobile-header-display":"","site-post-title":"","ast-breadcrumbs-content":"","ast-featured-img":"","footer-sml-layout":"","theme-transparent-header-meta":"default","adv-header-id-meta":"","stick-header-meta":"","header-above-stick-meta":"","header-main-stick-meta":"","header-below-stick-meta":"","astra-migrate-meta-layouts":"set","ast-page-background-enabled":"default","ast-page-background-meta":{"desktop":{"background-color":"var(--ast-global-color-4)","background-image":"","background-repeat":"repeat","background-position":"center center","background-size":"auto","background-attachment":"scroll","background-type":"","background-media":"","overlay-type":"","overlay-color":"","overlay-opacity":"","overlay-gradient":""},"tablet":{"background-color":"","background-image":"","background-repeat":"repeat","background-position":"center center","background-size":"auto","background-attachment":"scroll","background-type":"","background-media":"","overlay-type":"","overlay-color":"","overlay-opacity":"","overlay-gradient":""},"mobile":{"background-color":"","background-image":"","background-repeat":"repeat","background-position":"center center","background-size":"auto","background-attachment":"scroll","background-type":"","background-media":"","overlay-type":"","overlay-color":"","overlay-opacity":"","overlay-gradient":""}},"ast-content-background-meta":{"desktop":{"background-color":"var(--ast-global-color-5)","background-image":"","background-repeat":"repeat","background-position":"center center","background-size":"auto","background-attachment":"scroll","background-type":"","background-media":"","overlay-type":"","overlay-color":"","overlay-opacity":"","overlay-gradient":""},"tablet":{"background-color":"var(--ast-global-color-5)","background-image":"","background-repeat":"repeat","background-position":"center center","background-size":"auto","background-attachment":"scroll","background-type":"","background-media":"","overlay-type":"","overlay-color":"","overlay-opacity":"","overlay-gradient":""},"mobile":{"background-color":"var(--ast-global-color-5)","background-image":"","background-repeat":"repeat","background-position":"center center","background-size":"auto","background-attachment":"scroll","background-type":"","background-media":"","overlay-type":"","overlay-color":"","overlay-opacity":"","overlay-gradient":""}}},"product_brand":[],"product_cat":[511,354,330,351,652],"product_tag":[],"berocket_brand":[582],"class_list":{"0":"post-25590","1":"product","2":"type-product","3":"status-publish","4":"has-post-thumbnail","6":"product_cat-atlaides","7":"product_cat-filleri-un-serumi","8":"product_cat-matiem","9":"product_cat-matu-maskas","10":"product_cat-pdrn","11":"berocket_brand-vt","12":"desktop-align-left","13":"tablet-align-left","14":"mobile-align-left","16":"first","17":"outofstock","18":"sale","19":"taxable","20":"shipping-taxable","21":"purchasable","22":"product-type-simple","23":"add-to-wishlist-before_image"},"yoast_head":"<!-- This site is optimized with the Yoast SEO plugin v27.4 - https:\/\/yoast.com\/product\/yoast-seo-wordpress\/ -->\n<title>VT PDRN Reedle Shot Hair Ampoule 300dL 15ml - FACECORNER<\/title>\n<meta name=\"description\" content=\"VT PDRN Reedle Shot Hair Ampoule 300dL t\u0101 ir ampula\/serums (hair ampoule \/ scalp treatment) no Korejas z\u012bmola VT Cosmetics, kas paredz\u0113ta galvas \u0101das kop\u0161anai un matu aug\u0161anai.\" \/>\n<meta name=\"robots\" content=\"index, follow, max-snippet:-1, max-image-preview:large, max-video-preview:-1\" \/>\n<link rel=\"canonical\" href=\"https:\/\/www.facecorner.lv\/ru\/shop\/vt-pdrn-reedle-shot-hair-ampoule-300dl-15ml\/\" \/>\n<meta property=\"og:locale\" content=\"ru_RU\" \/>\n<meta property=\"og:type\" content=\"article\" \/>\n<meta property=\"og:title\" content=\"VT PDRN Reedle Shot Hair Ampoule 300dL 15ml - FACECORNER\" \/>\n<meta property=\"og:description\" content=\"VT PDRN Reedle Shot Hair Ampoule 300dL t\u0101 ir ampula\/serums (hair ampoule \/ scalp treatment) no Korejas z\u012bmola VT Cosmetics, kas paredz\u0113ta galvas \u0101das kop\u0161anai un matu aug\u0161anai.\" \/>\n<meta property=\"og:url\" content=\"https:\/\/www.facecorner.lv\/ru\/shop\/vt-pdrn-reedle-shot-hair-ampoule-300dl-15ml\/\" \/>\n<meta property=\"og:site_name\" content=\"FACECORNER\" \/>\n<meta property=\"article:publisher\" content=\"https:\/\/www.facebook.com\/profile.php?id=100063824551839\" \/>\n<meta property=\"article:modified_time\" content=\"2025-11-30T14:05:01+00:00\" \/>\n<meta property=\"og:image\" content=\"https:\/\/www.facecorner.lv\/wp-content\/uploads\/2025\/10\/1_b07c7939-bc61-4548-bdf9-ec7cbb633e08.webp\" \/>\n\t<meta property=\"og:image:width\" content=\"1445\" \/>\n\t<meta property=\"og:image:height\" content=\"1445\" \/>\n\t<meta property=\"og:image:type\" content=\"image\/webp\" \/>\n<meta name=\"twitter:card\" content=\"summary_large_image\" \/>\n<meta name=\"twitter:label1\" content=\"\u0426\u0435\u043d\u0430\" \/>\n\t<meta name=\"twitter:data1\" content=\"&euro;34.90\" \/>\n\t<meta name=\"twitter:label2\" content=\"\u0414\u043e\u0441\u0442\u0443\u043f\u043d\u043e\u0441\u0442\u044c\" \/>\n\t<meta name=\"twitter:data2\" content=\"\u0420\u0430\u0441\u043f\u0440\u043e\u0434\u0430\u043d\u043e\" \/>\n<script type=\"application\/ld+json\" class=\"yoast-schema-graph\">{\"@context\":\"https:\\\/\\\/schema.org\",\"@graph\":[{\"@type\":\"WebPage\",\"@id\":\"https:\\\/\\\/www.facecorner.lv\\\/shop\\\/vt-pdrn-reedle-shot-hair-ampoule-300dl-15ml\\\/\",\"url\":\"https:\\\/\\\/www.facecorner.lv\\\/shop\\\/vt-pdrn-reedle-shot-hair-ampoule-300dl-15ml\\\/\",\"name\":\"VT PDRN Reedle Shot Hair Ampoule 300dL 15ml - FACECORNER\",\"isPartOf\":{\"@id\":\"https:\\\/\\\/www.facecorner.lv\\\/#website\"},\"primaryImageOfPage\":{\"@id\":\"https:\\\/\\\/www.facecorner.lv\\\/shop\\\/vt-pdrn-reedle-shot-hair-ampoule-300dl-15ml\\\/#primaryimage\"},\"image\":{\"@id\":\"https:\\\/\\\/www.facecorner.lv\\\/shop\\\/vt-pdrn-reedle-shot-hair-ampoule-300dl-15ml\\\/#primaryimage\"},\"thumbnailUrl\":\"https:\\\/\\\/www.facecorner.lv\\\/wp-content\\\/uploads\\\/2025\\\/10\\\/1_b07c7939-bc61-4548-bdf9-ec7cbb633e08.webp\",\"datePublished\":\"2025-10-15T12:46:14+00:00\",\"dateModified\":\"2025-11-30T14:05:01+00:00\",\"description\":\"VT PDRN Reedle Shot Hair Ampoule 300dL t\u0101 ir ampula\\\/serums (hair ampoule \\\/ scalp treatment) no Korejas z\u012bmola VT Cosmetics, kas paredz\u0113ta galvas \u0101das kop\u0161anai un matu aug\u0161anai.\",\"breadcrumb\":{\"@id\":\"https:\\\/\\\/www.facecorner.lv\\\/shop\\\/vt-pdrn-reedle-shot-hair-ampoule-300dl-15ml\\\/#breadcrumb\"},\"inLanguage\":\"ru-RU\",\"potentialAction\":[{\"@type\":\"ReadAction\",\"target\":[\"https:\\\/\\\/www.facecorner.lv\\\/shop\\\/vt-pdrn-reedle-shot-hair-ampoule-300dl-15ml\\\/\"]}]},{\"@type\":\"ImageObject\",\"inLanguage\":\"ru-RU\",\"@id\":\"https:\\\/\\\/www.facecorner.lv\\\/shop\\\/vt-pdrn-reedle-shot-hair-ampoule-300dl-15ml\\\/#primaryimage\",\"url\":\"https:\\\/\\\/www.facecorner.lv\\\/wp-content\\\/uploads\\\/2025\\\/10\\\/1_b07c7939-bc61-4548-bdf9-ec7cbb633e08.webp\",\"contentUrl\":\"https:\\\/\\\/www.facecorner.lv\\\/wp-content\\\/uploads\\\/2025\\\/10\\\/1_b07c7939-bc61-4548-bdf9-ec7cbb633e08.webp\",\"width\":1445,\"height\":1445,\"caption\":\"VT PDRN Reedle Shot Hair Ampoule 300dL 15ml\"},{\"@type\":\"BreadcrumbList\",\"@id\":\"https:\\\/\\\/www.facecorner.lv\\\/shop\\\/vt-pdrn-reedle-shot-hair-ampoule-300dl-15ml\\\/#breadcrumb\",\"itemListElement\":[{\"@type\":\"ListItem\",\"position\":1,\"name\":\"Home\",\"item\":\"https:\\\/\\\/www.facecorner.lv\\\/\"},{\"@type\":\"ListItem\",\"position\":2,\"name\":\"Veikals\",\"item\":\"https:\\\/\\\/www.facecorner.lv\\\/shop\\\/\"},{\"@type\":\"ListItem\",\"position\":3,\"name\":\"VT PDRN Reedle Shot Hair Ampoule 300dL 15ml\"}]},{\"@type\":\"WebSite\",\"@id\":\"https:\\\/\\\/www.facecorner.lv\\\/#website\",\"url\":\"https:\\\/\\\/www.facecorner.lv\\\/\",\"name\":\"Facecorner\",\"description\":\"\",\"publisher\":{\"@id\":\"https:\\\/\\\/www.facecorner.lv\\\/#organization\"},\"potentialAction\":[{\"@type\":\"SearchAction\",\"target\":{\"@type\":\"EntryPoint\",\"urlTemplate\":\"https:\\\/\\\/www.facecorner.lv\\\/?s={search_term_string}\"},\"query-input\":{\"@type\":\"PropertyValueSpecification\",\"valueRequired\":true,\"valueName\":\"search_term_string\"}}],\"inLanguage\":\"ru-RU\"},{\"@type\":\"Organization\",\"@id\":\"https:\\\/\\\/www.facecorner.lv\\\/#organization\",\"name\":\"Facecorner\",\"url\":\"https:\\\/\\\/www.facecorner.lv\\\/\",\"logo\":{\"@type\":\"ImageObject\",\"inLanguage\":\"ru-RU\",\"@id\":\"https:\\\/\\\/www.facecorner.lv\\\/#\\\/schema\\\/logo\\\/image\\\/\",\"url\":\"https:\\\/\\\/www.facecorner.lv\\\/wp-content\\\/uploads\\\/2024\\\/04\\\/fc-logo.jpg\",\"contentUrl\":\"https:\\\/\\\/www.facecorner.lv\\\/wp-content\\\/uploads\\\/2024\\\/04\\\/fc-logo.jpg\",\"width\":174,\"height\":28,\"caption\":\"Facecorner\"},\"image\":{\"@id\":\"https:\\\/\\\/www.facecorner.lv\\\/#\\\/schema\\\/logo\\\/image\\\/\"},\"sameAs\":[\"https:\\\/\\\/www.facebook.com\\\/profile.php?id=100063824551839\",\"https:\\\/\\\/www.instagram.com\\\/facecorner_shop\\\/\"]}]}<\/script>\n<meta property=\"product:price:amount\" content=\"34.90\" \/>\n<meta property=\"product:price:currency\" content=\"EUR\" \/>\n<meta property=\"og:availability\" content=\"out of stock\" \/>\n<meta property=\"product:availability\" content=\"out of stock\" \/>\n<meta property=\"product:condition\" content=\"new\" \/>\n<!-- \/ Yoast SEO plugin. -->","yoast_head_json":{"title":"VT PDRN Reedle Shot Hair Ampoule 300dL 15ml - FACECORNER","description":"\u042d\u0442\u043e \u0430\u043c\u043f\u0443\u043b\u0430\/\u0441\u044b\u0432\u043e\u0440\u043e\u0442\u043a\u0430 (hair ampoule \/ scalp treatment) \u043e\u0442 \u043a\u043e\u0440\u0435\u0439\u0441\u043a\u043e\u0433\u043e \u0431\u0440\u0435\u043d\u0434\u0430 VT Cosmetics, \u043f\u0440\u0435\u0434\u043d\u0430\u0437\u043d\u0430\u0447\u0435\u043d\u043d\u0430\u044f \u0434\u043b\u044f \u0443\u0445\u043e\u0434\u0430 \u0437\u0430 \u043a\u043e\u0436\u0435\u0439 \u0433\u043e\u043b\u043e\u0432\u044b \u0438 \u0440\u043e\u0441\u0442\u0430 \u0432\u043e\u043b\u043e\u0441.","robots":{"index":"index","follow":"follow","max-snippet":"max-snippet:-1","max-image-preview":"max-image-preview:large","max-video-preview":"max-video-preview:-1"},"canonical":"https:\/\/www.facecorner.lv\/ru\/shop\/vt-pdrn-reedle-shot-hair-ampoule-300dl-15ml\/","og_locale":"ru_RU","og_type":"article","og_title":"VT PDRN Reedle Shot Hair Ampoule 300dL 15ml - FACECORNER","og_description":"VT PDRN Reedle Shot Hair Ampoule 300dL t\u0101 ir ampula\/serums (hair ampoule \/ scalp treatment) no Korejas z\u012bmola VT Cosmetics, kas paredz\u0113ta galvas \u0101das kop\u0161anai un matu aug\u0161anai.","og_url":"https:\/\/www.facecorner.lv\/ru\/shop\/vt-pdrn-reedle-shot-hair-ampoule-300dl-15ml\/","og_site_name":"FACECORNER","article_publisher":"https:\/\/www.facebook.com\/profile.php?id=100063824551839","article_modified_time":"2025-11-30T14:05:01+00:00","og_image":[{"width":1445,"height":1445,"url":"https:\/\/www.facecorner.lv\/wp-content\/uploads\/2025\/10\/1_b07c7939-bc61-4548-bdf9-ec7cbb633e08.webp","type":"image\/webp"}],"twitter_card":"summary_large_image","twitter_misc":{"\u0426\u0435\u043d\u0430":"&euro;34.90","\u0414\u043e\u0441\u0442\u0443\u043f\u043d\u043e\u0441\u0442\u044c":"\u0420\u0430\u0441\u043f\u0440\u043e\u0434\u0430\u043d\u043e"},"schema":{"@context":"https:\/\/schema.org","@graph":[{"@type":"WebPage","@id":"https:\/\/www.facecorner.lv\/shop\/vt-pdrn-reedle-shot-hair-ampoule-300dl-15ml\/","url":"https:\/\/www.facecorner.lv\/shop\/vt-pdrn-reedle-shot-hair-ampoule-300dl-15ml\/","name":"VT PDRN Reedle Shot Hair Ampoule 300dL 15ml - FACECORNER","isPartOf":{"@id":"https:\/\/www.facecorner.lv\/#website"},"primaryImageOfPage":{"@id":"https:\/\/www.facecorner.lv\/shop\/vt-pdrn-reedle-shot-hair-ampoule-300dl-15ml\/#primaryimage"},"image":{"@id":"https:\/\/www.facecorner.lv\/shop\/vt-pdrn-reedle-shot-hair-ampoule-300dl-15ml\/#primaryimage"},"thumbnailUrl":"https:\/\/www.facecorner.lv\/wp-content\/uploads\/2025\/10\/1_b07c7939-bc61-4548-bdf9-ec7cbb633e08.webp","datePublished":"2025-10-15T12:46:14+00:00","dateModified":"2025-11-30T14:05:01+00:00","description":"\u042d\u0442\u043e \u0430\u043c\u043f\u0443\u043b\u0430\/\u0441\u044b\u0432\u043e\u0440\u043e\u0442\u043a\u0430 (hair ampoule \/ scalp treatment) \u043e\u0442 \u043a\u043e\u0440\u0435\u0439\u0441\u043a\u043e\u0433\u043e \u0431\u0440\u0435\u043d\u0434\u0430 VT Cosmetics, \u043f\u0440\u0435\u0434\u043d\u0430\u0437\u043d\u0430\u0447\u0435\u043d\u043d\u0430\u044f \u0434\u043b\u044f \u0443\u0445\u043e\u0434\u0430 \u0437\u0430 \u043a\u043e\u0436\u0435\u0439 \u0433\u043e\u043b\u043e\u0432\u044b \u0438 \u0440\u043e\u0441\u0442\u0430 \u0432\u043e\u043b\u043e\u0441.","breadcrumb":{"@id":"https:\/\/www.facecorner.lv\/shop\/vt-pdrn-reedle-shot-hair-ampoule-300dl-15ml\/#breadcrumb"},"inLanguage":"ru-RU","potentialAction":[{"@type":"ReadAction","target":["https:\/\/www.facecorner.lv\/shop\/vt-pdrn-reedle-shot-hair-ampoule-300dl-15ml\/"]}]},{"@type":"ImageObject","inLanguage":"ru-RU","@id":"https:\/\/www.facecorner.lv\/shop\/vt-pdrn-reedle-shot-hair-ampoule-300dl-15ml\/#primaryimage","url":"https:\/\/www.facecorner.lv\/wp-content\/uploads\/2025\/10\/1_b07c7939-bc61-4548-bdf9-ec7cbb633e08.webp","contentUrl":"https:\/\/www.facecorner.lv\/wp-content\/uploads\/2025\/10\/1_b07c7939-bc61-4548-bdf9-ec7cbb633e08.webp","width":1445,"height":1445,"caption":"VT PDRN Reedle Shot Hair Ampoule 300dL 15ml"},{"@type":"BreadcrumbList","@id":"https:\/\/www.facecorner.lv\/shop\/vt-pdrn-reedle-shot-hair-ampoule-300dl-15ml\/#breadcrumb","itemListElement":[{"@type":"ListItem","position":1,"name":"Home","item":"https:\/\/www.facecorner.lv\/"},{"@type":"ListItem","position":2,"name":"Veikals","item":"https:\/\/www.facecorner.lv\/shop\/"},{"@type":"ListItem","position":3,"name":"VT PDRN Reedle Shot Hair Ampoule 300dL 15ml"}]},{"@type":"WebSite","@id":"https:\/\/www.facecorner.lv\/#website","url":"https:\/\/www.facecorner.lv\/","name":"Facecorner","description":"","publisher":{"@id":"https:\/\/www.facecorner.lv\/#organization"},"potentialAction":[{"@type":"SearchAction","target":{"@type":"EntryPoint","urlTemplate":"https:\/\/www.facecorner.lv\/?s={search_term_string}"},"query-input":{"@type":"PropertyValueSpecification","valueRequired":true,"valueName":"search_term_string"}}],"inLanguage":"ru-RU"},{"@type":"Organization","@id":"https:\/\/www.facecorner.lv\/#organization","name":"Facecorner","url":"https:\/\/www.facecorner.lv\/","logo":{"@type":"ImageObject","inLanguage":"ru-RU","@id":"https:\/\/www.facecorner.lv\/#\/schema\/logo\/image\/","url":"https:\/\/www.facecorner.lv\/wp-content\/uploads\/2024\/04\/fc-logo.jpg","contentUrl":"https:\/\/www.facecorner.lv\/wp-content\/uploads\/2024\/04\/fc-logo.jpg","width":174,"height":28,"caption":"Facecorner"},"image":{"@id":"https:\/\/www.facecorner.lv\/#\/schema\/logo\/image\/"},"sameAs":["https:\/\/www.facebook.com\/profile.php?id=100063824551839","https:\/\/www.instagram.com\/facecorner_shop\/"]}]},"product_price_amount":"34.90","product_price_currency":"EUR","og_availability":"out of stock","product_availability":"out of stock","product_condition":"new"},"_links":{"self":[{"href":"https:\/\/www.facecorner.lv\/ru\/wp-json\/wp\/v2\/product\/25590","targetHints":{"allow":["GET"]}}],"collection":[{"href":"https:\/\/www.facecorner.lv\/ru\/wp-json\/wp\/v2\/product"}],"about":[{"href":"https:\/\/www.facecorner.lv\/ru\/wp-json\/wp\/v2\/types\/product"}],"replies":[{"embeddable":true,"href":"https:\/\/www.facecorner.lv\/ru\/wp-json\/wp\/v2\/comments?post=25590"}],"wp:featuredmedia":[{"embeddable":true,"href":"https:\/\/www.facecorner.lv\/ru\/wp-json\/wp\/v2\/media\/25591"}],"wp:attachment":[{"href":"https:\/\/www.facecorner.lv\/ru\/wp-json\/wp\/v2\/media?parent=25590"}],"wp:term":[{"taxonomy":"product_brand","embeddable":true,"href":"https:\/\/www.facecorner.lv\/ru\/wp-json\/wp\/v2\/product_brand?post=25590"},{"taxonomy":"product_cat","embeddable":true,"href":"https:\/\/www.facecorner.lv\/ru\/wp-json\/wp\/v2\/product_cat?post=25590"},{"taxonomy":"product_tag","embeddable":true,"href":"https:\/\/www.facecorner.lv\/ru\/wp-json\/wp\/v2\/product_tag?post=25590"},{"taxonomy":"berocket_brand","embeddable":true,"href":"https:\/\/www.facecorner.lv\/ru\/wp-json\/wp\/v2\/berocket_brand?post=25590"}],"curies":[{"name":"wp","href":"https:\/\/api.w.org\/{rel}","templated":true}]}}