{"id":25440,"date":"2025-10-01T13:22:06","date_gmt":"2025-10-01T10:22:06","guid":{"rendered":"https:\/\/www.facecorner.lv\/?post_type=product&#038;p=25440"},"modified":"2025-10-28T14:22:42","modified_gmt":"2025-10-28T11:22:42","slug":"toniks-ar-azelainskabi-tirai-un-gludai-adai-anua-azelaic-acid-toner-250ml","status":"publish","type":"product","link":"https:\/\/www.facecorner.lv\/ru\/shop\/toniks-ar-azelainskabi-tirai-un-gludai-adai-anua-azelaic-acid-toner-250ml\/","title":{"rendered":"\u0422\u043e\u043d\u0435\u0440 \u0441 \u0430\u0437\u0435\u043b\u0430\u0438\u043d\u043e\u0432\u043e\u0439 \u043a\u0438\u0441\u043b\u043e\u0442\u043e\u0439 \u0434\u043b\u044f \u0447\u0438\u0441\u0442\u043e\u0439 \u0438 \u0440\u043e\u0432\u043d\u043e\u0439 \u043a\u043e\u0436\u0438 Anua Azelaic Acid Toner 250ml"},"content":{"rendered":"<p>\u041c\u044f\u0433\u043a\u0438\u0439, \u043d\u043e \u044d\u0444\u0444\u0435\u043a\u0442\u0438\u0432\u043d\u044b\u0439 \u0443\u0445\u043e\u0434 \u0441 \u0442\u043e\u043d\u0435\u0440\u043e\u043c Anua Azelaic Acid Toner \u2014 \u0438\u0434\u0435\u0430\u043b\u044c\u043d\u043e\u0435 \u0440\u0435\u0448\u0435\u043d\u0438\u0435 \u0434\u043b\u044f \u043f\u0440\u043e\u0431\u043b\u0435\u043c\u043d\u043e\u0439, \u0441\u043a\u043b\u043e\u043d\u043d\u043e\u0439 \u043a \u0432\u043e\u0441\u043f\u0430\u043b\u0435\u043d\u0438\u044f\u043c \u0438 \u043f\u0438\u0433\u043c\u0435\u043d\u0442\u0430\u0446\u0438\u0438 \u043a\u043e\u0436\u0438.<\/p>\n<p>\u0424\u043e\u0440\u043c\u0443\u043b\u0430 \u0441 \u0430\u0437\u0435\u043b\u0430\u0438\u043d\u043e\u0432\u043e\u0439 \u043a\u0438\u0441\u043b\u043e\u0442\u043e\u0439 \u0438 \u043d\u0430\u0442\u0443\u0440\u0430\u043b\u044c\u043d\u044b\u043c\u0438 \u044d\u043a\u0441\u0442\u0440\u0430\u043a\u0442\u0430\u043c\u0438 \u0432\u044b\u0440\u0430\u0432\u043d\u0438\u0432\u0430\u0435\u0442 \u0442\u043e\u043d, \u0443\u043c\u0435\u043d\u044c\u0448\u0430\u0435\u0442 \u043f\u043e\u043a\u0440\u0430\u0441\u043d\u0435\u043d\u0438\u044f \u0438 \u0443\u043b\u0443\u0447\u0448\u0430\u0435\u0442 \u0442\u0435\u043a\u0441\u0442\u0443\u0440\u0443 \u043a\u043e\u0436\u0438 \u0431\u0435\u0437 \u0440\u0430\u0437\u0434\u0440\u0430\u0436\u0435\u043d\u0438\u044f.<\/p>\n<ul>\n<li>\u0410\u0437\u0435\u043b\u0430\u0438\u043d\u043e\u0432\u0430\u044f \u043a\u0438\u0441\u043b\u043e\u0442\u0430 (5%) \u043c\u044f\u0433\u043a\u043e \u043e\u0441\u0432\u0435\u0442\u043b\u044f\u0435\u0442 \u043f\u0438\u0433\u043c\u0435\u043d\u0442\u043d\u044b\u0435 \u043f\u044f\u0442\u043d\u0430, \u0431\u043e\u0440\u0435\u0442\u0441\u044f \u0441 \u0430\u043a\u043d\u0435 \u0438 \u043a\u043e\u043d\u0442\u0440\u043e\u043b\u0438\u0440\u0443\u0435\u0442 \u0432\u044b\u0440\u0430\u0431\u043e\u0442\u043a\u0443 \u0441\u0435\u0431\u0443\u043c\u0430<\/li>\n<li>\u00a0\u0423\u0441\u043f\u043e\u043a\u0430\u0438\u0432\u0430\u044e\u0449\u0438\u0435 \u043a\u043e\u043c\u043f\u043e\u043d\u0435\u043d\u0442\u044b (Centella Asiatica, \u043f\u0430\u043d\u0442\u0435\u043d\u043e\u043b) \u0441\u043d\u0438\u043c\u0430\u044e\u0442 \u0432\u043e\u0441\u043f\u0430\u043b\u0435\u043d\u0438\u0435 \u0438 \u0443\u043b\u0443\u0447\u0448\u0430\u044e\u0442 \u0431\u0430\u0440\u044c\u0435\u0440\u043d\u0443\u044e \u0444\u0443\u043d\u043a\u0446\u0438\u044e \u043a\u043e\u0436\u0438<\/li>\n<li>\u00a0\u041b\u0451\u0433\u043a\u0430\u044f \u0442\u0435\u043a\u0441\u0442\u0443\u0440\u0430 \u0431\u044b\u0441\u0442\u0440\u043e \u0432\u043f\u0438\u0442\u044b\u0432\u0430\u0435\u0442\u0441\u044f, \u043d\u0435 \u043e\u0441\u0442\u0430\u0432\u043b\u044f\u044f \u043b\u0438\u043f\u043a\u043e\u0441\u0442\u0438<\/li>\n<li>\u0418\u0434\u0435\u0430\u043b\u044c\u043d\u043e \u043f\u043e\u0434\u0445\u043e\u0434\u0438\u0442 \u0434\u043b\u044f \u0435\u0436\u0435\u0434\u043d\u0435\u0432\u043d\u043e\u0433\u043e \u0438\u0441\u043f\u043e\u043b\u044c\u0437\u043e\u0432\u0430\u043d\u0438\u044f, \u0434\u0430\u0436\u0435 \u0434\u043b\u044f \u0447\u0443\u0432\u0441\u0442\u0432\u0438\u0442\u0435\u043b\u044c\u043d\u043e\u0439 \u043a\u043e\u0436\u0438<\/li>\n<\/ul>\n<p><strong>\u0420\u0435\u0437\u0443\u043b\u044c\u0442\u0430\u0442:<\/strong> \u0431\u043e\u043b\u0435\u0435 \u0447\u0438\u0441\u0442\u0430\u044f, \u0433\u043b\u0430\u0434\u043a\u0430\u044f \u0438 \u0441\u0431\u0430\u043b\u0430\u043d\u0441\u0438\u0440\u043e\u0432\u0430\u043d\u043d\u0430\u044f \u043a\u043e\u0436\u0430 \u0441 \u0440\u043e\u0432\u043d\u044b\u043c \u0442\u043e\u043d\u043e\u043c \u0438 \u0437\u0434\u043e\u0440\u043e\u0432\u044b\u043c \u0441\u0438\u044f\u043d\u0438\u0435\u043c.<\/p>\n<p><strong>\u0421\u043f\u043e\u0441\u043e\u0431 \u043f\u0440\u0438\u043c\u0435\u043d\u0435\u043d\u0438\u044f: <\/strong>\u041f\u043e\u0441\u043b\u0435 \u043e\u0447\u0438\u0449\u0435\u043d\u0438\u044f \u043d\u0430\u043d\u0435\u0441\u0438\u0442\u0435 \u043d\u0435\u0431\u043e\u043b\u044c\u0448\u043e\u0435 \u043a\u043e\u043b\u0438\u0447\u0435\u0441\u0442\u0432\u043e \u0442\u043e\u043d\u0435\u0440\u0430 \u043d\u0430 \u0432\u0430\u0442\u043d\u044b\u0439 \u0434\u0438\u0441\u043a \u0438\u043b\u0438 \u043b\u0430\u0434\u043e\u043d\u0438.\n\u0410\u043a\u043a\u0443\u0440\u0430\u0442\u043d\u043e \u0440\u0430\u0441\u043f\u0440\u0435\u0434\u0435\u043b\u0438\u0442\u0435 \u043f\u043e \u043b\u0438\u0446\u0443, \u0438\u0437\u0431\u0435\u0433\u0430\u044f \u043e\u0431\u043b\u0430\u0441\u0442\u0438 \u0432\u043e\u043a\u0440\u0443\u0433 \u0433\u043b\u0430\u0437.\n\u0414\u0430\u0439\u0442\u0435 \u0441\u0440\u0435\u0434\u0441\u0442\u0432\u0443 \u0432\u043f\u0438\u0442\u0430\u0442\u044c\u0441\u044f \u0438 \u043f\u0435\u0440\u0435\u0445\u043e\u0434\u0438\u0442\u0435 \u043a \u0441\u043b\u0435\u0434\u0443\u044e\u0449\u0435\u043c\u0443 \u044d\u0442\u0430\u043f\u0443 \u0443\u0445\u043e\u0434\u0430.\n\u0418\u0441\u043f\u043e\u043b\u044c\u0437\u0443\u0439\u0442\u0435 \u0443\u0442\u0440\u043e\u043c \u0438\/\u0438\u043b\u0438 \u0432\u0435\u0447\u0435\u0440\u043e\u043c. \u041f\u0440\u0438 \u0438\u0441\u043f\u043e\u043b\u044c\u0437\u043e\u0432\u0430\u043d\u0438\u0438 \u0434\u043d\u0451\u043c \u2014 \u043e\u0431\u044f\u0437\u0430\u0442\u0435\u043b\u044c\u043d\u043e \u043d\u0430\u043d\u043e\u0441\u0438\u0442\u0435 \u0441\u043e\u043b\u043d\u0446\u0435\u0437\u0430\u0449\u0438\u0442\u043d\u043e\u0435 \u0441\u0440\u0435\u0434\u0441\u0442\u0432\u043e.<\/p>\n<p><strong>\u0421\u043e\u0441\u0442\u0430\u0432:<\/strong> Water, Azelaic Acid, 1,2-Hexanediol, Sodium Hydroxide, Propylene Glycol, Salicylic Acid, Dipotassium Glycyrrhizate, Propanediol, Ppg-13-Decyltetradeceth-24, Butylene Glycol, Disodium Edta, Melia Azadirachta Leaf Extract, Glycerin, Rosmarinus Officinalis (Rosemary) Leaf Oil, Melia Azadirachta Flower Extract, Cynanchum Atratum Extract, Melaleuca Alternifolia (Tea Tree) Leaf Oil, Epilobium Angustifolium Flower\/Leaf\/Stem Extract, Ethylhexylglycerin, Althaea Rosea Flower Extract, Docosahexaenoic Acid, Citric Acid, Tocopherol, Madecassoside, Centella Asiatica Extract, Panthenol, Glycine Soja (Soybean) Protein, Centella Asiatica Leaf Extract, Asiaticoside, Allantoin, Ectoin, Glycyrrhizic Acid, Hydroxyethylcellulose, Succinic Acid, Zinc Pca, O-Cymen-5-Ol, Sodium Hyaluronate, Glycolic Acid, Potassium Azeloyl Diglycinate, Coco-Caprylate\/Caprate, Sodium Hyaluronate Crosspolymer, Centella Asiatica Root Extract, Hydrogenated Lecithin, Polyglutamic Acid, Xylose, Asiatic Acid, Madecassic Acid, Totarol, Squalane, Chlorella Vulgaris Extract, Ceramide NP<\/p>","protected":false},"excerpt":{"rendered":"<p>\u041c\u044f\u0433\u043a\u0438\u0439, \u043d\u043e \u044d\u0444\u0444\u0435\u043a\u0442\u0438\u0432\u043d\u044b\u0439 \u0443\u0445\u043e\u0434 \u0441 \u0442\u043e\u043d\u0435\u0440\u043e\u043c Anua Azelaic Acid Toner \u2014 \u0438\u0434\u0435\u0430\u043b\u044c\u043d\u043e\u0435 \u0440\u0435\u0448\u0435\u043d\u0438\u0435 \u0434\u043b\u044f \u043f\u0440\u043e\u0431\u043b\u0435\u043c\u043d\u043e\u0439, \u0441\u043a\u043b\u043e\u043d\u043d\u043e\u0439 \u043a \u0432\u043e\u0441\u043f\u0430\u043b\u0435\u043d\u0438\u044f\u043c \u0438 \u043f\u0438\u0433\u043c\u0435\u043d\u0442\u0430\u0446\u0438\u0438 \u043a\u043e\u0436\u0438.<\/p>","protected":false},"featured_media":25441,"comment_status":"open","ping_status":"closed","template":"","meta":{"site-sidebar-layout":"default","site-content-layout":"","ast-site-content-layout":"default","site-content-style":"default","site-sidebar-style":"default","ast-global-header-display":"","ast-banner-title-visibility":"","ast-main-header-display":"","ast-hfb-above-header-display":"","ast-hfb-below-header-display":"","ast-hfb-mobile-header-display":"","site-post-title":"","ast-breadcrumbs-content":"","ast-featured-img":"","footer-sml-layout":"","theme-transparent-header-meta":"default","adv-header-id-meta":"","stick-header-meta":"","header-above-stick-meta":"","header-main-stick-meta":"","header-below-stick-meta":"","astra-migrate-meta-layouts":"set","ast-page-background-enabled":"default","ast-page-background-meta":{"desktop":{"background-color":"var(--ast-global-color-4)","background-image":"","background-repeat":"repeat","background-position":"center center","background-size":"auto","background-attachment":"scroll","background-type":"","background-media":"","overlay-type":"","overlay-color":"","overlay-opacity":"","overlay-gradient":""},"tablet":{"background-color":"","background-image":"","background-repeat":"repeat","background-position":"center center","background-size":"auto","background-attachment":"scroll","background-type":"","background-media":"","overlay-type":"","overlay-color":"","overlay-opacity":"","overlay-gradient":""},"mobile":{"background-color":"","background-image":"","background-repeat":"repeat","background-position":"center center","background-size":"auto","background-attachment":"scroll","background-type":"","background-media":"","overlay-type":"","overlay-color":"","overlay-opacity":"","overlay-gradient":""}},"ast-content-background-meta":{"desktop":{"background-color":"var(--ast-global-color-5)","background-image":"","background-repeat":"repeat","background-position":"center center","background-size":"auto","background-attachment":"scroll","background-type":"","background-media":"","overlay-type":"","overlay-color":"","overlay-opacity":"","overlay-gradient":""},"tablet":{"background-color":"var(--ast-global-color-5)","background-image":"","background-repeat":"repeat","background-position":"center center","background-size":"auto","background-attachment":"scroll","background-type":"","background-media":"","overlay-type":"","overlay-color":"","overlay-opacity":"","overlay-gradient":""},"mobile":{"background-color":"var(--ast-global-color-5)","background-image":"","background-repeat":"repeat","background-position":"center center","background-size":"auto","background-attachment":"scroll","background-type":"","background-media":"","overlay-type":"","overlay-color":"","overlay-opacity":"","overlay-gradient":""}}},"product_brand":[],"product_cat":[375,377,364,376],"product_tag":[],"berocket_brand":[575],"class_list":{"0":"post-25440","1":"product","2":"type-product","3":"status-publish","4":"has-post-thumbnail","6":"product_cat-jutigai-adai-toneri","7":"product_cat-problematiskai-adai-toneri","8":"product_cat-toneri","9":"product_cat-kombinetai-adai-toneri","10":"berocket_brand-anua","11":"desktop-align-left","12":"tablet-align-left","13":"mobile-align-left","15":"first","16":"outofstock","17":"taxable","18":"shipping-taxable","19":"purchasable","20":"product-type-simple","21":"add-to-wishlist-before_image"},"yoast_head":"<!-- This site is optimized with the Yoast SEO plugin v27.4 - https:\/\/yoast.com\/product\/yoast-seo-wordpress\/ -->\n<title>Toniks ar azelainsk\u0101bi t\u012brai un gludai \u0101dai Anua Azelaic Acid Toner 250ml - FACECORNER<\/title>\n<meta name=\"description\" content=\"Maigs, bet efekt\u012bvs kop\u0161anas l\u012bdzeklis ar toniku Anua Azelaic Acid Toner ir ide\u0101ls risin\u0101jums problem\u0101tiskai, uz iekaisumiem un pigment\u0101ciju tend\u0113tai \u0101dai.\" \/>\n<meta name=\"robots\" content=\"index, follow, max-snippet:-1, max-image-preview:large, max-video-preview:-1\" \/>\n<link rel=\"canonical\" href=\"https:\/\/www.facecorner.lv\/ru\/shop\/toniks-ar-azelainskabi-tirai-un-gludai-adai-anua-azelaic-acid-toner-250ml\/\" \/>\n<meta property=\"og:locale\" content=\"ru_RU\" \/>\n<meta property=\"og:type\" content=\"article\" \/>\n<meta property=\"og:title\" content=\"Toniks ar azelainsk\u0101bi t\u012brai un gludai \u0101dai Anua Azelaic Acid Toner 250ml - FACECORNER\" \/>\n<meta property=\"og:description\" content=\"Maigs, bet efekt\u012bvs kop\u0161anas l\u012bdzeklis ar toniku Anua Azelaic Acid Toner ir ide\u0101ls risin\u0101jums problem\u0101tiskai, uz iekaisumiem un pigment\u0101ciju tend\u0113tai \u0101dai.\" \/>\n<meta property=\"og:url\" content=\"https:\/\/www.facecorner.lv\/ru\/shop\/toniks-ar-azelainskabi-tirai-un-gludai-adai-anua-azelaic-acid-toner-250ml\/\" \/>\n<meta property=\"og:site_name\" content=\"FACECORNER\" \/>\n<meta property=\"article:publisher\" content=\"https:\/\/www.facebook.com\/profile.php?id=100063824551839\" \/>\n<meta property=\"article:modified_time\" content=\"2025-10-28T11:22:42+00:00\" \/>\n<meta property=\"og:image\" content=\"https:\/\/www.facecorner.lv\/wp-content\/uploads\/2025\/10\/XXL_p0220894199.webp\" \/>\n\t<meta property=\"og:image:width\" content=\"640\" \/>\n\t<meta property=\"og:image:height\" content=\"640\" \/>\n\t<meta property=\"og:image:type\" content=\"image\/webp\" \/>\n<meta name=\"twitter:card\" content=\"summary_large_image\" \/>\n<meta name=\"twitter:label1\" content=\"\u0426\u0435\u043d\u0430\" \/>\n\t<meta name=\"twitter:data1\" content=\"&euro;29.50\" \/>\n\t<meta name=\"twitter:label2\" content=\"\u0414\u043e\u0441\u0442\u0443\u043f\u043d\u043e\u0441\u0442\u044c\" \/>\n\t<meta name=\"twitter:data2\" content=\"\u0420\u0430\u0441\u043f\u0440\u043e\u0434\u0430\u043d\u043e\" \/>\n<script type=\"application\/ld+json\" class=\"yoast-schema-graph\">{\"@context\":\"https:\\\/\\\/schema.org\",\"@graph\":[{\"@type\":\"WebPage\",\"@id\":\"https:\\\/\\\/www.facecorner.lv\\\/shop\\\/toniks-ar-azelainskabi-tirai-un-gludai-adai-anua-azelaic-acid-toner-250ml\\\/\",\"url\":\"https:\\\/\\\/www.facecorner.lv\\\/shop\\\/toniks-ar-azelainskabi-tirai-un-gludai-adai-anua-azelaic-acid-toner-250ml\\\/\",\"name\":\"Toniks ar azelainsk\u0101bi t\u012brai un gludai \u0101dai Anua Azelaic Acid Toner 250ml - FACECORNER\",\"isPartOf\":{\"@id\":\"https:\\\/\\\/www.facecorner.lv\\\/#website\"},\"primaryImageOfPage\":{\"@id\":\"https:\\\/\\\/www.facecorner.lv\\\/shop\\\/toniks-ar-azelainskabi-tirai-un-gludai-adai-anua-azelaic-acid-toner-250ml\\\/#primaryimage\"},\"image\":{\"@id\":\"https:\\\/\\\/www.facecorner.lv\\\/shop\\\/toniks-ar-azelainskabi-tirai-un-gludai-adai-anua-azelaic-acid-toner-250ml\\\/#primaryimage\"},\"thumbnailUrl\":\"https:\\\/\\\/www.facecorner.lv\\\/wp-content\\\/uploads\\\/2025\\\/10\\\/XXL_p0220894199.webp\",\"datePublished\":\"2025-10-01T10:22:06+00:00\",\"dateModified\":\"2025-10-28T11:22:42+00:00\",\"description\":\"Maigs, bet efekt\u012bvs kop\u0161anas l\u012bdzeklis ar toniku Anua Azelaic Acid Toner ir ide\u0101ls risin\u0101jums problem\u0101tiskai, uz iekaisumiem un pigment\u0101ciju tend\u0113tai \u0101dai.\",\"breadcrumb\":{\"@id\":\"https:\\\/\\\/www.facecorner.lv\\\/shop\\\/toniks-ar-azelainskabi-tirai-un-gludai-adai-anua-azelaic-acid-toner-250ml\\\/#breadcrumb\"},\"inLanguage\":\"ru-RU\",\"potentialAction\":[{\"@type\":\"ReadAction\",\"target\":[\"https:\\\/\\\/www.facecorner.lv\\\/shop\\\/toniks-ar-azelainskabi-tirai-un-gludai-adai-anua-azelaic-acid-toner-250ml\\\/\"]}]},{\"@type\":\"ImageObject\",\"inLanguage\":\"ru-RU\",\"@id\":\"https:\\\/\\\/www.facecorner.lv\\\/shop\\\/toniks-ar-azelainskabi-tirai-un-gludai-adai-anua-azelaic-acid-toner-250ml\\\/#primaryimage\",\"url\":\"https:\\\/\\\/www.facecorner.lv\\\/wp-content\\\/uploads\\\/2025\\\/10\\\/XXL_p0220894199.webp\",\"contentUrl\":\"https:\\\/\\\/www.facecorner.lv\\\/wp-content\\\/uploads\\\/2025\\\/10\\\/XXL_p0220894199.webp\",\"width\":640,\"height\":640,\"caption\":\"Anua Azelaic Acid Toner\"},{\"@type\":\"BreadcrumbList\",\"@id\":\"https:\\\/\\\/www.facecorner.lv\\\/shop\\\/toniks-ar-azelainskabi-tirai-un-gludai-adai-anua-azelaic-acid-toner-250ml\\\/#breadcrumb\",\"itemListElement\":[{\"@type\":\"ListItem\",\"position\":1,\"name\":\"Home\",\"item\":\"https:\\\/\\\/www.facecorner.lv\\\/\"},{\"@type\":\"ListItem\",\"position\":2,\"name\":\"Veikals\",\"item\":\"https:\\\/\\\/www.facecorner.lv\\\/shop\\\/\"},{\"@type\":\"ListItem\",\"position\":3,\"name\":\"Toniks ar azelainsk\u0101bi t\u012brai un gludai \u0101dai Anua Azelaic Acid Toner 250ml\"}]},{\"@type\":\"WebSite\",\"@id\":\"https:\\\/\\\/www.facecorner.lv\\\/#website\",\"url\":\"https:\\\/\\\/www.facecorner.lv\\\/\",\"name\":\"Facecorner\",\"description\":\"\",\"publisher\":{\"@id\":\"https:\\\/\\\/www.facecorner.lv\\\/#organization\"},\"potentialAction\":[{\"@type\":\"SearchAction\",\"target\":{\"@type\":\"EntryPoint\",\"urlTemplate\":\"https:\\\/\\\/www.facecorner.lv\\\/?s={search_term_string}\"},\"query-input\":{\"@type\":\"PropertyValueSpecification\",\"valueRequired\":true,\"valueName\":\"search_term_string\"}}],\"inLanguage\":\"ru-RU\"},{\"@type\":\"Organization\",\"@id\":\"https:\\\/\\\/www.facecorner.lv\\\/#organization\",\"name\":\"Facecorner\",\"url\":\"https:\\\/\\\/www.facecorner.lv\\\/\",\"logo\":{\"@type\":\"ImageObject\",\"inLanguage\":\"ru-RU\",\"@id\":\"https:\\\/\\\/www.facecorner.lv\\\/#\\\/schema\\\/logo\\\/image\\\/\",\"url\":\"https:\\\/\\\/www.facecorner.lv\\\/wp-content\\\/uploads\\\/2024\\\/04\\\/fc-logo.jpg\",\"contentUrl\":\"https:\\\/\\\/www.facecorner.lv\\\/wp-content\\\/uploads\\\/2024\\\/04\\\/fc-logo.jpg\",\"width\":174,\"height\":28,\"caption\":\"Facecorner\"},\"image\":{\"@id\":\"https:\\\/\\\/www.facecorner.lv\\\/#\\\/schema\\\/logo\\\/image\\\/\"},\"sameAs\":[\"https:\\\/\\\/www.facebook.com\\\/profile.php?id=100063824551839\",\"https:\\\/\\\/www.instagram.com\\\/facecorner_shop\\\/\"]}]}<\/script>\n<meta property=\"product:price:amount\" content=\"29.50\" \/>\n<meta property=\"product:price:currency\" content=\"EUR\" \/>\n<meta property=\"og:availability\" content=\"out of stock\" \/>\n<meta property=\"product:availability\" content=\"out of stock\" \/>\n<meta property=\"product:condition\" content=\"new\" \/>\n<!-- \/ Yoast SEO plugin. -->","yoast_head_json":{"title":"Toniks ar azelainsk\u0101bi t\u012brai un gludai \u0101dai Anua Azelaic Acid Toner 250ml - FACECORNER","description":"\u041c\u044f\u0433\u043a\u0438\u0439, \u043d\u043e \u044d\u0444\u0444\u0435\u043a\u0442\u0438\u0432\u043d\u044b\u0439 \u0443\u0445\u043e\u0434 \u0441 \u0442\u043e\u043d\u0435\u0440\u043e\u043c Anua Azelaic Acid Toner \u2014 \u0438\u0434\u0435\u0430\u043b\u044c\u043d\u043e\u0435 \u0440\u0435\u0448\u0435\u043d\u0438\u0435 \u0434\u043b\u044f \u043f\u0440\u043e\u0431\u043b\u0435\u043c\u043d\u043e\u0439, \u0441\u043a\u043b\u043e\u043d\u043d\u043e\u0439 \u043a \u0432\u043e\u0441\u043f\u0430\u043b\u0435\u043d\u0438\u044f\u043c \u0438 \u043f\u0438\u0433\u043c\u0435\u043d\u0442\u0430\u0446\u0438\u0438 \u043a\u043e\u0436\u0438.","robots":{"index":"index","follow":"follow","max-snippet":"max-snippet:-1","max-image-preview":"max-image-preview:large","max-video-preview":"max-video-preview:-1"},"canonical":"https:\/\/www.facecorner.lv\/ru\/shop\/toniks-ar-azelainskabi-tirai-un-gludai-adai-anua-azelaic-acid-toner-250ml\/","og_locale":"ru_RU","og_type":"article","og_title":"Toniks ar azelainsk\u0101bi t\u012brai un gludai \u0101dai Anua Azelaic Acid Toner 250ml - FACECORNER","og_description":"Maigs, bet efekt\u012bvs kop\u0161anas l\u012bdzeklis ar toniku Anua Azelaic Acid Toner ir ide\u0101ls risin\u0101jums problem\u0101tiskai, uz iekaisumiem un pigment\u0101ciju tend\u0113tai \u0101dai.","og_url":"https:\/\/www.facecorner.lv\/ru\/shop\/toniks-ar-azelainskabi-tirai-un-gludai-adai-anua-azelaic-acid-toner-250ml\/","og_site_name":"FACECORNER","article_publisher":"https:\/\/www.facebook.com\/profile.php?id=100063824551839","article_modified_time":"2025-10-28T11:22:42+00:00","og_image":[{"width":640,"height":640,"url":"https:\/\/www.facecorner.lv\/wp-content\/uploads\/2025\/10\/XXL_p0220894199.webp","type":"image\/webp"}],"twitter_card":"summary_large_image","twitter_misc":{"\u0426\u0435\u043d\u0430":"&euro;29.50","\u0414\u043e\u0441\u0442\u0443\u043f\u043d\u043e\u0441\u0442\u044c":"\u0420\u0430\u0441\u043f\u0440\u043e\u0434\u0430\u043d\u043e"},"schema":{"@context":"https:\/\/schema.org","@graph":[{"@type":"WebPage","@id":"https:\/\/www.facecorner.lv\/shop\/toniks-ar-azelainskabi-tirai-un-gludai-adai-anua-azelaic-acid-toner-250ml\/","url":"https:\/\/www.facecorner.lv\/shop\/toniks-ar-azelainskabi-tirai-un-gludai-adai-anua-azelaic-acid-toner-250ml\/","name":"Toniks ar azelainsk\u0101bi t\u012brai un gludai \u0101dai Anua Azelaic Acid Toner 250ml - FACECORNER","isPartOf":{"@id":"https:\/\/www.facecorner.lv\/#website"},"primaryImageOfPage":{"@id":"https:\/\/www.facecorner.lv\/shop\/toniks-ar-azelainskabi-tirai-un-gludai-adai-anua-azelaic-acid-toner-250ml\/#primaryimage"},"image":{"@id":"https:\/\/www.facecorner.lv\/shop\/toniks-ar-azelainskabi-tirai-un-gludai-adai-anua-azelaic-acid-toner-250ml\/#primaryimage"},"thumbnailUrl":"https:\/\/www.facecorner.lv\/wp-content\/uploads\/2025\/10\/XXL_p0220894199.webp","datePublished":"2025-10-01T10:22:06+00:00","dateModified":"2025-10-28T11:22:42+00:00","description":"\u041c\u044f\u0433\u043a\u0438\u0439, \u043d\u043e \u044d\u0444\u0444\u0435\u043a\u0442\u0438\u0432\u043d\u044b\u0439 \u0443\u0445\u043e\u0434 \u0441 \u0442\u043e\u043d\u0435\u0440\u043e\u043c Anua Azelaic Acid Toner \u2014 \u0438\u0434\u0435\u0430\u043b\u044c\u043d\u043e\u0435 \u0440\u0435\u0448\u0435\u043d\u0438\u0435 \u0434\u043b\u044f \u043f\u0440\u043e\u0431\u043b\u0435\u043c\u043d\u043e\u0439, \u0441\u043a\u043b\u043e\u043d\u043d\u043e\u0439 \u043a \u0432\u043e\u0441\u043f\u0430\u043b\u0435\u043d\u0438\u044f\u043c \u0438 \u043f\u0438\u0433\u043c\u0435\u043d\u0442\u0430\u0446\u0438\u0438 \u043a\u043e\u0436\u0438.","breadcrumb":{"@id":"https:\/\/www.facecorner.lv\/shop\/toniks-ar-azelainskabi-tirai-un-gludai-adai-anua-azelaic-acid-toner-250ml\/#breadcrumb"},"inLanguage":"ru-RU","potentialAction":[{"@type":"ReadAction","target":["https:\/\/www.facecorner.lv\/shop\/toniks-ar-azelainskabi-tirai-un-gludai-adai-anua-azelaic-acid-toner-250ml\/"]}]},{"@type":"ImageObject","inLanguage":"ru-RU","@id":"https:\/\/www.facecorner.lv\/shop\/toniks-ar-azelainskabi-tirai-un-gludai-adai-anua-azelaic-acid-toner-250ml\/#primaryimage","url":"https:\/\/www.facecorner.lv\/wp-content\/uploads\/2025\/10\/XXL_p0220894199.webp","contentUrl":"https:\/\/www.facecorner.lv\/wp-content\/uploads\/2025\/10\/XXL_p0220894199.webp","width":640,"height":640,"caption":"Anua Azelaic Acid Toner"},{"@type":"BreadcrumbList","@id":"https:\/\/www.facecorner.lv\/shop\/toniks-ar-azelainskabi-tirai-un-gludai-adai-anua-azelaic-acid-toner-250ml\/#breadcrumb","itemListElement":[{"@type":"ListItem","position":1,"name":"Home","item":"https:\/\/www.facecorner.lv\/"},{"@type":"ListItem","position":2,"name":"Veikals","item":"https:\/\/www.facecorner.lv\/shop\/"},{"@type":"ListItem","position":3,"name":"Toniks ar azelainsk\u0101bi t\u012brai un gludai \u0101dai Anua Azelaic Acid Toner 250ml"}]},{"@type":"WebSite","@id":"https:\/\/www.facecorner.lv\/#website","url":"https:\/\/www.facecorner.lv\/","name":"Facecorner","description":"","publisher":{"@id":"https:\/\/www.facecorner.lv\/#organization"},"potentialAction":[{"@type":"SearchAction","target":{"@type":"EntryPoint","urlTemplate":"https:\/\/www.facecorner.lv\/?s={search_term_string}"},"query-input":{"@type":"PropertyValueSpecification","valueRequired":true,"valueName":"search_term_string"}}],"inLanguage":"ru-RU"},{"@type":"Organization","@id":"https:\/\/www.facecorner.lv\/#organization","name":"Facecorner","url":"https:\/\/www.facecorner.lv\/","logo":{"@type":"ImageObject","inLanguage":"ru-RU","@id":"https:\/\/www.facecorner.lv\/#\/schema\/logo\/image\/","url":"https:\/\/www.facecorner.lv\/wp-content\/uploads\/2024\/04\/fc-logo.jpg","contentUrl":"https:\/\/www.facecorner.lv\/wp-content\/uploads\/2024\/04\/fc-logo.jpg","width":174,"height":28,"caption":"Facecorner"},"image":{"@id":"https:\/\/www.facecorner.lv\/#\/schema\/logo\/image\/"},"sameAs":["https:\/\/www.facebook.com\/profile.php?id=100063824551839","https:\/\/www.instagram.com\/facecorner_shop\/"]}]},"product_price_amount":"29.50","product_price_currency":"EUR","og_availability":"out of stock","product_availability":"out of stock","product_condition":"new"},"_links":{"self":[{"href":"https:\/\/www.facecorner.lv\/ru\/wp-json\/wp\/v2\/product\/25440","targetHints":{"allow":["GET"]}}],"collection":[{"href":"https:\/\/www.facecorner.lv\/ru\/wp-json\/wp\/v2\/product"}],"about":[{"href":"https:\/\/www.facecorner.lv\/ru\/wp-json\/wp\/v2\/types\/product"}],"replies":[{"embeddable":true,"href":"https:\/\/www.facecorner.lv\/ru\/wp-json\/wp\/v2\/comments?post=25440"}],"wp:featuredmedia":[{"embeddable":true,"href":"https:\/\/www.facecorner.lv\/ru\/wp-json\/wp\/v2\/media\/25441"}],"wp:attachment":[{"href":"https:\/\/www.facecorner.lv\/ru\/wp-json\/wp\/v2\/media?parent=25440"}],"wp:term":[{"taxonomy":"product_brand","embeddable":true,"href":"https:\/\/www.facecorner.lv\/ru\/wp-json\/wp\/v2\/product_brand?post=25440"},{"taxonomy":"product_cat","embeddable":true,"href":"https:\/\/www.facecorner.lv\/ru\/wp-json\/wp\/v2\/product_cat?post=25440"},{"taxonomy":"product_tag","embeddable":true,"href":"https:\/\/www.facecorner.lv\/ru\/wp-json\/wp\/v2\/product_tag?post=25440"},{"taxonomy":"berocket_brand","embeddable":true,"href":"https:\/\/www.facecorner.lv\/ru\/wp-json\/wp\/v2\/berocket_brand?post=25440"}],"curies":[{"name":"wp","href":"https:\/\/api.w.org\/{rel}","templated":true}]}}