{"id":25432,"date":"2025-10-01T11:47:05","date_gmt":"2025-10-01T08:47:05","guid":{"rendered":"https:\/\/www.facecorner.lv\/?post_type=product&#038;p=25432"},"modified":"2026-01-09T16:45:53","modified_gmt":"2026-01-09T13:45:53","slug":"medicube-hyaluronic-moisturizing-capsule-cream-55ml","status":"publish","type":"product","link":"https:\/\/www.facecorner.lv\/ru\/shop\/medicube-hyaluronic-moisturizing-capsule-cream-55ml\/","title":{"rendered":"Medicube Hyaluronic Moisturizing Capsule Cream 55ml"},"content":{"rendered":"<p>\u041f\u043e\u0434\u0430\u0440\u0438\u0442\u0435 \u0441\u0432\u043e\u0435\u0439 \u043a\u043e\u0436\u0435 \u0433\u043b\u0443\u0431\u043e\u043a\u043e\u0435 \u0443\u0432\u043b\u0430\u0436\u043d\u0435\u043d\u0438\u0435 \u0441 \u043a\u0440\u0435\u043c\u043e\u043c Medicube Hyaluronic Moisturizing Capsule Cream. \u0424\u043e\u0440\u043c\u0443\u043b\u0430, \u043e\u0431\u043e\u0433\u0430\u0449\u0451\u043d\u043d\u0430\u044f \u0433\u0438\u0430\u043b\u0443\u0440\u043e\u043d\u043e\u0432\u043e\u0439 \u043a\u0438\u0441\u043b\u043e\u0442\u043e\u0439 \u0438 \u0443\u0432\u043b\u0430\u0436\u043d\u044f\u044e\u0449\u0438\u043c\u0438 \u043a\u0430\u043f\u0441\u0443\u043b\u0430\u043c\u0438, \u043c\u0433\u043d\u043e\u0432\u0435\u043d\u043d\u043e \u043d\u0430\u0441\u044b\u0449\u0430\u0435\u0442 \u043a\u043e\u0436\u0443 \u0432\u043b\u0430\u0433\u043e\u0439, \u0432\u043e\u0437\u0432\u0440\u0430\u0449\u0430\u044f \u0435\u0439 \u0433\u043b\u0430\u0434\u043a\u043e\u0441\u0442\u044c, \u0443\u043f\u0440\u0443\u0433\u043e\u0441\u0442\u044c \u0438 \u0437\u0434\u043e\u0440\u043e\u0432\u043e\u0435 \u0441\u0438\u044f\u043d\u0438\u0435.<\/p>\n<ul>\n<li>7 \u0432\u0438\u0434\u043e\u0432 \u0433\u0438\u0430\u043b\u0443\u0440\u043e\u043d\u043e\u0432\u043e\u0439 \u043a\u0438\u0441\u043b\u043e\u0442\u044b \u043f\u0440\u043e\u043d\u0438\u043a\u0430\u044e\u0442 \u0432 \u0440\u0430\u0437\u043d\u044b\u0435 \u0441\u043b\u043e\u0438 \u043a\u043e\u0436\u0438, \u043e\u0431\u0435\u0441\u043f\u0435\u0447\u0438\u0432\u0430\u044f \u0434\u043e\u043b\u0433\u043e\u0432\u0440\u0435\u043c\u0435\u043d\u043d\u043e\u0435 \u0443\u0432\u043b\u0430\u0436\u043d\u0435\u043d\u0438\u0435.<\/li>\n<li>\u00a0\u041a\u0430\u043f\u0441\u0443\u043b\u044b \u0441 \u0430\u043a\u0442\u0438\u0432\u043d\u044b\u043c\u0438 \u043a\u043e\u043c\u043f\u043e\u043d\u0435\u043d\u0442\u0430\u043c\u0438 \u0440\u0430\u0441\u043a\u0440\u044b\u0432\u0430\u044e\u0442\u0441\u044f \u043f\u0440\u0438 \u043d\u0430\u043d\u0435\u0441\u0435\u043d\u0438\u0438, \u0441\u043e\u0445\u0440\u0430\u043d\u044f\u044f \u0441\u0432\u0435\u0436\u0435\u0441\u0442\u044c \u0438 \u044d\u0444\u0444\u0435\u043a\u0442\u0438\u0432\u043d\u043e\u0441\u0442\u044c \u0444\u043e\u0440\u043c\u0443\u043b\u044b.<\/li>\n<li>\u0423\u043a\u0440\u0435\u043f\u043b\u044f\u0435\u0442 \u043a\u043e\u0436\u043d\u044b\u0439 \u0431\u0430\u0440\u044c\u0435\u0440 \u0438 \u043f\u043e\u043c\u043e\u0433\u0430\u0435\u0442 \u0443\u0434\u0435\u0440\u0436\u0438\u0432\u0430\u0442\u044c \u0432\u043b\u0430\u0433\u0443 \u0432 \u0442\u0435\u0447\u0435\u043d\u0438\u0435 \u0432\u0441\u0435\u0433\u043e \u0434\u043d\u044f.<\/li>\n<li>\u041f\u043e\u0434\u0445\u043e\u0434\u0438\u0442 \u0434\u043b\u044f \u0432\u0441\u0435\u0445 \u0442\u0438\u043f\u043e\u0432 \u043a\u043e\u0436\u0438, \u0432\u043a\u043b\u044e\u0447\u0430\u044f \u0447\u0443\u0432\u0441\u0442\u0432\u0438\u0442\u0435\u043b\u044c\u043d\u0443\u044e<\/li>\n<\/ul>\n<p><strong>\u0420\u0435\u0437\u0443\u043b\u044c\u0442\u0430\u0442:<\/strong> \u043a\u043e\u0436\u0430 \u0441\u0442\u0430\u043d\u043e\u0432\u0438\u0442\u0441\u044f \u0437\u0430\u043c\u0435\u0442\u043d\u043e \u0431\u043e\u043b\u0435\u0435 \u0433\u043b\u0430\u0434\u043a\u043e\u0439, \u0443\u043f\u0440\u0443\u0433\u043e\u0439 \u0438 \u0443\u0432\u043b\u0430\u0436\u043d\u0451\u043d\u043d\u043e\u0439 \u0443\u0436\u0435 \u043f\u043e\u0441\u043b\u0435 \u043f\u0435\u0440\u0432\u043e\u0433\u043e \u043f\u0440\u0438\u043c\u0435\u043d\u0435\u043d\u0438\u044f.<\/p>\n<p><strong>\u0421\u043f\u043e\u0441\u043e\u0431 \u043f\u0440\u0438\u043c\u0435\u043d\u0435\u043d\u0438\u044f:<\/strong> \u041e\u0447\u0438\u0441\u0442\u0438\u0442\u0435 \u043a\u043e\u0436\u0443 \u2014 \u0442\u0449\u0430\u0442\u0435\u043b\u044c\u043d\u043e \u0443\u043c\u043e\u0439\u0442\u0435\u0441\u044c \u0438 \u043f\u0440\u043e\u0442\u0440\u0438\u0442\u0435 \u043b\u0438\u0446\u043e \u0442\u043e\u043d\u0438\u043a\u043e\u043c.\u0412\u043e\u0437\u044c\u043c\u0438\u0442\u0435 \u043d\u0435\u0431\u043e\u043b\u044c\u0448\u043e\u0435 \u043a\u043e\u043b\u0438\u0447\u0435\u0441\u0442\u0432\u043e \u043a\u0440\u0435\u043c\u0430 \u0441 \u043f\u043e\u043c\u043e\u0449\u044c\u044e \u0448\u043f\u0430\u0442\u0435\u043b\u044f \u0438\u043b\u0438 \u0447\u0438\u0441\u0442\u044b\u0445 \u043f\u0430\u043b\u044c\u0446\u0435\u0432.\n\u041d\u0430\u043d\u0435\u0441\u0438\u0442\u0435 \u043d\u0430 \u043b\u0438\u0446\u043e \u043c\u044f\u0433\u043a\u0438\u043c\u0438 \u043f\u043e\u0445\u043b\u043e\u043f\u044b\u0432\u0430\u044e\u0449\u0438\u043c\u0438 \u0434\u0432\u0438\u0436\u0435\u043d\u0438\u044f\u043c\u0438, \u0438\u0437\u0431\u0435\u0433\u0430\u044f \u043e\u0431\u043b\u0430\u0441\u0442\u0438 \u0432\u043e\u043a\u0440\u0443\u0433 \u0433\u043b\u0430\u0437.\n\u0410\u043a\u0442\u0438\u0432\u0438\u0440\u0443\u0439\u0442\u0435 \u043a\u0430\u043f\u0441\u0443\u043b\u044b \u2014 \u043f\u0440\u0438 \u043d\u0430\u043d\u0435\u0441\u0435\u043d\u0438\u0438 \u043a\u0430\u043f\u0441\u0443\u043b\u044b \u0442\u0430\u044e\u0442 \u0438 \u0432\u044b\u0441\u0432\u043e\u0431\u043e\u0436\u0434\u0430\u044e\u0442 \u0430\u043a\u0442\u0438\u0432\u043d\u044b\u0435 \u043a\u043e\u043c\u043f\u043e\u043d\u0435\u043d\u0442\u044b, \u0443\u0441\u0438\u043b\u0438\u0432\u0430\u044f \u044d\u0444\u0444\u0435\u043a\u0442.\u0418\u0441\u043f\u043e\u043b\u044c\u0437\u0443\u0439\u0442\u0435 \u0443\u0442\u0440\u043e\u043c \u0438 \u0432\u0435\u0447\u0435\u0440\u043e\u043c \u043a\u0430\u043a \u0437\u0430\u0432\u0435\u0440\u0448\u0430\u044e\u0449\u0438\u0439 \u044d\u0442\u0430\u043f \u0443\u0445\u043e\u0434\u0430.<\/p>\n<p><strong>\u0421\u043e\u0441\u0442\u0430\u0432:<\/strong> Purified Water, Niacinamide, Butylene Glycol, Methylpropanediol, Glycerin, Propanediol, 1,2-Hexanediol, Caprylic\/Capric Triglyceride, Glycereth-26, Arginine, Carbomer, Ethylhexyl Palmitate, Cetearyl Alcohol, Panthenol (5,000 ppm), Cetearyl Olivate, Sorbitan Olivate, Ammonium Acryloyldimethyltaurate\/VP Copolymer, Simethicone, Ethylhexylglycerin, Adenosine, Melia Azadirachta Leaf Extract, Polyacrylate-13, Melia Azadirachta Flower Extract, Disodium EDTA, Momordica Charantia (Bitter Melon) Fruit Extract, Polyisobutene, Hydrolyzed Sclerotium Gum, Glyceryl Stearate, Allantoin, Betaine, Aloe Vera Flower Extract, Solanum Melongena (Eggplant) Fruit Extract, Polysorbate 20, Jojoba Seed Oil, Sorbitan Isostearate, Sodium Hyaluronate (10 ppm), Ocimum Sanctum (Holy Basil) Leaf Extract, Corallina Officinalis Extract, Curcuma Longa (Turmeric) Root Extract, Squalane, Octyldodecanol, Hydrogenated Lecithin, Ceramide NP, Caprylyl Glycol.<\/p>","protected":false},"excerpt":{"rendered":"<p>\u041f\u043e\u0434\u0430\u0440\u0438\u0442\u0435 \u0441\u0432\u043e\u0435\u0439 \u043a\u043e\u0436\u0435 \u0433\u043b\u0443\u0431\u043e\u043a\u043e\u0435 \u0443\u0432\u043b\u0430\u0436\u043d\u0435\u043d\u0438\u0435 \u0441 \u043a\u0440\u0435\u043c\u043e\u043c Medicube Hyaluronic Moisturizing Capsule Cream. \u0424\u043e\u0440\u043c\u0443\u043b\u0430, \u043e\u0431\u043e\u0433\u0430\u0449\u0451\u043d\u043d\u0430\u044f \u0433\u0438\u0430\u043b\u0443\u0440\u043e\u043d\u043e\u0432\u043e\u0439 \u043a\u0438\u0441\u043b\u043e\u0442\u043e\u0439 \u0438 \u0443\u0432\u043b\u0430\u0436\u043d\u044f\u044e\u0449\u0438\u043c\u0438 \u043a\u0430\u043f\u0441\u0443\u043b\u0430\u043c\u0438, \u043c\u0433\u043d\u043e\u0432\u0435\u043d\u043d\u043e \u043d\u0430\u0441\u044b\u0449\u0430\u0435\u0442 \u043a\u043e\u0436\u0443 \u0432\u043b\u0430\u0433\u043e\u0439, \u0432\u043e\u0437\u0432\u0440\u0430\u0449\u0430\u044f \u0435\u0439 \u0433\u043b\u0430\u0434\u043a\u043e\u0441\u0442\u044c, \u0443\u043f\u0440\u0443\u0433\u043e\u0441\u0442\u044c \u0438 \u0437\u0434\u043e\u0440\u043e\u0432\u043e\u0435 \u0441\u0438\u044f\u043d\u0438\u0435.<\/p>","protected":false},"featured_media":25433,"comment_status":"open","ping_status":"closed","template":"","meta":{"site-sidebar-layout":"default","site-content-layout":"","ast-site-content-layout":"default","site-content-style":"default","site-sidebar-style":"default","ast-global-header-display":"","ast-banner-title-visibility":"","ast-main-header-display":"","ast-hfb-above-header-display":"","ast-hfb-below-header-display":"","ast-hfb-mobile-header-display":"","site-post-title":"","ast-breadcrumbs-content":"","ast-featured-img":"","footer-sml-layout":"","theme-transparent-header-meta":"default","adv-header-id-meta":"","stick-header-meta":"","header-above-stick-meta":"","header-main-stick-meta":"","header-below-stick-meta":"","astra-migrate-meta-layouts":"set","ast-page-background-enabled":"default","ast-page-background-meta":{"desktop":{"background-color":"var(--ast-global-color-4)","background-image":"","background-repeat":"repeat","background-position":"center center","background-size":"auto","background-attachment":"scroll","background-type":"","background-media":"","overlay-type":"","overlay-color":"","overlay-opacity":"","overlay-gradient":""},"tablet":{"background-color":"","background-image":"","background-repeat":"repeat","background-position":"center center","background-size":"auto","background-attachment":"scroll","background-type":"","background-media":"","overlay-type":"","overlay-color":"","overlay-opacity":"","overlay-gradient":""},"mobile":{"background-color":"","background-image":"","background-repeat":"repeat","background-position":"center center","background-size":"auto","background-attachment":"scroll","background-type":"","background-media":"","overlay-type":"","overlay-color":"","overlay-opacity":"","overlay-gradient":""}},"ast-content-background-meta":{"desktop":{"background-color":"var(--ast-global-color-5)","background-image":"","background-repeat":"repeat","background-position":"center center","background-size":"auto","background-attachment":"scroll","background-type":"","background-media":"","overlay-type":"","overlay-color":"","overlay-opacity":"","overlay-gradient":""},"tablet":{"background-color":"var(--ast-global-color-5)","background-image":"","background-repeat":"repeat","background-position":"center center","background-size":"auto","background-attachment":"scroll","background-type":"","background-media":"","overlay-type":"","overlay-color":"","overlay-opacity":"","overlay-gradient":""},"mobile":{"background-color":"var(--ast-global-color-5)","background-image":"","background-repeat":"repeat","background-position":"center center","background-size":"auto","background-attachment":"scroll","background-type":"","background-media":"","overlay-type":"","overlay-color":"","overlay-opacity":"","overlay-gradient":""}}},"product_brand":[],"product_cat":[366,367,368,362],"product_tag":[],"berocket_brand":[579],"class_list":{"0":"post-25432","1":"product","2":"type-product","3":"status-publish","4":"has-post-thumbnail","6":"product_cat-mitrinoss","7":"product_cat-nomierinoss","8":"product_cat-pret-grumbam","9":"product_cat-sejas-krems","10":"berocket_brand-medicube","11":"desktop-align-left","12":"tablet-align-left","13":"mobile-align-left","15":"first","16":"outofstock","17":"taxable","18":"shipping-taxable","19":"purchasable","20":"product-type-simple","21":"add-to-wishlist-before_image"},"yoast_head":"<!-- This site is optimized with the Yoast SEO plugin v27.3 - https:\/\/yoast.com\/product\/yoast-seo-wordpress\/ -->\n<title>Medicube Hyaluronic Moisturizing Capsule Cream 55ml - FACECORNER<\/title>\n<meta name=\"description\" content=\"Medicube Hyaluronic Moisturizing Capsule Cream formula, kas bag\u0101tin\u0101ta ar hialuronsk\u0101bi un mitrino\u0161\u0101m kapsul\u0101m, uzreiz pies\u0101tina \u0101du ar mitrumu\" \/>\n<meta name=\"robots\" content=\"index, follow, max-snippet:-1, max-image-preview:large, max-video-preview:-1\" \/>\n<link rel=\"canonical\" href=\"https:\/\/www.facecorner.lv\/ru\/shop\/medicube-hyaluronic-moisturizing-capsule-cream-55ml\/\" \/>\n<meta property=\"og:locale\" content=\"ru_RU\" \/>\n<meta property=\"og:type\" content=\"article\" \/>\n<meta property=\"og:title\" content=\"Medicube Hyaluronic Moisturizing Capsule Cream 55ml - FACECORNER\" \/>\n<meta property=\"og:description\" content=\"Medicube Hyaluronic Moisturizing Capsule Cream formula, kas bag\u0101tin\u0101ta ar hialuronsk\u0101bi un mitrino\u0161\u0101m kapsul\u0101m, uzreiz pies\u0101tina \u0101du ar mitrumu\" \/>\n<meta property=\"og:url\" content=\"https:\/\/www.facecorner.lv\/ru\/shop\/medicube-hyaluronic-moisturizing-capsule-cream-55ml\/\" \/>\n<meta property=\"og:site_name\" content=\"FACECORNER\" \/>\n<meta property=\"article:publisher\" content=\"https:\/\/www.facebook.com\/profile.php?id=100063824551839\" \/>\n<meta property=\"article:modified_time\" content=\"2026-01-09T13:45:53+00:00\" \/>\n<meta property=\"og:image\" content=\"https:\/\/www.facecorner.lv\/wp-content\/uploads\/2025\/10\/S1ded7e3895cd4cc084db44955916153f7.jpg\" \/>\n\t<meta property=\"og:image:width\" content=\"1238\" \/>\n\t<meta property=\"og:image:height\" content=\"1321\" \/>\n\t<meta property=\"og:image:type\" content=\"image\/jpeg\" \/>\n<meta name=\"twitter:card\" content=\"summary_large_image\" \/>\n<meta name=\"twitter:label1\" content=\"\u0426\u0435\u043d\u0430\" \/>\n\t<meta name=\"twitter:data1\" content=\"&euro;34.90\" \/>\n\t<meta name=\"twitter:label2\" content=\"\u0414\u043e\u0441\u0442\u0443\u043f\u043d\u043e\u0441\u0442\u044c\" \/>\n\t<meta name=\"twitter:data2\" content=\"\u0420\u0430\u0441\u043f\u0440\u043e\u0434\u0430\u043d\u043e\" \/>\n<script type=\"application\/ld+json\" class=\"yoast-schema-graph\">{\"@context\":\"https:\\\/\\\/schema.org\",\"@graph\":[{\"@type\":\"WebPage\",\"@id\":\"https:\\\/\\\/www.facecorner.lv\\\/shop\\\/medicube-hyaluronic-moisturizing-capsule-cream-55ml\\\/\",\"url\":\"https:\\\/\\\/www.facecorner.lv\\\/shop\\\/medicube-hyaluronic-moisturizing-capsule-cream-55ml\\\/\",\"name\":\"Medicube Hyaluronic Moisturizing Capsule Cream 55ml - FACECORNER\",\"isPartOf\":{\"@id\":\"https:\\\/\\\/www.facecorner.lv\\\/#website\"},\"primaryImageOfPage\":{\"@id\":\"https:\\\/\\\/www.facecorner.lv\\\/shop\\\/medicube-hyaluronic-moisturizing-capsule-cream-55ml\\\/#primaryimage\"},\"image\":{\"@id\":\"https:\\\/\\\/www.facecorner.lv\\\/shop\\\/medicube-hyaluronic-moisturizing-capsule-cream-55ml\\\/#primaryimage\"},\"thumbnailUrl\":\"https:\\\/\\\/www.facecorner.lv\\\/wp-content\\\/uploads\\\/2025\\\/10\\\/S1ded7e3895cd4cc084db44955916153f7.jpg\",\"datePublished\":\"2025-10-01T08:47:05+00:00\",\"dateModified\":\"2026-01-09T13:45:53+00:00\",\"description\":\"Medicube Hyaluronic Moisturizing Capsule Cream formula, kas bag\u0101tin\u0101ta ar hialuronsk\u0101bi un mitrino\u0161\u0101m kapsul\u0101m, uzreiz pies\u0101tina \u0101du ar mitrumu\",\"breadcrumb\":{\"@id\":\"https:\\\/\\\/www.facecorner.lv\\\/shop\\\/medicube-hyaluronic-moisturizing-capsule-cream-55ml\\\/#breadcrumb\"},\"inLanguage\":\"ru-RU\",\"potentialAction\":[{\"@type\":\"ReadAction\",\"target\":[\"https:\\\/\\\/www.facecorner.lv\\\/shop\\\/medicube-hyaluronic-moisturizing-capsule-cream-55ml\\\/\"]}]},{\"@type\":\"ImageObject\",\"inLanguage\":\"ru-RU\",\"@id\":\"https:\\\/\\\/www.facecorner.lv\\\/shop\\\/medicube-hyaluronic-moisturizing-capsule-cream-55ml\\\/#primaryimage\",\"url\":\"https:\\\/\\\/www.facecorner.lv\\\/wp-content\\\/uploads\\\/2025\\\/10\\\/S1ded7e3895cd4cc084db44955916153f7.jpg\",\"contentUrl\":\"https:\\\/\\\/www.facecorner.lv\\\/wp-content\\\/uploads\\\/2025\\\/10\\\/S1ded7e3895cd4cc084db44955916153f7.jpg\",\"width\":1238,\"height\":1321,\"caption\":\"Medicube Hyaluronic Moisturizing Capsule Cream\"},{\"@type\":\"BreadcrumbList\",\"@id\":\"https:\\\/\\\/www.facecorner.lv\\\/shop\\\/medicube-hyaluronic-moisturizing-capsule-cream-55ml\\\/#breadcrumb\",\"itemListElement\":[{\"@type\":\"ListItem\",\"position\":1,\"name\":\"Home\",\"item\":\"https:\\\/\\\/www.facecorner.lv\\\/\"},{\"@type\":\"ListItem\",\"position\":2,\"name\":\"Veikals\",\"item\":\"https:\\\/\\\/www.facecorner.lv\\\/shop\\\/\"},{\"@type\":\"ListItem\",\"position\":3,\"name\":\"Medicube Hyaluronic Moisturizing Capsule Cream 55ml\"}]},{\"@type\":\"WebSite\",\"@id\":\"https:\\\/\\\/www.facecorner.lv\\\/#website\",\"url\":\"https:\\\/\\\/www.facecorner.lv\\\/\",\"name\":\"Facecorner\",\"description\":\"\",\"publisher\":{\"@id\":\"https:\\\/\\\/www.facecorner.lv\\\/#organization\"},\"potentialAction\":[{\"@type\":\"SearchAction\",\"target\":{\"@type\":\"EntryPoint\",\"urlTemplate\":\"https:\\\/\\\/www.facecorner.lv\\\/?s={search_term_string}\"},\"query-input\":{\"@type\":\"PropertyValueSpecification\",\"valueRequired\":true,\"valueName\":\"search_term_string\"}}],\"inLanguage\":\"ru-RU\"},{\"@type\":\"Organization\",\"@id\":\"https:\\\/\\\/www.facecorner.lv\\\/#organization\",\"name\":\"Facecorner\",\"url\":\"https:\\\/\\\/www.facecorner.lv\\\/\",\"logo\":{\"@type\":\"ImageObject\",\"inLanguage\":\"ru-RU\",\"@id\":\"https:\\\/\\\/www.facecorner.lv\\\/#\\\/schema\\\/logo\\\/image\\\/\",\"url\":\"https:\\\/\\\/www.facecorner.lv\\\/wp-content\\\/uploads\\\/2024\\\/04\\\/fc-logo.jpg\",\"contentUrl\":\"https:\\\/\\\/www.facecorner.lv\\\/wp-content\\\/uploads\\\/2024\\\/04\\\/fc-logo.jpg\",\"width\":174,\"height\":28,\"caption\":\"Facecorner\"},\"image\":{\"@id\":\"https:\\\/\\\/www.facecorner.lv\\\/#\\\/schema\\\/logo\\\/image\\\/\"},\"sameAs\":[\"https:\\\/\\\/www.facebook.com\\\/profile.php?id=100063824551839\",\"https:\\\/\\\/www.instagram.com\\\/facecorner_shop\\\/\"]}]}<\/script>\n<meta property=\"product:price:amount\" content=\"34.90\" \/>\n<meta property=\"product:price:currency\" content=\"EUR\" \/>\n<meta property=\"og:availability\" content=\"out of stock\" \/>\n<meta property=\"product:availability\" content=\"out of stock\" \/>\n<meta property=\"product:condition\" content=\"new\" \/>\n<!-- \/ Yoast SEO plugin. -->","yoast_head_json":{"title":"Medicube Hyaluronic Moisturizing Capsule Cream 55ml - FACECORNER","description":"Medicube Hyaluronic Moisturizing Capsule Cream formula, kas bag\u0101tin\u0101ta ar hialuronsk\u0101bi un mitrino\u0161\u0101m kapsul\u0101m, uzreiz pies\u0101tina \u0101du ar mitrumu","robots":{"index":"index","follow":"follow","max-snippet":"max-snippet:-1","max-image-preview":"max-image-preview:large","max-video-preview":"max-video-preview:-1"},"canonical":"https:\/\/www.facecorner.lv\/ru\/shop\/medicube-hyaluronic-moisturizing-capsule-cream-55ml\/","og_locale":"ru_RU","og_type":"article","og_title":"Medicube Hyaluronic Moisturizing Capsule Cream 55ml - FACECORNER","og_description":"Medicube Hyaluronic Moisturizing Capsule Cream formula, kas bag\u0101tin\u0101ta ar hialuronsk\u0101bi un mitrino\u0161\u0101m kapsul\u0101m, uzreiz pies\u0101tina \u0101du ar mitrumu","og_url":"https:\/\/www.facecorner.lv\/ru\/shop\/medicube-hyaluronic-moisturizing-capsule-cream-55ml\/","og_site_name":"FACECORNER","article_publisher":"https:\/\/www.facebook.com\/profile.php?id=100063824551839","article_modified_time":"2026-01-09T13:45:53+00:00","og_image":[{"width":1238,"height":1321,"url":"https:\/\/www.facecorner.lv\/wp-content\/uploads\/2025\/10\/S1ded7e3895cd4cc084db44955916153f7.jpg","type":"image\/jpeg"}],"twitter_card":"summary_large_image","twitter_misc":{"\u0426\u0435\u043d\u0430":"&euro;34.90","\u0414\u043e\u0441\u0442\u0443\u043f\u043d\u043e\u0441\u0442\u044c":"\u0420\u0430\u0441\u043f\u0440\u043e\u0434\u0430\u043d\u043e"},"schema":{"@context":"https:\/\/schema.org","@graph":[{"@type":"WebPage","@id":"https:\/\/www.facecorner.lv\/shop\/medicube-hyaluronic-moisturizing-capsule-cream-55ml\/","url":"https:\/\/www.facecorner.lv\/shop\/medicube-hyaluronic-moisturizing-capsule-cream-55ml\/","name":"Medicube Hyaluronic Moisturizing Capsule Cream 55ml - FACECORNER","isPartOf":{"@id":"https:\/\/www.facecorner.lv\/#website"},"primaryImageOfPage":{"@id":"https:\/\/www.facecorner.lv\/shop\/medicube-hyaluronic-moisturizing-capsule-cream-55ml\/#primaryimage"},"image":{"@id":"https:\/\/www.facecorner.lv\/shop\/medicube-hyaluronic-moisturizing-capsule-cream-55ml\/#primaryimage"},"thumbnailUrl":"https:\/\/www.facecorner.lv\/wp-content\/uploads\/2025\/10\/S1ded7e3895cd4cc084db44955916153f7.jpg","datePublished":"2025-10-01T08:47:05+00:00","dateModified":"2026-01-09T13:45:53+00:00","description":"Medicube Hyaluronic Moisturizing Capsule Cream formula, kas bag\u0101tin\u0101ta ar hialuronsk\u0101bi un mitrino\u0161\u0101m kapsul\u0101m, uzreiz pies\u0101tina \u0101du ar mitrumu","breadcrumb":{"@id":"https:\/\/www.facecorner.lv\/shop\/medicube-hyaluronic-moisturizing-capsule-cream-55ml\/#breadcrumb"},"inLanguage":"ru-RU","potentialAction":[{"@type":"ReadAction","target":["https:\/\/www.facecorner.lv\/shop\/medicube-hyaluronic-moisturizing-capsule-cream-55ml\/"]}]},{"@type":"ImageObject","inLanguage":"ru-RU","@id":"https:\/\/www.facecorner.lv\/shop\/medicube-hyaluronic-moisturizing-capsule-cream-55ml\/#primaryimage","url":"https:\/\/www.facecorner.lv\/wp-content\/uploads\/2025\/10\/S1ded7e3895cd4cc084db44955916153f7.jpg","contentUrl":"https:\/\/www.facecorner.lv\/wp-content\/uploads\/2025\/10\/S1ded7e3895cd4cc084db44955916153f7.jpg","width":1238,"height":1321,"caption":"Medicube Hyaluronic Moisturizing Capsule Cream"},{"@type":"BreadcrumbList","@id":"https:\/\/www.facecorner.lv\/shop\/medicube-hyaluronic-moisturizing-capsule-cream-55ml\/#breadcrumb","itemListElement":[{"@type":"ListItem","position":1,"name":"Home","item":"https:\/\/www.facecorner.lv\/"},{"@type":"ListItem","position":2,"name":"Veikals","item":"https:\/\/www.facecorner.lv\/shop\/"},{"@type":"ListItem","position":3,"name":"Medicube Hyaluronic Moisturizing Capsule Cream 55ml"}]},{"@type":"WebSite","@id":"https:\/\/www.facecorner.lv\/#website","url":"https:\/\/www.facecorner.lv\/","name":"Facecorner","description":"","publisher":{"@id":"https:\/\/www.facecorner.lv\/#organization"},"potentialAction":[{"@type":"SearchAction","target":{"@type":"EntryPoint","urlTemplate":"https:\/\/www.facecorner.lv\/?s={search_term_string}"},"query-input":{"@type":"PropertyValueSpecification","valueRequired":true,"valueName":"search_term_string"}}],"inLanguage":"ru-RU"},{"@type":"Organization","@id":"https:\/\/www.facecorner.lv\/#organization","name":"Facecorner","url":"https:\/\/www.facecorner.lv\/","logo":{"@type":"ImageObject","inLanguage":"ru-RU","@id":"https:\/\/www.facecorner.lv\/#\/schema\/logo\/image\/","url":"https:\/\/www.facecorner.lv\/wp-content\/uploads\/2024\/04\/fc-logo.jpg","contentUrl":"https:\/\/www.facecorner.lv\/wp-content\/uploads\/2024\/04\/fc-logo.jpg","width":174,"height":28,"caption":"Facecorner"},"image":{"@id":"https:\/\/www.facecorner.lv\/#\/schema\/logo\/image\/"},"sameAs":["https:\/\/www.facebook.com\/profile.php?id=100063824551839","https:\/\/www.instagram.com\/facecorner_shop\/"]}]},"product_price_amount":"34.90","product_price_currency":"EUR","og_availability":"out of stock","product_availability":"out of stock","product_condition":"new"},"_links":{"self":[{"href":"https:\/\/www.facecorner.lv\/ru\/wp-json\/wp\/v2\/product\/25432","targetHints":{"allow":["GET"]}}],"collection":[{"href":"https:\/\/www.facecorner.lv\/ru\/wp-json\/wp\/v2\/product"}],"about":[{"href":"https:\/\/www.facecorner.lv\/ru\/wp-json\/wp\/v2\/types\/product"}],"replies":[{"embeddable":true,"href":"https:\/\/www.facecorner.lv\/ru\/wp-json\/wp\/v2\/comments?post=25432"}],"wp:featuredmedia":[{"embeddable":true,"href":"https:\/\/www.facecorner.lv\/ru\/wp-json\/wp\/v2\/media\/25433"}],"wp:attachment":[{"href":"https:\/\/www.facecorner.lv\/ru\/wp-json\/wp\/v2\/media?parent=25432"}],"wp:term":[{"taxonomy":"product_brand","embeddable":true,"href":"https:\/\/www.facecorner.lv\/ru\/wp-json\/wp\/v2\/product_brand?post=25432"},{"taxonomy":"product_cat","embeddable":true,"href":"https:\/\/www.facecorner.lv\/ru\/wp-json\/wp\/v2\/product_cat?post=25432"},{"taxonomy":"product_tag","embeddable":true,"href":"https:\/\/www.facecorner.lv\/ru\/wp-json\/wp\/v2\/product_tag?post=25432"},{"taxonomy":"berocket_brand","embeddable":true,"href":"https:\/\/www.facecorner.lv\/ru\/wp-json\/wp\/v2\/berocket_brand?post=25432"}],"curies":[{"name":"wp","href":"https:\/\/api.w.org\/{rel}","templated":true}]}}