{"id":25400,"date":"2025-09-24T14:17:36","date_gmt":"2025-09-24T11:17:36","guid":{"rendered":"https:\/\/www.facecorner.lv\/?post_type=product&#038;p=25400"},"modified":"2025-10-20T14:08:30","modified_gmt":"2025-10-20T11:08:30","slug":"isoi-bulgarian-rose-blemish-care-eye-patch-90-patches","status":"publish","type":"product","link":"https:\/\/www.facecorner.lv\/ru\/shop\/isoi-bulgarian-rose-blemish-care-eye-patch-90-patches\/","title":{"rendered":"isoi Bulgarian Rose Blemish Care Eye Patch 90 patches"},"content":{"rendered":"<p>isoi Bulgarian Rose Blemish Care Eye Patch \u2014 \u044d\u0442\u043e \u0433\u0438\u0434\u0440\u043e\u0433\u0435\u043b\u0435\u0432\u044b\u0435 \u043f\u0430\u0442\u0447\u0438, \u0441\u043f\u0435\u0446\u0438\u0430\u043b\u044c\u043d\u043e \u0440\u0430\u0437\u0440\u0430\u0431\u043e\u0442\u0430\u043d\u043d\u044b\u0435 \u0434\u043b\u044f \u0434\u0435\u043b\u0438\u043a\u0430\u0442\u043d\u043e\u0439 \u0437\u043e\u043d\u044b \u0432\u043e\u043a\u0440\u0443\u0433 \u0433\u043b\u0430\u0437.<\/p>\n<p>\u0411\u043b\u0430\u0433\u043e\u0434\u0430\u0440\u044f \u0432\u044b\u0441\u043e\u043a\u043e\u043a\u0430\u0447\u0435\u0441\u0442\u0432\u0435\u043d\u043d\u043e\u043c\u0443 \u0431\u043e\u043b\u0433\u0430\u0440\u0441\u043a\u043e\u043c\u0443 \u0440\u043e\u0437\u043e\u0432\u043e\u043c\u0443 \u043c\u0430\u0441\u043b\u0443 \u0438 \u043e\u0441\u0432\u0435\u0442\u043b\u044f\u044e\u0449\u0438\u043c \u043a\u043e\u043c\u043f\u043e\u043d\u0435\u043d\u0442\u0430\u043c, \u043f\u0430\u0442\u0447\u0438 \u044d\u0444\u0444\u0435\u043a\u0442\u0438\u0432\u043d\u043e \u0431\u043e\u0440\u044e\u0442\u0441\u044f \u0441 \u0442\u0451\u043c\u043d\u044b\u043c\u0438 \u043a\u0440\u0443\u0433\u0430\u043c\u0438, \u043e\u0442\u0451\u043a\u0430\u043c\u0438 \u0438 \u043f\u0435\u0440\u0432\u044b\u043c\u0438 \u043f\u0440\u0438\u0437\u043d\u0430\u043a\u0430\u043c\u0438 \u0441\u0442\u0430\u0440\u0435\u043d\u0438\u044f, \u0434\u0435\u043b\u0430\u044f \u0432\u0437\u0433\u043b\u044f\u0434 \u0441\u0432\u0435\u0436\u0438\u043c \u0438 \u043e\u0442\u0434\u043e\u0445\u043d\u0443\u0432\u0448\u0438\u043c.<\/p>\n<ul>\n<li>\u042d\u0444\u0438\u0440\u043d\u043e\u0435 \u043c\u0430\u0441\u043b\u043e \u0431\u043e\u043b\u0433\u0430\u0440\u0441\u043a\u043e\u0439 \u0440\u043e\u0437\u044b \u2014 \u0433\u043b\u0443\u0431\u043e\u043a\u043e \u043f\u0438\u0442\u0430\u0435\u0442, \u0443\u043b\u0443\u0447\u0448\u0430\u0435\u0442 \u043c\u0438\u043a\u0440\u043e\u0446\u0438\u0440\u043a\u0443\u043b\u044f\u0446\u0438\u044e \u0438 \u043f\u0440\u0438\u0434\u0430\u0451\u0442 \u043a\u043e\u0436\u0435 \u0441\u0438\u044f\u043d\u0438\u0435.<\/li>\n<li>\u041d\u0438\u0430\u0446\u0438\u043d\u0430\u043c\u0438\u0434 \u2014 \u043e\u0441\u0432\u0435\u0442\u043b\u044f\u0435\u0442 \u0442\u0451\u043c\u043d\u044b\u0435 \u043a\u0440\u0443\u0433\u0438 \u0438 \u0432\u044b\u0440\u0430\u0432\u043d\u0438\u0432\u0430\u0435\u0442 \u0442\u043e\u043d \u043a\u043e\u0436\u0438.<\/li>\n<li>\u0410\u0440\u0431\u0443\u0442\u0438\u043d \u2014 \u043c\u044f\u0433\u043a\u043e \u043e\u0441\u0432\u0435\u0442\u043b\u044f\u0435\u0442 \u043f\u0438\u0433\u043c\u0435\u043d\u0442\u0430\u0446\u0438\u044e \u0432 \u043e\u0431\u043b\u0430\u0441\u0442\u0438 \u0433\u043b\u0430\u0437.<\/li>\n<li>\u0410\u0434\u0435\u043d\u043e\u0437\u0438\u043d \u2014 \u0440\u0430\u0437\u0433\u043b\u0430\u0436\u0438\u0432\u0430\u0435\u0442 \u043c\u0435\u043b\u043a\u0438\u0435 \u043c\u043e\u0440\u0449\u0438\u043d\u044b \u0438 \u043f\u043e\u0432\u044b\u0448\u0430\u0435\u0442 \u0443\u043f\u0440\u0443\u0433\u043e\u0441\u0442\u044c \u043a\u043e\u0436\u0438.<\/li>\n<\/ul>\n<p><strong style=\"font-size: 16px;\">\u041f\u0440\u0435\u0438\u043c\u0443\u0449\u0435\u0441\u0442\u0432\u0430<\/strong><\/p>\n<ul>\n<li>\u041e\u0441\u0432\u0435\u0442\u043b\u044f\u044e\u0442 \u0442\u0451\u043c\u043d\u044b\u0435 \u043a\u0440\u0443\u0433\u0438 \u0438 \u0443\u043c\u0435\u043d\u044c\u0448\u0430\u044e\u0442 \u043e\u0442\u0451\u0447\u043d\u043e\u0441\u0442\u044c<\/li>\n<li>\u041f\u043e\u0432\u044b\u0448\u0430\u044e\u0442 \u0443\u043f\u0440\u0443\u0433\u043e\u0441\u0442\u044c \u0438 \u0442\u043e\u043d\u0443\u0441 \u043a\u043e\u0436\u0438 \u0432\u043e\u043a\u0440\u0443\u0433 \u0433\u043b\u0430\u0437<\/li>\n<li>\u0420\u0430\u0437\u0433\u043b\u0430\u0436\u0438\u0432\u0430\u044e\u0442 \"\u0433\u0443\u0441\u0438\u043d\u044b\u0435 \u043b\u0430\u043f\u043a\u0438\" \u0438 \u043c\u0435\u043b\u043a\u0438\u0435 \u043c\u043e\u0440\u0449\u0438\u043d\u044b<\/li>\n<li>\u041e\u0431\u0435\u0441\u043f\u0435\u0447\u0438\u0432\u0430\u044e\u0442 \u043e\u0445\u043b\u0430\u0436\u0434\u0430\u044e\u0449\u0438\u0439 \u0438 \u0443\u0441\u043f\u043e\u043a\u0430\u0438\u0432\u0430\u044e\u0449\u0438\u0439 \u044d\u0444\u0444\u0435\u043a\u0442<\/li>\n<\/ul>\n<p>\u0418\u0434\u0435\u0430\u043b\u044c\u043d\u044b \u0434\u043b\u044f \u0443\u0442\u0440\u0435\u043d\u043d\u0435\u0433\u043e \u0438 \u0432\u0435\u0447\u0435\u0440\u043d\u0435\u0433\u043e \u0443\u0445\u043e\u0434\u0430, \u0430 \u0442\u0430\u043a\u0436\u0435 \u043f\u0435\u0440\u0435\u0434 \u043c\u0430\u043a\u0438\u044f\u0436\u0435\u043c<\/p>\n<p><strong>\u0421\u043f\u043e\u0441\u043e\u0431 \u043f\u0440\u0438\u043c\u0435\u043d\u0435\u043d\u0438\u044f:<\/strong> \u041f\u043e\u0441\u043b\u0435 \u043e\u0447\u0438\u0449\u0435\u043d\u0438\u044f \u0438 \u0442\u043e\u043d\u0438\u0437\u0438\u0440\u043e\u0432\u0430\u043d\u0438\u044f \u0430\u043a\u043a\u0443\u0440\u0430\u0442\u043d\u043e \u043d\u0430\u043b\u043e\u0436\u0438\u0442\u0435 \u043f\u0430\u0442\u0447\u0438 \u043f\u043e\u0434 \u0433\u043b\u0430\u0437\u0430.\n\u041e\u0441\u0442\u0430\u0432\u044c\u0442\u0435 \u043d\u0430 15\u201320 \u043c\u0438\u043d\u0443\u0442.\n\u0421\u043d\u0438\u043c\u0438\u0442\u0435 \u0438 \u043c\u044f\u0433\u043a\u043e \u0432\u0431\u0435\u0439\u0442\u0435 \u043e\u0441\u0442\u0430\u0442\u043a\u0438 \u044d\u0441\u0441\u0435\u043d\u0446\u0438\u0438 \u043f\u043e\u0434\u0443\u0448\u0435\u0447\u043a\u0430\u043c\u0438 \u043f\u0430\u043b\u044c\u0446\u0435\u0432.\n\u041c\u043e\u0436\u043d\u043e \u0438\u0441\u043f\u043e\u043b\u044c\u0437\u043e\u0432\u0430\u0442\u044c \u0442\u0430\u043a\u0436\u0435 \u043d\u0430 \u0434\u0440\u0443\u0433\u0438\u0445 \u0437\u043e\u043d\u0430\u0445 \u2014 \u043d\u0430\u043f\u0440\u0438\u043c\u0435\u0440, \u0432 \u043d\u043e\u0441\u043e\u0433\u0443\u0431\u043d\u043e\u0439 \u0441\u043a\u043b\u0430\u0434\u043a\u0435 \u0438\u043b\u0438 \u043d\u0430 \u043b\u0431\u0443.<\/p>\n<p><strong>\u0421\u043e\u0441\u0442\u0430\u0432:<\/strong> Water, Dipropylene Glycol, Glycerin, 1,2-Hexanediol, Niacinamide, Chondrus Crispus Extract, Rosa Damascena Flower Water, Ceratonia Siliqua (Carob) Gum, Rosa Damascena Flower Oil, Rosa Hybrid Flower, Sodium Hyaluronate, Sodium Acetylated Hyaluronate, Hydrolyzed Hyaluronic Acid, Hydrolyzed Sodium Hyaluronate, Hyaluronic Acid, Hydroxypropyltrimonium Hyaluronate, Potassium Hyaluronate, Sodium Hyaluronate Crosspolymer, Hippophae Rhamnoides Fruit Extract, Rubus Idaeus (Raspberry) Fruit Extract, Rubus Fruticosus (Blackberry) Fruit Extract, Euterpe Oleracea Fruit Extract, Vaccinium Myrtillus Fruit Extract, Vaccinium Macrocarpon (Cranberry) Fruit Extract, Ribes Nigrum (Black Currant) Fruit Extract, Vaccinium Angustifolium (Blueberry) Fruit Extract, Houttuynia Cordata Extract, Centella Asiatica Extract, Calendula Officinalis Flower Extract, Scutellaria Baicalensis Root Extract, Glycyrrhiza Glabra (Licorice) Root Extract, Glutathione, Allantoin, Betaine, Trehalose, Panthenol, Dipotassium Glycyrrhizate, Adenosine, Potassium Chloride, Sucrose, Xanthan Gum, Cellulose Gum, Butylene Glycol, Pentylene Glycol, Polyglyceryl-10 Oleate, Tocopherol, Glyceryl Caprylate, Pelargonium Graveolens Flower Oil, Citrus Aurantium Dulcis (Orange) Peel Oil, Citronellol, Geraniol, Linalool, Iron Oxide Red<\/p>\n<p>&nbsp;<\/p>\n<p>&nbsp;<\/p>\n<p>&nbsp;<\/p>","protected":false},"excerpt":{"rendered":"<p>isoi Bulgarian Rose Blemish Care Eye Patch \u2014 \u044d\u0442\u043e \u0433\u0438\u0434\u0440\u043e\u0433\u0435\u043b\u0435\u0432\u044b\u0435 \u043f\u0430\u0442\u0447\u0438, \u0441\u043f\u0435\u0446\u0438\u0430\u043b\u044c\u043d\u043e \u0440\u0430\u0437\u0440\u0430\u0431\u043e\u0442\u0430\u043d\u043d\u044b\u0435 \u0434\u043b\u044f \u0434\u0435\u043b\u0438\u043a\u0430\u0442\u043d\u043e\u0439 \u0437\u043e\u043d\u044b \u0432\u043e\u043a\u0440\u0443\u0433 \u0433\u043b\u0430\u0437.<\/p>","protected":false},"featured_media":25401,"comment_status":"open","ping_status":"closed","template":"","meta":{"site-sidebar-layout":"default","site-content-layout":"","ast-site-content-layout":"default","site-content-style":"default","site-sidebar-style":"default","ast-global-header-display":"","ast-banner-title-visibility":"","ast-main-header-display":"","ast-hfb-above-header-display":"","ast-hfb-below-header-display":"","ast-hfb-mobile-header-display":"","site-post-title":"","ast-breadcrumbs-content":"","ast-featured-img":"","footer-sml-layout":"","theme-transparent-header-meta":"default","adv-header-id-meta":"","stick-header-meta":"","header-above-stick-meta":"","header-main-stick-meta":"","header-below-stick-meta":"","astra-migrate-meta-layouts":"set","ast-page-background-enabled":"default","ast-page-background-meta":{"desktop":{"background-color":"var(--ast-global-color-4)","background-image":"","background-repeat":"repeat","background-position":"center center","background-size":"auto","background-attachment":"scroll","background-type":"","background-media":"","overlay-type":"","overlay-color":"","overlay-opacity":"","overlay-gradient":""},"tablet":{"background-color":"","background-image":"","background-repeat":"repeat","background-position":"center center","background-size":"auto","background-attachment":"scroll","background-type":"","background-media":"","overlay-type":"","overlay-color":"","overlay-opacity":"","overlay-gradient":""},"mobile":{"background-color":"","background-image":"","background-repeat":"repeat","background-position":"center center","background-size":"auto","background-attachment":"scroll","background-type":"","background-media":"","overlay-type":"","overlay-color":"","overlay-opacity":"","overlay-gradient":""}},"ast-content-background-meta":{"desktop":{"background-color":"var(--ast-global-color-5)","background-image":"","background-repeat":"repeat","background-position":"center center","background-size":"auto","background-attachment":"scroll","background-type":"","background-media":"","overlay-type":"","overlay-color":"","overlay-opacity":"","overlay-gradient":""},"tablet":{"background-color":"var(--ast-global-color-5)","background-image":"","background-repeat":"repeat","background-position":"center center","background-size":"auto","background-attachment":"scroll","background-type":"","background-media":"","overlay-type":"","overlay-color":"","overlay-opacity":"","overlay-gradient":""},"mobile":{"background-color":"var(--ast-global-color-5)","background-image":"","background-repeat":"repeat","background-position":"center center","background-size":"auto","background-attachment":"scroll","background-type":"","background-media":"","overlay-type":"","overlay-color":"","overlay-opacity":"","overlay-gradient":""}}},"product_brand":[],"product_cat":[327],"product_tag":[],"berocket_brand":[662],"class_list":{"0":"post-25400","1":"product","2":"type-product","3":"status-publish","4":"has-post-thumbnail","6":"product_cat-patci","7":"berocket_brand-isoi","8":"desktop-align-left","9":"tablet-align-left","10":"mobile-align-left","12":"first","13":"instock","14":"taxable","15":"shipping-taxable","16":"purchasable","17":"product-type-simple","18":"add-to-wishlist-before_image"},"yoast_head":"<!-- This site is optimized with the Yoast SEO plugin v27.4 - https:\/\/yoast.com\/product\/yoast-seo-wordpress\/ -->\n<title>isoi Bulgarian Rose Blemish Care Eye Patch 90 patches - FACECORNER<\/title>\n<meta name=\"description\" content=\"isoi Bulgarian Rose Blemish Care Eye Patch ir hidrog\u0113la pl\u0101ksteri, kas \u012bpa\u0161i izstr\u0101d\u0101ti jut\u012bgajai zonai ap ac\u012bm.\" \/>\n<meta name=\"robots\" content=\"index, follow, max-snippet:-1, max-image-preview:large, max-video-preview:-1\" \/>\n<link rel=\"canonical\" href=\"https:\/\/www.facecorner.lv\/ru\/shop\/isoi-bulgarian-rose-blemish-care-eye-patch-90-patches\/\" \/>\n<meta property=\"og:locale\" content=\"ru_RU\" \/>\n<meta property=\"og:type\" content=\"article\" \/>\n<meta property=\"og:title\" content=\"isoi Bulgarian Rose Blemish Care Eye Patch 90 patches - FACECORNER\" \/>\n<meta property=\"og:description\" content=\"isoi Bulgarian Rose Blemish Care Eye Patch ir hidrog\u0113la pl\u0101ksteri, kas \u012bpa\u0161i izstr\u0101d\u0101ti jut\u012bgajai zonai ap ac\u012bm.\" \/>\n<meta property=\"og:url\" content=\"https:\/\/www.facecorner.lv\/ru\/shop\/isoi-bulgarian-rose-blemish-care-eye-patch-90-patches\/\" \/>\n<meta property=\"og:site_name\" content=\"FACECORNER\" \/>\n<meta property=\"article:publisher\" content=\"https:\/\/www.facebook.com\/profile.php?id=100063824551839\" \/>\n<meta property=\"article:modified_time\" content=\"2025-10-20T11:08:30+00:00\" \/>\n<meta property=\"og:image\" content=\"https:\/\/www.facecorner.lv\/wp-content\/uploads\/2025\/09\/71IBdBzUBWL._UF10001000_QL80_.jpg\" \/>\n\t<meta property=\"og:image:width\" content=\"800\" \/>\n\t<meta property=\"og:image:height\" content=\"1000\" \/>\n\t<meta property=\"og:image:type\" content=\"image\/jpeg\" \/>\n<meta name=\"twitter:card\" content=\"summary_large_image\" \/>\n<meta name=\"twitter:label1\" content=\"\u0426\u0435\u043d\u0430\" \/>\n\t<meta name=\"twitter:data1\" content=\"&euro;29.90\" \/>\n\t<meta name=\"twitter:label2\" content=\"\u0414\u043e\u0441\u0442\u0443\u043f\u043d\u043e\u0441\u0442\u044c\" \/>\n\t<meta name=\"twitter:data2\" content=\"\u0412 \u043d\u0430\u043b\u0438\u0447\u0438\u0438\" \/>\n<script type=\"application\/ld+json\" class=\"yoast-schema-graph\">{\"@context\":\"https:\\\/\\\/schema.org\",\"@graph\":[{\"@type\":\"WebPage\",\"@id\":\"https:\\\/\\\/www.facecorner.lv\\\/shop\\\/isoi-bulgarian-rose-blemish-care-eye-patch-90-patches\\\/\",\"url\":\"https:\\\/\\\/www.facecorner.lv\\\/shop\\\/isoi-bulgarian-rose-blemish-care-eye-patch-90-patches\\\/\",\"name\":\"isoi Bulgarian Rose Blemish Care Eye Patch 90 patches - FACECORNER\",\"isPartOf\":{\"@id\":\"https:\\\/\\\/www.facecorner.lv\\\/#website\"},\"primaryImageOfPage\":{\"@id\":\"https:\\\/\\\/www.facecorner.lv\\\/shop\\\/isoi-bulgarian-rose-blemish-care-eye-patch-90-patches\\\/#primaryimage\"},\"image\":{\"@id\":\"https:\\\/\\\/www.facecorner.lv\\\/shop\\\/isoi-bulgarian-rose-blemish-care-eye-patch-90-patches\\\/#primaryimage\"},\"thumbnailUrl\":\"https:\\\/\\\/www.facecorner.lv\\\/wp-content\\\/uploads\\\/2025\\\/09\\\/71IBdBzUBWL._UF10001000_QL80_.jpg\",\"datePublished\":\"2025-09-24T11:17:36+00:00\",\"dateModified\":\"2025-10-20T11:08:30+00:00\",\"description\":\"isoi Bulgarian Rose Blemish Care Eye Patch ir hidrog\u0113la pl\u0101ksteri, kas \u012bpa\u0161i izstr\u0101d\u0101ti jut\u012bgajai zonai ap ac\u012bm.\",\"breadcrumb\":{\"@id\":\"https:\\\/\\\/www.facecorner.lv\\\/shop\\\/isoi-bulgarian-rose-blemish-care-eye-patch-90-patches\\\/#breadcrumb\"},\"inLanguage\":\"ru-RU\",\"potentialAction\":[{\"@type\":\"ReadAction\",\"target\":[\"https:\\\/\\\/www.facecorner.lv\\\/shop\\\/isoi-bulgarian-rose-blemish-care-eye-patch-90-patches\\\/\"]}]},{\"@type\":\"ImageObject\",\"inLanguage\":\"ru-RU\",\"@id\":\"https:\\\/\\\/www.facecorner.lv\\\/shop\\\/isoi-bulgarian-rose-blemish-care-eye-patch-90-patches\\\/#primaryimage\",\"url\":\"https:\\\/\\\/www.facecorner.lv\\\/wp-content\\\/uploads\\\/2025\\\/09\\\/71IBdBzUBWL._UF10001000_QL80_.jpg\",\"contentUrl\":\"https:\\\/\\\/www.facecorner.lv\\\/wp-content\\\/uploads\\\/2025\\\/09\\\/71IBdBzUBWL._UF10001000_QL80_.jpg\",\"width\":800,\"height\":1000,\"caption\":\"isoi Bulgarian Rose Blemish Care Eye Patch\"},{\"@type\":\"BreadcrumbList\",\"@id\":\"https:\\\/\\\/www.facecorner.lv\\\/shop\\\/isoi-bulgarian-rose-blemish-care-eye-patch-90-patches\\\/#breadcrumb\",\"itemListElement\":[{\"@type\":\"ListItem\",\"position\":1,\"name\":\"Home\",\"item\":\"https:\\\/\\\/www.facecorner.lv\\\/\"},{\"@type\":\"ListItem\",\"position\":2,\"name\":\"Veikals\",\"item\":\"https:\\\/\\\/www.facecorner.lv\\\/shop\\\/\"},{\"@type\":\"ListItem\",\"position\":3,\"name\":\"isoi Bulgarian Rose Blemish Care Eye Patch 90 patches\"}]},{\"@type\":\"WebSite\",\"@id\":\"https:\\\/\\\/www.facecorner.lv\\\/#website\",\"url\":\"https:\\\/\\\/www.facecorner.lv\\\/\",\"name\":\"Facecorner\",\"description\":\"\",\"publisher\":{\"@id\":\"https:\\\/\\\/www.facecorner.lv\\\/#organization\"},\"potentialAction\":[{\"@type\":\"SearchAction\",\"target\":{\"@type\":\"EntryPoint\",\"urlTemplate\":\"https:\\\/\\\/www.facecorner.lv\\\/?s={search_term_string}\"},\"query-input\":{\"@type\":\"PropertyValueSpecification\",\"valueRequired\":true,\"valueName\":\"search_term_string\"}}],\"inLanguage\":\"ru-RU\"},{\"@type\":\"Organization\",\"@id\":\"https:\\\/\\\/www.facecorner.lv\\\/#organization\",\"name\":\"Facecorner\",\"url\":\"https:\\\/\\\/www.facecorner.lv\\\/\",\"logo\":{\"@type\":\"ImageObject\",\"inLanguage\":\"ru-RU\",\"@id\":\"https:\\\/\\\/www.facecorner.lv\\\/#\\\/schema\\\/logo\\\/image\\\/\",\"url\":\"https:\\\/\\\/www.facecorner.lv\\\/wp-content\\\/uploads\\\/2024\\\/04\\\/fc-logo.jpg\",\"contentUrl\":\"https:\\\/\\\/www.facecorner.lv\\\/wp-content\\\/uploads\\\/2024\\\/04\\\/fc-logo.jpg\",\"width\":174,\"height\":28,\"caption\":\"Facecorner\"},\"image\":{\"@id\":\"https:\\\/\\\/www.facecorner.lv\\\/#\\\/schema\\\/logo\\\/image\\\/\"},\"sameAs\":[\"https:\\\/\\\/www.facebook.com\\\/profile.php?id=100063824551839\",\"https:\\\/\\\/www.instagram.com\\\/facecorner_shop\\\/\"]}]}<\/script>\n<meta property=\"product:price:amount\" content=\"29.90\" \/>\n<meta property=\"product:price:currency\" content=\"EUR\" \/>\n<meta property=\"og:availability\" content=\"instock\" \/>\n<meta property=\"product:availability\" content=\"instock\" \/>\n<meta property=\"product:condition\" content=\"new\" \/>\n<!-- \/ Yoast SEO plugin. -->","yoast_head_json":{"title":"isoi Bulgarian Rose Blemish Care Eye Patch 90 patches - FACECORNER","description":"isoi Bulgarian Rose Blemish Care Eye Patch \u2014 \u044d\u0442\u043e \u0433\u0438\u0434\u0440\u043e\u0433\u0435\u043b\u0435\u0432\u044b\u0435 \u043f\u0430\u0442\u0447\u0438, \u0441\u043f\u0435\u0446\u0438\u0430\u043b\u044c\u043d\u043e \u0440\u0430\u0437\u0440\u0430\u0431\u043e\u0442\u0430\u043d\u043d\u044b\u0435 \u0434\u043b\u044f \u0434\u0435\u043b\u0438\u043a\u0430\u0442\u043d\u043e\u0439 \u0437\u043e\u043d\u044b \u0432\u043e\u043a\u0440\u0443\u0433 \u0433\u043b\u0430\u0437.","robots":{"index":"index","follow":"follow","max-snippet":"max-snippet:-1","max-image-preview":"max-image-preview:large","max-video-preview":"max-video-preview:-1"},"canonical":"https:\/\/www.facecorner.lv\/ru\/shop\/isoi-bulgarian-rose-blemish-care-eye-patch-90-patches\/","og_locale":"ru_RU","og_type":"article","og_title":"isoi Bulgarian Rose Blemish Care Eye Patch 90 patches - FACECORNER","og_description":"isoi Bulgarian Rose Blemish Care Eye Patch ir hidrog\u0113la pl\u0101ksteri, kas \u012bpa\u0161i izstr\u0101d\u0101ti jut\u012bgajai zonai ap ac\u012bm.","og_url":"https:\/\/www.facecorner.lv\/ru\/shop\/isoi-bulgarian-rose-blemish-care-eye-patch-90-patches\/","og_site_name":"FACECORNER","article_publisher":"https:\/\/www.facebook.com\/profile.php?id=100063824551839","article_modified_time":"2025-10-20T11:08:30+00:00","og_image":[{"width":800,"height":1000,"url":"https:\/\/www.facecorner.lv\/wp-content\/uploads\/2025\/09\/71IBdBzUBWL._UF10001000_QL80_.jpg","type":"image\/jpeg"}],"twitter_card":"summary_large_image","twitter_misc":{"\u0426\u0435\u043d\u0430":"&euro;29.90","\u0414\u043e\u0441\u0442\u0443\u043f\u043d\u043e\u0441\u0442\u044c":"\u0412 \u043d\u0430\u043b\u0438\u0447\u0438\u0438"},"schema":{"@context":"https:\/\/schema.org","@graph":[{"@type":"WebPage","@id":"https:\/\/www.facecorner.lv\/shop\/isoi-bulgarian-rose-blemish-care-eye-patch-90-patches\/","url":"https:\/\/www.facecorner.lv\/shop\/isoi-bulgarian-rose-blemish-care-eye-patch-90-patches\/","name":"isoi Bulgarian Rose Blemish Care Eye Patch 90 patches - FACECORNER","isPartOf":{"@id":"https:\/\/www.facecorner.lv\/#website"},"primaryImageOfPage":{"@id":"https:\/\/www.facecorner.lv\/shop\/isoi-bulgarian-rose-blemish-care-eye-patch-90-patches\/#primaryimage"},"image":{"@id":"https:\/\/www.facecorner.lv\/shop\/isoi-bulgarian-rose-blemish-care-eye-patch-90-patches\/#primaryimage"},"thumbnailUrl":"https:\/\/www.facecorner.lv\/wp-content\/uploads\/2025\/09\/71IBdBzUBWL._UF10001000_QL80_.jpg","datePublished":"2025-09-24T11:17:36+00:00","dateModified":"2025-10-20T11:08:30+00:00","description":"isoi Bulgarian Rose Blemish Care Eye Patch \u2014 \u044d\u0442\u043e \u0433\u0438\u0434\u0440\u043e\u0433\u0435\u043b\u0435\u0432\u044b\u0435 \u043f\u0430\u0442\u0447\u0438, \u0441\u043f\u0435\u0446\u0438\u0430\u043b\u044c\u043d\u043e \u0440\u0430\u0437\u0440\u0430\u0431\u043e\u0442\u0430\u043d\u043d\u044b\u0435 \u0434\u043b\u044f \u0434\u0435\u043b\u0438\u043a\u0430\u0442\u043d\u043e\u0439 \u0437\u043e\u043d\u044b \u0432\u043e\u043a\u0440\u0443\u0433 \u0433\u043b\u0430\u0437.","breadcrumb":{"@id":"https:\/\/www.facecorner.lv\/shop\/isoi-bulgarian-rose-blemish-care-eye-patch-90-patches\/#breadcrumb"},"inLanguage":"ru-RU","potentialAction":[{"@type":"ReadAction","target":["https:\/\/www.facecorner.lv\/shop\/isoi-bulgarian-rose-blemish-care-eye-patch-90-patches\/"]}]},{"@type":"ImageObject","inLanguage":"ru-RU","@id":"https:\/\/www.facecorner.lv\/shop\/isoi-bulgarian-rose-blemish-care-eye-patch-90-patches\/#primaryimage","url":"https:\/\/www.facecorner.lv\/wp-content\/uploads\/2025\/09\/71IBdBzUBWL._UF10001000_QL80_.jpg","contentUrl":"https:\/\/www.facecorner.lv\/wp-content\/uploads\/2025\/09\/71IBdBzUBWL._UF10001000_QL80_.jpg","width":800,"height":1000,"caption":"isoi Bulgarian Rose Blemish Care Eye Patch"},{"@type":"BreadcrumbList","@id":"https:\/\/www.facecorner.lv\/shop\/isoi-bulgarian-rose-blemish-care-eye-patch-90-patches\/#breadcrumb","itemListElement":[{"@type":"ListItem","position":1,"name":"Home","item":"https:\/\/www.facecorner.lv\/"},{"@type":"ListItem","position":2,"name":"Veikals","item":"https:\/\/www.facecorner.lv\/shop\/"},{"@type":"ListItem","position":3,"name":"isoi Bulgarian Rose Blemish Care Eye Patch 90 patches"}]},{"@type":"WebSite","@id":"https:\/\/www.facecorner.lv\/#website","url":"https:\/\/www.facecorner.lv\/","name":"Facecorner","description":"","publisher":{"@id":"https:\/\/www.facecorner.lv\/#organization"},"potentialAction":[{"@type":"SearchAction","target":{"@type":"EntryPoint","urlTemplate":"https:\/\/www.facecorner.lv\/?s={search_term_string}"},"query-input":{"@type":"PropertyValueSpecification","valueRequired":true,"valueName":"search_term_string"}}],"inLanguage":"ru-RU"},{"@type":"Organization","@id":"https:\/\/www.facecorner.lv\/#organization","name":"Facecorner","url":"https:\/\/www.facecorner.lv\/","logo":{"@type":"ImageObject","inLanguage":"ru-RU","@id":"https:\/\/www.facecorner.lv\/#\/schema\/logo\/image\/","url":"https:\/\/www.facecorner.lv\/wp-content\/uploads\/2024\/04\/fc-logo.jpg","contentUrl":"https:\/\/www.facecorner.lv\/wp-content\/uploads\/2024\/04\/fc-logo.jpg","width":174,"height":28,"caption":"Facecorner"},"image":{"@id":"https:\/\/www.facecorner.lv\/#\/schema\/logo\/image\/"},"sameAs":["https:\/\/www.facebook.com\/profile.php?id=100063824551839","https:\/\/www.instagram.com\/facecorner_shop\/"]}]},"product_price_amount":"29.90","product_price_currency":"EUR","og_availability":"instock","product_availability":"instock","product_condition":"new"},"_links":{"self":[{"href":"https:\/\/www.facecorner.lv\/ru\/wp-json\/wp\/v2\/product\/25400","targetHints":{"allow":["GET"]}}],"collection":[{"href":"https:\/\/www.facecorner.lv\/ru\/wp-json\/wp\/v2\/product"}],"about":[{"href":"https:\/\/www.facecorner.lv\/ru\/wp-json\/wp\/v2\/types\/product"}],"replies":[{"embeddable":true,"href":"https:\/\/www.facecorner.lv\/ru\/wp-json\/wp\/v2\/comments?post=25400"}],"wp:featuredmedia":[{"embeddable":true,"href":"https:\/\/www.facecorner.lv\/ru\/wp-json\/wp\/v2\/media\/25401"}],"wp:attachment":[{"href":"https:\/\/www.facecorner.lv\/ru\/wp-json\/wp\/v2\/media?parent=25400"}],"wp:term":[{"taxonomy":"product_brand","embeddable":true,"href":"https:\/\/www.facecorner.lv\/ru\/wp-json\/wp\/v2\/product_brand?post=25400"},{"taxonomy":"product_cat","embeddable":true,"href":"https:\/\/www.facecorner.lv\/ru\/wp-json\/wp\/v2\/product_cat?post=25400"},{"taxonomy":"product_tag","embeddable":true,"href":"https:\/\/www.facecorner.lv\/ru\/wp-json\/wp\/v2\/product_tag?post=25400"},{"taxonomy":"berocket_brand","embeddable":true,"href":"https:\/\/www.facecorner.lv\/ru\/wp-json\/wp\/v2\/berocket_brand?post=25400"}],"curies":[{"name":"wp","href":"https:\/\/api.w.org\/{rel}","templated":true}]}}