{"id":25398,"date":"2025-09-24T13:56:49","date_gmt":"2025-09-24T10:56:49","guid":{"rendered":"https:\/\/www.facecorner.lv\/?post_type=product&#038;p=25398"},"modified":"2025-12-17T11:20:18","modified_gmt":"2025-12-17T08:20:18","slug":"auduma-maska-ar-bulgaru-rozi-pret-pigmentaciju-un-adas-nepilnibam-isoi-bulgarian-rose-blemish-care-mask","status":"publish","type":"product","link":"https:\/\/www.facecorner.lv\/ru\/shop\/auduma-maska-ar-bulgaru-rozi-pret-pigmentaciju-un-adas-nepilnibam-isoi-bulgarian-rose-blemish-care-mask\/","title":{"rendered":"\u0422\u043a\u0430\u043d\u0435\u0432\u0430\u044f \u043c\u0430\u0441\u043a\u0430 \u0441 \u0431\u043e\u043b\u0433\u0430\u0440\u0441\u043a\u043e\u0439 \u0440\u043e\u0437\u043e\u0439 \u043f\u0440\u043e\u0442\u0438\u0432 \u043f\u0438\u0433\u043c\u0435\u043d\u0442\u0430\u0446\u0438\u0438 \u0438 \u043d\u0435\u0441\u043e\u0432\u0435\u0440\u0448\u0435\u043d\u0441\u0442\u0432 \u043a\u043e\u0436\u0438 isoi Bulgarian Rose Blemish Care Mask"},"content":{"rendered":"<p>isoi Bulgarian Rose Blemish Care Mask \u2014 \u044d\u0442\u043e \u0438\u043d\u0442\u0435\u043d\u0441\u0438\u0432\u043d\u0430\u044f \u0442\u043a\u0430\u043d\u0435\u0432\u0430\u044f \u043c\u0430\u0441\u043a\u0430, \u043f\u0440\u043e\u043f\u0438\u0442\u0430\u043d\u043d\u0430\u044f \u0432\u044b\u0441\u043e\u043a\u043e\u044d\u0444\u0444\u0435\u043a\u0442\u0438\u0432\u043d\u043e\u0439 \u044d\u0441\u0441\u0435\u043d\u0446\u0438\u0435\u0439 \u043d\u0430 \u043e\u0441\u043d\u043e\u0432\u0435 \u044d\u0444\u0438\u0440\u043d\u043e\u0433\u043e \u043c\u0430\u0441\u043b\u0430 \u0431\u043e\u043b\u0433\u0430\u0440\u0441\u043a\u043e\u0439 \u0440\u043e\u0437\u044b.<\/p>\n<p>\u0420\u0430\u0437\u0440\u0430\u0431\u043e\u0442\u0430\u043d\u0430 \u0441\u043f\u0435\u0446\u0438\u0430\u043b\u044c\u043d\u043e \u0434\u043b\u044f \u0443\u0445\u043e\u0434\u0430 \u0437\u0430 \u0442\u0443\u0441\u043a\u043b\u043e\u0439, \u0447\u0443\u0432\u0441\u0442\u0432\u0438\u0442\u0435\u043b\u044c\u043d\u043e\u0439 \u0438 \u043f\u0440\u043e\u0431\u043b\u0435\u043c\u043d\u043e\u0439 \u043a\u043e\u0436\u0435\u0439 \u0441 \u043f\u0438\u0433\u043c\u0435\u043d\u0442\u0430\u0446\u0438\u0435\u0439 \u0438 \u0441\u043b\u0435\u0434\u0430\u043c\u0438 \u043f\u043e\u0441\u0442\u0430\u043a\u043d\u0435. \u041e\u0431\u0435\u0441\u043f\u0435\u0447\u0438\u0432\u0430\u0435\u0442 \u043c\u0433\u043d\u043e\u0432\u0435\u043d\u043d\u043e\u0435 \u0443\u0432\u043b\u0430\u0436\u043d\u0435\u043d\u0438\u0435, \u043e\u0441\u0432\u0435\u0442\u043b\u0435\u043d\u0438\u0435 \u0438 \u0443\u0441\u043f\u043e\u043a\u0430\u0438\u0432\u0430\u044e\u0449\u0435\u0435 \u0434\u0435\u0439\u0441\u0442\u0432\u0438\u0435.<\/p>\n<ul>\n<li>\u042d\u0444\u0438\u0440\u043d\u043e\u0435 \u043c\u0430\u0441\u043b\u043e \u0431\u043e\u043b\u0433\u0430\u0440\u0441\u043a\u043e\u0439 \u0440\u043e\u0437\u044b \u2014 \u0441\u043f\u043e\u0441\u043e\u0431\u0441\u0442\u0432\u0443\u0435\u0442 \u0440\u0435\u0433\u0435\u043d\u0435\u0440\u0430\u0446\u0438\u0438 \u043a\u043e\u0436\u0438, \u0432\u044b\u0440\u0430\u0432\u043d\u0438\u0432\u0430\u0435\u0442 \u0442\u043e\u043d \u0438 \u043f\u0440\u0438\u0434\u0430\u0451\u0442 \u0441\u0438\u044f\u043d\u0438\u0435.<\/li>\n<li>\u041d\u0438\u0430\u0446\u0438\u043d\u0430\u043c\u0438\u0434 \u2014 \u043e\u0441\u0432\u0435\u0442\u043b\u044f\u0435\u0442 \u043f\u0438\u0433\u043c\u0435\u043d\u0442\u043d\u044b\u0435 \u043f\u044f\u0442\u043d\u0430 \u0438 \u043f\u0440\u0435\u0434\u043e\u0442\u0432\u0440\u0430\u0449\u0430\u0435\u0442 \u043f\u043e\u044f\u0432\u043b\u0435\u043d\u0438\u0435 \u043d\u043e\u0432\u044b\u0445.<\/li>\n<li>\u0410\u0440\u0431\u0443\u0442\u0438\u043d \u2014 \u043c\u044f\u0433\u043a\u043e \u0432\u043e\u0437\u0434\u0435\u0439\u0441\u0442\u0432\u0443\u0435\u0442 \u043d\u0430 \u0443\u0447\u0430\u0441\u0442\u043a\u0438 \u0441 \u043f\u043e\u0441\u0442\u0430\u043a\u043d\u0435 \u0438 \u0442\u0443\u0441\u043a\u043b\u043e\u0441\u0442\u044c\u044e.<\/li>\n<li>\u0426\u0435\u043d\u0442\u0435\u043b\u043b\u0430 \u0430\u0437\u0438\u0430\u0442\u0441\u043a\u0430\u044f \u0430\u043a\u0442\u0438\u0432\u043d\u043e \u0443\u0441\u043f\u043e\u043a\u0430\u0438\u0432\u0430\u0435\u0442 \u043a\u043e\u0436\u0443, \u0441\u043d\u0438\u043c\u0430\u0435\u0442 \u043f\u043e\u043a\u0440\u0430\u0441\u043d\u0435\u043d\u0438\u0435 \u0438 \u0440\u0430\u0437\u0434\u0440\u0430\u0436\u0435\u043d\u0438\u0435, \u0441\u043d\u0438\u0436\u0430\u0435\u0442 \u0447\u0443\u0432\u0441\u0442\u0432\u0438\u0442\u0435\u043b\u044c\u043d\u043e\u0441\u0442\u044c \u0438 \u043e\u043a\u0430\u0437\u044b\u0432\u0430\u0435\u0442 \u0441\u043c\u044f\u0433\u0447\u0430\u044e\u0449\u0435\u0435 \u0434\u0435\u0439\u0441\u0442\u0432\u0438\u0435.<\/li>\n<li>\u0413\u0438\u0430\u043b\u0443\u0440\u043e\u043d\u043e\u0432\u0430\u044f \u043a\u0438\u0441\u043b\u043e\u0442\u0430 \u2014 \u0438\u043d\u0442\u0435\u043d\u0441\u0438\u0432\u043d\u043e \u0443\u0432\u043b\u0430\u0436\u043d\u044f\u0435\u0442 \u0438 \u043f\u0440\u0435\u0434\u043e\u0442\u0432\u0440\u0430\u0449\u0430\u0435\u0442 \u043e\u0431\u0435\u0437\u0432\u043e\u0436\u0438\u0432\u0430\u043d\u0438\u0435.<\/li>\n<\/ul>\n<p><strong>\u0421\u043f\u043e\u0441\u043e\u0431 \u043f\u0440\u0438\u043c\u0435\u043d\u0435\u043d\u0438\u044f: <\/strong>\u041f\u043e\u0441\u043b\u0435 \u043e\u0447\u0438\u0449\u0435\u043d\u0438\u044f \u0438 \u0442\u043e\u043d\u0435\u0440\u0430 \u0430\u043a\u043a\u0443\u0440\u0430\u0442\u043d\u043e \u043d\u0430\u043b\u043e\u0436\u0438\u0442\u0435 \u043c\u0430\u0441\u043a\u0443 \u043d\u0430 \u043b\u0438\u0446\u043e.\n\n\u041e\u0441\u0442\u0430\u0432\u044c\u0442\u0435 \u043d\u0430 10\u201320 \u043c\u0438\u043d\u0443\u0442.\n\n\u0421\u043d\u0438\u043c\u0438\u0442\u0435 \u043c\u0430\u0441\u043a\u0443 \u0438 \u043c\u044f\u0433\u043a\u0438\u043c\u0438 \u043f\u043e\u0445\u043b\u043e\u043f\u044b\u0432\u0430\u044e\u0449\u0438\u043c\u0438 \u0434\u0432\u0438\u0436\u0435\u043d\u0438\u044f\u043c\u0438 \u0432\u0431\u0435\u0439\u0442\u0435 \u043e\u0441\u0442\u0430\u0442\u043a\u0438 \u044d\u0441\u0441\u0435\u043d\u0446\u0438\u0438 \u0432 \u043a\u043e\u0436\u0443.\n\n\u041d\u0435 \u0441\u043c\u044b\u0432\u0430\u0442\u044c. \u0418\u0441\u043f\u043e\u043b\u044c\u0437\u043e\u0432\u0430\u0442\u044c 2\u20133 \u0440\u0430\u0437\u0430 \u0432 \u043d\u0435\u0434\u0435\u043b\u044e \u0438\u043b\u0438 \u043f\u043e \u043d\u0435\u043e\u0431\u0445\u043e\u0434\u0438\u043c\u043e\u0441\u0442\u0438.<\/p>\n<p><strong>\u0421\u043e\u0441\u0442\u0430\u0432:<\/strong>:Water, Glycerin, Betaine, Arbutin, Alcohol, Panthenol, Angelica Keiskei Extract, Pleurotus Cystidiosus Ferment Filtrate, Rosa Damascena Flower Water, Rhus Semialata Gall Extract, Olea Europaea (Olive) Leaf Extract, Chrysanthemum Indicum Flower Extract, Sophora Japonica Bud Extract, Prunella Vulgaris Leaf Extract, Rosa Damascena Flower Oil, Euterpe Oleracea Fruit Extract, Vaccinium Angustifolium (Blueberry) Fruit Extract, Phyllanthus Emblica Fruit Extract, Vaccinium Macrocarpon (Cranberry) Fruit Extract, Rosmarinus Officinalis (Rosemary) Extract, Melaleuca Viridiflora Leaf Oil, Chamomilla Recutita (Matricaria) Flower\/Leaf Extract, Centella Asiatica Extract, Glycyrrhiza Glabra (Licorice) Root Extract, Xanthan Gum, Lavandula Angustifolia (Lavender) Oil, Scutellaria Baicalensis Root Extract, Paeonia Suffruticosa Root Extract, Linalool<\/p>","protected":false},"excerpt":{"rendered":"<p>isoi Bulgarian Rose Blemish Care Mask \u2014 \u044d\u0442\u043e \u0438\u043d\u0442\u0435\u043d\u0441\u0438\u0432\u043d\u0430\u044f \u0442\u043a\u0430\u043d\u0435\u0432\u0430\u044f \u043c\u0430\u0441\u043a\u0430, \u043f\u0440\u043e\u043f\u0438\u0442\u0430\u043d\u043d\u0430\u044f \u0432\u044b\u0441\u043e\u043a\u043e\u044d\u0444\u0444\u0435\u043a\u0442\u0438\u0432\u043d\u043e\u0439 \u044d\u0441\u0441\u0435\u043d\u0446\u0438\u0435\u0439 \u043d\u0430 \u043e\u0441\u043d\u043e\u0432\u0435 \u044d\u0444\u0438\u0440\u043d\u043e\u0433\u043e \u043c\u0430\u0441\u043b\u0430 \u0431\u043e\u043b\u0433\u0430\u0440\u0441\u043a\u043e\u0439 \u0440\u043e\u0437\u044b.<\/p>","protected":false},"featured_media":25399,"comment_status":"open","ping_status":"closed","template":"","meta":{"site-sidebar-layout":"default","site-content-layout":"","ast-site-content-layout":"default","site-content-style":"default","site-sidebar-style":"default","ast-global-header-display":"","ast-banner-title-visibility":"","ast-main-header-display":"","ast-hfb-above-header-display":"","ast-hfb-below-header-display":"","ast-hfb-mobile-header-display":"","site-post-title":"","ast-breadcrumbs-content":"","ast-featured-img":"","footer-sml-layout":"","theme-transparent-header-meta":"default","adv-header-id-meta":"","stick-header-meta":"","header-above-stick-meta":"","header-main-stick-meta":"","header-below-stick-meta":"","astra-migrate-meta-layouts":"set","ast-page-background-enabled":"default","ast-page-background-meta":{"desktop":{"background-color":"var(--ast-global-color-4)","background-image":"","background-repeat":"repeat","background-position":"center center","background-size":"auto","background-attachment":"scroll","background-type":"","background-media":"","overlay-type":"","overlay-color":"","overlay-opacity":"","overlay-gradient":""},"tablet":{"background-color":"","background-image":"","background-repeat":"repeat","background-position":"center center","background-size":"auto","background-attachment":"scroll","background-type":"","background-media":"","overlay-type":"","overlay-color":"","overlay-opacity":"","overlay-gradient":""},"mobile":{"background-color":"","background-image":"","background-repeat":"repeat","background-position":"center center","background-size":"auto","background-attachment":"scroll","background-type":"","background-media":"","overlay-type":"","overlay-color":"","overlay-opacity":"","overlay-gradient":""}},"ast-content-background-meta":{"desktop":{"background-color":"var(--ast-global-color-5)","background-image":"","background-repeat":"repeat","background-position":"center center","background-size":"auto","background-attachment":"scroll","background-type":"","background-media":"","overlay-type":"","overlay-color":"","overlay-opacity":"","overlay-gradient":""},"tablet":{"background-color":"var(--ast-global-color-5)","background-image":"","background-repeat":"repeat","background-position":"center center","background-size":"auto","background-attachment":"scroll","background-type":"","background-media":"","overlay-type":"","overlay-color":"","overlay-opacity":"","overlay-gradient":""},"mobile":{"background-color":"var(--ast-global-color-5)","background-image":"","background-repeat":"repeat","background-position":"center center","background-size":"auto","background-attachment":"scroll","background-type":"","background-media":"","overlay-type":"","overlay-color":"","overlay-opacity":"","overlay-gradient":""}}},"product_brand":[],"product_cat":[324,315],"product_tag":[],"berocket_brand":[662],"class_list":{"0":"post-25398","1":"product","2":"type-product","3":"status-publish","4":"has-post-thumbnail","6":"product_cat-auduma","7":"product_cat-maskas","8":"berocket_brand-isoi","9":"desktop-align-left","10":"tablet-align-left","11":"mobile-align-left","13":"first","14":"instock","15":"taxable","16":"shipping-taxable","17":"purchasable","18":"product-type-simple","19":"add-to-wishlist-before_image"},"yoast_head":"<!-- This site is optimized with the Yoast SEO plugin v27.4 - https:\/\/yoast.com\/product\/yoast-seo-wordpress\/ -->\n<title>Auduma maska ar bulg\u0101ru rozi pret pigment\u0101ciju un \u0101das nepiln\u012bb\u0101m isoi Bulgarian Rose Blemish Care Mask - FACECORNER<\/title>\n<meta name=\"description\" content=\"isoi Bulgarian Rose Blemish Care Mask ir intens\u012bva auduma maska, kas pies\u0101tin\u0101ta ar augsti efekt\u012bvu esenci, kuras pamat\u0101 ir bulg\u0101ru ro\u017eu \u0113terisk\u0101 e\u013c\u013ca.\" \/>\n<meta name=\"robots\" content=\"index, follow, max-snippet:-1, max-image-preview:large, max-video-preview:-1\" \/>\n<link rel=\"canonical\" href=\"https:\/\/www.facecorner.lv\/ru\/shop\/auduma-maska-ar-bulgaru-rozi-pret-pigmentaciju-un-adas-nepilnibam-isoi-bulgarian-rose-blemish-care-mask\/\" \/>\n<meta property=\"og:locale\" content=\"ru_RU\" \/>\n<meta property=\"og:type\" content=\"article\" \/>\n<meta property=\"og:title\" content=\"Auduma maska ar bulg\u0101ru rozi pret pigment\u0101ciju un \u0101das nepiln\u012bb\u0101m isoi Bulgarian Rose Blemish Care Mask - FACECORNER\" \/>\n<meta property=\"og:description\" content=\"isoi Bulgarian Rose Blemish Care Mask ir intens\u012bva auduma maska, kas pies\u0101tin\u0101ta ar augsti efekt\u012bvu esenci, kuras pamat\u0101 ir bulg\u0101ru ro\u017eu \u0113terisk\u0101 e\u013c\u013ca.\" \/>\n<meta property=\"og:url\" content=\"https:\/\/www.facecorner.lv\/ru\/shop\/auduma-maska-ar-bulgaru-rozi-pret-pigmentaciju-un-adas-nepilnibam-isoi-bulgarian-rose-blemish-care-mask\/\" \/>\n<meta property=\"og:site_name\" content=\"FACECORNER\" \/>\n<meta property=\"article:publisher\" content=\"https:\/\/www.facebook.com\/profile.php?id=100063824551839\" \/>\n<meta property=\"article:modified_time\" content=\"2025-12-17T08:20:18+00:00\" \/>\n<meta property=\"og:image\" content=\"https:\/\/www.facecorner.lv\/wp-content\/uploads\/2025\/09\/Blemish_Care_Mask_1.webp\" \/>\n\t<meta property=\"og:image:width\" content=\"1500\" \/>\n\t<meta property=\"og:image:height\" content=\"1500\" \/>\n\t<meta property=\"og:image:type\" content=\"image\/webp\" \/>\n<meta name=\"twitter:card\" content=\"summary_large_image\" \/>\n<meta name=\"twitter:label1\" content=\"\u0426\u0435\u043d\u0430\" \/>\n\t<meta name=\"twitter:data1\" content=\"&euro;3.90\" \/>\n\t<meta name=\"twitter:label2\" content=\"\u0414\u043e\u0441\u0442\u0443\u043f\u043d\u043e\u0441\u0442\u044c\" \/>\n\t<meta name=\"twitter:data2\" content=\"\u0412 \u043d\u0430\u043b\u0438\u0447\u0438\u0438\" \/>\n<script type=\"application\/ld+json\" class=\"yoast-schema-graph\">{\"@context\":\"https:\\\/\\\/schema.org\",\"@graph\":[{\"@type\":\"WebPage\",\"@id\":\"https:\\\/\\\/www.facecorner.lv\\\/shop\\\/auduma-maska-ar-bulgaru-rozi-pret-pigmentaciju-un-adas-nepilnibam-isoi-bulgarian-rose-blemish-care-mask\\\/\",\"url\":\"https:\\\/\\\/www.facecorner.lv\\\/shop\\\/auduma-maska-ar-bulgaru-rozi-pret-pigmentaciju-un-adas-nepilnibam-isoi-bulgarian-rose-blemish-care-mask\\\/\",\"name\":\"Auduma maska ar bulg\u0101ru rozi pret pigment\u0101ciju un \u0101das nepiln\u012bb\u0101m isoi Bulgarian Rose Blemish Care Mask - FACECORNER\",\"isPartOf\":{\"@id\":\"https:\\\/\\\/www.facecorner.lv\\\/#website\"},\"primaryImageOfPage\":{\"@id\":\"https:\\\/\\\/www.facecorner.lv\\\/shop\\\/auduma-maska-ar-bulgaru-rozi-pret-pigmentaciju-un-adas-nepilnibam-isoi-bulgarian-rose-blemish-care-mask\\\/#primaryimage\"},\"image\":{\"@id\":\"https:\\\/\\\/www.facecorner.lv\\\/shop\\\/auduma-maska-ar-bulgaru-rozi-pret-pigmentaciju-un-adas-nepilnibam-isoi-bulgarian-rose-blemish-care-mask\\\/#primaryimage\"},\"thumbnailUrl\":\"https:\\\/\\\/www.facecorner.lv\\\/wp-content\\\/uploads\\\/2025\\\/09\\\/Blemish_Care_Mask_1.webp\",\"datePublished\":\"2025-09-24T10:56:49+00:00\",\"dateModified\":\"2025-12-17T08:20:18+00:00\",\"description\":\"isoi Bulgarian Rose Blemish Care Mask ir intens\u012bva auduma maska, kas pies\u0101tin\u0101ta ar augsti efekt\u012bvu esenci, kuras pamat\u0101 ir bulg\u0101ru ro\u017eu \u0113terisk\u0101 e\u013c\u013ca.\",\"breadcrumb\":{\"@id\":\"https:\\\/\\\/www.facecorner.lv\\\/shop\\\/auduma-maska-ar-bulgaru-rozi-pret-pigmentaciju-un-adas-nepilnibam-isoi-bulgarian-rose-blemish-care-mask\\\/#breadcrumb\"},\"inLanguage\":\"ru-RU\",\"potentialAction\":[{\"@type\":\"ReadAction\",\"target\":[\"https:\\\/\\\/www.facecorner.lv\\\/shop\\\/auduma-maska-ar-bulgaru-rozi-pret-pigmentaciju-un-adas-nepilnibam-isoi-bulgarian-rose-blemish-care-mask\\\/\"]}]},{\"@type\":\"ImageObject\",\"inLanguage\":\"ru-RU\",\"@id\":\"https:\\\/\\\/www.facecorner.lv\\\/shop\\\/auduma-maska-ar-bulgaru-rozi-pret-pigmentaciju-un-adas-nepilnibam-isoi-bulgarian-rose-blemish-care-mask\\\/#primaryimage\",\"url\":\"https:\\\/\\\/www.facecorner.lv\\\/wp-content\\\/uploads\\\/2025\\\/09\\\/Blemish_Care_Mask_1.webp\",\"contentUrl\":\"https:\\\/\\\/www.facecorner.lv\\\/wp-content\\\/uploads\\\/2025\\\/09\\\/Blemish_Care_Mask_1.webp\",\"width\":1500,\"height\":1500,\"caption\":\"isoi Bulgarian Rose Blemish Care Mask\"},{\"@type\":\"BreadcrumbList\",\"@id\":\"https:\\\/\\\/www.facecorner.lv\\\/shop\\\/auduma-maska-ar-bulgaru-rozi-pret-pigmentaciju-un-adas-nepilnibam-isoi-bulgarian-rose-blemish-care-mask\\\/#breadcrumb\",\"itemListElement\":[{\"@type\":\"ListItem\",\"position\":1,\"name\":\"Home\",\"item\":\"https:\\\/\\\/www.facecorner.lv\\\/\"},{\"@type\":\"ListItem\",\"position\":2,\"name\":\"Veikals\",\"item\":\"https:\\\/\\\/www.facecorner.lv\\\/shop\\\/\"},{\"@type\":\"ListItem\",\"position\":3,\"name\":\"Auduma maska ar bulg\u0101ru rozi pret pigment\u0101ciju un \u0101das nepiln\u012bb\u0101m isoi Bulgarian Rose Blemish Care Mask\"}]},{\"@type\":\"WebSite\",\"@id\":\"https:\\\/\\\/www.facecorner.lv\\\/#website\",\"url\":\"https:\\\/\\\/www.facecorner.lv\\\/\",\"name\":\"Facecorner\",\"description\":\"\",\"publisher\":{\"@id\":\"https:\\\/\\\/www.facecorner.lv\\\/#organization\"},\"potentialAction\":[{\"@type\":\"SearchAction\",\"target\":{\"@type\":\"EntryPoint\",\"urlTemplate\":\"https:\\\/\\\/www.facecorner.lv\\\/?s={search_term_string}\"},\"query-input\":{\"@type\":\"PropertyValueSpecification\",\"valueRequired\":true,\"valueName\":\"search_term_string\"}}],\"inLanguage\":\"ru-RU\"},{\"@type\":\"Organization\",\"@id\":\"https:\\\/\\\/www.facecorner.lv\\\/#organization\",\"name\":\"Facecorner\",\"url\":\"https:\\\/\\\/www.facecorner.lv\\\/\",\"logo\":{\"@type\":\"ImageObject\",\"inLanguage\":\"ru-RU\",\"@id\":\"https:\\\/\\\/www.facecorner.lv\\\/#\\\/schema\\\/logo\\\/image\\\/\",\"url\":\"https:\\\/\\\/www.facecorner.lv\\\/wp-content\\\/uploads\\\/2024\\\/04\\\/fc-logo.jpg\",\"contentUrl\":\"https:\\\/\\\/www.facecorner.lv\\\/wp-content\\\/uploads\\\/2024\\\/04\\\/fc-logo.jpg\",\"width\":174,\"height\":28,\"caption\":\"Facecorner\"},\"image\":{\"@id\":\"https:\\\/\\\/www.facecorner.lv\\\/#\\\/schema\\\/logo\\\/image\\\/\"},\"sameAs\":[\"https:\\\/\\\/www.facebook.com\\\/profile.php?id=100063824551839\",\"https:\\\/\\\/www.instagram.com\\\/facecorner_shop\\\/\"]}]}<\/script>\n<meta property=\"product:price:amount\" content=\"3.90\" \/>\n<meta property=\"product:price:currency\" content=\"EUR\" \/>\n<meta property=\"og:availability\" content=\"instock\" \/>\n<meta property=\"product:availability\" content=\"instock\" \/>\n<meta property=\"product:condition\" content=\"new\" \/>\n<!-- \/ Yoast SEO plugin. -->","yoast_head_json":{"title":"Auduma maska ar bulg\u0101ru rozi pret pigment\u0101ciju un \u0101das nepiln\u012bb\u0101m isoi Bulgarian Rose Blemish Care Mask - FACECORNER","description":"isoi Bulgarian Rose Blemish Care Mask \u2014 \u044d\u0442\u043e \u0438\u043d\u0442\u0435\u043d\u0441\u0438\u0432\u043d\u0430\u044f \u0442\u043a\u0430\u043d\u0435\u0432\u0430\u044f \u043c\u0430\u0441\u043a\u0430, \u043f\u0440\u043e\u043f\u0438\u0442\u0430\u043d\u043d\u0430\u044f \u0432\u044b\u0441\u043e\u043a\u043e\u044d\u0444\u0444\u0435\u043a\u0442\u0438\u0432\u043d\u043e\u0439 \u044d\u0441\u0441\u0435\u043d\u0446\u0438\u0435\u0439 \u043d\u0430 \u043e\u0441\u043d\u043e\u0432\u0435 \u044d\u0444\u0438\u0440\u043d\u043e\u0433\u043e \u043c\u0430\u0441\u043b\u0430 \u0431\u043e\u043b\u0433\u0430\u0440\u0441\u043a\u043e\u0439 \u0440\u043e\u0437\u044b.","robots":{"index":"index","follow":"follow","max-snippet":"max-snippet:-1","max-image-preview":"max-image-preview:large","max-video-preview":"max-video-preview:-1"},"canonical":"https:\/\/www.facecorner.lv\/ru\/shop\/auduma-maska-ar-bulgaru-rozi-pret-pigmentaciju-un-adas-nepilnibam-isoi-bulgarian-rose-blemish-care-mask\/","og_locale":"ru_RU","og_type":"article","og_title":"Auduma maska ar bulg\u0101ru rozi pret pigment\u0101ciju un \u0101das nepiln\u012bb\u0101m isoi Bulgarian Rose Blemish Care Mask - FACECORNER","og_description":"isoi Bulgarian Rose Blemish Care Mask ir intens\u012bva auduma maska, kas pies\u0101tin\u0101ta ar augsti efekt\u012bvu esenci, kuras pamat\u0101 ir bulg\u0101ru ro\u017eu \u0113terisk\u0101 e\u013c\u013ca.","og_url":"https:\/\/www.facecorner.lv\/ru\/shop\/auduma-maska-ar-bulgaru-rozi-pret-pigmentaciju-un-adas-nepilnibam-isoi-bulgarian-rose-blemish-care-mask\/","og_site_name":"FACECORNER","article_publisher":"https:\/\/www.facebook.com\/profile.php?id=100063824551839","article_modified_time":"2025-12-17T08:20:18+00:00","og_image":[{"width":1500,"height":1500,"url":"https:\/\/www.facecorner.lv\/wp-content\/uploads\/2025\/09\/Blemish_Care_Mask_1.webp","type":"image\/webp"}],"twitter_card":"summary_large_image","twitter_misc":{"\u0426\u0435\u043d\u0430":"&euro;3.90","\u0414\u043e\u0441\u0442\u0443\u043f\u043d\u043e\u0441\u0442\u044c":"\u0412 \u043d\u0430\u043b\u0438\u0447\u0438\u0438"},"schema":{"@context":"https:\/\/schema.org","@graph":[{"@type":"WebPage","@id":"https:\/\/www.facecorner.lv\/shop\/auduma-maska-ar-bulgaru-rozi-pret-pigmentaciju-un-adas-nepilnibam-isoi-bulgarian-rose-blemish-care-mask\/","url":"https:\/\/www.facecorner.lv\/shop\/auduma-maska-ar-bulgaru-rozi-pret-pigmentaciju-un-adas-nepilnibam-isoi-bulgarian-rose-blemish-care-mask\/","name":"Auduma maska ar bulg\u0101ru rozi pret pigment\u0101ciju un \u0101das nepiln\u012bb\u0101m isoi Bulgarian Rose Blemish Care Mask - FACECORNER","isPartOf":{"@id":"https:\/\/www.facecorner.lv\/#website"},"primaryImageOfPage":{"@id":"https:\/\/www.facecorner.lv\/shop\/auduma-maska-ar-bulgaru-rozi-pret-pigmentaciju-un-adas-nepilnibam-isoi-bulgarian-rose-blemish-care-mask\/#primaryimage"},"image":{"@id":"https:\/\/www.facecorner.lv\/shop\/auduma-maska-ar-bulgaru-rozi-pret-pigmentaciju-un-adas-nepilnibam-isoi-bulgarian-rose-blemish-care-mask\/#primaryimage"},"thumbnailUrl":"https:\/\/www.facecorner.lv\/wp-content\/uploads\/2025\/09\/Blemish_Care_Mask_1.webp","datePublished":"2025-09-24T10:56:49+00:00","dateModified":"2025-12-17T08:20:18+00:00","description":"isoi Bulgarian Rose Blemish Care Mask \u2014 \u044d\u0442\u043e \u0438\u043d\u0442\u0435\u043d\u0441\u0438\u0432\u043d\u0430\u044f \u0442\u043a\u0430\u043d\u0435\u0432\u0430\u044f \u043c\u0430\u0441\u043a\u0430, \u043f\u0440\u043e\u043f\u0438\u0442\u0430\u043d\u043d\u0430\u044f \u0432\u044b\u0441\u043e\u043a\u043e\u044d\u0444\u0444\u0435\u043a\u0442\u0438\u0432\u043d\u043e\u0439 \u044d\u0441\u0441\u0435\u043d\u0446\u0438\u0435\u0439 \u043d\u0430 \u043e\u0441\u043d\u043e\u0432\u0435 \u044d\u0444\u0438\u0440\u043d\u043e\u0433\u043e \u043c\u0430\u0441\u043b\u0430 \u0431\u043e\u043b\u0433\u0430\u0440\u0441\u043a\u043e\u0439 \u0440\u043e\u0437\u044b.","breadcrumb":{"@id":"https:\/\/www.facecorner.lv\/shop\/auduma-maska-ar-bulgaru-rozi-pret-pigmentaciju-un-adas-nepilnibam-isoi-bulgarian-rose-blemish-care-mask\/#breadcrumb"},"inLanguage":"ru-RU","potentialAction":[{"@type":"ReadAction","target":["https:\/\/www.facecorner.lv\/shop\/auduma-maska-ar-bulgaru-rozi-pret-pigmentaciju-un-adas-nepilnibam-isoi-bulgarian-rose-blemish-care-mask\/"]}]},{"@type":"ImageObject","inLanguage":"ru-RU","@id":"https:\/\/www.facecorner.lv\/shop\/auduma-maska-ar-bulgaru-rozi-pret-pigmentaciju-un-adas-nepilnibam-isoi-bulgarian-rose-blemish-care-mask\/#primaryimage","url":"https:\/\/www.facecorner.lv\/wp-content\/uploads\/2025\/09\/Blemish_Care_Mask_1.webp","contentUrl":"https:\/\/www.facecorner.lv\/wp-content\/uploads\/2025\/09\/Blemish_Care_Mask_1.webp","width":1500,"height":1500,"caption":"isoi Bulgarian Rose Blemish Care Mask"},{"@type":"BreadcrumbList","@id":"https:\/\/www.facecorner.lv\/shop\/auduma-maska-ar-bulgaru-rozi-pret-pigmentaciju-un-adas-nepilnibam-isoi-bulgarian-rose-blemish-care-mask\/#breadcrumb","itemListElement":[{"@type":"ListItem","position":1,"name":"Home","item":"https:\/\/www.facecorner.lv\/"},{"@type":"ListItem","position":2,"name":"Veikals","item":"https:\/\/www.facecorner.lv\/shop\/"},{"@type":"ListItem","position":3,"name":"Auduma maska ar bulg\u0101ru rozi pret pigment\u0101ciju un \u0101das nepiln\u012bb\u0101m isoi Bulgarian Rose Blemish Care Mask"}]},{"@type":"WebSite","@id":"https:\/\/www.facecorner.lv\/#website","url":"https:\/\/www.facecorner.lv\/","name":"Facecorner","description":"","publisher":{"@id":"https:\/\/www.facecorner.lv\/#organization"},"potentialAction":[{"@type":"SearchAction","target":{"@type":"EntryPoint","urlTemplate":"https:\/\/www.facecorner.lv\/?s={search_term_string}"},"query-input":{"@type":"PropertyValueSpecification","valueRequired":true,"valueName":"search_term_string"}}],"inLanguage":"ru-RU"},{"@type":"Organization","@id":"https:\/\/www.facecorner.lv\/#organization","name":"Facecorner","url":"https:\/\/www.facecorner.lv\/","logo":{"@type":"ImageObject","inLanguage":"ru-RU","@id":"https:\/\/www.facecorner.lv\/#\/schema\/logo\/image\/","url":"https:\/\/www.facecorner.lv\/wp-content\/uploads\/2024\/04\/fc-logo.jpg","contentUrl":"https:\/\/www.facecorner.lv\/wp-content\/uploads\/2024\/04\/fc-logo.jpg","width":174,"height":28,"caption":"Facecorner"},"image":{"@id":"https:\/\/www.facecorner.lv\/#\/schema\/logo\/image\/"},"sameAs":["https:\/\/www.facebook.com\/profile.php?id=100063824551839","https:\/\/www.instagram.com\/facecorner_shop\/"]}]},"product_price_amount":"3.90","product_price_currency":"EUR","og_availability":"instock","product_availability":"instock","product_condition":"new"},"_links":{"self":[{"href":"https:\/\/www.facecorner.lv\/ru\/wp-json\/wp\/v2\/product\/25398","targetHints":{"allow":["GET"]}}],"collection":[{"href":"https:\/\/www.facecorner.lv\/ru\/wp-json\/wp\/v2\/product"}],"about":[{"href":"https:\/\/www.facecorner.lv\/ru\/wp-json\/wp\/v2\/types\/product"}],"replies":[{"embeddable":true,"href":"https:\/\/www.facecorner.lv\/ru\/wp-json\/wp\/v2\/comments?post=25398"}],"wp:featuredmedia":[{"embeddable":true,"href":"https:\/\/www.facecorner.lv\/ru\/wp-json\/wp\/v2\/media\/25399"}],"wp:attachment":[{"href":"https:\/\/www.facecorner.lv\/ru\/wp-json\/wp\/v2\/media?parent=25398"}],"wp:term":[{"taxonomy":"product_brand","embeddable":true,"href":"https:\/\/www.facecorner.lv\/ru\/wp-json\/wp\/v2\/product_brand?post=25398"},{"taxonomy":"product_cat","embeddable":true,"href":"https:\/\/www.facecorner.lv\/ru\/wp-json\/wp\/v2\/product_cat?post=25398"},{"taxonomy":"product_tag","embeddable":true,"href":"https:\/\/www.facecorner.lv\/ru\/wp-json\/wp\/v2\/product_tag?post=25398"},{"taxonomy":"berocket_brand","embeddable":true,"href":"https:\/\/www.facecorner.lv\/ru\/wp-json\/wp\/v2\/berocket_brand?post=25398"}],"curies":[{"name":"wp","href":"https:\/\/api.w.org\/{rel}","templated":true}]}}