{"id":25357,"date":"2025-09-23T15:26:51","date_gmt":"2025-09-23T12:26:51","guid":{"rendered":"https:\/\/www.facecorner.lv\/?post_type=product&#038;p=25357"},"modified":"2025-09-23T16:10:36","modified_gmt":"2025-09-23T13:10:36","slug":"serums-pret-pigmentaciju-un-nepilnibam-ar-bulgaru-rozi-isoi-bulgarian-rose-blemish-care-serum-35ml","status":"publish","type":"product","link":"https:\/\/www.facecorner.lv\/ru\/shop\/serums-pret-pigmentaciju-un-nepilnibam-ar-bulgaru-rozi-isoi-bulgarian-rose-blemish-care-serum-35ml\/","title":{"rendered":"\u0421\u044b\u0432\u043e\u0440\u043e\u0442\u043a\u0430 \u043f\u0440\u043e\u0442\u0438\u0432 \u043f\u0438\u0433\u043c\u0435\u043d\u0442\u0430\u0446\u0438\u0438 \u0438 \u043d\u0435\u0441\u043e\u0432\u0435\u0440\u0448\u0435\u043d\u0441\u0442\u0432 \u0441 \u0431\u043e\u043b\u0433\u0430\u0440\u0441\u043a\u043e\u0439 \u0440\u043e\u0437\u043e\u0439  isoi Bulgarian Rose Blemish Care Serum 35ml"},"content":{"rendered":"<p>isoi Bulgarian Rose Blemish Care Serum \u2014 \u044d\u0442\u043e \u0431\u0435\u0441\u0442\u0441\u0435\u043b\u043b\u0435\u0440 \u0431\u0440\u0435\u043d\u0434\u0430 \u0438 \u0432\u044b\u0441\u043e\u043a\u043e\u044d\u0444\u0444\u0435\u043a\u0442\u0438\u0432\u043d\u0430\u044f \u043e\u0441\u0432\u0435\u0442\u043b\u044f\u044e\u0449\u0430\u044f \u0441\u044b\u0432\u043e\u0440\u043e\u0442\u043a\u0430, \u0440\u0430\u0437\u0440\u0430\u0431\u043e\u0442\u0430\u043d\u043d\u0430\u044f \u0441\u043f\u0435\u0446\u0438\u0430\u043b\u044c\u043d\u043e \u0434\u043b\u044f \u0431\u043e\u0440\u044c\u0431\u044b \u0441 \u043f\u043e\u0441\u0442\u0430\u043a\u043d\u0435, \u043f\u0438\u0433\u043c\u0435\u043d\u0442\u043d\u044b\u043c\u0438 \u043f\u044f\u0442\u043d\u0430\u043c\u0438 \u0438 \u0442\u0443\u0441\u043a\u043b\u044b\u043c \u0442\u043e\u043d\u043e\u043c \u043a\u043e\u0436\u0438.<\/p>\n<p>\u0412 \u043e\u0441\u043d\u043e\u0432\u0435 \u0444\u043e\u0440\u043c\u0443\u043b\u044b \u2014 \u0432\u044b\u0441\u043e\u043a\u043e\u043a\u0430\u0447\u0435\u0441\u0442\u0432\u0435\u043d\u043d\u043e\u0435 \u044d\u0444\u0438\u0440\u043d\u043e\u0435 \u043c\u0430\u0441\u043b\u043e \u0431\u043e\u043b\u0433\u0430\u0440\u0441\u043a\u043e\u0439 \u0440\u043e\u0437\u044b, \u0438\u0437\u0432\u0435\u0441\u0442\u043d\u043e\u0435 \u0441\u0432\u043e\u0438\u043c\u0438 \u043c\u043e\u0449\u043d\u044b\u043c\u0438 \u0440\u0435\u0433\u0435\u043d\u0435\u0440\u0438\u0440\u0443\u044e\u0449\u0438\u043c\u0438 \u0438 \u0443\u0441\u043f\u043e\u043a\u0430\u0438\u0432\u0430\u044e\u0449\u0438\u043c\u0438 \u0441\u0432\u043e\u0439\u0441\u0442\u0432\u0430\u043c\u0438.<\/p>\n<p><strong>\u041e\u0441\u043d\u043e\u0432\u043d\u044b\u0435 \u0434\u0435\u0439\u0441\u0442\u0432\u0443\u044e\u0449\u0438\u0435 \u0438\u043d\u0433\u0440\u0435\u0434\u0438\u0435\u043d\u0442\u044b:<\/strong><\/p>\n<ul>\n<li>\u042d\u0444\u0438\u0440\u043d\u043e\u0435 \u043c\u0430\u0441\u043b\u043e \u0431\u043e\u043b\u0433\u0430\u0440\u0441\u043a\u043e\u0439 \u0440\u043e\u0437\u044b \u2014 \u0431\u043e\u0433\u0430\u0442\u043e\u0435 \u0432\u0438\u0442\u0430\u043c\u0438\u043d\u0430\u043c\u0438 A \u0438 C, \u0443\u043b\u0443\u0447\u0448\u0430\u0435\u0442 \u0442\u043e\u043d \u043a\u043e\u0436\u0438, \u0443\u0441\u043a\u043e\u0440\u044f\u0435\u0442 \u0437\u0430\u0436\u0438\u0432\u043b\u0435\u043d\u0438\u0435 \u0438 \u043f\u0440\u0438\u0434\u0430\u0451\u0442 \u043a\u043e\u0436\u0435 \u0437\u0434\u043e\u0440\u043e\u0432\u043e\u0435 \u0441\u0438\u044f\u043d\u0438\u0435.<\/li>\n<li>\u041d\u0438\u0430\u0446\u0438\u043d\u0430\u043c\u0438\u0434 (\u0432\u0438\u0442\u0430\u043c\u0438\u043d B3) \u2014 \u043e\u0441\u0432\u0435\u0442\u043b\u044f\u0435\u0442 \u043f\u0438\u0433\u043c\u0435\u043d\u0442\u0430\u0446\u0438\u044e, \u0432\u044b\u0440\u0430\u0432\u043d\u0438\u0432\u0430\u0435\u0442 \u0442\u043e\u043d \u0438 \u0431\u043e\u0440\u0435\u0442\u0441\u044f \u0441 \u0432\u043e\u0441\u043f\u0430\u043b\u0435\u043d\u0438\u044f\u043c\u0438.<\/li>\n<li>\u0410\u0440\u0431\u0443\u0442\u0438\u043d \u0438 \u044d\u043a\u0441\u0442\u0440\u0430\u043a\u0442 \u043b\u0430\u043a\u0440\u0438\u0446\u044b \u2014 \u043c\u044f\u0433\u043a\u043e \u043e\u0441\u0432\u0435\u0442\u043b\u044f\u044e\u0442 \u043f\u0438\u0433\u043c\u0435\u043d\u0442\u043d\u044b\u0435 \u043f\u044f\u0442\u043d\u0430 \u0438 \u043f\u0440\u0435\u0434\u043e\u0442\u0432\u0440\u0430\u0449\u0430\u044e\u0442 \u0438\u0445 \u043f\u043e\u044f\u0432\u043b\u0435\u043d\u0438\u0435.<\/li>\n<li>\u0426\u0435\u043d\u0442\u0435\u043b\u043b\u0430 \u0430\u0437\u0438\u0430\u0442\u0441\u043a\u0430\u044f \u2014 \u0443\u0441\u043f\u043e\u043a\u0430\u0438\u0432\u0430\u0435\u0442 \u0440\u0430\u0437\u0434\u0440\u0430\u0436\u0435\u043d\u0438\u044f \u0438 \u043f\u043e\u0434\u0434\u0435\u0440\u0436\u0438\u0432\u0430\u0435\u0442 \u0432\u043e\u0441\u0441\u0442\u0430\u043d\u043e\u0432\u043b\u0435\u043d\u0438\u0435 \u043a\u043e\u0436\u0438.<\/li>\n<\/ul>\n<p><strong>\u041f\u0440\u0435\u0438\u043c\u0443\u0449\u0435\u0441\u0442\u0432\u0430<\/strong><\/p>\n<ul>\n<li>\u041e\u0441\u0432\u0435\u0442\u043b\u044f\u0435\u0442 \u043f\u043e\u0441\u0442\u0430\u043a\u043d\u0435 \u0438 \u043f\u0438\u0433\u043c\u0435\u043d\u0442\u043d\u044b\u0435 \u043f\u044f\u0442\u043d\u0430<\/li>\n<li>\u0412\u044b\u0440\u0430\u0432\u043d\u0438\u0432\u0430\u0435\u0442 \u0442\u043e\u043d \u0438 \u043f\u0440\u0438\u0434\u0430\u0451\u0442 \u043a\u043e\u0436\u0435 \u0441\u0438\u044f\u043d\u0438\u0435<\/li>\n<li>\u0423\u0441\u043f\u043e\u043a\u0430\u0438\u0432\u0430\u0435\u0442 \u0447\u0443\u0432\u0441\u0442\u0432\u0438\u0442\u0435\u043b\u044c\u043d\u0443\u044e \u0438 \u0440\u0430\u0437\u0434\u0440\u0430\u0436\u0451\u043d\u043d\u0443\u044e \u043a\u043e\u0436\u0443<\/li>\n<li>\u041f\u043e\u0432\u044b\u0448\u0430\u0435\u0442 \u044d\u043b\u0430\u0441\u0442\u0438\u0447\u043d\u043e\u0441\u0442\u044c \u0438 \u0443\u0432\u043b\u0430\u0436\u043d\u0451\u043d\u043d\u043e\u0441\u0442\u044c<\/li>\n<li>\u041b\u0451\u0433\u043a\u0430\u044f \u0442\u0435\u043a\u0441\u0442\u0443\u0440\u0430, \u0431\u044b\u0441\u0442\u0440\u043e \u0432\u043f\u0438\u0442\u044b\u0432\u0430\u0435\u0442\u0441\u044f \u0438 \u043d\u0435 \u0437\u0430\u0431\u0438\u0432\u0430\u0435\u0442 \u043f\u043e\u0440\u044b<\/li>\n<\/ul>\n<p><strong>\u0421\u043f\u043e\u0441\u043e\u0431 \u043f\u0440\u0438\u043c\u0435\u043d\u0435\u043d\u0438\u044f:<\/strong> \u041d\u0430\u043d\u043e\u0441\u0438\u0442\u0435 1\u20132 \u043d\u0430\u0436\u0430\u0442\u0438\u044f \u0441\u044b\u0432\u043e\u0440\u043e\u0442\u043a\u0438 \u043d\u0430 \u043e\u0447\u0438\u0449\u0435\u043d\u043d\u0443\u044e \u043a\u043e\u0436\u0443 \u043b\u0438\u0446\u0430 \u043f\u043e\u0441\u043b\u0435 \u0442\u043e\u043d\u0435\u0440\u0430, \u0443\u0442\u0440\u043e\u043c \u0438 \u0432\u0435\u0447\u0435\u0440\u043e\u043c. \u041c\u044f\u0433\u043a\u043e \u0440\u0430\u0441\u043f\u0440\u0435\u0434\u0435\u043b\u0438\u0442\u0435 \u043f\u043e \u043a\u043e\u0436\u0435 \u0434\u043e \u043f\u043e\u043b\u043d\u043e\u0433\u043e \u0432\u043f\u0438\u0442\u044b\u0432\u0430\u043d\u0438\u044f, \u0437\u0430\u0442\u0435\u043c \u043f\u0440\u043e\u0434\u043e\u043b\u0436\u0438\u0442\u0435 \u043e\u0441\u043d\u043e\u0432\u043d\u043e\u0439 \u0443\u0445\u043e\u0434.<\/p>\n<p><strong>\u0421\u043e\u0441\u0442\u0430\u0432:<\/strong> Water, Rosa Damascena Flower Water, Glycerin, Alcohol*, Betaine, Arubtin, Trehalose, Rosa Damascena Flower Oil, Arctostaphylos Uva-Ursi Leaf Extract, Rhodiola Rosea Root Extract, Hippophae Rhamnoides Fruit Extract, Euterpe Oleracea Fruit Extract, Vaccinium Angustifolium (Blueberry) Fruit Extract, Phyllanthus Emblica Fruit Extract, Vaccinium Macrocarpon (Cranberry) Fruit Extract, Sophora Flavescens Root Extract, Houttuynia Cordata Extract, Xanthan Gum, Allantoin, Panthenol, Adansonia Digitata Leaf Extract, Castanea Crenata (Chestnut) Shell Extract, Salix Alba (Willow) Bark Extract, Centella Asiatica Extract, Butylene Glycol, 1,2-Hexanediol, Calendula Officinalis Flower Extract, Scutellaria Baicalensis Root Extract, Paeonia Suffruticosa Root Extract, Glycyrrhiza Glabra (Licorice) Root Extract, Citronellol, Geraniol<\/p>\n<p>&nbsp;<\/p>","protected":false},"excerpt":{"rendered":"<p>isoi Bulgarian Rose Blemish Care Serum \u2014 \u044d\u0442\u043e \u0431\u0435\u0441\u0442\u0441\u0435\u043b\u043b\u0435\u0440 \u0431\u0440\u0435\u043d\u0434\u0430 \u0438 \u0432\u044b\u0441\u043e\u043a\u043e\u044d\u0444\u0444\u0435\u043a\u0442\u0438\u0432\u043d\u0430\u044f \u043e\u0441\u0432\u0435\u0442\u043b\u044f\u044e\u0449\u0430\u044f \u0441\u044b\u0432\u043e\u0440\u043e\u0442\u043a\u0430, \u0440\u0430\u0437\u0440\u0430\u0431\u043e\u0442\u0430\u043d\u043d\u0430\u044f \u0441\u043f\u0435\u0446\u0438\u0430\u043b\u044c\u043d\u043e \u0434\u043b\u044f \u0431\u043e\u0440\u044c\u0431\u044b \u0441 \u043f\u043e\u0441\u0442\u0430\u043a\u043d\u0435, \u043f\u0438\u0433\u043c\u0435\u043d\u0442\u043d\u044b\u043c\u0438 \u043f\u044f\u0442\u043d\u0430\u043c\u0438 \u0438 \u0442\u0443\u0441\u043a\u043b\u044b\u043c \u0442\u043e\u043d\u043e\u043c \u043a\u043e\u0436\u0438.<\/p>","protected":false},"featured_media":25358,"comment_status":"open","ping_status":"closed","template":"","meta":{"site-sidebar-layout":"default","site-content-layout":"","ast-site-content-layout":"default","site-content-style":"default","site-sidebar-style":"default","ast-global-header-display":"","ast-banner-title-visibility":"","ast-main-header-display":"","ast-hfb-above-header-display":"","ast-hfb-below-header-display":"","ast-hfb-mobile-header-display":"","site-post-title":"","ast-breadcrumbs-content":"","ast-featured-img":"","footer-sml-layout":"","theme-transparent-header-meta":"default","adv-header-id-meta":"","stick-header-meta":"","header-above-stick-meta":"","header-main-stick-meta":"","header-below-stick-meta":"","astra-migrate-meta-layouts":"set","ast-page-background-enabled":"default","ast-page-background-meta":{"desktop":{"background-color":"var(--ast-global-color-4)","background-image":"","background-repeat":"repeat","background-position":"center center","background-size":"auto","background-attachment":"scroll","background-type":"","background-media":"","overlay-type":"","overlay-color":"","overlay-opacity":"","overlay-gradient":""},"tablet":{"background-color":"","background-image":"","background-repeat":"repeat","background-position":"center center","background-size":"auto","background-attachment":"scroll","background-type":"","background-media":"","overlay-type":"","overlay-color":"","overlay-opacity":"","overlay-gradient":""},"mobile":{"background-color":"","background-image":"","background-repeat":"repeat","background-position":"center center","background-size":"auto","background-attachment":"scroll","background-type":"","background-media":"","overlay-type":"","overlay-color":"","overlay-opacity":"","overlay-gradient":""}},"ast-content-background-meta":{"desktop":{"background-color":"var(--ast-global-color-5)","background-image":"","background-repeat":"repeat","background-position":"center center","background-size":"auto","background-attachment":"scroll","background-type":"","background-media":"","overlay-type":"","overlay-color":"","overlay-opacity":"","overlay-gradient":""},"tablet":{"background-color":"var(--ast-global-color-5)","background-image":"","background-repeat":"repeat","background-position":"center center","background-size":"auto","background-attachment":"scroll","background-type":"","background-media":"","overlay-type":"","overlay-color":"","overlay-opacity":"","overlay-gradient":""},"mobile":{"background-color":"var(--ast-global-color-5)","background-image":"","background-repeat":"repeat","background-position":"center center","background-size":"auto","background-attachment":"scroll","background-type":"","background-media":"","overlay-type":"","overlay-color":"","overlay-opacity":"","overlay-gradient":""}}},"product_brand":[],"product_cat":[373,374,363],"product_tag":[],"berocket_brand":[662],"class_list":{"0":"post-25357","1":"product","2":"type-product","3":"status-publish","4":"has-post-thumbnail","6":"product_cat-poras-sasaurinoss","7":"product_cat-pret-pinnem","8":"product_cat-serumi","9":"berocket_brand-isoi","10":"desktop-align-left","11":"tablet-align-left","12":"mobile-align-left","14":"first","15":"instock","16":"taxable","17":"shipping-taxable","18":"purchasable","19":"product-type-simple","20":"add-to-wishlist-before_image"},"yoast_head":"<!-- This site is optimized with the Yoast SEO plugin v27.3 - https:\/\/yoast.com\/product\/yoast-seo-wordpress\/ -->\n<title>Serums pret pigment\u0101ciju un nepiln\u012bb\u0101m ar bulg\u0101ru rozi isoi Bulgarian Rose Blemish Care Serum 35ml - FACECORNER<\/title>\n<meta name=\"description\" content=\"isoi Bulgarian Rose Blemish Care Serum ir z\u012bmola bestsellers un \u013coti efekt\u012bva izgaismojo\u0161a seruma, kas izstr\u0101d\u0101ts \u012bpa\u0161i, lai c\u012bn\u012btos ar pinnes p\u0113das\" \/>\n<meta name=\"robots\" content=\"index, follow, max-snippet:-1, max-image-preview:large, max-video-preview:-1\" \/>\n<link rel=\"canonical\" href=\"https:\/\/www.facecorner.lv\/ru\/shop\/serums-pret-pigmentaciju-un-nepilnibam-ar-bulgaru-rozi-isoi-bulgarian-rose-blemish-care-serum-35ml\/\" \/>\n<meta property=\"og:locale\" content=\"ru_RU\" \/>\n<meta property=\"og:type\" content=\"article\" \/>\n<meta property=\"og:title\" content=\"Serums pret pigment\u0101ciju un nepiln\u012bb\u0101m ar bulg\u0101ru rozi isoi Bulgarian Rose Blemish Care Serum 35ml - FACECORNER\" \/>\n<meta property=\"og:description\" content=\"isoi Bulgarian Rose Blemish Care Serum ir z\u012bmola bestsellers un \u013coti efekt\u012bva izgaismojo\u0161a seruma, kas izstr\u0101d\u0101ts \u012bpa\u0161i, lai c\u012bn\u012btos ar pinnes p\u0113das\" \/>\n<meta property=\"og:url\" content=\"https:\/\/www.facecorner.lv\/ru\/shop\/serums-pret-pigmentaciju-un-nepilnibam-ar-bulgaru-rozi-isoi-bulgarian-rose-blemish-care-serum-35ml\/\" \/>\n<meta property=\"og:site_name\" content=\"FACECORNER\" \/>\n<meta property=\"article:publisher\" content=\"https:\/\/www.facebook.com\/profile.php?id=100063824551839\" \/>\n<meta property=\"article:modified_time\" content=\"2025-09-23T13:10:36+00:00\" \/>\n<meta property=\"og:image\" content=\"https:\/\/www.facecorner.lv\/wp-content\/uploads\/2025\/09\/51yZnkdRkL._UF10001000_QL80_.jpg\" \/>\n\t<meta property=\"og:image:width\" content=\"1000\" \/>\n\t<meta property=\"og:image:height\" content=\"1000\" \/>\n\t<meta property=\"og:image:type\" content=\"image\/jpeg\" \/>\n<meta name=\"twitter:card\" content=\"summary_large_image\" \/>\n<meta name=\"twitter:label1\" content=\"\u0426\u0435\u043d\u0430\" \/>\n\t<meta name=\"twitter:data1\" content=\"&euro;39.90\" \/>\n\t<meta name=\"twitter:label2\" content=\"\u0414\u043e\u0441\u0442\u0443\u043f\u043d\u043e\u0441\u0442\u044c\" \/>\n\t<meta name=\"twitter:data2\" content=\"\u0412 \u043d\u0430\u043b\u0438\u0447\u0438\u0438\" \/>\n<script type=\"application\/ld+json\" class=\"yoast-schema-graph\">{\"@context\":\"https:\\\/\\\/schema.org\",\"@graph\":[{\"@type\":\"WebPage\",\"@id\":\"https:\\\/\\\/www.facecorner.lv\\\/shop\\\/serums-pret-pigmentaciju-un-nepilnibam-ar-bulgaru-rozi-isoi-bulgarian-rose-blemish-care-serum-35ml\\\/\",\"url\":\"https:\\\/\\\/www.facecorner.lv\\\/shop\\\/serums-pret-pigmentaciju-un-nepilnibam-ar-bulgaru-rozi-isoi-bulgarian-rose-blemish-care-serum-35ml\\\/\",\"name\":\"Serums pret pigment\u0101ciju un nepiln\u012bb\u0101m ar bulg\u0101ru rozi isoi Bulgarian Rose Blemish Care Serum 35ml - FACECORNER\",\"isPartOf\":{\"@id\":\"https:\\\/\\\/www.facecorner.lv\\\/#website\"},\"primaryImageOfPage\":{\"@id\":\"https:\\\/\\\/www.facecorner.lv\\\/shop\\\/serums-pret-pigmentaciju-un-nepilnibam-ar-bulgaru-rozi-isoi-bulgarian-rose-blemish-care-serum-35ml\\\/#primaryimage\"},\"image\":{\"@id\":\"https:\\\/\\\/www.facecorner.lv\\\/shop\\\/serums-pret-pigmentaciju-un-nepilnibam-ar-bulgaru-rozi-isoi-bulgarian-rose-blemish-care-serum-35ml\\\/#primaryimage\"},\"thumbnailUrl\":\"https:\\\/\\\/www.facecorner.lv\\\/wp-content\\\/uploads\\\/2025\\\/09\\\/51yZnkdRkL._UF10001000_QL80_.jpg\",\"datePublished\":\"2025-09-23T12:26:51+00:00\",\"dateModified\":\"2025-09-23T13:10:36+00:00\",\"description\":\"isoi Bulgarian Rose Blemish Care Serum ir z\u012bmola bestsellers un \u013coti efekt\u012bva izgaismojo\u0161a seruma, kas izstr\u0101d\u0101ts \u012bpa\u0161i, lai c\u012bn\u012btos ar pinnes p\u0113das\",\"breadcrumb\":{\"@id\":\"https:\\\/\\\/www.facecorner.lv\\\/shop\\\/serums-pret-pigmentaciju-un-nepilnibam-ar-bulgaru-rozi-isoi-bulgarian-rose-blemish-care-serum-35ml\\\/#breadcrumb\"},\"inLanguage\":\"ru-RU\",\"potentialAction\":[{\"@type\":\"ReadAction\",\"target\":[\"https:\\\/\\\/www.facecorner.lv\\\/shop\\\/serums-pret-pigmentaciju-un-nepilnibam-ar-bulgaru-rozi-isoi-bulgarian-rose-blemish-care-serum-35ml\\\/\"]}]},{\"@type\":\"ImageObject\",\"inLanguage\":\"ru-RU\",\"@id\":\"https:\\\/\\\/www.facecorner.lv\\\/shop\\\/serums-pret-pigmentaciju-un-nepilnibam-ar-bulgaru-rozi-isoi-bulgarian-rose-blemish-care-serum-35ml\\\/#primaryimage\",\"url\":\"https:\\\/\\\/www.facecorner.lv\\\/wp-content\\\/uploads\\\/2025\\\/09\\\/51yZnkdRkL._UF10001000_QL80_.jpg\",\"contentUrl\":\"https:\\\/\\\/www.facecorner.lv\\\/wp-content\\\/uploads\\\/2025\\\/09\\\/51yZnkdRkL._UF10001000_QL80_.jpg\",\"width\":1000,\"height\":1000,\"caption\":\"isoi Bulgarian Rose Blemish Care Serum\"},{\"@type\":\"BreadcrumbList\",\"@id\":\"https:\\\/\\\/www.facecorner.lv\\\/shop\\\/serums-pret-pigmentaciju-un-nepilnibam-ar-bulgaru-rozi-isoi-bulgarian-rose-blemish-care-serum-35ml\\\/#breadcrumb\",\"itemListElement\":[{\"@type\":\"ListItem\",\"position\":1,\"name\":\"Home\",\"item\":\"https:\\\/\\\/www.facecorner.lv\\\/\"},{\"@type\":\"ListItem\",\"position\":2,\"name\":\"Veikals\",\"item\":\"https:\\\/\\\/www.facecorner.lv\\\/shop\\\/\"},{\"@type\":\"ListItem\",\"position\":3,\"name\":\"Serums pret pigment\u0101ciju un nepiln\u012bb\u0101m ar bulg\u0101ru rozi isoi Bulgarian Rose Blemish Care Serum 35ml\"}]},{\"@type\":\"WebSite\",\"@id\":\"https:\\\/\\\/www.facecorner.lv\\\/#website\",\"url\":\"https:\\\/\\\/www.facecorner.lv\\\/\",\"name\":\"Facecorner\",\"description\":\"\",\"publisher\":{\"@id\":\"https:\\\/\\\/www.facecorner.lv\\\/#organization\"},\"potentialAction\":[{\"@type\":\"SearchAction\",\"target\":{\"@type\":\"EntryPoint\",\"urlTemplate\":\"https:\\\/\\\/www.facecorner.lv\\\/?s={search_term_string}\"},\"query-input\":{\"@type\":\"PropertyValueSpecification\",\"valueRequired\":true,\"valueName\":\"search_term_string\"}}],\"inLanguage\":\"ru-RU\"},{\"@type\":\"Organization\",\"@id\":\"https:\\\/\\\/www.facecorner.lv\\\/#organization\",\"name\":\"Facecorner\",\"url\":\"https:\\\/\\\/www.facecorner.lv\\\/\",\"logo\":{\"@type\":\"ImageObject\",\"inLanguage\":\"ru-RU\",\"@id\":\"https:\\\/\\\/www.facecorner.lv\\\/#\\\/schema\\\/logo\\\/image\\\/\",\"url\":\"https:\\\/\\\/www.facecorner.lv\\\/wp-content\\\/uploads\\\/2024\\\/04\\\/fc-logo.jpg\",\"contentUrl\":\"https:\\\/\\\/www.facecorner.lv\\\/wp-content\\\/uploads\\\/2024\\\/04\\\/fc-logo.jpg\",\"width\":174,\"height\":28,\"caption\":\"Facecorner\"},\"image\":{\"@id\":\"https:\\\/\\\/www.facecorner.lv\\\/#\\\/schema\\\/logo\\\/image\\\/\"},\"sameAs\":[\"https:\\\/\\\/www.facebook.com\\\/profile.php?id=100063824551839\",\"https:\\\/\\\/www.instagram.com\\\/facecorner_shop\\\/\"]}]}<\/script>\n<meta property=\"product:price:amount\" content=\"39.90\" \/>\n<meta property=\"product:price:currency\" content=\"EUR\" \/>\n<meta property=\"og:availability\" content=\"instock\" \/>\n<meta property=\"product:availability\" content=\"instock\" \/>\n<meta property=\"product:condition\" content=\"new\" \/>\n<!-- \/ Yoast SEO plugin. -->","yoast_head_json":{"title":"Serums pret pigment\u0101ciju un nepiln\u012bb\u0101m ar bulg\u0101ru rozi isoi Bulgarian Rose Blemish Care Serum 35ml - FACECORNER","description":"isoi Bulgarian Rose Blemish Care Serum ir z\u012bmola bestsellers un \u013coti efekt\u012bva izgaismojo\u0161a seruma, kas izstr\u0101d\u0101ts \u012bpa\u0161i, lai c\u012bn\u012btos ar pinnes p\u0113das","robots":{"index":"index","follow":"follow","max-snippet":"max-snippet:-1","max-image-preview":"max-image-preview:large","max-video-preview":"max-video-preview:-1"},"canonical":"https:\/\/www.facecorner.lv\/ru\/shop\/serums-pret-pigmentaciju-un-nepilnibam-ar-bulgaru-rozi-isoi-bulgarian-rose-blemish-care-serum-35ml\/","og_locale":"ru_RU","og_type":"article","og_title":"Serums pret pigment\u0101ciju un nepiln\u012bb\u0101m ar bulg\u0101ru rozi isoi Bulgarian Rose Blemish Care Serum 35ml - FACECORNER","og_description":"isoi Bulgarian Rose Blemish Care Serum ir z\u012bmola bestsellers un \u013coti efekt\u012bva izgaismojo\u0161a seruma, kas izstr\u0101d\u0101ts \u012bpa\u0161i, lai c\u012bn\u012btos ar pinnes p\u0113das","og_url":"https:\/\/www.facecorner.lv\/ru\/shop\/serums-pret-pigmentaciju-un-nepilnibam-ar-bulgaru-rozi-isoi-bulgarian-rose-blemish-care-serum-35ml\/","og_site_name":"FACECORNER","article_publisher":"https:\/\/www.facebook.com\/profile.php?id=100063824551839","article_modified_time":"2025-09-23T13:10:36+00:00","og_image":[{"width":1000,"height":1000,"url":"https:\/\/www.facecorner.lv\/wp-content\/uploads\/2025\/09\/51yZnkdRkL._UF10001000_QL80_.jpg","type":"image\/jpeg"}],"twitter_card":"summary_large_image","twitter_misc":{"\u0426\u0435\u043d\u0430":"&euro;39.90","\u0414\u043e\u0441\u0442\u0443\u043f\u043d\u043e\u0441\u0442\u044c":"\u0412 \u043d\u0430\u043b\u0438\u0447\u0438\u0438"},"schema":{"@context":"https:\/\/schema.org","@graph":[{"@type":"WebPage","@id":"https:\/\/www.facecorner.lv\/shop\/serums-pret-pigmentaciju-un-nepilnibam-ar-bulgaru-rozi-isoi-bulgarian-rose-blemish-care-serum-35ml\/","url":"https:\/\/www.facecorner.lv\/shop\/serums-pret-pigmentaciju-un-nepilnibam-ar-bulgaru-rozi-isoi-bulgarian-rose-blemish-care-serum-35ml\/","name":"Serums pret pigment\u0101ciju un nepiln\u012bb\u0101m ar bulg\u0101ru rozi isoi Bulgarian Rose Blemish Care Serum 35ml - FACECORNER","isPartOf":{"@id":"https:\/\/www.facecorner.lv\/#website"},"primaryImageOfPage":{"@id":"https:\/\/www.facecorner.lv\/shop\/serums-pret-pigmentaciju-un-nepilnibam-ar-bulgaru-rozi-isoi-bulgarian-rose-blemish-care-serum-35ml\/#primaryimage"},"image":{"@id":"https:\/\/www.facecorner.lv\/shop\/serums-pret-pigmentaciju-un-nepilnibam-ar-bulgaru-rozi-isoi-bulgarian-rose-blemish-care-serum-35ml\/#primaryimage"},"thumbnailUrl":"https:\/\/www.facecorner.lv\/wp-content\/uploads\/2025\/09\/51yZnkdRkL._UF10001000_QL80_.jpg","datePublished":"2025-09-23T12:26:51+00:00","dateModified":"2025-09-23T13:10:36+00:00","description":"isoi Bulgarian Rose Blemish Care Serum ir z\u012bmola bestsellers un \u013coti efekt\u012bva izgaismojo\u0161a seruma, kas izstr\u0101d\u0101ts \u012bpa\u0161i, lai c\u012bn\u012btos ar pinnes p\u0113das","breadcrumb":{"@id":"https:\/\/www.facecorner.lv\/shop\/serums-pret-pigmentaciju-un-nepilnibam-ar-bulgaru-rozi-isoi-bulgarian-rose-blemish-care-serum-35ml\/#breadcrumb"},"inLanguage":"ru-RU","potentialAction":[{"@type":"ReadAction","target":["https:\/\/www.facecorner.lv\/shop\/serums-pret-pigmentaciju-un-nepilnibam-ar-bulgaru-rozi-isoi-bulgarian-rose-blemish-care-serum-35ml\/"]}]},{"@type":"ImageObject","inLanguage":"ru-RU","@id":"https:\/\/www.facecorner.lv\/shop\/serums-pret-pigmentaciju-un-nepilnibam-ar-bulgaru-rozi-isoi-bulgarian-rose-blemish-care-serum-35ml\/#primaryimage","url":"https:\/\/www.facecorner.lv\/wp-content\/uploads\/2025\/09\/51yZnkdRkL._UF10001000_QL80_.jpg","contentUrl":"https:\/\/www.facecorner.lv\/wp-content\/uploads\/2025\/09\/51yZnkdRkL._UF10001000_QL80_.jpg","width":1000,"height":1000,"caption":"isoi Bulgarian Rose Blemish Care Serum"},{"@type":"BreadcrumbList","@id":"https:\/\/www.facecorner.lv\/shop\/serums-pret-pigmentaciju-un-nepilnibam-ar-bulgaru-rozi-isoi-bulgarian-rose-blemish-care-serum-35ml\/#breadcrumb","itemListElement":[{"@type":"ListItem","position":1,"name":"Home","item":"https:\/\/www.facecorner.lv\/"},{"@type":"ListItem","position":2,"name":"Veikals","item":"https:\/\/www.facecorner.lv\/shop\/"},{"@type":"ListItem","position":3,"name":"Serums pret pigment\u0101ciju un nepiln\u012bb\u0101m ar bulg\u0101ru rozi isoi Bulgarian Rose Blemish Care Serum 35ml"}]},{"@type":"WebSite","@id":"https:\/\/www.facecorner.lv\/#website","url":"https:\/\/www.facecorner.lv\/","name":"Facecorner","description":"","publisher":{"@id":"https:\/\/www.facecorner.lv\/#organization"},"potentialAction":[{"@type":"SearchAction","target":{"@type":"EntryPoint","urlTemplate":"https:\/\/www.facecorner.lv\/?s={search_term_string}"},"query-input":{"@type":"PropertyValueSpecification","valueRequired":true,"valueName":"search_term_string"}}],"inLanguage":"ru-RU"},{"@type":"Organization","@id":"https:\/\/www.facecorner.lv\/#organization","name":"Facecorner","url":"https:\/\/www.facecorner.lv\/","logo":{"@type":"ImageObject","inLanguage":"ru-RU","@id":"https:\/\/www.facecorner.lv\/#\/schema\/logo\/image\/","url":"https:\/\/www.facecorner.lv\/wp-content\/uploads\/2024\/04\/fc-logo.jpg","contentUrl":"https:\/\/www.facecorner.lv\/wp-content\/uploads\/2024\/04\/fc-logo.jpg","width":174,"height":28,"caption":"Facecorner"},"image":{"@id":"https:\/\/www.facecorner.lv\/#\/schema\/logo\/image\/"},"sameAs":["https:\/\/www.facebook.com\/profile.php?id=100063824551839","https:\/\/www.instagram.com\/facecorner_shop\/"]}]},"product_price_amount":"39.90","product_price_currency":"EUR","og_availability":"instock","product_availability":"instock","product_condition":"new"},"_links":{"self":[{"href":"https:\/\/www.facecorner.lv\/ru\/wp-json\/wp\/v2\/product\/25357","targetHints":{"allow":["GET"]}}],"collection":[{"href":"https:\/\/www.facecorner.lv\/ru\/wp-json\/wp\/v2\/product"}],"about":[{"href":"https:\/\/www.facecorner.lv\/ru\/wp-json\/wp\/v2\/types\/product"}],"replies":[{"embeddable":true,"href":"https:\/\/www.facecorner.lv\/ru\/wp-json\/wp\/v2\/comments?post=25357"}],"wp:featuredmedia":[{"embeddable":true,"href":"https:\/\/www.facecorner.lv\/ru\/wp-json\/wp\/v2\/media\/25358"}],"wp:attachment":[{"href":"https:\/\/www.facecorner.lv\/ru\/wp-json\/wp\/v2\/media?parent=25357"}],"wp:term":[{"taxonomy":"product_brand","embeddable":true,"href":"https:\/\/www.facecorner.lv\/ru\/wp-json\/wp\/v2\/product_brand?post=25357"},{"taxonomy":"product_cat","embeddable":true,"href":"https:\/\/www.facecorner.lv\/ru\/wp-json\/wp\/v2\/product_cat?post=25357"},{"taxonomy":"product_tag","embeddable":true,"href":"https:\/\/www.facecorner.lv\/ru\/wp-json\/wp\/v2\/product_tag?post=25357"},{"taxonomy":"berocket_brand","embeddable":true,"href":"https:\/\/www.facecorner.lv\/ru\/wp-json\/wp\/v2\/berocket_brand?post=25357"}],"curies":[{"name":"wp","href":"https:\/\/api.w.org\/{rel}","templated":true}]}}