{"id":25328,"date":"2025-09-22T12:53:26","date_gmt":"2025-09-22T09:53:26","guid":{"rendered":"https:\/\/www.facecorner.lv\/?post_type=product&#038;p=25328"},"modified":"2026-01-26T17:27:45","modified_gmt":"2026-01-26T14:27:45","slug":"vt-cosmetics-reti-a-cream-0-05-pretnovecosanas-krems-sejai-ar-retinolu-30ml","status":"publish","type":"product","link":"https:\/\/www.facecorner.lv\/ru\/shop\/vt-cosmetics-reti-a-cream-0-05-pretnovecosanas-krems-sejai-ar-retinolu-30ml\/","title":{"rendered":"VT Cosmetics Reti-A Cream 0.05 \u0430\u043d\u0442\u0438\u0432\u043e\u0437\u0440\u0430\u0441\u0442\u043d\u043e\u0439 \u043a\u0440\u0435\u043c \u0434\u043b\u044f \u043b\u0438\u0446\u0430 \u0441 \u0440\u0435\u0442\u0438\u043d\u043e\u043b\u043e\u043c 30ml"},"content":{"rendered":"<p>VT Cosmetics Reti-A Cream 0.05 \u2014 \u044d\u0442\u043e \u044d\u0444\u0444\u0435\u043a\u0442\u0438\u0432\u043d\u043e\u0435 \u0441\u0440\u0435\u0434\u0441\u0442\u0432\u043e \u043d\u0430 \u043e\u0441\u043d\u043e\u0432\u0435 \u0440\u0435\u0442\u0438\u043d\u043e\u043b\u0430 (0.05%), \u0440\u0430\u0437\u0440\u0430\u0431\u043e\u0442\u0430\u043d\u043d\u043e\u0435 \u0434\u043b\u044f \u0431\u043e\u0440\u044c\u0431\u044b \u0441 \u043f\u0440\u0438\u0437\u043d\u0430\u043a\u0430\u043c\u0438 \u0441\u0442\u0430\u0440\u0435\u043d\u0438\u044f, \u0443\u043b\u0443\u0447\u0448\u0435\u043d\u0438\u044f \u0442\u0435\u043a\u0441\u0442\u0443\u0440\u044b \u043a\u043e\u0436\u0438 \u0438 \u0432\u043e\u0441\u0441\u0442\u0430\u043d\u043e\u0432\u043b\u0435\u043d\u0438\u044f \u0435\u0451 \u0435\u0441\u0442\u0435\u0441\u0442\u0432\u0435\u043d\u043d\u043e\u0433\u043e \u0441\u0438\u044f\u043d\u0438\u044f.<\/p>\n<p>\u041f\u043e\u0434\u0445\u043e\u0434\u0438\u0442 \u0434\u043b\u044f \u0443\u0445\u043e\u0434\u0430 \u0437\u0430 \u043a\u043e\u0436\u0435\u0439 \u0441 \u043f\u0435\u0440\u0432\u044b\u043c\u0438 \u043f\u0440\u0438\u0437\u043d\u0430\u043a\u0430\u043c\u0438 \u0432\u043e\u0437\u0440\u0430\u0441\u0442\u043d\u044b\u0445 \u0438\u0437\u043c\u0435\u043d\u0435\u043d\u0438\u0439, \u0442\u0443\u0441\u043a\u043b\u044b\u043c \u0442\u043e\u043d\u043e\u043c \u0438 \u043d\u0435\u0440\u043e\u0432\u043d\u043e\u0439 \u0442\u0435\u043a\u0441\u0442\u0443\u0440\u043e\u0439.<\/p>\n<p><strong>\u041a\u043b\u044e\u0447\u0435\u0432\u043e\u0439 \u043a\u043e\u043c\u043f\u043e\u043d\u0435\u043d\u0442 \u043a\u0440\u0435\u043c\u0430<\/strong><\/p>\n<ul>\n<li>\u0420\u0435\u0442\u0438\u043d\u043e\u043b 0.05% \u2014 \u0444\u043e\u0440\u043c\u0430 \u0432\u0438\u0442\u0430\u043c\u0438\u043d\u0430 A, \u0438\u0437\u0432\u0435\u0441\u0442\u043d\u0430\u044f \u0441\u0432\u043e\u0438\u043c\u0438 \u043c\u043e\u0449\u043d\u044b\u043c\u0438 \u0430\u043d\u0442\u0438\u0432\u043e\u0437\u0440\u0430\u0441\u0442\u043d\u044b\u043c\u0438 \u0441\u0432\u043e\u0439\u0441\u0442\u0432\u0430\u043c\u0438. \u0421\u043f\u043e\u0441\u043e\u0431\u0441\u0442\u0432\u0443\u0435\u0442 \u0443\u0441\u043a\u043e\u0440\u0435\u043d\u043d\u043e\u043c\u0443 \u043e\u0431\u043d\u043e\u0432\u043b\u0435\u043d\u0438\u044e \u043a\u043b\u0435\u0442\u043e\u043a \u043a\u043e\u0436\u0438, \u0440\u0430\u0437\u0433\u043b\u0430\u0436\u0438\u0432\u0430\u043d\u0438\u044e \u043c\u043e\u0440\u0449\u0438\u043d \u0438 \u0443\u043b\u0443\u0447\u0448\u0435\u043d\u0438\u044e \u043e\u0431\u0449\u0435\u0433\u043e \u0440\u0435\u043b\u044c\u0435\u0444\u0430 \u043a\u043e\u0436\u0438.<\/li>\n<\/ul>\n<p><strong>\u00a0\u041e\u0441\u043d\u043e\u0432\u043d\u044b\u0435 \u0434\u0435\u0439\u0441\u0442\u0432\u0443\u044e\u0449\u0438\u0435 \u0438\u043d\u0433\u0440\u0435\u0434\u0438\u0435\u043d\u0442\u044b:<\/strong><\/p>\n<ul>\n<li>\u0426\u0435\u0440\u0430\u043c\u0438\u0434\u044b \u2014 \u0443\u043a\u0440\u0435\u043f\u043b\u044f\u044e\u0442 \u043a\u043e\u0436\u043d\u044b\u0439 \u0431\u0430\u0440\u044c\u0435\u0440 \u0438 \u043f\u0440\u0435\u0434\u043e\u0442\u0432\u0440\u0430\u0449\u0430\u044e\u0442 \u043f\u043e\u0442\u0435\u0440\u044e \u0432\u043b\u0430\u0433\u0438.<\/li>\n<li>\u041f\u0430\u043d\u0442\u0435\u043d\u043e\u043b \u0438 \u0430\u043b\u043b\u0430\u043d\u0442\u043e\u0438\u043d \u2014 \u0443\u0441\u043f\u043e\u043a\u0430\u0438\u0432\u0430\u044e\u0442 \u0438 \u0441\u043c\u044f\u0433\u0447\u0430\u044e\u0442 \u043a\u043e\u0436\u0443, \u0443\u043c\u0435\u043d\u044c\u0448\u0430\u044f \u0440\u0430\u0437\u0434\u0440\u0430\u0436\u0435\u043d\u0438\u0435.<\/li>\n<li>\u042d\u043a\u0441\u0442\u0440\u0430\u043a\u0442\u044b \u0446\u0435\u043d\u0442\u0435\u043b\u043b\u044b \u0430\u0437\u0438\u0430\u0442\u0441\u043a\u043e\u0439 \u2014 \u0441\u043f\u043e\u0441\u043e\u0431\u0441\u0442\u0432\u0443\u044e\u0442 \u0437\u0430\u0436\u0438\u0432\u043b\u0435\u043d\u0438\u044e \u0438 \u0443\u043a\u0440\u0435\u043f\u043b\u044f\u044e\u0442 \u043a\u043e\u0436\u0443.<\/li>\n<\/ul>\n<p><strong>\u041f\u0440\u0435\u0438\u043c\u0443\u0449\u0435\u0441\u0442\u0432\u0430<\/strong><\/p>\n<ul>\n<li>\u0423\u043c\u0435\u043d\u044c\u0448\u0430\u0435\u0442 \u0432\u0438\u0434\u0438\u043c\u043e\u0441\u0442\u044c \u043c\u043e\u0440\u0449\u0438\u043d \u0438 \u0442\u043e\u043d\u043a\u0438\u0445 \u043b\u0438\u043d\u0438\u0439<\/li>\n<li>\u041f\u043e\u0432\u044b\u0448\u0430\u0435\u0442 \u0443\u043f\u0440\u0443\u0433\u043e\u0441\u0442\u044c \u0438 \u044d\u043b\u0430\u0441\u0442\u0438\u0447\u043d\u043e\u0441\u0442\u044c \u043a\u043e\u0436\u0438<\/li>\n<li>\u0412\u044b\u0440\u0430\u0432\u043d\u0438\u0432\u0430\u044e\u0442 \u0442\u043e\u043d \u0438 \u0442\u0435\u043a\u0441\u0442\u0443\u0440\u0443 \u043a\u043e\u0436\u0438.<\/li>\n<li>\u0421\u0442\u0438\u043c\u0443\u043b\u0438\u0440\u0443\u0435\u0442 \u043e\u0431\u043d\u043e\u0432\u043b\u0435\u043d\u0438\u0435 \u043a\u043b\u0435\u0442\u043e\u043a<\/li>\n<li>\u041d\u0435 \u043f\u0435\u0440\u0435\u0441\u0443\u0448\u0438\u0432\u0430\u0435\u0442 \u043a\u043e\u0436\u0443 \u0431\u043b\u0430\u0433\u043e\u0434\u0430\u0440\u044f \u0443\u0432\u043b\u0430\u0436\u043d\u044f\u044e\u0449\u0438\u043c \u043a\u043e\u043c\u043f\u043e\u043d\u0435\u043d\u0442\u0430\u043c<\/li>\n<\/ul>\n<p><strong>\u00a0\u0421\u043f\u043e\u0441\u043e\u0431 \u043f\u0440\u0438\u043c\u0435\u043d\u0435\u043d\u0438\u044f:<\/strong> \u041d\u0430\u043d\u043e\u0441\u0438\u0442\u0435 \u043d\u0435\u0431\u043e\u043b\u044c\u0448\u043e\u0435 \u043a\u043e\u043b\u0438\u0447\u0435\u0441\u0442\u0432\u043e \u043a\u0440\u0435\u043c\u0430 \u0432\u0435\u0447\u0435\u0440\u043e\u043c \u043d\u0430 \u043e\u0447\u0438\u0449\u0435\u043d\u043d\u0443\u044e \u0438 \u0441\u0443\u0445\u0443\u044e \u043a\u043e\u0436\u0443 \u043b\u0438\u0446\u0430. \u041d\u0430 \u043d\u0430\u0447\u0430\u043b\u044c\u043d\u043e\u043c \u044d\u0442\u0430\u043f\u0435 \u0438\u0441\u043f\u043e\u043b\u044c\u0437\u0443\u0439\u0442\u0435 2\u20133 \u0440\u0430\u0437\u0430 \u0432 \u043d\u0435\u0434\u0435\u043b\u044e, \u043f\u043e\u0441\u0442\u0435\u043f\u0435\u043d\u043d\u043e \u0443\u0432\u0435\u043b\u0438\u0447\u0438\u0432\u0430\u044f \u0447\u0430\u0441\u0442\u043e\u0442\u0443 \u043f\u0440\u0438\u043c\u0435\u043d\u0435\u043d\u0438\u044f. \u041e\u0431\u044f\u0437\u0430\u0442\u0435\u043b\u044c\u043d\u043e \u0438\u0441\u043f\u043e\u043b\u044c\u0437\u0443\u0439\u0442\u0435 \u0441\u043e\u043b\u043d\u0446\u0435\u0437\u0430\u0449\u0438\u0442\u0443 \u0432 \u0434\u043d\u0435\u0432\u043d\u043e\u0435 \u0432\u0440\u0435\u043c\u044f.<\/p>\n<p><strong>\u0421\u043e\u0441\u0442\u0430\u0432:<\/strong> Water, glycerin, butylene glycol, pentaerythrityl tetraethylhexanoate, caprylic\/capric triglyceride, propanediol, polyglyceryl-6 stearate, 1,2-hexanediol, niacinamide, cyclohexasiloxane, cetearyl alcohol, triethylhexanoin, synthetic beeswax, glyceryl stearate, phytosteryl \/isostearyl\/ cetyl\/stearyl\/behenyl dimer dilinoleate, dimethylisocarbide, sodium polyacryloyl dimethyl taurate, polyglyceryl-6 behenate, ethylhexyl glycerin, hydroxypinacolone retinoate (0.05%), centella asiatica extract, adenosine, sodium hyaluronate, hibiscus flower extract, three colors Violet extract, lavender extract , cornflower extract, bakuchiol, polysorbate 20, retinol, hydrolyzed collagen, BHT, madecassoside, madecassic acid, asiaticoside, asiatic acid, propolis extract, BHA, disodium EDTA, fragrance<\/p>","protected":false},"excerpt":{"rendered":"<p>VT Cosmetics Reti-A Cream 0.05 \u2014 \u044d\u0442\u043e \u044d\u0444\u0444\u0435\u043a\u0442\u0438\u0432\u043d\u043e\u0435 \u0441\u0440\u0435\u0434\u0441\u0442\u0432\u043e \u043d\u0430 \u043e\u0441\u043d\u043e\u0432\u0435 \u0440\u0435\u0442\u0438\u043d\u043e\u043b\u0430 (0.05%), \u0440\u0430\u0437\u0440\u0430\u0431\u043e\u0442\u0430\u043d\u043d\u043e\u0435 \u0434\u043b\u044f \u0431\u043e\u0440\u044c\u0431\u044b \u0441 \u043f\u0440\u0438\u0437\u043d\u0430\u043a\u0430\u043c\u0438 \u0441\u0442\u0430\u0440\u0435\u043d\u0438\u044f, \u0443\u043b\u0443\u0447\u0448\u0435\u043d\u0438\u044f \u0442\u0435\u043a\u0441\u0442\u0443\u0440\u044b \u043a\u043e\u0436\u0438 \u0438 \u0432\u043e\u0441\u0441\u0442\u0430\u043d\u043e\u0432\u043b\u0435\u043d\u0438\u044f \u0435\u0451 \u0435\u0441\u0442\u0435\u0441\u0442\u0432\u0435\u043d\u043d\u043e\u0433\u043e \u0441\u0438\u044f\u043d\u0438\u044f.<\/p>","protected":false},"featured_media":25329,"comment_status":"open","ping_status":"closed","template":"","meta":{"site-sidebar-layout":"default","site-content-layout":"","ast-site-content-layout":"default","site-content-style":"default","site-sidebar-style":"default","ast-global-header-display":"","ast-banner-title-visibility":"","ast-main-header-display":"","ast-hfb-above-header-display":"","ast-hfb-below-header-display":"","ast-hfb-mobile-header-display":"","site-post-title":"","ast-breadcrumbs-content":"","ast-featured-img":"","footer-sml-layout":"","theme-transparent-header-meta":"default","adv-header-id-meta":"","stick-header-meta":"","header-above-stick-meta":"","header-main-stick-meta":"","header-below-stick-meta":"","astra-migrate-meta-layouts":"set","ast-page-background-enabled":"default","ast-page-background-meta":{"desktop":{"background-color":"var(--ast-global-color-4)","background-image":"","background-repeat":"repeat","background-position":"center center","background-size":"auto","background-attachment":"scroll","background-type":"","background-media":"","overlay-type":"","overlay-color":"","overlay-opacity":"","overlay-gradient":""},"tablet":{"background-color":"","background-image":"","background-repeat":"repeat","background-position":"center center","background-size":"auto","background-attachment":"scroll","background-type":"","background-media":"","overlay-type":"","overlay-color":"","overlay-opacity":"","overlay-gradient":""},"mobile":{"background-color":"","background-image":"","background-repeat":"repeat","background-position":"center center","background-size":"auto","background-attachment":"scroll","background-type":"","background-media":"","overlay-type":"","overlay-color":"","overlay-opacity":"","overlay-gradient":""}},"ast-content-background-meta":{"desktop":{"background-color":"var(--ast-global-color-5)","background-image":"","background-repeat":"repeat","background-position":"center center","background-size":"auto","background-attachment":"scroll","background-type":"","background-media":"","overlay-type":"","overlay-color":"","overlay-opacity":"","overlay-gradient":""},"tablet":{"background-color":"var(--ast-global-color-5)","background-image":"","background-repeat":"repeat","background-position":"center center","background-size":"auto","background-attachment":"scroll","background-type":"","background-media":"","overlay-type":"","overlay-color":"","overlay-opacity":"","overlay-gradient":""},"mobile":{"background-color":"var(--ast-global-color-5)","background-image":"","background-repeat":"repeat","background-position":"center center","background-size":"auto","background-attachment":"scroll","background-type":"","background-media":"","overlay-type":"","overlay-color":"","overlay-opacity":"","overlay-gradient":""}}},"product_brand":[],"product_cat":[368,362],"product_tag":[],"berocket_brand":[582],"class_list":{"0":"post-25328","1":"product","2":"type-product","3":"status-publish","4":"has-post-thumbnail","6":"product_cat-pret-grumbam","7":"product_cat-sejas-krems","8":"berocket_brand-vt","9":"desktop-align-left","10":"tablet-align-left","11":"mobile-align-left","13":"first","14":"outofstock","15":"taxable","16":"shipping-taxable","17":"purchasable","18":"product-type-simple","19":"add-to-wishlist-before_image"},"yoast_head":"<!-- This site is optimized with the Yoast SEO plugin v27.3 - https:\/\/yoast.com\/product\/yoast-seo-wordpress\/ -->\n<title>VT Cosmetics Reti-A Cream 0.05 pretnoveco\u0161an\u0101s kr\u0113ms sejai ar retinolu 30ml - FACECORNER<\/title>\n<meta name=\"description\" content=\"VT Cosmetics Reti-A Cream 0.05 ir efekt\u012bvs l\u012bdzeklis uz retinola (0,05%) b\u0101zes, kas izstr\u0101d\u0101ts, lai c\u012bn\u012btos ar noveco\u0161an\u0101s paz\u012bm\u0113m, uzlabotu \u0101das tekst\u016bru\" \/>\n<meta name=\"robots\" content=\"index, follow, max-snippet:-1, max-image-preview:large, max-video-preview:-1\" \/>\n<link rel=\"canonical\" href=\"https:\/\/www.facecorner.lv\/ru\/shop\/vt-cosmetics-reti-a-cream-0-05-pretnovecosanas-krems-sejai-ar-retinolu-30ml\/\" \/>\n<meta property=\"og:locale\" content=\"ru_RU\" \/>\n<meta property=\"og:type\" content=\"article\" \/>\n<meta property=\"og:title\" content=\"VT Cosmetics Reti-A Cream 0.05 pretnoveco\u0161an\u0101s kr\u0113ms sejai ar retinolu 30ml - FACECORNER\" \/>\n<meta property=\"og:description\" content=\"VT Cosmetics Reti-A Cream 0.05 ir efekt\u012bvs l\u012bdzeklis uz retinola (0,05%) b\u0101zes, kas izstr\u0101d\u0101ts, lai c\u012bn\u012btos ar noveco\u0161an\u0101s paz\u012bm\u0113m, uzlabotu \u0101das tekst\u016bru\" \/>\n<meta property=\"og:url\" content=\"https:\/\/www.facecorner.lv\/ru\/shop\/vt-cosmetics-reti-a-cream-0-05-pretnovecosanas-krems-sejai-ar-retinolu-30ml\/\" \/>\n<meta property=\"og:site_name\" content=\"FACECORNER\" \/>\n<meta property=\"article:publisher\" content=\"https:\/\/www.facebook.com\/profile.php?id=100063824551839\" \/>\n<meta property=\"article:modified_time\" content=\"2026-01-26T14:27:45+00:00\" \/>\n<meta property=\"og:image\" content=\"https:\/\/www.facecorner.lv\/wp-content\/uploads\/2025\/09\/su3j6fnjxotj.jpg\" \/>\n\t<meta property=\"og:image:width\" content=\"600\" \/>\n\t<meta property=\"og:image:height\" content=\"600\" \/>\n\t<meta property=\"og:image:type\" content=\"image\/jpeg\" \/>\n<meta name=\"twitter:card\" content=\"summary_large_image\" \/>\n<meta name=\"twitter:label1\" content=\"\u0426\u0435\u043d\u0430\" \/>\n\t<meta name=\"twitter:data1\" content=\"&euro;19.95\" \/>\n\t<meta name=\"twitter:label2\" content=\"\u0414\u043e\u0441\u0442\u0443\u043f\u043d\u043e\u0441\u0442\u044c\" \/>\n\t<meta name=\"twitter:data2\" content=\"\u0420\u0430\u0441\u043f\u0440\u043e\u0434\u0430\u043d\u043e\" \/>\n<script type=\"application\/ld+json\" class=\"yoast-schema-graph\">{\"@context\":\"https:\\\/\\\/schema.org\",\"@graph\":[{\"@type\":\"WebPage\",\"@id\":\"https:\\\/\\\/www.facecorner.lv\\\/shop\\\/vt-cosmetics-reti-a-cream-0-05-pretnovecosanas-krems-sejai-ar-retinolu-30ml\\\/\",\"url\":\"https:\\\/\\\/www.facecorner.lv\\\/shop\\\/vt-cosmetics-reti-a-cream-0-05-pretnovecosanas-krems-sejai-ar-retinolu-30ml\\\/\",\"name\":\"VT Cosmetics Reti-A Cream 0.05 pretnoveco\u0161an\u0101s kr\u0113ms sejai ar retinolu 30ml - FACECORNER\",\"isPartOf\":{\"@id\":\"https:\\\/\\\/www.facecorner.lv\\\/#website\"},\"primaryImageOfPage\":{\"@id\":\"https:\\\/\\\/www.facecorner.lv\\\/shop\\\/vt-cosmetics-reti-a-cream-0-05-pretnovecosanas-krems-sejai-ar-retinolu-30ml\\\/#primaryimage\"},\"image\":{\"@id\":\"https:\\\/\\\/www.facecorner.lv\\\/shop\\\/vt-cosmetics-reti-a-cream-0-05-pretnovecosanas-krems-sejai-ar-retinolu-30ml\\\/#primaryimage\"},\"thumbnailUrl\":\"https:\\\/\\\/www.facecorner.lv\\\/wp-content\\\/uploads\\\/2025\\\/09\\\/su3j6fnjxotj.jpg\",\"datePublished\":\"2025-09-22T09:53:26+00:00\",\"dateModified\":\"2026-01-26T14:27:45+00:00\",\"description\":\"VT Cosmetics Reti-A Cream 0.05 ir efekt\u012bvs l\u012bdzeklis uz retinola (0,05%) b\u0101zes, kas izstr\u0101d\u0101ts, lai c\u012bn\u012btos ar noveco\u0161an\u0101s paz\u012bm\u0113m, uzlabotu \u0101das tekst\u016bru\",\"breadcrumb\":{\"@id\":\"https:\\\/\\\/www.facecorner.lv\\\/shop\\\/vt-cosmetics-reti-a-cream-0-05-pretnovecosanas-krems-sejai-ar-retinolu-30ml\\\/#breadcrumb\"},\"inLanguage\":\"ru-RU\",\"potentialAction\":[{\"@type\":\"ReadAction\",\"target\":[\"https:\\\/\\\/www.facecorner.lv\\\/shop\\\/vt-cosmetics-reti-a-cream-0-05-pretnovecosanas-krems-sejai-ar-retinolu-30ml\\\/\"]}]},{\"@type\":\"ImageObject\",\"inLanguage\":\"ru-RU\",\"@id\":\"https:\\\/\\\/www.facecorner.lv\\\/shop\\\/vt-cosmetics-reti-a-cream-0-05-pretnovecosanas-krems-sejai-ar-retinolu-30ml\\\/#primaryimage\",\"url\":\"https:\\\/\\\/www.facecorner.lv\\\/wp-content\\\/uploads\\\/2025\\\/09\\\/su3j6fnjxotj.jpg\",\"contentUrl\":\"https:\\\/\\\/www.facecorner.lv\\\/wp-content\\\/uploads\\\/2025\\\/09\\\/su3j6fnjxotj.jpg\",\"width\":600,\"height\":600,\"caption\":\"VT Cosmetics Reti-A Cream 0.05\"},{\"@type\":\"BreadcrumbList\",\"@id\":\"https:\\\/\\\/www.facecorner.lv\\\/shop\\\/vt-cosmetics-reti-a-cream-0-05-pretnovecosanas-krems-sejai-ar-retinolu-30ml\\\/#breadcrumb\",\"itemListElement\":[{\"@type\":\"ListItem\",\"position\":1,\"name\":\"Home\",\"item\":\"https:\\\/\\\/www.facecorner.lv\\\/\"},{\"@type\":\"ListItem\",\"position\":2,\"name\":\"Veikals\",\"item\":\"https:\\\/\\\/www.facecorner.lv\\\/shop\\\/\"},{\"@type\":\"ListItem\",\"position\":3,\"name\":\"VT Cosmetics Reti-A Cream 0.05 pretnoveco\u0161an\u0101s kr\u0113ms sejai ar retinolu 30ml\"}]},{\"@type\":\"WebSite\",\"@id\":\"https:\\\/\\\/www.facecorner.lv\\\/#website\",\"url\":\"https:\\\/\\\/www.facecorner.lv\\\/\",\"name\":\"Facecorner\",\"description\":\"\",\"publisher\":{\"@id\":\"https:\\\/\\\/www.facecorner.lv\\\/#organization\"},\"potentialAction\":[{\"@type\":\"SearchAction\",\"target\":{\"@type\":\"EntryPoint\",\"urlTemplate\":\"https:\\\/\\\/www.facecorner.lv\\\/?s={search_term_string}\"},\"query-input\":{\"@type\":\"PropertyValueSpecification\",\"valueRequired\":true,\"valueName\":\"search_term_string\"}}],\"inLanguage\":\"ru-RU\"},{\"@type\":\"Organization\",\"@id\":\"https:\\\/\\\/www.facecorner.lv\\\/#organization\",\"name\":\"Facecorner\",\"url\":\"https:\\\/\\\/www.facecorner.lv\\\/\",\"logo\":{\"@type\":\"ImageObject\",\"inLanguage\":\"ru-RU\",\"@id\":\"https:\\\/\\\/www.facecorner.lv\\\/#\\\/schema\\\/logo\\\/image\\\/\",\"url\":\"https:\\\/\\\/www.facecorner.lv\\\/wp-content\\\/uploads\\\/2024\\\/04\\\/fc-logo.jpg\",\"contentUrl\":\"https:\\\/\\\/www.facecorner.lv\\\/wp-content\\\/uploads\\\/2024\\\/04\\\/fc-logo.jpg\",\"width\":174,\"height\":28,\"caption\":\"Facecorner\"},\"image\":{\"@id\":\"https:\\\/\\\/www.facecorner.lv\\\/#\\\/schema\\\/logo\\\/image\\\/\"},\"sameAs\":[\"https:\\\/\\\/www.facebook.com\\\/profile.php?id=100063824551839\",\"https:\\\/\\\/www.instagram.com\\\/facecorner_shop\\\/\"]}]}<\/script>\n<meta property=\"product:price:amount\" content=\"19.95\" \/>\n<meta property=\"product:price:currency\" content=\"EUR\" \/>\n<meta property=\"og:availability\" content=\"out of stock\" \/>\n<meta property=\"product:availability\" content=\"out of stock\" \/>\n<meta property=\"product:condition\" content=\"new\" \/>\n<!-- \/ Yoast SEO plugin. -->","yoast_head_json":{"title":"VT Cosmetics Reti-A Cream 0.05 pretnoveco\u0161an\u0101s kr\u0113ms sejai ar retinolu 30ml - FACECORNER","description":"VT Cosmetics Reti-A Cream 0.05 ir efekt\u012bvs l\u012bdzeklis uz retinola (0,05%) b\u0101zes, kas izstr\u0101d\u0101ts, lai c\u012bn\u012btos ar noveco\u0161an\u0101s paz\u012bm\u0113m, uzlabotu \u0101das tekst\u016bru","robots":{"index":"index","follow":"follow","max-snippet":"max-snippet:-1","max-image-preview":"max-image-preview:large","max-video-preview":"max-video-preview:-1"},"canonical":"https:\/\/www.facecorner.lv\/ru\/shop\/vt-cosmetics-reti-a-cream-0-05-pretnovecosanas-krems-sejai-ar-retinolu-30ml\/","og_locale":"ru_RU","og_type":"article","og_title":"VT Cosmetics Reti-A Cream 0.05 pretnoveco\u0161an\u0101s kr\u0113ms sejai ar retinolu 30ml - FACECORNER","og_description":"VT Cosmetics Reti-A Cream 0.05 ir efekt\u012bvs l\u012bdzeklis uz retinola (0,05%) b\u0101zes, kas izstr\u0101d\u0101ts, lai c\u012bn\u012btos ar noveco\u0161an\u0101s paz\u012bm\u0113m, uzlabotu \u0101das tekst\u016bru","og_url":"https:\/\/www.facecorner.lv\/ru\/shop\/vt-cosmetics-reti-a-cream-0-05-pretnovecosanas-krems-sejai-ar-retinolu-30ml\/","og_site_name":"FACECORNER","article_publisher":"https:\/\/www.facebook.com\/profile.php?id=100063824551839","article_modified_time":"2026-01-26T14:27:45+00:00","og_image":[{"width":600,"height":600,"url":"https:\/\/www.facecorner.lv\/wp-content\/uploads\/2025\/09\/su3j6fnjxotj.jpg","type":"image\/jpeg"}],"twitter_card":"summary_large_image","twitter_misc":{"\u0426\u0435\u043d\u0430":"&euro;19.95","\u0414\u043e\u0441\u0442\u0443\u043f\u043d\u043e\u0441\u0442\u044c":"\u0420\u0430\u0441\u043f\u0440\u043e\u0434\u0430\u043d\u043e"},"schema":{"@context":"https:\/\/schema.org","@graph":[{"@type":"WebPage","@id":"https:\/\/www.facecorner.lv\/shop\/vt-cosmetics-reti-a-cream-0-05-pretnovecosanas-krems-sejai-ar-retinolu-30ml\/","url":"https:\/\/www.facecorner.lv\/shop\/vt-cosmetics-reti-a-cream-0-05-pretnovecosanas-krems-sejai-ar-retinolu-30ml\/","name":"VT Cosmetics Reti-A Cream 0.05 pretnoveco\u0161an\u0101s kr\u0113ms sejai ar retinolu 30ml - FACECORNER","isPartOf":{"@id":"https:\/\/www.facecorner.lv\/#website"},"primaryImageOfPage":{"@id":"https:\/\/www.facecorner.lv\/shop\/vt-cosmetics-reti-a-cream-0-05-pretnovecosanas-krems-sejai-ar-retinolu-30ml\/#primaryimage"},"image":{"@id":"https:\/\/www.facecorner.lv\/shop\/vt-cosmetics-reti-a-cream-0-05-pretnovecosanas-krems-sejai-ar-retinolu-30ml\/#primaryimage"},"thumbnailUrl":"https:\/\/www.facecorner.lv\/wp-content\/uploads\/2025\/09\/su3j6fnjxotj.jpg","datePublished":"2025-09-22T09:53:26+00:00","dateModified":"2026-01-26T14:27:45+00:00","description":"VT Cosmetics Reti-A Cream 0.05 ir efekt\u012bvs l\u012bdzeklis uz retinola (0,05%) b\u0101zes, kas izstr\u0101d\u0101ts, lai c\u012bn\u012btos ar noveco\u0161an\u0101s paz\u012bm\u0113m, uzlabotu \u0101das tekst\u016bru","breadcrumb":{"@id":"https:\/\/www.facecorner.lv\/shop\/vt-cosmetics-reti-a-cream-0-05-pretnovecosanas-krems-sejai-ar-retinolu-30ml\/#breadcrumb"},"inLanguage":"ru-RU","potentialAction":[{"@type":"ReadAction","target":["https:\/\/www.facecorner.lv\/shop\/vt-cosmetics-reti-a-cream-0-05-pretnovecosanas-krems-sejai-ar-retinolu-30ml\/"]}]},{"@type":"ImageObject","inLanguage":"ru-RU","@id":"https:\/\/www.facecorner.lv\/shop\/vt-cosmetics-reti-a-cream-0-05-pretnovecosanas-krems-sejai-ar-retinolu-30ml\/#primaryimage","url":"https:\/\/www.facecorner.lv\/wp-content\/uploads\/2025\/09\/su3j6fnjxotj.jpg","contentUrl":"https:\/\/www.facecorner.lv\/wp-content\/uploads\/2025\/09\/su3j6fnjxotj.jpg","width":600,"height":600,"caption":"VT Cosmetics Reti-A Cream 0.05"},{"@type":"BreadcrumbList","@id":"https:\/\/www.facecorner.lv\/shop\/vt-cosmetics-reti-a-cream-0-05-pretnovecosanas-krems-sejai-ar-retinolu-30ml\/#breadcrumb","itemListElement":[{"@type":"ListItem","position":1,"name":"Home","item":"https:\/\/www.facecorner.lv\/"},{"@type":"ListItem","position":2,"name":"Veikals","item":"https:\/\/www.facecorner.lv\/shop\/"},{"@type":"ListItem","position":3,"name":"VT Cosmetics Reti-A Cream 0.05 pretnoveco\u0161an\u0101s kr\u0113ms sejai ar retinolu 30ml"}]},{"@type":"WebSite","@id":"https:\/\/www.facecorner.lv\/#website","url":"https:\/\/www.facecorner.lv\/","name":"Facecorner","description":"","publisher":{"@id":"https:\/\/www.facecorner.lv\/#organization"},"potentialAction":[{"@type":"SearchAction","target":{"@type":"EntryPoint","urlTemplate":"https:\/\/www.facecorner.lv\/?s={search_term_string}"},"query-input":{"@type":"PropertyValueSpecification","valueRequired":true,"valueName":"search_term_string"}}],"inLanguage":"ru-RU"},{"@type":"Organization","@id":"https:\/\/www.facecorner.lv\/#organization","name":"Facecorner","url":"https:\/\/www.facecorner.lv\/","logo":{"@type":"ImageObject","inLanguage":"ru-RU","@id":"https:\/\/www.facecorner.lv\/#\/schema\/logo\/image\/","url":"https:\/\/www.facecorner.lv\/wp-content\/uploads\/2024\/04\/fc-logo.jpg","contentUrl":"https:\/\/www.facecorner.lv\/wp-content\/uploads\/2024\/04\/fc-logo.jpg","width":174,"height":28,"caption":"Facecorner"},"image":{"@id":"https:\/\/www.facecorner.lv\/#\/schema\/logo\/image\/"},"sameAs":["https:\/\/www.facebook.com\/profile.php?id=100063824551839","https:\/\/www.instagram.com\/facecorner_shop\/"]}]},"product_price_amount":"19.95","product_price_currency":"EUR","og_availability":"out of stock","product_availability":"out of stock","product_condition":"new"},"_links":{"self":[{"href":"https:\/\/www.facecorner.lv\/ru\/wp-json\/wp\/v2\/product\/25328","targetHints":{"allow":["GET"]}}],"collection":[{"href":"https:\/\/www.facecorner.lv\/ru\/wp-json\/wp\/v2\/product"}],"about":[{"href":"https:\/\/www.facecorner.lv\/ru\/wp-json\/wp\/v2\/types\/product"}],"replies":[{"embeddable":true,"href":"https:\/\/www.facecorner.lv\/ru\/wp-json\/wp\/v2\/comments?post=25328"}],"wp:featuredmedia":[{"embeddable":true,"href":"https:\/\/www.facecorner.lv\/ru\/wp-json\/wp\/v2\/media\/25329"}],"wp:attachment":[{"href":"https:\/\/www.facecorner.lv\/ru\/wp-json\/wp\/v2\/media?parent=25328"}],"wp:term":[{"taxonomy":"product_brand","embeddable":true,"href":"https:\/\/www.facecorner.lv\/ru\/wp-json\/wp\/v2\/product_brand?post=25328"},{"taxonomy":"product_cat","embeddable":true,"href":"https:\/\/www.facecorner.lv\/ru\/wp-json\/wp\/v2\/product_cat?post=25328"},{"taxonomy":"product_tag","embeddable":true,"href":"https:\/\/www.facecorner.lv\/ru\/wp-json\/wp\/v2\/product_tag?post=25328"},{"taxonomy":"berocket_brand","embeddable":true,"href":"https:\/\/www.facecorner.lv\/ru\/wp-json\/wp\/v2\/berocket_brand?post=25328"}],"curies":[{"name":"wp","href":"https:\/\/api.w.org\/{rel}","templated":true}]}}