{"id":25304,"date":"2025-09-18T14:18:23","date_gmt":"2025-09-18T11:18:23","guid":{"rendered":"https:\/\/www.facecorner.lv\/?post_type=product&#038;p=25304"},"modified":"2026-01-20T15:28:24","modified_gmt":"2026-01-20T12:28:24","slug":"sungboon-editor-deep-collagen-melting-patch-33","status":"publish","type":"product","link":"https:\/\/www.facecorner.lv\/ru\/shop\/sungboon-editor-deep-collagen-melting-patch-33\/","title":{"rendered":"Sungboon Editor Deep Collagen Melting Patch 3+3"},"content":{"rendered":"<h3><\/h3>\n<p>Sungboon Editor Deep Collagen Melting Patch \u2013 \u044d\u0442\u043e \u0438\u043d\u043d\u043e\u0432\u0430\u0446\u0438\u043e\u043d\u043d\u044b\u0435 \u043f\u0430\u0442\u0447\u0438, \u043a\u043e\u0442\u043e\u0440\u044b\u0435 \u0440\u0430\u0441\u0442\u0432\u043e\u0440\u044f\u044e\u0442\u0441\u044f \u043d\u0430 \u043a\u043e\u0436\u0435 \u0438 \u0434\u043e\u0441\u0442\u0430\u0432\u043b\u044f\u044e\u0442 \u0433\u043b\u0443\u0431\u043e\u043a\u043e\u0435 \u0443\u0432\u043b\u0430\u0436\u043d\u0435\u043d\u0438\u0435 \u0431\u043b\u0430\u0433\u043e\u0434\u0430\u0440\u044f \u0432\u044b\u0441\u043e\u043a\u043e\u043c\u0443 \u0441\u043e\u0434\u0435\u0440\u0436\u0430\u043d\u0438\u044e \u043d\u0430\u0441\u0442\u043e\u044f\u0449\u0435\u0433\u043e \u043a\u043e\u043b\u043b\u0430\u0433\u0435\u043d\u0430 (706,696 ppm), \u0430 \u0442\u0430\u043a\u0436\u0435 12 \u0432\u0438\u0434\u043e\u0432 \u043f\u0435\u043f\u0442\u0438\u0434\u043e\u0432, 4 \u0432\u0438\u0434\u0430 \u0433\u0438\u0430\u043b\u0443\u0440\u043e\u043d\u043e\u0432\u043e\u0439 \u043a\u0438\u0441\u043b\u043e\u0442\u044b \u0438 \u0433\u043b\u0443\u0442\u0430\u0442\u0438\u043e\u043d\u0430.<\/p>\n<p>\u041f\u0430\u0442\u0447\u0438 \u043f\u0440\u0435\u0434\u043d\u0430\u0437\u043d\u0430\u0447\u0435\u043d\u044b \u0434\u043b\u044f \u043f\u043e\u0432\u044b\u0448\u0435\u043d\u0438\u044f \u0443\u043f\u0440\u0443\u0433\u043e\u0441\u0442\u0438, \u0440\u0430\u0437\u0433\u043b\u0430\u0436\u0438\u0432\u0430\u043d\u0438\u044f \u043c\u043e\u0440\u0449\u0438\u043d \u0438 \u043f\u0440\u0438\u0434\u0430\u043d\u0438\u044f \u043a\u043e\u0436\u0435 \u0441\u0438\u044f\u044e\u0449\u0435\u0433\u043e \u0432\u0438\u0434\u0430, \u0430 \u0442\u0430\u043a\u0436\u0435 \u043f\u043e\u0434\u0445\u043e\u0434\u044f\u0442 \u0434\u043b\u044f \u0432\u0441\u0435\u0445 \u0442\u0438\u043f\u043e\u0432 \u043a\u043e\u0436\u0438, \u0432\u043a\u043b\u044e\u0447\u0430\u044f \u0447\u0443\u0432\u0441\u0442\u0432\u0438\u0442\u0435\u043b\u044c\u043d\u0443\u044e<\/p>\n<p><strong>\u041e\u0441\u043d\u043e\u0432\u043d\u044b\u0435 \u0434\u0435\u0439\u0441\u0442\u0432\u0443\u044e\u0449\u0438\u0435 \u0438\u043d\u0433\u0440\u0435\u0434\u0438\u0435\u043d\u0442\u044b:<\/strong><\/p>\n<ul>\n<li>\u0422\u0430\u044e\u0449\u0430\u044f \u0444\u043e\u0440\u043c\u0443\u043b\u0430: \u041f\u0430\u0442\u0447\u0438 \u0441\u043e\u0441\u0442\u043e\u044f\u0442 \u043d\u0430 94,8% \u0438\u0437 \u043d\u0430\u0441\u0442\u043e\u044f\u0449\u0435\u0433\u043e \u043a\u043e\u043b\u043b\u0430\u0433\u0435\u043d\u0430 \u0438 \u0440\u0430\u0441\u0442\u0432\u043e\u0440\u044f\u044e\u0442\u0441\u044f \u043f\u0440\u0438 \u043a\u043e\u043d\u0442\u0430\u043a\u0442\u0435 \u0441 \u0432\u043b\u0430\u0433\u043e\u0439, \u043e\u0431\u0435\u0441\u043f\u0435\u0447\u0438\u0432\u0430\u044f \u043c\u0430\u043a\u0441\u0438\u043c\u0430\u043b\u044c\u043d\u043e\u0435 \u0432\u043f\u0438\u0442\u044b\u0432\u0430\u043d\u0438\u0435 \u0430\u043a\u0442\u0438\u0432\u043d\u044b\u0445 \u0438\u043d\u0433\u0440\u0435\u0434\u0438\u0435\u043d\u0442\u043e\u0432.<\/li>\n<li>\u0413\u043b\u0443\u0431\u043e\u043a\u043e\u0435 \u0443\u0432\u043b\u0430\u0436\u043d\u0435\u043d\u0438\u0435: \u0421\u043e\u0434\u0435\u0440\u0436\u0430\u0442 292 Da \u043d\u0430\u043d\u043e-\u043a\u043e\u043b\u043b\u0430\u0433\u0435\u043d \u0438 4 \u0442\u0438\u043f\u0430 \u0433\u0438\u0430\u043b\u0443\u0440\u043e\u043d\u043e\u0432\u043e\u0439 \u043a\u0438\u0441\u043b\u043e\u0442\u044b \u0434\u043b\u044f \u0433\u043b\u0443\u0431\u043e\u043a\u043e\u0433\u043e \u0443\u0432\u043b\u0430\u0436\u043d\u0435\u043d\u0438\u044f \u0441\u0443\u0445\u043e\u0439 \u043a\u043e\u0436\u0438.<\/li>\n<li>\u042d\u0444\u0444\u0435\u043a\u0442 \"glass skin\": \u041f\u043e\u043c\u043e\u0433\u0430\u044e\u0442 \u0434\u043e\u0441\u0442\u0438\u0447\u044c \u044d\u0444\u0444\u0435\u043a\u0442\u0430 \u0441\u0438\u044f\u044e\u0449\u0435\u0439, \u0443\u043f\u0440\u0443\u0433\u043e\u0439 \u043a\u043e\u0436\u0438 \u0431\u043b\u0430\u0433\u043e\u0434\u0430\u0440\u044f \u043a\u043e\u043b\u043b\u0430\u0433\u0435\u043d\u0443, \u043f\u0435\u043f\u0442\u0438\u0434\u0430\u043c \u0438 \u0430\u043d\u0442\u0438\u043e\u043a\u0441\u0438\u0434\u0430\u043d\u0442\u0430\u043c<\/li>\n<li>\u0426\u0435\u043b\u0435\u043d\u0430\u043f\u0440\u0430\u0432\u043b\u0435\u043d\u043d\u043e\u0435 \u0432\u043e\u0437\u0434\u0435\u0439\u0441\u0442\u0432\u0438\u0435: \u041c\u043e\u0433\u0443\u0442 \u043d\u0430\u043d\u043e\u0441\u0438\u0442\u044c\u0441\u044f \u043d\u0430 \u043f\u0440\u043e\u0431\u043b\u0435\u043c\u043d\u044b\u0435 \u0443\u0447\u0430\u0441\u0442\u043a\u0438, \u0442\u0430\u043a\u0438\u0435 \u043a\u0430\u043a \u043e\u0431\u043b\u0430\u0441\u0442\u044c \u0432\u043e\u043a\u0440\u0443\u0433 \u0433\u043b\u0430\u0437, \u043b\u043e\u0431 \u0438\u043b\u0438 \u0434\u0440\u0443\u0433\u0438\u0435 \u0437\u043e\u043d\u044b, \u043d\u0443\u0436\u0434\u0430\u044e\u0449\u0438\u0435\u0441\u044f \u0432 \u0443\u0432\u043b\u0430\u0436\u043d\u0435\u043d\u0438\u0438 \u0438 \u0443\u0445\u043e\u0434\u0435<\/li>\n<\/ul>\n<p><strong>\u0412 \u043a\u0430\u0436\u0434\u043e\u0439 \u043a\u043e\u0440\u043e\u0431\u043a\u0435 \u0435\u0441\u0442\u044c 3 \u043f\u043b\u0430\u0441\u0442\u044b\u0440\u044f \u0434\u043b\u044f \u043e\u0431\u043b\u0430\u0441\u0442\u0438 \u043b\u0431\u0430\/\u0448\u0435\u0438 \u0438 3 \u043f\u043b\u0430\u0441\u0442\u044b\u0440\u044f \u0434\u043b\u044f \u0433\u043b\u0430\u0437.<\/strong><\/p>\n<p><strong>\u0421\u043f\u043e\u0441\u043e\u0431 \u043f\u0440\u0438\u043c\u0435\u043d\u0435\u043d\u0438\u044f:<\/strong>\u041d\u0430\u043d\u0435\u0441\u0438\u0442\u0435 \u043f\u0430\u0442\u0447 \u043d\u0430 \u0447\u0438\u0441\u0442\u0443\u044e, \u0441\u043b\u0435\u0433\u043a\u0430 \u0432\u043b\u0430\u0436\u043d\u0443\u044e \u043a\u043e\u0436\u0443.\u041f\u0440\u0438\u043b\u043e\u0436\u0438\u0442\u0435 \u0431\u0435\u043b\u0443\u044e, \u043f\u043e\u043a\u0440\u044b\u0442\u0443\u044e \u043a\u043e\u043b\u043b\u0430\u0433\u0435\u043d\u043e\u043c \u0441\u0442\u043e\u0440\u043e\u043d\u0443 \u043f\u0430\u0442\u0447\u0430 \u043a \u043a\u043e\u0436\u0435.\n\u0423\u0434\u0430\u043b\u0438\u0442\u0435 \u0441\u0435\u0442\u0447\u0430\u0442\u0443\u044e \u043e\u0441\u043d\u043e\u0432\u0443 \u0438 \u0430\u043a\u043a\u0443\u0440\u0430\u0442\u043d\u043e \u043f\u043e\u043c\u0430\u0441\u0441\u0438\u0440\u0443\u0439\u0442\u0435 \u043a\u043e\u0436\u0443 \u0434\u043e \u043f\u043e\u043b\u043d\u043e\u0433\u043e \u0432\u043f\u0438\u0442\u044b\u0432\u0430\u043d\u0438\u044f.<\/p>\n<p><strong>\u0421\u043e\u0441\u0442\u0430\u0432: <\/strong>Collagen, Hydrolyzed Collagen, Glutathione, Sodium Hyaluronate, Propanediol, Butylene Glycol, 1,2-Hexanediol, Glycerin, Sodium Hyaluronate Crosspolymer, Hydrolyzed Glycosaminoglycans, Hyaluronic Acid, Tripeptide-1 , Pentapeptide-3 , Palmitoyl Tripeptide-5, Palmitoyl Tripeptide-1, Palmitoyl Tetrapeptide-7, Palmitoyl Pentapeptide-4 , Palmitoyl Hexapeptide-12 , Nonapeptide-1, Hydrolyzed Hyaluronic Acid , Hexapeptide-9, Dipeptide Diaminobutyroyl Benzylamide Diacetate , Copper Tripeptide-1, Acetyl Hexapeptide-8<\/p>\n<p>&nbsp;<\/p>","protected":false},"excerpt":{"rendered":"<p>Sungboon Editor Deep Collagen Melting Patch \u2013 \u044d\u0442\u043e \u0438\u043d\u043d\u043e\u0432\u0430\u0446\u0438\u043e\u043d\u043d\u044b\u0435 \u043f\u0430\u0442\u0447\u0438, \u043a\u043e\u0442\u043e\u0440\u044b\u0435 \u0440\u0430\u0441\u0442\u0432\u043e\u0440\u044f\u044e\u0442\u0441\u044f \u043d\u0430 \u043a\u043e\u0436\u0435 \u0438 \u0434\u043e\u0441\u0442\u0430\u0432\u043b\u044f\u044e\u0442 \u0433\u043b\u0443\u0431\u043e\u043a\u043e\u0435 \u0443\u0432\u043b\u0430\u0436\u043d\u0435\u043d\u0438\u0435 \u0431\u043b\u0430\u0433\u043e\u0434\u0430\u0440\u044f \u0432\u044b\u0441\u043e\u043a\u043e\u043c\u0443 \u0441\u043e\u0434\u0435\u0440\u0436\u0430\u043d\u0438\u044e \u043d\u0430\u0441\u0442\u043e\u044f\u0449\u0435\u0433\u043e \u043a\u043e\u043b\u043b\u0430\u0433\u0435\u043d\u0430 (706,696 ppm), \u0430 \u0442\u0430\u043a\u0436\u0435 12 \u0432\u0438\u0434\u043e\u0432 \u043f\u0435\u043f\u0442\u0438\u0434\u043e\u0432, 4 \u0432\u0438\u0434\u0430 \u0433\u0438\u0430\u043b\u0443\u0440\u043e\u043d\u043e\u0432\u043e\u0439 \u043a\u0438\u0441\u043b\u043e\u0442\u044b \u0438 \u0433\u043b\u0443\u0442\u0430\u0442\u0438\u043e\u043d\u0430.<\/p>","protected":false},"featured_media":25305,"comment_status":"open","ping_status":"closed","template":"","meta":{"site-sidebar-layout":"default","site-content-layout":"","ast-site-content-layout":"default","site-content-style":"default","site-sidebar-style":"default","ast-global-header-display":"","ast-banner-title-visibility":"","ast-main-header-display":"","ast-hfb-above-header-display":"","ast-hfb-below-header-display":"","ast-hfb-mobile-header-display":"","site-post-title":"","ast-breadcrumbs-content":"","ast-featured-img":"","footer-sml-layout":"","theme-transparent-header-meta":"default","adv-header-id-meta":"","stick-header-meta":"","header-above-stick-meta":"","header-main-stick-meta":"","header-below-stick-meta":"","astra-migrate-meta-layouts":"set","ast-page-background-enabled":"default","ast-page-background-meta":{"desktop":{"background-color":"var(--ast-global-color-4)","background-image":"","background-repeat":"repeat","background-position":"center center","background-size":"auto","background-attachment":"scroll","background-type":"","background-media":"","overlay-type":"","overlay-color":"","overlay-opacity":"","overlay-gradient":""},"tablet":{"background-color":"","background-image":"","background-repeat":"repeat","background-position":"center center","background-size":"auto","background-attachment":"scroll","background-type":"","background-media":"","overlay-type":"","overlay-color":"","overlay-opacity":"","overlay-gradient":""},"mobile":{"background-color":"","background-image":"","background-repeat":"repeat","background-position":"center center","background-size":"auto","background-attachment":"scroll","background-type":"","background-media":"","overlay-type":"","overlay-color":"","overlay-opacity":"","overlay-gradient":""}},"ast-content-background-meta":{"desktop":{"background-color":"var(--ast-global-color-5)","background-image":"","background-repeat":"repeat","background-position":"center center","background-size":"auto","background-attachment":"scroll","background-type":"","background-media":"","overlay-type":"","overlay-color":"","overlay-opacity":"","overlay-gradient":""},"tablet":{"background-color":"var(--ast-global-color-5)","background-image":"","background-repeat":"repeat","background-position":"center center","background-size":"auto","background-attachment":"scroll","background-type":"","background-media":"","overlay-type":"","overlay-color":"","overlay-opacity":"","overlay-gradient":""},"mobile":{"background-color":"var(--ast-global-color-5)","background-image":"","background-repeat":"repeat","background-position":"center center","background-size":"auto","background-attachment":"scroll","background-type":"","background-media":"","overlay-type":"","overlay-color":"","overlay-opacity":"","overlay-gradient":""}}},"product_brand":[],"product_cat":[324,315,326,327],"product_tag":[],"berocket_brand":[651],"class_list":{"0":"post-25304","1":"product","2":"type-product","3":"status-publish","4":"has-post-thumbnail","6":"product_cat-auduma","7":"product_cat-maskas","8":"product_cat-mitrinosas","9":"product_cat-patci","10":"berocket_brand-sungboon-editor","11":"desktop-align-left","12":"tablet-align-left","13":"mobile-align-left","15":"first","16":"outofstock","17":"taxable","18":"shipping-taxable","19":"purchasable","20":"product-type-simple","21":"add-to-wishlist-before_image"},"yoast_head":"<!-- This site is optimized with the Yoast SEO plugin v27.4 - https:\/\/yoast.com\/product\/yoast-seo-wordpress\/ -->\n<title>Sungboon Editor Deep Collagen Melting Patch 3+3 - FACECORNER<\/title>\n<meta name=\"description\" content=\"Sungboon Editor Deep Collagen Melting Patch ir inovat\u012bvi pl\u0101ksteri, kas izk\u016bst uz \u0101das un nodro\u0161ina dzi\u013cu mitrin\u0101\u0161anu\" \/>\n<meta name=\"robots\" content=\"index, follow, max-snippet:-1, max-image-preview:large, max-video-preview:-1\" \/>\n<link rel=\"canonical\" href=\"https:\/\/www.facecorner.lv\/ru\/shop\/sungboon-editor-deep-collagen-melting-patch-33\/\" \/>\n<meta property=\"og:locale\" content=\"ru_RU\" \/>\n<meta property=\"og:type\" content=\"article\" \/>\n<meta property=\"og:title\" content=\"Sungboon Editor Deep Collagen Melting Patch 3+3 - FACECORNER\" \/>\n<meta property=\"og:description\" content=\"Sungboon Editor Deep Collagen Melting Patch ir inovat\u012bvi pl\u0101ksteri, kas izk\u016bst uz \u0101das un nodro\u0161ina dzi\u013cu mitrin\u0101\u0161anu\" \/>\n<meta property=\"og:url\" content=\"https:\/\/www.facecorner.lv\/ru\/shop\/sungboon-editor-deep-collagen-melting-patch-33\/\" \/>\n<meta property=\"og:site_name\" content=\"FACECORNER\" \/>\n<meta property=\"article:publisher\" content=\"https:\/\/www.facebook.com\/profile.php?id=100063824551839\" \/>\n<meta property=\"article:modified_time\" content=\"2026-01-20T12:28:24+00:00\" \/>\n<meta property=\"og:image\" content=\"https:\/\/www.facecorner.lv\/wp-content\/uploads\/2025\/09\/rus_pl_Sungboon-Editor-Deep-Collagen-Melting-Patch-RASTVORIMYE-KOLLAGENOVYE-PATCHI-DLIA-LICA-3x0-28g-3x0-46g-24708_2.webp\" \/>\n\t<meta property=\"og:image:width\" content=\"1500\" \/>\n\t<meta property=\"og:image:height\" content=\"1500\" \/>\n\t<meta property=\"og:image:type\" content=\"image\/webp\" \/>\n<meta name=\"twitter:card\" content=\"summary_large_image\" \/>\n<meta name=\"twitter:label1\" content=\"\u0426\u0435\u043d\u0430\" \/>\n\t<meta name=\"twitter:data1\" content=\"&euro;25.00\" \/>\n\t<meta name=\"twitter:label2\" content=\"\u0414\u043e\u0441\u0442\u0443\u043f\u043d\u043e\u0441\u0442\u044c\" \/>\n\t<meta name=\"twitter:data2\" content=\"\u0420\u0430\u0441\u043f\u0440\u043e\u0434\u0430\u043d\u043e\" \/>\n<script type=\"application\/ld+json\" class=\"yoast-schema-graph\">{\"@context\":\"https:\\\/\\\/schema.org\",\"@graph\":[{\"@type\":\"WebPage\",\"@id\":\"https:\\\/\\\/www.facecorner.lv\\\/shop\\\/sungboon-editor-deep-collagen-melting-patch-33\\\/\",\"url\":\"https:\\\/\\\/www.facecorner.lv\\\/shop\\\/sungboon-editor-deep-collagen-melting-patch-33\\\/\",\"name\":\"Sungboon Editor Deep Collagen Melting Patch 3+3 - FACECORNER\",\"isPartOf\":{\"@id\":\"https:\\\/\\\/www.facecorner.lv\\\/#website\"},\"primaryImageOfPage\":{\"@id\":\"https:\\\/\\\/www.facecorner.lv\\\/shop\\\/sungboon-editor-deep-collagen-melting-patch-33\\\/#primaryimage\"},\"image\":{\"@id\":\"https:\\\/\\\/www.facecorner.lv\\\/shop\\\/sungboon-editor-deep-collagen-melting-patch-33\\\/#primaryimage\"},\"thumbnailUrl\":\"https:\\\/\\\/www.facecorner.lv\\\/wp-content\\\/uploads\\\/2025\\\/09\\\/rus_pl_Sungboon-Editor-Deep-Collagen-Melting-Patch-RASTVORIMYE-KOLLAGENOVYE-PATCHI-DLIA-LICA-3x0-28g-3x0-46g-24708_2.webp\",\"datePublished\":\"2025-09-18T11:18:23+00:00\",\"dateModified\":\"2026-01-20T12:28:24+00:00\",\"description\":\"Sungboon Editor Deep Collagen Melting Patch ir inovat\u012bvi pl\u0101ksteri, kas izk\u016bst uz \u0101das un nodro\u0161ina dzi\u013cu mitrin\u0101\u0161anu\",\"breadcrumb\":{\"@id\":\"https:\\\/\\\/www.facecorner.lv\\\/shop\\\/sungboon-editor-deep-collagen-melting-patch-33\\\/#breadcrumb\"},\"inLanguage\":\"ru-RU\",\"potentialAction\":[{\"@type\":\"ReadAction\",\"target\":[\"https:\\\/\\\/www.facecorner.lv\\\/shop\\\/sungboon-editor-deep-collagen-melting-patch-33\\\/\"]}]},{\"@type\":\"ImageObject\",\"inLanguage\":\"ru-RU\",\"@id\":\"https:\\\/\\\/www.facecorner.lv\\\/shop\\\/sungboon-editor-deep-collagen-melting-patch-33\\\/#primaryimage\",\"url\":\"https:\\\/\\\/www.facecorner.lv\\\/wp-content\\\/uploads\\\/2025\\\/09\\\/rus_pl_Sungboon-Editor-Deep-Collagen-Melting-Patch-RASTVORIMYE-KOLLAGENOVYE-PATCHI-DLIA-LICA-3x0-28g-3x0-46g-24708_2.webp\",\"contentUrl\":\"https:\\\/\\\/www.facecorner.lv\\\/wp-content\\\/uploads\\\/2025\\\/09\\\/rus_pl_Sungboon-Editor-Deep-Collagen-Melting-Patch-RASTVORIMYE-KOLLAGENOVYE-PATCHI-DLIA-LICA-3x0-28g-3x0-46g-24708_2.webp\",\"width\":1500,\"height\":1500,\"caption\":\"Sungboon Editor Deep Collagen Melting Patch i\"},{\"@type\":\"BreadcrumbList\",\"@id\":\"https:\\\/\\\/www.facecorner.lv\\\/shop\\\/sungboon-editor-deep-collagen-melting-patch-33\\\/#breadcrumb\",\"itemListElement\":[{\"@type\":\"ListItem\",\"position\":1,\"name\":\"Home\",\"item\":\"https:\\\/\\\/www.facecorner.lv\\\/\"},{\"@type\":\"ListItem\",\"position\":2,\"name\":\"Veikals\",\"item\":\"https:\\\/\\\/www.facecorner.lv\\\/shop\\\/\"},{\"@type\":\"ListItem\",\"position\":3,\"name\":\"Sungboon Editor Deep Collagen Melting Patch 3+3\"}]},{\"@type\":\"WebSite\",\"@id\":\"https:\\\/\\\/www.facecorner.lv\\\/#website\",\"url\":\"https:\\\/\\\/www.facecorner.lv\\\/\",\"name\":\"Facecorner\",\"description\":\"\",\"publisher\":{\"@id\":\"https:\\\/\\\/www.facecorner.lv\\\/#organization\"},\"potentialAction\":[{\"@type\":\"SearchAction\",\"target\":{\"@type\":\"EntryPoint\",\"urlTemplate\":\"https:\\\/\\\/www.facecorner.lv\\\/?s={search_term_string}\"},\"query-input\":{\"@type\":\"PropertyValueSpecification\",\"valueRequired\":true,\"valueName\":\"search_term_string\"}}],\"inLanguage\":\"ru-RU\"},{\"@type\":\"Organization\",\"@id\":\"https:\\\/\\\/www.facecorner.lv\\\/#organization\",\"name\":\"Facecorner\",\"url\":\"https:\\\/\\\/www.facecorner.lv\\\/\",\"logo\":{\"@type\":\"ImageObject\",\"inLanguage\":\"ru-RU\",\"@id\":\"https:\\\/\\\/www.facecorner.lv\\\/#\\\/schema\\\/logo\\\/image\\\/\",\"url\":\"https:\\\/\\\/www.facecorner.lv\\\/wp-content\\\/uploads\\\/2024\\\/04\\\/fc-logo.jpg\",\"contentUrl\":\"https:\\\/\\\/www.facecorner.lv\\\/wp-content\\\/uploads\\\/2024\\\/04\\\/fc-logo.jpg\",\"width\":174,\"height\":28,\"caption\":\"Facecorner\"},\"image\":{\"@id\":\"https:\\\/\\\/www.facecorner.lv\\\/#\\\/schema\\\/logo\\\/image\\\/\"},\"sameAs\":[\"https:\\\/\\\/www.facebook.com\\\/profile.php?id=100063824551839\",\"https:\\\/\\\/www.instagram.com\\\/facecorner_shop\\\/\"]}]}<\/script>\n<meta property=\"product:price:amount\" content=\"25.00\" \/>\n<meta property=\"product:price:currency\" content=\"EUR\" \/>\n<meta property=\"og:availability\" content=\"out of stock\" \/>\n<meta property=\"product:availability\" content=\"out of stock\" \/>\n<meta property=\"product:condition\" content=\"new\" \/>\n<!-- \/ Yoast SEO plugin. -->","yoast_head_json":{"title":"Sungboon Editor Deep Collagen Melting Patch 3+3 - FACECORNER","description":"Sungboon Editor Deep Collagen Melting Patch ir inovat\u012bvi pl\u0101ksteri, kas izk\u016bst uz \u0101das un nodro\u0161ina dzi\u013cu mitrin\u0101\u0161anu","robots":{"index":"index","follow":"follow","max-snippet":"max-snippet:-1","max-image-preview":"max-image-preview:large","max-video-preview":"max-video-preview:-1"},"canonical":"https:\/\/www.facecorner.lv\/ru\/shop\/sungboon-editor-deep-collagen-melting-patch-33\/","og_locale":"ru_RU","og_type":"article","og_title":"Sungboon Editor Deep Collagen Melting Patch 3+3 - FACECORNER","og_description":"Sungboon Editor Deep Collagen Melting Patch ir inovat\u012bvi pl\u0101ksteri, kas izk\u016bst uz \u0101das un nodro\u0161ina dzi\u013cu mitrin\u0101\u0161anu","og_url":"https:\/\/www.facecorner.lv\/ru\/shop\/sungboon-editor-deep-collagen-melting-patch-33\/","og_site_name":"FACECORNER","article_publisher":"https:\/\/www.facebook.com\/profile.php?id=100063824551839","article_modified_time":"2026-01-20T12:28:24+00:00","og_image":[{"width":1500,"height":1500,"url":"https:\/\/www.facecorner.lv\/wp-content\/uploads\/2025\/09\/rus_pl_Sungboon-Editor-Deep-Collagen-Melting-Patch-RASTVORIMYE-KOLLAGENOVYE-PATCHI-DLIA-LICA-3x0-28g-3x0-46g-24708_2.webp","type":"image\/webp"}],"twitter_card":"summary_large_image","twitter_misc":{"\u0426\u0435\u043d\u0430":"&euro;25.00","\u0414\u043e\u0441\u0442\u0443\u043f\u043d\u043e\u0441\u0442\u044c":"\u0420\u0430\u0441\u043f\u0440\u043e\u0434\u0430\u043d\u043e"},"schema":{"@context":"https:\/\/schema.org","@graph":[{"@type":"WebPage","@id":"https:\/\/www.facecorner.lv\/shop\/sungboon-editor-deep-collagen-melting-patch-33\/","url":"https:\/\/www.facecorner.lv\/shop\/sungboon-editor-deep-collagen-melting-patch-33\/","name":"Sungboon Editor Deep Collagen Melting Patch 3+3 - FACECORNER","isPartOf":{"@id":"https:\/\/www.facecorner.lv\/#website"},"primaryImageOfPage":{"@id":"https:\/\/www.facecorner.lv\/shop\/sungboon-editor-deep-collagen-melting-patch-33\/#primaryimage"},"image":{"@id":"https:\/\/www.facecorner.lv\/shop\/sungboon-editor-deep-collagen-melting-patch-33\/#primaryimage"},"thumbnailUrl":"https:\/\/www.facecorner.lv\/wp-content\/uploads\/2025\/09\/rus_pl_Sungboon-Editor-Deep-Collagen-Melting-Patch-RASTVORIMYE-KOLLAGENOVYE-PATCHI-DLIA-LICA-3x0-28g-3x0-46g-24708_2.webp","datePublished":"2025-09-18T11:18:23+00:00","dateModified":"2026-01-20T12:28:24+00:00","description":"Sungboon Editor Deep Collagen Melting Patch ir inovat\u012bvi pl\u0101ksteri, kas izk\u016bst uz \u0101das un nodro\u0161ina dzi\u013cu mitrin\u0101\u0161anu","breadcrumb":{"@id":"https:\/\/www.facecorner.lv\/shop\/sungboon-editor-deep-collagen-melting-patch-33\/#breadcrumb"},"inLanguage":"ru-RU","potentialAction":[{"@type":"ReadAction","target":["https:\/\/www.facecorner.lv\/shop\/sungboon-editor-deep-collagen-melting-patch-33\/"]}]},{"@type":"ImageObject","inLanguage":"ru-RU","@id":"https:\/\/www.facecorner.lv\/shop\/sungboon-editor-deep-collagen-melting-patch-33\/#primaryimage","url":"https:\/\/www.facecorner.lv\/wp-content\/uploads\/2025\/09\/rus_pl_Sungboon-Editor-Deep-Collagen-Melting-Patch-RASTVORIMYE-KOLLAGENOVYE-PATCHI-DLIA-LICA-3x0-28g-3x0-46g-24708_2.webp","contentUrl":"https:\/\/www.facecorner.lv\/wp-content\/uploads\/2025\/09\/rus_pl_Sungboon-Editor-Deep-Collagen-Melting-Patch-RASTVORIMYE-KOLLAGENOVYE-PATCHI-DLIA-LICA-3x0-28g-3x0-46g-24708_2.webp","width":1500,"height":1500,"caption":"Sungboon Editor Deep Collagen Melting Patch i"},{"@type":"BreadcrumbList","@id":"https:\/\/www.facecorner.lv\/shop\/sungboon-editor-deep-collagen-melting-patch-33\/#breadcrumb","itemListElement":[{"@type":"ListItem","position":1,"name":"Home","item":"https:\/\/www.facecorner.lv\/"},{"@type":"ListItem","position":2,"name":"Veikals","item":"https:\/\/www.facecorner.lv\/shop\/"},{"@type":"ListItem","position":3,"name":"Sungboon Editor Deep Collagen Melting Patch 3+3"}]},{"@type":"WebSite","@id":"https:\/\/www.facecorner.lv\/#website","url":"https:\/\/www.facecorner.lv\/","name":"Facecorner","description":"","publisher":{"@id":"https:\/\/www.facecorner.lv\/#organization"},"potentialAction":[{"@type":"SearchAction","target":{"@type":"EntryPoint","urlTemplate":"https:\/\/www.facecorner.lv\/?s={search_term_string}"},"query-input":{"@type":"PropertyValueSpecification","valueRequired":true,"valueName":"search_term_string"}}],"inLanguage":"ru-RU"},{"@type":"Organization","@id":"https:\/\/www.facecorner.lv\/#organization","name":"Facecorner","url":"https:\/\/www.facecorner.lv\/","logo":{"@type":"ImageObject","inLanguage":"ru-RU","@id":"https:\/\/www.facecorner.lv\/#\/schema\/logo\/image\/","url":"https:\/\/www.facecorner.lv\/wp-content\/uploads\/2024\/04\/fc-logo.jpg","contentUrl":"https:\/\/www.facecorner.lv\/wp-content\/uploads\/2024\/04\/fc-logo.jpg","width":174,"height":28,"caption":"Facecorner"},"image":{"@id":"https:\/\/www.facecorner.lv\/#\/schema\/logo\/image\/"},"sameAs":["https:\/\/www.facebook.com\/profile.php?id=100063824551839","https:\/\/www.instagram.com\/facecorner_shop\/"]}]},"product_price_amount":"25.00","product_price_currency":"EUR","og_availability":"out of stock","product_availability":"out of stock","product_condition":"new"},"_links":{"self":[{"href":"https:\/\/www.facecorner.lv\/ru\/wp-json\/wp\/v2\/product\/25304","targetHints":{"allow":["GET"]}}],"collection":[{"href":"https:\/\/www.facecorner.lv\/ru\/wp-json\/wp\/v2\/product"}],"about":[{"href":"https:\/\/www.facecorner.lv\/ru\/wp-json\/wp\/v2\/types\/product"}],"replies":[{"embeddable":true,"href":"https:\/\/www.facecorner.lv\/ru\/wp-json\/wp\/v2\/comments?post=25304"}],"wp:featuredmedia":[{"embeddable":true,"href":"https:\/\/www.facecorner.lv\/ru\/wp-json\/wp\/v2\/media\/25305"}],"wp:attachment":[{"href":"https:\/\/www.facecorner.lv\/ru\/wp-json\/wp\/v2\/media?parent=25304"}],"wp:term":[{"taxonomy":"product_brand","embeddable":true,"href":"https:\/\/www.facecorner.lv\/ru\/wp-json\/wp\/v2\/product_brand?post=25304"},{"taxonomy":"product_cat","embeddable":true,"href":"https:\/\/www.facecorner.lv\/ru\/wp-json\/wp\/v2\/product_cat?post=25304"},{"taxonomy":"product_tag","embeddable":true,"href":"https:\/\/www.facecorner.lv\/ru\/wp-json\/wp\/v2\/product_tag?post=25304"},{"taxonomy":"berocket_brand","embeddable":true,"href":"https:\/\/www.facecorner.lv\/ru\/wp-json\/wp\/v2\/berocket_brand?post=25304"}],"curies":[{"name":"wp","href":"https:\/\/api.w.org\/{rel}","templated":true}]}}