{"id":25272,"date":"2025-09-16T13:18:33","date_gmt":"2025-09-16T10:18:33","guid":{"rendered":"https:\/\/www.facecorner.lv\/?post_type=product&#038;p=25272"},"modified":"2026-02-19T10:42:13","modified_gmt":"2026-02-19T07:42:13","slug":"sejas-krems-ar-mikroadatinam-dr-melaxin-cemenrete-cyano-pink-spicule-cream-50-ml","status":"publish","type":"product","link":"https:\/\/www.facecorner.lv\/ru\/shop\/sejas-krems-ar-mikroadatinam-dr-melaxin-cemenrete-cyano-pink-spicule-cream-50-ml\/","title":{"rendered":"\u041a\u0440\u0435\u043c \u0434\u043b\u044f \u043b\u0438\u0446\u0430 \u0441 \u0431\u0438\u043e\u0441\u043f\u0438\u043a\u0443\u043b\u0430\u043c\u0438 \u0438 \u0432\u0438\u0442\u0430\u043c\u0438\u043d\u043e\u043c B12 Dr.Melaxin Cemenrete Cyano Pink Spicule Cream 50ml"},"content":{"rendered":"<p>\u041a\u0440\u0435\u043c \u0434\u043b\u044f \u043b\u0438\u0446\u0430 \u0441 \u043c\u0438\u043a\u0440\u043e\u2011\u0441\u043f\u0438\u043a\u0443\u043b\u0430\u043c\u0438 \u0438 \u0432\u0438\u0442\u0430\u043c\u0438\u043d\u043e\u043c B12, \u0440\u0430\u0437\u0440\u0430\u0431\u043e\u0442\u0430\u043d\u043d\u044b\u0439 \u0431\u0440\u0435\u043d\u0434\u043e\u043c Dr.Melaxin. \u0426\u0435\u043b\u044c \u2014 \u0432\u043e\u0441\u0441\u0442\u0430\u043d\u043e\u0432\u043b\u0435\u043d\u0438\u0435 \u043a\u043e\u0436\u0438, \u043e\u0441\u0432\u0435\u0442\u043b\u0435\u043d\u0438\u0435 \u0442\u0443\u0441\u043a\u043b\u043e\u0433\u043e \u043e\u0442\u0442\u0435\u043d\u043a\u0430, \u0443\u043b\u0443\u0447\u0448\u0435\u043d\u0438\u0435 \u0443\u043f\u0440\u0443\u0433\u043e\u0441\u0442\u0438 \u0438 \u043b\u0438\u0444\u0442\u0438\u043d\u0433\u2011\u044d\u0444\u0444\u0435\u043a\u0442.<\/p>\n<ul>\n<li>\u041a\u0440\u0435\u043c \u0434\u043b\u044f \u043b\u0438\u0446\u0430 \u0441 \u0431\u0438\u043e\u0441\u043f\u0438\u043a\u0443\u043b\u0430\u043c\u0438 \u0438 \u0432\u0438\u0442\u0430\u043c\u0438\u043d\u043e\u043c B12 Dr.MelaxinCemenrete Cyano Pink Spicule Cream \u044d\u0444\u0444\u0435\u043a\u0442\u0438\u0432\u0435\u043d \u0434\u043b\u044f \u043a\u043e\u0440\u0440\u0435\u043a\u0446\u0438\u0438 \u0432\u043e\u0437\u0440\u0430\u0441\u0442\u043d\u044b\u0445 \u0438\u0437\u043c\u0435\u043d\u0435\u043d\u0438\u0439: \u0441\u043f\u043e\u0441\u043e\u0431\u0441\u0442\u0432\u0443\u0435\u0442 \u0443\u043f\u043b\u043e\u0442\u043d\u0435\u043d\u0438\u044e \u043a\u043e\u0436\u0438, \u0441\u043e\u043a\u0440\u0430\u0449\u0435\u043d\u0438\u044e \u043c\u043e\u0440\u0449\u0438\u043d \u0438 \u0440\u0430\u0441\u0448\u0438\u0440\u0435\u043d\u043d\u044b\u0445 \u043f\u043e\u0440, \u0432\u044b\u0440\u0430\u0432\u043d\u0438\u0432\u0430\u0435\u0442 \u0442\u043e\u043d \u0438 \u043f\u043e\u0441\u0442\u0435\u043f\u0435\u043d\u043d\u043e \u043e\u0441\u0432\u0435\u0442\u043b\u044f\u0435\u0442 \u0433\u0438\u043f\u0435\u0440\u043f\u0438\u0433\u043c\u0435\u043d\u0442\u0430\u0446\u0438\u044e \u0437\u0430 \u0441\u0447\u0451\u0442 \u0434\u0435\u0439\u0441\u0442\u0432\u0438\u044f \u0431\u0438\u043e\u0441\u043f\u0438\u043a\u0443\u043b \u0438 \u043d\u0438\u0430\u0446\u0438\u043d\u0430\u043c\u0438\u0434\u0430.<\/li>\n<li>\u0412\u0438\u0442\u0430\u043c\u0438\u043d \u041212 (\u0446\u0438\u0430\u043d\u043e\u043a\u043e\u0431\u0430\u043b\u0430\u043c\u0438\u043d) \u0443\u0441\u043a\u043e\u0440\u044f\u0435\u0442 \u043f\u0440\u043e\u0446\u0435\u0441\u0441\u044b \u043a\u043b\u0435\u0442\u043e\u0447\u043d\u043e\u0433\u043e \u043e\u0431\u043d\u043e\u0432\u043b\u0435\u043d\u0438\u044f, \u0441\u043f\u043e\u0441\u043e\u0431\u0441\u0442\u0432\u0443\u0435\u0442 \u0443\u043c\u0435\u043d\u044c\u0448\u0435\u043d\u0438\u044e \u043c\u0438\u043c\u0438\u0447\u0435\u0441\u043a\u0438\u0445 \u043c\u043e\u0440\u0449\u0438\u043d, \u0441\u0443\u0436\u0430\u0435\u0442 \u043f\u043e\u0440\u044b, \u0443\u043a\u0440\u0435\u043f\u043b\u044f\u0435\u0442 \u0441\u0442\u0435\u043d\u043a\u0438 \u0441\u043e\u0441\u0443\u0434\u043e\u0432, \u0432\u044b\u0440\u0430\u0432\u043d\u0438\u0432\u0430\u0435\u0442 \u0442\u043e\u043d \u043a\u043e\u0436\u0438, \u0443\u0441\u0442\u0440\u0430\u043d\u044f\u044f \u0442\u0443\u0441\u043a\u043b\u044b\u0439 \u0437\u0435\u043c\u043b\u0438\u0441\u0442\u044b\u0439 \u043e\u0442\u0442\u0435\u043d\u043e\u043a.<\/li>\n<li>\u0412\u0438\u0442\u0430\u043c\u0438\u043d B3 (\u043d\u0438\u0430\u0446\u0438\u043d\u0430\u043c\u0438\u0434) \u0437\u0430\u043c\u0435\u0434\u043b\u044f\u0435\u0442 \u0434\u043e\u0441\u0442\u0430\u0432\u043a\u0443 \u043c\u0435\u043b\u0430\u043d\u0438\u043d\u0430 \u043a \u044d\u043f\u0438\u0434\u0435\u0440\u043c\u0438\u0441\u0443, \u0437\u0430 \u0441\u0447\u0451\u0442 \u0447\u0435\u0433\u043e \u043f\u0440\u0435\u0434\u043e\u0442\u0432\u0440\u0430\u0449\u0430\u0435\u0442 \u043e\u0431\u0440\u0430\u0437\u043e\u0432\u0430\u043d\u0438\u0435 \u043f\u0438\u0433\u043c\u0435\u043d\u0442\u043d\u044b\u0445 \u043f\u044f\u0442\u0435\u043d. \u0420\u0435\u0433\u0443\u043b\u0438\u0440\u0443\u0435\u0442 \u0432\u044b\u0440\u0430\u0431\u043e\u0442\u043a\u0443 \u0441\u0435\u0431\u0443\u043c\u0430, \u0443\u043c\u0435\u043d\u044c\u0448\u0430\u0435\u0442 \u0436\u0438\u0440\u043d\u044b\u0439 \u0431\u043b\u0435\u0441\u043a, \u0441\u0443\u0436\u0430\u0435\u0442 \u043f\u043e\u0440\u044b. \u0421\u043d\u0438\u0436\u0430\u0435\u0442 \u0447\u0443\u0432\u0441\u0442\u0432\u0438\u0442\u0435\u043b\u044c\u043d\u043e\u0441\u0442\u044c \u043a \u0432\u043d\u0435\u0448\u043d\u0438\u043c \u0440\u0430\u0437\u0434\u0440\u0430\u0436\u0438\u0442\u0435\u043b\u044f\u043c \u0438 \u043f\u043e\u0432\u044b\u0448\u0430\u0435\u0442 \u043b\u043e\u043a\u0430\u043b\u044c\u043d\u044b\u0439 \u0438\u043c\u043c\u0443\u043d\u0438\u0442\u0435\u0442.<\/li>\n<\/ul>\n<p>\u041f\u043e \u0442\u0435\u043a\u0441\u0442\u0443\u0440\u0435 \u043a\u0440\u0435\u043c \u043f\u043e\u0445\u043e\u0436 \u043d\u0430 \u0441\u043e\u0440\u0431\u0435\u0442, \u043d\u0430\u0441\u044b\u0449\u0435\u043d\u043d\u044b\u0439 \u0440\u043e\u0437\u043e\u0432\u044b\u0439 \u0446\u0432\u0435\u0442 \u0435\u043c\u0443 \u043f\u0440\u0438\u0434\u0430\u0435\u0442 \u0432\u044b\u0441\u043e\u043a\u0430\u044f \u043a\u043e\u043d\u0446\u0435\u043d\u0442\u0440\u0430\u0446\u0438\u044f \u0432\u0438\u0442\u0430\u043c\u0438\u043d\u0430 B12 (\u0446\u0438\u0430\u043d\u043e\u043a\u043e\u0431\u0430\u043b\u0430\u043c\u0438\u043d\u0430). \u041f\u0440\u0438 \u043d\u0430\u043d\u0435\u0441\u0435\u043d\u0438\u0438 \u043f\u0440\u043e\u0434\u0443\u043a\u0442 \u043d\u0435 \u043e\u0441\u0442\u0430\u0432\u043b\u044f\u0435\u0442 \u0441\u043b\u0435\u0434\u043e\u0432 \u0438 \u043d\u0435 \u043c\u0435\u043d\u044f\u0435\u0442 \u043e\u0442\u0442\u0435\u043d\u043e\u043a \u043a\u043e\u0436\u0438, \u0442\u0430\u043a \u043a\u0430\u043a \u043d\u0435 \u0441\u043e\u0434\u0435\u0440\u0436\u0438\u0442 \u0438\u0441\u043a\u0443\u0441\u0441\u0442\u0432\u0435\u043d\u043d\u044b\u0445 \u043a\u0440\u0430\u0441\u0438\u0442\u0435\u043b\u0435\u0439.<\/p>\n<p><strong>\u0421\u043f\u043e\u0441\u043e\u0431 \u043f\u0440\u0438\u043c\u0435\u043d\u0435\u043d\u0438\u044f:<\/strong> \u043f\u043e\u0441\u043b\u0435 \u043e\u0447\u0438\u0449\u0435\u043d\u0438\u044f, \u0442\u043e\u043d\u0438\u0437\u0438\u0440\u043e\u0432\u0430\u043d\u0438\u044f \u0438 \u0438\u0441\u043f\u043e\u043b\u044c\u0437\u043e\u0432\u0430\u043d\u0438\u044f \u0441\u044b\u0432\u043e\u0440\u043e\u0442\u043a\u0438 \u043d\u0430\u043d\u0435\u0441\u0438\u0442\u0435 \u043a\u0440\u0435\u043c \u043d\u0430 \u043b\u0438\u0446\u043e, \u0440\u0430\u0441\u043f\u0440\u0435\u0434\u0435\u043b\u0438\u0442\u0435 \u043f\u043e \u043a\u043e\u0436\u0435. \u0412 \u0434\u043d\u0435\u0432\u043d\u043e\u0435 \u0432\u0440\u0435\u043c\u044f \u0438\u0441\u043f\u043e\u043b\u044c\u0437\u0443\u0439\u0442\u0435 \u0441\u043e\u043b\u043d\u0446\u0435\u0437\u0430\u0449\u0438\u0442\u043d\u043e\u0435 \u0441\u0440\u0435\u0434\u0441\u0442\u0432\u043e SPF50+ PA++++.<\/p>\n<p><strong>\u0421\u043e\u0441\u0442\u0430\u0432:<\/strong> <span style=\"font-size: 16px;\">Water, Butylene Glycol, Propanediol, Glycerin, Cetyl Ethylhexanoate, Macadamia Integrifolia Seed Oil, Olea Europaea (Olive) Fruit Oil, 1,2-Hexanediol, Butyrospermum Parkii (Shea) Butter, Cetearyl Alcohol, Niacinamide, Polysorbate 60, Cyclopentasiloxane, Methyl HydrogenatedRosinate, Sorbitan Stearate, Glycereth-26, Glyceryl Stearate, PEG-100 Stearate, Cyclohexasiloxane, Ammonium Acryloyldimethyltaurate\/VP Copolymer, Cocos Nucifera (Coconut) Oil, Hydrogenated Lecithin, Polyacrylate-13, Polyisobutene, Ethylhexylglycerin, Polyglyceryl-4 Oleate, Hydrolyzed Sponge, Hydrolyzed Gardenia Florida Extract, Hydrolyzed Malt Extract, Adenosine, Hydrolyzed Viola Tricolor Extract, Cyanocobalamin, Polysorbate 20, Disodium EDTA, Sorbitan Isostearate, Sodium Hyaluronate, Sodium Glycerophosphate, Ammonium Polyacryloyldimethyl Taurate, Hyaluronic Acid, Hydrolyzed Hyaluronic Acid, Potassium Magnesium Aspartate, Calcium Gluconate, Magnesium Gluconate, Prunus Amygdalus Dulcis (Sweet Almond) Fruit Extract, Tremella Fuciformis (Mushroom) Extract, Tabebuia Impetiginosa Bark Extract, Collagen Extract, Hydrolyzed Elastin<\/span><\/p>\n<div class=\"product__components\"><\/div>\n<p>&nbsp;<\/p>","protected":false},"excerpt":{"rendered":"<p>\u041a\u0440\u0435\u043c \u0434\u043b\u044f \u043b\u0438\u0446\u0430 \u0441 \u043c\u0438\u043a\u0440\u043e\u2011\u0441\u043f\u0438\u043a\u0443\u043b\u0430\u043c\u0438 \u0438 \u0432\u0438\u0442\u0430\u043c\u0438\u043d\u043e\u043c B12, \u0440\u0430\u0437\u0440\u0430\u0431\u043e\u0442\u0430\u043d\u043d\u044b\u0439 \u0431\u0440\u0435\u043d\u0434\u043e\u043c Dr.Melaxin. \u0426\u0435\u043b\u044c \u2014 \u0432\u043e\u0441\u0441\u0442\u0430\u043d\u043e\u0432\u043b\u0435\u043d\u0438\u0435 \u043a\u043e\u0436\u0438, \u043e\u0441\u0432\u0435\u0442\u043b\u0435\u043d\u0438\u0435 \u0442\u0443\u0441\u043a\u043b\u043e\u0433\u043e \u043e\u0442\u0442\u0435\u043d\u043a\u0430, \u0443\u043b\u0443\u0447\u0448\u0435\u043d\u0438\u0435 \u0443\u043f\u0440\u0443\u0433\u043e\u0441\u0442\u0438 \u0438 \u043b\u0438\u0444\u0442\u0438\u043d\u0433\u2011\u044d\u0444\u0444\u0435\u043a\u0442.<\/p>","protected":false},"featured_media":25273,"comment_status":"open","ping_status":"closed","template":"","meta":{"site-sidebar-layout":"default","site-content-layout":"","ast-site-content-layout":"default","site-content-style":"default","site-sidebar-style":"default","ast-global-header-display":"","ast-banner-title-visibility":"","ast-main-header-display":"","ast-hfb-above-header-display":"","ast-hfb-below-header-display":"","ast-hfb-mobile-header-display":"","site-post-title":"","ast-breadcrumbs-content":"","ast-featured-img":"","footer-sml-layout":"","theme-transparent-header-meta":"default","adv-header-id-meta":"","stick-header-meta":"","header-above-stick-meta":"","header-main-stick-meta":"","header-below-stick-meta":"","astra-migrate-meta-layouts":"set","ast-page-background-enabled":"default","ast-page-background-meta":{"desktop":{"background-color":"var(--ast-global-color-4)","background-image":"","background-repeat":"repeat","background-position":"center center","background-size":"auto","background-attachment":"scroll","background-type":"","background-media":"","overlay-type":"","overlay-color":"","overlay-opacity":"","overlay-gradient":""},"tablet":{"background-color":"","background-image":"","background-repeat":"repeat","background-position":"center center","background-size":"auto","background-attachment":"scroll","background-type":"","background-media":"","overlay-type":"","overlay-color":"","overlay-opacity":"","overlay-gradient":""},"mobile":{"background-color":"","background-image":"","background-repeat":"repeat","background-position":"center center","background-size":"auto","background-attachment":"scroll","background-type":"","background-media":"","overlay-type":"","overlay-color":"","overlay-opacity":"","overlay-gradient":""}},"ast-content-background-meta":{"desktop":{"background-color":"var(--ast-global-color-5)","background-image":"","background-repeat":"repeat","background-position":"center center","background-size":"auto","background-attachment":"scroll","background-type":"","background-media":"","overlay-type":"","overlay-color":"","overlay-opacity":"","overlay-gradient":""},"tablet":{"background-color":"var(--ast-global-color-5)","background-image":"","background-repeat":"repeat","background-position":"center center","background-size":"auto","background-attachment":"scroll","background-type":"","background-media":"","overlay-type":"","overlay-color":"","overlay-opacity":"","overlay-gradient":""},"mobile":{"background-color":"var(--ast-global-color-5)","background-image":"","background-repeat":"repeat","background-position":"center center","background-size":"auto","background-attachment":"scroll","background-type":"","background-media":"","overlay-type":"","overlay-color":"","overlay-opacity":"","overlay-gradient":""}}},"product_brand":[],"product_cat":[366,368,362],"product_tag":[],"berocket_brand":[653],"class_list":{"0":"post-25272","1":"product","2":"type-product","3":"status-publish","4":"has-post-thumbnail","6":"product_cat-mitrinoss","7":"product_cat-pret-grumbam","8":"product_cat-sejas-krems","9":"berocket_brand-dr-melaxin","10":"desktop-align-left","11":"tablet-align-left","12":"mobile-align-left","14":"first","15":"outofstock","16":"taxable","17":"shipping-taxable","18":"purchasable","19":"product-type-simple","20":"add-to-wishlist-before_image"},"yoast_head":"<!-- This site is optimized with the Yoast SEO plugin v27.4 - https:\/\/yoast.com\/product\/yoast-seo-wordpress\/ -->\n<title>Sejas kr\u0113ms ar mikroadati\u0146\u0101m Dr.Melaxin Cemenrete Cyano Pink Spicule Cream 50 ml - FACECORNER<\/title>\n<meta name=\"description\" content=\"Dr.Melaxin Cemenrete Cyano Pink Spicule Cream\u00a0 sejas kr\u0113ms ar mikrospikul\u0101m un B12 vitam\u012bnu, izstr\u0101d\u0101ts z\u012bmola Dr.Melaxin. M\u0113r\u0137is \u2014 \u0101das atjauno\u0161ana\" \/>\n<meta name=\"robots\" content=\"index, follow, max-snippet:-1, max-image-preview:large, max-video-preview:-1\" \/>\n<link rel=\"canonical\" href=\"https:\/\/www.facecorner.lv\/ru\/shop\/sejas-krems-ar-mikroadatinam-dr-melaxin-cemenrete-cyano-pink-spicule-cream-50-ml\/\" \/>\n<meta property=\"og:locale\" content=\"ru_RU\" \/>\n<meta property=\"og:type\" content=\"article\" \/>\n<meta property=\"og:title\" content=\"Sejas kr\u0113ms ar mikroadati\u0146\u0101m Dr.Melaxin Cemenrete Cyano Pink Spicule Cream 50 ml - FACECORNER\" \/>\n<meta property=\"og:description\" content=\"Dr.Melaxin Cemenrete Cyano Pink Spicule Cream\u00a0 sejas kr\u0113ms ar mikrospikul\u0101m un B12 vitam\u012bnu, izstr\u0101d\u0101ts z\u012bmola Dr.Melaxin. M\u0113r\u0137is \u2014 \u0101das atjauno\u0161ana\" \/>\n<meta property=\"og:url\" content=\"https:\/\/www.facecorner.lv\/ru\/shop\/sejas-krems-ar-mikroadatinam-dr-melaxin-cemenrete-cyano-pink-spicule-cream-50-ml\/\" \/>\n<meta property=\"og:site_name\" content=\"FACECORNER\" \/>\n<meta property=\"article:publisher\" content=\"https:\/\/www.facebook.com\/profile.php?id=100063824551839\" \/>\n<meta property=\"article:modified_time\" content=\"2026-02-19T07:42:13+00:00\" \/>\n<meta property=\"og:image\" content=\"https:\/\/www.facecorner.lv\/wp-content\/uploads\/2025\/09\/527362000.webp\" \/>\n\t<meta property=\"og:image:width\" content=\"630\" \/>\n\t<meta property=\"og:image:height\" content=\"630\" \/>\n\t<meta property=\"og:image:type\" content=\"image\/webp\" \/>\n<meta name=\"twitter:card\" content=\"summary_large_image\" \/>\n<meta name=\"twitter:label1\" content=\"\u0426\u0435\u043d\u0430\" \/>\n\t<meta name=\"twitter:data1\" content=\"&euro;31.90\" \/>\n\t<meta name=\"twitter:label2\" content=\"\u0414\u043e\u0441\u0442\u0443\u043f\u043d\u043e\u0441\u0442\u044c\" \/>\n\t<meta name=\"twitter:data2\" content=\"\u0420\u0430\u0441\u043f\u0440\u043e\u0434\u0430\u043d\u043e\" \/>\n<script type=\"application\/ld+json\" class=\"yoast-schema-graph\">{\"@context\":\"https:\\\/\\\/schema.org\",\"@graph\":[{\"@type\":\"WebPage\",\"@id\":\"https:\\\/\\\/www.facecorner.lv\\\/shop\\\/sejas-krems-ar-mikroadatinam-dr-melaxin-cemenrete-cyano-pink-spicule-cream-50-ml\\\/\",\"url\":\"https:\\\/\\\/www.facecorner.lv\\\/shop\\\/sejas-krems-ar-mikroadatinam-dr-melaxin-cemenrete-cyano-pink-spicule-cream-50-ml\\\/\",\"name\":\"Sejas kr\u0113ms ar mikroadati\u0146\u0101m Dr.Melaxin Cemenrete Cyano Pink Spicule Cream 50 ml - FACECORNER\",\"isPartOf\":{\"@id\":\"https:\\\/\\\/www.facecorner.lv\\\/#website\"},\"primaryImageOfPage\":{\"@id\":\"https:\\\/\\\/www.facecorner.lv\\\/shop\\\/sejas-krems-ar-mikroadatinam-dr-melaxin-cemenrete-cyano-pink-spicule-cream-50-ml\\\/#primaryimage\"},\"image\":{\"@id\":\"https:\\\/\\\/www.facecorner.lv\\\/shop\\\/sejas-krems-ar-mikroadatinam-dr-melaxin-cemenrete-cyano-pink-spicule-cream-50-ml\\\/#primaryimage\"},\"thumbnailUrl\":\"https:\\\/\\\/www.facecorner.lv\\\/wp-content\\\/uploads\\\/2025\\\/09\\\/527362000.webp\",\"datePublished\":\"2025-09-16T10:18:33+00:00\",\"dateModified\":\"2026-02-19T07:42:13+00:00\",\"description\":\"Dr.Melaxin Cemenrete Cyano Pink Spicule Cream\u00a0 sejas kr\u0113ms ar mikrospikul\u0101m un B12 vitam\u012bnu, izstr\u0101d\u0101ts z\u012bmola Dr.Melaxin. M\u0113r\u0137is \u2014 \u0101das atjauno\u0161ana\",\"breadcrumb\":{\"@id\":\"https:\\\/\\\/www.facecorner.lv\\\/shop\\\/sejas-krems-ar-mikroadatinam-dr-melaxin-cemenrete-cyano-pink-spicule-cream-50-ml\\\/#breadcrumb\"},\"inLanguage\":\"ru-RU\",\"potentialAction\":[{\"@type\":\"ReadAction\",\"target\":[\"https:\\\/\\\/www.facecorner.lv\\\/shop\\\/sejas-krems-ar-mikroadatinam-dr-melaxin-cemenrete-cyano-pink-spicule-cream-50-ml\\\/\"]}]},{\"@type\":\"ImageObject\",\"inLanguage\":\"ru-RU\",\"@id\":\"https:\\\/\\\/www.facecorner.lv\\\/shop\\\/sejas-krems-ar-mikroadatinam-dr-melaxin-cemenrete-cyano-pink-spicule-cream-50-ml\\\/#primaryimage\",\"url\":\"https:\\\/\\\/www.facecorner.lv\\\/wp-content\\\/uploads\\\/2025\\\/09\\\/527362000.webp\",\"contentUrl\":\"https:\\\/\\\/www.facecorner.lv\\\/wp-content\\\/uploads\\\/2025\\\/09\\\/527362000.webp\",\"width\":630,\"height\":630,\"caption\":\"Dr.Melaxin Cemenrete Cyano Pink Spicule Cream\"},{\"@type\":\"BreadcrumbList\",\"@id\":\"https:\\\/\\\/www.facecorner.lv\\\/shop\\\/sejas-krems-ar-mikroadatinam-dr-melaxin-cemenrete-cyano-pink-spicule-cream-50-ml\\\/#breadcrumb\",\"itemListElement\":[{\"@type\":\"ListItem\",\"position\":1,\"name\":\"Home\",\"item\":\"https:\\\/\\\/www.facecorner.lv\\\/\"},{\"@type\":\"ListItem\",\"position\":2,\"name\":\"Veikals\",\"item\":\"https:\\\/\\\/www.facecorner.lv\\\/shop\\\/\"},{\"@type\":\"ListItem\",\"position\":3,\"name\":\"Sejas kr\u0113ms ar mikroadati\u0146\u0101m Dr.Melaxin Cemenrete Cyano Pink Spicule Cream 50 ml\"}]},{\"@type\":\"WebSite\",\"@id\":\"https:\\\/\\\/www.facecorner.lv\\\/#website\",\"url\":\"https:\\\/\\\/www.facecorner.lv\\\/\",\"name\":\"Facecorner\",\"description\":\"\",\"publisher\":{\"@id\":\"https:\\\/\\\/www.facecorner.lv\\\/#organization\"},\"potentialAction\":[{\"@type\":\"SearchAction\",\"target\":{\"@type\":\"EntryPoint\",\"urlTemplate\":\"https:\\\/\\\/www.facecorner.lv\\\/?s={search_term_string}\"},\"query-input\":{\"@type\":\"PropertyValueSpecification\",\"valueRequired\":true,\"valueName\":\"search_term_string\"}}],\"inLanguage\":\"ru-RU\"},{\"@type\":\"Organization\",\"@id\":\"https:\\\/\\\/www.facecorner.lv\\\/#organization\",\"name\":\"Facecorner\",\"url\":\"https:\\\/\\\/www.facecorner.lv\\\/\",\"logo\":{\"@type\":\"ImageObject\",\"inLanguage\":\"ru-RU\",\"@id\":\"https:\\\/\\\/www.facecorner.lv\\\/#\\\/schema\\\/logo\\\/image\\\/\",\"url\":\"https:\\\/\\\/www.facecorner.lv\\\/wp-content\\\/uploads\\\/2024\\\/04\\\/fc-logo.jpg\",\"contentUrl\":\"https:\\\/\\\/www.facecorner.lv\\\/wp-content\\\/uploads\\\/2024\\\/04\\\/fc-logo.jpg\",\"width\":174,\"height\":28,\"caption\":\"Facecorner\"},\"image\":{\"@id\":\"https:\\\/\\\/www.facecorner.lv\\\/#\\\/schema\\\/logo\\\/image\\\/\"},\"sameAs\":[\"https:\\\/\\\/www.facebook.com\\\/profile.php?id=100063824551839\",\"https:\\\/\\\/www.instagram.com\\\/facecorner_shop\\\/\"]}]}<\/script>\n<meta property=\"product:price:amount\" content=\"31.90\" \/>\n<meta property=\"product:price:currency\" content=\"EUR\" \/>\n<meta property=\"og:availability\" content=\"out of stock\" \/>\n<meta property=\"product:availability\" content=\"out of stock\" \/>\n<meta property=\"product:condition\" content=\"new\" \/>\n<!-- \/ Yoast SEO plugin. -->","yoast_head_json":{"title":"Sejas kr\u0113ms ar mikroadati\u0146\u0101m Dr.Melaxin Cemenrete Cyano Pink Spicule Cream 50 ml - FACECORNER","description":"Dr.Melaxin Cemenrete Cyano Pink Spicule Cream\u00a0 sejas kr\u0113ms ar mikrospikul\u0101m un B12 vitam\u012bnu, izstr\u0101d\u0101ts z\u012bmola Dr.Melaxin. M\u0113r\u0137is \u2014 \u0101das atjauno\u0161ana","robots":{"index":"index","follow":"follow","max-snippet":"max-snippet:-1","max-image-preview":"max-image-preview:large","max-video-preview":"max-video-preview:-1"},"canonical":"https:\/\/www.facecorner.lv\/ru\/shop\/sejas-krems-ar-mikroadatinam-dr-melaxin-cemenrete-cyano-pink-spicule-cream-50-ml\/","og_locale":"ru_RU","og_type":"article","og_title":"Sejas kr\u0113ms ar mikroadati\u0146\u0101m Dr.Melaxin Cemenrete Cyano Pink Spicule Cream 50 ml - FACECORNER","og_description":"Dr.Melaxin Cemenrete Cyano Pink Spicule Cream\u00a0 sejas kr\u0113ms ar mikrospikul\u0101m un B12 vitam\u012bnu, izstr\u0101d\u0101ts z\u012bmola Dr.Melaxin. M\u0113r\u0137is \u2014 \u0101das atjauno\u0161ana","og_url":"https:\/\/www.facecorner.lv\/ru\/shop\/sejas-krems-ar-mikroadatinam-dr-melaxin-cemenrete-cyano-pink-spicule-cream-50-ml\/","og_site_name":"FACECORNER","article_publisher":"https:\/\/www.facebook.com\/profile.php?id=100063824551839","article_modified_time":"2026-02-19T07:42:13+00:00","og_image":[{"width":630,"height":630,"url":"https:\/\/www.facecorner.lv\/wp-content\/uploads\/2025\/09\/527362000.webp","type":"image\/webp"}],"twitter_card":"summary_large_image","twitter_misc":{"\u0426\u0435\u043d\u0430":"&euro;31.90","\u0414\u043e\u0441\u0442\u0443\u043f\u043d\u043e\u0441\u0442\u044c":"\u0420\u0430\u0441\u043f\u0440\u043e\u0434\u0430\u043d\u043e"},"schema":{"@context":"https:\/\/schema.org","@graph":[{"@type":"WebPage","@id":"https:\/\/www.facecorner.lv\/shop\/sejas-krems-ar-mikroadatinam-dr-melaxin-cemenrete-cyano-pink-spicule-cream-50-ml\/","url":"https:\/\/www.facecorner.lv\/shop\/sejas-krems-ar-mikroadatinam-dr-melaxin-cemenrete-cyano-pink-spicule-cream-50-ml\/","name":"Sejas kr\u0113ms ar mikroadati\u0146\u0101m Dr.Melaxin Cemenrete Cyano Pink Spicule Cream 50 ml - FACECORNER","isPartOf":{"@id":"https:\/\/www.facecorner.lv\/#website"},"primaryImageOfPage":{"@id":"https:\/\/www.facecorner.lv\/shop\/sejas-krems-ar-mikroadatinam-dr-melaxin-cemenrete-cyano-pink-spicule-cream-50-ml\/#primaryimage"},"image":{"@id":"https:\/\/www.facecorner.lv\/shop\/sejas-krems-ar-mikroadatinam-dr-melaxin-cemenrete-cyano-pink-spicule-cream-50-ml\/#primaryimage"},"thumbnailUrl":"https:\/\/www.facecorner.lv\/wp-content\/uploads\/2025\/09\/527362000.webp","datePublished":"2025-09-16T10:18:33+00:00","dateModified":"2026-02-19T07:42:13+00:00","description":"Dr.Melaxin Cemenrete Cyano Pink Spicule Cream\u00a0 sejas kr\u0113ms ar mikrospikul\u0101m un B12 vitam\u012bnu, izstr\u0101d\u0101ts z\u012bmola Dr.Melaxin. M\u0113r\u0137is \u2014 \u0101das atjauno\u0161ana","breadcrumb":{"@id":"https:\/\/www.facecorner.lv\/shop\/sejas-krems-ar-mikroadatinam-dr-melaxin-cemenrete-cyano-pink-spicule-cream-50-ml\/#breadcrumb"},"inLanguage":"ru-RU","potentialAction":[{"@type":"ReadAction","target":["https:\/\/www.facecorner.lv\/shop\/sejas-krems-ar-mikroadatinam-dr-melaxin-cemenrete-cyano-pink-spicule-cream-50-ml\/"]}]},{"@type":"ImageObject","inLanguage":"ru-RU","@id":"https:\/\/www.facecorner.lv\/shop\/sejas-krems-ar-mikroadatinam-dr-melaxin-cemenrete-cyano-pink-spicule-cream-50-ml\/#primaryimage","url":"https:\/\/www.facecorner.lv\/wp-content\/uploads\/2025\/09\/527362000.webp","contentUrl":"https:\/\/www.facecorner.lv\/wp-content\/uploads\/2025\/09\/527362000.webp","width":630,"height":630,"caption":"Dr.Melaxin Cemenrete Cyano Pink Spicule Cream"},{"@type":"BreadcrumbList","@id":"https:\/\/www.facecorner.lv\/shop\/sejas-krems-ar-mikroadatinam-dr-melaxin-cemenrete-cyano-pink-spicule-cream-50-ml\/#breadcrumb","itemListElement":[{"@type":"ListItem","position":1,"name":"Home","item":"https:\/\/www.facecorner.lv\/"},{"@type":"ListItem","position":2,"name":"Veikals","item":"https:\/\/www.facecorner.lv\/shop\/"},{"@type":"ListItem","position":3,"name":"Sejas kr\u0113ms ar mikroadati\u0146\u0101m Dr.Melaxin Cemenrete Cyano Pink Spicule Cream 50 ml"}]},{"@type":"WebSite","@id":"https:\/\/www.facecorner.lv\/#website","url":"https:\/\/www.facecorner.lv\/","name":"Facecorner","description":"","publisher":{"@id":"https:\/\/www.facecorner.lv\/#organization"},"potentialAction":[{"@type":"SearchAction","target":{"@type":"EntryPoint","urlTemplate":"https:\/\/www.facecorner.lv\/?s={search_term_string}"},"query-input":{"@type":"PropertyValueSpecification","valueRequired":true,"valueName":"search_term_string"}}],"inLanguage":"ru-RU"},{"@type":"Organization","@id":"https:\/\/www.facecorner.lv\/#organization","name":"Facecorner","url":"https:\/\/www.facecorner.lv\/","logo":{"@type":"ImageObject","inLanguage":"ru-RU","@id":"https:\/\/www.facecorner.lv\/#\/schema\/logo\/image\/","url":"https:\/\/www.facecorner.lv\/wp-content\/uploads\/2024\/04\/fc-logo.jpg","contentUrl":"https:\/\/www.facecorner.lv\/wp-content\/uploads\/2024\/04\/fc-logo.jpg","width":174,"height":28,"caption":"Facecorner"},"image":{"@id":"https:\/\/www.facecorner.lv\/#\/schema\/logo\/image\/"},"sameAs":["https:\/\/www.facebook.com\/profile.php?id=100063824551839","https:\/\/www.instagram.com\/facecorner_shop\/"]}]},"product_price_amount":"31.90","product_price_currency":"EUR","og_availability":"out of stock","product_availability":"out of stock","product_condition":"new"},"_links":{"self":[{"href":"https:\/\/www.facecorner.lv\/ru\/wp-json\/wp\/v2\/product\/25272","targetHints":{"allow":["GET"]}}],"collection":[{"href":"https:\/\/www.facecorner.lv\/ru\/wp-json\/wp\/v2\/product"}],"about":[{"href":"https:\/\/www.facecorner.lv\/ru\/wp-json\/wp\/v2\/types\/product"}],"replies":[{"embeddable":true,"href":"https:\/\/www.facecorner.lv\/ru\/wp-json\/wp\/v2\/comments?post=25272"}],"wp:featuredmedia":[{"embeddable":true,"href":"https:\/\/www.facecorner.lv\/ru\/wp-json\/wp\/v2\/media\/25273"}],"wp:attachment":[{"href":"https:\/\/www.facecorner.lv\/ru\/wp-json\/wp\/v2\/media?parent=25272"}],"wp:term":[{"taxonomy":"product_brand","embeddable":true,"href":"https:\/\/www.facecorner.lv\/ru\/wp-json\/wp\/v2\/product_brand?post=25272"},{"taxonomy":"product_cat","embeddable":true,"href":"https:\/\/www.facecorner.lv\/ru\/wp-json\/wp\/v2\/product_cat?post=25272"},{"taxonomy":"product_tag","embeddable":true,"href":"https:\/\/www.facecorner.lv\/ru\/wp-json\/wp\/v2\/product_tag?post=25272"},{"taxonomy":"berocket_brand","embeddable":true,"href":"https:\/\/www.facecorner.lv\/ru\/wp-json\/wp\/v2\/berocket_brand?post=25272"}],"curies":[{"name":"wp","href":"https:\/\/api.w.org\/{rel}","templated":true}]}}