{"id":25238,"date":"2025-09-11T12:40:06","date_gmt":"2025-09-11T09:40:06","guid":{"rendered":"https:\/\/www.facecorner.lv\/?post_type=product&#038;p=25238"},"modified":"2026-01-16T13:55:55","modified_gmt":"2026-01-16T10:55:55","slug":"sejas-mazgasanas-putas-ar-pdrn-medicube-pdrn-pink-niacinamide-whip-cleanser-120ml","status":"publish","type":"product","link":"https:\/\/www.facecorner.lv\/ru\/shop\/sejas-mazgasanas-putas-ar-pdrn-medicube-pdrn-pink-niacinamide-whip-cleanser-120ml\/","title":{"rendered":"\u041f\u0435\u043d\u043a\u0430 \u0434\u043b\u044f \u0443\u043c\u044b\u0432\u0430\u043d\u0438\u044f \u0441 \u041f\u0414\u0420\u041d medicube PDRN Pink Niacinamide Whip Cleanser"},"content":{"rendered":"<p>\u0413\u043b\u0443\u0431\u043e\u043a\u043e \u043e\u0447\u0438\u0449\u0430\u044e\u0449\u0435\u0435, \u043d\u043e \u0431\u0435\u0440\u0435\u0436\u043d\u043e\u0435 \u0441\u0440\u0435\u0434\u0441\u0442\u0432\u043e \u0434\u043b\u044f \u0443\u043c\u044b\u0432\u0430\u043d\u0438\u044f, \u043a\u043e\u0442\u043e\u0440\u043e\u0435 \u0441\u043e\u0447\u0435\u0442\u0430\u0435\u0442 \u0432 \u0441\u0435\u0431\u0435 \u044d\u0444\u0444\u0435\u043a\u0442\u0438\u0432\u043d\u043e\u0441\u0442\u044c \u0438 \u0443\u0445\u043e\u0434.<\/p>\n<p>\u041f\u0435\u043d\u043a\u0430 \u0444\u043e\u0440\u043c\u0438\u0440\u0443\u0435\u0442 \u043f\u043b\u043e\u0442\u043d\u0443\u044e \u043a\u0440\u0435\u043c\u043e\u0432\u0443\u044e \u0442\u0435\u043a\u0441\u0442\u0443\u0440\u0443, \u043c\u044f\u0433\u043a\u043e \u0443\u0434\u0430\u043b\u044f\u044f \u0437\u0430\u0433\u0440\u044f\u0437\u043d\u0435\u043d\u0438\u044f, \u0438\u0437\u043b\u0438\u0448\u043a\u0438 \u0441\u0435\u0431\u0443\u043c\u0430 \u0438 \u043e\u0441\u0442\u0430\u0442\u043a\u0438 \u043c\u0430\u043a\u0438\u044f\u0436\u0430, \u043d\u0435 \u043d\u0430\u0440\u0443\u0448\u0430\u044f \u0437\u0430\u0449\u0438\u0442\u043d\u044b\u0439 \u0431\u0430\u0440\u044c\u0435\u0440 \u043a\u043e\u0436\u0438.<\/p>\n<p><strong>\u041e\u0441\u043d\u043e\u0432\u043d\u044b\u0435 \u0434\u0435\u0439\u0441\u0442\u0432\u0443\u044e\u0449\u0438\u0435 \u0438\u043d\u0433\u0440\u0435\u0434\u0438\u0435\u043d\u0442\u044b:<\/strong><\/p>\n<ul>\n<li>PDRN (99% \u0447\u0438\u0441\u0442\u043e\u0442\u044b) \u2013 \u044d\u043a\u0441\u0442\u0440\u0430\u043a\u0442 \u0414\u041d\u041a \u043b\u043e\u0441\u043e\u0441\u044f, \u0441\u0442\u0438\u043c\u0443\u043b\u0438\u0440\u0443\u0435\u0442 \u043e\u0431\u043d\u043e\u0432\u043b\u0435\u043d\u0438\u0435 \u043a\u043b\u0435\u0442\u043e\u043a \u0438 \u0432\u043e\u0441\u0441\u0442\u0430\u043d\u0430\u0432\u043b\u0438\u0432\u0430\u0435\u0442 \u043a\u043e\u0436\u0443 \u043d\u0430 \u0433\u043b\u0443\u0431\u043e\u043a\u043e\u043c \u0443\u0440\u043e\u0432\u043d\u0435.<\/li>\n<li>\u041d\u0438\u0430\u0446\u0438\u043d\u0430\u043c\u0438\u0434 (5%) \u2013 \u043e\u0441\u0432\u0435\u0442\u043b\u044f\u0435\u0442, \u0432\u044b\u0440\u0430\u0432\u043d\u0438\u0432\u0430\u0435\u0442 \u0442\u043e\u043d \u0438 \u0443\u043a\u0440\u0435\u043f\u043b\u044f\u0435\u0442 \u0437\u0430\u0449\u0438\u0442\u043d\u044b\u0439 \u0431\u0430\u0440\u044c\u0435\u0440.<\/li>\n<li>\u0426\u0435\u0440\u0430\u043c\u0438\u0434\u044b \u2013 \u0443\u0434\u0435\u0440\u0436\u0438\u0432\u0430\u044e\u0442 \u0432\u043b\u0430\u0433\u0443 \u0438 \u043f\u0440\u0435\u0434\u043e\u0442\u0432\u0440\u0430\u0449\u0430\u044e\u0442 \u043e\u0449\u0443\u0449\u0435\u043d\u0438\u0435 \u0441\u0442\u044f\u043d\u0443\u0442\u043e\u0441\u0442\u0438.<\/li>\n<li>\u0413\u0438\u0430\u043b\u0443\u0440\u043e\u043d\u043e\u0432\u0430\u044f \u043a\u0438\u0441\u043b\u043e\u0442\u0430 \u2013 \u0438\u043d\u0442\u0435\u043d\u0441\u0438\u0432\u043d\u043e\u0435 \u0443\u0432\u043b\u0430\u0436\u043d\u0435\u043d\u0438\u0435 \u0438 \u043c\u044f\u0433\u043a\u043e\u0441\u0442\u044c \u043a\u043e\u0436\u0438 \u043f\u043e\u0441\u043b\u0435 \u0443\u043c\u044b\u0432\u0430\u043d\u0438\u044f.<\/li>\n<li>\u041f\u0430\u043d\u0442\u0435\u043d\u043e\u043b, \u0430\u043b\u043b\u0430\u043d\u0442\u043e\u0438\u043d, \u0446\u0435\u043d\u0442\u0435\u043b\u043b\u0430 \u0430\u0437\u0438\u0430\u0442\u0441\u043a\u0430\u044f \u2013 \u0441\u043d\u0438\u043c\u0430\u044e\u0442 \u0440\u0430\u0437\u0434\u0440\u0430\u0436\u0435\u043d\u0438\u0435, \u0443\u0441\u043f\u043e\u043a\u0430\u0438\u0432\u0430\u044e\u0442 \u0438 \u0443\u043a\u0440\u0435\u043f\u043b\u044f\u044e\u0442 \u043a\u043e\u0436\u0443.<\/li>\n<li>\u0420\u0430\u0441\u0442\u0438\u0442\u0435\u043b\u044c\u043d\u044b\u0435 \u044d\u043a\u0441\u0442\u0440\u0430\u043a\u0442\u044b (\u043f\u0435\u0440\u0441\u0438\u043a, \u0433\u0440\u0443\u0448\u0430, \u0440\u043e\u0437\u0430, \u0440\u043e\u043c\u0430\u0448\u043a\u0430 \u0438 \u0434\u0440.) \u2013 \u043e\u0431\u0435\u0441\u043f\u0435\u0447\u0438\u0432\u0430\u044e\u0442 \u0434\u043e\u043f\u043e\u043b\u043d\u0438\u0442\u0435\u043b\u044c\u043d\u044b\u0439 \u0443\u0445\u043e\u0434 \u0438 \u043f\u0440\u0438\u044f\u0442\u043d\u044b\u0439 \u0430\u0440\u043e\u043c\u0430\u0442<\/li>\n<\/ul>\n<p><strong>\u041f\u0440\u0435\u0438\u043c\u0443\u0449\u0435\u0441\u0442\u0432\u0430<\/strong><\/p>\n<ul>\n<li>\u041d\u0435 \u0441\u0443\u0448\u0438\u0442 \u043a\u043e\u0436\u0443, \u043f\u043e\u0434\u0445\u043e\u0434\u0438\u0442 \u0434\u0430\u0436\u0435 \u0434\u043b\u044f \u0447\u0443\u0432\u0441\u0442\u0432\u0438\u0442\u0435\u043b\u044c\u043d\u043e\u0439.<\/li>\n<li>\u0423\u043b\u0443\u0447\u0448\u0430\u0435\u0442 \u0442\u043e\u043d \u0438 \u0442\u0435\u043a\u0441\u0442\u0443\u0440\u0443 \u043a\u043e\u0436\u0438 \u043f\u0440\u0438 \u0440\u0435\u0433\u0443\u043b\u044f\u0440\u043d\u043e\u043c \u0438\u0441\u043f\u043e\u043b\u044c\u0437\u043e\u0432\u0430\u043d\u0438\u0438.<\/li>\n<li>\u0418\u0434\u0435\u0430\u043b\u044c\u043d\u043e \u0441\u043e\u0447\u0435\u0442\u0430\u0435\u0442\u0441\u044f \u0441 \u0430\u043d\u0442\u0438\u0432\u043e\u0437\u0440\u0430\u0441\u0442\u043d\u044b\u043c \u0438 \u043e\u0441\u0432\u0435\u0442\u043b\u044f\u044e\u0449\u0438\u043c \u0443\u0445\u043e\u0434\u043e\u043c.<\/li>\n<li>\u041b\u0435\u0433\u043a\u0430\u044f \u0440\u043e\u0437\u043e\u0432\u0430\u044f \u0442\u0435\u043a\u0441\u0442\u0443\u0440\u0430 \u0438 \u043d\u0435\u0436\u043d\u044b\u0439 \u0430\u0440\u043e\u043c\u0430\u0442 \u043f\u0440\u0435\u0432\u0440\u0430\u0449\u0430\u044e\u0442 \u0443\u043c\u044b\u0432\u0430\u043d\u0438\u0435 \u0432 \u0441\u043f\u0430-\u0440\u0438\u0442\u0443\u0430\u043b.<\/li>\n<\/ul>\n<p><strong>\u0421\u043f\u043e\u0441\u043e\u0431 \u043f\u0440\u0438\u043c\u0435\u043d\u0435\u043d\u0438\u044f:<\/strong> \u041d\u0430\u043d\u0435\u0441\u0438\u0442\u0435 \u043d\u0435\u0431\u043e\u043b\u044c\u0448\u043e\u0435 \u043a\u043e\u043b\u0438\u0447\u0435\u0441\u0442\u0432\u043e \u043d\u0430 \u0432\u043b\u0430\u0436\u043d\u044b\u0435 \u043b\u0430\u0434\u043e\u043d\u0438, \u0432\u0441\u043f\u0435\u043d\u044c\u0442\u0435, \u043c\u0430\u0441\u0441\u0438\u0440\u0443\u0439\u0442\u0435 \u043a\u043e\u0436\u0443 \u043b\u0438\u0446\u0430 \u0438 \u0442\u0449\u0430\u0442\u0435\u043b\u044c\u043d\u043e \u0441\u043c\u043e\u0439\u0442\u0435 \u0442\u0435\u043f\u043b\u043e\u0439 \u0432\u043e\u0434\u043e\u0439. \u0418\u0441\u043f\u043e\u043b\u044c\u0437\u0443\u0439\u0442\u0435 \u0443\u0442\u0440\u043e\u043c \u0438 \u0432\u0435\u0447\u0435\u0440\u043e\u043c.<\/p>\n<p><strong>\u0421\u043e\u0441\u0442\u0430\u0432:<\/strong>: Water, Glycerin, Myristic Acid, Stearic Acid, Potassium Hydroxide, Lauric Acid, Niacinamide(20,000ppm), Glyceryl Stearate SE, Glycol Distearate, Palmitic Acid, Cocamidopropyl Betaine, Potassium Cocoyl Glycinate, Sodium Polyacrylate, Sorbitan Olivate, Sorbitol, Allantoin, Potassium Cocoate, Polyquaternium-10, Sodium Chloride, Polyquaternium-7, Butylene Glycol, Caprylyl Glycol, Acrylates\/C10-30 Alkyl Acrylate Crosspolymer, Tetrasodium EDTA, Anthemis Nobilis Flower Oil, Pyrus Communis (Pear) Fruit Extract, Rosa Damascena Flower Water, Prunus Persica (Peach) Fruit Extract, Thuja Orientalis Extract, Cyanocobalamin, Jasminum Officinale (Jasmine) Flower Water, Citrus Aurantium Amara (Bitter Orange) Flower Extract, Rosmarinus Officinalis (Rosemary) Leaf Oil, Cucumis Melo (Melon) Fruit Extract, Hedera Helix (Ivy) Leaf\/Stem Extract, 1,2-Hexanediol, Panthenol, Sodium DNA (50ppm), Sodium Benzoate, Coptis Chinensis Root Extract, Ethylhexylglycerin, Gluconolactone, Glutathione, Capryloyl Salicylic Acid, Salicylic Acid, Caprylic\/Capric Triglyceride, Adansonia Digitata Seed Oil, Hydrogenated Lecithin, Pentylene Glycol, Ceramide NP, Madecassoside, Corchorus Olitorius Leaf Extract, Carum Petroselinum (Parsley) Extract, Hibiscus Esculentus Fruit Extract, Decyl Glucoside, Dimethylsilanol Hyaluronate, Hydrolyzed Hyaluronic Acid, Hydrolyzed Sodium Hyaluronate, Sodium Hyaluronate, Potassium Hyaluronate, Hyaluronic Acid, Ceramide AS, Ceramide NS, Hydroxypropyltrimonium Hyaluronate, Sodium Hyaluronate Crosspolymer, Sodium Hyaluronate Dimethylsilanol, Ceramide AP, Ceramide EOP, Sodium Acetylated Hyaluronate<\/p>","protected":false},"excerpt":{"rendered":"<p>\u0413\u043b\u0443\u0431\u043e\u043a\u043e \u043e\u0447\u0438\u0449\u0430\u044e\u0449\u0435\u0435, \u043d\u043e \u0431\u0435\u0440\u0435\u0436\u043d\u043e\u0435 \u0441\u0440\u0435\u0434\u0441\u0442\u0432\u043e \u0434\u043b\u044f \u0443\u043c\u044b\u0432\u0430\u043d\u0438\u044f, \u043a\u043e\u0442\u043e\u0440\u043e\u0435 \u0441\u043e\u0447\u0435\u0442\u0430\u0435\u0442 \u0432 \u0441\u0435\u0431\u0435 \u044d\u0444\u0444\u0435\u043a\u0442\u0438\u0432\u043d\u043e\u0441\u0442\u044c \u0438 \u0443\u0445\u043e\u0434.<\/p>","protected":false},"featured_media":25239,"comment_status":"open","ping_status":"closed","template":"","meta":{"site-sidebar-layout":"default","site-content-layout":"","ast-site-content-layout":"default","site-content-style":"default","site-sidebar-style":"default","ast-global-header-display":"","ast-banner-title-visibility":"","ast-main-header-display":"","ast-hfb-above-header-display":"","ast-hfb-below-header-display":"","ast-hfb-mobile-header-display":"","site-post-title":"","ast-breadcrumbs-content":"","ast-featured-img":"","footer-sml-layout":"","theme-transparent-header-meta":"default","adv-header-id-meta":"","stick-header-meta":"","header-above-stick-meta":"","header-main-stick-meta":"","header-below-stick-meta":"","astra-migrate-meta-layouts":"set","ast-page-background-enabled":"default","ast-page-background-meta":{"desktop":{"background-color":"var(--ast-global-color-4)","background-image":"","background-repeat":"repeat","background-position":"center center","background-size":"auto","background-attachment":"scroll","background-type":"","background-media":"","overlay-type":"","overlay-color":"","overlay-opacity":"","overlay-gradient":""},"tablet":{"background-color":"","background-image":"","background-repeat":"repeat","background-position":"center center","background-size":"auto","background-attachment":"scroll","background-type":"","background-media":"","overlay-type":"","overlay-color":"","overlay-opacity":"","overlay-gradient":""},"mobile":{"background-color":"","background-image":"","background-repeat":"repeat","background-position":"center center","background-size":"auto","background-attachment":"scroll","background-type":"","background-media":"","overlay-type":"","overlay-color":"","overlay-opacity":"","overlay-gradient":""}},"ast-content-background-meta":{"desktop":{"background-color":"var(--ast-global-color-5)","background-image":"","background-repeat":"repeat","background-position":"center center","background-size":"auto","background-attachment":"scroll","background-type":"","background-media":"","overlay-type":"","overlay-color":"","overlay-opacity":"","overlay-gradient":""},"tablet":{"background-color":"var(--ast-global-color-5)","background-image":"","background-repeat":"repeat","background-position":"center center","background-size":"auto","background-attachment":"scroll","background-type":"","background-media":"","overlay-type":"","overlay-color":"","overlay-opacity":"","overlay-gradient":""},"mobile":{"background-color":"var(--ast-global-color-5)","background-image":"","background-repeat":"repeat","background-position":"center center","background-size":"auto","background-attachment":"scroll","background-type":"","background-media":"","overlay-type":"","overlay-color":"","overlay-opacity":"","overlay-gradient":""}}},"product_brand":[],"product_cat":[310,311,312,652,317],"product_tag":[],"berocket_brand":[579],"class_list":{"0":"post-25238","1":"product","2":"type-product","3":"status-publish","4":"has-post-thumbnail","6":"product_cat-attirisana","7":"product_cat-jutigai-adai-attirisana","8":"product_cat-kombinetai-adai-attirisana","9":"product_cat-pdrn","10":"product_cat-sausai-adai-attirisana","11":"berocket_brand-medicube","12":"desktop-align-left","13":"tablet-align-left","14":"mobile-align-left","16":"first","17":"outofstock","18":"taxable","19":"shipping-taxable","20":"purchasable","21":"product-type-simple","22":"add-to-wishlist-before_image"},"yoast_head":"<!-- This site is optimized with the Yoast SEO plugin v27.4 - https:\/\/yoast.com\/product\/yoast-seo-wordpress\/ -->\n<title>Sejas mazg\u0101\u0161anas putas ar PDRN medicube PDRN Pink Niacinamide Whip Cleanser 120ml - FACECORNER<\/title>\n<meta name=\"description\" content=\"Medicube PDRN Pink Niacinamide Whip Cleanser\u00a0 dzi\u013ci att\u012bro\u0161s, bet maigs sejas mazg\u0101\u0161anas l\u012bdzeklis, kas apvieno efektivit\u0101ti un kop\u0161anu.\" \/>\n<meta name=\"robots\" content=\"index, follow, max-snippet:-1, max-image-preview:large, max-video-preview:-1\" \/>\n<link rel=\"canonical\" href=\"https:\/\/www.facecorner.lv\/ru\/shop\/sejas-mazgasanas-putas-ar-pdrn-medicube-pdrn-pink-niacinamide-whip-cleanser-120ml\/\" \/>\n<meta property=\"og:locale\" content=\"ru_RU\" \/>\n<meta property=\"og:type\" content=\"article\" \/>\n<meta property=\"og:title\" content=\"Sejas mazg\u0101\u0161anas putas ar PDRN medicube PDRN Pink Niacinamide Whip Cleanser 120ml - FACECORNER\" \/>\n<meta property=\"og:description\" content=\"Medicube PDRN Pink Niacinamide Whip Cleanser\u00a0 dzi\u013ci att\u012bro\u0161s, bet maigs sejas mazg\u0101\u0161anas l\u012bdzeklis, kas apvieno efektivit\u0101ti un kop\u0161anu.\" \/>\n<meta property=\"og:url\" content=\"https:\/\/www.facecorner.lv\/ru\/shop\/sejas-mazgasanas-putas-ar-pdrn-medicube-pdrn-pink-niacinamide-whip-cleanser-120ml\/\" \/>\n<meta property=\"og:site_name\" content=\"FACECORNER\" \/>\n<meta property=\"article:publisher\" content=\"https:\/\/www.facebook.com\/profile.php?id=100063824551839\" \/>\n<meta property=\"article:modified_time\" content=\"2026-01-16T10:55:55+00:00\" \/>\n<meta property=\"og:image\" content=\"https:\/\/www.facecorner.lv\/wp-content\/uploads\/2025\/09\/68645d32890675434502c74a-medicube-pdrn-marshmallow-whip-cleanser.jpg\" \/>\n\t<meta property=\"og:image:width\" content=\"1500\" \/>\n\t<meta property=\"og:image:height\" content=\"1500\" \/>\n\t<meta property=\"og:image:type\" content=\"image\/jpeg\" \/>\n<meta name=\"twitter:card\" content=\"summary_large_image\" \/>\n<meta name=\"twitter:label1\" content=\"\u0426\u0435\u043d\u0430\" \/>\n\t<meta name=\"twitter:data1\" content=\"&euro;29.90\" \/>\n\t<meta name=\"twitter:label2\" content=\"\u0414\u043e\u0441\u0442\u0443\u043f\u043d\u043e\u0441\u0442\u044c\" \/>\n\t<meta name=\"twitter:data2\" content=\"\u0420\u0430\u0441\u043f\u0440\u043e\u0434\u0430\u043d\u043e\" \/>\n<script type=\"application\/ld+json\" class=\"yoast-schema-graph\">{\"@context\":\"https:\\\/\\\/schema.org\",\"@graph\":[{\"@type\":\"WebPage\",\"@id\":\"https:\\\/\\\/www.facecorner.lv\\\/shop\\\/sejas-mazgasanas-putas-ar-pdrn-medicube-pdrn-pink-niacinamide-whip-cleanser-120ml\\\/\",\"url\":\"https:\\\/\\\/www.facecorner.lv\\\/shop\\\/sejas-mazgasanas-putas-ar-pdrn-medicube-pdrn-pink-niacinamide-whip-cleanser-120ml\\\/\",\"name\":\"Sejas mazg\u0101\u0161anas putas ar PDRN medicube PDRN Pink Niacinamide Whip Cleanser 120ml - FACECORNER\",\"isPartOf\":{\"@id\":\"https:\\\/\\\/www.facecorner.lv\\\/#website\"},\"primaryImageOfPage\":{\"@id\":\"https:\\\/\\\/www.facecorner.lv\\\/shop\\\/sejas-mazgasanas-putas-ar-pdrn-medicube-pdrn-pink-niacinamide-whip-cleanser-120ml\\\/#primaryimage\"},\"image\":{\"@id\":\"https:\\\/\\\/www.facecorner.lv\\\/shop\\\/sejas-mazgasanas-putas-ar-pdrn-medicube-pdrn-pink-niacinamide-whip-cleanser-120ml\\\/#primaryimage\"},\"thumbnailUrl\":\"https:\\\/\\\/www.facecorner.lv\\\/wp-content\\\/uploads\\\/2025\\\/09\\\/68645d32890675434502c74a-medicube-pdrn-marshmallow-whip-cleanser.jpg\",\"datePublished\":\"2025-09-11T09:40:06+00:00\",\"dateModified\":\"2026-01-16T10:55:55+00:00\",\"description\":\"Medicube PDRN Pink Niacinamide Whip Cleanser\u00a0 dzi\u013ci att\u012bro\u0161s, bet maigs sejas mazg\u0101\u0161anas l\u012bdzeklis, kas apvieno efektivit\u0101ti un kop\u0161anu.\",\"breadcrumb\":{\"@id\":\"https:\\\/\\\/www.facecorner.lv\\\/shop\\\/sejas-mazgasanas-putas-ar-pdrn-medicube-pdrn-pink-niacinamide-whip-cleanser-120ml\\\/#breadcrumb\"},\"inLanguage\":\"ru-RU\",\"potentialAction\":[{\"@type\":\"ReadAction\",\"target\":[\"https:\\\/\\\/www.facecorner.lv\\\/shop\\\/sejas-mazgasanas-putas-ar-pdrn-medicube-pdrn-pink-niacinamide-whip-cleanser-120ml\\\/\"]}]},{\"@type\":\"ImageObject\",\"inLanguage\":\"ru-RU\",\"@id\":\"https:\\\/\\\/www.facecorner.lv\\\/shop\\\/sejas-mazgasanas-putas-ar-pdrn-medicube-pdrn-pink-niacinamide-whip-cleanser-120ml\\\/#primaryimage\",\"url\":\"https:\\\/\\\/www.facecorner.lv\\\/wp-content\\\/uploads\\\/2025\\\/09\\\/68645d32890675434502c74a-medicube-pdrn-marshmallow-whip-cleanser.jpg\",\"contentUrl\":\"https:\\\/\\\/www.facecorner.lv\\\/wp-content\\\/uploads\\\/2025\\\/09\\\/68645d32890675434502c74a-medicube-pdrn-marshmallow-whip-cleanser.jpg\",\"width\":1500,\"height\":1500,\"caption\":\"Medicube PDRN Pink Niacinamide Whip Cleanse\"},{\"@type\":\"BreadcrumbList\",\"@id\":\"https:\\\/\\\/www.facecorner.lv\\\/shop\\\/sejas-mazgasanas-putas-ar-pdrn-medicube-pdrn-pink-niacinamide-whip-cleanser-120ml\\\/#breadcrumb\",\"itemListElement\":[{\"@type\":\"ListItem\",\"position\":1,\"name\":\"Home\",\"item\":\"https:\\\/\\\/www.facecorner.lv\\\/\"},{\"@type\":\"ListItem\",\"position\":2,\"name\":\"Veikals\",\"item\":\"https:\\\/\\\/www.facecorner.lv\\\/shop\\\/\"},{\"@type\":\"ListItem\",\"position\":3,\"name\":\"Sejas mazg\u0101\u0161anas putas ar PDRN medicube PDRN Pink Niacinamide Whip Cleanser 120ml\"}]},{\"@type\":\"WebSite\",\"@id\":\"https:\\\/\\\/www.facecorner.lv\\\/#website\",\"url\":\"https:\\\/\\\/www.facecorner.lv\\\/\",\"name\":\"Facecorner\",\"description\":\"\",\"publisher\":{\"@id\":\"https:\\\/\\\/www.facecorner.lv\\\/#organization\"},\"potentialAction\":[{\"@type\":\"SearchAction\",\"target\":{\"@type\":\"EntryPoint\",\"urlTemplate\":\"https:\\\/\\\/www.facecorner.lv\\\/?s={search_term_string}\"},\"query-input\":{\"@type\":\"PropertyValueSpecification\",\"valueRequired\":true,\"valueName\":\"search_term_string\"}}],\"inLanguage\":\"ru-RU\"},{\"@type\":\"Organization\",\"@id\":\"https:\\\/\\\/www.facecorner.lv\\\/#organization\",\"name\":\"Facecorner\",\"url\":\"https:\\\/\\\/www.facecorner.lv\\\/\",\"logo\":{\"@type\":\"ImageObject\",\"inLanguage\":\"ru-RU\",\"@id\":\"https:\\\/\\\/www.facecorner.lv\\\/#\\\/schema\\\/logo\\\/image\\\/\",\"url\":\"https:\\\/\\\/www.facecorner.lv\\\/wp-content\\\/uploads\\\/2024\\\/04\\\/fc-logo.jpg\",\"contentUrl\":\"https:\\\/\\\/www.facecorner.lv\\\/wp-content\\\/uploads\\\/2024\\\/04\\\/fc-logo.jpg\",\"width\":174,\"height\":28,\"caption\":\"Facecorner\"},\"image\":{\"@id\":\"https:\\\/\\\/www.facecorner.lv\\\/#\\\/schema\\\/logo\\\/image\\\/\"},\"sameAs\":[\"https:\\\/\\\/www.facebook.com\\\/profile.php?id=100063824551839\",\"https:\\\/\\\/www.instagram.com\\\/facecorner_shop\\\/\"]}]}<\/script>\n<meta property=\"product:price:amount\" content=\"29.90\" \/>\n<meta property=\"product:price:currency\" content=\"EUR\" \/>\n<meta property=\"og:availability\" content=\"out of stock\" \/>\n<meta property=\"product:availability\" content=\"out of stock\" \/>\n<meta property=\"product:condition\" content=\"new\" \/>\n<!-- \/ Yoast SEO plugin. -->","yoast_head_json":{"title":"Sejas mazg\u0101\u0161anas putas ar PDRN medicube PDRN Pink Niacinamide Whip Cleanser 120ml - FACECORNER","description":"\u0413\u043b\u0443\u0431\u043e\u043a\u043e \u043e\u0447\u0438\u0449\u0430\u044e\u0449\u0435\u0435, \u043d\u043e \u0431\u0435\u0440\u0435\u0436\u043d\u043e\u0435 \u0441\u0440\u0435\u0434\u0441\u0442\u0432\u043e \u0434\u043b\u044f \u0443\u043c\u044b\u0432\u0430\u043d\u0438\u044f, \u043a\u043e\u0442\u043e\u0440\u043e\u0435 \u0441\u043e\u0447\u0435\u0442\u0430\u0435\u0442 \u0432 \u0441\u0435\u0431\u0435 \u044d\u0444\u0444\u0435\u043a\u0442\u0438\u0432\u043d\u043e\u0441\u0442\u044c \u0438 \u0443\u0445\u043e\u0434.","robots":{"index":"index","follow":"follow","max-snippet":"max-snippet:-1","max-image-preview":"max-image-preview:large","max-video-preview":"max-video-preview:-1"},"canonical":"https:\/\/www.facecorner.lv\/ru\/shop\/sejas-mazgasanas-putas-ar-pdrn-medicube-pdrn-pink-niacinamide-whip-cleanser-120ml\/","og_locale":"ru_RU","og_type":"article","og_title":"Sejas mazg\u0101\u0161anas putas ar PDRN medicube PDRN Pink Niacinamide Whip Cleanser 120ml - FACECORNER","og_description":"Medicube PDRN Pink Niacinamide Whip Cleanser\u00a0 dzi\u013ci att\u012bro\u0161s, bet maigs sejas mazg\u0101\u0161anas l\u012bdzeklis, kas apvieno efektivit\u0101ti un kop\u0161anu.","og_url":"https:\/\/www.facecorner.lv\/ru\/shop\/sejas-mazgasanas-putas-ar-pdrn-medicube-pdrn-pink-niacinamide-whip-cleanser-120ml\/","og_site_name":"FACECORNER","article_publisher":"https:\/\/www.facebook.com\/profile.php?id=100063824551839","article_modified_time":"2026-01-16T10:55:55+00:00","og_image":[{"width":1500,"height":1500,"url":"https:\/\/www.facecorner.lv\/wp-content\/uploads\/2025\/09\/68645d32890675434502c74a-medicube-pdrn-marshmallow-whip-cleanser.jpg","type":"image\/jpeg"}],"twitter_card":"summary_large_image","twitter_misc":{"\u0426\u0435\u043d\u0430":"&euro;29.90","\u0414\u043e\u0441\u0442\u0443\u043f\u043d\u043e\u0441\u0442\u044c":"\u0420\u0430\u0441\u043f\u0440\u043e\u0434\u0430\u043d\u043e"},"schema":{"@context":"https:\/\/schema.org","@graph":[{"@type":"WebPage","@id":"https:\/\/www.facecorner.lv\/shop\/sejas-mazgasanas-putas-ar-pdrn-medicube-pdrn-pink-niacinamide-whip-cleanser-120ml\/","url":"https:\/\/www.facecorner.lv\/shop\/sejas-mazgasanas-putas-ar-pdrn-medicube-pdrn-pink-niacinamide-whip-cleanser-120ml\/","name":"Sejas mazg\u0101\u0161anas putas ar PDRN medicube PDRN Pink Niacinamide Whip Cleanser 120ml - FACECORNER","isPartOf":{"@id":"https:\/\/www.facecorner.lv\/#website"},"primaryImageOfPage":{"@id":"https:\/\/www.facecorner.lv\/shop\/sejas-mazgasanas-putas-ar-pdrn-medicube-pdrn-pink-niacinamide-whip-cleanser-120ml\/#primaryimage"},"image":{"@id":"https:\/\/www.facecorner.lv\/shop\/sejas-mazgasanas-putas-ar-pdrn-medicube-pdrn-pink-niacinamide-whip-cleanser-120ml\/#primaryimage"},"thumbnailUrl":"https:\/\/www.facecorner.lv\/wp-content\/uploads\/2025\/09\/68645d32890675434502c74a-medicube-pdrn-marshmallow-whip-cleanser.jpg","datePublished":"2025-09-11T09:40:06+00:00","dateModified":"2026-01-16T10:55:55+00:00","description":"\u0413\u043b\u0443\u0431\u043e\u043a\u043e \u043e\u0447\u0438\u0449\u0430\u044e\u0449\u0435\u0435, \u043d\u043e \u0431\u0435\u0440\u0435\u0436\u043d\u043e\u0435 \u0441\u0440\u0435\u0434\u0441\u0442\u0432\u043e \u0434\u043b\u044f \u0443\u043c\u044b\u0432\u0430\u043d\u0438\u044f, \u043a\u043e\u0442\u043e\u0440\u043e\u0435 \u0441\u043e\u0447\u0435\u0442\u0430\u0435\u0442 \u0432 \u0441\u0435\u0431\u0435 \u044d\u0444\u0444\u0435\u043a\u0442\u0438\u0432\u043d\u043e\u0441\u0442\u044c \u0438 \u0443\u0445\u043e\u0434.","breadcrumb":{"@id":"https:\/\/www.facecorner.lv\/shop\/sejas-mazgasanas-putas-ar-pdrn-medicube-pdrn-pink-niacinamide-whip-cleanser-120ml\/#breadcrumb"},"inLanguage":"ru-RU","potentialAction":[{"@type":"ReadAction","target":["https:\/\/www.facecorner.lv\/shop\/sejas-mazgasanas-putas-ar-pdrn-medicube-pdrn-pink-niacinamide-whip-cleanser-120ml\/"]}]},{"@type":"ImageObject","inLanguage":"ru-RU","@id":"https:\/\/www.facecorner.lv\/shop\/sejas-mazgasanas-putas-ar-pdrn-medicube-pdrn-pink-niacinamide-whip-cleanser-120ml\/#primaryimage","url":"https:\/\/www.facecorner.lv\/wp-content\/uploads\/2025\/09\/68645d32890675434502c74a-medicube-pdrn-marshmallow-whip-cleanser.jpg","contentUrl":"https:\/\/www.facecorner.lv\/wp-content\/uploads\/2025\/09\/68645d32890675434502c74a-medicube-pdrn-marshmallow-whip-cleanser.jpg","width":1500,"height":1500,"caption":"Medicube PDRN Pink Niacinamide Whip Cleanse"},{"@type":"BreadcrumbList","@id":"https:\/\/www.facecorner.lv\/shop\/sejas-mazgasanas-putas-ar-pdrn-medicube-pdrn-pink-niacinamide-whip-cleanser-120ml\/#breadcrumb","itemListElement":[{"@type":"ListItem","position":1,"name":"Home","item":"https:\/\/www.facecorner.lv\/"},{"@type":"ListItem","position":2,"name":"Veikals","item":"https:\/\/www.facecorner.lv\/shop\/"},{"@type":"ListItem","position":3,"name":"Sejas mazg\u0101\u0161anas putas ar PDRN medicube PDRN Pink Niacinamide Whip Cleanser 120ml"}]},{"@type":"WebSite","@id":"https:\/\/www.facecorner.lv\/#website","url":"https:\/\/www.facecorner.lv\/","name":"Facecorner","description":"","publisher":{"@id":"https:\/\/www.facecorner.lv\/#organization"},"potentialAction":[{"@type":"SearchAction","target":{"@type":"EntryPoint","urlTemplate":"https:\/\/www.facecorner.lv\/?s={search_term_string}"},"query-input":{"@type":"PropertyValueSpecification","valueRequired":true,"valueName":"search_term_string"}}],"inLanguage":"ru-RU"},{"@type":"Organization","@id":"https:\/\/www.facecorner.lv\/#organization","name":"Facecorner","url":"https:\/\/www.facecorner.lv\/","logo":{"@type":"ImageObject","inLanguage":"ru-RU","@id":"https:\/\/www.facecorner.lv\/#\/schema\/logo\/image\/","url":"https:\/\/www.facecorner.lv\/wp-content\/uploads\/2024\/04\/fc-logo.jpg","contentUrl":"https:\/\/www.facecorner.lv\/wp-content\/uploads\/2024\/04\/fc-logo.jpg","width":174,"height":28,"caption":"Facecorner"},"image":{"@id":"https:\/\/www.facecorner.lv\/#\/schema\/logo\/image\/"},"sameAs":["https:\/\/www.facebook.com\/profile.php?id=100063824551839","https:\/\/www.instagram.com\/facecorner_shop\/"]}]},"product_price_amount":"29.90","product_price_currency":"EUR","og_availability":"out of stock","product_availability":"out of stock","product_condition":"new"},"_links":{"self":[{"href":"https:\/\/www.facecorner.lv\/ru\/wp-json\/wp\/v2\/product\/25238","targetHints":{"allow":["GET"]}}],"collection":[{"href":"https:\/\/www.facecorner.lv\/ru\/wp-json\/wp\/v2\/product"}],"about":[{"href":"https:\/\/www.facecorner.lv\/ru\/wp-json\/wp\/v2\/types\/product"}],"replies":[{"embeddable":true,"href":"https:\/\/www.facecorner.lv\/ru\/wp-json\/wp\/v2\/comments?post=25238"}],"wp:featuredmedia":[{"embeddable":true,"href":"https:\/\/www.facecorner.lv\/ru\/wp-json\/wp\/v2\/media\/25239"}],"wp:attachment":[{"href":"https:\/\/www.facecorner.lv\/ru\/wp-json\/wp\/v2\/media?parent=25238"}],"wp:term":[{"taxonomy":"product_brand","embeddable":true,"href":"https:\/\/www.facecorner.lv\/ru\/wp-json\/wp\/v2\/product_brand?post=25238"},{"taxonomy":"product_cat","embeddable":true,"href":"https:\/\/www.facecorner.lv\/ru\/wp-json\/wp\/v2\/product_cat?post=25238"},{"taxonomy":"product_tag","embeddable":true,"href":"https:\/\/www.facecorner.lv\/ru\/wp-json\/wp\/v2\/product_tag?post=25238"},{"taxonomy":"berocket_brand","embeddable":true,"href":"https:\/\/www.facecorner.lv\/ru\/wp-json\/wp\/v2\/berocket_brand?post=25238"}],"curies":[{"name":"wp","href":"https:\/\/api.w.org\/{rel}","templated":true}]}}