{"id":25220,"date":"2025-09-10T14:36:19","date_gmt":"2025-09-10T11:36:19","guid":{"rendered":"https:\/\/www.facecorner.lv\/?post_type=product&#038;p=25220"},"modified":"2025-10-06T12:12:04","modified_gmt":"2025-10-06T09:12:04","slug":"sungboon-editor-apple-peel-glow-skin-soothing-wash-off-mask-100g","status":"publish","type":"product","link":"https:\/\/www.facecorner.lv\/ru\/shop\/sungboon-editor-apple-peel-glow-skin-soothing-wash-off-mask-100g\/","title":{"rendered":"Sungboon Editor Apple Peel Glow Skin Soothing Wash-Off Mask 100g"},"content":{"rendered":"<p>Sungboon Editor Apple Peel Glow Skin Soothing Wash-Off Mask \u0441\u043c\u044b\u0432\u0430\u0435\u043c\u0430\u044f \u043c\u0430\u0441\u043a\u0430 \u0441 AHA-\u043a\u0438\u0441\u043b\u043e\u0442\u0430\u043c\u0438 \u0438 \u044d\u043a\u0441\u0442\u0440\u0430\u043a\u0442\u043e\u043c \u044f\u0431\u043b\u043e\u043a\u0430 \u0434\u043b\u044f \u0441\u0438\u044f\u043d\u0438\u044f \u0438 \u043c\u044f\u0433\u043a\u043e\u0433\u043e \u043e\u0431\u043d\u043e\u0432\u043b\u0435\u043d\u0438\u044f \u043a\u043e\u0436\u0438<\/p>\n<p>\u041e\u043d\u0430 \u0434\u0435\u043b\u0438\u043a\u0430\u0442\u043d\u043e \u043e\u0442\u0448\u0435\u043b\u0443\u0448\u0438\u0432\u0430\u0435\u0442 \u043e\u0440\u043e\u0433\u043e\u0432\u0435\u0432\u0448\u0438\u0435 \u043a\u043b\u0435\u0442\u043a\u0438 \u0441 \u043f\u043e\u043c\u043e\u0449\u044c\u044e AHA-\u043a\u0438\u0441\u043b\u043e\u0442 (\u0433\u043b\u0438\u043a\u043e\u043b\u0435\u0432\u0430\u044f, \u043c\u043e\u043b\u043e\u0447\u043d\u0430\u044f, \u044f\u0431\u043b\u043e\u0447\u043d\u0430\u044f \u0438 \u0434\u0440.), \u0432\u044b\u0440\u0430\u0432\u043d\u0438\u0432\u0430\u0435\u0442 \u0442\u043e\u043d \u043a\u043e\u0436\u0438 \u0438 \u0443\u043b\u0443\u0447\u0448\u0430\u0435\u0442 \u0435\u0451 \u0442\u0435\u043a\u0441\u0442\u0443\u0440\u0443.<\/p>\n<p>\u042d\u043a\u0441\u0442\u0440\u0430\u043a\u0442 \u044f\u0431\u043b\u043e\u043a\u0430, \u043d\u0438\u0430\u0446\u0438\u043d\u0430\u043c\u0438\u0434 \u0438 \u0443\u0441\u043f\u043e\u043a\u0430\u0438\u0432\u0430\u044e\u0449\u0438\u0435 \u043a\u043e\u043c\u043f\u043e\u043d\u0435\u043d\u0442\u044b (\u0446\u0435\u043d\u0442\u0435\u043b\u043b\u0430, \u043f\u0430\u043d\u0442\u0435\u043d\u043e\u043b, \u0430\u043b\u043b\u0430\u043d\u0442\u043e\u0438\u043d) \u043f\u043e\u043c\u043e\u0433\u0430\u044e\u0442 \u0432\u043e\u0441\u0441\u0442\u0430\u043d\u043e\u0432\u0438\u0442\u044c \u043a\u043e\u0436\u0443, \u0443\u0432\u043b\u0430\u0436\u043d\u044f\u044e\u0442 \u0438 \u043f\u0440\u0438\u0434\u0430\u044e\u0442 \u0435\u0439 \u0437\u0434\u043e\u0440\u043e\u0432\u044b\u0439, \u0441\u0432\u0435\u0436\u0438\u0439 \u0432\u0438\u0434. \u041f\u043e\u0434\u0445\u043e\u0434\u0438\u0442 \u0434\u0430\u0436\u0435 \u0434\u043b\u044f \u0447\u0443\u0432\u0441\u0442\u0432\u0438\u0442\u0435\u043b\u044c\u043d\u043e\u0439 \u043a\u043e\u0436\u0438 \u2014 \u0431\u0435\u0437 \u0447\u0443\u0432\u0441\u0442\u0432\u0430 \u0441\u0442\u044f\u043d\u0443\u0442\u043e\u0441\u0442\u0438 \u0438 \u0441\u0443\u0445\u043e\u0441\u0442\u0438.<\/p>\n<p><strong>\u041e\u0441\u043d\u043e\u0432\u043d\u044b\u0435 \u0434\u0435\u0439\u0441\u0442\u0432\u0443\u044e\u0449\u0438\u0435 \u0438\u043d\u0433\u0440\u0435\u0434\u0438\u0435\u043d\u0442\u044b:<\/strong><\/p>\n<ul>\n<li>\u00a0\u041c\u044f\u0433\u043a\u043e\u0435 \u043e\u0442\u0448\u0435\u043b\u0443\u0448\u0438\u0432\u0430\u043d\u0438\u0435 \u043d\u0430 \u043e\u0441\u043d\u043e\u0432\u0435 AHA-\u043a\u0438\u0441\u043b\u043e\u0442<\/li>\n<li>\u0423\u0441\u043f\u043e\u043a\u0430\u0438\u0432\u0430\u044e\u0449\u0438\u0439 \u0438 \u0432\u043e\u0441\u0441\u0442\u0430\u043d\u0430\u0432\u043b\u0438\u0432\u0430\u044e\u0449\u0438\u0439 \u044d\u0444\u0444\u0435\u043a\u0442<\/li>\n<li>\u0417\u0434\u043e\u0440\u043e\u0432\u043e\u0435 \u0441\u0438\u044f\u043d\u0438\u0435 \u0438 \u0433\u043b\u0430\u0434\u043a\u043e\u0441\u0442\u044c \u043a\u043e\u0436\u0438 \u043f\u043e\u0441\u043b\u0435 \u043f\u0440\u0438\u043c\u0435\u043d\u0435\u043d\u0438\u044f<\/li>\n<li>\u00a0\u0418\u043d\u0442\u0435\u043d\u0441\u0438\u0432\u043d\u043e\u0435 \u0443\u0432\u043b\u0430\u0436\u043d\u0435\u043d\u0438\u0435 \u0441 \u0433\u0438\u0430\u043b\u0443\u0440\u043e\u043d\u043e\u0432\u043e\u0439 \u043a\u0438\u0441\u043b\u043e\u0442\u043e\u0439 \u0438 \u0441\u043a\u0432\u0430\u043b\u0430\u043d\u043e\u043c<\/li>\n<li>\u00a0\u041f\u043e\u0434\u0445\u043e\u0434\u0438\u0442 \u0434\u043b\u044f \u0432\u0441\u0435\u0445 \u0442\u0438\u043f\u043e\u0432 \u043a\u043e\u0436\u0438, \u0432\u043a\u043b\u044e\u0447\u0430\u044f \u0447\u0443\u0432\u0441\u0442\u0432\u0438\u0442\u0435\u043b\u044c\u043d\u0443\u044e<\/li>\n<\/ul>\n<p><strong>\u0421\u043f\u043e\u0441\u043e\u0431 \u043f\u0440\u0438\u043c\u0435\u043d\u0435\u043d\u0438\u044f: <\/strong>\u041d\u0430\u043d\u0435\u0441\u0438\u0442\u0435 \u043c\u0430\u0441\u043a\u0443 \u043d\u0430 \u043e\u0447\u0438\u0449\u0435\u043d\u043d\u0443\u044e \u043a\u043e\u0436\u0443, \u0438\u0437\u0431\u0435\u0433\u0430\u044f \u043e\u0431\u043b\u0430\u0441\u0442\u0438 \u0432\u043e\u043a\u0440\u0443\u0433 \u0433\u043b\u0430\u0437 \u0438 \u0433\u0443\u0431. \u041e\u0441\u0442\u0430\u0432\u044c\u0442\u0435 \u043d\u0430 10\u201315 \u043c\u0438\u043d\u0443\u0442, \u0437\u0430\u0442\u0435\u043c \u0441\u043c\u043e\u0439\u0442\u0435 \u0442\u0451\u043f\u043b\u043e\u0439 \u0432\u043e\u0434\u043e\u0439. \u0418\u0441\u043f\u043e\u043b\u044c\u0437\u0443\u0439\u0442\u0435 1\u20132 \u0440\u0430\u0437\u0430 \u0432 \u043d\u0435\u0434\u0435\u043b\u044e \u0434\u043b\u044f \u043f\u043e\u0434\u0434\u0435\u0440\u0436\u0430\u043d\u0438\u044f \u0437\u0434\u043e\u0440\u043e\u0432\u043e\u0433\u043e \u0441\u0438\u044f\u043d\u0438\u044f \u043a\u043e\u0436\u0438.<\/p>\n<p><strong>\u0421\u043e\u0441\u0442\u0430\u0432:<\/strong> purified water , glycerin, butylene glycol, polyglycerin\u20113, ethanol, benzyl glycol, arginine, carbomer, rose of Provence flower extract, hibiscus flower extract, citric acid, C\u2081\u2082\u2011\u2081\u2083 pareth\u20119, ethylhexylglycerin, gluconolactone, mandelic acid, pentylene glycol, niacinamide, allantoin, propanediol, cyanocobalamin (\u0432\u0438\u0442\u0430\u043c\u0438\u043d B\u2081\u2082), sodium lactate, evening primrose oil, ginger extract, squalane, peppermint leaf extract, glycolic acid, hydrogenated lecithin, 1,2\u2011hexanediol, reishi mushroom stem extract, dipropylene glycol, hydrolyzed collagen, sucrose, urea, sodium citrate, cetearyl olivate, sorbitan olivate, centella asiatica extract, panthenol, Leuconostoc\/Radish Ferment Filtrate, malic acid, ceramide NP, cetearyl alcohol, tartaric acid, apple extract (500\u202fppb), cholesterol, phytosphingosine, hydrolyzed hyaluronic acid, hydrolyzed sodium hyaluronate, dimethylsilanol hyaluronate, sodium hyaluronate, hyaluronic acid, potassium hyaluronate, sodium hyaluronate crosspolymer, hydroxypropyltrimonium hyaluronate, sodium hyaluronate dimethylsilanol, sodium acetylated hyaluronate, ylang ylang flower oil.<\/p>","protected":false},"excerpt":{"rendered":"<p>Sungboon Editor Apple Peel Glow Skin Soothing Wash-Off Mask \u0441\u043c\u044b\u0432\u0430\u0435\u043c\u0430\u044f \u043c\u0430\u0441\u043a\u0430 \u0441 AHA-\u043a\u0438\u0441\u043b\u043e\u0442\u0430\u043c\u0438 \u0438 \u044d\u043a\u0441\u0442\u0440\u0430\u043a\u0442\u043e\u043c \u044f\u0431\u043b\u043e\u043a\u0430 \u0434\u043b\u044f \u0441\u0438\u044f\u043d\u0438\u044f \u0438 \u043c\u044f\u0433\u043a\u043e\u0433\u043e \u043e\u0431\u043d\u043e\u0432\u043b\u0435\u043d\u0438\u044f \u043a\u043e\u0436\u0438<\/p>","protected":false},"featured_media":25221,"comment_status":"open","ping_status":"closed","template":"","meta":{"site-sidebar-layout":"default","site-content-layout":"","ast-site-content-layout":"default","site-content-style":"default","site-sidebar-style":"default","ast-global-header-display":"","ast-banner-title-visibility":"","ast-main-header-display":"","ast-hfb-above-header-display":"","ast-hfb-below-header-display":"","ast-hfb-mobile-header-display":"","site-post-title":"","ast-breadcrumbs-content":"","ast-featured-img":"","footer-sml-layout":"","theme-transparent-header-meta":"default","adv-header-id-meta":"","stick-header-meta":"","header-above-stick-meta":"","header-main-stick-meta":"","header-below-stick-meta":"","astra-migrate-meta-layouts":"set","ast-page-background-enabled":"default","ast-page-background-meta":{"desktop":{"background-color":"var(--ast-global-color-4)","background-image":"","background-repeat":"repeat","background-position":"center center","background-size":"auto","background-attachment":"scroll","background-type":"","background-media":"","overlay-type":"","overlay-color":"","overlay-opacity":"","overlay-gradient":""},"tablet":{"background-color":"","background-image":"","background-repeat":"repeat","background-position":"center center","background-size":"auto","background-attachment":"scroll","background-type":"","background-media":"","overlay-type":"","overlay-color":"","overlay-opacity":"","overlay-gradient":""},"mobile":{"background-color":"","background-image":"","background-repeat":"repeat","background-position":"center center","background-size":"auto","background-attachment":"scroll","background-type":"","background-media":"","overlay-type":"","overlay-color":"","overlay-opacity":"","overlay-gradient":""}},"ast-content-background-meta":{"desktop":{"background-color":"var(--ast-global-color-5)","background-image":"","background-repeat":"repeat","background-position":"center center","background-size":"auto","background-attachment":"scroll","background-type":"","background-media":"","overlay-type":"","overlay-color":"","overlay-opacity":"","overlay-gradient":""},"tablet":{"background-color":"var(--ast-global-color-5)","background-image":"","background-repeat":"repeat","background-position":"center center","background-size":"auto","background-attachment":"scroll","background-type":"","background-media":"","overlay-type":"","overlay-color":"","overlay-opacity":"","overlay-gradient":""},"mobile":{"background-color":"var(--ast-global-color-5)","background-image":"","background-repeat":"repeat","background-position":"center center","background-size":"auto","background-attachment":"scroll","background-type":"","background-media":"","overlay-type":"","overlay-color":"","overlay-opacity":"","overlay-gradient":""}}},"product_brand":[],"product_cat":[316,315,326],"product_tag":[],"berocket_brand":[651],"class_list":{"0":"post-25220","1":"product","2":"type-product","3":"status-publish","4":"has-post-thumbnail","6":"product_cat-attirosas","7":"product_cat-maskas","8":"product_cat-mitrinosas","9":"berocket_brand-sungboon-editor","10":"desktop-align-left","11":"tablet-align-left","12":"mobile-align-left","14":"first","15":"instock","16":"taxable","17":"shipping-taxable","18":"purchasable","19":"product-type-simple","20":"add-to-wishlist-before_image"},"yoast_head":"<!-- This site is optimized with the Yoast SEO plugin v27.4 - https:\/\/yoast.com\/product\/yoast-seo-wordpress\/ -->\n<title>Sungboon Editor Apple Peel Glow Skin Soothing Wash-Off Mask 100g - FACECORNER<\/title>\n<meta name=\"description\" content=\"Sungboon Editor Apple Peel Glow Skin Soothing Wash-Off Mask\u00a0 noskalojama maska ar AHA sk\u0101b\u0113m un \u0101bolu ekstraktu, kas pie\u0161\u0137ir \u0101dai mirdzumu\" \/>\n<meta name=\"robots\" content=\"index, follow, max-snippet:-1, max-image-preview:large, max-video-preview:-1\" \/>\n<link rel=\"canonical\" href=\"https:\/\/www.facecorner.lv\/ru\/shop\/sungboon-editor-apple-peel-glow-skin-soothing-wash-off-mask-100g\/\" \/>\n<meta property=\"og:locale\" content=\"ru_RU\" \/>\n<meta property=\"og:type\" content=\"article\" \/>\n<meta property=\"og:title\" content=\"Sungboon Editor Apple Peel Glow Skin Soothing Wash-Off Mask 100g - FACECORNER\" \/>\n<meta property=\"og:description\" content=\"Sungboon Editor Apple Peel Glow Skin Soothing Wash-Off Mask\u00a0 noskalojama maska ar AHA sk\u0101b\u0113m un \u0101bolu ekstraktu, kas pie\u0161\u0137ir \u0101dai mirdzumu\" \/>\n<meta property=\"og:url\" content=\"https:\/\/www.facecorner.lv\/ru\/shop\/sungboon-editor-apple-peel-glow-skin-soothing-wash-off-mask-100g\/\" \/>\n<meta property=\"og:site_name\" content=\"FACECORNER\" \/>\n<meta property=\"article:publisher\" content=\"https:\/\/www.facebook.com\/profile.php?id=100063824551839\" \/>\n<meta property=\"article:modified_time\" content=\"2025-10-06T09:12:04+00:00\" \/>\n<meta property=\"og:image\" content=\"https:\/\/www.facecorner.lv\/wp-content\/uploads\/2025\/09\/1_ec8d6201-f50a-4b06-b1ba-a68e598f58f5.webp\" \/>\n\t<meta property=\"og:image:width\" content=\"1024\" \/>\n\t<meta property=\"og:image:height\" content=\"1024\" \/>\n\t<meta property=\"og:image:type\" content=\"image\/webp\" \/>\n<meta name=\"twitter:card\" content=\"summary_large_image\" \/>\n<meta name=\"twitter:label1\" content=\"\u0426\u0435\u043d\u0430\" \/>\n\t<meta name=\"twitter:data1\" content=\"&euro;21.00\" \/>\n\t<meta name=\"twitter:label2\" content=\"\u0414\u043e\u0441\u0442\u0443\u043f\u043d\u043e\u0441\u0442\u044c\" \/>\n\t<meta name=\"twitter:data2\" content=\"\u0412 \u043d\u0430\u043b\u0438\u0447\u0438\u0438\" \/>\n<script type=\"application\/ld+json\" class=\"yoast-schema-graph\">{\"@context\":\"https:\\\/\\\/schema.org\",\"@graph\":[{\"@type\":\"WebPage\",\"@id\":\"https:\\\/\\\/www.facecorner.lv\\\/shop\\\/sungboon-editor-apple-peel-glow-skin-soothing-wash-off-mask-100g\\\/\",\"url\":\"https:\\\/\\\/www.facecorner.lv\\\/shop\\\/sungboon-editor-apple-peel-glow-skin-soothing-wash-off-mask-100g\\\/\",\"name\":\"Sungboon Editor Apple Peel Glow Skin Soothing Wash-Off Mask 100g - FACECORNER\",\"isPartOf\":{\"@id\":\"https:\\\/\\\/www.facecorner.lv\\\/#website\"},\"primaryImageOfPage\":{\"@id\":\"https:\\\/\\\/www.facecorner.lv\\\/shop\\\/sungboon-editor-apple-peel-glow-skin-soothing-wash-off-mask-100g\\\/#primaryimage\"},\"image\":{\"@id\":\"https:\\\/\\\/www.facecorner.lv\\\/shop\\\/sungboon-editor-apple-peel-glow-skin-soothing-wash-off-mask-100g\\\/#primaryimage\"},\"thumbnailUrl\":\"https:\\\/\\\/www.facecorner.lv\\\/wp-content\\\/uploads\\\/2025\\\/09\\\/1_ec8d6201-f50a-4b06-b1ba-a68e598f58f5.webp\",\"datePublished\":\"2025-09-10T11:36:19+00:00\",\"dateModified\":\"2025-10-06T09:12:04+00:00\",\"description\":\"Sungboon Editor Apple Peel Glow Skin Soothing Wash-Off Mask\u00a0 noskalojama maska ar AHA sk\u0101b\u0113m un \u0101bolu ekstraktu, kas pie\u0161\u0137ir \u0101dai mirdzumu\",\"breadcrumb\":{\"@id\":\"https:\\\/\\\/www.facecorner.lv\\\/shop\\\/sungboon-editor-apple-peel-glow-skin-soothing-wash-off-mask-100g\\\/#breadcrumb\"},\"inLanguage\":\"ru-RU\",\"potentialAction\":[{\"@type\":\"ReadAction\",\"target\":[\"https:\\\/\\\/www.facecorner.lv\\\/shop\\\/sungboon-editor-apple-peel-glow-skin-soothing-wash-off-mask-100g\\\/\"]}]},{\"@type\":\"ImageObject\",\"inLanguage\":\"ru-RU\",\"@id\":\"https:\\\/\\\/www.facecorner.lv\\\/shop\\\/sungboon-editor-apple-peel-glow-skin-soothing-wash-off-mask-100g\\\/#primaryimage\",\"url\":\"https:\\\/\\\/www.facecorner.lv\\\/wp-content\\\/uploads\\\/2025\\\/09\\\/1_ec8d6201-f50a-4b06-b1ba-a68e598f58f5.webp\",\"contentUrl\":\"https:\\\/\\\/www.facecorner.lv\\\/wp-content\\\/uploads\\\/2025\\\/09\\\/1_ec8d6201-f50a-4b06-b1ba-a68e598f58f5.webp\",\"width\":1024,\"height\":1024,\"caption\":\"Sungboon Editor Apple Peel Glow Skin Soothing Wash-Off Mask\"},{\"@type\":\"BreadcrumbList\",\"@id\":\"https:\\\/\\\/www.facecorner.lv\\\/shop\\\/sungboon-editor-apple-peel-glow-skin-soothing-wash-off-mask-100g\\\/#breadcrumb\",\"itemListElement\":[{\"@type\":\"ListItem\",\"position\":1,\"name\":\"Home\",\"item\":\"https:\\\/\\\/www.facecorner.lv\\\/\"},{\"@type\":\"ListItem\",\"position\":2,\"name\":\"Veikals\",\"item\":\"https:\\\/\\\/www.facecorner.lv\\\/shop\\\/\"},{\"@type\":\"ListItem\",\"position\":3,\"name\":\"Sungboon Editor Apple Peel Glow Skin Soothing Wash-Off Mask 100g\"}]},{\"@type\":\"WebSite\",\"@id\":\"https:\\\/\\\/www.facecorner.lv\\\/#website\",\"url\":\"https:\\\/\\\/www.facecorner.lv\\\/\",\"name\":\"Facecorner\",\"description\":\"\",\"publisher\":{\"@id\":\"https:\\\/\\\/www.facecorner.lv\\\/#organization\"},\"potentialAction\":[{\"@type\":\"SearchAction\",\"target\":{\"@type\":\"EntryPoint\",\"urlTemplate\":\"https:\\\/\\\/www.facecorner.lv\\\/?s={search_term_string}\"},\"query-input\":{\"@type\":\"PropertyValueSpecification\",\"valueRequired\":true,\"valueName\":\"search_term_string\"}}],\"inLanguage\":\"ru-RU\"},{\"@type\":\"Organization\",\"@id\":\"https:\\\/\\\/www.facecorner.lv\\\/#organization\",\"name\":\"Facecorner\",\"url\":\"https:\\\/\\\/www.facecorner.lv\\\/\",\"logo\":{\"@type\":\"ImageObject\",\"inLanguage\":\"ru-RU\",\"@id\":\"https:\\\/\\\/www.facecorner.lv\\\/#\\\/schema\\\/logo\\\/image\\\/\",\"url\":\"https:\\\/\\\/www.facecorner.lv\\\/wp-content\\\/uploads\\\/2024\\\/04\\\/fc-logo.jpg\",\"contentUrl\":\"https:\\\/\\\/www.facecorner.lv\\\/wp-content\\\/uploads\\\/2024\\\/04\\\/fc-logo.jpg\",\"width\":174,\"height\":28,\"caption\":\"Facecorner\"},\"image\":{\"@id\":\"https:\\\/\\\/www.facecorner.lv\\\/#\\\/schema\\\/logo\\\/image\\\/\"},\"sameAs\":[\"https:\\\/\\\/www.facebook.com\\\/profile.php?id=100063824551839\",\"https:\\\/\\\/www.instagram.com\\\/facecorner_shop\\\/\"]}]}<\/script>\n<meta property=\"product:price:amount\" content=\"21.00\" \/>\n<meta property=\"product:price:currency\" content=\"EUR\" \/>\n<meta property=\"og:availability\" content=\"instock\" \/>\n<meta property=\"product:availability\" content=\"instock\" \/>\n<meta property=\"product:condition\" content=\"new\" \/>\n<!-- \/ Yoast SEO plugin. -->","yoast_head_json":{"title":"Sungboon Editor Apple Peel Glow Skin Soothing Wash-Off Mask 100g - FACECORNER","description":"Sungboon Editor Apple Peel Glow Skin Soothing Wash-Off Mask\u00a0 noskalojama maska ar AHA sk\u0101b\u0113m un \u0101bolu ekstraktu, kas pie\u0161\u0137ir \u0101dai mirdzumu","robots":{"index":"index","follow":"follow","max-snippet":"max-snippet:-1","max-image-preview":"max-image-preview:large","max-video-preview":"max-video-preview:-1"},"canonical":"https:\/\/www.facecorner.lv\/ru\/shop\/sungboon-editor-apple-peel-glow-skin-soothing-wash-off-mask-100g\/","og_locale":"ru_RU","og_type":"article","og_title":"Sungboon Editor Apple Peel Glow Skin Soothing Wash-Off Mask 100g - FACECORNER","og_description":"Sungboon Editor Apple Peel Glow Skin Soothing Wash-Off Mask\u00a0 noskalojama maska ar AHA sk\u0101b\u0113m un \u0101bolu ekstraktu, kas pie\u0161\u0137ir \u0101dai mirdzumu","og_url":"https:\/\/www.facecorner.lv\/ru\/shop\/sungboon-editor-apple-peel-glow-skin-soothing-wash-off-mask-100g\/","og_site_name":"FACECORNER","article_publisher":"https:\/\/www.facebook.com\/profile.php?id=100063824551839","article_modified_time":"2025-10-06T09:12:04+00:00","og_image":[{"width":1024,"height":1024,"url":"https:\/\/www.facecorner.lv\/wp-content\/uploads\/2025\/09\/1_ec8d6201-f50a-4b06-b1ba-a68e598f58f5.webp","type":"image\/webp"}],"twitter_card":"summary_large_image","twitter_misc":{"\u0426\u0435\u043d\u0430":"&euro;21.00","\u0414\u043e\u0441\u0442\u0443\u043f\u043d\u043e\u0441\u0442\u044c":"\u0412 \u043d\u0430\u043b\u0438\u0447\u0438\u0438"},"schema":{"@context":"https:\/\/schema.org","@graph":[{"@type":"WebPage","@id":"https:\/\/www.facecorner.lv\/shop\/sungboon-editor-apple-peel-glow-skin-soothing-wash-off-mask-100g\/","url":"https:\/\/www.facecorner.lv\/shop\/sungboon-editor-apple-peel-glow-skin-soothing-wash-off-mask-100g\/","name":"Sungboon Editor Apple Peel Glow Skin Soothing Wash-Off Mask 100g - FACECORNER","isPartOf":{"@id":"https:\/\/www.facecorner.lv\/#website"},"primaryImageOfPage":{"@id":"https:\/\/www.facecorner.lv\/shop\/sungboon-editor-apple-peel-glow-skin-soothing-wash-off-mask-100g\/#primaryimage"},"image":{"@id":"https:\/\/www.facecorner.lv\/shop\/sungboon-editor-apple-peel-glow-skin-soothing-wash-off-mask-100g\/#primaryimage"},"thumbnailUrl":"https:\/\/www.facecorner.lv\/wp-content\/uploads\/2025\/09\/1_ec8d6201-f50a-4b06-b1ba-a68e598f58f5.webp","datePublished":"2025-09-10T11:36:19+00:00","dateModified":"2025-10-06T09:12:04+00:00","description":"Sungboon Editor Apple Peel Glow Skin Soothing Wash-Off Mask\u00a0 noskalojama maska ar AHA sk\u0101b\u0113m un \u0101bolu ekstraktu, kas pie\u0161\u0137ir \u0101dai mirdzumu","breadcrumb":{"@id":"https:\/\/www.facecorner.lv\/shop\/sungboon-editor-apple-peel-glow-skin-soothing-wash-off-mask-100g\/#breadcrumb"},"inLanguage":"ru-RU","potentialAction":[{"@type":"ReadAction","target":["https:\/\/www.facecorner.lv\/shop\/sungboon-editor-apple-peel-glow-skin-soothing-wash-off-mask-100g\/"]}]},{"@type":"ImageObject","inLanguage":"ru-RU","@id":"https:\/\/www.facecorner.lv\/shop\/sungboon-editor-apple-peel-glow-skin-soothing-wash-off-mask-100g\/#primaryimage","url":"https:\/\/www.facecorner.lv\/wp-content\/uploads\/2025\/09\/1_ec8d6201-f50a-4b06-b1ba-a68e598f58f5.webp","contentUrl":"https:\/\/www.facecorner.lv\/wp-content\/uploads\/2025\/09\/1_ec8d6201-f50a-4b06-b1ba-a68e598f58f5.webp","width":1024,"height":1024,"caption":"Sungboon Editor Apple Peel Glow Skin Soothing Wash-Off Mask"},{"@type":"BreadcrumbList","@id":"https:\/\/www.facecorner.lv\/shop\/sungboon-editor-apple-peel-glow-skin-soothing-wash-off-mask-100g\/#breadcrumb","itemListElement":[{"@type":"ListItem","position":1,"name":"Home","item":"https:\/\/www.facecorner.lv\/"},{"@type":"ListItem","position":2,"name":"Veikals","item":"https:\/\/www.facecorner.lv\/shop\/"},{"@type":"ListItem","position":3,"name":"Sungboon Editor Apple Peel Glow Skin Soothing Wash-Off Mask 100g"}]},{"@type":"WebSite","@id":"https:\/\/www.facecorner.lv\/#website","url":"https:\/\/www.facecorner.lv\/","name":"Facecorner","description":"","publisher":{"@id":"https:\/\/www.facecorner.lv\/#organization"},"potentialAction":[{"@type":"SearchAction","target":{"@type":"EntryPoint","urlTemplate":"https:\/\/www.facecorner.lv\/?s={search_term_string}"},"query-input":{"@type":"PropertyValueSpecification","valueRequired":true,"valueName":"search_term_string"}}],"inLanguage":"ru-RU"},{"@type":"Organization","@id":"https:\/\/www.facecorner.lv\/#organization","name":"Facecorner","url":"https:\/\/www.facecorner.lv\/","logo":{"@type":"ImageObject","inLanguage":"ru-RU","@id":"https:\/\/www.facecorner.lv\/#\/schema\/logo\/image\/","url":"https:\/\/www.facecorner.lv\/wp-content\/uploads\/2024\/04\/fc-logo.jpg","contentUrl":"https:\/\/www.facecorner.lv\/wp-content\/uploads\/2024\/04\/fc-logo.jpg","width":174,"height":28,"caption":"Facecorner"},"image":{"@id":"https:\/\/www.facecorner.lv\/#\/schema\/logo\/image\/"},"sameAs":["https:\/\/www.facebook.com\/profile.php?id=100063824551839","https:\/\/www.instagram.com\/facecorner_shop\/"]}]},"product_price_amount":"21.00","product_price_currency":"EUR","og_availability":"instock","product_availability":"instock","product_condition":"new"},"_links":{"self":[{"href":"https:\/\/www.facecorner.lv\/ru\/wp-json\/wp\/v2\/product\/25220","targetHints":{"allow":["GET"]}}],"collection":[{"href":"https:\/\/www.facecorner.lv\/ru\/wp-json\/wp\/v2\/product"}],"about":[{"href":"https:\/\/www.facecorner.lv\/ru\/wp-json\/wp\/v2\/types\/product"}],"replies":[{"embeddable":true,"href":"https:\/\/www.facecorner.lv\/ru\/wp-json\/wp\/v2\/comments?post=25220"}],"wp:featuredmedia":[{"embeddable":true,"href":"https:\/\/www.facecorner.lv\/ru\/wp-json\/wp\/v2\/media\/25221"}],"wp:attachment":[{"href":"https:\/\/www.facecorner.lv\/ru\/wp-json\/wp\/v2\/media?parent=25220"}],"wp:term":[{"taxonomy":"product_brand","embeddable":true,"href":"https:\/\/www.facecorner.lv\/ru\/wp-json\/wp\/v2\/product_brand?post=25220"},{"taxonomy":"product_cat","embeddable":true,"href":"https:\/\/www.facecorner.lv\/ru\/wp-json\/wp\/v2\/product_cat?post=25220"},{"taxonomy":"product_tag","embeddable":true,"href":"https:\/\/www.facecorner.lv\/ru\/wp-json\/wp\/v2\/product_tag?post=25220"},{"taxonomy":"berocket_brand","embeddable":true,"href":"https:\/\/www.facecorner.lv\/ru\/wp-json\/wp\/v2\/berocket_brand?post=25220"}],"curies":[{"name":"wp","href":"https:\/\/api.w.org\/{rel}","templated":true}]}}