{"id":25146,"date":"2025-09-02T11:28:27","date_gmt":"2025-09-02T08:28:27","guid":{"rendered":"https:\/\/www.facecorner.lv\/?post_type=product&#038;p=25146"},"modified":"2025-09-23T09:52:05","modified_gmt":"2025-09-23T06:52:05","slug":"dalba-white-truffle-mild-skin-balancing-vegan-cleanser-200ml","status":"publish","type":"product","link":"https:\/\/www.facecorner.lv\/ru\/shop\/dalba-white-truffle-mild-skin-balancing-vegan-cleanser-200ml\/","title":{"rendered":"d\u2019Alba White Truffle Mild Skin\u202fBalancing Vegan Cleanser 200ml"},"content":{"rendered":"<p>\u041d\u0435\u0436\u043d\u044b\u0439 \u0433\u0435\u043b\u0435\u0432\u044b\u0439 \u043e\u0447\u0438\u0449\u0430\u044e\u0449\u0438\u0439 \u0433\u0435\u043b\u044c \u043e\u0442 d\u2019Alba \u0441 \u0444\u0438\u0440\u043c\u0435\u043d\u043d\u044b\u043c \u043a\u043e\u043c\u043f\u043e\u043d\u0435\u043d\u0442\u043e\u043c Trufferol\u2122, \u0441\u043e\u0447\u0435\u0442\u0430\u0435\u0442 \u0432 \u0441\u0435\u0431\u0435 \u0438\u0442\u0430\u043b\u044c\u044f\u043d\u0441\u043a\u0438\u0439 \u0431\u0435\u043b\u044b\u0439 \u0442\u0440\u044e\u0444\u0435\u043b\u044c \u0438 \u0432\u0438\u0442\u0430\u043c\u0438\u043d E, \u043e\u0431\u0435\u0441\u043f\u0435\u0447\u0438\u0432\u0430\u044f \u043c\u043e\u0449\u043d\u044b\u0439 \u0430\u043d\u0442\u0438\u043e\u043a\u0441\u0438\u0434\u0430\u043d\u0442\u043d\u044b\u0439 \u044d\u0444\u0444\u0435\u043a\u0442 \u0438 \u043c\u044f\u0433\u043a\u043e\u0435 \u043e\u0447\u0438\u0449\u0435\u043d\u0438\u0435 \u0431\u0435\u0437 \u043f\u043e\u0432\u0440\u0435\u0436\u0434\u0435\u043d\u0438\u044f \u043a\u043e\u0436\u043d\u043e\u0433\u043e \u0431\u0430\u0440\u044c\u0435\u0440\u0430.<\/p>\n<p>\u0411\u043b\u0430\u0433\u043e\u0434\u0430\u0440\u044f \u0441\u0431\u0430\u043b\u0430\u043d\u0441\u0438\u0440\u043e\u0432\u0430\u043d\u043d\u043e\u043c\u0443 pH (4,7\u20136,7), \u043f\u0440\u0438\u0431\u043b\u0438\u0436\u0435\u043d\u043d\u043e\u043c\u0443 \u043a \u0435\u0441\u0442\u0435\u0441\u0442\u0432\u0435\u043d\u043d\u043e\u043c\u0443 \u0443\u0440\u043e\u0432\u043d\u044e \u043a\u043e\u0436\u0438, \u0441\u0440\u0435\u0434\u0441\u0442\u0432\u043e \u044d\u0444\u0444\u0435\u043a\u0442\u0438\u0432\u043d\u043e \u0443\u0434\u0430\u043b\u044f\u0435\u0442 \u0437\u0430\u0433\u0440\u044f\u0437\u043d\u0435\u043d\u0438\u044f \u0438 \u043c\u0430\u043a\u0438\u044f\u0436, \u043e\u0441\u0442\u0430\u0432\u043b\u044f\u044f \u043a\u043e\u0436\u0443 \u0443\u0432\u043b\u0430\u0436\u043d\u0451\u043d\u043d\u043e\u0439 \u0438 \u043a\u043e\u043c\u0444\u043e\u0440\u0442\u043d\u043e\u0439 \u043f\u043e\u0441\u043b\u0435 \u043f\u0440\u0438\u043c\u0435\u043d\u0435\u043d\u0438\u044f<\/p>\n<ul>\n<li>Trufferol\u2122 \u2013 \u0430\u043d\u0442\u0438\u043e\u043a\u0441\u0438\u0434\u0430\u043d\u0442\u043d\u0430\u044f \u043a\u043e\u043c\u0431\u0438\u043d\u0430\u0446\u0438\u044f \u0431\u0435\u043b\u043e\u0433\u043e \u0442\u0440\u044e\u0444\u0435\u043b\u044f \u0438 \u0432\u0438\u0442\u0430\u043c\u0438\u043d\u0430 E, \u043f\u0440\u0435\u0432\u043e\u0441\u0445\u043e\u0434\u044f\u0449\u0430\u044f \u043f\u043e \u044d\u0444\u0444\u0435\u043a\u0442\u0438\u0432\u043d\u043e\u0441\u0442\u0438 \u043f\u0440\u043e\u043f\u043e\u043b\u0438\u0441<\/li>\n<li>TruPair (CICA\u2011\u043a\u043e\u043c\u043f\u043b\u0435\u043a\u0441) \u2013 \u0432\u043a\u043b\u044e\u0447\u0430\u0435\u0442 Madecassoside, Asiaticoside, Asiatic Acid \u0438 \u044d\u043a\u0441\u0442\u0440\u0430\u043a\u0442 \u0446\u0435\u043d\u0442\u0435\u043b\u043b\u044b \u0430\u0437\u0438\u0430\u0442\u0441\u043a\u043e\u0439 \u0434\u043b\u044f \u0443\u0441\u043f\u043e\u043a\u043e\u0435\u043d\u0438\u044f \u043a\u043e\u0436\u0438 \u0438 \u0432\u043e\u0441\u0441\u0442\u0430\u043d\u043e\u0432\u043b\u0435\u043d\u0438\u044f \u0431\u0430\u0440\u044c\u0435\u0440\u0430<\/li>\n<li>Phyto Green Peeling Complex \u2013 \u0440\u0430\u0441\u0442\u0438\u0442\u0435\u043b\u044c\u043d\u044b\u0435 \u044d\u043a\u0441\u0442\u0440\u0430\u043a\u0442\u044b \u0444\u0440\u0443\u043a\u0442\u043e\u0432 (\u043f\u0430\u043f\u0430\u0439\u044f, \u044f\u0431\u043b\u043e\u043a\u043e, \u0441\u043b\u0438\u0432\u0430, \u0432\u0438\u043d\u043e\u0433\u0440\u0430\u0434) \u043e\u0431\u0435\u0441\u043f\u0435\u0447\u0438\u0432\u0430\u044e\u0442 \u043c\u044f\u0433\u043a\u0438\u0439 \u043f\u0438\u043b\u0438\u043d\u0433 \u0438 \u0441\u0438\u044f\u043d\u0438\u0435 \u043a\u043e\u0436\u0438<\/li>\n<li>Ceramide NP \u2013 \u0443\u043a\u0440\u0435\u043f\u043b\u044f\u0435\u0442 \u043b\u0438\u043f\u0438\u0434\u043d\u044b\u0439 \u0431\u0430\u0440\u044c\u0435\u0440 \u0438 \u043f\u0440\u0435\u0434\u043e\u0442\u0432\u0440\u0430\u0449\u0430\u0435\u0442 \u043f\u043e\u0442\u0435\u0440\u044e \u0432\u043b\u0430\u0433\u0438.<\/li>\n<li>Panthenol (\u043f\u0440\u043e\u0432\u0438\u0442\u0430\u043c\u0438\u043d B5) \u2013 \u043e\u043a\u0430\u0437\u044b\u0432\u0430\u0435\u0442 \u0443\u0432\u043b\u0430\u0436\u043d\u044f\u044e\u0449\u0435\u0435 \u0438 \u0443\u0441\u043f\u043e\u043a\u0430\u0438\u0432\u0430\u044e\u0449\u0435\u0435 \u0434\u0435\u0439\u0441\u0442\u0432\u0438\u0435<\/li>\n<\/ul>\n<p><strong>\u0421\u043f\u043e\u0441\u043e\u0431 \u043f\u0440\u0438\u043c\u0435\u043d\u0435\u043d\u0438\u044f:<\/strong>\u0421\u043c\u043e\u0447\u0438\u0442\u0435 \u043b\u0438\u0446\u043e \u0442\u0451\u043f\u043b\u043e\u0439 \u0432\u043e\u0434\u043e\u0439.\n\u041d\u0430\u043d\u0435\u0441\u0438\u0442\u0435 \u043d\u0435\u0431\u043e\u043b\u044c\u0448\u043e\u0435 \u043a\u043e\u043b\u0438\u0447\u0435\u0441\u0442\u0432\u043e \u0433\u0435\u043b\u044f \u043d\u0430 \u043b\u0430\u0434\u043e\u043d\u0438 \u0438 \u0432\u0441\u043f\u0435\u043d\u044c\u0442\u0435, \u0434\u043e\u0431\u0430\u0432\u0438\u0432 \u043d\u0435\u043c\u043d\u043e\u0433\u043e \u0432\u043e\u0434\u044b.\n\u041c\u0430\u0441\u0441\u0430\u0436\u043d\u044b\u043c\u0438 \u0434\u0432\u0438\u0436\u0435\u043d\u0438\u044f\u043c\u0438 \u0440\u0430\u0441\u043f\u0440\u0435\u0434\u0435\u043b\u0438\u0442\u0435 \u043f\u0435\u043d\u0443 \u043f\u043e \u043a\u043e\u0436\u0435 \u043f\u0440\u0438\u043c\u0435\u0440\u043d\u043e 60 \u0441\u0435\u043a\u0443\u043d\u0434, \u0443\u0434\u0435\u043b\u044f\u044f \u0432\u043d\u0438\u043c\u0430\u043d\u0438\u0435 \u043e\u0431\u043b\u0430\u0441\u0442\u0438 \u043d\u043e\u0441\u0430, \u043b\u0431\u0430 \u0438 \u043f\u043e\u0434\u0431\u043e\u0440\u043e\u0434\u043a\u0430.\n\u0422\u0449\u0430\u0442\u0435\u043b\u044c\u043d\u043e \u0441\u043c\u043e\u0439\u0442\u0435 \u0442\u0451\u043f\u043b\u043e\u0439 \u0432\u043e\u0434\u043e\u0439.\n\u0418\u0441\u043f\u043e\u043b\u044c\u0437\u0443\u0439\u0442\u0435 \u0443\u0442\u0440\u043e\u043c \u0438 \u0432\u0435\u0447\u0435\u0440\u043e\u043c \u043a\u0430\u043a \u043f\u0435\u0440\u0432\u044b\u0439 \u044d\u0442\u0430\u043f \u0443\u0445\u043e\u0434\u0430 \u043f\u043e\u0441\u043b\u0435 \u043e\u0447\u0438\u0449\u0435\u043d\u0438\u044f<\/p>\n<p><strong>\u0421\u043e\u0441\u0442\u0430\u0432:<\/strong> Water (Aqua), Glycerin, Disodium Cocoamphodiacetate, Coco-glucoside, Lauryl Glucoside, Sodium Chloride, TEA\u2011Cocoyl Glutamate, <strong data-start=\"406\" data-end=\"432\">Tuber Magnatum Extract<\/strong> (\u044d\u043a\u0441\u0442\u0440\u0430\u043a\u0442 \u0431\u0435\u043b\u043e\u0433\u043e \u0442\u0440\u044e\u0444\u0435\u043b\u044f), <strong data-start=\"460\" data-end=\"489\">Centella Asiatica Extract<\/strong>, Madecassoside, Asiaticoside, Asiatic Acid, Acrylates\/C10-30 Alkyl Acrylate Crosspolymer, Citric Acid, Chlorphenesin, Melaleuca Alternifolia (Tea Tree) Extract, Ethylhexylglycerin, Xanthan Gum, Butylene Glycol, Carica Papaya (Papaya) Fruit Extract, Pyrus Malus (Apple) Fruit Extract, Prunus Mume Fruit Extract, Vitis Vinifera (Grape) Fruit Extract, Panthenol, Melia Azadirachta Leaf Extract, Saccharide Isomerate, 1,2\u2011Hexanediol, Melia Azadirachta Flower Extract, Caramel, <strong data-start=\"963\" data-end=\"978\">Ceramide NP<\/strong>, Myristic Acid, Stearic Acid, Sodium Citrate, Palmitic Acid, Arachidic Acid, Lauric Acid, Oleic Acid, Lavandula Angustifolia (Lavender) Oil, Linalool<\/p>","protected":false},"excerpt":{"rendered":"<p>\u041d\u0435\u0436\u043d\u044b\u0439 \u0433\u0435\u043b\u0435\u0432\u044b\u0439 \u043e\u0447\u0438\u0449\u0430\u044e\u0449\u0438\u0439 \u0433\u0435\u043b\u044c \u043e\u0442 d\u2019Alba \u0441 \u0444\u0438\u0440\u043c\u0435\u043d\u043d\u044b\u043c \u043a\u043e\u043c\u043f\u043e\u043d\u0435\u043d\u0442\u043e\u043c Trufferol\u2122, \u0441\u043e\u0447\u0435\u0442\u0430\u0435\u0442 \u0432 \u0441\u0435\u0431\u0435 \u0438\u0442\u0430\u043b\u044c\u044f\u043d\u0441\u043a\u0438\u0439 \u0431\u0435\u043b\u044b\u0439 \u0442\u0440\u044e\u0444\u0435\u043b\u044c \u0438 \u0432\u0438\u0442\u0430\u043c\u0438\u043d E, \u043e\u0431\u0435\u0441\u043f\u0435\u0447\u0438\u0432\u0430\u044f \u043c\u043e\u0449\u043d\u044b\u0439 \u0430\u043d\u0442\u0438\u043e\u043a\u0441\u0438\u0434\u0430\u043d\u0442\u043d\u044b\u0439 \u044d\u0444\u0444\u0435\u043a\u0442 \u0438 \u043c\u044f\u0433\u043a\u043e\u0435 \u043e\u0447\u0438\u0449\u0435\u043d\u0438\u0435 \u0431\u0435\u0437 \u043f\u043e\u0432\u0440\u0435\u0436\u0434\u0435\u043d\u0438\u044f \u043a\u043e\u0436\u043d\u043e\u0433\u043e \u0431\u0430\u0440\u044c\u0435\u0440\u0430.<\/p>","protected":false},"featured_media":25148,"comment_status":"open","ping_status":"closed","template":"","meta":{"site-sidebar-layout":"default","site-content-layout":"","ast-site-content-layout":"default","site-content-style":"default","site-sidebar-style":"default","ast-global-header-display":"","ast-banner-title-visibility":"","ast-main-header-display":"","ast-hfb-above-header-display":"","ast-hfb-below-header-display":"","ast-hfb-mobile-header-display":"","site-post-title":"","ast-breadcrumbs-content":"","ast-featured-img":"","footer-sml-layout":"","theme-transparent-header-meta":"default","adv-header-id-meta":"","stick-header-meta":"","header-above-stick-meta":"","header-main-stick-meta":"","header-below-stick-meta":"","astra-migrate-meta-layouts":"set","ast-page-background-enabled":"default","ast-page-background-meta":{"desktop":{"background-color":"var(--ast-global-color-4)","background-image":"","background-repeat":"repeat","background-position":"center center","background-size":"auto","background-attachment":"scroll","background-type":"","background-media":"","overlay-type":"","overlay-color":"","overlay-opacity":"","overlay-gradient":""},"tablet":{"background-color":"","background-image":"","background-repeat":"repeat","background-position":"center center","background-size":"auto","background-attachment":"scroll","background-type":"","background-media":"","overlay-type":"","overlay-color":"","overlay-opacity":"","overlay-gradient":""},"mobile":{"background-color":"","background-image":"","background-repeat":"repeat","background-position":"center center","background-size":"auto","background-attachment":"scroll","background-type":"","background-media":"","overlay-type":"","overlay-color":"","overlay-opacity":"","overlay-gradient":""}},"ast-content-background-meta":{"desktop":{"background-color":"var(--ast-global-color-5)","background-image":"","background-repeat":"repeat","background-position":"center center","background-size":"auto","background-attachment":"scroll","background-type":"","background-media":"","overlay-type":"","overlay-color":"","overlay-opacity":"","overlay-gradient":""},"tablet":{"background-color":"var(--ast-global-color-5)","background-image":"","background-repeat":"repeat","background-position":"center center","background-size":"auto","background-attachment":"scroll","background-type":"","background-media":"","overlay-type":"","overlay-color":"","overlay-opacity":"","overlay-gradient":""},"mobile":{"background-color":"var(--ast-global-color-5)","background-image":"","background-repeat":"repeat","background-position":"center center","background-size":"auto","background-attachment":"scroll","background-type":"","background-media":"","overlay-type":"","overlay-color":"","overlay-opacity":"","overlay-gradient":""}}},"product_brand":[],"product_cat":[511,310,311,312,317,314],"product_tag":[],"berocket_brand":[572],"class_list":{"0":"post-25146","1":"product","2":"type-product","3":"status-publish","4":"has-post-thumbnail","6":"product_cat-atlaides","7":"product_cat-attirisana","8":"product_cat-jutigai-adai-attirisana","9":"product_cat-kombinetai-adai-attirisana","10":"product_cat-sausai-adai-attirisana","11":"product_cat-taukainai-adai-attirisana","12":"berocket_brand-dalba","13":"desktop-align-left","14":"tablet-align-left","15":"mobile-align-left","17":"first","18":"outofstock","19":"sale","20":"taxable","21":"shipping-taxable","22":"purchasable","23":"product-type-simple","24":"add-to-wishlist-before_image"},"yoast_head":"<!-- This site is optimized with the Yoast SEO plugin v27.4 - https:\/\/yoast.com\/product\/yoast-seo-wordpress\/ -->\n<title>d\u2019Alba White Truffle Mild Skin\u202fBalancing Vegan Cleanser 200ml - FACECORNER<\/title>\n<meta name=\"description\" content=\"d\u2019Alba White Truffle Mild Skin\u202fBalancing Vegan Cleanser maigs att\u012bro\u0161ais g\u0113ls ar firmas sast\u0101vda\u013cu Trufferol\u2122 apvieno it\u0101\u013cu baltos trife\u013cus un E vitam\u012bnu\" \/>\n<meta name=\"robots\" content=\"index, follow, max-snippet:-1, max-image-preview:large, max-video-preview:-1\" \/>\n<link rel=\"canonical\" href=\"https:\/\/www.facecorner.lv\/ru\/shop\/dalba-white-truffle-mild-skin-balancing-vegan-cleanser-200ml\/\" \/>\n<meta property=\"og:locale\" content=\"ru_RU\" \/>\n<meta property=\"og:type\" content=\"article\" \/>\n<meta property=\"og:title\" content=\"d\u2019Alba White Truffle Mild Skin\u202fBalancing Vegan Cleanser 200ml - FACECORNER\" \/>\n<meta property=\"og:description\" content=\"d\u2019Alba White Truffle Mild Skin\u202fBalancing Vegan Cleanser maigs att\u012bro\u0161ais g\u0113ls ar firmas sast\u0101vda\u013cu Trufferol\u2122 apvieno it\u0101\u013cu baltos trife\u013cus un E vitam\u012bnu\" \/>\n<meta property=\"og:url\" content=\"https:\/\/www.facecorner.lv\/ru\/shop\/dalba-white-truffle-mild-skin-balancing-vegan-cleanser-200ml\/\" \/>\n<meta property=\"og:site_name\" content=\"FACECORNER\" \/>\n<meta property=\"article:publisher\" content=\"https:\/\/www.facebook.com\/profile.php?id=100063824551839\" \/>\n<meta property=\"article:modified_time\" content=\"2025-09-23T06:52:05+00:00\" \/>\n<meta name=\"twitter:card\" content=\"summary_large_image\" \/>\n<meta name=\"twitter:label1\" content=\"\u0426\u0435\u043d\u0430\" \/>\n\t<meta name=\"twitter:data1\" content=\"&euro;29.90\" \/>\n\t<meta name=\"twitter:label2\" content=\"\u0414\u043e\u0441\u0442\u0443\u043f\u043d\u043e\u0441\u0442\u044c\" \/>\n\t<meta name=\"twitter:data2\" content=\"\u0420\u0430\u0441\u043f\u0440\u043e\u0434\u0430\u043d\u043e\" \/>\n<script type=\"application\/ld+json\" class=\"yoast-schema-graph\">{\"@context\":\"https:\\\/\\\/schema.org\",\"@graph\":[{\"@type\":\"WebPage\",\"@id\":\"https:\\\/\\\/www.facecorner.lv\\\/shop\\\/dalba-white-truffle-mild-skin-balancing-vegan-cleanser-200ml\\\/\",\"url\":\"https:\\\/\\\/www.facecorner.lv\\\/shop\\\/dalba-white-truffle-mild-skin-balancing-vegan-cleanser-200ml\\\/\",\"name\":\"d\u2019Alba White Truffle Mild Skin\u202fBalancing Vegan Cleanser 200ml - FACECORNER\",\"isPartOf\":{\"@id\":\"https:\\\/\\\/www.facecorner.lv\\\/#website\"},\"primaryImageOfPage\":{\"@id\":\"https:\\\/\\\/www.facecorner.lv\\\/shop\\\/dalba-white-truffle-mild-skin-balancing-vegan-cleanser-200ml\\\/#primaryimage\"},\"image\":{\"@id\":\"https:\\\/\\\/www.facecorner.lv\\\/shop\\\/dalba-white-truffle-mild-skin-balancing-vegan-cleanser-200ml\\\/#primaryimage\"},\"thumbnailUrl\":\"https:\\\/\\\/www.facecorner.lv\\\/wp-content\\\/uploads\\\/2025\\\/09\\\/34.avif\",\"datePublished\":\"2025-09-02T08:28:27+00:00\",\"dateModified\":\"2025-09-23T06:52:05+00:00\",\"description\":\"d\u2019Alba White Truffle Mild Skin\u202fBalancing Vegan Cleanser maigs att\u012bro\u0161ais g\u0113ls ar firmas sast\u0101vda\u013cu Trufferol\u2122 apvieno it\u0101\u013cu baltos trife\u013cus un E vitam\u012bnu\",\"breadcrumb\":{\"@id\":\"https:\\\/\\\/www.facecorner.lv\\\/shop\\\/dalba-white-truffle-mild-skin-balancing-vegan-cleanser-200ml\\\/#breadcrumb\"},\"inLanguage\":\"ru-RU\",\"potentialAction\":[{\"@type\":\"ReadAction\",\"target\":[\"https:\\\/\\\/www.facecorner.lv\\\/shop\\\/dalba-white-truffle-mild-skin-balancing-vegan-cleanser-200ml\\\/\"]}]},{\"@type\":\"ImageObject\",\"inLanguage\":\"ru-RU\",\"@id\":\"https:\\\/\\\/www.facecorner.lv\\\/shop\\\/dalba-white-truffle-mild-skin-balancing-vegan-cleanser-200ml\\\/#primaryimage\",\"url\":\"https:\\\/\\\/www.facecorner.lv\\\/wp-content\\\/uploads\\\/2025\\\/09\\\/34.avif\",\"contentUrl\":\"https:\\\/\\\/www.facecorner.lv\\\/wp-content\\\/uploads\\\/2025\\\/09\\\/34.avif\",\"width\":1600,\"height\":1600,\"caption\":\"d\u2019Alba White Truffle Mild Skin\u202fBalancing Vegan Cleanser\"},{\"@type\":\"BreadcrumbList\",\"@id\":\"https:\\\/\\\/www.facecorner.lv\\\/shop\\\/dalba-white-truffle-mild-skin-balancing-vegan-cleanser-200ml\\\/#breadcrumb\",\"itemListElement\":[{\"@type\":\"ListItem\",\"position\":1,\"name\":\"Home\",\"item\":\"https:\\\/\\\/www.facecorner.lv\\\/\"},{\"@type\":\"ListItem\",\"position\":2,\"name\":\"Veikals\",\"item\":\"https:\\\/\\\/www.facecorner.lv\\\/shop\\\/\"},{\"@type\":\"ListItem\",\"position\":3,\"name\":\"d\u2019Alba White Truffle Mild Skin\u202fBalancing Vegan Cleanser 200ml\"}]},{\"@type\":\"WebSite\",\"@id\":\"https:\\\/\\\/www.facecorner.lv\\\/#website\",\"url\":\"https:\\\/\\\/www.facecorner.lv\\\/\",\"name\":\"Facecorner\",\"description\":\"\",\"publisher\":{\"@id\":\"https:\\\/\\\/www.facecorner.lv\\\/#organization\"},\"potentialAction\":[{\"@type\":\"SearchAction\",\"target\":{\"@type\":\"EntryPoint\",\"urlTemplate\":\"https:\\\/\\\/www.facecorner.lv\\\/?s={search_term_string}\"},\"query-input\":{\"@type\":\"PropertyValueSpecification\",\"valueRequired\":true,\"valueName\":\"search_term_string\"}}],\"inLanguage\":\"ru-RU\"},{\"@type\":\"Organization\",\"@id\":\"https:\\\/\\\/www.facecorner.lv\\\/#organization\",\"name\":\"Facecorner\",\"url\":\"https:\\\/\\\/www.facecorner.lv\\\/\",\"logo\":{\"@type\":\"ImageObject\",\"inLanguage\":\"ru-RU\",\"@id\":\"https:\\\/\\\/www.facecorner.lv\\\/#\\\/schema\\\/logo\\\/image\\\/\",\"url\":\"https:\\\/\\\/www.facecorner.lv\\\/wp-content\\\/uploads\\\/2024\\\/04\\\/fc-logo.jpg\",\"contentUrl\":\"https:\\\/\\\/www.facecorner.lv\\\/wp-content\\\/uploads\\\/2024\\\/04\\\/fc-logo.jpg\",\"width\":174,\"height\":28,\"caption\":\"Facecorner\"},\"image\":{\"@id\":\"https:\\\/\\\/www.facecorner.lv\\\/#\\\/schema\\\/logo\\\/image\\\/\"},\"sameAs\":[\"https:\\\/\\\/www.facebook.com\\\/profile.php?id=100063824551839\",\"https:\\\/\\\/www.instagram.com\\\/facecorner_shop\\\/\"]}]}<\/script>\n<meta property=\"product:price:amount\" content=\"29.90\" \/>\n<meta property=\"product:price:currency\" content=\"EUR\" \/>\n<meta property=\"og:availability\" content=\"out of stock\" \/>\n<meta property=\"product:availability\" content=\"out of stock\" \/>\n<meta property=\"product:condition\" content=\"new\" \/>\n<!-- \/ Yoast SEO plugin. -->","yoast_head_json":{"title":"d\u2019Alba White Truffle Mild Skin\u202fBalancing Vegan Cleanser 200ml - FACECORNER","description":"d\u2019Alba White Truffle Mild Skin\u202fBalancing Vegan Cleanser maigs att\u012bro\u0161ais g\u0113ls ar firmas sast\u0101vda\u013cu Trufferol\u2122 apvieno it\u0101\u013cu baltos trife\u013cus un E vitam\u012bnu","robots":{"index":"index","follow":"follow","max-snippet":"max-snippet:-1","max-image-preview":"max-image-preview:large","max-video-preview":"max-video-preview:-1"},"canonical":"https:\/\/www.facecorner.lv\/ru\/shop\/dalba-white-truffle-mild-skin-balancing-vegan-cleanser-200ml\/","og_locale":"ru_RU","og_type":"article","og_title":"d\u2019Alba White Truffle Mild Skin\u202fBalancing Vegan Cleanser 200ml - FACECORNER","og_description":"d\u2019Alba White Truffle Mild Skin\u202fBalancing Vegan Cleanser maigs att\u012bro\u0161ais g\u0113ls ar firmas sast\u0101vda\u013cu Trufferol\u2122 apvieno it\u0101\u013cu baltos trife\u013cus un E vitam\u012bnu","og_url":"https:\/\/www.facecorner.lv\/ru\/shop\/dalba-white-truffle-mild-skin-balancing-vegan-cleanser-200ml\/","og_site_name":"FACECORNER","article_publisher":"https:\/\/www.facebook.com\/profile.php?id=100063824551839","article_modified_time":"2025-09-23T06:52:05+00:00","twitter_card":"summary_large_image","twitter_misc":{"\u0426\u0435\u043d\u0430":"&euro;29.90","\u0414\u043e\u0441\u0442\u0443\u043f\u043d\u043e\u0441\u0442\u044c":"\u0420\u0430\u0441\u043f\u0440\u043e\u0434\u0430\u043d\u043e"},"schema":{"@context":"https:\/\/schema.org","@graph":[{"@type":"WebPage","@id":"https:\/\/www.facecorner.lv\/shop\/dalba-white-truffle-mild-skin-balancing-vegan-cleanser-200ml\/","url":"https:\/\/www.facecorner.lv\/shop\/dalba-white-truffle-mild-skin-balancing-vegan-cleanser-200ml\/","name":"d\u2019Alba White Truffle Mild Skin\u202fBalancing Vegan Cleanser 200ml - FACECORNER","isPartOf":{"@id":"https:\/\/www.facecorner.lv\/#website"},"primaryImageOfPage":{"@id":"https:\/\/www.facecorner.lv\/shop\/dalba-white-truffle-mild-skin-balancing-vegan-cleanser-200ml\/#primaryimage"},"image":{"@id":"https:\/\/www.facecorner.lv\/shop\/dalba-white-truffle-mild-skin-balancing-vegan-cleanser-200ml\/#primaryimage"},"thumbnailUrl":"https:\/\/www.facecorner.lv\/wp-content\/uploads\/2025\/09\/34.avif","datePublished":"2025-09-02T08:28:27+00:00","dateModified":"2025-09-23T06:52:05+00:00","description":"d\u2019Alba White Truffle Mild Skin\u202fBalancing Vegan Cleanser maigs att\u012bro\u0161ais g\u0113ls ar firmas sast\u0101vda\u013cu Trufferol\u2122 apvieno it\u0101\u013cu baltos trife\u013cus un E vitam\u012bnu","breadcrumb":{"@id":"https:\/\/www.facecorner.lv\/shop\/dalba-white-truffle-mild-skin-balancing-vegan-cleanser-200ml\/#breadcrumb"},"inLanguage":"ru-RU","potentialAction":[{"@type":"ReadAction","target":["https:\/\/www.facecorner.lv\/shop\/dalba-white-truffle-mild-skin-balancing-vegan-cleanser-200ml\/"]}]},{"@type":"ImageObject","inLanguage":"ru-RU","@id":"https:\/\/www.facecorner.lv\/shop\/dalba-white-truffle-mild-skin-balancing-vegan-cleanser-200ml\/#primaryimage","url":"https:\/\/www.facecorner.lv\/wp-content\/uploads\/2025\/09\/34.avif","contentUrl":"https:\/\/www.facecorner.lv\/wp-content\/uploads\/2025\/09\/34.avif","width":1600,"height":1600,"caption":"d\u2019Alba White Truffle Mild Skin\u202fBalancing Vegan Cleanser"},{"@type":"BreadcrumbList","@id":"https:\/\/www.facecorner.lv\/shop\/dalba-white-truffle-mild-skin-balancing-vegan-cleanser-200ml\/#breadcrumb","itemListElement":[{"@type":"ListItem","position":1,"name":"Home","item":"https:\/\/www.facecorner.lv\/"},{"@type":"ListItem","position":2,"name":"Veikals","item":"https:\/\/www.facecorner.lv\/shop\/"},{"@type":"ListItem","position":3,"name":"d\u2019Alba White Truffle Mild Skin\u202fBalancing Vegan Cleanser 200ml"}]},{"@type":"WebSite","@id":"https:\/\/www.facecorner.lv\/#website","url":"https:\/\/www.facecorner.lv\/","name":"Facecorner","description":"","publisher":{"@id":"https:\/\/www.facecorner.lv\/#organization"},"potentialAction":[{"@type":"SearchAction","target":{"@type":"EntryPoint","urlTemplate":"https:\/\/www.facecorner.lv\/?s={search_term_string}"},"query-input":{"@type":"PropertyValueSpecification","valueRequired":true,"valueName":"search_term_string"}}],"inLanguage":"ru-RU"},{"@type":"Organization","@id":"https:\/\/www.facecorner.lv\/#organization","name":"Facecorner","url":"https:\/\/www.facecorner.lv\/","logo":{"@type":"ImageObject","inLanguage":"ru-RU","@id":"https:\/\/www.facecorner.lv\/#\/schema\/logo\/image\/","url":"https:\/\/www.facecorner.lv\/wp-content\/uploads\/2024\/04\/fc-logo.jpg","contentUrl":"https:\/\/www.facecorner.lv\/wp-content\/uploads\/2024\/04\/fc-logo.jpg","width":174,"height":28,"caption":"Facecorner"},"image":{"@id":"https:\/\/www.facecorner.lv\/#\/schema\/logo\/image\/"},"sameAs":["https:\/\/www.facebook.com\/profile.php?id=100063824551839","https:\/\/www.instagram.com\/facecorner_shop\/"]}]},"product_price_amount":"29.90","product_price_currency":"EUR","og_availability":"out of stock","product_availability":"out of stock","product_condition":"new"},"_links":{"self":[{"href":"https:\/\/www.facecorner.lv\/ru\/wp-json\/wp\/v2\/product\/25146","targetHints":{"allow":["GET"]}}],"collection":[{"href":"https:\/\/www.facecorner.lv\/ru\/wp-json\/wp\/v2\/product"}],"about":[{"href":"https:\/\/www.facecorner.lv\/ru\/wp-json\/wp\/v2\/types\/product"}],"replies":[{"embeddable":true,"href":"https:\/\/www.facecorner.lv\/ru\/wp-json\/wp\/v2\/comments?post=25146"}],"wp:featuredmedia":[{"embeddable":true,"href":"https:\/\/www.facecorner.lv\/ru\/wp-json\/wp\/v2\/media\/25148"}],"wp:attachment":[{"href":"https:\/\/www.facecorner.lv\/ru\/wp-json\/wp\/v2\/media?parent=25146"}],"wp:term":[{"taxonomy":"product_brand","embeddable":true,"href":"https:\/\/www.facecorner.lv\/ru\/wp-json\/wp\/v2\/product_brand?post=25146"},{"taxonomy":"product_cat","embeddable":true,"href":"https:\/\/www.facecorner.lv\/ru\/wp-json\/wp\/v2\/product_cat?post=25146"},{"taxonomy":"product_tag","embeddable":true,"href":"https:\/\/www.facecorner.lv\/ru\/wp-json\/wp\/v2\/product_tag?post=25146"},{"taxonomy":"berocket_brand","embeddable":true,"href":"https:\/\/www.facecorner.lv\/ru\/wp-json\/wp\/v2\/berocket_brand?post=25146"}],"curies":[{"name":"wp","href":"https:\/\/api.w.org\/{rel}","templated":true}]}}