{"id":25141,"date":"2025-09-02T11:01:58","date_gmt":"2025-09-02T08:01:58","guid":{"rendered":"https:\/\/www.facecorner.lv\/?post_type=product&#038;p=25141"},"modified":"2026-02-17T11:19:50","modified_gmt":"2026-02-17T08:19:50","slug":"dalba-vita-toning-serum-toner-180ml","status":"publish","type":"product","link":"https:\/\/www.facecorner.lv\/ru\/shop\/dalba-vita-toning-serum-toner-180ml\/","title":{"rendered":"D&#8217;Alba Vita Toning Serum Toner 180ml"},"content":{"rendered":"<p>D\u2019Alba Vita Toning Serum Tone \u0422\u043e\u043d\u0438\u0437\u0438\u0440\u0443\u044e\u0449\u0438\u0439 \u0441\u0435\u0440\u0443\u043c-\u0442\u043e\u043d\u0438\u043a \u0441 \u0430\u043d\u0442\u0438\u0432\u043e\u0437\u0440\u0430\u0441\u0442\u043d\u044b\u043c \u0438 \u043e\u0441\u0432\u0435\u0442\u043b\u044f\u044e\u0449\u0438\u043c \u044d\u0444\u0444\u0435\u043a\u0442\u043e\u043c<\/p>\n<p>\u041f\u043e\u0434\u0430\u0440\u0438\u0442\u0435 \u0441\u0432\u043e\u0435\u0439 \u043a\u043e\u0436\u0435 \u0437\u0430\u0440\u044f\u0434 \u0441\u0432\u0435\u0436\u0435\u0441\u0442\u0438 \u0438 \u0441\u0438\u044f\u043d\u0438\u044f \u0441 \u043c\u0443\u043b\u044c\u0442\u0438\u0444\u0443\u043d\u043a\u0446\u0438\u043e\u043d\u0430\u043b\u044c\u043d\u044b\u043c \u0442\u043e\u043d\u0438\u043a\u043e\u043c-\u0441\u044b\u0432\u043e\u0440\u043e\u0442\u043a\u043e\u0439 D'Alba Vita Toning Serum Toner. \u042d\u0442\u0430 \u0443\u043d\u0438\u043a\u0430\u043b\u044c\u043d\u0430\u044f \u0444\u043e\u0440\u043c\u0443\u043b\u0430 \u0441\u043e\u0447\u0435\u0442\u0430\u0435\u0442 \u0432 \u0441\u0435\u0431\u0435 \u0442\u043e\u043d\u0438\u043a \u0438 \u0441\u044b\u0432\u043e\u0440\u043e\u0442\u043a\u0443, \u043e\u0431\u0435\u0441\u043f\u0435\u0447\u0438\u0432\u0430\u044f \u0438\u043d\u0442\u0435\u043d\u0441\u0438\u0432\u043d\u043e\u0435 \u0443\u0432\u043b\u0430\u0436\u043d\u0435\u043d\u0438\u0435, \u0442\u043e\u043d\u0443\u0441 \u0438 \u0432\u044b\u0440\u0430\u0432\u043d\u0438\u0432\u0430\u043d\u0438\u0435 \u0442\u043e\u043d\u0430 \u043a\u043e\u0436\u0438 \u0441 \u043f\u0435\u0440\u0432\u043e\u0433\u043e \u043f\u0440\u0438\u043c\u0435\u043d\u0435\u043d\u0438\u044f.<\/p>\n<ul>\n<li>\u0413\u043b\u0443\u0431\u043e\u043a\u043e\u0435 \u0443\u0432\u043b\u0430\u0436\u043d\u0435\u043d\u0438\u0435 \u2013 \u0433\u0438\u0430\u043b\u0443\u0440\u043e\u043d\u043e\u0432\u0430\u044f \u043a\u0438\u0441\u043b\u043e\u0442\u0430 \u0438 \u043d\u0438\u0430\u0446\u0438\u043d\u0430\u043c\u0438\u0434 \u043d\u0430\u0441\u044b\u0449\u0430\u044e\u0442 \u043a\u043e\u0436\u0443 \u0432\u043b\u0430\u0433\u043e\u0439 \u0438 \u0443\u0434\u0435\u0440\u0436\u0438\u0432\u0430\u044e\u0442 \u0435\u0451 \u0432 \u0442\u0435\u0447\u0435\u043d\u0438\u0435 \u0434\u043d\u044f.<\/li>\n<li>\u041e\u0441\u0432\u0435\u0442\u043b\u044f\u044e\u0449\u0438\u0439 \u044d\u0444\u0444\u0435\u043a\u0442 \u2013 \u0432\u0438\u0442\u0430\u043c\u0438\u043d C \u0438 \u044d\u043a\u0441\u0442\u0440\u0430\u043a\u0442\u044b \u0444\u0440\u0443\u043a\u0442\u043e\u0432 \u0441\u043f\u043e\u0441\u043e\u0431\u0441\u0442\u0432\u0443\u044e\u0442 \u0443\u043b\u0443\u0447\u0448\u0435\u043d\u0438\u044e \u0442\u043e\u043d\u0430 \u043b\u0438\u0446\u0430, \u043f\u0440\u0438\u0434\u0430\u0432\u0430\u044f \u043a\u043e\u0436\u0435 \u0437\u0434\u043e\u0440\u043e\u0432\u043e\u0435 \u0441\u0438\u044f\u043d\u0438\u0435.<\/li>\n<li>\u0410\u043d\u0442\u0438\u043e\u043a\u0441\u0438\u0434\u0430\u043d\u0442\u043d\u0430\u044f \u0437\u0430\u0449\u0438\u0442\u0430 \u2013 \u043c\u043e\u0449\u043d\u044b\u0435 \u0430\u043d\u0442\u0438\u043e\u043a\u0441\u0438\u0434\u0430\u043d\u0442\u044b \u0438\u0437 \u0432\u0438\u043d\u043e\u0433\u0440\u0430\u0434\u0430 \u0438 \u0434\u0440\u0443\u0433\u0438\u0445 \u0441\u0443\u043f\u0435\u0440\u0444\u0443\u0434\u043e\u0432 \u0437\u0430\u0449\u0438\u0449\u0430\u044e\u0442 \u043e\u0442 \u0432\u043e\u0437\u0434\u0435\u0439\u0441\u0442\u0432\u0438\u044f \u043e\u043a\u0440\u0443\u0436\u0430\u044e\u0449\u0435\u0439 \u0441\u0440\u0435\u0434\u044b.<\/li>\n<li>\u0423\u0441\u043f\u043e\u043a\u0430\u0438\u0432\u0430\u044e\u0449\u0438\u0439 \u043a\u043e\u043c\u043f\u043b\u0435\u043a\u0441 \u2013 \u044d\u043a\u0441\u0442\u0440\u0430\u043a\u0442\u044b \u0446\u0435\u043d\u0442\u0435\u043b\u043b\u044b \u0438 \u0437\u0435\u043b\u0451\u043d\u043e\u0433\u043e \u0447\u0430\u044f \u0443\u043c\u0435\u043d\u044c\u0448\u0430\u044e\u0442 \u0440\u0430\u0437\u0434\u0440\u0430\u0436\u0435\u043d\u0438\u044f \u0438 \u043f\u043e\u043a\u0440\u0430\u0441\u043d\u0435\u043d\u0438\u044f.<\/li>\n<li>\u0421\u0438\u044f\u044e\u0449\u0430\u044f \u0438 \u0443\u043f\u0440\u0443\u0433\u0430\u044f \u043a\u043e\u0436\u0430 \u2013 \u043f\u0440\u0438 \u0440\u0435\u0433\u0443\u043b\u044f\u0440\u043d\u043e\u043c \u0438\u0441\u043f\u043e\u043b\u044c\u0437\u043e\u0432\u0430\u043d\u0438\u0438 \u043a\u043e\u0436\u0430 \u0441\u0442\u0430\u043d\u043e\u0432\u0438\u0442\u0441\u044f \u0437\u0430\u043c\u0435\u0442\u043d\u043e \u0431\u043e\u043b\u0435\u0435 \u0433\u043b\u0430\u0434\u043a\u043e\u0439, \u0443\u043f\u0440\u0443\u0433\u043e\u0439 \u0438 \u0443\u0445\u043e\u0436\u0435\u043d\u043d\u043e\u0439.<\/li>\n<\/ul>\n<p><strong>\u0421\u043f\u043e\u0441\u043e\u0431 \u043f\u0440\u0438\u043c\u0435\u043d\u0435\u043d\u0438\u044f:<\/strong> \u041f\u043e\u0441\u043b\u0435 \u043e\u0447\u0438\u0449\u0435\u043d\u0438\u044f \u043d\u0430\u043d\u0435\u0441\u0442\u0438 \u043d\u0435\u0431\u043e\u043b\u044c\u0448\u043e\u0435 \u043a\u043e\u043b\u0438\u0447\u0435\u0441\u0442\u0432\u043e \u0441\u0440\u0435\u0434\u0441\u0442\u0432\u0430 \u043d\u0430 \u043b\u0430\u0434\u043e\u043d\u0438 \u0438\u043b\u0438 \u0432\u0430\u0442\u043d\u044b\u0439 \u0434\u0438\u0441\u043a \u0438 \u043c\u044f\u0433\u043a\u043e \u0440\u0430\u0441\u043f\u0440\u0435\u0434\u0435\u043b\u0438\u0442\u044c \u043f\u043e \u043b\u0438\u0446\u0443. \u0418\u0441\u043f\u043e\u043b\u044c\u0437\u0443\u0439\u0442\u0435 \u0443\u0442\u0440\u043e\u043c \u0438 \u0432\u0435\u0447\u0435\u0440\u043e\u043c \u043a\u0430\u043a \u043f\u0435\u0440\u0432\u044b\u0439 \u044d\u0442\u0430\u043f \u0443\u0445\u043e\u0434\u0430 \u043f\u043e\u0441\u043b\u0435 \u0443\u043c\u044b\u0432\u0430\u043d\u0438\u044f.<\/p>\n<p><strong>\u0421\u043e\u0441\u0442\u0430\u0432:<\/strong> Water, Hippophae Rhamnoides Water(117600ppm), Dipropylene Glycol, Glycereth-26, 1,2-Hexanediol, Niacinamide(20000ppm), Glycerin, Methyl Gluceth-20,Polyglyceryl-10 Laurate, Cetearyl Alcohol, Betaine, Tromethamine, Acrylates\/C10-30 Alkyl Acrylate Crosspolymer, Ethylhexylglycerin, Adenosine, Melia AzadirachtaFlower Extract, Ocimum Sanctum Leaf Extract, Melia Azadirachta Leaf Extract, Sodium Hyaluronate, Panthenol(100ppm), Hydrolyzed Hyaluronic Acid, CentellaAsiatica Extract, Collagen Extract, Butylene Glycol, Curcuma Longa (Turmeric) Root Extract, Corallina Officinalis Extract, Theobroma Cacao (Cocoa) Extract, Dextrin,Saccharomyces Ferment Filtrate, Polyquaternium-51, Hydrogenated Lecithin, Glutathione, Coccinia Indica Fruit Extract, Tuber Magnatum Extract, LinumUsitatissimum (Linseed) Seed Extract, Persea Gratissima (Avocado) Oil, Olea Europaea (Olive) Fruit Oil, Oenothera Biennis (Evening Primrose) Oil, Nymphaea AlbaFlower Extract, Malus Domestica Fruit Extract, Macadamia Ternifolia Seed Oil, Hippophae Rhamnoides Fruit Oil, Helianthus Annuus (Sunflower) Seed Oil, GlycineSoja (Soybean) Oil, Ceramide NP, Camellia Japonica Seed Oil, Backhousia Citriodora Leaf Oil, Ascorbic Acid(1000ppb), Hydrolyzed Soy Protein, Hydrolyzed RiceProtein, Hydrolyzed Potato Protein, Hydrolyzed Pea Protein, Hydrolyzed Lupine Protein, Hydrolyzed Oat Protein, Hydrolyzed Corn Protein, Hydrolyzed WheatProtein, Hydrolyzed Sweet Almond Protein, Hydrolyzed Barley Protein, Hydrolyzed Vegetable Protein, Hydrolyzed Jojoba Protein, Glycoproteins, Mannose,Glucuronic Acid, Glucose, Tocopherol(0.003ppm), Fragrance, Limonene, Hexyl Cinnamal, Linalool<\/p>","protected":false},"excerpt":{"rendered":"<p>D\u2019Alba Vita Toning Serum Tone \u0422\u043e\u043d\u0438\u0437\u0438\u0440\u0443\u044e\u0449\u0438\u0439 \u0441\u0435\u0440\u0443\u043c-\u0442\u043e\u043d\u0438\u043a \u0441 \u0430\u043d\u0442\u0438\u0432\u043e\u0437\u0440\u0430\u0441\u0442\u043d\u044b\u043c \u0438 \u043e\u0441\u0432\u0435\u0442\u043b\u044f\u044e\u0449\u0438\u043c \u044d\u0444\u0444\u0435\u043a\u0442\u043e\u043c<\/p>","protected":false},"featured_media":25142,"comment_status":"open","ping_status":"closed","template":"","meta":{"site-sidebar-layout":"default","site-content-layout":"","ast-site-content-layout":"default","site-content-style":"default","site-sidebar-style":"default","ast-global-header-display":"","ast-banner-title-visibility":"","ast-main-header-display":"","ast-hfb-above-header-display":"","ast-hfb-below-header-display":"","ast-hfb-mobile-header-display":"","site-post-title":"","ast-breadcrumbs-content":"","ast-featured-img":"","footer-sml-layout":"","theme-transparent-header-meta":"default","adv-header-id-meta":"","stick-header-meta":"","header-above-stick-meta":"","header-main-stick-meta":"","header-below-stick-meta":"","astra-migrate-meta-layouts":"set","ast-page-background-enabled":"default","ast-page-background-meta":{"desktop":{"background-color":"var(--ast-global-color-4)","background-image":"","background-repeat":"repeat","background-position":"center center","background-size":"auto","background-attachment":"scroll","background-type":"","background-media":"","overlay-type":"","overlay-color":"","overlay-opacity":"","overlay-gradient":""},"tablet":{"background-color":"","background-image":"","background-repeat":"repeat","background-position":"center center","background-size":"auto","background-attachment":"scroll","background-type":"","background-media":"","overlay-type":"","overlay-color":"","overlay-opacity":"","overlay-gradient":""},"mobile":{"background-color":"","background-image":"","background-repeat":"repeat","background-position":"center center","background-size":"auto","background-attachment":"scroll","background-type":"","background-media":"","overlay-type":"","overlay-color":"","overlay-opacity":"","overlay-gradient":""}},"ast-content-background-meta":{"desktop":{"background-color":"var(--ast-global-color-5)","background-image":"","background-repeat":"repeat","background-position":"center center","background-size":"auto","background-attachment":"scroll","background-type":"","background-media":"","overlay-type":"","overlay-color":"","overlay-opacity":"","overlay-gradient":""},"tablet":{"background-color":"var(--ast-global-color-5)","background-image":"","background-repeat":"repeat","background-position":"center center","background-size":"auto","background-attachment":"scroll","background-type":"","background-media":"","overlay-type":"","overlay-color":"","overlay-opacity":"","overlay-gradient":""},"mobile":{"background-color":"var(--ast-global-color-5)","background-image":"","background-repeat":"repeat","background-position":"center center","background-size":"auto","background-attachment":"scroll","background-type":"","background-media":"","overlay-type":"","overlay-color":"","overlay-opacity":"","overlay-gradient":""}}},"product_brand":[],"product_cat":[375,378,364,376],"product_tag":[],"berocket_brand":[572],"class_list":{"0":"post-25141","1":"product","2":"type-product","3":"status-publish","4":"has-post-thumbnail","6":"product_cat-jutigai-adai-toneri","7":"product_cat-sausai-adai-toneri","8":"product_cat-toneri","9":"product_cat-kombinetai-adai-toneri","10":"berocket_brand-dalba","11":"desktop-align-left","12":"tablet-align-left","13":"mobile-align-left","15":"first","16":"outofstock","17":"taxable","18":"shipping-taxable","19":"purchasable","20":"product-type-simple","21":"add-to-wishlist-before_image"},"yoast_head":"<!-- This site is optimized with the Yoast SEO plugin v27.4 - https:\/\/yoast.com\/product\/yoast-seo-wordpress\/ -->\n<title>D&#039;Alba Vita Toning Serum Toner 180ml - FACECORNER<\/title>\n<meta name=\"description\" content=\"D&#039;Alba Vita Toning Serum Toner\u00a0 toniz\u0113jo\u0161s serums-toniks ar pretnoveco\u0161an\u0101s un izgaismojo\u0161u efektu.D\u0101v\u0101jiet savai \u0101dai svaiguma un mirdzuma devu\" \/>\n<meta name=\"robots\" content=\"index, follow, max-snippet:-1, max-image-preview:large, max-video-preview:-1\" \/>\n<link rel=\"canonical\" href=\"https:\/\/www.facecorner.lv\/ru\/shop\/dalba-vita-toning-serum-toner-180ml\/\" \/>\n<meta property=\"og:locale\" content=\"ru_RU\" \/>\n<meta property=\"og:type\" content=\"article\" \/>\n<meta property=\"og:title\" content=\"D&#039;Alba Vita Toning Serum Toner 180ml - FACECORNER\" \/>\n<meta property=\"og:description\" content=\"D&#039;Alba Vita Toning Serum Toner\u00a0 toniz\u0113jo\u0161s serums-toniks ar pretnoveco\u0161an\u0101s un izgaismojo\u0161u efektu.D\u0101v\u0101jiet savai \u0101dai svaiguma un mirdzuma devu\" \/>\n<meta property=\"og:url\" content=\"https:\/\/www.facecorner.lv\/ru\/shop\/dalba-vita-toning-serum-toner-180ml\/\" \/>\n<meta property=\"og:site_name\" content=\"FACECORNER\" \/>\n<meta property=\"article:publisher\" content=\"https:\/\/www.facebook.com\/profile.php?id=100063824551839\" \/>\n<meta property=\"article:modified_time\" content=\"2026-02-17T08:19:50+00:00\" \/>\n<meta property=\"og:image\" content=\"https:\/\/www.facecorner.lv\/wp-content\/uploads\/2025\/09\/DLB091-600x600-1.png\" \/>\n\t<meta property=\"og:image:width\" content=\"600\" \/>\n\t<meta property=\"og:image:height\" content=\"600\" \/>\n\t<meta property=\"og:image:type\" content=\"image\/png\" \/>\n<meta name=\"twitter:card\" content=\"summary_large_image\" \/>\n<meta name=\"twitter:label1\" content=\"\u0426\u0435\u043d\u0430\" \/>\n\t<meta name=\"twitter:data1\" content=\"&euro;45.00\" \/>\n\t<meta name=\"twitter:label2\" content=\"\u0414\u043e\u0441\u0442\u0443\u043f\u043d\u043e\u0441\u0442\u044c\" \/>\n\t<meta name=\"twitter:data2\" content=\"\u0420\u0430\u0441\u043f\u0440\u043e\u0434\u0430\u043d\u043e\" \/>\n<script type=\"application\/ld+json\" class=\"yoast-schema-graph\">{\"@context\":\"https:\\\/\\\/schema.org\",\"@graph\":[{\"@type\":\"WebPage\",\"@id\":\"https:\\\/\\\/www.facecorner.lv\\\/shop\\\/dalba-vita-toning-serum-toner-180ml\\\/\",\"url\":\"https:\\\/\\\/www.facecorner.lv\\\/shop\\\/dalba-vita-toning-serum-toner-180ml\\\/\",\"name\":\"D'Alba Vita Toning Serum Toner 180ml - FACECORNER\",\"isPartOf\":{\"@id\":\"https:\\\/\\\/www.facecorner.lv\\\/#website\"},\"primaryImageOfPage\":{\"@id\":\"https:\\\/\\\/www.facecorner.lv\\\/shop\\\/dalba-vita-toning-serum-toner-180ml\\\/#primaryimage\"},\"image\":{\"@id\":\"https:\\\/\\\/www.facecorner.lv\\\/shop\\\/dalba-vita-toning-serum-toner-180ml\\\/#primaryimage\"},\"thumbnailUrl\":\"https:\\\/\\\/www.facecorner.lv\\\/wp-content\\\/uploads\\\/2025\\\/09\\\/DLB091-600x600-1.png\",\"datePublished\":\"2025-09-02T08:01:58+00:00\",\"dateModified\":\"2026-02-17T08:19:50+00:00\",\"description\":\"D'Alba Vita Toning Serum Toner\u00a0 toniz\u0113jo\u0161s serums-toniks ar pretnoveco\u0161an\u0101s un izgaismojo\u0161u efektu.D\u0101v\u0101jiet savai \u0101dai svaiguma un mirdzuma devu\",\"breadcrumb\":{\"@id\":\"https:\\\/\\\/www.facecorner.lv\\\/shop\\\/dalba-vita-toning-serum-toner-180ml\\\/#breadcrumb\"},\"inLanguage\":\"ru-RU\",\"potentialAction\":[{\"@type\":\"ReadAction\",\"target\":[\"https:\\\/\\\/www.facecorner.lv\\\/shop\\\/dalba-vita-toning-serum-toner-180ml\\\/\"]}]},{\"@type\":\"ImageObject\",\"inLanguage\":\"ru-RU\",\"@id\":\"https:\\\/\\\/www.facecorner.lv\\\/shop\\\/dalba-vita-toning-serum-toner-180ml\\\/#primaryimage\",\"url\":\"https:\\\/\\\/www.facecorner.lv\\\/wp-content\\\/uploads\\\/2025\\\/09\\\/DLB091-600x600-1.png\",\"contentUrl\":\"https:\\\/\\\/www.facecorner.lv\\\/wp-content\\\/uploads\\\/2025\\\/09\\\/DLB091-600x600-1.png\",\"width\":600,\"height\":600,\"caption\":\"D'Alba Vita Toning Serum Toner\"},{\"@type\":\"BreadcrumbList\",\"@id\":\"https:\\\/\\\/www.facecorner.lv\\\/shop\\\/dalba-vita-toning-serum-toner-180ml\\\/#breadcrumb\",\"itemListElement\":[{\"@type\":\"ListItem\",\"position\":1,\"name\":\"Home\",\"item\":\"https:\\\/\\\/www.facecorner.lv\\\/\"},{\"@type\":\"ListItem\",\"position\":2,\"name\":\"Veikals\",\"item\":\"https:\\\/\\\/www.facecorner.lv\\\/shop\\\/\"},{\"@type\":\"ListItem\",\"position\":3,\"name\":\"D&#8217;Alba Vita Toning Serum Toner 180ml\"}]},{\"@type\":\"WebSite\",\"@id\":\"https:\\\/\\\/www.facecorner.lv\\\/#website\",\"url\":\"https:\\\/\\\/www.facecorner.lv\\\/\",\"name\":\"Facecorner\",\"description\":\"\",\"publisher\":{\"@id\":\"https:\\\/\\\/www.facecorner.lv\\\/#organization\"},\"potentialAction\":[{\"@type\":\"SearchAction\",\"target\":{\"@type\":\"EntryPoint\",\"urlTemplate\":\"https:\\\/\\\/www.facecorner.lv\\\/?s={search_term_string}\"},\"query-input\":{\"@type\":\"PropertyValueSpecification\",\"valueRequired\":true,\"valueName\":\"search_term_string\"}}],\"inLanguage\":\"ru-RU\"},{\"@type\":\"Organization\",\"@id\":\"https:\\\/\\\/www.facecorner.lv\\\/#organization\",\"name\":\"Facecorner\",\"url\":\"https:\\\/\\\/www.facecorner.lv\\\/\",\"logo\":{\"@type\":\"ImageObject\",\"inLanguage\":\"ru-RU\",\"@id\":\"https:\\\/\\\/www.facecorner.lv\\\/#\\\/schema\\\/logo\\\/image\\\/\",\"url\":\"https:\\\/\\\/www.facecorner.lv\\\/wp-content\\\/uploads\\\/2024\\\/04\\\/fc-logo.jpg\",\"contentUrl\":\"https:\\\/\\\/www.facecorner.lv\\\/wp-content\\\/uploads\\\/2024\\\/04\\\/fc-logo.jpg\",\"width\":174,\"height\":28,\"caption\":\"Facecorner\"},\"image\":{\"@id\":\"https:\\\/\\\/www.facecorner.lv\\\/#\\\/schema\\\/logo\\\/image\\\/\"},\"sameAs\":[\"https:\\\/\\\/www.facebook.com\\\/profile.php?id=100063824551839\",\"https:\\\/\\\/www.instagram.com\\\/facecorner_shop\\\/\"]}]}<\/script>\n<meta property=\"product:price:amount\" content=\"45.00\" \/>\n<meta property=\"product:price:currency\" content=\"EUR\" \/>\n<meta property=\"og:availability\" content=\"out of stock\" \/>\n<meta property=\"product:availability\" content=\"out of stock\" \/>\n<meta property=\"product:condition\" content=\"new\" \/>\n<!-- \/ Yoast SEO plugin. -->","yoast_head_json":{"title":"D'Alba Vita Toning Serum Toner 180ml - FACECORNER","description":"D'Alba Vita Toning Serum Toner\u00a0 toniz\u0113jo\u0161s serums-toniks ar pretnoveco\u0161an\u0101s un izgaismojo\u0161u efektu.D\u0101v\u0101jiet savai \u0101dai svaiguma un mirdzuma devu","robots":{"index":"index","follow":"follow","max-snippet":"max-snippet:-1","max-image-preview":"max-image-preview:large","max-video-preview":"max-video-preview:-1"},"canonical":"https:\/\/www.facecorner.lv\/ru\/shop\/dalba-vita-toning-serum-toner-180ml\/","og_locale":"ru_RU","og_type":"article","og_title":"D'Alba Vita Toning Serum Toner 180ml - FACECORNER","og_description":"D'Alba Vita Toning Serum Toner\u00a0 toniz\u0113jo\u0161s serums-toniks ar pretnoveco\u0161an\u0101s un izgaismojo\u0161u efektu.D\u0101v\u0101jiet savai \u0101dai svaiguma un mirdzuma devu","og_url":"https:\/\/www.facecorner.lv\/ru\/shop\/dalba-vita-toning-serum-toner-180ml\/","og_site_name":"FACECORNER","article_publisher":"https:\/\/www.facebook.com\/profile.php?id=100063824551839","article_modified_time":"2026-02-17T08:19:50+00:00","og_image":[{"width":600,"height":600,"url":"https:\/\/www.facecorner.lv\/wp-content\/uploads\/2025\/09\/DLB091-600x600-1.png","type":"image\/png"}],"twitter_card":"summary_large_image","twitter_misc":{"\u0426\u0435\u043d\u0430":"&euro;45.00","\u0414\u043e\u0441\u0442\u0443\u043f\u043d\u043e\u0441\u0442\u044c":"\u0420\u0430\u0441\u043f\u0440\u043e\u0434\u0430\u043d\u043e"},"schema":{"@context":"https:\/\/schema.org","@graph":[{"@type":"WebPage","@id":"https:\/\/www.facecorner.lv\/shop\/dalba-vita-toning-serum-toner-180ml\/","url":"https:\/\/www.facecorner.lv\/shop\/dalba-vita-toning-serum-toner-180ml\/","name":"D'Alba Vita Toning Serum Toner 180ml - FACECORNER","isPartOf":{"@id":"https:\/\/www.facecorner.lv\/#website"},"primaryImageOfPage":{"@id":"https:\/\/www.facecorner.lv\/shop\/dalba-vita-toning-serum-toner-180ml\/#primaryimage"},"image":{"@id":"https:\/\/www.facecorner.lv\/shop\/dalba-vita-toning-serum-toner-180ml\/#primaryimage"},"thumbnailUrl":"https:\/\/www.facecorner.lv\/wp-content\/uploads\/2025\/09\/DLB091-600x600-1.png","datePublished":"2025-09-02T08:01:58+00:00","dateModified":"2026-02-17T08:19:50+00:00","description":"D'Alba Vita Toning Serum Toner\u00a0 toniz\u0113jo\u0161s serums-toniks ar pretnoveco\u0161an\u0101s un izgaismojo\u0161u efektu.D\u0101v\u0101jiet savai \u0101dai svaiguma un mirdzuma devu","breadcrumb":{"@id":"https:\/\/www.facecorner.lv\/shop\/dalba-vita-toning-serum-toner-180ml\/#breadcrumb"},"inLanguage":"ru-RU","potentialAction":[{"@type":"ReadAction","target":["https:\/\/www.facecorner.lv\/shop\/dalba-vita-toning-serum-toner-180ml\/"]}]},{"@type":"ImageObject","inLanguage":"ru-RU","@id":"https:\/\/www.facecorner.lv\/shop\/dalba-vita-toning-serum-toner-180ml\/#primaryimage","url":"https:\/\/www.facecorner.lv\/wp-content\/uploads\/2025\/09\/DLB091-600x600-1.png","contentUrl":"https:\/\/www.facecorner.lv\/wp-content\/uploads\/2025\/09\/DLB091-600x600-1.png","width":600,"height":600,"caption":"D'Alba Vita Toning Serum Toner"},{"@type":"BreadcrumbList","@id":"https:\/\/www.facecorner.lv\/shop\/dalba-vita-toning-serum-toner-180ml\/#breadcrumb","itemListElement":[{"@type":"ListItem","position":1,"name":"Home","item":"https:\/\/www.facecorner.lv\/"},{"@type":"ListItem","position":2,"name":"Veikals","item":"https:\/\/www.facecorner.lv\/shop\/"},{"@type":"ListItem","position":3,"name":"D&#8217;Alba Vita Toning Serum Toner 180ml"}]},{"@type":"WebSite","@id":"https:\/\/www.facecorner.lv\/#website","url":"https:\/\/www.facecorner.lv\/","name":"Facecorner","description":"","publisher":{"@id":"https:\/\/www.facecorner.lv\/#organization"},"potentialAction":[{"@type":"SearchAction","target":{"@type":"EntryPoint","urlTemplate":"https:\/\/www.facecorner.lv\/?s={search_term_string}"},"query-input":{"@type":"PropertyValueSpecification","valueRequired":true,"valueName":"search_term_string"}}],"inLanguage":"ru-RU"},{"@type":"Organization","@id":"https:\/\/www.facecorner.lv\/#organization","name":"Facecorner","url":"https:\/\/www.facecorner.lv\/","logo":{"@type":"ImageObject","inLanguage":"ru-RU","@id":"https:\/\/www.facecorner.lv\/#\/schema\/logo\/image\/","url":"https:\/\/www.facecorner.lv\/wp-content\/uploads\/2024\/04\/fc-logo.jpg","contentUrl":"https:\/\/www.facecorner.lv\/wp-content\/uploads\/2024\/04\/fc-logo.jpg","width":174,"height":28,"caption":"Facecorner"},"image":{"@id":"https:\/\/www.facecorner.lv\/#\/schema\/logo\/image\/"},"sameAs":["https:\/\/www.facebook.com\/profile.php?id=100063824551839","https:\/\/www.instagram.com\/facecorner_shop\/"]}]},"product_price_amount":"45.00","product_price_currency":"EUR","og_availability":"out of stock","product_availability":"out of stock","product_condition":"new"},"_links":{"self":[{"href":"https:\/\/www.facecorner.lv\/ru\/wp-json\/wp\/v2\/product\/25141","targetHints":{"allow":["GET"]}}],"collection":[{"href":"https:\/\/www.facecorner.lv\/ru\/wp-json\/wp\/v2\/product"}],"about":[{"href":"https:\/\/www.facecorner.lv\/ru\/wp-json\/wp\/v2\/types\/product"}],"replies":[{"embeddable":true,"href":"https:\/\/www.facecorner.lv\/ru\/wp-json\/wp\/v2\/comments?post=25141"}],"wp:featuredmedia":[{"embeddable":true,"href":"https:\/\/www.facecorner.lv\/ru\/wp-json\/wp\/v2\/media\/25142"}],"wp:attachment":[{"href":"https:\/\/www.facecorner.lv\/ru\/wp-json\/wp\/v2\/media?parent=25141"}],"wp:term":[{"taxonomy":"product_brand","embeddable":true,"href":"https:\/\/www.facecorner.lv\/ru\/wp-json\/wp\/v2\/product_brand?post=25141"},{"taxonomy":"product_cat","embeddable":true,"href":"https:\/\/www.facecorner.lv\/ru\/wp-json\/wp\/v2\/product_cat?post=25141"},{"taxonomy":"product_tag","embeddable":true,"href":"https:\/\/www.facecorner.lv\/ru\/wp-json\/wp\/v2\/product_tag?post=25141"},{"taxonomy":"berocket_brand","embeddable":true,"href":"https:\/\/www.facecorner.lv\/ru\/wp-json\/wp\/v2\/berocket_brand?post=25141"}],"curies":[{"name":"wp","href":"https:\/\/api.w.org\/{rel}","templated":true}]}}