{"id":25123,"date":"2025-08-29T15:55:37","date_gmt":"2025-08-29T12:55:37","guid":{"rendered":"https:\/\/www.facecorner.lv\/?post_type=product&#038;p=25123"},"modified":"2025-11-23T20:24:20","modified_gmt":"2025-11-23T17:24:20","slug":"house-of-hur-purifying-cleansing-balm-50ml","status":"publish","type":"product","link":"https:\/\/www.facecorner.lv\/ru\/shop\/house-of-hur-purifying-cleansing-balm-50ml\/","title":{"rendered":"House of Hur Purifying Cleansing Balm  50ml"},"content":{"rendered":"<p>\u041e\u0447\u0438\u0449\u0430\u044e\u0449\u0438\u0439 \u0433\u0438\u0434\u0440\u043e\u0444\u0438\u043b\u044c\u043d\u044b\u0439 \u0431\u0430\u043b\u044c\u0437\u0430\u043c House of Hur Purifying Cleansing Balm \u0432\u0435\u043b\u0438\u043a\u043e\u043b\u0435\u043f\u043d\u043e \u043e\u0447\u0438\u0449\u0430\u0435\u0442 \u043a\u043e\u0436\u0443 \u043e\u0442 \u0440\u0430\u0437\u043d\u043e\u0433\u043e \u0440\u043e\u0434\u0430 \u0437\u0430\u0433\u0440\u044f\u0437\u043d\u0435\u043d\u0438\u0439 \u0438 \u043e\u0442\u043b\u0438\u0447\u043d\u043e \u0441\u043f\u0440\u0430\u0432\u043b\u044f\u0435\u0442\u0441\u044f \u0434\u0430\u0436\u0435 \u0441\u043e \u0441\u0442\u043e\u0439\u043a\u0438\u043c \u043c\u0430\u043a\u0438\u044f\u0436\u0435\u043c, \u0441\u043e\u043b\u043d\u0446\u0435\u0437\u0430\u0449\u0438\u0442\u043d\u044b\u043c\u0438 \u0441\u0440\u0435\u0434\u0441\u0442\u0432\u0430\u043c\u0438 \u043f\u0440\u0438 \u044d\u0442\u043e\u043c \u0443\u0432\u043b\u0430\u0436\u043d\u044f\u0435\u0442, \u043f\u0438\u0442\u0430\u0435\u0442 \u0438 \u0441\u043c\u044f\u0433\u0447\u0430\u0435\u0442 \u044d\u043f\u0438\u0434\u0435\u0440\u043c\u0438\u0441,  \u043d\u0435 \u043e\u0441\u0442\u0430\u0432\u043b\u044f\u044f \u0447\u0443\u0432\u0441\u0442\u0432\u043e \u0441\u0443\u0445\u043e\u0441\u0442\u0438 \u0438\u043b\u0438 \u0441\u0442\u044f\u043d\u0443\u0442\u043e\u0441\u0442\u0438 \u043f\u043e\u0441\u043b\u0435 \u0443\u043c\u044b\u0432\u0430\u043d\u0438\u044f.<\/p>\n<p>\u041e\u0447\u0438\u0449\u0430\u044e\u0449\u0438\u0439 \u0431\u0430\u043b\u044c\u0437\u0430\u043c \u0434\u0435\u043b\u0438\u043a\u0430\u0442\u043d\u043e \u043e\u0442\u0448\u0435\u043b\u0443\u0448\u0438\u0432\u0430\u0435\u0442 \u043e\u0440\u043e\u0433\u043e\u0432\u0435\u0432\u0448\u0438\u0435 \u043a\u043b\u0435\u0442\u043a\u0438 \u043a\u043e\u0436\u0438, \u043f\u043e\u043c\u043e\u0433\u0430\u0435\u0442 \u0440\u0435\u0433\u0443\u043b\u0438\u0440\u043e\u0432\u0430\u0442\u044c \u0440\u0430\u0431\u043e\u0442\u0443 \u0441\u0430\u043b\u044c\u043d\u044b\u0445  \u0436\u0435\u043b\u0451\u0437 \u0438 \u043f\u0440\u0435\u043f\u044f\u0442\u0441\u0442\u0432\u0443\u0435\u0442 \u0440\u0430\u0441\u0448\u0438\u0440\u0435\u043d\u043d\u044b\u043c \u043f\u043e\u0440\u0430\u043c.<\/p>\n<p>\u042d\u043a\u0441\u0442\u0440\u0430\u043a\u0442 \u0434\u0438\u043a\u043e\u0439 \u043a\u043b\u0443\u0431\u043d\u0438\u043a\u0438 \u0432 \u0441\u043e\u0441\u0442\u0430\u0432\u0435 \u043e\u043a\u0430\u0437\u044b\u0432\u0430\u0435\u0442 \u0430\u043d\u0442\u0438\u043e\u043a\u0441\u0438\u0434\u0430\u043d\u0442\u043d\u043e\u0435 \u0434\u0435\u0439\u0441\u0442\u0432\u0438\u0435, \u0441\u043f\u043e\u0441\u043e\u0431\u0441\u0442\u0432\u0443\u0435\u0442 \u0432\u044b\u0440\u0430\u0431\u043e\u0442\u043a\u0435 \u043a\u043e\u043b\u043b\u0430\u0433\u0435\u043d\u0430, \u043f\u0438\u0442\u0430\u0435\u0442, \u0443\u0432\u043b\u0430\u0436\u043d\u044f\u0435\u0442 \u0438 \u0442\u043e\u043d\u0438\u0437\u0438\u0440\u0443\u0435\u0442, \u0437\u0430\u0436\u0438\u0432\u043b\u044f\u0435\u0442 \u043c\u0435\u043b\u043a\u0438\u0435 \u043f\u043e\u0432\u0440\u0435\u0436\u0434\u0435\u043d\u0438\u044f. \u041d\u0430\u0441\u044b\u0449\u0430\u0435\u0442 \u0432\u0438\u0442\u0430\u043c\u0438\u043d\u0430\u043c\u0438, \u0441\u043f\u043e\u0441\u043e\u0431\u0441\u0442\u0432\u0443\u0435\u0442 \u0440\u0435\u0433\u0435\u043d\u0435\u0440\u0430\u0446\u0438\u0438 \u043a\u043b\u0435\u0442\u043e\u043a, \u043e\u0442\u0448\u0435\u043b\u0443\u0448\u0438\u0432\u0430\u0435\u0442 \u043e\u0440\u043e\u0433\u043e\u0432\u0435\u0432\u0448\u0438\u0435 \u043a\u043b\u0435\u0442\u043a\u0438, \u043d\u0430\u043f\u043e\u043b\u043d\u044f\u0435\u0442 \u0435\u0441\u0442\u0435\u0441\u0442\u0432\u0435\u043d\u043d\u044b\u043c \u0441\u0438\u044f\u043d\u0438\u0435\u043c.<\/p>\n<p>\u0411\u0430\u043b\u044c\u0437\u0430\u043c \u0432 \u0441\u043f\u0435\u0446\u0438\u0430\u043b\u044c\u043d\u043e\u0439 \u0433\u0440\u0438\u043d\u0434\u0438\u043d\u0433-\u0443\u043f\u0430\u043a\u043e\u0432\u043a\u0435 \u0441 \u043c\u0435\u0445\u0430\u043d\u0438\u0437\u043c\u043e\u043c, \u043a\u043e\u0442\u043e\u0440\u044b\u0439 \u043f\u043e\u0437\u0432\u043e\u043b\u044f\u0435\u0442 \u0433\u0438\u0433\u0438\u0435\u043d\u0438\u0447\u043d\u043e \u0438 \u0434\u043e\u0437\u0438\u0440\u043e\u0432\u0430\u043d\u043e \u0438\u0437\u0432\u043b\u0435\u043a\u0430\u0442\u044c \u043d\u0435\u043e\u0431\u0445\u043e\u0434\u0438\u043c\u043e\u0435 \u043a\u043e\u043b\u0438\u0447\u0435\u0441\u0442\u0432\u043e \u0441\u0440\u0435\u0434\u0441\u0442\u0432\u0430 \u0431\u0435\u0437 \u0440\u0438\u0441\u043a\u0430 \u043f\u043e\u043f\u0430\u0434\u0430\u043d\u0438\u044f \u0432\u043e\u0437\u0434\u0443\u0445\u0430.<\/p>\n<p><strong>\u0421\u043f\u043e\u0441\u043e\u0431 \u043f\u0440\u0438\u043c\u0435\u043d\u0435\u043d\u0438\u044f:\u00a0<\/strong> \u0418\u0437\u0432\u043b\u0435\u043a\u0438\u0442\u0435 \u043d\u0435\u043e\u0431\u0445\u043e\u0434\u0438\u043c\u043e\u0435 \u043a\u043e\u043b\u0438\u0447\u0435\u0441\u0442\u0432\u043e \u0441\u0440\u0435\u0434\u0441\u0442\u0432\u0430, \u043f\u043e\u0432\u0435\u0440\u043d\u0443\u0432 \u043a\u0440\u044b\u0448\u043a\u0443, \u043d\u0430\u043d\u0435\u0441\u0438\u0442\u0435 \u0431\u0430\u043b\u044c\u0437\u0430\u043c \u043d\u0430 \u0441\u0443\u0445\u0443\u044e \u043a\u043e\u0436\u0443, \u0440\u0430\u0441\u043f\u0440\u0435\u0434\u0435\u043b\u0438\u0442\u0435 \u043a\u0440\u0443\u0433\u043e\u0432\u044b\u043c\u0438 \u043c\u0430\u0441\u0441\u0438\u0440\u0443\u044e\u0449\u0438\u043c\u0438 \u0434\u0432\u0438\u0436\u0435\u043d\u0438\u044f\u043c\u0438, \u0441\u043c\u043e\u0439\u0442\u0435 \u0432\u043e\u0434\u043e\u0439. \u0423\u043c\u043e\u0439\u0442\u0435\u0441\u044c \u043f\u0435\u043d\u043a\u043e\u0439.<\/p>\n<p><strong>\u0421\u043e\u0441\u0442\u0430\u0432:<\/strong> Caprylic\/capric Triglyceride, C13-15 Alkane, PEG-20 Glyceryl Triisostearate, Synthetic Wax, Ricinus Communis (Castor) Seed Oil, Helianthus Annuus (Sunflower) Seed Oil, Silica Dimethyl Silylate, Polysorbate 85, Lithospermum Erythrorhizon Root Extract, Punica Granatum Fruit Extract, Ribes Nigrum (Black Currant) Fruit Extract, Hippophae Rhamnoides Fruit Extract, Fragaria Vesca (Strawberry) Fruit Extract, Malpighia Emarginata (Acerola) Fruit Extract, Euterpe Oleracea Fruit Extract, Terminalia Ferdinandiana Fruit Extract, 1,2-hexanediol, Vaccinium Macrocarpon (Cranberry) Fruit Powder, Trihydroxystearin, Tocopheryl Acetate, Zea Mays (Corn) Germ Oil, Pentaerythrityl Tetra-di-t-butyl Hydroxyhydrocinnamate, Water, Butylene Glycol<\/p>","protected":false},"excerpt":{"rendered":"<p>\u041e\u0447\u0438\u0449\u0430\u044e\u0449\u0438\u0439 \u0433\u0438\u0434\u0440\u043e\u0444\u0438\u043b\u044c\u043d\u044b\u0439 \u0431\u0430\u043b\u044c\u0437\u0430\u043c House of Hur Purifying Cleansing Balm \u0432\u0435\u043b\u0438\u043a\u043e\u043b\u0435\u043f\u043d\u043e \u043e\u0447\u0438\u0449\u0430\u0435\u0442 \u043a\u043e\u0436\u0443 \u043e\u0442 \u0440\u0430\u0437\u043d\u043e\u0433\u043e \u0440\u043e\u0434\u0430 \u0437\u0430\u0433\u0440\u044f\u0437\u043d\u0435\u043d\u0438\u0439 \u0438 \u043e\u0442\u043b\u0438\u0447\u043d\u043e \u0441\u043f\u0440\u0430\u0432\u043b\u044f\u0435\u0442\u0441\u044f \u0434\u0430\u0436\u0435 \u0441\u043e \u0441\u0442\u043e\u0439\u043a\u0438\u043c \u043c\u0430\u043a\u0438\u044f\u0436\u0435\u043c, \u0441\u043e\u043b\u043d\u0446\u0435\u0437\u0430\u0449\u0438\u0442\u043d\u044b\u043c\u0438 \u0441\u0440\u0435\u0434\u0441\u0442\u0432\u0430\u043c\u0438 \u043f\u0440\u0438 \u044d\u0442\u043e\u043c \u0443\u0432\u043b\u0430\u0436\u043d\u044f\u0435\u0442, \u043f\u0438\u0442\u0430\u0435\u0442 \u0438 \u0441\u043c\u044f\u0433\u0447\u0430\u0435\u0442 \u044d\u043f\u0438\u0434\u0435\u0440\u043c\u0438\u0441,  \u043d\u0435 \u043e\u0441\u0442\u0430\u0432\u043b\u044f\u044f \u0447\u0443\u0432\u0441\u0442\u0432\u043e \u0441\u0443\u0445\u043e\u0441\u0442\u0438 \u0438\u043b\u0438 \u0441\u0442\u044f\u043d\u0443\u0442\u043e\u0441\u0442\u0438 \u043f\u043e\u0441\u043b\u0435 \u0443\u043c\u044b\u0432\u0430\u043d\u0438\u044f.<\/p>","protected":false},"featured_media":25124,"comment_status":"open","ping_status":"closed","template":"","meta":{"site-sidebar-layout":"default","site-content-layout":"","ast-site-content-layout":"default","site-content-style":"default","site-sidebar-style":"default","ast-global-header-display":"","ast-banner-title-visibility":"","ast-main-header-display":"","ast-hfb-above-header-display":"","ast-hfb-below-header-display":"","ast-hfb-mobile-header-display":"","site-post-title":"","ast-breadcrumbs-content":"","ast-featured-img":"","footer-sml-layout":"","theme-transparent-header-meta":"default","adv-header-id-meta":"","stick-header-meta":"","header-above-stick-meta":"","header-main-stick-meta":"","header-below-stick-meta":"","astra-migrate-meta-layouts":"set","ast-page-background-enabled":"default","ast-page-background-meta":{"desktop":{"background-color":"var(--ast-global-color-4)","background-image":"","background-repeat":"repeat","background-position":"center center","background-size":"auto","background-attachment":"scroll","background-type":"","background-media":"","overlay-type":"","overlay-color":"","overlay-opacity":"","overlay-gradient":""},"tablet":{"background-color":"","background-image":"","background-repeat":"repeat","background-position":"center center","background-size":"auto","background-attachment":"scroll","background-type":"","background-media":"","overlay-type":"","overlay-color":"","overlay-opacity":"","overlay-gradient":""},"mobile":{"background-color":"","background-image":"","background-repeat":"repeat","background-position":"center center","background-size":"auto","background-attachment":"scroll","background-type":"","background-media":"","overlay-type":"","overlay-color":"","overlay-opacity":"","overlay-gradient":""}},"ast-content-background-meta":{"desktop":{"background-color":"var(--ast-global-color-5)","background-image":"","background-repeat":"repeat","background-position":"center center","background-size":"auto","background-attachment":"scroll","background-type":"","background-media":"","overlay-type":"","overlay-color":"","overlay-opacity":"","overlay-gradient":""},"tablet":{"background-color":"var(--ast-global-color-5)","background-image":"","background-repeat":"repeat","background-position":"center center","background-size":"auto","background-attachment":"scroll","background-type":"","background-media":"","overlay-type":"","overlay-color":"","overlay-opacity":"","overlay-gradient":""},"mobile":{"background-color":"var(--ast-global-color-5)","background-image":"","background-repeat":"repeat","background-position":"center center","background-size":"auto","background-attachment":"scroll","background-type":"","background-media":"","overlay-type":"","overlay-color":"","overlay-opacity":"","overlay-gradient":""}}},"product_brand":[],"product_cat":[321],"product_tag":[],"berocket_brand":[650],"class_list":{"0":"post-25123","1":"product","2":"type-product","3":"status-publish","4":"has-post-thumbnail","6":"product_cat-hidrofila-ella","7":"berocket_brand-house-of-hur","8":"desktop-align-left","9":"tablet-align-left","10":"mobile-align-left","12":"first","13":"instock","14":"taxable","15":"shipping-taxable","16":"purchasable","17":"product-type-simple","18":"add-to-wishlist-before_image"},"yoast_head":"<!-- This site is optimized with the Yoast SEO plugin v27.4 - https:\/\/yoast.com\/product\/yoast-seo-wordpress\/ -->\n<title>House of Hur Purifying Cleansing Balm 50ml - FACECORNER<\/title>\n<meta name=\"description\" content=\"House of Hur Purifying Cleansing Balm\u00a0 att\u012bro\u0161ais hidrofilais balzams lieliski att\u012bra \u0101du no da\u017e\u0101diem net\u012brumiem un lieliski tiek gal\u0101 pat ar notur\u012bgu grimu\" \/>\n<meta name=\"robots\" content=\"index, follow, max-snippet:-1, max-image-preview:large, max-video-preview:-1\" \/>\n<link rel=\"canonical\" href=\"https:\/\/www.facecorner.lv\/ru\/shop\/house-of-hur-purifying-cleansing-balm-50ml\/\" \/>\n<meta property=\"og:locale\" content=\"ru_RU\" \/>\n<meta property=\"og:type\" content=\"article\" \/>\n<meta property=\"og:title\" content=\"House of Hur Purifying Cleansing Balm 50ml - FACECORNER\" \/>\n<meta property=\"og:description\" content=\"House of Hur Purifying Cleansing Balm\u00a0 att\u012bro\u0161ais hidrofilais balzams lieliski att\u012bra \u0101du no da\u017e\u0101diem net\u012brumiem un lieliski tiek gal\u0101 pat ar notur\u012bgu grimu\" \/>\n<meta property=\"og:url\" content=\"https:\/\/www.facecorner.lv\/ru\/shop\/house-of-hur-purifying-cleansing-balm-50ml\/\" \/>\n<meta property=\"og:site_name\" content=\"FACECORNER\" \/>\n<meta property=\"article:publisher\" content=\"https:\/\/www.facebook.com\/profile.php?id=100063824551839\" \/>\n<meta property=\"article:modified_time\" content=\"2025-11-23T17:24:20+00:00\" \/>\n<meta property=\"og:image\" content=\"https:\/\/www.facecorner.lv\/wp-content\/uploads\/2025\/08\/house-of-hur-purifying-cleansing-balm-50-e17c8_reference.jpg\" \/>\n\t<meta property=\"og:image:width\" content=\"1024\" \/>\n\t<meta property=\"og:image:height\" content=\"1024\" \/>\n\t<meta property=\"og:image:type\" content=\"image\/jpeg\" \/>\n<meta name=\"twitter:card\" content=\"summary_large_image\" \/>\n<meta name=\"twitter:label1\" content=\"\u0426\u0435\u043d\u0430\" \/>\n\t<meta name=\"twitter:data1\" content=\"&euro;26.50\" \/>\n\t<meta name=\"twitter:label2\" content=\"\u0414\u043e\u0441\u0442\u0443\u043f\u043d\u043e\u0441\u0442\u044c\" \/>\n\t<meta name=\"twitter:data2\" content=\"\u0412 \u043d\u0430\u043b\u0438\u0447\u0438\u0438\" \/>\n<script type=\"application\/ld+json\" class=\"yoast-schema-graph\">{\"@context\":\"https:\\\/\\\/schema.org\",\"@graph\":[{\"@type\":\"WebPage\",\"@id\":\"https:\\\/\\\/www.facecorner.lv\\\/shop\\\/house-of-hur-purifying-cleansing-balm-50ml\\\/\",\"url\":\"https:\\\/\\\/www.facecorner.lv\\\/shop\\\/house-of-hur-purifying-cleansing-balm-50ml\\\/\",\"name\":\"House of Hur Purifying Cleansing Balm 50ml - FACECORNER\",\"isPartOf\":{\"@id\":\"https:\\\/\\\/www.facecorner.lv\\\/#website\"},\"primaryImageOfPage\":{\"@id\":\"https:\\\/\\\/www.facecorner.lv\\\/shop\\\/house-of-hur-purifying-cleansing-balm-50ml\\\/#primaryimage\"},\"image\":{\"@id\":\"https:\\\/\\\/www.facecorner.lv\\\/shop\\\/house-of-hur-purifying-cleansing-balm-50ml\\\/#primaryimage\"},\"thumbnailUrl\":\"https:\\\/\\\/www.facecorner.lv\\\/wp-content\\\/uploads\\\/2025\\\/08\\\/house-of-hur-purifying-cleansing-balm-50-e17c8_reference.jpg\",\"datePublished\":\"2025-08-29T12:55:37+00:00\",\"dateModified\":\"2025-11-23T17:24:20+00:00\",\"description\":\"House of Hur Purifying Cleansing Balm\u00a0 att\u012bro\u0161ais hidrofilais balzams lieliski att\u012bra \u0101du no da\u017e\u0101diem net\u012brumiem un lieliski tiek gal\u0101 pat ar notur\u012bgu grimu\",\"breadcrumb\":{\"@id\":\"https:\\\/\\\/www.facecorner.lv\\\/shop\\\/house-of-hur-purifying-cleansing-balm-50ml\\\/#breadcrumb\"},\"inLanguage\":\"ru-RU\",\"potentialAction\":[{\"@type\":\"ReadAction\",\"target\":[\"https:\\\/\\\/www.facecorner.lv\\\/shop\\\/house-of-hur-purifying-cleansing-balm-50ml\\\/\"]}]},{\"@type\":\"ImageObject\",\"inLanguage\":\"ru-RU\",\"@id\":\"https:\\\/\\\/www.facecorner.lv\\\/shop\\\/house-of-hur-purifying-cleansing-balm-50ml\\\/#primaryimage\",\"url\":\"https:\\\/\\\/www.facecorner.lv\\\/wp-content\\\/uploads\\\/2025\\\/08\\\/house-of-hur-purifying-cleansing-balm-50-e17c8_reference.jpg\",\"contentUrl\":\"https:\\\/\\\/www.facecorner.lv\\\/wp-content\\\/uploads\\\/2025\\\/08\\\/house-of-hur-purifying-cleansing-balm-50-e17c8_reference.jpg\",\"width\":1024,\"height\":1024,\"caption\":\"House of Hur Purifying Cleansing Balm\"},{\"@type\":\"BreadcrumbList\",\"@id\":\"https:\\\/\\\/www.facecorner.lv\\\/shop\\\/house-of-hur-purifying-cleansing-balm-50ml\\\/#breadcrumb\",\"itemListElement\":[{\"@type\":\"ListItem\",\"position\":1,\"name\":\"Home\",\"item\":\"https:\\\/\\\/www.facecorner.lv\\\/\"},{\"@type\":\"ListItem\",\"position\":2,\"name\":\"Veikals\",\"item\":\"https:\\\/\\\/www.facecorner.lv\\\/shop\\\/\"},{\"@type\":\"ListItem\",\"position\":3,\"name\":\"House of Hur Purifying Cleansing Balm 50ml\"}]},{\"@type\":\"WebSite\",\"@id\":\"https:\\\/\\\/www.facecorner.lv\\\/#website\",\"url\":\"https:\\\/\\\/www.facecorner.lv\\\/\",\"name\":\"Facecorner\",\"description\":\"\",\"publisher\":{\"@id\":\"https:\\\/\\\/www.facecorner.lv\\\/#organization\"},\"potentialAction\":[{\"@type\":\"SearchAction\",\"target\":{\"@type\":\"EntryPoint\",\"urlTemplate\":\"https:\\\/\\\/www.facecorner.lv\\\/?s={search_term_string}\"},\"query-input\":{\"@type\":\"PropertyValueSpecification\",\"valueRequired\":true,\"valueName\":\"search_term_string\"}}],\"inLanguage\":\"ru-RU\"},{\"@type\":\"Organization\",\"@id\":\"https:\\\/\\\/www.facecorner.lv\\\/#organization\",\"name\":\"Facecorner\",\"url\":\"https:\\\/\\\/www.facecorner.lv\\\/\",\"logo\":{\"@type\":\"ImageObject\",\"inLanguage\":\"ru-RU\",\"@id\":\"https:\\\/\\\/www.facecorner.lv\\\/#\\\/schema\\\/logo\\\/image\\\/\",\"url\":\"https:\\\/\\\/www.facecorner.lv\\\/wp-content\\\/uploads\\\/2024\\\/04\\\/fc-logo.jpg\",\"contentUrl\":\"https:\\\/\\\/www.facecorner.lv\\\/wp-content\\\/uploads\\\/2024\\\/04\\\/fc-logo.jpg\",\"width\":174,\"height\":28,\"caption\":\"Facecorner\"},\"image\":{\"@id\":\"https:\\\/\\\/www.facecorner.lv\\\/#\\\/schema\\\/logo\\\/image\\\/\"},\"sameAs\":[\"https:\\\/\\\/www.facebook.com\\\/profile.php?id=100063824551839\",\"https:\\\/\\\/www.instagram.com\\\/facecorner_shop\\\/\"]}]}<\/script>\n<meta property=\"product:price:amount\" content=\"26.50\" \/>\n<meta property=\"product:price:currency\" content=\"EUR\" \/>\n<meta property=\"og:availability\" content=\"instock\" \/>\n<meta property=\"product:availability\" content=\"instock\" \/>\n<meta property=\"product:condition\" content=\"new\" \/>\n<!-- \/ Yoast SEO plugin. -->","yoast_head_json":{"title":"House of Hur Purifying Cleansing Balm 50ml - FACECORNER","description":"House of Hur Purifying Cleansing Balm\u00a0 att\u012bro\u0161ais hidrofilais balzams lieliski att\u012bra \u0101du no da\u017e\u0101diem net\u012brumiem un lieliski tiek gal\u0101 pat ar notur\u012bgu grimu","robots":{"index":"index","follow":"follow","max-snippet":"max-snippet:-1","max-image-preview":"max-image-preview:large","max-video-preview":"max-video-preview:-1"},"canonical":"https:\/\/www.facecorner.lv\/ru\/shop\/house-of-hur-purifying-cleansing-balm-50ml\/","og_locale":"ru_RU","og_type":"article","og_title":"House of Hur Purifying Cleansing Balm 50ml - FACECORNER","og_description":"House of Hur Purifying Cleansing Balm\u00a0 att\u012bro\u0161ais hidrofilais balzams lieliski att\u012bra \u0101du no da\u017e\u0101diem net\u012brumiem un lieliski tiek gal\u0101 pat ar notur\u012bgu grimu","og_url":"https:\/\/www.facecorner.lv\/ru\/shop\/house-of-hur-purifying-cleansing-balm-50ml\/","og_site_name":"FACECORNER","article_publisher":"https:\/\/www.facebook.com\/profile.php?id=100063824551839","article_modified_time":"2025-11-23T17:24:20+00:00","og_image":[{"width":1024,"height":1024,"url":"https:\/\/www.facecorner.lv\/wp-content\/uploads\/2025\/08\/house-of-hur-purifying-cleansing-balm-50-e17c8_reference.jpg","type":"image\/jpeg"}],"twitter_card":"summary_large_image","twitter_misc":{"\u0426\u0435\u043d\u0430":"&euro;26.50","\u0414\u043e\u0441\u0442\u0443\u043f\u043d\u043e\u0441\u0442\u044c":"\u0412 \u043d\u0430\u043b\u0438\u0447\u0438\u0438"},"schema":{"@context":"https:\/\/schema.org","@graph":[{"@type":"WebPage","@id":"https:\/\/www.facecorner.lv\/shop\/house-of-hur-purifying-cleansing-balm-50ml\/","url":"https:\/\/www.facecorner.lv\/shop\/house-of-hur-purifying-cleansing-balm-50ml\/","name":"House of Hur Purifying Cleansing Balm 50ml - FACECORNER","isPartOf":{"@id":"https:\/\/www.facecorner.lv\/#website"},"primaryImageOfPage":{"@id":"https:\/\/www.facecorner.lv\/shop\/house-of-hur-purifying-cleansing-balm-50ml\/#primaryimage"},"image":{"@id":"https:\/\/www.facecorner.lv\/shop\/house-of-hur-purifying-cleansing-balm-50ml\/#primaryimage"},"thumbnailUrl":"https:\/\/www.facecorner.lv\/wp-content\/uploads\/2025\/08\/house-of-hur-purifying-cleansing-balm-50-e17c8_reference.jpg","datePublished":"2025-08-29T12:55:37+00:00","dateModified":"2025-11-23T17:24:20+00:00","description":"House of Hur Purifying Cleansing Balm\u00a0 att\u012bro\u0161ais hidrofilais balzams lieliski att\u012bra \u0101du no da\u017e\u0101diem net\u012brumiem un lieliski tiek gal\u0101 pat ar notur\u012bgu grimu","breadcrumb":{"@id":"https:\/\/www.facecorner.lv\/shop\/house-of-hur-purifying-cleansing-balm-50ml\/#breadcrumb"},"inLanguage":"ru-RU","potentialAction":[{"@type":"ReadAction","target":["https:\/\/www.facecorner.lv\/shop\/house-of-hur-purifying-cleansing-balm-50ml\/"]}]},{"@type":"ImageObject","inLanguage":"ru-RU","@id":"https:\/\/www.facecorner.lv\/shop\/house-of-hur-purifying-cleansing-balm-50ml\/#primaryimage","url":"https:\/\/www.facecorner.lv\/wp-content\/uploads\/2025\/08\/house-of-hur-purifying-cleansing-balm-50-e17c8_reference.jpg","contentUrl":"https:\/\/www.facecorner.lv\/wp-content\/uploads\/2025\/08\/house-of-hur-purifying-cleansing-balm-50-e17c8_reference.jpg","width":1024,"height":1024,"caption":"House of Hur Purifying Cleansing Balm"},{"@type":"BreadcrumbList","@id":"https:\/\/www.facecorner.lv\/shop\/house-of-hur-purifying-cleansing-balm-50ml\/#breadcrumb","itemListElement":[{"@type":"ListItem","position":1,"name":"Home","item":"https:\/\/www.facecorner.lv\/"},{"@type":"ListItem","position":2,"name":"Veikals","item":"https:\/\/www.facecorner.lv\/shop\/"},{"@type":"ListItem","position":3,"name":"House of Hur Purifying Cleansing Balm 50ml"}]},{"@type":"WebSite","@id":"https:\/\/www.facecorner.lv\/#website","url":"https:\/\/www.facecorner.lv\/","name":"Facecorner","description":"","publisher":{"@id":"https:\/\/www.facecorner.lv\/#organization"},"potentialAction":[{"@type":"SearchAction","target":{"@type":"EntryPoint","urlTemplate":"https:\/\/www.facecorner.lv\/?s={search_term_string}"},"query-input":{"@type":"PropertyValueSpecification","valueRequired":true,"valueName":"search_term_string"}}],"inLanguage":"ru-RU"},{"@type":"Organization","@id":"https:\/\/www.facecorner.lv\/#organization","name":"Facecorner","url":"https:\/\/www.facecorner.lv\/","logo":{"@type":"ImageObject","inLanguage":"ru-RU","@id":"https:\/\/www.facecorner.lv\/#\/schema\/logo\/image\/","url":"https:\/\/www.facecorner.lv\/wp-content\/uploads\/2024\/04\/fc-logo.jpg","contentUrl":"https:\/\/www.facecorner.lv\/wp-content\/uploads\/2024\/04\/fc-logo.jpg","width":174,"height":28,"caption":"Facecorner"},"image":{"@id":"https:\/\/www.facecorner.lv\/#\/schema\/logo\/image\/"},"sameAs":["https:\/\/www.facebook.com\/profile.php?id=100063824551839","https:\/\/www.instagram.com\/facecorner_shop\/"]}]},"product_price_amount":"26.50","product_price_currency":"EUR","og_availability":"instock","product_availability":"instock","product_condition":"new"},"_links":{"self":[{"href":"https:\/\/www.facecorner.lv\/ru\/wp-json\/wp\/v2\/product\/25123","targetHints":{"allow":["GET"]}}],"collection":[{"href":"https:\/\/www.facecorner.lv\/ru\/wp-json\/wp\/v2\/product"}],"about":[{"href":"https:\/\/www.facecorner.lv\/ru\/wp-json\/wp\/v2\/types\/product"}],"replies":[{"embeddable":true,"href":"https:\/\/www.facecorner.lv\/ru\/wp-json\/wp\/v2\/comments?post=25123"}],"wp:featuredmedia":[{"embeddable":true,"href":"https:\/\/www.facecorner.lv\/ru\/wp-json\/wp\/v2\/media\/25124"}],"wp:attachment":[{"href":"https:\/\/www.facecorner.lv\/ru\/wp-json\/wp\/v2\/media?parent=25123"}],"wp:term":[{"taxonomy":"product_brand","embeddable":true,"href":"https:\/\/www.facecorner.lv\/ru\/wp-json\/wp\/v2\/product_brand?post=25123"},{"taxonomy":"product_cat","embeddable":true,"href":"https:\/\/www.facecorner.lv\/ru\/wp-json\/wp\/v2\/product_cat?post=25123"},{"taxonomy":"product_tag","embeddable":true,"href":"https:\/\/www.facecorner.lv\/ru\/wp-json\/wp\/v2\/product_tag?post=25123"},{"taxonomy":"berocket_brand","embeddable":true,"href":"https:\/\/www.facecorner.lv\/ru\/wp-json\/wp\/v2\/berocket_brand?post=25123"}],"curies":[{"name":"wp","href":"https:\/\/api.w.org\/{rel}","templated":true}]}}